{"id":4371,"date":"2026-04-12T19:03:54","date_gmt":"2026-04-12T19:03:54","guid":{"rendered":"https:\/\/www.ogrodolszanica.pl\/?post_type=product&#038;p=4371"},"modified":"2026-04-12T19:03:54","modified_gmt":"2026-04-12T19:03:54","slug":"bylica-silver-brocade","status":"publish","type":"product","link":"https:\/\/www.ogrodolszanica.pl\/index.php\/produkt\/bylica-silver-brocade\/","title":{"rendered":"Bylica Silver Brocade"},"content":{"rendered":"<div class=\"mpof_ki myre_zn myre_8v_l m389_6m_l\">\n<div class=\"mp4t_16_s mryx_16_s mr3m_1 mli2_1 mh85_56 mh85_0_l\">\n<div class=\"mgn2_16 _0d3bd_am0a-\">\n<h1>Bylica Stellera Silver Brocade Artemisia stelleriana<\/h1>\n<p>Bylica 'Silver Brocade&#8217; zachwyca atrakcyjnym, poduszkowatym pokrojem oraz \u015blicznymi, pierzastymi li\u015b\u0107mi o pi\u0119knym, srebrzysto-bia\u0142ym ubarwieniu. Ro\u015blina tworzy zwarte, g\u0119ste k\u0119py, kt\u00f3re osi\u0105gaj\u0105 oko\u0142o 25-30 cm wysoko\u015bci i oko\u0142o 40 cm szeroko\u015bci. Posiada pok\u0142adaj\u0105ce si\u0119, cz\u0119\u015bciowo drewniej\u0105ce p\u0119dy, na kt\u00f3rych osadzone s\u0105 pierzastodzielne li\u015bcie, pokryte mi\u0119ciutkim, srebrzysto-bia\u0142ym kutnerem. G\u0119ste, drobne w\u0142oski, okrywaj\u0105ce powierzchni\u0119 blaszki li\u015bciowej, sprawiaj\u0105, \u017ce ro\u015blina wygl\u0105da jakby by\u0142a pokryta szronem. Od czerwca do sierpnia ponad ulistnieniem pojawiaj\u0105 si\u0119 dodatkowo drobne, niepozorne, \u017c\u00f3\u0142te kwiaty, zebrane w niewielkie koszyczki. Bylica 'Silver Brocade&#8217; doskonale sprawdzi si\u0119 w ogrodach skalnych, na rabatach, murkach kwiatowych, obw\u00f3dkach, a tak\u017ce jako ozdoba pojemnik\u00f3w i donic. Zjawiskowo prezentuje si\u0119 w towarzystwie kwitn\u0105cych bylin, takich jak: kocimi\u0119tka, sza\u0142wia, lawenda. Bylina zachwyca swoj\u0105 nietuzinkow\u0105 urod\u0105, niesamowitym ubarwieniem, a dodatkowo jest niewymagaj\u0105ca i \u0142atwa w uprawie. Bylica Stellera preferuje stanowiska s\u0142oneczne. Nie ma szczeg\u00f3lnych wymaga\u0144 glebowych. Pod\u0142o\u017ce mo\u017ce by\u0107 suche, ja\u0142owe, kamieniste, przepuszczalne. Gatunek ten wykazuje du\u017c\u0105 odporno\u015b\u0107 na mr\u00f3z i susz\u0119.<\/p>\n<ul>\n<li>Rodzaj:\u00a0<b>bylica<\/b><\/li>\n<li>Stanowisko:\u00a0<b>s\u0142oneczne<\/b>\u00a0\u2600\ufe0f<\/li>\n<li>Podlewanie:\u00a0<b>oszcz\u0119dne<\/b><\/li>\n<li>Barwa kwiatu:\u00a0<b>\u017c\u00f3\u0142ty<\/b><\/li>\n<li>Barwa li\u015bci:\u00a0<b>srebrne<\/b><\/li>\n<li>Szeroko\u015b\u0107 \u2b05\ufe0f\u27a1\ufe0f:\u00a0<b>35-45 cm<\/b><\/li>\n<li>Wysoko\u015b\u0107 kwitnienia \u2b06\ufe0f:\u00a0<b>30-50 cm<\/b><\/li>\n<li>Okres kwitnienia \u27a1\ufe0f\u2b05\ufe0f:\u00a0<b>czerwiec \u00f7 sierpie\u0144<\/b><\/li>\n<li>Mrozoodporno\u015b\u0107:\u00a0<b>tak<\/b><\/li>\n<li>Ro\u015blina wieloletnia:\u00a0<b>tak<\/b><\/li>\n<\/ul>\n<\/div>\n<\/div>\n<div class=\"mp4t_16_s mryx_16_s mr3m_1 mli2_1 mh85_56 mh85_0_l\">\n<div class=\"mg9e_8 mj7a_8 mg9e_0_s mvrt_0_s mj7a_0_s mh36_0_s mzmg_6m munh_16_l m3h2_16_l\">\n<div class=\"mp4t_0 mryx_0 munh_56 m3h2_56\">\n<div class=\"mp7g_oh\"><button class=\"mg9e_0 mvrt_0 mj7a_0 mh36_0 mp4t_0 m3h2_0 mryx_0 munh_0 mqen_m6 mpof_z0 mx7m_0 m7er_k4 mse2_k4 msts_pt\" data-analytics-interaction=\"true\" data-analytics-interaction-label=\"zoomable-image-open\" aria-disabled=\"true\"><img decoding=\"async\" class=\"msub_k4 mupj_5k mjru_k4 mse2_k4 mp7g_f6 mq1m_0 mj7u_0 m7er_k4 mqen_m6 m31c_d8 m0ux_fp lazyloaded\" src=\"https:\/\/a.allegroimg.com\/original\/11d8ec\/2008b4384c3c91ee11624bef2ae4\/Bylica-Silver-Brocade-srebrny-duza-sadzonka-do-ogrodu-bylina-wieloletnia\" sizes=\"(min-width: 1200px) 560px, (min-width: 992px) 50vw, 100vw\" srcset=\"https:\/\/a.allegroimg.com\/s360\/11d8ec\/2008b4384c3c91ee11624bef2ae4\/Bylica-Silver-Brocade-srebrny-duza-sadzonka-do-ogrodu-bylina-wieloletnia 360w,https:\/\/a.allegroimg.com\/s720\/11d8ec\/2008b4384c3c91ee11624bef2ae4\/Bylica-Silver-Brocade-srebrny-duza-sadzonka-do-ogrodu-bylina-wieloletnia 679w,https:\/\/a.allegroimg.com\/original\/11d8ec\/2008b4384c3c91ee11624bef2ae4\/Bylica-Silver-Brocade-srebrny-duza-sadzonka-do-ogrodu-bylina-wieloletnia 679w\" alt=\"Bylica Silver Brocade srebrny du\u017ca sadzonka do ogrodu bylina wieloletnia\" width=\"679px\" data-srcset=\"\" \/><\/button><\/div>\n<\/div>\n<\/div>\n<\/div>\n<\/div>\n<div class=\"mpof_ki myre_zn myre_8v_l m389_6m_l\">\n<div class=\"mp4t_16_s mryx_16_s mr3m_1 mli2_1 mh85_56 mh85_0_l\">\n<div class=\"mgn2_16 _0d3bd_am0a-\">\n<h1>Uwaga \u2757\u2757\u2757<\/h1>\n<p><b>Jedno zdj\u0119cie przedstawia ro\u015blin\u0119 w pe\u0142ni rozwini\u0119t\u0105, a drugie sadzonk\u0119 kt\u00f3ra jest w sprzeda\u017cy.<\/b><\/p>\n<p><b>Jednak \u017ce s\u0105 to \u017cywe ro\u015bliny i z tygodnia na tydzie\u0144 zmieniaj\u0105 sw\u00f3j wygl\u0105d. Mog\u0105 by\u0107 przyci\u0119te, a w okresie kwitnienia mog\u0105 by\u0107 wi\u0119ksze oraz z kwiatami.<\/b><\/p>\n<\/div>\n<\/div>\n<\/div>\n<div class=\"mpof_ki myre_zn myre_8v_l m389_6m_l\">\n<div class=\"mp4t_16_s mryx_16_s mr3m_1 mli2_1 mh85_56 mh85_0_l\">\n<div class=\"mg9e_8 mj7a_8 mg9e_0_s mvrt_0_s mj7a_0_s mh36_0_s mzmg_6m munh_16_l m3h2_16_l\">\n<div class=\"mp4t_0 mryx_0 munh_56 m3h2_56\">\n<div class=\"mp7g_oh\"><button class=\"mg9e_0 mvrt_0 mj7a_0 mh36_0 mp4t_0 m3h2_0 mryx_0 munh_0 mqen_m6 mpof_z0 mx7m_0 m7er_k4 mse2_k4 msts_pt\" data-analytics-interaction=\"true\" data-analytics-interaction-label=\"zoomable-image-open\" aria-disabled=\"true\"><img decoding=\"async\" class=\"msub_k4 mupj_5k mjru_k4 mse2_k4 mp7g_f6 mq1m_0 mj7u_0 m7er_k4 mqen_m6 m31c_d8 m0ux_fp lazyloaded\" src=\"https:\/\/a.allegroimg.com\/original\/11543a\/14ae6a3a49c88a51adbcbb60321a\/Bylica-Silver-Brocade-srebrny-duza-sadzonka-do-ogrodu-bylina-wieloletnia-Kolor-kwiatow-zolty\" sizes=\"(min-width: 1200px) 560px, (min-width: 992px) 50vw, 100vw\" srcset=\"https:\/\/a.allegroimg.com\/s360\/11543a\/14ae6a3a49c88a51adbcbb60321a\/Bylica-Silver-Brocade-srebrny-duza-sadzonka-do-ogrodu-bylina-wieloletnia-Kolor-kwiatow-zolty 270w,https:\/\/a.allegroimg.com\/s720\/11543a\/14ae6a3a49c88a51adbcbb60321a\/Bylica-Silver-Brocade-srebrny-duza-sadzonka-do-ogrodu-bylina-wieloletnia-Kolor-kwiatow-zolty 540w,https:\/\/a.allegroimg.com\/s1024\/11543a\/14ae6a3a49c88a51adbcbb60321a\/Bylica-Silver-Brocade-srebrny-duza-sadzonka-do-ogrodu-bylina-wieloletnia-Kolor-kwiatow-zolty 768w,https:\/\/a.allegroimg.com\/s1440\/11543a\/14ae6a3a49c88a51adbcbb60321a\/Bylica-Silver-Brocade-srebrny-duza-sadzonka-do-ogrodu-bylina-wieloletnia-Kolor-kwiatow-zolty 1080w,https:\/\/a.allegroimg.com\/original\/11543a\/14ae6a3a49c88a51adbcbb60321a\/Bylica-Silver-Brocade-srebrny-duza-sadzonka-do-ogrodu-bylina-wieloletnia-Kolor-kwiatow-zolty 1920w\" alt=\"Bylica Silver Brocade srebrny du\u017ca sadzonka do ogrodu bylina wieloletnia Kolor kwiat\u00f3w \u017c\u00f3\u0142ty\" width=\"1920px\" data-srcset=\"\" \/><\/button><\/div>\n<\/div>\n<\/div>\n<\/div>\n<div class=\"mp4t_16_s mryx_16_s mr3m_1 mli2_1 mh85_56 mh85_0_l\">\n<div class=\"mg9e_8 mj7a_8 mg9e_0_s mvrt_0_s mj7a_0_s mh36_0_s mzmg_6m munh_16_l m3h2_16_l\">\n<div class=\"mp4t_0 mryx_0 munh_56 m3h2_56\">\n<div class=\"mp7g_oh\"><button class=\"mg9e_0 mvrt_0 mj7a_0 mh36_0 mp4t_0 m3h2_0 mryx_0 munh_0 mqen_m6 mpof_z0 mx7m_0 m7er_k4 mse2_k4 msts_pt\" data-analytics-interaction=\"true\" data-analytics-interaction-label=\"zoomable-image-open\" aria-disabled=\"true\"><img decoding=\"async\" class=\"msub_k4 mupj_5k mjru_k4 mse2_k4 mp7g_f6 mq1m_0 mj7u_0 m7er_k4 mqen_m6 m31c_d8 m0ux_fp lazyloaded\" src=\"https:\/\/a.allegroimg.com\/original\/116255\/a564b4af4dccaa1f525ad6893768\/Bylica-Silver-Brocade-srebrny-duza-sadzonka-do-ogrodu-bylina-wieloletnia-Roslina-w-postaci-sadzonka-w-pojemniku-1-2l\" sizes=\"(min-width: 1200px) 560px, (min-width: 992px) 50vw, 100vw\" srcset=\"https:\/\/a.allegroimg.com\/s360\/116255\/a564b4af4dccaa1f525ad6893768\/Bylica-Silver-Brocade-srebrny-duza-sadzonka-do-ogrodu-bylina-wieloletnia-Roslina-w-postaci-sadzonka-w-pojemniku-1-2l 270w,https:\/\/a.allegroimg.com\/s720\/116255\/a564b4af4dccaa1f525ad6893768\/Bylica-Silver-Brocade-srebrny-duza-sadzonka-do-ogrodu-bylina-wieloletnia-Roslina-w-postaci-sadzonka-w-pojemniku-1-2l 540w,https:\/\/a.allegroimg.com\/s1024\/116255\/a564b4af4dccaa1f525ad6893768\/Bylica-Silver-Brocade-srebrny-duza-sadzonka-do-ogrodu-bylina-wieloletnia-Roslina-w-postaci-sadzonka-w-pojemniku-1-2l 768w,https:\/\/a.allegroimg.com\/s1440\/116255\/a564b4af4dccaa1f525ad6893768\/Bylica-Silver-Brocade-srebrny-duza-sadzonka-do-ogrodu-bylina-wieloletnia-Roslina-w-postaci-sadzonka-w-pojemniku-1-2l 1080w,https:\/\/a.allegroimg.com\/original\/116255\/a564b4af4dccaa1f525ad6893768\/Bylica-Silver-Brocade-srebrny-duza-sadzonka-do-ogrodu-bylina-wieloletnia-Roslina-w-postaci-sadzonka-w-pojemniku-1-2l 1920w\" alt=\"Bylica Silver Brocade srebrny du\u017ca sadzonka do ogrodu bylina wieloletnia Ro\u015blina w postaci sadzonka w pojemniku 1-2l\" width=\"1920px\" data-srcset=\"\" \/><\/button><\/div>\n<\/div>\n<\/div>\n<\/div>\n<\/div>\n","protected":false},"excerpt":{"rendered":"<p>Bylica Stellera Silver Brocade Artemisia stelleriana Bylica 'Silver Brocade&#8217; zachwyca atrakcyjnym, poduszkowatym pokrojem oraz \u015blicznymi, pierzastymi li\u015b\u0107mi o pi\u0119knym, srebrzysto-bia\u0142ym ubarwieniu. Ro\u015blina tworzy zwarte, g\u0119ste k\u0119py, kt\u00f3re osi\u0105gaj\u0105 oko\u0142o 25-30 cm wysoko\u015bci i oko\u0142o 40 cm szeroko\u015bci. Posiada pok\u0142adaj\u0105ce si\u0119, cz\u0119\u015bciowo drewniej\u0105ce p\u0119dy, na kt\u00f3rych osadzone s\u0105 pierzastodzielne li\u015bcie, pokryte mi\u0119ciutkim, srebrzysto-bia\u0142ym kutnerem. G\u0119ste, drobne &hellip;<\/p>\n<p class=\"read-more\"> <a class=\"\" href=\"https:\/\/www.ogrodolszanica.pl\/index.php\/produkt\/bylica-silver-brocade\/\"> <span class=\"screen-reader-text\">Bylica Silver Brocade<\/span> Read More &raquo;<\/a><\/p>\n","protected":false},"featured_media":4372,"comment_status":"open","ping_status":"closed","template":"","meta":{"site-sidebar-layout":"default","site-content-layout":"default","ast-global-header-display":"","ast-main-header-display":"","ast-hfb-above-header-display":"","ast-hfb-below-header-display":"","ast-hfb-mobile-header-display":"","site-post-title":"","ast-breadcrumbs-content":"","ast-featured-img":"","footer-sml-layout":"","theme-transparent-header-meta":"default","adv-header-id-meta":"","stick-header-meta":"","header-above-stick-meta":"","header-main-stick-meta":"","header-below-stick-meta":"","spay_email":""},"product_cat":[98],"product_tag":[],"class_list":["post-4371","product","type-product","status-publish","has-post-thumbnail","hentry","product_cat-inne"],"yoast_head":"<!-- This site is optimized with the Yoast SEO plugin v19.2 - https:\/\/yoast.com\/wordpress\/plugins\/seo\/ -->\n<title>Bylica Silver Brocade - Ogr&oacute;d Olszanica<\/title>\n<meta name=\"robots\" content=\"index, follow, max-snippet:-1, max-image-preview:large, max-video-preview:-1\" \/>\n<link rel=\"canonical\" href=\"https:\/\/www.ogrodolszanica.pl\/index.php\/produkt\/bylica-silver-brocade\/\" \/>\n<meta property=\"og:locale\" content=\"pl_PL\" \/>\n<meta property=\"og:type\" content=\"article\" \/>\n<meta property=\"og:title\" content=\"Bylica Silver Brocade - Ogr&oacute;d Olszanica\" \/>\n<meta property=\"og:description\" content=\"Bylica Stellera Silver Brocade Artemisia stelleriana Bylica &#039;Silver Brocade&#8217; zachwyca atrakcyjnym, poduszkowatym pokrojem oraz \u015blicznymi, pierzastymi li\u015b\u0107mi o pi\u0119knym, srebrzysto-bia\u0142ym ubarwieniu. Ro\u015blina tworzy zwarte, g\u0119ste k\u0119py, kt\u00f3re osi\u0105gaj\u0105 oko\u0142o 25-30 cm wysoko\u015bci i oko\u0142o 40 cm szeroko\u015bci. Posiada pok\u0142adaj\u0105ce si\u0119, cz\u0119\u015bciowo drewniej\u0105ce p\u0119dy, na kt\u00f3rych osadzone s\u0105 pierzastodzielne li\u015bcie, pokryte mi\u0119ciutkim, srebrzysto-bia\u0142ym kutnerem. G\u0119ste, drobne &hellip; Bylica Silver Brocade Read More &raquo;\" \/>\n<meta property=\"og:url\" content=\"https:\/\/www.ogrodolszanica.pl\/index.php\/produkt\/bylica-silver-brocade\/\" \/>\n<meta property=\"og:site_name\" content=\"Ogr&oacute;d Olszanica\" \/>\n<meta property=\"article:publisher\" content=\"https:\/\/www.facebook.com\/Ogrd-Olszanica-100807179225223\" \/>\n<meta property=\"og:image\" content=\"https:\/\/www.ogrodolszanica.pl\/wp-content\/uploads\/2026\/04\/Bylica-Silver-Brocade-v45-scaled.jpg\" \/>\n\t<meta property=\"og:image:width\" content=\"1920\" \/>\n\t<meta property=\"og:image:height\" content=\"2560\" \/>\n\t<meta property=\"og:image:type\" content=\"image\/jpeg\" \/>\n<meta name=\"author\" content=\"admin\" \/>\n<meta name=\"twitter:card\" content=\"summary_large_image\" \/>\n<meta name=\"twitter:label1\" content=\"Szacowany czas czytania\" \/>\n\t<meta name=\"twitter:data1\" content=\"1 minuta\" \/>\n<script type=\"application\/ld+json\" class=\"yoast-schema-graph\">{\"@context\":\"https:\/\/schema.org\",\"@graph\":[{\"@type\":\"Organization\",\"@id\":\"https:\/\/www.ogrodolszanica.pl\/#organization\",\"name\":\"Ogr\u00f3d Olszanica - Krakowskie Centrum Ogrodnicze\",\"url\":\"https:\/\/www.ogrodolszanica.pl\/\",\"sameAs\":[\"https:\/\/www.facebook.com\/Ogrd-Olszanica-100807179225223\"],\"logo\":{\"@type\":\"ImageObject\",\"inLanguage\":\"pl-PL\",\"@id\":\"https:\/\/www.ogrodolszanica.pl\/#\/schema\/logo\/image\/\",\"url\":\"http:\/\/www.ogrodolszanica.pl\/wp-content\/uploads\/2022\/06\/Ogrod-Olszanica1-1.png\",\"contentUrl\":\"http:\/\/www.ogrodolszanica.pl\/wp-content\/uploads\/2022\/06\/Ogrod-Olszanica1-1.png\",\"width\":180,\"height\":60,\"caption\":\"Ogr\u00f3d Olszanica - Krakowskie Centrum Ogrodnicze\"},\"image\":{\"@id\":\"https:\/\/www.ogrodolszanica.pl\/#\/schema\/logo\/image\/\"}},{\"@type\":\"WebSite\",\"@id\":\"https:\/\/www.ogrodolszanica.pl\/#website\",\"url\":\"https:\/\/www.ogrodolszanica.pl\/\",\"name\":\"Ogr&oacute;d Olszanica\",\"description\":\"Centrum Ogrodnicze Krak&oacute;w\",\"publisher\":{\"@id\":\"https:\/\/www.ogrodolszanica.pl\/#organization\"},\"potentialAction\":[{\"@type\":\"SearchAction\",\"target\":{\"@type\":\"EntryPoint\",\"urlTemplate\":\"https:\/\/www.ogrodolszanica.pl\/?s={search_term_string}\"},\"query-input\":\"required name=search_term_string\"}],\"inLanguage\":\"pl-PL\"},{\"@type\":\"ImageObject\",\"inLanguage\":\"pl-PL\",\"@id\":\"https:\/\/www.ogrodolszanica.pl\/index.php\/produkt\/bylica-silver-brocade\/#primaryimage\",\"url\":\"https:\/\/i0.wp.com\/www.ogrodolszanica.pl\/wp-content\/uploads\/2026\/04\/Bylica-Silver-Brocade-v45-scaled.jpg?fit=1920%2C2560&ssl=1\",\"contentUrl\":\"https:\/\/i0.wp.com\/www.ogrodolszanica.pl\/wp-content\/uploads\/2026\/04\/Bylica-Silver-Brocade-v45-scaled.jpg?fit=1920%2C2560&ssl=1\",\"width\":1920,\"height\":2560,\"caption\":\"oplus_288\"},{\"@type\":\"WebPage\",\"@id\":\"https:\/\/www.ogrodolszanica.pl\/index.php\/produkt\/bylica-silver-brocade\/#webpage\",\"url\":\"https:\/\/www.ogrodolszanica.pl\/index.php\/produkt\/bylica-silver-brocade\/\",\"name\":\"Bylica Silver Brocade - Ogr&oacute;d Olszanica\",\"isPartOf\":{\"@id\":\"https:\/\/www.ogrodolszanica.pl\/#website\"},\"primaryImageOfPage\":{\"@id\":\"https:\/\/www.ogrodolszanica.pl\/index.php\/produkt\/bylica-silver-brocade\/#primaryimage\"},\"datePublished\":\"2026-04-12T19:03:54+00:00\",\"dateModified\":\"2026-04-12T19:03:54+00:00\",\"breadcrumb\":{\"@id\":\"https:\/\/www.ogrodolszanica.pl\/index.php\/produkt\/bylica-silver-brocade\/#breadcrumb\"},\"inLanguage\":\"pl-PL\",\"potentialAction\":[{\"@type\":\"ReadAction\",\"target\":[\"https:\/\/www.ogrodolszanica.pl\/index.php\/produkt\/bylica-silver-brocade\/\"]}]},{\"@type\":\"BreadcrumbList\",\"@id\":\"https:\/\/www.ogrodolszanica.pl\/index.php\/produkt\/bylica-silver-brocade\/#breadcrumb\",\"itemListElement\":[{\"@type\":\"ListItem\",\"position\":1,\"name\":\"Strona g\u0142\u00f3wna\",\"item\":\"https:\/\/www.ogrodolszanica.pl\/\"},{\"@type\":\"ListItem\",\"position\":2,\"name\":\"Produkty\",\"item\":\"https:\/\/www.ogrodolszanica.pl\/index.php\/shop\/\"},{\"@type\":\"ListItem\",\"position\":3,\"name\":\"Bylica Silver Brocade\"}]}]}<\/script>\n<!-- \/ Yoast SEO plugin. -->","yoast_head_json":{"title":"Bylica Silver Brocade - Ogr&oacute;d Olszanica","robots":{"index":"index","follow":"follow","max-snippet":"max-snippet:-1","max-image-preview":"max-image-preview:large","max-video-preview":"max-video-preview:-1"},"canonical":"https:\/\/www.ogrodolszanica.pl\/index.php\/produkt\/bylica-silver-brocade\/","og_locale":"pl_PL","og_type":"article","og_title":"Bylica Silver Brocade - Ogr&oacute;d Olszanica","og_description":"Bylica Stellera Silver Brocade Artemisia stelleriana Bylica 'Silver Brocade&#8217; zachwyca atrakcyjnym, poduszkowatym pokrojem oraz \u015blicznymi, pierzastymi li\u015b\u0107mi o pi\u0119knym, srebrzysto-bia\u0142ym ubarwieniu. Ro\u015blina tworzy zwarte, g\u0119ste k\u0119py, kt\u00f3re osi\u0105gaj\u0105 oko\u0142o 25-30 cm wysoko\u015bci i oko\u0142o 40 cm szeroko\u015bci. Posiada pok\u0142adaj\u0105ce si\u0119, cz\u0119\u015bciowo drewniej\u0105ce p\u0119dy, na kt\u00f3rych osadzone s\u0105 pierzastodzielne li\u015bcie, pokryte mi\u0119ciutkim, srebrzysto-bia\u0142ym kutnerem. G\u0119ste, drobne &hellip; Bylica Silver Brocade Read More &raquo;","og_url":"https:\/\/www.ogrodolszanica.pl\/index.php\/produkt\/bylica-silver-brocade\/","og_site_name":"Ogr&oacute;d Olszanica","article_publisher":"https:\/\/www.facebook.com\/Ogrd-Olszanica-100807179225223","og_image":[{"width":1920,"height":2560,"url":"https:\/\/www.ogrodolszanica.pl\/wp-content\/uploads\/2026\/04\/Bylica-Silver-Brocade-v45-scaled.jpg","type":"image\/jpeg"}],"author":"admin","twitter_card":"summary_large_image","twitter_misc":{"Szacowany czas czytania":"1 minuta"},"schema":{"@context":"https:\/\/schema.org","@graph":[{"@type":"Organization","@id":"https:\/\/www.ogrodolszanica.pl\/#organization","name":"Ogr\u00f3d Olszanica - Krakowskie Centrum Ogrodnicze","url":"https:\/\/www.ogrodolszanica.pl\/","sameAs":["https:\/\/www.facebook.com\/Ogrd-Olszanica-100807179225223"],"logo":{"@type":"ImageObject","inLanguage":"pl-PL","@id":"https:\/\/www.ogrodolszanica.pl\/#\/schema\/logo\/image\/","url":"http:\/\/www.ogrodolszanica.pl\/wp-content\/uploads\/2022\/06\/Ogrod-Olszanica1-1.png","contentUrl":"http:\/\/www.ogrodolszanica.pl\/wp-content\/uploads\/2022\/06\/Ogrod-Olszanica1-1.png","width":180,"height":60,"caption":"Ogr\u00f3d Olszanica - Krakowskie Centrum Ogrodnicze"},"image":{"@id":"https:\/\/www.ogrodolszanica.pl\/#\/schema\/logo\/image\/"}},{"@type":"WebSite","@id":"https:\/\/www.ogrodolszanica.pl\/#website","url":"https:\/\/www.ogrodolszanica.pl\/","name":"Ogr&oacute;d Olszanica","description":"Centrum Ogrodnicze Krak&oacute;w","publisher":{"@id":"https:\/\/www.ogrodolszanica.pl\/#organization"},"potentialAction":[{"@type":"SearchAction","target":{"@type":"EntryPoint","urlTemplate":"https:\/\/www.ogrodolszanica.pl\/?s={search_term_string}"},"query-input":"required name=search_term_string"}],"inLanguage":"pl-PL"},{"@type":"ImageObject","inLanguage":"pl-PL","@id":"https:\/\/www.ogrodolszanica.pl\/index.php\/produkt\/bylica-silver-brocade\/#primaryimage","url":"https:\/\/i0.wp.com\/www.ogrodolszanica.pl\/wp-content\/uploads\/2026\/04\/Bylica-Silver-Brocade-v45-scaled.jpg?fit=1920%2C2560&ssl=1","contentUrl":"https:\/\/i0.wp.com\/www.ogrodolszanica.pl\/wp-content\/uploads\/2026\/04\/Bylica-Silver-Brocade-v45-scaled.jpg?fit=1920%2C2560&ssl=1","width":1920,"height":2560,"caption":"oplus_288"},{"@type":"WebPage","@id":"https:\/\/www.ogrodolszanica.pl\/index.php\/produkt\/bylica-silver-brocade\/#webpage","url":"https:\/\/www.ogrodolszanica.pl\/index.php\/produkt\/bylica-silver-brocade\/","name":"Bylica Silver Brocade - Ogr&oacute;d Olszanica","isPartOf":{"@id":"https:\/\/www.ogrodolszanica.pl\/#website"},"primaryImageOfPage":{"@id":"https:\/\/www.ogrodolszanica.pl\/index.php\/produkt\/bylica-silver-brocade\/#primaryimage"},"datePublished":"2026-04-12T19:03:54+00:00","dateModified":"2026-04-12T19:03:54+00:00","breadcrumb":{"@id":"https:\/\/www.ogrodolszanica.pl\/index.php\/produkt\/bylica-silver-brocade\/#breadcrumb"},"inLanguage":"pl-PL","potentialAction":[{"@type":"ReadAction","target":["https:\/\/www.ogrodolszanica.pl\/index.php\/produkt\/bylica-silver-brocade\/"]}]},{"@type":"BreadcrumbList","@id":"https:\/\/www.ogrodolszanica.pl\/index.php\/produkt\/bylica-silver-brocade\/#breadcrumb","itemListElement":[{"@type":"ListItem","position":1,"name":"Strona g\u0142\u00f3wna","item":"https:\/\/www.ogrodolszanica.pl\/"},{"@type":"ListItem","position":2,"name":"Produkty","item":"https:\/\/www.ogrodolszanica.pl\/index.php\/shop\/"},{"@type":"ListItem","position":3,"name":"Bylica Silver Brocade"}]}]}},"jetpack-related-posts":[{"id":1320,"url":"https:\/\/www.ogrodolszanica.pl\/index.php\/produkt\/dianthus-angel-of-hope\/","url_meta":{"origin":4371,"position":0},"title":"Go\u017adzik Angel Of Hope","date":"23 stycznia, 2019","format":false,"excerpt":"Pi\u0119kna, wiosenna bylina.","rel":"","context":"Similar post","img":{"alt_text":"","src":"https:\/\/i0.wp.com\/www.ogrodolszanica.pl\/wp-content\/uploads\/2019\/01\/dianthus-angel-of-hope_1.jpg?fit=434%2C650&ssl=1&resize=350%2C200","width":350,"height":200},"classes":[]},{"id":1577,"url":"https:\/\/www.ogrodolszanica.pl\/index.php\/produkt\/kocimietka-purrsian-blue\/","url_meta":{"origin":4371,"position":1},"title":"Kocimi\u0119tka Purrsian Blue","date":"12 lipca, 2022","format":false,"excerpt":"Kocimi\u0119tka Faassena Purrsian Blue Nepeta x faassenii Cudowna, kompaktowa odmiana wyr\u00f3\u017cniaj\u0105ca si\u0119 zwartym pokrojem oraz spektakularnym, d\u0142ugim i bardzo obfitym kwitnieniem. Kocimi\u0119tka Faassena 'Purrsian Blue' dorasta do oko\u0142o 35-45 cm wysoko\u015bci oraz 45-75 cm szeroko\u015bci, tworz\u0105c efektowne, zaokr\u0105glone k\u0119py. Drobne, karbowane, srebrzysto-zielone li\u015bcie byliny s\u0105 niezwykle aromatyczne. Od czerwca do\u2026","rel":"","context":"Similar post","img":{"alt_text":"","src":"https:\/\/i0.wp.com\/www.ogrodolszanica.pl\/wp-content\/uploads\/2022\/07\/Kocimietka-Purrsian-Blue-scaled.jpg?fit=904%2C1200&ssl=1&resize=350%2C200","width":350,"height":200},"classes":[]},{"id":3353,"url":"https:\/\/www.ogrodolszanica.pl\/index.php\/produkt\/miodunka-silver-bouquet-wielobarwne-liscie\/","url_meta":{"origin":4371,"position":2},"title":"Miodunka 'Silver Bouquet&#8217; wielobarwne li\u015bcie","date":"24 lutego, 2026","format":false,"excerpt":"Miodunka Silver Bouquet Pulmonaria Miodunka 'Silver Bouquet' przyci\u0105ga spojrzenia nie tylko ze wzgl\u0119du na pi\u0119kne kwiaty, ale tak\u017ce niezwykle dekoracyjne li\u015bcie. Ro\u015blina tworzy bujne, g\u0119ste k\u0119py, kt\u00f3re osi\u0105gaj\u0105 oko\u0142o 20-25 cm wysoko\u015bci i 40-50 cm szeroko\u015bci. Li\u015bcie s\u0105 wyd\u0142u\u017cone, lancetowate, ostro zako\u0144czone, niemal ca\u0142kowicie srebrzyste z nielicznymi plamkami zieleni. Ro\u015blina\u2026","rel":"","context":"Similar post","img":{"alt_text":"","src":"https:\/\/i0.wp.com\/www.ogrodolszanica.pl\/wp-content\/uploads\/2026\/02\/Miodunka-Silver-Bouquet-wielobarwne-liscie-v2-scaled.jpg?fit=904%2C1200&ssl=1&resize=350%2C200","width":350,"height":200},"classes":[]},{"id":1735,"url":"https:\/\/www.ogrodolszanica.pl\/index.php\/produkt\/proso-rozgowate-heavy-metal\/","url_meta":{"origin":4371,"position":3},"title":"Proso R\u00f3zgowate Heavy Metal","date":"18 lipca, 2022","format":false,"excerpt":"Proso R\u00f3zgowate Heavy Metal Bardzo \u0142adna odmiana prosa o wzniesionym pokroju. Posiada liczne i g\u0119ste \u017ad\u017ab\u0142a rosn\u0105ce na tle wzniesionych ku g\u00f3rze li\u015bci o pi\u0119knym srebrzysto-zielonym kolorze. Dodatkow\u0105 zalet\u0105 s\u0105 jasne kwiatostany pojawiaj\u0105ce si\u0119 latem i zdobi\u0105ce ro\u015blin\u0119 a\u017c do wiosny, kiedy to ro\u015blin\u0119 nale\u017cy przyci\u0105\u0107. Jesieni\u0105 ca\u0142a ro\u015blina przebarwia\u2026","rel":"","context":"Similar post","img":{"alt_text":"","src":"https:\/\/i0.wp.com\/www.ogrodolszanica.pl\/wp-content\/uploads\/2022\/07\/byliny-i-trawy_panicum-proso_79075_2.jpg?fit=467%2C650&ssl=1&resize=350%2C200","width":350,"height":200},"classes":[]},{"id":4196,"url":"https:\/\/www.ogrodolszanica.pl\/index.php\/produkt\/gozdzik-ogrodowy-strawberry-eyes\/","url_meta":{"origin":4371,"position":4},"title":"Go\u017adzik Ogrodowy Strawberry Eyes","date":"10 marca, 2026","format":false,"excerpt":"Go\u017adzik Strawberry Eyes Dianthus Go\u017adzik 'Strawberry Eyes' czaruje przepi\u0119knymi, falbaniastymi kwiatami o malowniczym, kontrastowym ubarwieniu -po\u0142\u0105czenie wyrazistego karminu oraz subtelnego, pastelowego r\u00f3\u017cu prezentuje si\u0119 ob\u0142\u0119dnie i zdecydowanie przyci\u0105ga spojrzenia! Ro\u015blina docelowo osi\u0105ga oko\u0142o 15-25 cm wysoko\u015bci. Formuje g\u0119ste, roz\u0142o\u017cyste poduchy charakterystycznych, w\u0105skich, wyd\u0142u\u017conych li\u015bci w ch\u0142odnym, srebrzysto-zielonym kolorze. Go\u017adzik 'Strawberry\u2026","rel":"","context":"Similar post","img":{"alt_text":"","src":"https:\/\/i0.wp.com\/www.ogrodolszanica.pl\/wp-content\/uploads\/2026\/03\/gozdzik-strawberry-eyes-dianthus.jpg?fit=846%2C900&ssl=1&resize=350%2C200","width":350,"height":200},"classes":[]},{"id":2566,"url":"https:\/\/www.ogrodolszanica.pl\/index.php\/produkt\/carex-ice-dance\/","url_meta":{"origin":4371,"position":5},"title":"Turzyca Ice Dance","date":"23 stycznia, 2024","format":false,"excerpt":"Turzyca Morrowa Ice Dance Carex morrowii Turzyca Morrowa 'Ice Dance' to wyj\u0105tkowa, zimozielona bylina o atrakcyjnym pokroju i pi\u0119knym ubarwieniu. Tworzy efektowne, g\u0119ste k\u0119py, osi\u0105gaj\u0105ce oko\u0142o 30-40 cm wysoko\u015bci i 35 cm \u015brednicy. Posiada d\u0142ugie, w\u0105skie, ostro zako\u0144czone, \u0142ukowo przewieszaj\u0105ce si\u0119, jasnozielone li\u015bcie z wyra\u017anym, bia\u0142ym marginesem. Od kwietnia do\u2026","rel":"","context":"Similar post","img":{"alt_text":"","src":"https:\/\/i0.wp.com\/www.ogrodolszanica.pl\/wp-content\/uploads\/2024\/01\/carex-morrowii-ice-dance_2.jpg?fit=650%2C435&ssl=1&resize=350%2C200","width":350,"height":200},"classes":[]}],"_links":{"self":[{"href":"https:\/\/www.ogrodolszanica.pl\/index.php\/wp-json\/wp\/v2\/product\/4371","targetHints":{"allow":["GET"]}}],"collection":[{"href":"https:\/\/www.ogrodolszanica.pl\/index.php\/wp-json\/wp\/v2\/product"}],"about":[{"href":"https:\/\/www.ogrodolszanica.pl\/index.php\/wp-json\/wp\/v2\/types\/product"}],"replies":[{"embeddable":true,"href":"https:\/\/www.ogrodolszanica.pl\/index.php\/wp-json\/wp\/v2\/comments?post=4371"}],"wp:featuredmedia":[{"embeddable":true,"href":"https:\/\/www.ogrodolszanica.pl\/index.php\/wp-json\/wp\/v2\/media\/4372"}],"wp:attachment":[{"href":"https:\/\/www.ogrodolszanica.pl\/index.php\/wp-json\/wp\/v2\/media?parent=4371"}],"wp:term":[{"taxonomy":"product_cat","embeddable":true,"href":"https:\/\/www.ogrodolszanica.pl\/index.php\/wp-json\/wp\/v2\/product_cat?post=4371"},{"taxonomy":"product_tag","embeddable":true,"href":"https:\/\/www.ogrodolszanica.pl\/index.php\/wp-json\/wp\/v2\/product_tag?post=4371"}],"curies":[{"name":"wp","href":"https:\/\/api.w.org\/{rel}","templated":true}]}}