{"id":4237,"date":"2026-03-16T18:37:13","date_gmt":"2026-03-16T18:37:13","guid":{"rendered":"https:\/\/www.ogrodolszanica.pl\/?post_type=product&#038;p=4237"},"modified":"2026-03-16T18:37:14","modified_gmt":"2026-03-16T18:37:14","slug":"kuklik-nonna","status":"publish","type":"product","link":"https:\/\/www.ogrodolszanica.pl\/index.php\/produkt\/kuklik-nonna\/","title":{"rendered":"Kuklik Nonna"},"content":{"rendered":"<div>\n<div class=\"section-container\" data-testid=\"description-section-container\">\n<div class=\"section\">\n<div class=\"item item-6\">\n<div class=\"text-item\">\n<div>\n<div class=\"text-content\">\n<h1>Kuklik Nonna<\/h1>\n<p>Kuklik 'Nonna&#8217; urzeka kwiatami o nietuzinkowej urodzie oraz cudownej kolorystyce. Ro\u015blina tworzy zwarte k\u0119py pierzastych, zielonych li\u015bci. Maksymalnie dorasta do oko\u0142o 30-40 cm wysoko\u015bci. Kwitnie obficie od kwietnia do maja. W tym czasie na szczytach wzniesionych, czerwono podbarwionych \u0142ody\u017cek kr\u00f3luj\u0105 \u015bliczne kwiaty o subtelnym, pastelowym ubarwieniu. Du\u017cy \u015brodek, zdobiony \u017c\u00f3\u0142tymi pr\u0119cikami, otulony jest koronk\u0105, pomara\u0144czowo-r\u00f3\u017cowych p\u0142atk\u00f3w z wyra\u017anym \u017cy\u0142kowaniem oraz z delikatn\u0105 falbank\u0105 na brzegach.<\/p>\n<h1>Uprawa\u00a0kuklika<\/h1>\n<p>Kuklik nale\u017cy do ro\u015blin d\u0142ugowiecznych i odpornych na mrozy. Najlepiej ro\u015bnie na \u017cyznych i stale wilgotnych, pr\u00f3chniczych glebach, lubi miejsca nas\u0142onecznione lub lekko ocienione. Im wi\u0119cej s\u0142o\u0144ca dostarczymy kuklikowi tym bujniejszego kwitnienia mo\u017cemy si\u0119 spodziewa\u0107.<\/p>\n<ul>\n<li>Rodzaj:\u00a0<b>kuklik<\/b><\/li>\n<li>Stanowisko:\u00a0<b>s\u0142oneczne<\/b>\u00a0\u2600\ufe0f,\u00a0<b>p\u00f3\u0142cieniste<\/b><\/li>\n<li>Podlewanie:\u00a0<b>przeci\u0119tne<\/b><\/li>\n<li>Barwa kwiatu:\u00a0<b>pomara\u0144czowa<\/b><\/li>\n<li>Barwa li\u015bci:\u00a0<b>zielone<\/b><\/li>\n<li>Szeroko\u015b\u0107 \u2b05\ufe0f\u27a1\ufe0f:\u00a0<b>20-30 cm<\/b><\/li>\n<li>Wysoko\u015b\u0107 kwitnienia \u2b06\ufe0f:\u00a0<b>30-40 cm<\/b><\/li>\n<li>Okres kwitnienia \u27a1\ufe0f\u2b05\ufe0f:\u00a0<b>kwiecie\u0144 \u00f7 maj<\/b><\/li>\n<li>Mrozoodporno\u015b\u0107:\u00a0<b>tak<\/b><\/li>\n<li>Ro\u015blina wieloletnia:\u00a0<b>tak<\/b><\/li>\n<\/ul>\n<\/div>\n<\/div>\n<\/div>\n<\/div>\n<div class=\"item item-6\">\n<div class=\"image-item-container\">\n<div class=\"image-item\"><img decoding=\"async\" src=\"https:\/\/a.allegroimg.com\/s1440\/11248f\/9526563f4ff18d624bdd0b6cbf99\" alt=\"\" \/><\/div>\n<\/div>\n<\/div>\n<\/div>\n<\/div>\n<\/div>\n<div>\n<div class=\"section-container\" data-testid=\"description-section-container\">\n<div class=\"section\">\n<div class=\"item item-12\">\n<div class=\"text-item\">\n<div>\n<div class=\"text-content\">\n<h1>Uwaga \u2757\u2757\u2757<\/h1>\n<p><b>Jedno zdj\u0119cie przedstawia ro\u015blin\u0119 w pe\u0142ni rozwini\u0119t\u0105, a drugie sadzonk\u0119 kt\u00f3ra jest w sprzeda\u017cy.<\/b><\/p>\n<p><b>Jednak \u017ce s\u0105 to \u017cywe ro\u015bliny i z tygodnia na tydzie\u0144 zmieniaj\u0105 sw\u00f3j wygl\u0105d. Mog\u0105 by\u0107 przyci\u0119te, a w okresie kwitnienia mog\u0105 by\u0107 wi\u0119ksze oraz z kwiatami.<\/b><\/p>\n<\/div>\n<\/div>\n<\/div>\n<\/div>\n<\/div>\n<\/div>\n<\/div>\n<div>\n<div class=\"section-container\" data-testid=\"description-section-container\">\n<div class=\"section\">\n<div class=\"item item-6\">\n<div class=\"image-item-container\">\n<div class=\"image-item\"><img decoding=\"async\" src=\"https:\/\/a.allegroimg.com\/s1440\/11d2e7\/98eb7cdc49859a8953c15a94e80e\" alt=\"\" \/><\/div>\n<\/div>\n<\/div>\n<div class=\"item item-6\">\n<div class=\"image-item-container\">\n<div class=\"image-item\"><img decoding=\"async\" src=\"https:\/\/a.allegroimg.com\/s1440\/11bf3d\/847d605049789da10ffa4c37d9b6\" alt=\"\" \/><\/div>\n<\/div>\n<\/div>\n<\/div>\n<\/div>\n<\/div>\n","protected":false},"excerpt":{"rendered":"<p>Kuklik Nonna Kuklik 'Nonna&#8217; urzeka kwiatami o nietuzinkowej urodzie oraz cudownej kolorystyce. Ro\u015blina tworzy zwarte k\u0119py pierzastych, zielonych li\u015bci. Maksymalnie dorasta do oko\u0142o 30-40 cm wysoko\u015bci. Kwitnie obficie od kwietnia do maja. W tym czasie na szczytach wzniesionych, czerwono podbarwionych \u0142ody\u017cek kr\u00f3luj\u0105 \u015bliczne kwiaty o subtelnym, pastelowym ubarwieniu. Du\u017cy \u015brodek, zdobiony \u017c\u00f3\u0142tymi pr\u0119cikami, otulony jest &hellip;<\/p>\n<p class=\"read-more\"> <a class=\"\" href=\"https:\/\/www.ogrodolszanica.pl\/index.php\/produkt\/kuklik-nonna\/\"> <span class=\"screen-reader-text\">Kuklik Nonna<\/span> Read More &raquo;<\/a><\/p>\n","protected":false},"featured_media":4238,"comment_status":"open","ping_status":"closed","template":"","meta":{"site-sidebar-layout":"default","site-content-layout":"default","ast-global-header-display":"","ast-main-header-display":"","ast-hfb-above-header-display":"","ast-hfb-below-header-display":"","ast-hfb-mobile-header-display":"","site-post-title":"","ast-breadcrumbs-content":"","ast-featured-img":"","footer-sml-layout":"","theme-transparent-header-meta":"default","adv-header-id-meta":"","stick-header-meta":"","header-above-stick-meta":"","header-main-stick-meta":"","header-below-stick-meta":"","spay_email":""},"product_cat":[79],"product_tag":[],"class_list":["post-4237","product","type-product","status-publish","has-post-thumbnail","hentry","product_cat-kukliki"],"yoast_head":"<!-- This site is optimized with the Yoast SEO plugin v19.2 - https:\/\/yoast.com\/wordpress\/plugins\/seo\/ -->\n<title>Kuklik Nonna - Ogr&oacute;d Olszanica<\/title>\n<meta name=\"robots\" content=\"index, follow, max-snippet:-1, max-image-preview:large, max-video-preview:-1\" \/>\n<link rel=\"canonical\" href=\"https:\/\/www.ogrodolszanica.pl\/index.php\/produkt\/kuklik-nonna\/\" \/>\n<meta property=\"og:locale\" content=\"pl_PL\" \/>\n<meta property=\"og:type\" content=\"article\" \/>\n<meta property=\"og:title\" content=\"Kuklik Nonna - Ogr&oacute;d Olszanica\" \/>\n<meta property=\"og:description\" content=\"Kuklik Nonna Kuklik &#039;Nonna&#8217; urzeka kwiatami o nietuzinkowej urodzie oraz cudownej kolorystyce. Ro\u015blina tworzy zwarte k\u0119py pierzastych, zielonych li\u015bci. Maksymalnie dorasta do oko\u0142o 30-40 cm wysoko\u015bci. Kwitnie obficie od kwietnia do maja. W tym czasie na szczytach wzniesionych, czerwono podbarwionych \u0142ody\u017cek kr\u00f3luj\u0105 \u015bliczne kwiaty o subtelnym, pastelowym ubarwieniu. Du\u017cy \u015brodek, zdobiony \u017c\u00f3\u0142tymi pr\u0119cikami, otulony jest &hellip; Kuklik Nonna Read More &raquo;\" \/>\n<meta property=\"og:url\" content=\"https:\/\/www.ogrodolszanica.pl\/index.php\/produkt\/kuklik-nonna\/\" \/>\n<meta property=\"og:site_name\" content=\"Ogr&oacute;d Olszanica\" \/>\n<meta property=\"article:publisher\" content=\"https:\/\/www.facebook.com\/Ogrd-Olszanica-100807179225223\" \/>\n<meta property=\"article:modified_time\" content=\"2026-03-16T18:37:14+00:00\" \/>\n<meta property=\"og:image\" content=\"https:\/\/www.ogrodolszanica.pl\/wp-content\/uploads\/2026\/03\/kuklik-nonna-geum.jpg\" \/>\n\t<meta property=\"og:image:width\" content=\"846\" \/>\n\t<meta property=\"og:image:height\" content=\"900\" \/>\n\t<meta property=\"og:image:type\" content=\"image\/jpeg\" \/>\n<meta name=\"author\" content=\"admin\" \/>\n<meta name=\"twitter:card\" content=\"summary_large_image\" \/>\n<meta name=\"twitter:label1\" content=\"Szacowany czas czytania\" \/>\n\t<meta name=\"twitter:data1\" content=\"1 minuta\" \/>\n<script type=\"application\/ld+json\" class=\"yoast-schema-graph\">{\"@context\":\"https:\/\/schema.org\",\"@graph\":[{\"@type\":\"Organization\",\"@id\":\"https:\/\/www.ogrodolszanica.pl\/#organization\",\"name\":\"Ogr\u00f3d Olszanica - Krakowskie Centrum Ogrodnicze\",\"url\":\"https:\/\/www.ogrodolszanica.pl\/\",\"sameAs\":[\"https:\/\/www.facebook.com\/Ogrd-Olszanica-100807179225223\"],\"logo\":{\"@type\":\"ImageObject\",\"inLanguage\":\"pl-PL\",\"@id\":\"https:\/\/www.ogrodolszanica.pl\/#\/schema\/logo\/image\/\",\"url\":\"http:\/\/www.ogrodolszanica.pl\/wp-content\/uploads\/2022\/06\/Ogrod-Olszanica1-1.png\",\"contentUrl\":\"http:\/\/www.ogrodolszanica.pl\/wp-content\/uploads\/2022\/06\/Ogrod-Olszanica1-1.png\",\"width\":180,\"height\":60,\"caption\":\"Ogr\u00f3d Olszanica - Krakowskie Centrum Ogrodnicze\"},\"image\":{\"@id\":\"https:\/\/www.ogrodolszanica.pl\/#\/schema\/logo\/image\/\"}},{\"@type\":\"WebSite\",\"@id\":\"https:\/\/www.ogrodolszanica.pl\/#website\",\"url\":\"https:\/\/www.ogrodolszanica.pl\/\",\"name\":\"Ogr&oacute;d Olszanica\",\"description\":\"Centrum Ogrodnicze Krak&oacute;w\",\"publisher\":{\"@id\":\"https:\/\/www.ogrodolszanica.pl\/#organization\"},\"potentialAction\":[{\"@type\":\"SearchAction\",\"target\":{\"@type\":\"EntryPoint\",\"urlTemplate\":\"https:\/\/www.ogrodolszanica.pl\/?s={search_term_string}\"},\"query-input\":\"required name=search_term_string\"}],\"inLanguage\":\"pl-PL\"},{\"@type\":\"ImageObject\",\"inLanguage\":\"pl-PL\",\"@id\":\"https:\/\/www.ogrodolszanica.pl\/index.php\/produkt\/kuklik-nonna\/#primaryimage\",\"url\":\"https:\/\/i0.wp.com\/www.ogrodolszanica.pl\/wp-content\/uploads\/2026\/03\/kuklik-nonna-geum.jpg?fit=846%2C900&ssl=1\",\"contentUrl\":\"https:\/\/i0.wp.com\/www.ogrodolszanica.pl\/wp-content\/uploads\/2026\/03\/kuklik-nonna-geum.jpg?fit=846%2C900&ssl=1\",\"width\":846,\"height\":900},{\"@type\":\"WebPage\",\"@id\":\"https:\/\/www.ogrodolszanica.pl\/index.php\/produkt\/kuklik-nonna\/#webpage\",\"url\":\"https:\/\/www.ogrodolszanica.pl\/index.php\/produkt\/kuklik-nonna\/\",\"name\":\"Kuklik Nonna - Ogr&oacute;d Olszanica\",\"isPartOf\":{\"@id\":\"https:\/\/www.ogrodolszanica.pl\/#website\"},\"primaryImageOfPage\":{\"@id\":\"https:\/\/www.ogrodolszanica.pl\/index.php\/produkt\/kuklik-nonna\/#primaryimage\"},\"datePublished\":\"2026-03-16T18:37:13+00:00\",\"dateModified\":\"2026-03-16T18:37:14+00:00\",\"breadcrumb\":{\"@id\":\"https:\/\/www.ogrodolszanica.pl\/index.php\/produkt\/kuklik-nonna\/#breadcrumb\"},\"inLanguage\":\"pl-PL\",\"potentialAction\":[{\"@type\":\"ReadAction\",\"target\":[\"https:\/\/www.ogrodolszanica.pl\/index.php\/produkt\/kuklik-nonna\/\"]}]},{\"@type\":\"BreadcrumbList\",\"@id\":\"https:\/\/www.ogrodolszanica.pl\/index.php\/produkt\/kuklik-nonna\/#breadcrumb\",\"itemListElement\":[{\"@type\":\"ListItem\",\"position\":1,\"name\":\"Strona g\u0142\u00f3wna\",\"item\":\"https:\/\/www.ogrodolszanica.pl\/\"},{\"@type\":\"ListItem\",\"position\":2,\"name\":\"Produkty\",\"item\":\"https:\/\/www.ogrodolszanica.pl\/index.php\/shop\/\"},{\"@type\":\"ListItem\",\"position\":3,\"name\":\"Kuklik Nonna\"}]}]}<\/script>\n<!-- \/ Yoast SEO plugin. -->","yoast_head_json":{"title":"Kuklik Nonna - Ogr&oacute;d Olszanica","robots":{"index":"index","follow":"follow","max-snippet":"max-snippet:-1","max-image-preview":"max-image-preview:large","max-video-preview":"max-video-preview:-1"},"canonical":"https:\/\/www.ogrodolszanica.pl\/index.php\/produkt\/kuklik-nonna\/","og_locale":"pl_PL","og_type":"article","og_title":"Kuklik Nonna - Ogr&oacute;d Olszanica","og_description":"Kuklik Nonna Kuklik 'Nonna&#8217; urzeka kwiatami o nietuzinkowej urodzie oraz cudownej kolorystyce. Ro\u015blina tworzy zwarte k\u0119py pierzastych, zielonych li\u015bci. Maksymalnie dorasta do oko\u0142o 30-40 cm wysoko\u015bci. Kwitnie obficie od kwietnia do maja. W tym czasie na szczytach wzniesionych, czerwono podbarwionych \u0142ody\u017cek kr\u00f3luj\u0105 \u015bliczne kwiaty o subtelnym, pastelowym ubarwieniu. Du\u017cy \u015brodek, zdobiony \u017c\u00f3\u0142tymi pr\u0119cikami, otulony jest &hellip; Kuklik Nonna Read More &raquo;","og_url":"https:\/\/www.ogrodolszanica.pl\/index.php\/produkt\/kuklik-nonna\/","og_site_name":"Ogr&oacute;d Olszanica","article_publisher":"https:\/\/www.facebook.com\/Ogrd-Olszanica-100807179225223","article_modified_time":"2026-03-16T18:37:14+00:00","og_image":[{"width":846,"height":900,"url":"https:\/\/www.ogrodolszanica.pl\/wp-content\/uploads\/2026\/03\/kuklik-nonna-geum.jpg","type":"image\/jpeg"}],"author":"admin","twitter_card":"summary_large_image","twitter_misc":{"Szacowany czas czytania":"1 minuta"},"schema":{"@context":"https:\/\/schema.org","@graph":[{"@type":"Organization","@id":"https:\/\/www.ogrodolszanica.pl\/#organization","name":"Ogr\u00f3d Olszanica - Krakowskie Centrum Ogrodnicze","url":"https:\/\/www.ogrodolszanica.pl\/","sameAs":["https:\/\/www.facebook.com\/Ogrd-Olszanica-100807179225223"],"logo":{"@type":"ImageObject","inLanguage":"pl-PL","@id":"https:\/\/www.ogrodolszanica.pl\/#\/schema\/logo\/image\/","url":"http:\/\/www.ogrodolszanica.pl\/wp-content\/uploads\/2022\/06\/Ogrod-Olszanica1-1.png","contentUrl":"http:\/\/www.ogrodolszanica.pl\/wp-content\/uploads\/2022\/06\/Ogrod-Olszanica1-1.png","width":180,"height":60,"caption":"Ogr\u00f3d Olszanica - Krakowskie Centrum Ogrodnicze"},"image":{"@id":"https:\/\/www.ogrodolszanica.pl\/#\/schema\/logo\/image\/"}},{"@type":"WebSite","@id":"https:\/\/www.ogrodolszanica.pl\/#website","url":"https:\/\/www.ogrodolszanica.pl\/","name":"Ogr&oacute;d Olszanica","description":"Centrum Ogrodnicze Krak&oacute;w","publisher":{"@id":"https:\/\/www.ogrodolszanica.pl\/#organization"},"potentialAction":[{"@type":"SearchAction","target":{"@type":"EntryPoint","urlTemplate":"https:\/\/www.ogrodolszanica.pl\/?s={search_term_string}"},"query-input":"required name=search_term_string"}],"inLanguage":"pl-PL"},{"@type":"ImageObject","inLanguage":"pl-PL","@id":"https:\/\/www.ogrodolszanica.pl\/index.php\/produkt\/kuklik-nonna\/#primaryimage","url":"https:\/\/i0.wp.com\/www.ogrodolszanica.pl\/wp-content\/uploads\/2026\/03\/kuklik-nonna-geum.jpg?fit=846%2C900&ssl=1","contentUrl":"https:\/\/i0.wp.com\/www.ogrodolszanica.pl\/wp-content\/uploads\/2026\/03\/kuklik-nonna-geum.jpg?fit=846%2C900&ssl=1","width":846,"height":900},{"@type":"WebPage","@id":"https:\/\/www.ogrodolszanica.pl\/index.php\/produkt\/kuklik-nonna\/#webpage","url":"https:\/\/www.ogrodolszanica.pl\/index.php\/produkt\/kuklik-nonna\/","name":"Kuklik Nonna - Ogr&oacute;d Olszanica","isPartOf":{"@id":"https:\/\/www.ogrodolszanica.pl\/#website"},"primaryImageOfPage":{"@id":"https:\/\/www.ogrodolszanica.pl\/index.php\/produkt\/kuklik-nonna\/#primaryimage"},"datePublished":"2026-03-16T18:37:13+00:00","dateModified":"2026-03-16T18:37:14+00:00","breadcrumb":{"@id":"https:\/\/www.ogrodolszanica.pl\/index.php\/produkt\/kuklik-nonna\/#breadcrumb"},"inLanguage":"pl-PL","potentialAction":[{"@type":"ReadAction","target":["https:\/\/www.ogrodolszanica.pl\/index.php\/produkt\/kuklik-nonna\/"]}]},{"@type":"BreadcrumbList","@id":"https:\/\/www.ogrodolszanica.pl\/index.php\/produkt\/kuklik-nonna\/#breadcrumb","itemListElement":[{"@type":"ListItem","position":1,"name":"Strona g\u0142\u00f3wna","item":"https:\/\/www.ogrodolszanica.pl\/"},{"@type":"ListItem","position":2,"name":"Produkty","item":"https:\/\/www.ogrodolszanica.pl\/index.php\/shop\/"},{"@type":"ListItem","position":3,"name":"Kuklik Nonna"}]}]}},"jetpack-related-posts":[{"id":4189,"url":"https:\/\/www.ogrodolszanica.pl\/index.php\/produkt\/kuklik-mai-tai\/","url_meta":{"origin":4237,"position":0},"title":"Kuklik Mai Tai","date":"9 marca, 2026","format":false,"excerpt":"Kuklik Mai Tai Kuklik 'Mai Tai' to k\u0119piasta, wieloletnia bylina o niezwyk\u0142ym uroku i wdzi\u0119ku. Posiada soczysto zielone, lekko ow\u0142osione li\u015bcie, kt\u00f3re osadzone s\u0105 na bordowych \u0142ody\u017ckach. Maksymalnie dorasta do oko\u0142o 30-40 cm wysoko\u015bci. Od maja do czerwca szczyty p\u0119d\u00f3w udekorowane s\u0105 \u015blicznymi, p\u00f3\u0142pe\u0142nymi kwiatami o pastelowej, morelowo-\u0142ososiowej barwie. W\u2026","rel":"","context":"Similar post","img":{"alt_text":"","src":"https:\/\/i0.wp.com\/www.ogrodolszanica.pl\/wp-content\/uploads\/2026\/03\/kuklik-mai-tai-geum.jpg?fit=846%2C900&ssl=1&resize=350%2C200","width":350,"height":200},"classes":[]},{"id":2480,"url":"https:\/\/www.ogrodolszanica.pl\/index.php\/produkt\/kuklik-tempest-scarlet\/","url_meta":{"origin":4237,"position":1},"title":"Kuklik Tempest Scarlet","date":"28 sierpnia, 2023","format":false,"excerpt":"Kuklik Tempest Scarlet Kuklik wyr\u00f3\u017cnia si\u0119 kwiatami, kt\u00f3re zwracaj\u0105 si\u0119 ku s\u0142o\u0144cu, lub lekko zwisaj\u0105, tworz\u0105c pi\u0119kne kompozycje ponad zielonymi, mocno powcinanymi li\u015b\u0107mi. Aby wyd\u0142u\u017cy\u0107 okres kwitnienia, zaleca si\u0119 regularne usuwanie przekwit\u0142ych kwiat\u00f3w. Ro\u015blina doskonale nadaje si\u0119 do sadzenia na rabatach, w ogrodach naturalistycznych, w \u0142\u0105kach kwietnych oraz w pojemnikach.\u2026","rel":"","context":"Similar post","img":{"alt_text":"","src":"https:\/\/i0.wp.com\/www.ogrodolszanica.pl\/wp-content\/uploads\/2023\/08\/Kuklik-Tempest-Scarlet-scaled.jpg?fit=904%2C1200&ssl=1&resize=350%2C200","width":350,"height":200},"classes":[]},{"id":2477,"url":"https:\/\/www.ogrodolszanica.pl\/index.php\/produkt\/kuklik-golden-joy\/","url_meta":{"origin":4237,"position":2},"title":"Kuklik Golden Joy","date":"28 sierpnia, 2023","format":false,"excerpt":"Kuklik Golden Joy Odmiana charakteryzuj\u0105ca si\u0119 obfito\u015bci\u0105 kwiat\u00f3w. W maju kiedy nie kwitnie zbyt wiele bylin, ten Kuklik przyci\u0105ga wzrok na obwodzie rabaty. Istotna odmiana dla pszcz\u00f3\u0142. Do uprawy w donicach 2-3L, bardzo zwarty pokr\u00f3j, kr\u00f3tkie \u0142odygi, zdrowe li\u015bcie. Rodzaj:\u00a0kuklik Stanowisko:\u00a0s\u0142oneczne\u00a0\u2600\ufe0f,\u00a0p\u00f3\u0142cieniste Podlewanie:\u00a0przeci\u0119tne Barwa kwiatu:\u00a0\u017c\u00f3\u0142ta Barwa li\u015bci:\u00a0zielone Szeroko\u015b\u0107 \u2b05\ufe0f\u27a1\ufe0f:\u00a025-35 cm Wysoko\u015b\u0107\u2026","rel":"","context":"Similar post","img":{"alt_text":"","src":"https:\/\/i0.wp.com\/www.ogrodolszanica.pl\/wp-content\/uploads\/2023\/08\/Kuklik-Golden-Joy-scaled.jpg?fit=904%2C1200&ssl=1&resize=350%2C200","width":350,"height":200},"classes":[]},{"id":3235,"url":"https:\/\/www.ogrodolszanica.pl\/index.php\/produkt\/kuklik-mango-lassi\/","url_meta":{"origin":4237,"position":3},"title":"Kuklik Mango Lassi","date":"23 lutego, 2026","format":false,"excerpt":"Kuklik Mango Lassi 'Kuklik 'Mango Lassi' to niezwykle atrakcyjna bylina, kt\u00f3ra oczarowuje swoimi kwiatami o nietypowym, ciep\u0142ym odcieniu mango. Jest idealnym wyborem dla os\u00f3b pragn\u0105cych wprowadzi\u0107 intensywne barwy do swojego ogrodu lub na taras, nadaj\u0105c przestrzeni przyjemny, tropikalny klimat. Oferowana odmiana wyr\u00f3\u017cnia si\u0119 nie tylko kolorem, ale r\u00f3wnie\u017c d\u0142ugim okresem\u2026","rel":"","context":"Similar post","img":{"alt_text":"","src":"https:\/\/i0.wp.com\/www.ogrodolszanica.pl\/wp-content\/uploads\/2026\/02\/Kuklik-Mango-Lassi-v1-scaled.jpg?fit=904%2C1200&ssl=1&resize=350%2C200","width":350,"height":200},"classes":[]},{"id":2474,"url":"https:\/\/www.ogrodolszanica.pl\/index.php\/produkt\/kuklik-pink-petticoats\/","url_meta":{"origin":4237,"position":4},"title":"Kuklik Pink Petticoats","date":"28 sierpnia, 2023","format":false,"excerpt":"Kuklik Pink Petticoats Odmiana pochodz\u0105ca z Polski. Charakteryzuje si\u0119 mocno wyprostowanymi \u0142odygami i obfitym kwitnieniem. Kwitnie w maju i skutecznie przyci\u0105gnie wzrok szczeg\u00f3lnie kiedy znajdzie si\u0119 na skraju rabaty.Bardzo wa\u017cna ro\u015blina dla pszcz\u00f3\u0142 w okresie, w kt\u00f3rym jeszcze niewiele ro\u015blin kwitnie. rodzaj: Kuklik barwa: Ciemnor\u00f3\u017cowa szeroko\u015b\u0107: 30\u00a0cm wysoko\u015b\u0107: 25\u00a0cm wysoko\u015b\u0107\u2026","rel":"","context":"Similar post","img":{"alt_text":"","src":"https:\/\/i0.wp.com\/www.ogrodolszanica.pl\/wp-content\/uploads\/2023\/08\/byliny-i-trawy_geum-kuklik_74863_3.jpg?fit=434%2C650&ssl=1&resize=350%2C200","width":350,"height":200},"classes":[]},{"id":4196,"url":"https:\/\/www.ogrodolszanica.pl\/index.php\/produkt\/gozdzik-ogrodowy-strawberry-eyes\/","url_meta":{"origin":4237,"position":5},"title":"Go\u017adzik Ogrodowy Strawberry Eyes","date":"10 marca, 2026","format":false,"excerpt":"Go\u017adzik Strawberry Eyes Dianthus Go\u017adzik 'Strawberry Eyes' czaruje przepi\u0119knymi, falbaniastymi kwiatami o malowniczym, kontrastowym ubarwieniu -po\u0142\u0105czenie wyrazistego karminu oraz subtelnego, pastelowego r\u00f3\u017cu prezentuje si\u0119 ob\u0142\u0119dnie i zdecydowanie przyci\u0105ga spojrzenia! Ro\u015blina docelowo osi\u0105ga oko\u0142o 15-25 cm wysoko\u015bci. Formuje g\u0119ste, roz\u0142o\u017cyste poduchy charakterystycznych, w\u0105skich, wyd\u0142u\u017conych li\u015bci w ch\u0142odnym, srebrzysto-zielonym kolorze. Go\u017adzik 'Strawberry\u2026","rel":"","context":"Similar post","img":{"alt_text":"","src":"https:\/\/i0.wp.com\/www.ogrodolszanica.pl\/wp-content\/uploads\/2026\/03\/gozdzik-strawberry-eyes-dianthus.jpg?fit=846%2C900&ssl=1&resize=350%2C200","width":350,"height":200},"classes":[]}],"_links":{"self":[{"href":"https:\/\/www.ogrodolszanica.pl\/index.php\/wp-json\/wp\/v2\/product\/4237","targetHints":{"allow":["GET"]}}],"collection":[{"href":"https:\/\/www.ogrodolszanica.pl\/index.php\/wp-json\/wp\/v2\/product"}],"about":[{"href":"https:\/\/www.ogrodolszanica.pl\/index.php\/wp-json\/wp\/v2\/types\/product"}],"replies":[{"embeddable":true,"href":"https:\/\/www.ogrodolszanica.pl\/index.php\/wp-json\/wp\/v2\/comments?post=4237"}],"wp:featuredmedia":[{"embeddable":true,"href":"https:\/\/www.ogrodolszanica.pl\/index.php\/wp-json\/wp\/v2\/media\/4238"}],"wp:attachment":[{"href":"https:\/\/www.ogrodolszanica.pl\/index.php\/wp-json\/wp\/v2\/media?parent=4237"}],"wp:term":[{"taxonomy":"product_cat","embeddable":true,"href":"https:\/\/www.ogrodolszanica.pl\/index.php\/wp-json\/wp\/v2\/product_cat?post=4237"},{"taxonomy":"product_tag","embeddable":true,"href":"https:\/\/www.ogrodolszanica.pl\/index.php\/wp-json\/wp\/v2\/product_tag?post=4237"}],"curies":[{"name":"wp","href":"https:\/\/api.w.org\/{rel}","templated":true}]}}