{"id":4165,"date":"2026-03-08T20:21:47","date_gmt":"2026-03-08T20:21:47","guid":{"rendered":"https:\/\/www.ogrodolszanica.pl\/?post_type=product&#038;p=4165"},"modified":"2026-03-08T20:21:47","modified_gmt":"2026-03-08T20:21:47","slug":"siatka-cieniujaco-oslonowa-90-2x50m-135g-szara","status":"publish","type":"product","link":"https:\/\/www.ogrodolszanica.pl\/index.php\/produkt\/siatka-cieniujaco-oslonowa-90-2x50m-135g-szara\/","title":{"rendered":"Siatka cieniuj\u0105co-os\u0142onowa 90%, 2x50m, 135g &#8211; szara"},"content":{"rendered":"<div class=\"mpof_ki myre_zn myre_8v_l m389_6m_l\">\n<div class=\"mp4t_16_s mryx_16_s mr3m_1 mli2_1 mh85_56 mh85_0_l\">\n<div class=\"mgn2_16 _0d3bd_am0a-\">\n<h1>Siatka cieniuj\u0105co-os\u0142onowa<\/h1>\n<p>Zacienienie: 90%Gramatura: 135g\/m\u00b2 W\u0142a\u015bciwo\u015bci:\u2022 tworzy skuteczn\u0105 ochron\u0119 upraw przed nadmiernym nas\u0142onecznieniem\u2022 zapewnia optymaln\u0105 wentylacj\u0119 i temperatur\u0119\u2022 chroni przed niekorzystnymi warunkami atmosferycznymi, takimi jak wiatr, grad\u2022 oczka umieszczone na obrze\u017cach siatki u\u0142atwiaj\u0105 monta\u017c. Zastosowanie:\u2022 w szk\u00f3\u0142karstwie, ogrodnictwie, le\u015bnictwie i szklarniach\u2022 os\u0142ona taras\u00f3w, balkon\u00f3w, ogrodze\u0144 teren\u00f3w rekreacyjnych i sportowych.<\/p>\n<p>Odno\u015bnik do rekomendowanych ta\u015bm monta\u017cowych: ***ta\u015bmy kablowe*** Odno\u015bnik do rekomendowanych klips\u00f3w monta\u017cowych: ***BUNGEE CORD CLIPS***<\/p>\n<\/div>\n<\/div>\n<div class=\"mp4t_16_s mryx_16_s mr3m_1 mli2_1 mh85_56 mh85_0_l\">\n<div class=\"mg9e_8 mj7a_8 mg9e_0_s mvrt_0_s mj7a_0_s mh36_0_s mzmg_6m munh_16_l m3h2_16_l\">\n<div class=\"mp4t_0 mryx_0 munh_56 m3h2_56\">\n<div class=\"mp7g_oh\"><button class=\"mg9e_0 mvrt_0 mj7a_0 mh36_0 mp4t_0 m3h2_0 mryx_0 munh_0 mqen_m6 mpof_z0 mx7m_0 m7er_k4 mse2_k4 msts_pt\" data-analytics-interaction=\"true\" data-analytics-interaction-label=\"zoomable-image-open\" aria-disabled=\"true\"><img decoding=\"async\" class=\"msub_k4 mupj_5k mjru_k4 mse2_k4 mp7g_f6 mq1m_0 mj7u_0 m7er_k4 mqen_m6 m31c_d8 m0ux_fp lazyloaded\" src=\"https:\/\/a.allegroimg.com\/original\/11cfce\/f23cb56c4b3b9c297b1d54c70145\/Siatka-cieniujaco-oslonowa-90-2x50m-135g-szara\" sizes=\"(min-width: 1200px) 560px, (min-width: 992px) 50vw, 100vw\" srcset=\"https:\/\/a.allegroimg.com\/s360\/11cfce\/f23cb56c4b3b9c297b1d54c70145\/Siatka-cieniujaco-oslonowa-90-2x50m-135g-szara 360w,https:\/\/a.allegroimg.com\/s720\/11cfce\/f23cb56c4b3b9c297b1d54c70145\/Siatka-cieniujaco-oslonowa-90-2x50m-135g-szara 720w,https:\/\/a.allegroimg.com\/s1024\/11cfce\/f23cb56c4b3b9c297b1d54c70145\/Siatka-cieniujaco-oslonowa-90-2x50m-135g-szara 1000w,https:\/\/a.allegroimg.com\/original\/11cfce\/f23cb56c4b3b9c297b1d54c70145\/Siatka-cieniujaco-oslonowa-90-2x50m-135g-szara 1000w\" alt=\"Siatka cieniuj\u0105co-os\u0142onowa 90%, 2x50m, 135g - szara\" width=\"1000px\" data-srcset=\"\" \/><\/button><\/div>\n<\/div>\n<\/div>\n<\/div>\n<\/div>\n<div class=\"mpof_ki myre_zn myre_8v_l m389_6m_l\">\n<div class=\"mp4t_16_s mryx_16_s mr3m_1 mli2_1 mh85_56 mh85_0_l\">\n<div class=\"mg9e_8 mj7a_8 mg9e_0_s mvrt_0_s mj7a_0_s mh36_0_s mzmg_6m munh_16_l m3h2_16_l\">\n<div class=\"mp4t_0 mryx_0 munh_56 m3h2_56\">\n<div class=\"mp7g_oh\"><button class=\"mg9e_0 mvrt_0 mj7a_0 mh36_0 mp4t_0 m3h2_0 mryx_0 munh_0 mqen_m6 mpof_z0 mx7m_0 m7er_k4 mse2_k4 msts_pt\" data-analytics-interaction=\"true\" data-analytics-interaction-label=\"zoomable-image-open\" aria-disabled=\"true\"><img decoding=\"async\" class=\"msub_k4 mupj_5k mjru_k4 mse2_k4 mp7g_f6 mq1m_0 mj7u_0 m7er_k4 mqen_m6 m31c_d8 m0ux_fp lazyloaded\" src=\"https:\/\/a.allegroimg.com\/original\/116a49\/301b113349e0a921105482c000c3\" sizes=\"100vw\" srcset=\"https:\/\/a.allegroimg.com\/s360\/116a49\/301b113349e0a921105482c000c3 360w,https:\/\/a.allegroimg.com\/s720\/116a49\/301b113349e0a921105482c000c3 720w,https:\/\/a.allegroimg.com\/s1024\/116a49\/301b113349e0a921105482c000c3 1000w,https:\/\/a.allegroimg.com\/original\/116a49\/301b113349e0a921105482c000c3 1000w\" alt=\"\" width=\"1000px\" data-srcset=\"\" \/><\/button><\/div>\n<\/div>\n<\/div>\n<\/div>\n<\/div>\n","protected":false},"excerpt":{"rendered":"<p>Siatka cieniuj\u0105co-os\u0142onowa Zacienienie: 90%Gramatura: 135g\/m\u00b2 W\u0142a\u015bciwo\u015bci:\u2022 tworzy skuteczn\u0105 ochron\u0119 upraw przed nadmiernym nas\u0142onecznieniem\u2022 zapewnia optymaln\u0105 wentylacj\u0119 i temperatur\u0119\u2022 chroni przed niekorzystnymi warunkami atmosferycznymi, takimi jak wiatr, grad\u2022 oczka umieszczone na obrze\u017cach siatki u\u0142atwiaj\u0105 monta\u017c. Zastosowanie:\u2022 w szk\u00f3\u0142karstwie, ogrodnictwie, le\u015bnictwie i szklarniach\u2022 os\u0142ona taras\u00f3w, balkon\u00f3w, ogrodze\u0144 teren\u00f3w rekreacyjnych i sportowych. Odno\u015bnik do rekomendowanych ta\u015bm monta\u017cowych: ***ta\u015bmy &hellip;<\/p>\n<p class=\"read-more\"> <a class=\"\" href=\"https:\/\/www.ogrodolszanica.pl\/index.php\/produkt\/siatka-cieniujaco-oslonowa-90-2x50m-135g-szara\/\"> <span class=\"screen-reader-text\">Siatka cieniuj\u0105co-os\u0142onowa 90%, 2x50m, 135g &#8211; szara<\/span> Read More &raquo;<\/a><\/p>\n","protected":false},"featured_media":4166,"comment_status":"open","ping_status":"closed","template":"","meta":{"site-sidebar-layout":"default","site-content-layout":"default","ast-global-header-display":"","ast-main-header-display":"","ast-hfb-above-header-display":"","ast-hfb-below-header-display":"","ast-hfb-mobile-header-display":"","site-post-title":"","ast-breadcrumbs-content":"","ast-featured-img":"","footer-sml-layout":"","theme-transparent-header-meta":"default","adv-header-id-meta":"","stick-header-meta":"","header-above-stick-meta":"","header-main-stick-meta":"","header-below-stick-meta":"","spay_email":""},"product_cat":[51],"product_tag":[],"class_list":["post-4165","product","type-product","status-publish","has-post-thumbnail","hentry","product_cat-tasmy-i-druty-ogrodnicze"],"yoast_head":"<!-- This site is optimized with the Yoast SEO plugin v19.2 - https:\/\/yoast.com\/wordpress\/plugins\/seo\/ -->\n<title>Siatka cieniuj\u0105co-os\u0142onowa 90%, 2x50m, 135g - szara - Ogr&oacute;d Olszanica<\/title>\n<meta name=\"robots\" content=\"index, follow, max-snippet:-1, max-image-preview:large, max-video-preview:-1\" \/>\n<link rel=\"canonical\" href=\"https:\/\/www.ogrodolszanica.pl\/index.php\/produkt\/siatka-cieniujaco-oslonowa-90-2x50m-135g-szara\/\" \/>\n<meta property=\"og:locale\" content=\"pl_PL\" \/>\n<meta property=\"og:type\" content=\"article\" \/>\n<meta property=\"og:title\" content=\"Siatka cieniuj\u0105co-os\u0142onowa 90%, 2x50m, 135g - szara - Ogr&oacute;d Olszanica\" \/>\n<meta property=\"og:description\" content=\"Siatka cieniuj\u0105co-os\u0142onowa Zacienienie: 90%Gramatura: 135g\/m\u00b2 W\u0142a\u015bciwo\u015bci:\u2022 tworzy skuteczn\u0105 ochron\u0119 upraw przed nadmiernym nas\u0142onecznieniem\u2022 zapewnia optymaln\u0105 wentylacj\u0119 i temperatur\u0119\u2022 chroni przed niekorzystnymi warunkami atmosferycznymi, takimi jak wiatr, grad\u2022 oczka umieszczone na obrze\u017cach siatki u\u0142atwiaj\u0105 monta\u017c. Zastosowanie:\u2022 w szk\u00f3\u0142karstwie, ogrodnictwie, le\u015bnictwie i szklarniach\u2022 os\u0142ona taras\u00f3w, balkon\u00f3w, ogrodze\u0144 teren\u00f3w rekreacyjnych i sportowych. Odno\u015bnik do rekomendowanych ta\u015bm monta\u017cowych: ***ta\u015bmy &hellip; Siatka cieniuj\u0105co-os\u0142onowa 90%, 2x50m, 135g &#8211; szara Read More &raquo;\" \/>\n<meta property=\"og:url\" content=\"https:\/\/www.ogrodolszanica.pl\/index.php\/produkt\/siatka-cieniujaco-oslonowa-90-2x50m-135g-szara\/\" \/>\n<meta property=\"og:site_name\" content=\"Ogr&oacute;d Olszanica\" \/>\n<meta property=\"article:publisher\" content=\"https:\/\/www.facebook.com\/Ogrd-Olszanica-100807179225223\" \/>\n<meta property=\"og:image\" content=\"https:\/\/www.ogrodolszanica.pl\/wp-content\/uploads\/2026\/03\/siatka-cieniujaco-oslonowa-55-2x50m-60g-szara-1.jpg\" \/>\n\t<meta property=\"og:image:width\" content=\"1000\" \/>\n\t<meta property=\"og:image:height\" content=\"1000\" \/>\n\t<meta property=\"og:image:type\" content=\"image\/jpeg\" \/>\n<meta name=\"author\" content=\"admin\" \/>\n<meta name=\"twitter:card\" content=\"summary_large_image\" \/>\n<script type=\"application\/ld+json\" class=\"yoast-schema-graph\">{\"@context\":\"https:\/\/schema.org\",\"@graph\":[{\"@type\":\"Organization\",\"@id\":\"https:\/\/www.ogrodolszanica.pl\/#organization\",\"name\":\"Ogr\u00f3d Olszanica - Krakowskie Centrum Ogrodnicze\",\"url\":\"https:\/\/www.ogrodolszanica.pl\/\",\"sameAs\":[\"https:\/\/www.facebook.com\/Ogrd-Olszanica-100807179225223\"],\"logo\":{\"@type\":\"ImageObject\",\"inLanguage\":\"pl-PL\",\"@id\":\"https:\/\/www.ogrodolszanica.pl\/#\/schema\/logo\/image\/\",\"url\":\"http:\/\/www.ogrodolszanica.pl\/wp-content\/uploads\/2022\/06\/Ogrod-Olszanica1-1.png\",\"contentUrl\":\"http:\/\/www.ogrodolszanica.pl\/wp-content\/uploads\/2022\/06\/Ogrod-Olszanica1-1.png\",\"width\":180,\"height\":60,\"caption\":\"Ogr\u00f3d Olszanica - Krakowskie Centrum Ogrodnicze\"},\"image\":{\"@id\":\"https:\/\/www.ogrodolszanica.pl\/#\/schema\/logo\/image\/\"}},{\"@type\":\"WebSite\",\"@id\":\"https:\/\/www.ogrodolszanica.pl\/#website\",\"url\":\"https:\/\/www.ogrodolszanica.pl\/\",\"name\":\"Ogr&oacute;d Olszanica\",\"description\":\"Centrum Ogrodnicze Krak&oacute;w\",\"publisher\":{\"@id\":\"https:\/\/www.ogrodolszanica.pl\/#organization\"},\"potentialAction\":[{\"@type\":\"SearchAction\",\"target\":{\"@type\":\"EntryPoint\",\"urlTemplate\":\"https:\/\/www.ogrodolszanica.pl\/?s={search_term_string}\"},\"query-input\":\"required name=search_term_string\"}],\"inLanguage\":\"pl-PL\"},{\"@type\":\"ImageObject\",\"inLanguage\":\"pl-PL\",\"@id\":\"https:\/\/www.ogrodolszanica.pl\/index.php\/produkt\/siatka-cieniujaco-oslonowa-90-2x50m-135g-szara\/#primaryimage\",\"url\":\"https:\/\/i0.wp.com\/www.ogrodolszanica.pl\/wp-content\/uploads\/2026\/03\/siatka-cieniujaco-oslonowa-55-2x50m-60g-szara-1.jpg?fit=1000%2C1000&ssl=1\",\"contentUrl\":\"https:\/\/i0.wp.com\/www.ogrodolszanica.pl\/wp-content\/uploads\/2026\/03\/siatka-cieniujaco-oslonowa-55-2x50m-60g-szara-1.jpg?fit=1000%2C1000&ssl=1\",\"width\":1000,\"height\":1000},{\"@type\":\"WebPage\",\"@id\":\"https:\/\/www.ogrodolszanica.pl\/index.php\/produkt\/siatka-cieniujaco-oslonowa-90-2x50m-135g-szara\/#webpage\",\"url\":\"https:\/\/www.ogrodolszanica.pl\/index.php\/produkt\/siatka-cieniujaco-oslonowa-90-2x50m-135g-szara\/\",\"name\":\"Siatka cieniuj\u0105co-os\u0142onowa 90%, 2x50m, 135g - szara - Ogr&oacute;d Olszanica\",\"isPartOf\":{\"@id\":\"https:\/\/www.ogrodolszanica.pl\/#website\"},\"primaryImageOfPage\":{\"@id\":\"https:\/\/www.ogrodolszanica.pl\/index.php\/produkt\/siatka-cieniujaco-oslonowa-90-2x50m-135g-szara\/#primaryimage\"},\"datePublished\":\"2026-03-08T20:21:47+00:00\",\"dateModified\":\"2026-03-08T20:21:47+00:00\",\"breadcrumb\":{\"@id\":\"https:\/\/www.ogrodolszanica.pl\/index.php\/produkt\/siatka-cieniujaco-oslonowa-90-2x50m-135g-szara\/#breadcrumb\"},\"inLanguage\":\"pl-PL\",\"potentialAction\":[{\"@type\":\"ReadAction\",\"target\":[\"https:\/\/www.ogrodolszanica.pl\/index.php\/produkt\/siatka-cieniujaco-oslonowa-90-2x50m-135g-szara\/\"]}]},{\"@type\":\"BreadcrumbList\",\"@id\":\"https:\/\/www.ogrodolszanica.pl\/index.php\/produkt\/siatka-cieniujaco-oslonowa-90-2x50m-135g-szara\/#breadcrumb\",\"itemListElement\":[{\"@type\":\"ListItem\",\"position\":1,\"name\":\"Strona g\u0142\u00f3wna\",\"item\":\"https:\/\/www.ogrodolszanica.pl\/\"},{\"@type\":\"ListItem\",\"position\":2,\"name\":\"Produkty\",\"item\":\"https:\/\/www.ogrodolszanica.pl\/index.php\/shop\/\"},{\"@type\":\"ListItem\",\"position\":3,\"name\":\"Siatka cieniuj\u0105co-os\u0142onowa 90%, 2x50m, 135g &#8211; szara\"}]}]}<\/script>\n<!-- \/ Yoast SEO plugin. -->","yoast_head_json":{"title":"Siatka cieniuj\u0105co-os\u0142onowa 90%, 2x50m, 135g - szara - Ogr&oacute;d Olszanica","robots":{"index":"index","follow":"follow","max-snippet":"max-snippet:-1","max-image-preview":"max-image-preview:large","max-video-preview":"max-video-preview:-1"},"canonical":"https:\/\/www.ogrodolszanica.pl\/index.php\/produkt\/siatka-cieniujaco-oslonowa-90-2x50m-135g-szara\/","og_locale":"pl_PL","og_type":"article","og_title":"Siatka cieniuj\u0105co-os\u0142onowa 90%, 2x50m, 135g - szara - Ogr&oacute;d Olszanica","og_description":"Siatka cieniuj\u0105co-os\u0142onowa Zacienienie: 90%Gramatura: 135g\/m\u00b2 W\u0142a\u015bciwo\u015bci:\u2022 tworzy skuteczn\u0105 ochron\u0119 upraw przed nadmiernym nas\u0142onecznieniem\u2022 zapewnia optymaln\u0105 wentylacj\u0119 i temperatur\u0119\u2022 chroni przed niekorzystnymi warunkami atmosferycznymi, takimi jak wiatr, grad\u2022 oczka umieszczone na obrze\u017cach siatki u\u0142atwiaj\u0105 monta\u017c. Zastosowanie:\u2022 w szk\u00f3\u0142karstwie, ogrodnictwie, le\u015bnictwie i szklarniach\u2022 os\u0142ona taras\u00f3w, balkon\u00f3w, ogrodze\u0144 teren\u00f3w rekreacyjnych i sportowych. Odno\u015bnik do rekomendowanych ta\u015bm monta\u017cowych: ***ta\u015bmy &hellip; Siatka cieniuj\u0105co-os\u0142onowa 90%, 2x50m, 135g &#8211; szara Read More &raquo;","og_url":"https:\/\/www.ogrodolszanica.pl\/index.php\/produkt\/siatka-cieniujaco-oslonowa-90-2x50m-135g-szara\/","og_site_name":"Ogr&oacute;d Olszanica","article_publisher":"https:\/\/www.facebook.com\/Ogrd-Olszanica-100807179225223","og_image":[{"width":1000,"height":1000,"url":"https:\/\/www.ogrodolszanica.pl\/wp-content\/uploads\/2026\/03\/siatka-cieniujaco-oslonowa-55-2x50m-60g-szara-1.jpg","type":"image\/jpeg"}],"author":"admin","twitter_card":"summary_large_image","schema":{"@context":"https:\/\/schema.org","@graph":[{"@type":"Organization","@id":"https:\/\/www.ogrodolszanica.pl\/#organization","name":"Ogr\u00f3d Olszanica - Krakowskie Centrum Ogrodnicze","url":"https:\/\/www.ogrodolszanica.pl\/","sameAs":["https:\/\/www.facebook.com\/Ogrd-Olszanica-100807179225223"],"logo":{"@type":"ImageObject","inLanguage":"pl-PL","@id":"https:\/\/www.ogrodolszanica.pl\/#\/schema\/logo\/image\/","url":"http:\/\/www.ogrodolszanica.pl\/wp-content\/uploads\/2022\/06\/Ogrod-Olszanica1-1.png","contentUrl":"http:\/\/www.ogrodolszanica.pl\/wp-content\/uploads\/2022\/06\/Ogrod-Olszanica1-1.png","width":180,"height":60,"caption":"Ogr\u00f3d Olszanica - Krakowskie Centrum Ogrodnicze"},"image":{"@id":"https:\/\/www.ogrodolszanica.pl\/#\/schema\/logo\/image\/"}},{"@type":"WebSite","@id":"https:\/\/www.ogrodolszanica.pl\/#website","url":"https:\/\/www.ogrodolszanica.pl\/","name":"Ogr&oacute;d Olszanica","description":"Centrum Ogrodnicze Krak&oacute;w","publisher":{"@id":"https:\/\/www.ogrodolszanica.pl\/#organization"},"potentialAction":[{"@type":"SearchAction","target":{"@type":"EntryPoint","urlTemplate":"https:\/\/www.ogrodolszanica.pl\/?s={search_term_string}"},"query-input":"required name=search_term_string"}],"inLanguage":"pl-PL"},{"@type":"ImageObject","inLanguage":"pl-PL","@id":"https:\/\/www.ogrodolszanica.pl\/index.php\/produkt\/siatka-cieniujaco-oslonowa-90-2x50m-135g-szara\/#primaryimage","url":"https:\/\/i0.wp.com\/www.ogrodolszanica.pl\/wp-content\/uploads\/2026\/03\/siatka-cieniujaco-oslonowa-55-2x50m-60g-szara-1.jpg?fit=1000%2C1000&ssl=1","contentUrl":"https:\/\/i0.wp.com\/www.ogrodolszanica.pl\/wp-content\/uploads\/2026\/03\/siatka-cieniujaco-oslonowa-55-2x50m-60g-szara-1.jpg?fit=1000%2C1000&ssl=1","width":1000,"height":1000},{"@type":"WebPage","@id":"https:\/\/www.ogrodolszanica.pl\/index.php\/produkt\/siatka-cieniujaco-oslonowa-90-2x50m-135g-szara\/#webpage","url":"https:\/\/www.ogrodolszanica.pl\/index.php\/produkt\/siatka-cieniujaco-oslonowa-90-2x50m-135g-szara\/","name":"Siatka cieniuj\u0105co-os\u0142onowa 90%, 2x50m, 135g - szara - Ogr&oacute;d Olszanica","isPartOf":{"@id":"https:\/\/www.ogrodolszanica.pl\/#website"},"primaryImageOfPage":{"@id":"https:\/\/www.ogrodolszanica.pl\/index.php\/produkt\/siatka-cieniujaco-oslonowa-90-2x50m-135g-szara\/#primaryimage"},"datePublished":"2026-03-08T20:21:47+00:00","dateModified":"2026-03-08T20:21:47+00:00","breadcrumb":{"@id":"https:\/\/www.ogrodolszanica.pl\/index.php\/produkt\/siatka-cieniujaco-oslonowa-90-2x50m-135g-szara\/#breadcrumb"},"inLanguage":"pl-PL","potentialAction":[{"@type":"ReadAction","target":["https:\/\/www.ogrodolszanica.pl\/index.php\/produkt\/siatka-cieniujaco-oslonowa-90-2x50m-135g-szara\/"]}]},{"@type":"BreadcrumbList","@id":"https:\/\/www.ogrodolszanica.pl\/index.php\/produkt\/siatka-cieniujaco-oslonowa-90-2x50m-135g-szara\/#breadcrumb","itemListElement":[{"@type":"ListItem","position":1,"name":"Strona g\u0142\u00f3wna","item":"https:\/\/www.ogrodolszanica.pl\/"},{"@type":"ListItem","position":2,"name":"Produkty","item":"https:\/\/www.ogrodolszanica.pl\/index.php\/shop\/"},{"@type":"ListItem","position":3,"name":"Siatka cieniuj\u0105co-os\u0142onowa 90%, 2x50m, 135g &#8211; szara"}]}]}},"jetpack-related-posts":[{"id":1883,"url":"https:\/\/www.ogrodolszanica.pl\/index.php\/produkt\/bluszcz-pospolity\/","url_meta":{"origin":4165,"position":0},"title":"Bluszcz Pospolity","date":"24 lipca, 2022","format":false,"excerpt":"Bluszcz Pospolity Bluszcz pospolity jest d\u0142ugowiecznym, zimozielonym krajowym pn\u0105czem.\u00a0 Bluszcz pospolity ro\u015bnie szybko, ukorzeniaj\u0105c si\u0119 wzd\u0142u\u017c p\u0119d\u00f3w le\u017c\u0105cych na ziemi.\u00a0Samochwytne, p\u0142o\u017c\u0105ce p\u0119dy ro\u015bliny dorastaj\u0105 do 20 m. Bluszcz ma charakterystyczne w\u0142oski, kt\u00f3re sprawiaj\u0105, \u017ce m\u0142ode przyrosty maj\u0105 szaraw\u0105 barw\u0119. Na starszych egzemplarzach spotka\u0107 mo\u017cna tak\u017ce zwisaj\u0105ce ga\u0142\u0119zie. Ozdobn\u0105 cz\u0119\u015bci\u0105 ro\u015bliny\u2026","rel":"","context":"Similar post","img":{"alt_text":"","src":"https:\/\/i0.wp.com\/www.ogrodolszanica.pl\/wp-content\/uploads\/2022\/07\/290609904_1699713250403978_1176088901609490555_n.jpg?fit=900%2C1200&ssl=1&resize=350%2C200","width":350,"height":200},"classes":[]},{"id":1834,"url":"https:\/\/www.ogrodolszanica.pl\/index.php\/produkt\/ostrozka-magic-fontain-skay-blue\/","url_meta":{"origin":4165,"position":1},"title":"Ostr\u00f3\u017cka Magic Fountain Sky Blue","date":"22 lipca, 2022","format":false,"excerpt":"Ostr\u00f3\u017cka Magic Fountain Sky Blue Ostr\u00f3\u017cka Magic Fountain Sky Blue to wspania\u0142a, okaza\u0142a bylina wieloletnia. Ta ostr\u00f3\u017cka kwitnie latem. Odmiana Magic Fountain Sky Blue ma kwiaty koloru b\u0142\u0119kitnego. Kwiatostan ostr\u00f3\u017cek jest jednym z najokazalszych ze wszystkich bylin - potrafi osi\u0105gn\u0105\u0107 nawet 40 cm i jest zebrany w grona na d\u0142ugich\u2026","rel":"","context":"Similar post","img":{"alt_text":"","src":"https:\/\/i0.wp.com\/www.ogrodolszanica.pl\/wp-content\/uploads\/2022\/07\/294146283_1491462404626037_2922755438388946518_n.jpg?fit=898%2C1200&ssl=1&resize=350%2C200","width":350,"height":200},"classes":[]},{"id":1738,"url":"https:\/\/www.ogrodolszanica.pl\/index.php\/produkt\/rozplenica-japonska-pennisetum-alopecuriodes\/","url_meta":{"origin":4165,"position":2},"title":"Rozplenica Japo\u0144ska Pennisetum Alopecuriodes","date":"18 lipca, 2022","format":false,"excerpt":"Rozplenica Japo\u0144ska Pennisetum Alopecuriodes Ozdobna trawa tworz\u0105ca g\u0119ste k\u0119py, wysoko\u015bci do 100 cm. Li\u015bcie w\u0105skie, ow\u0142osione. Kwiatostany w\u0105sko lancetowate, \u017c\u00f3\u0142tawe, br\u0105zowawe lub ciemnopurpurowe z rozstrzelonymi o\u015b\u0107mi. Wymaga ciep\u0142ych, cienistych miejsc, os\u0142oni\u0119tych przed silnymi wiatrami. Konieczne jest zabezpieczenie przed mrozem na czas zimy. Obumar\u0142e li\u015bcie \u015bcina si\u0119 dopiero wiosn\u0105. Rodzaj: Rozplenica\u2026","rel":"","context":"Similar post","img":{"alt_text":"","src":"https:\/\/i0.wp.com\/www.ogrodolszanica.pl\/wp-content\/uploads\/2022\/07\/byliny-i-trawy_pennisetum-rozplenica_74115_1.jpg?fit=650%2C650&ssl=1&resize=350%2C200","width":350,"height":200},"classes":[]},{"id":4140,"url":"https:\/\/www.ogrodolszanica.pl\/index.php\/produkt\/tasma-do-wiazania-mocowania-stabilizacji-roslin-25mmx25m-tyts2525-bk\/","url_meta":{"origin":4165,"position":3},"title":"TA\u015aMA DO WI\u0104ZANIA MOCOWANIA STABILIZACJI RO\u015aLIN 25mmx25m TYTS2525\/BK","date":"8 marca, 2026","format":false,"excerpt":"MOCNA TA\u015aMA DO WI\u0104ZANIA, PALIKOWANIA DRZEW ORAZ RO\u015aLIN TYTS2525\/BK Ta\u015bma do stabilizacji drzew TREE SUPPORT 25 mm x 25 m Dane techniczne: \u00b7 Materia\u0142: Polipropylen \u00b7 Szeroko\u015b\u0107: 25 mm \u00b7 D\u0142ugo\u015b\u0107: 25 m \u00b7 Kolor: czarny \u00b7 Rodzaj opakowania: worek termokurczliwy z naklejk\u0105 Cechy produktu: \u00b7 Elastyczna i wytrzyma\u0142a \u00b7\u2026","rel":"","context":"Similar post","img":{"alt_text":"","src":"https:\/\/i0.wp.com\/www.ogrodolszanica.pl\/wp-content\/uploads\/2026\/03\/images-4.jpg?fit=225%2C225&ssl=1&resize=350%2C200","width":350,"height":200},"classes":[]},{"id":3200,"url":"https:\/\/www.ogrodolszanica.pl\/index.php\/produkt\/waz-ogrodowy-wzmacniany-verkatto-v-plus-1-2-50-m\/","url_meta":{"origin":4165,"position":4},"title":"W\u0105\u017c ogrodowy wzmacniany Verkatto V-Plus 1\/2&#8243; 50 m","date":"23 lutego, 2026","format":false,"excerpt":"W\u0105\u017c ogrodowy wzmacniany Verkatto V-Plus 1\/2\" 50 m VR-7384 Charakterystyka produktu : \u2013 w\u0105\u017c posiada 5 warstw 1.\u00a0Bia\u0142a dusza 2.\u00a0Oplot krzy\u017cowy z prz\u0119dzy poliestrowej 3.\u00a0Po\u015brednia warstwa w czarnym kolorze 4.\u00a0Trykotowy oplot z prz\u0119dzy poliestrowej 5.\u00a0Pogrubiona oblewka srebrno-czarno-bia\u0142a \u2013 specjalny system\u00a0ANTI KINK\u00a0zabezpieczaj\u0105cy w\u0105\u017c przed skr\u0119caniem\/za\u0142amaniem i powstawaniem s\u0142up\u00f3w \u2013 przeznaczony do\u2026","rel":"","context":"Similar post","img":{"alt_text":"","src":"https:\/\/i0.wp.com\/www.ogrodolszanica.pl\/wp-content\/uploads\/2026\/02\/waz-ogrodowy-wzmacniany-1.2-50m-VR-7384-scaled.jpg?fit=1200%2C1028&ssl=1&resize=350%2C200","width":350,"height":200},"classes":[]},{"id":3201,"url":"https:\/\/www.ogrodolszanica.pl\/index.php\/produkt\/waz-ogrodowy-wzmacniany-verkatto-v-plus-3-4-20-m\/","url_meta":{"origin":4165,"position":5},"title":"W\u0105\u017c ogrodowy wzmacniany Verkatto V-Plus 3\/4&#8243; 20 m","date":"23 lutego, 2026","format":false,"excerpt":"W\u0105\u017c ogrodowy wzmacniany Verkatto V-Plus 3\/4\" 20 m VR-7385 Charakterystyka produktu : \u2013 w\u0105\u017c posiada 5 warstw 1.\u00a0Bia\u0142a dusza 2.\u00a0Oplot krzy\u017cowy z prz\u0119dzy poliestrowej 3.\u00a0Po\u015brednia warstwa w czarnym kolorze 4.\u00a0Trykotowy oplot z prz\u0119dzy poliestrowej 5.\u00a0Pogrubiona oblewka srebrno-czarno-bia\u0142a \u2013 specjalny system\u00a0ANTI KINK\u00a0zabezpieczaj\u0105cy w\u0105\u017c przed skr\u0119caniem\/za\u0142amaniem i powstawaniem s\u0142up\u00f3w \u2013 przeznaczony do\u2026","rel":"","context":"Similar post","img":{"alt_text":"","src":"https:\/\/i0.wp.com\/www.ogrodolszanica.pl\/wp-content\/uploads\/2026\/02\/waz-ogrodowy-wzmacniany-3.4-20m-VR-7385-scaled.jpg?fit=1200%2C1103&ssl=1&resize=350%2C200","width":350,"height":200},"classes":[]}],"_links":{"self":[{"href":"https:\/\/www.ogrodolszanica.pl\/index.php\/wp-json\/wp\/v2\/product\/4165","targetHints":{"allow":["GET"]}}],"collection":[{"href":"https:\/\/www.ogrodolszanica.pl\/index.php\/wp-json\/wp\/v2\/product"}],"about":[{"href":"https:\/\/www.ogrodolszanica.pl\/index.php\/wp-json\/wp\/v2\/types\/product"}],"replies":[{"embeddable":true,"href":"https:\/\/www.ogrodolszanica.pl\/index.php\/wp-json\/wp\/v2\/comments?post=4165"}],"wp:featuredmedia":[{"embeddable":true,"href":"https:\/\/www.ogrodolszanica.pl\/index.php\/wp-json\/wp\/v2\/media\/4166"}],"wp:attachment":[{"href":"https:\/\/www.ogrodolszanica.pl\/index.php\/wp-json\/wp\/v2\/media?parent=4165"}],"wp:term":[{"taxonomy":"product_cat","embeddable":true,"href":"https:\/\/www.ogrodolszanica.pl\/index.php\/wp-json\/wp\/v2\/product_cat?post=4165"},{"taxonomy":"product_tag","embeddable":true,"href":"https:\/\/www.ogrodolszanica.pl\/index.php\/wp-json\/wp\/v2\/product_tag?post=4165"}],"curies":[{"name":"wp","href":"https:\/\/api.w.org\/{rel}","templated":true}]}}