{"id":4163,"date":"2026-03-08T19:46:58","date_gmt":"2026-03-08T19:46:58","guid":{"rendered":"https:\/\/www.ogrodolszanica.pl\/?post_type=product&#038;p=4163"},"modified":"2026-03-08T19:46:59","modified_gmt":"2026-03-08T19:46:59","slug":"dysza-do-zraszania-bradas-le-04710k","status":"publish","type":"product","link":"https:\/\/www.ogrodolszanica.pl\/index.php\/produkt\/dysza-do-zraszania-bradas-le-04710k\/","title":{"rendered":"Dysza do zraszania Bradas LE-04710K"},"content":{"rendered":"<div class=\"mpof_ki myre_zn myre_8v_l m389_6m_l\">\n<div class=\"mp4t_16_s mryx_16_s mr3m_1 mli2_1 mh85_56 mh85_0_l\">\n<div class=\"mgn2_16 _0d3bd_am0a-\">\n<p><b>Dysza prosta regulowana<\/b><\/p>\n<p>Symbol: LE-04710K<\/p>\n<\/div>\n<\/div>\n<div class=\"mp4t_16_s mryx_16_s mr3m_1 mli2_1 mh85_56 mh85_0_l\">\n<div class=\"mg9e_8 mj7a_8 mg9e_0_s mvrt_0_s mj7a_0_s mh36_0_s mzmg_6m munh_16_l m3h2_16_l\">\n<div class=\"mp4t_0 mryx_0 munh_56 m3h2_56\">\n<div class=\"mp7g_oh\"><button class=\"mg9e_0 mvrt_0 mj7a_0 mh36_0 mp4t_0 m3h2_0 mryx_0 munh_0 mqen_m6 mpof_z0 mx7m_0 m7er_k4 mse2_k4 msts_pt\" data-analytics-interaction=\"true\" data-analytics-interaction-label=\"zoomable-image-open\" aria-disabled=\"true\"><img decoding=\"async\" class=\"msub_k4 mupj_5k mjru_k4 mse2_k4 mp7g_f6 mq1m_0 mj7u_0 m7er_k4 mqen_m6 m31c_d8 m0ux_fp lazyloaded\" src=\"https:\/\/a.allegroimg.com\/original\/110c80\/b21927ea4f50ac32272cc2ee331a\/Dysza-do-zraszania-Bradas-LE-04710K-Kod-producenta-LE-04710K\" sizes=\"(min-width: 1200px) 560px, (min-width: 992px) 50vw, 100vw\" srcset=\"https:\/\/a.allegroimg.com\/s360\/110c80\/b21927ea4f50ac32272cc2ee331a\/Dysza-do-zraszania-Bradas-LE-04710K-Kod-producenta-LE-04710K 360w,https:\/\/a.allegroimg.com\/s720\/110c80\/b21927ea4f50ac32272cc2ee331a\/Dysza-do-zraszania-Bradas-LE-04710K-Kod-producenta-LE-04710K 640w,https:\/\/a.allegroimg.com\/original\/110c80\/b21927ea4f50ac32272cc2ee331a\/Dysza-do-zraszania-Bradas-LE-04710K-Kod-producenta-LE-04710K 640w\" alt=\"Dysza do zraszania Bradas LE-04710K Kod producenta LE-04710K\" width=\"640px\" data-srcset=\"\" \/><\/button><\/div>\n<\/div>\n<\/div>\n<\/div>\n<\/div>\n<div class=\"mpof_ki myre_zn myre_8v_l m389_6m_l\">\n<div class=\"mp4t_16_s mryx_16_s mr3m_1 mli2_1 mh85_56 mh85_0_l\">\n<div class=\"mgn2_16 _0d3bd_am0a-\">\n<h2>\u2714\ufe0fTradycyjna dysza prosta regulowana jest wygodna w obs\u0142udze\u00a0dzi\u0119ki dobrze wyprofilowanym elementom z wytrzyma\u0142ego tworzywa.<\/h2>\n<h2>\u2714\ufe0fBezstopniowa regulacja strumienia wody,\u00a0od punktowego do delikatnej m\u017cawki. U\u017cytkowany nie tylko w ogrodzie, lecz tak\u017ce w gospodarstwie domowym.<\/h2>\n<h2>\u2714\ufe0fZalety:<\/h2>\n<p>\u2022 prosta obs\u0142uga dzi\u0119ki ergonomicznemu designowi.<\/p>\n<p>\u2022 wytrzyma\u0142e tworzywo gwarantuje\u00a0wieloletni\u0105 u\u017cyteczno\u015b\u0107.<\/p>\n<\/div>\n<\/div>\n<\/div>\n<div class=\"mpof_ki myre_zn myre_8v_l m389_6m_l\">\n<div class=\"mp4t_16_s mryx_16_s mr3m_1 mli2_1 mh85_56 mh85_0_l\">\n<div class=\"mg9e_8 mj7a_8 mg9e_0_s mvrt_0_s mj7a_0_s mh36_0_s mzmg_6m munh_16_l m3h2_16_l\">\n<div class=\"mp4t_0 mryx_0 munh_56 m3h2_56\">\n<div class=\"mp7g_oh\"><button class=\"mg9e_0 mvrt_0 mj7a_0 mh36_0 mp4t_0 m3h2_0 mryx_0 munh_0 mqen_m6 mpof_z0 mx7m_0 m7er_k4 mse2_k4 msts_pt\" data-analytics-interaction=\"true\" data-analytics-interaction-label=\"zoomable-image-open\" aria-disabled=\"true\"><img decoding=\"async\" class=\"msub_k4 mupj_5k mjru_k4 mse2_k4 mp7g_f6 mq1m_0 mj7u_0 m7er_k4 mqen_m6 m31c_d8 m0ux_fp lazyloaded\" src=\"https:\/\/a.allegroimg.com\/original\/110c80\/b21927ea4f50ac32272cc2ee331a\/Dysza-do-zraszania-Bradas-LE-04710K-Kod-producenta-LE-04710K\" sizes=\"100vw\" srcset=\"https:\/\/a.allegroimg.com\/s360\/110c80\/b21927ea4f50ac32272cc2ee331a\/Dysza-do-zraszania-Bradas-LE-04710K-Kod-producenta-LE-04710K 360w,https:\/\/a.allegroimg.com\/s720\/110c80\/b21927ea4f50ac32272cc2ee331a\/Dysza-do-zraszania-Bradas-LE-04710K-Kod-producenta-LE-04710K 640w,https:\/\/a.allegroimg.com\/original\/110c80\/b21927ea4f50ac32272cc2ee331a\/Dysza-do-zraszania-Bradas-LE-04710K-Kod-producenta-LE-04710K 640w\" alt=\"Dysza do zraszania Bradas LE-04710K Kod producenta LE-04710K\" width=\"640px\" data-srcset=\"\" \/><\/button><\/div>\n<\/div>\n<\/div>\n<\/div>\n<\/div>\n<div class=\"mpof_ki myre_zn myre_8v_l m389_6m_l\">\n<div class=\"mp4t_16_s mryx_16_s mr3m_1 mli2_1 mh85_56 mh85_0_l\">\n<div class=\"mgn2_16 _0d3bd_am0a-\">\n<p>*\ufe0f\u20e3<b>\u00a0 Nie czekaj \u2013 postaw na jako\u015b\u0107 i funkcjonalno\u015b\u0107! Zam\u00f3w teraz i ciesz si\u0119 niezawodno\u015bci\u0105 naszego produktu. Do\u0142\u0105cz do grona zadowolonych klient\u00f3w ju\u017c dzi\u015b!<\/b><\/p>\n<p><b>*\ufe0f\u20e3Nie mo\u017cesz znale\u017a\u0107 produktu w ofercie dost\u0119pnej tutaj?<\/b><\/p>\n<\/div>\n<\/div>\n<\/div>\n","protected":false},"excerpt":{"rendered":"<p>Dysza prosta regulowana Symbol: LE-04710K \u2714\ufe0fTradycyjna dysza prosta regulowana jest wygodna w obs\u0142udze\u00a0dzi\u0119ki dobrze wyprofilowanym elementom z wytrzyma\u0142ego tworzywa. \u2714\ufe0fBezstopniowa regulacja strumienia wody,\u00a0od punktowego do delikatnej m\u017cawki. U\u017cytkowany nie tylko w ogrodzie, lecz tak\u017ce w gospodarstwie domowym. \u2714\ufe0fZalety: \u2022 prosta obs\u0142uga dzi\u0119ki ergonomicznemu designowi. \u2022 wytrzyma\u0142e tworzywo gwarantuje\u00a0wieloletni\u0105 u\u017cyteczno\u015b\u0107. *\ufe0f\u20e3\u00a0 Nie czekaj \u2013 postaw na &hellip;<\/p>\n<p class=\"read-more\"> <a class=\"\" href=\"https:\/\/www.ogrodolszanica.pl\/index.php\/produkt\/dysza-do-zraszania-bradas-le-04710k\/\"> <span class=\"screen-reader-text\">Dysza do zraszania Bradas LE-04710K<\/span> Read More &raquo;<\/a><\/p>\n","protected":false},"featured_media":4164,"comment_status":"open","ping_status":"closed","template":"","meta":{"site-sidebar-layout":"default","site-content-layout":"default","ast-global-header-display":"","ast-main-header-display":"","ast-hfb-above-header-display":"","ast-hfb-below-header-display":"","ast-hfb-mobile-header-display":"","site-post-title":"","ast-breadcrumbs-content":"","ast-featured-img":"","footer-sml-layout":"","theme-transparent-header-meta":"default","adv-header-id-meta":"","stick-header-meta":"","header-above-stick-meta":"","header-main-stick-meta":"","header-below-stick-meta":"","spay_email":""},"product_cat":[47],"product_tag":[],"class_list":["post-4163","product","type-product","status-publish","has-post-thumbnail","hentry","product_cat-nawadnianie"],"yoast_head":"<!-- This site is optimized with the Yoast SEO plugin v19.2 - https:\/\/yoast.com\/wordpress\/plugins\/seo\/ -->\n<title>Dysza do zraszania Bradas LE-04710K - Ogr&oacute;d Olszanica<\/title>\n<meta name=\"robots\" content=\"index, follow, max-snippet:-1, max-image-preview:large, max-video-preview:-1\" \/>\n<link rel=\"canonical\" href=\"https:\/\/www.ogrodolszanica.pl\/index.php\/produkt\/dysza-do-zraszania-bradas-le-04710k\/\" \/>\n<meta property=\"og:locale\" content=\"pl_PL\" \/>\n<meta property=\"og:type\" content=\"article\" \/>\n<meta property=\"og:title\" content=\"Dysza do zraszania Bradas LE-04710K - Ogr&oacute;d Olszanica\" \/>\n<meta property=\"og:description\" content=\"Dysza prosta regulowana Symbol: LE-04710K \u2714\ufe0fTradycyjna dysza prosta regulowana jest wygodna w obs\u0142udze\u00a0dzi\u0119ki dobrze wyprofilowanym elementom z wytrzyma\u0142ego tworzywa. \u2714\ufe0fBezstopniowa regulacja strumienia wody,\u00a0od punktowego do delikatnej m\u017cawki. U\u017cytkowany nie tylko w ogrodzie, lecz tak\u017ce w gospodarstwie domowym. \u2714\ufe0fZalety: \u2022 prosta obs\u0142uga dzi\u0119ki ergonomicznemu designowi. \u2022 wytrzyma\u0142e tworzywo gwarantuje\u00a0wieloletni\u0105 u\u017cyteczno\u015b\u0107. *\ufe0f\u20e3\u00a0 Nie czekaj \u2013 postaw na &hellip; Dysza do zraszania Bradas LE-04710K Read More &raquo;\" \/>\n<meta property=\"og:url\" content=\"https:\/\/www.ogrodolszanica.pl\/index.php\/produkt\/dysza-do-zraszania-bradas-le-04710k\/\" \/>\n<meta property=\"og:site_name\" content=\"Ogr&oacute;d Olszanica\" \/>\n<meta property=\"article:publisher\" content=\"https:\/\/www.facebook.com\/Ogrd-Olszanica-100807179225223\" \/>\n<meta property=\"article:modified_time\" content=\"2026-03-08T19:46:59+00:00\" \/>\n<meta property=\"og:image\" content=\"https:\/\/www.ogrodolszanica.pl\/wp-content\/uploads\/2026\/03\/pol_pl_Dysza-prosta-regulowana-LIME-LINE-BRADAS-LE-04710K-17611_3.jpg\" \/>\n\t<meta property=\"og:image:width\" content=\"600\" \/>\n\t<meta property=\"og:image:height\" content=\"600\" \/>\n\t<meta property=\"og:image:type\" content=\"image\/jpeg\" \/>\n<meta name=\"author\" content=\"admin\" \/>\n<meta name=\"twitter:card\" content=\"summary_large_image\" \/>\n<script type=\"application\/ld+json\" class=\"yoast-schema-graph\">{\"@context\":\"https:\/\/schema.org\",\"@graph\":[{\"@type\":\"Organization\",\"@id\":\"https:\/\/www.ogrodolszanica.pl\/#organization\",\"name\":\"Ogr\u00f3d Olszanica - Krakowskie Centrum Ogrodnicze\",\"url\":\"https:\/\/www.ogrodolszanica.pl\/\",\"sameAs\":[\"https:\/\/www.facebook.com\/Ogrd-Olszanica-100807179225223\"],\"logo\":{\"@type\":\"ImageObject\",\"inLanguage\":\"pl-PL\",\"@id\":\"https:\/\/www.ogrodolszanica.pl\/#\/schema\/logo\/image\/\",\"url\":\"http:\/\/www.ogrodolszanica.pl\/wp-content\/uploads\/2022\/06\/Ogrod-Olszanica1-1.png\",\"contentUrl\":\"http:\/\/www.ogrodolszanica.pl\/wp-content\/uploads\/2022\/06\/Ogrod-Olszanica1-1.png\",\"width\":180,\"height\":60,\"caption\":\"Ogr\u00f3d Olszanica - Krakowskie Centrum Ogrodnicze\"},\"image\":{\"@id\":\"https:\/\/www.ogrodolszanica.pl\/#\/schema\/logo\/image\/\"}},{\"@type\":\"WebSite\",\"@id\":\"https:\/\/www.ogrodolszanica.pl\/#website\",\"url\":\"https:\/\/www.ogrodolszanica.pl\/\",\"name\":\"Ogr&oacute;d Olszanica\",\"description\":\"Centrum Ogrodnicze Krak&oacute;w\",\"publisher\":{\"@id\":\"https:\/\/www.ogrodolszanica.pl\/#organization\"},\"potentialAction\":[{\"@type\":\"SearchAction\",\"target\":{\"@type\":\"EntryPoint\",\"urlTemplate\":\"https:\/\/www.ogrodolszanica.pl\/?s={search_term_string}\"},\"query-input\":\"required name=search_term_string\"}],\"inLanguage\":\"pl-PL\"},{\"@type\":\"ImageObject\",\"inLanguage\":\"pl-PL\",\"@id\":\"https:\/\/www.ogrodolszanica.pl\/index.php\/produkt\/dysza-do-zraszania-bradas-le-04710k\/#primaryimage\",\"url\":\"https:\/\/i0.wp.com\/www.ogrodolszanica.pl\/wp-content\/uploads\/2026\/03\/pol_pl_Dysza-prosta-regulowana-LIME-LINE-BRADAS-LE-04710K-17611_3.jpg?fit=600%2C600&ssl=1\",\"contentUrl\":\"https:\/\/i0.wp.com\/www.ogrodolszanica.pl\/wp-content\/uploads\/2026\/03\/pol_pl_Dysza-prosta-regulowana-LIME-LINE-BRADAS-LE-04710K-17611_3.jpg?fit=600%2C600&ssl=1\",\"width\":600,\"height\":600},{\"@type\":\"WebPage\",\"@id\":\"https:\/\/www.ogrodolszanica.pl\/index.php\/produkt\/dysza-do-zraszania-bradas-le-04710k\/#webpage\",\"url\":\"https:\/\/www.ogrodolszanica.pl\/index.php\/produkt\/dysza-do-zraszania-bradas-le-04710k\/\",\"name\":\"Dysza do zraszania Bradas LE-04710K - Ogr&oacute;d Olszanica\",\"isPartOf\":{\"@id\":\"https:\/\/www.ogrodolszanica.pl\/#website\"},\"primaryImageOfPage\":{\"@id\":\"https:\/\/www.ogrodolszanica.pl\/index.php\/produkt\/dysza-do-zraszania-bradas-le-04710k\/#primaryimage\"},\"datePublished\":\"2026-03-08T19:46:58+00:00\",\"dateModified\":\"2026-03-08T19:46:59+00:00\",\"breadcrumb\":{\"@id\":\"https:\/\/www.ogrodolszanica.pl\/index.php\/produkt\/dysza-do-zraszania-bradas-le-04710k\/#breadcrumb\"},\"inLanguage\":\"pl-PL\",\"potentialAction\":[{\"@type\":\"ReadAction\",\"target\":[\"https:\/\/www.ogrodolszanica.pl\/index.php\/produkt\/dysza-do-zraszania-bradas-le-04710k\/\"]}]},{\"@type\":\"BreadcrumbList\",\"@id\":\"https:\/\/www.ogrodolszanica.pl\/index.php\/produkt\/dysza-do-zraszania-bradas-le-04710k\/#breadcrumb\",\"itemListElement\":[{\"@type\":\"ListItem\",\"position\":1,\"name\":\"Strona g\u0142\u00f3wna\",\"item\":\"https:\/\/www.ogrodolszanica.pl\/\"},{\"@type\":\"ListItem\",\"position\":2,\"name\":\"Produkty\",\"item\":\"https:\/\/www.ogrodolszanica.pl\/index.php\/shop\/\"},{\"@type\":\"ListItem\",\"position\":3,\"name\":\"Dysza do zraszania Bradas LE-04710K\"}]}]}<\/script>\n<!-- \/ Yoast SEO plugin. -->","yoast_head_json":{"title":"Dysza do zraszania Bradas LE-04710K - Ogr&oacute;d Olszanica","robots":{"index":"index","follow":"follow","max-snippet":"max-snippet:-1","max-image-preview":"max-image-preview:large","max-video-preview":"max-video-preview:-1"},"canonical":"https:\/\/www.ogrodolszanica.pl\/index.php\/produkt\/dysza-do-zraszania-bradas-le-04710k\/","og_locale":"pl_PL","og_type":"article","og_title":"Dysza do zraszania Bradas LE-04710K - Ogr&oacute;d Olszanica","og_description":"Dysza prosta regulowana Symbol: LE-04710K \u2714\ufe0fTradycyjna dysza prosta regulowana jest wygodna w obs\u0142udze\u00a0dzi\u0119ki dobrze wyprofilowanym elementom z wytrzyma\u0142ego tworzywa. \u2714\ufe0fBezstopniowa regulacja strumienia wody,\u00a0od punktowego do delikatnej m\u017cawki. U\u017cytkowany nie tylko w ogrodzie, lecz tak\u017ce w gospodarstwie domowym. \u2714\ufe0fZalety: \u2022 prosta obs\u0142uga dzi\u0119ki ergonomicznemu designowi. \u2022 wytrzyma\u0142e tworzywo gwarantuje\u00a0wieloletni\u0105 u\u017cyteczno\u015b\u0107. *\ufe0f\u20e3\u00a0 Nie czekaj \u2013 postaw na &hellip; Dysza do zraszania Bradas LE-04710K Read More &raquo;","og_url":"https:\/\/www.ogrodolszanica.pl\/index.php\/produkt\/dysza-do-zraszania-bradas-le-04710k\/","og_site_name":"Ogr&oacute;d Olszanica","article_publisher":"https:\/\/www.facebook.com\/Ogrd-Olszanica-100807179225223","article_modified_time":"2026-03-08T19:46:59+00:00","og_image":[{"width":600,"height":600,"url":"https:\/\/www.ogrodolszanica.pl\/wp-content\/uploads\/2026\/03\/pol_pl_Dysza-prosta-regulowana-LIME-LINE-BRADAS-LE-04710K-17611_3.jpg","type":"image\/jpeg"}],"author":"admin","twitter_card":"summary_large_image","schema":{"@context":"https:\/\/schema.org","@graph":[{"@type":"Organization","@id":"https:\/\/www.ogrodolszanica.pl\/#organization","name":"Ogr\u00f3d Olszanica - Krakowskie Centrum Ogrodnicze","url":"https:\/\/www.ogrodolszanica.pl\/","sameAs":["https:\/\/www.facebook.com\/Ogrd-Olszanica-100807179225223"],"logo":{"@type":"ImageObject","inLanguage":"pl-PL","@id":"https:\/\/www.ogrodolszanica.pl\/#\/schema\/logo\/image\/","url":"http:\/\/www.ogrodolszanica.pl\/wp-content\/uploads\/2022\/06\/Ogrod-Olszanica1-1.png","contentUrl":"http:\/\/www.ogrodolszanica.pl\/wp-content\/uploads\/2022\/06\/Ogrod-Olszanica1-1.png","width":180,"height":60,"caption":"Ogr\u00f3d Olszanica - Krakowskie Centrum Ogrodnicze"},"image":{"@id":"https:\/\/www.ogrodolszanica.pl\/#\/schema\/logo\/image\/"}},{"@type":"WebSite","@id":"https:\/\/www.ogrodolszanica.pl\/#website","url":"https:\/\/www.ogrodolszanica.pl\/","name":"Ogr&oacute;d Olszanica","description":"Centrum Ogrodnicze Krak&oacute;w","publisher":{"@id":"https:\/\/www.ogrodolszanica.pl\/#organization"},"potentialAction":[{"@type":"SearchAction","target":{"@type":"EntryPoint","urlTemplate":"https:\/\/www.ogrodolszanica.pl\/?s={search_term_string}"},"query-input":"required name=search_term_string"}],"inLanguage":"pl-PL"},{"@type":"ImageObject","inLanguage":"pl-PL","@id":"https:\/\/www.ogrodolszanica.pl\/index.php\/produkt\/dysza-do-zraszania-bradas-le-04710k\/#primaryimage","url":"https:\/\/i0.wp.com\/www.ogrodolszanica.pl\/wp-content\/uploads\/2026\/03\/pol_pl_Dysza-prosta-regulowana-LIME-LINE-BRADAS-LE-04710K-17611_3.jpg?fit=600%2C600&ssl=1","contentUrl":"https:\/\/i0.wp.com\/www.ogrodolszanica.pl\/wp-content\/uploads\/2026\/03\/pol_pl_Dysza-prosta-regulowana-LIME-LINE-BRADAS-LE-04710K-17611_3.jpg?fit=600%2C600&ssl=1","width":600,"height":600},{"@type":"WebPage","@id":"https:\/\/www.ogrodolszanica.pl\/index.php\/produkt\/dysza-do-zraszania-bradas-le-04710k\/#webpage","url":"https:\/\/www.ogrodolszanica.pl\/index.php\/produkt\/dysza-do-zraszania-bradas-le-04710k\/","name":"Dysza do zraszania Bradas LE-04710K - Ogr&oacute;d Olszanica","isPartOf":{"@id":"https:\/\/www.ogrodolszanica.pl\/#website"},"primaryImageOfPage":{"@id":"https:\/\/www.ogrodolszanica.pl\/index.php\/produkt\/dysza-do-zraszania-bradas-le-04710k\/#primaryimage"},"datePublished":"2026-03-08T19:46:58+00:00","dateModified":"2026-03-08T19:46:59+00:00","breadcrumb":{"@id":"https:\/\/www.ogrodolszanica.pl\/index.php\/produkt\/dysza-do-zraszania-bradas-le-04710k\/#breadcrumb"},"inLanguage":"pl-PL","potentialAction":[{"@type":"ReadAction","target":["https:\/\/www.ogrodolszanica.pl\/index.php\/produkt\/dysza-do-zraszania-bradas-le-04710k\/"]}]},{"@type":"BreadcrumbList","@id":"https:\/\/www.ogrodolszanica.pl\/index.php\/produkt\/dysza-do-zraszania-bradas-le-04710k\/#breadcrumb","itemListElement":[{"@type":"ListItem","position":1,"name":"Strona g\u0142\u00f3wna","item":"https:\/\/www.ogrodolszanica.pl\/"},{"@type":"ListItem","position":2,"name":"Produkty","item":"https:\/\/www.ogrodolszanica.pl\/index.php\/shop\/"},{"@type":"ListItem","position":3,"name":"Dysza do zraszania Bradas LE-04710K"}]}]}},"jetpack-related-posts":[{"id":4157,"url":"https:\/\/www.ogrodolszanica.pl\/index.php\/produkt\/dysza-do-zraszania-bradas-le-05500-12k\/","url_meta":{"origin":4163,"position":0},"title":"Dysza do zraszania Bradas LE-05500-12K","date":"8 marca, 2026","format":false,"excerpt":"LE-05500-12K zestaw zraszaj\u0105cy 4-elem.na w\u0105\u017c 1\/2` LE-05500-12K to zestaw zraszaj\u0105cy sk\u0142adaj\u0105cy si\u0119 z czterech element\u00f3w, kt\u00f3ry doskonale sprawdzi si\u0119 w podlewaniu ro\u015blin w ogrodzie. Dzi\u0119ki temu zestawowi b\u0119dziesz m\u00f3g\u0142 skutecznie nawil\u017ca\u0107 swoje ro\u015bliny bez wi\u0119kszych wysi\u0142k\u00f3w. Doskonale sprawdzi si\u0119 zar\u00f3wno w przypadku ma\u0142ych ogr\u00f3dk\u00f3w, jak i wi\u0119kszych powierzchni. Jego solidna\u2026","rel":"","context":"Similar post","img":{"alt_text":"","src":"https:\/\/i0.wp.com\/www.ogrodolszanica.pl\/wp-content\/uploads\/2026\/03\/images-6.jpg?fit=225%2C225&ssl=1&resize=350%2C200","width":350,"height":200},"classes":[]},{"id":4159,"url":"https:\/\/www.ogrodolszanica.pl\/index.php\/produkt\/dysza-do-zraszania-bradas-le-05500-34k\/","url_meta":{"origin":4163,"position":1},"title":"Dysza do zraszania Bradas LE-05500-34K","date":"8 marca, 2026","format":false,"excerpt":"BRADAS Zestaw zraszaj\u0105cy LIME LINE 4-elementowy NIEZAWODNY ZESTAW ZRASZAJ\u0104CY \u2705Doskona\u0142e dopasowanie do element\u00f3w \u27054 elementy funkcjonalne \u2705Materia\u0142y najwy\u017cszej jako\u015bci \u2705Szczelno\u015b\u0107 WYSOKA JAKO\u015a\u0106 I DOSKONA\u0141E DOPASOWANIE \u2705Wykonany z\u00a0wysokiej jako\u015bci materia\u0142\u00f3w, zapewniaj\u0105cych trwa\u0142o\u015b\u0107 i wytrzyma\u0142o\u015b\u0107, nawet przy intensywnym u\u017cytkowaniu. \u2705Ka\u017cdy element zestawu charakteryzuje si\u0119 precyzyjnie dopasowanym kszta\u0142tem, co umo\u017cliwia \u0142atw\u0105 instalacj\u0119 i\u2026","rel":"","context":"Similar post","img":{"alt_text":"","src":"https:\/\/i0.wp.com\/www.ogrodolszanica.pl\/wp-content\/uploads\/2026\/03\/images-7.jpg?fit=225%2C225&ssl=1&resize=350%2C200","width":350,"height":200},"classes":[]},{"id":3174,"url":"https:\/\/www.ogrodolszanica.pl\/index.php\/produkt\/dysza-zraszajaca-v-plus-verkatto\/","url_meta":{"origin":4163,"position":2},"title":"Dysza zraszaj\u0105ca V-PLUS Verkatto","date":"23 lutego, 2026","format":false,"excerpt":"Dysza zraszaj\u0105ca V-PLUS Verkatto VR-7163 Charakterystyka produktu: \u2013 p\u0142ynna regulacja strumienia wody \u2013 zraszacz zapewnia du\u017cy przep\u0142yw wody","rel":"","context":"Similar post","img":{"alt_text":"","src":"https:\/\/i0.wp.com\/www.ogrodolszanica.pl\/wp-content\/uploads\/2026\/02\/VR-7163-2.jpg?fit=1024%2C768&ssl=1&resize=350%2C200","width":350,"height":200},"classes":[]},{"id":4161,"url":"https:\/\/www.ogrodolszanica.pl\/index.php\/produkt\/pistolet-na-waz-8-funkcyjny-z-armatura-zestaw-4k\/","url_meta":{"origin":4163,"position":3},"title":"Pistolet na w\u0105\u017c 8-funkcyjny z armatur\u0105 &#8211; zestaw 4K","date":"8 marca, 2026","format":false,"excerpt":"\u2728 PISTOLET DO ZRASZANIA 8-FUNKCYJNY\u00a0+ SZYBKOZ\u0141\u0104CZKA + SZYBKOZ\u0141\u0104CZKA STOP + PRZY\u0141\u0104CZE Z REDUKCJ\u0104 marki Bradas \u2728 \u2705 8 R\u00d3\u017bNYCH TRYB\u00d3W ZRASZANIA \u2705 SZYBKOZ\u0141\u0104CZE STOP NA W\u0104\u017b 1\/2\" LUB 5\/8\" \u2705 SZYBKOZ\u0141\u0104CZE STANDARDOWE NA W\u0104\u017b 1\/2\" LUB 5\/8\" \u2705 PRZY\u0141\u0104CZE NA KRAN 3\/4\" Z REDUKCJ\u0104 1\/2\" \u2705 FUNKCJA PRACY CI\u0104G\u0141EJ \u2733\ufe0f\u2026","rel":"","context":"Similar post","img":{"alt_text":"","src":"https:\/\/i0.wp.com\/www.ogrodolszanica.pl\/wp-content\/uploads\/2026\/03\/BRADAS-Pistolet-na-waz-8-funkcyjny-z-armatura-zestaw-ECO-2068SET.jpg?fit=600%2C600&ssl=1&resize=350%2C200","width":350,"height":200},"classes":[]},{"id":4132,"url":"https:\/\/www.ogrodolszanica.pl\/index.php\/produkt\/sekator-z-przekladnia-ostrze-mijajace-bradas\/","url_meta":{"origin":4163,"position":4},"title":"Sekator z przek\u0142adni\u0105 ostrze mijaj\u0105ce Bradas","date":"8 marca, 2026","format":false,"excerpt":"Sekator z przek\u0142adni\u0105 V-SERIES ostrze mijaj\u0105ce, stal SK5 - wysokiej jako\u015bci ostrze mijaj\u0105ce - ostrze wykonane z stali SK5 pokryte pow\u0142ok\u0105 ochronn\u0105 - przek\u0142adnia zwi\u0119kszaj\u0105ca si\u0142\u0119 ci\u0119cia - maksymalna \u015brednica ci\u0119cia 18mm - wyposa\u017cony w blokad\u0119 bezpiecze\u0144stwa - idealny do ci\u0119cia kwiat\u00f3w i krzew\u00f3w To jedna z najbardziej istotnych czynno\u015bci\u2026","rel":"","context":"Similar post","img":{"alt_text":"","src":"","width":0,"height":0},"classes":[]},{"id":4138,"url":"https:\/\/www.ogrodolszanica.pl\/index.php\/produkt\/sekator-tradycyjny-bradas-carbon-steel-8\/","url_meta":{"origin":4163,"position":5},"title":"Sekator tradycyjny Bradas Carbon-Steel 8&#8243;","date":"8 marca, 2026","format":false,"excerpt":"ZESTAW SEKATOR\u00d3W KWIAT\u00d3W ORAZ P\u0118D\u00d3W Zestaw zawiera: - Sekator profesjonalny 8\" do kwiat\u00f3w i p\u0119d\u00f3w. Wykonany ze specjalnej stali karbonowej. - 2x profesjonalny, ergonomiczny sekator ogrodniczy CARBON-STEEL do kwiat\u00f3w i p\u0119d\u00f3w Produkty oferowane w zestawie wykonane s\u0105 z wysokiej jako\u015bci ostrza oraz wyposa\u017cone s\u0105 w antypo\u015blizgowe uchwyty. Sekator do ga\u0142\u0119zi,\u2026","rel":"","context":"Similar post","img":{"alt_text":"","src":"https:\/\/i0.wp.com\/www.ogrodolszanica.pl\/wp-content\/uploads\/2026\/03\/images-3.jpg?fit=225%2C225&ssl=1&resize=350%2C200","width":350,"height":200},"classes":[]}],"_links":{"self":[{"href":"https:\/\/www.ogrodolszanica.pl\/index.php\/wp-json\/wp\/v2\/product\/4163","targetHints":{"allow":["GET"]}}],"collection":[{"href":"https:\/\/www.ogrodolszanica.pl\/index.php\/wp-json\/wp\/v2\/product"}],"about":[{"href":"https:\/\/www.ogrodolszanica.pl\/index.php\/wp-json\/wp\/v2\/types\/product"}],"replies":[{"embeddable":true,"href":"https:\/\/www.ogrodolszanica.pl\/index.php\/wp-json\/wp\/v2\/comments?post=4163"}],"wp:featuredmedia":[{"embeddable":true,"href":"https:\/\/www.ogrodolszanica.pl\/index.php\/wp-json\/wp\/v2\/media\/4164"}],"wp:attachment":[{"href":"https:\/\/www.ogrodolszanica.pl\/index.php\/wp-json\/wp\/v2\/media?parent=4163"}],"wp:term":[{"taxonomy":"product_cat","embeddable":true,"href":"https:\/\/www.ogrodolszanica.pl\/index.php\/wp-json\/wp\/v2\/product_cat?post=4163"},{"taxonomy":"product_tag","embeddable":true,"href":"https:\/\/www.ogrodolszanica.pl\/index.php\/wp-json\/wp\/v2\/product_tag?post=4163"}],"curies":[{"name":"wp","href":"https:\/\/api.w.org\/{rel}","templated":true}]}}