{"id":4159,"date":"2026-03-08T19:43:52","date_gmt":"2026-03-08T19:43:52","guid":{"rendered":"https:\/\/www.ogrodolszanica.pl\/?post_type=product&#038;p=4159"},"modified":"2026-03-08T19:43:52","modified_gmt":"2026-03-08T19:43:52","slug":"dysza-do-zraszania-bradas-le-05500-34k","status":"publish","type":"product","link":"https:\/\/www.ogrodolszanica.pl\/index.php\/produkt\/dysza-do-zraszania-bradas-le-05500-34k\/","title":{"rendered":"Dysza do zraszania Bradas LE-05500-34K"},"content":{"rendered":"<div class=\"mpof_ki myre_zn myre_8v_l m389_6m_l\">\n<div class=\"mp4t_16_s mryx_16_s mr3m_1 mli2_1 mh85_56 mh85_0_l\">\n<div class=\"mgn2_16 _0d3bd_am0a-\">\n<h1>BRADAS Zestaw zraszaj\u0105cy LIME LINE 4-elementowy<\/h1>\n<\/div>\n<\/div>\n<\/div>\n<div class=\"mpof_ki myre_zn myre_8v_l m389_6m_l\">\n<div class=\"mp4t_16_s mryx_16_s mr3m_1 mli2_1 mh85_56 mh85_0_l\">\n<div class=\"mg9e_8 mj7a_8 mg9e_0_s mvrt_0_s mj7a_0_s mh36_0_s mzmg_6m munh_16_l m3h2_16_l\">\n<div class=\"mp4t_0 mryx_0 munh_56 m3h2_56\">\n<div class=\"mp7g_oh\"><button class=\"mg9e_0 mvrt_0 mj7a_0 mh36_0 mp4t_0 m3h2_0 mryx_0 munh_0 mqen_m6 mpof_z0 mx7m_0 m7er_k4 mse2_k4 msts_pt\" data-analytics-interaction=\"true\" data-analytics-interaction-label=\"zoomable-image-open\" aria-disabled=\"true\"><img decoding=\"async\" class=\"msub_k4 mupj_5k mjru_k4 mse2_k4 mp7g_f6 mq1m_0 mj7u_0 m7er_k4 mqen_m6 m31c_d8 m0ux_fp lazyloaded\" src=\"https:\/\/a.allegroimg.com\/original\/110586\/5364a5874ff08874e4f665378138\/Dysza-do-zraszania-Bradas-LE-05500-34K-Marka-Bradas\" sizes=\"(min-width: 1200px) 560px, (min-width: 992px) 50vw, 100vw\" srcset=\"https:\/\/a.allegroimg.com\/s360\/110586\/5364a5874ff08874e4f665378138\/Dysza-do-zraszania-Bradas-LE-05500-34K-Marka-Bradas 360w,https:\/\/a.allegroimg.com\/s720\/110586\/5364a5874ff08874e4f665378138\/Dysza-do-zraszania-Bradas-LE-05500-34K-Marka-Bradas 600w,https:\/\/a.allegroimg.com\/original\/110586\/5364a5874ff08874e4f665378138\/Dysza-do-zraszania-Bradas-LE-05500-34K-Marka-Bradas 600w\" alt=\"Dysza do zraszania Bradas LE-05500-34K Marka Bradas\" width=\"600px\" data-srcset=\"\" \/><\/button><\/div>\n<\/div>\n<\/div>\n<\/div>\n<div class=\"mp4t_16_s mryx_16_s mr3m_1 mli2_1 mh85_56 mh85_0_l\">\n<div class=\"mgn2_16 _0d3bd_am0a-\">\n<h2>NIEZAWODNY ZESTAW ZRASZAJ\u0104CY<\/h2>\n<p>\u2705Doskona\u0142e dopasowanie do element\u00f3w<\/p>\n<p>\u27054 elementy funkcjonalne<\/p>\n<p>\u2705Materia\u0142y najwy\u017cszej jako\u015bci<\/p>\n<p>\u2705Szczelno\u015b\u0107<\/p>\n<\/div>\n<\/div>\n<\/div>\n<div class=\"mpof_ki myre_zn myre_8v_l m389_6m_l\">\n<div class=\"mp4t_16_s mryx_16_s mr3m_1 mli2_1 mh85_56 mh85_0_l\">\n<div class=\"mg9e_8 mj7a_8 mg9e_0_s mvrt_0_s mj7a_0_s mh36_0_s mzmg_6m munh_16_l m3h2_16_l\">\n<div class=\"mp4t_0 mryx_0 munh_56 m3h2_56\">\n<div class=\"mp7g_oh\"><button class=\"mg9e_0 mvrt_0 mj7a_0 mh36_0 mp4t_0 m3h2_0 mryx_0 munh_0 mqen_m6 mpof_z0 mx7m_0 m7er_k4 mse2_k4 msts_pt\" data-analytics-interaction=\"true\" data-analytics-interaction-label=\"zoomable-image-open\" aria-disabled=\"true\"><img decoding=\"async\" class=\"msub_k4 mupj_5k mjru_k4 mse2_k4 mp7g_f6 mq1m_0 mj7u_0 m7er_k4 mqen_m6 m31c_d8 m0ux_fp lazyloaded\" src=\"https:\/\/a.allegroimg.com\/original\/1134e0\/171d023b4e269fbe461bf13a1471\/Dysza-do-zraszania-Bradas-LE-05500-34K\" sizes=\"(min-width: 1200px) 560px, (min-width: 992px) 50vw, 100vw\" srcset=\"https:\/\/a.allegroimg.com\/s360\/1134e0\/171d023b4e269fbe461bf13a1471\/Dysza-do-zraszania-Bradas-LE-05500-34K 360w,https:\/\/a.allegroimg.com\/s720\/1134e0\/171d023b4e269fbe461bf13a1471\/Dysza-do-zraszania-Bradas-LE-05500-34K 600w,https:\/\/a.allegroimg.com\/original\/1134e0\/171d023b4e269fbe461bf13a1471\/Dysza-do-zraszania-Bradas-LE-05500-34K 600w\" alt=\"Dysza do zraszania Bradas LE-05500-34K\" width=\"600px\" data-srcset=\"\" \/><\/button><\/div>\n<\/div>\n<\/div>\n<\/div>\n<div class=\"mp4t_16_s mryx_16_s mr3m_1 mli2_1 mh85_56 mh85_0_l\">\n<div class=\"mgn2_16 _0d3bd_am0a-\">\n<h2>WYSOKA JAKO\u015a\u0106 I DOSKONA\u0141E DOPASOWANIE<\/h2>\n<p>\u2705Wykonany z\u00a0<b>wysokiej jako\u015bci materia\u0142\u00f3w<\/b>, zapewniaj\u0105cych trwa\u0142o\u015b\u0107 i wytrzyma\u0142o\u015b\u0107, nawet przy intensywnym u\u017cytkowaniu.<\/p>\n<p>\u2705Ka\u017cdy element zestawu charakteryzuje si\u0119 precyzyjnie dopasowanym kszta\u0142tem, co umo\u017cliwia \u0142atw\u0105 instalacj\u0119 i pewne po\u0142\u0105czenie z w\u0119\u017cem.<\/p>\n<p>\u2705<b>Niezwodny zestaw zraszaj\u0105cy<\/b>\u00a0sk\u0142adaj\u0105cy si\u0119 z 4 element\u00f3w, zaprojektowany z my\u015bl\u0105 o prostocie u\u017cytkowania, idealnie dopasowuj\u0105cy si\u0119, szczelny i wytrzyma\u0142y.<\/p>\n<\/div>\n<\/div>\n<\/div>\n<div class=\"mpof_ki myre_zn myre_8v_l m389_6m_l\">\n<div class=\"mp4t_16_s mryx_16_s mr3m_1 mli2_1 mh85_56 mh85_0_l\">\n<div class=\"mg9e_8 mj7a_8 mg9e_0_s mvrt_0_s mj7a_0_s mh36_0_s mzmg_6m munh_16_l m3h2_16_l\">\n<div class=\"mp4t_0 mryx_0 munh_56 m3h2_56\">\n<div class=\"mp7g_oh\"><button class=\"mg9e_0 mvrt_0 mj7a_0 mh36_0 mp4t_0 m3h2_0 mryx_0 munh_0 mqen_m6 mpof_z0 mx7m_0 m7er_k4 mse2_k4 msts_pt\" data-analytics-interaction=\"true\" data-analytics-interaction-label=\"zoomable-image-open\" aria-disabled=\"true\"><img decoding=\"async\" class=\"msub_k4 mupj_5k mjru_k4 mse2_k4 mp7g_f6 mq1m_0 mj7u_0 m7er_k4 mqen_m6 m31c_d8 m0ux_fp lazyloaded\" src=\"https:\/\/a.allegroimg.com\/original\/1183a8\/54a78641459b8e28d7eeced6670c\/Dysza-do-zraszania-Bradas-LE-05500-34K-Rodzaj-dysza-do-zraszania\" sizes=\"(min-width: 1200px) 560px, (min-width: 992px) 50vw, 100vw\" srcset=\"https:\/\/a.allegroimg.com\/s360\/1183a8\/54a78641459b8e28d7eeced6670c\/Dysza-do-zraszania-Bradas-LE-05500-34K-Rodzaj-dysza-do-zraszania 360w,https:\/\/a.allegroimg.com\/s720\/1183a8\/54a78641459b8e28d7eeced6670c\/Dysza-do-zraszania-Bradas-LE-05500-34K-Rodzaj-dysza-do-zraszania 600w,https:\/\/a.allegroimg.com\/original\/1183a8\/54a78641459b8e28d7eeced6670c\/Dysza-do-zraszania-Bradas-LE-05500-34K-Rodzaj-dysza-do-zraszania 600w\" alt=\"Dysza do zraszania Bradas LE-05500-34K Rodzaj dysza do zraszania\" width=\"600px\" data-srcset=\"\" \/><\/button><\/div>\n<\/div>\n<\/div>\n<\/div>\n<div class=\"mp4t_16_s mryx_16_s mr3m_1 mli2_1 mh85_56 mh85_0_l\">\n<div class=\"mgn2_16 _0d3bd_am0a-\">\n<h2>W SK\u0141AD ZESTAWU WCHODZ\u0104:<\/h2>\n<p>\u2714\ufe0fDysza prosta regulowana<\/p>\n<p>\u2714\ufe0fSzybkoz\u0142\u0105cze 3\/4\u00bb ze stopem<\/p>\n<p>\u2714\ufe0fSzybkoz\u0142\u0105cze 3\/4\u00bb<\/p>\n<p>\u2714\ufe0fPrzy\u0142\u0105cze na kran 3\/4&#8243;-1\/2\u00bb<\/p>\n<\/div>\n<\/div>\n<\/div>\n","protected":false},"excerpt":{"rendered":"<p>BRADAS Zestaw zraszaj\u0105cy LIME LINE 4-elementowy NIEZAWODNY ZESTAW ZRASZAJ\u0104CY \u2705Doskona\u0142e dopasowanie do element\u00f3w \u27054 elementy funkcjonalne \u2705Materia\u0142y najwy\u017cszej jako\u015bci \u2705Szczelno\u015b\u0107 WYSOKA JAKO\u015a\u0106 I DOSKONA\u0141E DOPASOWANIE \u2705Wykonany z\u00a0wysokiej jako\u015bci materia\u0142\u00f3w, zapewniaj\u0105cych trwa\u0142o\u015b\u0107 i wytrzyma\u0142o\u015b\u0107, nawet przy intensywnym u\u017cytkowaniu. \u2705Ka\u017cdy element zestawu charakteryzuje si\u0119 precyzyjnie dopasowanym kszta\u0142tem, co umo\u017cliwia \u0142atw\u0105 instalacj\u0119 i pewne po\u0142\u0105czenie z w\u0119\u017cem. \u2705Niezwodny &hellip;<\/p>\n<p class=\"read-more\"> <a class=\"\" href=\"https:\/\/www.ogrodolszanica.pl\/index.php\/produkt\/dysza-do-zraszania-bradas-le-05500-34k\/\"> <span class=\"screen-reader-text\">Dysza do zraszania Bradas LE-05500-34K<\/span> Read More &raquo;<\/a><\/p>\n","protected":false},"featured_media":4160,"comment_status":"open","ping_status":"closed","template":"","meta":{"site-sidebar-layout":"default","site-content-layout":"default","ast-global-header-display":"","ast-main-header-display":"","ast-hfb-above-header-display":"","ast-hfb-below-header-display":"","ast-hfb-mobile-header-display":"","site-post-title":"","ast-breadcrumbs-content":"","ast-featured-img":"","footer-sml-layout":"","theme-transparent-header-meta":"default","adv-header-id-meta":"","stick-header-meta":"","header-above-stick-meta":"","header-main-stick-meta":"","header-below-stick-meta":"","spay_email":""},"product_cat":[47],"product_tag":[],"class_list":["post-4159","product","type-product","status-publish","has-post-thumbnail","hentry","product_cat-nawadnianie"],"yoast_head":"<!-- This site is optimized with the Yoast SEO plugin v19.2 - https:\/\/yoast.com\/wordpress\/plugins\/seo\/ -->\n<title>Dysza do zraszania Bradas LE-05500-34K - Ogr&oacute;d Olszanica<\/title>\n<meta name=\"robots\" content=\"index, follow, max-snippet:-1, max-image-preview:large, max-video-preview:-1\" \/>\n<link rel=\"canonical\" href=\"https:\/\/www.ogrodolszanica.pl\/index.php\/produkt\/dysza-do-zraszania-bradas-le-05500-34k\/\" \/>\n<meta property=\"og:locale\" content=\"pl_PL\" \/>\n<meta property=\"og:type\" content=\"article\" \/>\n<meta property=\"og:title\" content=\"Dysza do zraszania Bradas LE-05500-34K - Ogr&oacute;d Olszanica\" \/>\n<meta property=\"og:description\" content=\"BRADAS Zestaw zraszaj\u0105cy LIME LINE 4-elementowy NIEZAWODNY ZESTAW ZRASZAJ\u0104CY \u2705Doskona\u0142e dopasowanie do element\u00f3w \u27054 elementy funkcjonalne \u2705Materia\u0142y najwy\u017cszej jako\u015bci \u2705Szczelno\u015b\u0107 WYSOKA JAKO\u015a\u0106 I DOSKONA\u0141E DOPASOWANIE \u2705Wykonany z\u00a0wysokiej jako\u015bci materia\u0142\u00f3w, zapewniaj\u0105cych trwa\u0142o\u015b\u0107 i wytrzyma\u0142o\u015b\u0107, nawet przy intensywnym u\u017cytkowaniu. \u2705Ka\u017cdy element zestawu charakteryzuje si\u0119 precyzyjnie dopasowanym kszta\u0142tem, co umo\u017cliwia \u0142atw\u0105 instalacj\u0119 i pewne po\u0142\u0105czenie z w\u0119\u017cem. \u2705Niezwodny &hellip; Dysza do zraszania Bradas LE-05500-34K Read More &raquo;\" \/>\n<meta property=\"og:url\" content=\"https:\/\/www.ogrodolszanica.pl\/index.php\/produkt\/dysza-do-zraszania-bradas-le-05500-34k\/\" \/>\n<meta property=\"og:site_name\" content=\"Ogr&oacute;d Olszanica\" \/>\n<meta property=\"article:publisher\" content=\"https:\/\/www.facebook.com\/Ogrd-Olszanica-100807179225223\" \/>\n<meta property=\"og:image\" content=\"https:\/\/www.ogrodolszanica.pl\/wp-content\/uploads\/2026\/03\/images-7.jpg\" \/>\n\t<meta property=\"og:image:width\" content=\"225\" \/>\n\t<meta property=\"og:image:height\" content=\"225\" \/>\n\t<meta property=\"og:image:type\" content=\"image\/jpeg\" \/>\n<meta name=\"author\" content=\"admin\" \/>\n<meta name=\"twitter:card\" content=\"summary_large_image\" \/>\n<meta name=\"twitter:label1\" content=\"Szacowany czas czytania\" \/>\n\t<meta name=\"twitter:data1\" content=\"1 minuta\" \/>\n<script type=\"application\/ld+json\" class=\"yoast-schema-graph\">{\"@context\":\"https:\/\/schema.org\",\"@graph\":[{\"@type\":\"Organization\",\"@id\":\"https:\/\/www.ogrodolszanica.pl\/#organization\",\"name\":\"Ogr\u00f3d Olszanica - Krakowskie Centrum Ogrodnicze\",\"url\":\"https:\/\/www.ogrodolszanica.pl\/\",\"sameAs\":[\"https:\/\/www.facebook.com\/Ogrd-Olszanica-100807179225223\"],\"logo\":{\"@type\":\"ImageObject\",\"inLanguage\":\"pl-PL\",\"@id\":\"https:\/\/www.ogrodolszanica.pl\/#\/schema\/logo\/image\/\",\"url\":\"http:\/\/www.ogrodolszanica.pl\/wp-content\/uploads\/2022\/06\/Ogrod-Olszanica1-1.png\",\"contentUrl\":\"http:\/\/www.ogrodolszanica.pl\/wp-content\/uploads\/2022\/06\/Ogrod-Olszanica1-1.png\",\"width\":180,\"height\":60,\"caption\":\"Ogr\u00f3d Olszanica - Krakowskie Centrum Ogrodnicze\"},\"image\":{\"@id\":\"https:\/\/www.ogrodolszanica.pl\/#\/schema\/logo\/image\/\"}},{\"@type\":\"WebSite\",\"@id\":\"https:\/\/www.ogrodolszanica.pl\/#website\",\"url\":\"https:\/\/www.ogrodolszanica.pl\/\",\"name\":\"Ogr&oacute;d Olszanica\",\"description\":\"Centrum Ogrodnicze Krak&oacute;w\",\"publisher\":{\"@id\":\"https:\/\/www.ogrodolszanica.pl\/#organization\"},\"potentialAction\":[{\"@type\":\"SearchAction\",\"target\":{\"@type\":\"EntryPoint\",\"urlTemplate\":\"https:\/\/www.ogrodolszanica.pl\/?s={search_term_string}\"},\"query-input\":\"required name=search_term_string\"}],\"inLanguage\":\"pl-PL\"},{\"@type\":\"ImageObject\",\"inLanguage\":\"pl-PL\",\"@id\":\"https:\/\/www.ogrodolszanica.pl\/index.php\/produkt\/dysza-do-zraszania-bradas-le-05500-34k\/#primaryimage\",\"url\":\"https:\/\/i0.wp.com\/www.ogrodolszanica.pl\/wp-content\/uploads\/2026\/03\/images-7.jpg?fit=225%2C225&ssl=1\",\"contentUrl\":\"https:\/\/i0.wp.com\/www.ogrodolszanica.pl\/wp-content\/uploads\/2026\/03\/images-7.jpg?fit=225%2C225&ssl=1\",\"width\":225,\"height\":225},{\"@type\":\"WebPage\",\"@id\":\"https:\/\/www.ogrodolszanica.pl\/index.php\/produkt\/dysza-do-zraszania-bradas-le-05500-34k\/#webpage\",\"url\":\"https:\/\/www.ogrodolszanica.pl\/index.php\/produkt\/dysza-do-zraszania-bradas-le-05500-34k\/\",\"name\":\"Dysza do zraszania Bradas LE-05500-34K - Ogr&oacute;d Olszanica\",\"isPartOf\":{\"@id\":\"https:\/\/www.ogrodolszanica.pl\/#website\"},\"primaryImageOfPage\":{\"@id\":\"https:\/\/www.ogrodolszanica.pl\/index.php\/produkt\/dysza-do-zraszania-bradas-le-05500-34k\/#primaryimage\"},\"datePublished\":\"2026-03-08T19:43:52+00:00\",\"dateModified\":\"2026-03-08T19:43:52+00:00\",\"breadcrumb\":{\"@id\":\"https:\/\/www.ogrodolszanica.pl\/index.php\/produkt\/dysza-do-zraszania-bradas-le-05500-34k\/#breadcrumb\"},\"inLanguage\":\"pl-PL\",\"potentialAction\":[{\"@type\":\"ReadAction\",\"target\":[\"https:\/\/www.ogrodolszanica.pl\/index.php\/produkt\/dysza-do-zraszania-bradas-le-05500-34k\/\"]}]},{\"@type\":\"BreadcrumbList\",\"@id\":\"https:\/\/www.ogrodolszanica.pl\/index.php\/produkt\/dysza-do-zraszania-bradas-le-05500-34k\/#breadcrumb\",\"itemListElement\":[{\"@type\":\"ListItem\",\"position\":1,\"name\":\"Strona g\u0142\u00f3wna\",\"item\":\"https:\/\/www.ogrodolszanica.pl\/\"},{\"@type\":\"ListItem\",\"position\":2,\"name\":\"Produkty\",\"item\":\"https:\/\/www.ogrodolszanica.pl\/index.php\/shop\/\"},{\"@type\":\"ListItem\",\"position\":3,\"name\":\"Dysza do zraszania Bradas LE-05500-34K\"}]}]}<\/script>\n<!-- \/ Yoast SEO plugin. -->","yoast_head_json":{"title":"Dysza do zraszania Bradas LE-05500-34K - Ogr&oacute;d Olszanica","robots":{"index":"index","follow":"follow","max-snippet":"max-snippet:-1","max-image-preview":"max-image-preview:large","max-video-preview":"max-video-preview:-1"},"canonical":"https:\/\/www.ogrodolszanica.pl\/index.php\/produkt\/dysza-do-zraszania-bradas-le-05500-34k\/","og_locale":"pl_PL","og_type":"article","og_title":"Dysza do zraszania Bradas LE-05500-34K - Ogr&oacute;d Olszanica","og_description":"BRADAS Zestaw zraszaj\u0105cy LIME LINE 4-elementowy NIEZAWODNY ZESTAW ZRASZAJ\u0104CY \u2705Doskona\u0142e dopasowanie do element\u00f3w \u27054 elementy funkcjonalne \u2705Materia\u0142y najwy\u017cszej jako\u015bci \u2705Szczelno\u015b\u0107 WYSOKA JAKO\u015a\u0106 I DOSKONA\u0141E DOPASOWANIE \u2705Wykonany z\u00a0wysokiej jako\u015bci materia\u0142\u00f3w, zapewniaj\u0105cych trwa\u0142o\u015b\u0107 i wytrzyma\u0142o\u015b\u0107, nawet przy intensywnym u\u017cytkowaniu. \u2705Ka\u017cdy element zestawu charakteryzuje si\u0119 precyzyjnie dopasowanym kszta\u0142tem, co umo\u017cliwia \u0142atw\u0105 instalacj\u0119 i pewne po\u0142\u0105czenie z w\u0119\u017cem. \u2705Niezwodny &hellip; Dysza do zraszania Bradas LE-05500-34K Read More &raquo;","og_url":"https:\/\/www.ogrodolszanica.pl\/index.php\/produkt\/dysza-do-zraszania-bradas-le-05500-34k\/","og_site_name":"Ogr&oacute;d Olszanica","article_publisher":"https:\/\/www.facebook.com\/Ogrd-Olszanica-100807179225223","og_image":[{"width":225,"height":225,"url":"https:\/\/www.ogrodolszanica.pl\/wp-content\/uploads\/2026\/03\/images-7.jpg","type":"image\/jpeg"}],"author":"admin","twitter_card":"summary_large_image","twitter_misc":{"Szacowany czas czytania":"1 minuta"},"schema":{"@context":"https:\/\/schema.org","@graph":[{"@type":"Organization","@id":"https:\/\/www.ogrodolszanica.pl\/#organization","name":"Ogr\u00f3d Olszanica - Krakowskie Centrum Ogrodnicze","url":"https:\/\/www.ogrodolszanica.pl\/","sameAs":["https:\/\/www.facebook.com\/Ogrd-Olszanica-100807179225223"],"logo":{"@type":"ImageObject","inLanguage":"pl-PL","@id":"https:\/\/www.ogrodolszanica.pl\/#\/schema\/logo\/image\/","url":"http:\/\/www.ogrodolszanica.pl\/wp-content\/uploads\/2022\/06\/Ogrod-Olszanica1-1.png","contentUrl":"http:\/\/www.ogrodolszanica.pl\/wp-content\/uploads\/2022\/06\/Ogrod-Olszanica1-1.png","width":180,"height":60,"caption":"Ogr\u00f3d Olszanica - Krakowskie Centrum Ogrodnicze"},"image":{"@id":"https:\/\/www.ogrodolszanica.pl\/#\/schema\/logo\/image\/"}},{"@type":"WebSite","@id":"https:\/\/www.ogrodolszanica.pl\/#website","url":"https:\/\/www.ogrodolszanica.pl\/","name":"Ogr&oacute;d Olszanica","description":"Centrum Ogrodnicze Krak&oacute;w","publisher":{"@id":"https:\/\/www.ogrodolszanica.pl\/#organization"},"potentialAction":[{"@type":"SearchAction","target":{"@type":"EntryPoint","urlTemplate":"https:\/\/www.ogrodolszanica.pl\/?s={search_term_string}"},"query-input":"required name=search_term_string"}],"inLanguage":"pl-PL"},{"@type":"ImageObject","inLanguage":"pl-PL","@id":"https:\/\/www.ogrodolszanica.pl\/index.php\/produkt\/dysza-do-zraszania-bradas-le-05500-34k\/#primaryimage","url":"https:\/\/i0.wp.com\/www.ogrodolszanica.pl\/wp-content\/uploads\/2026\/03\/images-7.jpg?fit=225%2C225&ssl=1","contentUrl":"https:\/\/i0.wp.com\/www.ogrodolszanica.pl\/wp-content\/uploads\/2026\/03\/images-7.jpg?fit=225%2C225&ssl=1","width":225,"height":225},{"@type":"WebPage","@id":"https:\/\/www.ogrodolszanica.pl\/index.php\/produkt\/dysza-do-zraszania-bradas-le-05500-34k\/#webpage","url":"https:\/\/www.ogrodolszanica.pl\/index.php\/produkt\/dysza-do-zraszania-bradas-le-05500-34k\/","name":"Dysza do zraszania Bradas LE-05500-34K - Ogr&oacute;d Olszanica","isPartOf":{"@id":"https:\/\/www.ogrodolszanica.pl\/#website"},"primaryImageOfPage":{"@id":"https:\/\/www.ogrodolszanica.pl\/index.php\/produkt\/dysza-do-zraszania-bradas-le-05500-34k\/#primaryimage"},"datePublished":"2026-03-08T19:43:52+00:00","dateModified":"2026-03-08T19:43:52+00:00","breadcrumb":{"@id":"https:\/\/www.ogrodolszanica.pl\/index.php\/produkt\/dysza-do-zraszania-bradas-le-05500-34k\/#breadcrumb"},"inLanguage":"pl-PL","potentialAction":[{"@type":"ReadAction","target":["https:\/\/www.ogrodolszanica.pl\/index.php\/produkt\/dysza-do-zraszania-bradas-le-05500-34k\/"]}]},{"@type":"BreadcrumbList","@id":"https:\/\/www.ogrodolszanica.pl\/index.php\/produkt\/dysza-do-zraszania-bradas-le-05500-34k\/#breadcrumb","itemListElement":[{"@type":"ListItem","position":1,"name":"Strona g\u0142\u00f3wna","item":"https:\/\/www.ogrodolszanica.pl\/"},{"@type":"ListItem","position":2,"name":"Produkty","item":"https:\/\/www.ogrodolszanica.pl\/index.php\/shop\/"},{"@type":"ListItem","position":3,"name":"Dysza do zraszania Bradas LE-05500-34K"}]}]}},"jetpack-related-posts":[{"id":4157,"url":"https:\/\/www.ogrodolszanica.pl\/index.php\/produkt\/dysza-do-zraszania-bradas-le-05500-12k\/","url_meta":{"origin":4159,"position":0},"title":"Dysza do zraszania Bradas LE-05500-12K","date":"8 marca, 2026","format":false,"excerpt":"LE-05500-12K zestaw zraszaj\u0105cy 4-elem.na w\u0105\u017c 1\/2` LE-05500-12K to zestaw zraszaj\u0105cy sk\u0142adaj\u0105cy si\u0119 z czterech element\u00f3w, kt\u00f3ry doskonale sprawdzi si\u0119 w podlewaniu ro\u015blin w ogrodzie. Dzi\u0119ki temu zestawowi b\u0119dziesz m\u00f3g\u0142 skutecznie nawil\u017ca\u0107 swoje ro\u015bliny bez wi\u0119kszych wysi\u0142k\u00f3w. Doskonale sprawdzi si\u0119 zar\u00f3wno w przypadku ma\u0142ych ogr\u00f3dk\u00f3w, jak i wi\u0119kszych powierzchni. Jego solidna\u2026","rel":"","context":"Similar post","img":{"alt_text":"","src":"https:\/\/i0.wp.com\/www.ogrodolszanica.pl\/wp-content\/uploads\/2026\/03\/images-6.jpg?fit=225%2C225&ssl=1&resize=350%2C200","width":350,"height":200},"classes":[]},{"id":4163,"url":"https:\/\/www.ogrodolszanica.pl\/index.php\/produkt\/dysza-do-zraszania-bradas-le-04710k\/","url_meta":{"origin":4159,"position":1},"title":"Dysza do zraszania Bradas LE-04710K","date":"8 marca, 2026","format":false,"excerpt":"Dysza prosta regulowana Symbol: LE-04710K \u2714\ufe0fTradycyjna dysza prosta regulowana jest wygodna w obs\u0142udze\u00a0dzi\u0119ki dobrze wyprofilowanym elementom z wytrzyma\u0142ego tworzywa. \u2714\ufe0fBezstopniowa regulacja strumienia wody,\u00a0od punktowego do delikatnej m\u017cawki. U\u017cytkowany nie tylko w ogrodzie, lecz tak\u017ce w gospodarstwie domowym. \u2714\ufe0fZalety: \u2022 prosta obs\u0142uga dzi\u0119ki ergonomicznemu designowi. \u2022 wytrzyma\u0142e tworzywo gwarantuje\u00a0wieloletni\u0105 u\u017cyteczno\u015b\u0107. *\ufe0f\u20e3\u00a0\u2026","rel":"","context":"Similar post","img":{"alt_text":"","src":"https:\/\/i0.wp.com\/www.ogrodolszanica.pl\/wp-content\/uploads\/2026\/03\/pol_pl_Dysza-prosta-regulowana-LIME-LINE-BRADAS-LE-04710K-17611_3.jpg?fit=600%2C600&ssl=1&resize=350%2C200","width":350,"height":200},"classes":[]},{"id":4161,"url":"https:\/\/www.ogrodolszanica.pl\/index.php\/produkt\/pistolet-na-waz-8-funkcyjny-z-armatura-zestaw-4k\/","url_meta":{"origin":4159,"position":2},"title":"Pistolet na w\u0105\u017c 8-funkcyjny z armatur\u0105 &#8211; zestaw 4K","date":"8 marca, 2026","format":false,"excerpt":"\u2728 PISTOLET DO ZRASZANIA 8-FUNKCYJNY\u00a0+ SZYBKOZ\u0141\u0104CZKA + SZYBKOZ\u0141\u0104CZKA STOP + PRZY\u0141\u0104CZE Z REDUKCJ\u0104 marki Bradas \u2728 \u2705 8 R\u00d3\u017bNYCH TRYB\u00d3W ZRASZANIA \u2705 SZYBKOZ\u0141\u0104CZE STOP NA W\u0104\u017b 1\/2\" LUB 5\/8\" \u2705 SZYBKOZ\u0141\u0104CZE STANDARDOWE NA W\u0104\u017b 1\/2\" LUB 5\/8\" \u2705 PRZY\u0141\u0104CZE NA KRAN 3\/4\" Z REDUKCJ\u0104 1\/2\" \u2705 FUNKCJA PRACY CI\u0104G\u0141EJ \u2733\ufe0f\u2026","rel":"","context":"Similar post","img":{"alt_text":"","src":"https:\/\/i0.wp.com\/www.ogrodolszanica.pl\/wp-content\/uploads\/2026\/03\/BRADAS-Pistolet-na-waz-8-funkcyjny-z-armatura-zestaw-ECO-2068SET.jpg?fit=600%2C600&ssl=1&resize=350%2C200","width":350,"height":200},"classes":[]},{"id":4138,"url":"https:\/\/www.ogrodolszanica.pl\/index.php\/produkt\/sekator-tradycyjny-bradas-carbon-steel-8\/","url_meta":{"origin":4159,"position":3},"title":"Sekator tradycyjny Bradas Carbon-Steel 8&#8243;","date":"8 marca, 2026","format":false,"excerpt":"ZESTAW SEKATOR\u00d3W KWIAT\u00d3W ORAZ P\u0118D\u00d3W Zestaw zawiera: - Sekator profesjonalny 8\" do kwiat\u00f3w i p\u0119d\u00f3w. Wykonany ze specjalnej stali karbonowej. - 2x profesjonalny, ergonomiczny sekator ogrodniczy CARBON-STEEL do kwiat\u00f3w i p\u0119d\u00f3w Produkty oferowane w zestawie wykonane s\u0105 z wysokiej jako\u015bci ostrza oraz wyposa\u017cone s\u0105 w antypo\u015blizgowe uchwyty. Sekator do ga\u0142\u0119zi,\u2026","rel":"","context":"Similar post","img":{"alt_text":"","src":"https:\/\/i0.wp.com\/www.ogrodolszanica.pl\/wp-content\/uploads\/2026\/03\/images-3.jpg?fit=225%2C225&ssl=1&resize=350%2C200","width":350,"height":200},"classes":[]},{"id":4145,"url":"https:\/\/www.ogrodolszanica.pl\/index.php\/produkt\/zestaw-z-obrzezem-trawnikowym-easy-border-50mm-zielen-bradas-ogrod\/","url_meta":{"origin":4159,"position":4},"title":"Zestaw z obrze\u017cem trawnikowym EASY BORDER 50mm ziele\u0144 BRADAS OGR\u00d3D","date":"8 marca, 2026","format":false,"excerpt":"Obrze\u017ce ogrodowe EASY BORDER SET 50mm - zielone OBEGR5010SET Obrze\u017ce trawnikowe Bradas\u00a0stosowane jest przy aran\u017cacji ogrodu do oddzielenia trawnika od \u015bcie\u017cki, cz\u0119\u015bci uprawnej ogrodu, rabat kwiatowych, kory czy nawierzchni grysowej. Obrze\u017ce ogrodowe wykonane jest\u00a0z wysokiej jako\u015bci tworzywa sztucznego, odpornego na warunki atmosferyczne. Produkt jest niezwykle elastyczny, co umo\u017cliwia tworzenie oryginalnych\u2026","rel":"","context":"Similar post","img":{"alt_text":"","src":"https:\/\/i0.wp.com\/www.ogrodolszanica.pl\/wp-content\/uploads\/2026\/03\/Zestaw-z-obrzezem-trawnikowym-EASY-BORDER-50mm-zielen-BRADAS-OGROD.jpg?fit=600%2C600&ssl=1&resize=350%2C200","width":350,"height":200},"classes":[]},{"id":4151,"url":"https:\/\/www.ogrodolszanica.pl\/index.php\/produkt\/bradas-szpilka-metalowa-galwanizowana-7x20cm-20szt\/","url_meta":{"origin":4159,"position":5},"title":"BRADAS Szpilka metalowa galwanizowana 7x20cm 20szt","date":"8 marca, 2026","format":false,"excerpt":"SZPILKI KOTWY METALOWE DO AGROW\u0141\u00d3KNINY AGROTKANINY Szpilka metalowa galwanizowana w kszta\u0142cie \"U\" MODEL:\u00a0ATSMGU1720\/20B Zastosowanie:\u00a0do mocowania r\u00f3\u017cnych materia\u0142\u00f3w do pod\u0142o\u017ca. U\u0142atwia\u00a0mocowanie agrow\u0142\u00f3kniny, flizeliny, siatki i innych materia\u0142\u00f3w do pod\u0142o\u017ca\u00a0wymagaj\u0105cych przytwierdzenia chwilowo oraz na sta\u0142e. Wykonana\u00a0ze stali galwanizowanej Wytrzyma\u0142a konstrukcja Odporna na\u00a0mr\u00f3z Odporna na dzia\u0142anie wi\u0119kszo\u015bci\u00a0substancji\u00a0chemicznych\u00a0wyst\u0119puj\u0105cych w ogrodzie (s\u00f3l, amoniak, kwa\u015bne deszcze)\u2026","rel":"","context":"Similar post","img":{"alt_text":"","src":"https:\/\/i0.wp.com\/www.ogrodolszanica.pl\/wp-content\/uploads\/2026\/03\/SZPILKA-MOCUJACA-METALOWA-7X20CM-20-SZTUK-BRADAS.jpg?fit=800%2C800&ssl=1&resize=350%2C200","width":350,"height":200},"classes":[]}],"_links":{"self":[{"href":"https:\/\/www.ogrodolszanica.pl\/index.php\/wp-json\/wp\/v2\/product\/4159","targetHints":{"allow":["GET"]}}],"collection":[{"href":"https:\/\/www.ogrodolszanica.pl\/index.php\/wp-json\/wp\/v2\/product"}],"about":[{"href":"https:\/\/www.ogrodolszanica.pl\/index.php\/wp-json\/wp\/v2\/types\/product"}],"replies":[{"embeddable":true,"href":"https:\/\/www.ogrodolszanica.pl\/index.php\/wp-json\/wp\/v2\/comments?post=4159"}],"wp:featuredmedia":[{"embeddable":true,"href":"https:\/\/www.ogrodolszanica.pl\/index.php\/wp-json\/wp\/v2\/media\/4160"}],"wp:attachment":[{"href":"https:\/\/www.ogrodolszanica.pl\/index.php\/wp-json\/wp\/v2\/media?parent=4159"}],"wp:term":[{"taxonomy":"product_cat","embeddable":true,"href":"https:\/\/www.ogrodolszanica.pl\/index.php\/wp-json\/wp\/v2\/product_cat?post=4159"},{"taxonomy":"product_tag","embeddable":true,"href":"https:\/\/www.ogrodolszanica.pl\/index.php\/wp-json\/wp\/v2\/product_tag?post=4159"}],"curies":[{"name":"wp","href":"https:\/\/api.w.org\/{rel}","templated":true}]}}