{"id":4153,"date":"2026-03-08T19:40:11","date_gmt":"2026-03-08T19:40:11","guid":{"rendered":"https:\/\/www.ogrodolszanica.pl\/?post_type=product&#038;p=4153"},"modified":"2026-03-08T19:40:11","modified_gmt":"2026-03-08T19:40:11","slug":"szpilka-7cm-15cm-szpilki-metalowe-galwanizowane-20szt","status":"publish","type":"product","link":"https:\/\/www.ogrodolszanica.pl\/index.php\/produkt\/szpilka-7cm-15cm-szpilki-metalowe-galwanizowane-20szt\/","title":{"rendered":"Szpilka 7cm\/15cm szpilki metalowe galwanizowane 20szt"},"content":{"rendered":"<div class=\"mpof_ki myre_zn myre_8v_l m389_6m_l\">\n<div class=\"mp4t_16_s mryx_16_s mr3m_1 mli2_1 mh85_56 mh85_0_l\">\n<div class=\"mgn2_16 _0d3bd_am0a-\">\n<p><b>Szpilka metalowa galwanizowana w kszta\u0142cie &#8222;U&#8221; &#8211; 20szt.<\/b><\/p>\n<p><b>ATSMGU1715\/20B<\/b><\/p>\n<\/div>\n<\/div>\n<\/div>\n<div class=\"mpof_ki myre_zn myre_8v_l m389_6m_l\">\n<div class=\"mp4t_16_s mryx_16_s mr3m_1 mli2_1 mh85_56 mh85_0_l\">\n<div class=\"mg9e_8 mj7a_8 mg9e_0_s mvrt_0_s mj7a_0_s mh36_0_s mzmg_6m munh_16_l m3h2_16_l\">\n<div class=\"mp4t_0 mryx_0 munh_56 m3h2_56\">\n<div class=\"mp7g_oh\"><button class=\"mg9e_0 mvrt_0 mj7a_0 mh36_0 mp4t_0 m3h2_0 mryx_0 munh_0 mqen_m6 mpof_z0 mx7m_0 m7er_k4 mse2_k4 msts_pt\" data-analytics-interaction=\"true\" data-analytics-interaction-label=\"zoomable-image-open\" aria-disabled=\"true\"><img decoding=\"async\" class=\"msub_k4 mupj_5k mjru_k4 mse2_k4 mp7g_f6 mq1m_0 mj7u_0 m7er_k4 mqen_m6 m31c_d8 m0ux_fp lazyloaded\" src=\"https:\/\/a.allegroimg.com\/original\/117cc3\/243c6eb44b179a021f98d890acbd\/Szpilka-7cm-15cm-szpilki-metalowe-galwanizowane-20szt\" sizes=\"(min-width: 1200px) 560px, (min-width: 992px) 50vw, 100vw\" srcset=\"https:\/\/a.allegroimg.com\/s360\/117cc3\/243c6eb44b179a021f98d890acbd\/Szpilka-7cm-15cm-szpilki-metalowe-galwanizowane-20szt 360w,https:\/\/a.allegroimg.com\/s720\/117cc3\/243c6eb44b179a021f98d890acbd\/Szpilka-7cm-15cm-szpilki-metalowe-galwanizowane-20szt 600w,https:\/\/a.allegroimg.com\/original\/117cc3\/243c6eb44b179a021f98d890acbd\/Szpilka-7cm-15cm-szpilki-metalowe-galwanizowane-20szt 600w\" alt=\"Szpilka 7cm\/15cm szpilki metalowe galwanizowane 20szt\" width=\"600px\" data-srcset=\"\" \/><\/button><\/div>\n<\/div>\n<\/div>\n<\/div>\n<div class=\"mp4t_16_s mryx_16_s mr3m_1 mli2_1 mh85_56 mh85_0_l\">\n<div class=\"mgn2_16 _0d3bd_am0a-\">\n<p><b>Metalowe szpilki<\/b>\u00a0przeznaczone s\u0105 do mocowania\u00a0agrotkaniny, agrow\u0142\u00f3kniny, geow\u0142\u00f3kniny oraz kaptur\u00f3w ochronnych do\u00a0<b>zabezpieczania ro\u015blin przed mrozem<\/b>.<\/p>\n<p>Produkt\u00a0<b>wykonany jest z drutu stalowego<\/b>, dzi\u0119ki czemu szpilk\u0119 bardzo \u0142atwo wbija si\u0119 w ziemi\u0119.<\/p>\n<p>Szpilki mocuj\u0105ce maj\u0105\u00a0<b>wysoko\u015b\u0107 15cm i szeroko\u015b\u0107 7cm.<\/b>\u00a0Dzi\u0119ki du\u017cym wymiarom, metalowe szpilki (ko\u0142ki) stabilnie przytrzymuj\u0105 agrow\u0142\u00f3knin\u0119, agrotkanin\u0119, itp. przy ziemi.<\/p>\n<p>Szpilki do mocowania agrotkaniny s\u0105 wysokiej jako\u015bci\u00a0<b>produktem polskim marki Bradas<\/b><\/p>\n<\/div>\n<\/div>\n<\/div>\n<div class=\"mpof_ki myre_zn myre_8v_l m389_6m_l\">\n<div class=\"mp4t_16_s mryx_16_s mr3m_1 mli2_1 mh85_56 mh85_0_l\">\n<div class=\"mgn2_16 _0d3bd_am0a-\">\n<p><b>Specyfikacja:<\/b><\/p>\n<p>wysoko\u015b\u0107: 15cm<\/p>\n<p>szeroko\u015b\u0107: 7 cm<\/p>\n<p>kszta\u0142t: &#8222;U&#8221;<\/p>\n<p>ilo\u015b\u0107 w opakowaniu: 20 sztuk<\/p>\n<\/div>\n<\/div>\n<div class=\"mp4t_16_s mryx_16_s mr3m_1 mli2_1 mh85_56 mh85_0_l\">\n<div class=\"mg9e_8 mj7a_8 mg9e_0_s mvrt_0_s mj7a_0_s mh36_0_s mzmg_6m munh_16_l m3h2_16_l\">\n<div class=\"mp4t_0 mryx_0 munh_56 m3h2_56\">\n<div class=\"mp7g_oh\"><button class=\"mg9e_0 mvrt_0 mj7a_0 mh36_0 mp4t_0 m3h2_0 mryx_0 munh_0 mqen_m6 mpof_z0 mx7m_0 m7er_k4 mse2_k4 msts_pt\" data-analytics-interaction=\"true\" data-analytics-interaction-label=\"zoomable-image-open\" aria-disabled=\"true\"><img decoding=\"async\" class=\"msub_k4 mupj_5k mjru_k4 mse2_k4 mp7g_f6 mq1m_0 mj7u_0 m7er_k4 mqen_m6 m31c_d8 m0ux_fp lazyloaded\" src=\"https:\/\/a.allegroimg.com\/original\/11d7f9\/11e2588b455c9ef6d54bafff8eb8\/Szpilka-7cm-15cm-szpilki-metalowe-galwanizowane-20szt-Kod-producenta-ATSMGU1715-20B\" sizes=\"(min-width: 1200px) 560px, (min-width: 992px) 50vw, 100vw\" srcset=\"https:\/\/a.allegroimg.com\/s360\/11d7f9\/11e2588b455c9ef6d54bafff8eb8\/Szpilka-7cm-15cm-szpilki-metalowe-galwanizowane-20szt-Kod-producenta-ATSMGU1715-20B 360w,https:\/\/a.allegroimg.com\/s720\/11d7f9\/11e2588b455c9ef6d54bafff8eb8\/Szpilka-7cm-15cm-szpilki-metalowe-galwanizowane-20szt-Kod-producenta-ATSMGU1715-20B 600w,https:\/\/a.allegroimg.com\/original\/11d7f9\/11e2588b455c9ef6d54bafff8eb8\/Szpilka-7cm-15cm-szpilki-metalowe-galwanizowane-20szt-Kod-producenta-ATSMGU1715-20B 600w\" alt=\"Szpilka 7cm\/15cm szpilki metalowe galwanizowane 20szt Kod producenta ATSMGU1715\/20B\" width=\"600px\" data-srcset=\"\" \/><\/button><\/div>\n<\/div>\n<\/div>\n<\/div>\n<\/div>\n","protected":false},"excerpt":{"rendered":"<p>Szpilka metalowa galwanizowana w kszta\u0142cie &#8222;U&#8221; &#8211; 20szt. ATSMGU1715\/20B Metalowe szpilki\u00a0przeznaczone s\u0105 do mocowania\u00a0agrotkaniny, agrow\u0142\u00f3kniny, geow\u0142\u00f3kniny oraz kaptur\u00f3w ochronnych do\u00a0zabezpieczania ro\u015blin przed mrozem. Produkt\u00a0wykonany jest z drutu stalowego, dzi\u0119ki czemu szpilk\u0119 bardzo \u0142atwo wbija si\u0119 w ziemi\u0119. Szpilki mocuj\u0105ce maj\u0105\u00a0wysoko\u015b\u0107 15cm i szeroko\u015b\u0107 7cm.\u00a0Dzi\u0119ki du\u017cym wymiarom, metalowe szpilki (ko\u0142ki) stabilnie przytrzymuj\u0105 agrow\u0142\u00f3knin\u0119, agrotkanin\u0119, itp. przy &hellip;<\/p>\n<p class=\"read-more\"> <a class=\"\" href=\"https:\/\/www.ogrodolszanica.pl\/index.php\/produkt\/szpilka-7cm-15cm-szpilki-metalowe-galwanizowane-20szt\/\"> <span class=\"screen-reader-text\">Szpilka 7cm\/15cm szpilki metalowe galwanizowane 20szt<\/span> Read More &raquo;<\/a><\/p>\n","protected":false},"featured_media":4154,"comment_status":"open","ping_status":"closed","template":"","meta":{"site-sidebar-layout":"default","site-content-layout":"default","ast-global-header-display":"","ast-main-header-display":"","ast-hfb-above-header-display":"","ast-hfb-below-header-display":"","ast-hfb-mobile-header-display":"","site-post-title":"","ast-breadcrumbs-content":"","ast-featured-img":"","footer-sml-layout":"","theme-transparent-header-meta":"default","adv-header-id-meta":"","stick-header-meta":"","header-above-stick-meta":"","header-main-stick-meta":"","header-below-stick-meta":"","spay_email":""},"product_cat":[100],"product_tag":[],"class_list":["post-4153","product","type-product","status-publish","has-post-thumbnail","hentry","product_cat-szpilki-do-agrowlokniny"],"yoast_head":"<!-- This site is optimized with the Yoast SEO plugin v19.2 - https:\/\/yoast.com\/wordpress\/plugins\/seo\/ -->\n<title>Szpilka 7cm\/15cm szpilki metalowe galwanizowane 20szt - Ogr&oacute;d Olszanica<\/title>\n<meta name=\"robots\" content=\"index, follow, max-snippet:-1, max-image-preview:large, max-video-preview:-1\" \/>\n<link rel=\"canonical\" href=\"https:\/\/www.ogrodolszanica.pl\/index.php\/produkt\/szpilka-7cm-15cm-szpilki-metalowe-galwanizowane-20szt\/\" \/>\n<meta property=\"og:locale\" content=\"pl_PL\" \/>\n<meta property=\"og:type\" content=\"article\" \/>\n<meta property=\"og:title\" content=\"Szpilka 7cm\/15cm szpilki metalowe galwanizowane 20szt - Ogr&oacute;d Olszanica\" \/>\n<meta property=\"og:description\" content=\"Szpilka metalowa galwanizowana w kszta\u0142cie &#8222;U&#8221; &#8211; 20szt. ATSMGU1715\/20B Metalowe szpilki\u00a0przeznaczone s\u0105 do mocowania\u00a0agrotkaniny, agrow\u0142\u00f3kniny, geow\u0142\u00f3kniny oraz kaptur\u00f3w ochronnych do\u00a0zabezpieczania ro\u015blin przed mrozem. Produkt\u00a0wykonany jest z drutu stalowego, dzi\u0119ki czemu szpilk\u0119 bardzo \u0142atwo wbija si\u0119 w ziemi\u0119. Szpilki mocuj\u0105ce maj\u0105\u00a0wysoko\u015b\u0107 15cm i szeroko\u015b\u0107 7cm.\u00a0Dzi\u0119ki du\u017cym wymiarom, metalowe szpilki (ko\u0142ki) stabilnie przytrzymuj\u0105 agrow\u0142\u00f3knin\u0119, agrotkanin\u0119, itp. przy &hellip; Szpilka 7cm\/15cm szpilki metalowe galwanizowane 20szt Read More &raquo;\" \/>\n<meta property=\"og:url\" content=\"https:\/\/www.ogrodolszanica.pl\/index.php\/produkt\/szpilka-7cm-15cm-szpilki-metalowe-galwanizowane-20szt\/\" \/>\n<meta property=\"og:site_name\" content=\"Ogr&oacute;d Olszanica\" \/>\n<meta property=\"article:publisher\" content=\"https:\/\/www.facebook.com\/Ogrd-Olszanica-100807179225223\" \/>\n<meta property=\"og:image\" content=\"https:\/\/www.ogrodolszanica.pl\/wp-content\/uploads\/2026\/03\/Szpilki-Kotwy-metalowe-galwanizowane-U-7x15cm-20szt-opk-ATSMGU1715-20B.jpg\" \/>\n\t<meta property=\"og:image:width\" content=\"600\" \/>\n\t<meta property=\"og:image:height\" content=\"600\" \/>\n\t<meta property=\"og:image:type\" content=\"image\/jpeg\" \/>\n<meta name=\"author\" content=\"admin\" \/>\n<meta name=\"twitter:card\" content=\"summary_large_image\" \/>\n<script type=\"application\/ld+json\" class=\"yoast-schema-graph\">{\"@context\":\"https:\/\/schema.org\",\"@graph\":[{\"@type\":\"Organization\",\"@id\":\"https:\/\/www.ogrodolszanica.pl\/#organization\",\"name\":\"Ogr\u00f3d Olszanica - Krakowskie Centrum Ogrodnicze\",\"url\":\"https:\/\/www.ogrodolszanica.pl\/\",\"sameAs\":[\"https:\/\/www.facebook.com\/Ogrd-Olszanica-100807179225223\"],\"logo\":{\"@type\":\"ImageObject\",\"inLanguage\":\"pl-PL\",\"@id\":\"https:\/\/www.ogrodolszanica.pl\/#\/schema\/logo\/image\/\",\"url\":\"http:\/\/www.ogrodolszanica.pl\/wp-content\/uploads\/2022\/06\/Ogrod-Olszanica1-1.png\",\"contentUrl\":\"http:\/\/www.ogrodolszanica.pl\/wp-content\/uploads\/2022\/06\/Ogrod-Olszanica1-1.png\",\"width\":180,\"height\":60,\"caption\":\"Ogr\u00f3d Olszanica - Krakowskie Centrum Ogrodnicze\"},\"image\":{\"@id\":\"https:\/\/www.ogrodolszanica.pl\/#\/schema\/logo\/image\/\"}},{\"@type\":\"WebSite\",\"@id\":\"https:\/\/www.ogrodolszanica.pl\/#website\",\"url\":\"https:\/\/www.ogrodolszanica.pl\/\",\"name\":\"Ogr&oacute;d Olszanica\",\"description\":\"Centrum Ogrodnicze Krak&oacute;w\",\"publisher\":{\"@id\":\"https:\/\/www.ogrodolszanica.pl\/#organization\"},\"potentialAction\":[{\"@type\":\"SearchAction\",\"target\":{\"@type\":\"EntryPoint\",\"urlTemplate\":\"https:\/\/www.ogrodolszanica.pl\/?s={search_term_string}\"},\"query-input\":\"required name=search_term_string\"}],\"inLanguage\":\"pl-PL\"},{\"@type\":\"ImageObject\",\"inLanguage\":\"pl-PL\",\"@id\":\"https:\/\/www.ogrodolszanica.pl\/index.php\/produkt\/szpilka-7cm-15cm-szpilki-metalowe-galwanizowane-20szt\/#primaryimage\",\"url\":\"https:\/\/i0.wp.com\/www.ogrodolszanica.pl\/wp-content\/uploads\/2026\/03\/Szpilki-Kotwy-metalowe-galwanizowane-U-7x15cm-20szt-opk-ATSMGU1715-20B.jpg?fit=600%2C600&ssl=1\",\"contentUrl\":\"https:\/\/i0.wp.com\/www.ogrodolszanica.pl\/wp-content\/uploads\/2026\/03\/Szpilki-Kotwy-metalowe-galwanizowane-U-7x15cm-20szt-opk-ATSMGU1715-20B.jpg?fit=600%2C600&ssl=1\",\"width\":600,\"height\":600,\"caption\":\"ad9b7d3d087eaac7f253ae284b7995ffb9287898d0f42a37659c2e654c113b8e032eaeb38b804240854b8b9075d971aca3dc36635ca4e51e6f02f1ad0d0524e11f39413b41ab4986069ef580e047a67e\"},{\"@type\":\"WebPage\",\"@id\":\"https:\/\/www.ogrodolszanica.pl\/index.php\/produkt\/szpilka-7cm-15cm-szpilki-metalowe-galwanizowane-20szt\/#webpage\",\"url\":\"https:\/\/www.ogrodolszanica.pl\/index.php\/produkt\/szpilka-7cm-15cm-szpilki-metalowe-galwanizowane-20szt\/\",\"name\":\"Szpilka 7cm\/15cm szpilki metalowe galwanizowane 20szt - Ogr&oacute;d Olszanica\",\"isPartOf\":{\"@id\":\"https:\/\/www.ogrodolszanica.pl\/#website\"},\"primaryImageOfPage\":{\"@id\":\"https:\/\/www.ogrodolszanica.pl\/index.php\/produkt\/szpilka-7cm-15cm-szpilki-metalowe-galwanizowane-20szt\/#primaryimage\"},\"datePublished\":\"2026-03-08T19:40:11+00:00\",\"dateModified\":\"2026-03-08T19:40:11+00:00\",\"breadcrumb\":{\"@id\":\"https:\/\/www.ogrodolszanica.pl\/index.php\/produkt\/szpilka-7cm-15cm-szpilki-metalowe-galwanizowane-20szt\/#breadcrumb\"},\"inLanguage\":\"pl-PL\",\"potentialAction\":[{\"@type\":\"ReadAction\",\"target\":[\"https:\/\/www.ogrodolszanica.pl\/index.php\/produkt\/szpilka-7cm-15cm-szpilki-metalowe-galwanizowane-20szt\/\"]}]},{\"@type\":\"BreadcrumbList\",\"@id\":\"https:\/\/www.ogrodolszanica.pl\/index.php\/produkt\/szpilka-7cm-15cm-szpilki-metalowe-galwanizowane-20szt\/#breadcrumb\",\"itemListElement\":[{\"@type\":\"ListItem\",\"position\":1,\"name\":\"Strona g\u0142\u00f3wna\",\"item\":\"https:\/\/www.ogrodolszanica.pl\/\"},{\"@type\":\"ListItem\",\"position\":2,\"name\":\"Produkty\",\"item\":\"https:\/\/www.ogrodolszanica.pl\/index.php\/shop\/\"},{\"@type\":\"ListItem\",\"position\":3,\"name\":\"Szpilka 7cm\/15cm szpilki metalowe galwanizowane 20szt\"}]}]}<\/script>\n<!-- \/ Yoast SEO plugin. -->","yoast_head_json":{"title":"Szpilka 7cm\/15cm szpilki metalowe galwanizowane 20szt - Ogr&oacute;d Olszanica","robots":{"index":"index","follow":"follow","max-snippet":"max-snippet:-1","max-image-preview":"max-image-preview:large","max-video-preview":"max-video-preview:-1"},"canonical":"https:\/\/www.ogrodolszanica.pl\/index.php\/produkt\/szpilka-7cm-15cm-szpilki-metalowe-galwanizowane-20szt\/","og_locale":"pl_PL","og_type":"article","og_title":"Szpilka 7cm\/15cm szpilki metalowe galwanizowane 20szt - Ogr&oacute;d Olszanica","og_description":"Szpilka metalowa galwanizowana w kszta\u0142cie &#8222;U&#8221; &#8211; 20szt. ATSMGU1715\/20B Metalowe szpilki\u00a0przeznaczone s\u0105 do mocowania\u00a0agrotkaniny, agrow\u0142\u00f3kniny, geow\u0142\u00f3kniny oraz kaptur\u00f3w ochronnych do\u00a0zabezpieczania ro\u015blin przed mrozem. Produkt\u00a0wykonany jest z drutu stalowego, dzi\u0119ki czemu szpilk\u0119 bardzo \u0142atwo wbija si\u0119 w ziemi\u0119. Szpilki mocuj\u0105ce maj\u0105\u00a0wysoko\u015b\u0107 15cm i szeroko\u015b\u0107 7cm.\u00a0Dzi\u0119ki du\u017cym wymiarom, metalowe szpilki (ko\u0142ki) stabilnie przytrzymuj\u0105 agrow\u0142\u00f3knin\u0119, agrotkanin\u0119, itp. przy &hellip; Szpilka 7cm\/15cm szpilki metalowe galwanizowane 20szt Read More &raquo;","og_url":"https:\/\/www.ogrodolszanica.pl\/index.php\/produkt\/szpilka-7cm-15cm-szpilki-metalowe-galwanizowane-20szt\/","og_site_name":"Ogr&oacute;d Olszanica","article_publisher":"https:\/\/www.facebook.com\/Ogrd-Olszanica-100807179225223","og_image":[{"width":600,"height":600,"url":"https:\/\/www.ogrodolszanica.pl\/wp-content\/uploads\/2026\/03\/Szpilki-Kotwy-metalowe-galwanizowane-U-7x15cm-20szt-opk-ATSMGU1715-20B.jpg","type":"image\/jpeg"}],"author":"admin","twitter_card":"summary_large_image","schema":{"@context":"https:\/\/schema.org","@graph":[{"@type":"Organization","@id":"https:\/\/www.ogrodolszanica.pl\/#organization","name":"Ogr\u00f3d Olszanica - Krakowskie Centrum Ogrodnicze","url":"https:\/\/www.ogrodolszanica.pl\/","sameAs":["https:\/\/www.facebook.com\/Ogrd-Olszanica-100807179225223"],"logo":{"@type":"ImageObject","inLanguage":"pl-PL","@id":"https:\/\/www.ogrodolszanica.pl\/#\/schema\/logo\/image\/","url":"http:\/\/www.ogrodolszanica.pl\/wp-content\/uploads\/2022\/06\/Ogrod-Olszanica1-1.png","contentUrl":"http:\/\/www.ogrodolszanica.pl\/wp-content\/uploads\/2022\/06\/Ogrod-Olszanica1-1.png","width":180,"height":60,"caption":"Ogr\u00f3d Olszanica - Krakowskie Centrum Ogrodnicze"},"image":{"@id":"https:\/\/www.ogrodolszanica.pl\/#\/schema\/logo\/image\/"}},{"@type":"WebSite","@id":"https:\/\/www.ogrodolszanica.pl\/#website","url":"https:\/\/www.ogrodolszanica.pl\/","name":"Ogr&oacute;d Olszanica","description":"Centrum Ogrodnicze Krak&oacute;w","publisher":{"@id":"https:\/\/www.ogrodolszanica.pl\/#organization"},"potentialAction":[{"@type":"SearchAction","target":{"@type":"EntryPoint","urlTemplate":"https:\/\/www.ogrodolszanica.pl\/?s={search_term_string}"},"query-input":"required name=search_term_string"}],"inLanguage":"pl-PL"},{"@type":"ImageObject","inLanguage":"pl-PL","@id":"https:\/\/www.ogrodolszanica.pl\/index.php\/produkt\/szpilka-7cm-15cm-szpilki-metalowe-galwanizowane-20szt\/#primaryimage","url":"https:\/\/i0.wp.com\/www.ogrodolszanica.pl\/wp-content\/uploads\/2026\/03\/Szpilki-Kotwy-metalowe-galwanizowane-U-7x15cm-20szt-opk-ATSMGU1715-20B.jpg?fit=600%2C600&ssl=1","contentUrl":"https:\/\/i0.wp.com\/www.ogrodolszanica.pl\/wp-content\/uploads\/2026\/03\/Szpilki-Kotwy-metalowe-galwanizowane-U-7x15cm-20szt-opk-ATSMGU1715-20B.jpg?fit=600%2C600&ssl=1","width":600,"height":600,"caption":"ad9b7d3d087eaac7f253ae284b7995ffb9287898d0f42a37659c2e654c113b8e032eaeb38b804240854b8b9075d971aca3dc36635ca4e51e6f02f1ad0d0524e11f39413b41ab4986069ef580e047a67e"},{"@type":"WebPage","@id":"https:\/\/www.ogrodolszanica.pl\/index.php\/produkt\/szpilka-7cm-15cm-szpilki-metalowe-galwanizowane-20szt\/#webpage","url":"https:\/\/www.ogrodolszanica.pl\/index.php\/produkt\/szpilka-7cm-15cm-szpilki-metalowe-galwanizowane-20szt\/","name":"Szpilka 7cm\/15cm szpilki metalowe galwanizowane 20szt - Ogr&oacute;d Olszanica","isPartOf":{"@id":"https:\/\/www.ogrodolszanica.pl\/#website"},"primaryImageOfPage":{"@id":"https:\/\/www.ogrodolszanica.pl\/index.php\/produkt\/szpilka-7cm-15cm-szpilki-metalowe-galwanizowane-20szt\/#primaryimage"},"datePublished":"2026-03-08T19:40:11+00:00","dateModified":"2026-03-08T19:40:11+00:00","breadcrumb":{"@id":"https:\/\/www.ogrodolszanica.pl\/index.php\/produkt\/szpilka-7cm-15cm-szpilki-metalowe-galwanizowane-20szt\/#breadcrumb"},"inLanguage":"pl-PL","potentialAction":[{"@type":"ReadAction","target":["https:\/\/www.ogrodolszanica.pl\/index.php\/produkt\/szpilka-7cm-15cm-szpilki-metalowe-galwanizowane-20szt\/"]}]},{"@type":"BreadcrumbList","@id":"https:\/\/www.ogrodolszanica.pl\/index.php\/produkt\/szpilka-7cm-15cm-szpilki-metalowe-galwanizowane-20szt\/#breadcrumb","itemListElement":[{"@type":"ListItem","position":1,"name":"Strona g\u0142\u00f3wna","item":"https:\/\/www.ogrodolszanica.pl\/"},{"@type":"ListItem","position":2,"name":"Produkty","item":"https:\/\/www.ogrodolszanica.pl\/index.php\/shop\/"},{"@type":"ListItem","position":3,"name":"Szpilka 7cm\/15cm szpilki metalowe galwanizowane 20szt"}]}]}},"jetpack-related-posts":[{"id":4151,"url":"https:\/\/www.ogrodolszanica.pl\/index.php\/produkt\/bradas-szpilka-metalowa-galwanizowana-7x20cm-20szt\/","url_meta":{"origin":4153,"position":0},"title":"BRADAS Szpilka metalowa galwanizowana 7x20cm 20szt","date":"8 marca, 2026","format":false,"excerpt":"SZPILKI KOTWY METALOWE DO AGROW\u0141\u00d3KNINY AGROTKANINY Szpilka metalowa galwanizowana w kszta\u0142cie \"U\" MODEL:\u00a0ATSMGU1720\/20B Zastosowanie:\u00a0do mocowania r\u00f3\u017cnych materia\u0142\u00f3w do pod\u0142o\u017ca. U\u0142atwia\u00a0mocowanie agrow\u0142\u00f3kniny, flizeliny, siatki i innych materia\u0142\u00f3w do pod\u0142o\u017ca\u00a0wymagaj\u0105cych przytwierdzenia chwilowo oraz na sta\u0142e. Wykonana\u00a0ze stali galwanizowanej Wytrzyma\u0142a konstrukcja Odporna na\u00a0mr\u00f3z Odporna na dzia\u0142anie wi\u0119kszo\u015bci\u00a0substancji\u00a0chemicznych\u00a0wyst\u0119puj\u0105cych w ogrodzie (s\u00f3l, amoniak, kwa\u015bne deszcze)\u2026","rel":"","context":"Similar post","img":{"alt_text":"","src":"https:\/\/i0.wp.com\/www.ogrodolszanica.pl\/wp-content\/uploads\/2026\/03\/SZPILKA-MOCUJACA-METALOWA-7X20CM-20-SZTUK-BRADAS.jpg?fit=800%2C800&ssl=1&resize=350%2C200","width":350,"height":200},"classes":[]},{"id":4155,"url":"https:\/\/www.ogrodolszanica.pl\/index.php\/produkt\/szpilka-metalowa-galwanizowana-u-3-cm-x-15-cm-50-szt-bradas\/","url_meta":{"origin":4153,"position":1},"title":"Szpilka metalowa galwanizowana U 3 cm x 15 cm 50 szt. Bradas","date":"8 marca, 2026","format":false,"excerpt":"Szpilki metalowe galwanizowane w kszta\u0142cie \"U\" 50 szt. szer. 3cm \/ wys.15cm Szpilki gwarantuj\u0105 trwa\u0142e mocowanie agrow\u0142\u00f3kniny, agrotkaniny lub siatek na krety. Ko\u0142ki tego rodzaju s\u0105 cz\u0119sto u\u017cywane na\u00a0skarpach, lub\u00a0wzniesieniach\u00a0a tak\u017ce\u00a0podczas silnego wiatru, gdy mocowanie jest szczeg\u00f3lnie utrudnione. Szpilki dzi\u0119ki swojej op\u0142ywowej budowie mog\u0105 by\u0107 wielokrotnie wbijane i wyci\u0105gane bez\u2026","rel":"","context":"Similar post","img":{"alt_text":"","src":"https:\/\/i0.wp.com\/www.ogrodolszanica.pl\/wp-content\/uploads\/2026\/03\/SZPILKA-MOCUJACA-METALOWA-3X15CM-50-SZTUK-BRADAS.jpg?fit=283%2C546&ssl=1&resize=350%2C200","width":350,"height":200},"classes":[]},{"id":4149,"url":"https:\/\/www.ogrodolszanica.pl\/index.php\/produkt\/szpilka-metal-galw-do-agrowloknin-u7cm-15cm-50szt\/","url_meta":{"origin":4153,"position":2},"title":"SZPILKA METAL GALW.DO AGROW\u0141\u00d3KNIN U7CM\/15CM 50SZT","date":"8 marca, 2026","format":false,"excerpt":"SZPILKI DO AGROW\u0141\u00d3KNINY AGRTOKANINY KOTWY METALOWE Szpilka metalowa galwanizowana w kszta\u0142cie \"U\" MODEL:\u00a0ATSMGU1715\/50L Zastosowanie:\u00a0do mocowania r\u00f3\u017cnych materia\u0142\u00f3w do pod\u0142o\u017ca. U\u0142atwia\u00a0mocowanie agrow\u0142\u00f3kniny, flizeliny, siatki i innych materia\u0142\u00f3w do pod\u0142o\u017ca\u00a0wymagaj\u0105cych przytwierdzenia chwilowo oraz na sta\u0142e. Wykonana\u00a0ze stali galwanizowanej Wytrzyma\u0142a konstrukcja Odporna na\u00a0mr\u00f3z Odporna na dzia\u0142anie wi\u0119kszo\u015bci\u00a0substancji\u00a0chemicznych\u00a0wyst\u0119puj\u0105cych w ogrodzie (s\u00f3l, amoniak, kwa\u015bne deszcze)\u2026","rel":"","context":"Similar post","img":{"alt_text":"","src":"https:\/\/i0.wp.com\/www.ogrodolszanica.pl\/wp-content\/uploads\/2026\/03\/SZPILKA-DO-AGROTKANIN-METALOWA-7cm-x-15cm-50szt.jpg?fit=800%2C800&ssl=1&resize=350%2C200","width":350,"height":200},"classes":[]},{"id":4033,"url":"https:\/\/www.ogrodolszanica.pl\/index.php\/produkt\/grabie-do-lisci-metalowe-regulowane-50-x-140cm\/","url_meta":{"origin":4153,"position":3},"title":"Grabie do li\u015bci metalowe regulowane 50 x 140cm","date":"4 marca, 2026","format":false,"excerpt":"Grabie wachlarzowe regulowane szer.50 cm metalowe Por\u0119czne grabie do li\u015bci i trawnika z mo\u017cliwo\u015bci\u0105 regulacji rozstawu z\u0119b\u00f3w. Dodatkowo podczas zmiany szeroko\u015bci g\u0142owicy (rozstawu z\u0119b\u00f3w) zmienia si\u0119 te\u017c d\u0142ugo\u015b\u0107 narz\u0119dzia (od 107 do 140 cm), pozwala to lepiej dopasowa\u0107 wielko\u015b\u0107 narz\u0119dzia do wzrostu u\u017cytkownika. Grabie wachlarzowe wykonane ze stali ocynkowanej, zako\u0144czone\u2026","rel":"","context":"Similar post","img":{"alt_text":"","src":"https:\/\/i0.wp.com\/www.ogrodolszanica.pl\/wp-content\/uploads\/2026\/03\/Grabie-do-lisci-metalowe-regulowane.jpg?fit=800%2C1200&ssl=1&resize=350%2C200","width":350,"height":200},"classes":[]},{"id":2456,"url":"https:\/\/www.ogrodolszanica.pl\/index.php\/produkt\/orlik-alpejski\/","url_meta":{"origin":4153,"position":4},"title":"Orlik Alpejski Niebieski","date":"28 sierpnia, 2023","format":false,"excerpt":"Orlik Alpejski Aquilegia alpina niebiesko-filoetowy Atrakcyjna ro\u015blina wieloletnia z rodziny jaskrowatych, ceniona zar\u00f3wno za swoje pi\u0119kne kwiaty, jak i niedu\u017ce wymagania, kt\u00f3re pozwalaj\u0105 na jej upraw\u0119 w r\u00f3\u017cnych warunkach. Orlik alpejski to ro\u015blina o charakterystycznych, roz\u0142o\u017cystych li\u015bciach, kt\u00f3re s\u0105 zielone i pokryte woskowym nalotem. Ro\u015blina osi\u0105ga wysoko\u015b\u0107 od 30 do\u2026","rel":"","context":"Similar post","img":{"alt_text":"","src":"https:\/\/i0.wp.com\/www.ogrodolszanica.pl\/wp-content\/uploads\/2023\/08\/aquilegia-alpina_72120_2.jpg?fit=650%2C650&ssl=1&resize=350%2C200","width":350,"height":200},"classes":[]},{"id":4029,"url":"https:\/\/www.ogrodolszanica.pl\/index.php\/produkt\/drut-ogrodniczy-30-m-powlekany\/","url_meta":{"origin":4153,"position":5},"title":"Drut ogrodniczy 30 m powlekany","date":"4 marca, 2026","format":false,"excerpt":"Drut ogrodniczy 30 m powlekany RIM KOWALCZYK D\u0142ugo\u015b\u0107 (w m): 30 \u015arednica drutu (w mm): 0.3 \u015arednica \u017cy\u0142y z os\u0142on\u0105 (w mm): 2 Materia\u0142 drutu: Stal galwanizowana z plastikow\u0105 pow\u0142ok\u0105 Kolor: Zielony Drut ogrodniczy p\u0142aski powlekany PVC s\u0142u\u017cy do podwi\u0105zywania pn\u0105czy, ga\u0142\u0119zi drzew, krzew\u00f3w , \u0142odyg kwiat\u00f3w oraz warzyw. Otulina\u2026","rel":"","context":"Similar post","img":{"alt_text":"","src":"https:\/\/i0.wp.com\/www.ogrodolszanica.pl\/wp-content\/uploads\/2026\/03\/IMG20260303163520-scaled.jpg?fit=904%2C1200&ssl=1&resize=350%2C200","width":350,"height":200},"classes":[]}],"_links":{"self":[{"href":"https:\/\/www.ogrodolszanica.pl\/index.php\/wp-json\/wp\/v2\/product\/4153","targetHints":{"allow":["GET"]}}],"collection":[{"href":"https:\/\/www.ogrodolszanica.pl\/index.php\/wp-json\/wp\/v2\/product"}],"about":[{"href":"https:\/\/www.ogrodolszanica.pl\/index.php\/wp-json\/wp\/v2\/types\/product"}],"replies":[{"embeddable":true,"href":"https:\/\/www.ogrodolszanica.pl\/index.php\/wp-json\/wp\/v2\/comments?post=4153"}],"wp:featuredmedia":[{"embeddable":true,"href":"https:\/\/www.ogrodolszanica.pl\/index.php\/wp-json\/wp\/v2\/media\/4154"}],"wp:attachment":[{"href":"https:\/\/www.ogrodolszanica.pl\/index.php\/wp-json\/wp\/v2\/media?parent=4153"}],"wp:term":[{"taxonomy":"product_cat","embeddable":true,"href":"https:\/\/www.ogrodolszanica.pl\/index.php\/wp-json\/wp\/v2\/product_cat?post=4153"},{"taxonomy":"product_tag","embeddable":true,"href":"https:\/\/www.ogrodolszanica.pl\/index.php\/wp-json\/wp\/v2\/product_tag?post=4153"}],"curies":[{"name":"wp","href":"https:\/\/api.w.org\/{rel}","templated":true}]}}