{"id":4145,"date":"2026-03-08T19:34:28","date_gmt":"2026-03-08T19:34:28","guid":{"rendered":"https:\/\/www.ogrodolszanica.pl\/?post_type=product&#038;p=4145"},"modified":"2026-03-08T19:34:28","modified_gmt":"2026-03-08T19:34:28","slug":"zestaw-z-obrzezem-trawnikowym-easy-border-50mm-zielen-bradas-ogrod","status":"publish","type":"product","link":"https:\/\/www.ogrodolszanica.pl\/index.php\/produkt\/zestaw-z-obrzezem-trawnikowym-easy-border-50mm-zielen-bradas-ogrod\/","title":{"rendered":"Zestaw z obrze\u017cem trawnikowym EASY BORDER 50mm ziele\u0144 BRADAS OGR\u00d3D"},"content":{"rendered":"<div class=\"mpof_ki myre_zn myre_8v_l m389_6m_l\">\n<div class=\"mp4t_16_s mryx_16_s mr3m_1 mli2_1 mh85_56 mh85_0_l\">\n<div class=\"mgn2_16 _0d3bd_am0a-\">\n<p><b>Obrze\u017ce ogrodowe EASY BORDER SET 50mm &#8211; zielone<\/b><\/p>\n<p><b>OBEGR5010SET<\/b><\/p>\n<\/div>\n<\/div>\n<\/div>\n<div class=\"mpof_ki myre_zn myre_8v_l m389_6m_l\">\n<div class=\"mp4t_16_s mryx_16_s mr3m_1 mli2_1 mh85_56 mh85_0_l\">\n<div class=\"mg9e_8 mj7a_8 mg9e_0_s mvrt_0_s mj7a_0_s mh36_0_s mzmg_6m munh_16_l m3h2_16_l\">\n<div class=\"mp4t_0 mryx_0 munh_56 m3h2_56\">\n<div class=\"mp7g_oh\"><button class=\"mg9e_0 mvrt_0 mj7a_0 mh36_0 mp4t_0 m3h2_0 mryx_0 munh_0 mqen_m6 mpof_z0 mx7m_0 m7er_k4 mse2_k4 msts_pt\" data-analytics-interaction=\"true\" data-analytics-interaction-label=\"zoomable-image-open\" aria-disabled=\"true\"><img decoding=\"async\" class=\"msub_k4 mupj_5k mjru_k4 mse2_k4 mp7g_f6 mq1m_0 mj7u_0 m7er_k4 mqen_m6 m31c_d8 m0ux_fp lazyloaded\" src=\"https:\/\/a.allegroimg.com\/original\/114f58\/a545a96844959ca70d82f139939c\/Zestaw-z-obrzezem-trawnikowym-EASY-BORDER-50mm-zielen-BRADAS-OGROD\" sizes=\"(min-width: 1200px) 560px, (min-width: 992px) 50vw, 100vw\" srcset=\"https:\/\/a.allegroimg.com\/s360\/114f58\/a545a96844959ca70d82f139939c\/Zestaw-z-obrzezem-trawnikowym-EASY-BORDER-50mm-zielen-BRADAS-OGROD 360w,https:\/\/a.allegroimg.com\/s720\/114f58\/a545a96844959ca70d82f139939c\/Zestaw-z-obrzezem-trawnikowym-EASY-BORDER-50mm-zielen-BRADAS-OGROD 600w,https:\/\/a.allegroimg.com\/original\/114f58\/a545a96844959ca70d82f139939c\/Zestaw-z-obrzezem-trawnikowym-EASY-BORDER-50mm-zielen-BRADAS-OGROD 600w\" alt=\"Zestaw z obrze\u017cem trawnikowym EASY BORDER 50mm ziele\u0144 BRADAS OGR\u00d3D\" width=\"600px\" data-srcset=\"\" \/><\/button><\/div>\n<\/div>\n<\/div>\n<\/div>\n<div class=\"mp4t_16_s mryx_16_s mr3m_1 mli2_1 mh85_56 mh85_0_l\">\n<div class=\"mgn2_16 _0d3bd_am0a-\">\n<p>Obrze\u017ce trawnikowe Bradas\u00a0<b>stosowane jest przy aran\u017cacji ogrodu do oddzielenia trawnika od \u015bcie\u017cki, cz\u0119\u015bci uprawnej ogrodu, rabat kwiatowych, kory czy nawierzchni grysowej.<\/b><\/p>\n<p>Obrze\u017ce ogrodowe wykonane jest\u00a0<b>z wysokiej jako\u015bci tworzywa sztucznego<\/b>, odpornego na warunki atmosferyczne.<\/p>\n<p><b>Produkt jest niezwykle elastyczny, co umo\u017cliwia tworzenie oryginalnych i niepowtarzalnych aran\u017cacji.<\/b><\/p>\n<\/div>\n<\/div>\n<\/div>\n<div class=\"mpof_ki myre_zn myre_8v_l m389_6m_l\">\n<div class=\"mp4t_16_s mryx_16_s mr3m_1 mli2_1 mh85_56 mh85_0_l\">\n<div class=\"mgn2_16 _0d3bd_am0a-\">\n<p><b>Cechy produktu:<\/b><\/p>\n<p>D\u0142ugo\u015b\u0107 obrze\u017ca: 10m<\/p>\n<p>Wysoko\u015b\u0107: 50mm<\/p>\n<p>Ilo\u015b\u0107 kotew mocuj\u0105cych: 20 sztuk kotew<\/p>\n<p>Kolor: zielony<\/p>\n<p><b>W\u0142a\u015bciwo\u015bci:<\/b><\/p>\n<p>&#8211; wysoka elastyczno\u015b\u0107<\/p>\n<p>&#8211; estetyczny wygl\u0105d<\/p>\n<p>&#8211; oddziela trawnik od pod\u0142o\u017ca z kory lub kamieni<\/p>\n<p>&#8211; u\u0142atwia koszenie trawy<\/p>\n<p>&#8211; \u0142atwy i szybki monta\u017c<\/p>\n<p>&#8211; mo\u017cliwo\u015b\u0107 swobodnego kszta\u0142towania<\/p>\n<p>&#8211; trwa\u0142e i odporne na czynniki atmosferyczne<\/p>\n<\/div>\n<\/div>\n<div class=\"mp4t_16_s mryx_16_s mr3m_1 mli2_1 mh85_56 mh85_0_l\">\n<div class=\"mg9e_8 mj7a_8 mg9e_0_s mvrt_0_s mj7a_0_s mh36_0_s mzmg_6m munh_16_l m3h2_16_l\">\n<div class=\"mp4t_0 mryx_0 munh_56 m3h2_56\">\n<div class=\"mp7g_oh\"><button class=\"mg9e_0 mvrt_0 mj7a_0 mh36_0 mp4t_0 m3h2_0 mryx_0 munh_0 mqen_m6 mpof_z0 mx7m_0 m7er_k4 mse2_k4 msts_pt\" data-analytics-interaction=\"true\" data-analytics-interaction-label=\"zoomable-image-open\" aria-disabled=\"true\"><img decoding=\"async\" class=\"msub_k4 mupj_5k mjru_k4 mse2_k4 mp7g_f6 mq1m_0 mj7u_0 m7er_k4 mqen_m6 m31c_d8 m0ux_fp lazyloaded\" src=\"https:\/\/a.allegroimg.com\/original\/119cd0\/e5217c3d4cd4b019ca5b4440b55b\/Zestaw-z-obrzezem-trawnikowym-EASY-BORDER-50mm-zielen-BRADAS-OGROD-Kod-producenta-OBEGR5010SET\" sizes=\"(min-width: 1200px) 560px, (min-width: 992px) 50vw, 100vw\" srcset=\"https:\/\/a.allegroimg.com\/s360\/119cd0\/e5217c3d4cd4b019ca5b4440b55b\/Zestaw-z-obrzezem-trawnikowym-EASY-BORDER-50mm-zielen-BRADAS-OGROD-Kod-producenta-OBEGR5010SET 360w,https:\/\/a.allegroimg.com\/s720\/119cd0\/e5217c3d4cd4b019ca5b4440b55b\/Zestaw-z-obrzezem-trawnikowym-EASY-BORDER-50mm-zielen-BRADAS-OGROD-Kod-producenta-OBEGR5010SET 600w,https:\/\/a.allegroimg.com\/original\/119cd0\/e5217c3d4cd4b019ca5b4440b55b\/Zestaw-z-obrzezem-trawnikowym-EASY-BORDER-50mm-zielen-BRADAS-OGROD-Kod-producenta-OBEGR5010SET 600w\" alt=\"Zestaw z obrze\u017cem trawnikowym EASY BORDER 50mm ziele\u0144 BRADAS OGR\u00d3D Kod producenta OBEGR5010SET\" width=\"600px\" data-srcset=\"\" \/><\/button><\/div>\n<\/div>\n<\/div>\n<\/div>\n<\/div>\n","protected":false},"excerpt":{"rendered":"<p>Obrze\u017ce ogrodowe EASY BORDER SET 50mm &#8211; zielone OBEGR5010SET Obrze\u017ce trawnikowe Bradas\u00a0stosowane jest przy aran\u017cacji ogrodu do oddzielenia trawnika od \u015bcie\u017cki, cz\u0119\u015bci uprawnej ogrodu, rabat kwiatowych, kory czy nawierzchni grysowej. Obrze\u017ce ogrodowe wykonane jest\u00a0z wysokiej jako\u015bci tworzywa sztucznego, odpornego na warunki atmosferyczne. Produkt jest niezwykle elastyczny, co umo\u017cliwia tworzenie oryginalnych i niepowtarzalnych aran\u017cacji. Cechy produktu: &hellip;<\/p>\n<p class=\"read-more\"> <a class=\"\" href=\"https:\/\/www.ogrodolszanica.pl\/index.php\/produkt\/zestaw-z-obrzezem-trawnikowym-easy-border-50mm-zielen-bradas-ogrod\/\"> <span class=\"screen-reader-text\">Zestaw z obrze\u017cem trawnikowym EASY BORDER 50mm ziele\u0144 BRADAS OGR\u00d3D<\/span> Read More &raquo;<\/a><\/p>\n","protected":false},"featured_media":4146,"comment_status":"open","ping_status":"closed","template":"","meta":{"site-sidebar-layout":"default","site-content-layout":"default","ast-global-header-display":"","ast-main-header-display":"","ast-hfb-above-header-display":"","ast-hfb-below-header-display":"","ast-hfb-mobile-header-display":"","site-post-title":"","ast-breadcrumbs-content":"","ast-featured-img":"","footer-sml-layout":"","theme-transparent-header-meta":"default","adv-header-id-meta":"","stick-header-meta":"","header-above-stick-meta":"","header-main-stick-meta":"","header-below-stick-meta":"","spay_email":""},"product_cat":[99],"product_tag":[],"class_list":["post-4145","product","type-product","status-publish","has-post-thumbnail","hentry","product_cat-obrzeza-ogrodowe"],"yoast_head":"<!-- This site is optimized with the Yoast SEO plugin v19.2 - https:\/\/yoast.com\/wordpress\/plugins\/seo\/ -->\n<title>Zestaw z obrze\u017cem trawnikowym EASY BORDER 50mm ziele\u0144 BRADAS OGR\u00d3D - Ogr&oacute;d Olszanica<\/title>\n<meta name=\"robots\" content=\"index, follow, max-snippet:-1, max-image-preview:large, max-video-preview:-1\" \/>\n<link rel=\"canonical\" href=\"https:\/\/www.ogrodolszanica.pl\/index.php\/produkt\/zestaw-z-obrzezem-trawnikowym-easy-border-50mm-zielen-bradas-ogrod\/\" \/>\n<meta property=\"og:locale\" content=\"pl_PL\" \/>\n<meta property=\"og:type\" content=\"article\" \/>\n<meta property=\"og:title\" content=\"Zestaw z obrze\u017cem trawnikowym EASY BORDER 50mm ziele\u0144 BRADAS OGR\u00d3D - Ogr&oacute;d Olszanica\" \/>\n<meta property=\"og:description\" content=\"Obrze\u017ce ogrodowe EASY BORDER SET 50mm &#8211; zielone OBEGR5010SET Obrze\u017ce trawnikowe Bradas\u00a0stosowane jest przy aran\u017cacji ogrodu do oddzielenia trawnika od \u015bcie\u017cki, cz\u0119\u015bci uprawnej ogrodu, rabat kwiatowych, kory czy nawierzchni grysowej. Obrze\u017ce ogrodowe wykonane jest\u00a0z wysokiej jako\u015bci tworzywa sztucznego, odpornego na warunki atmosferyczne. Produkt jest niezwykle elastyczny, co umo\u017cliwia tworzenie oryginalnych i niepowtarzalnych aran\u017cacji. Cechy produktu: &hellip; Zestaw z obrze\u017cem trawnikowym EASY BORDER 50mm ziele\u0144 BRADAS OGR\u00d3D Read More &raquo;\" \/>\n<meta property=\"og:url\" content=\"https:\/\/www.ogrodolszanica.pl\/index.php\/produkt\/zestaw-z-obrzezem-trawnikowym-easy-border-50mm-zielen-bradas-ogrod\/\" \/>\n<meta property=\"og:site_name\" content=\"Ogr&oacute;d Olszanica\" \/>\n<meta property=\"article:publisher\" content=\"https:\/\/www.facebook.com\/Ogrd-Olszanica-100807179225223\" \/>\n<meta property=\"og:image\" content=\"https:\/\/www.ogrodolszanica.pl\/wp-content\/uploads\/2026\/03\/Zestaw-z-obrzezem-trawnikowym-EASY-BORDER-50mm-zielen-BRADAS-OGROD.jpg\" \/>\n\t<meta property=\"og:image:width\" content=\"600\" \/>\n\t<meta property=\"og:image:height\" content=\"600\" \/>\n\t<meta property=\"og:image:type\" content=\"image\/jpeg\" \/>\n<meta name=\"author\" content=\"admin\" \/>\n<meta name=\"twitter:card\" content=\"summary_large_image\" \/>\n<meta name=\"twitter:label1\" content=\"Szacowany czas czytania\" \/>\n\t<meta name=\"twitter:data1\" content=\"1 minuta\" \/>\n<script type=\"application\/ld+json\" class=\"yoast-schema-graph\">{\"@context\":\"https:\/\/schema.org\",\"@graph\":[{\"@type\":\"Organization\",\"@id\":\"https:\/\/www.ogrodolszanica.pl\/#organization\",\"name\":\"Ogr\u00f3d Olszanica - Krakowskie Centrum Ogrodnicze\",\"url\":\"https:\/\/www.ogrodolszanica.pl\/\",\"sameAs\":[\"https:\/\/www.facebook.com\/Ogrd-Olszanica-100807179225223\"],\"logo\":{\"@type\":\"ImageObject\",\"inLanguage\":\"pl-PL\",\"@id\":\"https:\/\/www.ogrodolszanica.pl\/#\/schema\/logo\/image\/\",\"url\":\"http:\/\/www.ogrodolszanica.pl\/wp-content\/uploads\/2022\/06\/Ogrod-Olszanica1-1.png\",\"contentUrl\":\"http:\/\/www.ogrodolszanica.pl\/wp-content\/uploads\/2022\/06\/Ogrod-Olszanica1-1.png\",\"width\":180,\"height\":60,\"caption\":\"Ogr\u00f3d Olszanica - Krakowskie Centrum Ogrodnicze\"},\"image\":{\"@id\":\"https:\/\/www.ogrodolszanica.pl\/#\/schema\/logo\/image\/\"}},{\"@type\":\"WebSite\",\"@id\":\"https:\/\/www.ogrodolszanica.pl\/#website\",\"url\":\"https:\/\/www.ogrodolszanica.pl\/\",\"name\":\"Ogr&oacute;d Olszanica\",\"description\":\"Centrum Ogrodnicze Krak&oacute;w\",\"publisher\":{\"@id\":\"https:\/\/www.ogrodolszanica.pl\/#organization\"},\"potentialAction\":[{\"@type\":\"SearchAction\",\"target\":{\"@type\":\"EntryPoint\",\"urlTemplate\":\"https:\/\/www.ogrodolszanica.pl\/?s={search_term_string}\"},\"query-input\":\"required name=search_term_string\"}],\"inLanguage\":\"pl-PL\"},{\"@type\":\"ImageObject\",\"inLanguage\":\"pl-PL\",\"@id\":\"https:\/\/www.ogrodolszanica.pl\/index.php\/produkt\/zestaw-z-obrzezem-trawnikowym-easy-border-50mm-zielen-bradas-ogrod\/#primaryimage\",\"url\":\"https:\/\/i0.wp.com\/www.ogrodolszanica.pl\/wp-content\/uploads\/2026\/03\/Zestaw-z-obrzezem-trawnikowym-EASY-BORDER-50mm-zielen-BRADAS-OGROD.jpg?fit=600%2C600&ssl=1\",\"contentUrl\":\"https:\/\/i0.wp.com\/www.ogrodolszanica.pl\/wp-content\/uploads\/2026\/03\/Zestaw-z-obrzezem-trawnikowym-EASY-BORDER-50mm-zielen-BRADAS-OGROD.jpg?fit=600%2C600&ssl=1\",\"width\":600,\"height\":600,\"caption\":\"717e417dad7a3719fdeea9b0eab1cff0b1889192820f1b5b437a50be189c3cdb3903967321a7703aa080e1cc670629f0b7d2854bb8f39d7bb6cfc2d6a4dec4ad7b8aab86214434dabdb694ee50606bc3\"},{\"@type\":\"WebPage\",\"@id\":\"https:\/\/www.ogrodolszanica.pl\/index.php\/produkt\/zestaw-z-obrzezem-trawnikowym-easy-border-50mm-zielen-bradas-ogrod\/#webpage\",\"url\":\"https:\/\/www.ogrodolszanica.pl\/index.php\/produkt\/zestaw-z-obrzezem-trawnikowym-easy-border-50mm-zielen-bradas-ogrod\/\",\"name\":\"Zestaw z obrze\u017cem trawnikowym EASY BORDER 50mm ziele\u0144 BRADAS OGR\u00d3D - Ogr&oacute;d Olszanica\",\"isPartOf\":{\"@id\":\"https:\/\/www.ogrodolszanica.pl\/#website\"},\"primaryImageOfPage\":{\"@id\":\"https:\/\/www.ogrodolszanica.pl\/index.php\/produkt\/zestaw-z-obrzezem-trawnikowym-easy-border-50mm-zielen-bradas-ogrod\/#primaryimage\"},\"datePublished\":\"2026-03-08T19:34:28+00:00\",\"dateModified\":\"2026-03-08T19:34:28+00:00\",\"breadcrumb\":{\"@id\":\"https:\/\/www.ogrodolszanica.pl\/index.php\/produkt\/zestaw-z-obrzezem-trawnikowym-easy-border-50mm-zielen-bradas-ogrod\/#breadcrumb\"},\"inLanguage\":\"pl-PL\",\"potentialAction\":[{\"@type\":\"ReadAction\",\"target\":[\"https:\/\/www.ogrodolszanica.pl\/index.php\/produkt\/zestaw-z-obrzezem-trawnikowym-easy-border-50mm-zielen-bradas-ogrod\/\"]}]},{\"@type\":\"BreadcrumbList\",\"@id\":\"https:\/\/www.ogrodolszanica.pl\/index.php\/produkt\/zestaw-z-obrzezem-trawnikowym-easy-border-50mm-zielen-bradas-ogrod\/#breadcrumb\",\"itemListElement\":[{\"@type\":\"ListItem\",\"position\":1,\"name\":\"Strona g\u0142\u00f3wna\",\"item\":\"https:\/\/www.ogrodolszanica.pl\/\"},{\"@type\":\"ListItem\",\"position\":2,\"name\":\"Produkty\",\"item\":\"https:\/\/www.ogrodolszanica.pl\/index.php\/shop\/\"},{\"@type\":\"ListItem\",\"position\":3,\"name\":\"Zestaw z obrze\u017cem trawnikowym EASY BORDER 50mm ziele\u0144 BRADAS OGR\u00d3D\"}]}]}<\/script>\n<!-- \/ Yoast SEO plugin. -->","yoast_head_json":{"title":"Zestaw z obrze\u017cem trawnikowym EASY BORDER 50mm ziele\u0144 BRADAS OGR\u00d3D - Ogr&oacute;d Olszanica","robots":{"index":"index","follow":"follow","max-snippet":"max-snippet:-1","max-image-preview":"max-image-preview:large","max-video-preview":"max-video-preview:-1"},"canonical":"https:\/\/www.ogrodolszanica.pl\/index.php\/produkt\/zestaw-z-obrzezem-trawnikowym-easy-border-50mm-zielen-bradas-ogrod\/","og_locale":"pl_PL","og_type":"article","og_title":"Zestaw z obrze\u017cem trawnikowym EASY BORDER 50mm ziele\u0144 BRADAS OGR\u00d3D - Ogr&oacute;d Olszanica","og_description":"Obrze\u017ce ogrodowe EASY BORDER SET 50mm &#8211; zielone OBEGR5010SET Obrze\u017ce trawnikowe Bradas\u00a0stosowane jest przy aran\u017cacji ogrodu do oddzielenia trawnika od \u015bcie\u017cki, cz\u0119\u015bci uprawnej ogrodu, rabat kwiatowych, kory czy nawierzchni grysowej. Obrze\u017ce ogrodowe wykonane jest\u00a0z wysokiej jako\u015bci tworzywa sztucznego, odpornego na warunki atmosferyczne. Produkt jest niezwykle elastyczny, co umo\u017cliwia tworzenie oryginalnych i niepowtarzalnych aran\u017cacji. Cechy produktu: &hellip; Zestaw z obrze\u017cem trawnikowym EASY BORDER 50mm ziele\u0144 BRADAS OGR\u00d3D Read More &raquo;","og_url":"https:\/\/www.ogrodolszanica.pl\/index.php\/produkt\/zestaw-z-obrzezem-trawnikowym-easy-border-50mm-zielen-bradas-ogrod\/","og_site_name":"Ogr&oacute;d Olszanica","article_publisher":"https:\/\/www.facebook.com\/Ogrd-Olszanica-100807179225223","og_image":[{"width":600,"height":600,"url":"https:\/\/www.ogrodolszanica.pl\/wp-content\/uploads\/2026\/03\/Zestaw-z-obrzezem-trawnikowym-EASY-BORDER-50mm-zielen-BRADAS-OGROD.jpg","type":"image\/jpeg"}],"author":"admin","twitter_card":"summary_large_image","twitter_misc":{"Szacowany czas czytania":"1 minuta"},"schema":{"@context":"https:\/\/schema.org","@graph":[{"@type":"Organization","@id":"https:\/\/www.ogrodolszanica.pl\/#organization","name":"Ogr\u00f3d Olszanica - Krakowskie Centrum Ogrodnicze","url":"https:\/\/www.ogrodolszanica.pl\/","sameAs":["https:\/\/www.facebook.com\/Ogrd-Olszanica-100807179225223"],"logo":{"@type":"ImageObject","inLanguage":"pl-PL","@id":"https:\/\/www.ogrodolszanica.pl\/#\/schema\/logo\/image\/","url":"http:\/\/www.ogrodolszanica.pl\/wp-content\/uploads\/2022\/06\/Ogrod-Olszanica1-1.png","contentUrl":"http:\/\/www.ogrodolszanica.pl\/wp-content\/uploads\/2022\/06\/Ogrod-Olszanica1-1.png","width":180,"height":60,"caption":"Ogr\u00f3d Olszanica - Krakowskie Centrum Ogrodnicze"},"image":{"@id":"https:\/\/www.ogrodolszanica.pl\/#\/schema\/logo\/image\/"}},{"@type":"WebSite","@id":"https:\/\/www.ogrodolszanica.pl\/#website","url":"https:\/\/www.ogrodolszanica.pl\/","name":"Ogr&oacute;d Olszanica","description":"Centrum Ogrodnicze Krak&oacute;w","publisher":{"@id":"https:\/\/www.ogrodolszanica.pl\/#organization"},"potentialAction":[{"@type":"SearchAction","target":{"@type":"EntryPoint","urlTemplate":"https:\/\/www.ogrodolszanica.pl\/?s={search_term_string}"},"query-input":"required name=search_term_string"}],"inLanguage":"pl-PL"},{"@type":"ImageObject","inLanguage":"pl-PL","@id":"https:\/\/www.ogrodolszanica.pl\/index.php\/produkt\/zestaw-z-obrzezem-trawnikowym-easy-border-50mm-zielen-bradas-ogrod\/#primaryimage","url":"https:\/\/i0.wp.com\/www.ogrodolszanica.pl\/wp-content\/uploads\/2026\/03\/Zestaw-z-obrzezem-trawnikowym-EASY-BORDER-50mm-zielen-BRADAS-OGROD.jpg?fit=600%2C600&ssl=1","contentUrl":"https:\/\/i0.wp.com\/www.ogrodolszanica.pl\/wp-content\/uploads\/2026\/03\/Zestaw-z-obrzezem-trawnikowym-EASY-BORDER-50mm-zielen-BRADAS-OGROD.jpg?fit=600%2C600&ssl=1","width":600,"height":600,"caption":"717e417dad7a3719fdeea9b0eab1cff0b1889192820f1b5b437a50be189c3cdb3903967321a7703aa080e1cc670629f0b7d2854bb8f39d7bb6cfc2d6a4dec4ad7b8aab86214434dabdb694ee50606bc3"},{"@type":"WebPage","@id":"https:\/\/www.ogrodolszanica.pl\/index.php\/produkt\/zestaw-z-obrzezem-trawnikowym-easy-border-50mm-zielen-bradas-ogrod\/#webpage","url":"https:\/\/www.ogrodolszanica.pl\/index.php\/produkt\/zestaw-z-obrzezem-trawnikowym-easy-border-50mm-zielen-bradas-ogrod\/","name":"Zestaw z obrze\u017cem trawnikowym EASY BORDER 50mm ziele\u0144 BRADAS OGR\u00d3D - Ogr&oacute;d Olszanica","isPartOf":{"@id":"https:\/\/www.ogrodolszanica.pl\/#website"},"primaryImageOfPage":{"@id":"https:\/\/www.ogrodolszanica.pl\/index.php\/produkt\/zestaw-z-obrzezem-trawnikowym-easy-border-50mm-zielen-bradas-ogrod\/#primaryimage"},"datePublished":"2026-03-08T19:34:28+00:00","dateModified":"2026-03-08T19:34:28+00:00","breadcrumb":{"@id":"https:\/\/www.ogrodolszanica.pl\/index.php\/produkt\/zestaw-z-obrzezem-trawnikowym-easy-border-50mm-zielen-bradas-ogrod\/#breadcrumb"},"inLanguage":"pl-PL","potentialAction":[{"@type":"ReadAction","target":["https:\/\/www.ogrodolszanica.pl\/index.php\/produkt\/zestaw-z-obrzezem-trawnikowym-easy-border-50mm-zielen-bradas-ogrod\/"]}]},{"@type":"BreadcrumbList","@id":"https:\/\/www.ogrodolszanica.pl\/index.php\/produkt\/zestaw-z-obrzezem-trawnikowym-easy-border-50mm-zielen-bradas-ogrod\/#breadcrumb","itemListElement":[{"@type":"ListItem","position":1,"name":"Strona g\u0142\u00f3wna","item":"https:\/\/www.ogrodolszanica.pl\/"},{"@type":"ListItem","position":2,"name":"Produkty","item":"https:\/\/www.ogrodolszanica.pl\/index.php\/shop\/"},{"@type":"ListItem","position":3,"name":"Zestaw z obrze\u017cem trawnikowym EASY BORDER 50mm ziele\u0144 BRADAS OGR\u00d3D"}]}]}},"jetpack-related-posts":[{"id":4143,"url":"https:\/\/www.ogrodolszanica.pl\/index.php\/produkt\/obrzeze-ogrodowe-bradas-50mmx10m-brazowe\/","url_meta":{"origin":4145,"position":0},"title":"Obrze\u017ce ogrodowe Bradas 50mmx10m br\u0105zowe","date":"8 marca, 2026","format":false,"excerpt":"Obrze\u017ce ogrodowe EASY BORDER SET 50mm - br\u0105zowe OBEBR5010SET Obrze\u017ce trawnikowe Bradas\u00a0stosowane jest przy aran\u017cacji ogrodu do oddzielenia trawnika od \u015bcie\u017cki, cz\u0119\u015bci uprawnej ogrodu, rabat kwiatowych, kory czy nawierzchni grysowej. Obrze\u017ce ogrodowe wykonane jest\u00a0z wysokiej jako\u015bci tworzywa sztucznego, odpornego na warunki atmosferyczne. Produkt jest niezwykle elastyczny, co umo\u017cliwia tworzenie oryginalnych\u2026","rel":"","context":"Similar post","img":{"alt_text":"","src":"https:\/\/i0.wp.com\/www.ogrodolszanica.pl\/wp-content\/uploads\/2026\/03\/images-5.jpg?fit=225%2C225&ssl=1&resize=350%2C200","width":350,"height":200},"classes":[]},{"id":4159,"url":"https:\/\/www.ogrodolszanica.pl\/index.php\/produkt\/dysza-do-zraszania-bradas-le-05500-34k\/","url_meta":{"origin":4145,"position":1},"title":"Dysza do zraszania Bradas LE-05500-34K","date":"8 marca, 2026","format":false,"excerpt":"BRADAS Zestaw zraszaj\u0105cy LIME LINE 4-elementowy NIEZAWODNY ZESTAW ZRASZAJ\u0104CY \u2705Doskona\u0142e dopasowanie do element\u00f3w \u27054 elementy funkcjonalne \u2705Materia\u0142y najwy\u017cszej jako\u015bci \u2705Szczelno\u015b\u0107 WYSOKA JAKO\u015a\u0106 I DOSKONA\u0141E DOPASOWANIE \u2705Wykonany z\u00a0wysokiej jako\u015bci materia\u0142\u00f3w, zapewniaj\u0105cych trwa\u0142o\u015b\u0107 i wytrzyma\u0142o\u015b\u0107, nawet przy intensywnym u\u017cytkowaniu. \u2705Ka\u017cdy element zestawu charakteryzuje si\u0119 precyzyjnie dopasowanym kszta\u0142tem, co umo\u017cliwia \u0142atw\u0105 instalacj\u0119 i\u2026","rel":"","context":"Similar post","img":{"alt_text":"","src":"https:\/\/i0.wp.com\/www.ogrodolszanica.pl\/wp-content\/uploads\/2026\/03\/images-7.jpg?fit=225%2C225&ssl=1&resize=350%2C200","width":350,"height":200},"classes":[]},{"id":4157,"url":"https:\/\/www.ogrodolszanica.pl\/index.php\/produkt\/dysza-do-zraszania-bradas-le-05500-12k\/","url_meta":{"origin":4145,"position":2},"title":"Dysza do zraszania Bradas LE-05500-12K","date":"8 marca, 2026","format":false,"excerpt":"LE-05500-12K zestaw zraszaj\u0105cy 4-elem.na w\u0105\u017c 1\/2` LE-05500-12K to zestaw zraszaj\u0105cy sk\u0142adaj\u0105cy si\u0119 z czterech element\u00f3w, kt\u00f3ry doskonale sprawdzi si\u0119 w podlewaniu ro\u015blin w ogrodzie. Dzi\u0119ki temu zestawowi b\u0119dziesz m\u00f3g\u0142 skutecznie nawil\u017ca\u0107 swoje ro\u015bliny bez wi\u0119kszych wysi\u0142k\u00f3w. Doskonale sprawdzi si\u0119 zar\u00f3wno w przypadku ma\u0142ych ogr\u00f3dk\u00f3w, jak i wi\u0119kszych powierzchni. Jego solidna\u2026","rel":"","context":"Similar post","img":{"alt_text":"","src":"https:\/\/i0.wp.com\/www.ogrodolszanica.pl\/wp-content\/uploads\/2026\/03\/images-6.jpg?fit=225%2C225&ssl=1&resize=350%2C200","width":350,"height":200},"classes":[]},{"id":4138,"url":"https:\/\/www.ogrodolszanica.pl\/index.php\/produkt\/sekator-tradycyjny-bradas-carbon-steel-8\/","url_meta":{"origin":4145,"position":3},"title":"Sekator tradycyjny Bradas Carbon-Steel 8&#8243;","date":"8 marca, 2026","format":false,"excerpt":"ZESTAW SEKATOR\u00d3W KWIAT\u00d3W ORAZ P\u0118D\u00d3W Zestaw zawiera: - Sekator profesjonalny 8\" do kwiat\u00f3w i p\u0119d\u00f3w. Wykonany ze specjalnej stali karbonowej. - 2x profesjonalny, ergonomiczny sekator ogrodniczy CARBON-STEEL do kwiat\u00f3w i p\u0119d\u00f3w Produkty oferowane w zestawie wykonane s\u0105 z wysokiej jako\u015bci ostrza oraz wyposa\u017cone s\u0105 w antypo\u015blizgowe uchwyty. Sekator do ga\u0142\u0119zi,\u2026","rel":"","context":"Similar post","img":{"alt_text":"","src":"https:\/\/i0.wp.com\/www.ogrodolszanica.pl\/wp-content\/uploads\/2026\/03\/images-3.jpg?fit=225%2C225&ssl=1&resize=350%2C200","width":350,"height":200},"classes":[]},{"id":4132,"url":"https:\/\/www.ogrodolszanica.pl\/index.php\/produkt\/sekator-z-przekladnia-ostrze-mijajace-bradas\/","url_meta":{"origin":4145,"position":4},"title":"Sekator z przek\u0142adni\u0105 ostrze mijaj\u0105ce Bradas","date":"8 marca, 2026","format":false,"excerpt":"Sekator z przek\u0142adni\u0105 V-SERIES ostrze mijaj\u0105ce, stal SK5 - wysokiej jako\u015bci ostrze mijaj\u0105ce - ostrze wykonane z stali SK5 pokryte pow\u0142ok\u0105 ochronn\u0105 - przek\u0142adnia zwi\u0119kszaj\u0105ca si\u0142\u0119 ci\u0119cia - maksymalna \u015brednica ci\u0119cia 18mm - wyposa\u017cony w blokad\u0119 bezpiecze\u0144stwa - idealny do ci\u0119cia kwiat\u00f3w i krzew\u00f3w To jedna z najbardziej istotnych czynno\u015bci\u2026","rel":"","context":"Similar post","img":{"alt_text":"","src":"","width":0,"height":0},"classes":[]},{"id":4161,"url":"https:\/\/www.ogrodolszanica.pl\/index.php\/produkt\/pistolet-na-waz-8-funkcyjny-z-armatura-zestaw-4k\/","url_meta":{"origin":4145,"position":5},"title":"Pistolet na w\u0105\u017c 8-funkcyjny z armatur\u0105 &#8211; zestaw 4K","date":"8 marca, 2026","format":false,"excerpt":"\u2728 PISTOLET DO ZRASZANIA 8-FUNKCYJNY\u00a0+ SZYBKOZ\u0141\u0104CZKA + SZYBKOZ\u0141\u0104CZKA STOP + PRZY\u0141\u0104CZE Z REDUKCJ\u0104 marki Bradas \u2728 \u2705 8 R\u00d3\u017bNYCH TRYB\u00d3W ZRASZANIA \u2705 SZYBKOZ\u0141\u0104CZE STOP NA W\u0104\u017b 1\/2\" LUB 5\/8\" \u2705 SZYBKOZ\u0141\u0104CZE STANDARDOWE NA W\u0104\u017b 1\/2\" LUB 5\/8\" \u2705 PRZY\u0141\u0104CZE NA KRAN 3\/4\" Z REDUKCJ\u0104 1\/2\" \u2705 FUNKCJA PRACY CI\u0104G\u0141EJ \u2733\ufe0f\u2026","rel":"","context":"Similar post","img":{"alt_text":"","src":"https:\/\/i0.wp.com\/www.ogrodolszanica.pl\/wp-content\/uploads\/2026\/03\/BRADAS-Pistolet-na-waz-8-funkcyjny-z-armatura-zestaw-ECO-2068SET.jpg?fit=600%2C600&ssl=1&resize=350%2C200","width":350,"height":200},"classes":[]}],"_links":{"self":[{"href":"https:\/\/www.ogrodolszanica.pl\/index.php\/wp-json\/wp\/v2\/product\/4145","targetHints":{"allow":["GET"]}}],"collection":[{"href":"https:\/\/www.ogrodolszanica.pl\/index.php\/wp-json\/wp\/v2\/product"}],"about":[{"href":"https:\/\/www.ogrodolszanica.pl\/index.php\/wp-json\/wp\/v2\/types\/product"}],"replies":[{"embeddable":true,"href":"https:\/\/www.ogrodolszanica.pl\/index.php\/wp-json\/wp\/v2\/comments?post=4145"}],"wp:featuredmedia":[{"embeddable":true,"href":"https:\/\/www.ogrodolszanica.pl\/index.php\/wp-json\/wp\/v2\/media\/4146"}],"wp:attachment":[{"href":"https:\/\/www.ogrodolszanica.pl\/index.php\/wp-json\/wp\/v2\/media?parent=4145"}],"wp:term":[{"taxonomy":"product_cat","embeddable":true,"href":"https:\/\/www.ogrodolszanica.pl\/index.php\/wp-json\/wp\/v2\/product_cat?post=4145"},{"taxonomy":"product_tag","embeddable":true,"href":"https:\/\/www.ogrodolszanica.pl\/index.php\/wp-json\/wp\/v2\/product_tag?post=4145"}],"curies":[{"name":"wp","href":"https:\/\/api.w.org\/{rel}","templated":true}]}}