{"id":4065,"date":"2026-03-04T20:21:08","date_gmt":"2026-03-04T20:21:08","guid":{"rendered":"https:\/\/www.ogrodolszanica.pl\/?post_type=product&#038;p=4065"},"modified":"2026-03-08T11:39:23","modified_gmt":"2026-03-08T11:39:23","slug":"tyczka-bambusowa-105cm-8-10mm-1sz","status":"publish","type":"product","link":"https:\/\/www.ogrodolszanica.pl\/index.php\/produkt\/tyczka-bambusowa-105cm-8-10mm-1sz\/","title":{"rendered":"Tyczka bambusowa &#8211; 105cm &#8211; 8\/10mm 1sz."},"content":{"rendered":"<div class=\"mpof_ki myre_zn myre_8v_l m389_6m_l\">\n<div class=\"mp4t_16_s mryx_16_s mr3m_1 mli2_1 mh85_56 mh85_0_l\">\n<div class=\"mgn2_16 _0d3bd_am0a-\">\n<div class=\"mpof_ki myre_zn myre_8v_l m389_6m_l\">\n<div class=\"mp4t_16_s mryx_16_s mr3m_1 mli2_1 mh85_56 mh85_0_l\">\n<div class=\"mgn2_16 _0d3bd_am0a-\">\n<h2>Dane:<\/h2>\n<p>D\u0142ugo\u015b\u0107: 105cm<\/p>\n<p>\u015arednica: 8\/10mm<\/p>\n<p>Ilo\u015b\u0107 sztuk w opakowaniu: 1<\/p>\n<h2>Bambusowe tyczki &#8211; dlaczego warto?<\/h2>\n<p>Naturalnego pochodzenia surowiec wyr\u00f3\u017cnia si\u0119 uniwersalno\u015bci\u0105, nie tylko z powodu swojej estetyki. Unikatowo\u015b\u0107 bambusa wynika z po\u0142\u0105czenia wysokiej odporno\u015b\u0107 na czynniki atmosferyczne przy jednoczesnej lekko\u015bci, gi\u0119tko\u015bci i trwa\u0142o\u015bci tworzonych z niego element\u00f3w. Tyczki bambusowe nie poch\u0142aniaj\u0105 wody, dzi\u0119ki czemu\u00a0<b>doskonale sprawdzaj\u0105 si\u0119 w nie tylko w doniczkach, ale r\u00f3wnie\u017c w ogrodach i szklarniach<\/b>. Opr\u00f3cz tego, elementy bambusowe umo\u017cliwiaj\u0105 szybk\u0105 i prost\u0105 rozbudow\u0119 konstrukcji. Dzi\u0119ki temu z bambusowych tyczek mo\u017cna korzysta\u0107 na wiele sposob\u00f3w &#8211; pocz\u0105wszy od wykorzystywania pojedynczych element\u00f3w, a\u017c po tworzenie wi\u0119kszych konstrukcji.<\/p>\n<h2>Jak mo\u017cna wykorzysta\u0107 tyczki bambusowe 105cm?<\/h2>\n<p><b>Tyczka bambusowa o d\u0142ugo\u015bci 105cm stanowi<\/b><b>idealne rozwi\u0105zanie dla wi\u0119kszych ro\u015blin pn\u0105cych i krzew\u00f3w<\/b>. Tego rodzaju elementy umo\u017cliwiaj\u0105 r\u00f3wnie\u017c stworzenie wi\u0119kszych rozmiar\u00f3w podp\u00f3r w ogrodzie lub szklarni. Ze \u015brednich rozmiar\u00f3w tyczek mo\u017cna tak\u017ce stworzy\u0107 drabinki czy altany bambusowe.<\/p>\n<p>Podana \u015brednica jest mierzona na dolnej cz\u0119\u015bci tyczki. Z tego powodu szczyt tyczki mo\u017ce by\u0107 nieznacznie cie\u0144szy.<\/p>\n<\/div>\n<\/div>\n<\/div>\n<div class=\"mpof_ki myre_zn myre_8v_l m389_6m_l\">\n<div class=\"mp4t_16_s mryx_16_s mr3m_1 mli2_1 mh85_56 mh85_0_l\">\n<div class=\"mg9e_8 mj7a_8 mg9e_0_s mvrt_0_s mj7a_0_s mh36_0_s mzmg_6m munh_16_l m3h2_16_l\">\n<div class=\"mp4t_0 mryx_0 munh_56 m3h2_56\">\n<div class=\"mp7g_oh\"><button class=\"mg9e_0 mvrt_0 mj7a_0 mh36_0 mp4t_0 m3h2_0 mryx_0 munh_0 mqen_m6 mpof_z0 mx7m_0 m7er_k4 mse2_k4 msts_pt\" data-analytics-interaction=\"true\" data-analytics-interaction-label=\"zoomable-image-open\" aria-disabled=\"true\"><img decoding=\"async\" class=\"msub_k4 mupj_5k mjru_k4 mse2_k4 mp7g_f6 mq1m_0 mj7u_0 m7er_k4 mqen_m6 m31c_d8 m0ux_fp lazyloaded\" src=\"https:\/\/a.allegroimg.com\/original\/111401\/d0f39a72420b8e639e9eac01acf4\/Tyczka-bambusowa-105cm-8-10mm-1sz\" sizes=\"100vw\" srcset=\"https:\/\/a.allegroimg.com\/s360\/111401\/d0f39a72420b8e639e9eac01acf4\/Tyczka-bambusowa-105cm-8-10mm-1sz 360w,https:\/\/a.allegroimg.com\/s720\/111401\/d0f39a72420b8e639e9eac01acf4\/Tyczka-bambusowa-105cm-8-10mm-1sz 720w,https:\/\/a.allegroimg.com\/s1024\/111401\/d0f39a72420b8e639e9eac01acf4\/Tyczka-bambusowa-105cm-8-10mm-1sz 1024w,https:\/\/a.allegroimg.com\/s1440\/111401\/d0f39a72420b8e639e9eac01acf4\/Tyczka-bambusowa-105cm-8-10mm-1sz 1440w,https:\/\/a.allegroimg.com\/original\/111401\/d0f39a72420b8e639e9eac01acf4\/Tyczka-bambusowa-105cm-8-10mm-1sz 2048w\" alt=\"Tyczka bambusowa - 105cm - 8\/10mm 1sz.\" width=\"2048px\" data-srcset=\"\" \/><\/button><\/div>\n<\/div>\n<\/div>\n<\/div>\n<\/div>\n<\/div>\n<\/div>\n<\/div>\n","protected":false},"excerpt":{"rendered":"<p>Dane: D\u0142ugo\u015b\u0107: 105cm \u015arednica: 8\/10mm Ilo\u015b\u0107 sztuk w opakowaniu: 1 Bambusowe tyczki &#8211; dlaczego warto? Naturalnego pochodzenia surowiec wyr\u00f3\u017cnia si\u0119 uniwersalno\u015bci\u0105, nie tylko z powodu swojej estetyki. Unikatowo\u015b\u0107 bambusa wynika z po\u0142\u0105czenia wysokiej odporno\u015b\u0107 na czynniki atmosferyczne przy jednoczesnej lekko\u015bci, gi\u0119tko\u015bci i trwa\u0142o\u015bci tworzonych z niego element\u00f3w. Tyczki bambusowe nie poch\u0142aniaj\u0105 wody, dzi\u0119ki czemu\u00a0doskonale sprawdzaj\u0105 &hellip;<\/p>\n<p class=\"read-more\"> <a class=\"\" href=\"https:\/\/www.ogrodolszanica.pl\/index.php\/produkt\/tyczka-bambusowa-105cm-8-10mm-1sz\/\"> <span class=\"screen-reader-text\">Tyczka bambusowa &#8211; 105cm &#8211; 8\/10mm 1sz.<\/span> Read More &raquo;<\/a><\/p>\n","protected":false},"featured_media":4066,"comment_status":"open","ping_status":"closed","template":"","meta":{"site-sidebar-layout":"default","site-content-layout":"default","ast-global-header-display":"","ast-main-header-display":"","ast-hfb-above-header-display":"","ast-hfb-below-header-display":"","ast-hfb-mobile-header-display":"","site-post-title":"","ast-breadcrumbs-content":"","ast-featured-img":"","footer-sml-layout":"","theme-transparent-header-meta":"default","adv-header-id-meta":"","stick-header-meta":"","header-above-stick-meta":"","header-main-stick-meta":"","header-below-stick-meta":"","spay_email":""},"product_cat":[52],"product_tag":[],"class_list":["post-4065","product","type-product","status-publish","has-post-thumbnail","hentry","product_cat-tyczki-bambusowe"],"yoast_head":"<!-- This site is optimized with the Yoast SEO plugin v19.2 - https:\/\/yoast.com\/wordpress\/plugins\/seo\/ -->\n<title>Tyczka bambusowa - 105cm - 8\/10mm 1sz. - Ogr&oacute;d Olszanica<\/title>\n<meta name=\"robots\" content=\"index, follow, max-snippet:-1, max-image-preview:large, max-video-preview:-1\" \/>\n<link rel=\"canonical\" href=\"https:\/\/www.ogrodolszanica.pl\/index.php\/produkt\/tyczka-bambusowa-105cm-8-10mm-1sz\/\" \/>\n<meta property=\"og:locale\" content=\"pl_PL\" \/>\n<meta property=\"og:type\" content=\"article\" \/>\n<meta property=\"og:title\" content=\"Tyczka bambusowa - 105cm - 8\/10mm 1sz. - Ogr&oacute;d Olszanica\" \/>\n<meta property=\"og:description\" content=\"Dane: D\u0142ugo\u015b\u0107: 105cm \u015arednica: 8\/10mm Ilo\u015b\u0107 sztuk w opakowaniu: 1 Bambusowe tyczki &#8211; dlaczego warto? Naturalnego pochodzenia surowiec wyr\u00f3\u017cnia si\u0119 uniwersalno\u015bci\u0105, nie tylko z powodu swojej estetyki. Unikatowo\u015b\u0107 bambusa wynika z po\u0142\u0105czenia wysokiej odporno\u015b\u0107 na czynniki atmosferyczne przy jednoczesnej lekko\u015bci, gi\u0119tko\u015bci i trwa\u0142o\u015bci tworzonych z niego element\u00f3w. Tyczki bambusowe nie poch\u0142aniaj\u0105 wody, dzi\u0119ki czemu\u00a0doskonale sprawdzaj\u0105 &hellip; Tyczka bambusowa &#8211; 105cm &#8211; 8\/10mm 1sz. Read More &raquo;\" \/>\n<meta property=\"og:url\" content=\"https:\/\/www.ogrodolszanica.pl\/index.php\/produkt\/tyczka-bambusowa-105cm-8-10mm-1sz\/\" \/>\n<meta property=\"og:site_name\" content=\"Ogr&oacute;d Olszanica\" \/>\n<meta property=\"article:publisher\" content=\"https:\/\/www.facebook.com\/Ogrd-Olszanica-100807179225223\" \/>\n<meta property=\"article:modified_time\" content=\"2026-03-08T11:39:23+00:00\" \/>\n<meta property=\"og:image\" content=\"https:\/\/www.ogrodolszanica.pl\/wp-content\/uploads\/2026\/03\/Tyczka-bambusowa-105-810.jpg\" \/>\n\t<meta property=\"og:image:width\" content=\"2048\" \/>\n\t<meta property=\"og:image:height\" content=\"1448\" \/>\n\t<meta property=\"og:image:type\" content=\"image\/jpeg\" \/>\n<meta name=\"author\" content=\"admin\" \/>\n<meta name=\"twitter:card\" content=\"summary_large_image\" \/>\n<meta name=\"twitter:label1\" content=\"Szacowany czas czytania\" \/>\n\t<meta name=\"twitter:data1\" content=\"1 minuta\" \/>\n<script type=\"application\/ld+json\" class=\"yoast-schema-graph\">{\"@context\":\"https:\/\/schema.org\",\"@graph\":[{\"@type\":\"Organization\",\"@id\":\"https:\/\/www.ogrodolszanica.pl\/#organization\",\"name\":\"Ogr\u00f3d Olszanica - Krakowskie Centrum Ogrodnicze\",\"url\":\"https:\/\/www.ogrodolszanica.pl\/\",\"sameAs\":[\"https:\/\/www.facebook.com\/Ogrd-Olszanica-100807179225223\"],\"logo\":{\"@type\":\"ImageObject\",\"inLanguage\":\"pl-PL\",\"@id\":\"https:\/\/www.ogrodolszanica.pl\/#\/schema\/logo\/image\/\",\"url\":\"http:\/\/www.ogrodolszanica.pl\/wp-content\/uploads\/2022\/06\/Ogrod-Olszanica1-1.png\",\"contentUrl\":\"http:\/\/www.ogrodolszanica.pl\/wp-content\/uploads\/2022\/06\/Ogrod-Olszanica1-1.png\",\"width\":180,\"height\":60,\"caption\":\"Ogr\u00f3d Olszanica - Krakowskie Centrum Ogrodnicze\"},\"image\":{\"@id\":\"https:\/\/www.ogrodolszanica.pl\/#\/schema\/logo\/image\/\"}},{\"@type\":\"WebSite\",\"@id\":\"https:\/\/www.ogrodolszanica.pl\/#website\",\"url\":\"https:\/\/www.ogrodolszanica.pl\/\",\"name\":\"Ogr&oacute;d Olszanica\",\"description\":\"Centrum Ogrodnicze Krak&oacute;w\",\"publisher\":{\"@id\":\"https:\/\/www.ogrodolszanica.pl\/#organization\"},\"potentialAction\":[{\"@type\":\"SearchAction\",\"target\":{\"@type\":\"EntryPoint\",\"urlTemplate\":\"https:\/\/www.ogrodolszanica.pl\/?s={search_term_string}\"},\"query-input\":\"required name=search_term_string\"}],\"inLanguage\":\"pl-PL\"},{\"@type\":\"ImageObject\",\"inLanguage\":\"pl-PL\",\"@id\":\"https:\/\/www.ogrodolszanica.pl\/index.php\/produkt\/tyczka-bambusowa-105cm-8-10mm-1sz\/#primaryimage\",\"url\":\"https:\/\/i0.wp.com\/www.ogrodolszanica.pl\/wp-content\/uploads\/2026\/03\/Tyczka-bambusowa-105-810.jpg?fit=2048%2C1448&ssl=1\",\"contentUrl\":\"https:\/\/i0.wp.com\/www.ogrodolszanica.pl\/wp-content\/uploads\/2026\/03\/Tyczka-bambusowa-105-810.jpg?fit=2048%2C1448&ssl=1\",\"width\":2048,\"height\":1448},{\"@type\":\"WebPage\",\"@id\":\"https:\/\/www.ogrodolszanica.pl\/index.php\/produkt\/tyczka-bambusowa-105cm-8-10mm-1sz\/#webpage\",\"url\":\"https:\/\/www.ogrodolszanica.pl\/index.php\/produkt\/tyczka-bambusowa-105cm-8-10mm-1sz\/\",\"name\":\"Tyczka bambusowa - 105cm - 8\/10mm 1sz. - Ogr&oacute;d Olszanica\",\"isPartOf\":{\"@id\":\"https:\/\/www.ogrodolszanica.pl\/#website\"},\"primaryImageOfPage\":{\"@id\":\"https:\/\/www.ogrodolszanica.pl\/index.php\/produkt\/tyczka-bambusowa-105cm-8-10mm-1sz\/#primaryimage\"},\"datePublished\":\"2026-03-04T20:21:08+00:00\",\"dateModified\":\"2026-03-08T11:39:23+00:00\",\"breadcrumb\":{\"@id\":\"https:\/\/www.ogrodolszanica.pl\/index.php\/produkt\/tyczka-bambusowa-105cm-8-10mm-1sz\/#breadcrumb\"},\"inLanguage\":\"pl-PL\",\"potentialAction\":[{\"@type\":\"ReadAction\",\"target\":[\"https:\/\/www.ogrodolszanica.pl\/index.php\/produkt\/tyczka-bambusowa-105cm-8-10mm-1sz\/\"]}]},{\"@type\":\"BreadcrumbList\",\"@id\":\"https:\/\/www.ogrodolszanica.pl\/index.php\/produkt\/tyczka-bambusowa-105cm-8-10mm-1sz\/#breadcrumb\",\"itemListElement\":[{\"@type\":\"ListItem\",\"position\":1,\"name\":\"Strona g\u0142\u00f3wna\",\"item\":\"https:\/\/www.ogrodolszanica.pl\/\"},{\"@type\":\"ListItem\",\"position\":2,\"name\":\"Produkty\",\"item\":\"https:\/\/www.ogrodolszanica.pl\/index.php\/shop\/\"},{\"@type\":\"ListItem\",\"position\":3,\"name\":\"Tyczka bambusowa &#8211; 105cm &#8211; 8\/10mm 1sz.\"}]}]}<\/script>\n<!-- \/ Yoast SEO plugin. -->","yoast_head_json":{"title":"Tyczka bambusowa - 105cm - 8\/10mm 1sz. - Ogr&oacute;d Olszanica","robots":{"index":"index","follow":"follow","max-snippet":"max-snippet:-1","max-image-preview":"max-image-preview:large","max-video-preview":"max-video-preview:-1"},"canonical":"https:\/\/www.ogrodolszanica.pl\/index.php\/produkt\/tyczka-bambusowa-105cm-8-10mm-1sz\/","og_locale":"pl_PL","og_type":"article","og_title":"Tyczka bambusowa - 105cm - 8\/10mm 1sz. - Ogr&oacute;d Olszanica","og_description":"Dane: D\u0142ugo\u015b\u0107: 105cm \u015arednica: 8\/10mm Ilo\u015b\u0107 sztuk w opakowaniu: 1 Bambusowe tyczki &#8211; dlaczego warto? Naturalnego pochodzenia surowiec wyr\u00f3\u017cnia si\u0119 uniwersalno\u015bci\u0105, nie tylko z powodu swojej estetyki. Unikatowo\u015b\u0107 bambusa wynika z po\u0142\u0105czenia wysokiej odporno\u015b\u0107 na czynniki atmosferyczne przy jednoczesnej lekko\u015bci, gi\u0119tko\u015bci i trwa\u0142o\u015bci tworzonych z niego element\u00f3w. Tyczki bambusowe nie poch\u0142aniaj\u0105 wody, dzi\u0119ki czemu\u00a0doskonale sprawdzaj\u0105 &hellip; Tyczka bambusowa &#8211; 105cm &#8211; 8\/10mm 1sz. Read More &raquo;","og_url":"https:\/\/www.ogrodolszanica.pl\/index.php\/produkt\/tyczka-bambusowa-105cm-8-10mm-1sz\/","og_site_name":"Ogr&oacute;d Olszanica","article_publisher":"https:\/\/www.facebook.com\/Ogrd-Olszanica-100807179225223","article_modified_time":"2026-03-08T11:39:23+00:00","og_image":[{"width":2048,"height":1448,"url":"https:\/\/www.ogrodolszanica.pl\/wp-content\/uploads\/2026\/03\/Tyczka-bambusowa-105-810.jpg","type":"image\/jpeg"}],"author":"admin","twitter_card":"summary_large_image","twitter_misc":{"Szacowany czas czytania":"1 minuta"},"schema":{"@context":"https:\/\/schema.org","@graph":[{"@type":"Organization","@id":"https:\/\/www.ogrodolszanica.pl\/#organization","name":"Ogr\u00f3d Olszanica - Krakowskie Centrum Ogrodnicze","url":"https:\/\/www.ogrodolszanica.pl\/","sameAs":["https:\/\/www.facebook.com\/Ogrd-Olszanica-100807179225223"],"logo":{"@type":"ImageObject","inLanguage":"pl-PL","@id":"https:\/\/www.ogrodolszanica.pl\/#\/schema\/logo\/image\/","url":"http:\/\/www.ogrodolszanica.pl\/wp-content\/uploads\/2022\/06\/Ogrod-Olszanica1-1.png","contentUrl":"http:\/\/www.ogrodolszanica.pl\/wp-content\/uploads\/2022\/06\/Ogrod-Olszanica1-1.png","width":180,"height":60,"caption":"Ogr\u00f3d Olszanica - Krakowskie Centrum Ogrodnicze"},"image":{"@id":"https:\/\/www.ogrodolszanica.pl\/#\/schema\/logo\/image\/"}},{"@type":"WebSite","@id":"https:\/\/www.ogrodolszanica.pl\/#website","url":"https:\/\/www.ogrodolszanica.pl\/","name":"Ogr&oacute;d Olszanica","description":"Centrum Ogrodnicze Krak&oacute;w","publisher":{"@id":"https:\/\/www.ogrodolszanica.pl\/#organization"},"potentialAction":[{"@type":"SearchAction","target":{"@type":"EntryPoint","urlTemplate":"https:\/\/www.ogrodolszanica.pl\/?s={search_term_string}"},"query-input":"required name=search_term_string"}],"inLanguage":"pl-PL"},{"@type":"ImageObject","inLanguage":"pl-PL","@id":"https:\/\/www.ogrodolszanica.pl\/index.php\/produkt\/tyczka-bambusowa-105cm-8-10mm-1sz\/#primaryimage","url":"https:\/\/i0.wp.com\/www.ogrodolszanica.pl\/wp-content\/uploads\/2026\/03\/Tyczka-bambusowa-105-810.jpg?fit=2048%2C1448&ssl=1","contentUrl":"https:\/\/i0.wp.com\/www.ogrodolszanica.pl\/wp-content\/uploads\/2026\/03\/Tyczka-bambusowa-105-810.jpg?fit=2048%2C1448&ssl=1","width":2048,"height":1448},{"@type":"WebPage","@id":"https:\/\/www.ogrodolszanica.pl\/index.php\/produkt\/tyczka-bambusowa-105cm-8-10mm-1sz\/#webpage","url":"https:\/\/www.ogrodolszanica.pl\/index.php\/produkt\/tyczka-bambusowa-105cm-8-10mm-1sz\/","name":"Tyczka bambusowa - 105cm - 8\/10mm 1sz. - Ogr&oacute;d Olszanica","isPartOf":{"@id":"https:\/\/www.ogrodolszanica.pl\/#website"},"primaryImageOfPage":{"@id":"https:\/\/www.ogrodolszanica.pl\/index.php\/produkt\/tyczka-bambusowa-105cm-8-10mm-1sz\/#primaryimage"},"datePublished":"2026-03-04T20:21:08+00:00","dateModified":"2026-03-08T11:39:23+00:00","breadcrumb":{"@id":"https:\/\/www.ogrodolszanica.pl\/index.php\/produkt\/tyczka-bambusowa-105cm-8-10mm-1sz\/#breadcrumb"},"inLanguage":"pl-PL","potentialAction":[{"@type":"ReadAction","target":["https:\/\/www.ogrodolszanica.pl\/index.php\/produkt\/tyczka-bambusowa-105cm-8-10mm-1sz\/"]}]},{"@type":"BreadcrumbList","@id":"https:\/\/www.ogrodolszanica.pl\/index.php\/produkt\/tyczka-bambusowa-105cm-8-10mm-1sz\/#breadcrumb","itemListElement":[{"@type":"ListItem","position":1,"name":"Strona g\u0142\u00f3wna","item":"https:\/\/www.ogrodolszanica.pl\/"},{"@type":"ListItem","position":2,"name":"Produkty","item":"https:\/\/www.ogrodolszanica.pl\/index.php\/shop\/"},{"@type":"ListItem","position":3,"name":"Tyczka bambusowa &#8211; 105cm &#8211; 8\/10mm 1sz."}]}]}},"jetpack-related-posts":[{"id":4163,"url":"https:\/\/www.ogrodolszanica.pl\/index.php\/produkt\/dysza-do-zraszania-bradas-le-04710k\/","url_meta":{"origin":4065,"position":0},"title":"Dysza do zraszania Bradas LE-04710K","date":"8 marca, 2026","format":false,"excerpt":"Dysza prosta regulowana Symbol: LE-04710K \u2714\ufe0fTradycyjna dysza prosta regulowana jest wygodna w obs\u0142udze\u00a0dzi\u0119ki dobrze wyprofilowanym elementom z wytrzyma\u0142ego tworzywa. \u2714\ufe0fBezstopniowa regulacja strumienia wody,\u00a0od punktowego do delikatnej m\u017cawki. U\u017cytkowany nie tylko w ogrodzie, lecz tak\u017ce w gospodarstwie domowym. \u2714\ufe0fZalety: \u2022 prosta obs\u0142uga dzi\u0119ki ergonomicznemu designowi. \u2022 wytrzyma\u0142e tworzywo gwarantuje\u00a0wieloletni\u0105 u\u017cyteczno\u015b\u0107. *\ufe0f\u20e3\u00a0\u2026","rel":"","context":"Similar post","img":{"alt_text":"","src":"https:\/\/i0.wp.com\/www.ogrodolszanica.pl\/wp-content\/uploads\/2026\/03\/pol_pl_Dysza-prosta-regulowana-LIME-LINE-BRADAS-LE-04710K-17611_3.jpg?fit=600%2C600&ssl=1&resize=350%2C200","width":350,"height":200},"classes":[]},{"id":2907,"url":"https:\/\/www.ogrodolszanica.pl\/index.php\/produkt\/wielosil-bressingham-purple\/","url_meta":{"origin":4065,"position":1},"title":"Wielosi\u0142 Bressingham Purple","date":"18 wrze\u015bnia, 2024","format":false,"excerpt":"Wielosi\u0142 Bressingham Purple Polemonium hybrida Wielosi\u0142 Bressingham Purple (Polemonium caeruleum) to niezwykle dekoracyjna bylina, kt\u00f3ra zachwyca nie tylko swoim wygl\u0105dem, ale tak\u017ce \u0142atwo\u015bci\u0105 uprawy. Ta odmiana wyr\u00f3\u017cnia si\u0119 purpurowymi li\u015b\u0107mi (krt\u00f3re kszta\u0142tem przypomianj\u0105 li\u015bcie paproci)\u00a0\u00a0i delikatnymi, dzwonkowatymi kwiatami w odcieniach fioletu z subtelnymi, \u017c\u00f3\u0142tymi pr\u0119cikami, kt\u00f3re zdobi\u0105 wielosi\u0142a od czerwca\u2026","rel":"","context":"Similar post","img":{"alt_text":"","src":"https:\/\/i0.wp.com\/www.ogrodolszanica.pl\/wp-content\/uploads\/2024\/09\/Wielosil-Bressingham-Purple-v5-scaled.jpg?fit=904%2C1200&ssl=1&resize=350%2C200","width":350,"height":200},"classes":[]},{"id":4157,"url":"https:\/\/www.ogrodolszanica.pl\/index.php\/produkt\/dysza-do-zraszania-bradas-le-05500-12k\/","url_meta":{"origin":4065,"position":2},"title":"Dysza do zraszania Bradas LE-05500-12K","date":"8 marca, 2026","format":false,"excerpt":"LE-05500-12K zestaw zraszaj\u0105cy 4-elem.na w\u0105\u017c 1\/2` LE-05500-12K to zestaw zraszaj\u0105cy sk\u0142adaj\u0105cy si\u0119 z czterech element\u00f3w, kt\u00f3ry doskonale sprawdzi si\u0119 w podlewaniu ro\u015blin w ogrodzie. Dzi\u0119ki temu zestawowi b\u0119dziesz m\u00f3g\u0142 skutecznie nawil\u017ca\u0107 swoje ro\u015bliny bez wi\u0119kszych wysi\u0142k\u00f3w. Doskonale sprawdzi si\u0119 zar\u00f3wno w przypadku ma\u0142ych ogr\u00f3dk\u00f3w, jak i wi\u0119kszych powierzchni. Jego solidna\u2026","rel":"","context":"Similar post","img":{"alt_text":"","src":"https:\/\/i0.wp.com\/www.ogrodolszanica.pl\/wp-content\/uploads\/2026\/03\/images-6.jpg?fit=225%2C225&ssl=1&resize=350%2C200","width":350,"height":200},"classes":[]},{"id":2659,"url":"https:\/\/www.ogrodolszanica.pl\/index.php\/produkt\/lawenda-rosea\/","url_meta":{"origin":4065,"position":3},"title":"Lawenda Rosea","date":"30 stycznia, 2024","format":false,"excerpt":"Lawendy\u00a0(Lavandula) to ro\u015bliny ozdobne cenione za swoje aromatyczne kwiaty, kt\u00f3re przyci\u0105gaj\u0105 nie tylko wzrok, ale i zapach. Te niskie, wieloletnie krzewy wyst\u0119puj\u0105 w r\u00f3\u017cnych odmianach, w tym tak\u017ce w popularnym rodzaju lawendy w\u0105skolistnej (Lavandula angustifolia). Lawendy rosn\u0105 najlepiej w pe\u0142nym s\u0142o\u0144cu i w glebie dobrze przepuszczalnej, o odczynie zasadowym. Dzi\u0119ki\u2026","rel":"","context":"Similar post","img":{"alt_text":"","src":"https:\/\/i0.wp.com\/www.ogrodolszanica.pl\/wp-content\/uploads\/2024\/01\/lavandula-rosea_71575_1.jpg?fit=650%2C650&ssl=1&resize=350%2C200","width":350,"height":200},"classes":[]},{"id":3605,"url":"https:\/\/www.ogrodolszanica.pl\/index.php\/produkt\/werbena-zylkowana-santos\/","url_meta":{"origin":4065,"position":4},"title":"Werbena \u017cy\u0142kowana Santos","date":"1 marca, 2026","format":false,"excerpt":"Werbena \u017cy\u0142kowana Santos Verbena rigida Werbena \u017cy\u0142kowana 'Santos' to prawdziwa pere\u0142ka w letnim ogrodzie! Ta niska, zwarta bylina o intensywnie fioletowych kwiatach zachwyca nie tylko kolorami, ale te\u017c wyj\u0105tkowo d\u0142ugim okresem kwitnienia -od czerwca a\u017c do pierwszych przymrozk\u00f3w. Jest kar\u0142ow\u0105 kuzynk\u0105 werbeny patago\u0144skiej, jednak w przeciwie\u0144stwie do niej osi\u0105ga jedynie\u2026","rel":"","context":"Similar post","img":{"alt_text":"","src":"https:\/\/i0.wp.com\/www.ogrodolszanica.pl\/wp-content\/uploads\/2026\/03\/Werbena-zylkowana-Santos-scaled.jpg?fit=904%2C1200&ssl=1&resize=350%2C200","width":350,"height":200},"classes":[]},{"id":4242,"url":"https:\/\/www.ogrodolszanica.pl\/index.php\/produkt\/ziemia-uniwersalna-biovita-20l\/","url_meta":{"origin":4065,"position":5},"title":"Ziemia Uniwersalna BIOVITA 20L","date":"19 marca, 2026","format":false,"excerpt":"Ziemia uniwersalna BIOVITA jest niezast\u0105pionym pod\u0142o\u017cem do sadzenia oraz przesadzenia ro\u015blin ozdobnych w domach, ogrodach, na balkonach i tarasach, z wyj\u0105tkiem ro\u015blin kwasolubnych. Zawiera naw\u00f3z wielosk\u0142adnikowy, dzi\u0119ki czemu nie wymaga nawo\u017cenia przez okres 4 do 6 tygodni. Zawarty w pod\u0142o\u017cu torf wysoki zwi\u0119ksza pojemno\u015b\u0107 powietrzn\u0105, poprawia struktur\u0119, stwarza korzystne warunki\u2026","rel":"","context":"Similar post","img":{"alt_text":"","src":"https:\/\/i0.wp.com\/www.ogrodolszanica.pl\/wp-content\/uploads\/2026\/03\/8307469213d1de209953e73e3bf7a8ec.jpg?fit=1024%2C1024&ssl=1&resize=350%2C200","width":350,"height":200},"classes":[]}],"_links":{"self":[{"href":"https:\/\/www.ogrodolszanica.pl\/index.php\/wp-json\/wp\/v2\/product\/4065","targetHints":{"allow":["GET"]}}],"collection":[{"href":"https:\/\/www.ogrodolszanica.pl\/index.php\/wp-json\/wp\/v2\/product"}],"about":[{"href":"https:\/\/www.ogrodolszanica.pl\/index.php\/wp-json\/wp\/v2\/types\/product"}],"replies":[{"embeddable":true,"href":"https:\/\/www.ogrodolszanica.pl\/index.php\/wp-json\/wp\/v2\/comments?post=4065"}],"wp:featuredmedia":[{"embeddable":true,"href":"https:\/\/www.ogrodolszanica.pl\/index.php\/wp-json\/wp\/v2\/media\/4066"}],"wp:attachment":[{"href":"https:\/\/www.ogrodolszanica.pl\/index.php\/wp-json\/wp\/v2\/media?parent=4065"}],"wp:term":[{"taxonomy":"product_cat","embeddable":true,"href":"https:\/\/www.ogrodolszanica.pl\/index.php\/wp-json\/wp\/v2\/product_cat?post=4065"},{"taxonomy":"product_tag","embeddable":true,"href":"https:\/\/www.ogrodolszanica.pl\/index.php\/wp-json\/wp\/v2\/product_tag?post=4065"}],"curies":[{"name":"wp","href":"https:\/\/api.w.org\/{rel}","templated":true}]}}