{"id":4056,"date":"2026-03-04T20:18:46","date_gmt":"2026-03-04T20:18:46","guid":{"rendered":"https:\/\/www.ogrodolszanica.pl\/?post_type=product&#038;p=4056"},"modified":"2026-03-08T11:39:50","modified_gmt":"2026-03-08T11:39:50","slug":"maly-kultywator-ogrodowy","status":"publish","type":"product","link":"https:\/\/www.ogrodolszanica.pl\/index.php\/produkt\/maly-kultywator-ogrodowy\/","title":{"rendered":"Ma\u0142y kultywator ogrodowy"},"content":{"rendered":"<div class=\"mpof_ki myre_zn myre_8v_l m389_6m_l\">\n<div class=\"mp4t_16_s mryx_16_s mr3m_1 mli2_1 mh85_56 mh85_0_l\">\n<div class=\"mgn2_16 _0d3bd_am0a-\">\n<div class=\"mpof_ki myre_zn myre_8v_l m389_6m_l\">\n<div class=\"mp4t_16_s mryx_16_s mr3m_1 mli2_1 mh85_56 mh85_0_l\">\n<div class=\"mgn2_16 _0d3bd_am0a-\">\n<h1>Ma\u0142y kultywator to r\u0119czne narz\u0119dzie ogrodnicze, kt\u00f3re s\u0142u\u017cy g\u0142\u00f3wnie do spulchniania gleby, aeracji oraz usuwania p\u0142ytko ukorzenionych chwast\u00f3w. Jest idealny do pracy na ma\u0142ych grz\u0105dkach, w doniczkach czy w miejscach trudno dost\u0119pnych dla wi\u0119kszych maszyn.<\/h1>\n<ul>\n<li><b>Typ produktu:<\/b>\u00a0Kultywator<\/li>\n<li><b>Zastosowanie produktu:<\/b>\u00a0Do napowietrzania\/przewietrzania<\/li>\n<li><b>D\u0142ugo\u015b\u0107 uchwytu (w cm):<\/b>\u00a011<\/li>\n<li><b>Szeroko\u015b\u0107 g\u0142owicy (w cm):<\/b>\u00a09<\/li>\n<li><b>\u015arednica dr\u0105\u017cka (w mm):<\/b>\u00a02.5<\/li>\n<li><b>Typ narz\u0119dzia:<\/b>\u00a0Mini narz\u0119dzie<\/li>\n<li><b>Materia\u0142 g\u0142\u00f3wny w ca\u0142kowitej masie produktu:<\/b>\u00a0Stal<\/li>\n<li><b>Materia\u0142 wykonania g\u0142owicy:<\/b>\u00a0Stal<\/li>\n<li><b>Materia\u0142 wykonania uchwytu:<\/b>\u00a0Tworzywo sztuczne<\/li>\n<li><b>Model produktu:<\/b>\u00a0Kultywator RIM<\/li>\n<li><b>Ilo\u015b\u0107 z\u0119b\u00f3w:<\/b>\u00a03<\/li>\n<\/ul>\n<\/div>\n<\/div>\n<div class=\"mp4t_16_s mryx_16_s mr3m_1 mli2_1 mh85_56 mh85_0_l\">\n<div class=\"mg9e_8 mj7a_8 mg9e_0_s mvrt_0_s mj7a_0_s mh36_0_s mzmg_6m munh_16_l m3h2_16_l\">\n<div class=\"mp4t_0 mryx_0 munh_56 m3h2_56\">\n<div class=\"mp7g_oh\"><button class=\"mg9e_0 mvrt_0 mj7a_0 mh36_0 mp4t_0 m3h2_0 mryx_0 munh_0 mqen_m6 mpof_z0 mx7m_0 m7er_k4 mse2_k4 msts_pt\" data-analytics-interaction=\"true\" data-analytics-interaction-label=\"zoomable-image-open\" aria-disabled=\"true\"><img decoding=\"async\" class=\"msub_k4 mupj_5k mjru_k4 mse2_k4 mp7g_f6 mq1m_0 mj7u_0 m7er_k4 mqen_m6 m31c_d8 m0ux_fp lazyloaded\" src=\"https:\/\/a.allegroimg.com\/original\/119a47\/6216b866413382baa10cfabf4c9e\/Maly-kultywator-pazurki-9x11-cm-Rim-Kowalczyk\" sizes=\"(min-width: 1200px) 560px, (min-width: 992px) 50vw, 100vw\" srcset=\"https:\/\/a.allegroimg.com\/s360\/119a47\/6216b866413382baa10cfabf4c9e\/Maly-kultywator-pazurki-9x11-cm-Rim-Kowalczyk 270w,https:\/\/a.allegroimg.com\/s720\/119a47\/6216b866413382baa10cfabf4c9e\/Maly-kultywator-pazurki-9x11-cm-Rim-Kowalczyk 541w,https:\/\/a.allegroimg.com\/s1024\/119a47\/6216b866413382baa10cfabf4c9e\/Maly-kultywator-pazurki-9x11-cm-Rim-Kowalczyk 770w,https:\/\/a.allegroimg.com\/s1440\/119a47\/6216b866413382baa10cfabf4c9e\/Maly-kultywator-pazurki-9x11-cm-Rim-Kowalczyk 1083w,https:\/\/a.allegroimg.com\/original\/119a47\/6216b866413382baa10cfabf4c9e\/Maly-kultywator-pazurki-9x11-cm-Rim-Kowalczyk 1927w\" alt=\"Ma\u0142y kultywator pazurki 9x11 cm Rim Kowalczyk\" width=\"1927px\" data-srcset=\"\" \/><\/button><\/div>\n<\/div>\n<\/div>\n<\/div>\n<\/div>\n<div class=\"mpof_ki myre_zn myre_8v_l m389_6m_l\">\n<div class=\"mp4t_16_s mryx_16_s mr3m_1 mli2_1 mh85_56 mh85_0_l\">\n<div class=\"mg9e_8 mj7a_8 mg9e_0_s mvrt_0_s mj7a_0_s mh36_0_s mzmg_6m munh_16_l m3h2_16_l\">\n<div class=\"mp4t_0 mryx_0 munh_56 m3h2_56\">\n<div class=\"mp7g_oh\"><button class=\"mg9e_0 mvrt_0 mj7a_0 mh36_0 mp4t_0 m3h2_0 mryx_0 munh_0 mqen_m6 mpof_z0 mx7m_0 m7er_k4 mse2_k4 msts_pt\" data-analytics-interaction=\"true\" data-analytics-interaction-label=\"zoomable-image-open\" aria-disabled=\"true\"><img decoding=\"async\" class=\"msub_k4 mupj_5k mjru_k4 mse2_k4 mp7g_f6 mq1m_0 mj7u_0 m7er_k4 mqen_m6 m31c_d8 m0ux_fp lazyloaded\" src=\"https:\/\/a.allegroimg.com\/original\/118acf\/92aef6a54ac4900d1a0905aac0ae\/Maly-kultywator-pazurki-9x11-cm-Rim-Kowalczyk-Stan-opakowania-oryginalne\" sizes=\"(min-width: 1200px) 560px, (min-width: 992px) 50vw, 100vw\" srcset=\"https:\/\/a.allegroimg.com\/s360\/118acf\/92aef6a54ac4900d1a0905aac0ae\/Maly-kultywator-pazurki-9x11-cm-Rim-Kowalczyk-Stan-opakowania-oryginalne 270w,https:\/\/a.allegroimg.com\/s720\/118acf\/92aef6a54ac4900d1a0905aac0ae\/Maly-kultywator-pazurki-9x11-cm-Rim-Kowalczyk-Stan-opakowania-oryginalne 541w,https:\/\/a.allegroimg.com\/s1024\/118acf\/92aef6a54ac4900d1a0905aac0ae\/Maly-kultywator-pazurki-9x11-cm-Rim-Kowalczyk-Stan-opakowania-oryginalne 770w,https:\/\/a.allegroimg.com\/s1440\/118acf\/92aef6a54ac4900d1a0905aac0ae\/Maly-kultywator-pazurki-9x11-cm-Rim-Kowalczyk-Stan-opakowania-oryginalne 1083w,https:\/\/a.allegroimg.com\/original\/118acf\/92aef6a54ac4900d1a0905aac0ae\/Maly-kultywator-pazurki-9x11-cm-Rim-Kowalczyk-Stan-opakowania-oryginalne 1927w\" alt=\"Ma\u0142y kultywator pazurki 9x11 cm Rim Kowalczyk Stan opakowania oryginalne\" width=\"1927px\" data-srcset=\"\" \/><\/button><\/div>\n<\/div>\n<\/div>\n<\/div>\n<div class=\"mp4t_16_s mryx_16_s mr3m_1 mli2_1 mh85_56 mh85_0_l\">\n<div class=\"mg9e_8 mj7a_8 mg9e_0_s mvrt_0_s mj7a_0_s mh36_0_s mzmg_6m munh_16_l m3h2_16_l\">\n<div class=\"mp4t_0 mryx_0 munh_56 m3h2_56\">\n<div class=\"mp7g_oh\"><button class=\"mg9e_0 mvrt_0 mj7a_0 mh36_0 mp4t_0 m3h2_0 mryx_0 munh_0 mqen_m6 mpof_z0 mx7m_0 m7er_k4 mse2_k4 msts_pt\" data-analytics-interaction=\"true\" data-analytics-interaction-label=\"zoomable-image-open\" aria-disabled=\"true\"><img decoding=\"async\" class=\"msub_k4 mupj_5k mjru_k4 mse2_k4 mp7g_f6 mq1m_0 mj7u_0 m7er_k4 mqen_m6 m31c_d8 m0ux_fp lazyloaded\" src=\"https:\/\/a.allegroimg.com\/original\/1178a2\/1e94fbd941d6b901b9e28d14069f\/Maly-kultywator-pazurki-9x11-cm-Rim-Kowalczyk-Kod-producenta-34181\" sizes=\"(min-width: 1200px) 560px, (min-width: 992px) 50vw, 100vw\" srcset=\"https:\/\/a.allegroimg.com\/s360\/1178a2\/1e94fbd941d6b901b9e28d14069f\/Maly-kultywator-pazurki-9x11-cm-Rim-Kowalczyk-Kod-producenta-34181 270w,https:\/\/a.allegroimg.com\/s720\/1178a2\/1e94fbd941d6b901b9e28d14069f\/Maly-kultywator-pazurki-9x11-cm-Rim-Kowalczyk-Kod-producenta-34181 541w,https:\/\/a.allegroimg.com\/s1024\/1178a2\/1e94fbd941d6b901b9e28d14069f\/Maly-kultywator-pazurki-9x11-cm-Rim-Kowalczyk-Kod-producenta-34181 770w,https:\/\/a.allegroimg.com\/s1440\/1178a2\/1e94fbd941d6b901b9e28d14069f\/Maly-kultywator-pazurki-9x11-cm-Rim-Kowalczyk-Kod-producenta-34181 1083w,https:\/\/a.allegroimg.com\/original\/1178a2\/1e94fbd941d6b901b9e28d14069f\/Maly-kultywator-pazurki-9x11-cm-Rim-Kowalczyk-Kod-producenta-34181 1927w\" alt=\"Ma\u0142y kultywator pazurki 9x11 cm Rim Kowalczyk Kod producenta 34181\" width=\"1927px\" data-srcset=\"\" \/><\/button><\/div>\n<\/div>\n<\/div>\n<\/div>\n<\/div>\n<\/div>\n<\/div>\n<\/div>\n","protected":false},"excerpt":{"rendered":"<p>Ma\u0142y kultywator to r\u0119czne narz\u0119dzie ogrodnicze, kt\u00f3re s\u0142u\u017cy g\u0142\u00f3wnie do spulchniania gleby, aeracji oraz usuwania p\u0142ytko ukorzenionych chwast\u00f3w. Jest idealny do pracy na ma\u0142ych grz\u0105dkach, w doniczkach czy w miejscach trudno dost\u0119pnych dla wi\u0119kszych maszyn. Typ produktu:\u00a0Kultywator Zastosowanie produktu:\u00a0Do napowietrzania\/przewietrzania D\u0142ugo\u015b\u0107 uchwytu (w cm):\u00a011 Szeroko\u015b\u0107 g\u0142owicy (w cm):\u00a09 \u015arednica dr\u0105\u017cka (w mm):\u00a02.5 Typ narz\u0119dzia:\u00a0Mini narz\u0119dzie &hellip;<\/p>\n<p class=\"read-more\"> <a class=\"\" href=\"https:\/\/www.ogrodolszanica.pl\/index.php\/produkt\/maly-kultywator-ogrodowy\/\"> <span class=\"screen-reader-text\">Ma\u0142y kultywator ogrodowy<\/span> Read More &raquo;<\/a><\/p>\n","protected":false},"featured_media":4057,"comment_status":"open","ping_status":"closed","template":"","meta":{"site-sidebar-layout":"default","site-content-layout":"default","ast-global-header-display":"","ast-main-header-display":"","ast-hfb-above-header-display":"","ast-hfb-below-header-display":"","ast-hfb-mobile-header-display":"","site-post-title":"","ast-breadcrumbs-content":"","ast-featured-img":"","footer-sml-layout":"","theme-transparent-header-meta":"default","adv-header-id-meta":"","stick-header-meta":"","header-above-stick-meta":"","header-main-stick-meta":"","header-below-stick-meta":"","spay_email":""},"product_cat":[44],"product_tag":[],"class_list":["post-4056","product","type-product","status-publish","has-post-thumbnail","hentry","product_cat-male-narzedzia"],"yoast_head":"<!-- This site is optimized with the Yoast SEO plugin v19.2 - https:\/\/yoast.com\/wordpress\/plugins\/seo\/ -->\n<title>Ma\u0142y kultywator ogrodowy - Ogr&oacute;d Olszanica<\/title>\n<meta name=\"robots\" content=\"index, follow, max-snippet:-1, max-image-preview:large, max-video-preview:-1\" \/>\n<link rel=\"canonical\" href=\"https:\/\/www.ogrodolszanica.pl\/index.php\/produkt\/maly-kultywator-ogrodowy\/\" \/>\n<meta property=\"og:locale\" content=\"pl_PL\" \/>\n<meta property=\"og:type\" content=\"article\" \/>\n<meta property=\"og:title\" content=\"Ma\u0142y kultywator ogrodowy - Ogr&oacute;d Olszanica\" \/>\n<meta property=\"og:description\" content=\"Ma\u0142y kultywator to r\u0119czne narz\u0119dzie ogrodnicze, kt\u00f3re s\u0142u\u017cy g\u0142\u00f3wnie do spulchniania gleby, aeracji oraz usuwania p\u0142ytko ukorzenionych chwast\u00f3w. Jest idealny do pracy na ma\u0142ych grz\u0105dkach, w doniczkach czy w miejscach trudno dost\u0119pnych dla wi\u0119kszych maszyn. Typ produktu:\u00a0Kultywator Zastosowanie produktu:\u00a0Do napowietrzania\/przewietrzania D\u0142ugo\u015b\u0107 uchwytu (w cm):\u00a011 Szeroko\u015b\u0107 g\u0142owicy (w cm):\u00a09 \u015arednica dr\u0105\u017cka (w mm):\u00a02.5 Typ narz\u0119dzia:\u00a0Mini narz\u0119dzie &hellip; Ma\u0142y kultywator ogrodowy Read More &raquo;\" \/>\n<meta property=\"og:url\" content=\"https:\/\/www.ogrodolszanica.pl\/index.php\/produkt\/maly-kultywator-ogrodowy\/\" \/>\n<meta property=\"og:site_name\" content=\"Ogr&oacute;d Olszanica\" \/>\n<meta property=\"article:publisher\" content=\"https:\/\/www.facebook.com\/Ogrd-Olszanica-100807179225223\" \/>\n<meta property=\"article:modified_time\" content=\"2026-03-08T11:39:50+00:00\" \/>\n<meta property=\"og:image\" content=\"https:\/\/www.ogrodolszanica.pl\/wp-content\/uploads\/2026\/03\/IMG20260303163634-scaled.jpg\" \/>\n\t<meta property=\"og:image:width\" content=\"1928\" \/>\n\t<meta property=\"og:image:height\" content=\"2560\" \/>\n\t<meta property=\"og:image:type\" content=\"image\/jpeg\" \/>\n<meta name=\"author\" content=\"admin\" \/>\n<meta name=\"twitter:card\" content=\"summary_large_image\" \/>\n<meta name=\"twitter:label1\" content=\"Szacowany czas czytania\" \/>\n\t<meta name=\"twitter:data1\" content=\"1 minuta\" \/>\n<script type=\"application\/ld+json\" class=\"yoast-schema-graph\">{\"@context\":\"https:\/\/schema.org\",\"@graph\":[{\"@type\":\"Organization\",\"@id\":\"https:\/\/www.ogrodolszanica.pl\/#organization\",\"name\":\"Ogr\u00f3d Olszanica - Krakowskie Centrum Ogrodnicze\",\"url\":\"https:\/\/www.ogrodolszanica.pl\/\",\"sameAs\":[\"https:\/\/www.facebook.com\/Ogrd-Olszanica-100807179225223\"],\"logo\":{\"@type\":\"ImageObject\",\"inLanguage\":\"pl-PL\",\"@id\":\"https:\/\/www.ogrodolszanica.pl\/#\/schema\/logo\/image\/\",\"url\":\"http:\/\/www.ogrodolszanica.pl\/wp-content\/uploads\/2022\/06\/Ogrod-Olszanica1-1.png\",\"contentUrl\":\"http:\/\/www.ogrodolszanica.pl\/wp-content\/uploads\/2022\/06\/Ogrod-Olszanica1-1.png\",\"width\":180,\"height\":60,\"caption\":\"Ogr\u00f3d Olszanica - Krakowskie Centrum Ogrodnicze\"},\"image\":{\"@id\":\"https:\/\/www.ogrodolszanica.pl\/#\/schema\/logo\/image\/\"}},{\"@type\":\"WebSite\",\"@id\":\"https:\/\/www.ogrodolszanica.pl\/#website\",\"url\":\"https:\/\/www.ogrodolszanica.pl\/\",\"name\":\"Ogr&oacute;d Olszanica\",\"description\":\"Centrum Ogrodnicze Krak&oacute;w\",\"publisher\":{\"@id\":\"https:\/\/www.ogrodolszanica.pl\/#organization\"},\"potentialAction\":[{\"@type\":\"SearchAction\",\"target\":{\"@type\":\"EntryPoint\",\"urlTemplate\":\"https:\/\/www.ogrodolszanica.pl\/?s={search_term_string}\"},\"query-input\":\"required name=search_term_string\"}],\"inLanguage\":\"pl-PL\"},{\"@type\":\"ImageObject\",\"inLanguage\":\"pl-PL\",\"@id\":\"https:\/\/www.ogrodolszanica.pl\/index.php\/produkt\/maly-kultywator-ogrodowy\/#primaryimage\",\"url\":\"https:\/\/i0.wp.com\/www.ogrodolszanica.pl\/wp-content\/uploads\/2026\/03\/IMG20260303163634-scaled.jpg?fit=1928%2C2560&ssl=1\",\"contentUrl\":\"https:\/\/i0.wp.com\/www.ogrodolszanica.pl\/wp-content\/uploads\/2026\/03\/IMG20260303163634-scaled.jpg?fit=1928%2C2560&ssl=1\",\"width\":1928,\"height\":2560},{\"@type\":\"WebPage\",\"@id\":\"https:\/\/www.ogrodolszanica.pl\/index.php\/produkt\/maly-kultywator-ogrodowy\/#webpage\",\"url\":\"https:\/\/www.ogrodolszanica.pl\/index.php\/produkt\/maly-kultywator-ogrodowy\/\",\"name\":\"Ma\u0142y kultywator ogrodowy - Ogr&oacute;d Olszanica\",\"isPartOf\":{\"@id\":\"https:\/\/www.ogrodolszanica.pl\/#website\"},\"primaryImageOfPage\":{\"@id\":\"https:\/\/www.ogrodolszanica.pl\/index.php\/produkt\/maly-kultywator-ogrodowy\/#primaryimage\"},\"datePublished\":\"2026-03-04T20:18:46+00:00\",\"dateModified\":\"2026-03-08T11:39:50+00:00\",\"breadcrumb\":{\"@id\":\"https:\/\/www.ogrodolszanica.pl\/index.php\/produkt\/maly-kultywator-ogrodowy\/#breadcrumb\"},\"inLanguage\":\"pl-PL\",\"potentialAction\":[{\"@type\":\"ReadAction\",\"target\":[\"https:\/\/www.ogrodolszanica.pl\/index.php\/produkt\/maly-kultywator-ogrodowy\/\"]}]},{\"@type\":\"BreadcrumbList\",\"@id\":\"https:\/\/www.ogrodolszanica.pl\/index.php\/produkt\/maly-kultywator-ogrodowy\/#breadcrumb\",\"itemListElement\":[{\"@type\":\"ListItem\",\"position\":1,\"name\":\"Strona g\u0142\u00f3wna\",\"item\":\"https:\/\/www.ogrodolszanica.pl\/\"},{\"@type\":\"ListItem\",\"position\":2,\"name\":\"Produkty\",\"item\":\"https:\/\/www.ogrodolszanica.pl\/index.php\/shop\/\"},{\"@type\":\"ListItem\",\"position\":3,\"name\":\"Ma\u0142y kultywator ogrodowy\"}]}]}<\/script>\n<!-- \/ Yoast SEO plugin. -->","yoast_head_json":{"title":"Ma\u0142y kultywator ogrodowy - Ogr&oacute;d Olszanica","robots":{"index":"index","follow":"follow","max-snippet":"max-snippet:-1","max-image-preview":"max-image-preview:large","max-video-preview":"max-video-preview:-1"},"canonical":"https:\/\/www.ogrodolszanica.pl\/index.php\/produkt\/maly-kultywator-ogrodowy\/","og_locale":"pl_PL","og_type":"article","og_title":"Ma\u0142y kultywator ogrodowy - Ogr&oacute;d Olszanica","og_description":"Ma\u0142y kultywator to r\u0119czne narz\u0119dzie ogrodnicze, kt\u00f3re s\u0142u\u017cy g\u0142\u00f3wnie do spulchniania gleby, aeracji oraz usuwania p\u0142ytko ukorzenionych chwast\u00f3w. Jest idealny do pracy na ma\u0142ych grz\u0105dkach, w doniczkach czy w miejscach trudno dost\u0119pnych dla wi\u0119kszych maszyn. Typ produktu:\u00a0Kultywator Zastosowanie produktu:\u00a0Do napowietrzania\/przewietrzania D\u0142ugo\u015b\u0107 uchwytu (w cm):\u00a011 Szeroko\u015b\u0107 g\u0142owicy (w cm):\u00a09 \u015arednica dr\u0105\u017cka (w mm):\u00a02.5 Typ narz\u0119dzia:\u00a0Mini narz\u0119dzie &hellip; Ma\u0142y kultywator ogrodowy Read More &raquo;","og_url":"https:\/\/www.ogrodolszanica.pl\/index.php\/produkt\/maly-kultywator-ogrodowy\/","og_site_name":"Ogr&oacute;d Olszanica","article_publisher":"https:\/\/www.facebook.com\/Ogrd-Olszanica-100807179225223","article_modified_time":"2026-03-08T11:39:50+00:00","og_image":[{"width":1928,"height":2560,"url":"https:\/\/www.ogrodolszanica.pl\/wp-content\/uploads\/2026\/03\/IMG20260303163634-scaled.jpg","type":"image\/jpeg"}],"author":"admin","twitter_card":"summary_large_image","twitter_misc":{"Szacowany czas czytania":"1 minuta"},"schema":{"@context":"https:\/\/schema.org","@graph":[{"@type":"Organization","@id":"https:\/\/www.ogrodolszanica.pl\/#organization","name":"Ogr\u00f3d Olszanica - Krakowskie Centrum Ogrodnicze","url":"https:\/\/www.ogrodolszanica.pl\/","sameAs":["https:\/\/www.facebook.com\/Ogrd-Olszanica-100807179225223"],"logo":{"@type":"ImageObject","inLanguage":"pl-PL","@id":"https:\/\/www.ogrodolszanica.pl\/#\/schema\/logo\/image\/","url":"http:\/\/www.ogrodolszanica.pl\/wp-content\/uploads\/2022\/06\/Ogrod-Olszanica1-1.png","contentUrl":"http:\/\/www.ogrodolszanica.pl\/wp-content\/uploads\/2022\/06\/Ogrod-Olszanica1-1.png","width":180,"height":60,"caption":"Ogr\u00f3d Olszanica - Krakowskie Centrum Ogrodnicze"},"image":{"@id":"https:\/\/www.ogrodolszanica.pl\/#\/schema\/logo\/image\/"}},{"@type":"WebSite","@id":"https:\/\/www.ogrodolszanica.pl\/#website","url":"https:\/\/www.ogrodolszanica.pl\/","name":"Ogr&oacute;d Olszanica","description":"Centrum Ogrodnicze Krak&oacute;w","publisher":{"@id":"https:\/\/www.ogrodolszanica.pl\/#organization"},"potentialAction":[{"@type":"SearchAction","target":{"@type":"EntryPoint","urlTemplate":"https:\/\/www.ogrodolszanica.pl\/?s={search_term_string}"},"query-input":"required name=search_term_string"}],"inLanguage":"pl-PL"},{"@type":"ImageObject","inLanguage":"pl-PL","@id":"https:\/\/www.ogrodolszanica.pl\/index.php\/produkt\/maly-kultywator-ogrodowy\/#primaryimage","url":"https:\/\/i0.wp.com\/www.ogrodolszanica.pl\/wp-content\/uploads\/2026\/03\/IMG20260303163634-scaled.jpg?fit=1928%2C2560&ssl=1","contentUrl":"https:\/\/i0.wp.com\/www.ogrodolszanica.pl\/wp-content\/uploads\/2026\/03\/IMG20260303163634-scaled.jpg?fit=1928%2C2560&ssl=1","width":1928,"height":2560},{"@type":"WebPage","@id":"https:\/\/www.ogrodolszanica.pl\/index.php\/produkt\/maly-kultywator-ogrodowy\/#webpage","url":"https:\/\/www.ogrodolszanica.pl\/index.php\/produkt\/maly-kultywator-ogrodowy\/","name":"Ma\u0142y kultywator ogrodowy - Ogr&oacute;d Olszanica","isPartOf":{"@id":"https:\/\/www.ogrodolszanica.pl\/#website"},"primaryImageOfPage":{"@id":"https:\/\/www.ogrodolszanica.pl\/index.php\/produkt\/maly-kultywator-ogrodowy\/#primaryimage"},"datePublished":"2026-03-04T20:18:46+00:00","dateModified":"2026-03-08T11:39:50+00:00","breadcrumb":{"@id":"https:\/\/www.ogrodolszanica.pl\/index.php\/produkt\/maly-kultywator-ogrodowy\/#breadcrumb"},"inLanguage":"pl-PL","potentialAction":[{"@type":"ReadAction","target":["https:\/\/www.ogrodolszanica.pl\/index.php\/produkt\/maly-kultywator-ogrodowy\/"]}]},{"@type":"BreadcrumbList","@id":"https:\/\/www.ogrodolszanica.pl\/index.php\/produkt\/maly-kultywator-ogrodowy\/#breadcrumb","itemListElement":[{"@type":"ListItem","position":1,"name":"Strona g\u0142\u00f3wna","item":"https:\/\/www.ogrodolszanica.pl\/"},{"@type":"ListItem","position":2,"name":"Produkty","item":"https:\/\/www.ogrodolszanica.pl\/index.php\/shop\/"},{"@type":"ListItem","position":3,"name":"Ma\u0142y kultywator ogrodowy"}]}]}},"jetpack-related-posts":[{"id":4052,"url":"https:\/\/www.ogrodolszanica.pl\/index.php\/produkt\/mala-lopatka-ogrodowa\/","url_meta":{"origin":4056,"position":0},"title":"Ma\u0142a \u0142opatka ogrodowa","date":"4 marca, 2026","format":false,"excerpt":"Ma\u0142a \u0142opatka ogrodowa to por\u0119czne narz\u0119dzie przeznaczone do drobnych prac ogrodniczych, takich jak sadzenie sadzonek, przesadzanie kwiat\u00f3w, spulchnianie gleby w doniczkach czy innych precyzyjnych czynno\u015bci w ogrodzie. D\u0142ugo\u015b\u0107 ca\u0142kowita (w cm):\u00a025 D\u0142ugo\u015b\u0107 uchwytu (w cm):\u00a011 Szeroko\u015b\u0107 g\u0142owicy (w cm):\u00a08 \u015arednica dr\u0105\u017cka (w mm):\u00a025 Typ produktu:\u00a0\u0141opata Materia\u0142 g\u0142\u00f3wny w ca\u0142kowitej masie\u2026","rel":"","context":"Similar post","img":{"alt_text":"","src":"https:\/\/i0.wp.com\/www.ogrodolszanica.pl\/wp-content\/uploads\/2026\/03\/IMG20260303164018-scaled.jpg?fit=904%2C1200&ssl=1&resize=350%2C200","width":350,"height":200},"classes":[]},{"id":4033,"url":"https:\/\/www.ogrodolszanica.pl\/index.php\/produkt\/grabie-do-lisci-metalowe-regulowane-50-x-140cm\/","url_meta":{"origin":4056,"position":1},"title":"Grabie do li\u015bci metalowe regulowane 50 x 140cm","date":"4 marca, 2026","format":false,"excerpt":"Grabie wachlarzowe regulowane szer.50 cm metalowe Por\u0119czne grabie do li\u015bci i trawnika z mo\u017cliwo\u015bci\u0105 regulacji rozstawu z\u0119b\u00f3w. Dodatkowo podczas zmiany szeroko\u015bci g\u0142owicy (rozstawu z\u0119b\u00f3w) zmienia si\u0119 te\u017c d\u0142ugo\u015b\u0107 narz\u0119dzia (od 107 do 140 cm), pozwala to lepiej dopasowa\u0107 wielko\u015b\u0107 narz\u0119dzia do wzrostu u\u017cytkownika. Grabie wachlarzowe wykonane ze stali ocynkowanej, zako\u0144czone\u2026","rel":"","context":"Similar post","img":{"alt_text":"","src":"https:\/\/i0.wp.com\/www.ogrodolszanica.pl\/wp-content\/uploads\/2026\/03\/Grabie-do-lisci-metalowe-regulowane.jpg?fit=800%2C1200&ssl=1&resize=350%2C200","width":350,"height":200},"classes":[]},{"id":4136,"url":"https:\/\/www.ogrodolszanica.pl\/index.php\/produkt\/sekator-ostrze-mijajace-stal-nierdzewna-srednica-ciecia-6mm-kt-vwl1011\/","url_meta":{"origin":4056,"position":2},"title":"Sekator Ostrze mijaj\u0105ce &#8211; stal nierdzewna \u015arednica ci\u0119cia 6mm KT-VWL1011","date":"8 marca, 2026","format":false,"excerpt":"KT-VWL1011 Sekator V-SERIES Ostrze mijaj\u0105ce - stal nierdzewna \/ \u015arednica ci\u0119cia: 6 mm Sekator V-SERIES z ostrzem mijaj\u0105cym to por\u0119czne narz\u0119dzie, kt\u00f3re zapewnia precyzyjne i czyste ci\u0119cie delikatnych ro\u015blin w ka\u017cdym ogrodzie. Dzi\u0119ki kompaktowej konstrukcji i blokadzie bezpiecze\u0144stwa \u015bwietnie sprawdzi si\u0119 zar\u00f3wno u pocz\u0105tkuj\u0105cych, jak i bardziej wymagaj\u0105cych ogrodnik\u00f3w. Specyfikacja\u2026","rel":"","context":"Similar post","img":{"alt_text":"","src":"https:\/\/i0.wp.com\/www.ogrodolszanica.pl\/wp-content\/uploads\/2026\/03\/images-2.jpg?fit=200%2C200&ssl=1&resize=350%2C200","width":350,"height":200},"classes":[]},{"id":3177,"url":"https:\/\/www.ogrodolszanica.pl\/index.php\/produkt\/sekator-ogrodowy-maly-verkatto-205mm\/","url_meta":{"origin":4056,"position":3},"title":"Sekator ogrodowy ma\u0142y Verkatto 205mm","date":"23 lutego, 2026","format":false,"excerpt":"Sekator ogrodowy 205mm Verkatto VR-7260 Charakterystyka produktu: \u2013 ostrze wykonane z wytrzyma\u0142ej stali \u2013 rozmiar 205 mm \u2013 maksymalna \u015brednica ci\u0119tych ga\u0142\u0119zi: 19 mm","rel":"","context":"Similar post","img":{"alt_text":"","src":"https:\/\/i0.wp.com\/www.ogrodolszanica.pl\/wp-content\/uploads\/2026\/02\/VR-7260.jpg?fit=1024%2C768&ssl=1&resize=350%2C200","width":350,"height":200},"classes":[]},{"id":3207,"url":"https:\/\/www.ogrodolszanica.pl\/index.php\/produkt\/saperka-z-metalowym-trzonkiem-verkatto-mala-lopata-do-ogrodu\/","url_meta":{"origin":4056,"position":4},"title":"Saperka z metalowym trzonkiem Verkatto ma\u0142a \u0142opata do ogrodu","date":"23 lutego, 2026","format":false,"excerpt":"Saperka z metalowym trzonkiem Verkatto VR-7409 Charakterystyka produktu: \u2013\u00a0Narz\u0119dzie w\u0142asnej produkcji \u2013 s\u0142u\u017cy do kopania w ziemi lub innych materia\u0142ach sypkich \u2013 wykonana z wysokiej jako\u015bci stali utwardzonej \u2013 ergonomiczna r\u0119koje\u015b\u0107","rel":"","context":"Similar post","img":{"alt_text":"","src":"https:\/\/i0.wp.com\/www.ogrodolszanica.pl\/wp-content\/uploads\/2026\/02\/saperka-VR-7409-scaled.jpg?fit=1193%2C1200&ssl=1&resize=350%2C200","width":350,"height":200},"classes":[]},{"id":3205,"url":"https:\/\/www.ogrodolszanica.pl\/index.php\/produkt\/szpadel-prosty-z-metalowym-trzonkiem-verkatto-lopata-do-ogrodu\/","url_meta":{"origin":4056,"position":5},"title":"Szpadel prosty z metalowym trzonkiem Verkatto \u0142opata do ogrodu","date":"23 lutego, 2026","format":false,"excerpt":"Szpadel prosty z metalowym trzonkiem Verkatto VR-7401 Charakterystyka produktu: \u2013\u00a0narz\u0119dzie w\u0142asnej produkcji! \u2013 s\u0142u\u017cy do kopania w ziemi lub innych materia\u0142ach sypkich \u2013 wykonany z wysokiej jako\u015bci stali hartowanej \u2013 solidny i trwa\u0142y spaw \u2013 antypo\u015blizgowy naci\u0105g na trzonku wykonany z PVC \u2013 ergonomiczny kszta\u0142t \u2013 wytrzyma\u0142a i odporna na\u2026","rel":"","context":"Similar post","img":{"alt_text":"","src":"https:\/\/i0.wp.com\/www.ogrodolszanica.pl\/wp-content\/uploads\/2026\/02\/szpadel-prosty-VR-7401-scaled.jpg?fit=942%2C1200&ssl=1&resize=350%2C200","width":350,"height":200},"classes":[]}],"_links":{"self":[{"href":"https:\/\/www.ogrodolszanica.pl\/index.php\/wp-json\/wp\/v2\/product\/4056","targetHints":{"allow":["GET"]}}],"collection":[{"href":"https:\/\/www.ogrodolszanica.pl\/index.php\/wp-json\/wp\/v2\/product"}],"about":[{"href":"https:\/\/www.ogrodolszanica.pl\/index.php\/wp-json\/wp\/v2\/types\/product"}],"replies":[{"embeddable":true,"href":"https:\/\/www.ogrodolszanica.pl\/index.php\/wp-json\/wp\/v2\/comments?post=4056"}],"wp:featuredmedia":[{"embeddable":true,"href":"https:\/\/www.ogrodolszanica.pl\/index.php\/wp-json\/wp\/v2\/media\/4057"}],"wp:attachment":[{"href":"https:\/\/www.ogrodolszanica.pl\/index.php\/wp-json\/wp\/v2\/media?parent=4056"}],"wp:term":[{"taxonomy":"product_cat","embeddable":true,"href":"https:\/\/www.ogrodolszanica.pl\/index.php\/wp-json\/wp\/v2\/product_cat?post=4056"},{"taxonomy":"product_tag","embeddable":true,"href":"https:\/\/www.ogrodolszanica.pl\/index.php\/wp-json\/wp\/v2\/product_tag?post=4056"}],"curies":[{"name":"wp","href":"https:\/\/api.w.org\/{rel}","templated":true}]}}