{"id":4052,"date":"2026-03-04T20:17:39","date_gmt":"2026-03-04T20:17:39","guid":{"rendered":"https:\/\/www.ogrodolszanica.pl\/?post_type=product&#038;p=4052"},"modified":"2026-03-08T11:40:57","modified_gmt":"2026-03-08T11:40:57","slug":"mala-lopatka-ogrodowa","status":"publish","type":"product","link":"https:\/\/www.ogrodolszanica.pl\/index.php\/produkt\/mala-lopatka-ogrodowa\/","title":{"rendered":"Ma\u0142a \u0142opatka ogrodowa"},"content":{"rendered":"<div class=\"mpof_ki myre_zn myre_8v_l m389_6m_l\">\n<div class=\"mp4t_16_s mryx_16_s mr3m_1 mli2_1 mh85_56 mh85_0_l\">\n<div class=\"mgn2_16 _0d3bd_am0a-\">\n<div class=\"mpof_ki myre_zn myre_8v_l m389_6m_l\">\n<div class=\"mp4t_16_s mryx_16_s mr3m_1 mli2_1 mh85_56 mh85_0_l\">\n<div class=\"mgn2_16 _0d3bd_am0a-\">\n<h1>Ma\u0142a \u0142opatka ogrodowa to por\u0119czne narz\u0119dzie przeznaczone do drobnych prac ogrodniczych, takich jak sadzenie sadzonek, przesadzanie kwiat\u00f3w, spulchnianie gleby w doniczkach czy innych precyzyjnych czynno\u015bci w ogrodzie.<\/h1>\n<ul>\n<li><b>D\u0142ugo\u015b\u0107 ca\u0142kowita (w cm):<\/b>\u00a025<\/li>\n<li><b>D\u0142ugo\u015b\u0107 uchwytu (w cm):<\/b>\u00a011<\/li>\n<li><b>Szeroko\u015b\u0107 g\u0142owicy (w cm):<\/b>\u00a08<\/li>\n<li><b>\u015arednica dr\u0105\u017cka (w mm):<\/b>\u00a025<\/li>\n<li><b>Typ produktu:<\/b>\u00a0\u0141opata<\/li>\n<li><b>Materia\u0142 g\u0142\u00f3wny w ca\u0142kowitej masie produktu:<\/b>\u00a0Stal<\/li>\n<li><b>Materia\u0142 wykonania g\u0142owicy:<\/b>\u00a0Stal<\/li>\n<li><b>Uchwyt:<\/b>\u00a0Tak<\/li>\n<li><b>Kszta\u0142t uchwytu:<\/b>\u00a0Prosty<\/li>\n<\/ul>\n<\/div>\n<\/div>\n<div class=\"mp4t_16_s mryx_16_s mr3m_1 mli2_1 mh85_56 mh85_0_l\">\n<div class=\"mg9e_8 mj7a_8 mg9e_0_s mvrt_0_s mj7a_0_s mh36_0_s mzmg_6m munh_16_l m3h2_16_l\">\n<div class=\"mp4t_0 mryx_0 munh_56 m3h2_56\">\n<div class=\"mp7g_oh\"><button class=\"mg9e_0 mvrt_0 mj7a_0 mh36_0 mp4t_0 m3h2_0 mryx_0 munh_0 mqen_m6 mpof_z0 mx7m_0 m7er_k4 mse2_k4 msts_pt\" data-analytics-interaction=\"true\" data-analytics-interaction-label=\"zoomable-image-open\" aria-disabled=\"true\"><img decoding=\"async\" class=\"msub_k4 mupj_5k mjru_k4 mse2_k4 mp7g_f6 mq1m_0 mj7u_0 m7er_k4 mqen_m6 m31c_d8 m0ux_fp lazyloaded\" src=\"https:\/\/a.allegroimg.com\/original\/11b3b1\/c3e17bcd4aa984444a1a2c8241e5\/Mala-lopatka-szeroka-8x25-cm-Rim-Kowalczyk\" sizes=\"(min-width: 1200px) 560px, (min-width: 992px) 50vw, 100vw\" srcset=\"https:\/\/a.allegroimg.com\/s360\/11b3b1\/c3e17bcd4aa984444a1a2c8241e5\/Mala-lopatka-szeroka-8x25-cm-Rim-Kowalczyk 270w,https:\/\/a.allegroimg.com\/s720\/11b3b1\/c3e17bcd4aa984444a1a2c8241e5\/Mala-lopatka-szeroka-8x25-cm-Rim-Kowalczyk 541w,https:\/\/a.allegroimg.com\/s1024\/11b3b1\/c3e17bcd4aa984444a1a2c8241e5\/Mala-lopatka-szeroka-8x25-cm-Rim-Kowalczyk 770w,https:\/\/a.allegroimg.com\/s1440\/11b3b1\/c3e17bcd4aa984444a1a2c8241e5\/Mala-lopatka-szeroka-8x25-cm-Rim-Kowalczyk 1083w,https:\/\/a.allegroimg.com\/original\/11b3b1\/c3e17bcd4aa984444a1a2c8241e5\/Mala-lopatka-szeroka-8x25-cm-Rim-Kowalczyk 1927w\" alt=\"Ma\u0142a \u0142opatka szeroka 8x25 cm Rim Kowalczyk\" width=\"1927px\" data-srcset=\"\" \/><\/button><\/div>\n<\/div>\n<\/div>\n<\/div>\n<\/div>\n<div class=\"mpof_ki myre_zn myre_8v_l m389_6m_l\">\n<div class=\"mp4t_16_s mryx_16_s mr3m_1 mli2_1 mh85_56 mh85_0_l\">\n<div class=\"mg9e_8 mj7a_8 mg9e_0_s mvrt_0_s mj7a_0_s mh36_0_s mzmg_6m munh_16_l m3h2_16_l\">\n<div class=\"mp4t_0 mryx_0 munh_56 m3h2_56\">\n<div class=\"mp7g_oh\"><button class=\"mg9e_0 mvrt_0 mj7a_0 mh36_0 mp4t_0 m3h2_0 mryx_0 munh_0 mqen_m6 mpof_z0 mx7m_0 m7er_k4 mse2_k4 msts_pt\" data-analytics-interaction=\"true\" data-analytics-interaction-label=\"zoomable-image-open\" aria-disabled=\"true\"><img decoding=\"async\" class=\"msub_k4 mupj_5k mjru_k4 mse2_k4 mp7g_f6 mq1m_0 mj7u_0 m7er_k4 mqen_m6 m31c_d8 m0ux_fp lazyloaded\" src=\"https:\/\/a.allegroimg.com\/original\/1108a7\/78ba1f9849eeb6c8040bce1d2dba\/Mala-lopatka-szeroka-8x25-cm-Rim-Kowalczyk-Kod-producenta-34174\" sizes=\"(min-width: 1200px) 560px, (min-width: 992px) 50vw, 100vw\" srcset=\"https:\/\/a.allegroimg.com\/s360\/1108a7\/78ba1f9849eeb6c8040bce1d2dba\/Mala-lopatka-szeroka-8x25-cm-Rim-Kowalczyk-Kod-producenta-34174 270w,https:\/\/a.allegroimg.com\/s720\/1108a7\/78ba1f9849eeb6c8040bce1d2dba\/Mala-lopatka-szeroka-8x25-cm-Rim-Kowalczyk-Kod-producenta-34174 541w,https:\/\/a.allegroimg.com\/s1024\/1108a7\/78ba1f9849eeb6c8040bce1d2dba\/Mala-lopatka-szeroka-8x25-cm-Rim-Kowalczyk-Kod-producenta-34174 770w,https:\/\/a.allegroimg.com\/s1440\/1108a7\/78ba1f9849eeb6c8040bce1d2dba\/Mala-lopatka-szeroka-8x25-cm-Rim-Kowalczyk-Kod-producenta-34174 1083w,https:\/\/a.allegroimg.com\/original\/1108a7\/78ba1f9849eeb6c8040bce1d2dba\/Mala-lopatka-szeroka-8x25-cm-Rim-Kowalczyk-Kod-producenta-34174 1927w\" alt=\"Ma\u0142a \u0142opatka szeroka 8x25 cm Rim Kowalczyk Kod producenta 34174\" width=\"1927px\" data-srcset=\"\" \/><\/button><\/div>\n<\/div>\n<\/div>\n<\/div>\n<div class=\"mp4t_16_s mryx_16_s mr3m_1 mli2_1 mh85_56 mh85_0_l\">\n<div class=\"mg9e_8 mj7a_8 mg9e_0_s mvrt_0_s mj7a_0_s mh36_0_s mzmg_6m munh_16_l m3h2_16_l\">\n<div class=\"mp4t_0 mryx_0 munh_56 m3h2_56\">\n<div class=\"mp7g_oh\"><button class=\"mg9e_0 mvrt_0 mj7a_0 mh36_0 mp4t_0 m3h2_0 mryx_0 munh_0 mqen_m6 mpof_z0 mx7m_0 m7er_k4 mse2_k4 msts_pt\" data-analytics-interaction=\"true\" data-analytics-interaction-label=\"zoomable-image-open\" aria-disabled=\"true\"><img decoding=\"async\" class=\"msub_k4 mupj_5k mjru_k4 mse2_k4 mp7g_f6 mq1m_0 mj7u_0 m7er_k4 mqen_m6 m31c_d8 m0ux_fp lazyloaded\" src=\"https:\/\/a.allegroimg.com\/original\/112cbe\/86579bd44eada2adccf3c83490a1\/Mala-lopatka-szeroka-8x25-cm-Rim-Kowalczyk-Marka-RIM-Kowalczyk\" sizes=\"(min-width: 1200px) 560px, (min-width: 992px) 50vw, 100vw\" srcset=\"https:\/\/a.allegroimg.com\/s360\/112cbe\/86579bd44eada2adccf3c83490a1\/Mala-lopatka-szeroka-8x25-cm-Rim-Kowalczyk-Marka-RIM-Kowalczyk 270w,https:\/\/a.allegroimg.com\/s720\/112cbe\/86579bd44eada2adccf3c83490a1\/Mala-lopatka-szeroka-8x25-cm-Rim-Kowalczyk-Marka-RIM-Kowalczyk 541w,https:\/\/a.allegroimg.com\/s1024\/112cbe\/86579bd44eada2adccf3c83490a1\/Mala-lopatka-szeroka-8x25-cm-Rim-Kowalczyk-Marka-RIM-Kowalczyk 770w,https:\/\/a.allegroimg.com\/s1440\/112cbe\/86579bd44eada2adccf3c83490a1\/Mala-lopatka-szeroka-8x25-cm-Rim-Kowalczyk-Marka-RIM-Kowalczyk 1083w,https:\/\/a.allegroimg.com\/original\/112cbe\/86579bd44eada2adccf3c83490a1\/Mala-lopatka-szeroka-8x25-cm-Rim-Kowalczyk-Marka-RIM-Kowalczyk 1927w\" alt=\"Ma\u0142a \u0142opatka szeroka 8x25 cm Rim Kowalczyk Marka RIM Kowalczyk\" width=\"1927px\" data-srcset=\"\" \/><\/button><\/div>\n<\/div>\n<\/div>\n<\/div>\n<\/div>\n<\/div>\n<\/div>\n<\/div>\n","protected":false},"excerpt":{"rendered":"<p>Ma\u0142a \u0142opatka ogrodowa to por\u0119czne narz\u0119dzie przeznaczone do drobnych prac ogrodniczych, takich jak sadzenie sadzonek, przesadzanie kwiat\u00f3w, spulchnianie gleby w doniczkach czy innych precyzyjnych czynno\u015bci w ogrodzie. D\u0142ugo\u015b\u0107 ca\u0142kowita (w cm):\u00a025 D\u0142ugo\u015b\u0107 uchwytu (w cm):\u00a011 Szeroko\u015b\u0107 g\u0142owicy (w cm):\u00a08 \u015arednica dr\u0105\u017cka (w mm):\u00a025 Typ produktu:\u00a0\u0141opata Materia\u0142 g\u0142\u00f3wny w ca\u0142kowitej masie produktu:\u00a0Stal Materia\u0142 wykonania g\u0142owicy:\u00a0Stal Uchwyt:\u00a0Tak &hellip;<\/p>\n<p class=\"read-more\"> <a class=\"\" href=\"https:\/\/www.ogrodolszanica.pl\/index.php\/produkt\/mala-lopatka-ogrodowa\/\"> <span class=\"screen-reader-text\">Ma\u0142a \u0142opatka ogrodowa<\/span> Read More &raquo;<\/a><\/p>\n","protected":false},"featured_media":4053,"comment_status":"open","ping_status":"closed","template":"","meta":{"site-sidebar-layout":"default","site-content-layout":"default","ast-global-header-display":"","ast-main-header-display":"","ast-hfb-above-header-display":"","ast-hfb-below-header-display":"","ast-hfb-mobile-header-display":"","site-post-title":"","ast-breadcrumbs-content":"","ast-featured-img":"","footer-sml-layout":"","theme-transparent-header-meta":"default","adv-header-id-meta":"","stick-header-meta":"","header-above-stick-meta":"","header-main-stick-meta":"","header-below-stick-meta":"","spay_email":""},"product_cat":[44],"product_tag":[],"class_list":["post-4052","product","type-product","status-publish","has-post-thumbnail","hentry","product_cat-male-narzedzia"],"yoast_head":"<!-- This site is optimized with the Yoast SEO plugin v19.2 - https:\/\/yoast.com\/wordpress\/plugins\/seo\/ -->\n<title>Ma\u0142a \u0142opatka ogrodowa - Ogr&oacute;d Olszanica<\/title>\n<meta name=\"robots\" content=\"index, follow, max-snippet:-1, max-image-preview:large, max-video-preview:-1\" \/>\n<link rel=\"canonical\" href=\"https:\/\/www.ogrodolszanica.pl\/index.php\/produkt\/mala-lopatka-ogrodowa\/\" \/>\n<meta property=\"og:locale\" content=\"pl_PL\" \/>\n<meta property=\"og:type\" content=\"article\" \/>\n<meta property=\"og:title\" content=\"Ma\u0142a \u0142opatka ogrodowa - Ogr&oacute;d Olszanica\" \/>\n<meta property=\"og:description\" content=\"Ma\u0142a \u0142opatka ogrodowa to por\u0119czne narz\u0119dzie przeznaczone do drobnych prac ogrodniczych, takich jak sadzenie sadzonek, przesadzanie kwiat\u00f3w, spulchnianie gleby w doniczkach czy innych precyzyjnych czynno\u015bci w ogrodzie. D\u0142ugo\u015b\u0107 ca\u0142kowita (w cm):\u00a025 D\u0142ugo\u015b\u0107 uchwytu (w cm):\u00a011 Szeroko\u015b\u0107 g\u0142owicy (w cm):\u00a08 \u015arednica dr\u0105\u017cka (w mm):\u00a025 Typ produktu:\u00a0\u0141opata Materia\u0142 g\u0142\u00f3wny w ca\u0142kowitej masie produktu:\u00a0Stal Materia\u0142 wykonania g\u0142owicy:\u00a0Stal Uchwyt:\u00a0Tak &hellip; Ma\u0142a \u0142opatka ogrodowa Read More &raquo;\" \/>\n<meta property=\"og:url\" content=\"https:\/\/www.ogrodolszanica.pl\/index.php\/produkt\/mala-lopatka-ogrodowa\/\" \/>\n<meta property=\"og:site_name\" content=\"Ogr&oacute;d Olszanica\" \/>\n<meta property=\"article:publisher\" content=\"https:\/\/www.facebook.com\/Ogrd-Olszanica-100807179225223\" \/>\n<meta property=\"article:modified_time\" content=\"2026-03-08T11:40:57+00:00\" \/>\n<meta property=\"og:image\" content=\"https:\/\/www.ogrodolszanica.pl\/wp-content\/uploads\/2026\/03\/IMG20260303164018-scaled.jpg\" \/>\n\t<meta property=\"og:image:width\" content=\"1928\" \/>\n\t<meta property=\"og:image:height\" content=\"2560\" \/>\n\t<meta property=\"og:image:type\" content=\"image\/jpeg\" \/>\n<meta name=\"author\" content=\"admin\" \/>\n<meta name=\"twitter:card\" content=\"summary_large_image\" \/>\n<script type=\"application\/ld+json\" class=\"yoast-schema-graph\">{\"@context\":\"https:\/\/schema.org\",\"@graph\":[{\"@type\":\"Organization\",\"@id\":\"https:\/\/www.ogrodolszanica.pl\/#organization\",\"name\":\"Ogr\u00f3d Olszanica - Krakowskie Centrum Ogrodnicze\",\"url\":\"https:\/\/www.ogrodolszanica.pl\/\",\"sameAs\":[\"https:\/\/www.facebook.com\/Ogrd-Olszanica-100807179225223\"],\"logo\":{\"@type\":\"ImageObject\",\"inLanguage\":\"pl-PL\",\"@id\":\"https:\/\/www.ogrodolszanica.pl\/#\/schema\/logo\/image\/\",\"url\":\"http:\/\/www.ogrodolszanica.pl\/wp-content\/uploads\/2022\/06\/Ogrod-Olszanica1-1.png\",\"contentUrl\":\"http:\/\/www.ogrodolszanica.pl\/wp-content\/uploads\/2022\/06\/Ogrod-Olszanica1-1.png\",\"width\":180,\"height\":60,\"caption\":\"Ogr\u00f3d Olszanica - Krakowskie Centrum Ogrodnicze\"},\"image\":{\"@id\":\"https:\/\/www.ogrodolszanica.pl\/#\/schema\/logo\/image\/\"}},{\"@type\":\"WebSite\",\"@id\":\"https:\/\/www.ogrodolszanica.pl\/#website\",\"url\":\"https:\/\/www.ogrodolszanica.pl\/\",\"name\":\"Ogr&oacute;d Olszanica\",\"description\":\"Centrum Ogrodnicze Krak&oacute;w\",\"publisher\":{\"@id\":\"https:\/\/www.ogrodolszanica.pl\/#organization\"},\"potentialAction\":[{\"@type\":\"SearchAction\",\"target\":{\"@type\":\"EntryPoint\",\"urlTemplate\":\"https:\/\/www.ogrodolszanica.pl\/?s={search_term_string}\"},\"query-input\":\"required name=search_term_string\"}],\"inLanguage\":\"pl-PL\"},{\"@type\":\"ImageObject\",\"inLanguage\":\"pl-PL\",\"@id\":\"https:\/\/www.ogrodolszanica.pl\/index.php\/produkt\/mala-lopatka-ogrodowa\/#primaryimage\",\"url\":\"https:\/\/i0.wp.com\/www.ogrodolszanica.pl\/wp-content\/uploads\/2026\/03\/IMG20260303164018-scaled.jpg?fit=1928%2C2560&ssl=1\",\"contentUrl\":\"https:\/\/i0.wp.com\/www.ogrodolszanica.pl\/wp-content\/uploads\/2026\/03\/IMG20260303164018-scaled.jpg?fit=1928%2C2560&ssl=1\",\"width\":1928,\"height\":2560},{\"@type\":\"WebPage\",\"@id\":\"https:\/\/www.ogrodolszanica.pl\/index.php\/produkt\/mala-lopatka-ogrodowa\/#webpage\",\"url\":\"https:\/\/www.ogrodolszanica.pl\/index.php\/produkt\/mala-lopatka-ogrodowa\/\",\"name\":\"Ma\u0142a \u0142opatka ogrodowa - Ogr&oacute;d Olszanica\",\"isPartOf\":{\"@id\":\"https:\/\/www.ogrodolszanica.pl\/#website\"},\"primaryImageOfPage\":{\"@id\":\"https:\/\/www.ogrodolszanica.pl\/index.php\/produkt\/mala-lopatka-ogrodowa\/#primaryimage\"},\"datePublished\":\"2026-03-04T20:17:39+00:00\",\"dateModified\":\"2026-03-08T11:40:57+00:00\",\"breadcrumb\":{\"@id\":\"https:\/\/www.ogrodolszanica.pl\/index.php\/produkt\/mala-lopatka-ogrodowa\/#breadcrumb\"},\"inLanguage\":\"pl-PL\",\"potentialAction\":[{\"@type\":\"ReadAction\",\"target\":[\"https:\/\/www.ogrodolszanica.pl\/index.php\/produkt\/mala-lopatka-ogrodowa\/\"]}]},{\"@type\":\"BreadcrumbList\",\"@id\":\"https:\/\/www.ogrodolszanica.pl\/index.php\/produkt\/mala-lopatka-ogrodowa\/#breadcrumb\",\"itemListElement\":[{\"@type\":\"ListItem\",\"position\":1,\"name\":\"Strona g\u0142\u00f3wna\",\"item\":\"https:\/\/www.ogrodolszanica.pl\/\"},{\"@type\":\"ListItem\",\"position\":2,\"name\":\"Produkty\",\"item\":\"https:\/\/www.ogrodolszanica.pl\/index.php\/shop\/\"},{\"@type\":\"ListItem\",\"position\":3,\"name\":\"Ma\u0142a \u0142opatka ogrodowa\"}]}]}<\/script>\n<!-- \/ Yoast SEO plugin. -->","yoast_head_json":{"title":"Ma\u0142a \u0142opatka ogrodowa - Ogr&oacute;d Olszanica","robots":{"index":"index","follow":"follow","max-snippet":"max-snippet:-1","max-image-preview":"max-image-preview:large","max-video-preview":"max-video-preview:-1"},"canonical":"https:\/\/www.ogrodolszanica.pl\/index.php\/produkt\/mala-lopatka-ogrodowa\/","og_locale":"pl_PL","og_type":"article","og_title":"Ma\u0142a \u0142opatka ogrodowa - Ogr&oacute;d Olszanica","og_description":"Ma\u0142a \u0142opatka ogrodowa to por\u0119czne narz\u0119dzie przeznaczone do drobnych prac ogrodniczych, takich jak sadzenie sadzonek, przesadzanie kwiat\u00f3w, spulchnianie gleby w doniczkach czy innych precyzyjnych czynno\u015bci w ogrodzie. D\u0142ugo\u015b\u0107 ca\u0142kowita (w cm):\u00a025 D\u0142ugo\u015b\u0107 uchwytu (w cm):\u00a011 Szeroko\u015b\u0107 g\u0142owicy (w cm):\u00a08 \u015arednica dr\u0105\u017cka (w mm):\u00a025 Typ produktu:\u00a0\u0141opata Materia\u0142 g\u0142\u00f3wny w ca\u0142kowitej masie produktu:\u00a0Stal Materia\u0142 wykonania g\u0142owicy:\u00a0Stal Uchwyt:\u00a0Tak &hellip; Ma\u0142a \u0142opatka ogrodowa Read More &raquo;","og_url":"https:\/\/www.ogrodolszanica.pl\/index.php\/produkt\/mala-lopatka-ogrodowa\/","og_site_name":"Ogr&oacute;d Olszanica","article_publisher":"https:\/\/www.facebook.com\/Ogrd-Olszanica-100807179225223","article_modified_time":"2026-03-08T11:40:57+00:00","og_image":[{"width":1928,"height":2560,"url":"https:\/\/www.ogrodolszanica.pl\/wp-content\/uploads\/2026\/03\/IMG20260303164018-scaled.jpg","type":"image\/jpeg"}],"author":"admin","twitter_card":"summary_large_image","schema":{"@context":"https:\/\/schema.org","@graph":[{"@type":"Organization","@id":"https:\/\/www.ogrodolszanica.pl\/#organization","name":"Ogr\u00f3d Olszanica - Krakowskie Centrum Ogrodnicze","url":"https:\/\/www.ogrodolszanica.pl\/","sameAs":["https:\/\/www.facebook.com\/Ogrd-Olszanica-100807179225223"],"logo":{"@type":"ImageObject","inLanguage":"pl-PL","@id":"https:\/\/www.ogrodolszanica.pl\/#\/schema\/logo\/image\/","url":"http:\/\/www.ogrodolszanica.pl\/wp-content\/uploads\/2022\/06\/Ogrod-Olszanica1-1.png","contentUrl":"http:\/\/www.ogrodolszanica.pl\/wp-content\/uploads\/2022\/06\/Ogrod-Olszanica1-1.png","width":180,"height":60,"caption":"Ogr\u00f3d Olszanica - Krakowskie Centrum Ogrodnicze"},"image":{"@id":"https:\/\/www.ogrodolszanica.pl\/#\/schema\/logo\/image\/"}},{"@type":"WebSite","@id":"https:\/\/www.ogrodolszanica.pl\/#website","url":"https:\/\/www.ogrodolszanica.pl\/","name":"Ogr&oacute;d Olszanica","description":"Centrum Ogrodnicze Krak&oacute;w","publisher":{"@id":"https:\/\/www.ogrodolszanica.pl\/#organization"},"potentialAction":[{"@type":"SearchAction","target":{"@type":"EntryPoint","urlTemplate":"https:\/\/www.ogrodolszanica.pl\/?s={search_term_string}"},"query-input":"required name=search_term_string"}],"inLanguage":"pl-PL"},{"@type":"ImageObject","inLanguage":"pl-PL","@id":"https:\/\/www.ogrodolszanica.pl\/index.php\/produkt\/mala-lopatka-ogrodowa\/#primaryimage","url":"https:\/\/i0.wp.com\/www.ogrodolszanica.pl\/wp-content\/uploads\/2026\/03\/IMG20260303164018-scaled.jpg?fit=1928%2C2560&ssl=1","contentUrl":"https:\/\/i0.wp.com\/www.ogrodolszanica.pl\/wp-content\/uploads\/2026\/03\/IMG20260303164018-scaled.jpg?fit=1928%2C2560&ssl=1","width":1928,"height":2560},{"@type":"WebPage","@id":"https:\/\/www.ogrodolszanica.pl\/index.php\/produkt\/mala-lopatka-ogrodowa\/#webpage","url":"https:\/\/www.ogrodolszanica.pl\/index.php\/produkt\/mala-lopatka-ogrodowa\/","name":"Ma\u0142a \u0142opatka ogrodowa - Ogr&oacute;d Olszanica","isPartOf":{"@id":"https:\/\/www.ogrodolszanica.pl\/#website"},"primaryImageOfPage":{"@id":"https:\/\/www.ogrodolszanica.pl\/index.php\/produkt\/mala-lopatka-ogrodowa\/#primaryimage"},"datePublished":"2026-03-04T20:17:39+00:00","dateModified":"2026-03-08T11:40:57+00:00","breadcrumb":{"@id":"https:\/\/www.ogrodolszanica.pl\/index.php\/produkt\/mala-lopatka-ogrodowa\/#breadcrumb"},"inLanguage":"pl-PL","potentialAction":[{"@type":"ReadAction","target":["https:\/\/www.ogrodolszanica.pl\/index.php\/produkt\/mala-lopatka-ogrodowa\/"]}]},{"@type":"BreadcrumbList","@id":"https:\/\/www.ogrodolszanica.pl\/index.php\/produkt\/mala-lopatka-ogrodowa\/#breadcrumb","itemListElement":[{"@type":"ListItem","position":1,"name":"Strona g\u0142\u00f3wna","item":"https:\/\/www.ogrodolszanica.pl\/"},{"@type":"ListItem","position":2,"name":"Produkty","item":"https:\/\/www.ogrodolszanica.pl\/index.php\/shop\/"},{"@type":"ListItem","position":3,"name":"Ma\u0142a \u0142opatka ogrodowa"}]}]}},"jetpack-related-posts":[{"id":4056,"url":"https:\/\/www.ogrodolszanica.pl\/index.php\/produkt\/maly-kultywator-ogrodowy\/","url_meta":{"origin":4052,"position":0},"title":"Ma\u0142y kultywator ogrodowy","date":"4 marca, 2026","format":false,"excerpt":"Ma\u0142y kultywator to r\u0119czne narz\u0119dzie ogrodnicze, kt\u00f3re s\u0142u\u017cy g\u0142\u00f3wnie do spulchniania gleby, aeracji oraz usuwania p\u0142ytko ukorzenionych chwast\u00f3w. Jest idealny do pracy na ma\u0142ych grz\u0105dkach, w doniczkach czy w miejscach trudno dost\u0119pnych dla wi\u0119kszych maszyn. Typ produktu:\u00a0Kultywator Zastosowanie produktu:\u00a0Do napowietrzania\/przewietrzania D\u0142ugo\u015b\u0107 uchwytu (w cm):\u00a011 Szeroko\u015b\u0107 g\u0142owicy (w cm):\u00a09 \u015arednica dr\u0105\u017cka\u2026","rel":"","context":"Similar post","img":{"alt_text":"","src":"https:\/\/i0.wp.com\/www.ogrodolszanica.pl\/wp-content\/uploads\/2026\/03\/IMG20260303163634-scaled.jpg?fit=904%2C1200&ssl=1&resize=350%2C200","width":350,"height":200},"classes":[]},{"id":4033,"url":"https:\/\/www.ogrodolszanica.pl\/index.php\/produkt\/grabie-do-lisci-metalowe-regulowane-50-x-140cm\/","url_meta":{"origin":4052,"position":1},"title":"Grabie do li\u015bci metalowe regulowane 50 x 140cm","date":"4 marca, 2026","format":false,"excerpt":"Grabie wachlarzowe regulowane szer.50 cm metalowe Por\u0119czne grabie do li\u015bci i trawnika z mo\u017cliwo\u015bci\u0105 regulacji rozstawu z\u0119b\u00f3w. Dodatkowo podczas zmiany szeroko\u015bci g\u0142owicy (rozstawu z\u0119b\u00f3w) zmienia si\u0119 te\u017c d\u0142ugo\u015b\u0107 narz\u0119dzia (od 107 do 140 cm), pozwala to lepiej dopasowa\u0107 wielko\u015b\u0107 narz\u0119dzia do wzrostu u\u017cytkownika. Grabie wachlarzowe wykonane ze stali ocynkowanej, zako\u0144czone\u2026","rel":"","context":"Similar post","img":{"alt_text":"","src":"https:\/\/i0.wp.com\/www.ogrodolszanica.pl\/wp-content\/uploads\/2026\/03\/Grabie-do-lisci-metalowe-regulowane.jpg?fit=800%2C1200&ssl=1&resize=350%2C200","width":350,"height":200},"classes":[]},{"id":3184,"url":"https:\/\/www.ogrodolszanica.pl\/index.php\/produkt\/lopatka-z-drewniana-raczka-ogrodowa-mala\/","url_meta":{"origin":4052,"position":2},"title":"\u0141opatka z drewnian\u0105 r\u0105czk\u0105 ogrodowa ma\u0142a","date":"23 lutego, 2026","format":false,"excerpt":"\u0141opatka z drewnian\u0105 r\u0105czk\u0105 ogrodowa VR-7291 Charakterystyka produktu: \u2013 przeznaczona do przesadzania ro\u015blin \u2013 wykonana z wysokiej jako\u015bci stali \u2013 drewniany uchwyt","rel":"","context":"Similar post","img":{"alt_text":"","src":"https:\/\/i0.wp.com\/www.ogrodolszanica.pl\/wp-content\/uploads\/2026\/02\/lopatka-z-drewniana-raczka-VR-7291-v2-scaled.jpg?fit=1004%2C1200&ssl=1&resize=350%2C200","width":350,"height":200},"classes":[]},{"id":3181,"url":"https:\/\/www.ogrodolszanica.pl\/index.php\/produkt\/lopatka-plastikowa-ogrodowa-verkatto\/","url_meta":{"origin":4052,"position":3},"title":"\u0141opatka plastikowa ogrodowa Verkatto","date":"23 lutego, 2026","format":false,"excerpt":"\u0141opatka plastikowa ogrodowa VR-7287 Charakterystyka produktu: \u2013 przeznaczona do przesadzania ro\u015blin \u2013 wykonana z wysokiej jako\u015bci tworzyw sztucznych \u2013 wygodny wyprofilowany uchwyt","rel":"","context":"Similar post","img":{"alt_text":"","src":"https:\/\/i0.wp.com\/www.ogrodolszanica.pl\/wp-content\/uploads\/2026\/02\/lopatka-plastikowa-v2-scaled.jpg?fit=1200%2C1148&ssl=1&resize=350%2C200","width":350,"height":200},"classes":[]},{"id":3182,"url":"https:\/\/www.ogrodolszanica.pl\/index.php\/produkt\/lopatka-plastikowa-waska-ogrodowa-verkatto\/","url_meta":{"origin":4052,"position":4},"title":"\u0141opatka plastikowa w\u0105ska ogrodowa Verkatto","date":"23 lutego, 2026","format":false,"excerpt":"\u0141opatka w\u0105ska plastikowa ogrodowa VR-7288 Charakterystyka produktu: \u2013 przeznaczona do przesadzania ro\u015blin \u2013 wykonana z wysokiej jako\u015bci tworzyw sztucznych \u2013 wygodny wyprofilowany uchwyt","rel":"","context":"Similar post","img":{"alt_text":"","src":"https:\/\/i0.wp.com\/www.ogrodolszanica.pl\/wp-content\/uploads\/2026\/02\/lopatka-waska-plastikowa-v2--scaled.jpg?fit=1076%2C1200&ssl=1&resize=350%2C200","width":350,"height":200},"classes":[]},{"id":3186,"url":"https:\/\/www.ogrodolszanica.pl\/index.php\/produkt\/haczka-z-drewniana-raczka-ogrodowa-do-kopania-motyka\/","url_meta":{"origin":4052,"position":5},"title":"Haczka z drewnian\u0105 r\u0105czk\u0105 ogrodowa do kopania motyka","date":"23 lutego, 2026","format":false,"excerpt":"Haczka z drewnian\u0105 r\u0105czk\u0105 ogrodowa VR-7294 - ma\u0142a motyka do kopania w ogr\u00f3dku","rel":"","context":"Similar post","img":{"alt_text":"","src":"https:\/\/i0.wp.com\/www.ogrodolszanica.pl\/wp-content\/uploads\/2026\/02\/haczka-z-drewniana-raczka-VR-7294-v3-scaled.jpg?fit=1200%2C1128&ssl=1&resize=350%2C200","width":350,"height":200},"classes":[]}],"_links":{"self":[{"href":"https:\/\/www.ogrodolszanica.pl\/index.php\/wp-json\/wp\/v2\/product\/4052","targetHints":{"allow":["GET"]}}],"collection":[{"href":"https:\/\/www.ogrodolszanica.pl\/index.php\/wp-json\/wp\/v2\/product"}],"about":[{"href":"https:\/\/www.ogrodolszanica.pl\/index.php\/wp-json\/wp\/v2\/types\/product"}],"replies":[{"embeddable":true,"href":"https:\/\/www.ogrodolszanica.pl\/index.php\/wp-json\/wp\/v2\/comments?post=4052"}],"wp:featuredmedia":[{"embeddable":true,"href":"https:\/\/www.ogrodolszanica.pl\/index.php\/wp-json\/wp\/v2\/media\/4053"}],"wp:attachment":[{"href":"https:\/\/www.ogrodolszanica.pl\/index.php\/wp-json\/wp\/v2\/media?parent=4052"}],"wp:term":[{"taxonomy":"product_cat","embeddable":true,"href":"https:\/\/www.ogrodolszanica.pl\/index.php\/wp-json\/wp\/v2\/product_cat?post=4052"},{"taxonomy":"product_tag","embeddable":true,"href":"https:\/\/www.ogrodolszanica.pl\/index.php\/wp-json\/wp\/v2\/product_tag?post=4052"}],"curies":[{"name":"wp","href":"https:\/\/api.w.org\/{rel}","templated":true}]}}