{"id":4048,"date":"2026-03-04T20:16:15","date_gmt":"2026-03-04T20:16:15","guid":{"rendered":"https:\/\/www.ogrodolszanica.pl\/?post_type=product&#038;p=4048"},"modified":"2026-03-08T11:41:21","modified_gmt":"2026-03-08T11:41:21","slug":"lopata-piaskowa-trzon-t-90-fsc-100","status":"publish","type":"product","link":"https:\/\/www.ogrodolszanica.pl\/index.php\/produkt\/lopata-piaskowa-trzon-t-90-fsc-100\/","title":{"rendered":"\u0141opata piaskowa trzon T-90 FSC 100%"},"content":{"rendered":"<div class=\"mpof_ki myre_zn myre_8v_l m389_6m_l\">\n<div class=\"mp4t_16_s mryx_16_s mr3m_1 mli2_1 mh85_56 mh85_0_l\">\n<div class=\"mgn2_16 _0d3bd_am0a-\">\n<div class=\"mpof_ki myre_zn myre_8v_l m389_6m_l\">\n<div class=\"mp4t_16_s mryx_16_s mr3m_1 mli2_1 mh85_56 mh85_0_l\">\n<div class=\"mgn2_16 _0d3bd_am0a-\">\n<h2>arz\u0119dzie usprawni wykonywane przez Ciebie prace ogrodowe oraz gospodarcze \u2013 \u0142opat\u0119 wykorzystasz do przenoszenie piasku i sypkich materia\u0142\u00f3w.<\/h2>\n<h2>Wymiary:<\/h2>\n<h2>szer.240 mm x wys. g\u0142owicy 270 mm x wys. ca\u0142kowita 1160 mm<\/h2>\n<\/div>\n<\/div>\n<div class=\"mp4t_16_s mryx_16_s mr3m_1 mli2_1 mh85_56 mh85_0_l\">\n<div class=\"mg9e_8 mj7a_8 mg9e_0_s mvrt_0_s mj7a_0_s mh36_0_s mzmg_6m munh_16_l m3h2_16_l\">\n<div class=\"mp4t_0 mryx_0 munh_56 m3h2_56\">\n<div class=\"mp7g_oh\"><button class=\"mg9e_0 mvrt_0 mj7a_0 mh36_0 mp4t_0 m3h2_0 mryx_0 munh_0 mqen_m6 mpof_z0 mx7m_0 m7er_k4 mse2_k4 msts_pt\" data-analytics-interaction=\"true\" data-analytics-interaction-label=\"zoomable-image-open\" aria-disabled=\"true\"><img decoding=\"async\" class=\"msub_k4 mupj_5k mjru_k4 mse2_k4 mp7g_f6 mq1m_0 mj7u_0 m7er_k4 mqen_m6 m31c_d8 m0ux_fp lazyloaded\" src=\"https:\/\/a.allegroimg.com\/original\/11c1c8\/3941c15343aeb65d4f710bbcfbfe\/Lopata-piaskowa-trzon-T-90-RIM-KOWALCZYK-Marka-RIM-Kowalczyk\" sizes=\"(min-width: 1200px) 560px, (min-width: 992px) 50vw, 100vw\" srcset=\"https:\/\/a.allegroimg.com\/s360\/11c1c8\/3941c15343aeb65d4f710bbcfbfe\/Lopata-piaskowa-trzon-T-90-RIM-KOWALCZYK-Marka-RIM-Kowalczyk 270w,https:\/\/a.allegroimg.com\/s720\/11c1c8\/3941c15343aeb65d4f710bbcfbfe\/Lopata-piaskowa-trzon-T-90-RIM-KOWALCZYK-Marka-RIM-Kowalczyk 541w,https:\/\/a.allegroimg.com\/s1024\/11c1c8\/3941c15343aeb65d4f710bbcfbfe\/Lopata-piaskowa-trzon-T-90-RIM-KOWALCZYK-Marka-RIM-Kowalczyk 770w,https:\/\/a.allegroimg.com\/s1440\/11c1c8\/3941c15343aeb65d4f710bbcfbfe\/Lopata-piaskowa-trzon-T-90-RIM-KOWALCZYK-Marka-RIM-Kowalczyk 1083w,https:\/\/a.allegroimg.com\/original\/11c1c8\/3941c15343aeb65d4f710bbcfbfe\/Lopata-piaskowa-trzon-T-90-RIM-KOWALCZYK-Marka-RIM-Kowalczyk 1927w\" alt=\"\u0141opata piaskowa trzon T-90 RIM KOWALCZYK Marka RIM Kowalczyk\" width=\"1927px\" data-srcset=\"\" \/><\/button><\/div>\n<\/div>\n<\/div>\n<\/div>\n<\/div>\n<div class=\"mpof_ki myre_zn myre_8v_l m389_6m_l\">\n<div class=\"mp4t_16_s mryx_16_s mr3m_1 mli2_1 mh85_56 mh85_0_l\">\n<div class=\"mg9e_8 mj7a_8 mg9e_0_s mvrt_0_s mj7a_0_s mh36_0_s mzmg_6m munh_16_l m3h2_16_l\">\n<div class=\"mp4t_0 mryx_0 munh_56 m3h2_56\">\n<div class=\"mp7g_oh\"><button class=\"mg9e_0 mvrt_0 mj7a_0 mh36_0 mp4t_0 m3h2_0 mryx_0 munh_0 mqen_m6 mpof_z0 mx7m_0 m7er_k4 mse2_k4 msts_pt\" data-analytics-interaction=\"true\" data-analytics-interaction-label=\"zoomable-image-open\" aria-disabled=\"true\"><img decoding=\"async\" class=\"msub_k4 mupj_5k mjru_k4 mse2_k4 mp7g_f6 mq1m_0 mj7u_0 m7er_k4 mqen_m6 m31c_d8 m0ux_fp lazyloaded\" src=\"https:\/\/a.allegroimg.com\/original\/111169\/f3948c224ed19da938e97d16cfeb\/Lopata-piaskowa-trzon-T-90-RIM-KOWALCZYK\" sizes=\"(min-width: 1200px) 560px, (min-width: 992px) 50vw, 100vw\" srcset=\"https:\/\/a.allegroimg.com\/s360\/111169\/f3948c224ed19da938e97d16cfeb\/Lopata-piaskowa-trzon-T-90-RIM-KOWALCZYK 270w,https:\/\/a.allegroimg.com\/s720\/111169\/f3948c224ed19da938e97d16cfeb\/Lopata-piaskowa-trzon-T-90-RIM-KOWALCZYK 541w,https:\/\/a.allegroimg.com\/s1024\/111169\/f3948c224ed19da938e97d16cfeb\/Lopata-piaskowa-trzon-T-90-RIM-KOWALCZYK 770w,https:\/\/a.allegroimg.com\/s1440\/111169\/f3948c224ed19da938e97d16cfeb\/Lopata-piaskowa-trzon-T-90-RIM-KOWALCZYK 1083w,https:\/\/a.allegroimg.com\/original\/111169\/f3948c224ed19da938e97d16cfeb\/Lopata-piaskowa-trzon-T-90-RIM-KOWALCZYK 1927w\" alt=\"\u0141opata piaskowa trzon T-90 RIM KOWALCZYK\" width=\"1927px\" data-srcset=\"\" \/><\/button><\/div>\n<\/div>\n<\/div>\n<\/div>\n<div class=\"mp4t_16_s mryx_16_s mr3m_1 mli2_1 mh85_56 mh85_0_l\">\n<div class=\"mg9e_8 mj7a_8 mg9e_0_s mvrt_0_s mj7a_0_s mh36_0_s mzmg_6m munh_16_l m3h2_16_l\">\n<div class=\"mp4t_0 mryx_0 munh_56 m3h2_56\">\n<div class=\"mp7g_oh\"><button class=\"mg9e_0 mvrt_0 mj7a_0 mh36_0 mp4t_0 m3h2_0 mryx_0 munh_0 mqen_m6 mpof_z0 mx7m_0 m7er_k4 mse2_k4 msts_pt\" data-analytics-interaction=\"true\" data-analytics-interaction-label=\"zoomable-image-open\" aria-disabled=\"true\"><img decoding=\"async\" class=\"msub_k4 mupj_5k mjru_k4 mse2_k4 mp7g_f6 mq1m_0 mj7u_0 m7er_k4 mqen_m6 m31c_d8 m0ux_fp lazyloaded\" src=\"https:\/\/a.allegroimg.com\/original\/11e27c\/2b3eb65045e9812b3d8ed2f37d37\/Lopata-piaskowa-trzon-T-90-RIM-KOWALCZYK-Kod-producenta-97833\" sizes=\"(min-width: 1200px) 560px, (min-width: 992px) 50vw, 100vw\" srcset=\"https:\/\/a.allegroimg.com\/s360\/11e27c\/2b3eb65045e9812b3d8ed2f37d37\/Lopata-piaskowa-trzon-T-90-RIM-KOWALCZYK-Kod-producenta-97833 270w,https:\/\/a.allegroimg.com\/s720\/11e27c\/2b3eb65045e9812b3d8ed2f37d37\/Lopata-piaskowa-trzon-T-90-RIM-KOWALCZYK-Kod-producenta-97833 541w,https:\/\/a.allegroimg.com\/s1024\/11e27c\/2b3eb65045e9812b3d8ed2f37d37\/Lopata-piaskowa-trzon-T-90-RIM-KOWALCZYK-Kod-producenta-97833 770w,https:\/\/a.allegroimg.com\/s1440\/11e27c\/2b3eb65045e9812b3d8ed2f37d37\/Lopata-piaskowa-trzon-T-90-RIM-KOWALCZYK-Kod-producenta-97833 1083w,https:\/\/a.allegroimg.com\/original\/11e27c\/2b3eb65045e9812b3d8ed2f37d37\/Lopata-piaskowa-trzon-T-90-RIM-KOWALCZYK-Kod-producenta-97833 1927w\" alt=\"\u0141opata piaskowa trzon T-90 RIM KOWALCZYK Kod producenta 97833\" width=\"1927px\" data-srcset=\"\" \/><\/button><\/div>\n<\/div>\n<\/div>\n<\/div>\n<\/div>\n<\/div>\n<\/div>\n<\/div>\n","protected":false},"excerpt":{"rendered":"<p>arz\u0119dzie usprawni wykonywane przez Ciebie prace ogrodowe oraz gospodarcze \u2013 \u0142opat\u0119 wykorzystasz do przenoszenie piasku i sypkich materia\u0142\u00f3w. Wymiary: szer.240 mm x wys. g\u0142owicy 270 mm x wys. ca\u0142kowita 1160 mm<\/p>\n","protected":false},"featured_media":4049,"comment_status":"open","ping_status":"closed","template":"","meta":{"site-sidebar-layout":"default","site-content-layout":"default","ast-global-header-display":"","ast-main-header-display":"","ast-hfb-above-header-display":"","ast-hfb-below-header-display":"","ast-hfb-mobile-header-display":"","site-post-title":"","ast-breadcrumbs-content":"","ast-featured-img":"","footer-sml-layout":"","theme-transparent-header-meta":"default","adv-header-id-meta":"","stick-header-meta":"","header-above-stick-meta":"","header-main-stick-meta":"","header-below-stick-meta":"","spay_email":""},"product_cat":[41],"product_tag":[],"class_list":["post-4048","product","type-product","status-publish","has-post-thumbnail","hentry","product_cat-szpadle"],"yoast_head":"<!-- This site is optimized with the Yoast SEO plugin v19.2 - https:\/\/yoast.com\/wordpress\/plugins\/seo\/ -->\n<title>\u0141opata piaskowa trzon T-90 FSC 100% - Ogr&oacute;d Olszanica<\/title>\n<meta name=\"robots\" content=\"index, follow, max-snippet:-1, max-image-preview:large, max-video-preview:-1\" \/>\n<link rel=\"canonical\" href=\"https:\/\/www.ogrodolszanica.pl\/index.php\/produkt\/lopata-piaskowa-trzon-t-90-fsc-100\/\" \/>\n<meta property=\"og:locale\" content=\"pl_PL\" \/>\n<meta property=\"og:type\" content=\"article\" \/>\n<meta property=\"og:title\" content=\"\u0141opata piaskowa trzon T-90 FSC 100% - Ogr&oacute;d Olszanica\" \/>\n<meta property=\"og:description\" content=\"arz\u0119dzie usprawni wykonywane przez Ciebie prace ogrodowe oraz gospodarcze \u2013 \u0142opat\u0119 wykorzystasz do przenoszenie piasku i sypkich materia\u0142\u00f3w. Wymiary: szer.240 mm x wys. g\u0142owicy 270 mm x wys. ca\u0142kowita 1160 mm\" \/>\n<meta property=\"og:url\" content=\"https:\/\/www.ogrodolszanica.pl\/index.php\/produkt\/lopata-piaskowa-trzon-t-90-fsc-100\/\" \/>\n<meta property=\"og:site_name\" content=\"Ogr&oacute;d Olszanica\" \/>\n<meta property=\"article:publisher\" content=\"https:\/\/www.facebook.com\/Ogrd-Olszanica-100807179225223\" \/>\n<meta property=\"article:modified_time\" content=\"2026-03-08T11:41:21+00:00\" \/>\n<meta property=\"og:image\" content=\"https:\/\/www.ogrodolszanica.pl\/wp-content\/uploads\/2026\/03\/IMG20260303162716-scaled.jpg\" \/>\n\t<meta property=\"og:image:width\" content=\"1928\" \/>\n\t<meta property=\"og:image:height\" content=\"2560\" \/>\n\t<meta property=\"og:image:type\" content=\"image\/jpeg\" \/>\n<meta name=\"author\" content=\"admin\" \/>\n<meta name=\"twitter:card\" content=\"summary_large_image\" \/>\n<script type=\"application\/ld+json\" class=\"yoast-schema-graph\">{\"@context\":\"https:\/\/schema.org\",\"@graph\":[{\"@type\":\"Organization\",\"@id\":\"https:\/\/www.ogrodolszanica.pl\/#organization\",\"name\":\"Ogr\u00f3d Olszanica - Krakowskie Centrum Ogrodnicze\",\"url\":\"https:\/\/www.ogrodolszanica.pl\/\",\"sameAs\":[\"https:\/\/www.facebook.com\/Ogrd-Olszanica-100807179225223\"],\"logo\":{\"@type\":\"ImageObject\",\"inLanguage\":\"pl-PL\",\"@id\":\"https:\/\/www.ogrodolszanica.pl\/#\/schema\/logo\/image\/\",\"url\":\"http:\/\/www.ogrodolszanica.pl\/wp-content\/uploads\/2022\/06\/Ogrod-Olszanica1-1.png\",\"contentUrl\":\"http:\/\/www.ogrodolszanica.pl\/wp-content\/uploads\/2022\/06\/Ogrod-Olszanica1-1.png\",\"width\":180,\"height\":60,\"caption\":\"Ogr\u00f3d Olszanica - Krakowskie Centrum Ogrodnicze\"},\"image\":{\"@id\":\"https:\/\/www.ogrodolszanica.pl\/#\/schema\/logo\/image\/\"}},{\"@type\":\"WebSite\",\"@id\":\"https:\/\/www.ogrodolszanica.pl\/#website\",\"url\":\"https:\/\/www.ogrodolszanica.pl\/\",\"name\":\"Ogr&oacute;d Olszanica\",\"description\":\"Centrum Ogrodnicze Krak&oacute;w\",\"publisher\":{\"@id\":\"https:\/\/www.ogrodolszanica.pl\/#organization\"},\"potentialAction\":[{\"@type\":\"SearchAction\",\"target\":{\"@type\":\"EntryPoint\",\"urlTemplate\":\"https:\/\/www.ogrodolszanica.pl\/?s={search_term_string}\"},\"query-input\":\"required name=search_term_string\"}],\"inLanguage\":\"pl-PL\"},{\"@type\":\"ImageObject\",\"inLanguage\":\"pl-PL\",\"@id\":\"https:\/\/www.ogrodolszanica.pl\/index.php\/produkt\/lopata-piaskowa-trzon-t-90-fsc-100\/#primaryimage\",\"url\":\"https:\/\/i0.wp.com\/www.ogrodolszanica.pl\/wp-content\/uploads\/2026\/03\/IMG20260303162716-scaled.jpg?fit=1928%2C2560&ssl=1\",\"contentUrl\":\"https:\/\/i0.wp.com\/www.ogrodolszanica.pl\/wp-content\/uploads\/2026\/03\/IMG20260303162716-scaled.jpg?fit=1928%2C2560&ssl=1\",\"width\":1928,\"height\":2560},{\"@type\":\"WebPage\",\"@id\":\"https:\/\/www.ogrodolszanica.pl\/index.php\/produkt\/lopata-piaskowa-trzon-t-90-fsc-100\/#webpage\",\"url\":\"https:\/\/www.ogrodolszanica.pl\/index.php\/produkt\/lopata-piaskowa-trzon-t-90-fsc-100\/\",\"name\":\"\u0141opata piaskowa trzon T-90 FSC 100% - Ogr&oacute;d Olszanica\",\"isPartOf\":{\"@id\":\"https:\/\/www.ogrodolszanica.pl\/#website\"},\"primaryImageOfPage\":{\"@id\":\"https:\/\/www.ogrodolszanica.pl\/index.php\/produkt\/lopata-piaskowa-trzon-t-90-fsc-100\/#primaryimage\"},\"datePublished\":\"2026-03-04T20:16:15+00:00\",\"dateModified\":\"2026-03-08T11:41:21+00:00\",\"breadcrumb\":{\"@id\":\"https:\/\/www.ogrodolszanica.pl\/index.php\/produkt\/lopata-piaskowa-trzon-t-90-fsc-100\/#breadcrumb\"},\"inLanguage\":\"pl-PL\",\"potentialAction\":[{\"@type\":\"ReadAction\",\"target\":[\"https:\/\/www.ogrodolszanica.pl\/index.php\/produkt\/lopata-piaskowa-trzon-t-90-fsc-100\/\"]}]},{\"@type\":\"BreadcrumbList\",\"@id\":\"https:\/\/www.ogrodolszanica.pl\/index.php\/produkt\/lopata-piaskowa-trzon-t-90-fsc-100\/#breadcrumb\",\"itemListElement\":[{\"@type\":\"ListItem\",\"position\":1,\"name\":\"Strona g\u0142\u00f3wna\",\"item\":\"https:\/\/www.ogrodolszanica.pl\/\"},{\"@type\":\"ListItem\",\"position\":2,\"name\":\"Produkty\",\"item\":\"https:\/\/www.ogrodolszanica.pl\/index.php\/shop\/\"},{\"@type\":\"ListItem\",\"position\":3,\"name\":\"\u0141opata piaskowa trzon T-90 FSC 100%\"}]}]}<\/script>\n<!-- \/ Yoast SEO plugin. -->","yoast_head_json":{"title":"\u0141opata piaskowa trzon T-90 FSC 100% - Ogr&oacute;d Olszanica","robots":{"index":"index","follow":"follow","max-snippet":"max-snippet:-1","max-image-preview":"max-image-preview:large","max-video-preview":"max-video-preview:-1"},"canonical":"https:\/\/www.ogrodolszanica.pl\/index.php\/produkt\/lopata-piaskowa-trzon-t-90-fsc-100\/","og_locale":"pl_PL","og_type":"article","og_title":"\u0141opata piaskowa trzon T-90 FSC 100% - Ogr&oacute;d Olszanica","og_description":"arz\u0119dzie usprawni wykonywane przez Ciebie prace ogrodowe oraz gospodarcze \u2013 \u0142opat\u0119 wykorzystasz do przenoszenie piasku i sypkich materia\u0142\u00f3w. Wymiary: szer.240 mm x wys. g\u0142owicy 270 mm x wys. ca\u0142kowita 1160 mm","og_url":"https:\/\/www.ogrodolszanica.pl\/index.php\/produkt\/lopata-piaskowa-trzon-t-90-fsc-100\/","og_site_name":"Ogr&oacute;d Olszanica","article_publisher":"https:\/\/www.facebook.com\/Ogrd-Olszanica-100807179225223","article_modified_time":"2026-03-08T11:41:21+00:00","og_image":[{"width":1928,"height":2560,"url":"https:\/\/www.ogrodolszanica.pl\/wp-content\/uploads\/2026\/03\/IMG20260303162716-scaled.jpg","type":"image\/jpeg"}],"author":"admin","twitter_card":"summary_large_image","schema":{"@context":"https:\/\/schema.org","@graph":[{"@type":"Organization","@id":"https:\/\/www.ogrodolszanica.pl\/#organization","name":"Ogr\u00f3d Olszanica - Krakowskie Centrum Ogrodnicze","url":"https:\/\/www.ogrodolszanica.pl\/","sameAs":["https:\/\/www.facebook.com\/Ogrd-Olszanica-100807179225223"],"logo":{"@type":"ImageObject","inLanguage":"pl-PL","@id":"https:\/\/www.ogrodolszanica.pl\/#\/schema\/logo\/image\/","url":"http:\/\/www.ogrodolszanica.pl\/wp-content\/uploads\/2022\/06\/Ogrod-Olszanica1-1.png","contentUrl":"http:\/\/www.ogrodolszanica.pl\/wp-content\/uploads\/2022\/06\/Ogrod-Olszanica1-1.png","width":180,"height":60,"caption":"Ogr\u00f3d Olszanica - Krakowskie Centrum Ogrodnicze"},"image":{"@id":"https:\/\/www.ogrodolszanica.pl\/#\/schema\/logo\/image\/"}},{"@type":"WebSite","@id":"https:\/\/www.ogrodolszanica.pl\/#website","url":"https:\/\/www.ogrodolszanica.pl\/","name":"Ogr&oacute;d Olszanica","description":"Centrum Ogrodnicze Krak&oacute;w","publisher":{"@id":"https:\/\/www.ogrodolszanica.pl\/#organization"},"potentialAction":[{"@type":"SearchAction","target":{"@type":"EntryPoint","urlTemplate":"https:\/\/www.ogrodolszanica.pl\/?s={search_term_string}"},"query-input":"required name=search_term_string"}],"inLanguage":"pl-PL"},{"@type":"ImageObject","inLanguage":"pl-PL","@id":"https:\/\/www.ogrodolszanica.pl\/index.php\/produkt\/lopata-piaskowa-trzon-t-90-fsc-100\/#primaryimage","url":"https:\/\/i0.wp.com\/www.ogrodolszanica.pl\/wp-content\/uploads\/2026\/03\/IMG20260303162716-scaled.jpg?fit=1928%2C2560&ssl=1","contentUrl":"https:\/\/i0.wp.com\/www.ogrodolszanica.pl\/wp-content\/uploads\/2026\/03\/IMG20260303162716-scaled.jpg?fit=1928%2C2560&ssl=1","width":1928,"height":2560},{"@type":"WebPage","@id":"https:\/\/www.ogrodolszanica.pl\/index.php\/produkt\/lopata-piaskowa-trzon-t-90-fsc-100\/#webpage","url":"https:\/\/www.ogrodolszanica.pl\/index.php\/produkt\/lopata-piaskowa-trzon-t-90-fsc-100\/","name":"\u0141opata piaskowa trzon T-90 FSC 100% - Ogr&oacute;d Olszanica","isPartOf":{"@id":"https:\/\/www.ogrodolszanica.pl\/#website"},"primaryImageOfPage":{"@id":"https:\/\/www.ogrodolszanica.pl\/index.php\/produkt\/lopata-piaskowa-trzon-t-90-fsc-100\/#primaryimage"},"datePublished":"2026-03-04T20:16:15+00:00","dateModified":"2026-03-08T11:41:21+00:00","breadcrumb":{"@id":"https:\/\/www.ogrodolszanica.pl\/index.php\/produkt\/lopata-piaskowa-trzon-t-90-fsc-100\/#breadcrumb"},"inLanguage":"pl-PL","potentialAction":[{"@type":"ReadAction","target":["https:\/\/www.ogrodolszanica.pl\/index.php\/produkt\/lopata-piaskowa-trzon-t-90-fsc-100\/"]}]},{"@type":"BreadcrumbList","@id":"https:\/\/www.ogrodolszanica.pl\/index.php\/produkt\/lopata-piaskowa-trzon-t-90-fsc-100\/#breadcrumb","itemListElement":[{"@type":"ListItem","position":1,"name":"Strona g\u0142\u00f3wna","item":"https:\/\/www.ogrodolszanica.pl\/"},{"@type":"ListItem","position":2,"name":"Produkty","item":"https:\/\/www.ogrodolszanica.pl\/index.php\/shop\/"},{"@type":"ListItem","position":3,"name":"\u0141opata piaskowa trzon T-90 FSC 100%"}]}]}},"jetpack-related-posts":[{"id":4155,"url":"https:\/\/www.ogrodolszanica.pl\/index.php\/produkt\/szpilka-metalowa-galwanizowana-u-3-cm-x-15-cm-50-szt-bradas\/","url_meta":{"origin":4048,"position":0},"title":"Szpilka metalowa galwanizowana U 3 cm x 15 cm 50 szt. Bradas","date":"8 marca, 2026","format":false,"excerpt":"Szpilki metalowe galwanizowane w kszta\u0142cie \"U\" 50 szt. szer. 3cm \/ wys.15cm Szpilki gwarantuj\u0105 trwa\u0142e mocowanie agrow\u0142\u00f3kniny, agrotkaniny lub siatek na krety. Ko\u0142ki tego rodzaju s\u0105 cz\u0119sto u\u017cywane na\u00a0skarpach, lub\u00a0wzniesieniach\u00a0a tak\u017ce\u00a0podczas silnego wiatru, gdy mocowanie jest szczeg\u00f3lnie utrudnione. Szpilki dzi\u0119ki swojej op\u0142ywowej budowie mog\u0105 by\u0107 wielokrotnie wbijane i wyci\u0105gane bez\u2026","rel":"","context":"Similar post","img":{"alt_text":"","src":"https:\/\/i0.wp.com\/www.ogrodolszanica.pl\/wp-content\/uploads\/2026\/03\/SZPILKA-MOCUJACA-METALOWA-3X15CM-50-SZTUK-BRADAS.jpg?fit=283%2C546&ssl=1&resize=350%2C200","width":350,"height":200},"classes":[]},{"id":4029,"url":"https:\/\/www.ogrodolszanica.pl\/index.php\/produkt\/drut-ogrodniczy-30-m-powlekany\/","url_meta":{"origin":4048,"position":1},"title":"Drut ogrodniczy 30 m powlekany","date":"4 marca, 2026","format":false,"excerpt":"Drut ogrodniczy 30 m powlekany RIM KOWALCZYK D\u0142ugo\u015b\u0107 (w m): 30 \u015arednica drutu (w mm): 0.3 \u015arednica \u017cy\u0142y z os\u0142on\u0105 (w mm): 2 Materia\u0142 drutu: Stal galwanizowana z plastikow\u0105 pow\u0142ok\u0105 Kolor: Zielony Drut ogrodniczy p\u0142aski powlekany PVC s\u0142u\u017cy do podwi\u0105zywania pn\u0105czy, ga\u0142\u0119zi drzew, krzew\u00f3w , \u0142odyg kwiat\u00f3w oraz warzyw. Otulina\u2026","rel":"","context":"Similar post","img":{"alt_text":"","src":"https:\/\/i0.wp.com\/www.ogrodolszanica.pl\/wp-content\/uploads\/2026\/03\/IMG20260303163520-scaled.jpg?fit=904%2C1200&ssl=1&resize=350%2C200","width":350,"height":200},"classes":[]},{"id":3177,"url":"https:\/\/www.ogrodolszanica.pl\/index.php\/produkt\/sekator-ogrodowy-maly-verkatto-205mm\/","url_meta":{"origin":4048,"position":2},"title":"Sekator ogrodowy ma\u0142y Verkatto 205mm","date":"23 lutego, 2026","format":false,"excerpt":"Sekator ogrodowy 205mm Verkatto VR-7260 Charakterystyka produktu: \u2013 ostrze wykonane z wytrzyma\u0142ej stali \u2013 rozmiar 205 mm \u2013 maksymalna \u015brednica ci\u0119tych ga\u0142\u0119zi: 19 mm","rel":"","context":"Similar post","img":{"alt_text":"","src":"https:\/\/i0.wp.com\/www.ogrodolszanica.pl\/wp-content\/uploads\/2026\/02\/VR-7260.jpg?fit=1024%2C768&ssl=1&resize=350%2C200","width":350,"height":200},"classes":[]},{"id":4033,"url":"https:\/\/www.ogrodolszanica.pl\/index.php\/produkt\/grabie-do-lisci-metalowe-regulowane-50-x-140cm\/","url_meta":{"origin":4048,"position":3},"title":"Grabie do li\u015bci metalowe regulowane 50 x 140cm","date":"4 marca, 2026","format":false,"excerpt":"Grabie wachlarzowe regulowane szer.50 cm metalowe Por\u0119czne grabie do li\u015bci i trawnika z mo\u017cliwo\u015bci\u0105 regulacji rozstawu z\u0119b\u00f3w. Dodatkowo podczas zmiany szeroko\u015bci g\u0142owicy (rozstawu z\u0119b\u00f3w) zmienia si\u0119 te\u017c d\u0142ugo\u015b\u0107 narz\u0119dzia (od 107 do 140 cm), pozwala to lepiej dopasowa\u0107 wielko\u015b\u0107 narz\u0119dzia do wzrostu u\u017cytkownika. Grabie wachlarzowe wykonane ze stali ocynkowanej, zako\u0144czone\u2026","rel":"","context":"Similar post","img":{"alt_text":"","src":"https:\/\/i0.wp.com\/www.ogrodolszanica.pl\/wp-content\/uploads\/2026\/03\/Grabie-do-lisci-metalowe-regulowane.jpg?fit=800%2C1200&ssl=1&resize=350%2C200","width":350,"height":200},"classes":[]},{"id":3180,"url":"https:\/\/www.ogrodolszanica.pl\/index.php\/produkt\/pila-ogrodowa-reczna-verkatto-300mm\/","url_meta":{"origin":4048,"position":4},"title":"Pi\u0142a ogrodowa r\u0119czna Verkatto 300mm","date":"23 lutego, 2026","format":false,"excerpt":"Pi\u0142a ogrodowa r\u0119czna 300mm VR-7278 Charakterystyka produktu: \u2013 pi\u0142a ogrodowa odgi\u0119ta o d\u0142ugo\u015bci 300 mm \u2013 wydajne uz\u0119bienie usprawnia prac\u0119 narz\u0119dziem \u2013 ergonomiczny uchwyt zapewnia komfort i bezpiecze\u0144stwo podczas pracy","rel":"","context":"Similar post","img":{"alt_text":"","src":"https:\/\/i0.wp.com\/www.ogrodolszanica.pl\/wp-content\/uploads\/2026\/02\/pilka-do-galezi-VR-7278-v2-scaled.jpg?fit=1015%2C1200&ssl=1&resize=350%2C200","width":350,"height":200},"classes":[]},{"id":4134,"url":"https:\/\/www.ogrodolszanica.pl\/index.php\/produkt\/sekator-ogrodniczy-bradas-v-series-kt-v3-ostrze-mijajace-15mm-jednoreczny\/","url_meta":{"origin":4048,"position":5},"title":"Sekator ogrodniczy Bradas V-SERIES KT-V3 ostrze mijaj\u0105ce 15mm jednor\u0119czny","date":"8 marca, 2026","format":false,"excerpt":"BRADAS Sekator V-SERIES ostrze mijaj\u0105ce 15 mm KT-V3 Specyfikacja: Ostrze:\u00a0mijaj\u0105ce \u015arednica ci\u0119cia:\u00a015 mm Rodzaj:\u00a0no\u017cycowy Typ:\u00a0jednor\u0119czne Zastosowanie: do ci\u0119cia kwiat\u00f3w i krzew\u00f3w Sekator r\u0119czny Bradas, to idealny nabytek dla wszystkich mi\u0142o\u015bnik\u00f3w ogrodnictwa. Je\u015bli zale\u017cy Pa\u0144stwu na oszcz\u0119dno\u015bci w\u0142asnego czasu i energii to ten sekator jest czym\u015b dla was. Sekator ogrodniczy \"V-SERIES\"\u2026","rel":"","context":"Similar post","img":{"alt_text":"","src":"https:\/\/i0.wp.com\/www.ogrodolszanica.pl\/wp-content\/uploads\/2026\/03\/images-1.jpg?fit=225%2C225&ssl=1&resize=350%2C200","width":350,"height":200},"classes":[]}],"_links":{"self":[{"href":"https:\/\/www.ogrodolszanica.pl\/index.php\/wp-json\/wp\/v2\/product\/4048","targetHints":{"allow":["GET"]}}],"collection":[{"href":"https:\/\/www.ogrodolszanica.pl\/index.php\/wp-json\/wp\/v2\/product"}],"about":[{"href":"https:\/\/www.ogrodolszanica.pl\/index.php\/wp-json\/wp\/v2\/types\/product"}],"replies":[{"embeddable":true,"href":"https:\/\/www.ogrodolszanica.pl\/index.php\/wp-json\/wp\/v2\/comments?post=4048"}],"wp:featuredmedia":[{"embeddable":true,"href":"https:\/\/www.ogrodolszanica.pl\/index.php\/wp-json\/wp\/v2\/media\/4049"}],"wp:attachment":[{"href":"https:\/\/www.ogrodolszanica.pl\/index.php\/wp-json\/wp\/v2\/media?parent=4048"}],"wp:term":[{"taxonomy":"product_cat","embeddable":true,"href":"https:\/\/www.ogrodolszanica.pl\/index.php\/wp-json\/wp\/v2\/product_cat?post=4048"},{"taxonomy":"product_tag","embeddable":true,"href":"https:\/\/www.ogrodolszanica.pl\/index.php\/wp-json\/wp\/v2\/product_tag?post=4048"}],"curies":[{"name":"wp","href":"https:\/\/api.w.org\/{rel}","templated":true}]}}