{"id":4044,"date":"2026-03-04T20:14:43","date_gmt":"2026-03-04T20:14:43","guid":{"rendered":"https:\/\/www.ogrodolszanica.pl\/?post_type=product&#038;p=4044"},"modified":"2026-03-04T20:14:43","modified_gmt":"2026-03-04T20:14:43","slug":"planton-s-02kg-nawoz-do-surfinii-petunii-i-werben","status":"publish","type":"product","link":"https:\/\/www.ogrodolszanica.pl\/index.php\/produkt\/planton-s-02kg-nawoz-do-surfinii-petunii-i-werben\/","title":{"rendered":"Planton S 0,2kg naw\u00f3z do surfinii, petunii i werben"},"content":{"rendered":"<div class=\"mpof_ki myre_zn myre_8v_l m389_6m_l\">\n<div class=\"mp4t_16_s mryx_16_s mr3m_1 mli2_1 mh85_56 mh85_0_l\">\n<div class=\"mgn2_16 _0d3bd_am0a-\">\n<h1>PLANTON S rozpuszczalny NAW\u00d3Z DO SURFINII<\/h1>\n<\/div>\n<\/div>\n<\/div>\n<div class=\"mpof_ki myre_zn myre_8v_l m389_6m_l\">\n<div class=\"mp4t_16_s mryx_16_s mr3m_1 mli2_1 mh85_56 mh85_0_l\">\n<div class=\"mgn2_16 _0d3bd_am0a-\">\n<p><b>Specjalistyczny naw\u00f3z przeznaczony do zasilania ro\u015blin balkonowych wymagaj\u0105cych zwi\u0119kszonych dawek \u017celaza, takich jak: Surfinie, Petunie kaskadowe, Petunie, Werbeny<\/b>. Mo\u017cna stosowa\u0107 go interwencyjnie do wszystkich ro\u015blin balkonowych i ogrodowych w przypadku wyst\u0105pienia objaw\u00f3w niedoboru \u017celaza.<\/p>\n<p>Polecany jest do stosowania r\u00f3wnie\u017c w czasie opad\u00f3w deszczu w celu uzupe\u0142nienia wyp\u0142ukiwanych przez deszcz sk\u0142adnik\u00f3w pokarmowych co zwi\u0119ksza odporno\u015b\u0107 ro\u015blin na choroby i znacz\u0105co przyspiesza ich regeneracj\u0119.<\/p>\n<p><b>Naw\u00f3z NPK 16 + 8 + 22 z mikroelementami pokarmowymi: miedzi\u0105, \u017celazem, manganem, cynkiem.<\/b><\/p>\n<p>Naw\u00f3z ten wyr\u00f3\u017cnia si\u0119 wysok\u0105 zawarto\u015bci\u0105 \u0142atwo przyswajalnego \u017celaza. Optymalnie dobrany sk\u0142ad zapewnia sukces w uprawie kwiat\u00f3w. Najlepiej stosowa\u0107 do ka\u017cdego podlewania.<\/p>\n<p>HF<\/p>\n<\/div>\n<\/div>\n<\/div>\n<div class=\"mpof_ki myre_zn myre_8v_l m389_6m_l\">\n<div class=\"mp4t_16_s mryx_16_s mr3m_1 mli2_1 mh85_56 mh85_0_l\">\n<div class=\"mg9e_8 mj7a_8 mg9e_0_s mvrt_0_s mj7a_0_s mh36_0_s mzmg_6m munh_16_l m3h2_16_l\">\n<div class=\"mp4t_0 mryx_0 munh_56 m3h2_56\">\n<div class=\"mp7g_oh\"><button class=\"mg9e_0 mvrt_0 mj7a_0 mh36_0 mp4t_0 m3h2_0 mryx_0 munh_0 mqen_m6 mpof_z0 mx7m_0 m7er_k4 mse2_k4 msts_pt\" data-analytics-interaction=\"true\" data-analytics-interaction-label=\"zoomable-image-open\" aria-disabled=\"true\"><img decoding=\"async\" class=\"msub_k4 mupj_5k mjru_k4 mse2_k4 mp7g_f6 mq1m_0 mj7u_0 m7er_k4 mqen_m6 m31c_d8 m0ux_fp lazyloaded\" src=\"https:\/\/a.allegroimg.com\/original\/11ac56\/7f76127c4a339bf648b3f8616421\/Planton-S-0-2kg-nawoz-do-surfinii-petunii-i-werben\" sizes=\"(min-width: 1200px) 560px, (min-width: 992px) 50vw, 100vw\" srcset=\"https:\/\/a.allegroimg.com\/s360\/11ac56\/7f76127c4a339bf648b3f8616421\/Planton-S-0-2kg-nawoz-do-surfinii-petunii-i-werben 270w,https:\/\/a.allegroimg.com\/s720\/11ac56\/7f76127c4a339bf648b3f8616421\/Planton-S-0-2kg-nawoz-do-surfinii-petunii-i-werben 541w,https:\/\/a.allegroimg.com\/s1024\/11ac56\/7f76127c4a339bf648b3f8616421\/Planton-S-0-2kg-nawoz-do-surfinii-petunii-i-werben 770w,https:\/\/a.allegroimg.com\/s1440\/11ac56\/7f76127c4a339bf648b3f8616421\/Planton-S-0-2kg-nawoz-do-surfinii-petunii-i-werben 1083w,https:\/\/a.allegroimg.com\/original\/11ac56\/7f76127c4a339bf648b3f8616421\/Planton-S-0-2kg-nawoz-do-surfinii-petunii-i-werben 1927w\" alt=\"Planton S 0,2kg naw\u00f3z do surfinii, petunii i werben\" width=\"1927px\" data-srcset=\"\" \/><\/button><\/div>\n<\/div>\n<\/div>\n<\/div>\n<div class=\"mp4t_16_s mryx_16_s mr3m_1 mli2_1 mh85_56 mh85_0_l\">\n<div class=\"mg9e_8 mj7a_8 mg9e_0_s mvrt_0_s mj7a_0_s mh36_0_s mzmg_6m munh_16_l m3h2_16_l\">\n<div class=\"mp4t_0 mryx_0 munh_56 m3h2_56\">\n<div class=\"mp7g_oh\"><button class=\"mg9e_0 mvrt_0 mj7a_0 mh36_0 mp4t_0 m3h2_0 mryx_0 munh_0 mqen_m6 mpof_z0 mx7m_0 m7er_k4 mse2_k4 msts_pt\" data-analytics-interaction=\"true\" data-analytics-interaction-label=\"zoomable-image-open\" aria-disabled=\"true\"><img decoding=\"async\" class=\"msub_k4 mupj_5k mjru_k4 mse2_k4 mp7g_f6 mq1m_0 mj7u_0 m7er_k4 mqen_m6 m31c_d8 m0ux_fp lazyloaded\" src=\"https:\/\/a.allegroimg.com\/original\/110682\/4ed1a44144e58dfdde5273d63f09\/Planton-S-0-2kg-nawoz-do-surfinii-petunii-i-werben-Kod-producenta-5904796017219\" sizes=\"(min-width: 1200px) 560px, (min-width: 992px) 50vw, 100vw\" srcset=\"https:\/\/a.allegroimg.com\/s360\/110682\/4ed1a44144e58dfdde5273d63f09\/Planton-S-0-2kg-nawoz-do-surfinii-petunii-i-werben-Kod-producenta-5904796017219 270w,https:\/\/a.allegroimg.com\/s720\/110682\/4ed1a44144e58dfdde5273d63f09\/Planton-S-0-2kg-nawoz-do-surfinii-petunii-i-werben-Kod-producenta-5904796017219 541w,https:\/\/a.allegroimg.com\/s1024\/110682\/4ed1a44144e58dfdde5273d63f09\/Planton-S-0-2kg-nawoz-do-surfinii-petunii-i-werben-Kod-producenta-5904796017219 770w,https:\/\/a.allegroimg.com\/s1440\/110682\/4ed1a44144e58dfdde5273d63f09\/Planton-S-0-2kg-nawoz-do-surfinii-petunii-i-werben-Kod-producenta-5904796017219 1083w,https:\/\/a.allegroimg.com\/original\/110682\/4ed1a44144e58dfdde5273d63f09\/Planton-S-0-2kg-nawoz-do-surfinii-petunii-i-werben-Kod-producenta-5904796017219 1927w\" alt=\"Planton S 0,2kg naw\u00f3z do surfinii, petunii i werben Kod producenta 5904796017219\" width=\"1927px\" data-srcset=\"\" \/><\/button><\/div>\n<\/div>\n<\/div>\n<\/div>\n<\/div>\n","protected":false},"excerpt":{"rendered":"<p>PLANTON S rozpuszczalny NAW\u00d3Z DO SURFINII Specjalistyczny naw\u00f3z przeznaczony do zasilania ro\u015blin balkonowych wymagaj\u0105cych zwi\u0119kszonych dawek \u017celaza, takich jak: Surfinie, Petunie kaskadowe, Petunie, Werbeny. Mo\u017cna stosowa\u0107 go interwencyjnie do wszystkich ro\u015blin balkonowych i ogrodowych w przypadku wyst\u0105pienia objaw\u00f3w niedoboru \u017celaza. Polecany jest do stosowania r\u00f3wnie\u017c w czasie opad\u00f3w deszczu w celu uzupe\u0142nienia wyp\u0142ukiwanych przez deszcz &hellip;<\/p>\n<p class=\"read-more\"> <a class=\"\" href=\"https:\/\/www.ogrodolszanica.pl\/index.php\/produkt\/planton-s-02kg-nawoz-do-surfinii-petunii-i-werben\/\"> <span class=\"screen-reader-text\">Planton S 0,2kg naw\u00f3z do surfinii, petunii i werben<\/span> Read More &raquo;<\/a><\/p>\n","protected":false},"featured_media":4047,"comment_status":"open","ping_status":"closed","template":"","meta":{"site-sidebar-layout":"default","site-content-layout":"default","ast-global-header-display":"","ast-main-header-display":"","ast-hfb-above-header-display":"","ast-hfb-below-header-display":"","ast-hfb-mobile-header-display":"","site-post-title":"","ast-breadcrumbs-content":"","ast-featured-img":"","footer-sml-layout":"","theme-transparent-header-meta":"default","adv-header-id-meta":"","stick-header-meta":"","header-above-stick-meta":"","header-main-stick-meta":"","header-below-stick-meta":"","spay_email":""},"product_cat":[36],"product_tag":[],"class_list":["post-4044","product","type-product","status-publish","has-post-thumbnail","hentry","product_cat-nawozy"],"yoast_head":"<!-- This site is optimized with the Yoast SEO plugin v19.2 - https:\/\/yoast.com\/wordpress\/plugins\/seo\/ -->\n<title>Planton S 0,2kg naw\u00f3z do surfinii, petunii i werben - Ogr&oacute;d Olszanica<\/title>\n<meta name=\"robots\" content=\"index, follow, max-snippet:-1, max-image-preview:large, max-video-preview:-1\" \/>\n<link rel=\"canonical\" href=\"https:\/\/www.ogrodolszanica.pl\/index.php\/produkt\/planton-s-02kg-nawoz-do-surfinii-petunii-i-werben\/\" \/>\n<meta property=\"og:locale\" content=\"pl_PL\" \/>\n<meta property=\"og:type\" content=\"article\" \/>\n<meta property=\"og:title\" content=\"Planton S 0,2kg naw\u00f3z do surfinii, petunii i werben - Ogr&oacute;d Olszanica\" \/>\n<meta property=\"og:description\" content=\"PLANTON S rozpuszczalny NAW\u00d3Z DO SURFINII Specjalistyczny naw\u00f3z przeznaczony do zasilania ro\u015blin balkonowych wymagaj\u0105cych zwi\u0119kszonych dawek \u017celaza, takich jak: Surfinie, Petunie kaskadowe, Petunie, Werbeny. Mo\u017cna stosowa\u0107 go interwencyjnie do wszystkich ro\u015blin balkonowych i ogrodowych w przypadku wyst\u0105pienia objaw\u00f3w niedoboru \u017celaza. Polecany jest do stosowania r\u00f3wnie\u017c w czasie opad\u00f3w deszczu w celu uzupe\u0142nienia wyp\u0142ukiwanych przez deszcz &hellip; Planton S 0,2kg naw\u00f3z do surfinii, petunii i werben Read More &raquo;\" \/>\n<meta property=\"og:url\" content=\"https:\/\/www.ogrodolszanica.pl\/index.php\/produkt\/planton-s-02kg-nawoz-do-surfinii-petunii-i-werben\/\" \/>\n<meta property=\"og:site_name\" content=\"Ogr&oacute;d Olszanica\" \/>\n<meta property=\"article:publisher\" content=\"https:\/\/www.facebook.com\/Ogrd-Olszanica-100807179225223\" \/>\n<meta property=\"og:image\" content=\"https:\/\/www.ogrodolszanica.pl\/wp-content\/uploads\/2026\/03\/IMG20260303163449-scaled.jpg\" \/>\n\t<meta property=\"og:image:width\" content=\"1928\" \/>\n\t<meta property=\"og:image:height\" content=\"2560\" \/>\n\t<meta property=\"og:image:type\" content=\"image\/jpeg\" \/>\n<meta name=\"author\" content=\"admin\" \/>\n<meta name=\"twitter:card\" content=\"summary_large_image\" \/>\n<meta name=\"twitter:label1\" content=\"Szacowany czas czytania\" \/>\n\t<meta name=\"twitter:data1\" content=\"1 minuta\" \/>\n<script type=\"application\/ld+json\" class=\"yoast-schema-graph\">{\"@context\":\"https:\/\/schema.org\",\"@graph\":[{\"@type\":\"Organization\",\"@id\":\"https:\/\/www.ogrodolszanica.pl\/#organization\",\"name\":\"Ogr\u00f3d Olszanica - Krakowskie Centrum Ogrodnicze\",\"url\":\"https:\/\/www.ogrodolszanica.pl\/\",\"sameAs\":[\"https:\/\/www.facebook.com\/Ogrd-Olszanica-100807179225223\"],\"logo\":{\"@type\":\"ImageObject\",\"inLanguage\":\"pl-PL\",\"@id\":\"https:\/\/www.ogrodolszanica.pl\/#\/schema\/logo\/image\/\",\"url\":\"http:\/\/www.ogrodolszanica.pl\/wp-content\/uploads\/2022\/06\/Ogrod-Olszanica1-1.png\",\"contentUrl\":\"http:\/\/www.ogrodolszanica.pl\/wp-content\/uploads\/2022\/06\/Ogrod-Olszanica1-1.png\",\"width\":180,\"height\":60,\"caption\":\"Ogr\u00f3d Olszanica - Krakowskie Centrum Ogrodnicze\"},\"image\":{\"@id\":\"https:\/\/www.ogrodolszanica.pl\/#\/schema\/logo\/image\/\"}},{\"@type\":\"WebSite\",\"@id\":\"https:\/\/www.ogrodolszanica.pl\/#website\",\"url\":\"https:\/\/www.ogrodolszanica.pl\/\",\"name\":\"Ogr&oacute;d Olszanica\",\"description\":\"Centrum Ogrodnicze Krak&oacute;w\",\"publisher\":{\"@id\":\"https:\/\/www.ogrodolszanica.pl\/#organization\"},\"potentialAction\":[{\"@type\":\"SearchAction\",\"target\":{\"@type\":\"EntryPoint\",\"urlTemplate\":\"https:\/\/www.ogrodolszanica.pl\/?s={search_term_string}\"},\"query-input\":\"required name=search_term_string\"}],\"inLanguage\":\"pl-PL\"},{\"@type\":\"ImageObject\",\"inLanguage\":\"pl-PL\",\"@id\":\"https:\/\/www.ogrodolszanica.pl\/index.php\/produkt\/planton-s-02kg-nawoz-do-surfinii-petunii-i-werben\/#primaryimage\",\"url\":\"https:\/\/i0.wp.com\/www.ogrodolszanica.pl\/wp-content\/uploads\/2026\/03\/IMG20260303163449-scaled.jpg?fit=1928%2C2560&ssl=1\",\"contentUrl\":\"https:\/\/i0.wp.com\/www.ogrodolszanica.pl\/wp-content\/uploads\/2026\/03\/IMG20260303163449-scaled.jpg?fit=1928%2C2560&ssl=1\",\"width\":1928,\"height\":2560},{\"@type\":\"WebPage\",\"@id\":\"https:\/\/www.ogrodolszanica.pl\/index.php\/produkt\/planton-s-02kg-nawoz-do-surfinii-petunii-i-werben\/#webpage\",\"url\":\"https:\/\/www.ogrodolszanica.pl\/index.php\/produkt\/planton-s-02kg-nawoz-do-surfinii-petunii-i-werben\/\",\"name\":\"Planton S 0,2kg naw\u00f3z do surfinii, petunii i werben - Ogr&oacute;d Olszanica\",\"isPartOf\":{\"@id\":\"https:\/\/www.ogrodolszanica.pl\/#website\"},\"primaryImageOfPage\":{\"@id\":\"https:\/\/www.ogrodolszanica.pl\/index.php\/produkt\/planton-s-02kg-nawoz-do-surfinii-petunii-i-werben\/#primaryimage\"},\"datePublished\":\"2026-03-04T20:14:43+00:00\",\"dateModified\":\"2026-03-04T20:14:43+00:00\",\"breadcrumb\":{\"@id\":\"https:\/\/www.ogrodolszanica.pl\/index.php\/produkt\/planton-s-02kg-nawoz-do-surfinii-petunii-i-werben\/#breadcrumb\"},\"inLanguage\":\"pl-PL\",\"potentialAction\":[{\"@type\":\"ReadAction\",\"target\":[\"https:\/\/www.ogrodolszanica.pl\/index.php\/produkt\/planton-s-02kg-nawoz-do-surfinii-petunii-i-werben\/\"]}]},{\"@type\":\"BreadcrumbList\",\"@id\":\"https:\/\/www.ogrodolszanica.pl\/index.php\/produkt\/planton-s-02kg-nawoz-do-surfinii-petunii-i-werben\/#breadcrumb\",\"itemListElement\":[{\"@type\":\"ListItem\",\"position\":1,\"name\":\"Strona g\u0142\u00f3wna\",\"item\":\"https:\/\/www.ogrodolszanica.pl\/\"},{\"@type\":\"ListItem\",\"position\":2,\"name\":\"Produkty\",\"item\":\"https:\/\/www.ogrodolszanica.pl\/index.php\/shop\/\"},{\"@type\":\"ListItem\",\"position\":3,\"name\":\"Planton S 0,2kg naw\u00f3z do surfinii, petunii i werben\"}]}]}<\/script>\n<!-- \/ Yoast SEO plugin. -->","yoast_head_json":{"title":"Planton S 0,2kg naw\u00f3z do surfinii, petunii i werben - Ogr&oacute;d Olszanica","robots":{"index":"index","follow":"follow","max-snippet":"max-snippet:-1","max-image-preview":"max-image-preview:large","max-video-preview":"max-video-preview:-1"},"canonical":"https:\/\/www.ogrodolszanica.pl\/index.php\/produkt\/planton-s-02kg-nawoz-do-surfinii-petunii-i-werben\/","og_locale":"pl_PL","og_type":"article","og_title":"Planton S 0,2kg naw\u00f3z do surfinii, petunii i werben - Ogr&oacute;d Olszanica","og_description":"PLANTON S rozpuszczalny NAW\u00d3Z DO SURFINII Specjalistyczny naw\u00f3z przeznaczony do zasilania ro\u015blin balkonowych wymagaj\u0105cych zwi\u0119kszonych dawek \u017celaza, takich jak: Surfinie, Petunie kaskadowe, Petunie, Werbeny. Mo\u017cna stosowa\u0107 go interwencyjnie do wszystkich ro\u015blin balkonowych i ogrodowych w przypadku wyst\u0105pienia objaw\u00f3w niedoboru \u017celaza. Polecany jest do stosowania r\u00f3wnie\u017c w czasie opad\u00f3w deszczu w celu uzupe\u0142nienia wyp\u0142ukiwanych przez deszcz &hellip; Planton S 0,2kg naw\u00f3z do surfinii, petunii i werben Read More &raquo;","og_url":"https:\/\/www.ogrodolszanica.pl\/index.php\/produkt\/planton-s-02kg-nawoz-do-surfinii-petunii-i-werben\/","og_site_name":"Ogr&oacute;d Olszanica","article_publisher":"https:\/\/www.facebook.com\/Ogrd-Olszanica-100807179225223","og_image":[{"width":1928,"height":2560,"url":"https:\/\/www.ogrodolszanica.pl\/wp-content\/uploads\/2026\/03\/IMG20260303163449-scaled.jpg","type":"image\/jpeg"}],"author":"admin","twitter_card":"summary_large_image","twitter_misc":{"Szacowany czas czytania":"1 minuta"},"schema":{"@context":"https:\/\/schema.org","@graph":[{"@type":"Organization","@id":"https:\/\/www.ogrodolszanica.pl\/#organization","name":"Ogr\u00f3d Olszanica - Krakowskie Centrum Ogrodnicze","url":"https:\/\/www.ogrodolszanica.pl\/","sameAs":["https:\/\/www.facebook.com\/Ogrd-Olszanica-100807179225223"],"logo":{"@type":"ImageObject","inLanguage":"pl-PL","@id":"https:\/\/www.ogrodolszanica.pl\/#\/schema\/logo\/image\/","url":"http:\/\/www.ogrodolszanica.pl\/wp-content\/uploads\/2022\/06\/Ogrod-Olszanica1-1.png","contentUrl":"http:\/\/www.ogrodolszanica.pl\/wp-content\/uploads\/2022\/06\/Ogrod-Olszanica1-1.png","width":180,"height":60,"caption":"Ogr\u00f3d Olszanica - Krakowskie Centrum Ogrodnicze"},"image":{"@id":"https:\/\/www.ogrodolszanica.pl\/#\/schema\/logo\/image\/"}},{"@type":"WebSite","@id":"https:\/\/www.ogrodolszanica.pl\/#website","url":"https:\/\/www.ogrodolszanica.pl\/","name":"Ogr&oacute;d Olszanica","description":"Centrum Ogrodnicze Krak&oacute;w","publisher":{"@id":"https:\/\/www.ogrodolszanica.pl\/#organization"},"potentialAction":[{"@type":"SearchAction","target":{"@type":"EntryPoint","urlTemplate":"https:\/\/www.ogrodolszanica.pl\/?s={search_term_string}"},"query-input":"required name=search_term_string"}],"inLanguage":"pl-PL"},{"@type":"ImageObject","inLanguage":"pl-PL","@id":"https:\/\/www.ogrodolszanica.pl\/index.php\/produkt\/planton-s-02kg-nawoz-do-surfinii-petunii-i-werben\/#primaryimage","url":"https:\/\/i0.wp.com\/www.ogrodolszanica.pl\/wp-content\/uploads\/2026\/03\/IMG20260303163449-scaled.jpg?fit=1928%2C2560&ssl=1","contentUrl":"https:\/\/i0.wp.com\/www.ogrodolszanica.pl\/wp-content\/uploads\/2026\/03\/IMG20260303163449-scaled.jpg?fit=1928%2C2560&ssl=1","width":1928,"height":2560},{"@type":"WebPage","@id":"https:\/\/www.ogrodolszanica.pl\/index.php\/produkt\/planton-s-02kg-nawoz-do-surfinii-petunii-i-werben\/#webpage","url":"https:\/\/www.ogrodolszanica.pl\/index.php\/produkt\/planton-s-02kg-nawoz-do-surfinii-petunii-i-werben\/","name":"Planton S 0,2kg naw\u00f3z do surfinii, petunii i werben - Ogr&oacute;d Olszanica","isPartOf":{"@id":"https:\/\/www.ogrodolszanica.pl\/#website"},"primaryImageOfPage":{"@id":"https:\/\/www.ogrodolszanica.pl\/index.php\/produkt\/planton-s-02kg-nawoz-do-surfinii-petunii-i-werben\/#primaryimage"},"datePublished":"2026-03-04T20:14:43+00:00","dateModified":"2026-03-04T20:14:43+00:00","breadcrumb":{"@id":"https:\/\/www.ogrodolszanica.pl\/index.php\/produkt\/planton-s-02kg-nawoz-do-surfinii-petunii-i-werben\/#breadcrumb"},"inLanguage":"pl-PL","potentialAction":[{"@type":"ReadAction","target":["https:\/\/www.ogrodolszanica.pl\/index.php\/produkt\/planton-s-02kg-nawoz-do-surfinii-petunii-i-werben\/"]}]},{"@type":"BreadcrumbList","@id":"https:\/\/www.ogrodolszanica.pl\/index.php\/produkt\/planton-s-02kg-nawoz-do-surfinii-petunii-i-werben\/#breadcrumb","itemListElement":[{"@type":"ListItem","position":1,"name":"Strona g\u0142\u00f3wna","item":"https:\/\/www.ogrodolszanica.pl\/"},{"@type":"ListItem","position":2,"name":"Produkty","item":"https:\/\/www.ogrodolszanica.pl\/index.php\/shop\/"},{"@type":"ListItem","position":3,"name":"Planton S 0,2kg naw\u00f3z do surfinii, petunii i werben"}]}]}},"jetpack-related-posts":[{"id":4061,"url":"https:\/\/www.ogrodolszanica.pl\/index.php\/produkt\/tasma-ogrodnicza-do-podwiazywania-roslin-pnaczy-drzewek-3cm-x-50m\/","url_meta":{"origin":4044,"position":0},"title":"Ta\u015bma ogrodnicza do podwi\u0105zywania ro\u015blin pn\u0105czy drzewek &#8211; 3cm x 50m","date":"4 marca, 2026","format":false,"excerpt":"Ta\u015bma ogrodnicza do podwi\u0105zywania ro\u015blin - 3cm x 50m Ta\u015bma ogrodnicza 3cm x 50mWymiary: Szeroko\u015b\u0107:\u00a03 cm D\u0142ugo\u015b\u0107:\u00a050 m Charakterystyka: Ta\u015bma wykonana z tworzywa sztucznego s\u0142u\u017cy do podwi\u0105zywania ro\u015blin, pn\u0105czy i m\u0142odych drzewek. Znakomicie sprawdza si\u0119 zatem na wi\u0119kszych terenach rekreacyjnych, jak i w przydomowych ogrodach, gdzie z powodzeniem zast\u0119puje zwyk\u0142e\u2026","rel":"","context":"Similar post","img":{"alt_text":"","src":"https:\/\/i0.wp.com\/www.ogrodolszanica.pl\/wp-content\/uploads\/2026\/03\/IMG20260303164222-scaled.jpg?fit=904%2C1200&ssl=1&resize=350%2C200","width":350,"height":200},"classes":[]},{"id":4140,"url":"https:\/\/www.ogrodolszanica.pl\/index.php\/produkt\/tasma-do-wiazania-mocowania-stabilizacji-roslin-25mmx25m-tyts2525-bk\/","url_meta":{"origin":4044,"position":1},"title":"TA\u015aMA DO WI\u0104ZANIA MOCOWANIA STABILIZACJI RO\u015aLIN 25mmx25m TYTS2525\/BK","date":"8 marca, 2026","format":false,"excerpt":"MOCNA TA\u015aMA DO WI\u0104ZANIA, PALIKOWANIA DRZEW ORAZ RO\u015aLIN TYTS2525\/BK Ta\u015bma do stabilizacji drzew TREE SUPPORT 25 mm x 25 m Dane techniczne: \u00b7 Materia\u0142: Polipropylen \u00b7 Szeroko\u015b\u0107: 25 mm \u00b7 D\u0142ugo\u015b\u0107: 25 m \u00b7 Kolor: czarny \u00b7 Rodzaj opakowania: worek termokurczliwy z naklejk\u0105 Cechy produktu: \u00b7 Elastyczna i wytrzyma\u0142a \u00b7\u2026","rel":"","context":"Similar post","img":{"alt_text":"","src":"https:\/\/i0.wp.com\/www.ogrodolszanica.pl\/wp-content\/uploads\/2026\/03\/images-4.jpg?fit=225%2C225&ssl=1&resize=350%2C200","width":350,"height":200},"classes":[]},{"id":4242,"url":"https:\/\/www.ogrodolszanica.pl\/index.php\/produkt\/ziemia-uniwersalna-biovita-20l\/","url_meta":{"origin":4044,"position":2},"title":"Ziemia Uniwersalna BIOVITA 20L","date":"19 marca, 2026","format":false,"excerpt":"Ziemia uniwersalna BIOVITA jest niezast\u0105pionym pod\u0142o\u017cem do sadzenia oraz przesadzenia ro\u015blin ozdobnych w domach, ogrodach, na balkonach i tarasach, z wyj\u0105tkiem ro\u015blin kwasolubnych. Zawiera naw\u00f3z wielosk\u0142adnikowy, dzi\u0119ki czemu nie wymaga nawo\u017cenia przez okres 4 do 6 tygodni. Zawarty w pod\u0142o\u017cu torf wysoki zwi\u0119ksza pojemno\u015b\u0107 powietrzn\u0105, poprawia struktur\u0119, stwarza korzystne warunki\u2026","rel":"","context":"Similar post","img":{"alt_text":"","src":"https:\/\/i0.wp.com\/www.ogrodolszanica.pl\/wp-content\/uploads\/2026\/03\/8307469213d1de209953e73e3bf7a8ec.jpg?fit=1024%2C1024&ssl=1&resize=350%2C200","width":350,"height":200},"classes":[]},{"id":3981,"url":"https:\/\/www.ogrodolszanica.pl\/index.php\/produkt\/ziemia-uniwersalna-biovita-10l\/","url_meta":{"origin":4044,"position":3},"title":"Ziemia Uniwersalna BIOVITA 10L","date":"3 marca, 2026","format":false,"excerpt":"Ziemia uniwersalna do kwiat\u00f3w Ziemia uniwersalna BIOVITA jest niezast\u0105pionym pod\u0142o\u017cem do sadzenia oraz przesadzenia ro\u015blin ozdobnych w domach, ogrodach, na balkonach i tarasach, z wyj\u0105tkiem ro\u015blin kwasolubnych. Zawiera naw\u00f3z wielosk\u0142adnikowy, dzi\u0119ki czemu nie wymaga nawo\u017cenia przez okres 4 do 6 tygodni. Zawarty w pod\u0142o\u017cu torf wysoki zwi\u0119ksza pojemno\u015b\u0107 powietrzn\u0105, poprawia\u2026","rel":"","context":"Similar post","img":{"alt_text":"","src":"https:\/\/i0.wp.com\/www.ogrodolszanica.pl\/wp-content\/uploads\/2026\/03\/ziemia-uniwersalna.jpg?fit=768%2C900&ssl=1&resize=350%2C200","width":350,"height":200},"classes":[]},{"id":2723,"url":"https:\/\/www.ogrodolszanica.pl\/index.php\/produkt\/ubiorek-snowsurfer-forte\/","url_meta":{"origin":4044,"position":4},"title":"Ubiorek Snowsurfer Forte","date":"31 stycznia, 2024","format":false,"excerpt":"Ubiorek Snowsurfer Forte Ubiorek to jedna z pierwszych ro\u015blin kwitn\u0105cych zapylaczy ro\u015blin wiosennych. Ro\u015blina zimozielona i bardzo trwa\u0142a, o ile ma s\u0142oneczn\u0105 pozycj\u0119 na przepuszczalnym pod\u0142o\u017cu. 'Snowsurfer Forte' charakteryzuje si\u0119 silnym wzrostem o szczeg\u00f3lnie du\u017cych kwiatach. rodzaj: Ubiorek barwa: Bia\u0142a szeroko\u015b\u0107: 30\u00a0cm wysoko\u015b\u0107: 20\u00a0cm wysoko\u015b\u0107 (kwitnienie): 30\u00a0cm kwitnienie: marzec \u00f7\u2026","rel":"","context":"Similar post","img":{"alt_text":"","src":"https:\/\/i0.wp.com\/www.ogrodolszanica.pl\/wp-content\/uploads\/2024\/01\/iberis-snowsurfer-forte_1.jpg?fit=434%2C650&ssl=1&resize=350%2C200","width":350,"height":200},"classes":[]},{"id":4136,"url":"https:\/\/www.ogrodolszanica.pl\/index.php\/produkt\/sekator-ostrze-mijajace-stal-nierdzewna-srednica-ciecia-6mm-kt-vwl1011\/","url_meta":{"origin":4044,"position":5},"title":"Sekator Ostrze mijaj\u0105ce &#8211; stal nierdzewna \u015arednica ci\u0119cia 6mm KT-VWL1011","date":"8 marca, 2026","format":false,"excerpt":"KT-VWL1011 Sekator V-SERIES Ostrze mijaj\u0105ce - stal nierdzewna \/ \u015arednica ci\u0119cia: 6 mm Sekator V-SERIES z ostrzem mijaj\u0105cym to por\u0119czne narz\u0119dzie, kt\u00f3re zapewnia precyzyjne i czyste ci\u0119cie delikatnych ro\u015blin w ka\u017cdym ogrodzie. Dzi\u0119ki kompaktowej konstrukcji i blokadzie bezpiecze\u0144stwa \u015bwietnie sprawdzi si\u0119 zar\u00f3wno u pocz\u0105tkuj\u0105cych, jak i bardziej wymagaj\u0105cych ogrodnik\u00f3w. Specyfikacja\u2026","rel":"","context":"Similar post","img":{"alt_text":"","src":"https:\/\/i0.wp.com\/www.ogrodolszanica.pl\/wp-content\/uploads\/2026\/03\/images-2.jpg?fit=200%2C200&ssl=1&resize=350%2C200","width":350,"height":200},"classes":[]}],"_links":{"self":[{"href":"https:\/\/www.ogrodolszanica.pl\/index.php\/wp-json\/wp\/v2\/product\/4044","targetHints":{"allow":["GET"]}}],"collection":[{"href":"https:\/\/www.ogrodolszanica.pl\/index.php\/wp-json\/wp\/v2\/product"}],"about":[{"href":"https:\/\/www.ogrodolszanica.pl\/index.php\/wp-json\/wp\/v2\/types\/product"}],"replies":[{"embeddable":true,"href":"https:\/\/www.ogrodolszanica.pl\/index.php\/wp-json\/wp\/v2\/comments?post=4044"}],"wp:featuredmedia":[{"embeddable":true,"href":"https:\/\/www.ogrodolszanica.pl\/index.php\/wp-json\/wp\/v2\/media\/4047"}],"wp:attachment":[{"href":"https:\/\/www.ogrodolszanica.pl\/index.php\/wp-json\/wp\/v2\/media?parent=4044"}],"wp:term":[{"taxonomy":"product_cat","embeddable":true,"href":"https:\/\/www.ogrodolszanica.pl\/index.php\/wp-json\/wp\/v2\/product_cat?post=4044"},{"taxonomy":"product_tag","embeddable":true,"href":"https:\/\/www.ogrodolszanica.pl\/index.php\/wp-json\/wp\/v2\/product_tag?post=4044"}],"curies":[{"name":"wp","href":"https:\/\/api.w.org\/{rel}","templated":true}]}}