{"id":4019,"date":"2026-03-04T20:01:49","date_gmt":"2026-03-04T20:01:49","guid":{"rendered":"https:\/\/www.ogrodolszanica.pl\/?post_type=product&#038;p=4019"},"modified":"2026-03-04T20:01:49","modified_gmt":"2026-03-04T20:01:49","slug":"buty-gumowo-filcowe-rozmiar-40","status":"publish","type":"product","link":"https:\/\/www.ogrodolszanica.pl\/index.php\/produkt\/buty-gumowo-filcowe-rozmiar-40\/","title":{"rendered":"Buty gumowo-filcowe rozmiar 40"},"content":{"rendered":"<div class=\"mpof_ki myre_zn myre_8v_l m389_6m_l\">\n<div class=\"mp4t_16_s mryx_16_s mr3m_1 mli2_1 mh85_56 mh85_0_l\">\n<div class=\"mgn2_16 _0d3bd_am0a-\">\n<h1>Buty gumowo-filcowe rozmiar 40<\/h1>\n<\/div>\n<\/div>\n<\/div>\n<div class=\"mpof_ki myre_zn myre_8v_l m389_6m_l\">\n<div class=\"mp4t_16_s mryx_16_s mr3m_1 mli2_1 mh85_56 mh85_0_l\">\n<div class=\"mg9e_8 mj7a_8 mg9e_0_s mvrt_0_s mj7a_0_s mh36_0_s mzmg_6m munh_16_l m3h2_16_l\">\n<div class=\"mp4t_0 mryx_0 munh_56 m3h2_56\">\n<div class=\"mp7g_oh\"><button class=\"mg9e_0 mvrt_0 mj7a_0 mh36_0 mp4t_0 m3h2_0 mryx_0 munh_0 mqen_m6 mpof_z0 mx7m_0 m7er_k4 mse2_k4 msts_pt\" data-analytics-interaction=\"true\" data-analytics-interaction-label=\"zoomable-image-open\" aria-disabled=\"true\"><img decoding=\"async\" class=\"msub_k4 mupj_5k mjru_k4 mse2_k4 mp7g_f6 mq1m_0 mj7u_0 m7er_k4 mqen_m6 m31c_d8 m0ux_fp lazyloaded\" src=\"https:\/\/a.allegroimg.com\/original\/11beb7\/b5cf2f234de18a3ab19cbfb6de07\/Buty-gumowo-filcowe-rozmiar-40-gumiaki-kalosze\" sizes=\"(min-width: 1200px) 560px, (min-width: 992px) 50vw, 100vw\" srcset=\"https:\/\/a.allegroimg.com\/s360\/11beb7\/b5cf2f234de18a3ab19cbfb6de07\/Buty-gumowo-filcowe-rozmiar-40-gumiaki-kalosze 270w,https:\/\/a.allegroimg.com\/s720\/11beb7\/b5cf2f234de18a3ab19cbfb6de07\/Buty-gumowo-filcowe-rozmiar-40-gumiaki-kalosze 541w,https:\/\/a.allegroimg.com\/s1024\/11beb7\/b5cf2f234de18a3ab19cbfb6de07\/Buty-gumowo-filcowe-rozmiar-40-gumiaki-kalosze 770w,https:\/\/a.allegroimg.com\/s1440\/11beb7\/b5cf2f234de18a3ab19cbfb6de07\/Buty-gumowo-filcowe-rozmiar-40-gumiaki-kalosze 1083w,https:\/\/a.allegroimg.com\/original\/11beb7\/b5cf2f234de18a3ab19cbfb6de07\/Buty-gumowo-filcowe-rozmiar-40-gumiaki-kalosze 1927w\" alt=\"Buty gumowo-filcowe rozmiar 40 gumiaki kalosze\" width=\"1927px\" data-srcset=\"\" \/><\/button><\/div>\n<\/div>\n<\/div>\n<\/div>\n<div class=\"mp4t_16_s mryx_16_s mr3m_1 mli2_1 mh85_56 mh85_0_l\">\n<div class=\"mgn2_16 _0d3bd_am0a-\">\n<p>Uniwersalne i trwa\u0142e buty gumowo-filcowe charakteryzuj\u0105 si\u0119 wygod\u0105 u\u017cytkowania. Znajd\u0105 zastosowanie podczas prac rolnych czy w ogrodzie. Poniewa\u017c zosta\u0142y wykonane z gumy i filcu, s\u0105 \u0142atwe w utrzymaniu czysto\u015bci. Obuwie jest dodatkowo ocieplone, co sprawia, \u017ce mo\u017ce by\u0107 u\u017cytkowane przez ca\u0142y rok. Bie\u017cnikowana podeszwa zapewnia dobr\u0105 przyczepno\u015b\u0107.<\/p>\n<ul>\n<li>antypo\u015blizgowa podeszwa<\/li>\n<li>\u0142atwy do utrzymania w czysto\u015bci<\/li>\n<li>do u\u017cytkowania przez ca\u0142y rok<\/li>\n<\/ul>\n<h2>Parametry logistyczne<\/h2>\n<ul>\n<li><b>D\u0142ugo\u015b\u0107 opakowania<\/b>: 28 cm<\/li>\n<li><b>Waga brutto<\/b>: 1.3 kg<\/li>\n<li><b>Rozmiar obuwia<\/b>: 40<\/li>\n<\/ul>\n<h2>Parametry techniczne i u\u017cytkowe<\/h2>\n<ul>\n<li><b>Obszary zastosowania<\/b>: ogr\u00f3d, rolnictwo, prace gospodarcze<\/li>\n<\/ul>\n<h2>Parametry indywidualne<\/h2>\n<ul>\n<li><b>EAN<\/b>: 5905620026582<\/li>\n<\/ul>\n<h2>Parametry fizyczne i wizualne<\/h2>\n<ul>\n<li><b>Materia\u0142 cholewki<\/b>: PCV<\/li>\n<li><b>Materia\u0142 podeszwy<\/b>: PCV<\/li>\n<li><b>Materia\u0142 wk\u0142adki<\/b>: filc<\/li>\n<li><b>Kolor producenta<\/b>: czarny<\/li>\n<\/ul>\n<\/div>\n<\/div>\n<\/div>\n<div class=\"mpof_ki myre_zn myre_8v_l m389_6m_l\">\n<div class=\"mp4t_16_s mryx_16_s mr3m_1 mli2_1 mh85_56 mh85_0_l\">\n<div class=\"mg9e_8 mj7a_8 mg9e_0_s mvrt_0_s mj7a_0_s mh36_0_s mzmg_6m munh_16_l m3h2_16_l\">\n<div class=\"mp4t_0 mryx_0 munh_56 m3h2_56\">\n<div class=\"mp7g_oh\"><button class=\"mg9e_0 mvrt_0 mj7a_0 mh36_0 mp4t_0 m3h2_0 mryx_0 munh_0 mqen_m6 mpof_z0 mx7m_0 m7er_k4 mse2_k4 msts_pt\" data-analytics-interaction=\"true\" data-analytics-interaction-label=\"zoomable-image-open\" aria-disabled=\"true\"><img decoding=\"async\" class=\"msub_k4 mupj_5k mjru_k4 mse2_k4 mp7g_f6 mq1m_0 mj7u_0 m7er_k4 mqen_m6 m31c_d8 m0ux_fp lazyloaded\" src=\"https:\/\/a.allegroimg.com\/original\/117c8b\/c46c081b44e5bdbdb09bdf0bbc05\/Buty-gumowo-filcowe-rozmiar-40-gumiaki-kalosze-Stan-opakowania-oryginalne\" sizes=\"(min-width: 1200px) 560px, (min-width: 992px) 50vw, 100vw\" srcset=\"https:\/\/a.allegroimg.com\/s360\/117c8b\/c46c081b44e5bdbdb09bdf0bbc05\/Buty-gumowo-filcowe-rozmiar-40-gumiaki-kalosze-Stan-opakowania-oryginalne 270w,https:\/\/a.allegroimg.com\/s720\/117c8b\/c46c081b44e5bdbdb09bdf0bbc05\/Buty-gumowo-filcowe-rozmiar-40-gumiaki-kalosze-Stan-opakowania-oryginalne 541w,https:\/\/a.allegroimg.com\/s1024\/117c8b\/c46c081b44e5bdbdb09bdf0bbc05\/Buty-gumowo-filcowe-rozmiar-40-gumiaki-kalosze-Stan-opakowania-oryginalne 770w,https:\/\/a.allegroimg.com\/s1440\/117c8b\/c46c081b44e5bdbdb09bdf0bbc05\/Buty-gumowo-filcowe-rozmiar-40-gumiaki-kalosze-Stan-opakowania-oryginalne 1083w,https:\/\/a.allegroimg.com\/original\/117c8b\/c46c081b44e5bdbdb09bdf0bbc05\/Buty-gumowo-filcowe-rozmiar-40-gumiaki-kalosze-Stan-opakowania-oryginalne 1927w\" alt=\"Buty gumowo-filcowe rozmiar 40 gumiaki kalosze Stan opakowania oryginalne\" width=\"1927px\" data-srcset=\"\" \/><\/button><\/div>\n<\/div>\n<\/div>\n<\/div>\n<div class=\"mp4t_16_s mryx_16_s mr3m_1 mli2_1 mh85_56 mh85_0_l\">\n<div class=\"mg9e_8 mj7a_8 mg9e_0_s mvrt_0_s mj7a_0_s mh36_0_s mzmg_6m munh_16_l m3h2_16_l\">\n<div class=\"mp4t_0 mryx_0 munh_56 m3h2_56\">\n<div class=\"mp7g_oh\"><button class=\"mg9e_0 mvrt_0 mj7a_0 mh36_0 mp4t_0 m3h2_0 mryx_0 munh_0 mqen_m6 mpof_z0 mx7m_0 m7er_k4 mse2_k4 msts_pt\" data-analytics-interaction=\"true\" data-analytics-interaction-label=\"zoomable-image-open\" aria-disabled=\"true\"><img decoding=\"async\" class=\"msub_k4 mupj_5k mjru_k4 mse2_k4 mp7g_f6 mq1m_0 mj7u_0 m7er_k4 mqen_m6 m31c_d8 m0ux_fp lazyloaded\" src=\"https:\/\/a.allegroimg.com\/original\/116cc7\/b57c16244cbcad73838a4c9d8623\/Buty-gumowo-filcowe-rozmiar-40-gumiaki-kalosze-Kod-producenta-45252354\" sizes=\"(min-width: 1200px) 560px, (min-width: 992px) 50vw, 100vw\" srcset=\"https:\/\/a.allegroimg.com\/s360\/116cc7\/b57c16244cbcad73838a4c9d8623\/Buty-gumowo-filcowe-rozmiar-40-gumiaki-kalosze-Kod-producenta-45252354 270w,https:\/\/a.allegroimg.com\/s720\/116cc7\/b57c16244cbcad73838a4c9d8623\/Buty-gumowo-filcowe-rozmiar-40-gumiaki-kalosze-Kod-producenta-45252354 541w,https:\/\/a.allegroimg.com\/s1024\/116cc7\/b57c16244cbcad73838a4c9d8623\/Buty-gumowo-filcowe-rozmiar-40-gumiaki-kalosze-Kod-producenta-45252354 770w,https:\/\/a.allegroimg.com\/s1440\/116cc7\/b57c16244cbcad73838a4c9d8623\/Buty-gumowo-filcowe-rozmiar-40-gumiaki-kalosze-Kod-producenta-45252354 1083w,https:\/\/a.allegroimg.com\/original\/116cc7\/b57c16244cbcad73838a4c9d8623\/Buty-gumowo-filcowe-rozmiar-40-gumiaki-kalosze-Kod-producenta-45252354 1927w\" alt=\"Buty gumowo-filcowe rozmiar 40 gumiaki kalosze Kod producenta 45252354\" width=\"1927px\" data-srcset=\"\" \/><\/button><\/div>\n<\/div>\n<\/div>\n<\/div>\n<\/div>\n<div class=\"mpof_ki myre_zn myre_8v_l m389_6m_l\">\n<div class=\"mp4t_16_s mryx_16_s mr3m_1 mli2_1 mh85_56 mh85_0_l\">\n<div class=\"mg9e_8 mj7a_8 mg9e_0_s mvrt_0_s mj7a_0_s mh36_0_s mzmg_6m munh_16_l m3h2_16_l\">\n<div class=\"mp4t_0 mryx_0 munh_56 m3h2_56\">\n<div class=\"mp7g_oh\"><button class=\"mg9e_0 mvrt_0 mj7a_0 mh36_0 mp4t_0 m3h2_0 mryx_0 munh_0 mqen_m6 mpof_z0 mx7m_0 m7er_k4 mse2_k4 msts_pt\" data-analytics-interaction=\"true\" data-analytics-interaction-label=\"zoomable-image-open\" aria-disabled=\"true\"><img decoding=\"async\" class=\"msub_k4 mupj_5k mjru_k4 mse2_k4 mp7g_f6 mq1m_0 mj7u_0 m7er_k4 mqen_m6 m31c_d8 m0ux_fp lazyloaded\" src=\"https:\/\/a.allegroimg.com\/original\/113cb2\/dfd66f864def85b8e438368eb5ec\/Buty-gumowo-filcowe-rozmiar-40-gumiaki-kalosze-Marka-bez-marki\" sizes=\"100vw\" srcset=\"https:\/\/a.allegroimg.com\/s360\/113cb2\/dfd66f864def85b8e438368eb5ec\/Buty-gumowo-filcowe-rozmiar-40-gumiaki-kalosze-Marka-bez-marki 360w,https:\/\/a.allegroimg.com\/s720\/113cb2\/dfd66f864def85b8e438368eb5ec\/Buty-gumowo-filcowe-rozmiar-40-gumiaki-kalosze-Marka-bez-marki 720w,https:\/\/a.allegroimg.com\/s1024\/113cb2\/dfd66f864def85b8e438368eb5ec\/Buty-gumowo-filcowe-rozmiar-40-gumiaki-kalosze-Marka-bez-marki 1024w,https:\/\/a.allegroimg.com\/s1440\/113cb2\/dfd66f864def85b8e438368eb5ec\/Buty-gumowo-filcowe-rozmiar-40-gumiaki-kalosze-Marka-bez-marki 1440w,https:\/\/a.allegroimg.com\/original\/113cb2\/dfd66f864def85b8e438368eb5ec\/Buty-gumowo-filcowe-rozmiar-40-gumiaki-kalosze-Marka-bez-marki 2560w\" alt=\"Buty gumowo-filcowe rozmiar 40 gumiaki kalosze Marka bez marki\" width=\"2560px\" data-srcset=\"\" \/><\/button><\/div>\n<\/div>\n<\/div>\n<\/div>\n<\/div>\n","protected":false},"excerpt":{"rendered":"<p>Buty gumowo-filcowe rozmiar 40 Uniwersalne i trwa\u0142e buty gumowo-filcowe charakteryzuj\u0105 si\u0119 wygod\u0105 u\u017cytkowania. Znajd\u0105 zastosowanie podczas prac rolnych czy w ogrodzie. Poniewa\u017c zosta\u0142y wykonane z gumy i filcu, s\u0105 \u0142atwe w utrzymaniu czysto\u015bci. Obuwie jest dodatkowo ocieplone, co sprawia, \u017ce mo\u017ce by\u0107 u\u017cytkowane przez ca\u0142y rok. Bie\u017cnikowana podeszwa zapewnia dobr\u0105 przyczepno\u015b\u0107. antypo\u015blizgowa podeszwa \u0142atwy do &hellip;<\/p>\n<p class=\"read-more\"> <a class=\"\" href=\"https:\/\/www.ogrodolszanica.pl\/index.php\/produkt\/buty-gumowo-filcowe-rozmiar-40\/\"> <span class=\"screen-reader-text\">Buty gumowo-filcowe rozmiar 40<\/span> Read More &raquo;<\/a><\/p>\n","protected":false},"featured_media":4022,"comment_status":"open","ping_status":"closed","template":"","meta":{"site-sidebar-layout":"default","site-content-layout":"default","ast-global-header-display":"","ast-main-header-display":"","ast-hfb-above-header-display":"","ast-hfb-below-header-display":"","ast-hfb-mobile-header-display":"","site-post-title":"","ast-breadcrumbs-content":"","ast-featured-img":"","footer-sml-layout":"","theme-transparent-header-meta":"default","adv-header-id-meta":"","stick-header-meta":"","header-above-stick-meta":"","header-main-stick-meta":"","header-below-stick-meta":"","spay_email":""},"product_cat":[50],"product_tag":[],"class_list":["post-4019","product","type-product","status-publish","has-post-thumbnail","hentry","product_cat-gumowce"],"yoast_head":"<!-- This site is optimized with the Yoast SEO plugin v19.2 - https:\/\/yoast.com\/wordpress\/plugins\/seo\/ -->\n<title>Buty gumowo-filcowe rozmiar 40 - Ogr&oacute;d Olszanica<\/title>\n<meta name=\"robots\" content=\"index, follow, max-snippet:-1, max-image-preview:large, max-video-preview:-1\" \/>\n<link rel=\"canonical\" href=\"https:\/\/www.ogrodolszanica.pl\/index.php\/produkt\/buty-gumowo-filcowe-rozmiar-40\/\" \/>\n<meta property=\"og:locale\" content=\"pl_PL\" \/>\n<meta property=\"og:type\" content=\"article\" \/>\n<meta property=\"og:title\" content=\"Buty gumowo-filcowe rozmiar 40 - Ogr&oacute;d Olszanica\" \/>\n<meta property=\"og:description\" content=\"Buty gumowo-filcowe rozmiar 40 Uniwersalne i trwa\u0142e buty gumowo-filcowe charakteryzuj\u0105 si\u0119 wygod\u0105 u\u017cytkowania. Znajd\u0105 zastosowanie podczas prac rolnych czy w ogrodzie. Poniewa\u017c zosta\u0142y wykonane z gumy i filcu, s\u0105 \u0142atwe w utrzymaniu czysto\u015bci. Obuwie jest dodatkowo ocieplone, co sprawia, \u017ce mo\u017ce by\u0107 u\u017cytkowane przez ca\u0142y rok. Bie\u017cnikowana podeszwa zapewnia dobr\u0105 przyczepno\u015b\u0107. antypo\u015blizgowa podeszwa \u0142atwy do &hellip; Buty gumowo-filcowe rozmiar 40 Read More &raquo;\" \/>\n<meta property=\"og:url\" content=\"https:\/\/www.ogrodolszanica.pl\/index.php\/produkt\/buty-gumowo-filcowe-rozmiar-40\/\" \/>\n<meta property=\"og:site_name\" content=\"Ogr&oacute;d Olszanica\" \/>\n<meta property=\"article:publisher\" content=\"https:\/\/www.facebook.com\/Ogrd-Olszanica-100807179225223\" \/>\n<meta property=\"og:image\" content=\"https:\/\/www.ogrodolszanica.pl\/wp-content\/uploads\/2026\/03\/IMG20260303164523-scaled.jpg\" \/>\n\t<meta property=\"og:image:width\" content=\"1928\" \/>\n\t<meta property=\"og:image:height\" content=\"2560\" \/>\n\t<meta property=\"og:image:type\" content=\"image\/jpeg\" \/>\n<meta name=\"author\" content=\"admin\" \/>\n<meta name=\"twitter:card\" content=\"summary_large_image\" \/>\n<meta name=\"twitter:label1\" content=\"Szacowany czas czytania\" \/>\n\t<meta name=\"twitter:data1\" content=\"1 minuta\" \/>\n<script type=\"application\/ld+json\" class=\"yoast-schema-graph\">{\"@context\":\"https:\/\/schema.org\",\"@graph\":[{\"@type\":\"Organization\",\"@id\":\"https:\/\/www.ogrodolszanica.pl\/#organization\",\"name\":\"Ogr\u00f3d Olszanica - Krakowskie Centrum Ogrodnicze\",\"url\":\"https:\/\/www.ogrodolszanica.pl\/\",\"sameAs\":[\"https:\/\/www.facebook.com\/Ogrd-Olszanica-100807179225223\"],\"logo\":{\"@type\":\"ImageObject\",\"inLanguage\":\"pl-PL\",\"@id\":\"https:\/\/www.ogrodolszanica.pl\/#\/schema\/logo\/image\/\",\"url\":\"http:\/\/www.ogrodolszanica.pl\/wp-content\/uploads\/2022\/06\/Ogrod-Olszanica1-1.png\",\"contentUrl\":\"http:\/\/www.ogrodolszanica.pl\/wp-content\/uploads\/2022\/06\/Ogrod-Olszanica1-1.png\",\"width\":180,\"height\":60,\"caption\":\"Ogr\u00f3d Olszanica - Krakowskie Centrum Ogrodnicze\"},\"image\":{\"@id\":\"https:\/\/www.ogrodolszanica.pl\/#\/schema\/logo\/image\/\"}},{\"@type\":\"WebSite\",\"@id\":\"https:\/\/www.ogrodolszanica.pl\/#website\",\"url\":\"https:\/\/www.ogrodolszanica.pl\/\",\"name\":\"Ogr&oacute;d Olszanica\",\"description\":\"Centrum Ogrodnicze Krak&oacute;w\",\"publisher\":{\"@id\":\"https:\/\/www.ogrodolszanica.pl\/#organization\"},\"potentialAction\":[{\"@type\":\"SearchAction\",\"target\":{\"@type\":\"EntryPoint\",\"urlTemplate\":\"https:\/\/www.ogrodolszanica.pl\/?s={search_term_string}\"},\"query-input\":\"required name=search_term_string\"}],\"inLanguage\":\"pl-PL\"},{\"@type\":\"ImageObject\",\"inLanguage\":\"pl-PL\",\"@id\":\"https:\/\/www.ogrodolszanica.pl\/index.php\/produkt\/buty-gumowo-filcowe-rozmiar-40\/#primaryimage\",\"url\":\"https:\/\/i0.wp.com\/www.ogrodolszanica.pl\/wp-content\/uploads\/2026\/03\/IMG20260303164523-scaled.jpg?fit=1928%2C2560&ssl=1\",\"contentUrl\":\"https:\/\/i0.wp.com\/www.ogrodolszanica.pl\/wp-content\/uploads\/2026\/03\/IMG20260303164523-scaled.jpg?fit=1928%2C2560&ssl=1\",\"width\":1928,\"height\":2560},{\"@type\":\"WebPage\",\"@id\":\"https:\/\/www.ogrodolszanica.pl\/index.php\/produkt\/buty-gumowo-filcowe-rozmiar-40\/#webpage\",\"url\":\"https:\/\/www.ogrodolszanica.pl\/index.php\/produkt\/buty-gumowo-filcowe-rozmiar-40\/\",\"name\":\"Buty gumowo-filcowe rozmiar 40 - Ogr&oacute;d Olszanica\",\"isPartOf\":{\"@id\":\"https:\/\/www.ogrodolszanica.pl\/#website\"},\"primaryImageOfPage\":{\"@id\":\"https:\/\/www.ogrodolszanica.pl\/index.php\/produkt\/buty-gumowo-filcowe-rozmiar-40\/#primaryimage\"},\"datePublished\":\"2026-03-04T20:01:49+00:00\",\"dateModified\":\"2026-03-04T20:01:49+00:00\",\"breadcrumb\":{\"@id\":\"https:\/\/www.ogrodolszanica.pl\/index.php\/produkt\/buty-gumowo-filcowe-rozmiar-40\/#breadcrumb\"},\"inLanguage\":\"pl-PL\",\"potentialAction\":[{\"@type\":\"ReadAction\",\"target\":[\"https:\/\/www.ogrodolszanica.pl\/index.php\/produkt\/buty-gumowo-filcowe-rozmiar-40\/\"]}]},{\"@type\":\"BreadcrumbList\",\"@id\":\"https:\/\/www.ogrodolszanica.pl\/index.php\/produkt\/buty-gumowo-filcowe-rozmiar-40\/#breadcrumb\",\"itemListElement\":[{\"@type\":\"ListItem\",\"position\":1,\"name\":\"Strona g\u0142\u00f3wna\",\"item\":\"https:\/\/www.ogrodolszanica.pl\/\"},{\"@type\":\"ListItem\",\"position\":2,\"name\":\"Produkty\",\"item\":\"https:\/\/www.ogrodolszanica.pl\/index.php\/shop\/\"},{\"@type\":\"ListItem\",\"position\":3,\"name\":\"Buty gumowo-filcowe rozmiar 40\"}]}]}<\/script>\n<!-- \/ Yoast SEO plugin. -->","yoast_head_json":{"title":"Buty gumowo-filcowe rozmiar 40 - Ogr&oacute;d Olszanica","robots":{"index":"index","follow":"follow","max-snippet":"max-snippet:-1","max-image-preview":"max-image-preview:large","max-video-preview":"max-video-preview:-1"},"canonical":"https:\/\/www.ogrodolszanica.pl\/index.php\/produkt\/buty-gumowo-filcowe-rozmiar-40\/","og_locale":"pl_PL","og_type":"article","og_title":"Buty gumowo-filcowe rozmiar 40 - Ogr&oacute;d Olszanica","og_description":"Buty gumowo-filcowe rozmiar 40 Uniwersalne i trwa\u0142e buty gumowo-filcowe charakteryzuj\u0105 si\u0119 wygod\u0105 u\u017cytkowania. Znajd\u0105 zastosowanie podczas prac rolnych czy w ogrodzie. Poniewa\u017c zosta\u0142y wykonane z gumy i filcu, s\u0105 \u0142atwe w utrzymaniu czysto\u015bci. Obuwie jest dodatkowo ocieplone, co sprawia, \u017ce mo\u017ce by\u0107 u\u017cytkowane przez ca\u0142y rok. Bie\u017cnikowana podeszwa zapewnia dobr\u0105 przyczepno\u015b\u0107. antypo\u015blizgowa podeszwa \u0142atwy do &hellip; Buty gumowo-filcowe rozmiar 40 Read More &raquo;","og_url":"https:\/\/www.ogrodolszanica.pl\/index.php\/produkt\/buty-gumowo-filcowe-rozmiar-40\/","og_site_name":"Ogr&oacute;d Olszanica","article_publisher":"https:\/\/www.facebook.com\/Ogrd-Olszanica-100807179225223","og_image":[{"width":1928,"height":2560,"url":"https:\/\/www.ogrodolszanica.pl\/wp-content\/uploads\/2026\/03\/IMG20260303164523-scaled.jpg","type":"image\/jpeg"}],"author":"admin","twitter_card":"summary_large_image","twitter_misc":{"Szacowany czas czytania":"1 minuta"},"schema":{"@context":"https:\/\/schema.org","@graph":[{"@type":"Organization","@id":"https:\/\/www.ogrodolszanica.pl\/#organization","name":"Ogr\u00f3d Olszanica - Krakowskie Centrum Ogrodnicze","url":"https:\/\/www.ogrodolszanica.pl\/","sameAs":["https:\/\/www.facebook.com\/Ogrd-Olszanica-100807179225223"],"logo":{"@type":"ImageObject","inLanguage":"pl-PL","@id":"https:\/\/www.ogrodolszanica.pl\/#\/schema\/logo\/image\/","url":"http:\/\/www.ogrodolszanica.pl\/wp-content\/uploads\/2022\/06\/Ogrod-Olszanica1-1.png","contentUrl":"http:\/\/www.ogrodolszanica.pl\/wp-content\/uploads\/2022\/06\/Ogrod-Olszanica1-1.png","width":180,"height":60,"caption":"Ogr\u00f3d Olszanica - Krakowskie Centrum Ogrodnicze"},"image":{"@id":"https:\/\/www.ogrodolszanica.pl\/#\/schema\/logo\/image\/"}},{"@type":"WebSite","@id":"https:\/\/www.ogrodolszanica.pl\/#website","url":"https:\/\/www.ogrodolszanica.pl\/","name":"Ogr&oacute;d Olszanica","description":"Centrum Ogrodnicze Krak&oacute;w","publisher":{"@id":"https:\/\/www.ogrodolszanica.pl\/#organization"},"potentialAction":[{"@type":"SearchAction","target":{"@type":"EntryPoint","urlTemplate":"https:\/\/www.ogrodolszanica.pl\/?s={search_term_string}"},"query-input":"required name=search_term_string"}],"inLanguage":"pl-PL"},{"@type":"ImageObject","inLanguage":"pl-PL","@id":"https:\/\/www.ogrodolszanica.pl\/index.php\/produkt\/buty-gumowo-filcowe-rozmiar-40\/#primaryimage","url":"https:\/\/i0.wp.com\/www.ogrodolszanica.pl\/wp-content\/uploads\/2026\/03\/IMG20260303164523-scaled.jpg?fit=1928%2C2560&ssl=1","contentUrl":"https:\/\/i0.wp.com\/www.ogrodolszanica.pl\/wp-content\/uploads\/2026\/03\/IMG20260303164523-scaled.jpg?fit=1928%2C2560&ssl=1","width":1928,"height":2560},{"@type":"WebPage","@id":"https:\/\/www.ogrodolszanica.pl\/index.php\/produkt\/buty-gumowo-filcowe-rozmiar-40\/#webpage","url":"https:\/\/www.ogrodolszanica.pl\/index.php\/produkt\/buty-gumowo-filcowe-rozmiar-40\/","name":"Buty gumowo-filcowe rozmiar 40 - Ogr&oacute;d Olszanica","isPartOf":{"@id":"https:\/\/www.ogrodolszanica.pl\/#website"},"primaryImageOfPage":{"@id":"https:\/\/www.ogrodolszanica.pl\/index.php\/produkt\/buty-gumowo-filcowe-rozmiar-40\/#primaryimage"},"datePublished":"2026-03-04T20:01:49+00:00","dateModified":"2026-03-04T20:01:49+00:00","breadcrumb":{"@id":"https:\/\/www.ogrodolszanica.pl\/index.php\/produkt\/buty-gumowo-filcowe-rozmiar-40\/#breadcrumb"},"inLanguage":"pl-PL","potentialAction":[{"@type":"ReadAction","target":["https:\/\/www.ogrodolszanica.pl\/index.php\/produkt\/buty-gumowo-filcowe-rozmiar-40\/"]}]},{"@type":"BreadcrumbList","@id":"https:\/\/www.ogrodolszanica.pl\/index.php\/produkt\/buty-gumowo-filcowe-rozmiar-40\/#breadcrumb","itemListElement":[{"@type":"ListItem","position":1,"name":"Strona g\u0142\u00f3wna","item":"https:\/\/www.ogrodolszanica.pl\/"},{"@type":"ListItem","position":2,"name":"Produkty","item":"https:\/\/www.ogrodolszanica.pl\/index.php\/shop\/"},{"@type":"ListItem","position":3,"name":"Buty gumowo-filcowe rozmiar 40"}]}]}},"jetpack-related-posts":[{"id":4024,"url":"https:\/\/www.ogrodolszanica.pl\/index.php\/produkt\/buty-gumowo-filcowe-rozmiar-41\/","url_meta":{"origin":4019,"position":0},"title":"Buty gumowo-filcowe rozmiar 41","date":"4 marca, 2026","format":false,"excerpt":"Buty gumowo-filcowe rozmiar 41 Buty gumowo-filcowe to niezb\u0119dny element w garderobie ka\u017cdej osoby pracuj\u0105cej w ogrodzie czy na roli. Obuwie w kolorze czarnym jest praktyczne, nie wida\u0107 na nim zabrudze\u0144. Wykorzystane w produkcji materia\u0142y \u2013 filc oraz PVC \u2013 sprawiaj\u0105, \u017ce buty s\u0105 wygodne, a przy tym odporne na wilgo\u0107.\u2026","rel":"","context":"Similar post","img":{"alt_text":"","src":"https:\/\/i0.wp.com\/www.ogrodolszanica.pl\/wp-content\/uploads\/2026\/03\/IMG20260303164523-scaled.jpg?fit=904%2C1200&ssl=1&resize=350%2C200","width":350,"height":200},"classes":[]},{"id":4026,"url":"https:\/\/www.ogrodolszanica.pl\/index.php\/produkt\/buty-gumowo-filcowe-rozmiar-43\/","url_meta":{"origin":4019,"position":1},"title":"Buty gumowo-filcowe rozmiar 43","date":"4 marca, 2026","format":false,"excerpt":"Buty gumowo-filcowe rozmiar 43 Buty gumowo-filcowe sprawdz\u0105 si\u0119 podczas zaj\u0119\u0107 w ogrodzie, grzybobrania w lesie czy ca\u0142odziennej pracy w polu. Zewn\u0119trzna warstwa w kolorze czarnym wykonana jest z wytrzyma\u0142ego PVC. Wn\u0119trze, dzi\u0119ki filcowi, pozostaje wygodne i ciep\u0142e. Buty, z uwagi na ich budow\u0119 oraz antypo\u015blizgow\u0105 podeszw\u0119, mo\u017cesz u\u017cytkowa\u0107 praktycznie przez\u2026","rel":"","context":"Similar post","img":{"alt_text":"","src":"https:\/\/i0.wp.com\/www.ogrodolszanica.pl\/wp-content\/uploads\/2026\/03\/IMG20260303164523-scaled.jpg?fit=904%2C1200&ssl=1&resize=350%2C200","width":350,"height":200},"classes":[]},{"id":4025,"url":"https:\/\/www.ogrodolszanica.pl\/index.php\/produkt\/buty-gumowo-filcowe-rozmiar-42\/","url_meta":{"origin":4019,"position":2},"title":"Buty gumowo-filcowe rozmiar 42","date":"4 marca, 2026","format":false,"excerpt":"Buty gumowo-filcowe rozmiar 42 Buty gumowo-filcowe to niezb\u0119dny element w garderobie ka\u017cdej osoby pracuj\u0105cej w ogrodzie czy na roli. Obuwie w kolorze czarnym jest praktyczne, nie wida\u0107 na nim zabrudze\u0144. Wykorzystane w produkcji materia\u0142y \u2013 filc oraz PVC \u2013 sprawiaj\u0105, \u017ce buty s\u0105 wygodne, a przy tym odporne na wilgo\u0107.\u2026","rel":"","context":"Similar post","img":{"alt_text":"","src":"https:\/\/i0.wp.com\/www.ogrodolszanica.pl\/wp-content\/uploads\/2026\/03\/IMG20260303164523-scaled.jpg?fit=904%2C1200&ssl=1&resize=350%2C200","width":350,"height":200},"classes":[]},{"id":4028,"url":"https:\/\/www.ogrodolszanica.pl\/index.php\/produkt\/buty-gumowo-filcowe-rozmiar-45\/","url_meta":{"origin":4019,"position":3},"title":"Buty gumowo-filcowe rozmiar 45","date":"4 marca, 2026","format":false,"excerpt":"Buty gumowo-filcowe rozmiar 45 Buty gumowo-filcowe to niezb\u0119dny element w garderobie ka\u017cdej osoby pracuj\u0105cej w ogrodzie czy na roli. Obuwie w kolorze czarnym jest praktyczne, nie wida\u0107 na nim zabrudze\u0144. Wykorzystane w produkcji materia\u0142y \u2013 filc oraz PVC \u2013 sprawiaj\u0105, \u017ce buty s\u0105 wygodne, a przy tym odporne na wilgo\u0107.\u2026","rel":"","context":"Similar post","img":{"alt_text":"","src":"https:\/\/i0.wp.com\/www.ogrodolszanica.pl\/wp-content\/uploads\/2026\/03\/IMG20260303164523-scaled.jpg?fit=904%2C1200&ssl=1&resize=350%2C200","width":350,"height":200},"classes":[]},{"id":4027,"url":"https:\/\/www.ogrodolszanica.pl\/index.php\/produkt\/buty-gumowo-filcowe-rozmiar-44\/","url_meta":{"origin":4019,"position":4},"title":"Buty gumowo-filcowe rozmiar 44","date":"4 marca, 2026","format":false,"excerpt":"Buty gumowo-filcowe rozmiar 44 Buty gumowo-filcowe to niezb\u0119dny element w garderobie ka\u017cdej osoby pracuj\u0105cej w ogrodzie czy na roli. Obuwie w kolorze czarnym jest praktyczne, nie wida\u0107 na nim zabrudze\u0144. Wykorzystane w produkcji materia\u0142y \u2013 filc oraz PVC \u2013 sprawiaj\u0105, \u017ce buty s\u0105 wygodne, a przy tym odporne na wilgo\u0107.\u2026","rel":"","context":"Similar post","img":{"alt_text":"","src":"https:\/\/i0.wp.com\/www.ogrodolszanica.pl\/wp-content\/uploads\/2026\/03\/IMG20260303164523-scaled.jpg?fit=904%2C1200&ssl=1&resize=350%2C200","width":350,"height":200},"classes":[]},{"id":4037,"url":"https:\/\/www.ogrodolszanica.pl\/index.php\/produkt\/kalosze-meskie-wysokie-rozmiar-41\/","url_meta":{"origin":4019,"position":5},"title":"Kalosze m\u0119skie wysokie rozmiar 41","date":"4 marca, 2026","format":false,"excerpt":"Kalosze m\u0119skie Wellington czarne 41 \u2705 Buty z tworzywa sztucznego PVC sprawdz\u0105 si\u0119 do chodzenia po grz\u0105skim, podmok\u0142ym gruncie. \u2705 Wysokiej jako\u015bci materia\u0142 PVC \u2705 Wodoodporne \u2705 Komfortowe \u2705 Prosty, uniwersalny wz\u00f3r \u2705 \u0141atwe czyszczenie \u2705 Produkt polski \u25b6\ufe0f\u00a0Typ produktu:\u00a0Kalosze \u25b6\ufe0f\u00a0Rodzaj opakowania:\u00a0Para \u25b6\ufe0f\u00a0Kolor:\u00a0Czarny \u25b6\ufe0f\u00a0Rozmiar obuwia (EU):\u00a041 \u25b6\ufe0f\u00a0Rozmiar obuwia:\u00a07 \u25b6\ufe0f\u00a0Dopasowanie obuwia:\u00a0Standardowy\u2026","rel":"","context":"Similar post","img":{"alt_text":"","src":"https:\/\/i0.wp.com\/www.ogrodolszanica.pl\/wp-content\/uploads\/2026\/03\/IMG20260303164344-scaled.jpg?fit=904%2C1200&ssl=1&resize=350%2C200","width":350,"height":200},"classes":[]}],"_links":{"self":[{"href":"https:\/\/www.ogrodolszanica.pl\/index.php\/wp-json\/wp\/v2\/product\/4019","targetHints":{"allow":["GET"]}}],"collection":[{"href":"https:\/\/www.ogrodolszanica.pl\/index.php\/wp-json\/wp\/v2\/product"}],"about":[{"href":"https:\/\/www.ogrodolszanica.pl\/index.php\/wp-json\/wp\/v2\/types\/product"}],"replies":[{"embeddable":true,"href":"https:\/\/www.ogrodolszanica.pl\/index.php\/wp-json\/wp\/v2\/comments?post=4019"}],"wp:featuredmedia":[{"embeddable":true,"href":"https:\/\/www.ogrodolszanica.pl\/index.php\/wp-json\/wp\/v2\/media\/4022"}],"wp:attachment":[{"href":"https:\/\/www.ogrodolszanica.pl\/index.php\/wp-json\/wp\/v2\/media?parent=4019"}],"wp:term":[{"taxonomy":"product_cat","embeddable":true,"href":"https:\/\/www.ogrodolszanica.pl\/index.php\/wp-json\/wp\/v2\/product_cat?post=4019"},{"taxonomy":"product_tag","embeddable":true,"href":"https:\/\/www.ogrodolszanica.pl\/index.php\/wp-json\/wp\/v2\/product_tag?post=4019"}],"curies":[{"name":"wp","href":"https:\/\/api.w.org\/{rel}","templated":true}]}}