{"id":3867,"date":"2026-03-02T14:06:51","date_gmt":"2026-03-02T14:06:51","guid":{"rendered":"https:\/\/www.ogrodolszanica.pl\/?post_type=product&#038;p=3867"},"modified":"2026-03-04T20:51:26","modified_gmt":"2026-03-04T20:51:26","slug":"jarzmianka-astra-red","status":"publish","type":"product","link":"https:\/\/www.ogrodolszanica.pl\/index.php\/produkt\/jarzmianka-astra-red\/","title":{"rendered":"Jarzmianka Astra Red"},"content":{"rendered":"<div class=\"mpof_ki myre_zn myre_8v_l m389_6m_l\">\n<div class=\"mp4t_16_s mryx_16_s mr3m_1 mli2_1 mh85_56 mh85_0_l\">\n<div class=\"mgn2_16 _0d3bd_am0a-\">\n<h1>Jarzmianka wi\u0119ksza Astra Red Astrantia major<\/h1>\n<p>Jarzmianki to efektowne, ale ma\u0142o znane byliny, kt\u00f3re mo\u017cna wszechstronnie wykorzysta\u0107 w ogrodowych aran\u017cacjach (maj\u0105 delikatn\u0105 sylwetk\u0119). Wykszta\u0142caj\u0105 kwiaty z licznymi, wystaj\u0105cymi pr\u0119cikami. Wygl\u0105dem przypominaj\u0105 broszki w kszta\u0142cie gwiazdek. S\u0105 dekoracyjne tak\u017ce po przekwitni\u0119ciu.\u00a0Odmiana \u2018Astra Red\u2019 charakteryzuje si\u0119 subtelnymi, kulistymi kwiatostanami w intensywnej czerwono-bordowej barwie. Kwiaty zdobi\u0105 ro\u015blin\u0119 od czerwca do sierpnia, osadzone s\u0105 na sztywnych \u0142odygach i wabi\u0105 mn\u00f3stwo owad\u00f3w, o\u017cywiaj\u0105cych ogr\u00f3d. Kwitn\u0105ca jarzmianka osi\u0105ga maksymalnie 50 cm wysoko\u015bci. Doskona\u0142ym dope\u0142nieniem dla niezwyk\u0142ych kwiat\u00f3w s\u0105 b\u0142yszcz\u0105ce li\u015bcie o d\u0142oniastej budowie i z\u0105bkowanym brzegu. Tworz\u0105 one zgrabn\u0105 k\u0119p\u0119 dorastaj\u0105co do 30 cm wysoko\u015bci i nieco wi\u0119kszej szeroko\u015bci.<\/p>\n<ul>\n<li>Rodzaj:\u00a0<b>jarzmianka<\/b><\/li>\n<li>Stanowisko:\u00a0<b>s\u0142oneczne<\/b>\u00a0\u2600\ufe0f<b>, p\u00f3\u0142cieniste<\/b><\/li>\n<li>Podlewanie:\u00a0<b>obfite<\/b><\/li>\n<li>Barwa kwiatu:\u00a0<b>r\u00f3\u017cowy, czerwony, bordowy<\/b><\/li>\n<li>Barwa li\u015bci:\u00a0<b>zielone<\/b><\/li>\n<li>Szeroko\u015b\u0107 \u2b05\ufe0f\u27a1\ufe0f:\u00a0<b>20-30 cm<\/b><\/li>\n<li>Wysoko\u015b\u0107 kwitnienia \u2b06\ufe0f:\u00a0<b>40-50 cm<\/b><\/li>\n<li>Okres kwitnienia \u27a1\ufe0f\u2b05\ufe0f:\u00a0<b>czerwiec \u00f7 sierpie\u0144<\/b><\/li>\n<li>Mrozoodporno\u015b\u0107:\u00a0<b>tak<\/b><\/li>\n<li>Ro\u015blina wieloletnia:\u00a0<b>tak<\/b><\/li>\n<\/ul>\n<\/div>\n<\/div>\n<div class=\"mp4t_16_s mryx_16_s mr3m_1 mli2_1 mh85_56 mh85_0_l\">\n<div class=\"mg9e_8 mj7a_8 mg9e_0_s mvrt_0_s mj7a_0_s mh36_0_s mzmg_6m munh_16_l m3h2_16_l\">\n<div class=\"mp4t_0 mryx_0 munh_56 m3h2_56\">\n<div class=\"mp7g_oh\"><button class=\"mg9e_0 mvrt_0 mj7a_0 mh36_0 mp4t_0 m3h2_0 mryx_0 munh_0 mqen_m6 mpof_z0 mx7m_0 m7er_k4 mse2_k4 msts_pt\" data-analytics-interaction=\"true\" data-analytics-interaction-label=\"zoomable-image-open\" aria-disabled=\"true\"><img decoding=\"async\" class=\"msub_k4 mupj_5k mjru_k4 mse2_k4 mp7g_f6 mq1m_0 mj7u_0 m7er_k4 mqen_m6 m31c_d8 m0ux_fp lazyloaded\" src=\"https:\/\/a.allegroimg.com\/original\/11139c\/662b7191401890ff98b2ed11968c\/Jarzmianka-Astra-Red-intensywny-kolor-duza-sadzonka-wieloletnia-do-ogrodu\" sizes=\"(min-width: 1200px) 560px, (min-width: 992px) 50vw, 100vw\" srcset=\"https:\/\/a.allegroimg.com\/s360\/11139c\/662b7191401890ff98b2ed11968c\/Jarzmianka-Astra-Red-intensywny-kolor-duza-sadzonka-wieloletnia-do-ogrodu 240w,https:\/\/a.allegroimg.com\/s720\/11139c\/662b7191401890ff98b2ed11968c\/Jarzmianka-Astra-Red-intensywny-kolor-duza-sadzonka-wieloletnia-do-ogrodu 480w,https:\/\/a.allegroimg.com\/s1024\/11139c\/662b7191401890ff98b2ed11968c\/Jarzmianka-Astra-Red-intensywny-kolor-duza-sadzonka-wieloletnia-do-ogrodu 667w,https:\/\/a.allegroimg.com\/original\/11139c\/662b7191401890ff98b2ed11968c\/Jarzmianka-Astra-Red-intensywny-kolor-duza-sadzonka-wieloletnia-do-ogrodu 667w\" alt=\"Jarzmianka Astra Red intensywny kolor du\u017ca sadzonka wieloletnia do ogrodu\" width=\"667px\" data-srcset=\"\" \/><\/button><\/div>\n<\/div>\n<\/div>\n<\/div>\n<\/div>\n<div class=\"mpof_ki myre_zn myre_8v_l m389_6m_l\">\n<div class=\"mp4t_16_s mryx_16_s mr3m_1 mli2_1 mh85_56 mh85_0_l\">\n<div class=\"mgn2_16 _0d3bd_am0a-\">\n<h1>Uwaga \u2757\u2757\u2757<\/h1>\n<p><b>Jedno zdj\u0119cie przedstawia ro\u015blin\u0119 w pe\u0142ni rozwini\u0119t\u0105, a drugie sadzonk\u0119 kt\u00f3ra jest w sprzeda\u017cy.<\/b><\/p>\n<p><b>Jednak \u017ce s\u0105 to \u017cywe ro\u015bliny i z tygodnia na tydzie\u0144 zmieniaj\u0105 sw\u00f3j wygl\u0105d. Mog\u0105 by\u0107 przyci\u0119te, a w okresie kwitnienia mog\u0105 by\u0107 wi\u0119ksze oraz z kwiatami.<\/b><\/p>\n<\/div>\n<\/div>\n<\/div>\n<div class=\"mpof_ki myre_zn myre_8v_l m389_6m_l\">\n<div class=\"mp4t_16_s mryx_16_s mr3m_1 mli2_1 mh85_56 mh85_0_l\">\n<div class=\"mg9e_8 mj7a_8 mg9e_0_s mvrt_0_s mj7a_0_s mh36_0_s mzmg_6m munh_16_l m3h2_16_l\">\n<div class=\"mp4t_0 mryx_0 munh_56 m3h2_56\">\n<div class=\"mp7g_oh\"><button class=\"mg9e_0 mvrt_0 mj7a_0 mh36_0 mp4t_0 m3h2_0 mryx_0 munh_0 mqen_m6 mpof_z0 mx7m_0 m7er_k4 mse2_k4 msts_pt\" data-analytics-interaction=\"true\" data-analytics-interaction-label=\"zoomable-image-open\" aria-disabled=\"true\"><img decoding=\"async\" class=\"msub_k4 mupj_5k mjru_k4 mse2_k4 mp7g_f6 mq1m_0 mj7u_0 m7er_k4 mqen_m6 m31c_d8 m0ux_fp lazyloaded\" src=\"https:\/\/a.allegroimg.com\/original\/11f683\/69e35dd54918aee775b7f220f5bc\/Jarzmianka-Astra-Red-intensywny-kolor-duza-sadzonka-wieloletnia-do-ogrodu-Producent-nieznany-producent\" sizes=\"(min-width: 1200px) 560px, (min-width: 992px) 50vw, 100vw\" srcset=\"https:\/\/a.allegroimg.com\/s360\/11f683\/69e35dd54918aee775b7f220f5bc\/Jarzmianka-Astra-Red-intensywny-kolor-duza-sadzonka-wieloletnia-do-ogrodu-Producent-nieznany-producent 270w,https:\/\/a.allegroimg.com\/s720\/11f683\/69e35dd54918aee775b7f220f5bc\/Jarzmianka-Astra-Red-intensywny-kolor-duza-sadzonka-wieloletnia-do-ogrodu-Producent-nieznany-producent 541w,https:\/\/a.allegroimg.com\/s1024\/11f683\/69e35dd54918aee775b7f220f5bc\/Jarzmianka-Astra-Red-intensywny-kolor-duza-sadzonka-wieloletnia-do-ogrodu-Producent-nieznany-producent 770w,https:\/\/a.allegroimg.com\/s1440\/11f683\/69e35dd54918aee775b7f220f5bc\/Jarzmianka-Astra-Red-intensywny-kolor-duza-sadzonka-wieloletnia-do-ogrodu-Producent-nieznany-producent 1083w,https:\/\/a.allegroimg.com\/original\/11f683\/69e35dd54918aee775b7f220f5bc\/Jarzmianka-Astra-Red-intensywny-kolor-duza-sadzonka-wieloletnia-do-ogrodu-Producent-nieznany-producent 1927w\" alt=\"Jarzmianka Astra Red intensywny kolor du\u017ca sadzonka wieloletnia do ogrodu Producent nieznany producent\" width=\"1927px\" data-srcset=\"\" \/><\/button><\/div>\n<\/div>\n<\/div>\n<\/div>\n<div class=\"mp4t_16_s mryx_16_s mr3m_1 mli2_1 mh85_56 mh85_0_l\">\n<div class=\"mg9e_8 mj7a_8 mg9e_0_s mvrt_0_s mj7a_0_s mh36_0_s mzmg_6m munh_16_l m3h2_16_l\">\n<div class=\"mp4t_0 mryx_0 munh_56 m3h2_56\">\n<div class=\"mp7g_oh\"><button class=\"mg9e_0 mvrt_0 mj7a_0 mh36_0 mp4t_0 m3h2_0 mryx_0 munh_0 mqen_m6 mpof_z0 mx7m_0 m7er_k4 mse2_k4 msts_pt\" data-analytics-interaction=\"true\" data-analytics-interaction-label=\"zoomable-image-open\" aria-disabled=\"true\"><img decoding=\"async\" class=\"msub_k4 mupj_5k mjru_k4 mse2_k4 mp7g_f6 mq1m_0 mj7u_0 m7er_k4 mqen_m6 m31c_d8 m0ux_fp lazyloaded\" src=\"https:\/\/a.allegroimg.com\/original\/11e662\/26c5732949dbbd03beb0598c0e4c\/Jarzmianka-Astra-Red-intensywny-kolor-duza-sadzonka-wieloletnia-do-ogrodu-Wysokosc-sadzonki-30-cm\" sizes=\"(min-width: 1200px) 560px, (min-width: 992px) 50vw, 100vw\" srcset=\"https:\/\/a.allegroimg.com\/s360\/11e662\/26c5732949dbbd03beb0598c0e4c\/Jarzmianka-Astra-Red-intensywny-kolor-duza-sadzonka-wieloletnia-do-ogrodu-Wysokosc-sadzonki-30-cm 270w,https:\/\/a.allegroimg.com\/s720\/11e662\/26c5732949dbbd03beb0598c0e4c\/Jarzmianka-Astra-Red-intensywny-kolor-duza-sadzonka-wieloletnia-do-ogrodu-Wysokosc-sadzonki-30-cm 541w,https:\/\/a.allegroimg.com\/s1024\/11e662\/26c5732949dbbd03beb0598c0e4c\/Jarzmianka-Astra-Red-intensywny-kolor-duza-sadzonka-wieloletnia-do-ogrodu-Wysokosc-sadzonki-30-cm 770w,https:\/\/a.allegroimg.com\/s1440\/11e662\/26c5732949dbbd03beb0598c0e4c\/Jarzmianka-Astra-Red-intensywny-kolor-duza-sadzonka-wieloletnia-do-ogrodu-Wysokosc-sadzonki-30-cm 1083w,https:\/\/a.allegroimg.com\/original\/11e662\/26c5732949dbbd03beb0598c0e4c\/Jarzmianka-Astra-Red-intensywny-kolor-duza-sadzonka-wieloletnia-do-ogrodu-Wysokosc-sadzonki-30-cm 1927w\" alt=\"Jarzmianka Astra Red intensywny kolor du\u017ca sadzonka wieloletnia do ogrodu Wysoko\u015b\u0107 sadzonki 30 cm\" width=\"1927px\" data-srcset=\"\" \/><\/button><\/div>\n<\/div>\n<\/div>\n<\/div>\n<\/div>\n","protected":false},"excerpt":{"rendered":"<p>Jarzmianka wi\u0119ksza Astra Red Astrantia major Jarzmianki to efektowne, ale ma\u0142o znane byliny, kt\u00f3re mo\u017cna wszechstronnie wykorzysta\u0107 w ogrodowych aran\u017cacjach (maj\u0105 delikatn\u0105 sylwetk\u0119). Wykszta\u0142caj\u0105 kwiaty z licznymi, wystaj\u0105cymi pr\u0119cikami. Wygl\u0105dem przypominaj\u0105 broszki w kszta\u0142cie gwiazdek. S\u0105 dekoracyjne tak\u017ce po przekwitni\u0119ciu.\u00a0Odmiana \u2018Astra Red\u2019 charakteryzuje si\u0119 subtelnymi, kulistymi kwiatostanami w intensywnej czerwono-bordowej barwie. Kwiaty zdobi\u0105 ro\u015blin\u0119 od &hellip;<\/p>\n<p class=\"read-more\"> <a class=\"\" href=\"https:\/\/www.ogrodolszanica.pl\/index.php\/produkt\/jarzmianka-astra-red\/\"> <span class=\"screen-reader-text\">Jarzmianka Astra Red<\/span> Read More &raquo;<\/a><\/p>\n","protected":false},"featured_media":3870,"comment_status":"open","ping_status":"closed","template":"","meta":{"site-sidebar-layout":"default","site-content-layout":"default","ast-global-header-display":"","ast-main-header-display":"","ast-hfb-above-header-display":"","ast-hfb-below-header-display":"","ast-hfb-mobile-header-display":"","site-post-title":"","ast-breadcrumbs-content":"","ast-featured-img":"","footer-sml-layout":"","theme-transparent-header-meta":"default","adv-header-id-meta":"","stick-header-meta":"","header-above-stick-meta":"","header-main-stick-meta":"","header-below-stick-meta":"","spay_email":""},"product_cat":[29,73],"product_tag":[],"class_list":["post-3867","product","type-product","status-publish","has-post-thumbnail","hentry","product_cat-byliny","product_cat-jarzmianka"],"yoast_head":"<!-- This site is optimized with the Yoast SEO plugin v19.2 - https:\/\/yoast.com\/wordpress\/plugins\/seo\/ -->\n<title>Jarzmianka Astra Red - Ogr&oacute;d Olszanica<\/title>\n<meta name=\"robots\" content=\"index, follow, max-snippet:-1, max-image-preview:large, max-video-preview:-1\" \/>\n<link rel=\"canonical\" href=\"https:\/\/www.ogrodolszanica.pl\/index.php\/produkt\/jarzmianka-astra-red\/\" \/>\n<meta property=\"og:locale\" content=\"pl_PL\" \/>\n<meta property=\"og:type\" content=\"article\" \/>\n<meta property=\"og:title\" content=\"Jarzmianka Astra Red - Ogr&oacute;d Olszanica\" \/>\n<meta property=\"og:description\" content=\"Jarzmianka wi\u0119ksza Astra Red Astrantia major Jarzmianki to efektowne, ale ma\u0142o znane byliny, kt\u00f3re mo\u017cna wszechstronnie wykorzysta\u0107 w ogrodowych aran\u017cacjach (maj\u0105 delikatn\u0105 sylwetk\u0119). Wykszta\u0142caj\u0105 kwiaty z licznymi, wystaj\u0105cymi pr\u0119cikami. Wygl\u0105dem przypominaj\u0105 broszki w kszta\u0142cie gwiazdek. S\u0105 dekoracyjne tak\u017ce po przekwitni\u0119ciu.\u00a0Odmiana \u2018Astra Red\u2019 charakteryzuje si\u0119 subtelnymi, kulistymi kwiatostanami w intensywnej czerwono-bordowej barwie. Kwiaty zdobi\u0105 ro\u015blin\u0119 od &hellip; Jarzmianka Astra Red Read More &raquo;\" \/>\n<meta property=\"og:url\" content=\"https:\/\/www.ogrodolszanica.pl\/index.php\/produkt\/jarzmianka-astra-red\/\" \/>\n<meta property=\"og:site_name\" content=\"Ogr&oacute;d Olszanica\" \/>\n<meta property=\"article:publisher\" content=\"https:\/\/www.facebook.com\/Ogrd-Olszanica-100807179225223\" \/>\n<meta property=\"article:modified_time\" content=\"2026-03-04T20:51:26+00:00\" \/>\n<meta property=\"og:image\" content=\"https:\/\/www.ogrodolszanica.pl\/wp-content\/uploads\/2026\/03\/Jarzmianka-Astra-Red-scaled.jpg\" \/>\n\t<meta property=\"og:image:width\" content=\"1928\" \/>\n\t<meta property=\"og:image:height\" content=\"2560\" \/>\n\t<meta property=\"og:image:type\" content=\"image\/jpeg\" \/>\n<meta name=\"author\" content=\"admin\" \/>\n<meta name=\"twitter:card\" content=\"summary_large_image\" \/>\n<meta name=\"twitter:label1\" content=\"Szacowany czas czytania\" \/>\n\t<meta name=\"twitter:data1\" content=\"1 minuta\" \/>\n<script type=\"application\/ld+json\" class=\"yoast-schema-graph\">{\"@context\":\"https:\/\/schema.org\",\"@graph\":[{\"@type\":\"Organization\",\"@id\":\"https:\/\/www.ogrodolszanica.pl\/#organization\",\"name\":\"Ogr\u00f3d Olszanica - Krakowskie Centrum Ogrodnicze\",\"url\":\"https:\/\/www.ogrodolszanica.pl\/\",\"sameAs\":[\"https:\/\/www.facebook.com\/Ogrd-Olszanica-100807179225223\"],\"logo\":{\"@type\":\"ImageObject\",\"inLanguage\":\"pl-PL\",\"@id\":\"https:\/\/www.ogrodolszanica.pl\/#\/schema\/logo\/image\/\",\"url\":\"http:\/\/www.ogrodolszanica.pl\/wp-content\/uploads\/2022\/06\/Ogrod-Olszanica1-1.png\",\"contentUrl\":\"http:\/\/www.ogrodolszanica.pl\/wp-content\/uploads\/2022\/06\/Ogrod-Olszanica1-1.png\",\"width\":180,\"height\":60,\"caption\":\"Ogr\u00f3d Olszanica - Krakowskie Centrum Ogrodnicze\"},\"image\":{\"@id\":\"https:\/\/www.ogrodolszanica.pl\/#\/schema\/logo\/image\/\"}},{\"@type\":\"WebSite\",\"@id\":\"https:\/\/www.ogrodolszanica.pl\/#website\",\"url\":\"https:\/\/www.ogrodolszanica.pl\/\",\"name\":\"Ogr&oacute;d Olszanica\",\"description\":\"Centrum Ogrodnicze Krak&oacute;w\",\"publisher\":{\"@id\":\"https:\/\/www.ogrodolszanica.pl\/#organization\"},\"potentialAction\":[{\"@type\":\"SearchAction\",\"target\":{\"@type\":\"EntryPoint\",\"urlTemplate\":\"https:\/\/www.ogrodolszanica.pl\/?s={search_term_string}\"},\"query-input\":\"required name=search_term_string\"}],\"inLanguage\":\"pl-PL\"},{\"@type\":\"ImageObject\",\"inLanguage\":\"pl-PL\",\"@id\":\"https:\/\/www.ogrodolszanica.pl\/index.php\/produkt\/jarzmianka-astra-red\/#primaryimage\",\"url\":\"https:\/\/i0.wp.com\/www.ogrodolszanica.pl\/wp-content\/uploads\/2026\/03\/Jarzmianka-Astra-Red-scaled.jpg?fit=1928%2C2560&ssl=1\",\"contentUrl\":\"https:\/\/i0.wp.com\/www.ogrodolszanica.pl\/wp-content\/uploads\/2026\/03\/Jarzmianka-Astra-Red-scaled.jpg?fit=1928%2C2560&ssl=1\",\"width\":1928,\"height\":2560},{\"@type\":\"WebPage\",\"@id\":\"https:\/\/www.ogrodolszanica.pl\/index.php\/produkt\/jarzmianka-astra-red\/#webpage\",\"url\":\"https:\/\/www.ogrodolszanica.pl\/index.php\/produkt\/jarzmianka-astra-red\/\",\"name\":\"Jarzmianka Astra Red - Ogr&oacute;d Olszanica\",\"isPartOf\":{\"@id\":\"https:\/\/www.ogrodolszanica.pl\/#website\"},\"primaryImageOfPage\":{\"@id\":\"https:\/\/www.ogrodolszanica.pl\/index.php\/produkt\/jarzmianka-astra-red\/#primaryimage\"},\"datePublished\":\"2026-03-02T14:06:51+00:00\",\"dateModified\":\"2026-03-04T20:51:26+00:00\",\"breadcrumb\":{\"@id\":\"https:\/\/www.ogrodolszanica.pl\/index.php\/produkt\/jarzmianka-astra-red\/#breadcrumb\"},\"inLanguage\":\"pl-PL\",\"potentialAction\":[{\"@type\":\"ReadAction\",\"target\":[\"https:\/\/www.ogrodolszanica.pl\/index.php\/produkt\/jarzmianka-astra-red\/\"]}]},{\"@type\":\"BreadcrumbList\",\"@id\":\"https:\/\/www.ogrodolszanica.pl\/index.php\/produkt\/jarzmianka-astra-red\/#breadcrumb\",\"itemListElement\":[{\"@type\":\"ListItem\",\"position\":1,\"name\":\"Strona g\u0142\u00f3wna\",\"item\":\"https:\/\/www.ogrodolszanica.pl\/\"},{\"@type\":\"ListItem\",\"position\":2,\"name\":\"Produkty\",\"item\":\"https:\/\/www.ogrodolszanica.pl\/index.php\/shop\/\"},{\"@type\":\"ListItem\",\"position\":3,\"name\":\"Jarzmianka Astra Red\"}]}]}<\/script>\n<!-- \/ Yoast SEO plugin. -->","yoast_head_json":{"title":"Jarzmianka Astra Red - Ogr&oacute;d Olszanica","robots":{"index":"index","follow":"follow","max-snippet":"max-snippet:-1","max-image-preview":"max-image-preview:large","max-video-preview":"max-video-preview:-1"},"canonical":"https:\/\/www.ogrodolszanica.pl\/index.php\/produkt\/jarzmianka-astra-red\/","og_locale":"pl_PL","og_type":"article","og_title":"Jarzmianka Astra Red - Ogr&oacute;d Olszanica","og_description":"Jarzmianka wi\u0119ksza Astra Red Astrantia major Jarzmianki to efektowne, ale ma\u0142o znane byliny, kt\u00f3re mo\u017cna wszechstronnie wykorzysta\u0107 w ogrodowych aran\u017cacjach (maj\u0105 delikatn\u0105 sylwetk\u0119). Wykszta\u0142caj\u0105 kwiaty z licznymi, wystaj\u0105cymi pr\u0119cikami. Wygl\u0105dem przypominaj\u0105 broszki w kszta\u0142cie gwiazdek. S\u0105 dekoracyjne tak\u017ce po przekwitni\u0119ciu.\u00a0Odmiana \u2018Astra Red\u2019 charakteryzuje si\u0119 subtelnymi, kulistymi kwiatostanami w intensywnej czerwono-bordowej barwie. Kwiaty zdobi\u0105 ro\u015blin\u0119 od &hellip; Jarzmianka Astra Red Read More &raquo;","og_url":"https:\/\/www.ogrodolszanica.pl\/index.php\/produkt\/jarzmianka-astra-red\/","og_site_name":"Ogr&oacute;d Olszanica","article_publisher":"https:\/\/www.facebook.com\/Ogrd-Olszanica-100807179225223","article_modified_time":"2026-03-04T20:51:26+00:00","og_image":[{"width":1928,"height":2560,"url":"https:\/\/www.ogrodolszanica.pl\/wp-content\/uploads\/2026\/03\/Jarzmianka-Astra-Red-scaled.jpg","type":"image\/jpeg"}],"author":"admin","twitter_card":"summary_large_image","twitter_misc":{"Szacowany czas czytania":"1 minuta"},"schema":{"@context":"https:\/\/schema.org","@graph":[{"@type":"Organization","@id":"https:\/\/www.ogrodolszanica.pl\/#organization","name":"Ogr\u00f3d Olszanica - Krakowskie Centrum Ogrodnicze","url":"https:\/\/www.ogrodolszanica.pl\/","sameAs":["https:\/\/www.facebook.com\/Ogrd-Olszanica-100807179225223"],"logo":{"@type":"ImageObject","inLanguage":"pl-PL","@id":"https:\/\/www.ogrodolszanica.pl\/#\/schema\/logo\/image\/","url":"http:\/\/www.ogrodolszanica.pl\/wp-content\/uploads\/2022\/06\/Ogrod-Olszanica1-1.png","contentUrl":"http:\/\/www.ogrodolszanica.pl\/wp-content\/uploads\/2022\/06\/Ogrod-Olszanica1-1.png","width":180,"height":60,"caption":"Ogr\u00f3d Olszanica - Krakowskie Centrum Ogrodnicze"},"image":{"@id":"https:\/\/www.ogrodolszanica.pl\/#\/schema\/logo\/image\/"}},{"@type":"WebSite","@id":"https:\/\/www.ogrodolszanica.pl\/#website","url":"https:\/\/www.ogrodolszanica.pl\/","name":"Ogr&oacute;d Olszanica","description":"Centrum Ogrodnicze Krak&oacute;w","publisher":{"@id":"https:\/\/www.ogrodolszanica.pl\/#organization"},"potentialAction":[{"@type":"SearchAction","target":{"@type":"EntryPoint","urlTemplate":"https:\/\/www.ogrodolszanica.pl\/?s={search_term_string}"},"query-input":"required name=search_term_string"}],"inLanguage":"pl-PL"},{"@type":"ImageObject","inLanguage":"pl-PL","@id":"https:\/\/www.ogrodolszanica.pl\/index.php\/produkt\/jarzmianka-astra-red\/#primaryimage","url":"https:\/\/i0.wp.com\/www.ogrodolszanica.pl\/wp-content\/uploads\/2026\/03\/Jarzmianka-Astra-Red-scaled.jpg?fit=1928%2C2560&ssl=1","contentUrl":"https:\/\/i0.wp.com\/www.ogrodolszanica.pl\/wp-content\/uploads\/2026\/03\/Jarzmianka-Astra-Red-scaled.jpg?fit=1928%2C2560&ssl=1","width":1928,"height":2560},{"@type":"WebPage","@id":"https:\/\/www.ogrodolszanica.pl\/index.php\/produkt\/jarzmianka-astra-red\/#webpage","url":"https:\/\/www.ogrodolszanica.pl\/index.php\/produkt\/jarzmianka-astra-red\/","name":"Jarzmianka Astra Red - Ogr&oacute;d Olszanica","isPartOf":{"@id":"https:\/\/www.ogrodolszanica.pl\/#website"},"primaryImageOfPage":{"@id":"https:\/\/www.ogrodolszanica.pl\/index.php\/produkt\/jarzmianka-astra-red\/#primaryimage"},"datePublished":"2026-03-02T14:06:51+00:00","dateModified":"2026-03-04T20:51:26+00:00","breadcrumb":{"@id":"https:\/\/www.ogrodolszanica.pl\/index.php\/produkt\/jarzmianka-astra-red\/#breadcrumb"},"inLanguage":"pl-PL","potentialAction":[{"@type":"ReadAction","target":["https:\/\/www.ogrodolszanica.pl\/index.php\/produkt\/jarzmianka-astra-red\/"]}]},{"@type":"BreadcrumbList","@id":"https:\/\/www.ogrodolszanica.pl\/index.php\/produkt\/jarzmianka-astra-red\/#breadcrumb","itemListElement":[{"@type":"ListItem","position":1,"name":"Strona g\u0142\u00f3wna","item":"https:\/\/www.ogrodolszanica.pl\/"},{"@type":"ListItem","position":2,"name":"Produkty","item":"https:\/\/www.ogrodolszanica.pl\/index.php\/shop\/"},{"@type":"ListItem","position":3,"name":"Jarzmianka Astra Red"}]}]}},"jetpack-related-posts":[{"id":3359,"url":"https:\/\/www.ogrodolszanica.pl\/index.php\/produkt\/jezowka-pearl-deep-red\/","url_meta":{"origin":3867,"position":0},"title":"Je\u017c\u00f3wka Pearl Deep Red","date":"24 lutego, 2026","format":false,"excerpt":"Je\u017c\u00f3wka Red Pearl Echinacea Widowiskowa odmiana, kt\u00f3rej ozdob\u0105 s\u0105 urocze kwiaty, wyr\u00f3\u017cniaj\u0105ce si\u0119 intensywn\u0105, krwistoczerwon\u0105 barw\u0105. Je\u017c\u00f3wka 'Red Pearl' dorasta do oko\u0142o 40-50 cm wysoko\u015bci i 35 cm szeroko\u015bci. Ro\u015blina kwitnie obficie od lipca do pa\u017adziernika. W tym czasie na szczytach wyprostowanych, grubych \u0142odyg pojawiaj\u0105 si\u0119 cudowne kwiaty o efektownym,\u2026","rel":"","context":"Similar post","img":{"alt_text":"","src":"https:\/\/i0.wp.com\/www.ogrodolszanica.pl\/wp-content\/uploads\/2026\/02\/Jezowka-Pearl-Deep-Red-v2-scaled.jpg?fit=904%2C1200&ssl=1&resize=350%2C200","width":350,"height":200},"classes":[]},{"id":3391,"url":"https:\/\/www.ogrodolszanica.pl\/index.php\/produkt\/zlocien-robinson-red\/","url_meta":{"origin":3867,"position":1},"title":"Z\u0142ocie\u0144 Robinson Red","date":"24 lutego, 2026","format":false,"excerpt":"Z\u0142ocie\u0144 r\u00f3\u017cowy Robinson's Red Tanacetum coccineum Z\u0142ocie\u0144 (wrotycz) jest bylin\u0105 rabatow\u0105 znan\u0105 od dawna i cenion\u0105 za ma\u0142e wymagania i okaza\u0142e kwiaty. Odmiana 'Robinson's Red' cechuje si\u0119 bardzo wyrazistym, intensywnie czerwono-r\u00f3\u017cowym zabarwieniem p\u0142atk\u00f3w kwiatu, kt\u00f3re w po\u0142\u0105czeniu z \u017c\u00f3\u0142tym \u015brodkiem koszyczka daj\u0105 bardzo ciekawy efekt barwny. Warty podkre\u015blenia jest fakt,\u2026","rel":"","context":"Similar post","img":{"alt_text":"","src":"https:\/\/i0.wp.com\/www.ogrodolszanica.pl\/wp-content\/uploads\/2026\/02\/Zlocien-Robinson-Red-v1-scaled.jpg?fit=904%2C1200&ssl=1&resize=350%2C200","width":350,"height":200},"classes":[]},{"id":3280,"url":"https:\/\/www.ogrodolszanica.pl\/index.php\/produkt\/jezowka-fountain-red\/","url_meta":{"origin":3867,"position":2},"title":"Je\u017c\u00f3wka Fountain Red","date":"23 lutego, 2026","format":false,"excerpt":"Je\u017c\u00f3wka Fountain Red Echinacea 'Fountain Red' to nowa, fascynuj\u0105ca odmiana wyr\u00f3\u017cniaj\u0105ca si\u0119 zwartym, kompaktowym pokrojem oraz wyrazist\u0105, czerwon\u0105 barw\u0105 kwiat\u00f3w. Tworzy bujne, silnie rozkrzewione k\u0119py, kt\u00f3re dorastaj\u0105 do oko\u0142o 20-45 cm wysoko\u015bci i 40 cm szeroko\u015bci. Li\u015bcie byliny s\u0105 zielone, pod\u0142u\u017cne, lancetowate, ostro zako\u0144czone, szorstkie w dotyku. Je\u017c\u00f3wka 'Fountain Red'\u2026","rel":"","context":"Similar post","img":{"alt_text":"","src":"https:\/\/i0.wp.com\/www.ogrodolszanica.pl\/wp-content\/uploads\/2026\/02\/Jezowka-Fountain-Red-scaled.jpg?fit=904%2C1200&ssl=1&resize=350%2C200","width":350,"height":200},"classes":[]},{"id":3406,"url":"https:\/\/www.ogrodolszanica.pl\/index.php\/produkt\/aster-krzaczasty-woods-purple\/","url_meta":{"origin":3867,"position":3},"title":"Aster krzaczasty Wood&#8217;s Purple","date":"24 lutego, 2026","format":false,"excerpt":"Aster krzaczasty Wood's Purple Aster dumosus Aster krzaczasty 'Wood's Purple' to urocza odmiana, kt\u00f3ra w trakcie kwitnienia otula si\u0119 pastelowym ob\u0142okiem prze\u015blicznych, liliowo-fioletowych kwiat\u00f3w. Ro\u015blina charakteryzuje si\u0119 kompaktowym wzrostem, maksymalnie osi\u0105ga oko\u0142o 30-45 cm wysoko\u015bci. Kszta\u0142tuje g\u0119ste, zwarte, poduchowate k\u0119py kr\u00f3tkich, wzniesionych p\u0119d\u00f3w, na kt\u00f3rych osadzone s\u0105 w\u0105skie, lancetowate li\u015bcie\u2026","rel":"","context":"Similar post","img":{"alt_text":"","src":"https:\/\/i0.wp.com\/www.ogrodolszanica.pl\/wp-content\/uploads\/2026\/02\/Aster-krzaczasty-Woods-Purple-scaled.jpg?fit=904%2C1200&ssl=1&resize=350%2C200","width":350,"height":200},"classes":[]},{"id":3334,"url":"https:\/\/www.ogrodolszanica.pl\/index.php\/produkt\/gailardia-spintop-red-starburst\/","url_meta":{"origin":3867,"position":4},"title":"Gailardia SpinTop Red Starburst","date":"23 lutego, 2026","format":false,"excerpt":"Gailardia SpinTop Red Starburst Gailardia Jej niepowtarzalny kolor kwiat\u00f3w zachwyci nawet najbardziej wybrednych mi\u0142o\u015bnik\u00f3w ro\u015blin. Odmiana 'SpinTop Red Starburst' jest jedn\u0105 z najni\u017cszych i\u00a0 najlepiej\u00a0 krzewi\u0105cych si\u0119 odmian na rynku. Odznacza si\u0119\u00a0du\u017cymi okr\u0105g\u0142ymi\u00a0 \u017c\u00f3\u0142tymi kwiatami z czerwono-br\u0105zowym \u015brodkiem.\u00a0kt\u00f3re\u00a0zdobi\u0105 ro\u015blin\u0119 przez\u00a0ca\u0142e lato. Osadzone s\u0105 na niskich i sztywnych \u0142odygach w jasnozielonym\u2026","rel":"","context":"Similar post","img":{"alt_text":"","src":"https:\/\/i0.wp.com\/www.ogrodolszanica.pl\/wp-content\/uploads\/2026\/02\/Gailardia-SpinTop-Red-Starburst-v6-scaled.jpg?fit=904%2C1200&ssl=1&resize=350%2C200","width":350,"height":200},"classes":[]},{"id":2500,"url":"https:\/\/www.ogrodolszanica.pl\/index.php\/produkt\/bodziszek-biokovo\/","url_meta":{"origin":3867,"position":5},"title":"Bodziszek Biokovo","date":"28 sierpnia, 2023","format":false,"excerpt":"Bodziszek Biokovo Bodziszek w odmianie Biokovo wyr\u00f3\u017cnia si\u0119 d\u0142ugim i obfitym kwitnieniem. Jego li\u015bcie s\u0105 koloru ciemnozielonego. Tworzy szerok\u0105 i roz\u0142o\u017cyst\u0105 k\u0119p\u0119. Dorasta do 20 cm wysoko\u015bci. Kwitnienie zaczyna si\u0119 w czerwcu. Kwiaty s\u0105 koloru bia\u0142ego. Bodziszka cechuje du\u017ca odporno\u015b\u0107 na choroby grzybowe oraz dzia\u0142anie szkodnik\u00f3w. Bodziszek preferuje stanowiska s\u0142oneczne\u2026","rel":"","context":"Similar post","img":{"alt_text":"","src":"https:\/\/i0.wp.com\/www.ogrodolszanica.pl\/wp-content\/uploads\/2023\/08\/Bodziszek-Biokovo-v1-1-scaled.jpg?fit=904%2C1200&ssl=1&resize=350%2C200","width":350,"height":200},"classes":[]}],"_links":{"self":[{"href":"https:\/\/www.ogrodolszanica.pl\/index.php\/wp-json\/wp\/v2\/product\/3867","targetHints":{"allow":["GET"]}}],"collection":[{"href":"https:\/\/www.ogrodolszanica.pl\/index.php\/wp-json\/wp\/v2\/product"}],"about":[{"href":"https:\/\/www.ogrodolszanica.pl\/index.php\/wp-json\/wp\/v2\/types\/product"}],"replies":[{"embeddable":true,"href":"https:\/\/www.ogrodolszanica.pl\/index.php\/wp-json\/wp\/v2\/comments?post=3867"}],"wp:featuredmedia":[{"embeddable":true,"href":"https:\/\/www.ogrodolszanica.pl\/index.php\/wp-json\/wp\/v2\/media\/3870"}],"wp:attachment":[{"href":"https:\/\/www.ogrodolszanica.pl\/index.php\/wp-json\/wp\/v2\/media?parent=3867"}],"wp:term":[{"taxonomy":"product_cat","embeddable":true,"href":"https:\/\/www.ogrodolszanica.pl\/index.php\/wp-json\/wp\/v2\/product_cat?post=3867"},{"taxonomy":"product_tag","embeddable":true,"href":"https:\/\/www.ogrodolszanica.pl\/index.php\/wp-json\/wp\/v2\/product_tag?post=3867"}],"curies":[{"name":"wp","href":"https:\/\/api.w.org\/{rel}","templated":true}]}}