{"id":3842,"date":"2026-03-02T13:48:37","date_gmt":"2026-03-02T13:48:37","guid":{"rendered":"https:\/\/www.ogrodolszanica.pl\/?post_type=product&#038;p=3842"},"modified":"2026-03-03T17:20:53","modified_gmt":"2026-03-03T17:20:53","slug":"kostrzewa-pic-carlit","status":"publish","type":"product","link":"https:\/\/www.ogrodolszanica.pl\/index.php\/produkt\/kostrzewa-pic-carlit\/","title":{"rendered":"Kostrzewa Pic Carlit"},"content":{"rendered":"<div class=\"mpof_ki myre_zn myre_8v_l m389_6m_l\">\n<div class=\"mp4t_16_s mryx_16_s mr3m_1 mli2_1 mh85_56 mh85_0_l\">\n<div class=\"mgn2_16 _0d3bd_am0a-\">\n<h1>Kostrzewa gautiera Pic Carlit Festuca gautieri<\/h1>\n<p>Pi\u0119kna i bardzo popularna trawa zwana potocznie nied\u017awiedzim futrem. Tworzy bardzo g\u0119ste poduchy, sztywnych soczy\u015bcie zielonych li\u015bci. \u015awietnie prezentuje si\u0119 na wszelkiego rodzaju skalniakach, murkach kwiatowych, w kompozycjach i zestawieniach z innymi ro\u015blinami, gdzie swoim nietypowym charakterem dodaje finezji i uroku. Odmiana 'Pic Carlit&#8217; jest bardziej zwarta i g\u0119sta ni\u017c zwyk\u0142a kostrzewa Gautiera, dzi\u0119ki czemu ro\u015bnie nieco wolniej, a przez to jest bardziej d\u0142ugowieczna. Tworzy bardzo zwarte, nastroszone k\u0119pki igie\u0142kowatych, zielonych li\u015bci. Dorasta do ok 10 -20 cm wysoko\u015bci, jej cenn\u0105 cech\u0105 jest zimozielone ulistnienie. Gatunek ten, jak wi\u0119kszo\u015b\u0107 kostrzew charakteryzuje si\u0119 niewielkimi wymaganiami. Dobrze ro\u015bnie na wszystkich przeci\u0119tnych glebach ogrodowych na miejscach s\u0142onecznych i p\u00f3\u0142 cienistych. Jest ca\u0142kowicie mrozoodporna, w okresie suszy wymaga podlewania.<\/p>\n<ul>\n<li>Rodzaj:\u00a0<b>kostrzewa<\/b><\/li>\n<li>Stanowisko:\u00a0<b>s\u0142oneczne<\/b>\u00a0\u2600\ufe0f<b>, p\u00f3\u0142cieniste<\/b><\/li>\n<li>Podlewanie:\u00a0<b>obfite<\/b><\/li>\n<li>Barwa kwiatu:\u00a0<b>bia\u0142y<\/b><\/li>\n<li>Barwa li\u015bci:\u00a0<b>zielone<\/b><\/li>\n<li>Szeroko\u015b\u0107 \u2b05\ufe0f\u27a1\ufe0f:\u00a0<b>40-50 cm<\/b><\/li>\n<li>Wysoko\u015b\u0107 kwitnienia \u2b06\ufe0f:\u00a0<b>10-20 cm<\/b><\/li>\n<li>Okres kwitnienia \u27a1\ufe0f\u2b05\ufe0f:\u00a0<b>czerwiec \u00f7 lipiec<\/b><\/li>\n<li>Mrozoodporno\u015b\u0107:\u00a0<b>tak<\/b><\/li>\n<li>Ro\u015blina wieloletnia:\u00a0<b>tak<\/b><\/li>\n<\/ul>\n<\/div>\n<\/div>\n<div class=\"mp4t_16_s mryx_16_s mr3m_1 mli2_1 mh85_56 mh85_0_l\">\n<div class=\"mg9e_8 mj7a_8 mg9e_0_s mvrt_0_s mj7a_0_s mh36_0_s mzmg_6m munh_16_l m3h2_16_l\">\n<div class=\"mp4t_0 mryx_0 munh_56 m3h2_56\">\n<div class=\"mp7g_oh\"><button class=\"mg9e_0 mvrt_0 mj7a_0 mh36_0 mp4t_0 m3h2_0 mryx_0 munh_0 mqen_m6 mpof_z0 mx7m_0 m7er_k4 mse2_k4 msts_pt\" data-analytics-interaction=\"true\" data-analytics-interaction-label=\"zoomable-image-open\" aria-disabled=\"true\"><img decoding=\"async\" class=\"msub_k4 mupj_5k mjru_k4 mse2_k4 mp7g_f6 mq1m_0 mj7u_0 m7er_k4 mqen_m6 m31c_d8 m0ux_fp lazyloaded\" src=\"https:\/\/a.allegroimg.com\/original\/1142bb\/f006241042b79227150d21ea2a62\/Kostrzewa-Pic-Carlit-popularna-trawa-niedzwiedzie-futro-ozdobna-trawa\" sizes=\"(min-width: 1200px) 560px, (min-width: 992px) 50vw, 100vw\" srcset=\"https:\/\/a.allegroimg.com\/s360\/1142bb\/f006241042b79227150d21ea2a62\/Kostrzewa-Pic-Carlit-popularna-trawa-niedzwiedzie-futro-ozdobna-trawa 360w,https:\/\/a.allegroimg.com\/s720\/1142bb\/f006241042b79227150d21ea2a62\/Kostrzewa-Pic-Carlit-popularna-trawa-niedzwiedzie-futro-ozdobna-trawa 720w,https:\/\/a.allegroimg.com\/s1024\/1142bb\/f006241042b79227150d21ea2a62\/Kostrzewa-Pic-Carlit-popularna-trawa-niedzwiedzie-futro-ozdobna-trawa 800w,https:\/\/a.allegroimg.com\/original\/1142bb\/f006241042b79227150d21ea2a62\/Kostrzewa-Pic-Carlit-popularna-trawa-niedzwiedzie-futro-ozdobna-trawa 800w\" alt=\"Kostrzewa Pic Carlit popularna trawa nied\u017awiedzie futro ozdobna trawa\" width=\"800px\" data-srcset=\"\" \/><\/button><\/div>\n<\/div>\n<\/div>\n<\/div>\n<\/div>\n<div class=\"mpof_ki myre_zn myre_8v_l m389_6m_l\">\n<div class=\"mp4t_16_s mryx_16_s mr3m_1 mli2_1 mh85_56 mh85_0_l\">\n<div class=\"mgn2_16 _0d3bd_am0a-\">\n<h1>Uwaga \u2757\u2757\u2757<\/h1>\n<p><b>Jedno zdj\u0119cie przedstawia ro\u015blin\u0119 w pe\u0142ni rozwini\u0119t\u0105, a drugie sadzonk\u0119 kt\u00f3ra jest w sprzeda\u017cy.<\/b><\/p>\n<p><b>Jednak \u017ce s\u0105 to \u017cywe ro\u015bliny i z tygodnia na tydzie\u0144 zmieniaj\u0105 sw\u00f3j wygl\u0105d. Mog\u0105 by\u0107 przyci\u0119te, a w okresie kwitnienia mog\u0105 by\u0107 wi\u0119ksze oraz z kwiatami.<\/b><\/p>\n<\/div>\n<\/div>\n<\/div>\n<div class=\"mpof_ki myre_zn myre_8v_l m389_6m_l\">\n<div class=\"mp4t_16_s mryx_16_s mr3m_1 mli2_1 mh85_56 mh85_0_l\">\n<div class=\"mg9e_8 mj7a_8 mg9e_0_s mvrt_0_s mj7a_0_s mh36_0_s mzmg_6m munh_16_l m3h2_16_l\">\n<div class=\"mp4t_0 mryx_0 munh_56 m3h2_56\">\n<div class=\"mp7g_oh\"><button class=\"mg9e_0 mvrt_0 mj7a_0 mh36_0 mp4t_0 m3h2_0 mryx_0 munh_0 mqen_m6 mpof_z0 mx7m_0 m7er_k4 mse2_k4 msts_pt\" data-analytics-interaction=\"true\" data-analytics-interaction-label=\"zoomable-image-open\" aria-disabled=\"true\"><img decoding=\"async\" class=\"msub_k4 mupj_5k mjru_k4 mse2_k4 mp7g_f6 mq1m_0 mj7u_0 m7er_k4 mqen_m6 m31c_d8 m0ux_fp lazyloaded\" src=\"https:\/\/a.allegroimg.com\/original\/11707a\/d4d54b5f4efe90d1a8237a7b544a\/Kostrzewa-Pic-Carlit-popularna-trawa-niedzwiedzie-futro-ozdobna-trawa-Producent-nieznany-producent\" sizes=\"(min-width: 1200px) 560px, (min-width: 992px) 50vw, 100vw\" srcset=\"https:\/\/a.allegroimg.com\/s360\/11707a\/d4d54b5f4efe90d1a8237a7b544a\/Kostrzewa-Pic-Carlit-popularna-trawa-niedzwiedzie-futro-ozdobna-trawa-Producent-nieznany-producent 270w,https:\/\/a.allegroimg.com\/s720\/11707a\/d4d54b5f4efe90d1a8237a7b544a\/Kostrzewa-Pic-Carlit-popularna-trawa-niedzwiedzie-futro-ozdobna-trawa-Producent-nieznany-producent 541w,https:\/\/a.allegroimg.com\/s1024\/11707a\/d4d54b5f4efe90d1a8237a7b544a\/Kostrzewa-Pic-Carlit-popularna-trawa-niedzwiedzie-futro-ozdobna-trawa-Producent-nieznany-producent 770w,https:\/\/a.allegroimg.com\/s1440\/11707a\/d4d54b5f4efe90d1a8237a7b544a\/Kostrzewa-Pic-Carlit-popularna-trawa-niedzwiedzie-futro-ozdobna-trawa-Producent-nieznany-producent 1083w,https:\/\/a.allegroimg.com\/original\/11707a\/d4d54b5f4efe90d1a8237a7b544a\/Kostrzewa-Pic-Carlit-popularna-trawa-niedzwiedzie-futro-ozdobna-trawa-Producent-nieznany-producent 1927w\" alt=\"Kostrzewa Pic Carlit popularna trawa nied\u017awiedzie futro ozdobna trawa Producent nieznany producent\" width=\"1927px\" data-srcset=\"\" \/><\/button><\/div>\n<\/div>\n<\/div>\n<\/div>\n<div class=\"mp4t_16_s mryx_16_s mr3m_1 mli2_1 mh85_56 mh85_0_l\">\n<div class=\"mg9e_8 mj7a_8 mg9e_0_s mvrt_0_s mj7a_0_s mh36_0_s mzmg_6m munh_16_l m3h2_16_l\">\n<div class=\"mp4t_0 mryx_0 munh_56 m3h2_56\">\n<div class=\"mp7g_oh\"><button class=\"mg9e_0 mvrt_0 mj7a_0 mh36_0 mp4t_0 m3h2_0 mryx_0 munh_0 mqen_m6 mpof_z0 mx7m_0 m7er_k4 mse2_k4 msts_pt\" data-analytics-interaction=\"true\" data-analytics-interaction-label=\"zoomable-image-open\" aria-disabled=\"true\"><img decoding=\"async\" class=\"msub_k4 mupj_5k mjru_k4 mse2_k4 mp7g_f6 mq1m_0 mj7u_0 m7er_k4 mqen_m6 m31c_d8 m0ux_fp lazyloaded\" src=\"https:\/\/a.allegroimg.com\/original\/118b3d\/bb276d2147b582c6bdbcb6536b2f\/Kostrzewa-Pic-Carlit-popularna-trawa-niedzwiedzie-futro-ozdobna-trawa-Wysokosc-sadzonki-15-cm\" sizes=\"(min-width: 1200px) 560px, (min-width: 992px) 50vw, 100vw\" srcset=\"https:\/\/a.allegroimg.com\/s360\/118b3d\/bb276d2147b582c6bdbcb6536b2f\/Kostrzewa-Pic-Carlit-popularna-trawa-niedzwiedzie-futro-ozdobna-trawa-Wysokosc-sadzonki-15-cm 270w,https:\/\/a.allegroimg.com\/s720\/118b3d\/bb276d2147b582c6bdbcb6536b2f\/Kostrzewa-Pic-Carlit-popularna-trawa-niedzwiedzie-futro-ozdobna-trawa-Wysokosc-sadzonki-15-cm 541w,https:\/\/a.allegroimg.com\/s1024\/118b3d\/bb276d2147b582c6bdbcb6536b2f\/Kostrzewa-Pic-Carlit-popularna-trawa-niedzwiedzie-futro-ozdobna-trawa-Wysokosc-sadzonki-15-cm 770w,https:\/\/a.allegroimg.com\/s1440\/118b3d\/bb276d2147b582c6bdbcb6536b2f\/Kostrzewa-Pic-Carlit-popularna-trawa-niedzwiedzie-futro-ozdobna-trawa-Wysokosc-sadzonki-15-cm 1083w,https:\/\/a.allegroimg.com\/original\/118b3d\/bb276d2147b582c6bdbcb6536b2f\/Kostrzewa-Pic-Carlit-popularna-trawa-niedzwiedzie-futro-ozdobna-trawa-Wysokosc-sadzonki-15-cm 1927w\" alt=\"Kostrzewa Pic Carlit popularna trawa nied\u017awiedzie futro ozdobna trawa Wysoko\u015b\u0107 sadzonki 15 cm\" width=\"1927px\" data-srcset=\"\" \/><\/button><\/div>\n<\/div>\n<\/div>\n<\/div>\n<\/div>\n","protected":false},"excerpt":{"rendered":"<p>Kostrzewa gautiera Pic Carlit Festuca gautieri Pi\u0119kna i bardzo popularna trawa zwana potocznie nied\u017awiedzim futrem. Tworzy bardzo g\u0119ste poduchy, sztywnych soczy\u015bcie zielonych li\u015bci. \u015awietnie prezentuje si\u0119 na wszelkiego rodzaju skalniakach, murkach kwiatowych, w kompozycjach i zestawieniach z innymi ro\u015blinami, gdzie swoim nietypowym charakterem dodaje finezji i uroku. Odmiana 'Pic Carlit&#8217; jest bardziej zwarta i g\u0119sta &hellip;<\/p>\n<p class=\"read-more\"> <a class=\"\" href=\"https:\/\/www.ogrodolszanica.pl\/index.php\/produkt\/kostrzewa-pic-carlit\/\"> <span class=\"screen-reader-text\">Kostrzewa Pic Carlit<\/span> Read More &raquo;<\/a><\/p>\n","protected":false},"featured_media":3844,"comment_status":"open","ping_status":"closed","template":"","meta":{"site-sidebar-layout":"default","site-content-layout":"default","ast-global-header-display":"","ast-main-header-display":"","ast-hfb-above-header-display":"","ast-hfb-below-header-display":"","ast-hfb-mobile-header-display":"","site-post-title":"","ast-breadcrumbs-content":"","ast-featured-img":"","footer-sml-layout":"","theme-transparent-header-meta":"default","adv-header-id-meta":"","stick-header-meta":"","header-above-stick-meta":"","header-main-stick-meta":"","header-below-stick-meta":"","spay_email":""},"product_cat":[39],"product_tag":[],"class_list":["post-3842","product","type-product","status-publish","has-post-thumbnail","hentry","product_cat-krzewy"],"yoast_head":"<!-- This site is optimized with the Yoast SEO plugin v19.2 - https:\/\/yoast.com\/wordpress\/plugins\/seo\/ -->\n<title>Kostrzewa Pic Carlit - Ogr&oacute;d Olszanica<\/title>\n<meta name=\"robots\" content=\"index, follow, max-snippet:-1, max-image-preview:large, max-video-preview:-1\" \/>\n<link rel=\"canonical\" href=\"https:\/\/www.ogrodolszanica.pl\/index.php\/produkt\/kostrzewa-pic-carlit\/\" \/>\n<meta property=\"og:locale\" content=\"pl_PL\" \/>\n<meta property=\"og:type\" content=\"article\" \/>\n<meta property=\"og:title\" content=\"Kostrzewa Pic Carlit - Ogr&oacute;d Olszanica\" \/>\n<meta property=\"og:description\" content=\"Kostrzewa gautiera Pic Carlit Festuca gautieri Pi\u0119kna i bardzo popularna trawa zwana potocznie nied\u017awiedzim futrem. Tworzy bardzo g\u0119ste poduchy, sztywnych soczy\u015bcie zielonych li\u015bci. \u015awietnie prezentuje si\u0119 na wszelkiego rodzaju skalniakach, murkach kwiatowych, w kompozycjach i zestawieniach z innymi ro\u015blinami, gdzie swoim nietypowym charakterem dodaje finezji i uroku. Odmiana &#039;Pic Carlit&#8217; jest bardziej zwarta i g\u0119sta &hellip; Kostrzewa Pic Carlit Read More &raquo;\" \/>\n<meta property=\"og:url\" content=\"https:\/\/www.ogrodolszanica.pl\/index.php\/produkt\/kostrzewa-pic-carlit\/\" \/>\n<meta property=\"og:site_name\" content=\"Ogr&oacute;d Olszanica\" \/>\n<meta property=\"article:publisher\" content=\"https:\/\/www.facebook.com\/Ogrd-Olszanica-100807179225223\" \/>\n<meta property=\"article:modified_time\" content=\"2026-03-03T17:20:53+00:00\" \/>\n<meta property=\"og:image\" content=\"https:\/\/www.ogrodolszanica.pl\/wp-content\/uploads\/2026\/03\/Kostrzewa-Pic-Carlit-scaled.jpg\" \/>\n\t<meta property=\"og:image:width\" content=\"1928\" \/>\n\t<meta property=\"og:image:height\" content=\"2560\" \/>\n\t<meta property=\"og:image:type\" content=\"image\/jpeg\" \/>\n<meta name=\"author\" content=\"admin\" \/>\n<meta name=\"twitter:card\" content=\"summary_large_image\" \/>\n<meta name=\"twitter:label1\" content=\"Szacowany czas czytania\" \/>\n\t<meta name=\"twitter:data1\" content=\"1 minuta\" \/>\n<script type=\"application\/ld+json\" class=\"yoast-schema-graph\">{\"@context\":\"https:\/\/schema.org\",\"@graph\":[{\"@type\":\"Organization\",\"@id\":\"https:\/\/www.ogrodolszanica.pl\/#organization\",\"name\":\"Ogr\u00f3d Olszanica - Krakowskie Centrum Ogrodnicze\",\"url\":\"https:\/\/www.ogrodolszanica.pl\/\",\"sameAs\":[\"https:\/\/www.facebook.com\/Ogrd-Olszanica-100807179225223\"],\"logo\":{\"@type\":\"ImageObject\",\"inLanguage\":\"pl-PL\",\"@id\":\"https:\/\/www.ogrodolszanica.pl\/#\/schema\/logo\/image\/\",\"url\":\"http:\/\/www.ogrodolszanica.pl\/wp-content\/uploads\/2022\/06\/Ogrod-Olszanica1-1.png\",\"contentUrl\":\"http:\/\/www.ogrodolszanica.pl\/wp-content\/uploads\/2022\/06\/Ogrod-Olszanica1-1.png\",\"width\":180,\"height\":60,\"caption\":\"Ogr\u00f3d Olszanica - Krakowskie Centrum Ogrodnicze\"},\"image\":{\"@id\":\"https:\/\/www.ogrodolszanica.pl\/#\/schema\/logo\/image\/\"}},{\"@type\":\"WebSite\",\"@id\":\"https:\/\/www.ogrodolszanica.pl\/#website\",\"url\":\"https:\/\/www.ogrodolszanica.pl\/\",\"name\":\"Ogr&oacute;d Olszanica\",\"description\":\"Centrum Ogrodnicze Krak&oacute;w\",\"publisher\":{\"@id\":\"https:\/\/www.ogrodolszanica.pl\/#organization\"},\"potentialAction\":[{\"@type\":\"SearchAction\",\"target\":{\"@type\":\"EntryPoint\",\"urlTemplate\":\"https:\/\/www.ogrodolszanica.pl\/?s={search_term_string}\"},\"query-input\":\"required name=search_term_string\"}],\"inLanguage\":\"pl-PL\"},{\"@type\":\"ImageObject\",\"inLanguage\":\"pl-PL\",\"@id\":\"https:\/\/www.ogrodolszanica.pl\/index.php\/produkt\/kostrzewa-pic-carlit\/#primaryimage\",\"url\":\"https:\/\/i0.wp.com\/www.ogrodolszanica.pl\/wp-content\/uploads\/2026\/03\/Kostrzewa-Pic-Carlit-scaled.jpg?fit=1928%2C2560&ssl=1\",\"contentUrl\":\"https:\/\/i0.wp.com\/www.ogrodolszanica.pl\/wp-content\/uploads\/2026\/03\/Kostrzewa-Pic-Carlit-scaled.jpg?fit=1928%2C2560&ssl=1\",\"width\":1928,\"height\":2560},{\"@type\":\"WebPage\",\"@id\":\"https:\/\/www.ogrodolszanica.pl\/index.php\/produkt\/kostrzewa-pic-carlit\/#webpage\",\"url\":\"https:\/\/www.ogrodolszanica.pl\/index.php\/produkt\/kostrzewa-pic-carlit\/\",\"name\":\"Kostrzewa Pic Carlit - Ogr&oacute;d Olszanica\",\"isPartOf\":{\"@id\":\"https:\/\/www.ogrodolszanica.pl\/#website\"},\"primaryImageOfPage\":{\"@id\":\"https:\/\/www.ogrodolszanica.pl\/index.php\/produkt\/kostrzewa-pic-carlit\/#primaryimage\"},\"datePublished\":\"2026-03-02T13:48:37+00:00\",\"dateModified\":\"2026-03-03T17:20:53+00:00\",\"breadcrumb\":{\"@id\":\"https:\/\/www.ogrodolszanica.pl\/index.php\/produkt\/kostrzewa-pic-carlit\/#breadcrumb\"},\"inLanguage\":\"pl-PL\",\"potentialAction\":[{\"@type\":\"ReadAction\",\"target\":[\"https:\/\/www.ogrodolszanica.pl\/index.php\/produkt\/kostrzewa-pic-carlit\/\"]}]},{\"@type\":\"BreadcrumbList\",\"@id\":\"https:\/\/www.ogrodolszanica.pl\/index.php\/produkt\/kostrzewa-pic-carlit\/#breadcrumb\",\"itemListElement\":[{\"@type\":\"ListItem\",\"position\":1,\"name\":\"Strona g\u0142\u00f3wna\",\"item\":\"https:\/\/www.ogrodolszanica.pl\/\"},{\"@type\":\"ListItem\",\"position\":2,\"name\":\"Produkty\",\"item\":\"https:\/\/www.ogrodolszanica.pl\/index.php\/shop\/\"},{\"@type\":\"ListItem\",\"position\":3,\"name\":\"Kostrzewa Pic Carlit\"}]}]}<\/script>\n<!-- \/ Yoast SEO plugin. -->","yoast_head_json":{"title":"Kostrzewa Pic Carlit - Ogr&oacute;d Olszanica","robots":{"index":"index","follow":"follow","max-snippet":"max-snippet:-1","max-image-preview":"max-image-preview:large","max-video-preview":"max-video-preview:-1"},"canonical":"https:\/\/www.ogrodolszanica.pl\/index.php\/produkt\/kostrzewa-pic-carlit\/","og_locale":"pl_PL","og_type":"article","og_title":"Kostrzewa Pic Carlit - Ogr&oacute;d Olszanica","og_description":"Kostrzewa gautiera Pic Carlit Festuca gautieri Pi\u0119kna i bardzo popularna trawa zwana potocznie nied\u017awiedzim futrem. Tworzy bardzo g\u0119ste poduchy, sztywnych soczy\u015bcie zielonych li\u015bci. \u015awietnie prezentuje si\u0119 na wszelkiego rodzaju skalniakach, murkach kwiatowych, w kompozycjach i zestawieniach z innymi ro\u015blinami, gdzie swoim nietypowym charakterem dodaje finezji i uroku. Odmiana 'Pic Carlit&#8217; jest bardziej zwarta i g\u0119sta &hellip; Kostrzewa Pic Carlit Read More &raquo;","og_url":"https:\/\/www.ogrodolszanica.pl\/index.php\/produkt\/kostrzewa-pic-carlit\/","og_site_name":"Ogr&oacute;d Olszanica","article_publisher":"https:\/\/www.facebook.com\/Ogrd-Olszanica-100807179225223","article_modified_time":"2026-03-03T17:20:53+00:00","og_image":[{"width":1928,"height":2560,"url":"https:\/\/www.ogrodolszanica.pl\/wp-content\/uploads\/2026\/03\/Kostrzewa-Pic-Carlit-scaled.jpg","type":"image\/jpeg"}],"author":"admin","twitter_card":"summary_large_image","twitter_misc":{"Szacowany czas czytania":"1 minuta"},"schema":{"@context":"https:\/\/schema.org","@graph":[{"@type":"Organization","@id":"https:\/\/www.ogrodolszanica.pl\/#organization","name":"Ogr\u00f3d Olszanica - Krakowskie Centrum Ogrodnicze","url":"https:\/\/www.ogrodolszanica.pl\/","sameAs":["https:\/\/www.facebook.com\/Ogrd-Olszanica-100807179225223"],"logo":{"@type":"ImageObject","inLanguage":"pl-PL","@id":"https:\/\/www.ogrodolszanica.pl\/#\/schema\/logo\/image\/","url":"http:\/\/www.ogrodolszanica.pl\/wp-content\/uploads\/2022\/06\/Ogrod-Olszanica1-1.png","contentUrl":"http:\/\/www.ogrodolszanica.pl\/wp-content\/uploads\/2022\/06\/Ogrod-Olszanica1-1.png","width":180,"height":60,"caption":"Ogr\u00f3d Olszanica - Krakowskie Centrum Ogrodnicze"},"image":{"@id":"https:\/\/www.ogrodolszanica.pl\/#\/schema\/logo\/image\/"}},{"@type":"WebSite","@id":"https:\/\/www.ogrodolszanica.pl\/#website","url":"https:\/\/www.ogrodolszanica.pl\/","name":"Ogr&oacute;d Olszanica","description":"Centrum Ogrodnicze Krak&oacute;w","publisher":{"@id":"https:\/\/www.ogrodolszanica.pl\/#organization"},"potentialAction":[{"@type":"SearchAction","target":{"@type":"EntryPoint","urlTemplate":"https:\/\/www.ogrodolszanica.pl\/?s={search_term_string}"},"query-input":"required name=search_term_string"}],"inLanguage":"pl-PL"},{"@type":"ImageObject","inLanguage":"pl-PL","@id":"https:\/\/www.ogrodolszanica.pl\/index.php\/produkt\/kostrzewa-pic-carlit\/#primaryimage","url":"https:\/\/i0.wp.com\/www.ogrodolszanica.pl\/wp-content\/uploads\/2026\/03\/Kostrzewa-Pic-Carlit-scaled.jpg?fit=1928%2C2560&ssl=1","contentUrl":"https:\/\/i0.wp.com\/www.ogrodolszanica.pl\/wp-content\/uploads\/2026\/03\/Kostrzewa-Pic-Carlit-scaled.jpg?fit=1928%2C2560&ssl=1","width":1928,"height":2560},{"@type":"WebPage","@id":"https:\/\/www.ogrodolszanica.pl\/index.php\/produkt\/kostrzewa-pic-carlit\/#webpage","url":"https:\/\/www.ogrodolszanica.pl\/index.php\/produkt\/kostrzewa-pic-carlit\/","name":"Kostrzewa Pic Carlit - Ogr&oacute;d Olszanica","isPartOf":{"@id":"https:\/\/www.ogrodolszanica.pl\/#website"},"primaryImageOfPage":{"@id":"https:\/\/www.ogrodolszanica.pl\/index.php\/produkt\/kostrzewa-pic-carlit\/#primaryimage"},"datePublished":"2026-03-02T13:48:37+00:00","dateModified":"2026-03-03T17:20:53+00:00","breadcrumb":{"@id":"https:\/\/www.ogrodolszanica.pl\/index.php\/produkt\/kostrzewa-pic-carlit\/#breadcrumb"},"inLanguage":"pl-PL","potentialAction":[{"@type":"ReadAction","target":["https:\/\/www.ogrodolszanica.pl\/index.php\/produkt\/kostrzewa-pic-carlit\/"]}]},{"@type":"BreadcrumbList","@id":"https:\/\/www.ogrodolszanica.pl\/index.php\/produkt\/kostrzewa-pic-carlit\/#breadcrumb","itemListElement":[{"@type":"ListItem","position":1,"name":"Strona g\u0142\u00f3wna","item":"https:\/\/www.ogrodolszanica.pl\/"},{"@type":"ListItem","position":2,"name":"Produkty","item":"https:\/\/www.ogrodolszanica.pl\/index.php\/shop\/"},{"@type":"ListItem","position":3,"name":"Kostrzewa Pic Carlit"}]}]}},"jetpack-related-posts":[{"id":1703,"url":"https:\/\/www.ogrodolszanica.pl\/index.php\/produkt\/kostrzewa-elijah-blue\/","url_meta":{"origin":3842,"position":0},"title":"Kostrzewa Elijah Blue","date":"17 lipca, 2022","format":false,"excerpt":"Kostrzewa Elijah Blue Zimozielona, mrozoodporna odmiana kostrzewy o szaro-niebieskich li\u015bciach tworz\u0105cych zwarte, kuliste k\u0119py, z kt\u00f3rych w maju i czerwcu wyrastaj\u0105 drobne, liczne kwiatostany, pocz\u0105tkowo niebieskawe, p\u00f3\u017aniej przebarwiaj\u0105ce si\u0119 na \u017c\u00f3\u0142to. Najlepiej ro\u015bnie na stanowiskach suchych i ciep\u0142ych, na lekkich i przepuszczalnych glebach. Rodzaj: Kostrzewa Barwa: Szaro-niebieski szeroko\u015b\u0107: 30\u00a0cm wysoko\u015b\u0107:\u2026","rel":"","context":"Similar post","img":{"alt_text":"","src":"https:\/\/i0.wp.com\/www.ogrodolszanica.pl\/wp-content\/uploads\/2022\/07\/byliny-i-trawy_festuca-kostrzewa_79897_2.jpg?fit=650%2C467&ssl=1&resize=350%2C200","width":350,"height":200},"classes":[]},{"id":2620,"url":"https:\/\/www.ogrodolszanica.pl\/index.php\/produkt\/zawciag-splendens\/","url_meta":{"origin":3842,"position":1},"title":"Zawci\u0105g nadmorski Splendens","date":"29 stycznia, 2024","format":false,"excerpt":"Zawci\u0105g nadmorski Splendens Armeria maritima Zawci\u0105g nadmorski tworzy zwarte, soczysto zielone poduchy z\u0142o\u017cone z w\u0105skich li\u015bci. W maju nad k\u0119py li\u015bci w masowych ilo\u015bciach wyrastaj\u0105 pi\u0119kne ciemnor\u00f3\u017cowe kwiatostany na kr\u00f3tkich \u0142ody\u017ckach. Wysoko\u015b\u0107 ro\u015blin w momencie kwitnienia nie przekracza zwykle 20 cm. W kolejnych miesi\u0105cach kwiaty r\u00f3wnie\u017c pojawiaj\u0105 si\u0119, ale w\u2026","rel":"","context":"Similar post","img":{"alt_text":"","src":"https:\/\/i0.wp.com\/www.ogrodolszanica.pl\/wp-content\/uploads\/2024\/01\/byliny-i-trawy_armeria_79855_1.jpg?fit=200%2C200&ssl=1&resize=350%2C200","width":350,"height":200},"classes":[]},{"id":2701,"url":"https:\/\/www.ogrodolszanica.pl\/index.php\/produkt\/dzwonek-poszarskiego-e-h-frost\/","url_meta":{"origin":3842,"position":2},"title":"Dzwonek Poszarskiego 'E.H.Frost&#8217;","date":"31 stycznia, 2024","format":false,"excerpt":"Dzwonek Poszarskiego E.H.Frost Jest idealn\u0105 ro\u015blin\u0105 na stanowisko p\u00f3\u0142cieniste. \u0141adnie ro\u015bnie te\u017c w cieniu, jednak nie tak obficie kwitnie. Jest drobn\u0105 kobiercow\u0105 bylin\u0105 dzi\u0119ki czemu doskonale nadaje si\u0119 jako podsadzenia drzew i krzew\u00f3w. Bardzo dobrze ro\u015bnie te\u017c na skalniakach, murkach oraz wok\u00f3\u0142 oczek wodnych. Rozrasta si\u0119 do\u015b\u0107 szybko i jest\u2026","rel":"","context":"Similar post","img":{"alt_text":"","src":"https:\/\/i0.wp.com\/www.ogrodolszanica.pl\/wp-content\/uploads\/2024\/01\/Dzwonek-Poszarskiego-E.H.Frost-v2-scaled.jpg?fit=904%2C1200&ssl=1&resize=350%2C200","width":350,"height":200},"classes":[]},{"id":2600,"url":"https:\/\/www.ogrodolszanica.pl\/index.php\/produkt\/zagwin-audrey-sky-blue\/","url_meta":{"origin":3842,"position":3},"title":"\u017bagwin ogrodowy Audrey Sky Blue","date":"24 stycznia, 2024","format":false,"excerpt":"\u017bagwin drobny Audrey Sky Blue\u00a0jest wieloletni\u0105 bylin\u0105 k\u0119piast\u0105, zadarniaj\u0105c\u0105. Tworzy dywany dorastaj\u0105ce do 20 cm w trakcie kwitnienia. Bylina na pocz\u0105tku wiosny zakwita obficie jasnofioletowymi kwiatami. \u017bagwin ogrodowy kwitnie wiosn\u0105 (IV-V), jako jedna z pierwszych ro\u015blin na rabacie. Na jesieni mo\u017ce powt\u00f3rzy\u0107 kwitnienie, ale nie jest ono tak obfite jak\u2026","rel":"","context":"Similar post","img":{"alt_text":"","src":"https:\/\/i0.wp.com\/www.ogrodolszanica.pl\/wp-content\/uploads\/2024\/01\/zagwin-ogrodowy-glacier-sky-blue-aubrieta-cultorum-glacier-sky-blue.jpg?fit=350%2C350&ssl=1&resize=350%2C200","width":350,"height":200},"classes":[]},{"id":4115,"url":"https:\/\/www.ogrodolszanica.pl\/index.php\/produkt\/konwalnik-plaskopedowy-niger-czarna-trawa\/","url_meta":{"origin":3842,"position":4},"title":"Konwalnik p\u0142askop\u0119dowy Niger czarna trawa","date":"8 marca, 2026","format":false,"excerpt":"Konwalnik p\u0142askop\u0119dowy\u00a0'Niger' Bardzo modne ostatnio trawy ozdobne przyci\u0105gaj\u0105 uwag\u0119 zw\u0142aszcza imponuj\u0105cym kwitnieniem lub form\u0105, czasem z\u0142otym lub pstrym ubarwieniem li\u015bci. Jednak czym\u015b ca\u0142kowicie niespotykanym w\u015br\u00f3d traw ozdobnych jest czarny kolor li\u015bci. Konwalijnik 'Niger'\u00a0to wyj\u0105tkowa bylina,\u00a0kt\u00f3ra wygl\u0105dem przypomina traw\u0119. Tworzy bardzo ciekaw\u0105 form\u0119 k\u0119pki z szerokimi, dos\u0142ownie czarnymi li\u015b\u0107mi, kt\u00f3re s\u0105\u2026","rel":"","context":"Similar post","img":{"alt_text":"","src":"https:\/\/i0.wp.com\/www.ogrodolszanica.pl\/wp-content\/uploads\/2026\/03\/Konwalnik-plaskopedowy-Niger-v56-1-scaled.jpg?fit=904%2C1200&ssl=1&resize=350%2C200","width":350,"height":200},"classes":[]},{"id":3554,"url":"https:\/\/www.ogrodolszanica.pl\/index.php\/produkt\/palczatka-miotlasta\/","url_meta":{"origin":3842,"position":5},"title":"Palczatka miotlasta","date":"27 lutego, 2026","format":false,"excerpt":"Palczatka miotlasta Twilight Zone Schizachyrium scoparium Palczatka miotlasta 'Twilight Zone' zachwyca niemal opalizuj\u0105c\u0105, srebrzysto-purpurow\u0105 barw\u0105 li\u015bci. Wiosn\u0105 li\u015bcie maj\u0105 zielono-niebieskawe zabarwienie, a efektowne purpurowe refleksy pojawiaj\u0105 si\u0119 w \u015brodku lata i zdobi\u0105 trawiaste li\u015bcie a\u017c do jesieni. Tworzy atrakcyjny pokr\u00f3j wyprostowanej i w\u0105skiej k\u0119py, przy czym zewn\u0119trzne li\u015bcie maj\u0105 tendencje\u2026","rel":"","context":"Similar post","img":{"alt_text":"","src":"https:\/\/i0.wp.com\/www.ogrodolszanica.pl\/wp-content\/uploads\/2026\/02\/Palczatka-miotlasta-scaled.jpg?fit=904%2C1200&ssl=1&resize=350%2C200","width":350,"height":200},"classes":[]}],"_links":{"self":[{"href":"https:\/\/www.ogrodolszanica.pl\/index.php\/wp-json\/wp\/v2\/product\/3842","targetHints":{"allow":["GET"]}}],"collection":[{"href":"https:\/\/www.ogrodolszanica.pl\/index.php\/wp-json\/wp\/v2\/product"}],"about":[{"href":"https:\/\/www.ogrodolszanica.pl\/index.php\/wp-json\/wp\/v2\/types\/product"}],"replies":[{"embeddable":true,"href":"https:\/\/www.ogrodolszanica.pl\/index.php\/wp-json\/wp\/v2\/comments?post=3842"}],"wp:featuredmedia":[{"embeddable":true,"href":"https:\/\/www.ogrodolszanica.pl\/index.php\/wp-json\/wp\/v2\/media\/3844"}],"wp:attachment":[{"href":"https:\/\/www.ogrodolszanica.pl\/index.php\/wp-json\/wp\/v2\/media?parent=3842"}],"wp:term":[{"taxonomy":"product_cat","embeddable":true,"href":"https:\/\/www.ogrodolszanica.pl\/index.php\/wp-json\/wp\/v2\/product_cat?post=3842"},{"taxonomy":"product_tag","embeddable":true,"href":"https:\/\/www.ogrodolszanica.pl\/index.php\/wp-json\/wp\/v2\/product_tag?post=3842"}],"curies":[{"name":"wp","href":"https:\/\/api.w.org\/{rel}","templated":true}]}}