{"id":3827,"date":"2026-03-02T13:41:49","date_gmt":"2026-03-02T13:41:49","guid":{"rendered":"https:\/\/www.ogrodolszanica.pl\/?post_type=product&#038;p=3827"},"modified":"2026-03-04T20:52:01","modified_gmt":"2026-03-04T20:52:01","slug":"kalimeris-blue-star","status":"publish","type":"product","link":"https:\/\/www.ogrodolszanica.pl\/index.php\/produkt\/kalimeris-blue-star\/","title":{"rendered":"Kalimeris Blue Star"},"content":{"rendered":"<div class=\"mpof_ki myre_zn myre_8v_l m389_6m_l\">\n<div class=\"mp4t_16_s mryx_16_s mr3m_1 mli2_1 mh85_56 mh85_0_l\">\n<div class=\"mgn2_16 _0d3bd_am0a-\">\n<h1>Kalimeris gwiazdzista Blue Star<\/h1>\n<p>Kalimeris, znane r\u00f3wnie\u017c jako &#8222;jesienne astery&#8221;, to ro\u015bliny ozdobne cenione za swoje urocze kwiaty, kt\u00f3re przypominaj\u0105 astry. Kalimeris&#8217;y charakteryzuj\u0105 si\u0119 delikatnymi, ale obfitymi kwiatostanami oraz atrakcyjnymi, ciemnozielonymi li\u015b\u0107mi. S\u0105 to ro\u015bliny wieloletnie, kt\u00f3re kwitn\u0105 na prze\u0142omie lata i jesieni, przyci\u0105gaj\u0105c pszczo\u0142y i motyle do ogrodu.<\/p>\n<ul>\n<li>Rodzaj:\u00a0<b>aster<\/b><\/li>\n<li>Stanowisko:\u00a0<b>s\u0142oneczne<\/b>\u00a0\u2600\ufe0f<\/li>\n<li>Podlewanie:\u00a0<b>przeci\u0119tne<\/b><\/li>\n<li>Barwa kwiatu:\u00a0<b>niebieski<\/b><\/li>\n<li>Barwa li\u015bci:\u00a0<b>zielone<\/b><\/li>\n<li>Szeroko\u015b\u0107 \u2b05\ufe0f\u27a1\ufe0f:\u00a0<b>25-45 cm<\/b><\/li>\n<li>Wysoko\u015b\u0107 kwitnienia \u2b06\ufe0f:\u00a0<b>40-50 cm<\/b><\/li>\n<li>Okres kwitnienia \u27a1\ufe0f\u2b05\ufe0f:\u00a0<b>lipiec \u00f7 pa\u017adziernik<\/b><\/li>\n<li>Mrozoodporno\u015b\u0107:\u00a0<b>tak<\/b><\/li>\n<li>Ro\u015blina wieloletnia:\u00a0<b>tak<\/b><\/li>\n<\/ul>\n<\/div>\n<\/div>\n<div class=\"mp4t_16_s mryx_16_s mr3m_1 mli2_1 mh85_56 mh85_0_l\">\n<div class=\"mg9e_8 mj7a_8 mg9e_0_s mvrt_0_s mj7a_0_s mh36_0_s mzmg_6m munh_16_l m3h2_16_l\">\n<div class=\"mp4t_0 mryx_0 munh_56 m3h2_56\">\n<div class=\"mp7g_oh\"><button class=\"mg9e_0 mvrt_0 mj7a_0 mh36_0 mp4t_0 m3h2_0 mryx_0 munh_0 mqen_m6 mpof_z0 mx7m_0 m7er_k4 mse2_k4 msts_pt\" data-analytics-interaction=\"true\" data-analytics-interaction-label=\"zoomable-image-open\" aria-disabled=\"true\"><img decoding=\"async\" class=\"msub_k4 mupj_5k mjru_k4 mse2_k4 mp7g_f6 mq1m_0 mj7u_0 m7er_k4 mqen_m6 m31c_d8 m0ux_fp lazyloaded\" src=\"https:\/\/a.allegroimg.com\/original\/116b1b\/1d5ccd454f37b21dedebd027920a\/Kalimeris-Blue-Star-delikatne-niebieskie-kwiaty-duza-sadzonka-wieloletnia\" sizes=\"(min-width: 1200px) 560px, (min-width: 992px) 50vw, 100vw\" srcset=\"https:\/\/a.allegroimg.com\/s360\/116b1b\/1d5ccd454f37b21dedebd027920a\/Kalimeris-Blue-Star-delikatne-niebieskie-kwiaty-duza-sadzonka-wieloletnia 360w,https:\/\/a.allegroimg.com\/s720\/116b1b\/1d5ccd454f37b21dedebd027920a\/Kalimeris-Blue-Star-delikatne-niebieskie-kwiaty-duza-sadzonka-wieloletnia 720w,https:\/\/a.allegroimg.com\/s1024\/116b1b\/1d5ccd454f37b21dedebd027920a\/Kalimeris-Blue-Star-delikatne-niebieskie-kwiaty-duza-sadzonka-wieloletnia 850w,https:\/\/a.allegroimg.com\/original\/116b1b\/1d5ccd454f37b21dedebd027920a\/Kalimeris-Blue-Star-delikatne-niebieskie-kwiaty-duza-sadzonka-wieloletnia 850w\" alt=\"Kalimeris Blue Star delikatne niebieskie kwiaty du\u017ca sadzonka wieloletnia\" width=\"850px\" data-srcset=\"\" \/><\/button><\/div>\n<\/div>\n<\/div>\n<\/div>\n<\/div>\n<div class=\"mpof_ki myre_zn myre_8v_l m389_6m_l\">\n<div class=\"mp4t_16_s mryx_16_s mr3m_1 mli2_1 mh85_56 mh85_0_l\">\n<div class=\"mgn2_16 _0d3bd_am0a-\">\n<h1>Uwaga \u2757\u2757\u2757<\/h1>\n<p><b>Jedno zdj\u0119cie przedstawia ro\u015blin\u0119 w pe\u0142ni rozwini\u0119t\u0105, a drugie sadzonk\u0119 kt\u00f3ra jest w sprzeda\u017cy.<\/b><\/p>\n<p><b>Jednak \u017ce s\u0105 to \u017cywe ro\u015bliny i z tygodnia na tydzie\u0144 zmieniaj\u0105 sw\u00f3j wygl\u0105d. Mog\u0105 by\u0107 przyci\u0119te, a w okresie kwitnienia mog\u0105 by\u0107 wi\u0119ksze oraz z kwiatami.<\/b><\/p>\n<\/div>\n<\/div>\n<\/div>\n<div class=\"mpof_ki myre_zn myre_8v_l m389_6m_l\">\n<div class=\"mp4t_16_s mryx_16_s mr3m_1 mli2_1 mh85_56 mh85_0_l\">\n<div class=\"mg9e_8 mj7a_8 mg9e_0_s mvrt_0_s mj7a_0_s mh36_0_s mzmg_6m munh_16_l m3h2_16_l\">\n<div class=\"mp4t_0 mryx_0 munh_56 m3h2_56\">\n<div class=\"mp7g_oh\"><button class=\"mg9e_0 mvrt_0 mj7a_0 mh36_0 mp4t_0 m3h2_0 mryx_0 munh_0 mqen_m6 mpof_z0 mx7m_0 m7er_k4 mse2_k4 msts_pt\" data-analytics-interaction=\"true\" data-analytics-interaction-label=\"zoomable-image-open\" aria-disabled=\"true\"><img decoding=\"async\" class=\"msub_k4 mupj_5k mjru_k4 mse2_k4 mp7g_f6 mq1m_0 mj7u_0 m7er_k4 mqen_m6 m31c_d8 m0ux_fp lazyloaded\" src=\"https:\/\/a.allegroimg.com\/original\/11e0f8\/f46426a7484386557858a90a2b3d\/Kalimeris-Blue-Star-delikatne-niebieskie-kwiaty-duza-sadzonka-wieloletnia-Kolor-kwiatow-niebieski-inny-kolor\" sizes=\"(min-width: 1200px) 560px, (min-width: 992px) 50vw, 100vw\" srcset=\"https:\/\/a.allegroimg.com\/s360\/11e0f8\/f46426a7484386557858a90a2b3d\/Kalimeris-Blue-Star-delikatne-niebieskie-kwiaty-duza-sadzonka-wieloletnia-Kolor-kwiatow-niebieski-inny-kolor 270w,https:\/\/a.allegroimg.com\/s720\/11e0f8\/f46426a7484386557858a90a2b3d\/Kalimeris-Blue-Star-delikatne-niebieskie-kwiaty-duza-sadzonka-wieloletnia-Kolor-kwiatow-niebieski-inny-kolor 541w,https:\/\/a.allegroimg.com\/s1024\/11e0f8\/f46426a7484386557858a90a2b3d\/Kalimeris-Blue-Star-delikatne-niebieskie-kwiaty-duza-sadzonka-wieloletnia-Kolor-kwiatow-niebieski-inny-kolor 770w,https:\/\/a.allegroimg.com\/s1440\/11e0f8\/f46426a7484386557858a90a2b3d\/Kalimeris-Blue-Star-delikatne-niebieskie-kwiaty-duza-sadzonka-wieloletnia-Kolor-kwiatow-niebieski-inny-kolor 1083w,https:\/\/a.allegroimg.com\/original\/11e0f8\/f46426a7484386557858a90a2b3d\/Kalimeris-Blue-Star-delikatne-niebieskie-kwiaty-duza-sadzonka-wieloletnia-Kolor-kwiatow-niebieski-inny-kolor 1927w\" alt=\"Kalimeris Blue Star delikatne niebieskie kwiaty du\u017ca sadzonka wieloletnia Kolor kwiat\u00f3w niebieski inny kolor\" width=\"1927px\" data-srcset=\"\" \/><\/button><\/div>\n<\/div>\n<\/div>\n<\/div>\n<div class=\"mp4t_16_s mryx_16_s mr3m_1 mli2_1 mh85_56 mh85_0_l\">\n<div class=\"mg9e_8 mj7a_8 mg9e_0_s mvrt_0_s mj7a_0_s mh36_0_s mzmg_6m munh_16_l m3h2_16_l\">\n<div class=\"mp4t_0 mryx_0 munh_56 m3h2_56\">\n<div class=\"mp7g_oh\"><button class=\"mg9e_0 mvrt_0 mj7a_0 mh36_0 mp4t_0 m3h2_0 mryx_0 munh_0 mqen_m6 mpof_z0 mx7m_0 m7er_k4 mse2_k4 msts_pt\" data-analytics-interaction=\"true\" data-analytics-interaction-label=\"zoomable-image-open\" aria-disabled=\"true\"><img decoding=\"async\" class=\"msub_k4 mupj_5k mjru_k4 mse2_k4 mp7g_f6 mq1m_0 mj7u_0 m7er_k4 mqen_m6 m31c_d8 m0ux_fp lazyloaded\" src=\"https:\/\/a.allegroimg.com\/original\/11364e\/5a2dce4f4212bfd68c98e5e4e344\/Kalimeris-Blue-Star-delikatne-niebieskie-kwiaty-duza-sadzonka-wieloletnia-Rodzaj-rosliny-astry\" sizes=\"(min-width: 1200px) 560px, (min-width: 992px) 50vw, 100vw\" srcset=\"https:\/\/a.allegroimg.com\/s360\/11364e\/5a2dce4f4212bfd68c98e5e4e344\/Kalimeris-Blue-Star-delikatne-niebieskie-kwiaty-duza-sadzonka-wieloletnia-Rodzaj-rosliny-astry 270w,https:\/\/a.allegroimg.com\/s720\/11364e\/5a2dce4f4212bfd68c98e5e4e344\/Kalimeris-Blue-Star-delikatne-niebieskie-kwiaty-duza-sadzonka-wieloletnia-Rodzaj-rosliny-astry 541w,https:\/\/a.allegroimg.com\/s1024\/11364e\/5a2dce4f4212bfd68c98e5e4e344\/Kalimeris-Blue-Star-delikatne-niebieskie-kwiaty-duza-sadzonka-wieloletnia-Rodzaj-rosliny-astry 770w,https:\/\/a.allegroimg.com\/s1440\/11364e\/5a2dce4f4212bfd68c98e5e4e344\/Kalimeris-Blue-Star-delikatne-niebieskie-kwiaty-duza-sadzonka-wieloletnia-Rodzaj-rosliny-astry 1083w,https:\/\/a.allegroimg.com\/original\/11364e\/5a2dce4f4212bfd68c98e5e4e344\/Kalimeris-Blue-Star-delikatne-niebieskie-kwiaty-duza-sadzonka-wieloletnia-Rodzaj-rosliny-astry 1927w\" alt=\"Kalimeris Blue Star delikatne niebieskie kwiaty du\u017ca sadzonka wieloletnia Rodzaj ro\u015bliny astry\" width=\"1927px\" data-srcset=\"\" \/><\/button><\/div>\n<\/div>\n<\/div>\n<\/div>\n<\/div>\n","protected":false},"excerpt":{"rendered":"<p>Kalimeris gwiazdzista Blue Star Kalimeris, znane r\u00f3wnie\u017c jako &#8222;jesienne astery&#8221;, to ro\u015bliny ozdobne cenione za swoje urocze kwiaty, kt\u00f3re przypominaj\u0105 astry. Kalimeris&#8217;y charakteryzuj\u0105 si\u0119 delikatnymi, ale obfitymi kwiatostanami oraz atrakcyjnymi, ciemnozielonymi li\u015b\u0107mi. S\u0105 to ro\u015bliny wieloletnie, kt\u00f3re kwitn\u0105 na prze\u0142omie lata i jesieni, przyci\u0105gaj\u0105c pszczo\u0142y i motyle do ogrodu. Rodzaj:\u00a0aster Stanowisko:\u00a0s\u0142oneczne\u00a0\u2600\ufe0f Podlewanie:\u00a0przeci\u0119tne Barwa kwiatu:\u00a0niebieski Barwa &hellip;<\/p>\n<p class=\"read-more\"> <a class=\"\" href=\"https:\/\/www.ogrodolszanica.pl\/index.php\/produkt\/kalimeris-blue-star\/\"> <span class=\"screen-reader-text\">Kalimeris Blue Star<\/span> Read More &raquo;<\/a><\/p>\n","protected":false},"featured_media":3828,"comment_status":"open","ping_status":"closed","template":"","meta":{"site-sidebar-layout":"default","site-content-layout":"default","ast-global-header-display":"","ast-main-header-display":"","ast-hfb-above-header-display":"","ast-hfb-below-header-display":"","ast-hfb-mobile-header-display":"","site-post-title":"","ast-breadcrumbs-content":"","ast-featured-img":"","footer-sml-layout":"","theme-transparent-header-meta":"default","adv-header-id-meta":"","stick-header-meta":"","header-above-stick-meta":"","header-main-stick-meta":"","header-below-stick-meta":"","spay_email":""},"product_cat":[29,75],"product_tag":[],"class_list":["post-3827","product","type-product","status-publish","has-post-thumbnail","hentry","product_cat-byliny","product_cat-kalimeris"],"yoast_head":"<!-- This site is optimized with the Yoast SEO plugin v19.2 - https:\/\/yoast.com\/wordpress\/plugins\/seo\/ -->\n<title>Kalimeris Blue Star - Ogr&oacute;d Olszanica<\/title>\n<meta name=\"robots\" content=\"index, follow, max-snippet:-1, max-image-preview:large, max-video-preview:-1\" \/>\n<link rel=\"canonical\" href=\"https:\/\/www.ogrodolszanica.pl\/index.php\/produkt\/kalimeris-blue-star\/\" \/>\n<meta property=\"og:locale\" content=\"pl_PL\" \/>\n<meta property=\"og:type\" content=\"article\" \/>\n<meta property=\"og:title\" content=\"Kalimeris Blue Star - Ogr&oacute;d Olszanica\" \/>\n<meta property=\"og:description\" content=\"Kalimeris gwiazdzista Blue Star Kalimeris, znane r\u00f3wnie\u017c jako &#8222;jesienne astery&#8221;, to ro\u015bliny ozdobne cenione za swoje urocze kwiaty, kt\u00f3re przypominaj\u0105 astry. Kalimeris&#8217;y charakteryzuj\u0105 si\u0119 delikatnymi, ale obfitymi kwiatostanami oraz atrakcyjnymi, ciemnozielonymi li\u015b\u0107mi. S\u0105 to ro\u015bliny wieloletnie, kt\u00f3re kwitn\u0105 na prze\u0142omie lata i jesieni, przyci\u0105gaj\u0105c pszczo\u0142y i motyle do ogrodu. Rodzaj:\u00a0aster Stanowisko:\u00a0s\u0142oneczne\u00a0\u2600\ufe0f Podlewanie:\u00a0przeci\u0119tne Barwa kwiatu:\u00a0niebieski Barwa &hellip; Kalimeris Blue Star Read More &raquo;\" \/>\n<meta property=\"og:url\" content=\"https:\/\/www.ogrodolszanica.pl\/index.php\/produkt\/kalimeris-blue-star\/\" \/>\n<meta property=\"og:site_name\" content=\"Ogr&oacute;d Olszanica\" \/>\n<meta property=\"article:publisher\" content=\"https:\/\/www.facebook.com\/Ogrd-Olszanica-100807179225223\" \/>\n<meta property=\"article:modified_time\" content=\"2026-03-04T20:52:01+00:00\" \/>\n<meta property=\"og:image\" content=\"https:\/\/www.ogrodolszanica.pl\/wp-content\/uploads\/2026\/03\/Kalimeris-Blue-Star-v1-scaled.jpg\" \/>\n\t<meta property=\"og:image:width\" content=\"1928\" \/>\n\t<meta property=\"og:image:height\" content=\"2560\" \/>\n\t<meta property=\"og:image:type\" content=\"image\/jpeg\" \/>\n<meta name=\"author\" content=\"admin\" \/>\n<meta name=\"twitter:card\" content=\"summary_large_image\" \/>\n<meta name=\"twitter:label1\" content=\"Szacowany czas czytania\" \/>\n\t<meta name=\"twitter:data1\" content=\"1 minuta\" \/>\n<script type=\"application\/ld+json\" class=\"yoast-schema-graph\">{\"@context\":\"https:\/\/schema.org\",\"@graph\":[{\"@type\":\"Organization\",\"@id\":\"https:\/\/www.ogrodolszanica.pl\/#organization\",\"name\":\"Ogr\u00f3d Olszanica - Krakowskie Centrum Ogrodnicze\",\"url\":\"https:\/\/www.ogrodolszanica.pl\/\",\"sameAs\":[\"https:\/\/www.facebook.com\/Ogrd-Olszanica-100807179225223\"],\"logo\":{\"@type\":\"ImageObject\",\"inLanguage\":\"pl-PL\",\"@id\":\"https:\/\/www.ogrodolszanica.pl\/#\/schema\/logo\/image\/\",\"url\":\"http:\/\/www.ogrodolszanica.pl\/wp-content\/uploads\/2022\/06\/Ogrod-Olszanica1-1.png\",\"contentUrl\":\"http:\/\/www.ogrodolszanica.pl\/wp-content\/uploads\/2022\/06\/Ogrod-Olszanica1-1.png\",\"width\":180,\"height\":60,\"caption\":\"Ogr\u00f3d Olszanica - Krakowskie Centrum Ogrodnicze\"},\"image\":{\"@id\":\"https:\/\/www.ogrodolszanica.pl\/#\/schema\/logo\/image\/\"}},{\"@type\":\"WebSite\",\"@id\":\"https:\/\/www.ogrodolszanica.pl\/#website\",\"url\":\"https:\/\/www.ogrodolszanica.pl\/\",\"name\":\"Ogr&oacute;d Olszanica\",\"description\":\"Centrum Ogrodnicze Krak&oacute;w\",\"publisher\":{\"@id\":\"https:\/\/www.ogrodolszanica.pl\/#organization\"},\"potentialAction\":[{\"@type\":\"SearchAction\",\"target\":{\"@type\":\"EntryPoint\",\"urlTemplate\":\"https:\/\/www.ogrodolszanica.pl\/?s={search_term_string}\"},\"query-input\":\"required name=search_term_string\"}],\"inLanguage\":\"pl-PL\"},{\"@type\":\"ImageObject\",\"inLanguage\":\"pl-PL\",\"@id\":\"https:\/\/www.ogrodolszanica.pl\/index.php\/produkt\/kalimeris-blue-star\/#primaryimage\",\"url\":\"https:\/\/i0.wp.com\/www.ogrodolszanica.pl\/wp-content\/uploads\/2026\/03\/Kalimeris-Blue-Star-v1-scaled.jpg?fit=1928%2C2560&ssl=1\",\"contentUrl\":\"https:\/\/i0.wp.com\/www.ogrodolszanica.pl\/wp-content\/uploads\/2026\/03\/Kalimeris-Blue-Star-v1-scaled.jpg?fit=1928%2C2560&ssl=1\",\"width\":1928,\"height\":2560},{\"@type\":\"WebPage\",\"@id\":\"https:\/\/www.ogrodolszanica.pl\/index.php\/produkt\/kalimeris-blue-star\/#webpage\",\"url\":\"https:\/\/www.ogrodolszanica.pl\/index.php\/produkt\/kalimeris-blue-star\/\",\"name\":\"Kalimeris Blue Star - Ogr&oacute;d Olszanica\",\"isPartOf\":{\"@id\":\"https:\/\/www.ogrodolszanica.pl\/#website\"},\"primaryImageOfPage\":{\"@id\":\"https:\/\/www.ogrodolszanica.pl\/index.php\/produkt\/kalimeris-blue-star\/#primaryimage\"},\"datePublished\":\"2026-03-02T13:41:49+00:00\",\"dateModified\":\"2026-03-04T20:52:01+00:00\",\"breadcrumb\":{\"@id\":\"https:\/\/www.ogrodolszanica.pl\/index.php\/produkt\/kalimeris-blue-star\/#breadcrumb\"},\"inLanguage\":\"pl-PL\",\"potentialAction\":[{\"@type\":\"ReadAction\",\"target\":[\"https:\/\/www.ogrodolszanica.pl\/index.php\/produkt\/kalimeris-blue-star\/\"]}]},{\"@type\":\"BreadcrumbList\",\"@id\":\"https:\/\/www.ogrodolszanica.pl\/index.php\/produkt\/kalimeris-blue-star\/#breadcrumb\",\"itemListElement\":[{\"@type\":\"ListItem\",\"position\":1,\"name\":\"Strona g\u0142\u00f3wna\",\"item\":\"https:\/\/www.ogrodolszanica.pl\/\"},{\"@type\":\"ListItem\",\"position\":2,\"name\":\"Produkty\",\"item\":\"https:\/\/www.ogrodolszanica.pl\/index.php\/shop\/\"},{\"@type\":\"ListItem\",\"position\":3,\"name\":\"Kalimeris Blue Star\"}]}]}<\/script>\n<!-- \/ Yoast SEO plugin. -->","yoast_head_json":{"title":"Kalimeris Blue Star - Ogr&oacute;d Olszanica","robots":{"index":"index","follow":"follow","max-snippet":"max-snippet:-1","max-image-preview":"max-image-preview:large","max-video-preview":"max-video-preview:-1"},"canonical":"https:\/\/www.ogrodolszanica.pl\/index.php\/produkt\/kalimeris-blue-star\/","og_locale":"pl_PL","og_type":"article","og_title":"Kalimeris Blue Star - Ogr&oacute;d Olszanica","og_description":"Kalimeris gwiazdzista Blue Star Kalimeris, znane r\u00f3wnie\u017c jako &#8222;jesienne astery&#8221;, to ro\u015bliny ozdobne cenione za swoje urocze kwiaty, kt\u00f3re przypominaj\u0105 astry. Kalimeris&#8217;y charakteryzuj\u0105 si\u0119 delikatnymi, ale obfitymi kwiatostanami oraz atrakcyjnymi, ciemnozielonymi li\u015b\u0107mi. S\u0105 to ro\u015bliny wieloletnie, kt\u00f3re kwitn\u0105 na prze\u0142omie lata i jesieni, przyci\u0105gaj\u0105c pszczo\u0142y i motyle do ogrodu. Rodzaj:\u00a0aster Stanowisko:\u00a0s\u0142oneczne\u00a0\u2600\ufe0f Podlewanie:\u00a0przeci\u0119tne Barwa kwiatu:\u00a0niebieski Barwa &hellip; Kalimeris Blue Star Read More &raquo;","og_url":"https:\/\/www.ogrodolszanica.pl\/index.php\/produkt\/kalimeris-blue-star\/","og_site_name":"Ogr&oacute;d Olszanica","article_publisher":"https:\/\/www.facebook.com\/Ogrd-Olszanica-100807179225223","article_modified_time":"2026-03-04T20:52:01+00:00","og_image":[{"width":1928,"height":2560,"url":"https:\/\/www.ogrodolszanica.pl\/wp-content\/uploads\/2026\/03\/Kalimeris-Blue-Star-v1-scaled.jpg","type":"image\/jpeg"}],"author":"admin","twitter_card":"summary_large_image","twitter_misc":{"Szacowany czas czytania":"1 minuta"},"schema":{"@context":"https:\/\/schema.org","@graph":[{"@type":"Organization","@id":"https:\/\/www.ogrodolszanica.pl\/#organization","name":"Ogr\u00f3d Olszanica - Krakowskie Centrum Ogrodnicze","url":"https:\/\/www.ogrodolszanica.pl\/","sameAs":["https:\/\/www.facebook.com\/Ogrd-Olszanica-100807179225223"],"logo":{"@type":"ImageObject","inLanguage":"pl-PL","@id":"https:\/\/www.ogrodolszanica.pl\/#\/schema\/logo\/image\/","url":"http:\/\/www.ogrodolszanica.pl\/wp-content\/uploads\/2022\/06\/Ogrod-Olszanica1-1.png","contentUrl":"http:\/\/www.ogrodolszanica.pl\/wp-content\/uploads\/2022\/06\/Ogrod-Olszanica1-1.png","width":180,"height":60,"caption":"Ogr\u00f3d Olszanica - Krakowskie Centrum Ogrodnicze"},"image":{"@id":"https:\/\/www.ogrodolszanica.pl\/#\/schema\/logo\/image\/"}},{"@type":"WebSite","@id":"https:\/\/www.ogrodolszanica.pl\/#website","url":"https:\/\/www.ogrodolszanica.pl\/","name":"Ogr&oacute;d Olszanica","description":"Centrum Ogrodnicze Krak&oacute;w","publisher":{"@id":"https:\/\/www.ogrodolszanica.pl\/#organization"},"potentialAction":[{"@type":"SearchAction","target":{"@type":"EntryPoint","urlTemplate":"https:\/\/www.ogrodolszanica.pl\/?s={search_term_string}"},"query-input":"required name=search_term_string"}],"inLanguage":"pl-PL"},{"@type":"ImageObject","inLanguage":"pl-PL","@id":"https:\/\/www.ogrodolszanica.pl\/index.php\/produkt\/kalimeris-blue-star\/#primaryimage","url":"https:\/\/i0.wp.com\/www.ogrodolszanica.pl\/wp-content\/uploads\/2026\/03\/Kalimeris-Blue-Star-v1-scaled.jpg?fit=1928%2C2560&ssl=1","contentUrl":"https:\/\/i0.wp.com\/www.ogrodolszanica.pl\/wp-content\/uploads\/2026\/03\/Kalimeris-Blue-Star-v1-scaled.jpg?fit=1928%2C2560&ssl=1","width":1928,"height":2560},{"@type":"WebPage","@id":"https:\/\/www.ogrodolszanica.pl\/index.php\/produkt\/kalimeris-blue-star\/#webpage","url":"https:\/\/www.ogrodolszanica.pl\/index.php\/produkt\/kalimeris-blue-star\/","name":"Kalimeris Blue Star - Ogr&oacute;d Olszanica","isPartOf":{"@id":"https:\/\/www.ogrodolszanica.pl\/#website"},"primaryImageOfPage":{"@id":"https:\/\/www.ogrodolszanica.pl\/index.php\/produkt\/kalimeris-blue-star\/#primaryimage"},"datePublished":"2026-03-02T13:41:49+00:00","dateModified":"2026-03-04T20:52:01+00:00","breadcrumb":{"@id":"https:\/\/www.ogrodolszanica.pl\/index.php\/produkt\/kalimeris-blue-star\/#breadcrumb"},"inLanguage":"pl-PL","potentialAction":[{"@type":"ReadAction","target":["https:\/\/www.ogrodolszanica.pl\/index.php\/produkt\/kalimeris-blue-star\/"]}]},{"@type":"BreadcrumbList","@id":"https:\/\/www.ogrodolszanica.pl\/index.php\/produkt\/kalimeris-blue-star\/#breadcrumb","itemListElement":[{"@type":"ListItem","position":1,"name":"Strona g\u0142\u00f3wna","item":"https:\/\/www.ogrodolszanica.pl\/"},{"@type":"ListItem","position":2,"name":"Produkty","item":"https:\/\/www.ogrodolszanica.pl\/index.php\/shop\/"},{"@type":"ListItem","position":3,"name":"Kalimeris Blue Star"}]}]}},"jetpack-related-posts":[{"id":2719,"url":"https:\/\/www.ogrodolszanica.pl\/index.php\/produkt\/dzielzan-mariachi-sombrero\/","url_meta":{"origin":3827,"position":0},"title":"Dziel\u017can Mariachi Sombrero","date":"31 stycznia, 2024","format":false,"excerpt":"Dziel\u017can Mariachi Sombrero Dziel\u017can 'Mariachi Sombrero\u2019 charakteryzuje si\u0119 kwiatami o intensywnie \u017c\u00f3\u0142tych p\u0142atkach, kt\u00f3re \u015bci\u015ble okalaj\u0105 wypuk\u0142y miodowo\u017c\u00f3\u0142ty \u015brodek. Ro\u015blina ma zielone, eliptyczne li\u015bcie na tle kt\u00f3rych pi\u0119knie wida\u0107 kwiaty. Odmiana dorasta do 60 cm wysoko\u015bci i tworzy zwart\u0105 wyprostowan\u0105 k\u0119p\u0119. Z \u0142atwo\u015bci\u0105 rozrasta si\u0119 na boki, nawet do 50\u2026","rel":"","context":"Similar post","img":{"alt_text":"","src":"https:\/\/i0.wp.com\/www.ogrodolszanica.pl\/wp-content\/uploads\/2024\/01\/Dzielzan-Mariachi-Sombrero-v11-scaled.jpg?fit=904%2C1200&ssl=1&resize=350%2C200","width":350,"height":200},"classes":[]},{"id":2731,"url":"https:\/\/www.ogrodolszanica.pl\/index.php\/produkt\/barwinek-alba\/","url_meta":{"origin":3827,"position":1},"title":"Barwinek Alba","date":"31 stycznia, 2024","format":false,"excerpt":"Barwinek pospolity Alba\u00a0 zimozielona ro\u015blina okrywowa o bia\u0142ych kwiatach do cienia i p\u00f3\u0142cienia Barwinek pospolity Alba (Vinca minor ALBA) to ceniona, zimozielona ro\u015blina okrywowa wyr\u00f3\u017cniaj\u0105ca si\u0119 czysto bia\u0142ymi kwiatami, kt\u00f3re efektownie kontrastuj\u0105 z ciemnozielonym, b\u0142yszcz\u0105cym ulistnieniem. Li\u015bcie s\u0105 niewielkie, eliptyczne, sk\u00f3rzaste i dekoracyjne przez ca\u0142y rok, dzi\u0119ki czemu ro\u015blina zachowuje\u2026","rel":"","context":"Similar post","img":{"alt_text":"","src":"https:\/\/i0.wp.com\/www.ogrodolszanica.pl\/wp-content\/uploads\/2024\/01\/vinca-minor-alba_71551_1.jpg?fit=650%2C650&ssl=1&resize=350%2C200","width":350,"height":200},"classes":[]},{"id":3288,"url":"https:\/\/www.ogrodolszanica.pl\/index.php\/produkt\/penstemon-andenken-an-frederik-hahn\/","url_meta":{"origin":3827,"position":2},"title":"Penstemon &#8222;Andenken an Frederik Hahn&#8221;","date":"23 lutego, 2026","format":false,"excerpt":"Rodzaj:\u00a0penstemon Stanowisko:\u00a0s\u0142oneczne\u00a0\u2600\ufe0f, p\u00f3\u0142cieniste Podlewanie:\u00a0przeci\u0119tne Barwa kwiatu:\u00a0czerwono-r\u00f3\u017cowy Barwa li\u015bci:\u00a0ciemnozielony Szeroko\u015b\u0107 \u2b05\ufe0f\u27a1\ufe0f:\u00a070-80 cm Wysoko\u015b\u0107 kwitnienia \u2b06\ufe0f:\u00a030-50 cm Okres kwitnienia \u27a1\ufe0f\u2b05\ufe0f:\u00a0sierpie\u0144 \u00f7 wrzesie\u0144 Mrozoodporno\u015b\u0107:\u00a0tak Ro\u015blina wieloletnia:\u00a0tak Uwaga \u2757\u2757\u2757 Jedno zdj\u0119cie przedstawia ro\u015blin\u0119 w pe\u0142ni rozwini\u0119t\u0105, a drugie sadzonk\u0119 kt\u00f3ra jest w sprzeda\u017cy. Jednak \u017ce s\u0105 to \u017cywe ro\u015bliny i z tygodnia na tydzie\u0144\u2026","rel":"","context":"Similar post","img":{"alt_text":"","src":"https:\/\/i0.wp.com\/www.ogrodolszanica.pl\/wp-content\/uploads\/2026\/02\/Penstemon-Andenken-an-Frederik-Hahn-scaled.jpg?fit=904%2C1200&ssl=1&resize=350%2C200","width":350,"height":200},"classes":[]},{"id":2600,"url":"https:\/\/www.ogrodolszanica.pl\/index.php\/produkt\/zagwin-audrey-sky-blue\/","url_meta":{"origin":3827,"position":3},"title":"\u017bagwin ogrodowy Audrey Sky Blue","date":"24 stycznia, 2024","format":false,"excerpt":"\u017bagwin drobny Audrey Sky Blue\u00a0jest wieloletni\u0105 bylin\u0105 k\u0119piast\u0105, zadarniaj\u0105c\u0105. Tworzy dywany dorastaj\u0105ce do 20 cm w trakcie kwitnienia. Bylina na pocz\u0105tku wiosny zakwita obficie jasnofioletowymi kwiatami. \u017bagwin ogrodowy kwitnie wiosn\u0105 (IV-V), jako jedna z pierwszych ro\u015blin na rabacie. Na jesieni mo\u017ce powt\u00f3rzy\u0107 kwitnienie, ale nie jest ono tak obfite jak\u2026","rel":"","context":"Similar post","img":{"alt_text":"","src":"https:\/\/i0.wp.com\/www.ogrodolszanica.pl\/wp-content\/uploads\/2024\/01\/zagwin-ogrodowy-glacier-sky-blue-aubrieta-cultorum-glacier-sky-blue.jpg?fit=350%2C350&ssl=1&resize=350%2C200","width":350,"height":200},"classes":[]},{"id":2725,"url":"https:\/\/www.ogrodolszanica.pl\/index.php\/produkt\/lawenda-hidcote-blue\/","url_meta":{"origin":3827,"position":4},"title":"Lawenda Hidcote Blue","date":"31 stycznia, 2024","format":false,"excerpt":"Lawenda Hidcote Blue O odmianie Hidcote Blue mo\u017cna by napisa\u0107 ksi\u0105\u017ck\u0119. Ka\u017cdy mi\u0142o\u015bnik lawendy powinien j\u0105 mie\u0107 w swoim ogrodzie. Ta najbardziej popularna w Polsce odmiana zyska\u0142a rzesze fan\u00f3w dzi\u0119ki kwiatom o intensywnie niebiesko-fioletowym kolorze. Kolejne jej walory to zwarty pokr\u00f3j i przyjemny, delikatny zapach. Jedna z g\u0142\u00f3wnych odmian sadzonych\u2026","rel":"","context":"Similar post","img":{"alt_text":"","src":"https:\/\/i0.wp.com\/www.ogrodolszanica.pl\/wp-content\/uploads\/2023\/04\/338176109_248214694434850_8194525702058999152_n.jpg?fit=240%2C201&ssl=1&resize=350%2C200","width":350,"height":200},"classes":[]},{"id":2272,"url":"https:\/\/www.ogrodolszanica.pl\/index.php\/produkt\/barwinek\/","url_meta":{"origin":3827,"position":5},"title":"Barwinek fioletowy","date":"6 czerwca, 2023","format":false,"excerpt":"Barwinek Doskona\u0142a ro\u015blina okrywowa stosowana w\u00a0parkach, ogrodach, pod drzewami. Barwinek efektownie prezentuje si\u0119 w\u00a0cienistych ogrodach, w\u00a0miejscach gdzie jest mieszany z\u00a0zawilcami, konwaliami i\u00a0paprotnikami.- Vinca minor. Kwiaty ukazuj\u0105ce si\u0119 od maja do czerwca, czasem zdarza si\u0119 \u017ce\u00a0barwinek zakwitnie powt\u00f3rnie. Rodzaj:\u00a0barwinek Stanowisko:\u00a0s\u0142oneczne\u00a0\u2600\ufe0f,\u00a0p\u00f3\u0142cieniste Podlewanie:\u00a0umiarkowane Barwa kwiatu:\u00a0niebieska, fioletowa Barwa li\u015bci:\u00a0zielone Szeroko\u015b\u0107 \u2b05\ufe0f\u27a1\ufe0f:\u00a030-40 cm Wysoko\u015b\u0107 kwitnienia\u2026","rel":"","context":"Similar post","img":{"alt_text":"","src":"https:\/\/i0.wp.com\/www.ogrodolszanica.pl\/wp-content\/uploads\/2023\/06\/vinca-bowles-cunningham_71553_2.jpg?fit=650%2C467&ssl=1&resize=350%2C200","width":350,"height":200},"classes":[]}],"_links":{"self":[{"href":"https:\/\/www.ogrodolszanica.pl\/index.php\/wp-json\/wp\/v2\/product\/3827","targetHints":{"allow":["GET"]}}],"collection":[{"href":"https:\/\/www.ogrodolszanica.pl\/index.php\/wp-json\/wp\/v2\/product"}],"about":[{"href":"https:\/\/www.ogrodolszanica.pl\/index.php\/wp-json\/wp\/v2\/types\/product"}],"replies":[{"embeddable":true,"href":"https:\/\/www.ogrodolszanica.pl\/index.php\/wp-json\/wp\/v2\/comments?post=3827"}],"wp:featuredmedia":[{"embeddable":true,"href":"https:\/\/www.ogrodolszanica.pl\/index.php\/wp-json\/wp\/v2\/media\/3828"}],"wp:attachment":[{"href":"https:\/\/www.ogrodolszanica.pl\/index.php\/wp-json\/wp\/v2\/media?parent=3827"}],"wp:term":[{"taxonomy":"product_cat","embeddable":true,"href":"https:\/\/www.ogrodolszanica.pl\/index.php\/wp-json\/wp\/v2\/product_cat?post=3827"},{"taxonomy":"product_tag","embeddable":true,"href":"https:\/\/www.ogrodolszanica.pl\/index.php\/wp-json\/wp\/v2\/product_tag?post=3827"}],"curies":[{"name":"wp","href":"https:\/\/api.w.org\/{rel}","templated":true}]}}