{"id":3753,"date":"2026-03-02T12:56:00","date_gmt":"2026-03-02T12:56:00","guid":{"rendered":"https:\/\/www.ogrodolszanica.pl\/?post_type=product&#038;p=3753"},"modified":"2026-03-04T20:53:12","modified_gmt":"2026-03-04T20:53:12","slug":"zurawka-buttered-rum","status":"publish","type":"product","link":"https:\/\/www.ogrodolszanica.pl\/index.php\/produkt\/zurawka-buttered-rum\/","title":{"rendered":"\u017burawka Buttered Rum"},"content":{"rendered":"<div class=\"mpof_ki myre_zn myre_8v_l m389_6m_l\">\n<div class=\"mp4t_16_s mryx_16_s mr3m_1 mli2_1 mh85_56 mh85_0_l\">\n<div class=\"mgn2_16 _0d3bd_am0a-\">\n<h1>\u017buraweczka Buttered Rum Heucherella<\/h1>\n<p>'Buttered Rum&#8217; to pi\u0119kna \u017curaweczka o ciep\u0142ych barwach pomara\u0144czy, miedzi i br\u0105zu. Cech\u0105 charakterystyczn\u0105 \u017curaweczki s\u0105 li\u015bcie bardzo silnie powcinane podobne jak u klona, kt\u00f3re zmieniaj\u0105 swoje barwy od nasyconych odcieni rumu wiosn\u0105 do zgaszonego karmelu latem, aby jesieni\u0105 zn\u00f3w przybra\u0107 jaskraw\u0105, tym razem czerwon\u0105 szat\u0119. Dorasta do oko\u0142o 18 cm wysoko\u015bci, 35 cm \u015brednicy, zakwita latem. \u017burawki i \u017curaweczki s\u0105 bylinami \u0142atwymi w uprawie, potrzebuj\u0105 lekkiej, pr\u00f3chniczej i przepuszczalnej gleby o \u015bredniej \u017cyzno\u015bci. Bujnemu wzrostowi sprzyja regularne podlewania i zapewnienie optymalnej ilo\u015bci wody w okresach suszy. Wi\u0119kszo\u015b\u0107 \u017curawek najlepiej rozwija si\u0119 w warunkach stanowiska cz\u0119\u015bciowo ocienionego. \u017burawki cechuj\u0105 si\u0119 bardzo dobr\u0105 mrozoodporno\u015bci\u0105, a okrywanie wskazane jest jedynie w przypadku bardzo mro\u017anych, bez\u015bnie\u017cnych zim, aby ich li\u015bcie nie dozna\u0142y znacznych uszkodze\u0144.<\/p>\n<ul>\n<li>Rodzaj:\u00a0<b>\u017curaweczka<\/b><\/li>\n<li>Stanowisko:\u00a0<b>s\u0142oneczne<\/b>\u00a0\u2600\ufe0f<b>, p\u00f3\u0142cieniste<\/b><\/li>\n<li>Podlewanie:\u00a0<b>obfite<\/b><\/li>\n<li>Barwa kwiatu:\u00a0<b>bia\u0142y<\/b><\/li>\n<li>Barwa li\u015bci:\u00a0<b>pomara\u0144czowa, miodowa<\/b><\/li>\n<li>Szeroko\u015b\u0107 \u2b05\ufe0f\u27a1\ufe0f:\u00a0<b>30-40 cm<\/b><\/li>\n<li>Wysoko\u015b\u0107 kwitnienia \u2b06\ufe0f:\u00a0<b>15-25 cm<\/b><\/li>\n<li>Okres kwitnienia \u27a1\ufe0f\u2b05\ufe0f:\u00a0<b>czerwiec \u00f7 pa\u017adziernik<\/b><\/li>\n<li>Mrozoodporno\u015b\u0107:\u00a0<b>tak<\/b><\/li>\n<li>Ro\u015blina wieloletnia:\u00a0<b>tak<\/b><\/li>\n<\/ul>\n<\/div>\n<\/div>\n<div class=\"mp4t_16_s mryx_16_s mr3m_1 mli2_1 mh85_56 mh85_0_l\">\n<div class=\"mg9e_8 mj7a_8 mg9e_0_s mvrt_0_s mj7a_0_s mh36_0_s mzmg_6m munh_16_l m3h2_16_l\">\n<div class=\"mp4t_0 mryx_0 munh_56 m3h2_56\">\n<div class=\"mp7g_oh\"><button class=\"mg9e_0 mvrt_0 mj7a_0 mh36_0 mp4t_0 m3h2_0 mryx_0 munh_0 mqen_m6 mpof_z0 mx7m_0 m7er_k4 mse2_k4 msts_pt\" data-analytics-interaction=\"true\" data-analytics-interaction-label=\"zoomable-image-open\" aria-disabled=\"true\"><img decoding=\"async\" class=\"msub_k4 mupj_5k mjru_k4 mse2_k4 mp7g_f6 mq1m_0 mj7u_0 m7er_k4 mqen_m6 m31c_d8 m0ux_fp lazyloaded\" src=\"https:\/\/a.allegroimg.com\/original\/119871\/4e066de948039754bec4cb302c7a\/Zurawka-Buttered-Rum-miodowe-liscie-duza-sadzonka-do-na-slonce-do-ogrodu\" sizes=\"(min-width: 1200px) 560px, (min-width: 992px) 50vw, 100vw\" srcset=\"https:\/\/a.allegroimg.com\/s360\/119871\/4e066de948039754bec4cb302c7a\/Zurawka-Buttered-Rum-miodowe-liscie-duza-sadzonka-do-na-slonce-do-ogrodu 360w,https:\/\/a.allegroimg.com\/s720\/119871\/4e066de948039754bec4cb302c7a\/Zurawka-Buttered-Rum-miodowe-liscie-duza-sadzonka-do-na-slonce-do-ogrodu 720w,https:\/\/a.allegroimg.com\/s1024\/119871\/4e066de948039754bec4cb302c7a\/Zurawka-Buttered-Rum-miodowe-liscie-duza-sadzonka-do-na-slonce-do-ogrodu 1024w,https:\/\/a.allegroimg.com\/s1440\/119871\/4e066de948039754bec4cb302c7a\/Zurawka-Buttered-Rum-miodowe-liscie-duza-sadzonka-do-na-slonce-do-ogrodu 1200w,https:\/\/a.allegroimg.com\/original\/119871\/4e066de948039754bec4cb302c7a\/Zurawka-Buttered-Rum-miodowe-liscie-duza-sadzonka-do-na-slonce-do-ogrodu 1200w\" alt=\"\u017burawka Buttered Rum miodowe li\u015bcie du\u017ca sadzonka do na s\u0142o\u0144ce do ogrodu\" width=\"1200px\" data-srcset=\"\" \/><\/button><\/div>\n<\/div>\n<\/div>\n<\/div>\n<\/div>\n<div class=\"mpof_ki myre_zn myre_8v_l m389_6m_l\">\n<div class=\"mp4t_16_s mryx_16_s mr3m_1 mli2_1 mh85_56 mh85_0_l\">\n<div class=\"mgn2_16 _0d3bd_am0a-\">\n<h1>Uwaga \u2757\u2757\u2757<\/h1>\n<p><b>Jedno zdj\u0119cie przedstawia ro\u015blin\u0119 w pe\u0142ni rozwini\u0119t\u0105, a drugie sadzonk\u0119 kt\u00f3ra jest w sprzeda\u017cy.<\/b><\/p>\n<p><b>Jednak \u017ce s\u0105 to \u017cywe ro\u015bliny i z tygodnia na tydzie\u0144 zmieniaj\u0105 sw\u00f3j wygl\u0105d. Mog\u0105 by\u0107 przyci\u0119te, a w okresie kwitnienia mog\u0105 by\u0107 wi\u0119ksze oraz z kwiatami.<\/b><\/p>\n<\/div>\n<\/div>\n<\/div>\n<div class=\"mpof_ki myre_zn myre_8v_l m389_6m_l\">\n<div class=\"mp4t_16_s mryx_16_s mr3m_1 mli2_1 mh85_56 mh85_0_l\">\n<div class=\"mg9e_8 mj7a_8 mg9e_0_s mvrt_0_s mj7a_0_s mh36_0_s mzmg_6m munh_16_l m3h2_16_l\">\n<div class=\"mp4t_0 mryx_0 munh_56 m3h2_56\">\n<div class=\"mp7g_oh\"><button class=\"mg9e_0 mvrt_0 mj7a_0 mh36_0 mp4t_0 m3h2_0 mryx_0 munh_0 mqen_m6 mpof_z0 mx7m_0 m7er_k4 mse2_k4 msts_pt\" data-analytics-interaction=\"true\" data-analytics-interaction-label=\"zoomable-image-open\" aria-disabled=\"true\"><img decoding=\"async\" class=\"msub_k4 mupj_5k mjru_k4 mse2_k4 mp7g_f6 mq1m_0 mj7u_0 m7er_k4 mqen_m6 m31c_d8 m0ux_fp lazyloaded\" src=\"https:\/\/a.allegroimg.com\/original\/11e000\/203c6bc34a128cbdad6b64d47a6e\/Zurawka-Buttered-Rum-miodowe-liscie-duza-sadzonka-do-na-slonce-do-ogrodu-Producent-nieznany-producent\" sizes=\"(min-width: 1200px) 560px, (min-width: 992px) 50vw, 100vw\" srcset=\"https:\/\/a.allegroimg.com\/s360\/11e000\/203c6bc34a128cbdad6b64d47a6e\/Zurawka-Buttered-Rum-miodowe-liscie-duza-sadzonka-do-na-slonce-do-ogrodu-Producent-nieznany-producent 270w,https:\/\/a.allegroimg.com\/s720\/11e000\/203c6bc34a128cbdad6b64d47a6e\/Zurawka-Buttered-Rum-miodowe-liscie-duza-sadzonka-do-na-slonce-do-ogrodu-Producent-nieznany-producent 541w,https:\/\/a.allegroimg.com\/s1024\/11e000\/203c6bc34a128cbdad6b64d47a6e\/Zurawka-Buttered-Rum-miodowe-liscie-duza-sadzonka-do-na-slonce-do-ogrodu-Producent-nieznany-producent 770w,https:\/\/a.allegroimg.com\/s1440\/11e000\/203c6bc34a128cbdad6b64d47a6e\/Zurawka-Buttered-Rum-miodowe-liscie-duza-sadzonka-do-na-slonce-do-ogrodu-Producent-nieznany-producent 1083w,https:\/\/a.allegroimg.com\/original\/11e000\/203c6bc34a128cbdad6b64d47a6e\/Zurawka-Buttered-Rum-miodowe-liscie-duza-sadzonka-do-na-slonce-do-ogrodu-Producent-nieznany-producent 1927w\" alt=\"\u017burawka Buttered Rum miodowe li\u015bcie du\u017ca sadzonka do na s\u0142o\u0144ce do ogrodu Producent nieznany producent\" width=\"1927px\" data-srcset=\"\" \/><\/button><\/div>\n<\/div>\n<\/div>\n<\/div>\n<div class=\"mp4t_16_s mryx_16_s mr3m_1 mli2_1 mh85_56 mh85_0_l\">\n<div class=\"mg9e_8 mj7a_8 mg9e_0_s mvrt_0_s mj7a_0_s mh36_0_s mzmg_6m munh_16_l m3h2_16_l\">\n<div class=\"mp4t_0 mryx_0 munh_56 m3h2_56\">\n<div class=\"mp7g_oh\"><button class=\"mg9e_0 mvrt_0 mj7a_0 mh36_0 mp4t_0 m3h2_0 mryx_0 munh_0 mqen_m6 mpof_z0 mx7m_0 m7er_k4 mse2_k4 msts_pt\" data-analytics-interaction=\"true\" data-analytics-interaction-label=\"zoomable-image-open\" aria-disabled=\"true\"><img decoding=\"async\" class=\"msub_k4 mupj_5k mjru_k4 mse2_k4 mp7g_f6 mq1m_0 mj7u_0 m7er_k4 mqen_m6 m31c_d8 m0ux_fp lazyloaded\" src=\"https:\/\/a.allegroimg.com\/original\/113365\/e59997bd44b79d1d7c3af7200456\/Zurawka-Buttered-Rum-miodowe-liscie-duza-sadzonka-do-na-slonce-do-ogrodu-Kolor-kwiatow-inny-kolor\" sizes=\"(min-width: 1200px) 560px, (min-width: 992px) 50vw, 100vw\" srcset=\"https:\/\/a.allegroimg.com\/s360\/113365\/e59997bd44b79d1d7c3af7200456\/Zurawka-Buttered-Rum-miodowe-liscie-duza-sadzonka-do-na-slonce-do-ogrodu-Kolor-kwiatow-inny-kolor 270w,https:\/\/a.allegroimg.com\/s720\/113365\/e59997bd44b79d1d7c3af7200456\/Zurawka-Buttered-Rum-miodowe-liscie-duza-sadzonka-do-na-slonce-do-ogrodu-Kolor-kwiatow-inny-kolor 541w,https:\/\/a.allegroimg.com\/s1024\/113365\/e59997bd44b79d1d7c3af7200456\/Zurawka-Buttered-Rum-miodowe-liscie-duza-sadzonka-do-na-slonce-do-ogrodu-Kolor-kwiatow-inny-kolor 770w,https:\/\/a.allegroimg.com\/s1440\/113365\/e59997bd44b79d1d7c3af7200456\/Zurawka-Buttered-Rum-miodowe-liscie-duza-sadzonka-do-na-slonce-do-ogrodu-Kolor-kwiatow-inny-kolor 1083w,https:\/\/a.allegroimg.com\/original\/113365\/e59997bd44b79d1d7c3af7200456\/Zurawka-Buttered-Rum-miodowe-liscie-duza-sadzonka-do-na-slonce-do-ogrodu-Kolor-kwiatow-inny-kolor 1927w\" alt=\"\u017burawka Buttered Rum miodowe li\u015bcie du\u017ca sadzonka do na s\u0142o\u0144ce do ogrodu Kolor kwiat\u00f3w inny kolor\" width=\"1927px\" data-srcset=\"\" \/><\/button><\/div>\n<\/div>\n<\/div>\n<\/div>\n<\/div>\n","protected":false},"excerpt":{"rendered":"<p>\u017buraweczka Buttered Rum Heucherella 'Buttered Rum&#8217; to pi\u0119kna \u017curaweczka o ciep\u0142ych barwach pomara\u0144czy, miedzi i br\u0105zu. Cech\u0105 charakterystyczn\u0105 \u017curaweczki s\u0105 li\u015bcie bardzo silnie powcinane podobne jak u klona, kt\u00f3re zmieniaj\u0105 swoje barwy od nasyconych odcieni rumu wiosn\u0105 do zgaszonego karmelu latem, aby jesieni\u0105 zn\u00f3w przybra\u0107 jaskraw\u0105, tym razem czerwon\u0105 szat\u0119. Dorasta do oko\u0142o 18 cm &hellip;<\/p>\n<p class=\"read-more\"> <a class=\"\" href=\"https:\/\/www.ogrodolszanica.pl\/index.php\/produkt\/zurawka-buttered-rum\/\"> <span class=\"screen-reader-text\">\u017burawka Buttered Rum<\/span> Read More &raquo;<\/a><\/p>\n","protected":false},"featured_media":3754,"comment_status":"open","ping_status":"closed","template":"","meta":{"site-sidebar-layout":"default","site-content-layout":"default","ast-global-header-display":"","ast-main-header-display":"","ast-hfb-above-header-display":"","ast-hfb-below-header-display":"","ast-hfb-mobile-header-display":"","site-post-title":"","ast-breadcrumbs-content":"","ast-featured-img":"","footer-sml-layout":"","theme-transparent-header-meta":"default","adv-header-id-meta":"","stick-header-meta":"","header-above-stick-meta":"","header-main-stick-meta":"","header-below-stick-meta":"","spay_email":""},"product_cat":[29,97],"product_tag":[],"class_list":["post-3753","product","type-product","status-publish","has-post-thumbnail","hentry","product_cat-byliny","product_cat-zurawki"],"yoast_head":"<!-- This site is optimized with the Yoast SEO plugin v19.2 - https:\/\/yoast.com\/wordpress\/plugins\/seo\/ -->\n<title>\u017burawka Buttered Rum - Ogr&oacute;d Olszanica<\/title>\n<meta name=\"robots\" content=\"index, follow, max-snippet:-1, max-image-preview:large, max-video-preview:-1\" \/>\n<link rel=\"canonical\" href=\"https:\/\/www.ogrodolszanica.pl\/index.php\/produkt\/zurawka-buttered-rum\/\" \/>\n<meta property=\"og:locale\" content=\"pl_PL\" \/>\n<meta property=\"og:type\" content=\"article\" \/>\n<meta property=\"og:title\" content=\"\u017burawka Buttered Rum - Ogr&oacute;d Olszanica\" \/>\n<meta property=\"og:description\" content=\"\u017buraweczka Buttered Rum Heucherella &#039;Buttered Rum&#8217; to pi\u0119kna \u017curaweczka o ciep\u0142ych barwach pomara\u0144czy, miedzi i br\u0105zu. Cech\u0105 charakterystyczn\u0105 \u017curaweczki s\u0105 li\u015bcie bardzo silnie powcinane podobne jak u klona, kt\u00f3re zmieniaj\u0105 swoje barwy od nasyconych odcieni rumu wiosn\u0105 do zgaszonego karmelu latem, aby jesieni\u0105 zn\u00f3w przybra\u0107 jaskraw\u0105, tym razem czerwon\u0105 szat\u0119. Dorasta do oko\u0142o 18 cm &hellip; \u017burawka Buttered Rum Read More &raquo;\" \/>\n<meta property=\"og:url\" content=\"https:\/\/www.ogrodolszanica.pl\/index.php\/produkt\/zurawka-buttered-rum\/\" \/>\n<meta property=\"og:site_name\" content=\"Ogr&oacute;d Olszanica\" \/>\n<meta property=\"article:publisher\" content=\"https:\/\/www.facebook.com\/Ogrd-Olszanica-100807179225223\" \/>\n<meta property=\"article:modified_time\" content=\"2026-03-04T20:53:12+00:00\" \/>\n<meta property=\"og:image\" content=\"https:\/\/www.ogrodolszanica.pl\/wp-content\/uploads\/2026\/03\/Zurawka-Buttered-Rum-scaled.jpg\" \/>\n\t<meta property=\"og:image:width\" content=\"1928\" \/>\n\t<meta property=\"og:image:height\" content=\"2560\" \/>\n\t<meta property=\"og:image:type\" content=\"image\/jpeg\" \/>\n<meta name=\"author\" content=\"admin\" \/>\n<meta name=\"twitter:card\" content=\"summary_large_image\" \/>\n<meta name=\"twitter:label1\" content=\"Szacowany czas czytania\" \/>\n\t<meta name=\"twitter:data1\" content=\"1 minuta\" \/>\n<script type=\"application\/ld+json\" class=\"yoast-schema-graph\">{\"@context\":\"https:\/\/schema.org\",\"@graph\":[{\"@type\":\"Organization\",\"@id\":\"https:\/\/www.ogrodolszanica.pl\/#organization\",\"name\":\"Ogr\u00f3d Olszanica - Krakowskie Centrum Ogrodnicze\",\"url\":\"https:\/\/www.ogrodolszanica.pl\/\",\"sameAs\":[\"https:\/\/www.facebook.com\/Ogrd-Olszanica-100807179225223\"],\"logo\":{\"@type\":\"ImageObject\",\"inLanguage\":\"pl-PL\",\"@id\":\"https:\/\/www.ogrodolszanica.pl\/#\/schema\/logo\/image\/\",\"url\":\"http:\/\/www.ogrodolszanica.pl\/wp-content\/uploads\/2022\/06\/Ogrod-Olszanica1-1.png\",\"contentUrl\":\"http:\/\/www.ogrodolszanica.pl\/wp-content\/uploads\/2022\/06\/Ogrod-Olszanica1-1.png\",\"width\":180,\"height\":60,\"caption\":\"Ogr\u00f3d Olszanica - Krakowskie Centrum Ogrodnicze\"},\"image\":{\"@id\":\"https:\/\/www.ogrodolszanica.pl\/#\/schema\/logo\/image\/\"}},{\"@type\":\"WebSite\",\"@id\":\"https:\/\/www.ogrodolszanica.pl\/#website\",\"url\":\"https:\/\/www.ogrodolszanica.pl\/\",\"name\":\"Ogr&oacute;d Olszanica\",\"description\":\"Centrum Ogrodnicze Krak&oacute;w\",\"publisher\":{\"@id\":\"https:\/\/www.ogrodolszanica.pl\/#organization\"},\"potentialAction\":[{\"@type\":\"SearchAction\",\"target\":{\"@type\":\"EntryPoint\",\"urlTemplate\":\"https:\/\/www.ogrodolszanica.pl\/?s={search_term_string}\"},\"query-input\":\"required name=search_term_string\"}],\"inLanguage\":\"pl-PL\"},{\"@type\":\"ImageObject\",\"inLanguage\":\"pl-PL\",\"@id\":\"https:\/\/www.ogrodolszanica.pl\/index.php\/produkt\/zurawka-buttered-rum\/#primaryimage\",\"url\":\"https:\/\/i0.wp.com\/www.ogrodolszanica.pl\/wp-content\/uploads\/2026\/03\/Zurawka-Buttered-Rum-scaled.jpg?fit=1928%2C2560&ssl=1\",\"contentUrl\":\"https:\/\/i0.wp.com\/www.ogrodolszanica.pl\/wp-content\/uploads\/2026\/03\/Zurawka-Buttered-Rum-scaled.jpg?fit=1928%2C2560&ssl=1\",\"width\":1928,\"height\":2560},{\"@type\":\"WebPage\",\"@id\":\"https:\/\/www.ogrodolszanica.pl\/index.php\/produkt\/zurawka-buttered-rum\/#webpage\",\"url\":\"https:\/\/www.ogrodolszanica.pl\/index.php\/produkt\/zurawka-buttered-rum\/\",\"name\":\"\u017burawka Buttered Rum - Ogr&oacute;d Olszanica\",\"isPartOf\":{\"@id\":\"https:\/\/www.ogrodolszanica.pl\/#website\"},\"primaryImageOfPage\":{\"@id\":\"https:\/\/www.ogrodolszanica.pl\/index.php\/produkt\/zurawka-buttered-rum\/#primaryimage\"},\"datePublished\":\"2026-03-02T12:56:00+00:00\",\"dateModified\":\"2026-03-04T20:53:12+00:00\",\"breadcrumb\":{\"@id\":\"https:\/\/www.ogrodolszanica.pl\/index.php\/produkt\/zurawka-buttered-rum\/#breadcrumb\"},\"inLanguage\":\"pl-PL\",\"potentialAction\":[{\"@type\":\"ReadAction\",\"target\":[\"https:\/\/www.ogrodolszanica.pl\/index.php\/produkt\/zurawka-buttered-rum\/\"]}]},{\"@type\":\"BreadcrumbList\",\"@id\":\"https:\/\/www.ogrodolszanica.pl\/index.php\/produkt\/zurawka-buttered-rum\/#breadcrumb\",\"itemListElement\":[{\"@type\":\"ListItem\",\"position\":1,\"name\":\"Strona g\u0142\u00f3wna\",\"item\":\"https:\/\/www.ogrodolszanica.pl\/\"},{\"@type\":\"ListItem\",\"position\":2,\"name\":\"Produkty\",\"item\":\"https:\/\/www.ogrodolszanica.pl\/index.php\/shop\/\"},{\"@type\":\"ListItem\",\"position\":3,\"name\":\"\u017burawka Buttered Rum\"}]}]}<\/script>\n<!-- \/ Yoast SEO plugin. -->","yoast_head_json":{"title":"\u017burawka Buttered Rum - Ogr&oacute;d Olszanica","robots":{"index":"index","follow":"follow","max-snippet":"max-snippet:-1","max-image-preview":"max-image-preview:large","max-video-preview":"max-video-preview:-1"},"canonical":"https:\/\/www.ogrodolszanica.pl\/index.php\/produkt\/zurawka-buttered-rum\/","og_locale":"pl_PL","og_type":"article","og_title":"\u017burawka Buttered Rum - Ogr&oacute;d Olszanica","og_description":"\u017buraweczka Buttered Rum Heucherella 'Buttered Rum&#8217; to pi\u0119kna \u017curaweczka o ciep\u0142ych barwach pomara\u0144czy, miedzi i br\u0105zu. Cech\u0105 charakterystyczn\u0105 \u017curaweczki s\u0105 li\u015bcie bardzo silnie powcinane podobne jak u klona, kt\u00f3re zmieniaj\u0105 swoje barwy od nasyconych odcieni rumu wiosn\u0105 do zgaszonego karmelu latem, aby jesieni\u0105 zn\u00f3w przybra\u0107 jaskraw\u0105, tym razem czerwon\u0105 szat\u0119. Dorasta do oko\u0142o 18 cm &hellip; \u017burawka Buttered Rum Read More &raquo;","og_url":"https:\/\/www.ogrodolszanica.pl\/index.php\/produkt\/zurawka-buttered-rum\/","og_site_name":"Ogr&oacute;d Olszanica","article_publisher":"https:\/\/www.facebook.com\/Ogrd-Olszanica-100807179225223","article_modified_time":"2026-03-04T20:53:12+00:00","og_image":[{"width":1928,"height":2560,"url":"https:\/\/www.ogrodolszanica.pl\/wp-content\/uploads\/2026\/03\/Zurawka-Buttered-Rum-scaled.jpg","type":"image\/jpeg"}],"author":"admin","twitter_card":"summary_large_image","twitter_misc":{"Szacowany czas czytania":"1 minuta"},"schema":{"@context":"https:\/\/schema.org","@graph":[{"@type":"Organization","@id":"https:\/\/www.ogrodolszanica.pl\/#organization","name":"Ogr\u00f3d Olszanica - Krakowskie Centrum Ogrodnicze","url":"https:\/\/www.ogrodolszanica.pl\/","sameAs":["https:\/\/www.facebook.com\/Ogrd-Olszanica-100807179225223"],"logo":{"@type":"ImageObject","inLanguage":"pl-PL","@id":"https:\/\/www.ogrodolszanica.pl\/#\/schema\/logo\/image\/","url":"http:\/\/www.ogrodolszanica.pl\/wp-content\/uploads\/2022\/06\/Ogrod-Olszanica1-1.png","contentUrl":"http:\/\/www.ogrodolszanica.pl\/wp-content\/uploads\/2022\/06\/Ogrod-Olszanica1-1.png","width":180,"height":60,"caption":"Ogr\u00f3d Olszanica - Krakowskie Centrum Ogrodnicze"},"image":{"@id":"https:\/\/www.ogrodolszanica.pl\/#\/schema\/logo\/image\/"}},{"@type":"WebSite","@id":"https:\/\/www.ogrodolszanica.pl\/#website","url":"https:\/\/www.ogrodolszanica.pl\/","name":"Ogr&oacute;d Olszanica","description":"Centrum Ogrodnicze Krak&oacute;w","publisher":{"@id":"https:\/\/www.ogrodolszanica.pl\/#organization"},"potentialAction":[{"@type":"SearchAction","target":{"@type":"EntryPoint","urlTemplate":"https:\/\/www.ogrodolszanica.pl\/?s={search_term_string}"},"query-input":"required name=search_term_string"}],"inLanguage":"pl-PL"},{"@type":"ImageObject","inLanguage":"pl-PL","@id":"https:\/\/www.ogrodolszanica.pl\/index.php\/produkt\/zurawka-buttered-rum\/#primaryimage","url":"https:\/\/i0.wp.com\/www.ogrodolszanica.pl\/wp-content\/uploads\/2026\/03\/Zurawka-Buttered-Rum-scaled.jpg?fit=1928%2C2560&ssl=1","contentUrl":"https:\/\/i0.wp.com\/www.ogrodolszanica.pl\/wp-content\/uploads\/2026\/03\/Zurawka-Buttered-Rum-scaled.jpg?fit=1928%2C2560&ssl=1","width":1928,"height":2560},{"@type":"WebPage","@id":"https:\/\/www.ogrodolszanica.pl\/index.php\/produkt\/zurawka-buttered-rum\/#webpage","url":"https:\/\/www.ogrodolszanica.pl\/index.php\/produkt\/zurawka-buttered-rum\/","name":"\u017burawka Buttered Rum - Ogr&oacute;d Olszanica","isPartOf":{"@id":"https:\/\/www.ogrodolszanica.pl\/#website"},"primaryImageOfPage":{"@id":"https:\/\/www.ogrodolszanica.pl\/index.php\/produkt\/zurawka-buttered-rum\/#primaryimage"},"datePublished":"2026-03-02T12:56:00+00:00","dateModified":"2026-03-04T20:53:12+00:00","breadcrumb":{"@id":"https:\/\/www.ogrodolszanica.pl\/index.php\/produkt\/zurawka-buttered-rum\/#breadcrumb"},"inLanguage":"pl-PL","potentialAction":[{"@type":"ReadAction","target":["https:\/\/www.ogrodolszanica.pl\/index.php\/produkt\/zurawka-buttered-rum\/"]}]},{"@type":"BreadcrumbList","@id":"https:\/\/www.ogrodolszanica.pl\/index.php\/produkt\/zurawka-buttered-rum\/#breadcrumb","itemListElement":[{"@type":"ListItem","position":1,"name":"Strona g\u0142\u00f3wna","item":"https:\/\/www.ogrodolszanica.pl\/"},{"@type":"ListItem","position":2,"name":"Produkty","item":"https:\/\/www.ogrodolszanica.pl\/index.php\/shop\/"},{"@type":"ListItem","position":3,"name":"\u017burawka Buttered Rum"}]}]}},"jetpack-related-posts":[{"id":2221,"url":"https:\/\/www.ogrodolszanica.pl\/index.php\/produkt\/zurawka-lime-marmelade\/","url_meta":{"origin":3753,"position":0},"title":"\u017burawka Lime Marmelade","date":"22 maja, 2023","format":false,"excerpt":"\u017burawka Lime Marmalade Heuchera 'Lime Marmolade' to jedna z najbardziej jaskrawych, z\u0142otolistnych odmian \u017curawek, kt\u00f3rej niezaprzeczalne walory pot\u0119gowane s\u0105 przez silnie pofa\u0142dowane li\u015bcie. Dzi\u0119ki takiej formie li\u015bci ca\u0142a k\u0119pa staje si\u0119 nastroszona i pe\u0142na, co w po\u0142\u0105czeniu z intensywn\u0105 barw\u0105 czyni ze\u0144 doskona\u0142e uzupe\u0142nienie ogrodowych rabat. Dorasta do oko\u0142o 30\u2026","rel":"","context":"Similar post","img":{"alt_text":"","src":"https:\/\/i0.wp.com\/www.ogrodolszanica.pl\/wp-content\/uploads\/2023\/05\/Zurawka-Lime-Marmelade-v2-scaled.jpg?fit=904%2C1200&ssl=1&resize=350%2C200","width":350,"height":200},"classes":[]},{"id":1657,"url":"https:\/\/www.ogrodolszanica.pl\/index.php\/produkt\/zurawka-electra\/","url_meta":{"origin":3753,"position":1},"title":"\u017burawka Electra","date":"17 lipca, 2022","format":false,"excerpt":"\u017burawka Electra Heuchera \u017burawka o ciep\u0142ej, miodowej barwie li\u015bci, urozmaiconej mniej lub bardziej intensywnym, czerwonym unerwieniem zale\u017cnie od fazy rozwoju i pory roku. Dorasta do 20 cm tworz\u0105c zwarte dywany ozdobnych przez ca\u0142y rok li\u015bci. Czerwone unerwienie szczeg\u00f3lnie wyraziste jest ko\u0144cem lata i jesieni\u0105. \u017burawki i \u017curaweczki s\u0105 bylinami \u0142atwymi\u2026","rel":"","context":"Similar post","img":{"alt_text":"","src":"https:\/\/i0.wp.com\/www.ogrodolszanica.pl\/wp-content\/uploads\/2022\/07\/Zurawka-Electra-scaled.jpg?fit=904%2C1200&ssl=1&resize=350%2C200","width":350,"height":200},"classes":[]},{"id":2443,"url":"https:\/\/www.ogrodolszanica.pl\/index.php\/produkt\/zurawka-lime-swizzle\/","url_meta":{"origin":3753,"position":2},"title":"\u017burawka Lime Swizzle","date":"26 sierpnia, 2023","format":false,"excerpt":"\u017burawka Lime Swizzle Heuchera \u017burawka 'Lime Swizzle' to przepi\u0119kna odmiana pochodz\u0105ca z serii 'Baby Bells'. Wyr\u00f3\u017cnia si\u0119 zwartym, kr\u0119pym pokrojem oraz ciekawym ubarwieniem. Tworzy zgrabne, g\u0119ste, nastroszone k\u0119py, kt\u00f3re osi\u0105gaj\u0105 oko\u0142o 15-30 cm wysoko\u015bci. Ozdob\u0105 ro\u015bliny s\u0105 przede wszystkim mocno pofalowane, limonkowo-zielone li\u015bcie, pokryte srebrzyst\u0105 pow\u0142ok\u0105 i zdobione wyra\u017anym, ciemnozielonym\u2026","rel":"","context":"Similar post","img":{"alt_text":"","src":"https:\/\/i0.wp.com\/www.ogrodolszanica.pl\/wp-content\/uploads\/2023\/08\/Zurawka-Lime-Swizzle-scaled.jpg?fit=904%2C1200&ssl=1&resize=350%2C200","width":350,"height":200},"classes":[]},{"id":2942,"url":"https:\/\/www.ogrodolszanica.pl\/index.php\/produkt\/zurawka-purple-petticoats\/","url_meta":{"origin":3753,"position":3},"title":"\u017burawka Purple Petticoats","date":"30 wrze\u015bnia, 2024","format":false,"excerpt":"\u017burawka Heuchera Purple Petticoats Bardzo atrakcyjna \u017curawka o kulistym pokroju. Li\u015bcie pofalowane, k\u0119dzierzawe, purpurowo-buraczkowe. Osi\u0105ga wysoko\u015bc ok.30cm. Wymaga \u017cyznego, lekko wilgotnego pod\u0142o\u017ca i s\u0142onecznego lub p\u00f3\u0142cienistego stanowiska. Nale\u017cy j\u0105 przesadzi\u0107 lub mocno przyci\u0105\u0107 co kilka lat. Skutkuje to silniejszym wzrostem, rozkrzewieniem i \u015bwie\u017cymi przyrostami. Sprawdzona ro\u015blina okrywowa. Polecamy do nasadze\u0144\u2026","rel":"","context":"Similar post","img":{"alt_text":"","src":"https:\/\/i0.wp.com\/www.ogrodolszanica.pl\/wp-content\/uploads\/2024\/09\/Zurawka-Heuchera-Purple-Petticoats-scaled.jpg?fit=904%2C1200&ssl=1&resize=350%2C200","width":350,"height":200},"classes":[]},{"id":2946,"url":"https:\/\/www.ogrodolszanica.pl\/index.php\/produkt\/zurawka-beauty-colour\/","url_meta":{"origin":3753,"position":4},"title":"\u017burawka Beauty Colour","date":"30 wrze\u015bnia, 2024","format":false,"excerpt":"\u017burawka Heuchera Beauty Colour K\u0119piasta bylina o ozdobnych, wielobarwnych li\u015bciach. Ro\u015bnie szybko, osi\u0105ga 35-50 cm wysoko\u015bci. Li\u015bcie p\u00f3\u0142zimozielone, w kszta\u0142cie sercowate, lekko powcinane, do\u015b\u0107 du\u017ce, od spodu bordowe, od g\u00f3ry wielokolorowe: na brzegach jasnozielone i pofalowane, na \u015brodku srebrzyste, z wyra\u017anym, ciemnobordowym unerwieniem. M\u0142ode li\u015bcie s\u0105 ja\u015bniejsze, starsze ciemniejsze, ich\u2026","rel":"","context":"Similar post","img":{"alt_text":"","src":"https:\/\/i0.wp.com\/www.ogrodolszanica.pl\/wp-content\/uploads\/2024\/09\/Zurawka-Heuchera-Beauty-Colour-v1x-scaled.jpg?fit=903%2C1200&ssl=1&resize=350%2C200","width":350,"height":200},"classes":[]},{"id":1558,"url":"https:\/\/www.ogrodolszanica.pl\/index.php\/produkt\/zurawka-cinnabar-silver\/","url_meta":{"origin":3753,"position":5},"title":"\u017burawka Cinnabar Silver","date":"11 lipca, 2022","format":false,"excerpt":"\u017burawka Cinnabar Silver Odmiana tworz\u0105ca niewielkie, kompaktowe k\u0119py, o kulistej formie. Na d\u0142ugich w stosunku do ma\u0142ej k\u0119py szypu\u0142ach, tworz\u0105 si\u0119 lu\u017ane kwiatostany. Kwiaty w kszta\u0142cie dzwonk\u00f3w s\u0105 du\u017ce i bardzo wyraziste w kolorze cynobrowej intensywnej czerwieni. Li\u015bcie w srebrnozielonych odcieniach. Rodzaj: \u017burawka Barwa: Czerwony szeroko\u015b\u0107: 35\u00a0cm wysoko\u015b\u0107: 25\u00a0cm wysoko\u015b\u0107\u2026","rel":"","context":"Similar post","img":{"alt_text":"","src":"https:\/\/i0.wp.com\/www.ogrodolszanica.pl\/wp-content\/uploads\/2022\/07\/heuchera-cinnabar-silver_4.jpg?fit=433%2C650&ssl=1&resize=350%2C200","width":350,"height":200},"classes":[]}],"_links":{"self":[{"href":"https:\/\/www.ogrodolszanica.pl\/index.php\/wp-json\/wp\/v2\/product\/3753","targetHints":{"allow":["GET"]}}],"collection":[{"href":"https:\/\/www.ogrodolszanica.pl\/index.php\/wp-json\/wp\/v2\/product"}],"about":[{"href":"https:\/\/www.ogrodolszanica.pl\/index.php\/wp-json\/wp\/v2\/types\/product"}],"replies":[{"embeddable":true,"href":"https:\/\/www.ogrodolszanica.pl\/index.php\/wp-json\/wp\/v2\/comments?post=3753"}],"wp:featuredmedia":[{"embeddable":true,"href":"https:\/\/www.ogrodolszanica.pl\/index.php\/wp-json\/wp\/v2\/media\/3754"}],"wp:attachment":[{"href":"https:\/\/www.ogrodolszanica.pl\/index.php\/wp-json\/wp\/v2\/media?parent=3753"}],"wp:term":[{"taxonomy":"product_cat","embeddable":true,"href":"https:\/\/www.ogrodolszanica.pl\/index.php\/wp-json\/wp\/v2\/product_cat?post=3753"},{"taxonomy":"product_tag","embeddable":true,"href":"https:\/\/www.ogrodolszanica.pl\/index.php\/wp-json\/wp\/v2\/product_tag?post=3753"}],"curies":[{"name":"wp","href":"https:\/\/api.w.org\/{rel}","templated":true}]}}