{"id":3741,"date":"2026-03-02T12:49:01","date_gmt":"2026-03-02T12:49:01","guid":{"rendered":"https:\/\/www.ogrodolszanica.pl\/?post_type=product&#038;p=3741"},"modified":"2026-03-04T20:53:27","modified_gmt":"2026-03-04T20:53:27","slug":"zawilec-mieszancowy-andrea-atkinson","status":"publish","type":"product","link":"https:\/\/www.ogrodolszanica.pl\/index.php\/produkt\/zawilec-mieszancowy-andrea-atkinson\/","title":{"rendered":"Zawilec Miesza\u0144cowy Andrea Atkinson"},"content":{"rendered":"<div class=\"mpof_ki myre_zn myre_8v_l m389_6m_l\">\n<div class=\"mp4t_16_s mryx_16_s mr3m_1 mli2_1 mh85_56 mh85_0_l\">\n<div class=\"mgn2_16 _0d3bd_am0a-\">\n<h1>Zawilec miesza\u0144cowy Andrea Atkinson Anemone x hybrida<\/h1>\n<p>Zawilec miesza\u0144cowy 'Andrea Atkinson&#8217; to pe\u0142na elegancji i wdzi\u0119ku bylina, ceniona za d\u0142ugie, widowiskowe kwitnienie. Maksymalnie osi\u0105ga oko\u0142o 60-150 cm wysoko\u015bci i oko\u0142o 50-60 cm szeroko\u015bci. Posiada smuk\u0142e, wzniesione p\u0119dy, kt\u00f3re zdobione s\u0105 ciemnozielonymi, tr\u00f3jdzielnymi, unerwionymi li\u015b\u0107mi o z\u0105bkowanych brzegach. Zawilec miesza\u0144cowy 'Andrea Atkinson&#8217; kwitnie obficie od sierpnia a\u017c do pierwszych przymrozk\u00f3w. W szczytowej cz\u0119\u015bci \u0142ody\u017cek pojawiaj\u0105 si\u0119 w\u00f3wczas okaza\u0142e, emanuj\u0105ce delikatno\u015bci\u0105 kwiaty, na kt\u00f3rych ch\u0119tnie goszcz\u0105 owady zapylaj\u0105ce. Zbudowane s\u0105 one z niewielkiego, zielonego \u015brodka, otoczonego wianuszkiem cienkich, z\u0142ocisto-pomara\u0144czowych pr\u0119cik\u00f3w oraz z nieskazitelnie bia\u0142ych, zaokr\u0105glonych, nachodz\u0105cych na siebie p\u0142atk\u00f3w. Kwiaty przepi\u0119knie kontrastuj\u0105 z ciemn\u0105 opraw\u0105 li\u015bci, a ich blask widoczny jest z daleka. Zawilec miesza\u0144cowy 'Andrea Atkinson&#8217; posiada niezliczone zalety wizualne, a dodatkowo jest \u0142atwy w uprawie, przyjazny zapylaczom. Subtelna uroda oraz stonowana kolorystyka kwiat\u00f3w, sprawiaj\u0105, \u017ce ro\u015blina doskonale wkomponuje si\u0119 w klimat ka\u017cdego ogrodu.<\/p>\n<ul>\n<li>Rodzaj:\u00a0<b>zawilec<\/b><\/li>\n<li>Stanowisko:\u00a0<b>s\u0142oneczne<\/b>\u00a0\u2600\ufe0f<b>, p\u00f3\u0142cieniste<\/b><\/li>\n<li>Podlewanie:\u00a0<b>przeci\u0119tne<\/b><\/li>\n<li>Barwa kwiatu:\u00a0<b>bia\u0142y<\/b><\/li>\n<li>Barwa li\u015bci:\u00a0<b>zielone<\/b><\/li>\n<li>Szeroko\u015b\u0107 \u2b05\ufe0f\u27a1\ufe0f:\u00a0<b>50-60 cm<\/b><\/li>\n<li>Wysoko\u015b\u0107 kwitnienia \u2b06\ufe0f:\u00a0<b>120-160 cm<\/b><\/li>\n<li>Okres kwitnienia \u27a1\ufe0f\u2b05\ufe0f:\u00a0<b>wrzesie\u0144 \u00f7 pa\u017adziernik<\/b><\/li>\n<li>Mrozoodporno\u015b\u0107:\u00a0<b>tak<\/b><\/li>\n<li>Ro\u015blina wieloletnia:\u00a0<b>tak<\/b><\/li>\n<\/ul>\n<\/div>\n<\/div>\n<div class=\"mp4t_16_s mryx_16_s mr3m_1 mli2_1 mh85_56 mh85_0_l\">\n<div class=\"mg9e_8 mj7a_8 mg9e_0_s mvrt_0_s mj7a_0_s mh36_0_s mzmg_6m munh_16_l m3h2_16_l\">\n<div class=\"mp4t_0 mryx_0 munh_56 m3h2_56\">\n<div class=\"mp7g_oh\"><button class=\"mg9e_0 mvrt_0 mj7a_0 mh36_0 mp4t_0 m3h2_0 mryx_0 munh_0 mqen_m6 mpof_z0 mx7m_0 m7er_k4 mse2_k4 msts_pt\" data-analytics-interaction=\"true\" data-analytics-interaction-label=\"zoomable-image-open\" aria-disabled=\"true\"><img decoding=\"async\" class=\"msub_k4 mupj_5k mjru_k4 mse2_k4 mp7g_f6 mq1m_0 mj7u_0 m7er_k4 mqen_m6 m31c_d8 m0ux_fp lazyloaded\" src=\"https:\/\/a.allegroimg.com\/original\/115d82\/af4abc2942b4b323531a5df75fbb\/Zawilec-Mieszancowy-Andrea-Atkinson-duza-sadzonka-wieloletnia-roslina\" sizes=\"(min-width: 1200px) 560px, (min-width: 992px) 50vw, 100vw\" srcset=\"https:\/\/a.allegroimg.com\/s360\/115d82\/af4abc2942b4b323531a5df75fbb\/Zawilec-Mieszancowy-Andrea-Atkinson-duza-sadzonka-wieloletnia-roslina 353w,https:\/\/a.allegroimg.com\/s720\/115d82\/af4abc2942b4b323531a5df75fbb\/Zawilec-Mieszancowy-Andrea-Atkinson-duza-sadzonka-wieloletnia-roslina 704w,https:\/\/a.allegroimg.com\/original\/115d82\/af4abc2942b4b323531a5df75fbb\/Zawilec-Mieszancowy-Andrea-Atkinson-duza-sadzonka-wieloletnia-roslina 704w\" alt=\"Zawilec Miesza\u0144cowy Andrea Atkinson du\u017ca sadzonka wieloletnia ro\u015blina\" width=\"704px\" data-srcset=\"\" \/><\/button><\/div>\n<\/div>\n<\/div>\n<\/div>\n<\/div>\n<div class=\"mpof_ki myre_zn myre_8v_l m389_6m_l\">\n<div class=\"mp4t_16_s mryx_16_s mr3m_1 mli2_1 mh85_56 mh85_0_l\">\n<div class=\"mgn2_16 _0d3bd_am0a-\">\n<h1>Uwaga \u2757\u2757\u2757<\/h1>\n<p><b>Jedno zdj\u0119cie przedstawia ro\u015blin\u0119 w pe\u0142ni rozwini\u0119t\u0105, a drugie sadzonk\u0119 kt\u00f3ra jest w sprzeda\u017cy.<\/b><\/p>\n<p><b>Jednak \u017ce s\u0105 to \u017cywe ro\u015bliny i z tygodnia na tydzie\u0144 zmieniaj\u0105 sw\u00f3j wygl\u0105d. Mog\u0105 by\u0107 przyci\u0119te, a w okresie kwitnienia mog\u0105 by\u0107 wi\u0119ksze oraz z kwiatami.<\/b><\/p>\n<\/div>\n<\/div>\n<\/div>\n<div class=\"mpof_ki myre_zn myre_8v_l m389_6m_l\">\n<div class=\"mp4t_16_s mryx_16_s mr3m_1 mli2_1 mh85_56 mh85_0_l\">\n<div class=\"mg9e_8 mj7a_8 mg9e_0_s mvrt_0_s mj7a_0_s mh36_0_s mzmg_6m munh_16_l m3h2_16_l\">\n<div class=\"mp4t_0 mryx_0 munh_56 m3h2_56\">\n<div class=\"mp7g_oh\"><button class=\"mg9e_0 mvrt_0 mj7a_0 mh36_0 mp4t_0 m3h2_0 mryx_0 munh_0 mqen_m6 mpof_z0 mx7m_0 m7er_k4 mse2_k4 msts_pt\" data-analytics-interaction=\"true\" data-analytics-interaction-label=\"zoomable-image-open\" aria-disabled=\"true\"><img decoding=\"async\" class=\"msub_k4 mupj_5k mjru_k4 mse2_k4 mp7g_f6 mq1m_0 mj7u_0 m7er_k4 mqen_m6 m31c_d8 m0ux_fp lazyloaded\" src=\"https:\/\/a.allegroimg.com\/original\/117f66\/4761de024b939acb66c40376fb23\/Zawilec-Mieszancowy-Andrea-Atkinson-duza-sadzonka-wieloletnia-roslina-Producent-nieznany-producent\" sizes=\"(min-width: 1200px) 560px, (min-width: 992px) 50vw, 100vw\" srcset=\"https:\/\/a.allegroimg.com\/s360\/117f66\/4761de024b939acb66c40376fb23\/Zawilec-Mieszancowy-Andrea-Atkinson-duza-sadzonka-wieloletnia-roslina-Producent-nieznany-producent 270w,https:\/\/a.allegroimg.com\/s720\/117f66\/4761de024b939acb66c40376fb23\/Zawilec-Mieszancowy-Andrea-Atkinson-duza-sadzonka-wieloletnia-roslina-Producent-nieznany-producent 541w,https:\/\/a.allegroimg.com\/s1024\/117f66\/4761de024b939acb66c40376fb23\/Zawilec-Mieszancowy-Andrea-Atkinson-duza-sadzonka-wieloletnia-roslina-Producent-nieznany-producent 770w,https:\/\/a.allegroimg.com\/s1440\/117f66\/4761de024b939acb66c40376fb23\/Zawilec-Mieszancowy-Andrea-Atkinson-duza-sadzonka-wieloletnia-roslina-Producent-nieznany-producent 1083w,https:\/\/a.allegroimg.com\/original\/117f66\/4761de024b939acb66c40376fb23\/Zawilec-Mieszancowy-Andrea-Atkinson-duza-sadzonka-wieloletnia-roslina-Producent-nieznany-producent 1927w\" alt=\"Zawilec Miesza\u0144cowy Andrea Atkinson du\u017ca sadzonka wieloletnia ro\u015blina Producent nieznany producent\" width=\"1927px\" data-srcset=\"\" \/><\/button><\/div>\n<\/div>\n<\/div>\n<\/div>\n<div class=\"mp4t_16_s mryx_16_s mr3m_1 mli2_1 mh85_56 mh85_0_l\">\n<div class=\"mg9e_8 mj7a_8 mg9e_0_s mvrt_0_s mj7a_0_s mh36_0_s mzmg_6m munh_16_l m3h2_16_l\">\n<div class=\"mp4t_0 mryx_0 munh_56 m3h2_56\">\n<div class=\"mp7g_oh\"><button class=\"mg9e_0 mvrt_0 mj7a_0 mh36_0 mp4t_0 m3h2_0 mryx_0 munh_0 mqen_m6 mpof_z0 mx7m_0 m7er_k4 mse2_k4 msts_pt\" data-analytics-interaction=\"true\" data-analytics-interaction-label=\"zoomable-image-open\" aria-disabled=\"true\"><img decoding=\"async\" class=\"msub_k4 mupj_5k mjru_k4 mse2_k4 mp7g_f6 mq1m_0 mj7u_0 m7er_k4 mqen_m6 m31c_d8 m0ux_fp lazyloaded\" src=\"https:\/\/a.allegroimg.com\/original\/112768\/e5adf73247c5b4682048d977f23c\/Zawilec-Mieszancowy-Andrea-Atkinson-duza-sadzonka-wieloletnia-roslina-Kolor-kwiatow-bialy\" sizes=\"(min-width: 1200px) 560px, (min-width: 992px) 50vw, 100vw\" srcset=\"https:\/\/a.allegroimg.com\/s360\/112768\/e5adf73247c5b4682048d977f23c\/Zawilec-Mieszancowy-Andrea-Atkinson-duza-sadzonka-wieloletnia-roslina-Kolor-kwiatow-bialy 270w,https:\/\/a.allegroimg.com\/s720\/112768\/e5adf73247c5b4682048d977f23c\/Zawilec-Mieszancowy-Andrea-Atkinson-duza-sadzonka-wieloletnia-roslina-Kolor-kwiatow-bialy 541w,https:\/\/a.allegroimg.com\/s1024\/112768\/e5adf73247c5b4682048d977f23c\/Zawilec-Mieszancowy-Andrea-Atkinson-duza-sadzonka-wieloletnia-roslina-Kolor-kwiatow-bialy 770w,https:\/\/a.allegroimg.com\/s1440\/112768\/e5adf73247c5b4682048d977f23c\/Zawilec-Mieszancowy-Andrea-Atkinson-duza-sadzonka-wieloletnia-roslina-Kolor-kwiatow-bialy 1083w,https:\/\/a.allegroimg.com\/original\/112768\/e5adf73247c5b4682048d977f23c\/Zawilec-Mieszancowy-Andrea-Atkinson-duza-sadzonka-wieloletnia-roslina-Kolor-kwiatow-bialy 1927w\" alt=\"Zawilec Miesza\u0144cowy Andrea Atkinson du\u017ca sadzonka wieloletnia ro\u015blina Kolor kwiat\u00f3w bia\u0142y\" width=\"1927px\" data-srcset=\"\" \/><\/button><\/div>\n<\/div>\n<\/div>\n<\/div>\n<\/div>\n","protected":false},"excerpt":{"rendered":"<p>Zawilec miesza\u0144cowy Andrea Atkinson Anemone x hybrida Zawilec miesza\u0144cowy 'Andrea Atkinson&#8217; to pe\u0142na elegancji i wdzi\u0119ku bylina, ceniona za d\u0142ugie, widowiskowe kwitnienie. Maksymalnie osi\u0105ga oko\u0142o 60-150 cm wysoko\u015bci i oko\u0142o 50-60 cm szeroko\u015bci. Posiada smuk\u0142e, wzniesione p\u0119dy, kt\u00f3re zdobione s\u0105 ciemnozielonymi, tr\u00f3jdzielnymi, unerwionymi li\u015b\u0107mi o z\u0105bkowanych brzegach. Zawilec miesza\u0144cowy 'Andrea Atkinson&#8217; kwitnie obficie od sierpnia &hellip;<\/p>\n<p class=\"read-more\"> <a class=\"\" href=\"https:\/\/www.ogrodolszanica.pl\/index.php\/produkt\/zawilec-mieszancowy-andrea-atkinson\/\"> <span class=\"screen-reader-text\">Zawilec Miesza\u0144cowy Andrea Atkinson<\/span> Read More &raquo;<\/a><\/p>\n","protected":false},"featured_media":3744,"comment_status":"open","ping_status":"closed","template":"","meta":{"site-sidebar-layout":"default","site-content-layout":"default","ast-global-header-display":"","ast-main-header-display":"","ast-hfb-above-header-display":"","ast-hfb-below-header-display":"","ast-hfb-mobile-header-display":"","site-post-title":"","ast-breadcrumbs-content":"","ast-featured-img":"","footer-sml-layout":"","theme-transparent-header-meta":"default","adv-header-id-meta":"","stick-header-meta":"","header-above-stick-meta":"","header-main-stick-meta":"","header-below-stick-meta":"","spay_email":""},"product_cat":[29,97],"product_tag":[],"class_list":["post-3741","product","type-product","status-publish","has-post-thumbnail","hentry","product_cat-byliny","product_cat-zurawki"],"yoast_head":"<!-- This site is optimized with the Yoast SEO plugin v19.2 - https:\/\/yoast.com\/wordpress\/plugins\/seo\/ -->\n<title>Zawilec Miesza\u0144cowy Andrea Atkinson - Ogr&oacute;d Olszanica<\/title>\n<meta name=\"robots\" content=\"index, follow, max-snippet:-1, max-image-preview:large, max-video-preview:-1\" \/>\n<link rel=\"canonical\" href=\"https:\/\/www.ogrodolszanica.pl\/index.php\/produkt\/zawilec-mieszancowy-andrea-atkinson\/\" \/>\n<meta property=\"og:locale\" content=\"pl_PL\" \/>\n<meta property=\"og:type\" content=\"article\" \/>\n<meta property=\"og:title\" content=\"Zawilec Miesza\u0144cowy Andrea Atkinson - Ogr&oacute;d Olszanica\" \/>\n<meta property=\"og:description\" content=\"Zawilec miesza\u0144cowy Andrea Atkinson Anemone x hybrida Zawilec miesza\u0144cowy &#039;Andrea Atkinson&#8217; to pe\u0142na elegancji i wdzi\u0119ku bylina, ceniona za d\u0142ugie, widowiskowe kwitnienie. Maksymalnie osi\u0105ga oko\u0142o 60-150 cm wysoko\u015bci i oko\u0142o 50-60 cm szeroko\u015bci. Posiada smuk\u0142e, wzniesione p\u0119dy, kt\u00f3re zdobione s\u0105 ciemnozielonymi, tr\u00f3jdzielnymi, unerwionymi li\u015b\u0107mi o z\u0105bkowanych brzegach. Zawilec miesza\u0144cowy &#039;Andrea Atkinson&#8217; kwitnie obficie od sierpnia &hellip; Zawilec Miesza\u0144cowy Andrea Atkinson Read More &raquo;\" \/>\n<meta property=\"og:url\" content=\"https:\/\/www.ogrodolszanica.pl\/index.php\/produkt\/zawilec-mieszancowy-andrea-atkinson\/\" \/>\n<meta property=\"og:site_name\" content=\"Ogr&oacute;d Olszanica\" \/>\n<meta property=\"article:publisher\" content=\"https:\/\/www.facebook.com\/Ogrd-Olszanica-100807179225223\" \/>\n<meta property=\"article:modified_time\" content=\"2026-03-04T20:53:27+00:00\" \/>\n<meta property=\"og:image\" content=\"https:\/\/www.ogrodolszanica.pl\/wp-content\/uploads\/2026\/03\/Zawilec-Mieszancowy-Andrea-Atkinson-scaled.jpg\" \/>\n\t<meta property=\"og:image:width\" content=\"1928\" \/>\n\t<meta property=\"og:image:height\" content=\"2560\" \/>\n\t<meta property=\"og:image:type\" content=\"image\/jpeg\" \/>\n<meta name=\"author\" content=\"admin\" \/>\n<meta name=\"twitter:card\" content=\"summary_large_image\" \/>\n<meta name=\"twitter:label1\" content=\"Szacowany czas czytania\" \/>\n\t<meta name=\"twitter:data1\" content=\"1 minuta\" \/>\n<script type=\"application\/ld+json\" class=\"yoast-schema-graph\">{\"@context\":\"https:\/\/schema.org\",\"@graph\":[{\"@type\":\"Organization\",\"@id\":\"https:\/\/www.ogrodolszanica.pl\/#organization\",\"name\":\"Ogr\u00f3d Olszanica - Krakowskie Centrum Ogrodnicze\",\"url\":\"https:\/\/www.ogrodolszanica.pl\/\",\"sameAs\":[\"https:\/\/www.facebook.com\/Ogrd-Olszanica-100807179225223\"],\"logo\":{\"@type\":\"ImageObject\",\"inLanguage\":\"pl-PL\",\"@id\":\"https:\/\/www.ogrodolszanica.pl\/#\/schema\/logo\/image\/\",\"url\":\"http:\/\/www.ogrodolszanica.pl\/wp-content\/uploads\/2022\/06\/Ogrod-Olszanica1-1.png\",\"contentUrl\":\"http:\/\/www.ogrodolszanica.pl\/wp-content\/uploads\/2022\/06\/Ogrod-Olszanica1-1.png\",\"width\":180,\"height\":60,\"caption\":\"Ogr\u00f3d Olszanica - Krakowskie Centrum Ogrodnicze\"},\"image\":{\"@id\":\"https:\/\/www.ogrodolszanica.pl\/#\/schema\/logo\/image\/\"}},{\"@type\":\"WebSite\",\"@id\":\"https:\/\/www.ogrodolszanica.pl\/#website\",\"url\":\"https:\/\/www.ogrodolszanica.pl\/\",\"name\":\"Ogr&oacute;d Olszanica\",\"description\":\"Centrum Ogrodnicze Krak&oacute;w\",\"publisher\":{\"@id\":\"https:\/\/www.ogrodolszanica.pl\/#organization\"},\"potentialAction\":[{\"@type\":\"SearchAction\",\"target\":{\"@type\":\"EntryPoint\",\"urlTemplate\":\"https:\/\/www.ogrodolszanica.pl\/?s={search_term_string}\"},\"query-input\":\"required name=search_term_string\"}],\"inLanguage\":\"pl-PL\"},{\"@type\":\"ImageObject\",\"inLanguage\":\"pl-PL\",\"@id\":\"https:\/\/www.ogrodolszanica.pl\/index.php\/produkt\/zawilec-mieszancowy-andrea-atkinson\/#primaryimage\",\"url\":\"https:\/\/i0.wp.com\/www.ogrodolszanica.pl\/wp-content\/uploads\/2026\/03\/Zawilec-Mieszancowy-Andrea-Atkinson-scaled.jpg?fit=1928%2C2560&ssl=1\",\"contentUrl\":\"https:\/\/i0.wp.com\/www.ogrodolszanica.pl\/wp-content\/uploads\/2026\/03\/Zawilec-Mieszancowy-Andrea-Atkinson-scaled.jpg?fit=1928%2C2560&ssl=1\",\"width\":1928,\"height\":2560},{\"@type\":\"WebPage\",\"@id\":\"https:\/\/www.ogrodolszanica.pl\/index.php\/produkt\/zawilec-mieszancowy-andrea-atkinson\/#webpage\",\"url\":\"https:\/\/www.ogrodolszanica.pl\/index.php\/produkt\/zawilec-mieszancowy-andrea-atkinson\/\",\"name\":\"Zawilec Miesza\u0144cowy Andrea Atkinson - Ogr&oacute;d Olszanica\",\"isPartOf\":{\"@id\":\"https:\/\/www.ogrodolszanica.pl\/#website\"},\"primaryImageOfPage\":{\"@id\":\"https:\/\/www.ogrodolszanica.pl\/index.php\/produkt\/zawilec-mieszancowy-andrea-atkinson\/#primaryimage\"},\"datePublished\":\"2026-03-02T12:49:01+00:00\",\"dateModified\":\"2026-03-04T20:53:27+00:00\",\"breadcrumb\":{\"@id\":\"https:\/\/www.ogrodolszanica.pl\/index.php\/produkt\/zawilec-mieszancowy-andrea-atkinson\/#breadcrumb\"},\"inLanguage\":\"pl-PL\",\"potentialAction\":[{\"@type\":\"ReadAction\",\"target\":[\"https:\/\/www.ogrodolszanica.pl\/index.php\/produkt\/zawilec-mieszancowy-andrea-atkinson\/\"]}]},{\"@type\":\"BreadcrumbList\",\"@id\":\"https:\/\/www.ogrodolszanica.pl\/index.php\/produkt\/zawilec-mieszancowy-andrea-atkinson\/#breadcrumb\",\"itemListElement\":[{\"@type\":\"ListItem\",\"position\":1,\"name\":\"Strona g\u0142\u00f3wna\",\"item\":\"https:\/\/www.ogrodolszanica.pl\/\"},{\"@type\":\"ListItem\",\"position\":2,\"name\":\"Produkty\",\"item\":\"https:\/\/www.ogrodolszanica.pl\/index.php\/shop\/\"},{\"@type\":\"ListItem\",\"position\":3,\"name\":\"Zawilec Miesza\u0144cowy Andrea Atkinson\"}]}]}<\/script>\n<!-- \/ Yoast SEO plugin. -->","yoast_head_json":{"title":"Zawilec Miesza\u0144cowy Andrea Atkinson - Ogr&oacute;d Olszanica","robots":{"index":"index","follow":"follow","max-snippet":"max-snippet:-1","max-image-preview":"max-image-preview:large","max-video-preview":"max-video-preview:-1"},"canonical":"https:\/\/www.ogrodolszanica.pl\/index.php\/produkt\/zawilec-mieszancowy-andrea-atkinson\/","og_locale":"pl_PL","og_type":"article","og_title":"Zawilec Miesza\u0144cowy Andrea Atkinson - Ogr&oacute;d Olszanica","og_description":"Zawilec miesza\u0144cowy Andrea Atkinson Anemone x hybrida Zawilec miesza\u0144cowy 'Andrea Atkinson&#8217; to pe\u0142na elegancji i wdzi\u0119ku bylina, ceniona za d\u0142ugie, widowiskowe kwitnienie. Maksymalnie osi\u0105ga oko\u0142o 60-150 cm wysoko\u015bci i oko\u0142o 50-60 cm szeroko\u015bci. Posiada smuk\u0142e, wzniesione p\u0119dy, kt\u00f3re zdobione s\u0105 ciemnozielonymi, tr\u00f3jdzielnymi, unerwionymi li\u015b\u0107mi o z\u0105bkowanych brzegach. Zawilec miesza\u0144cowy 'Andrea Atkinson&#8217; kwitnie obficie od sierpnia &hellip; Zawilec Miesza\u0144cowy Andrea Atkinson Read More &raquo;","og_url":"https:\/\/www.ogrodolszanica.pl\/index.php\/produkt\/zawilec-mieszancowy-andrea-atkinson\/","og_site_name":"Ogr&oacute;d Olszanica","article_publisher":"https:\/\/www.facebook.com\/Ogrd-Olszanica-100807179225223","article_modified_time":"2026-03-04T20:53:27+00:00","og_image":[{"width":1928,"height":2560,"url":"https:\/\/www.ogrodolszanica.pl\/wp-content\/uploads\/2026\/03\/Zawilec-Mieszancowy-Andrea-Atkinson-scaled.jpg","type":"image\/jpeg"}],"author":"admin","twitter_card":"summary_large_image","twitter_misc":{"Szacowany czas czytania":"1 minuta"},"schema":{"@context":"https:\/\/schema.org","@graph":[{"@type":"Organization","@id":"https:\/\/www.ogrodolszanica.pl\/#organization","name":"Ogr\u00f3d Olszanica - Krakowskie Centrum Ogrodnicze","url":"https:\/\/www.ogrodolszanica.pl\/","sameAs":["https:\/\/www.facebook.com\/Ogrd-Olszanica-100807179225223"],"logo":{"@type":"ImageObject","inLanguage":"pl-PL","@id":"https:\/\/www.ogrodolszanica.pl\/#\/schema\/logo\/image\/","url":"http:\/\/www.ogrodolszanica.pl\/wp-content\/uploads\/2022\/06\/Ogrod-Olszanica1-1.png","contentUrl":"http:\/\/www.ogrodolszanica.pl\/wp-content\/uploads\/2022\/06\/Ogrod-Olszanica1-1.png","width":180,"height":60,"caption":"Ogr\u00f3d Olszanica - Krakowskie Centrum Ogrodnicze"},"image":{"@id":"https:\/\/www.ogrodolszanica.pl\/#\/schema\/logo\/image\/"}},{"@type":"WebSite","@id":"https:\/\/www.ogrodolszanica.pl\/#website","url":"https:\/\/www.ogrodolszanica.pl\/","name":"Ogr&oacute;d Olszanica","description":"Centrum Ogrodnicze Krak&oacute;w","publisher":{"@id":"https:\/\/www.ogrodolszanica.pl\/#organization"},"potentialAction":[{"@type":"SearchAction","target":{"@type":"EntryPoint","urlTemplate":"https:\/\/www.ogrodolszanica.pl\/?s={search_term_string}"},"query-input":"required name=search_term_string"}],"inLanguage":"pl-PL"},{"@type":"ImageObject","inLanguage":"pl-PL","@id":"https:\/\/www.ogrodolszanica.pl\/index.php\/produkt\/zawilec-mieszancowy-andrea-atkinson\/#primaryimage","url":"https:\/\/i0.wp.com\/www.ogrodolszanica.pl\/wp-content\/uploads\/2026\/03\/Zawilec-Mieszancowy-Andrea-Atkinson-scaled.jpg?fit=1928%2C2560&ssl=1","contentUrl":"https:\/\/i0.wp.com\/www.ogrodolszanica.pl\/wp-content\/uploads\/2026\/03\/Zawilec-Mieszancowy-Andrea-Atkinson-scaled.jpg?fit=1928%2C2560&ssl=1","width":1928,"height":2560},{"@type":"WebPage","@id":"https:\/\/www.ogrodolszanica.pl\/index.php\/produkt\/zawilec-mieszancowy-andrea-atkinson\/#webpage","url":"https:\/\/www.ogrodolszanica.pl\/index.php\/produkt\/zawilec-mieszancowy-andrea-atkinson\/","name":"Zawilec Miesza\u0144cowy Andrea Atkinson - Ogr&oacute;d Olszanica","isPartOf":{"@id":"https:\/\/www.ogrodolszanica.pl\/#website"},"primaryImageOfPage":{"@id":"https:\/\/www.ogrodolszanica.pl\/index.php\/produkt\/zawilec-mieszancowy-andrea-atkinson\/#primaryimage"},"datePublished":"2026-03-02T12:49:01+00:00","dateModified":"2026-03-04T20:53:27+00:00","breadcrumb":{"@id":"https:\/\/www.ogrodolszanica.pl\/index.php\/produkt\/zawilec-mieszancowy-andrea-atkinson\/#breadcrumb"},"inLanguage":"pl-PL","potentialAction":[{"@type":"ReadAction","target":["https:\/\/www.ogrodolszanica.pl\/index.php\/produkt\/zawilec-mieszancowy-andrea-atkinson\/"]}]},{"@type":"BreadcrumbList","@id":"https:\/\/www.ogrodolszanica.pl\/index.php\/produkt\/zawilec-mieszancowy-andrea-atkinson\/#breadcrumb","itemListElement":[{"@type":"ListItem","position":1,"name":"Strona g\u0142\u00f3wna","item":"https:\/\/www.ogrodolszanica.pl\/"},{"@type":"ListItem","position":2,"name":"Produkty","item":"https:\/\/www.ogrodolszanica.pl\/index.php\/shop\/"},{"@type":"ListItem","position":3,"name":"Zawilec Miesza\u0144cowy Andrea Atkinson"}]}]}},"jetpack-related-posts":[{"id":1522,"url":"https:\/\/www.ogrodolszanica.pl\/index.php\/produkt\/zawilec-prinz-heinrich\/","url_meta":{"origin":3741,"position":0},"title":"Zawilec Prinz Heinrich","date":"8 lipca, 2022","format":false,"excerpt":"Zawilec japo\u0144ski Prinz Heinrich Anemone hupehensis Cudowna odmiana, kt\u00f3ra hipnotyzuje okaza\u0142ymi, intensywnie wybarwionymi kwiatami. Zosta\u0142a ona wyselekcjonowana przez Wilhelma Pfitzera w 1902 roku. Zawilec japo\u0144ski 'Prinz Heinrich' w czasie kwitnienia osi\u0105ga oko\u0142o 60-80 cm wysoko\u015bci. Bylina tworzy bujne k\u0119py du\u017cych, odziomkowych, tr\u00f3jdzielnie z\u0142o\u017conych, nieregularnie klapowanych, ciemnozielonych li\u015bci o z\u0105bkowanych brzegach,\u2026","rel":"","context":"Similar post","img":{"alt_text":"","src":"https:\/\/i0.wp.com\/www.ogrodolszanica.pl\/wp-content\/uploads\/2022\/07\/anemone-prinz-heinrich_5.jpg?fit=488%2C650&ssl=1&resize=350%2C200","width":350,"height":200},"classes":[]},{"id":1876,"url":"https:\/\/www.ogrodolszanica.pl\/index.php\/produkt\/zawilec-whirlwind\/","url_meta":{"origin":3741,"position":1},"title":"Zawilec Whirlwind","date":"23 lipca, 2022","format":false,"excerpt":"Zawilec miesza\u0144cowy Whirlwind Anemone x hybrida Zawilec 'Whirlwind' jest bylin\u0105 ozdobn\u0105 od lata do p\u00f3\u017anej jesieni. Cieszy si\u0119 d\u0142ugim i obfitym kwitnieniem, kt\u00f3re mo\u017ce trwa\u0107 od sierpnia do pa\u017adziernika, a nawet do listopada. Odmiana ta w czasie kwitnienia osi\u0105ga oko\u0142o 80-120 cm wysoko\u015bci i 60-100 cm \u015brednicy. Zawilec 'Whirlwind' rozrasta\u2026","rel":"","context":"Similar post","img":{"alt_text":"","src":"https:\/\/i0.wp.com\/www.ogrodolszanica.pl\/wp-content\/uploads\/2022\/07\/anemone-whirlwind_5.jpg?fit=464%2C650&ssl=1&resize=350%2C200","width":350,"height":200},"classes":[]},{"id":2237,"url":"https:\/\/www.ogrodolszanica.pl\/index.php\/produkt\/zawilec-garden-breeze-whirlwind-pink\/","url_meta":{"origin":3741,"position":2},"title":"Zawilec Garden Breeze Whirlwind Pink","date":"23 maja, 2023","format":false,"excerpt":"Zawilec miesza\u0144cowy Garden Breeze Whirlwind Pink Anemone x hybrida Zawilec 'Garden Breeze Whirlwind Pink' to jedna z pi\u0119kniejszych odmian miesza\u0144cowych, kt\u00f3ra czaruje wdzi\u0119czn\u0105 sylwetk\u0105 oraz uroczymi, r\u00f3\u017cowymi kwiatami o subtelnej urodzie. Rozrasta si\u0119 za pomoc\u0105 podziemnych roz\u0142og\u00f3w, formuj\u0105c z czasem efektowne, zwarte, g\u0119ste k\u0119py, kt\u00f3re docelowo osi\u0105gaj\u0105 oko\u0142o 70-100 cm\u2026","rel":"","context":"Similar post","img":{"alt_text":"","src":"https:\/\/i0.wp.com\/www.ogrodolszanica.pl\/wp-content\/uploads\/2023\/05\/anemone-garden-breeze-whirlwind-pink_2.jpg?fit=434%2C650&ssl=1&resize=350%2C200","width":350,"height":200},"classes":[]},{"id":2614,"url":"https:\/\/www.ogrodolszanica.pl\/index.php\/produkt\/zawilec-bressingham-glow\/","url_meta":{"origin":3741,"position":3},"title":"Zawilec Bressingham Glow","date":"29 stycznia, 2024","format":false,"excerpt":"Zawilec Bressingham Glow Zawilec japo\u0144ski o p\u00f3\u0142pe\u0142nych ciemnor\u00f3\u017cowych kwiatach,\u015brednicy 50-70 mm, zebrane w szczytowe, baldachokszta\u0142tnekwiatostany. Li\u015bcie podzielone s\u0105 na 3 klapy lub 3 listki. Jedna\u00a0z najbardziej widowiskowych bylin w jesiennym ogrodzie.\u00a0Najlepiej ro\u015bnie w p\u00f3\u0142cieniu, wymaga gleby gliniasto\u00a0- piaszczystej, jest wra\u017cliwy na susz\u0119. Dobrze zimuje\u00a0pod grub\u0105 warstw\u0105 suchych li\u015bci. Idealna jako\u2026","rel":"","context":"Similar post","img":{"alt_text":"","src":"https:\/\/i0.wp.com\/www.ogrodolszanica.pl\/wp-content\/uploads\/2024\/01\/anemone-x-hybrida-bressingham-glow_4.jpg?fit=434%2C650&ssl=1&resize=350%2C200","width":350,"height":200},"classes":[]},{"id":2233,"url":"https:\/\/www.ogrodolszanica.pl\/index.php\/produkt\/zawilec-margarete\/","url_meta":{"origin":3741,"position":4},"title":"Zawilec Margarete","date":"23 maja, 2023","format":false,"excerpt":"Zawilec Margarete Doskona\u0142a odmiana do letnich i jesiennych ogrod\u00f3w. Tworzy zwarte k\u0119py. Nadaje si\u0119 na kwiat ci\u0119ty. Rodzaj: Zawilec Barwa: Ciemnor\u00f3\u017cowy szeroko\u015b\u0107: 60 cm wysoko\u015b\u0107: 75\u00a0cm wysoko\u015b\u0107 (kwitnienie): 90\u00a0cm kwitnienie: sierpie\u0144 \u00f7 pa\u017adziernik stanowisko: s\u0142oneczne, p\u00f3\u0142cieniste Dobierz odpowiednie pod\u0142o\u017ce z wybranych produkt\u00f3w w naszym sklepie: Pod\u0142o\u017ca \u00a0 \u00a0","rel":"","context":"Similar post","img":{"alt_text":"","src":"https:\/\/i0.wp.com\/www.ogrodolszanica.pl\/wp-content\/uploads\/2023\/05\/anemone-margarete_7.jpg?fit=650%2C488&ssl=1&resize=350%2C200","width":350,"height":200},"classes":[]},{"id":1901,"url":"https:\/\/www.ogrodolszanica.pl\/index.php\/produkt\/zawilec-summer-breeze\/","url_meta":{"origin":3741,"position":5},"title":"Zawilec Summer Breeze","date":"3 sierpnia, 2022","format":false,"excerpt":"Zawilec Summer Breeze Jasnor\u00f3\u017cowy o pojedynczych kwiatostanach. Kwitnie jak inne japo\u0144skie anemony p\u00f3\u017anym latem i jesieni\u0105 - od sierpnia do pa\u017adziernika. Rozrasta si\u0119 w ogrodzie przez roz\u0142ogi. Rodzaj: Zawilec Barwa: R\u00f3\u017cowy szeroko\u015b\u0107: 30 cm wysoko\u015b\u0107: 40\u00a0cm wysoko\u015b\u0107 (kwitnienie): 45\u00a0cm kwitnienie: lipiec \u00f7 sierpie\u0144 stanowisko:\u00a0s\u0142oneczne, p\u00f3\u0142cieniste Dobierz odpowiednie pod\u0142o\u017ce z wybranych\u2026","rel":"","context":"Similar post","img":{"alt_text":"","src":"https:\/\/i0.wp.com\/www.ogrodolszanica.pl\/wp-content\/uploads\/2022\/08\/byliny-i-trawy_summer-breeze_73262_5.jpg?fit=434%2C650&ssl=1&resize=350%2C200","width":350,"height":200},"classes":[]}],"_links":{"self":[{"href":"https:\/\/www.ogrodolszanica.pl\/index.php\/wp-json\/wp\/v2\/product\/3741","targetHints":{"allow":["GET"]}}],"collection":[{"href":"https:\/\/www.ogrodolszanica.pl\/index.php\/wp-json\/wp\/v2\/product"}],"about":[{"href":"https:\/\/www.ogrodolszanica.pl\/index.php\/wp-json\/wp\/v2\/types\/product"}],"replies":[{"embeddable":true,"href":"https:\/\/www.ogrodolszanica.pl\/index.php\/wp-json\/wp\/v2\/comments?post=3741"}],"wp:featuredmedia":[{"embeddable":true,"href":"https:\/\/www.ogrodolszanica.pl\/index.php\/wp-json\/wp\/v2\/media\/3744"}],"wp:attachment":[{"href":"https:\/\/www.ogrodolszanica.pl\/index.php\/wp-json\/wp\/v2\/media?parent=3741"}],"wp:term":[{"taxonomy":"product_cat","embeddable":true,"href":"https:\/\/www.ogrodolszanica.pl\/index.php\/wp-json\/wp\/v2\/product_cat?post=3741"},{"taxonomy":"product_tag","embeddable":true,"href":"https:\/\/www.ogrodolszanica.pl\/index.php\/wp-json\/wp\/v2\/product_tag?post=3741"}],"curies":[{"name":"wp","href":"https:\/\/api.w.org\/{rel}","templated":true}]}}