{"id":3645,"date":"2026-03-02T11:38:51","date_gmt":"2026-03-02T11:38:51","guid":{"rendered":"https:\/\/www.ogrodolszanica.pl\/?post_type=product&#038;p=3645"},"modified":"2026-03-04T20:54:16","modified_gmt":"2026-03-04T20:54:16","slug":"bergenia-fire-and-ice","status":"publish","type":"product","link":"https:\/\/www.ogrodolszanica.pl\/index.php\/produkt\/bergenia-fire-and-ice\/","title":{"rendered":"Bergenia Fire and Ice"},"content":{"rendered":"<div class=\"mpof_ki myre_zn myre_8v_l m389_6m_l\">\n<div class=\"mp4t_16_s mryx_16_s mr3m_1 mli2_1 mh85_56 mh85_0_l\">\n<div class=\"mgn2_16 _0d3bd_am0a-\">\n<h1>Bergenia Fire and Ice (bia\u0142a)<\/h1>\n<p>Bergenia to bardzo dekoracyjna bylina wieloletnia, zaliczana jest do ro\u015blin zimozielonych. Pierwotnie pochodzi z teren\u00f3w Azji, w naszych rejonach jej uprawa nie sprawia problem\u00f3w. Ro\u015blina obowi\u0105zkowa na wiosennej rabacie, o\u017cywi kolorem kwiat\u00f3w u\u015bpiony ogr\u00f3d a zimozielone\u00a0 li\u015bcie b\u0119d\u0105 ozdob\u0105 ca\u0142\u0105 zim\u0119. Bergenia to niezwykle ozdobna ro\u015blina d\u0142ugowieczna, jej li\u015bcie jak i kwiaty zachwycaj\u0105 w ogrodzie. Fire and Ice to nowa, ma\u0142o znana odmiana w Polsce. Bylina o grubych, sk\u00f3rzastych ciemnozielonych li\u015bciach, z po\u015br\u00f3d kt\u00f3rych wyrastaj\u0105 r\u00f3\u017cowe p\u0119dy zako\u0144czone uroczymi kwiatami. Fire and Ice to zjawiskowe po\u0142\u0105czenie \u015bnie\u017cno bia\u0142ych kwiat\u00f3w z ciemnoczerwonym \u015brodkiem, niesamowicie komponuje si\u0119 z ciemniejszymi li\u015b\u0107mi.\u00a0Jak sama nazwa wskazuje ta bergenia to po\u0142\u0105czenie ognia i lodu, nie spos\u00f3b przej\u015b\u0107 obok niej oboj\u0119tnie kiedy kwitnie wiosn\u0105. Ro\u015blina ta bardzo dobrze nadaje si\u0119 do uprawy w pojemnikach, mo\u017ce by\u0107 dekoracj\u0105 balkon\u00f3w i taras\u00f3w.<\/p>\n<ul>\n<li>Rodzaj:\u00a0<b>bergenia<\/b><\/li>\n<li>Stanowisko:\u00a0<b>s\u0142oneczne<\/b>\u00a0\u2600\ufe0f<b>, p\u00f3\u0142cieniste<\/b><\/li>\n<li>Podlewanie:\u00a0<b>obfite<\/b><\/li>\n<li>Barwa kwiatu:\u00a0<b>bia\u0142\u0105<\/b><\/li>\n<li>Barwa li\u015bci:\u00a0<b>zielona<\/b><\/li>\n<li>Szeroko\u015b\u0107 \u2b05\ufe0f\u27a1\ufe0f:\u00a0<b>60-30 cm<\/b><\/li>\n<li>Wysoko\u015b\u0107 kwitnienia \u2b06\ufe0f:\u00a0<b>30-40 cm<\/b><\/li>\n<li>Okres kwitnienia \u27a1\ufe0f\u2b05\ufe0f:\u00a0<b>sierpie\u0144 \u00f7 wrzesie\u0144<\/b><\/li>\n<li>Mrozoodporno\u015b\u0107:\u00a0<b>tak<\/b><\/li>\n<li>Ro\u015blina wieloletnia:\u00a0<b>tak<\/b><\/li>\n<\/ul>\n<\/div>\n<\/div>\n<div class=\"mp4t_16_s mryx_16_s mr3m_1 mli2_1 mh85_56 mh85_0_l\">\n<div class=\"mg9e_8 mj7a_8 mg9e_0_s mvrt_0_s mj7a_0_s mh36_0_s mzmg_6m munh_16_l m3h2_16_l\">\n<div class=\"mp4t_0 mryx_0 munh_56 m3h2_56\">\n<div class=\"mp7g_oh\"><button class=\"mg9e_0 mvrt_0 mj7a_0 mh36_0 mp4t_0 m3h2_0 mryx_0 munh_0 mqen_m6 mpof_z0 mx7m_0 m7er_k4 mse2_k4 msts_pt\" data-analytics-interaction=\"true\" data-analytics-interaction-label=\"zoomable-image-open\" aria-disabled=\"true\"><img decoding=\"async\" class=\"msub_k4 mupj_5k mjru_k4 mse2_k4 mp7g_f6 mq1m_0 mj7u_0 m7er_k4 mqen_m6 m31c_d8 m0ux_fp lazyloaded\" src=\"https:\/\/a.allegroimg.com\/original\/111c54\/3831be054c489625c2bb09a4557d\/Bergenia-Fire-and-Ice-duza-sadzonka-roslina-wieloletnia-biale-kwiaty\" sizes=\"(min-width: 1200px) 560px, (min-width: 992px) 50vw, 100vw\" srcset=\"https:\/\/a.allegroimg.com\/s360\/111c54\/3831be054c489625c2bb09a4557d\/Bergenia-Fire-and-Ice-duza-sadzonka-roslina-wieloletnia-biale-kwiaty 257w,https:\/\/a.allegroimg.com\/s720\/111c54\/3831be054c489625c2bb09a4557d\/Bergenia-Fire-and-Ice-duza-sadzonka-roslina-wieloletnia-biale-kwiaty 514w,https:\/\/a.allegroimg.com\/s1024\/111c54\/3831be054c489625c2bb09a4557d\/Bergenia-Fire-and-Ice-duza-sadzonka-roslina-wieloletnia-biale-kwiaty 731w,https:\/\/a.allegroimg.com\/s1440\/111c54\/3831be054c489625c2bb09a4557d\/Bergenia-Fire-and-Ice-duza-sadzonka-roslina-wieloletnia-biale-kwiaty 1028w,https:\/\/a.allegroimg.com\/original\/111c54\/3831be054c489625c2bb09a4557d\/Bergenia-Fire-and-Ice-duza-sadzonka-roslina-wieloletnia-biale-kwiaty 1429w\" alt=\"Bergenia Fire and Ice du\u017ca sadzonka ro\u015blina wieloletnia bia\u0142e kwiaty\" width=\"1429px\" data-srcset=\"\" \/><\/button><\/div>\n<\/div>\n<\/div>\n<\/div>\n<\/div>\n<div class=\"mpof_ki myre_zn myre_8v_l m389_6m_l\">\n<div class=\"mp4t_16_s mryx_16_s mr3m_1 mli2_1 mh85_56 mh85_0_l\">\n<div class=\"mgn2_16 _0d3bd_am0a-\">\n<h1>Uwaga \u2757\u2757\u2757<\/h1>\n<p><b>Jedno zdj\u0119cie przedstawia ro\u015blin\u0119 w pe\u0142ni rozwini\u0119t\u0105, a drugie sadzonk\u0119 kt\u00f3ra jest w sprzeda\u017cy.<\/b><\/p>\n<p><b>Jednak \u017ce s\u0105 to \u017cywe ro\u015bliny i z tygodnia na tydzie\u0144 zmieniaj\u0105 sw\u00f3j wygl\u0105d. Mog\u0105 by\u0107 przyci\u0119te, a w okresie kwitnienia mog\u0105 by\u0107 wi\u0119ksze oraz z kwiatami.<\/b><\/p>\n<\/div>\n<\/div>\n<\/div>\n<div class=\"mpof_ki myre_zn myre_8v_l m389_6m_l\">\n<div class=\"mp4t_16_s mryx_16_s mr3m_1 mli2_1 mh85_56 mh85_0_l\">\n<div class=\"mg9e_8 mj7a_8 mg9e_0_s mvrt_0_s mj7a_0_s mh36_0_s mzmg_6m munh_16_l m3h2_16_l\">\n<div class=\"mp4t_0 mryx_0 munh_56 m3h2_56\">\n<div class=\"mp7g_oh\"><button class=\"mg9e_0 mvrt_0 mj7a_0 mh36_0 mp4t_0 m3h2_0 mryx_0 munh_0 mqen_m6 mpof_z0 mx7m_0 m7er_k4 mse2_k4 msts_pt\" data-analytics-interaction=\"true\" data-analytics-interaction-label=\"zoomable-image-open\" aria-disabled=\"true\"><img decoding=\"async\" class=\"msub_k4 mupj_5k mjru_k4 mse2_k4 mp7g_f6 mq1m_0 mj7u_0 m7er_k4 mqen_m6 m31c_d8 m0ux_fp lazyloaded\" src=\"https:\/\/a.allegroimg.com\/original\/11b25b\/9a260c51407da099661e0a1b35d0\/Bergenia-Fire-and-Ice-duza-sadzonka-roslina-wieloletnia-biale-kwiaty-Producent-nieznany-producent\" sizes=\"(min-width: 1200px) 560px, (min-width: 992px) 50vw, 100vw\" srcset=\"https:\/\/a.allegroimg.com\/s360\/11b25b\/9a260c51407da099661e0a1b35d0\/Bergenia-Fire-and-Ice-duza-sadzonka-roslina-wieloletnia-biale-kwiaty-Producent-nieznany-producent 270w,https:\/\/a.allegroimg.com\/s720\/11b25b\/9a260c51407da099661e0a1b35d0\/Bergenia-Fire-and-Ice-duza-sadzonka-roslina-wieloletnia-biale-kwiaty-Producent-nieznany-producent 541w,https:\/\/a.allegroimg.com\/s1024\/11b25b\/9a260c51407da099661e0a1b35d0\/Bergenia-Fire-and-Ice-duza-sadzonka-roslina-wieloletnia-biale-kwiaty-Producent-nieznany-producent 770w,https:\/\/a.allegroimg.com\/s1440\/11b25b\/9a260c51407da099661e0a1b35d0\/Bergenia-Fire-and-Ice-duza-sadzonka-roslina-wieloletnia-biale-kwiaty-Producent-nieznany-producent 1083w,https:\/\/a.allegroimg.com\/original\/11b25b\/9a260c51407da099661e0a1b35d0\/Bergenia-Fire-and-Ice-duza-sadzonka-roslina-wieloletnia-biale-kwiaty-Producent-nieznany-producent 1927w\" alt=\"Bergenia Fire and Ice du\u017ca sadzonka ro\u015blina wieloletnia bia\u0142e kwiaty Producent nieznany producent\" width=\"1927px\" data-srcset=\"\" \/><\/button><\/div>\n<\/div>\n<\/div>\n<\/div>\n<div class=\"mp4t_16_s mryx_16_s mr3m_1 mli2_1 mh85_56 mh85_0_l\">\n<div class=\"mg9e_8 mj7a_8 mg9e_0_s mvrt_0_s mj7a_0_s mh36_0_s mzmg_6m munh_16_l m3h2_16_l\">\n<div class=\"mp4t_0 mryx_0 munh_56 m3h2_56\">\n<div class=\"mp7g_oh\"><button class=\"mg9e_0 mvrt_0 mj7a_0 mh36_0 mp4t_0 m3h2_0 mryx_0 munh_0 mqen_m6 mpof_z0 mx7m_0 m7er_k4 mse2_k4 msts_pt\" data-analytics-interaction=\"true\" data-analytics-interaction-label=\"zoomable-image-open\" aria-disabled=\"true\"><img decoding=\"async\" class=\"msub_k4 mupj_5k mjru_k4 mse2_k4 mp7g_f6 mq1m_0 mj7u_0 m7er_k4 mqen_m6 m31c_d8 m0ux_fp lazyloaded\" src=\"https:\/\/a.allegroimg.com\/original\/11e237\/dde759db4a789bf2d3fdbd99ecca\/Bergenia-Fire-and-Ice-duza-sadzonka-roslina-wieloletnia-biale-kwiaty-Kolor-kwiatow-bialy-inny-kolor\" sizes=\"(min-width: 1200px) 560px, (min-width: 992px) 50vw, 100vw\" srcset=\"https:\/\/a.allegroimg.com\/s360\/11e237\/dde759db4a789bf2d3fdbd99ecca\/Bergenia-Fire-and-Ice-duza-sadzonka-roslina-wieloletnia-biale-kwiaty-Kolor-kwiatow-bialy-inny-kolor 270w,https:\/\/a.allegroimg.com\/s720\/11e237\/dde759db4a789bf2d3fdbd99ecca\/Bergenia-Fire-and-Ice-duza-sadzonka-roslina-wieloletnia-biale-kwiaty-Kolor-kwiatow-bialy-inny-kolor 541w,https:\/\/a.allegroimg.com\/s1024\/11e237\/dde759db4a789bf2d3fdbd99ecca\/Bergenia-Fire-and-Ice-duza-sadzonka-roslina-wieloletnia-biale-kwiaty-Kolor-kwiatow-bialy-inny-kolor 770w,https:\/\/a.allegroimg.com\/s1440\/11e237\/dde759db4a789bf2d3fdbd99ecca\/Bergenia-Fire-and-Ice-duza-sadzonka-roslina-wieloletnia-biale-kwiaty-Kolor-kwiatow-bialy-inny-kolor 1083w,https:\/\/a.allegroimg.com\/original\/11e237\/dde759db4a789bf2d3fdbd99ecca\/Bergenia-Fire-and-Ice-duza-sadzonka-roslina-wieloletnia-biale-kwiaty-Kolor-kwiatow-bialy-inny-kolor 1927w\" alt=\"Bergenia Fire and Ice du\u017ca sadzonka ro\u015blina wieloletnia bia\u0142e kwiaty Kolor kwiat\u00f3w bia\u0142y inny kolor\" width=\"1927px\" data-srcset=\"\" \/><\/button><\/div>\n<\/div>\n<\/div>\n<\/div>\n<\/div>\n","protected":false},"excerpt":{"rendered":"<p>Bergenia Fire and Ice (bia\u0142a) Bergenia to bardzo dekoracyjna bylina wieloletnia, zaliczana jest do ro\u015blin zimozielonych. Pierwotnie pochodzi z teren\u00f3w Azji, w naszych rejonach jej uprawa nie sprawia problem\u00f3w. Ro\u015blina obowi\u0105zkowa na wiosennej rabacie, o\u017cywi kolorem kwiat\u00f3w u\u015bpiony ogr\u00f3d a zimozielone\u00a0 li\u015bcie b\u0119d\u0105 ozdob\u0105 ca\u0142\u0105 zim\u0119. Bergenia to niezwykle ozdobna ro\u015blina d\u0142ugowieczna, jej li\u015bcie jak &hellip;<\/p>\n<p class=\"read-more\"> <a class=\"\" href=\"https:\/\/www.ogrodolszanica.pl\/index.php\/produkt\/bergenia-fire-and-ice\/\"> <span class=\"screen-reader-text\">Bergenia Fire and Ice<\/span> Read More &raquo;<\/a><\/p>\n","protected":false},"featured_media":3647,"comment_status":"open","ping_status":"closed","template":"","meta":{"site-sidebar-layout":"default","site-content-layout":"default","ast-global-header-display":"","ast-main-header-display":"","ast-hfb-above-header-display":"","ast-hfb-below-header-display":"","ast-hfb-mobile-header-display":"","site-post-title":"","ast-breadcrumbs-content":"","ast-featured-img":"","footer-sml-layout":"","theme-transparent-header-meta":"default","adv-header-id-meta":"","stick-header-meta":"","header-above-stick-meta":"","header-main-stick-meta":"","header-below-stick-meta":"","spay_email":""},"product_cat":[55,29],"product_tag":[],"class_list":["post-3645","product","type-product","status-publish","has-post-thumbnail","hentry","product_cat-bergenie","product_cat-byliny"],"yoast_head":"<!-- This site is optimized with the Yoast SEO plugin v19.2 - https:\/\/yoast.com\/wordpress\/plugins\/seo\/ -->\n<title>Bergenia Fire and Ice - Ogr&oacute;d Olszanica<\/title>\n<meta name=\"robots\" content=\"index, follow, max-snippet:-1, max-image-preview:large, max-video-preview:-1\" \/>\n<link rel=\"canonical\" href=\"https:\/\/www.ogrodolszanica.pl\/index.php\/produkt\/bergenia-fire-and-ice\/\" \/>\n<meta property=\"og:locale\" content=\"pl_PL\" \/>\n<meta property=\"og:type\" content=\"article\" \/>\n<meta property=\"og:title\" content=\"Bergenia Fire and Ice - Ogr&oacute;d Olszanica\" \/>\n<meta property=\"og:description\" content=\"Bergenia Fire and Ice (bia\u0142a) Bergenia to bardzo dekoracyjna bylina wieloletnia, zaliczana jest do ro\u015blin zimozielonych. Pierwotnie pochodzi z teren\u00f3w Azji, w naszych rejonach jej uprawa nie sprawia problem\u00f3w. Ro\u015blina obowi\u0105zkowa na wiosennej rabacie, o\u017cywi kolorem kwiat\u00f3w u\u015bpiony ogr\u00f3d a zimozielone\u00a0 li\u015bcie b\u0119d\u0105 ozdob\u0105 ca\u0142\u0105 zim\u0119. Bergenia to niezwykle ozdobna ro\u015blina d\u0142ugowieczna, jej li\u015bcie jak &hellip; Bergenia Fire and Ice Read More &raquo;\" \/>\n<meta property=\"og:url\" content=\"https:\/\/www.ogrodolszanica.pl\/index.php\/produkt\/bergenia-fire-and-ice\/\" \/>\n<meta property=\"og:site_name\" content=\"Ogr&oacute;d Olszanica\" \/>\n<meta property=\"article:publisher\" content=\"https:\/\/www.facebook.com\/Ogrd-Olszanica-100807179225223\" \/>\n<meta property=\"article:modified_time\" content=\"2026-03-04T20:54:16+00:00\" \/>\n<meta property=\"og:image\" content=\"https:\/\/www.ogrodolszanica.pl\/wp-content\/uploads\/2026\/03\/Bergenia-Fire-and-Ice-v2-scaled.jpg\" \/>\n\t<meta property=\"og:image:width\" content=\"1928\" \/>\n\t<meta property=\"og:image:height\" content=\"2560\" \/>\n\t<meta property=\"og:image:type\" content=\"image\/jpeg\" \/>\n<meta name=\"author\" content=\"admin\" \/>\n<meta name=\"twitter:card\" content=\"summary_large_image\" \/>\n<meta name=\"twitter:label1\" content=\"Szacowany czas czytania\" \/>\n\t<meta name=\"twitter:data1\" content=\"1 minuta\" \/>\n<script type=\"application\/ld+json\" class=\"yoast-schema-graph\">{\"@context\":\"https:\/\/schema.org\",\"@graph\":[{\"@type\":\"Organization\",\"@id\":\"https:\/\/www.ogrodolszanica.pl\/#organization\",\"name\":\"Ogr\u00f3d Olszanica - Krakowskie Centrum Ogrodnicze\",\"url\":\"https:\/\/www.ogrodolszanica.pl\/\",\"sameAs\":[\"https:\/\/www.facebook.com\/Ogrd-Olszanica-100807179225223\"],\"logo\":{\"@type\":\"ImageObject\",\"inLanguage\":\"pl-PL\",\"@id\":\"https:\/\/www.ogrodolszanica.pl\/#\/schema\/logo\/image\/\",\"url\":\"http:\/\/www.ogrodolszanica.pl\/wp-content\/uploads\/2022\/06\/Ogrod-Olszanica1-1.png\",\"contentUrl\":\"http:\/\/www.ogrodolszanica.pl\/wp-content\/uploads\/2022\/06\/Ogrod-Olszanica1-1.png\",\"width\":180,\"height\":60,\"caption\":\"Ogr\u00f3d Olszanica - Krakowskie Centrum Ogrodnicze\"},\"image\":{\"@id\":\"https:\/\/www.ogrodolszanica.pl\/#\/schema\/logo\/image\/\"}},{\"@type\":\"WebSite\",\"@id\":\"https:\/\/www.ogrodolszanica.pl\/#website\",\"url\":\"https:\/\/www.ogrodolszanica.pl\/\",\"name\":\"Ogr&oacute;d Olszanica\",\"description\":\"Centrum Ogrodnicze Krak&oacute;w\",\"publisher\":{\"@id\":\"https:\/\/www.ogrodolszanica.pl\/#organization\"},\"potentialAction\":[{\"@type\":\"SearchAction\",\"target\":{\"@type\":\"EntryPoint\",\"urlTemplate\":\"https:\/\/www.ogrodolszanica.pl\/?s={search_term_string}\"},\"query-input\":\"required name=search_term_string\"}],\"inLanguage\":\"pl-PL\"},{\"@type\":\"ImageObject\",\"inLanguage\":\"pl-PL\",\"@id\":\"https:\/\/www.ogrodolszanica.pl\/index.php\/produkt\/bergenia-fire-and-ice\/#primaryimage\",\"url\":\"https:\/\/i0.wp.com\/www.ogrodolszanica.pl\/wp-content\/uploads\/2026\/03\/Bergenia-Fire-and-Ice-v2-scaled.jpg?fit=1928%2C2560&ssl=1\",\"contentUrl\":\"https:\/\/i0.wp.com\/www.ogrodolszanica.pl\/wp-content\/uploads\/2026\/03\/Bergenia-Fire-and-Ice-v2-scaled.jpg?fit=1928%2C2560&ssl=1\",\"width\":1928,\"height\":2560},{\"@type\":\"WebPage\",\"@id\":\"https:\/\/www.ogrodolszanica.pl\/index.php\/produkt\/bergenia-fire-and-ice\/#webpage\",\"url\":\"https:\/\/www.ogrodolszanica.pl\/index.php\/produkt\/bergenia-fire-and-ice\/\",\"name\":\"Bergenia Fire and Ice - Ogr&oacute;d Olszanica\",\"isPartOf\":{\"@id\":\"https:\/\/www.ogrodolszanica.pl\/#website\"},\"primaryImageOfPage\":{\"@id\":\"https:\/\/www.ogrodolszanica.pl\/index.php\/produkt\/bergenia-fire-and-ice\/#primaryimage\"},\"datePublished\":\"2026-03-02T11:38:51+00:00\",\"dateModified\":\"2026-03-04T20:54:16+00:00\",\"breadcrumb\":{\"@id\":\"https:\/\/www.ogrodolszanica.pl\/index.php\/produkt\/bergenia-fire-and-ice\/#breadcrumb\"},\"inLanguage\":\"pl-PL\",\"potentialAction\":[{\"@type\":\"ReadAction\",\"target\":[\"https:\/\/www.ogrodolszanica.pl\/index.php\/produkt\/bergenia-fire-and-ice\/\"]}]},{\"@type\":\"BreadcrumbList\",\"@id\":\"https:\/\/www.ogrodolszanica.pl\/index.php\/produkt\/bergenia-fire-and-ice\/#breadcrumb\",\"itemListElement\":[{\"@type\":\"ListItem\",\"position\":1,\"name\":\"Strona g\u0142\u00f3wna\",\"item\":\"https:\/\/www.ogrodolszanica.pl\/\"},{\"@type\":\"ListItem\",\"position\":2,\"name\":\"Produkty\",\"item\":\"https:\/\/www.ogrodolszanica.pl\/index.php\/shop\/\"},{\"@type\":\"ListItem\",\"position\":3,\"name\":\"Bergenia Fire and Ice\"}]}]}<\/script>\n<!-- \/ Yoast SEO plugin. -->","yoast_head_json":{"title":"Bergenia Fire and Ice - Ogr&oacute;d Olszanica","robots":{"index":"index","follow":"follow","max-snippet":"max-snippet:-1","max-image-preview":"max-image-preview:large","max-video-preview":"max-video-preview:-1"},"canonical":"https:\/\/www.ogrodolszanica.pl\/index.php\/produkt\/bergenia-fire-and-ice\/","og_locale":"pl_PL","og_type":"article","og_title":"Bergenia Fire and Ice - Ogr&oacute;d Olszanica","og_description":"Bergenia Fire and Ice (bia\u0142a) Bergenia to bardzo dekoracyjna bylina wieloletnia, zaliczana jest do ro\u015blin zimozielonych. Pierwotnie pochodzi z teren\u00f3w Azji, w naszych rejonach jej uprawa nie sprawia problem\u00f3w. Ro\u015blina obowi\u0105zkowa na wiosennej rabacie, o\u017cywi kolorem kwiat\u00f3w u\u015bpiony ogr\u00f3d a zimozielone\u00a0 li\u015bcie b\u0119d\u0105 ozdob\u0105 ca\u0142\u0105 zim\u0119. Bergenia to niezwykle ozdobna ro\u015blina d\u0142ugowieczna, jej li\u015bcie jak &hellip; Bergenia Fire and Ice Read More &raquo;","og_url":"https:\/\/www.ogrodolszanica.pl\/index.php\/produkt\/bergenia-fire-and-ice\/","og_site_name":"Ogr&oacute;d Olszanica","article_publisher":"https:\/\/www.facebook.com\/Ogrd-Olszanica-100807179225223","article_modified_time":"2026-03-04T20:54:16+00:00","og_image":[{"width":1928,"height":2560,"url":"https:\/\/www.ogrodolszanica.pl\/wp-content\/uploads\/2026\/03\/Bergenia-Fire-and-Ice-v2-scaled.jpg","type":"image\/jpeg"}],"author":"admin","twitter_card":"summary_large_image","twitter_misc":{"Szacowany czas czytania":"1 minuta"},"schema":{"@context":"https:\/\/schema.org","@graph":[{"@type":"Organization","@id":"https:\/\/www.ogrodolszanica.pl\/#organization","name":"Ogr\u00f3d Olszanica - Krakowskie Centrum Ogrodnicze","url":"https:\/\/www.ogrodolszanica.pl\/","sameAs":["https:\/\/www.facebook.com\/Ogrd-Olszanica-100807179225223"],"logo":{"@type":"ImageObject","inLanguage":"pl-PL","@id":"https:\/\/www.ogrodolszanica.pl\/#\/schema\/logo\/image\/","url":"http:\/\/www.ogrodolszanica.pl\/wp-content\/uploads\/2022\/06\/Ogrod-Olszanica1-1.png","contentUrl":"http:\/\/www.ogrodolszanica.pl\/wp-content\/uploads\/2022\/06\/Ogrod-Olszanica1-1.png","width":180,"height":60,"caption":"Ogr\u00f3d Olszanica - Krakowskie Centrum Ogrodnicze"},"image":{"@id":"https:\/\/www.ogrodolszanica.pl\/#\/schema\/logo\/image\/"}},{"@type":"WebSite","@id":"https:\/\/www.ogrodolszanica.pl\/#website","url":"https:\/\/www.ogrodolszanica.pl\/","name":"Ogr&oacute;d Olszanica","description":"Centrum Ogrodnicze Krak&oacute;w","publisher":{"@id":"https:\/\/www.ogrodolszanica.pl\/#organization"},"potentialAction":[{"@type":"SearchAction","target":{"@type":"EntryPoint","urlTemplate":"https:\/\/www.ogrodolszanica.pl\/?s={search_term_string}"},"query-input":"required name=search_term_string"}],"inLanguage":"pl-PL"},{"@type":"ImageObject","inLanguage":"pl-PL","@id":"https:\/\/www.ogrodolszanica.pl\/index.php\/produkt\/bergenia-fire-and-ice\/#primaryimage","url":"https:\/\/i0.wp.com\/www.ogrodolszanica.pl\/wp-content\/uploads\/2026\/03\/Bergenia-Fire-and-Ice-v2-scaled.jpg?fit=1928%2C2560&ssl=1","contentUrl":"https:\/\/i0.wp.com\/www.ogrodolszanica.pl\/wp-content\/uploads\/2026\/03\/Bergenia-Fire-and-Ice-v2-scaled.jpg?fit=1928%2C2560&ssl=1","width":1928,"height":2560},{"@type":"WebPage","@id":"https:\/\/www.ogrodolszanica.pl\/index.php\/produkt\/bergenia-fire-and-ice\/#webpage","url":"https:\/\/www.ogrodolszanica.pl\/index.php\/produkt\/bergenia-fire-and-ice\/","name":"Bergenia Fire and Ice - Ogr&oacute;d Olszanica","isPartOf":{"@id":"https:\/\/www.ogrodolszanica.pl\/#website"},"primaryImageOfPage":{"@id":"https:\/\/www.ogrodolszanica.pl\/index.php\/produkt\/bergenia-fire-and-ice\/#primaryimage"},"datePublished":"2026-03-02T11:38:51+00:00","dateModified":"2026-03-04T20:54:16+00:00","breadcrumb":{"@id":"https:\/\/www.ogrodolszanica.pl\/index.php\/produkt\/bergenia-fire-and-ice\/#breadcrumb"},"inLanguage":"pl-PL","potentialAction":[{"@type":"ReadAction","target":["https:\/\/www.ogrodolszanica.pl\/index.php\/produkt\/bergenia-fire-and-ice\/"]}]},{"@type":"BreadcrumbList","@id":"https:\/\/www.ogrodolszanica.pl\/index.php\/produkt\/bergenia-fire-and-ice\/#breadcrumb","itemListElement":[{"@type":"ListItem","position":1,"name":"Strona g\u0142\u00f3wna","item":"https:\/\/www.ogrodolszanica.pl\/"},{"@type":"ListItem","position":2,"name":"Produkty","item":"https:\/\/www.ogrodolszanica.pl\/index.php\/shop\/"},{"@type":"ListItem","position":3,"name":"Bergenia Fire and Ice"}]}]}},"jetpack-related-posts":[{"id":3599,"url":"https:\/\/www.ogrodolszanica.pl\/index.php\/produkt\/bergenia-jelle\/","url_meta":{"origin":3645,"position":0},"title":"Bergenia Jelle","date":"1 marca, 2026","format":false,"excerpt":"Bergenia sercolistna Bergenia cordifolia Jelle Bergenie nale\u017c\u0105 do popularnych bylin ze wzgl\u0119du na d\u0142ugowieczno\u015b\u0107, szybki wzrost, zwarty pokr\u00f3j, niewielkie wymagania uprawowe, przewa\u017cnie zimozielone, dorodne li\u015bcie oraz bardzo efektowne kwiatostany. Ro\u015bliny wytwarzaj\u0105 grube, p\u0142o\u017c\u0105ce si\u0119 po ziemi k\u0142\u0105cza. W zale\u017cno\u015bci od gatunku i odmiany posiadaj\u0105 li\u015bcie owalne lub jajowate, niekiedy sercowate\u2026","rel":"","context":"Similar post","img":{"alt_text":"","src":"https:\/\/i0.wp.com\/www.ogrodolszanica.pl\/wp-content\/uploads\/2026\/03\/Bergenia-Jelle-scaled.jpg?fit=904%2C1200&ssl=1&resize=350%2C200","width":350,"height":200},"classes":[]},{"id":2705,"url":"https:\/\/www.ogrodolszanica.pl\/index.php\/produkt\/bergenia-vintage-blush\/","url_meta":{"origin":3645,"position":1},"title":"Bergenia Vintage Blush","date":"31 stycznia, 2024","format":false,"excerpt":"Bergenia Vintage Blush Bergenia Bergenia 'Blush' to czaruj\u0105ca reprezentantka nowej, wyj\u0105tkowej serii VINTAGE. Kolekcja ta skupia odmiany wyr\u00f3\u017cniaj\u0105ce si\u0119 zwartym, kompaktowym pokrojem, dekoracyjnym, b\u0142yszcz\u0105cym ulistnieniem, bardzo obfitym okresem kwitnienia oraz wysok\u0105 odporno\u015bci\u0105 na niekorzystne warunki. Ro\u015blina docelowo osi\u0105ga oko\u0142o 30-40 cm wysoko\u015bci i oko\u0142o 35 cm \u015brednicy, formuj\u0105c bujn\u0105, roz\u0142o\u017cyst\u0105\u2026","rel":"","context":"Similar post","img":{"alt_text":"","src":"https:\/\/i0.wp.com\/www.ogrodolszanica.pl\/wp-content\/uploads\/2024\/01\/byliny-i-trawy_bergenia_78903_2.jpg?fit=636%2C650&ssl=1&resize=350%2C200","width":350,"height":200},"classes":[]},{"id":1908,"url":"https:\/\/www.ogrodolszanica.pl\/index.php\/produkt\/bergenia-dragonfly-sakura\/","url_meta":{"origin":3645,"position":2},"title":"Bergenia Dragonfly Sakura","date":"3 sierpnia, 2022","format":false,"excerpt":"Bergenia Dragonfly Sakura Bylina wieloletnia, wiecznie zielona. Li\u015bcie mi\u0119siste, sk\u00f3rzaste, zielone, jesieni\u0105 przebarwiaj\u0105 si\u0119 na br\u0105zowo, by wiosn\u0105 zn\u00f3w powr\u00f3ci\u0107 do zieleni. Kwiaty przypominaj\u0105ce kwiat wi\u015bni pojawiaj\u0105 si\u0119 wiosn\u0105 na prze\u0142omie kwietnia i maja. Polecana na cieniste i lekko ocienione rabaty, do zadarniania miejsc pod drzewami. Kwiaty mog\u0105 by\u0107 wykorzystane\u2026","rel":"","context":"Similar post","img":{"alt_text":"","src":"https:\/\/i0.wp.com\/www.ogrodolszanica.pl\/wp-content\/uploads\/2022\/08\/bergenia-dragonfly-sakura_70785_2.jpg?fit=650%2C467&ssl=1&resize=350%2C200","width":350,"height":200},"classes":[]},{"id":2728,"url":"https:\/\/www.ogrodolszanica.pl\/index.php\/produkt\/bergenia-sercolistna-shoeshine-rose\/","url_meta":{"origin":3645,"position":3},"title":"Bergenia sercolistna Shoeshine Rose","date":"31 stycznia, 2024","format":false,"excerpt":"Bergenia sercolistna Shoeshine Rose \u00a0 Rodzaj: Bergenia Barwa: Ciemnor\u00f3\u017cowa szeroko\u015b\u0107: 35 cm wysoko\u015b\u0107: 30\u00a0cm wysoko\u015b\u0107 (kwitnienie): 40\u00a0cm kwitnienie: kwiecie\u0144 \u00f7 maj stanowisko: \u00a0p\u00f3\u0142cieniste, cieniste Dobierz odpowiednie pod\u0142o\u017ce z wybranych produkt\u00f3w w naszym sklepie: Pod\u0142o\u017ca \u00a0 \u00a0","rel":"","context":"Similar post","img":{"alt_text":"","src":"https:\/\/i0.wp.com\/www.ogrodolszanica.pl\/wp-content\/uploads\/2024\/01\/byliny-i-trawy_bergenia_70777_1.jpg?fit=590%2C650&ssl=1&resize=350%2C200","width":350,"height":200},"classes":[]},{"id":2333,"url":"https:\/\/www.ogrodolszanica.pl\/index.php\/produkt\/szalwia-salute-ice-blue\/","url_meta":{"origin":3645,"position":4},"title":"Sza\u0142wia Salute Ice Blue","date":"21 lipca, 2023","format":false,"excerpt":"Sza\u0142wia omszona Salute Ice Blue Jest wieloletni\u0105 bylin\u0105 dorastaj\u0105c\u0105 do nieca\u0142ych 40 cm wysoko\u015bci wraz z kwiatostanami i podobnej \u015brednicy. Rozrasta si\u0119 bardzo szybko i ju\u017c w pierwszym roku po posadzeniu kwitnie obficie. Posiada ciemnozielone, lekko szorstkie w dotyku li\u015bcie, o lancetowatym kszta\u0142cie. Odmiana 'Salute Ice Blue' kwitnienie rozpoczyna w\u2026","rel":"","context":"Similar post","img":{"alt_text":"","src":"https:\/\/i0.wp.com\/www.ogrodolszanica.pl\/wp-content\/uploads\/2023\/07\/salvia-salute-ice-blue_2.jpg?fit=433%2C650&ssl=1&resize=350%2C200","width":350,"height":200},"classes":[]},{"id":2569,"url":"https:\/\/www.ogrodolszanica.pl\/index.php\/produkt\/carex-vanilla-ice\/","url_meta":{"origin":3645,"position":5},"title":"Turzyca Vanilla Ice","date":"23 stycznia, 2024","format":false,"excerpt":"Turzyca Morrowa Vanilla Ice Carex morrowii Turzyca Morrowa 'Vanilla Ice' jest zimozielon\u0105, bardzo dekoracyjn\u0105 traw\u0105 ozdobn\u0105 o w\u0105skich, \u0142ukowato przewieszaj\u0105cych si\u0119, dwubarwnych li\u015bciach. Tworzy szerokie i g\u0119ste k\u0119py osi\u0105gaj\u0105ce 40 cm wysoko\u015bci. Li\u015bcie s\u0105 paskowane, maj\u0105 kremowo-\u017c\u00f3\u0142ty, szeroki margines, a przez \u015brodek, przez ca\u0142\u0105 d\u0142ugo\u015b\u0107 li\u015bcia, przebiega szeroki pas zieleni\u2026","rel":"","context":"Similar post","img":{"alt_text":"","src":"https:\/\/i0.wp.com\/www.ogrodolszanica.pl\/wp-content\/uploads\/2024\/01\/Turzyca-Vanilla-Ice-scaled.jpg?fit=904%2C1200&ssl=1&resize=350%2C200","width":350,"height":200},"classes":[]}],"_links":{"self":[{"href":"https:\/\/www.ogrodolszanica.pl\/index.php\/wp-json\/wp\/v2\/product\/3645","targetHints":{"allow":["GET"]}}],"collection":[{"href":"https:\/\/www.ogrodolszanica.pl\/index.php\/wp-json\/wp\/v2\/product"}],"about":[{"href":"https:\/\/www.ogrodolszanica.pl\/index.php\/wp-json\/wp\/v2\/types\/product"}],"replies":[{"embeddable":true,"href":"https:\/\/www.ogrodolszanica.pl\/index.php\/wp-json\/wp\/v2\/comments?post=3645"}],"wp:featuredmedia":[{"embeddable":true,"href":"https:\/\/www.ogrodolszanica.pl\/index.php\/wp-json\/wp\/v2\/media\/3647"}],"wp:attachment":[{"href":"https:\/\/www.ogrodolszanica.pl\/index.php\/wp-json\/wp\/v2\/media?parent=3645"}],"wp:term":[{"taxonomy":"product_cat","embeddable":true,"href":"https:\/\/www.ogrodolszanica.pl\/index.php\/wp-json\/wp\/v2\/product_cat?post=3645"},{"taxonomy":"product_tag","embeddable":true,"href":"https:\/\/www.ogrodolszanica.pl\/index.php\/wp-json\/wp\/v2\/product_tag?post=3645"}],"curies":[{"name":"wp","href":"https:\/\/api.w.org\/{rel}","templated":true}]}}