{"id":3599,"date":"2026-03-01T20:21:36","date_gmt":"2026-03-01T20:21:36","guid":{"rendered":"https:\/\/www.ogrodolszanica.pl\/?post_type=product&#038;p=3599"},"modified":"2026-03-04T20:55:11","modified_gmt":"2026-03-04T20:55:11","slug":"bergenia-jelle","status":"publish","type":"product","link":"https:\/\/www.ogrodolszanica.pl\/index.php\/produkt\/bergenia-jelle\/","title":{"rendered":"Bergenia Jelle"},"content":{"rendered":"<div class=\"mpof_ki myre_zn myre_8v_l m389_6m_l\">\n<div class=\"mp4t_16_s mryx_16_s mr3m_1 mli2_1 mh85_56 mh85_0_l\">\n<div class=\"mgn2_16 _0d3bd_am0a-\">\n<h1>Bergenia sercolistna Bergenia cordifolia Jelle<\/h1>\n<p>Bergenie nale\u017c\u0105 do popularnych bylin ze wzgl\u0119du na d\u0142ugowieczno\u015b\u0107, szybki wzrost, zwarty pokr\u00f3j, niewielkie wymagania uprawowe, przewa\u017cnie zimozielone, dorodne li\u015bcie oraz bardzo efektowne kwiatostany. Ro\u015bliny wytwarzaj\u0105 grube, p\u0142o\u017c\u0105ce si\u0119 po ziemi k\u0142\u0105cza. W zale\u017cno\u015bci od gatunku i odmiany posiadaj\u0105 li\u015bcie owalne lub jajowate, niekiedy sercowate u nasady, ca\u0142obrzegie, z\u0105bkowane, karbowane lub orz\u0119sione, sk\u00f3rzaste pokryte woskowym nalotem, zielone lub zielono-czerwonawe. U gatunku Bergenia ciliata li\u015bcie s\u0105 zwykle sezonowe. Kwiatostany w zale\u017cno\u015bci od odmiany osi\u0105gaj\u0105 wysoko\u015b\u0107 od 25- 60 cm. R\u00f3\u017cni\u0105 si\u0119 barw\u0105 &#8211; mog\u0105 by\u0107 bia\u0142e, r\u00f3\u017cowe lub czerwone. Niekt\u00f3re odmiany zakwitaj\u0105 ju\u017c w marcu, a inne zakwitaj\u0105 p\u00f3\u017aniej ale kwitn\u0105 wtedy a\u017c do czerwca. Bergenia winna by\u0107 ozdob\u0105 ka\u017cdego ogr\u00f3dka skalnego, ka\u017cdej rabaty, skarpy czy grupy kwiatowej. Bylina mo\u017ce by\u0107 zastosowana tak\u017ce do okrywania powierzchni pod du\u017cymi drzewami, jak r\u00f3wnie\u017c do obsadzania brzeg\u00f3w w\u00f3d pod warunkiem, \u017ce miejsce nie b\u0119dzie zbyt bagienne.<\/p>\n<ul>\n<li>Rodzaj:\u00a0<b>bergenia<\/b><\/li>\n<li>Stanowisko:\u00a0<b>s\u0142oneczne<\/b>\u00a0\u2600\ufe0f,\u00a0<b>p\u00f3\u0142cieniste<\/b><\/li>\n<li>Podlewanie:\u00a0<b>umiarkowane<\/b><\/li>\n<li>Barwa kwiatu:\u00a0<b>bia\u0142y<\/b><\/li>\n<li>Barwa li\u015bci:\u00a0<b>zielone<\/b><\/li>\n<li>Szeroko\u015b\u0107 \u2b05\ufe0f\u27a1\ufe0f:\u00a0<b>30-50 cm<\/b><\/li>\n<li>Wysoko\u015b\u0107 kwitnienia \u2b06\ufe0f:\u00a0<b>30-60 cm<\/b><\/li>\n<li>Okres kwitnienia \u27a1\ufe0f\u2b05\ufe0f:\u00a0<b>kwiecie\u0144 \u00f7 czerwiec<\/b><\/li>\n<li>Mrozoodporno\u015b\u0107:\u00a0<b>tak<\/b><\/li>\n<li>Ro\u015blina wieloletnia:\u00a0<b>tak<\/b><\/li>\n<\/ul>\n<\/div>\n<\/div>\n<div class=\"mp4t_16_s mryx_16_s mr3m_1 mli2_1 mh85_56 mh85_0_l\">\n<div class=\"mg9e_8 mj7a_8 mg9e_0_s mvrt_0_s mj7a_0_s mh36_0_s mzmg_6m munh_16_l m3h2_16_l\">\n<div class=\"mp4t_0 mryx_0 munh_56 m3h2_56\">\n<div class=\"mp7g_oh\"><button class=\"mg9e_0 mvrt_0 mj7a_0 mh36_0 mp4t_0 m3h2_0 mryx_0 munh_0 mqen_m6 mpof_z0 mx7m_0 m7er_k4 mse2_k4 msts_pt\" data-analytics-interaction=\"true\" data-analytics-interaction-label=\"zoomable-image-open\" aria-disabled=\"true\"><img decoding=\"async\" class=\"msub_k4 mupj_5k mjru_k4 mse2_k4 mp7g_f6 mq1m_0 mj7u_0 m7er_k4 mqen_m6 m31c_d8 m0ux_fp lazyloaded\" src=\"https:\/\/a.allegroimg.com\/original\/115c48\/4cf40c144fa1828530575c5a671b\/Bergenia-Jelle-biale-kwiaty-duza-sadzonka-wieloletnia-do-ogrodu-lubi-cien\" sizes=\"(min-width: 1200px) 560px, (min-width: 992px) 50vw, 100vw\" srcset=\"https:\/\/a.allegroimg.com\/s360\/115c48\/4cf40c144fa1828530575c5a671b\/Bergenia-Jelle-biale-kwiaty-duza-sadzonka-wieloletnia-do-ogrodu-lubi-cien 360w,https:\/\/a.allegroimg.com\/s720\/115c48\/4cf40c144fa1828530575c5a671b\/Bergenia-Jelle-biale-kwiaty-duza-sadzonka-wieloletnia-do-ogrodu-lubi-cien 681w,https:\/\/a.allegroimg.com\/original\/115c48\/4cf40c144fa1828530575c5a671b\/Bergenia-Jelle-biale-kwiaty-duza-sadzonka-wieloletnia-do-ogrodu-lubi-cien 681w\" alt=\"Bergenia Jelle bia\u0142e kwiaty du\u017ca sadzonka wieloletnia do ogrodu lubi cie\u0144\" width=\"681px\" data-srcset=\"\" \/><\/button><\/div>\n<\/div>\n<\/div>\n<\/div>\n<\/div>\n<div class=\"mpof_ki myre_zn myre_8v_l m389_6m_l\">\n<div class=\"mp4t_16_s mryx_16_s mr3m_1 mli2_1 mh85_56 mh85_0_l\">\n<div class=\"mgn2_16 _0d3bd_am0a-\">\n<h1>Uwaga \u2757\u2757\u2757<\/h1>\n<p><b>Jedno zdj\u0119cie przedstawia ro\u015blin\u0119 w pe\u0142ni rozwini\u0119t\u0105, a drugie sadzonk\u0119 kt\u00f3ra jest w sprzeda\u017cy.<\/b><\/p>\n<p><b>Jednak \u017ce s\u0105 to \u017cywe ro\u015bliny i z tygodnia na tydzie\u0144 zmieniaj\u0105 sw\u00f3j wygl\u0105d. Mog\u0105 by\u0107 przyci\u0119te, a w okresie kwitnienia mog\u0105 by\u0107 wi\u0119ksze oraz z kwiatami.<\/b><\/p>\n<\/div>\n<\/div>\n<\/div>\n<div class=\"mpof_ki myre_zn myre_8v_l m389_6m_l\">\n<div class=\"mp4t_16_s mryx_16_s mr3m_1 mli2_1 mh85_56 mh85_0_l\">\n<div class=\"mg9e_8 mj7a_8 mg9e_0_s mvrt_0_s mj7a_0_s mh36_0_s mzmg_6m munh_16_l m3h2_16_l\">\n<div class=\"mp4t_0 mryx_0 munh_56 m3h2_56\">\n<div class=\"mp7g_oh\"><button class=\"mg9e_0 mvrt_0 mj7a_0 mh36_0 mp4t_0 m3h2_0 mryx_0 munh_0 mqen_m6 mpof_z0 mx7m_0 m7er_k4 mse2_k4 msts_pt\" data-analytics-interaction=\"true\" data-analytics-interaction-label=\"zoomable-image-open\" aria-disabled=\"true\"><img decoding=\"async\" class=\"msub_k4 mupj_5k mjru_k4 mse2_k4 mp7g_f6 mq1m_0 mj7u_0 m7er_k4 mqen_m6 m31c_d8 m0ux_fp lazyloaded\" src=\"https:\/\/a.allegroimg.com\/original\/1136c5\/5b1551fe440f9915fda14aa8a531\/Bergenia-Jelle-biale-kwiaty-duza-sadzonka-wieloletnia-do-ogrodu-lubi-cien-Producent-nieznany-producent\" sizes=\"(min-width: 1200px) 560px, (min-width: 992px) 50vw, 100vw\" srcset=\"https:\/\/a.allegroimg.com\/s360\/1136c5\/5b1551fe440f9915fda14aa8a531\/Bergenia-Jelle-biale-kwiaty-duza-sadzonka-wieloletnia-do-ogrodu-lubi-cien-Producent-nieznany-producent 270w,https:\/\/a.allegroimg.com\/s720\/1136c5\/5b1551fe440f9915fda14aa8a531\/Bergenia-Jelle-biale-kwiaty-duza-sadzonka-wieloletnia-do-ogrodu-lubi-cien-Producent-nieznany-producent 541w,https:\/\/a.allegroimg.com\/s1024\/1136c5\/5b1551fe440f9915fda14aa8a531\/Bergenia-Jelle-biale-kwiaty-duza-sadzonka-wieloletnia-do-ogrodu-lubi-cien-Producent-nieznany-producent 770w,https:\/\/a.allegroimg.com\/s1440\/1136c5\/5b1551fe440f9915fda14aa8a531\/Bergenia-Jelle-biale-kwiaty-duza-sadzonka-wieloletnia-do-ogrodu-lubi-cien-Producent-nieznany-producent 1083w,https:\/\/a.allegroimg.com\/original\/1136c5\/5b1551fe440f9915fda14aa8a531\/Bergenia-Jelle-biale-kwiaty-duza-sadzonka-wieloletnia-do-ogrodu-lubi-cien-Producent-nieznany-producent 1927w\" alt=\"Bergenia Jelle bia\u0142e kwiaty du\u017ca sadzonka wieloletnia do ogrodu lubi cie\u0144 Producent nieznany producent\" width=\"1927px\" data-srcset=\"\" \/><\/button><\/div>\n<\/div>\n<\/div>\n<\/div>\n<div class=\"mp4t_16_s mryx_16_s mr3m_1 mli2_1 mh85_56 mh85_0_l\">\n<div class=\"mg9e_8 mj7a_8 mg9e_0_s mvrt_0_s mj7a_0_s mh36_0_s mzmg_6m munh_16_l m3h2_16_l\">\n<div class=\"mp4t_0 mryx_0 munh_56 m3h2_56\">\n<div class=\"mp7g_oh\"><button class=\"mg9e_0 mvrt_0 mj7a_0 mh36_0 mp4t_0 m3h2_0 mryx_0 munh_0 mqen_m6 mpof_z0 mx7m_0 m7er_k4 mse2_k4 msts_pt\" data-analytics-interaction=\"true\" data-analytics-interaction-label=\"zoomable-image-open\" aria-disabled=\"true\"><img decoding=\"async\" class=\"msub_k4 mupj_5k mjru_k4 mse2_k4 mp7g_f6 mq1m_0 mj7u_0 m7er_k4 mqen_m6 m31c_d8 m0ux_fp lazyloaded\" src=\"https:\/\/a.allegroimg.com\/original\/11f3a0\/7d6129bc4a609bc821025e8780ad\/Bergenia-Jelle-biale-kwiaty-duza-sadzonka-wieloletnia-do-ogrodu-lubi-cien-Kolor-kwiatow-bialy\" sizes=\"(min-width: 1200px) 560px, (min-width: 992px) 50vw, 100vw\" srcset=\"https:\/\/a.allegroimg.com\/s360\/11f3a0\/7d6129bc4a609bc821025e8780ad\/Bergenia-Jelle-biale-kwiaty-duza-sadzonka-wieloletnia-do-ogrodu-lubi-cien-Kolor-kwiatow-bialy 270w,https:\/\/a.allegroimg.com\/s720\/11f3a0\/7d6129bc4a609bc821025e8780ad\/Bergenia-Jelle-biale-kwiaty-duza-sadzonka-wieloletnia-do-ogrodu-lubi-cien-Kolor-kwiatow-bialy 541w,https:\/\/a.allegroimg.com\/s1024\/11f3a0\/7d6129bc4a609bc821025e8780ad\/Bergenia-Jelle-biale-kwiaty-duza-sadzonka-wieloletnia-do-ogrodu-lubi-cien-Kolor-kwiatow-bialy 770w,https:\/\/a.allegroimg.com\/s1440\/11f3a0\/7d6129bc4a609bc821025e8780ad\/Bergenia-Jelle-biale-kwiaty-duza-sadzonka-wieloletnia-do-ogrodu-lubi-cien-Kolor-kwiatow-bialy 1083w,https:\/\/a.allegroimg.com\/original\/11f3a0\/7d6129bc4a609bc821025e8780ad\/Bergenia-Jelle-biale-kwiaty-duza-sadzonka-wieloletnia-do-ogrodu-lubi-cien-Kolor-kwiatow-bialy 1927w\" alt=\"Bergenia Jelle bia\u0142e kwiaty du\u017ca sadzonka wieloletnia do ogrodu lubi cie\u0144 Kolor kwiat\u00f3w bia\u0142y\" width=\"1927px\" data-srcset=\"\" \/><\/button><\/div>\n<\/div>\n<\/div>\n<\/div>\n<\/div>\n","protected":false},"excerpt":{"rendered":"<p>Bergenia sercolistna Bergenia cordifolia Jelle Bergenie nale\u017c\u0105 do popularnych bylin ze wzgl\u0119du na d\u0142ugowieczno\u015b\u0107, szybki wzrost, zwarty pokr\u00f3j, niewielkie wymagania uprawowe, przewa\u017cnie zimozielone, dorodne li\u015bcie oraz bardzo efektowne kwiatostany. Ro\u015bliny wytwarzaj\u0105 grube, p\u0142o\u017c\u0105ce si\u0119 po ziemi k\u0142\u0105cza. W zale\u017cno\u015bci od gatunku i odmiany posiadaj\u0105 li\u015bcie owalne lub jajowate, niekiedy sercowate u nasady, ca\u0142obrzegie, z\u0105bkowane, karbowane &hellip;<\/p>\n<p class=\"read-more\"> <a class=\"\" href=\"https:\/\/www.ogrodolszanica.pl\/index.php\/produkt\/bergenia-jelle\/\"> <span class=\"screen-reader-text\">Bergenia Jelle<\/span> Read More &raquo;<\/a><\/p>\n","protected":false},"featured_media":3602,"comment_status":"open","ping_status":"closed","template":"","meta":{"site-sidebar-layout":"default","site-content-layout":"default","ast-global-header-display":"","ast-main-header-display":"","ast-hfb-above-header-display":"","ast-hfb-below-header-display":"","ast-hfb-mobile-header-display":"","site-post-title":"","ast-breadcrumbs-content":"","ast-featured-img":"","footer-sml-layout":"","theme-transparent-header-meta":"default","adv-header-id-meta":"","stick-header-meta":"","header-above-stick-meta":"","header-main-stick-meta":"","header-below-stick-meta":"","spay_email":""},"product_cat":[55,29],"product_tag":[],"class_list":["post-3599","product","type-product","status-publish","has-post-thumbnail","hentry","product_cat-bergenie","product_cat-byliny"],"yoast_head":"<!-- This site is optimized with the Yoast SEO plugin v19.2 - https:\/\/yoast.com\/wordpress\/plugins\/seo\/ -->\n<title>Bergenia Jelle - Ogr&oacute;d Olszanica<\/title>\n<meta name=\"robots\" content=\"index, follow, max-snippet:-1, max-image-preview:large, max-video-preview:-1\" \/>\n<link rel=\"canonical\" href=\"https:\/\/www.ogrodolszanica.pl\/index.php\/produkt\/bergenia-jelle\/\" \/>\n<meta property=\"og:locale\" content=\"pl_PL\" \/>\n<meta property=\"og:type\" content=\"article\" \/>\n<meta property=\"og:title\" content=\"Bergenia Jelle - Ogr&oacute;d Olszanica\" \/>\n<meta property=\"og:description\" content=\"Bergenia sercolistna Bergenia cordifolia Jelle Bergenie nale\u017c\u0105 do popularnych bylin ze wzgl\u0119du na d\u0142ugowieczno\u015b\u0107, szybki wzrost, zwarty pokr\u00f3j, niewielkie wymagania uprawowe, przewa\u017cnie zimozielone, dorodne li\u015bcie oraz bardzo efektowne kwiatostany. Ro\u015bliny wytwarzaj\u0105 grube, p\u0142o\u017c\u0105ce si\u0119 po ziemi k\u0142\u0105cza. W zale\u017cno\u015bci od gatunku i odmiany posiadaj\u0105 li\u015bcie owalne lub jajowate, niekiedy sercowate u nasady, ca\u0142obrzegie, z\u0105bkowane, karbowane &hellip; Bergenia Jelle Read More &raquo;\" \/>\n<meta property=\"og:url\" content=\"https:\/\/www.ogrodolszanica.pl\/index.php\/produkt\/bergenia-jelle\/\" \/>\n<meta property=\"og:site_name\" content=\"Ogr&oacute;d Olszanica\" \/>\n<meta property=\"article:publisher\" content=\"https:\/\/www.facebook.com\/Ogrd-Olszanica-100807179225223\" \/>\n<meta property=\"article:modified_time\" content=\"2026-03-04T20:55:11+00:00\" \/>\n<meta property=\"og:image\" content=\"https:\/\/www.ogrodolszanica.pl\/wp-content\/uploads\/2026\/03\/Bergenia-Jelle-scaled.jpg\" \/>\n\t<meta property=\"og:image:width\" content=\"1928\" \/>\n\t<meta property=\"og:image:height\" content=\"2560\" \/>\n\t<meta property=\"og:image:type\" content=\"image\/jpeg\" \/>\n<meta name=\"author\" content=\"admin\" \/>\n<meta name=\"twitter:card\" content=\"summary_large_image\" \/>\n<meta name=\"twitter:label1\" content=\"Szacowany czas czytania\" \/>\n\t<meta name=\"twitter:data1\" content=\"1 minuta\" \/>\n<script type=\"application\/ld+json\" class=\"yoast-schema-graph\">{\"@context\":\"https:\/\/schema.org\",\"@graph\":[{\"@type\":\"Organization\",\"@id\":\"https:\/\/www.ogrodolszanica.pl\/#organization\",\"name\":\"Ogr\u00f3d Olszanica - Krakowskie Centrum Ogrodnicze\",\"url\":\"https:\/\/www.ogrodolszanica.pl\/\",\"sameAs\":[\"https:\/\/www.facebook.com\/Ogrd-Olszanica-100807179225223\"],\"logo\":{\"@type\":\"ImageObject\",\"inLanguage\":\"pl-PL\",\"@id\":\"https:\/\/www.ogrodolszanica.pl\/#\/schema\/logo\/image\/\",\"url\":\"http:\/\/www.ogrodolszanica.pl\/wp-content\/uploads\/2022\/06\/Ogrod-Olszanica1-1.png\",\"contentUrl\":\"http:\/\/www.ogrodolszanica.pl\/wp-content\/uploads\/2022\/06\/Ogrod-Olszanica1-1.png\",\"width\":180,\"height\":60,\"caption\":\"Ogr\u00f3d Olszanica - Krakowskie Centrum Ogrodnicze\"},\"image\":{\"@id\":\"https:\/\/www.ogrodolszanica.pl\/#\/schema\/logo\/image\/\"}},{\"@type\":\"WebSite\",\"@id\":\"https:\/\/www.ogrodolszanica.pl\/#website\",\"url\":\"https:\/\/www.ogrodolszanica.pl\/\",\"name\":\"Ogr&oacute;d Olszanica\",\"description\":\"Centrum Ogrodnicze Krak&oacute;w\",\"publisher\":{\"@id\":\"https:\/\/www.ogrodolszanica.pl\/#organization\"},\"potentialAction\":[{\"@type\":\"SearchAction\",\"target\":{\"@type\":\"EntryPoint\",\"urlTemplate\":\"https:\/\/www.ogrodolszanica.pl\/?s={search_term_string}\"},\"query-input\":\"required name=search_term_string\"}],\"inLanguage\":\"pl-PL\"},{\"@type\":\"ImageObject\",\"inLanguage\":\"pl-PL\",\"@id\":\"https:\/\/www.ogrodolszanica.pl\/index.php\/produkt\/bergenia-jelle\/#primaryimage\",\"url\":\"https:\/\/i0.wp.com\/www.ogrodolszanica.pl\/wp-content\/uploads\/2026\/03\/Bergenia-Jelle-scaled.jpg?fit=1928%2C2560&ssl=1\",\"contentUrl\":\"https:\/\/i0.wp.com\/www.ogrodolszanica.pl\/wp-content\/uploads\/2026\/03\/Bergenia-Jelle-scaled.jpg?fit=1928%2C2560&ssl=1\",\"width\":1928,\"height\":2560},{\"@type\":\"WebPage\",\"@id\":\"https:\/\/www.ogrodolszanica.pl\/index.php\/produkt\/bergenia-jelle\/#webpage\",\"url\":\"https:\/\/www.ogrodolszanica.pl\/index.php\/produkt\/bergenia-jelle\/\",\"name\":\"Bergenia Jelle - Ogr&oacute;d Olszanica\",\"isPartOf\":{\"@id\":\"https:\/\/www.ogrodolszanica.pl\/#website\"},\"primaryImageOfPage\":{\"@id\":\"https:\/\/www.ogrodolszanica.pl\/index.php\/produkt\/bergenia-jelle\/#primaryimage\"},\"datePublished\":\"2026-03-01T20:21:36+00:00\",\"dateModified\":\"2026-03-04T20:55:11+00:00\",\"breadcrumb\":{\"@id\":\"https:\/\/www.ogrodolszanica.pl\/index.php\/produkt\/bergenia-jelle\/#breadcrumb\"},\"inLanguage\":\"pl-PL\",\"potentialAction\":[{\"@type\":\"ReadAction\",\"target\":[\"https:\/\/www.ogrodolszanica.pl\/index.php\/produkt\/bergenia-jelle\/\"]}]},{\"@type\":\"BreadcrumbList\",\"@id\":\"https:\/\/www.ogrodolszanica.pl\/index.php\/produkt\/bergenia-jelle\/#breadcrumb\",\"itemListElement\":[{\"@type\":\"ListItem\",\"position\":1,\"name\":\"Strona g\u0142\u00f3wna\",\"item\":\"https:\/\/www.ogrodolszanica.pl\/\"},{\"@type\":\"ListItem\",\"position\":2,\"name\":\"Produkty\",\"item\":\"https:\/\/www.ogrodolszanica.pl\/index.php\/shop\/\"},{\"@type\":\"ListItem\",\"position\":3,\"name\":\"Bergenia Jelle\"}]}]}<\/script>\n<!-- \/ Yoast SEO plugin. -->","yoast_head_json":{"title":"Bergenia Jelle - Ogr&oacute;d Olszanica","robots":{"index":"index","follow":"follow","max-snippet":"max-snippet:-1","max-image-preview":"max-image-preview:large","max-video-preview":"max-video-preview:-1"},"canonical":"https:\/\/www.ogrodolszanica.pl\/index.php\/produkt\/bergenia-jelle\/","og_locale":"pl_PL","og_type":"article","og_title":"Bergenia Jelle - Ogr&oacute;d Olszanica","og_description":"Bergenia sercolistna Bergenia cordifolia Jelle Bergenie nale\u017c\u0105 do popularnych bylin ze wzgl\u0119du na d\u0142ugowieczno\u015b\u0107, szybki wzrost, zwarty pokr\u00f3j, niewielkie wymagania uprawowe, przewa\u017cnie zimozielone, dorodne li\u015bcie oraz bardzo efektowne kwiatostany. Ro\u015bliny wytwarzaj\u0105 grube, p\u0142o\u017c\u0105ce si\u0119 po ziemi k\u0142\u0105cza. W zale\u017cno\u015bci od gatunku i odmiany posiadaj\u0105 li\u015bcie owalne lub jajowate, niekiedy sercowate u nasady, ca\u0142obrzegie, z\u0105bkowane, karbowane &hellip; Bergenia Jelle Read More &raquo;","og_url":"https:\/\/www.ogrodolszanica.pl\/index.php\/produkt\/bergenia-jelle\/","og_site_name":"Ogr&oacute;d Olszanica","article_publisher":"https:\/\/www.facebook.com\/Ogrd-Olszanica-100807179225223","article_modified_time":"2026-03-04T20:55:11+00:00","og_image":[{"width":1928,"height":2560,"url":"https:\/\/www.ogrodolszanica.pl\/wp-content\/uploads\/2026\/03\/Bergenia-Jelle-scaled.jpg","type":"image\/jpeg"}],"author":"admin","twitter_card":"summary_large_image","twitter_misc":{"Szacowany czas czytania":"1 minuta"},"schema":{"@context":"https:\/\/schema.org","@graph":[{"@type":"Organization","@id":"https:\/\/www.ogrodolszanica.pl\/#organization","name":"Ogr\u00f3d Olszanica - Krakowskie Centrum Ogrodnicze","url":"https:\/\/www.ogrodolszanica.pl\/","sameAs":["https:\/\/www.facebook.com\/Ogrd-Olszanica-100807179225223"],"logo":{"@type":"ImageObject","inLanguage":"pl-PL","@id":"https:\/\/www.ogrodolszanica.pl\/#\/schema\/logo\/image\/","url":"http:\/\/www.ogrodolszanica.pl\/wp-content\/uploads\/2022\/06\/Ogrod-Olszanica1-1.png","contentUrl":"http:\/\/www.ogrodolszanica.pl\/wp-content\/uploads\/2022\/06\/Ogrod-Olszanica1-1.png","width":180,"height":60,"caption":"Ogr\u00f3d Olszanica - Krakowskie Centrum Ogrodnicze"},"image":{"@id":"https:\/\/www.ogrodolszanica.pl\/#\/schema\/logo\/image\/"}},{"@type":"WebSite","@id":"https:\/\/www.ogrodolszanica.pl\/#website","url":"https:\/\/www.ogrodolszanica.pl\/","name":"Ogr&oacute;d Olszanica","description":"Centrum Ogrodnicze Krak&oacute;w","publisher":{"@id":"https:\/\/www.ogrodolszanica.pl\/#organization"},"potentialAction":[{"@type":"SearchAction","target":{"@type":"EntryPoint","urlTemplate":"https:\/\/www.ogrodolszanica.pl\/?s={search_term_string}"},"query-input":"required name=search_term_string"}],"inLanguage":"pl-PL"},{"@type":"ImageObject","inLanguage":"pl-PL","@id":"https:\/\/www.ogrodolszanica.pl\/index.php\/produkt\/bergenia-jelle\/#primaryimage","url":"https:\/\/i0.wp.com\/www.ogrodolszanica.pl\/wp-content\/uploads\/2026\/03\/Bergenia-Jelle-scaled.jpg?fit=1928%2C2560&ssl=1","contentUrl":"https:\/\/i0.wp.com\/www.ogrodolszanica.pl\/wp-content\/uploads\/2026\/03\/Bergenia-Jelle-scaled.jpg?fit=1928%2C2560&ssl=1","width":1928,"height":2560},{"@type":"WebPage","@id":"https:\/\/www.ogrodolszanica.pl\/index.php\/produkt\/bergenia-jelle\/#webpage","url":"https:\/\/www.ogrodolszanica.pl\/index.php\/produkt\/bergenia-jelle\/","name":"Bergenia Jelle - Ogr&oacute;d Olszanica","isPartOf":{"@id":"https:\/\/www.ogrodolszanica.pl\/#website"},"primaryImageOfPage":{"@id":"https:\/\/www.ogrodolszanica.pl\/index.php\/produkt\/bergenia-jelle\/#primaryimage"},"datePublished":"2026-03-01T20:21:36+00:00","dateModified":"2026-03-04T20:55:11+00:00","breadcrumb":{"@id":"https:\/\/www.ogrodolszanica.pl\/index.php\/produkt\/bergenia-jelle\/#breadcrumb"},"inLanguage":"pl-PL","potentialAction":[{"@type":"ReadAction","target":["https:\/\/www.ogrodolszanica.pl\/index.php\/produkt\/bergenia-jelle\/"]}]},{"@type":"BreadcrumbList","@id":"https:\/\/www.ogrodolszanica.pl\/index.php\/produkt\/bergenia-jelle\/#breadcrumb","itemListElement":[{"@type":"ListItem","position":1,"name":"Strona g\u0142\u00f3wna","item":"https:\/\/www.ogrodolszanica.pl\/"},{"@type":"ListItem","position":2,"name":"Produkty","item":"https:\/\/www.ogrodolszanica.pl\/index.php\/shop\/"},{"@type":"ListItem","position":3,"name":"Bergenia Jelle"}]}]}},"jetpack-related-posts":[{"id":2705,"url":"https:\/\/www.ogrodolszanica.pl\/index.php\/produkt\/bergenia-vintage-blush\/","url_meta":{"origin":3599,"position":0},"title":"Bergenia Vintage Blush","date":"31 stycznia, 2024","format":false,"excerpt":"Bergenia Vintage Blush Bergenia Bergenia 'Blush' to czaruj\u0105ca reprezentantka nowej, wyj\u0105tkowej serii VINTAGE. Kolekcja ta skupia odmiany wyr\u00f3\u017cniaj\u0105ce si\u0119 zwartym, kompaktowym pokrojem, dekoracyjnym, b\u0142yszcz\u0105cym ulistnieniem, bardzo obfitym okresem kwitnienia oraz wysok\u0105 odporno\u015bci\u0105 na niekorzystne warunki. Ro\u015blina docelowo osi\u0105ga oko\u0142o 30-40 cm wysoko\u015bci i oko\u0142o 35 cm \u015brednicy, formuj\u0105c bujn\u0105, roz\u0142o\u017cyst\u0105\u2026","rel":"","context":"Similar post","img":{"alt_text":"","src":"https:\/\/i0.wp.com\/www.ogrodolszanica.pl\/wp-content\/uploads\/2024\/01\/byliny-i-trawy_bergenia_78903_2.jpg?fit=636%2C650&ssl=1&resize=350%2C200","width":350,"height":200},"classes":[]},{"id":1908,"url":"https:\/\/www.ogrodolszanica.pl\/index.php\/produkt\/bergenia-dragonfly-sakura\/","url_meta":{"origin":3599,"position":1},"title":"Bergenia Dragonfly Sakura","date":"3 sierpnia, 2022","format":false,"excerpt":"Bergenia Dragonfly Sakura Bylina wieloletnia, wiecznie zielona. Li\u015bcie mi\u0119siste, sk\u00f3rzaste, zielone, jesieni\u0105 przebarwiaj\u0105 si\u0119 na br\u0105zowo, by wiosn\u0105 zn\u00f3w powr\u00f3ci\u0107 do zieleni. Kwiaty przypominaj\u0105ce kwiat wi\u015bni pojawiaj\u0105 si\u0119 wiosn\u0105 na prze\u0142omie kwietnia i maja. Polecana na cieniste i lekko ocienione rabaty, do zadarniania miejsc pod drzewami. Kwiaty mog\u0105 by\u0107 wykorzystane\u2026","rel":"","context":"Similar post","img":{"alt_text":"","src":"https:\/\/i0.wp.com\/www.ogrodolszanica.pl\/wp-content\/uploads\/2022\/08\/bergenia-dragonfly-sakura_70785_2.jpg?fit=650%2C467&ssl=1&resize=350%2C200","width":350,"height":200},"classes":[]},{"id":3645,"url":"https:\/\/www.ogrodolszanica.pl\/index.php\/produkt\/bergenia-fire-and-ice\/","url_meta":{"origin":3599,"position":2},"title":"Bergenia Fire and Ice","date":"2 marca, 2026","format":false,"excerpt":"Bergenia Fire and Ice (bia\u0142a) Bergenia to bardzo dekoracyjna bylina wieloletnia, zaliczana jest do ro\u015blin zimozielonych. Pierwotnie pochodzi z teren\u00f3w Azji, w naszych rejonach jej uprawa nie sprawia problem\u00f3w. Ro\u015blina obowi\u0105zkowa na wiosennej rabacie, o\u017cywi kolorem kwiat\u00f3w u\u015bpiony ogr\u00f3d a zimozielone\u00a0 li\u015bcie b\u0119d\u0105 ozdob\u0105 ca\u0142\u0105 zim\u0119. Bergenia to niezwykle ozdobna\u2026","rel":"","context":"Similar post","img":{"alt_text":"","src":"https:\/\/i0.wp.com\/www.ogrodolszanica.pl\/wp-content\/uploads\/2026\/03\/Bergenia-Fire-and-Ice-v2-scaled.jpg?fit=904%2C1200&ssl=1&resize=350%2C200","width":350,"height":200},"classes":[]},{"id":2728,"url":"https:\/\/www.ogrodolszanica.pl\/index.php\/produkt\/bergenia-sercolistna-shoeshine-rose\/","url_meta":{"origin":3599,"position":3},"title":"Bergenia sercolistna Shoeshine Rose","date":"31 stycznia, 2024","format":false,"excerpt":"Bergenia sercolistna Shoeshine Rose \u00a0 Rodzaj: Bergenia Barwa: Ciemnor\u00f3\u017cowa szeroko\u015b\u0107: 35 cm wysoko\u015b\u0107: 30\u00a0cm wysoko\u015b\u0107 (kwitnienie): 40\u00a0cm kwitnienie: kwiecie\u0144 \u00f7 maj stanowisko: \u00a0p\u00f3\u0142cieniste, cieniste Dobierz odpowiednie pod\u0142o\u017ce z wybranych produkt\u00f3w w naszym sklepie: Pod\u0142o\u017ca \u00a0 \u00a0","rel":"","context":"Similar post","img":{"alt_text":"","src":"https:\/\/i0.wp.com\/www.ogrodolszanica.pl\/wp-content\/uploads\/2024\/01\/byliny-i-trawy_bergenia_70777_1.jpg?fit=590%2C650&ssl=1&resize=350%2C200","width":350,"height":200},"classes":[]},{"id":2946,"url":"https:\/\/www.ogrodolszanica.pl\/index.php\/produkt\/zurawka-beauty-colour\/","url_meta":{"origin":3599,"position":4},"title":"\u017burawka Beauty Colour","date":"30 wrze\u015bnia, 2024","format":false,"excerpt":"\u017burawka Heuchera Beauty Colour K\u0119piasta bylina o ozdobnych, wielobarwnych li\u015bciach. Ro\u015bnie szybko, osi\u0105ga 35-50 cm wysoko\u015bci. Li\u015bcie p\u00f3\u0142zimozielone, w kszta\u0142cie sercowate, lekko powcinane, do\u015b\u0107 du\u017ce, od spodu bordowe, od g\u00f3ry wielokolorowe: na brzegach jasnozielone i pofalowane, na \u015brodku srebrzyste, z wyra\u017anym, ciemnobordowym unerwieniem. M\u0142ode li\u015bcie s\u0105 ja\u015bniejsze, starsze ciemniejsze, ich\u2026","rel":"","context":"Similar post","img":{"alt_text":"","src":"https:\/\/i0.wp.com\/www.ogrodolszanica.pl\/wp-content\/uploads\/2024\/09\/Zurawka-Heuchera-Beauty-Colour-v1x-scaled.jpg?fit=903%2C1200&ssl=1&resize=350%2C200","width":350,"height":200},"classes":[]},{"id":3353,"url":"https:\/\/www.ogrodolszanica.pl\/index.php\/produkt\/miodunka-silver-bouquet-wielobarwne-liscie\/","url_meta":{"origin":3599,"position":5},"title":"Miodunka 'Silver Bouquet&#8217; wielobarwne li\u015bcie","date":"24 lutego, 2026","format":false,"excerpt":"Miodunka Silver Bouquet Pulmonaria Miodunka 'Silver Bouquet' przyci\u0105ga spojrzenia nie tylko ze wzgl\u0119du na pi\u0119kne kwiaty, ale tak\u017ce niezwykle dekoracyjne li\u015bcie. Ro\u015blina tworzy bujne, g\u0119ste k\u0119py, kt\u00f3re osi\u0105gaj\u0105 oko\u0142o 20-25 cm wysoko\u015bci i 40-50 cm szeroko\u015bci. Li\u015bcie s\u0105 wyd\u0142u\u017cone, lancetowate, ostro zako\u0144czone, niemal ca\u0142kowicie srebrzyste z nielicznymi plamkami zieleni. Ro\u015blina\u2026","rel":"","context":"Similar post","img":{"alt_text":"","src":"https:\/\/i0.wp.com\/www.ogrodolszanica.pl\/wp-content\/uploads\/2026\/02\/Miodunka-Silver-Bouquet-wielobarwne-liscie-v2-scaled.jpg?fit=904%2C1200&ssl=1&resize=350%2C200","width":350,"height":200},"classes":[]}],"_links":{"self":[{"href":"https:\/\/www.ogrodolszanica.pl\/index.php\/wp-json\/wp\/v2\/product\/3599","targetHints":{"allow":["GET"]}}],"collection":[{"href":"https:\/\/www.ogrodolszanica.pl\/index.php\/wp-json\/wp\/v2\/product"}],"about":[{"href":"https:\/\/www.ogrodolszanica.pl\/index.php\/wp-json\/wp\/v2\/types\/product"}],"replies":[{"embeddable":true,"href":"https:\/\/www.ogrodolszanica.pl\/index.php\/wp-json\/wp\/v2\/comments?post=3599"}],"wp:featuredmedia":[{"embeddable":true,"href":"https:\/\/www.ogrodolszanica.pl\/index.php\/wp-json\/wp\/v2\/media\/3602"}],"wp:attachment":[{"href":"https:\/\/www.ogrodolszanica.pl\/index.php\/wp-json\/wp\/v2\/media?parent=3599"}],"wp:term":[{"taxonomy":"product_cat","embeddable":true,"href":"https:\/\/www.ogrodolszanica.pl\/index.php\/wp-json\/wp\/v2\/product_cat?post=3599"},{"taxonomy":"product_tag","embeddable":true,"href":"https:\/\/www.ogrodolszanica.pl\/index.php\/wp-json\/wp\/v2\/product_tag?post=3599"}],"curies":[{"name":"wp","href":"https:\/\/api.w.org\/{rel}","templated":true}]}}