{"id":3504,"date":"2026-02-27T20:22:48","date_gmt":"2026-02-27T20:22:48","guid":{"rendered":"https:\/\/www.ogrodolszanica.pl\/?post_type=product&#038;p=3504"},"modified":"2026-03-04T20:57:32","modified_gmt":"2026-03-04T20:57:32","slug":"floks-szydlasty-bavaria","status":"publish","type":"product","link":"https:\/\/www.ogrodolszanica.pl\/index.php\/produkt\/floks-szydlasty-bavaria\/","title":{"rendered":"Floks szydlasty Bavaria"},"content":{"rendered":"<div class=\"mpof_ki myre_zn myre_8v_l m389_6m_l\">\n<div class=\"mp4t_16_s mryx_16_s mr3m_1 mli2_1 mh85_56 mh85_0_l\">\n<div class=\"mgn2_16 _0d3bd_am0a-\">\n<h1>Floks szydlasty Bavaria Phlox subulata<\/h1>\n<p>Pi\u0119kna odmiana floksa szydlastego o kwiatach barwy kremowej z wyra\u017anymi, ciemno niebieskimi oczkami, kt\u00f3re pi\u0119knie podkre\u015blaj\u0105 urod\u0119 masowo wytwarzanych wiosn\u0105 kwiat\u00f3w. Obficie kwitnie w kwietniu i maju nabieraj\u0105c delikatnej, b\u0142\u0119kitnej barwy dzi\u0119ki niebieskim akcentom. Tworzy bardzo g\u0119ste poduchy osi\u0105gaj\u0105ce wysoko\u015b\u0107 do 10 cm i \u015brednic\u0119 oko\u0142o 60 cm. Wymagania floksa szydlastego s\u0105 niewielkie, wystarczy mu jasne miejsce, przeci\u0119tna gleba ogrodowa (jednak w miar\u0119 wilgotna) i troch\u0119 przestrzeni do wzrostu. Jest w pe\u0142ni mrozoodporny i nie wymaga specjalnej opieki. Li\u015bcie s\u0105 zimozielone, dlatego w przypadku bez\u015bnie\u017cnej, mro\u017anej zimy warto je okry\u0107 w\u0142\u00f3knin\u0105, aby wiosn\u0105 by\u0142y \u0142adne, zielone.<\/p>\n<ul>\n<li>Rodzaj:\u00a0<b>floks wiechowaty<\/b><\/li>\n<li>Stanowisko:\u00a0<b>s\u0142oneczne<\/b>\u00a0\u2600\ufe0f,\u00a0<b>p\u00f3\u0142cieniste<\/b><\/li>\n<li>Podlewanie:\u00a0<b>przeci\u0119tne<\/b><\/li>\n<li>Barwa kwiatu:\u00a0<b>bia\u0142\u0105<\/b><\/li>\n<li>Barwa li\u015bci:\u00a0<b>zielone<\/b><\/li>\n<li>Szeroko\u015b\u0107 \u2b05\ufe0f\u27a1\ufe0f:\u00a0<b>30-60 cm<\/b><\/li>\n<li>Wysoko\u015b\u0107 kwitnienia \u2b06\ufe0f:\u00a0<b>10-20 cm<\/b><\/li>\n<li>Okres kwitnienia \u27a1\ufe0f\u2b05\ufe0f:\u00a0<b>lipiec \u00f7 wrzesie\u0144<\/b><\/li>\n<li>Mrozoodporno\u015b\u0107:\u00a0<b>tak<\/b><\/li>\n<li>Ro\u015blina wieloletnia:\u00a0<b>tak<\/b><\/li>\n<\/ul>\n<\/div>\n<\/div>\n<div class=\"mp4t_16_s mryx_16_s mr3m_1 mli2_1 mh85_56 mh85_0_l\">\n<div class=\"mg9e_8 mj7a_8 mg9e_0_s mvrt_0_s mj7a_0_s mh36_0_s mzmg_6m munh_16_l m3h2_16_l\">\n<div class=\"mp4t_0 mryx_0 munh_56 m3h2_56\">\n<div class=\"mp7g_oh\"><button class=\"mg9e_0 mvrt_0 mj7a_0 mh36_0 mp4t_0 m3h2_0 mryx_0 munh_0 mqen_m6 mpof_z0 mx7m_0 m7er_k4 mse2_k4 msts_pt\" data-analytics-interaction=\"true\" data-analytics-interaction-label=\"zoomable-image-open\" aria-disabled=\"true\"><img decoding=\"async\" class=\"msub_k4 mupj_5k mjru_k4 mse2_k4 mp7g_f6 mq1m_0 mj7u_0 m7er_k4 mqen_m6 m31c_d8 m0ux_fp lazyloaded\" src=\"https:\/\/a.allegroimg.com\/original\/114759\/127237c44f2d9cb2012eb49e7ed3\/Floks-szydlasty-Bavaria-kwiaty-biale-roslina-ozdobna-wieloletnia-do-ogrodu\" sizes=\"(min-width: 1200px) 560px, (min-width: 992px) 50vw, 100vw\" srcset=\"https:\/\/a.allegroimg.com\/s360\/114759\/127237c44f2d9cb2012eb49e7ed3\/Floks-szydlasty-Bavaria-kwiaty-biale-roslina-ozdobna-wieloletnia-do-ogrodu 360w,https:\/\/a.allegroimg.com\/s720\/114759\/127237c44f2d9cb2012eb49e7ed3\/Floks-szydlasty-Bavaria-kwiaty-biale-roslina-ozdobna-wieloletnia-do-ogrodu 600w,https:\/\/a.allegroimg.com\/original\/114759\/127237c44f2d9cb2012eb49e7ed3\/Floks-szydlasty-Bavaria-kwiaty-biale-roslina-ozdobna-wieloletnia-do-ogrodu 600w\" alt=\"Floks szydlasty Bavaria kwiaty bia\u0142e ro\u015blina ozdobna wieloletnia do ogrodu\" width=\"600px\" data-srcset=\"\" \/><\/button><\/div>\n<\/div>\n<\/div>\n<\/div>\n<\/div>\n<div class=\"mpof_ki myre_zn myre_8v_l m389_6m_l\">\n<div class=\"mp4t_16_s mryx_16_s mr3m_1 mli2_1 mh85_56 mh85_0_l\">\n<div class=\"mgn2_16 _0d3bd_am0a-\">\n<h1>Uwaga \u2757\u2757\u2757<\/h1>\n<p><b>Jedno zdj\u0119cie przedstawia ro\u015blin\u0119 w pe\u0142ni rozwini\u0119t\u0105, a drugie sadzonk\u0119 kt\u00f3ra jest w sprzeda\u017cy.<\/b><\/p>\n<p><b>Jednak \u017ce s\u0105 to \u017cywe ro\u015bliny i z tygodnia na tydzie\u0144 zmieniaj\u0105 sw\u00f3j wygl\u0105d. Mog\u0105 by\u0107 przyci\u0119te, a w okresie kwitnienia mog\u0105 by\u0107 wi\u0119ksze oraz z kwiatami.<\/b><\/p>\n<\/div>\n<\/div>\n<\/div>\n<div class=\"mpof_ki myre_zn myre_8v_l m389_6m_l\">\n<div class=\"mp4t_16_s mryx_16_s mr3m_1 mli2_1 mh85_56 mh85_0_l\">\n<div class=\"mg9e_8 mj7a_8 mg9e_0_s mvrt_0_s mj7a_0_s mh36_0_s mzmg_6m munh_16_l m3h2_16_l\">\n<div class=\"mp4t_0 mryx_0 munh_56 m3h2_56\">\n<div class=\"mp7g_oh\"><button class=\"mg9e_0 mvrt_0 mj7a_0 mh36_0 mp4t_0 m3h2_0 mryx_0 munh_0 mqen_m6 mpof_z0 mx7m_0 m7er_k4 mse2_k4 msts_pt\" data-analytics-interaction=\"true\" data-analytics-interaction-label=\"zoomable-image-open\" aria-disabled=\"true\"><img decoding=\"async\" class=\"msub_k4 mupj_5k mjru_k4 mse2_k4 mp7g_f6 mq1m_0 mj7u_0 m7er_k4 mqen_m6 m31c_d8 m0ux_fp lazyloaded\" src=\"https:\/\/a.allegroimg.com\/original\/11a2f2\/b5f8b7af4f90a12512d6608cbaba\/Floks-szydlasty-Bavaria-kwiaty-biale-roslina-ozdobna-wieloletnia-do-ogrodu-Producent-nieznany-producent\" sizes=\"(min-width: 1200px) 560px, (min-width: 992px) 50vw, 100vw\" srcset=\"https:\/\/a.allegroimg.com\/s360\/11a2f2\/b5f8b7af4f90a12512d6608cbaba\/Floks-szydlasty-Bavaria-kwiaty-biale-roslina-ozdobna-wieloletnia-do-ogrodu-Producent-nieznany-producent 270w,https:\/\/a.allegroimg.com\/s720\/11a2f2\/b5f8b7af4f90a12512d6608cbaba\/Floks-szydlasty-Bavaria-kwiaty-biale-roslina-ozdobna-wieloletnia-do-ogrodu-Producent-nieznany-producent 541w,https:\/\/a.allegroimg.com\/s1024\/11a2f2\/b5f8b7af4f90a12512d6608cbaba\/Floks-szydlasty-Bavaria-kwiaty-biale-roslina-ozdobna-wieloletnia-do-ogrodu-Producent-nieznany-producent 770w,https:\/\/a.allegroimg.com\/s1440\/11a2f2\/b5f8b7af4f90a12512d6608cbaba\/Floks-szydlasty-Bavaria-kwiaty-biale-roslina-ozdobna-wieloletnia-do-ogrodu-Producent-nieznany-producent 1083w,https:\/\/a.allegroimg.com\/original\/11a2f2\/b5f8b7af4f90a12512d6608cbaba\/Floks-szydlasty-Bavaria-kwiaty-biale-roslina-ozdobna-wieloletnia-do-ogrodu-Producent-nieznany-producent 1927w\" alt=\"Floks szydlasty Bavaria kwiaty bia\u0142e ro\u015blina ozdobna wieloletnia do ogrodu Producent nieznany producent\" width=\"1927px\" data-srcset=\"\" \/><\/button><\/div>\n<\/div>\n<\/div>\n<\/div>\n<div class=\"mp4t_16_s mryx_16_s mr3m_1 mli2_1 mh85_56 mh85_0_l\">\n<div class=\"mg9e_8 mj7a_8 mg9e_0_s mvrt_0_s mj7a_0_s mh36_0_s mzmg_6m munh_16_l m3h2_16_l\">\n<div class=\"mp4t_0 mryx_0 munh_56 m3h2_56\">\n<div class=\"mp7g_oh\"><button class=\"mg9e_0 mvrt_0 mj7a_0 mh36_0 mp4t_0 m3h2_0 mryx_0 munh_0 mqen_m6 mpof_z0 mx7m_0 m7er_k4 mse2_k4 msts_pt\" data-analytics-interaction=\"true\" data-analytics-interaction-label=\"zoomable-image-open\" aria-disabled=\"true\"><img decoding=\"async\" class=\"msub_k4 mupj_5k mjru_k4 mse2_k4 mp7g_f6 mq1m_0 mj7u_0 m7er_k4 mqen_m6 m31c_d8 m0ux_fp lazyloaded\" src=\"https:\/\/a.allegroimg.com\/original\/117503\/5ea810d44031b143ffd758ff2bd0\/Floks-szydlasty-Bavaria-kwiaty-biale-roslina-ozdobna-wieloletnia-do-ogrodu-Kolor-kwiatow-bialy\" sizes=\"(min-width: 1200px) 560px, (min-width: 992px) 50vw, 100vw\" srcset=\"https:\/\/a.allegroimg.com\/s360\/117503\/5ea810d44031b143ffd758ff2bd0\/Floks-szydlasty-Bavaria-kwiaty-biale-roslina-ozdobna-wieloletnia-do-ogrodu-Kolor-kwiatow-bialy 270w,https:\/\/a.allegroimg.com\/s720\/117503\/5ea810d44031b143ffd758ff2bd0\/Floks-szydlasty-Bavaria-kwiaty-biale-roslina-ozdobna-wieloletnia-do-ogrodu-Kolor-kwiatow-bialy 541w,https:\/\/a.allegroimg.com\/s1024\/117503\/5ea810d44031b143ffd758ff2bd0\/Floks-szydlasty-Bavaria-kwiaty-biale-roslina-ozdobna-wieloletnia-do-ogrodu-Kolor-kwiatow-bialy 770w,https:\/\/a.allegroimg.com\/s1440\/117503\/5ea810d44031b143ffd758ff2bd0\/Floks-szydlasty-Bavaria-kwiaty-biale-roslina-ozdobna-wieloletnia-do-ogrodu-Kolor-kwiatow-bialy 1083w,https:\/\/a.allegroimg.com\/original\/117503\/5ea810d44031b143ffd758ff2bd0\/Floks-szydlasty-Bavaria-kwiaty-biale-roslina-ozdobna-wieloletnia-do-ogrodu-Kolor-kwiatow-bialy 1927w\" alt=\"Floks szydlasty Bavaria kwiaty bia\u0142e ro\u015blina ozdobna wieloletnia do ogrodu Kolor kwiat\u00f3w bia\u0142y\" width=\"1927px\" data-srcset=\"\" \/><\/button><\/div>\n<\/div>\n<\/div>\n<\/div>\n<\/div>\n","protected":false},"excerpt":{"rendered":"<p>Floks szydlasty Bavaria Phlox subulata Pi\u0119kna odmiana floksa szydlastego o kwiatach barwy kremowej z wyra\u017anymi, ciemno niebieskimi oczkami, kt\u00f3re pi\u0119knie podkre\u015blaj\u0105 urod\u0119 masowo wytwarzanych wiosn\u0105 kwiat\u00f3w. Obficie kwitnie w kwietniu i maju nabieraj\u0105c delikatnej, b\u0142\u0119kitnej barwy dzi\u0119ki niebieskim akcentom. Tworzy bardzo g\u0119ste poduchy osi\u0105gaj\u0105ce wysoko\u015b\u0107 do 10 cm i \u015brednic\u0119 oko\u0142o 60 cm. Wymagania floksa &hellip;<\/p>\n<p class=\"read-more\"> <a class=\"\" href=\"https:\/\/www.ogrodolszanica.pl\/index.php\/produkt\/floks-szydlasty-bavaria\/\"> <span class=\"screen-reader-text\">Floks szydlasty Bavaria<\/span> Read More &raquo;<\/a><\/p>\n","protected":false},"featured_media":3506,"comment_status":"open","ping_status":"closed","template":"","meta":{"site-sidebar-layout":"default","site-content-layout":"default","ast-global-header-display":"","ast-main-header-display":"","ast-hfb-above-header-display":"","ast-hfb-below-header-display":"","ast-hfb-mobile-header-display":"","site-post-title":"","ast-breadcrumbs-content":"","ast-featured-img":"","footer-sml-layout":"","theme-transparent-header-meta":"default","adv-header-id-meta":"","stick-header-meta":"","header-above-stick-meta":"","header-main-stick-meta":"","header-below-stick-meta":"","spay_email":""},"product_cat":[29,65],"product_tag":[],"class_list":["post-3504","product","type-product","status-publish","has-post-thumbnail","hentry","product_cat-byliny","product_cat-floksy"],"yoast_head":"<!-- This site is optimized with the Yoast SEO plugin v19.2 - https:\/\/yoast.com\/wordpress\/plugins\/seo\/ -->\n<title>Floks szydlasty Bavaria - Ogr&oacute;d Olszanica<\/title>\n<meta name=\"robots\" content=\"index, follow, max-snippet:-1, max-image-preview:large, max-video-preview:-1\" \/>\n<link rel=\"canonical\" href=\"https:\/\/www.ogrodolszanica.pl\/index.php\/produkt\/floks-szydlasty-bavaria\/\" \/>\n<meta property=\"og:locale\" content=\"pl_PL\" \/>\n<meta property=\"og:type\" content=\"article\" \/>\n<meta property=\"og:title\" content=\"Floks szydlasty Bavaria - Ogr&oacute;d Olszanica\" \/>\n<meta property=\"og:description\" content=\"Floks szydlasty Bavaria Phlox subulata Pi\u0119kna odmiana floksa szydlastego o kwiatach barwy kremowej z wyra\u017anymi, ciemno niebieskimi oczkami, kt\u00f3re pi\u0119knie podkre\u015blaj\u0105 urod\u0119 masowo wytwarzanych wiosn\u0105 kwiat\u00f3w. Obficie kwitnie w kwietniu i maju nabieraj\u0105c delikatnej, b\u0142\u0119kitnej barwy dzi\u0119ki niebieskim akcentom. Tworzy bardzo g\u0119ste poduchy osi\u0105gaj\u0105ce wysoko\u015b\u0107 do 10 cm i \u015brednic\u0119 oko\u0142o 60 cm. Wymagania floksa &hellip; Floks szydlasty Bavaria Read More &raquo;\" \/>\n<meta property=\"og:url\" content=\"https:\/\/www.ogrodolszanica.pl\/index.php\/produkt\/floks-szydlasty-bavaria\/\" \/>\n<meta property=\"og:site_name\" content=\"Ogr&oacute;d Olszanica\" \/>\n<meta property=\"article:publisher\" content=\"https:\/\/www.facebook.com\/Ogrd-Olszanica-100807179225223\" \/>\n<meta property=\"article:modified_time\" content=\"2026-03-04T20:57:32+00:00\" \/>\n<meta property=\"og:image\" content=\"https:\/\/www.ogrodolszanica.pl\/wp-content\/uploads\/2026\/02\/Floks-szydlasty-Bavaria-v2-scaled.jpg\" \/>\n\t<meta property=\"og:image:width\" content=\"1928\" \/>\n\t<meta property=\"og:image:height\" content=\"2560\" \/>\n\t<meta property=\"og:image:type\" content=\"image\/jpeg\" \/>\n<meta name=\"author\" content=\"admin\" \/>\n<meta name=\"twitter:card\" content=\"summary_large_image\" \/>\n<meta name=\"twitter:label1\" content=\"Szacowany czas czytania\" \/>\n\t<meta name=\"twitter:data1\" content=\"1 minuta\" \/>\n<script type=\"application\/ld+json\" class=\"yoast-schema-graph\">{\"@context\":\"https:\/\/schema.org\",\"@graph\":[{\"@type\":\"Organization\",\"@id\":\"https:\/\/www.ogrodolszanica.pl\/#organization\",\"name\":\"Ogr\u00f3d Olszanica - Krakowskie Centrum Ogrodnicze\",\"url\":\"https:\/\/www.ogrodolszanica.pl\/\",\"sameAs\":[\"https:\/\/www.facebook.com\/Ogrd-Olszanica-100807179225223\"],\"logo\":{\"@type\":\"ImageObject\",\"inLanguage\":\"pl-PL\",\"@id\":\"https:\/\/www.ogrodolszanica.pl\/#\/schema\/logo\/image\/\",\"url\":\"http:\/\/www.ogrodolszanica.pl\/wp-content\/uploads\/2022\/06\/Ogrod-Olszanica1-1.png\",\"contentUrl\":\"http:\/\/www.ogrodolszanica.pl\/wp-content\/uploads\/2022\/06\/Ogrod-Olszanica1-1.png\",\"width\":180,\"height\":60,\"caption\":\"Ogr\u00f3d Olszanica - Krakowskie Centrum Ogrodnicze\"},\"image\":{\"@id\":\"https:\/\/www.ogrodolszanica.pl\/#\/schema\/logo\/image\/\"}},{\"@type\":\"WebSite\",\"@id\":\"https:\/\/www.ogrodolszanica.pl\/#website\",\"url\":\"https:\/\/www.ogrodolszanica.pl\/\",\"name\":\"Ogr&oacute;d Olszanica\",\"description\":\"Centrum Ogrodnicze Krak&oacute;w\",\"publisher\":{\"@id\":\"https:\/\/www.ogrodolszanica.pl\/#organization\"},\"potentialAction\":[{\"@type\":\"SearchAction\",\"target\":{\"@type\":\"EntryPoint\",\"urlTemplate\":\"https:\/\/www.ogrodolszanica.pl\/?s={search_term_string}\"},\"query-input\":\"required name=search_term_string\"}],\"inLanguage\":\"pl-PL\"},{\"@type\":\"ImageObject\",\"inLanguage\":\"pl-PL\",\"@id\":\"https:\/\/www.ogrodolszanica.pl\/index.php\/produkt\/floks-szydlasty-bavaria\/#primaryimage\",\"url\":\"https:\/\/i0.wp.com\/www.ogrodolszanica.pl\/wp-content\/uploads\/2026\/02\/Floks-szydlasty-Bavaria-v2-scaled.jpg?fit=1928%2C2560&ssl=1\",\"contentUrl\":\"https:\/\/i0.wp.com\/www.ogrodolszanica.pl\/wp-content\/uploads\/2026\/02\/Floks-szydlasty-Bavaria-v2-scaled.jpg?fit=1928%2C2560&ssl=1\",\"width\":1928,\"height\":2560},{\"@type\":\"WebPage\",\"@id\":\"https:\/\/www.ogrodolszanica.pl\/index.php\/produkt\/floks-szydlasty-bavaria\/#webpage\",\"url\":\"https:\/\/www.ogrodolszanica.pl\/index.php\/produkt\/floks-szydlasty-bavaria\/\",\"name\":\"Floks szydlasty Bavaria - Ogr&oacute;d Olszanica\",\"isPartOf\":{\"@id\":\"https:\/\/www.ogrodolszanica.pl\/#website\"},\"primaryImageOfPage\":{\"@id\":\"https:\/\/www.ogrodolszanica.pl\/index.php\/produkt\/floks-szydlasty-bavaria\/#primaryimage\"},\"datePublished\":\"2026-02-27T20:22:48+00:00\",\"dateModified\":\"2026-03-04T20:57:32+00:00\",\"breadcrumb\":{\"@id\":\"https:\/\/www.ogrodolszanica.pl\/index.php\/produkt\/floks-szydlasty-bavaria\/#breadcrumb\"},\"inLanguage\":\"pl-PL\",\"potentialAction\":[{\"@type\":\"ReadAction\",\"target\":[\"https:\/\/www.ogrodolszanica.pl\/index.php\/produkt\/floks-szydlasty-bavaria\/\"]}]},{\"@type\":\"BreadcrumbList\",\"@id\":\"https:\/\/www.ogrodolszanica.pl\/index.php\/produkt\/floks-szydlasty-bavaria\/#breadcrumb\",\"itemListElement\":[{\"@type\":\"ListItem\",\"position\":1,\"name\":\"Strona g\u0142\u00f3wna\",\"item\":\"https:\/\/www.ogrodolszanica.pl\/\"},{\"@type\":\"ListItem\",\"position\":2,\"name\":\"Produkty\",\"item\":\"https:\/\/www.ogrodolszanica.pl\/index.php\/shop\/\"},{\"@type\":\"ListItem\",\"position\":3,\"name\":\"Floks szydlasty Bavaria\"}]}]}<\/script>\n<!-- \/ Yoast SEO plugin. -->","yoast_head_json":{"title":"Floks szydlasty Bavaria - Ogr&oacute;d Olszanica","robots":{"index":"index","follow":"follow","max-snippet":"max-snippet:-1","max-image-preview":"max-image-preview:large","max-video-preview":"max-video-preview:-1"},"canonical":"https:\/\/www.ogrodolszanica.pl\/index.php\/produkt\/floks-szydlasty-bavaria\/","og_locale":"pl_PL","og_type":"article","og_title":"Floks szydlasty Bavaria - Ogr&oacute;d Olszanica","og_description":"Floks szydlasty Bavaria Phlox subulata Pi\u0119kna odmiana floksa szydlastego o kwiatach barwy kremowej z wyra\u017anymi, ciemno niebieskimi oczkami, kt\u00f3re pi\u0119knie podkre\u015blaj\u0105 urod\u0119 masowo wytwarzanych wiosn\u0105 kwiat\u00f3w. Obficie kwitnie w kwietniu i maju nabieraj\u0105c delikatnej, b\u0142\u0119kitnej barwy dzi\u0119ki niebieskim akcentom. Tworzy bardzo g\u0119ste poduchy osi\u0105gaj\u0105ce wysoko\u015b\u0107 do 10 cm i \u015brednic\u0119 oko\u0142o 60 cm. Wymagania floksa &hellip; Floks szydlasty Bavaria Read More &raquo;","og_url":"https:\/\/www.ogrodolszanica.pl\/index.php\/produkt\/floks-szydlasty-bavaria\/","og_site_name":"Ogr&oacute;d Olszanica","article_publisher":"https:\/\/www.facebook.com\/Ogrd-Olszanica-100807179225223","article_modified_time":"2026-03-04T20:57:32+00:00","og_image":[{"width":1928,"height":2560,"url":"https:\/\/www.ogrodolszanica.pl\/wp-content\/uploads\/2026\/02\/Floks-szydlasty-Bavaria-v2-scaled.jpg","type":"image\/jpeg"}],"author":"admin","twitter_card":"summary_large_image","twitter_misc":{"Szacowany czas czytania":"1 minuta"},"schema":{"@context":"https:\/\/schema.org","@graph":[{"@type":"Organization","@id":"https:\/\/www.ogrodolszanica.pl\/#organization","name":"Ogr\u00f3d Olszanica - Krakowskie Centrum Ogrodnicze","url":"https:\/\/www.ogrodolszanica.pl\/","sameAs":["https:\/\/www.facebook.com\/Ogrd-Olszanica-100807179225223"],"logo":{"@type":"ImageObject","inLanguage":"pl-PL","@id":"https:\/\/www.ogrodolszanica.pl\/#\/schema\/logo\/image\/","url":"http:\/\/www.ogrodolszanica.pl\/wp-content\/uploads\/2022\/06\/Ogrod-Olszanica1-1.png","contentUrl":"http:\/\/www.ogrodolszanica.pl\/wp-content\/uploads\/2022\/06\/Ogrod-Olszanica1-1.png","width":180,"height":60,"caption":"Ogr\u00f3d Olszanica - Krakowskie Centrum Ogrodnicze"},"image":{"@id":"https:\/\/www.ogrodolszanica.pl\/#\/schema\/logo\/image\/"}},{"@type":"WebSite","@id":"https:\/\/www.ogrodolszanica.pl\/#website","url":"https:\/\/www.ogrodolszanica.pl\/","name":"Ogr&oacute;d Olszanica","description":"Centrum Ogrodnicze Krak&oacute;w","publisher":{"@id":"https:\/\/www.ogrodolszanica.pl\/#organization"},"potentialAction":[{"@type":"SearchAction","target":{"@type":"EntryPoint","urlTemplate":"https:\/\/www.ogrodolszanica.pl\/?s={search_term_string}"},"query-input":"required name=search_term_string"}],"inLanguage":"pl-PL"},{"@type":"ImageObject","inLanguage":"pl-PL","@id":"https:\/\/www.ogrodolszanica.pl\/index.php\/produkt\/floks-szydlasty-bavaria\/#primaryimage","url":"https:\/\/i0.wp.com\/www.ogrodolszanica.pl\/wp-content\/uploads\/2026\/02\/Floks-szydlasty-Bavaria-v2-scaled.jpg?fit=1928%2C2560&ssl=1","contentUrl":"https:\/\/i0.wp.com\/www.ogrodolszanica.pl\/wp-content\/uploads\/2026\/02\/Floks-szydlasty-Bavaria-v2-scaled.jpg?fit=1928%2C2560&ssl=1","width":1928,"height":2560},{"@type":"WebPage","@id":"https:\/\/www.ogrodolszanica.pl\/index.php\/produkt\/floks-szydlasty-bavaria\/#webpage","url":"https:\/\/www.ogrodolszanica.pl\/index.php\/produkt\/floks-szydlasty-bavaria\/","name":"Floks szydlasty Bavaria - Ogr&oacute;d Olszanica","isPartOf":{"@id":"https:\/\/www.ogrodolszanica.pl\/#website"},"primaryImageOfPage":{"@id":"https:\/\/www.ogrodolszanica.pl\/index.php\/produkt\/floks-szydlasty-bavaria\/#primaryimage"},"datePublished":"2026-02-27T20:22:48+00:00","dateModified":"2026-03-04T20:57:32+00:00","breadcrumb":{"@id":"https:\/\/www.ogrodolszanica.pl\/index.php\/produkt\/floks-szydlasty-bavaria\/#breadcrumb"},"inLanguage":"pl-PL","potentialAction":[{"@type":"ReadAction","target":["https:\/\/www.ogrodolszanica.pl\/index.php\/produkt\/floks-szydlasty-bavaria\/"]}]},{"@type":"BreadcrumbList","@id":"https:\/\/www.ogrodolszanica.pl\/index.php\/produkt\/floks-szydlasty-bavaria\/#breadcrumb","itemListElement":[{"@type":"ListItem","position":1,"name":"Strona g\u0142\u00f3wna","item":"https:\/\/www.ogrodolszanica.pl\/"},{"@type":"ListItem","position":2,"name":"Produkty","item":"https:\/\/www.ogrodolszanica.pl\/index.php\/shop\/"},{"@type":"ListItem","position":3,"name":"Floks szydlasty Bavaria"}]}]}},"jetpack-related-posts":[{"id":2384,"url":"https:\/\/www.ogrodolszanica.pl\/index.php\/produkt\/floks-benita\/","url_meta":{"origin":3504,"position":0},"title":"Floks szydlasty Benita","date":"21 lipca, 2023","format":false,"excerpt":"Floks szydlasty Benita Phlox subulata Floks szydlasty 'Benita' (Phlox subulata)\u00a0to niska, p\u0142o\u017c\u0105ca bylina, kt\u00f3ra tworzy g\u0119ste, zimozielone kobierce pokryte wiosn\u0105 morzem kwiat\u00f3w w intensywnym r\u00f3\u017cowofioletowym kolorze. Dorasta do oko\u0142o 10\u201315 cm wysoko\u015bci, a dzi\u0119ki zwartemu wzrostowi szybko pokrywa rabaty, skalniaki, murki i skarpy. Kwitnie obficie w kwietniu i maju, zamieniaj\u0105c\u2026","rel":"","context":"Similar post","img":{"alt_text":"","src":"https:\/\/i0.wp.com\/www.ogrodolszanica.pl\/wp-content\/uploads\/2023\/07\/Floks-szydlasty-Benita-v5-scaled.jpg?fit=904%2C1200&ssl=1&resize=350%2C200","width":350,"height":200},"classes":[]},{"id":2911,"url":"https:\/\/www.ogrodolszanica.pl\/index.php\/produkt\/floks-scarlet-flame\/","url_meta":{"origin":3504,"position":1},"title":"Floks Scarlet Flame","date":"18 wrze\u015bnia, 2024","format":false,"excerpt":"Floks Scarlet Flame Floks szydlasty nale\u017cy do bylin tworz\u0105cych barwne kobierce. Odpowiedni do nasadze\u0144 w ogr\u00f3dkach skalnych, na niskie obw\u00f3dki lub do kompozycji w pojemnikach. Ro\u015blina wymaga dobrego drena\u017cu, toleruje susz\u0119. Kwiaty s\u0105 jasne lub ciemno-szkar\u0142atne z ciemnym oczkiem w zale\u017cno\u015bci od fazy kwitnienia. Po 3-4 latach wczesn\u0105 wiosn\u0105 k\u0119p\u0119\u2026","rel":"","context":"Similar post","img":{"alt_text":"","src":"https:\/\/i0.wp.com\/www.ogrodolszanica.pl\/wp-content\/uploads\/2024\/09\/phlox-scarlet-flame_1.jpg?fit=650%2C434&ssl=1&resize=350%2C200","width":350,"height":200},"classes":[]},{"id":2483,"url":"https:\/\/www.ogrodolszanica.pl\/index.php\/produkt\/floks-flame-pink\/","url_meta":{"origin":3504,"position":2},"title":"Floks Flame Pink","date":"28 sierpnia, 2023","format":false,"excerpt":"Floks wiechowaty Flame Pink Phlox panniculata Flame\u2019 jest jedn\u0105 z najni\u017cszych serii floksa wiechowategona rynku. Odmiany z tej serii maja wy\u017csz\u0105 tolerancj\u0119 na m\u0105czniaka. 'Flame PINK\u2019 to odmiana o pachn\u0105cych, r\u00f3\u017cowych kwiatach, osadzonych na sztywnych p\u0119dach. Po przekwitni\u0119ciu kwiaty nale\u017cy usuwa\u0107 aby wyd\u0142u\u017cy\u0107 okres kwitnienia. Preferuje stanowiska s\u0142oneczne o przepuszczalnej,\u2026","rel":"","context":"Similar post","img":{"alt_text":"","src":"https:\/\/i0.wp.com\/www.ogrodolszanica.pl\/wp-content\/uploads\/2023\/08\/Floks-Flame-Pink-v9-scaled.jpg?fit=904%2C1200&ssl=1&resize=350%2C200","width":350,"height":200},"classes":[]},{"id":3489,"url":"https:\/\/www.ogrodolszanica.pl\/index.php\/produkt\/floks-blue-boy-niebiesko-fioletowe\/","url_meta":{"origin":3504,"position":3},"title":"Floks Blue Boy niebiesko-fioletowe","date":"24 lutego, 2026","format":false,"excerpt":"Floks wiechowaty Blue Boy Phlox paniculata 'Blue Boy' to zjawiskowo pi\u0119kna odmiana floksa wiechowatego, kt\u00f3ra zachwyca nietuzinkow\u0105, niebiesko-fioletow\u0105 kolorystyk\u0105 kwiat\u00f3w oraz spektakularnym kwitnieniem. Pocz\u0105tkowo tworzy zwarte k\u0119pki d\u0142ugich, ciemnozielonych, lancetowatych li\u015bci, a w czasie kwitnienia osi\u0105ga oko\u0142o 80-100 cm wysoko\u015bci. Floks wiechowaty 'Blue Boy' kwitnie bardzo obficie od lipca do\u2026","rel":"","context":"Similar post","img":{"alt_text":"","src":"https:\/\/i0.wp.com\/www.ogrodolszanica.pl\/wp-content\/uploads\/2026\/02\/Floks-Blue-Boy-niebiesko-fioletowe-v1-scaled.jpg?fit=904%2C1200&ssl=1&resize=350%2C200","width":350,"height":200},"classes":[]},{"id":2203,"url":"https:\/\/www.ogrodolszanica.pl\/index.php\/produkt\/phlox-spring-dark-pink\/","url_meta":{"origin":3504,"position":4},"title":"Floks Spring Dark Pink","date":"22 maja, 2023","format":false,"excerpt":"Phlox Spring Dark Pink Rodzaj: Floks szydlasty Barwa: Czarnor\u00f3\u017cowy szeroko\u015b\u0107: 40 cm wysoko\u015b\u0107: 10\u00a0cm wysoko\u015b\u0107 (kwitnienie): 15\u00a0cm kwitnienie: maj \u00f7 czerwiec stanowisko: s\u0142oneczne Dobierz odpowiednie pod\u0142o\u017ce z wybranych produkt\u00f3w w naszym sklepie: Pod\u0142o\u017ca \u00a0 \u00a0","rel":"","context":"Similar post","img":{"alt_text":"","src":"https:\/\/i0.wp.com\/www.ogrodolszanica.pl\/wp-content\/uploads\/2023\/05\/phlox-spring-dark-pink_76338_1.jpg?fit=650%2C650&ssl=1&resize=350%2C200","width":350,"height":200},"classes":[]},{"id":3485,"url":"https:\/\/www.ogrodolszanica.pl\/index.php\/produkt\/floks-tenor\/","url_meta":{"origin":3504,"position":5},"title":"Floks Tenor","date":"24 lutego, 2026","format":false,"excerpt":"Floks wiechowaty 'Tenor' Phlox paniculata Zjawiskowa odmiana floksa o intensywnie r\u00f3\u017cowo-czerwonych kwiatach. Niezwykle urokliwa bylina dorasta do oko\u0142o 60\u201380 cm wysoko\u015bci. Floks wiechowaty 'Tenor' ma sztywne, wzniesione p\u0119dy, na kt\u00f3rych osadzone s\u0105 pod\u0142u\u017cne, lancetowate li\u015bcie. Atrakcyjne kwiaty o okr\u0105g\u0142ym zarysie pojawiaj\u0105 si\u0119 na szczytach \u0142odyg i rosn\u0105 w g\u0119stych baldachogronach.\u2026","rel":"","context":"Similar post","img":{"alt_text":"","src":"https:\/\/i0.wp.com\/www.ogrodolszanica.pl\/wp-content\/uploads\/2026\/02\/Floks-Tenor-v5-scaled.jpg?fit=904%2C1200&ssl=1&resize=350%2C200","width":350,"height":200},"classes":[]}],"_links":{"self":[{"href":"https:\/\/www.ogrodolszanica.pl\/index.php\/wp-json\/wp\/v2\/product\/3504","targetHints":{"allow":["GET"]}}],"collection":[{"href":"https:\/\/www.ogrodolszanica.pl\/index.php\/wp-json\/wp\/v2\/product"}],"about":[{"href":"https:\/\/www.ogrodolszanica.pl\/index.php\/wp-json\/wp\/v2\/types\/product"}],"replies":[{"embeddable":true,"href":"https:\/\/www.ogrodolszanica.pl\/index.php\/wp-json\/wp\/v2\/comments?post=3504"}],"wp:featuredmedia":[{"embeddable":true,"href":"https:\/\/www.ogrodolszanica.pl\/index.php\/wp-json\/wp\/v2\/media\/3506"}],"wp:attachment":[{"href":"https:\/\/www.ogrodolszanica.pl\/index.php\/wp-json\/wp\/v2\/media?parent=3504"}],"wp:term":[{"taxonomy":"product_cat","embeddable":true,"href":"https:\/\/www.ogrodolszanica.pl\/index.php\/wp-json\/wp\/v2\/product_cat?post=3504"},{"taxonomy":"product_tag","embeddable":true,"href":"https:\/\/www.ogrodolszanica.pl\/index.php\/wp-json\/wp\/v2\/product_tag?post=3504"}],"curies":[{"name":"wp","href":"https:\/\/api.w.org\/{rel}","templated":true}]}}