{"id":3415,"date":"2026-02-24T12:20:48","date_gmt":"2026-02-24T12:20:48","guid":{"rendered":"https:\/\/www.ogrodolszanica.pl\/?post_type=product&#038;p=3415"},"modified":"2026-03-19T19:54:27","modified_gmt":"2026-03-19T19:54:27","slug":"bodziszek-white","status":"publish","type":"product","link":"https:\/\/www.ogrodolszanica.pl\/index.php\/produkt\/bodziszek-white\/","title":{"rendered":"Bodziszek White"},"content":{"rendered":"<div class=\"mpof_ki myre_zn myre_8v_l m389_6m_l\">\n<div class=\"mp4t_16_s mryx_16_s mr3m_1 mli2_1 mh85_56 mh85_0_l\">\n<div class=\"mgn2_16 _0d3bd_am0a-\">\n<div class=\"mpof_ki myre_zn myre_8v_l m389_6m_l\">\n<div class=\"mp4t_16_s mryx_16_s mr3m_1 mli2_1 mh85_56 mh85_0_l\">\n<div class=\"mgn2_16 _0d3bd_am0a-\">\n<h1>Bodziszek White bia\u0142y Geranium sanguineum Album<\/h1>\n<p>Bodziszek bia\u0142y to odmiana bodziszka czerwonego o bia\u0142ych, miseczkowatych kwiatach. Ulistnienie ozdobne, ciemnozielone, wycinane. Odmiana ta wyrasta do 50 cm, jest ro\u015blin\u0105 silnie rosn\u0105c\u0105, kt\u00f3r\u0105 mo\u017cna przycina\u0107 o dowolnej porze, przez co lepiej i bujniej b\u0119dzie ros\u0142a. Kwitnienie trwa od czerwca do lipca. Ro\u015blina wydaje w\u00f3wczas bia\u0142e, r\u00f3\u017cyczkowate kwiaty kt\u00f3re obsypuj\u0105 ca\u0142e krzaki. Kwitnienie jest intensywne i d\u0142ugie.<\/p>\n<ul>\n<li>Rodzaj:\u00a0<b>bodziszek<\/b><\/li>\n<li>Stanowisko:\u00a0<b>p\u00f3\u0142cieniste, cieniste<\/b><\/li>\n<li>Podlewanie:\u00a0<b>umiarkowane<\/b><\/li>\n<li>Barwa kwiatu:\u00a0<b>bia\u0142e<\/b><\/li>\n<li>Barwa li\u015bci:\u00a0<b>zielone<\/b><\/li>\n<li>Szeroko\u015b\u0107 \u2b05\ufe0f\u27a1\ufe0f:\u00a0<b>25-45 cm<\/b><\/li>\n<li>Wysoko\u015b\u0107 kwitnienia \u2b06\ufe0f:\u00a0<b>40-70 cm<\/b><\/li>\n<li>Okres kwitnienia \u27a1\ufe0f\u2b05\ufe0f:\u00a0<b>czerwiec \u00f7 sierpie\u0144<\/b><\/li>\n<li>Mrozoodporno\u015b\u0107:\u00a0<b>tak<\/b><\/li>\n<li>Ro\u015blina wieloletnia:\u00a0<b>tak<\/b><\/li>\n<\/ul>\n<\/div>\n<\/div>\n<div class=\"mp4t_16_s mryx_16_s mr3m_1 mli2_1 mh85_56 mh85_0_l\">\n<div class=\"mg9e_8 mj7a_8 mg9e_0_s mvrt_0_s mj7a_0_s mh36_0_s mzmg_6m munh_16_l m3h2_16_l\">\n<div class=\"mp4t_0 mryx_0 munh_56 m3h2_56\">\n<div class=\"mp7g_oh\"><button class=\"mg9e_0 mvrt_0 mj7a_0 mh36_0 mp4t_0 m3h2_0 mryx_0 munh_0 mqen_m6 mpof_z0 mx7m_0 m7er_k4 mse2_k4 msts_pt\" data-analytics-interaction=\"true\" data-analytics-interaction-label=\"zoomable-image-open\" aria-disabled=\"true\"><img decoding=\"async\" class=\"msub_k4 mupj_5k mjru_k4 mse2_k4 mp7g_f6 mq1m_0 mj7u_0 m7er_k4 mqen_m6 m31c_d8 m0ux_fp lazyloaded\" src=\"https:\/\/a.allegroimg.com\/original\/1157a6\/d5a33de8411aa17b24852d32057b\/Bodziszek-White-biale-kwiaty-duza-sadzonka-do-cienia\" sizes=\"(min-width: 1200px) 560px, (min-width: 992px) 50vw, 100vw\" srcset=\"https:\/\/a.allegroimg.com\/s360\/1157a6\/d5a33de8411aa17b24852d32057b\/Bodziszek-White-biale-kwiaty-duza-sadzonka-do-cienia 274w,https:\/\/a.allegroimg.com\/s720\/1157a6\/d5a33de8411aa17b24852d32057b\/Bodziszek-White-biale-kwiaty-duza-sadzonka-do-cienia 548w,https:\/\/a.allegroimg.com\/s1024\/1157a6\/d5a33de8411aa17b24852d32057b\/Bodziszek-White-biale-kwiaty-duza-sadzonka-do-cienia 650w,https:\/\/a.allegroimg.com\/original\/1157a6\/d5a33de8411aa17b24852d32057b\/Bodziszek-White-biale-kwiaty-duza-sadzonka-do-cienia 650w\" alt=\"Bodziszek White bia\u0142e kwiaty du\u017ca sadzonka do cienia\" width=\"650px\" data-srcset=\"\" \/><\/button><\/div>\n<\/div>\n<\/div>\n<\/div>\n<\/div>\n<div class=\"mpof_ki myre_zn myre_8v_l m389_6m_l\">\n<div class=\"mp4t_16_s mryx_16_s mr3m_1 mli2_1 mh85_56 mh85_0_l\">\n<div class=\"mgn2_16 _0d3bd_am0a-\">\n<h1>Uwaga \u2757\u2757\u2757<\/h1>\n<p><b>Jedno zdj\u0119cie przedstawia ro\u015blin\u0119 w pe\u0142ni rozwini\u0119t\u0105, a drugie sadzonk\u0119 kt\u00f3ra jest w sprzeda\u017cy.<\/b><\/p>\n<p><b>Jednak \u017ce s\u0105 to \u017cywe ro\u015bliny i z tygodnia na tydzie\u0144 zmieniaj\u0105 sw\u00f3j wygl\u0105d. Mog\u0105 by\u0107 przyci\u0119te, a w okresie kwitnienia mog\u0105 by\u0107 wi\u0119ksze oraz z kwiatami.<\/b><\/p>\n<\/div>\n<\/div>\n<\/div>\n<div class=\"mpof_ki myre_zn myre_8v_l m389_6m_l\">\n<div class=\"mp4t_16_s mryx_16_s mr3m_1 mli2_1 mh85_56 mh85_0_l\">\n<div class=\"mg9e_8 mj7a_8 mg9e_0_s mvrt_0_s mj7a_0_s mh36_0_s mzmg_6m munh_16_l m3h2_16_l\">\n<div class=\"mp4t_0 mryx_0 munh_56 m3h2_56\">\n<div class=\"mp7g_oh\"><button class=\"mg9e_0 mvrt_0 mj7a_0 mh36_0 mp4t_0 m3h2_0 mryx_0 munh_0 mqen_m6 mpof_z0 mx7m_0 m7er_k4 mse2_k4 msts_pt\" data-analytics-interaction=\"true\" data-analytics-interaction-label=\"zoomable-image-open\" aria-disabled=\"true\"><img decoding=\"async\" class=\"msub_k4 mupj_5k mjru_k4 mse2_k4 mp7g_f6 mq1m_0 mj7u_0 m7er_k4 mqen_m6 m31c_d8 m0ux_fp lazyloaded\" src=\"https:\/\/a.allegroimg.com\/original\/119e3f\/0e66bb7e4e9592d440fe24672a1a\/Bodziszek-White-biale-kwiaty-duza-sadzonka-do-cienia-Kolor-kwiatow-bialy\" sizes=\"(min-width: 1200px) 560px, (min-width: 992px) 50vw, 100vw\" srcset=\"https:\/\/a.allegroimg.com\/s360\/119e3f\/0e66bb7e4e9592d440fe24672a1a\/Bodziszek-White-biale-kwiaty-duza-sadzonka-do-cienia-Kolor-kwiatow-bialy 270w,https:\/\/a.allegroimg.com\/s720\/119e3f\/0e66bb7e4e9592d440fe24672a1a\/Bodziszek-White-biale-kwiaty-duza-sadzonka-do-cienia-Kolor-kwiatow-bialy 541w,https:\/\/a.allegroimg.com\/s1024\/119e3f\/0e66bb7e4e9592d440fe24672a1a\/Bodziszek-White-biale-kwiaty-duza-sadzonka-do-cienia-Kolor-kwiatow-bialy 770w,https:\/\/a.allegroimg.com\/s1440\/119e3f\/0e66bb7e4e9592d440fe24672a1a\/Bodziszek-White-biale-kwiaty-duza-sadzonka-do-cienia-Kolor-kwiatow-bialy 1083w,https:\/\/a.allegroimg.com\/original\/119e3f\/0e66bb7e4e9592d440fe24672a1a\/Bodziszek-White-biale-kwiaty-duza-sadzonka-do-cienia-Kolor-kwiatow-bialy 1927w\" alt=\"Bodziszek White bia\u0142e kwiaty du\u017ca sadzonka do cienia Kolor kwiat\u00f3w bia\u0142y\" width=\"1927px\" data-srcset=\"\" \/><\/button><\/div>\n<\/div>\n<\/div>\n<\/div>\n<div class=\"mp4t_16_s mryx_16_s mr3m_1 mli2_1 mh85_56 mh85_0_l\">\n<div class=\"mg9e_8 mj7a_8 mg9e_0_s mvrt_0_s mj7a_0_s mh36_0_s mzmg_6m munh_16_l m3h2_16_l\">\n<div class=\"mp4t_0 mryx_0 munh_56 m3h2_56\">\n<div class=\"mp7g_oh\"><button class=\"mg9e_0 mvrt_0 mj7a_0 mh36_0 mp4t_0 m3h2_0 mryx_0 munh_0 mqen_m6 mpof_z0 mx7m_0 m7er_k4 mse2_k4 msts_pt\" data-analytics-interaction=\"true\" data-analytics-interaction-label=\"zoomable-image-open\" aria-disabled=\"true\"><img decoding=\"async\" class=\"msub_k4 mupj_5k mjru_k4 mse2_k4 mp7g_f6 mq1m_0 mj7u_0 m7er_k4 mqen_m6 m31c_d8 m0ux_fp lazyloaded\" src=\"https:\/\/a.allegroimg.com\/original\/11e972\/943a868641f6934b6642a1ca89de\/Bodziszek-White-biale-kwiaty-duza-sadzonka-do-cienia-Roslina-w-postaci-sadzonka-w-pojemniku-1-2l\" sizes=\"(min-width: 1200px) 560px, (min-width: 992px) 50vw, 100vw\" srcset=\"https:\/\/a.allegroimg.com\/s360\/11e972\/943a868641f6934b6642a1ca89de\/Bodziszek-White-biale-kwiaty-duza-sadzonka-do-cienia-Roslina-w-postaci-sadzonka-w-pojemniku-1-2l 270w,https:\/\/a.allegroimg.com\/s720\/11e972\/943a868641f6934b6642a1ca89de\/Bodziszek-White-biale-kwiaty-duza-sadzonka-do-cienia-Roslina-w-postaci-sadzonka-w-pojemniku-1-2l 541w,https:\/\/a.allegroimg.com\/s1024\/11e972\/943a868641f6934b6642a1ca89de\/Bodziszek-White-biale-kwiaty-duza-sadzonka-do-cienia-Roslina-w-postaci-sadzonka-w-pojemniku-1-2l 770w,https:\/\/a.allegroimg.com\/s1440\/11e972\/943a868641f6934b6642a1ca89de\/Bodziszek-White-biale-kwiaty-duza-sadzonka-do-cienia-Roslina-w-postaci-sadzonka-w-pojemniku-1-2l 1083w,https:\/\/a.allegroimg.com\/original\/11e972\/943a868641f6934b6642a1ca89de\/Bodziszek-White-biale-kwiaty-duza-sadzonka-do-cienia-Roslina-w-postaci-sadzonka-w-pojemniku-1-2l 1927w\" alt=\"Bodziszek White bia\u0142e kwiaty du\u017ca sadzonka do cienia Ro\u015blina w postaci sadzonka w pojemniku 1-2l\" width=\"1927px\" data-srcset=\"\" \/><\/button><\/div>\n<\/div>\n<\/div>\n<\/div>\n<\/div>\n<\/div>\n<\/div>\n<\/div>\n","protected":false},"excerpt":{"rendered":"<p>Bodziszek White bia\u0142y Geranium sanguineum Album Bodziszek bia\u0142y to odmiana bodziszka czerwonego o bia\u0142ych, miseczkowatych kwiatach. Ulistnienie ozdobne, ciemnozielone, wycinane. Odmiana ta wyrasta do 50 cm, jest ro\u015blin\u0105 silnie rosn\u0105c\u0105, kt\u00f3r\u0105 mo\u017cna przycina\u0107 o dowolnej porze, przez co lepiej i bujniej b\u0119dzie ros\u0142a. Kwitnienie trwa od czerwca do lipca. Ro\u015blina wydaje w\u00f3wczas bia\u0142e, r\u00f3\u017cyczkowate kwiaty &hellip;<\/p>\n<p class=\"read-more\"> <a class=\"\" href=\"https:\/\/www.ogrodolszanica.pl\/index.php\/produkt\/bodziszek-white\/\"> <span class=\"screen-reader-text\">Bodziszek White<\/span> Read More &raquo;<\/a><\/p>\n","protected":false},"featured_media":3416,"comment_status":"open","ping_status":"closed","template":"","meta":{"site-sidebar-layout":"default","site-content-layout":"default","ast-global-header-display":"","ast-main-header-display":"","ast-hfb-above-header-display":"","ast-hfb-below-header-display":"","ast-hfb-mobile-header-display":"","site-post-title":"","ast-breadcrumbs-content":"","ast-featured-img":"","footer-sml-layout":"","theme-transparent-header-meta":"default","adv-header-id-meta":"","stick-header-meta":"","header-above-stick-meta":"","header-main-stick-meta":"","header-below-stick-meta":"","spay_email":""},"product_cat":[56,29],"product_tag":[],"class_list":["post-3415","product","type-product","status-publish","has-post-thumbnail","hentry","product_cat-bodziszki","product_cat-byliny"],"yoast_head":"<!-- This site is optimized with the Yoast SEO plugin v19.2 - https:\/\/yoast.com\/wordpress\/plugins\/seo\/ -->\n<title>Bodziszek White - Ogr&oacute;d Olszanica<\/title>\n<meta name=\"robots\" content=\"index, follow, max-snippet:-1, max-image-preview:large, max-video-preview:-1\" \/>\n<link rel=\"canonical\" href=\"https:\/\/www.ogrodolszanica.pl\/index.php\/produkt\/bodziszek-white\/\" \/>\n<meta property=\"og:locale\" content=\"pl_PL\" \/>\n<meta property=\"og:type\" content=\"article\" \/>\n<meta property=\"og:title\" content=\"Bodziszek White - Ogr&oacute;d Olszanica\" \/>\n<meta property=\"og:description\" content=\"Bodziszek White bia\u0142y Geranium sanguineum Album Bodziszek bia\u0142y to odmiana bodziszka czerwonego o bia\u0142ych, miseczkowatych kwiatach. Ulistnienie ozdobne, ciemnozielone, wycinane. Odmiana ta wyrasta do 50 cm, jest ro\u015blin\u0105 silnie rosn\u0105c\u0105, kt\u00f3r\u0105 mo\u017cna przycina\u0107 o dowolnej porze, przez co lepiej i bujniej b\u0119dzie ros\u0142a. Kwitnienie trwa od czerwca do lipca. Ro\u015blina wydaje w\u00f3wczas bia\u0142e, r\u00f3\u017cyczkowate kwiaty &hellip; Bodziszek White Read More &raquo;\" \/>\n<meta property=\"og:url\" content=\"https:\/\/www.ogrodolszanica.pl\/index.php\/produkt\/bodziszek-white\/\" \/>\n<meta property=\"og:site_name\" content=\"Ogr&oacute;d Olszanica\" \/>\n<meta property=\"article:publisher\" content=\"https:\/\/www.facebook.com\/Ogrd-Olszanica-100807179225223\" \/>\n<meta property=\"article:modified_time\" content=\"2026-03-19T19:54:27+00:00\" \/>\n<meta property=\"og:image\" content=\"https:\/\/www.ogrodolszanica.pl\/wp-content\/uploads\/2026\/02\/Bodziszek-White-v1-scaled.jpg\" \/>\n\t<meta property=\"og:image:width\" content=\"1928\" \/>\n\t<meta property=\"og:image:height\" content=\"2560\" \/>\n\t<meta property=\"og:image:type\" content=\"image\/jpeg\" \/>\n<meta name=\"author\" content=\"admin\" \/>\n<meta name=\"twitter:card\" content=\"summary_large_image\" \/>\n<meta name=\"twitter:label1\" content=\"Szacowany czas czytania\" \/>\n\t<meta name=\"twitter:data1\" content=\"1 minuta\" \/>\n<script type=\"application\/ld+json\" class=\"yoast-schema-graph\">{\"@context\":\"https:\/\/schema.org\",\"@graph\":[{\"@type\":\"Organization\",\"@id\":\"https:\/\/www.ogrodolszanica.pl\/#organization\",\"name\":\"Ogr\u00f3d Olszanica - Krakowskie Centrum Ogrodnicze\",\"url\":\"https:\/\/www.ogrodolszanica.pl\/\",\"sameAs\":[\"https:\/\/www.facebook.com\/Ogrd-Olszanica-100807179225223\"],\"logo\":{\"@type\":\"ImageObject\",\"inLanguage\":\"pl-PL\",\"@id\":\"https:\/\/www.ogrodolszanica.pl\/#\/schema\/logo\/image\/\",\"url\":\"http:\/\/www.ogrodolszanica.pl\/wp-content\/uploads\/2022\/06\/Ogrod-Olszanica1-1.png\",\"contentUrl\":\"http:\/\/www.ogrodolszanica.pl\/wp-content\/uploads\/2022\/06\/Ogrod-Olszanica1-1.png\",\"width\":180,\"height\":60,\"caption\":\"Ogr\u00f3d Olszanica - Krakowskie Centrum Ogrodnicze\"},\"image\":{\"@id\":\"https:\/\/www.ogrodolszanica.pl\/#\/schema\/logo\/image\/\"}},{\"@type\":\"WebSite\",\"@id\":\"https:\/\/www.ogrodolszanica.pl\/#website\",\"url\":\"https:\/\/www.ogrodolszanica.pl\/\",\"name\":\"Ogr&oacute;d Olszanica\",\"description\":\"Centrum Ogrodnicze Krak&oacute;w\",\"publisher\":{\"@id\":\"https:\/\/www.ogrodolszanica.pl\/#organization\"},\"potentialAction\":[{\"@type\":\"SearchAction\",\"target\":{\"@type\":\"EntryPoint\",\"urlTemplate\":\"https:\/\/www.ogrodolszanica.pl\/?s={search_term_string}\"},\"query-input\":\"required name=search_term_string\"}],\"inLanguage\":\"pl-PL\"},{\"@type\":\"ImageObject\",\"inLanguage\":\"pl-PL\",\"@id\":\"https:\/\/www.ogrodolszanica.pl\/index.php\/produkt\/bodziszek-white\/#primaryimage\",\"url\":\"https:\/\/i0.wp.com\/www.ogrodolszanica.pl\/wp-content\/uploads\/2026\/02\/Bodziszek-White-v1-scaled.jpg?fit=1928%2C2560&ssl=1\",\"contentUrl\":\"https:\/\/i0.wp.com\/www.ogrodolszanica.pl\/wp-content\/uploads\/2026\/02\/Bodziszek-White-v1-scaled.jpg?fit=1928%2C2560&ssl=1\",\"width\":1928,\"height\":2560},{\"@type\":\"WebPage\",\"@id\":\"https:\/\/www.ogrodolszanica.pl\/index.php\/produkt\/bodziszek-white\/#webpage\",\"url\":\"https:\/\/www.ogrodolszanica.pl\/index.php\/produkt\/bodziszek-white\/\",\"name\":\"Bodziszek White - Ogr&oacute;d Olszanica\",\"isPartOf\":{\"@id\":\"https:\/\/www.ogrodolszanica.pl\/#website\"},\"primaryImageOfPage\":{\"@id\":\"https:\/\/www.ogrodolszanica.pl\/index.php\/produkt\/bodziszek-white\/#primaryimage\"},\"datePublished\":\"2026-02-24T12:20:48+00:00\",\"dateModified\":\"2026-03-19T19:54:27+00:00\",\"breadcrumb\":{\"@id\":\"https:\/\/www.ogrodolszanica.pl\/index.php\/produkt\/bodziszek-white\/#breadcrumb\"},\"inLanguage\":\"pl-PL\",\"potentialAction\":[{\"@type\":\"ReadAction\",\"target\":[\"https:\/\/www.ogrodolszanica.pl\/index.php\/produkt\/bodziszek-white\/\"]}]},{\"@type\":\"BreadcrumbList\",\"@id\":\"https:\/\/www.ogrodolszanica.pl\/index.php\/produkt\/bodziszek-white\/#breadcrumb\",\"itemListElement\":[{\"@type\":\"ListItem\",\"position\":1,\"name\":\"Strona g\u0142\u00f3wna\",\"item\":\"https:\/\/www.ogrodolszanica.pl\/\"},{\"@type\":\"ListItem\",\"position\":2,\"name\":\"Produkty\",\"item\":\"https:\/\/www.ogrodolszanica.pl\/index.php\/shop\/\"},{\"@type\":\"ListItem\",\"position\":3,\"name\":\"Bodziszek White\"}]}]}<\/script>\n<!-- \/ Yoast SEO plugin. -->","yoast_head_json":{"title":"Bodziszek White - Ogr&oacute;d Olszanica","robots":{"index":"index","follow":"follow","max-snippet":"max-snippet:-1","max-image-preview":"max-image-preview:large","max-video-preview":"max-video-preview:-1"},"canonical":"https:\/\/www.ogrodolszanica.pl\/index.php\/produkt\/bodziszek-white\/","og_locale":"pl_PL","og_type":"article","og_title":"Bodziszek White - Ogr&oacute;d Olszanica","og_description":"Bodziszek White bia\u0142y Geranium sanguineum Album Bodziszek bia\u0142y to odmiana bodziszka czerwonego o bia\u0142ych, miseczkowatych kwiatach. Ulistnienie ozdobne, ciemnozielone, wycinane. Odmiana ta wyrasta do 50 cm, jest ro\u015blin\u0105 silnie rosn\u0105c\u0105, kt\u00f3r\u0105 mo\u017cna przycina\u0107 o dowolnej porze, przez co lepiej i bujniej b\u0119dzie ros\u0142a. Kwitnienie trwa od czerwca do lipca. Ro\u015blina wydaje w\u00f3wczas bia\u0142e, r\u00f3\u017cyczkowate kwiaty &hellip; Bodziszek White Read More &raquo;","og_url":"https:\/\/www.ogrodolszanica.pl\/index.php\/produkt\/bodziszek-white\/","og_site_name":"Ogr&oacute;d Olszanica","article_publisher":"https:\/\/www.facebook.com\/Ogrd-Olszanica-100807179225223","article_modified_time":"2026-03-19T19:54:27+00:00","og_image":[{"width":1928,"height":2560,"url":"https:\/\/www.ogrodolszanica.pl\/wp-content\/uploads\/2026\/02\/Bodziszek-White-v1-scaled.jpg","type":"image\/jpeg"}],"author":"admin","twitter_card":"summary_large_image","twitter_misc":{"Szacowany czas czytania":"1 minuta"},"schema":{"@context":"https:\/\/schema.org","@graph":[{"@type":"Organization","@id":"https:\/\/www.ogrodolszanica.pl\/#organization","name":"Ogr\u00f3d Olszanica - Krakowskie Centrum Ogrodnicze","url":"https:\/\/www.ogrodolszanica.pl\/","sameAs":["https:\/\/www.facebook.com\/Ogrd-Olszanica-100807179225223"],"logo":{"@type":"ImageObject","inLanguage":"pl-PL","@id":"https:\/\/www.ogrodolszanica.pl\/#\/schema\/logo\/image\/","url":"http:\/\/www.ogrodolszanica.pl\/wp-content\/uploads\/2022\/06\/Ogrod-Olszanica1-1.png","contentUrl":"http:\/\/www.ogrodolszanica.pl\/wp-content\/uploads\/2022\/06\/Ogrod-Olszanica1-1.png","width":180,"height":60,"caption":"Ogr\u00f3d Olszanica - Krakowskie Centrum Ogrodnicze"},"image":{"@id":"https:\/\/www.ogrodolszanica.pl\/#\/schema\/logo\/image\/"}},{"@type":"WebSite","@id":"https:\/\/www.ogrodolszanica.pl\/#website","url":"https:\/\/www.ogrodolszanica.pl\/","name":"Ogr&oacute;d Olszanica","description":"Centrum Ogrodnicze Krak&oacute;w","publisher":{"@id":"https:\/\/www.ogrodolszanica.pl\/#organization"},"potentialAction":[{"@type":"SearchAction","target":{"@type":"EntryPoint","urlTemplate":"https:\/\/www.ogrodolszanica.pl\/?s={search_term_string}"},"query-input":"required name=search_term_string"}],"inLanguage":"pl-PL"},{"@type":"ImageObject","inLanguage":"pl-PL","@id":"https:\/\/www.ogrodolszanica.pl\/index.php\/produkt\/bodziszek-white\/#primaryimage","url":"https:\/\/i0.wp.com\/www.ogrodolszanica.pl\/wp-content\/uploads\/2026\/02\/Bodziszek-White-v1-scaled.jpg?fit=1928%2C2560&ssl=1","contentUrl":"https:\/\/i0.wp.com\/www.ogrodolszanica.pl\/wp-content\/uploads\/2026\/02\/Bodziszek-White-v1-scaled.jpg?fit=1928%2C2560&ssl=1","width":1928,"height":2560},{"@type":"WebPage","@id":"https:\/\/www.ogrodolszanica.pl\/index.php\/produkt\/bodziszek-white\/#webpage","url":"https:\/\/www.ogrodolszanica.pl\/index.php\/produkt\/bodziszek-white\/","name":"Bodziszek White - Ogr&oacute;d Olszanica","isPartOf":{"@id":"https:\/\/www.ogrodolszanica.pl\/#website"},"primaryImageOfPage":{"@id":"https:\/\/www.ogrodolszanica.pl\/index.php\/produkt\/bodziszek-white\/#primaryimage"},"datePublished":"2026-02-24T12:20:48+00:00","dateModified":"2026-03-19T19:54:27+00:00","breadcrumb":{"@id":"https:\/\/www.ogrodolszanica.pl\/index.php\/produkt\/bodziszek-white\/#breadcrumb"},"inLanguage":"pl-PL","potentialAction":[{"@type":"ReadAction","target":["https:\/\/www.ogrodolszanica.pl\/index.php\/produkt\/bodziszek-white\/"]}]},{"@type":"BreadcrumbList","@id":"https:\/\/www.ogrodolszanica.pl\/index.php\/produkt\/bodziszek-white\/#breadcrumb","itemListElement":[{"@type":"ListItem","position":1,"name":"Strona g\u0142\u00f3wna","item":"https:\/\/www.ogrodolszanica.pl\/"},{"@type":"ListItem","position":2,"name":"Produkty","item":"https:\/\/www.ogrodolszanica.pl\/index.php\/shop\/"},{"@type":"ListItem","position":3,"name":"Bodziszek White"}]}]}},"jetpack-related-posts":[{"id":2500,"url":"https:\/\/www.ogrodolszanica.pl\/index.php\/produkt\/bodziszek-biokovo\/","url_meta":{"origin":3415,"position":0},"title":"Bodziszek Biokovo","date":"28 sierpnia, 2023","format":false,"excerpt":"Bodziszek Biokovo Bodziszek w odmianie Biokovo wyr\u00f3\u017cnia si\u0119 d\u0142ugim i obfitym kwitnieniem. Jego li\u015bcie s\u0105 koloru ciemnozielonego. Tworzy szerok\u0105 i roz\u0142o\u017cyst\u0105 k\u0119p\u0119. Dorasta do 20 cm wysoko\u015bci. Kwitnienie zaczyna si\u0119 w czerwcu. Kwiaty s\u0105 koloru bia\u0142ego. Bodziszka cechuje du\u017ca odporno\u015b\u0107 na choroby grzybowe oraz dzia\u0142anie szkodnik\u00f3w. Bodziszek preferuje stanowiska s\u0142oneczne\u2026","rel":"","context":"Similar post","img":{"alt_text":"","src":"https:\/\/i0.wp.com\/www.ogrodolszanica.pl\/wp-content\/uploads\/2023\/08\/Bodziszek-Biokovo-v1-1-scaled.jpg?fit=904%2C1200&ssl=1&resize=350%2C200","width":350,"height":200},"classes":[]},{"id":1530,"url":"https:\/\/www.ogrodolszanica.pl\/index.php\/produkt\/geranium-rozanne\/","url_meta":{"origin":3415,"position":1},"title":"Bodziszek ROZANNE Gerwat Geranium","date":"8 lipca, 2022","format":false,"excerpt":"Bodziszek ROZANNE Gerwat Geranium Niezwyk\u0142a odmiana zachwycaj\u0105ca bardzo d\u0142ugim, niezwykle obfitym kwitnieniem. Opr\u00f3cz niezwyk\u0142ych walor\u00f3w dekoracyjnych posiada r\u00f3wnie\u017c niewielkie wymagania uprawowe. Bodziszek ROZANNE 'Gerwart' doskonale sprawdzi si\u0119 na lekko ocienionych rabatach, obw\u00f3dkach oraz jako ozdoba pojemnik\u00f3w i donic. Mo\u017ce by\u0107 r\u00f3wnie\u017c wykorzystany jako ro\u015blina okrywowa. Tworzy efektowne, g\u0119ste, roz\u0142o\u017cyste k\u0119py,\u2026","rel":"","context":"Similar post","img":{"alt_text":"","src":"https:\/\/i0.wp.com\/www.ogrodolszanica.pl\/wp-content\/uploads\/2022\/07\/Bodziszek-ROZANNE-Gerwat-Geranium-v2-scaled.jpg?fit=904%2C1200&ssl=1&resize=350%2C200","width":350,"height":200},"classes":[]},{"id":3304,"url":"https:\/\/www.ogrodolszanica.pl\/index.php\/produkt\/bodziszek-rose-clair\/","url_meta":{"origin":3415,"position":2},"title":"Bodziszek Rose Clair","date":"23 lutego, 2026","format":false,"excerpt":"Bodziszek oksfordzki Rose Clair\u00a0 Geranium oxonianum Bodziszek \"Rose Clair\" to odmiana szybko rosn\u0105cej ro\u015bliny wieloletniej kt\u00f3ra tworzy miododajne, aromatyczne, do\u015b\u0107 zwarte k\u0119pki dorastaj\u0105ce do 20-40 cm wysoko\u015bci. Li\u015bcie na d\u0142ugich ogonkach, powcinane, zielone. Kwitnie od czerwca do wrze\u015bnia. Kwiaty r\u00f3\u017cowe z wyra\u017anym, ciemniejszym \u017cy\u0142kowaniem, wyrastaj\u0105ce na d\u0142ugich szypu\u0142kach. Bodziszek oksfordzki\u2026","rel":"","context":"Similar post","img":{"alt_text":"","src":"https:\/\/i0.wp.com\/www.ogrodolszanica.pl\/wp-content\/uploads\/2026\/02\/Bodziszek-Rose-Clair-v5-scaled.jpg?fit=904%2C1200&ssl=1&resize=350%2C200","width":350,"height":200},"classes":[]},{"id":2051,"url":"https:\/\/www.ogrodolszanica.pl\/index.php\/produkt\/bodziszek-czakor\/","url_meta":{"origin":3415,"position":3},"title":"Bodziszek Czakor","date":"15 marca, 2023","format":false,"excerpt":"Bodziszek korzeniasty Czakor Bylina nale\u017c\u0105ca do rodziny bodziszkowate. Naturalnie spotka\u0107 go mo\u017cna \u00a0w Europie, centralnej Azji oraz zachodnich Chinach gdzie porasta \u0142\u0105ki, zaro\u015bla, rowy i brzegi dr\u00f3g. Tworzy ma\u0142e, g\u0119ste krzaczki wysoko\u015bci oko\u0142o 30 cm i szeroko\u015bci do 60 cm. \u0141odygi p\u0142o\u017c\u0105ce, drewniej\u0105ce. Kwiaty odmiany \"Czakor\" maj\u0105 kolor purpurowo-r\u00f3\u017cowy i\u2026","rel":"","context":"Similar post","img":{"alt_text":"","src":"https:\/\/i0.wp.com\/www.ogrodolszanica.pl\/wp-content\/uploads\/2023\/03\/Bodziszek-Czakor-scaled.jpg?fit=904%2C1200&ssl=1&resize=350%2C200","width":350,"height":200},"classes":[]},{"id":2487,"url":"https:\/\/www.ogrodolszanica.pl\/index.php\/produkt\/bodziszek-sanguineum-ssp-striatum\/","url_meta":{"origin":3415,"position":4},"title":"Bodziszek sanguineum ssp. striatum","date":"28 sierpnia, 2023","format":false,"excerpt":"Bodziszek sanguineum ssp. striatum rodzaj: Bodziszek barwa: Jasnor\u00f3\u017cowa szeroko\u015b\u0107: 30\u00a0cm wysoko\u015b\u0107: 15\u00a0cm wysoko\u015b\u0107 (kwitnienie): 20\u00a0cm kwitnienie: czerwiec \u00f7 sierpie\u0144 stanowisko: s\u0142oneczne, p\u00f3\u0142cieniste Dobierz odpowiednie pod\u0142o\u017ce z wybranych produkt\u00f3w w naszym sklepie: Pod\u0142o\u017ca","rel":"","context":"Similar post","img":{"alt_text":"","src":"https:\/\/i0.wp.com\/www.ogrodolszanica.pl\/wp-content\/uploads\/2023\/08\/byliny-i-trawy_sanguineum_71105_4.jpg?fit=650%2C434&ssl=1&resize=350%2C200","width":350,"height":200},"classes":[]},{"id":1466,"url":"https:\/\/www.ogrodolszanica.pl\/index.php\/produkt\/phlox-flame-white\/","url_meta":{"origin":3415,"position":5},"title":"Floks Flame White","date":"7 lipca, 2022","format":false,"excerpt":"Floks wiechowaty FLAME White Eye Floks 'White Eye' to urocza, kompaktowa odmiana nale\u017c\u0105ca do serii 'FLAME'. Ro\u015blina czaruje swym d\u0142ugim, obfitym, niezwykle widowiskowym kwitnieniem. \u015aliczne, du\u017ce kwiaty w \u015bnie\u017cnobia\u0142ym kolorze zdobione s\u0105 dodatkowo r\u00f3\u017cowym, wyrazistym oczkiem. Kwiatostany urzekaj\u0105 nie tylko sw\u0105 subteln\u0105 urod\u0105, ale tak\u017ce uwodzicielskim, s\u0142odkim zapachem, kt\u00f3ry wabi\u2026","rel":"","context":"Similar post","img":{"alt_text":"","src":"https:\/\/i0.wp.com\/www.ogrodolszanica.pl\/wp-content\/uploads\/2022\/07\/Floks-Flame-White-v2-scaled.jpg?fit=904%2C1200&ssl=1&resize=350%2C200","width":350,"height":200},"classes":[]}],"_links":{"self":[{"href":"https:\/\/www.ogrodolszanica.pl\/index.php\/wp-json\/wp\/v2\/product\/3415","targetHints":{"allow":["GET"]}}],"collection":[{"href":"https:\/\/www.ogrodolszanica.pl\/index.php\/wp-json\/wp\/v2\/product"}],"about":[{"href":"https:\/\/www.ogrodolszanica.pl\/index.php\/wp-json\/wp\/v2\/types\/product"}],"replies":[{"embeddable":true,"href":"https:\/\/www.ogrodolszanica.pl\/index.php\/wp-json\/wp\/v2\/comments?post=3415"}],"wp:featuredmedia":[{"embeddable":true,"href":"https:\/\/www.ogrodolszanica.pl\/index.php\/wp-json\/wp\/v2\/media\/3416"}],"wp:attachment":[{"href":"https:\/\/www.ogrodolszanica.pl\/index.php\/wp-json\/wp\/v2\/media?parent=3415"}],"wp:term":[{"taxonomy":"product_cat","embeddable":true,"href":"https:\/\/www.ogrodolszanica.pl\/index.php\/wp-json\/wp\/v2\/product_cat?post=3415"},{"taxonomy":"product_tag","embeddable":true,"href":"https:\/\/www.ogrodolszanica.pl\/index.php\/wp-json\/wp\/v2\/product_tag?post=3415"}],"curies":[{"name":"wp","href":"https:\/\/api.w.org\/{rel}","templated":true}]}}