{"id":3411,"date":"2026-02-24T12:18:23","date_gmt":"2026-02-24T12:18:23","guid":{"rendered":"https:\/\/www.ogrodolszanica.pl\/?post_type=product&#038;p=3411"},"modified":"2026-03-04T20:59:15","modified_gmt":"2026-03-04T20:59:15","slug":"szalwia-salute-white","status":"publish","type":"product","link":"https:\/\/www.ogrodolszanica.pl\/index.php\/produkt\/szalwia-salute-white\/","title":{"rendered":"Sza\u0142wia Salute White"},"content":{"rendered":"<div class=\"mpof_ki myre_zn myre_8v_l m389_6m_l\">\n<div class=\"mp4t_16_s mryx_16_s mr3m_1 mli2_1 mh85_56 mh85_0_l\">\n<div class=\"mgn2_16 _0d3bd_am0a-\">\n<h1>Sza\u0142wia omszona Sensation Medium White Salvia nemorosa<\/h1>\n<p>\u2018Medium White\u2019 tak jak inne odmiany nale\u017c\u0105ce do serii \u2018Sensation\u2019 wyr\u00f3\u017cnia si\u0119 zwartym, kompaktowym, pokrojem oraz du\u017cymi, mocnymi kwiatostanami o pi\u0119knym ubarwieniu. Bylina wytwarza liczne, wzniesione p\u0119dy, na kt\u00f3rych osadzone s\u0105 jajowato-pod\u0142ugowate, pomarszczone li\u015bcie. Osi\u0105ga wysoko\u015b\u0107 oko\u0142o 30-40 cm. Sza\u0142wia omszona Sensation \u2018Medium White\u2019 zachwyca widowiskowym, d\u0142ugim i niezwykle intensywnym kwitnieniem. Urocze, \u015bnie\u017cnobia\u0142e kwiaty zebrane s\u0105 w efektowne k\u0142osy, kt\u00f3re doskonale prezentuj\u0105 si\u0119 na tle szaro-zielonych li\u015bci. Okres kwitnienia trwa od czerwca do pa\u017adziernika. Wzniesione, eleganckie kwiatostany przyci\u0105gaj\u0105 mn\u00f3stwo pszcz\u00f3\u0142 i motyli. Sza\u0142wia omszona ceniona jest za niezawodno\u015b\u0107 kwitnienia, ma\u0142e wymagania oraz du\u017c\u0105 odporno\u015b\u0107. Lubi stanowiska ciep\u0142e, s\u0142oneczne i os\u0142oni\u0119te przed wiatrem. Najlepiej ro\u015bnie na glebach suchych lub umiarkowanie wilgotnych, \u017cyznych, przepuszczalnych. Usuwanie przekwitni\u0119tych kwiatostan\u00f3w pobudza ro\u015blin\u0119 do dalszego kwitnienia. Jest to gatunek w pe\u0142ni mrozoodporny.<\/p>\n<ul>\n<li>Rodzaj:\u00a0<b>sza\u0142wia<\/b><\/li>\n<li>Stanowisko:\u00a0<b>s\u0142oneczne<\/b>\u00a0\u2600\ufe0f<\/li>\n<li>Podlewanie:\u00a0<b>przeci\u0119tne<\/b><\/li>\n<li>Barwa kwiatu:\u00a0<b>bia\u0142y<\/b><\/li>\n<li>Barwa li\u015bci:\u00a0<b>zielone<\/b><\/li>\n<li>Szeroko\u015b\u0107 \u2b05\ufe0f\u27a1\ufe0f:\u00a0<b>30-40 cm<\/b><\/li>\n<li>Wysoko\u015b\u0107 kwitnienia \u2b06\ufe0f:\u00a0<b>30-40 cm<\/b><\/li>\n<li>Okres kwitnienia \u27a1\ufe0f\u2b05\ufe0f:\u00a0<b>czerwiec \u00f7 wrzesie\u0144<\/b><\/li>\n<li>Mrozoodporno\u015b\u0107:\u00a0<b>tak<\/b><\/li>\n<li>Ro\u015blina wieloletnia:\u00a0<b>tak<\/b><\/li>\n<\/ul>\n<\/div>\n<\/div>\n<div class=\"mp4t_16_s mryx_16_s mr3m_1 mli2_1 mh85_56 mh85_0_l\">\n<div class=\"mg9e_8 mj7a_8 mg9e_0_s mvrt_0_s mj7a_0_s mh36_0_s mzmg_6m munh_16_l m3h2_16_l\">\n<div class=\"mp4t_0 mryx_0 munh_56 m3h2_56\">\n<div class=\"mp7g_oh\"><button class=\"mg9e_0 mvrt_0 mj7a_0 mh36_0 mp4t_0 m3h2_0 mryx_0 munh_0 mqen_m6 mpof_z0 mx7m_0 m7er_k4 mse2_k4 msts_pt\" data-analytics-interaction=\"true\" data-analytics-interaction-label=\"zoomable-image-open\" aria-disabled=\"true\"><img decoding=\"async\" class=\"msub_k4 mupj_5k mjru_k4 mse2_k4 mp7g_f6 mq1m_0 mj7u_0 m7er_k4 mqen_m6 m31c_d8 m0ux_fp lazyloaded\" src=\"https:\/\/a.allegroimg.com\/original\/116613\/53b754f94b1a84c20688fe5c0ba8\/Szalwia-Salute-White-biala-biale-kwiaty-duza-sadzonka-aromatyczna-Producent-nieznany-producent\" sizes=\"(min-width: 1200px) 560px, (min-width: 992px) 50vw, 100vw\" srcset=\"https:\/\/a.allegroimg.com\/s360\/116613\/53b754f94b1a84c20688fe5c0ba8\/Szalwia-Salute-White-biala-biale-kwiaty-duza-sadzonka-aromatyczna-Producent-nieznany-producent 360w,https:\/\/a.allegroimg.com\/s720\/116613\/53b754f94b1a84c20688fe5c0ba8\/Szalwia-Salute-White-biala-biale-kwiaty-duza-sadzonka-aromatyczna-Producent-nieznany-producent 720w,https:\/\/a.allegroimg.com\/s1024\/116613\/53b754f94b1a84c20688fe5c0ba8\/Szalwia-Salute-White-biala-biale-kwiaty-duza-sadzonka-aromatyczna-Producent-nieznany-producent 900w,https:\/\/a.allegroimg.com\/original\/116613\/53b754f94b1a84c20688fe5c0ba8\/Szalwia-Salute-White-biala-biale-kwiaty-duza-sadzonka-aromatyczna-Producent-nieznany-producent 900w\" alt=\"Sza\u0142wia Salute White bia\u0142a bia\u0142e kwiaty du\u017ca sadzonka aromatyczna Producent nieznany producent\" width=\"900px\" data-srcset=\"\" \/><\/button><\/div>\n<\/div>\n<\/div>\n<\/div>\n<\/div>\n<div class=\"mpof_ki myre_zn myre_8v_l m389_6m_l\">\n<div class=\"mp4t_16_s mryx_16_s mr3m_1 mli2_1 mh85_56 mh85_0_l\">\n<div class=\"mgn2_16 _0d3bd_am0a-\">\n<h1>Uwaga \u2757\u2757\u2757<\/h1>\n<p><b>Jedno zdj\u0119cie przedstawia ro\u015blin\u0119 w pe\u0142ni rozwini\u0119t\u0105, a drugie sadzonk\u0119 kt\u00f3ra jest w sprzeda\u017cy.<\/b><\/p>\n<p><b>Jednak \u017ce s\u0105 to \u017cywe ro\u015bliny i z tygodnia na tydzie\u0144 zmieniaj\u0105 sw\u00f3j wygl\u0105d. Mog\u0105 by\u0107 przyci\u0119te, a w okresie kwitnienia mog\u0105 by\u0107 wi\u0119ksze oraz z kwiatami.<\/b><\/p>\n<\/div>\n<\/div>\n<\/div>\n<div class=\"mpof_ki myre_zn myre_8v_l m389_6m_l\">\n<div class=\"mp4t_16_s mryx_16_s mr3m_1 mli2_1 mh85_56 mh85_0_l\">\n<div class=\"mg9e_8 mj7a_8 mg9e_0_s mvrt_0_s mj7a_0_s mh36_0_s mzmg_6m munh_16_l m3h2_16_l\">\n<div class=\"mp4t_0 mryx_0 munh_56 m3h2_56\">\n<div class=\"mp7g_oh\"><button class=\"mg9e_0 mvrt_0 mj7a_0 mh36_0 mp4t_0 m3h2_0 mryx_0 munh_0 mqen_m6 mpof_z0 mx7m_0 m7er_k4 mse2_k4 msts_pt\" data-analytics-interaction=\"true\" data-analytics-interaction-label=\"zoomable-image-open\" aria-disabled=\"true\"><img decoding=\"async\" class=\"msub_k4 mupj_5k mjru_k4 mse2_k4 mp7g_f6 mq1m_0 mj7u_0 m7er_k4 mqen_m6 m31c_d8 m0ux_fp lazyloaded\" src=\"https:\/\/a.allegroimg.com\/original\/111acc\/a3fdc73041e796e03b5d63c6c898\/Szalwia-Salute-White-biala-biale-kwiaty-duza-sadzonka-aromatyczna-Rodzaj-rosliny-Inny\" sizes=\"(min-width: 1200px) 560px, (min-width: 992px) 50vw, 100vw\" srcset=\"https:\/\/a.allegroimg.com\/s360\/111acc\/a3fdc73041e796e03b5d63c6c898\/Szalwia-Salute-White-biala-biale-kwiaty-duza-sadzonka-aromatyczna-Rodzaj-rosliny-Inny 271w,https:\/\/a.allegroimg.com\/s720\/111acc\/a3fdc73041e796e03b5d63c6c898\/Szalwia-Salute-White-biala-biale-kwiaty-duza-sadzonka-aromatyczna-Rodzaj-rosliny-Inny 542w,https:\/\/a.allegroimg.com\/s1024\/111acc\/a3fdc73041e796e03b5d63c6c898\/Szalwia-Salute-White-biala-biale-kwiaty-duza-sadzonka-aromatyczna-Rodzaj-rosliny-Inny 771w,https:\/\/a.allegroimg.com\/s1440\/111acc\/a3fdc73041e796e03b5d63c6c898\/Szalwia-Salute-White-biala-biale-kwiaty-duza-sadzonka-aromatyczna-Rodzaj-rosliny-Inny 1084w,https:\/\/a.allegroimg.com\/original\/111acc\/a3fdc73041e796e03b5d63c6c898\/Szalwia-Salute-White-biala-biale-kwiaty-duza-sadzonka-aromatyczna-Rodzaj-rosliny-Inny 1542w\" alt=\"Sza\u0142wia Salute White bia\u0142a bia\u0142e kwiaty du\u017ca sadzonka aromatyczna Rodzaj ro\u015bliny Inny\" width=\"1542px\" data-srcset=\"\" \/><\/button><\/div>\n<\/div>\n<\/div>\n<\/div>\n<div class=\"mp4t_16_s mryx_16_s mr3m_1 mli2_1 mh85_56 mh85_0_l\">\n<div class=\"mg9e_8 mj7a_8 mg9e_0_s mvrt_0_s mj7a_0_s mh36_0_s mzmg_6m munh_16_l m3h2_16_l\">\n<div class=\"mp4t_0 mryx_0 munh_56 m3h2_56\">\n<div class=\"mp7g_oh\"><button class=\"mg9e_0 mvrt_0 mj7a_0 mh36_0 mp4t_0 m3h2_0 mryx_0 munh_0 mqen_m6 mpof_z0 mx7m_0 m7er_k4 mse2_k4 msts_pt\" data-analytics-interaction=\"true\" data-analytics-interaction-label=\"zoomable-image-open\" aria-disabled=\"true\"><img decoding=\"async\" class=\"msub_k4 mupj_5k mjru_k4 mse2_k4 mp7g_f6 mq1m_0 mj7u_0 m7er_k4 mqen_m6 m31c_d8 m0ux_fp lazyloaded\" src=\"https:\/\/a.allegroimg.com\/original\/118ef5\/70b16d44406c970a6ddca2e68cf5\/Szalwia-Salute-White-biala-biale-kwiaty-duza-sadzonka-aromatyczna-Roslina-w-postaci-sadzonka-w-pojemniku-1-2l\" sizes=\"(min-width: 1200px) 560px, (min-width: 992px) 50vw, 100vw\" srcset=\"https:\/\/a.allegroimg.com\/s360\/118ef5\/70b16d44406c970a6ddca2e68cf5\/Szalwia-Salute-White-biala-biale-kwiaty-duza-sadzonka-aromatyczna-Roslina-w-postaci-sadzonka-w-pojemniku-1-2l 270w,https:\/\/a.allegroimg.com\/s720\/118ef5\/70b16d44406c970a6ddca2e68cf5\/Szalwia-Salute-White-biala-biale-kwiaty-duza-sadzonka-aromatyczna-Roslina-w-postaci-sadzonka-w-pojemniku-1-2l 541w,https:\/\/a.allegroimg.com\/s1024\/118ef5\/70b16d44406c970a6ddca2e68cf5\/Szalwia-Salute-White-biala-biale-kwiaty-duza-sadzonka-aromatyczna-Roslina-w-postaci-sadzonka-w-pojemniku-1-2l 770w,https:\/\/a.allegroimg.com\/s1440\/118ef5\/70b16d44406c970a6ddca2e68cf5\/Szalwia-Salute-White-biala-biale-kwiaty-duza-sadzonka-aromatyczna-Roslina-w-postaci-sadzonka-w-pojemniku-1-2l 1083w,https:\/\/a.allegroimg.com\/original\/118ef5\/70b16d44406c970a6ddca2e68cf5\/Szalwia-Salute-White-biala-biale-kwiaty-duza-sadzonka-aromatyczna-Roslina-w-postaci-sadzonka-w-pojemniku-1-2l 1927w\" alt=\"Sza\u0142wia Salute White bia\u0142a bia\u0142e kwiaty du\u017ca sadzonka aromatyczna Ro\u015blina w postaci sadzonka w pojemniku 1-2l\" width=\"1927px\" data-srcset=\"\" \/><\/button><\/div>\n<\/div>\n<\/div>\n<\/div>\n<\/div>\n","protected":false},"excerpt":{"rendered":"<p>Sza\u0142wia omszona Sensation Medium White Salvia nemorosa \u2018Medium White\u2019 tak jak inne odmiany nale\u017c\u0105ce do serii \u2018Sensation\u2019 wyr\u00f3\u017cnia si\u0119 zwartym, kompaktowym, pokrojem oraz du\u017cymi, mocnymi kwiatostanami o pi\u0119knym ubarwieniu. Bylina wytwarza liczne, wzniesione p\u0119dy, na kt\u00f3rych osadzone s\u0105 jajowato-pod\u0142ugowate, pomarszczone li\u015bcie. Osi\u0105ga wysoko\u015b\u0107 oko\u0142o 30-40 cm. Sza\u0142wia omszona Sensation \u2018Medium White\u2019 zachwyca widowiskowym, d\u0142ugim i &hellip;<\/p>\n<p class=\"read-more\"> <a class=\"\" href=\"https:\/\/www.ogrodolszanica.pl\/index.php\/produkt\/szalwia-salute-white\/\"> <span class=\"screen-reader-text\">Sza\u0142wia Salute White<\/span> Read More &raquo;<\/a><\/p>\n","protected":false},"featured_media":3414,"comment_status":"open","ping_status":"closed","template":"","meta":{"site-sidebar-layout":"default","site-content-layout":"default","ast-global-header-display":"","ast-main-header-display":"","ast-hfb-above-header-display":"","ast-hfb-below-header-display":"","ast-hfb-mobile-header-display":"","site-post-title":"","ast-breadcrumbs-content":"","ast-featured-img":"","footer-sml-layout":"","theme-transparent-header-meta":"default","adv-header-id-meta":"","stick-header-meta":"","header-above-stick-meta":"","header-main-stick-meta":"","header-below-stick-meta":"","spay_email":""},"product_cat":[29,90],"product_tag":[],"class_list":["post-3411","product","type-product","status-publish","has-post-thumbnail","hentry","product_cat-byliny","product_cat-szalwie"],"yoast_head":"<!-- This site is optimized with the Yoast SEO plugin v19.2 - https:\/\/yoast.com\/wordpress\/plugins\/seo\/ -->\n<title>Sza\u0142wia Salute White - Ogr&oacute;d Olszanica<\/title>\n<meta name=\"robots\" content=\"index, follow, max-snippet:-1, max-image-preview:large, max-video-preview:-1\" \/>\n<link rel=\"canonical\" href=\"https:\/\/www.ogrodolszanica.pl\/index.php\/produkt\/szalwia-salute-white\/\" \/>\n<meta property=\"og:locale\" content=\"pl_PL\" \/>\n<meta property=\"og:type\" content=\"article\" \/>\n<meta property=\"og:title\" content=\"Sza\u0142wia Salute White - Ogr&oacute;d Olszanica\" \/>\n<meta property=\"og:description\" content=\"Sza\u0142wia omszona Sensation Medium White Salvia nemorosa \u2018Medium White\u2019 tak jak inne odmiany nale\u017c\u0105ce do serii \u2018Sensation\u2019 wyr\u00f3\u017cnia si\u0119 zwartym, kompaktowym, pokrojem oraz du\u017cymi, mocnymi kwiatostanami o pi\u0119knym ubarwieniu. Bylina wytwarza liczne, wzniesione p\u0119dy, na kt\u00f3rych osadzone s\u0105 jajowato-pod\u0142ugowate, pomarszczone li\u015bcie. Osi\u0105ga wysoko\u015b\u0107 oko\u0142o 30-40 cm. Sza\u0142wia omszona Sensation \u2018Medium White\u2019 zachwyca widowiskowym, d\u0142ugim i &hellip; Sza\u0142wia Salute White Read More &raquo;\" \/>\n<meta property=\"og:url\" content=\"https:\/\/www.ogrodolszanica.pl\/index.php\/produkt\/szalwia-salute-white\/\" \/>\n<meta property=\"og:site_name\" content=\"Ogr&oacute;d Olszanica\" \/>\n<meta property=\"article:publisher\" content=\"https:\/\/www.facebook.com\/Ogrd-Olszanica-100807179225223\" \/>\n<meta property=\"article:modified_time\" content=\"2026-03-04T20:59:15+00:00\" \/>\n<meta property=\"og:image\" content=\"https:\/\/www.ogrodolszanica.pl\/wp-content\/uploads\/2026\/02\/Szalwia-Salute-White-scaled.jpg\" \/>\n\t<meta property=\"og:image:width\" content=\"1928\" \/>\n\t<meta property=\"og:image:height\" content=\"2560\" \/>\n\t<meta property=\"og:image:type\" content=\"image\/jpeg\" \/>\n<meta name=\"author\" content=\"admin\" \/>\n<meta name=\"twitter:card\" content=\"summary_large_image\" \/>\n<meta name=\"twitter:label1\" content=\"Szacowany czas czytania\" \/>\n\t<meta name=\"twitter:data1\" content=\"1 minuta\" \/>\n<script type=\"application\/ld+json\" class=\"yoast-schema-graph\">{\"@context\":\"https:\/\/schema.org\",\"@graph\":[{\"@type\":\"Organization\",\"@id\":\"https:\/\/www.ogrodolszanica.pl\/#organization\",\"name\":\"Ogr\u00f3d Olszanica - Krakowskie Centrum Ogrodnicze\",\"url\":\"https:\/\/www.ogrodolszanica.pl\/\",\"sameAs\":[\"https:\/\/www.facebook.com\/Ogrd-Olszanica-100807179225223\"],\"logo\":{\"@type\":\"ImageObject\",\"inLanguage\":\"pl-PL\",\"@id\":\"https:\/\/www.ogrodolszanica.pl\/#\/schema\/logo\/image\/\",\"url\":\"http:\/\/www.ogrodolszanica.pl\/wp-content\/uploads\/2022\/06\/Ogrod-Olszanica1-1.png\",\"contentUrl\":\"http:\/\/www.ogrodolszanica.pl\/wp-content\/uploads\/2022\/06\/Ogrod-Olszanica1-1.png\",\"width\":180,\"height\":60,\"caption\":\"Ogr\u00f3d Olszanica - Krakowskie Centrum Ogrodnicze\"},\"image\":{\"@id\":\"https:\/\/www.ogrodolszanica.pl\/#\/schema\/logo\/image\/\"}},{\"@type\":\"WebSite\",\"@id\":\"https:\/\/www.ogrodolszanica.pl\/#website\",\"url\":\"https:\/\/www.ogrodolszanica.pl\/\",\"name\":\"Ogr&oacute;d Olszanica\",\"description\":\"Centrum Ogrodnicze Krak&oacute;w\",\"publisher\":{\"@id\":\"https:\/\/www.ogrodolszanica.pl\/#organization\"},\"potentialAction\":[{\"@type\":\"SearchAction\",\"target\":{\"@type\":\"EntryPoint\",\"urlTemplate\":\"https:\/\/www.ogrodolszanica.pl\/?s={search_term_string}\"},\"query-input\":\"required name=search_term_string\"}],\"inLanguage\":\"pl-PL\"},{\"@type\":\"ImageObject\",\"inLanguage\":\"pl-PL\",\"@id\":\"https:\/\/www.ogrodolszanica.pl\/index.php\/produkt\/szalwia-salute-white\/#primaryimage\",\"url\":\"https:\/\/i0.wp.com\/www.ogrodolszanica.pl\/wp-content\/uploads\/2026\/02\/Szalwia-Salute-White-scaled.jpg?fit=1928%2C2560&ssl=1\",\"contentUrl\":\"https:\/\/i0.wp.com\/www.ogrodolszanica.pl\/wp-content\/uploads\/2026\/02\/Szalwia-Salute-White-scaled.jpg?fit=1928%2C2560&ssl=1\",\"width\":1928,\"height\":2560},{\"@type\":\"WebPage\",\"@id\":\"https:\/\/www.ogrodolszanica.pl\/index.php\/produkt\/szalwia-salute-white\/#webpage\",\"url\":\"https:\/\/www.ogrodolszanica.pl\/index.php\/produkt\/szalwia-salute-white\/\",\"name\":\"Sza\u0142wia Salute White - Ogr&oacute;d Olszanica\",\"isPartOf\":{\"@id\":\"https:\/\/www.ogrodolszanica.pl\/#website\"},\"primaryImageOfPage\":{\"@id\":\"https:\/\/www.ogrodolszanica.pl\/index.php\/produkt\/szalwia-salute-white\/#primaryimage\"},\"datePublished\":\"2026-02-24T12:18:23+00:00\",\"dateModified\":\"2026-03-04T20:59:15+00:00\",\"breadcrumb\":{\"@id\":\"https:\/\/www.ogrodolszanica.pl\/index.php\/produkt\/szalwia-salute-white\/#breadcrumb\"},\"inLanguage\":\"pl-PL\",\"potentialAction\":[{\"@type\":\"ReadAction\",\"target\":[\"https:\/\/www.ogrodolszanica.pl\/index.php\/produkt\/szalwia-salute-white\/\"]}]},{\"@type\":\"BreadcrumbList\",\"@id\":\"https:\/\/www.ogrodolszanica.pl\/index.php\/produkt\/szalwia-salute-white\/#breadcrumb\",\"itemListElement\":[{\"@type\":\"ListItem\",\"position\":1,\"name\":\"Strona g\u0142\u00f3wna\",\"item\":\"https:\/\/www.ogrodolszanica.pl\/\"},{\"@type\":\"ListItem\",\"position\":2,\"name\":\"Produkty\",\"item\":\"https:\/\/www.ogrodolszanica.pl\/index.php\/shop\/\"},{\"@type\":\"ListItem\",\"position\":3,\"name\":\"Sza\u0142wia Salute White\"}]}]}<\/script>\n<!-- \/ Yoast SEO plugin. -->","yoast_head_json":{"title":"Sza\u0142wia Salute White - Ogr&oacute;d Olszanica","robots":{"index":"index","follow":"follow","max-snippet":"max-snippet:-1","max-image-preview":"max-image-preview:large","max-video-preview":"max-video-preview:-1"},"canonical":"https:\/\/www.ogrodolszanica.pl\/index.php\/produkt\/szalwia-salute-white\/","og_locale":"pl_PL","og_type":"article","og_title":"Sza\u0142wia Salute White - Ogr&oacute;d Olszanica","og_description":"Sza\u0142wia omszona Sensation Medium White Salvia nemorosa \u2018Medium White\u2019 tak jak inne odmiany nale\u017c\u0105ce do serii \u2018Sensation\u2019 wyr\u00f3\u017cnia si\u0119 zwartym, kompaktowym, pokrojem oraz du\u017cymi, mocnymi kwiatostanami o pi\u0119knym ubarwieniu. Bylina wytwarza liczne, wzniesione p\u0119dy, na kt\u00f3rych osadzone s\u0105 jajowato-pod\u0142ugowate, pomarszczone li\u015bcie. Osi\u0105ga wysoko\u015b\u0107 oko\u0142o 30-40 cm. Sza\u0142wia omszona Sensation \u2018Medium White\u2019 zachwyca widowiskowym, d\u0142ugim i &hellip; Sza\u0142wia Salute White Read More &raquo;","og_url":"https:\/\/www.ogrodolszanica.pl\/index.php\/produkt\/szalwia-salute-white\/","og_site_name":"Ogr&oacute;d Olszanica","article_publisher":"https:\/\/www.facebook.com\/Ogrd-Olszanica-100807179225223","article_modified_time":"2026-03-04T20:59:15+00:00","og_image":[{"width":1928,"height":2560,"url":"https:\/\/www.ogrodolszanica.pl\/wp-content\/uploads\/2026\/02\/Szalwia-Salute-White-scaled.jpg","type":"image\/jpeg"}],"author":"admin","twitter_card":"summary_large_image","twitter_misc":{"Szacowany czas czytania":"1 minuta"},"schema":{"@context":"https:\/\/schema.org","@graph":[{"@type":"Organization","@id":"https:\/\/www.ogrodolszanica.pl\/#organization","name":"Ogr\u00f3d Olszanica - Krakowskie Centrum Ogrodnicze","url":"https:\/\/www.ogrodolszanica.pl\/","sameAs":["https:\/\/www.facebook.com\/Ogrd-Olszanica-100807179225223"],"logo":{"@type":"ImageObject","inLanguage":"pl-PL","@id":"https:\/\/www.ogrodolszanica.pl\/#\/schema\/logo\/image\/","url":"http:\/\/www.ogrodolszanica.pl\/wp-content\/uploads\/2022\/06\/Ogrod-Olszanica1-1.png","contentUrl":"http:\/\/www.ogrodolszanica.pl\/wp-content\/uploads\/2022\/06\/Ogrod-Olszanica1-1.png","width":180,"height":60,"caption":"Ogr\u00f3d Olszanica - Krakowskie Centrum Ogrodnicze"},"image":{"@id":"https:\/\/www.ogrodolszanica.pl\/#\/schema\/logo\/image\/"}},{"@type":"WebSite","@id":"https:\/\/www.ogrodolszanica.pl\/#website","url":"https:\/\/www.ogrodolszanica.pl\/","name":"Ogr&oacute;d Olszanica","description":"Centrum Ogrodnicze Krak&oacute;w","publisher":{"@id":"https:\/\/www.ogrodolszanica.pl\/#organization"},"potentialAction":[{"@type":"SearchAction","target":{"@type":"EntryPoint","urlTemplate":"https:\/\/www.ogrodolszanica.pl\/?s={search_term_string}"},"query-input":"required name=search_term_string"}],"inLanguage":"pl-PL"},{"@type":"ImageObject","inLanguage":"pl-PL","@id":"https:\/\/www.ogrodolszanica.pl\/index.php\/produkt\/szalwia-salute-white\/#primaryimage","url":"https:\/\/i0.wp.com\/www.ogrodolszanica.pl\/wp-content\/uploads\/2026\/02\/Szalwia-Salute-White-scaled.jpg?fit=1928%2C2560&ssl=1","contentUrl":"https:\/\/i0.wp.com\/www.ogrodolszanica.pl\/wp-content\/uploads\/2026\/02\/Szalwia-Salute-White-scaled.jpg?fit=1928%2C2560&ssl=1","width":1928,"height":2560},{"@type":"WebPage","@id":"https:\/\/www.ogrodolszanica.pl\/index.php\/produkt\/szalwia-salute-white\/#webpage","url":"https:\/\/www.ogrodolszanica.pl\/index.php\/produkt\/szalwia-salute-white\/","name":"Sza\u0142wia Salute White - Ogr&oacute;d Olszanica","isPartOf":{"@id":"https:\/\/www.ogrodolszanica.pl\/#website"},"primaryImageOfPage":{"@id":"https:\/\/www.ogrodolszanica.pl\/index.php\/produkt\/szalwia-salute-white\/#primaryimage"},"datePublished":"2026-02-24T12:18:23+00:00","dateModified":"2026-03-04T20:59:15+00:00","breadcrumb":{"@id":"https:\/\/www.ogrodolszanica.pl\/index.php\/produkt\/szalwia-salute-white\/#breadcrumb"},"inLanguage":"pl-PL","potentialAction":[{"@type":"ReadAction","target":["https:\/\/www.ogrodolszanica.pl\/index.php\/produkt\/szalwia-salute-white\/"]}]},{"@type":"BreadcrumbList","@id":"https:\/\/www.ogrodolszanica.pl\/index.php\/produkt\/szalwia-salute-white\/#breadcrumb","itemListElement":[{"@type":"ListItem","position":1,"name":"Strona g\u0142\u00f3wna","item":"https:\/\/www.ogrodolszanica.pl\/"},{"@type":"ListItem","position":2,"name":"Produkty","item":"https:\/\/www.ogrodolszanica.pl\/index.php\/shop\/"},{"@type":"ListItem","position":3,"name":"Sza\u0142wia Salute White"}]}]}},"jetpack-related-posts":[{"id":2665,"url":"https:\/\/www.ogrodolszanica.pl\/index.php\/produkt\/szalwia-caradonna\/","url_meta":{"origin":3411,"position":0},"title":"Sza\u0142wia omszona Caradonna","date":"30 stycznia, 2024","format":false,"excerpt":"Sza\u0142wia omszona Caradonna Salvia nemorosa Sza\u0142wia omszona 'Caradonna' zachwyca swym widowiskowym, niezwykle, obfitym kwitnieniem. Ro\u015blina jest niewymagaj\u0105ca, \u0142atwa w uprawie, a jej cudowne, wyraziste, niebiesko-fioletowe kwiatostany mo\u017cemy podziwia\u0107 przez ca\u0142e lato. Bylina dorasta w trakcie kwitnienia do oko\u0142o 70 cm wysoko\u015bci. Posiada sztywne, wyprostowane, bardzo ciemne, niemal\u017ce czarne p\u0119dy, na\u2026","rel":"","context":"Similar post","img":{"alt_text":"","src":"https:\/\/i0.wp.com\/www.ogrodolszanica.pl\/wp-content\/uploads\/2024\/01\/Szalwia-omszona-Caradonna-v5-scaled.jpg?fit=904%2C1200&ssl=1&resize=350%2C200","width":350,"height":200},"classes":[]},{"id":1794,"url":"https:\/\/www.ogrodolszanica.pl\/index.php\/produkt\/szalwia-omszona-deep-blue\/","url_meta":{"origin":3411,"position":1},"title":"Sza\u0142wia Omszona Deep Blue","date":"19 lipca, 2022","format":false,"excerpt":"Sza\u0142wia Omszona Deep Blue Kwitnienie sza\u0142wii 'Deep Blue' to bardzo intensywne, magnetyzuj\u0105ce widowisko, kt\u00f3rym delektowa\u0107 si\u0119 mo\u017cna od czerwca a\u017c do wrze\u015bnia. Ro\u015blina przeobra\u017ca si\u0119 w\u00f3wczas w imponuj\u0105cy, misternie u\u0142o\u017cony bukiet, kt\u00f3ry zniewala obfito\u015bci\u0105 zjawiskowych, strzelistych, a\u017curowych kwiatostan\u00f3w. Efektowne, bardzo g\u0119ste k\u0142osy utkane s\u0105 z niezliczonej ilo\u015bci drobniusie\u0144kich, dwuwargowych, jedwabistych\u2026","rel":"","context":"Similar post","img":{"alt_text":"","src":"https:\/\/i0.wp.com\/www.ogrodolszanica.pl\/wp-content\/uploads\/2022\/07\/Szalwia-Omszona-Deep-Blue-scaled.jpg?fit=904%2C1200&ssl=1&resize=350%2C200","width":350,"height":200},"classes":[]},{"id":3898,"url":"https:\/\/www.ogrodolszanica.pl\/index.php\/produkt\/szalwia-omszona-midnight-purple\/","url_meta":{"origin":3411,"position":2},"title":"Sza\u0142wia omszona Midnight Purple","date":"2 marca, 2026","format":false,"excerpt":"Sza\u0142wia omszona Midnight Purple Salvia nemorosa Sza\u0142wia omszona Midnight Purple wyr\u00f3\u017cnia si\u0119 kompaktowym wzrostem oraz osza\u0142amiaj\u0105c\u0105, niezwykle intensywn\u0105, fioletowo-niebiesk\u0105 barw\u0105 kwiat\u00f3w. Maksymalnie osi\u0105ga oko\u0142o 30-35 cm wysoko\u015bci i podobnie rozrasta si\u0119 na szeroko\u015b\u0107. Tworzy g\u0119ste, zwarte, dobrze rozkrzewione k\u0119py jajowatych, pod\u0142u\u017cnych, szorstkich w dotyku li\u015bci o z\u0105bkowanych brzegach i pomarszczonej\u2026","rel":"","context":"Similar post","img":{"alt_text":"","src":"https:\/\/i0.wp.com\/www.ogrodolszanica.pl\/wp-content\/uploads\/2026\/03\/Szalwia-omszona-Midnight-Purple-v2-scaled.jpg?fit=904%2C1200&ssl=1&resize=350%2C200","width":350,"height":200},"classes":[]},{"id":2333,"url":"https:\/\/www.ogrodolszanica.pl\/index.php\/produkt\/szalwia-salute-ice-blue\/","url_meta":{"origin":3411,"position":3},"title":"Sza\u0142wia Salute Ice Blue","date":"21 lipca, 2023","format":false,"excerpt":"Sza\u0142wia omszona Salute Ice Blue Jest wieloletni\u0105 bylin\u0105 dorastaj\u0105c\u0105 do nieca\u0142ych 40 cm wysoko\u015bci wraz z kwiatostanami i podobnej \u015brednicy. Rozrasta si\u0119 bardzo szybko i ju\u017c w pierwszym roku po posadzeniu kwitnie obficie. Posiada ciemnozielone, lekko szorstkie w dotyku li\u015bcie, o lancetowatym kszta\u0142cie. Odmiana 'Salute Ice Blue' kwitnienie rozpoczyna w\u2026","rel":"","context":"Similar post","img":{"alt_text":"","src":"https:\/\/i0.wp.com\/www.ogrodolszanica.pl\/wp-content\/uploads\/2023\/07\/salvia-salute-ice-blue_2.jpg?fit=433%2C650&ssl=1&resize=350%2C200","width":350,"height":200},"classes":[]},{"id":2669,"url":"https:\/\/www.ogrodolszanica.pl\/index.php\/produkt\/szalwia-mainacht\/","url_meta":{"origin":3411,"position":4},"title":"Sza\u0142wia Mainacht","date":"30 stycznia, 2024","format":false,"excerpt":"Sza\u0142wia omszona Mainacht Sza\u0142wia omszona 'Mainacht' to niewybredna i wdzi\u0119czna w uprawie bylina, kt\u00f3ra zachwyca\u00a0wspania\u0142ymi k\u0142osami\u00a0zdobi\u0105cymi ro\u015blin\u0119\u00a0przez ca\u0142e lato. W pe\u0142ni sezonu ro\u015blina osi\u0105ga\u00a070 cm wysoko\u015bci.\u00a0Doskonale czuje si\u0119 sadzona\u00a0na rabatach, obw\u00f3dkach jak i w nasadzeniach pojemnikowych. W naszym ogrodzie ro\u015bnie w towarzystwie\u00a0krwawnik\u00f3w,\u00a0rudbekii\u00a0i\u00a0rozchodnik\u00f3w.\u00a0W czerwcu i lipcu\u00a0ponad ciemnozielonymi li\u015b\u0107mi ukazuj\u0105 si\u0119\u00a0liczne ciemnoniebieskie\u2026","rel":"","context":"Similar post","img":{"alt_text":"","src":"https:\/\/i0.wp.com\/www.ogrodolszanica.pl\/wp-content\/uploads\/2024\/01\/byliny-i-trawy_s-nemorosa_78207_1.jpg?fit=434%2C650&ssl=1&resize=350%2C200","width":350,"height":200},"classes":[]},{"id":3886,"url":"https:\/\/www.ogrodolszanica.pl\/index.php\/produkt\/szalwia-salute-light-pink\/","url_meta":{"origin":3411,"position":5},"title":"Sza\u0142wia Salute Light Pink","date":"2 marca, 2026","format":false,"excerpt":"Sza\u0142wia omszona Salute Light Pink Salvia nemorosa Sza\u0142wia 'Light Pink' nale\u017cy do serii 'Salute', kt\u00f3ra skupia odmiany o zwartym, kompaktowym pokroju oraz wczesnym, obfitym kwitnieniu. Bylina tworzy bujne, dobrze rozkrzewione k\u0119py, kt\u00f3re osi\u0105gaj\u0105 oko\u0142o 25-30 cm wysoko\u015bci. Wzniesione, sztywne, omszone p\u0119dy ozdobione s\u0105 aromatycznymi, pomarszczonymi, zielonymi li\u015b\u0107mi. Od maja do\u2026","rel":"","context":"Similar post","img":{"alt_text":"","src":"https:\/\/i0.wp.com\/www.ogrodolszanica.pl\/wp-content\/uploads\/2026\/03\/Szalwia-Salute-Light-Pink-v2-scaled.jpg?fit=904%2C1200&ssl=1&resize=350%2C200","width":350,"height":200},"classes":[]}],"_links":{"self":[{"href":"https:\/\/www.ogrodolszanica.pl\/index.php\/wp-json\/wp\/v2\/product\/3411","targetHints":{"allow":["GET"]}}],"collection":[{"href":"https:\/\/www.ogrodolszanica.pl\/index.php\/wp-json\/wp\/v2\/product"}],"about":[{"href":"https:\/\/www.ogrodolszanica.pl\/index.php\/wp-json\/wp\/v2\/types\/product"}],"replies":[{"embeddable":true,"href":"https:\/\/www.ogrodolszanica.pl\/index.php\/wp-json\/wp\/v2\/comments?post=3411"}],"wp:featuredmedia":[{"embeddable":true,"href":"https:\/\/www.ogrodolszanica.pl\/index.php\/wp-json\/wp\/v2\/media\/3414"}],"wp:attachment":[{"href":"https:\/\/www.ogrodolszanica.pl\/index.php\/wp-json\/wp\/v2\/media?parent=3411"}],"wp:term":[{"taxonomy":"product_cat","embeddable":true,"href":"https:\/\/www.ogrodolszanica.pl\/index.php\/wp-json\/wp\/v2\/product_cat?post=3411"},{"taxonomy":"product_tag","embeddable":true,"href":"https:\/\/www.ogrodolszanica.pl\/index.php\/wp-json\/wp\/v2\/product_tag?post=3411"}],"curies":[{"name":"wp","href":"https:\/\/api.w.org\/{rel}","templated":true}]}}