{"id":3359,"date":"2026-02-24T11:34:41","date_gmt":"2026-02-24T11:34:41","guid":{"rendered":"https:\/\/www.ogrodolszanica.pl\/?post_type=product&#038;p=3359"},"modified":"2026-03-07T19:12:39","modified_gmt":"2026-03-07T19:12:39","slug":"jezowka-pearl-deep-red","status":"publish","type":"product","link":"https:\/\/www.ogrodolszanica.pl\/index.php\/produkt\/jezowka-pearl-deep-red\/","title":{"rendered":"Je\u017c\u00f3wka Pearl Deep Red"},"content":{"rendered":"<div class=\"mpof_ki myre_zn myre_8v_l m389_6m_l\">\n<div class=\"mp4t_16_s mryx_16_s mr3m_1 mli2_1 mh85_56 mh85_0_l\">\n<div class=\"mgn2_16 _0d3bd_am0a-\">\n<h1>Je\u017c\u00f3wka Red Pearl Echinacea<\/h1>\n<p>Widowiskowa odmiana, kt\u00f3rej ozdob\u0105 s\u0105 urocze kwiaty, wyr\u00f3\u017cniaj\u0105ce si\u0119 intensywn\u0105, krwistoczerwon\u0105 barw\u0105. Je\u017c\u00f3wka 'Red Pearl&#8217; dorasta do oko\u0142o 40-50 cm wysoko\u015bci i 35 cm szeroko\u015bci. Ro\u015blina kwitnie obficie od lipca do pa\u017adziernika. W tym czasie na szczytach wyprostowanych, grubych \u0142odyg pojawiaj\u0105 si\u0119 cudowne kwiaty o efektownym, jaskrawym ubarwieniu. Wypuk\u0142y, kolczasty, ciemny \u015brodek kwiatu otaczaj\u0105 d\u0142ugie, szerokie p\u0142atki o mocnej, wyrazistej, czerwonej barwie. Odmiana o bardzo sztywnym, ulepszonym pokroju, kt\u00f3ra \u015bwietnie sprawdzi si\u0119 na ogrodowych rabatach oraz w kompozycjach pojemnikowych. Je\u017c\u00f3wka wymaga do\u015b\u0107 \u017cyznej, lekkiej gleby o umiarkowanej wilgotno\u015bci i s\u0142onecznego stanowiska. Jest w pe\u0142ni mrozoodporna i nie ma specjalnych wymaga\u0144, warto usuwa\u0107 przekwit\u0142e kwiaty co powoduje wyd\u0142u\u017cenie kwitnienia.<\/p>\n<ul>\n<li>Rodzaj:\u00a0<b>je\u017c\u00f3wka<\/b><\/li>\n<li>Stanowisko:\u00a0<b>s\u0142oneczne<\/b>\u00a0\u2600\ufe0f<\/li>\n<li>Podlewanie:\u00a0<b>przeci\u0119tne<\/b><\/li>\n<li>Barwa kwiatu:\u00a0<b>czerwona<\/b><\/li>\n<li>Barwa li\u015bci:\u00a0<b>zielone<\/b><\/li>\n<li>Szeroko\u015b\u0107 \u2b05\ufe0f\u27a1\ufe0f:\u00a0<b>30-40 cm<\/b><\/li>\n<li>Wysoko\u015b\u0107 kwitnienia \u2b06\ufe0f:\u00a0<b>40-60 cm<\/b><\/li>\n<li>Okres kwitnienia \u27a1\ufe0f\u2b05\ufe0f:\u00a0<b>lipiec \u00f7 pa\u017adziernik<\/b><\/li>\n<li>Mrozoodporno\u015b\u0107:\u00a0<b>tak<\/b><\/li>\n<li>Ro\u015blina wieloletnia:\u00a0<b>tak<\/b><\/li>\n<\/ul>\n<\/div>\n<\/div>\n<div class=\"mp4t_16_s mryx_16_s mr3m_1 mli2_1 mh85_56 mh85_0_l\">\n<div class=\"mg9e_8 mj7a_8 mg9e_0_s mvrt_0_s mj7a_0_s mh36_0_s mzmg_6m munh_16_l m3h2_16_l\">\n<div class=\"mp4t_0 mryx_0 munh_56 m3h2_56\">\n<div class=\"mp7g_oh\"><button class=\"mg9e_0 mvrt_0 mj7a_0 mh36_0 mp4t_0 m3h2_0 mryx_0 munh_0 mqen_m6 mpof_z0 mx7m_0 m7er_k4 mse2_k4 msts_pt\" data-analytics-interaction=\"true\" data-analytics-interaction-label=\"zoomable-image-open\" aria-disabled=\"true\"><img decoding=\"async\" class=\"msub_k4 mupj_5k mjru_k4 mse2_k4 mp7g_f6 mq1m_0 mj7u_0 m7er_k4 mqen_m6 m31c_d8 m0ux_fp lazyloaded\" src=\"https:\/\/a.allegroimg.com\/original\/11b192\/a0735b954c2da90ca81a062ded08\/Jezowka-Pearl-Deep-Red-czerwone-kwiaty-roslina-do-ogrodu-miododajna-Producent-nieznany-producent\" sizes=\"(min-width: 1200px) 560px, (min-width: 992px) 50vw, 100vw\" srcset=\"https:\/\/a.allegroimg.com\/s360\/11b192\/a0735b954c2da90ca81a062ded08\/Jezowka-Pearl-Deep-Red-czerwone-kwiaty-roslina-do-ogrodu-miododajna-Producent-nieznany-producent 270w,https:\/\/a.allegroimg.com\/s720\/11b192\/a0735b954c2da90ca81a062ded08\/Jezowka-Pearl-Deep-Red-czerwone-kwiaty-roslina-do-ogrodu-miododajna-Producent-nieznany-producent 541w,https:\/\/a.allegroimg.com\/s1024\/11b192\/a0735b954c2da90ca81a062ded08\/Jezowka-Pearl-Deep-Red-czerwone-kwiaty-roslina-do-ogrodu-miododajna-Producent-nieznany-producent 770w,https:\/\/a.allegroimg.com\/s1440\/11b192\/a0735b954c2da90ca81a062ded08\/Jezowka-Pearl-Deep-Red-czerwone-kwiaty-roslina-do-ogrodu-miododajna-Producent-nieznany-producent 1083w,https:\/\/a.allegroimg.com\/original\/11b192\/a0735b954c2da90ca81a062ded08\/Jezowka-Pearl-Deep-Red-czerwone-kwiaty-roslina-do-ogrodu-miododajna-Producent-nieznany-producent 1927w\" alt=\"Je\u017c\u00f3wka Pearl Deep Red czerwone kwiaty ro\u015blina do ogrodu miododajna Producent nieznany producent\" width=\"1927px\" data-srcset=\"\" \/><\/button><\/div>\n<\/div>\n<\/div>\n<\/div>\n<\/div>\n<div class=\"mpof_ki myre_zn myre_8v_l m389_6m_l\">\n<div class=\"mp4t_16_s mryx_16_s mr3m_1 mli2_1 mh85_56 mh85_0_l\">\n<div class=\"mgn2_16 _0d3bd_am0a-\">\n<h1>Uwaga \u2757\u2757\u2757<\/h1>\n<p><b>Jedno zdj\u0119cie przedstawia ro\u015blin\u0119 w pe\u0142ni rozwini\u0119t\u0105, a drugie sadzonk\u0119 kt\u00f3ra jest w sprzeda\u017cy.<\/b><\/p>\n<p><b>Jednak \u017ce s\u0105 to \u017cywe ro\u015bliny i z tygodnia na tydzie\u0144 zmieniaj\u0105 sw\u00f3j wygl\u0105d. Mog\u0105 by\u0107 przyci\u0119te, a w okresie kwitnienia mog\u0105 by\u0107 wi\u0119ksze oraz z kwiatami.<\/b><\/p>\n<\/div>\n<\/div>\n<\/div>\n<div class=\"mpof_ki myre_zn myre_8v_l m389_6m_l\">\n<div class=\"mp4t_16_s mryx_16_s mr3m_1 mli2_1 mh85_56 mh85_0_l\">\n<div class=\"mg9e_8 mj7a_8 mg9e_0_s mvrt_0_s mj7a_0_s mh36_0_s mzmg_6m munh_16_l m3h2_16_l\">\n<div class=\"mp4t_0 mryx_0 munh_56 m3h2_56\">\n<div class=\"mp7g_oh\"><button class=\"mg9e_0 mvrt_0 mj7a_0 mh36_0 mp4t_0 m3h2_0 mryx_0 munh_0 mqen_m6 mpof_z0 mx7m_0 m7er_k4 mse2_k4 msts_pt\" data-analytics-interaction=\"true\" data-analytics-interaction-label=\"zoomable-image-open\" aria-disabled=\"true\"><img decoding=\"async\" class=\"msub_k4 mupj_5k mjru_k4 mse2_k4 mp7g_f6 mq1m_0 mj7u_0 m7er_k4 mqen_m6 m31c_d8 m0ux_fp lazyloaded\" src=\"https:\/\/a.allegroimg.com\/original\/11e889\/6d95da774148ba0138b074ef8a0c\/Jezowka-Pearl-Deep-Red-czerwone-kwiaty-roslina-do-ogrodu-miododajna-Kolor-kwiatow-czerwony\" sizes=\"(min-width: 1200px) 560px, (min-width: 992px) 50vw, 100vw\" srcset=\"https:\/\/a.allegroimg.com\/s360\/11e889\/6d95da774148ba0138b074ef8a0c\/Jezowka-Pearl-Deep-Red-czerwone-kwiaty-roslina-do-ogrodu-miododajna-Kolor-kwiatow-czerwony 270w,https:\/\/a.allegroimg.com\/s720\/11e889\/6d95da774148ba0138b074ef8a0c\/Jezowka-Pearl-Deep-Red-czerwone-kwiaty-roslina-do-ogrodu-miododajna-Kolor-kwiatow-czerwony 541w,https:\/\/a.allegroimg.com\/s1024\/11e889\/6d95da774148ba0138b074ef8a0c\/Jezowka-Pearl-Deep-Red-czerwone-kwiaty-roslina-do-ogrodu-miododajna-Kolor-kwiatow-czerwony 770w,https:\/\/a.allegroimg.com\/s1440\/11e889\/6d95da774148ba0138b074ef8a0c\/Jezowka-Pearl-Deep-Red-czerwone-kwiaty-roslina-do-ogrodu-miododajna-Kolor-kwiatow-czerwony 1083w,https:\/\/a.allegroimg.com\/original\/11e889\/6d95da774148ba0138b074ef8a0c\/Jezowka-Pearl-Deep-Red-czerwone-kwiaty-roslina-do-ogrodu-miododajna-Kolor-kwiatow-czerwony 1927w\" alt=\"Je\u017c\u00f3wka Pearl Deep Red czerwone kwiaty ro\u015blina do ogrodu miododajna Kolor kwiat\u00f3w czerwony\" width=\"1927px\" data-srcset=\"\" \/><\/button><\/div>\n<\/div>\n<\/div>\n<\/div>\n<div class=\"mp4t_16_s mryx_16_s mr3m_1 mli2_1 mh85_56 mh85_0_l\">\n<div class=\"mg9e_8 mj7a_8 mg9e_0_s mvrt_0_s mj7a_0_s mh36_0_s mzmg_6m munh_16_l m3h2_16_l\">\n<div class=\"mp4t_0 mryx_0 munh_56 m3h2_56\">\n<div class=\"mp7g_oh\"><button class=\"mg9e_0 mvrt_0 mj7a_0 mh36_0 mp4t_0 m3h2_0 mryx_0 munh_0 mqen_m6 mpof_z0 mx7m_0 m7er_k4 mse2_k4 msts_pt\" data-analytics-interaction=\"true\" data-analytics-interaction-label=\"zoomable-image-open\" aria-disabled=\"true\"><img decoding=\"async\" class=\"msub_k4 mupj_5k mjru_k4 mse2_k4 mp7g_f6 mq1m_0 mj7u_0 m7er_k4 mqen_m6 m31c_d8 m0ux_fp lazyloaded\" src=\"https:\/\/a.allegroimg.com\/original\/1167f7\/38d2e43b4acebf37e0e02f573c19\/Jezowka-Pearl-Deep-Red-czerwone-kwiaty-roslina-do-ogrodu-miododajna-Rodzaj-rosliny-Inny\" sizes=\"(min-width: 1200px) 560px, (min-width: 992px) 50vw, 100vw\" srcset=\"https:\/\/a.allegroimg.com\/s360\/1167f7\/38d2e43b4acebf37e0e02f573c19\/Jezowka-Pearl-Deep-Red-czerwone-kwiaty-roslina-do-ogrodu-miododajna-Rodzaj-rosliny-Inny 270w,https:\/\/a.allegroimg.com\/s720\/1167f7\/38d2e43b4acebf37e0e02f573c19\/Jezowka-Pearl-Deep-Red-czerwone-kwiaty-roslina-do-ogrodu-miododajna-Rodzaj-rosliny-Inny 541w,https:\/\/a.allegroimg.com\/s1024\/1167f7\/38d2e43b4acebf37e0e02f573c19\/Jezowka-Pearl-Deep-Red-czerwone-kwiaty-roslina-do-ogrodu-miododajna-Rodzaj-rosliny-Inny 770w,https:\/\/a.allegroimg.com\/s1440\/1167f7\/38d2e43b4acebf37e0e02f573c19\/Jezowka-Pearl-Deep-Red-czerwone-kwiaty-roslina-do-ogrodu-miododajna-Rodzaj-rosliny-Inny 1083w,https:\/\/a.allegroimg.com\/original\/1167f7\/38d2e43b4acebf37e0e02f573c19\/Jezowka-Pearl-Deep-Red-czerwone-kwiaty-roslina-do-ogrodu-miododajna-Rodzaj-rosliny-Inny 1927w\" alt=\"Je\u017c\u00f3wka Pearl Deep Red czerwone kwiaty ro\u015blina do ogrodu miododajna Rodzaj ro\u015bliny Inny\" width=\"1927px\" data-srcset=\"\" \/><\/button><\/div>\n<\/div>\n<\/div>\n<\/div>\n<\/div>\n","protected":false},"excerpt":{"rendered":"<p>Je\u017c\u00f3wka Red Pearl Echinacea Widowiskowa odmiana, kt\u00f3rej ozdob\u0105 s\u0105 urocze kwiaty, wyr\u00f3\u017cniaj\u0105ce si\u0119 intensywn\u0105, krwistoczerwon\u0105 barw\u0105. Je\u017c\u00f3wka 'Red Pearl&#8217; dorasta do oko\u0142o 40-50 cm wysoko\u015bci i 35 cm szeroko\u015bci. Ro\u015blina kwitnie obficie od lipca do pa\u017adziernika. W tym czasie na szczytach wyprostowanych, grubych \u0142odyg pojawiaj\u0105 si\u0119 cudowne kwiaty o efektownym, jaskrawym ubarwieniu. Wypuk\u0142y, kolczasty, ciemny &hellip;<\/p>\n<p class=\"read-more\"> <a class=\"\" href=\"https:\/\/www.ogrodolszanica.pl\/index.php\/produkt\/jezowka-pearl-deep-red\/\"> <span class=\"screen-reader-text\">Je\u017c\u00f3wka Pearl Deep Red<\/span> Read More &raquo;<\/a><\/p>\n","protected":false},"featured_media":3361,"comment_status":"open","ping_status":"closed","template":"","meta":{"site-sidebar-layout":"default","site-content-layout":"default","ast-global-header-display":"","ast-main-header-display":"","ast-hfb-above-header-display":"","ast-hfb-below-header-display":"","ast-hfb-mobile-header-display":"","site-post-title":"","ast-breadcrumbs-content":"","ast-featured-img":"","footer-sml-layout":"","theme-transparent-header-meta":"default","adv-header-id-meta":"","stick-header-meta":"","header-above-stick-meta":"","header-main-stick-meta":"","header-below-stick-meta":"","spay_email":""},"product_cat":[29,74],"product_tag":[],"class_list":["post-3359","product","type-product","status-publish","has-post-thumbnail","hentry","product_cat-byliny","product_cat-jezowki"],"yoast_head":"<!-- This site is optimized with the Yoast SEO plugin v19.2 - https:\/\/yoast.com\/wordpress\/plugins\/seo\/ -->\n<title>Je\u017c\u00f3wka Pearl Deep Red - Ogr&oacute;d Olszanica<\/title>\n<meta name=\"robots\" content=\"index, follow, max-snippet:-1, max-image-preview:large, max-video-preview:-1\" \/>\n<link rel=\"canonical\" href=\"https:\/\/www.ogrodolszanica.pl\/index.php\/produkt\/jezowka-pearl-deep-red\/\" \/>\n<meta property=\"og:locale\" content=\"pl_PL\" \/>\n<meta property=\"og:type\" content=\"article\" \/>\n<meta property=\"og:title\" content=\"Je\u017c\u00f3wka Pearl Deep Red - Ogr&oacute;d Olszanica\" \/>\n<meta property=\"og:description\" content=\"Je\u017c\u00f3wka Red Pearl Echinacea Widowiskowa odmiana, kt\u00f3rej ozdob\u0105 s\u0105 urocze kwiaty, wyr\u00f3\u017cniaj\u0105ce si\u0119 intensywn\u0105, krwistoczerwon\u0105 barw\u0105. Je\u017c\u00f3wka &#039;Red Pearl&#8217; dorasta do oko\u0142o 40-50 cm wysoko\u015bci i 35 cm szeroko\u015bci. Ro\u015blina kwitnie obficie od lipca do pa\u017adziernika. W tym czasie na szczytach wyprostowanych, grubych \u0142odyg pojawiaj\u0105 si\u0119 cudowne kwiaty o efektownym, jaskrawym ubarwieniu. Wypuk\u0142y, kolczasty, ciemny &hellip; Je\u017c\u00f3wka Pearl Deep Red Read More &raquo;\" \/>\n<meta property=\"og:url\" content=\"https:\/\/www.ogrodolszanica.pl\/index.php\/produkt\/jezowka-pearl-deep-red\/\" \/>\n<meta property=\"og:site_name\" content=\"Ogr&oacute;d Olszanica\" \/>\n<meta property=\"article:publisher\" content=\"https:\/\/www.facebook.com\/Ogrd-Olszanica-100807179225223\" \/>\n<meta property=\"article:modified_time\" content=\"2026-03-07T19:12:39+00:00\" \/>\n<meta property=\"og:image\" content=\"https:\/\/www.ogrodolszanica.pl\/wp-content\/uploads\/2026\/02\/Jezowka-Pearl-Deep-Red-v2-scaled.jpg\" \/>\n\t<meta property=\"og:image:width\" content=\"1928\" \/>\n\t<meta property=\"og:image:height\" content=\"2560\" \/>\n\t<meta property=\"og:image:type\" content=\"image\/jpeg\" \/>\n<meta name=\"author\" content=\"admin\" \/>\n<meta name=\"twitter:card\" content=\"summary_large_image\" \/>\n<meta name=\"twitter:label1\" content=\"Szacowany czas czytania\" \/>\n\t<meta name=\"twitter:data1\" content=\"1 minuta\" \/>\n<script type=\"application\/ld+json\" class=\"yoast-schema-graph\">{\"@context\":\"https:\/\/schema.org\",\"@graph\":[{\"@type\":\"Organization\",\"@id\":\"https:\/\/www.ogrodolszanica.pl\/#organization\",\"name\":\"Ogr\u00f3d Olszanica - Krakowskie Centrum Ogrodnicze\",\"url\":\"https:\/\/www.ogrodolszanica.pl\/\",\"sameAs\":[\"https:\/\/www.facebook.com\/Ogrd-Olszanica-100807179225223\"],\"logo\":{\"@type\":\"ImageObject\",\"inLanguage\":\"pl-PL\",\"@id\":\"https:\/\/www.ogrodolszanica.pl\/#\/schema\/logo\/image\/\",\"url\":\"http:\/\/www.ogrodolszanica.pl\/wp-content\/uploads\/2022\/06\/Ogrod-Olszanica1-1.png\",\"contentUrl\":\"http:\/\/www.ogrodolszanica.pl\/wp-content\/uploads\/2022\/06\/Ogrod-Olszanica1-1.png\",\"width\":180,\"height\":60,\"caption\":\"Ogr\u00f3d Olszanica - Krakowskie Centrum Ogrodnicze\"},\"image\":{\"@id\":\"https:\/\/www.ogrodolszanica.pl\/#\/schema\/logo\/image\/\"}},{\"@type\":\"WebSite\",\"@id\":\"https:\/\/www.ogrodolszanica.pl\/#website\",\"url\":\"https:\/\/www.ogrodolszanica.pl\/\",\"name\":\"Ogr&oacute;d Olszanica\",\"description\":\"Centrum Ogrodnicze Krak&oacute;w\",\"publisher\":{\"@id\":\"https:\/\/www.ogrodolszanica.pl\/#organization\"},\"potentialAction\":[{\"@type\":\"SearchAction\",\"target\":{\"@type\":\"EntryPoint\",\"urlTemplate\":\"https:\/\/www.ogrodolszanica.pl\/?s={search_term_string}\"},\"query-input\":\"required name=search_term_string\"}],\"inLanguage\":\"pl-PL\"},{\"@type\":\"ImageObject\",\"inLanguage\":\"pl-PL\",\"@id\":\"https:\/\/www.ogrodolszanica.pl\/index.php\/produkt\/jezowka-pearl-deep-red\/#primaryimage\",\"url\":\"https:\/\/i0.wp.com\/www.ogrodolszanica.pl\/wp-content\/uploads\/2026\/02\/Jezowka-Pearl-Deep-Red-v2-scaled.jpg?fit=1928%2C2560&ssl=1\",\"contentUrl\":\"https:\/\/i0.wp.com\/www.ogrodolszanica.pl\/wp-content\/uploads\/2026\/02\/Jezowka-Pearl-Deep-Red-v2-scaled.jpg?fit=1928%2C2560&ssl=1\",\"width\":1928,\"height\":2560},{\"@type\":\"WebPage\",\"@id\":\"https:\/\/www.ogrodolszanica.pl\/index.php\/produkt\/jezowka-pearl-deep-red\/#webpage\",\"url\":\"https:\/\/www.ogrodolszanica.pl\/index.php\/produkt\/jezowka-pearl-deep-red\/\",\"name\":\"Je\u017c\u00f3wka Pearl Deep Red - Ogr&oacute;d Olszanica\",\"isPartOf\":{\"@id\":\"https:\/\/www.ogrodolszanica.pl\/#website\"},\"primaryImageOfPage\":{\"@id\":\"https:\/\/www.ogrodolszanica.pl\/index.php\/produkt\/jezowka-pearl-deep-red\/#primaryimage\"},\"datePublished\":\"2026-02-24T11:34:41+00:00\",\"dateModified\":\"2026-03-07T19:12:39+00:00\",\"breadcrumb\":{\"@id\":\"https:\/\/www.ogrodolszanica.pl\/index.php\/produkt\/jezowka-pearl-deep-red\/#breadcrumb\"},\"inLanguage\":\"pl-PL\",\"potentialAction\":[{\"@type\":\"ReadAction\",\"target\":[\"https:\/\/www.ogrodolszanica.pl\/index.php\/produkt\/jezowka-pearl-deep-red\/\"]}]},{\"@type\":\"BreadcrumbList\",\"@id\":\"https:\/\/www.ogrodolszanica.pl\/index.php\/produkt\/jezowka-pearl-deep-red\/#breadcrumb\",\"itemListElement\":[{\"@type\":\"ListItem\",\"position\":1,\"name\":\"Strona g\u0142\u00f3wna\",\"item\":\"https:\/\/www.ogrodolszanica.pl\/\"},{\"@type\":\"ListItem\",\"position\":2,\"name\":\"Produkty\",\"item\":\"https:\/\/www.ogrodolszanica.pl\/index.php\/shop\/\"},{\"@type\":\"ListItem\",\"position\":3,\"name\":\"Je\u017c\u00f3wka Pearl Deep Red\"}]}]}<\/script>\n<!-- \/ Yoast SEO plugin. -->","yoast_head_json":{"title":"Je\u017c\u00f3wka Pearl Deep Red - Ogr&oacute;d Olszanica","robots":{"index":"index","follow":"follow","max-snippet":"max-snippet:-1","max-image-preview":"max-image-preview:large","max-video-preview":"max-video-preview:-1"},"canonical":"https:\/\/www.ogrodolszanica.pl\/index.php\/produkt\/jezowka-pearl-deep-red\/","og_locale":"pl_PL","og_type":"article","og_title":"Je\u017c\u00f3wka Pearl Deep Red - Ogr&oacute;d Olszanica","og_description":"Je\u017c\u00f3wka Red Pearl Echinacea Widowiskowa odmiana, kt\u00f3rej ozdob\u0105 s\u0105 urocze kwiaty, wyr\u00f3\u017cniaj\u0105ce si\u0119 intensywn\u0105, krwistoczerwon\u0105 barw\u0105. Je\u017c\u00f3wka 'Red Pearl&#8217; dorasta do oko\u0142o 40-50 cm wysoko\u015bci i 35 cm szeroko\u015bci. Ro\u015blina kwitnie obficie od lipca do pa\u017adziernika. W tym czasie na szczytach wyprostowanych, grubych \u0142odyg pojawiaj\u0105 si\u0119 cudowne kwiaty o efektownym, jaskrawym ubarwieniu. Wypuk\u0142y, kolczasty, ciemny &hellip; Je\u017c\u00f3wka Pearl Deep Red Read More &raquo;","og_url":"https:\/\/www.ogrodolszanica.pl\/index.php\/produkt\/jezowka-pearl-deep-red\/","og_site_name":"Ogr&oacute;d Olszanica","article_publisher":"https:\/\/www.facebook.com\/Ogrd-Olszanica-100807179225223","article_modified_time":"2026-03-07T19:12:39+00:00","og_image":[{"width":1928,"height":2560,"url":"https:\/\/www.ogrodolszanica.pl\/wp-content\/uploads\/2026\/02\/Jezowka-Pearl-Deep-Red-v2-scaled.jpg","type":"image\/jpeg"}],"author":"admin","twitter_card":"summary_large_image","twitter_misc":{"Szacowany czas czytania":"1 minuta"},"schema":{"@context":"https:\/\/schema.org","@graph":[{"@type":"Organization","@id":"https:\/\/www.ogrodolszanica.pl\/#organization","name":"Ogr\u00f3d Olszanica - Krakowskie Centrum Ogrodnicze","url":"https:\/\/www.ogrodolszanica.pl\/","sameAs":["https:\/\/www.facebook.com\/Ogrd-Olszanica-100807179225223"],"logo":{"@type":"ImageObject","inLanguage":"pl-PL","@id":"https:\/\/www.ogrodolszanica.pl\/#\/schema\/logo\/image\/","url":"http:\/\/www.ogrodolszanica.pl\/wp-content\/uploads\/2022\/06\/Ogrod-Olszanica1-1.png","contentUrl":"http:\/\/www.ogrodolszanica.pl\/wp-content\/uploads\/2022\/06\/Ogrod-Olszanica1-1.png","width":180,"height":60,"caption":"Ogr\u00f3d Olszanica - Krakowskie Centrum Ogrodnicze"},"image":{"@id":"https:\/\/www.ogrodolszanica.pl\/#\/schema\/logo\/image\/"}},{"@type":"WebSite","@id":"https:\/\/www.ogrodolszanica.pl\/#website","url":"https:\/\/www.ogrodolszanica.pl\/","name":"Ogr&oacute;d Olszanica","description":"Centrum Ogrodnicze Krak&oacute;w","publisher":{"@id":"https:\/\/www.ogrodolszanica.pl\/#organization"},"potentialAction":[{"@type":"SearchAction","target":{"@type":"EntryPoint","urlTemplate":"https:\/\/www.ogrodolszanica.pl\/?s={search_term_string}"},"query-input":"required name=search_term_string"}],"inLanguage":"pl-PL"},{"@type":"ImageObject","inLanguage":"pl-PL","@id":"https:\/\/www.ogrodolszanica.pl\/index.php\/produkt\/jezowka-pearl-deep-red\/#primaryimage","url":"https:\/\/i0.wp.com\/www.ogrodolszanica.pl\/wp-content\/uploads\/2026\/02\/Jezowka-Pearl-Deep-Red-v2-scaled.jpg?fit=1928%2C2560&ssl=1","contentUrl":"https:\/\/i0.wp.com\/www.ogrodolszanica.pl\/wp-content\/uploads\/2026\/02\/Jezowka-Pearl-Deep-Red-v2-scaled.jpg?fit=1928%2C2560&ssl=1","width":1928,"height":2560},{"@type":"WebPage","@id":"https:\/\/www.ogrodolszanica.pl\/index.php\/produkt\/jezowka-pearl-deep-red\/#webpage","url":"https:\/\/www.ogrodolszanica.pl\/index.php\/produkt\/jezowka-pearl-deep-red\/","name":"Je\u017c\u00f3wka Pearl Deep Red - Ogr&oacute;d Olszanica","isPartOf":{"@id":"https:\/\/www.ogrodolszanica.pl\/#website"},"primaryImageOfPage":{"@id":"https:\/\/www.ogrodolszanica.pl\/index.php\/produkt\/jezowka-pearl-deep-red\/#primaryimage"},"datePublished":"2026-02-24T11:34:41+00:00","dateModified":"2026-03-07T19:12:39+00:00","breadcrumb":{"@id":"https:\/\/www.ogrodolszanica.pl\/index.php\/produkt\/jezowka-pearl-deep-red\/#breadcrumb"},"inLanguage":"pl-PL","potentialAction":[{"@type":"ReadAction","target":["https:\/\/www.ogrodolszanica.pl\/index.php\/produkt\/jezowka-pearl-deep-red\/"]}]},{"@type":"BreadcrumbList","@id":"https:\/\/www.ogrodolszanica.pl\/index.php\/produkt\/jezowka-pearl-deep-red\/#breadcrumb","itemListElement":[{"@type":"ListItem","position":1,"name":"Strona g\u0142\u00f3wna","item":"https:\/\/www.ogrodolszanica.pl\/"},{"@type":"ListItem","position":2,"name":"Produkty","item":"https:\/\/www.ogrodolszanica.pl\/index.php\/shop\/"},{"@type":"ListItem","position":3,"name":"Je\u017c\u00f3wka Pearl Deep Red"}]}]}},"jetpack-related-posts":[{"id":3280,"url":"https:\/\/www.ogrodolszanica.pl\/index.php\/produkt\/jezowka-fountain-red\/","url_meta":{"origin":3359,"position":0},"title":"Je\u017c\u00f3wka Fountain Red","date":"23 lutego, 2026","format":false,"excerpt":"Je\u017c\u00f3wka Fountain Red Echinacea 'Fountain Red' to nowa, fascynuj\u0105ca odmiana wyr\u00f3\u017cniaj\u0105ca si\u0119 zwartym, kompaktowym pokrojem oraz wyrazist\u0105, czerwon\u0105 barw\u0105 kwiat\u00f3w. Tworzy bujne, silnie rozkrzewione k\u0119py, kt\u00f3re dorastaj\u0105 do oko\u0142o 20-45 cm wysoko\u015bci i 40 cm szeroko\u015bci. Li\u015bcie byliny s\u0105 zielone, pod\u0142u\u017cne, lancetowate, ostro zako\u0144czone, szorstkie w dotyku. Je\u017c\u00f3wka 'Fountain Red'\u2026","rel":"","context":"Similar post","img":{"alt_text":"","src":"https:\/\/i0.wp.com\/www.ogrodolszanica.pl\/wp-content\/uploads\/2026\/02\/Jezowka-Fountain-Red-scaled.jpg?fit=904%2C1200&ssl=1&resize=350%2C200","width":350,"height":200},"classes":[]},{"id":2711,"url":"https:\/\/www.ogrodolszanica.pl\/index.php\/produkt\/jezowka-echinacea-purpurea-marmalade\/","url_meta":{"origin":3359,"position":1},"title":"Je\u017c\u00f3wka Marmalade","date":"31 stycznia, 2024","format":false,"excerpt":"Je\u017c\u00f3wka Marmalade Echinacea Ciekawa, niezwykle efektowna odmiana, ceniona ze wzgl\u0119du na bardzo d\u0142ugie i obfite kwitnienie. Je\u017c\u00f3wka 'Marmalade' hipnotyzuje kwiatami o zaskakuj\u0105cej budowie oraz niesamowitej kolorystyce. Dorasta do oko\u0142o 65-75 cm wysoko\u015bci, zachowuj\u0105c \u0142adny, zwarty pokr\u00f3j. Ro\u015blina kwitnie obficie od lipca do wrze\u015bnia. W tym czasie na szczytach mocnych, wzniesionych\u2026","rel":"","context":"Similar post","img":{"alt_text":"","src":"https:\/\/i0.wp.com\/www.ogrodolszanica.pl\/wp-content\/uploads\/2024\/01\/echinacea-marmalade_79253_1.jpg?fit=650%2C650&ssl=1&resize=350%2C200","width":350,"height":200},"classes":[]},{"id":3266,"url":"https:\/\/www.ogrodolszanica.pl\/index.php\/produkt\/jezowka-sweet-meadow-mama\/","url_meta":{"origin":3359,"position":2},"title":"Je\u017c\u00f3wka Sweet Meadow Mama","date":"23 lutego, 2026","format":false,"excerpt":"Je\u017c\u00f3wka Sweet Meadow Mama Echinacea 'Sweet Meadow Mama' to cudowna, kompaktowa odmiana, kt\u00f3ra fascynuje przepi\u0119knymi kwiatami o intensywnej, r\u00f3\u017cowej barwie. Dorasta do oko\u0142o 40-50 cm wysoko\u015bci i podobnej szeroko\u015bci. Formuje zwarte k\u0119pki ciemnozielonych, lancetowatych li\u015bci, osadzonych na d\u0142ugich ogonkach. Kwitnie obficie od czerwca do wrze\u015bnia sprawiaj\u0105c, \u017ce nie spos\u00f3b oderwa\u0107\u2026","rel":"","context":"Similar post","img":{"alt_text":"","src":"https:\/\/i0.wp.com\/www.ogrodolszanica.pl\/wp-content\/uploads\/2026\/02\/Jezowka-Sweet-Meadow-Mama-1-scaled.jpg?fit=904%2C1200&ssl=1&resize=350%2C200","width":350,"height":200},"classes":[]},{"id":3669,"url":"https:\/\/www.ogrodolszanica.pl\/index.php\/produkt\/jezowka-fountain-yellow\/","url_meta":{"origin":3359,"position":3},"title":"Je\u017c\u00f3wka Fountain Yellow","date":"2 marca, 2026","format":false,"excerpt":"Je\u017c\u00f3wka 'Fountain Yellow' Echinacea Wspania\u0142a odmiana je\u017c\u00f3wki o przepi\u0119knych, z\u0142ocisto-\u017c\u00f3\u0142tych koszyczkach kwiatowych. Dorasta do oko\u0142o 40-50 cm wysoko\u015bci i podobnej \u015brednicy. Tworzy g\u0119ste k\u0119py soczy\u015bcie zielonych, w\u0105skich, lancetowatych li\u015bci o lekko ow\u0142osionej, szorstkiej strukturze. Kwitnie niezwykle intensywnie od czerwca do wrze\u015bnia. W\u00f3wczas na wierzcho\u0142kach sztywnych, wzniesionych p\u0119d\u00f3w kr\u00f3luj\u0105 efektowne, wyrazi\u015bcie\u2026","rel":"","context":"Similar post","img":{"alt_text":"","src":"https:\/\/i0.wp.com\/www.ogrodolszanica.pl\/wp-content\/uploads\/2026\/03\/Jezowka-Fountain-Yellow-v1-scaled.jpg?fit=904%2C1200&ssl=1&resize=350%2C200","width":350,"height":200},"classes":[]},{"id":2884,"url":"https:\/\/www.ogrodolszanica.pl\/index.php\/produkt\/jezowka-virgin\/","url_meta":{"origin":3359,"position":4},"title":"Je\u017c\u00f3wka Virgin","date":"10 sierpnia, 2024","format":false,"excerpt":"Je\u017c\u00f3wka Virgin \u00a0 Prawdziwie bia\u0142a odmian. Du\u017ce \u015anie\u017cnobia\u0142e kwiaty otaczaj\u0105 ciemnozielony \u015brodek. Kwiaty sprawiaj\u0105 wra\u017cenie lekko zaostrzonych na ko\u0144cach. Wygl\u0105da zachwycaj\u0105co w ka\u017cdym ogrodzie czy kompozycji. Dobra i wytrzyma\u0142a odmiana Rodzaj: Je\u017c\u00f3wka Barwa: Bia\u0142a szeroko\u015b\u0107: 25\u00a0cm wysoko\u015b\u0107: 30\u00a0cm wysoko\u015b\u0107 (kwitnienie): 60\u00a0cm kwitnienie: czerwiec \u00f7 sierpie\u0144 stanowisko: s\u0142oneczne Dobierz odpowiednie pod\u0142o\u017ce\u2026","rel":"","context":"Similar post","img":{"alt_text":"","src":"","width":0,"height":0},"classes":[]},{"id":2655,"url":"https:\/\/www.ogrodolszanica.pl\/index.php\/produkt\/jezowka-echinacea-purpurea-big-kahuna\/","url_meta":{"origin":3359,"position":5},"title":"Je\u017c\u00f3wka Big Kahuna","date":"30 stycznia, 2024","format":false,"excerpt":"Je\u017c\u00f3wka Big Kahuna \u00a0 Odmiana tworz\u0105ca du\u017ce, wysokie i wytrzyma\u0142e k\u0119py. Kwiaty s\u0105 mieszank\u0105 ciep\u0142ych kolor\u00f3w, ko\u0144c\u00f3wki p\u0142atk\u00f3w maj\u0105 kolor mango, bli\u017cej \u015brodka przebarwiaj\u0105c si\u0119 na miodowo i pomara\u0144czowo kontrastuj\u0105 z czerwono-pomara\u0144czowym \u015brodkiem. S\u0142odko pachn\u0105ca, lecz bardzo wyrazista stanie si\u0119 \"szefem\" ogrodu. Rodzaj: Je\u017c\u00f3wka Barwa: Pomara\u0144czowa szeroko\u015b\u0107: 50\u00a0cm wysoko\u015b\u0107: 50\u00a0cm\u2026","rel":"","context":"Similar post","img":{"alt_text":"","src":"https:\/\/i0.wp.com\/www.ogrodolszanica.pl\/wp-content\/uploads\/2024\/01\/byliny-i-trawy_standard-tall_74244_1.jpg?fit=650%2C650&ssl=1&resize=350%2C200","width":350,"height":200},"classes":[]}],"_links":{"self":[{"href":"https:\/\/www.ogrodolszanica.pl\/index.php\/wp-json\/wp\/v2\/product\/3359","targetHints":{"allow":["GET"]}}],"collection":[{"href":"https:\/\/www.ogrodolszanica.pl\/index.php\/wp-json\/wp\/v2\/product"}],"about":[{"href":"https:\/\/www.ogrodolszanica.pl\/index.php\/wp-json\/wp\/v2\/types\/product"}],"replies":[{"embeddable":true,"href":"https:\/\/www.ogrodolszanica.pl\/index.php\/wp-json\/wp\/v2\/comments?post=3359"}],"wp:featuredmedia":[{"embeddable":true,"href":"https:\/\/www.ogrodolszanica.pl\/index.php\/wp-json\/wp\/v2\/media\/3361"}],"wp:attachment":[{"href":"https:\/\/www.ogrodolszanica.pl\/index.php\/wp-json\/wp\/v2\/media?parent=3359"}],"wp:term":[{"taxonomy":"product_cat","embeddable":true,"href":"https:\/\/www.ogrodolszanica.pl\/index.php\/wp-json\/wp\/v2\/product_cat?post=3359"},{"taxonomy":"product_tag","embeddable":true,"href":"https:\/\/www.ogrodolszanica.pl\/index.php\/wp-json\/wp\/v2\/product_tag?post=3359"}],"curies":[{"name":"wp","href":"https:\/\/api.w.org\/{rel}","templated":true}]}}