{"id":3288,"date":"2026-02-23T18:06:28","date_gmt":"2026-02-23T18:06:28","guid":{"rendered":"https:\/\/www.ogrodolszanica.pl\/?post_type=product&#038;p=3288"},"modified":"2026-03-07T19:17:27","modified_gmt":"2026-03-07T19:17:27","slug":"penstemon-andenken-an-frederik-hahn","status":"publish","type":"product","link":"https:\/\/www.ogrodolszanica.pl\/index.php\/produkt\/penstemon-andenken-an-frederik-hahn\/","title":{"rendered":"Penstemon &#8222;Andenken an Frederik Hahn&#8221;"},"content":{"rendered":"<div class=\"mpof_ki myre_zn myre_8v_l m389_6m_l\">\n<div class=\"mp4t_16_s mryx_16_s mr3m_1 mli2_1 mh85_56 mh85_0_l\">\n<div class=\"mgn2_16 _0d3bd_am0a-\">\n<ul>\n<li>Rodzaj:\u00a0<b>penstemon<\/b><\/li>\n<li>Stanowisko:\u00a0<b>s\u0142oneczne<\/b>\u00a0\u2600\ufe0f<b>, p\u00f3\u0142cieniste<\/b><\/li>\n<li>Podlewanie:\u00a0<b>przeci\u0119tne<\/b><\/li>\n<li>Barwa kwiatu:\u00a0<b>czerwono-r\u00f3\u017cowy<\/b><\/li>\n<li>Barwa li\u015bci:\u00a0<b>ciemnozielony<\/b><\/li>\n<li>Szeroko\u015b\u0107 \u2b05\ufe0f\u27a1\ufe0f:\u00a0<b>70-80 cm<\/b><\/li>\n<li>Wysoko\u015b\u0107 kwitnienia \u2b06\ufe0f:\u00a0<b>30-50 cm<\/b><\/li>\n<li>Okres kwitnienia \u27a1\ufe0f\u2b05\ufe0f:\u00a0<b>sierpie\u0144 \u00f7 wrzesie\u0144<\/b><\/li>\n<li>Mrozoodporno\u015b\u0107:\u00a0<b>tak<\/b><\/li>\n<li>Ro\u015blina wieloletnia:\u00a0<b>tak<\/b><\/li>\n<\/ul>\n<\/div>\n<\/div>\n<div class=\"mp4t_16_s mryx_16_s mr3m_1 mli2_1 mh85_56 mh85_0_l\">\n<div class=\"mg9e_8 mj7a_8 mg9e_0_s mvrt_0_s mj7a_0_s mh36_0_s mzmg_6m munh_16_l m3h2_16_l\">\n<div class=\"mp4t_0 mryx_0 munh_56 m3h2_56\">\n<div class=\"mp7g_oh\"><button class=\"mg9e_0 mvrt_0 mj7a_0 mh36_0 mp4t_0 m3h2_0 mryx_0 munh_0 mqen_m6 mpof_z0 mx7m_0 m7er_k4 mse2_k4 msts_pt\" data-analytics-interaction=\"true\" data-analytics-interaction-label=\"zoomable-image-open\" aria-disabled=\"true\"><img decoding=\"async\" class=\"msub_k4 mupj_5k mjru_k4 mse2_k4 mp7g_f6 mq1m_0 mj7u_0 m7er_k4 mqen_m6 m31c_d8 m0ux_fp lazyloaded\" src=\"https:\/\/a.allegroimg.com\/original\/110bd0\/32b059fb4a849c0f537746a174b5\/Penstemon-Andenken-an-Frederik-Hahn-czerwony-rozowy\" sizes=\"(min-width: 1200px) 560px, (min-width: 992px) 50vw, 100vw\" srcset=\"https:\/\/a.allegroimg.com\/s360\/110bd0\/32b059fb4a849c0f537746a174b5\/Penstemon-Andenken-an-Frederik-Hahn-czerwony-rozowy 240w,https:\/\/a.allegroimg.com\/s720\/110bd0\/32b059fb4a849c0f537746a174b5\/Penstemon-Andenken-an-Frederik-Hahn-czerwony-rozowy 480w,https:\/\/a.allegroimg.com\/s1024\/110bd0\/32b059fb4a849c0f537746a174b5\/Penstemon-Andenken-an-Frederik-Hahn-czerwony-rozowy 500w,https:\/\/a.allegroimg.com\/original\/110bd0\/32b059fb4a849c0f537746a174b5\/Penstemon-Andenken-an-Frederik-Hahn-czerwony-rozowy 500w\" alt=\"Penstemon &amp;quot;Andenken an Frederik Hahn&amp;quot; czerwony, r\u00f3\u017cowy\" width=\"500px\" data-srcset=\"\" \/><\/button><\/div>\n<\/div>\n<\/div>\n<\/div>\n<\/div>\n<div class=\"mpof_ki myre_zn myre_8v_l m389_6m_l\">\n<div class=\"mp4t_16_s mryx_16_s mr3m_1 mli2_1 mh85_56 mh85_0_l\">\n<div class=\"mgn2_16 _0d3bd_am0a-\">\n<h1>Uwaga \u2757\u2757\u2757<\/h1>\n<p><b>Jedno zdj\u0119cie przedstawia ro\u015blin\u0119 w pe\u0142ni rozwini\u0119t\u0105, a drugie sadzonk\u0119 kt\u00f3ra jest w sprzeda\u017cy.<\/b><\/p>\n<p><b>Jednak \u017ce s\u0105 to \u017cywe ro\u015bliny i z tygodnia na tydzie\u0144 zmieniaj\u0105 sw\u00f3j wygl\u0105d. Mog\u0105 by\u0107 przyci\u0119te, a w okresie kwitnienia mog\u0105 by\u0107 wi\u0119ksze oraz z kwiatami.<\/b><\/p>\n<\/div>\n<\/div>\n<\/div>\n<div class=\"mpof_ki myre_zn myre_8v_l m389_6m_l\">\n<div class=\"mp4t_16_s mryx_16_s mr3m_1 mli2_1 mh85_56 mh85_0_l\">\n<div class=\"mg9e_8 mj7a_8 mg9e_0_s mvrt_0_s mj7a_0_s mh36_0_s mzmg_6m munh_16_l m3h2_16_l\">\n<div class=\"mp4t_0 mryx_0 munh_56 m3h2_56\">\n<div class=\"mp7g_oh\"><button class=\"mg9e_0 mvrt_0 mj7a_0 mh36_0 mp4t_0 m3h2_0 mryx_0 munh_0 mqen_m6 mpof_z0 mx7m_0 m7er_k4 mse2_k4 msts_pt\" data-analytics-interaction=\"true\" data-analytics-interaction-label=\"zoomable-image-open\" aria-disabled=\"true\"><img decoding=\"async\" class=\"msub_k4 mupj_5k mjru_k4 mse2_k4 mp7g_f6 mq1m_0 mj7u_0 m7er_k4 mqen_m6 m31c_d8 m0ux_fp lazyloaded\" src=\"https:\/\/a.allegroimg.com\/original\/1117d8\/146c76904e73ac4ff07d5cfc8e57\/Penstemon-Andenken-an-Frederik-Hahn-czerwony-rozowy-Rodzaj-rosliny-Inny\" sizes=\"(min-width: 1200px) 560px, (min-width: 992px) 50vw, 100vw\" srcset=\"https:\/\/a.allegroimg.com\/s360\/1117d8\/146c76904e73ac4ff07d5cfc8e57\/Penstemon-Andenken-an-Frederik-Hahn-czerwony-rozowy-Rodzaj-rosliny-Inny 270w,https:\/\/a.allegroimg.com\/s720\/1117d8\/146c76904e73ac4ff07d5cfc8e57\/Penstemon-Andenken-an-Frederik-Hahn-czerwony-rozowy-Rodzaj-rosliny-Inny 541w,https:\/\/a.allegroimg.com\/s1024\/1117d8\/146c76904e73ac4ff07d5cfc8e57\/Penstemon-Andenken-an-Frederik-Hahn-czerwony-rozowy-Rodzaj-rosliny-Inny 770w,https:\/\/a.allegroimg.com\/s1440\/1117d8\/146c76904e73ac4ff07d5cfc8e57\/Penstemon-Andenken-an-Frederik-Hahn-czerwony-rozowy-Rodzaj-rosliny-Inny 1083w,https:\/\/a.allegroimg.com\/original\/1117d8\/146c76904e73ac4ff07d5cfc8e57\/Penstemon-Andenken-an-Frederik-Hahn-czerwony-rozowy-Rodzaj-rosliny-Inny 1927w\" alt=\"Penstemon &amp;quot;Andenken an Frederik Hahn&amp;quot; czerwony, r\u00f3\u017cowy Rodzaj ro\u015bliny Inny\" width=\"1927px\" data-srcset=\"\" \/><\/button><\/div>\n<\/div>\n<\/div>\n<\/div>\n<div class=\"mp4t_16_s mryx_16_s mr3m_1 mli2_1 mh85_56 mh85_0_l\">\n<div class=\"mg9e_8 mj7a_8 mg9e_0_s mvrt_0_s mj7a_0_s mh36_0_s mzmg_6m munh_16_l m3h2_16_l\">\n<div class=\"mp4t_0 mryx_0 munh_56 m3h2_56\">\n<div class=\"mp7g_oh\"><button class=\"mg9e_0 mvrt_0 mj7a_0 mh36_0 mp4t_0 m3h2_0 mryx_0 munh_0 mqen_m6 mpof_z0 mx7m_0 m7er_k4 mse2_k4 msts_pt\" data-analytics-interaction=\"true\" data-analytics-interaction-label=\"zoomable-image-open\" aria-disabled=\"true\"><img decoding=\"async\" class=\"msub_k4 mupj_5k mjru_k4 mse2_k4 mp7g_f6 mq1m_0 mj7u_0 m7er_k4 mqen_m6 m31c_d8 m0ux_fp lazyloaded\" src=\"https:\/\/a.allegroimg.com\/original\/1166da\/906adefd4ae18222a4da946a58cd\/Penstemon-Andenken-an-Frederik-Hahn-czerwony-rozowy-Kolor-kwiatow-czerwony-rozowy\" sizes=\"(min-width: 1200px) 560px, (min-width: 992px) 50vw, 100vw\" srcset=\"https:\/\/a.allegroimg.com\/s360\/1166da\/906adefd4ae18222a4da946a58cd\/Penstemon-Andenken-an-Frederik-Hahn-czerwony-rozowy-Kolor-kwiatow-czerwony-rozowy 270w,https:\/\/a.allegroimg.com\/s720\/1166da\/906adefd4ae18222a4da946a58cd\/Penstemon-Andenken-an-Frederik-Hahn-czerwony-rozowy-Kolor-kwiatow-czerwony-rozowy 541w,https:\/\/a.allegroimg.com\/s1024\/1166da\/906adefd4ae18222a4da946a58cd\/Penstemon-Andenken-an-Frederik-Hahn-czerwony-rozowy-Kolor-kwiatow-czerwony-rozowy 770w,https:\/\/a.allegroimg.com\/s1440\/1166da\/906adefd4ae18222a4da946a58cd\/Penstemon-Andenken-an-Frederik-Hahn-czerwony-rozowy-Kolor-kwiatow-czerwony-rozowy 1083w,https:\/\/a.allegroimg.com\/original\/1166da\/906adefd4ae18222a4da946a58cd\/Penstemon-Andenken-an-Frederik-Hahn-czerwony-rozowy-Kolor-kwiatow-czerwony-rozowy 1927w\" alt=\"Penstemon &amp;quot;Andenken an Frederik Hahn&amp;quot; czerwony, r\u00f3\u017cowy Kolor kwiat\u00f3w czerwony r\u00f3\u017cowy\" width=\"1927px\" data-srcset=\"\" \/><\/button><\/div>\n<\/div>\n<\/div>\n<\/div>\n<\/div>\n","protected":false},"excerpt":{"rendered":"<p>Rodzaj:\u00a0penstemon Stanowisko:\u00a0s\u0142oneczne\u00a0\u2600\ufe0f, p\u00f3\u0142cieniste Podlewanie:\u00a0przeci\u0119tne Barwa kwiatu:\u00a0czerwono-r\u00f3\u017cowy Barwa li\u015bci:\u00a0ciemnozielony Szeroko\u015b\u0107 \u2b05\ufe0f\u27a1\ufe0f:\u00a070-80 cm Wysoko\u015b\u0107 kwitnienia \u2b06\ufe0f:\u00a030-50 cm Okres kwitnienia \u27a1\ufe0f\u2b05\ufe0f:\u00a0sierpie\u0144 \u00f7 wrzesie\u0144 Mrozoodporno\u015b\u0107:\u00a0tak Ro\u015blina wieloletnia:\u00a0tak Uwaga \u2757\u2757\u2757 Jedno zdj\u0119cie przedstawia ro\u015blin\u0119 w pe\u0142ni rozwini\u0119t\u0105, a drugie sadzonk\u0119 kt\u00f3ra jest w sprzeda\u017cy. Jednak \u017ce s\u0105 to \u017cywe ro\u015bliny i z tygodnia na tydzie\u0144 zmieniaj\u0105 sw\u00f3j wygl\u0105d. Mog\u0105 by\u0107 &hellip;<\/p>\n<p class=\"read-more\"> <a class=\"\" href=\"https:\/\/www.ogrodolszanica.pl\/index.php\/produkt\/penstemon-andenken-an-frederik-hahn\/\"> <span class=\"screen-reader-text\">Penstemon &#8222;Andenken an Frederik Hahn&#8221;<\/span> Read More &raquo;<\/a><\/p>\n","protected":false},"featured_media":3289,"comment_status":"open","ping_status":"closed","template":"","meta":{"site-sidebar-layout":"default","site-content-layout":"default","ast-global-header-display":"","ast-main-header-display":"","ast-hfb-above-header-display":"","ast-hfb-below-header-display":"","ast-hfb-mobile-header-display":"","site-post-title":"","ast-breadcrumbs-content":"","ast-featured-img":"","footer-sml-layout":"","theme-transparent-header-meta":"default","adv-header-id-meta":"","stick-header-meta":"","header-above-stick-meta":"","header-main-stick-meta":"","header-below-stick-meta":"","spay_email":""},"product_cat":[29,98],"product_tag":[],"class_list":["post-3288","product","type-product","status-publish","has-post-thumbnail","hentry","product_cat-byliny","product_cat-inne"],"yoast_head":"<!-- This site is optimized with the Yoast SEO plugin v19.2 - https:\/\/yoast.com\/wordpress\/plugins\/seo\/ -->\n<title>Penstemon &quot;Andenken an Frederik Hahn&quot; - Ogr&oacute;d Olszanica<\/title>\n<meta name=\"robots\" content=\"index, follow, max-snippet:-1, max-image-preview:large, max-video-preview:-1\" \/>\n<link rel=\"canonical\" href=\"https:\/\/www.ogrodolszanica.pl\/index.php\/produkt\/penstemon-andenken-an-frederik-hahn\/\" \/>\n<meta property=\"og:locale\" content=\"pl_PL\" \/>\n<meta property=\"og:type\" content=\"article\" \/>\n<meta property=\"og:title\" content=\"Penstemon &quot;Andenken an Frederik Hahn&quot; - Ogr&oacute;d Olszanica\" \/>\n<meta property=\"og:description\" content=\"Rodzaj:\u00a0penstemon Stanowisko:\u00a0s\u0142oneczne\u00a0\u2600\ufe0f, p\u00f3\u0142cieniste Podlewanie:\u00a0przeci\u0119tne Barwa kwiatu:\u00a0czerwono-r\u00f3\u017cowy Barwa li\u015bci:\u00a0ciemnozielony Szeroko\u015b\u0107 \u2b05\ufe0f\u27a1\ufe0f:\u00a070-80 cm Wysoko\u015b\u0107 kwitnienia \u2b06\ufe0f:\u00a030-50 cm Okres kwitnienia \u27a1\ufe0f\u2b05\ufe0f:\u00a0sierpie\u0144 \u00f7 wrzesie\u0144 Mrozoodporno\u015b\u0107:\u00a0tak Ro\u015blina wieloletnia:\u00a0tak Uwaga \u2757\u2757\u2757 Jedno zdj\u0119cie przedstawia ro\u015blin\u0119 w pe\u0142ni rozwini\u0119t\u0105, a drugie sadzonk\u0119 kt\u00f3ra jest w sprzeda\u017cy. Jednak \u017ce s\u0105 to \u017cywe ro\u015bliny i z tygodnia na tydzie\u0144 zmieniaj\u0105 sw\u00f3j wygl\u0105d. Mog\u0105 by\u0107 &hellip; Penstemon &#8222;Andenken an Frederik Hahn&#8221; Read More &raquo;\" \/>\n<meta property=\"og:url\" content=\"https:\/\/www.ogrodolszanica.pl\/index.php\/produkt\/penstemon-andenken-an-frederik-hahn\/\" \/>\n<meta property=\"og:site_name\" content=\"Ogr&oacute;d Olszanica\" \/>\n<meta property=\"article:publisher\" content=\"https:\/\/www.facebook.com\/Ogrd-Olszanica-100807179225223\" \/>\n<meta property=\"article:modified_time\" content=\"2026-03-07T19:17:27+00:00\" \/>\n<meta property=\"og:image\" content=\"https:\/\/www.ogrodolszanica.pl\/wp-content\/uploads\/2026\/02\/Penstemon-Andenken-an-Frederik-Hahn-scaled.jpg\" \/>\n\t<meta property=\"og:image:width\" content=\"1928\" \/>\n\t<meta property=\"og:image:height\" content=\"2560\" \/>\n\t<meta property=\"og:image:type\" content=\"image\/jpeg\" \/>\n<meta name=\"author\" content=\"admin\" \/>\n<meta name=\"twitter:card\" content=\"summary_large_image\" \/>\n<script type=\"application\/ld+json\" class=\"yoast-schema-graph\">{\"@context\":\"https:\/\/schema.org\",\"@graph\":[{\"@type\":\"Organization\",\"@id\":\"https:\/\/www.ogrodolszanica.pl\/#organization\",\"name\":\"Ogr\u00f3d Olszanica - Krakowskie Centrum Ogrodnicze\",\"url\":\"https:\/\/www.ogrodolszanica.pl\/\",\"sameAs\":[\"https:\/\/www.facebook.com\/Ogrd-Olszanica-100807179225223\"],\"logo\":{\"@type\":\"ImageObject\",\"inLanguage\":\"pl-PL\",\"@id\":\"https:\/\/www.ogrodolszanica.pl\/#\/schema\/logo\/image\/\",\"url\":\"http:\/\/www.ogrodolszanica.pl\/wp-content\/uploads\/2022\/06\/Ogrod-Olszanica1-1.png\",\"contentUrl\":\"http:\/\/www.ogrodolszanica.pl\/wp-content\/uploads\/2022\/06\/Ogrod-Olszanica1-1.png\",\"width\":180,\"height\":60,\"caption\":\"Ogr\u00f3d Olszanica - Krakowskie Centrum Ogrodnicze\"},\"image\":{\"@id\":\"https:\/\/www.ogrodolszanica.pl\/#\/schema\/logo\/image\/\"}},{\"@type\":\"WebSite\",\"@id\":\"https:\/\/www.ogrodolszanica.pl\/#website\",\"url\":\"https:\/\/www.ogrodolszanica.pl\/\",\"name\":\"Ogr&oacute;d Olszanica\",\"description\":\"Centrum Ogrodnicze Krak&oacute;w\",\"publisher\":{\"@id\":\"https:\/\/www.ogrodolszanica.pl\/#organization\"},\"potentialAction\":[{\"@type\":\"SearchAction\",\"target\":{\"@type\":\"EntryPoint\",\"urlTemplate\":\"https:\/\/www.ogrodolszanica.pl\/?s={search_term_string}\"},\"query-input\":\"required name=search_term_string\"}],\"inLanguage\":\"pl-PL\"},{\"@type\":\"ImageObject\",\"inLanguage\":\"pl-PL\",\"@id\":\"https:\/\/www.ogrodolszanica.pl\/index.php\/produkt\/penstemon-andenken-an-frederik-hahn\/#primaryimage\",\"url\":\"https:\/\/i0.wp.com\/www.ogrodolszanica.pl\/wp-content\/uploads\/2026\/02\/Penstemon-Andenken-an-Frederik-Hahn-scaled.jpg?fit=1928%2C2560&ssl=1\",\"contentUrl\":\"https:\/\/i0.wp.com\/www.ogrodolszanica.pl\/wp-content\/uploads\/2026\/02\/Penstemon-Andenken-an-Frederik-Hahn-scaled.jpg?fit=1928%2C2560&ssl=1\",\"width\":1928,\"height\":2560},{\"@type\":\"WebPage\",\"@id\":\"https:\/\/www.ogrodolszanica.pl\/index.php\/produkt\/penstemon-andenken-an-frederik-hahn\/#webpage\",\"url\":\"https:\/\/www.ogrodolszanica.pl\/index.php\/produkt\/penstemon-andenken-an-frederik-hahn\/\",\"name\":\"Penstemon \\\"Andenken an Frederik Hahn\\\" - Ogr&oacute;d Olszanica\",\"isPartOf\":{\"@id\":\"https:\/\/www.ogrodolszanica.pl\/#website\"},\"primaryImageOfPage\":{\"@id\":\"https:\/\/www.ogrodolszanica.pl\/index.php\/produkt\/penstemon-andenken-an-frederik-hahn\/#primaryimage\"},\"datePublished\":\"2026-02-23T18:06:28+00:00\",\"dateModified\":\"2026-03-07T19:17:27+00:00\",\"breadcrumb\":{\"@id\":\"https:\/\/www.ogrodolszanica.pl\/index.php\/produkt\/penstemon-andenken-an-frederik-hahn\/#breadcrumb\"},\"inLanguage\":\"pl-PL\",\"potentialAction\":[{\"@type\":\"ReadAction\",\"target\":[\"https:\/\/www.ogrodolszanica.pl\/index.php\/produkt\/penstemon-andenken-an-frederik-hahn\/\"]}]},{\"@type\":\"BreadcrumbList\",\"@id\":\"https:\/\/www.ogrodolszanica.pl\/index.php\/produkt\/penstemon-andenken-an-frederik-hahn\/#breadcrumb\",\"itemListElement\":[{\"@type\":\"ListItem\",\"position\":1,\"name\":\"Strona g\u0142\u00f3wna\",\"item\":\"https:\/\/www.ogrodolszanica.pl\/\"},{\"@type\":\"ListItem\",\"position\":2,\"name\":\"Produkty\",\"item\":\"https:\/\/www.ogrodolszanica.pl\/index.php\/shop\/\"},{\"@type\":\"ListItem\",\"position\":3,\"name\":\"Penstemon &#8222;Andenken an Frederik Hahn&#8221;\"}]}]}<\/script>\n<!-- \/ Yoast SEO plugin. -->","yoast_head_json":{"title":"Penstemon \"Andenken an Frederik Hahn\" - Ogr&oacute;d Olszanica","robots":{"index":"index","follow":"follow","max-snippet":"max-snippet:-1","max-image-preview":"max-image-preview:large","max-video-preview":"max-video-preview:-1"},"canonical":"https:\/\/www.ogrodolszanica.pl\/index.php\/produkt\/penstemon-andenken-an-frederik-hahn\/","og_locale":"pl_PL","og_type":"article","og_title":"Penstemon \"Andenken an Frederik Hahn\" - Ogr&oacute;d Olszanica","og_description":"Rodzaj:\u00a0penstemon Stanowisko:\u00a0s\u0142oneczne\u00a0\u2600\ufe0f, p\u00f3\u0142cieniste Podlewanie:\u00a0przeci\u0119tne Barwa kwiatu:\u00a0czerwono-r\u00f3\u017cowy Barwa li\u015bci:\u00a0ciemnozielony Szeroko\u015b\u0107 \u2b05\ufe0f\u27a1\ufe0f:\u00a070-80 cm Wysoko\u015b\u0107 kwitnienia \u2b06\ufe0f:\u00a030-50 cm Okres kwitnienia \u27a1\ufe0f\u2b05\ufe0f:\u00a0sierpie\u0144 \u00f7 wrzesie\u0144 Mrozoodporno\u015b\u0107:\u00a0tak Ro\u015blina wieloletnia:\u00a0tak Uwaga \u2757\u2757\u2757 Jedno zdj\u0119cie przedstawia ro\u015blin\u0119 w pe\u0142ni rozwini\u0119t\u0105, a drugie sadzonk\u0119 kt\u00f3ra jest w sprzeda\u017cy. Jednak \u017ce s\u0105 to \u017cywe ro\u015bliny i z tygodnia na tydzie\u0144 zmieniaj\u0105 sw\u00f3j wygl\u0105d. Mog\u0105 by\u0107 &hellip; Penstemon &#8222;Andenken an Frederik Hahn&#8221; Read More &raquo;","og_url":"https:\/\/www.ogrodolszanica.pl\/index.php\/produkt\/penstemon-andenken-an-frederik-hahn\/","og_site_name":"Ogr&oacute;d Olszanica","article_publisher":"https:\/\/www.facebook.com\/Ogrd-Olszanica-100807179225223","article_modified_time":"2026-03-07T19:17:27+00:00","og_image":[{"width":1928,"height":2560,"url":"https:\/\/www.ogrodolszanica.pl\/wp-content\/uploads\/2026\/02\/Penstemon-Andenken-an-Frederik-Hahn-scaled.jpg","type":"image\/jpeg"}],"author":"admin","twitter_card":"summary_large_image","schema":{"@context":"https:\/\/schema.org","@graph":[{"@type":"Organization","@id":"https:\/\/www.ogrodolszanica.pl\/#organization","name":"Ogr\u00f3d Olszanica - Krakowskie Centrum Ogrodnicze","url":"https:\/\/www.ogrodolszanica.pl\/","sameAs":["https:\/\/www.facebook.com\/Ogrd-Olszanica-100807179225223"],"logo":{"@type":"ImageObject","inLanguage":"pl-PL","@id":"https:\/\/www.ogrodolszanica.pl\/#\/schema\/logo\/image\/","url":"http:\/\/www.ogrodolszanica.pl\/wp-content\/uploads\/2022\/06\/Ogrod-Olszanica1-1.png","contentUrl":"http:\/\/www.ogrodolszanica.pl\/wp-content\/uploads\/2022\/06\/Ogrod-Olszanica1-1.png","width":180,"height":60,"caption":"Ogr\u00f3d Olszanica - Krakowskie Centrum Ogrodnicze"},"image":{"@id":"https:\/\/www.ogrodolszanica.pl\/#\/schema\/logo\/image\/"}},{"@type":"WebSite","@id":"https:\/\/www.ogrodolszanica.pl\/#website","url":"https:\/\/www.ogrodolszanica.pl\/","name":"Ogr&oacute;d Olszanica","description":"Centrum Ogrodnicze Krak&oacute;w","publisher":{"@id":"https:\/\/www.ogrodolszanica.pl\/#organization"},"potentialAction":[{"@type":"SearchAction","target":{"@type":"EntryPoint","urlTemplate":"https:\/\/www.ogrodolszanica.pl\/?s={search_term_string}"},"query-input":"required name=search_term_string"}],"inLanguage":"pl-PL"},{"@type":"ImageObject","inLanguage":"pl-PL","@id":"https:\/\/www.ogrodolszanica.pl\/index.php\/produkt\/penstemon-andenken-an-frederik-hahn\/#primaryimage","url":"https:\/\/i0.wp.com\/www.ogrodolszanica.pl\/wp-content\/uploads\/2026\/02\/Penstemon-Andenken-an-Frederik-Hahn-scaled.jpg?fit=1928%2C2560&ssl=1","contentUrl":"https:\/\/i0.wp.com\/www.ogrodolszanica.pl\/wp-content\/uploads\/2026\/02\/Penstemon-Andenken-an-Frederik-Hahn-scaled.jpg?fit=1928%2C2560&ssl=1","width":1928,"height":2560},{"@type":"WebPage","@id":"https:\/\/www.ogrodolszanica.pl\/index.php\/produkt\/penstemon-andenken-an-frederik-hahn\/#webpage","url":"https:\/\/www.ogrodolszanica.pl\/index.php\/produkt\/penstemon-andenken-an-frederik-hahn\/","name":"Penstemon \"Andenken an Frederik Hahn\" - Ogr&oacute;d Olszanica","isPartOf":{"@id":"https:\/\/www.ogrodolszanica.pl\/#website"},"primaryImageOfPage":{"@id":"https:\/\/www.ogrodolszanica.pl\/index.php\/produkt\/penstemon-andenken-an-frederik-hahn\/#primaryimage"},"datePublished":"2026-02-23T18:06:28+00:00","dateModified":"2026-03-07T19:17:27+00:00","breadcrumb":{"@id":"https:\/\/www.ogrodolszanica.pl\/index.php\/produkt\/penstemon-andenken-an-frederik-hahn\/#breadcrumb"},"inLanguage":"pl-PL","potentialAction":[{"@type":"ReadAction","target":["https:\/\/www.ogrodolszanica.pl\/index.php\/produkt\/penstemon-andenken-an-frederik-hahn\/"]}]},{"@type":"BreadcrumbList","@id":"https:\/\/www.ogrodolszanica.pl\/index.php\/produkt\/penstemon-andenken-an-frederik-hahn\/#breadcrumb","itemListElement":[{"@type":"ListItem","position":1,"name":"Strona g\u0142\u00f3wna","item":"https:\/\/www.ogrodolszanica.pl\/"},{"@type":"ListItem","position":2,"name":"Produkty","item":"https:\/\/www.ogrodolszanica.pl\/index.php\/shop\/"},{"@type":"ListItem","position":3,"name":"Penstemon &#8222;Andenken an Frederik Hahn&#8221;"}]}]}},"jetpack-related-posts":[{"id":2272,"url":"https:\/\/www.ogrodolszanica.pl\/index.php\/produkt\/barwinek\/","url_meta":{"origin":3288,"position":0},"title":"Barwinek fioletowy","date":"6 czerwca, 2023","format":false,"excerpt":"Barwinek Doskona\u0142a ro\u015blina okrywowa stosowana w\u00a0parkach, ogrodach, pod drzewami. Barwinek efektownie prezentuje si\u0119 w\u00a0cienistych ogrodach, w\u00a0miejscach gdzie jest mieszany z\u00a0zawilcami, konwaliami i\u00a0paprotnikami.- Vinca minor. Kwiaty ukazuj\u0105ce si\u0119 od maja do czerwca, czasem zdarza si\u0119 \u017ce\u00a0barwinek zakwitnie powt\u00f3rnie. Rodzaj:\u00a0barwinek Stanowisko:\u00a0s\u0142oneczne\u00a0\u2600\ufe0f,\u00a0p\u00f3\u0142cieniste Podlewanie:\u00a0umiarkowane Barwa kwiatu:\u00a0niebieska, fioletowa Barwa li\u015bci:\u00a0zielone Szeroko\u015b\u0107 \u2b05\ufe0f\u27a1\ufe0f:\u00a030-40 cm Wysoko\u015b\u0107 kwitnienia\u2026","rel":"","context":"Similar post","img":{"alt_text":"","src":"https:\/\/i0.wp.com\/www.ogrodolszanica.pl\/wp-content\/uploads\/2023\/06\/vinca-bowles-cunningham_71553_2.jpg?fit=650%2C467&ssl=1&resize=350%2C200","width":350,"height":200},"classes":[]},{"id":2719,"url":"https:\/\/www.ogrodolszanica.pl\/index.php\/produkt\/dzielzan-mariachi-sombrero\/","url_meta":{"origin":3288,"position":1},"title":"Dziel\u017can Mariachi Sombrero","date":"31 stycznia, 2024","format":false,"excerpt":"Dziel\u017can Mariachi Sombrero Dziel\u017can 'Mariachi Sombrero\u2019 charakteryzuje si\u0119 kwiatami o intensywnie \u017c\u00f3\u0142tych p\u0142atkach, kt\u00f3re \u015bci\u015ble okalaj\u0105 wypuk\u0142y miodowo\u017c\u00f3\u0142ty \u015brodek. Ro\u015blina ma zielone, eliptyczne li\u015bcie na tle kt\u00f3rych pi\u0119knie wida\u0107 kwiaty. Odmiana dorasta do 60 cm wysoko\u015bci i tworzy zwart\u0105 wyprostowan\u0105 k\u0119p\u0119. Z \u0142atwo\u015bci\u0105 rozrasta si\u0119 na boki, nawet do 50\u2026","rel":"","context":"Similar post","img":{"alt_text":"","src":"https:\/\/i0.wp.com\/www.ogrodolszanica.pl\/wp-content\/uploads\/2024\/01\/Dzielzan-Mariachi-Sombrero-v11-scaled.jpg?fit=904%2C1200&ssl=1&resize=350%2C200","width":350,"height":200},"classes":[]},{"id":3415,"url":"https:\/\/www.ogrodolszanica.pl\/index.php\/produkt\/bodziszek-white\/","url_meta":{"origin":3288,"position":2},"title":"Bodziszek White","date":"24 lutego, 2026","format":false,"excerpt":"Bodziszek White bia\u0142y Geranium sanguineum Album Bodziszek bia\u0142y to odmiana bodziszka czerwonego o bia\u0142ych, miseczkowatych kwiatach. Ulistnienie ozdobne, ciemnozielone, wycinane. Odmiana ta wyrasta do 50 cm, jest ro\u015blin\u0105 silnie rosn\u0105c\u0105, kt\u00f3r\u0105 mo\u017cna przycina\u0107 o dowolnej porze, przez co lepiej i bujniej b\u0119dzie ros\u0142a. Kwitnienie trwa od czerwca do lipca. Ro\u015blina\u2026","rel":"","context":"Similar post","img":{"alt_text":"","src":"https:\/\/i0.wp.com\/www.ogrodolszanica.pl\/wp-content\/uploads\/2026\/02\/Bodziszek-White-v1-scaled.jpg?fit=904%2C1200&ssl=1&resize=350%2C200","width":350,"height":200},"classes":[]},{"id":4237,"url":"https:\/\/www.ogrodolszanica.pl\/index.php\/produkt\/kuklik-nonna\/","url_meta":{"origin":3288,"position":3},"title":"Kuklik Nonna","date":"16 marca, 2026","format":false,"excerpt":"Kuklik Nonna Kuklik 'Nonna' urzeka kwiatami o nietuzinkowej urodzie oraz cudownej kolorystyce. Ro\u015blina tworzy zwarte k\u0119py pierzastych, zielonych li\u015bci. Maksymalnie dorasta do oko\u0142o 30-40 cm wysoko\u015bci. Kwitnie obficie od kwietnia do maja. W tym czasie na szczytach wzniesionych, czerwono podbarwionych \u0142ody\u017cek kr\u00f3luj\u0105 \u015bliczne kwiaty o subtelnym, pastelowym ubarwieniu. Du\u017cy \u015brodek,\u2026","rel":"","context":"Similar post","img":{"alt_text":"","src":"https:\/\/i0.wp.com\/www.ogrodolszanica.pl\/wp-content\/uploads\/2026\/03\/kuklik-nonna-geum.jpg?fit=846%2C900&ssl=1&resize=350%2C200","width":350,"height":200},"classes":[]},{"id":3827,"url":"https:\/\/www.ogrodolszanica.pl\/index.php\/produkt\/kalimeris-blue-star\/","url_meta":{"origin":3288,"position":4},"title":"Kalimeris Blue Star","date":"2 marca, 2026","format":false,"excerpt":"Kalimeris gwiazdzista Blue Star Kalimeris, znane r\u00f3wnie\u017c jako \"jesienne astery\", to ro\u015bliny ozdobne cenione za swoje urocze kwiaty, kt\u00f3re przypominaj\u0105 astry. Kalimeris'y charakteryzuj\u0105 si\u0119 delikatnymi, ale obfitymi kwiatostanami oraz atrakcyjnymi, ciemnozielonymi li\u015b\u0107mi. S\u0105 to ro\u015bliny wieloletnie, kt\u00f3re kwitn\u0105 na prze\u0142omie lata i jesieni, przyci\u0105gaj\u0105c pszczo\u0142y i motyle do ogrodu. Rodzaj:\u00a0aster\u2026","rel":"","context":"Similar post","img":{"alt_text":"","src":"https:\/\/i0.wp.com\/www.ogrodolszanica.pl\/wp-content\/uploads\/2026\/03\/Kalimeris-Blue-Star-v1-scaled.jpg?fit=904%2C1200&ssl=1&resize=350%2C200","width":350,"height":200},"classes":[]},{"id":2477,"url":"https:\/\/www.ogrodolszanica.pl\/index.php\/produkt\/kuklik-golden-joy\/","url_meta":{"origin":3288,"position":5},"title":"Kuklik Golden Joy","date":"28 sierpnia, 2023","format":false,"excerpt":"Kuklik Golden Joy Odmiana charakteryzuj\u0105ca si\u0119 obfito\u015bci\u0105 kwiat\u00f3w. W maju kiedy nie kwitnie zbyt wiele bylin, ten Kuklik przyci\u0105ga wzrok na obwodzie rabaty. Istotna odmiana dla pszcz\u00f3\u0142. Do uprawy w donicach 2-3L, bardzo zwarty pokr\u00f3j, kr\u00f3tkie \u0142odygi, zdrowe li\u015bcie. Rodzaj:\u00a0kuklik Stanowisko:\u00a0s\u0142oneczne\u00a0\u2600\ufe0f,\u00a0p\u00f3\u0142cieniste Podlewanie:\u00a0przeci\u0119tne Barwa kwiatu:\u00a0\u017c\u00f3\u0142ta Barwa li\u015bci:\u00a0zielone Szeroko\u015b\u0107 \u2b05\ufe0f\u27a1\ufe0f:\u00a025-35 cm Wysoko\u015b\u0107\u2026","rel":"","context":"Similar post","img":{"alt_text":"","src":"https:\/\/i0.wp.com\/www.ogrodolszanica.pl\/wp-content\/uploads\/2023\/08\/Kuklik-Golden-Joy-scaled.jpg?fit=904%2C1200&ssl=1&resize=350%2C200","width":350,"height":200},"classes":[]}],"_links":{"self":[{"href":"https:\/\/www.ogrodolszanica.pl\/index.php\/wp-json\/wp\/v2\/product\/3288","targetHints":{"allow":["GET"]}}],"collection":[{"href":"https:\/\/www.ogrodolszanica.pl\/index.php\/wp-json\/wp\/v2\/product"}],"about":[{"href":"https:\/\/www.ogrodolszanica.pl\/index.php\/wp-json\/wp\/v2\/types\/product"}],"replies":[{"embeddable":true,"href":"https:\/\/www.ogrodolszanica.pl\/index.php\/wp-json\/wp\/v2\/comments?post=3288"}],"wp:featuredmedia":[{"embeddable":true,"href":"https:\/\/www.ogrodolszanica.pl\/index.php\/wp-json\/wp\/v2\/media\/3289"}],"wp:attachment":[{"href":"https:\/\/www.ogrodolszanica.pl\/index.php\/wp-json\/wp\/v2\/media?parent=3288"}],"wp:term":[{"taxonomy":"product_cat","embeddable":true,"href":"https:\/\/www.ogrodolszanica.pl\/index.php\/wp-json\/wp\/v2\/product_cat?post=3288"},{"taxonomy":"product_tag","embeddable":true,"href":"https:\/\/www.ogrodolszanica.pl\/index.php\/wp-json\/wp\/v2\/product_tag?post=3288"}],"curies":[{"name":"wp","href":"https:\/\/api.w.org\/{rel}","templated":true}]}}