{"id":3280,"date":"2026-02-23T17:59:20","date_gmt":"2026-02-23T17:59:20","guid":{"rendered":"https:\/\/www.ogrodolszanica.pl\/?post_type=product&#038;p=3280"},"modified":"2026-03-07T19:17:47","modified_gmt":"2026-03-07T19:17:47","slug":"jezowka-fountain-red","status":"publish","type":"product","link":"https:\/\/www.ogrodolszanica.pl\/index.php\/produkt\/jezowka-fountain-red\/","title":{"rendered":"Je\u017c\u00f3wka Fountain Red"},"content":{"rendered":"<div class=\"mpof_ki myre_zn myre_8v_l m389_6m_l\">\n<div class=\"mp4t_16_s mryx_16_s mr3m_1 mli2_1 mh85_56 mh85_0_l\">\n<div class=\"mgn2_16 _0d3bd_am0a-\">\n<h1>Je\u017c\u00f3wka Fountain Red Echinacea<\/h1>\n<p>'Fountain Red&#8217; to nowa, fascynuj\u0105ca odmiana wyr\u00f3\u017cniaj\u0105ca si\u0119 zwartym, kompaktowym pokrojem oraz wyrazist\u0105, czerwon\u0105 barw\u0105 kwiat\u00f3w. Tworzy bujne, silnie rozkrzewione k\u0119py, kt\u00f3re dorastaj\u0105 do oko\u0142o 20-45 cm wysoko\u015bci i 40 cm szeroko\u015bci. Li\u015bcie byliny s\u0105 zielone, pod\u0142u\u017cne, lancetowate, ostro zako\u0144czone, szorstkie w dotyku. Je\u017c\u00f3wka 'Fountain Red&#8217; kwitnie d\u0142ugo i niezwykle obficie. Od czerwca do wrze\u015bnia na szczytach sztywnych, wzniesionych, bordowo podbarwionych p\u0119d\u00f3w kr\u00f3luj\u0105 urocze, wyraziste koszyczki kwiatowe. Wypuk\u0142y, kolczasty, br\u0105zowy \u015brodek otaczaj\u0105 d\u0142ugie, w\u0105skie, intensywnie czerwone p\u0142atki o delikatnie postrz\u0119pionych ko\u0144cach. Je\u017c\u00f3wka wymaga do\u015b\u0107 \u017cyznej, lekkiej gleby o umiarkowanej wilgotno\u015bci i s\u0142onecznego stanowiska. Jest w pe\u0142ni mrozoodporna i nie ma specjalnych wymaga\u0144, warto usuwa\u0107 przekwit\u0142e kwiaty co powoduje wyd\u0142u\u017cenie kwitnienia.<\/p>\n<ul>\n<li>Rodzaj:\u00a0<b>je\u017c\u00f3wka<\/b><\/li>\n<li>Stanowisko:\u00a0<b>s\u0142oneczne<\/b>\u00a0\u2600\ufe0f<\/li>\n<li>Podlewanie:\u00a0<b>obfite<\/b><\/li>\n<li>Barwa kwiatu:<b>\u00a0czerwona<\/b><\/li>\n<li>Barwa li\u015bci:\u00a0<b>zielone<\/b><\/li>\n<li>Szeroko\u015b\u0107 \u2b05\ufe0f\u27a1\ufe0f:\u00a0<b>50-60 cm<\/b><\/li>\n<li>Wysoko\u015b\u0107 kwitnienia \u2b06\ufe0f:\u00a0<b>40-50 cm<\/b><\/li>\n<li>Okres kwitnienia \u27a1\ufe0f\u2b05\ufe0f:\u00a0<b>czerwiec \u00f7 pa\u017adziernik<\/b><\/li>\n<li>Mrozoodporno\u015b\u0107:\u00a0<b>tak<\/b><\/li>\n<li>Ro\u015blina wieloletnia:\u00a0<b>tak<\/b><\/li>\n<\/ul>\n<\/div>\n<\/div>\n<div class=\"mp4t_16_s mryx_16_s mr3m_1 mli2_1 mh85_56 mh85_0_l\">\n<div class=\"mg9e_8 mj7a_8 mg9e_0_s mvrt_0_s mj7a_0_s mh36_0_s mzmg_6m munh_16_l m3h2_16_l\">\n<div class=\"mp4t_0 mryx_0 munh_56 m3h2_56\">\n<div class=\"mp7g_oh\"><button class=\"mg9e_0 mvrt_0 mj7a_0 mh36_0 mp4t_0 m3h2_0 mryx_0 munh_0 mqen_m6 mpof_z0 mx7m_0 m7er_k4 mse2_k4 msts_pt\" data-analytics-interaction=\"true\" data-analytics-interaction-label=\"zoomable-image-open\" aria-disabled=\"true\"><img decoding=\"async\" class=\"msub_k4 mupj_5k mjru_k4 mse2_k4 mp7g_f6 mq1m_0 mj7u_0 m7er_k4 mqen_m6 m31c_d8 m0ux_fp lazyloaded\" src=\"https:\/\/a.allegroimg.com\/original\/110062\/9661843b45ab95404af0f32767ef\/Jezowka-Fountain-Red-czerwone-kwiaty-roslina-do-ogrodu-ozdobna-wieloletnia\" sizes=\"(min-width: 1200px) 560px, (min-width: 992px) 50vw, 100vw\" srcset=\"https:\/\/a.allegroimg.com\/s360\/110062\/9661843b45ab95404af0f32767ef\/Jezowka-Fountain-Red-czerwone-kwiaty-roslina-do-ogrodu-ozdobna-wieloletnia 240w,https:\/\/a.allegroimg.com\/s720\/110062\/9661843b45ab95404af0f32767ef\/Jezowka-Fountain-Red-czerwone-kwiaty-roslina-do-ogrodu-ozdobna-wieloletnia 480w,https:\/\/a.allegroimg.com\/s1024\/110062\/9661843b45ab95404af0f32767ef\/Jezowka-Fountain-Red-czerwone-kwiaty-roslina-do-ogrodu-ozdobna-wieloletnia 683w,https:\/\/a.allegroimg.com\/s1440\/110062\/9661843b45ab95404af0f32767ef\/Jezowka-Fountain-Red-czerwone-kwiaty-roslina-do-ogrodu-ozdobna-wieloletnia 801w,https:\/\/a.allegroimg.com\/original\/110062\/9661843b45ab95404af0f32767ef\/Jezowka-Fountain-Red-czerwone-kwiaty-roslina-do-ogrodu-ozdobna-wieloletnia 801w\" alt=\"Je\u017c\u00f3wka Fountain Red czerwone kwiaty ro\u015blina do ogrodu ozdobna wieloletnia\" width=\"801px\" data-srcset=\"\" \/><\/button><\/div>\n<\/div>\n<\/div>\n<\/div>\n<\/div>\n<div class=\"mpof_ki myre_zn myre_8v_l m389_6m_l\">\n<div class=\"mp4t_16_s mryx_16_s mr3m_1 mli2_1 mh85_56 mh85_0_l\">\n<div class=\"mgn2_16 _0d3bd_am0a-\">\n<h1>Uwaga \u2757\u2757\u2757<\/h1>\n<p><b>Jedno zdj\u0119cie przedstawia ro\u015blin\u0119 w pe\u0142ni rozwini\u0119t\u0105, a drugie sadzonk\u0119 kt\u00f3ra jest w sprzeda\u017cy.<\/b><\/p>\n<p><b>Jednak \u017ce s\u0105 to \u017cywe ro\u015bliny i z tygodnia na tydzie\u0144 zmieniaj\u0105 sw\u00f3j wygl\u0105d. Mog\u0105 by\u0107 przyci\u0119te, a w okresie kwitnienia mog\u0105 by\u0107 wi\u0119ksze oraz z kwiatami.<\/b><\/p>\n<\/div>\n<\/div>\n<\/div>\n<div class=\"mpof_ki myre_zn myre_8v_l m389_6m_l\">\n<div class=\"mp4t_16_s mryx_16_s mr3m_1 mli2_1 mh85_56 mh85_0_l\">\n<div class=\"mg9e_8 mj7a_8 mg9e_0_s mvrt_0_s mj7a_0_s mh36_0_s mzmg_6m munh_16_l m3h2_16_l\">\n<div class=\"mp4t_0 mryx_0 munh_56 m3h2_56\">\n<div class=\"mp7g_oh\"><button class=\"mg9e_0 mvrt_0 mj7a_0 mh36_0 mp4t_0 m3h2_0 mryx_0 munh_0 mqen_m6 mpof_z0 mx7m_0 m7er_k4 mse2_k4 msts_pt\" data-analytics-interaction=\"true\" data-analytics-interaction-label=\"zoomable-image-open\" aria-disabled=\"true\"><img decoding=\"async\" class=\"msub_k4 mupj_5k mjru_k4 mse2_k4 mp7g_f6 mq1m_0 mj7u_0 m7er_k4 mqen_m6 m31c_d8 m0ux_fp lazyloaded\" src=\"https:\/\/a.allegroimg.com\/original\/11dac7\/7056dc9f4bc98a855976ffd210cd\/Jezowka-Fountain-Red-czerwone-kwiaty-roslina-do-ogrodu-ozdobna-wieloletnia-Producent-nieznany-producent\" sizes=\"(min-width: 1200px) 560px, (min-width: 992px) 50vw, 100vw\" srcset=\"https:\/\/a.allegroimg.com\/s360\/11dac7\/7056dc9f4bc98a855976ffd210cd\/Jezowka-Fountain-Red-czerwone-kwiaty-roslina-do-ogrodu-ozdobna-wieloletnia-Producent-nieznany-producent 270w,https:\/\/a.allegroimg.com\/s720\/11dac7\/7056dc9f4bc98a855976ffd210cd\/Jezowka-Fountain-Red-czerwone-kwiaty-roslina-do-ogrodu-ozdobna-wieloletnia-Producent-nieznany-producent 541w,https:\/\/a.allegroimg.com\/s1024\/11dac7\/7056dc9f4bc98a855976ffd210cd\/Jezowka-Fountain-Red-czerwone-kwiaty-roslina-do-ogrodu-ozdobna-wieloletnia-Producent-nieznany-producent 770w,https:\/\/a.allegroimg.com\/s1440\/11dac7\/7056dc9f4bc98a855976ffd210cd\/Jezowka-Fountain-Red-czerwone-kwiaty-roslina-do-ogrodu-ozdobna-wieloletnia-Producent-nieznany-producent 1083w,https:\/\/a.allegroimg.com\/original\/11dac7\/7056dc9f4bc98a855976ffd210cd\/Jezowka-Fountain-Red-czerwone-kwiaty-roslina-do-ogrodu-ozdobna-wieloletnia-Producent-nieznany-producent 1927w\" alt=\"Je\u017c\u00f3wka Fountain Red czerwone kwiaty ro\u015blina do ogrodu ozdobna wieloletnia Producent nieznany producent\" width=\"1927px\" data-srcset=\"\" \/><\/button><\/div>\n<\/div>\n<\/div>\n<\/div>\n<div class=\"mp4t_16_s mryx_16_s mr3m_1 mli2_1 mh85_56 mh85_0_l\">\n<div class=\"mg9e_8 mj7a_8 mg9e_0_s mvrt_0_s mj7a_0_s mh36_0_s mzmg_6m munh_16_l m3h2_16_l\">\n<div class=\"mp4t_0 mryx_0 munh_56 m3h2_56\">\n<div class=\"mp7g_oh\"><button class=\"mg9e_0 mvrt_0 mj7a_0 mh36_0 mp4t_0 m3h2_0 mryx_0 munh_0 mqen_m6 mpof_z0 mx7m_0 m7er_k4 mse2_k4 msts_pt\" data-analytics-interaction=\"true\" data-analytics-interaction-label=\"zoomable-image-open\" aria-disabled=\"true\"><img decoding=\"async\" class=\"msub_k4 mupj_5k mjru_k4 mse2_k4 mp7g_f6 mq1m_0 mj7u_0 m7er_k4 mqen_m6 m31c_d8 m0ux_fp lazyloaded\" src=\"https:\/\/a.allegroimg.com\/original\/11397a\/0ab0a6c64050af486a5eb9ee9c54\/Jezowka-Fountain-Red-czerwone-kwiaty-roslina-do-ogrodu-ozdobna-wieloletnia-Roslina-w-postaci-sadzonka-w-pojemniku-1-2l\" sizes=\"(min-width: 1200px) 560px, (min-width: 992px) 50vw, 100vw\" srcset=\"https:\/\/a.allegroimg.com\/s360\/11397a\/0ab0a6c64050af486a5eb9ee9c54\/Jezowka-Fountain-Red-czerwone-kwiaty-roslina-do-ogrodu-ozdobna-wieloletnia-Roslina-w-postaci-sadzonka-w-pojemniku-1-2l 270w,https:\/\/a.allegroimg.com\/s720\/11397a\/0ab0a6c64050af486a5eb9ee9c54\/Jezowka-Fountain-Red-czerwone-kwiaty-roslina-do-ogrodu-ozdobna-wieloletnia-Roslina-w-postaci-sadzonka-w-pojemniku-1-2l 541w,https:\/\/a.allegroimg.com\/s1024\/11397a\/0ab0a6c64050af486a5eb9ee9c54\/Jezowka-Fountain-Red-czerwone-kwiaty-roslina-do-ogrodu-ozdobna-wieloletnia-Roslina-w-postaci-sadzonka-w-pojemniku-1-2l 770w,https:\/\/a.allegroimg.com\/s1440\/11397a\/0ab0a6c64050af486a5eb9ee9c54\/Jezowka-Fountain-Red-czerwone-kwiaty-roslina-do-ogrodu-ozdobna-wieloletnia-Roslina-w-postaci-sadzonka-w-pojemniku-1-2l 1083w,https:\/\/a.allegroimg.com\/original\/11397a\/0ab0a6c64050af486a5eb9ee9c54\/Jezowka-Fountain-Red-czerwone-kwiaty-roslina-do-ogrodu-ozdobna-wieloletnia-Roslina-w-postaci-sadzonka-w-pojemniku-1-2l 1927w\" alt=\"Je\u017c\u00f3wka Fountain Red czerwone kwiaty ro\u015blina do ogrodu ozdobna wieloletnia Ro\u015blina w postaci sadzonka w pojemniku 1-2l\" width=\"1927px\" data-srcset=\"\" \/><\/button><\/div>\n<\/div>\n<\/div>\n<\/div>\n<\/div>\n","protected":false},"excerpt":{"rendered":"<p>Je\u017c\u00f3wka Fountain Red Echinacea 'Fountain Red&#8217; to nowa, fascynuj\u0105ca odmiana wyr\u00f3\u017cniaj\u0105ca si\u0119 zwartym, kompaktowym pokrojem oraz wyrazist\u0105, czerwon\u0105 barw\u0105 kwiat\u00f3w. Tworzy bujne, silnie rozkrzewione k\u0119py, kt\u00f3re dorastaj\u0105 do oko\u0142o 20-45 cm wysoko\u015bci i 40 cm szeroko\u015bci. Li\u015bcie byliny s\u0105 zielone, pod\u0142u\u017cne, lancetowate, ostro zako\u0144czone, szorstkie w dotyku. Je\u017c\u00f3wka 'Fountain Red&#8217; kwitnie d\u0142ugo i niezwykle obficie. &hellip;<\/p>\n<p class=\"read-more\"> <a class=\"\" href=\"https:\/\/www.ogrodolszanica.pl\/index.php\/produkt\/jezowka-fountain-red\/\"> <span class=\"screen-reader-text\">Je\u017c\u00f3wka Fountain Red<\/span> Read More &raquo;<\/a><\/p>\n","protected":false},"featured_media":3284,"comment_status":"open","ping_status":"closed","template":"","meta":{"site-sidebar-layout":"default","site-content-layout":"default","ast-global-header-display":"","ast-main-header-display":"","ast-hfb-above-header-display":"","ast-hfb-below-header-display":"","ast-hfb-mobile-header-display":"","site-post-title":"","ast-breadcrumbs-content":"","ast-featured-img":"","footer-sml-layout":"","theme-transparent-header-meta":"default","adv-header-id-meta":"","stick-header-meta":"","header-above-stick-meta":"","header-main-stick-meta":"","header-below-stick-meta":"","spay_email":""},"product_cat":[29,74],"product_tag":[],"class_list":["post-3280","product","type-product","status-publish","has-post-thumbnail","hentry","product_cat-byliny","product_cat-jezowki"],"yoast_head":"<!-- This site is optimized with the Yoast SEO plugin v19.2 - https:\/\/yoast.com\/wordpress\/plugins\/seo\/ -->\n<title>Je\u017c\u00f3wka Fountain Red - Ogr&oacute;d Olszanica<\/title>\n<meta name=\"robots\" content=\"index, follow, max-snippet:-1, max-image-preview:large, max-video-preview:-1\" \/>\n<link rel=\"canonical\" href=\"https:\/\/www.ogrodolszanica.pl\/index.php\/produkt\/jezowka-fountain-red\/\" \/>\n<meta property=\"og:locale\" content=\"pl_PL\" \/>\n<meta property=\"og:type\" content=\"article\" \/>\n<meta property=\"og:title\" content=\"Je\u017c\u00f3wka Fountain Red - Ogr&oacute;d Olszanica\" \/>\n<meta property=\"og:description\" content=\"Je\u017c\u00f3wka Fountain Red Echinacea &#039;Fountain Red&#8217; to nowa, fascynuj\u0105ca odmiana wyr\u00f3\u017cniaj\u0105ca si\u0119 zwartym, kompaktowym pokrojem oraz wyrazist\u0105, czerwon\u0105 barw\u0105 kwiat\u00f3w. Tworzy bujne, silnie rozkrzewione k\u0119py, kt\u00f3re dorastaj\u0105 do oko\u0142o 20-45 cm wysoko\u015bci i 40 cm szeroko\u015bci. Li\u015bcie byliny s\u0105 zielone, pod\u0142u\u017cne, lancetowate, ostro zako\u0144czone, szorstkie w dotyku. Je\u017c\u00f3wka &#039;Fountain Red&#8217; kwitnie d\u0142ugo i niezwykle obficie. &hellip; Je\u017c\u00f3wka Fountain Red Read More &raquo;\" \/>\n<meta property=\"og:url\" content=\"https:\/\/www.ogrodolszanica.pl\/index.php\/produkt\/jezowka-fountain-red\/\" \/>\n<meta property=\"og:site_name\" content=\"Ogr&oacute;d Olszanica\" \/>\n<meta property=\"article:publisher\" content=\"https:\/\/www.facebook.com\/Ogrd-Olszanica-100807179225223\" \/>\n<meta property=\"article:modified_time\" content=\"2026-03-07T19:17:47+00:00\" \/>\n<meta property=\"og:image\" content=\"https:\/\/www.ogrodolszanica.pl\/wp-content\/uploads\/2026\/02\/Jezowka-Fountain-Red-scaled.jpg\" \/>\n\t<meta property=\"og:image:width\" content=\"1928\" \/>\n\t<meta property=\"og:image:height\" content=\"2560\" \/>\n\t<meta property=\"og:image:type\" content=\"image\/jpeg\" \/>\n<meta name=\"author\" content=\"admin\" \/>\n<meta name=\"twitter:card\" content=\"summary_large_image\" \/>\n<meta name=\"twitter:label1\" content=\"Szacowany czas czytania\" \/>\n\t<meta name=\"twitter:data1\" content=\"1 minuta\" \/>\n<script type=\"application\/ld+json\" class=\"yoast-schema-graph\">{\"@context\":\"https:\/\/schema.org\",\"@graph\":[{\"@type\":\"Organization\",\"@id\":\"https:\/\/www.ogrodolszanica.pl\/#organization\",\"name\":\"Ogr\u00f3d Olszanica - Krakowskie Centrum Ogrodnicze\",\"url\":\"https:\/\/www.ogrodolszanica.pl\/\",\"sameAs\":[\"https:\/\/www.facebook.com\/Ogrd-Olszanica-100807179225223\"],\"logo\":{\"@type\":\"ImageObject\",\"inLanguage\":\"pl-PL\",\"@id\":\"https:\/\/www.ogrodolszanica.pl\/#\/schema\/logo\/image\/\",\"url\":\"http:\/\/www.ogrodolszanica.pl\/wp-content\/uploads\/2022\/06\/Ogrod-Olszanica1-1.png\",\"contentUrl\":\"http:\/\/www.ogrodolszanica.pl\/wp-content\/uploads\/2022\/06\/Ogrod-Olszanica1-1.png\",\"width\":180,\"height\":60,\"caption\":\"Ogr\u00f3d Olszanica - Krakowskie Centrum Ogrodnicze\"},\"image\":{\"@id\":\"https:\/\/www.ogrodolszanica.pl\/#\/schema\/logo\/image\/\"}},{\"@type\":\"WebSite\",\"@id\":\"https:\/\/www.ogrodolszanica.pl\/#website\",\"url\":\"https:\/\/www.ogrodolszanica.pl\/\",\"name\":\"Ogr&oacute;d Olszanica\",\"description\":\"Centrum Ogrodnicze Krak&oacute;w\",\"publisher\":{\"@id\":\"https:\/\/www.ogrodolszanica.pl\/#organization\"},\"potentialAction\":[{\"@type\":\"SearchAction\",\"target\":{\"@type\":\"EntryPoint\",\"urlTemplate\":\"https:\/\/www.ogrodolszanica.pl\/?s={search_term_string}\"},\"query-input\":\"required name=search_term_string\"}],\"inLanguage\":\"pl-PL\"},{\"@type\":\"ImageObject\",\"inLanguage\":\"pl-PL\",\"@id\":\"https:\/\/www.ogrodolszanica.pl\/index.php\/produkt\/jezowka-fountain-red\/#primaryimage\",\"url\":\"https:\/\/i0.wp.com\/www.ogrodolszanica.pl\/wp-content\/uploads\/2026\/02\/Jezowka-Fountain-Red-scaled.jpg?fit=1928%2C2560&ssl=1\",\"contentUrl\":\"https:\/\/i0.wp.com\/www.ogrodolszanica.pl\/wp-content\/uploads\/2026\/02\/Jezowka-Fountain-Red-scaled.jpg?fit=1928%2C2560&ssl=1\",\"width\":1928,\"height\":2560},{\"@type\":\"WebPage\",\"@id\":\"https:\/\/www.ogrodolszanica.pl\/index.php\/produkt\/jezowka-fountain-red\/#webpage\",\"url\":\"https:\/\/www.ogrodolszanica.pl\/index.php\/produkt\/jezowka-fountain-red\/\",\"name\":\"Je\u017c\u00f3wka Fountain Red - Ogr&oacute;d Olszanica\",\"isPartOf\":{\"@id\":\"https:\/\/www.ogrodolszanica.pl\/#website\"},\"primaryImageOfPage\":{\"@id\":\"https:\/\/www.ogrodolszanica.pl\/index.php\/produkt\/jezowka-fountain-red\/#primaryimage\"},\"datePublished\":\"2026-02-23T17:59:20+00:00\",\"dateModified\":\"2026-03-07T19:17:47+00:00\",\"breadcrumb\":{\"@id\":\"https:\/\/www.ogrodolszanica.pl\/index.php\/produkt\/jezowka-fountain-red\/#breadcrumb\"},\"inLanguage\":\"pl-PL\",\"potentialAction\":[{\"@type\":\"ReadAction\",\"target\":[\"https:\/\/www.ogrodolszanica.pl\/index.php\/produkt\/jezowka-fountain-red\/\"]}]},{\"@type\":\"BreadcrumbList\",\"@id\":\"https:\/\/www.ogrodolszanica.pl\/index.php\/produkt\/jezowka-fountain-red\/#breadcrumb\",\"itemListElement\":[{\"@type\":\"ListItem\",\"position\":1,\"name\":\"Strona g\u0142\u00f3wna\",\"item\":\"https:\/\/www.ogrodolszanica.pl\/\"},{\"@type\":\"ListItem\",\"position\":2,\"name\":\"Produkty\",\"item\":\"https:\/\/www.ogrodolszanica.pl\/index.php\/shop\/\"},{\"@type\":\"ListItem\",\"position\":3,\"name\":\"Je\u017c\u00f3wka Fountain Red\"}]}]}<\/script>\n<!-- \/ Yoast SEO plugin. -->","yoast_head_json":{"title":"Je\u017c\u00f3wka Fountain Red - Ogr&oacute;d Olszanica","robots":{"index":"index","follow":"follow","max-snippet":"max-snippet:-1","max-image-preview":"max-image-preview:large","max-video-preview":"max-video-preview:-1"},"canonical":"https:\/\/www.ogrodolszanica.pl\/index.php\/produkt\/jezowka-fountain-red\/","og_locale":"pl_PL","og_type":"article","og_title":"Je\u017c\u00f3wka Fountain Red - Ogr&oacute;d Olszanica","og_description":"Je\u017c\u00f3wka Fountain Red Echinacea 'Fountain Red&#8217; to nowa, fascynuj\u0105ca odmiana wyr\u00f3\u017cniaj\u0105ca si\u0119 zwartym, kompaktowym pokrojem oraz wyrazist\u0105, czerwon\u0105 barw\u0105 kwiat\u00f3w. Tworzy bujne, silnie rozkrzewione k\u0119py, kt\u00f3re dorastaj\u0105 do oko\u0142o 20-45 cm wysoko\u015bci i 40 cm szeroko\u015bci. Li\u015bcie byliny s\u0105 zielone, pod\u0142u\u017cne, lancetowate, ostro zako\u0144czone, szorstkie w dotyku. Je\u017c\u00f3wka 'Fountain Red&#8217; kwitnie d\u0142ugo i niezwykle obficie. &hellip; Je\u017c\u00f3wka Fountain Red Read More &raquo;","og_url":"https:\/\/www.ogrodolszanica.pl\/index.php\/produkt\/jezowka-fountain-red\/","og_site_name":"Ogr&oacute;d Olszanica","article_publisher":"https:\/\/www.facebook.com\/Ogrd-Olszanica-100807179225223","article_modified_time":"2026-03-07T19:17:47+00:00","og_image":[{"width":1928,"height":2560,"url":"https:\/\/www.ogrodolszanica.pl\/wp-content\/uploads\/2026\/02\/Jezowka-Fountain-Red-scaled.jpg","type":"image\/jpeg"}],"author":"admin","twitter_card":"summary_large_image","twitter_misc":{"Szacowany czas czytania":"1 minuta"},"schema":{"@context":"https:\/\/schema.org","@graph":[{"@type":"Organization","@id":"https:\/\/www.ogrodolszanica.pl\/#organization","name":"Ogr\u00f3d Olszanica - Krakowskie Centrum Ogrodnicze","url":"https:\/\/www.ogrodolszanica.pl\/","sameAs":["https:\/\/www.facebook.com\/Ogrd-Olszanica-100807179225223"],"logo":{"@type":"ImageObject","inLanguage":"pl-PL","@id":"https:\/\/www.ogrodolszanica.pl\/#\/schema\/logo\/image\/","url":"http:\/\/www.ogrodolszanica.pl\/wp-content\/uploads\/2022\/06\/Ogrod-Olszanica1-1.png","contentUrl":"http:\/\/www.ogrodolszanica.pl\/wp-content\/uploads\/2022\/06\/Ogrod-Olszanica1-1.png","width":180,"height":60,"caption":"Ogr\u00f3d Olszanica - Krakowskie Centrum Ogrodnicze"},"image":{"@id":"https:\/\/www.ogrodolszanica.pl\/#\/schema\/logo\/image\/"}},{"@type":"WebSite","@id":"https:\/\/www.ogrodolszanica.pl\/#website","url":"https:\/\/www.ogrodolszanica.pl\/","name":"Ogr&oacute;d Olszanica","description":"Centrum Ogrodnicze Krak&oacute;w","publisher":{"@id":"https:\/\/www.ogrodolszanica.pl\/#organization"},"potentialAction":[{"@type":"SearchAction","target":{"@type":"EntryPoint","urlTemplate":"https:\/\/www.ogrodolszanica.pl\/?s={search_term_string}"},"query-input":"required name=search_term_string"}],"inLanguage":"pl-PL"},{"@type":"ImageObject","inLanguage":"pl-PL","@id":"https:\/\/www.ogrodolszanica.pl\/index.php\/produkt\/jezowka-fountain-red\/#primaryimage","url":"https:\/\/i0.wp.com\/www.ogrodolszanica.pl\/wp-content\/uploads\/2026\/02\/Jezowka-Fountain-Red-scaled.jpg?fit=1928%2C2560&ssl=1","contentUrl":"https:\/\/i0.wp.com\/www.ogrodolszanica.pl\/wp-content\/uploads\/2026\/02\/Jezowka-Fountain-Red-scaled.jpg?fit=1928%2C2560&ssl=1","width":1928,"height":2560},{"@type":"WebPage","@id":"https:\/\/www.ogrodolszanica.pl\/index.php\/produkt\/jezowka-fountain-red\/#webpage","url":"https:\/\/www.ogrodolszanica.pl\/index.php\/produkt\/jezowka-fountain-red\/","name":"Je\u017c\u00f3wka Fountain Red - Ogr&oacute;d Olszanica","isPartOf":{"@id":"https:\/\/www.ogrodolszanica.pl\/#website"},"primaryImageOfPage":{"@id":"https:\/\/www.ogrodolszanica.pl\/index.php\/produkt\/jezowka-fountain-red\/#primaryimage"},"datePublished":"2026-02-23T17:59:20+00:00","dateModified":"2026-03-07T19:17:47+00:00","breadcrumb":{"@id":"https:\/\/www.ogrodolszanica.pl\/index.php\/produkt\/jezowka-fountain-red\/#breadcrumb"},"inLanguage":"pl-PL","potentialAction":[{"@type":"ReadAction","target":["https:\/\/www.ogrodolszanica.pl\/index.php\/produkt\/jezowka-fountain-red\/"]}]},{"@type":"BreadcrumbList","@id":"https:\/\/www.ogrodolszanica.pl\/index.php\/produkt\/jezowka-fountain-red\/#breadcrumb","itemListElement":[{"@type":"ListItem","position":1,"name":"Strona g\u0142\u00f3wna","item":"https:\/\/www.ogrodolszanica.pl\/"},{"@type":"ListItem","position":2,"name":"Produkty","item":"https:\/\/www.ogrodolszanica.pl\/index.php\/shop\/"},{"@type":"ListItem","position":3,"name":"Je\u017c\u00f3wka Fountain Red"}]}]}},"jetpack-related-posts":[{"id":2308,"url":"https:\/\/www.ogrodolszanica.pl\/index.php\/produkt\/jezowka-fountaimn-red\/","url_meta":{"origin":3280,"position":0},"title":"Je\u017c\u00f3wka Fountain Red","date":"16 lipca, 2023","format":false,"excerpt":"Je\u017c\u00f3wka Fountain Red \u015awietna odmiana do sadzenia w grupach na pierwszym planie. Ro\u015blina o zwartym pokroju krzewi si\u0119 bardzo silnie i wypuszcza bardzo bujne li\u015bcie. Preferuje \u015bwie\u017ce, przepuszczalne pod\u0142o\u017ce na s\u0142onecznym stanowisku. Rodzaj: Je\u017c\u00f3wka Barwa: Czerwony szeroko\u015b\u0107: 40\u00a0cm wysoko\u015b\u0107: 20\u00a0cm wysoko\u015b\u0107 (kwitnienie): 45\u00a0cm kwitnienie: czerwiec \u00f7 wrzesie\u0144 stanowisko: s\u0142oneczne Dobierz\u2026","rel":"","context":"Similar post","img":{"alt_text":"","src":"https:\/\/i0.wp.com\/www.ogrodolszanica.pl\/wp-content\/uploads\/2023\/07\/byliny-i-trawy_fountain_77492_2.jpg?fit=420%2C650&ssl=1&resize=350%2C200","width":350,"height":200},"classes":[]},{"id":3669,"url":"https:\/\/www.ogrodolszanica.pl\/index.php\/produkt\/jezowka-fountain-yellow\/","url_meta":{"origin":3280,"position":1},"title":"Je\u017c\u00f3wka Fountain Yellow","date":"2 marca, 2026","format":false,"excerpt":"Je\u017c\u00f3wka 'Fountain Yellow' Echinacea Wspania\u0142a odmiana je\u017c\u00f3wki o przepi\u0119knych, z\u0142ocisto-\u017c\u00f3\u0142tych koszyczkach kwiatowych. Dorasta do oko\u0142o 40-50 cm wysoko\u015bci i podobnej \u015brednicy. Tworzy g\u0119ste k\u0119py soczy\u015bcie zielonych, w\u0105skich, lancetowatych li\u015bci o lekko ow\u0142osionej, szorstkiej strukturze. Kwitnie niezwykle intensywnie od czerwca do wrze\u015bnia. W\u00f3wczas na wierzcho\u0142kach sztywnych, wzniesionych p\u0119d\u00f3w kr\u00f3luj\u0105 efektowne, wyrazi\u015bcie\u2026","rel":"","context":"Similar post","img":{"alt_text":"","src":"https:\/\/i0.wp.com\/www.ogrodolszanica.pl\/wp-content\/uploads\/2026\/03\/Jezowka-Fountain-Yellow-v1-scaled.jpg?fit=904%2C1200&ssl=1&resize=350%2C200","width":350,"height":200},"classes":[]},{"id":1518,"url":"https:\/\/www.ogrodolszanica.pl\/index.php\/produkt\/jezowka-fountain-pink-eye\/","url_meta":{"origin":3280,"position":2},"title":"Je\u017c\u00f3wka Fountain Pink Eye","date":"8 lipca, 2022","format":false,"excerpt":"Je\u017c\u00f3wka Fountain Pink Eye Liczne bia\u0142o-r\u00f3\u017cowe kwiaty na kr\u00f3tkich \u0142odygach ciesz\u0105 oko od czerwca do wrze\u015bnia. Ro\u015blina wymaga pe\u0142nego s\u0142o\u0144ca. Szczeg\u00f3lnie pi\u0119kna w grupach z innymi je\u017c\u00f3wkami. Wymaga przepuszczalnego pod\u0142o\u017ca, ale potrzebuje wody w miesi\u0105cach letnich. Oczyszczanie ro\u015bliny dopiero na wiosn\u0119 wspomo\u017ce spokojne przezimowanie. Rodzaj: Je\u017c\u00f3wka Barwa: Jasnor\u00f3\u017cowy szeroko\u015b\u0107: 40\u00a0cm\u2026","rel":"","context":"Similar post","img":{"alt_text":"","src":"https:\/\/i0.wp.com\/www.ogrodolszanica.pl\/wp-content\/uploads\/2022\/07\/echinacea-trevi-fountain_4.jpg?fit=433%2C650&ssl=1&resize=350%2C200","width":350,"height":200},"classes":[]},{"id":2341,"url":"https:\/\/www.ogrodolszanica.pl\/index.php\/produkt\/jezowka-fountain-light-purple\/","url_meta":{"origin":3280,"position":3},"title":"Je\u017c\u00f3wka Fountain Light Purple","date":"21 lipca, 2023","format":false,"excerpt":"Je\u017c\u00f3wka Fountain Light Purple Liczne r\u00f3\u017cowe kwiaty na kr\u00f3tkich \u0142odygach b\u0119d\u0105 zwraca\u0107 nasz\u0105 uwag\u0119 od czerwca do wrze\u015bnia. Ro\u015blina wymaga pe\u0142nego s\u0142o\u0144ca. Szczeg\u00f3lnie pi\u0119kna w grupie z innymi je\u017c\u00f3wkami. Pod\u0142o\u017ce powinno by\u0107 przepuszczalne o dobrym drena\u017cu. Bardzo potrzebuje wody, szczeg\u00f3lnie latem. Oczyszcza\u0107 dopiero wiosn\u0105 co pomo\u017ce ro\u015blinie przezimowa\u0107. Rodzaj: Je\u017c\u00f3wka\u2026","rel":"","context":"Similar post","img":{"alt_text":"","src":"https:\/\/i0.wp.com\/www.ogrodolszanica.pl\/wp-content\/uploads\/2023\/07\/byliny-i-trawy_fountain_77448_4.jpg?fit=434%2C650&ssl=1&resize=350%2C200","width":350,"height":200},"classes":[]},{"id":3359,"url":"https:\/\/www.ogrodolszanica.pl\/index.php\/produkt\/jezowka-pearl-deep-red\/","url_meta":{"origin":3280,"position":4},"title":"Je\u017c\u00f3wka Pearl Deep Red","date":"24 lutego, 2026","format":false,"excerpt":"Je\u017c\u00f3wka Red Pearl Echinacea Widowiskowa odmiana, kt\u00f3rej ozdob\u0105 s\u0105 urocze kwiaty, wyr\u00f3\u017cniaj\u0105ce si\u0119 intensywn\u0105, krwistoczerwon\u0105 barw\u0105. Je\u017c\u00f3wka 'Red Pearl' dorasta do oko\u0142o 40-50 cm wysoko\u015bci i 35 cm szeroko\u015bci. Ro\u015blina kwitnie obficie od lipca do pa\u017adziernika. W tym czasie na szczytach wyprostowanych, grubych \u0142odyg pojawiaj\u0105 si\u0119 cudowne kwiaty o efektownym,\u2026","rel":"","context":"Similar post","img":{"alt_text":"","src":"https:\/\/i0.wp.com\/www.ogrodolszanica.pl\/wp-content\/uploads\/2026\/02\/Jezowka-Pearl-Deep-Red-v2-scaled.jpg?fit=904%2C1200&ssl=1&resize=350%2C200","width":350,"height":200},"classes":[]},{"id":1564,"url":"https:\/\/www.ogrodolszanica.pl\/index.php\/produkt\/jezowka-purpurowa-powwow-white\/","url_meta":{"origin":3280,"position":5},"title":"Je\u017c\u00f3wka Purpurowa PowWow White","date":"12 lipca, 2022","format":false,"excerpt":"Je\u017c\u00f3wka Purpurowa PowWow White Je\u017c\u00f3wka purpurowa o bia\u0142ych kwiatach to ogrodowy klasyk. Seria PowWow to ro\u015bliny bardziej zwarte, ni\u017cszej wysoko\u015bci w por\u00f3wnaniu ze standardowymi odmianami dla gatunku je\u017c\u0119wki. Rodzaj: Je\u017c\u00f3wka Barwa: Ciemno-zielony szeroko\u015b\u0107: 30\u00a0cm wysoko\u015b\u0107: 40\u00a0cm wysoko\u015b\u0107 (kwitnienie): 60\u00a0cm kwitnienie: czerwiec \u00f7 sierpie\u0144 stanowisko: s\u0142oneczne, p\u00f3\u0142cieniste Dobierz odpowiednie pod\u0142o\u017ce z\u2026","rel":"","context":"Similar post","img":{"alt_text":"","src":"https:\/\/i0.wp.com\/www.ogrodolszanica.pl\/wp-content\/uploads\/2022\/07\/Echinacea-purpurea-PowWow-White_18099_2_JPEG_Cm_14_18_RGB_72.jpeg?fit=339%2C510&ssl=1&resize=350%2C200","width":350,"height":200},"classes":[]}],"_links":{"self":[{"href":"https:\/\/www.ogrodolszanica.pl\/index.php\/wp-json\/wp\/v2\/product\/3280","targetHints":{"allow":["GET"]}}],"collection":[{"href":"https:\/\/www.ogrodolszanica.pl\/index.php\/wp-json\/wp\/v2\/product"}],"about":[{"href":"https:\/\/www.ogrodolszanica.pl\/index.php\/wp-json\/wp\/v2\/types\/product"}],"replies":[{"embeddable":true,"href":"https:\/\/www.ogrodolszanica.pl\/index.php\/wp-json\/wp\/v2\/comments?post=3280"}],"wp:featuredmedia":[{"embeddable":true,"href":"https:\/\/www.ogrodolszanica.pl\/index.php\/wp-json\/wp\/v2\/media\/3284"}],"wp:attachment":[{"href":"https:\/\/www.ogrodolszanica.pl\/index.php\/wp-json\/wp\/v2\/media?parent=3280"}],"wp:term":[{"taxonomy":"product_cat","embeddable":true,"href":"https:\/\/www.ogrodolszanica.pl\/index.php\/wp-json\/wp\/v2\/product_cat?post=3280"},{"taxonomy":"product_tag","embeddable":true,"href":"https:\/\/www.ogrodolszanica.pl\/index.php\/wp-json\/wp\/v2\/product_tag?post=3280"}],"curies":[{"name":"wp","href":"https:\/\/api.w.org\/{rel}","templated":true}]}}