{"id":3211,"date":"2026-02-23T10:42:20","date_gmt":"2026-02-23T10:42:20","guid":{"rendered":"https:\/\/www.ogrodolszanica.pl\/?post_type=product&#038;p=3211"},"modified":"2026-02-23T12:29:46","modified_gmt":"2026-02-23T12:29:46","slug":"grabie-wzmacniane-verkatto-metal-38-x-150cm","status":"publish","type":"product","link":"https:\/\/www.ogrodolszanica.pl\/index.php\/produkt\/grabie-wzmacniane-verkatto-metal-38-x-150cm\/","title":{"rendered":"Grabie wzmacniane Verkatto metal 38 x 150cm"},"content":{"rendered":"<h1 style=\"text-align: center;\">Grabie wzmacniane Verkatto metal 38 x 150cm<\/h1>\n<h2 style=\"text-align: center;\">VR-7537<\/h2>\n<p style=\"text-align: center;\">Charakterystyka produktu:<\/p>\n<p style=\"text-align: center;\">\u2013\u00a0narz\u0119dzie w\u0142asnej produkcji!<\/p>\n<p style=\"text-align: center;\">\u2013 s\u0142u\u017c\u0105 do wyr\u00f3wnywania ziemi oraz do wygrabywania zanieczyszcze\u0144<\/p>\n<p style=\"text-align: center;\">\u2013 wykonane z wysokiej jako\u015bci stali w\u0119glowej utwardzonej<\/p>\n<p style=\"text-align: center;\">\u2013 drewniany, lakierowany trzonek<\/p>\n","protected":false},"excerpt":{"rendered":"<p>Grabie wzmacniane Verkatto metal 38 x 150cm VR-7537 Charakterystyka produktu: \u2013\u00a0narz\u0119dzie w\u0142asnej produkcji! \u2013 s\u0142u\u017c\u0105 do wyr\u00f3wnywania ziemi oraz do wygrabywania zanieczyszcze\u0144 \u2013 wykonane z wysokiej jako\u015bci stali w\u0119glowej utwardzonej \u2013 drewniany, lakierowany trzonek<\/p>\n","protected":false},"featured_media":3218,"comment_status":"open","ping_status":"closed","template":"","meta":{"site-sidebar-layout":"default","site-content-layout":"default","ast-global-header-display":"","ast-main-header-display":"","ast-hfb-above-header-display":"","ast-hfb-below-header-display":"","ast-hfb-mobile-header-display":"","site-post-title":"","ast-breadcrumbs-content":"","ast-featured-img":"","footer-sml-layout":"","theme-transparent-header-meta":"default","adv-header-id-meta":"","stick-header-meta":"","header-above-stick-meta":"","header-main-stick-meta":"","header-below-stick-meta":"","spay_email":""},"product_cat":[45],"product_tag":[],"class_list":["post-3211","product","type-product","status-publish","has-post-thumbnail","hentry","product_cat-grabie"],"yoast_head":"<!-- This site is optimized with the Yoast SEO plugin v19.2 - https:\/\/yoast.com\/wordpress\/plugins\/seo\/ -->\n<title>Grabie wzmacniane Verkatto metal 38 x 150cm - Ogr&oacute;d Olszanica<\/title>\n<meta name=\"robots\" content=\"index, follow, max-snippet:-1, max-image-preview:large, max-video-preview:-1\" \/>\n<link rel=\"canonical\" href=\"https:\/\/www.ogrodolszanica.pl\/index.php\/produkt\/grabie-wzmacniane-verkatto-metal-38-x-150cm\/\" \/>\n<meta property=\"og:locale\" content=\"pl_PL\" \/>\n<meta property=\"og:type\" content=\"article\" \/>\n<meta property=\"og:title\" content=\"Grabie wzmacniane Verkatto metal 38 x 150cm - Ogr&oacute;d Olszanica\" \/>\n<meta property=\"og:description\" content=\"Grabie wzmacniane Verkatto metal 38 x 150cm VR-7537 Charakterystyka produktu: \u2013\u00a0narz\u0119dzie w\u0142asnej produkcji! \u2013 s\u0142u\u017c\u0105 do wyr\u00f3wnywania ziemi oraz do wygrabywania zanieczyszcze\u0144 \u2013 wykonane z wysokiej jako\u015bci stali w\u0119glowej utwardzonej \u2013 drewniany, lakierowany trzonek\" \/>\n<meta property=\"og:url\" content=\"https:\/\/www.ogrodolszanica.pl\/index.php\/produkt\/grabie-wzmacniane-verkatto-metal-38-x-150cm\/\" \/>\n<meta property=\"og:site_name\" content=\"Ogr&oacute;d Olszanica\" \/>\n<meta property=\"article:publisher\" content=\"https:\/\/www.facebook.com\/Ogrd-Olszanica-100807179225223\" \/>\n<meta property=\"article:modified_time\" content=\"2026-02-23T12:29:46+00:00\" \/>\n<meta property=\"og:image\" content=\"https:\/\/www.ogrodolszanica.pl\/wp-content\/uploads\/2026\/02\/VR-7536.jpg\" \/>\n\t<meta property=\"og:image:width\" content=\"1024\" \/>\n\t<meta property=\"og:image:height\" content=\"768\" \/>\n\t<meta property=\"og:image:type\" content=\"image\/jpeg\" \/>\n<meta name=\"author\" content=\"admin\" \/>\n<meta name=\"twitter:card\" content=\"summary_large_image\" \/>\n<script type=\"application\/ld+json\" class=\"yoast-schema-graph\">{\"@context\":\"https:\/\/schema.org\",\"@graph\":[{\"@type\":\"Organization\",\"@id\":\"https:\/\/www.ogrodolszanica.pl\/#organization\",\"name\":\"Ogr\u00f3d Olszanica - Krakowskie Centrum Ogrodnicze\",\"url\":\"https:\/\/www.ogrodolszanica.pl\/\",\"sameAs\":[\"https:\/\/www.facebook.com\/Ogrd-Olszanica-100807179225223\"],\"logo\":{\"@type\":\"ImageObject\",\"inLanguage\":\"pl-PL\",\"@id\":\"https:\/\/www.ogrodolszanica.pl\/#\/schema\/logo\/image\/\",\"url\":\"http:\/\/www.ogrodolszanica.pl\/wp-content\/uploads\/2022\/06\/Ogrod-Olszanica1-1.png\",\"contentUrl\":\"http:\/\/www.ogrodolszanica.pl\/wp-content\/uploads\/2022\/06\/Ogrod-Olszanica1-1.png\",\"width\":180,\"height\":60,\"caption\":\"Ogr\u00f3d Olszanica - Krakowskie Centrum Ogrodnicze\"},\"image\":{\"@id\":\"https:\/\/www.ogrodolszanica.pl\/#\/schema\/logo\/image\/\"}},{\"@type\":\"WebSite\",\"@id\":\"https:\/\/www.ogrodolszanica.pl\/#website\",\"url\":\"https:\/\/www.ogrodolszanica.pl\/\",\"name\":\"Ogr&oacute;d Olszanica\",\"description\":\"Centrum Ogrodnicze Krak&oacute;w\",\"publisher\":{\"@id\":\"https:\/\/www.ogrodolszanica.pl\/#organization\"},\"potentialAction\":[{\"@type\":\"SearchAction\",\"target\":{\"@type\":\"EntryPoint\",\"urlTemplate\":\"https:\/\/www.ogrodolszanica.pl\/?s={search_term_string}\"},\"query-input\":\"required name=search_term_string\"}],\"inLanguage\":\"pl-PL\"},{\"@type\":\"ImageObject\",\"inLanguage\":\"pl-PL\",\"@id\":\"https:\/\/www.ogrodolszanica.pl\/index.php\/produkt\/grabie-wzmacniane-verkatto-metal-38-x-150cm\/#primaryimage\",\"url\":\"https:\/\/i0.wp.com\/www.ogrodolszanica.pl\/wp-content\/uploads\/2026\/02\/VR-7536.jpg?fit=1024%2C768&ssl=1\",\"contentUrl\":\"https:\/\/i0.wp.com\/www.ogrodolszanica.pl\/wp-content\/uploads\/2026\/02\/VR-7536.jpg?fit=1024%2C768&ssl=1\",\"width\":1024,\"height\":768},{\"@type\":\"WebPage\",\"@id\":\"https:\/\/www.ogrodolszanica.pl\/index.php\/produkt\/grabie-wzmacniane-verkatto-metal-38-x-150cm\/#webpage\",\"url\":\"https:\/\/www.ogrodolszanica.pl\/index.php\/produkt\/grabie-wzmacniane-verkatto-metal-38-x-150cm\/\",\"name\":\"Grabie wzmacniane Verkatto metal 38 x 150cm - Ogr&oacute;d Olszanica\",\"isPartOf\":{\"@id\":\"https:\/\/www.ogrodolszanica.pl\/#website\"},\"primaryImageOfPage\":{\"@id\":\"https:\/\/www.ogrodolszanica.pl\/index.php\/produkt\/grabie-wzmacniane-verkatto-metal-38-x-150cm\/#primaryimage\"},\"datePublished\":\"2026-02-23T10:42:20+00:00\",\"dateModified\":\"2026-02-23T12:29:46+00:00\",\"breadcrumb\":{\"@id\":\"https:\/\/www.ogrodolszanica.pl\/index.php\/produkt\/grabie-wzmacniane-verkatto-metal-38-x-150cm\/#breadcrumb\"},\"inLanguage\":\"pl-PL\",\"potentialAction\":[{\"@type\":\"ReadAction\",\"target\":[\"https:\/\/www.ogrodolszanica.pl\/index.php\/produkt\/grabie-wzmacniane-verkatto-metal-38-x-150cm\/\"]}]},{\"@type\":\"BreadcrumbList\",\"@id\":\"https:\/\/www.ogrodolszanica.pl\/index.php\/produkt\/grabie-wzmacniane-verkatto-metal-38-x-150cm\/#breadcrumb\",\"itemListElement\":[{\"@type\":\"ListItem\",\"position\":1,\"name\":\"Strona g\u0142\u00f3wna\",\"item\":\"https:\/\/www.ogrodolszanica.pl\/\"},{\"@type\":\"ListItem\",\"position\":2,\"name\":\"Produkty\",\"item\":\"https:\/\/www.ogrodolszanica.pl\/index.php\/shop\/\"},{\"@type\":\"ListItem\",\"position\":3,\"name\":\"Grabie wzmacniane Verkatto metal 38 x 150cm\"}]}]}<\/script>\n<!-- \/ Yoast SEO plugin. -->","yoast_head_json":{"title":"Grabie wzmacniane Verkatto metal 38 x 150cm - Ogr&oacute;d Olszanica","robots":{"index":"index","follow":"follow","max-snippet":"max-snippet:-1","max-image-preview":"max-image-preview:large","max-video-preview":"max-video-preview:-1"},"canonical":"https:\/\/www.ogrodolszanica.pl\/index.php\/produkt\/grabie-wzmacniane-verkatto-metal-38-x-150cm\/","og_locale":"pl_PL","og_type":"article","og_title":"Grabie wzmacniane Verkatto metal 38 x 150cm - Ogr&oacute;d Olszanica","og_description":"Grabie wzmacniane Verkatto metal 38 x 150cm VR-7537 Charakterystyka produktu: \u2013\u00a0narz\u0119dzie w\u0142asnej produkcji! \u2013 s\u0142u\u017c\u0105 do wyr\u00f3wnywania ziemi oraz do wygrabywania zanieczyszcze\u0144 \u2013 wykonane z wysokiej jako\u015bci stali w\u0119glowej utwardzonej \u2013 drewniany, lakierowany trzonek","og_url":"https:\/\/www.ogrodolszanica.pl\/index.php\/produkt\/grabie-wzmacniane-verkatto-metal-38-x-150cm\/","og_site_name":"Ogr&oacute;d Olszanica","article_publisher":"https:\/\/www.facebook.com\/Ogrd-Olszanica-100807179225223","article_modified_time":"2026-02-23T12:29:46+00:00","og_image":[{"width":1024,"height":768,"url":"https:\/\/www.ogrodolszanica.pl\/wp-content\/uploads\/2026\/02\/VR-7536.jpg","type":"image\/jpeg"}],"author":"admin","twitter_card":"summary_large_image","schema":{"@context":"https:\/\/schema.org","@graph":[{"@type":"Organization","@id":"https:\/\/www.ogrodolszanica.pl\/#organization","name":"Ogr\u00f3d Olszanica - Krakowskie Centrum Ogrodnicze","url":"https:\/\/www.ogrodolszanica.pl\/","sameAs":["https:\/\/www.facebook.com\/Ogrd-Olszanica-100807179225223"],"logo":{"@type":"ImageObject","inLanguage":"pl-PL","@id":"https:\/\/www.ogrodolszanica.pl\/#\/schema\/logo\/image\/","url":"http:\/\/www.ogrodolszanica.pl\/wp-content\/uploads\/2022\/06\/Ogrod-Olszanica1-1.png","contentUrl":"http:\/\/www.ogrodolszanica.pl\/wp-content\/uploads\/2022\/06\/Ogrod-Olszanica1-1.png","width":180,"height":60,"caption":"Ogr\u00f3d Olszanica - Krakowskie Centrum Ogrodnicze"},"image":{"@id":"https:\/\/www.ogrodolszanica.pl\/#\/schema\/logo\/image\/"}},{"@type":"WebSite","@id":"https:\/\/www.ogrodolszanica.pl\/#website","url":"https:\/\/www.ogrodolszanica.pl\/","name":"Ogr&oacute;d Olszanica","description":"Centrum Ogrodnicze Krak&oacute;w","publisher":{"@id":"https:\/\/www.ogrodolszanica.pl\/#organization"},"potentialAction":[{"@type":"SearchAction","target":{"@type":"EntryPoint","urlTemplate":"https:\/\/www.ogrodolszanica.pl\/?s={search_term_string}"},"query-input":"required name=search_term_string"}],"inLanguage":"pl-PL"},{"@type":"ImageObject","inLanguage":"pl-PL","@id":"https:\/\/www.ogrodolszanica.pl\/index.php\/produkt\/grabie-wzmacniane-verkatto-metal-38-x-150cm\/#primaryimage","url":"https:\/\/i0.wp.com\/www.ogrodolszanica.pl\/wp-content\/uploads\/2026\/02\/VR-7536.jpg?fit=1024%2C768&ssl=1","contentUrl":"https:\/\/i0.wp.com\/www.ogrodolszanica.pl\/wp-content\/uploads\/2026\/02\/VR-7536.jpg?fit=1024%2C768&ssl=1","width":1024,"height":768},{"@type":"WebPage","@id":"https:\/\/www.ogrodolszanica.pl\/index.php\/produkt\/grabie-wzmacniane-verkatto-metal-38-x-150cm\/#webpage","url":"https:\/\/www.ogrodolszanica.pl\/index.php\/produkt\/grabie-wzmacniane-verkatto-metal-38-x-150cm\/","name":"Grabie wzmacniane Verkatto metal 38 x 150cm - Ogr&oacute;d Olszanica","isPartOf":{"@id":"https:\/\/www.ogrodolszanica.pl\/#website"},"primaryImageOfPage":{"@id":"https:\/\/www.ogrodolszanica.pl\/index.php\/produkt\/grabie-wzmacniane-verkatto-metal-38-x-150cm\/#primaryimage"},"datePublished":"2026-02-23T10:42:20+00:00","dateModified":"2026-02-23T12:29:46+00:00","breadcrumb":{"@id":"https:\/\/www.ogrodolszanica.pl\/index.php\/produkt\/grabie-wzmacniane-verkatto-metal-38-x-150cm\/#breadcrumb"},"inLanguage":"pl-PL","potentialAction":[{"@type":"ReadAction","target":["https:\/\/www.ogrodolszanica.pl\/index.php\/produkt\/grabie-wzmacniane-verkatto-metal-38-x-150cm\/"]}]},{"@type":"BreadcrumbList","@id":"https:\/\/www.ogrodolszanica.pl\/index.php\/produkt\/grabie-wzmacniane-verkatto-metal-38-x-150cm\/#breadcrumb","itemListElement":[{"@type":"ListItem","position":1,"name":"Strona g\u0142\u00f3wna","item":"https:\/\/www.ogrodolszanica.pl\/"},{"@type":"ListItem","position":2,"name":"Produkty","item":"https:\/\/www.ogrodolszanica.pl\/index.php\/shop\/"},{"@type":"ListItem","position":3,"name":"Grabie wzmacniane Verkatto metal 38 x 150cm"}]}]}},"jetpack-related-posts":[{"id":3212,"url":"https:\/\/www.ogrodolszanica.pl\/index.php\/produkt\/grabie-woman-dla-kobiet-verkatto-metal-130cmx38cm\/","url_meta":{"origin":3211,"position":0},"title":"Grabie woman dla kobiet Verkatto metal 130cmx38cm","date":"23 lutego, 2026","format":false,"excerpt":"Grabie woman dla kobiet Verkatto metal 130cmx38cm VR-7547 Charakterystyka produktu: \u2013\u00a0narz\u0119dzie w\u0142asnej produkcji! \u2013 s\u0142u\u017c\u0105 do wyr\u00f3wnywania ziemi oraz do wygrabywania zanieczyszcze\u0144 \u2013 g\u0142owica ze stali borowej hartowanej zapewnia \u017ce z\u0119by nie odkszta\u0142caj\u0105 si\u0119 nawet przy ci\u0119\u017ckiej pracy \u2013 l\u017cejsze, mniejsze i bardziej por\u0119czne, dedykowane m.in. kobietom \u2013 ergonomiczny trzonek\u2026","rel":"","context":"Similar post","img":{"alt_text":"","src":"https:\/\/i0.wp.com\/www.ogrodolszanica.pl\/wp-content\/uploads\/2026\/02\/VR-7547-grabie-woman.jpg?fit=1024%2C768&ssl=1&resize=350%2C200","width":350,"height":200},"classes":[]},{"id":3208,"url":"https:\/\/www.ogrodolszanica.pl\/index.php\/produkt\/grabie-verkatto-tworzywo-sztuczne-koncowka-do-grabi\/","url_meta":{"origin":3211,"position":1},"title":"Grabie Verkatto tworzywo sztuczne ko\u0144c\u00f3wka do grabi","date":"23 lutego, 2026","format":false,"excerpt":"Grabie Verkatto tworzywo sztuczne ko\u0144c\u00f3wka do grabi VR-7452 Charakterystyka produktu: \u2013 Lekkie, wykonane z tworzywa sztucznego grabie przeznaczone do piel\u0119gnacji trawnik\u00f3w, zgarniania li\u015bci i wszelkich prac porz\u0105dkowych w ogrodzie i wok\u00f3\u0142 domu \u2013 Najwy\u017csza jako\u015b\u0107 tworzywa i wachlarzowa budowa zapewniaj\u0105 d\u0142ug\u0105 trwa\u0142o\u015b\u0107 i komfort pracy \u2013 Dostosowane do systemu monta\u017cu\u2026","rel":"","context":"Similar post","img":{"alt_text":"","src":"https:\/\/i0.wp.com\/www.ogrodolszanica.pl\/wp-content\/uploads\/2026\/02\/grabie-do-lisci-click-L-VR-7452-scaled.jpg?fit=1200%2C1016&ssl=1&resize=350%2C200","width":350,"height":200},"classes":[]},{"id":4033,"url":"https:\/\/www.ogrodolszanica.pl\/index.php\/produkt\/grabie-do-lisci-metalowe-regulowane-50-x-140cm\/","url_meta":{"origin":3211,"position":2},"title":"Grabie do li\u015bci metalowe regulowane 50 x 140cm","date":"4 marca, 2026","format":false,"excerpt":"Grabie wachlarzowe regulowane szer.50 cm metalowe Por\u0119czne grabie do li\u015bci i trawnika z mo\u017cliwo\u015bci\u0105 regulacji rozstawu z\u0119b\u00f3w. Dodatkowo podczas zmiany szeroko\u015bci g\u0142owicy (rozstawu z\u0119b\u00f3w) zmienia si\u0119 te\u017c d\u0142ugo\u015b\u0107 narz\u0119dzia (od 107 do 140 cm), pozwala to lepiej dopasowa\u0107 wielko\u015b\u0107 narz\u0119dzia do wzrostu u\u017cytkownika. Grabie wachlarzowe wykonane ze stali ocynkowanej, zako\u0144czone\u2026","rel":"","context":"Similar post","img":{"alt_text":"","src":"https:\/\/i0.wp.com\/www.ogrodolszanica.pl\/wp-content\/uploads\/2026\/03\/Grabie-do-lisci-metalowe-regulowane.jpg?fit=800%2C1200&ssl=1&resize=350%2C200","width":350,"height":200},"classes":[]},{"id":3188,"url":"https:\/\/www.ogrodolszanica.pl\/index.php\/produkt\/zylka-tnaca-gwiazda-13mm-x-15m-verkatto\/","url_meta":{"origin":3211,"position":3},"title":"\u017by\u0142ka tn\u0105ca gwiazda 1,3mm x 15m Verkatto","date":"23 lutego, 2026","format":false,"excerpt":"\u017by\u0142ka tn\u0105ca gwiazda 1.3mm 15m VR-7325 Charakterystyka produktu: \u2013 do wykaszarek, podkaszarek r\u0119cznych, kos spalinowych i elektrycznych \u2013 \u017cy\u0142ka typu gwiazdka","rel":"","context":"Similar post","img":{"alt_text":"","src":"https:\/\/i0.wp.com\/www.ogrodolszanica.pl\/wp-content\/uploads\/2026\/02\/zylka-1.3mm-15m-VR-7325-scaled.jpg?fit=1200%2C876&ssl=1&resize=350%2C200","width":350,"height":200},"classes":[]},{"id":3189,"url":"https:\/\/www.ogrodolszanica.pl\/index.php\/produkt\/zylka-tnaca-gwiazda-16mm-x-15m-verkatto\/","url_meta":{"origin":3211,"position":4},"title":"\u017by\u0142ka tn\u0105ca gwiazda 1,6mm x 15m Verkatto","date":"23 lutego, 2026","format":false,"excerpt":"\u017by\u0142ka tn\u0105ca gwiazda 1,6mm 15m VR-7326 Charakterystyka produktu: \u2013 do wykaszarek, podkaszarek r\u0119cznych, kos spalinowych i elektrycznych \u2013 \u017cy\u0142ka typu gwiazdka","rel":"","context":"Similar post","img":{"alt_text":"","src":"https:\/\/i0.wp.com\/www.ogrodolszanica.pl\/wp-content\/uploads\/2026\/02\/zylka-1.6mm-15m-VR-7326-scaled.jpg?fit=1200%2C1085&ssl=1&resize=350%2C200","width":350,"height":200},"classes":[]},{"id":3174,"url":"https:\/\/www.ogrodolszanica.pl\/index.php\/produkt\/dysza-zraszajaca-v-plus-verkatto\/","url_meta":{"origin":3211,"position":5},"title":"Dysza zraszaj\u0105ca V-PLUS Verkatto","date":"23 lutego, 2026","format":false,"excerpt":"Dysza zraszaj\u0105ca V-PLUS Verkatto VR-7163 Charakterystyka produktu: \u2013 p\u0142ynna regulacja strumienia wody \u2013 zraszacz zapewnia du\u017cy przep\u0142yw wody","rel":"","context":"Similar post","img":{"alt_text":"","src":"https:\/\/i0.wp.com\/www.ogrodolszanica.pl\/wp-content\/uploads\/2026\/02\/VR-7163-2.jpg?fit=1024%2C768&ssl=1&resize=350%2C200","width":350,"height":200},"classes":[]}],"_links":{"self":[{"href":"https:\/\/www.ogrodolszanica.pl\/index.php\/wp-json\/wp\/v2\/product\/3211","targetHints":{"allow":["GET"]}}],"collection":[{"href":"https:\/\/www.ogrodolszanica.pl\/index.php\/wp-json\/wp\/v2\/product"}],"about":[{"href":"https:\/\/www.ogrodolszanica.pl\/index.php\/wp-json\/wp\/v2\/types\/product"}],"replies":[{"embeddable":true,"href":"https:\/\/www.ogrodolszanica.pl\/index.php\/wp-json\/wp\/v2\/comments?post=3211"}],"wp:featuredmedia":[{"embeddable":true,"href":"https:\/\/www.ogrodolszanica.pl\/index.php\/wp-json\/wp\/v2\/media\/3218"}],"wp:attachment":[{"href":"https:\/\/www.ogrodolszanica.pl\/index.php\/wp-json\/wp\/v2\/media?parent=3211"}],"wp:term":[{"taxonomy":"product_cat","embeddable":true,"href":"https:\/\/www.ogrodolszanica.pl\/index.php\/wp-json\/wp\/v2\/product_cat?post=3211"},{"taxonomy":"product_tag","embeddable":true,"href":"https:\/\/www.ogrodolszanica.pl\/index.php\/wp-json\/wp\/v2\/product_tag?post=3211"}],"curies":[{"name":"wp","href":"https:\/\/api.w.org\/{rel}","templated":true}]}}