{"id":3210,"date":"2026-02-23T10:41:02","date_gmt":"2026-02-23T10:41:02","guid":{"rendered":"https:\/\/www.ogrodolszanica.pl\/?post_type=product&#038;p=3210"},"modified":"2026-02-23T10:41:02","modified_gmt":"2026-02-23T10:41:02","slug":"latarka-kieszonkowa-led-z-zoomem-verkatto-mala","status":"publish","type":"product","link":"https:\/\/www.ogrodolszanica.pl\/index.php\/produkt\/latarka-kieszonkowa-led-z-zoomem-verkatto-mala\/","title":{"rendered":"Latarka kieszonkowa LED z zoomem Verkatto ma\u0142a"},"content":{"rendered":"<h1 style=\"text-align: center;\">Latarka kieszonkowa LED z zoomem Verkatto ma\u0142a<\/h1>\n<h2 style=\"text-align: center;\">VR-7508<\/h2>\n<p style=\"text-align: center;\">Charakterystyka produktu:<\/p>\n<p style=\"text-align: center;\">-Por\u0119czna Latarka kieszonkowa LED z zoomem<\/p>\n<p style=\"text-align: center;\">-Rodzaj diody: Led<\/p>\n<p style=\"text-align: center;\">-Moc diody: 1W<\/p>\n<p style=\"text-align: center;\">-Moc \u015bwiat\u0142a: 20 lm<\/p>\n<p style=\"text-align: center;\">-Rodzaj i ilo\u015b\u0107 baterii 3xAA (brak baterii w zestawie)<\/p>\n","protected":false},"excerpt":{"rendered":"<p>Latarka kieszonkowa LED z zoomem Verkatto ma\u0142a VR-7508 Charakterystyka produktu: -Por\u0119czna Latarka kieszonkowa LED z zoomem -Rodzaj diody: Led -Moc diody: 1W -Moc \u015bwiat\u0142a: 20 lm -Rodzaj i ilo\u015b\u0107 baterii 3xAA (brak baterii w zestawie)<\/p>\n","protected":false},"featured_media":3062,"comment_status":"open","ping_status":"closed","template":"","meta":{"site-sidebar-layout":"default","site-content-layout":"default","ast-global-header-display":"","ast-main-header-display":"","ast-hfb-above-header-display":"","ast-hfb-below-header-display":"","ast-hfb-mobile-header-display":"","site-post-title":"","ast-breadcrumbs-content":"","ast-featured-img":"","footer-sml-layout":"","theme-transparent-header-meta":"default","adv-header-id-meta":"","stick-header-meta":"","header-above-stick-meta":"","header-main-stick-meta":"","header-below-stick-meta":"","spay_email":""},"product_cat":[44],"product_tag":[],"class_list":["post-3210","product","type-product","status-publish","has-post-thumbnail","hentry","product_cat-male-narzedzia"],"yoast_head":"<!-- This site is optimized with the Yoast SEO plugin v19.2 - https:\/\/yoast.com\/wordpress\/plugins\/seo\/ -->\n<title>Latarka kieszonkowa LED z zoomem Verkatto ma\u0142a - Ogr&oacute;d Olszanica<\/title>\n<meta name=\"robots\" content=\"index, follow, max-snippet:-1, max-image-preview:large, max-video-preview:-1\" \/>\n<link rel=\"canonical\" href=\"https:\/\/www.ogrodolszanica.pl\/index.php\/produkt\/latarka-kieszonkowa-led-z-zoomem-verkatto-mala\/\" \/>\n<meta property=\"og:locale\" content=\"pl_PL\" \/>\n<meta property=\"og:type\" content=\"article\" \/>\n<meta property=\"og:title\" content=\"Latarka kieszonkowa LED z zoomem Verkatto ma\u0142a - Ogr&oacute;d Olszanica\" \/>\n<meta property=\"og:description\" content=\"Latarka kieszonkowa LED z zoomem Verkatto ma\u0142a VR-7508 Charakterystyka produktu: -Por\u0119czna Latarka kieszonkowa LED z zoomem -Rodzaj diody: Led -Moc diody: 1W -Moc \u015bwiat\u0142a: 20 lm -Rodzaj i ilo\u015b\u0107 baterii 3xAA (brak baterii w zestawie)\" \/>\n<meta property=\"og:url\" content=\"https:\/\/www.ogrodolszanica.pl\/index.php\/produkt\/latarka-kieszonkowa-led-z-zoomem-verkatto-mala\/\" \/>\n<meta property=\"og:site_name\" content=\"Ogr&oacute;d Olszanica\" \/>\n<meta property=\"article:publisher\" content=\"https:\/\/www.facebook.com\/Ogrd-Olszanica-100807179225223\" \/>\n<meta property=\"og:image\" content=\"https:\/\/www.ogrodolszanica.pl\/wp-content\/uploads\/2026\/02\/latarka-VR-7508-v3-scaled.jpg\" \/>\n\t<meta property=\"og:image:width\" content=\"2241\" \/>\n\t<meta property=\"og:image:height\" content=\"2560\" \/>\n\t<meta property=\"og:image:type\" content=\"image\/jpeg\" \/>\n<meta name=\"author\" content=\"admin\" \/>\n<meta name=\"twitter:card\" content=\"summary_large_image\" \/>\n<script type=\"application\/ld+json\" class=\"yoast-schema-graph\">{\"@context\":\"https:\/\/schema.org\",\"@graph\":[{\"@type\":\"Organization\",\"@id\":\"https:\/\/www.ogrodolszanica.pl\/#organization\",\"name\":\"Ogr\u00f3d Olszanica - Krakowskie Centrum Ogrodnicze\",\"url\":\"https:\/\/www.ogrodolszanica.pl\/\",\"sameAs\":[\"https:\/\/www.facebook.com\/Ogrd-Olszanica-100807179225223\"],\"logo\":{\"@type\":\"ImageObject\",\"inLanguage\":\"pl-PL\",\"@id\":\"https:\/\/www.ogrodolszanica.pl\/#\/schema\/logo\/image\/\",\"url\":\"http:\/\/www.ogrodolszanica.pl\/wp-content\/uploads\/2022\/06\/Ogrod-Olszanica1-1.png\",\"contentUrl\":\"http:\/\/www.ogrodolszanica.pl\/wp-content\/uploads\/2022\/06\/Ogrod-Olszanica1-1.png\",\"width\":180,\"height\":60,\"caption\":\"Ogr\u00f3d Olszanica - Krakowskie Centrum Ogrodnicze\"},\"image\":{\"@id\":\"https:\/\/www.ogrodolszanica.pl\/#\/schema\/logo\/image\/\"}},{\"@type\":\"WebSite\",\"@id\":\"https:\/\/www.ogrodolszanica.pl\/#website\",\"url\":\"https:\/\/www.ogrodolszanica.pl\/\",\"name\":\"Ogr&oacute;d Olszanica\",\"description\":\"Centrum Ogrodnicze Krak&oacute;w\",\"publisher\":{\"@id\":\"https:\/\/www.ogrodolszanica.pl\/#organization\"},\"potentialAction\":[{\"@type\":\"SearchAction\",\"target\":{\"@type\":\"EntryPoint\",\"urlTemplate\":\"https:\/\/www.ogrodolszanica.pl\/?s={search_term_string}\"},\"query-input\":\"required name=search_term_string\"}],\"inLanguage\":\"pl-PL\"},{\"@type\":\"ImageObject\",\"inLanguage\":\"pl-PL\",\"@id\":\"https:\/\/www.ogrodolszanica.pl\/index.php\/produkt\/latarka-kieszonkowa-led-z-zoomem-verkatto-mala\/#primaryimage\",\"url\":\"https:\/\/i0.wp.com\/www.ogrodolszanica.pl\/wp-content\/uploads\/2026\/02\/latarka-VR-7508-v3-scaled.jpg?fit=2241%2C2560&ssl=1\",\"contentUrl\":\"https:\/\/i0.wp.com\/www.ogrodolszanica.pl\/wp-content\/uploads\/2026\/02\/latarka-VR-7508-v3-scaled.jpg?fit=2241%2C2560&ssl=1\",\"width\":2241,\"height\":2560},{\"@type\":\"WebPage\",\"@id\":\"https:\/\/www.ogrodolszanica.pl\/index.php\/produkt\/latarka-kieszonkowa-led-z-zoomem-verkatto-mala\/#webpage\",\"url\":\"https:\/\/www.ogrodolszanica.pl\/index.php\/produkt\/latarka-kieszonkowa-led-z-zoomem-verkatto-mala\/\",\"name\":\"Latarka kieszonkowa LED z zoomem Verkatto ma\u0142a - Ogr&oacute;d Olszanica\",\"isPartOf\":{\"@id\":\"https:\/\/www.ogrodolszanica.pl\/#website\"},\"primaryImageOfPage\":{\"@id\":\"https:\/\/www.ogrodolszanica.pl\/index.php\/produkt\/latarka-kieszonkowa-led-z-zoomem-verkatto-mala\/#primaryimage\"},\"datePublished\":\"2026-02-23T10:41:02+00:00\",\"dateModified\":\"2026-02-23T10:41:02+00:00\",\"breadcrumb\":{\"@id\":\"https:\/\/www.ogrodolszanica.pl\/index.php\/produkt\/latarka-kieszonkowa-led-z-zoomem-verkatto-mala\/#breadcrumb\"},\"inLanguage\":\"pl-PL\",\"potentialAction\":[{\"@type\":\"ReadAction\",\"target\":[\"https:\/\/www.ogrodolszanica.pl\/index.php\/produkt\/latarka-kieszonkowa-led-z-zoomem-verkatto-mala\/\"]}]},{\"@type\":\"BreadcrumbList\",\"@id\":\"https:\/\/www.ogrodolszanica.pl\/index.php\/produkt\/latarka-kieszonkowa-led-z-zoomem-verkatto-mala\/#breadcrumb\",\"itemListElement\":[{\"@type\":\"ListItem\",\"position\":1,\"name\":\"Strona g\u0142\u00f3wna\",\"item\":\"https:\/\/www.ogrodolszanica.pl\/\"},{\"@type\":\"ListItem\",\"position\":2,\"name\":\"Produkty\",\"item\":\"https:\/\/www.ogrodolszanica.pl\/index.php\/shop\/\"},{\"@type\":\"ListItem\",\"position\":3,\"name\":\"Latarka kieszonkowa LED z zoomem Verkatto ma\u0142a\"}]}]}<\/script>\n<!-- \/ Yoast SEO plugin. -->","yoast_head_json":{"title":"Latarka kieszonkowa LED z zoomem Verkatto ma\u0142a - Ogr&oacute;d Olszanica","robots":{"index":"index","follow":"follow","max-snippet":"max-snippet:-1","max-image-preview":"max-image-preview:large","max-video-preview":"max-video-preview:-1"},"canonical":"https:\/\/www.ogrodolszanica.pl\/index.php\/produkt\/latarka-kieszonkowa-led-z-zoomem-verkatto-mala\/","og_locale":"pl_PL","og_type":"article","og_title":"Latarka kieszonkowa LED z zoomem Verkatto ma\u0142a - Ogr&oacute;d Olszanica","og_description":"Latarka kieszonkowa LED z zoomem Verkatto ma\u0142a VR-7508 Charakterystyka produktu: -Por\u0119czna Latarka kieszonkowa LED z zoomem -Rodzaj diody: Led -Moc diody: 1W -Moc \u015bwiat\u0142a: 20 lm -Rodzaj i ilo\u015b\u0107 baterii 3xAA (brak baterii w zestawie)","og_url":"https:\/\/www.ogrodolszanica.pl\/index.php\/produkt\/latarka-kieszonkowa-led-z-zoomem-verkatto-mala\/","og_site_name":"Ogr&oacute;d Olszanica","article_publisher":"https:\/\/www.facebook.com\/Ogrd-Olszanica-100807179225223","og_image":[{"width":2241,"height":2560,"url":"https:\/\/www.ogrodolszanica.pl\/wp-content\/uploads\/2026\/02\/latarka-VR-7508-v3-scaled.jpg","type":"image\/jpeg"}],"author":"admin","twitter_card":"summary_large_image","schema":{"@context":"https:\/\/schema.org","@graph":[{"@type":"Organization","@id":"https:\/\/www.ogrodolszanica.pl\/#organization","name":"Ogr\u00f3d Olszanica - Krakowskie Centrum Ogrodnicze","url":"https:\/\/www.ogrodolszanica.pl\/","sameAs":["https:\/\/www.facebook.com\/Ogrd-Olszanica-100807179225223"],"logo":{"@type":"ImageObject","inLanguage":"pl-PL","@id":"https:\/\/www.ogrodolszanica.pl\/#\/schema\/logo\/image\/","url":"http:\/\/www.ogrodolszanica.pl\/wp-content\/uploads\/2022\/06\/Ogrod-Olszanica1-1.png","contentUrl":"http:\/\/www.ogrodolszanica.pl\/wp-content\/uploads\/2022\/06\/Ogrod-Olszanica1-1.png","width":180,"height":60,"caption":"Ogr\u00f3d Olszanica - Krakowskie Centrum Ogrodnicze"},"image":{"@id":"https:\/\/www.ogrodolszanica.pl\/#\/schema\/logo\/image\/"}},{"@type":"WebSite","@id":"https:\/\/www.ogrodolszanica.pl\/#website","url":"https:\/\/www.ogrodolszanica.pl\/","name":"Ogr&oacute;d Olszanica","description":"Centrum Ogrodnicze Krak&oacute;w","publisher":{"@id":"https:\/\/www.ogrodolszanica.pl\/#organization"},"potentialAction":[{"@type":"SearchAction","target":{"@type":"EntryPoint","urlTemplate":"https:\/\/www.ogrodolszanica.pl\/?s={search_term_string}"},"query-input":"required name=search_term_string"}],"inLanguage":"pl-PL"},{"@type":"ImageObject","inLanguage":"pl-PL","@id":"https:\/\/www.ogrodolszanica.pl\/index.php\/produkt\/latarka-kieszonkowa-led-z-zoomem-verkatto-mala\/#primaryimage","url":"https:\/\/i0.wp.com\/www.ogrodolszanica.pl\/wp-content\/uploads\/2026\/02\/latarka-VR-7508-v3-scaled.jpg?fit=2241%2C2560&ssl=1","contentUrl":"https:\/\/i0.wp.com\/www.ogrodolszanica.pl\/wp-content\/uploads\/2026\/02\/latarka-VR-7508-v3-scaled.jpg?fit=2241%2C2560&ssl=1","width":2241,"height":2560},{"@type":"WebPage","@id":"https:\/\/www.ogrodolszanica.pl\/index.php\/produkt\/latarka-kieszonkowa-led-z-zoomem-verkatto-mala\/#webpage","url":"https:\/\/www.ogrodolszanica.pl\/index.php\/produkt\/latarka-kieszonkowa-led-z-zoomem-verkatto-mala\/","name":"Latarka kieszonkowa LED z zoomem Verkatto ma\u0142a - Ogr&oacute;d Olszanica","isPartOf":{"@id":"https:\/\/www.ogrodolszanica.pl\/#website"},"primaryImageOfPage":{"@id":"https:\/\/www.ogrodolszanica.pl\/index.php\/produkt\/latarka-kieszonkowa-led-z-zoomem-verkatto-mala\/#primaryimage"},"datePublished":"2026-02-23T10:41:02+00:00","dateModified":"2026-02-23T10:41:02+00:00","breadcrumb":{"@id":"https:\/\/www.ogrodolszanica.pl\/index.php\/produkt\/latarka-kieszonkowa-led-z-zoomem-verkatto-mala\/#breadcrumb"},"inLanguage":"pl-PL","potentialAction":[{"@type":"ReadAction","target":["https:\/\/www.ogrodolszanica.pl\/index.php\/produkt\/latarka-kieszonkowa-led-z-zoomem-verkatto-mala\/"]}]},{"@type":"BreadcrumbList","@id":"https:\/\/www.ogrodolszanica.pl\/index.php\/produkt\/latarka-kieszonkowa-led-z-zoomem-verkatto-mala\/#breadcrumb","itemListElement":[{"@type":"ListItem","position":1,"name":"Strona g\u0142\u00f3wna","item":"https:\/\/www.ogrodolszanica.pl\/"},{"@type":"ListItem","position":2,"name":"Produkty","item":"https:\/\/www.ogrodolszanica.pl\/index.php\/shop\/"},{"@type":"ListItem","position":3,"name":"Latarka kieszonkowa LED z zoomem Verkatto ma\u0142a"}]}]}},"jetpack-related-posts":[{"id":3207,"url":"https:\/\/www.ogrodolszanica.pl\/index.php\/produkt\/saperka-z-metalowym-trzonkiem-verkatto-mala-lopata-do-ogrodu\/","url_meta":{"origin":3210,"position":0},"title":"Saperka z metalowym trzonkiem Verkatto ma\u0142a \u0142opata do ogrodu","date":"23 lutego, 2026","format":false,"excerpt":"Saperka z metalowym trzonkiem Verkatto VR-7409 Charakterystyka produktu: \u2013\u00a0Narz\u0119dzie w\u0142asnej produkcji \u2013 s\u0142u\u017cy do kopania w ziemi lub innych materia\u0142ach sypkich \u2013 wykonana z wysokiej jako\u015bci stali utwardzonej \u2013 ergonomiczna r\u0119koje\u015b\u0107","rel":"","context":"Similar post","img":{"alt_text":"","src":"https:\/\/i0.wp.com\/www.ogrodolszanica.pl\/wp-content\/uploads\/2026\/02\/saperka-VR-7409-scaled.jpg?fit=1193%2C1200&ssl=1&resize=350%2C200","width":350,"height":200},"classes":[]},{"id":3205,"url":"https:\/\/www.ogrodolszanica.pl\/index.php\/produkt\/szpadel-prosty-z-metalowym-trzonkiem-verkatto-lopata-do-ogrodu\/","url_meta":{"origin":3210,"position":1},"title":"Szpadel prosty z metalowym trzonkiem Verkatto \u0142opata do ogrodu","date":"23 lutego, 2026","format":false,"excerpt":"Szpadel prosty z metalowym trzonkiem Verkatto VR-7401 Charakterystyka produktu: \u2013\u00a0narz\u0119dzie w\u0142asnej produkcji! \u2013 s\u0142u\u017cy do kopania w ziemi lub innych materia\u0142ach sypkich \u2013 wykonany z wysokiej jako\u015bci stali hartowanej \u2013 solidny i trwa\u0142y spaw \u2013 antypo\u015blizgowy naci\u0105g na trzonku wykonany z PVC \u2013 ergonomiczny kszta\u0142t \u2013 wytrzyma\u0142a i odporna na\u2026","rel":"","context":"Similar post","img":{"alt_text":"","src":"https:\/\/i0.wp.com\/www.ogrodolszanica.pl\/wp-content\/uploads\/2026\/02\/szpadel-prosty-VR-7401-scaled.jpg?fit=942%2C1200&ssl=1&resize=350%2C200","width":350,"height":200},"classes":[]},{"id":3206,"url":"https:\/\/www.ogrodolszanica.pl\/index.php\/produkt\/szpadel-szpiczasty-z-metalowym-trzonkiem-verkatto-lopata-do-ogrodu\/","url_meta":{"origin":3210,"position":2},"title":"Szpadel szpiczasty z metalowym trzonkiem Verkatto \u0142opata do ogrodu","date":"23 lutego, 2026","format":false,"excerpt":"Szpadel szpiczasty z metalowym trzonkiem Verkatto VR-7402 Charakterystyka produktu: \u2013\u00a0narz\u0119dzie w\u0142asnej produkcji! \u2013 s\u0142u\u017cy do kopania w ziemi lub innych materia\u0142ach sypkich \u2013 wykonany z wysokiej jako\u015bci stali hartowanej \u2013 solidny i trwa\u0142y spaw \u2013 antypo\u015blizgowy naci\u0105g na trzonku wykonany z PVC \u2013 ergonomiczny kszta\u0142t \u2013 wytrzyma\u0142a i odporna na\u2026","rel":"","context":"Similar post","img":{"alt_text":"","src":"https:\/\/i0.wp.com\/www.ogrodolszanica.pl\/wp-content\/uploads\/2026\/02\/szpadel-spiczasty-VR-7402-scaled.jpg?fit=968%2C1200&ssl=1&resize=350%2C200","width":350,"height":200},"classes":[]},{"id":3175,"url":"https:\/\/www.ogrodolszanica.pl\/index.php\/produkt\/pistolet-zraszajacy-verkatto\/","url_meta":{"origin":3210,"position":3},"title":"Pistolet zraszaj\u0105cy Verkatto","date":"23 lutego, 2026","format":false,"excerpt":"Pistolet zraszaj\u0105cy Verkatto VR-7197 Charakterystyka produktu: \u2013 stosowany do podlewania, nawadniania i czyszczenia \u2013 dobrze wywa\u017cony, idealnie le\u017cy w d\u0142oni \u2013 wykonany z wysokiej jako\u015bci tworzywa sztucznego","rel":"","context":"Similar post","img":{"alt_text":"","src":"https:\/\/i0.wp.com\/www.ogrodolszanica.pl\/wp-content\/uploads\/2026\/02\/VR-7197.jpg?fit=1024%2C768&ssl=1&resize=350%2C200","width":350,"height":200},"classes":[]},{"id":3177,"url":"https:\/\/www.ogrodolszanica.pl\/index.php\/produkt\/sekator-ogrodowy-maly-verkatto-205mm\/","url_meta":{"origin":3210,"position":4},"title":"Sekator ogrodowy ma\u0142y Verkatto 205mm","date":"23 lutego, 2026","format":false,"excerpt":"Sekator ogrodowy 205mm Verkatto VR-7260 Charakterystyka produktu: \u2013 ostrze wykonane z wytrzyma\u0142ej stali \u2013 rozmiar 205 mm \u2013 maksymalna \u015brednica ci\u0119tych ga\u0142\u0119zi: 19 mm","rel":"","context":"Similar post","img":{"alt_text":"","src":"https:\/\/i0.wp.com\/www.ogrodolszanica.pl\/wp-content\/uploads\/2026\/02\/VR-7260.jpg?fit=1024%2C768&ssl=1&resize=350%2C200","width":350,"height":200},"classes":[]},{"id":3176,"url":"https:\/\/www.ogrodolszanica.pl\/index.php\/produkt\/pistolet-natryskowy-9x-multispray-verkatto\/","url_meta":{"origin":3210,"position":5},"title":"Pistolet natryskowy 9x MultiSPRAY Verkatto","date":"23 lutego, 2026","format":false,"excerpt":"Pistolet natryskowy 9xMultiSPRAY Verkatto VR-7198 Charakterystyka produktu: \u2013 stosowany do podlewania, nawadniania i czyszczenia \u2013 dobrze wywa\u017cony, idealnie le\u017cy w d\u0142oni \u2013 umo\u017cliwia wyb\u00f3r r\u00f3\u017cnych rodzaj\u00f3w strumienia \u2013 wykonany z wysokiej jako\u015bci tworzywa sztucznego","rel":"","context":"Similar post","img":{"alt_text":"","src":"https:\/\/i0.wp.com\/www.ogrodolszanica.pl\/wp-content\/uploads\/2026\/02\/VR-7198.jpg?fit=1024%2C768&ssl=1&resize=350%2C200","width":350,"height":200},"classes":[]}],"_links":{"self":[{"href":"https:\/\/www.ogrodolszanica.pl\/index.php\/wp-json\/wp\/v2\/product\/3210","targetHints":{"allow":["GET"]}}],"collection":[{"href":"https:\/\/www.ogrodolszanica.pl\/index.php\/wp-json\/wp\/v2\/product"}],"about":[{"href":"https:\/\/www.ogrodolszanica.pl\/index.php\/wp-json\/wp\/v2\/types\/product"}],"replies":[{"embeddable":true,"href":"https:\/\/www.ogrodolszanica.pl\/index.php\/wp-json\/wp\/v2\/comments?post=3210"}],"wp:featuredmedia":[{"embeddable":true,"href":"https:\/\/www.ogrodolszanica.pl\/index.php\/wp-json\/wp\/v2\/media\/3062"}],"wp:attachment":[{"href":"https:\/\/www.ogrodolszanica.pl\/index.php\/wp-json\/wp\/v2\/media?parent=3210"}],"wp:term":[{"taxonomy":"product_cat","embeddable":true,"href":"https:\/\/www.ogrodolszanica.pl\/index.php\/wp-json\/wp\/v2\/product_cat?post=3210"},{"taxonomy":"product_tag","embeddable":true,"href":"https:\/\/www.ogrodolszanica.pl\/index.php\/wp-json\/wp\/v2\/product_tag?post=3210"}],"curies":[{"name":"wp","href":"https:\/\/api.w.org\/{rel}","templated":true}]}}