{"id":3209,"date":"2026-02-23T10:39:45","date_gmt":"2026-02-23T10:39:45","guid":{"rendered":"https:\/\/www.ogrodolszanica.pl\/?post_type=product&#038;p=3209"},"modified":"2026-02-23T10:39:45","modified_gmt":"2026-02-23T10:39:45","slug":"swider-reczny-do-gleby-25cm-verkatto","status":"publish","type":"product","link":"https:\/\/www.ogrodolszanica.pl\/index.php\/produkt\/swider-reczny-do-gleby-25cm-verkatto\/","title":{"rendered":"\u015awider r\u0119czny do gleby 25cm Verkatto"},"content":{"rendered":"<h1 style=\"text-align: center;\">\u015awider r\u0119czny do gleby 25cm Verkatto<\/h1>\n<h2 style=\"text-align: center;\">VR-7487<\/h2>\n<p style=\"text-align: center;\">Charakterystyka produktu:<\/p>\n<p style=\"text-align: center;\">\u2013\u00a0narz\u0119dzie w\u0142asnej produkcji!<\/p>\n<p style=\"text-align: center;\">\u2013 doskona\u0142y do wiercenia otwor\u00f3w pod ro\u015bliny, drzewka oraz s\u0142upki ogrodzeniowe<\/p>\n<p style=\"text-align: center;\">\u2013 wykonany z bardzo mocnej, stali nierdzewnej<\/p>\n<p style=\"text-align: center;\">\u2013 charakteryzuje si\u0119 du\u017c\u0105 wytrzyma\u0142o\u015bci\u0105 i odporno\u015bci\u0105<\/p>\n","protected":false},"excerpt":{"rendered":"<p>\u015awider r\u0119czny do gleby 25cm Verkatto VR-7487 Charakterystyka produktu: \u2013\u00a0narz\u0119dzie w\u0142asnej produkcji! \u2013 doskona\u0142y do wiercenia otwor\u00f3w pod ro\u015bliny, drzewka oraz s\u0142upki ogrodzeniowe \u2013 wykonany z bardzo mocnej, stali nierdzewnej \u2013 charakteryzuje si\u0119 du\u017c\u0105 wytrzyma\u0142o\u015bci\u0105 i odporno\u015bci\u0105<\/p>\n","protected":false},"featured_media":3123,"comment_status":"open","ping_status":"closed","template":"","meta":{"site-sidebar-layout":"default","site-content-layout":"default","ast-global-header-display":"","ast-main-header-display":"","ast-hfb-above-header-display":"","ast-hfb-below-header-display":"","ast-hfb-mobile-header-display":"","site-post-title":"","ast-breadcrumbs-content":"","ast-featured-img":"","footer-sml-layout":"","theme-transparent-header-meta":"default","adv-header-id-meta":"","stick-header-meta":"","header-above-stick-meta":"","header-main-stick-meta":"","header-below-stick-meta":"","spay_email":""},"product_cat":[43],"product_tag":[],"class_list":["post-3209","product","type-product","status-publish","has-post-thumbnail","hentry","product_cat-swidry"],"yoast_head":"<!-- This site is optimized with the Yoast SEO plugin v19.2 - https:\/\/yoast.com\/wordpress\/plugins\/seo\/ -->\n<title>\u015awider r\u0119czny do gleby 25cm Verkatto - Ogr&oacute;d Olszanica<\/title>\n<meta name=\"robots\" content=\"index, follow, max-snippet:-1, max-image-preview:large, max-video-preview:-1\" \/>\n<link rel=\"canonical\" href=\"https:\/\/www.ogrodolszanica.pl\/index.php\/produkt\/swider-reczny-do-gleby-25cm-verkatto\/\" \/>\n<meta property=\"og:locale\" content=\"pl_PL\" \/>\n<meta property=\"og:type\" content=\"article\" \/>\n<meta property=\"og:title\" content=\"\u015awider r\u0119czny do gleby 25cm Verkatto - Ogr&oacute;d Olszanica\" \/>\n<meta property=\"og:description\" content=\"\u015awider r\u0119czny do gleby 25cm Verkatto VR-7487 Charakterystyka produktu: \u2013\u00a0narz\u0119dzie w\u0142asnej produkcji! \u2013 doskona\u0142y do wiercenia otwor\u00f3w pod ro\u015bliny, drzewka oraz s\u0142upki ogrodzeniowe \u2013 wykonany z bardzo mocnej, stali nierdzewnej \u2013 charakteryzuje si\u0119 du\u017c\u0105 wytrzyma\u0142o\u015bci\u0105 i odporno\u015bci\u0105\" \/>\n<meta property=\"og:url\" content=\"https:\/\/www.ogrodolszanica.pl\/index.php\/produkt\/swider-reczny-do-gleby-25cm-verkatto\/\" \/>\n<meta property=\"og:site_name\" content=\"Ogr&oacute;d Olszanica\" \/>\n<meta property=\"article:publisher\" content=\"https:\/\/www.facebook.com\/Ogrd-Olszanica-100807179225223\" \/>\n<meta property=\"og:image\" content=\"https:\/\/www.ogrodolszanica.pl\/wp-content\/uploads\/2026\/02\/swider-reczny-do-gleby-250mm-VR-7487-scaled.jpg\" \/>\n\t<meta property=\"og:image:width\" content=\"2024\" \/>\n\t<meta property=\"og:image:height\" content=\"2560\" \/>\n\t<meta property=\"og:image:type\" content=\"image\/jpeg\" \/>\n<meta name=\"author\" content=\"admin\" \/>\n<meta name=\"twitter:card\" content=\"summary_large_image\" \/>\n<script type=\"application\/ld+json\" class=\"yoast-schema-graph\">{\"@context\":\"https:\/\/schema.org\",\"@graph\":[{\"@type\":\"Organization\",\"@id\":\"https:\/\/www.ogrodolszanica.pl\/#organization\",\"name\":\"Ogr\u00f3d Olszanica - Krakowskie Centrum Ogrodnicze\",\"url\":\"https:\/\/www.ogrodolszanica.pl\/\",\"sameAs\":[\"https:\/\/www.facebook.com\/Ogrd-Olszanica-100807179225223\"],\"logo\":{\"@type\":\"ImageObject\",\"inLanguage\":\"pl-PL\",\"@id\":\"https:\/\/www.ogrodolszanica.pl\/#\/schema\/logo\/image\/\",\"url\":\"http:\/\/www.ogrodolszanica.pl\/wp-content\/uploads\/2022\/06\/Ogrod-Olszanica1-1.png\",\"contentUrl\":\"http:\/\/www.ogrodolszanica.pl\/wp-content\/uploads\/2022\/06\/Ogrod-Olszanica1-1.png\",\"width\":180,\"height\":60,\"caption\":\"Ogr\u00f3d Olszanica - Krakowskie Centrum Ogrodnicze\"},\"image\":{\"@id\":\"https:\/\/www.ogrodolszanica.pl\/#\/schema\/logo\/image\/\"}},{\"@type\":\"WebSite\",\"@id\":\"https:\/\/www.ogrodolszanica.pl\/#website\",\"url\":\"https:\/\/www.ogrodolszanica.pl\/\",\"name\":\"Ogr&oacute;d Olszanica\",\"description\":\"Centrum Ogrodnicze Krak&oacute;w\",\"publisher\":{\"@id\":\"https:\/\/www.ogrodolszanica.pl\/#organization\"},\"potentialAction\":[{\"@type\":\"SearchAction\",\"target\":{\"@type\":\"EntryPoint\",\"urlTemplate\":\"https:\/\/www.ogrodolszanica.pl\/?s={search_term_string}\"},\"query-input\":\"required name=search_term_string\"}],\"inLanguage\":\"pl-PL\"},{\"@type\":\"ImageObject\",\"inLanguage\":\"pl-PL\",\"@id\":\"https:\/\/www.ogrodolszanica.pl\/index.php\/produkt\/swider-reczny-do-gleby-25cm-verkatto\/#primaryimage\",\"url\":\"https:\/\/i0.wp.com\/www.ogrodolszanica.pl\/wp-content\/uploads\/2026\/02\/swider-reczny-do-gleby-250mm-VR-7487-scaled.jpg?fit=2024%2C2560&ssl=1\",\"contentUrl\":\"https:\/\/i0.wp.com\/www.ogrodolszanica.pl\/wp-content\/uploads\/2026\/02\/swider-reczny-do-gleby-250mm-VR-7487-scaled.jpg?fit=2024%2C2560&ssl=1\",\"width\":2024,\"height\":2560},{\"@type\":\"WebPage\",\"@id\":\"https:\/\/www.ogrodolszanica.pl\/index.php\/produkt\/swider-reczny-do-gleby-25cm-verkatto\/#webpage\",\"url\":\"https:\/\/www.ogrodolszanica.pl\/index.php\/produkt\/swider-reczny-do-gleby-25cm-verkatto\/\",\"name\":\"\u015awider r\u0119czny do gleby 25cm Verkatto - Ogr&oacute;d Olszanica\",\"isPartOf\":{\"@id\":\"https:\/\/www.ogrodolszanica.pl\/#website\"},\"primaryImageOfPage\":{\"@id\":\"https:\/\/www.ogrodolszanica.pl\/index.php\/produkt\/swider-reczny-do-gleby-25cm-verkatto\/#primaryimage\"},\"datePublished\":\"2026-02-23T10:39:45+00:00\",\"dateModified\":\"2026-02-23T10:39:45+00:00\",\"breadcrumb\":{\"@id\":\"https:\/\/www.ogrodolszanica.pl\/index.php\/produkt\/swider-reczny-do-gleby-25cm-verkatto\/#breadcrumb\"},\"inLanguage\":\"pl-PL\",\"potentialAction\":[{\"@type\":\"ReadAction\",\"target\":[\"https:\/\/www.ogrodolszanica.pl\/index.php\/produkt\/swider-reczny-do-gleby-25cm-verkatto\/\"]}]},{\"@type\":\"BreadcrumbList\",\"@id\":\"https:\/\/www.ogrodolszanica.pl\/index.php\/produkt\/swider-reczny-do-gleby-25cm-verkatto\/#breadcrumb\",\"itemListElement\":[{\"@type\":\"ListItem\",\"position\":1,\"name\":\"Strona g\u0142\u00f3wna\",\"item\":\"https:\/\/www.ogrodolszanica.pl\/\"},{\"@type\":\"ListItem\",\"position\":2,\"name\":\"Produkty\",\"item\":\"https:\/\/www.ogrodolszanica.pl\/index.php\/shop\/\"},{\"@type\":\"ListItem\",\"position\":3,\"name\":\"\u015awider r\u0119czny do gleby 25cm Verkatto\"}]}]}<\/script>\n<!-- \/ Yoast SEO plugin. -->","yoast_head_json":{"title":"\u015awider r\u0119czny do gleby 25cm Verkatto - Ogr&oacute;d Olszanica","robots":{"index":"index","follow":"follow","max-snippet":"max-snippet:-1","max-image-preview":"max-image-preview:large","max-video-preview":"max-video-preview:-1"},"canonical":"https:\/\/www.ogrodolszanica.pl\/index.php\/produkt\/swider-reczny-do-gleby-25cm-verkatto\/","og_locale":"pl_PL","og_type":"article","og_title":"\u015awider r\u0119czny do gleby 25cm Verkatto - Ogr&oacute;d Olszanica","og_description":"\u015awider r\u0119czny do gleby 25cm Verkatto VR-7487 Charakterystyka produktu: \u2013\u00a0narz\u0119dzie w\u0142asnej produkcji! \u2013 doskona\u0142y do wiercenia otwor\u00f3w pod ro\u015bliny, drzewka oraz s\u0142upki ogrodzeniowe \u2013 wykonany z bardzo mocnej, stali nierdzewnej \u2013 charakteryzuje si\u0119 du\u017c\u0105 wytrzyma\u0142o\u015bci\u0105 i odporno\u015bci\u0105","og_url":"https:\/\/www.ogrodolszanica.pl\/index.php\/produkt\/swider-reczny-do-gleby-25cm-verkatto\/","og_site_name":"Ogr&oacute;d Olszanica","article_publisher":"https:\/\/www.facebook.com\/Ogrd-Olszanica-100807179225223","og_image":[{"width":2024,"height":2560,"url":"https:\/\/www.ogrodolszanica.pl\/wp-content\/uploads\/2026\/02\/swider-reczny-do-gleby-250mm-VR-7487-scaled.jpg","type":"image\/jpeg"}],"author":"admin","twitter_card":"summary_large_image","schema":{"@context":"https:\/\/schema.org","@graph":[{"@type":"Organization","@id":"https:\/\/www.ogrodolszanica.pl\/#organization","name":"Ogr\u00f3d Olszanica - Krakowskie Centrum Ogrodnicze","url":"https:\/\/www.ogrodolszanica.pl\/","sameAs":["https:\/\/www.facebook.com\/Ogrd-Olszanica-100807179225223"],"logo":{"@type":"ImageObject","inLanguage":"pl-PL","@id":"https:\/\/www.ogrodolszanica.pl\/#\/schema\/logo\/image\/","url":"http:\/\/www.ogrodolszanica.pl\/wp-content\/uploads\/2022\/06\/Ogrod-Olszanica1-1.png","contentUrl":"http:\/\/www.ogrodolszanica.pl\/wp-content\/uploads\/2022\/06\/Ogrod-Olszanica1-1.png","width":180,"height":60,"caption":"Ogr\u00f3d Olszanica - Krakowskie Centrum Ogrodnicze"},"image":{"@id":"https:\/\/www.ogrodolszanica.pl\/#\/schema\/logo\/image\/"}},{"@type":"WebSite","@id":"https:\/\/www.ogrodolszanica.pl\/#website","url":"https:\/\/www.ogrodolszanica.pl\/","name":"Ogr&oacute;d Olszanica","description":"Centrum Ogrodnicze Krak&oacute;w","publisher":{"@id":"https:\/\/www.ogrodolszanica.pl\/#organization"},"potentialAction":[{"@type":"SearchAction","target":{"@type":"EntryPoint","urlTemplate":"https:\/\/www.ogrodolszanica.pl\/?s={search_term_string}"},"query-input":"required name=search_term_string"}],"inLanguage":"pl-PL"},{"@type":"ImageObject","inLanguage":"pl-PL","@id":"https:\/\/www.ogrodolszanica.pl\/index.php\/produkt\/swider-reczny-do-gleby-25cm-verkatto\/#primaryimage","url":"https:\/\/i0.wp.com\/www.ogrodolszanica.pl\/wp-content\/uploads\/2026\/02\/swider-reczny-do-gleby-250mm-VR-7487-scaled.jpg?fit=2024%2C2560&ssl=1","contentUrl":"https:\/\/i0.wp.com\/www.ogrodolszanica.pl\/wp-content\/uploads\/2026\/02\/swider-reczny-do-gleby-250mm-VR-7487-scaled.jpg?fit=2024%2C2560&ssl=1","width":2024,"height":2560},{"@type":"WebPage","@id":"https:\/\/www.ogrodolszanica.pl\/index.php\/produkt\/swider-reczny-do-gleby-25cm-verkatto\/#webpage","url":"https:\/\/www.ogrodolszanica.pl\/index.php\/produkt\/swider-reczny-do-gleby-25cm-verkatto\/","name":"\u015awider r\u0119czny do gleby 25cm Verkatto - Ogr&oacute;d Olszanica","isPartOf":{"@id":"https:\/\/www.ogrodolszanica.pl\/#website"},"primaryImageOfPage":{"@id":"https:\/\/www.ogrodolszanica.pl\/index.php\/produkt\/swider-reczny-do-gleby-25cm-verkatto\/#primaryimage"},"datePublished":"2026-02-23T10:39:45+00:00","dateModified":"2026-02-23T10:39:45+00:00","breadcrumb":{"@id":"https:\/\/www.ogrodolszanica.pl\/index.php\/produkt\/swider-reczny-do-gleby-25cm-verkatto\/#breadcrumb"},"inLanguage":"pl-PL","potentialAction":[{"@type":"ReadAction","target":["https:\/\/www.ogrodolszanica.pl\/index.php\/produkt\/swider-reczny-do-gleby-25cm-verkatto\/"]}]},{"@type":"BreadcrumbList","@id":"https:\/\/www.ogrodolszanica.pl\/index.php\/produkt\/swider-reczny-do-gleby-25cm-verkatto\/#breadcrumb","itemListElement":[{"@type":"ListItem","position":1,"name":"Strona g\u0142\u00f3wna","item":"https:\/\/www.ogrodolszanica.pl\/"},{"@type":"ListItem","position":2,"name":"Produkty","item":"https:\/\/www.ogrodolszanica.pl\/index.php\/shop\/"},{"@type":"ListItem","position":3,"name":"\u015awider r\u0119czny do gleby 25cm Verkatto"}]}]}},"jetpack-related-posts":[{"id":3183,"url":"https:\/\/www.ogrodolszanica.pl\/index.php\/produkt\/pazurki-plastikowe-ogrodowe-verkatto\/","url_meta":{"origin":3209,"position":0},"title":"Pazurki plastikowe ogrodowe Verkatto","date":"23 lutego, 2026","format":false,"excerpt":"Pazurki plastikowe ogrodowe VR-7289 Charakterystyka produktu: \u2013 przeznaczone do spulchniania i rozdrabniania gleby \u2013 wykonana z wysokiej jako\u015bci tworzyw sztucznych. \u2013 otw\u00f3r do wieszania","rel":"","context":"Similar post","img":{"alt_text":"","src":"https:\/\/i0.wp.com\/www.ogrodolszanica.pl\/wp-content\/uploads\/2026\/02\/pazurki-plastikowe-VR-7289-v3-scaled.jpg?fit=1200%2C1200&ssl=1&resize=350%2C200","width":350,"height":200},"classes":[]},{"id":3174,"url":"https:\/\/www.ogrodolszanica.pl\/index.php\/produkt\/dysza-zraszajaca-v-plus-verkatto\/","url_meta":{"origin":3209,"position":1},"title":"Dysza zraszaj\u0105ca V-PLUS Verkatto","date":"23 lutego, 2026","format":false,"excerpt":"Dysza zraszaj\u0105ca V-PLUS Verkatto VR-7163 Charakterystyka produktu: \u2013 p\u0142ynna regulacja strumienia wody \u2013 zraszacz zapewnia du\u017cy przep\u0142yw wody","rel":"","context":"Similar post","img":{"alt_text":"","src":"https:\/\/i0.wp.com\/www.ogrodolszanica.pl\/wp-content\/uploads\/2026\/02\/VR-7163-2.jpg?fit=1024%2C768&ssl=1&resize=350%2C200","width":350,"height":200},"classes":[]},{"id":3175,"url":"https:\/\/www.ogrodolszanica.pl\/index.php\/produkt\/pistolet-zraszajacy-verkatto\/","url_meta":{"origin":3209,"position":2},"title":"Pistolet zraszaj\u0105cy Verkatto","date":"23 lutego, 2026","format":false,"excerpt":"Pistolet zraszaj\u0105cy Verkatto VR-7197 Charakterystyka produktu: \u2013 stosowany do podlewania, nawadniania i czyszczenia \u2013 dobrze wywa\u017cony, idealnie le\u017cy w d\u0142oni \u2013 wykonany z wysokiej jako\u015bci tworzywa sztucznego","rel":"","context":"Similar post","img":{"alt_text":"","src":"https:\/\/i0.wp.com\/www.ogrodolszanica.pl\/wp-content\/uploads\/2026\/02\/VR-7197.jpg?fit=1024%2C768&ssl=1&resize=350%2C200","width":350,"height":200},"classes":[]},{"id":3177,"url":"https:\/\/www.ogrodolszanica.pl\/index.php\/produkt\/sekator-ogrodowy-maly-verkatto-205mm\/","url_meta":{"origin":3209,"position":3},"title":"Sekator ogrodowy ma\u0142y Verkatto 205mm","date":"23 lutego, 2026","format":false,"excerpt":"Sekator ogrodowy 205mm Verkatto VR-7260 Charakterystyka produktu: \u2013 ostrze wykonane z wytrzyma\u0142ej stali \u2013 rozmiar 205 mm \u2013 maksymalna \u015brednica ci\u0119tych ga\u0142\u0119zi: 19 mm","rel":"","context":"Similar post","img":{"alt_text":"","src":"https:\/\/i0.wp.com\/www.ogrodolszanica.pl\/wp-content\/uploads\/2026\/02\/VR-7260.jpg?fit=1024%2C768&ssl=1&resize=350%2C200","width":350,"height":200},"classes":[]},{"id":3176,"url":"https:\/\/www.ogrodolszanica.pl\/index.php\/produkt\/pistolet-natryskowy-9x-multispray-verkatto\/","url_meta":{"origin":3209,"position":4},"title":"Pistolet natryskowy 9x MultiSPRAY Verkatto","date":"23 lutego, 2026","format":false,"excerpt":"Pistolet natryskowy 9xMultiSPRAY Verkatto VR-7198 Charakterystyka produktu: \u2013 stosowany do podlewania, nawadniania i czyszczenia \u2013 dobrze wywa\u017cony, idealnie le\u017cy w d\u0142oni \u2013 umo\u017cliwia wyb\u00f3r r\u00f3\u017cnych rodzaj\u00f3w strumienia \u2013 wykonany z wysokiej jako\u015bci tworzywa sztucznego","rel":"","context":"Similar post","img":{"alt_text":"","src":"https:\/\/i0.wp.com\/www.ogrodolszanica.pl\/wp-content\/uploads\/2026\/02\/VR-7198.jpg?fit=1024%2C768&ssl=1&resize=350%2C200","width":350,"height":200},"classes":[]},{"id":3211,"url":"https:\/\/www.ogrodolszanica.pl\/index.php\/produkt\/grabie-wzmacniane-verkatto-metal-38-x-150cm\/","url_meta":{"origin":3209,"position":5},"title":"Grabie wzmacniane Verkatto metal 38 x 150cm","date":"23 lutego, 2026","format":false,"excerpt":"Grabie wzmacniane Verkatto metal 38 x 150cm VR-7537 Charakterystyka produktu: \u2013\u00a0narz\u0119dzie w\u0142asnej produkcji! \u2013 s\u0142u\u017c\u0105 do wyr\u00f3wnywania ziemi oraz do wygrabywania zanieczyszcze\u0144 \u2013 wykonane z wysokiej jako\u015bci stali w\u0119glowej utwardzonej \u2013 drewniany, lakierowany trzonek","rel":"","context":"Similar post","img":{"alt_text":"","src":"https:\/\/i0.wp.com\/www.ogrodolszanica.pl\/wp-content\/uploads\/2026\/02\/VR-7536.jpg?fit=1024%2C768&ssl=1&resize=350%2C200","width":350,"height":200},"classes":[]}],"_links":{"self":[{"href":"https:\/\/www.ogrodolszanica.pl\/index.php\/wp-json\/wp\/v2\/product\/3209","targetHints":{"allow":["GET"]}}],"collection":[{"href":"https:\/\/www.ogrodolszanica.pl\/index.php\/wp-json\/wp\/v2\/product"}],"about":[{"href":"https:\/\/www.ogrodolszanica.pl\/index.php\/wp-json\/wp\/v2\/types\/product"}],"replies":[{"embeddable":true,"href":"https:\/\/www.ogrodolszanica.pl\/index.php\/wp-json\/wp\/v2\/comments?post=3209"}],"wp:featuredmedia":[{"embeddable":true,"href":"https:\/\/www.ogrodolszanica.pl\/index.php\/wp-json\/wp\/v2\/media\/3123"}],"wp:attachment":[{"href":"https:\/\/www.ogrodolszanica.pl\/index.php\/wp-json\/wp\/v2\/media?parent=3209"}],"wp:term":[{"taxonomy":"product_cat","embeddable":true,"href":"https:\/\/www.ogrodolszanica.pl\/index.php\/wp-json\/wp\/v2\/product_cat?post=3209"},{"taxonomy":"product_tag","embeddable":true,"href":"https:\/\/www.ogrodolszanica.pl\/index.php\/wp-json\/wp\/v2\/product_tag?post=3209"}],"curies":[{"name":"wp","href":"https:\/\/api.w.org\/{rel}","templated":true}]}}