{"id":3208,"date":"2026-02-23T10:38:22","date_gmt":"2026-02-23T10:38:22","guid":{"rendered":"https:\/\/www.ogrodolszanica.pl\/?post_type=product&#038;p=3208"},"modified":"2026-02-23T10:38:22","modified_gmt":"2026-02-23T10:38:22","slug":"grabie-verkatto-tworzywo-sztuczne-koncowka-do-grabi","status":"publish","type":"product","link":"https:\/\/www.ogrodolszanica.pl\/index.php\/produkt\/grabie-verkatto-tworzywo-sztuczne-koncowka-do-grabi\/","title":{"rendered":"Grabie Verkatto tworzywo sztuczne ko\u0144c\u00f3wka do grabi"},"content":{"rendered":"<h1 style=\"text-align: center;\">Grabie Verkatto tworzywo sztuczne ko\u0144c\u00f3wka do grabi<\/h1>\n<h2 style=\"text-align: center;\">VR-7452<\/h2>\n<p style=\"text-align: center;\">Charakterystyka produktu:<\/p>\n<p style=\"text-align: center;\">\u2013 Lekkie, wykonane z tworzywa sztucznego grabie przeznaczone do piel\u0119gnacji trawnik\u00f3w, zgarniania li\u015bci i wszelkich prac porz\u0105dkowych w ogrodzie i wok\u00f3\u0142 domu<\/p>\n<p style=\"text-align: center;\">\u2013 Najwy\u017csza jako\u015b\u0107 tworzywa i wachlarzowa budowa zapewniaj\u0105 d\u0142ug\u0105 trwa\u0142o\u015b\u0107 i komfort pracy<\/p>\n<p style=\"text-align: center;\">\u2013 Dostosowane do systemu monta\u017cu CLICK<\/p>\n","protected":false},"excerpt":{"rendered":"<p>Grabie Verkatto tworzywo sztuczne ko\u0144c\u00f3wka do grabi VR-7452 Charakterystyka produktu: \u2013 Lekkie, wykonane z tworzywa sztucznego grabie przeznaczone do piel\u0119gnacji trawnik\u00f3w, zgarniania li\u015bci i wszelkich prac porz\u0105dkowych w ogrodzie i wok\u00f3\u0142 domu \u2013 Najwy\u017csza jako\u015b\u0107 tworzywa i wachlarzowa budowa zapewniaj\u0105 d\u0142ug\u0105 trwa\u0142o\u015b\u0107 i komfort pracy \u2013 Dostosowane do systemu monta\u017cu CLICK<\/p>\n","protected":false},"featured_media":3050,"comment_status":"open","ping_status":"closed","template":"","meta":{"site-sidebar-layout":"default","site-content-layout":"default","ast-global-header-display":"","ast-main-header-display":"","ast-hfb-above-header-display":"","ast-hfb-below-header-display":"","ast-hfb-mobile-header-display":"","site-post-title":"","ast-breadcrumbs-content":"","ast-featured-img":"","footer-sml-layout":"","theme-transparent-header-meta":"default","adv-header-id-meta":"","stick-header-meta":"","header-above-stick-meta":"","header-main-stick-meta":"","header-below-stick-meta":"","spay_email":""},"product_cat":[45],"product_tag":[],"class_list":["post-3208","product","type-product","status-publish","has-post-thumbnail","hentry","product_cat-grabie"],"yoast_head":"<!-- This site is optimized with the Yoast SEO plugin v19.2 - https:\/\/yoast.com\/wordpress\/plugins\/seo\/ -->\n<title>Grabie Verkatto tworzywo sztuczne ko\u0144c\u00f3wka do grabi - Ogr&oacute;d Olszanica<\/title>\n<meta name=\"robots\" content=\"index, follow, max-snippet:-1, max-image-preview:large, max-video-preview:-1\" \/>\n<link rel=\"canonical\" href=\"https:\/\/www.ogrodolszanica.pl\/index.php\/produkt\/grabie-verkatto-tworzywo-sztuczne-koncowka-do-grabi\/\" \/>\n<meta property=\"og:locale\" content=\"pl_PL\" \/>\n<meta property=\"og:type\" content=\"article\" \/>\n<meta property=\"og:title\" content=\"Grabie Verkatto tworzywo sztuczne ko\u0144c\u00f3wka do grabi - Ogr&oacute;d Olszanica\" \/>\n<meta property=\"og:description\" content=\"Grabie Verkatto tworzywo sztuczne ko\u0144c\u00f3wka do grabi VR-7452 Charakterystyka produktu: \u2013 Lekkie, wykonane z tworzywa sztucznego grabie przeznaczone do piel\u0119gnacji trawnik\u00f3w, zgarniania li\u015bci i wszelkich prac porz\u0105dkowych w ogrodzie i wok\u00f3\u0142 domu \u2013 Najwy\u017csza jako\u015b\u0107 tworzywa i wachlarzowa budowa zapewniaj\u0105 d\u0142ug\u0105 trwa\u0142o\u015b\u0107 i komfort pracy \u2013 Dostosowane do systemu monta\u017cu CLICK\" \/>\n<meta property=\"og:url\" content=\"https:\/\/www.ogrodolszanica.pl\/index.php\/produkt\/grabie-verkatto-tworzywo-sztuczne-koncowka-do-grabi\/\" \/>\n<meta property=\"og:site_name\" content=\"Ogr&oacute;d Olszanica\" \/>\n<meta property=\"article:publisher\" content=\"https:\/\/www.facebook.com\/Ogrd-Olszanica-100807179225223\" \/>\n<meta property=\"og:image\" content=\"https:\/\/www.ogrodolszanica.pl\/wp-content\/uploads\/2026\/02\/grabie-do-lisci-click-L-VR-7452-scaled.jpg\" \/>\n\t<meta property=\"og:image:width\" content=\"2560\" \/>\n\t<meta property=\"og:image:height\" content=\"2167\" \/>\n\t<meta property=\"og:image:type\" content=\"image\/jpeg\" \/>\n<meta name=\"author\" content=\"admin\" \/>\n<meta name=\"twitter:card\" content=\"summary_large_image\" \/>\n<script type=\"application\/ld+json\" class=\"yoast-schema-graph\">{\"@context\":\"https:\/\/schema.org\",\"@graph\":[{\"@type\":\"Organization\",\"@id\":\"https:\/\/www.ogrodolszanica.pl\/#organization\",\"name\":\"Ogr\u00f3d Olszanica - Krakowskie Centrum Ogrodnicze\",\"url\":\"https:\/\/www.ogrodolszanica.pl\/\",\"sameAs\":[\"https:\/\/www.facebook.com\/Ogrd-Olszanica-100807179225223\"],\"logo\":{\"@type\":\"ImageObject\",\"inLanguage\":\"pl-PL\",\"@id\":\"https:\/\/www.ogrodolszanica.pl\/#\/schema\/logo\/image\/\",\"url\":\"http:\/\/www.ogrodolszanica.pl\/wp-content\/uploads\/2022\/06\/Ogrod-Olszanica1-1.png\",\"contentUrl\":\"http:\/\/www.ogrodolszanica.pl\/wp-content\/uploads\/2022\/06\/Ogrod-Olszanica1-1.png\",\"width\":180,\"height\":60,\"caption\":\"Ogr\u00f3d Olszanica - Krakowskie Centrum Ogrodnicze\"},\"image\":{\"@id\":\"https:\/\/www.ogrodolszanica.pl\/#\/schema\/logo\/image\/\"}},{\"@type\":\"WebSite\",\"@id\":\"https:\/\/www.ogrodolszanica.pl\/#website\",\"url\":\"https:\/\/www.ogrodolszanica.pl\/\",\"name\":\"Ogr&oacute;d Olszanica\",\"description\":\"Centrum Ogrodnicze Krak&oacute;w\",\"publisher\":{\"@id\":\"https:\/\/www.ogrodolszanica.pl\/#organization\"},\"potentialAction\":[{\"@type\":\"SearchAction\",\"target\":{\"@type\":\"EntryPoint\",\"urlTemplate\":\"https:\/\/www.ogrodolszanica.pl\/?s={search_term_string}\"},\"query-input\":\"required name=search_term_string\"}],\"inLanguage\":\"pl-PL\"},{\"@type\":\"ImageObject\",\"inLanguage\":\"pl-PL\",\"@id\":\"https:\/\/www.ogrodolszanica.pl\/index.php\/produkt\/grabie-verkatto-tworzywo-sztuczne-koncowka-do-grabi\/#primaryimage\",\"url\":\"https:\/\/i0.wp.com\/www.ogrodolszanica.pl\/wp-content\/uploads\/2026\/02\/grabie-do-lisci-click-L-VR-7452-scaled.jpg?fit=2560%2C2167&ssl=1\",\"contentUrl\":\"https:\/\/i0.wp.com\/www.ogrodolszanica.pl\/wp-content\/uploads\/2026\/02\/grabie-do-lisci-click-L-VR-7452-scaled.jpg?fit=2560%2C2167&ssl=1\",\"width\":2560,\"height\":2167},{\"@type\":\"WebPage\",\"@id\":\"https:\/\/www.ogrodolszanica.pl\/index.php\/produkt\/grabie-verkatto-tworzywo-sztuczne-koncowka-do-grabi\/#webpage\",\"url\":\"https:\/\/www.ogrodolszanica.pl\/index.php\/produkt\/grabie-verkatto-tworzywo-sztuczne-koncowka-do-grabi\/\",\"name\":\"Grabie Verkatto tworzywo sztuczne ko\u0144c\u00f3wka do grabi - Ogr&oacute;d Olszanica\",\"isPartOf\":{\"@id\":\"https:\/\/www.ogrodolszanica.pl\/#website\"},\"primaryImageOfPage\":{\"@id\":\"https:\/\/www.ogrodolszanica.pl\/index.php\/produkt\/grabie-verkatto-tworzywo-sztuczne-koncowka-do-grabi\/#primaryimage\"},\"datePublished\":\"2026-02-23T10:38:22+00:00\",\"dateModified\":\"2026-02-23T10:38:22+00:00\",\"breadcrumb\":{\"@id\":\"https:\/\/www.ogrodolszanica.pl\/index.php\/produkt\/grabie-verkatto-tworzywo-sztuczne-koncowka-do-grabi\/#breadcrumb\"},\"inLanguage\":\"pl-PL\",\"potentialAction\":[{\"@type\":\"ReadAction\",\"target\":[\"https:\/\/www.ogrodolszanica.pl\/index.php\/produkt\/grabie-verkatto-tworzywo-sztuczne-koncowka-do-grabi\/\"]}]},{\"@type\":\"BreadcrumbList\",\"@id\":\"https:\/\/www.ogrodolszanica.pl\/index.php\/produkt\/grabie-verkatto-tworzywo-sztuczne-koncowka-do-grabi\/#breadcrumb\",\"itemListElement\":[{\"@type\":\"ListItem\",\"position\":1,\"name\":\"Strona g\u0142\u00f3wna\",\"item\":\"https:\/\/www.ogrodolszanica.pl\/\"},{\"@type\":\"ListItem\",\"position\":2,\"name\":\"Produkty\",\"item\":\"https:\/\/www.ogrodolszanica.pl\/index.php\/shop\/\"},{\"@type\":\"ListItem\",\"position\":3,\"name\":\"Grabie Verkatto tworzywo sztuczne ko\u0144c\u00f3wka do grabi\"}]}]}<\/script>\n<!-- \/ Yoast SEO plugin. -->","yoast_head_json":{"title":"Grabie Verkatto tworzywo sztuczne ko\u0144c\u00f3wka do grabi - Ogr&oacute;d Olszanica","robots":{"index":"index","follow":"follow","max-snippet":"max-snippet:-1","max-image-preview":"max-image-preview:large","max-video-preview":"max-video-preview:-1"},"canonical":"https:\/\/www.ogrodolszanica.pl\/index.php\/produkt\/grabie-verkatto-tworzywo-sztuczne-koncowka-do-grabi\/","og_locale":"pl_PL","og_type":"article","og_title":"Grabie Verkatto tworzywo sztuczne ko\u0144c\u00f3wka do grabi - Ogr&oacute;d Olszanica","og_description":"Grabie Verkatto tworzywo sztuczne ko\u0144c\u00f3wka do grabi VR-7452 Charakterystyka produktu: \u2013 Lekkie, wykonane z tworzywa sztucznego grabie przeznaczone do piel\u0119gnacji trawnik\u00f3w, zgarniania li\u015bci i wszelkich prac porz\u0105dkowych w ogrodzie i wok\u00f3\u0142 domu \u2013 Najwy\u017csza jako\u015b\u0107 tworzywa i wachlarzowa budowa zapewniaj\u0105 d\u0142ug\u0105 trwa\u0142o\u015b\u0107 i komfort pracy \u2013 Dostosowane do systemu monta\u017cu CLICK","og_url":"https:\/\/www.ogrodolszanica.pl\/index.php\/produkt\/grabie-verkatto-tworzywo-sztuczne-koncowka-do-grabi\/","og_site_name":"Ogr&oacute;d Olszanica","article_publisher":"https:\/\/www.facebook.com\/Ogrd-Olszanica-100807179225223","og_image":[{"width":2560,"height":2167,"url":"https:\/\/www.ogrodolszanica.pl\/wp-content\/uploads\/2026\/02\/grabie-do-lisci-click-L-VR-7452-scaled.jpg","type":"image\/jpeg"}],"author":"admin","twitter_card":"summary_large_image","schema":{"@context":"https:\/\/schema.org","@graph":[{"@type":"Organization","@id":"https:\/\/www.ogrodolszanica.pl\/#organization","name":"Ogr\u00f3d Olszanica - Krakowskie Centrum Ogrodnicze","url":"https:\/\/www.ogrodolszanica.pl\/","sameAs":["https:\/\/www.facebook.com\/Ogrd-Olszanica-100807179225223"],"logo":{"@type":"ImageObject","inLanguage":"pl-PL","@id":"https:\/\/www.ogrodolszanica.pl\/#\/schema\/logo\/image\/","url":"http:\/\/www.ogrodolszanica.pl\/wp-content\/uploads\/2022\/06\/Ogrod-Olszanica1-1.png","contentUrl":"http:\/\/www.ogrodolszanica.pl\/wp-content\/uploads\/2022\/06\/Ogrod-Olszanica1-1.png","width":180,"height":60,"caption":"Ogr\u00f3d Olszanica - Krakowskie Centrum Ogrodnicze"},"image":{"@id":"https:\/\/www.ogrodolszanica.pl\/#\/schema\/logo\/image\/"}},{"@type":"WebSite","@id":"https:\/\/www.ogrodolszanica.pl\/#website","url":"https:\/\/www.ogrodolszanica.pl\/","name":"Ogr&oacute;d Olszanica","description":"Centrum Ogrodnicze Krak&oacute;w","publisher":{"@id":"https:\/\/www.ogrodolszanica.pl\/#organization"},"potentialAction":[{"@type":"SearchAction","target":{"@type":"EntryPoint","urlTemplate":"https:\/\/www.ogrodolszanica.pl\/?s={search_term_string}"},"query-input":"required name=search_term_string"}],"inLanguage":"pl-PL"},{"@type":"ImageObject","inLanguage":"pl-PL","@id":"https:\/\/www.ogrodolszanica.pl\/index.php\/produkt\/grabie-verkatto-tworzywo-sztuczne-koncowka-do-grabi\/#primaryimage","url":"https:\/\/i0.wp.com\/www.ogrodolszanica.pl\/wp-content\/uploads\/2026\/02\/grabie-do-lisci-click-L-VR-7452-scaled.jpg?fit=2560%2C2167&ssl=1","contentUrl":"https:\/\/i0.wp.com\/www.ogrodolszanica.pl\/wp-content\/uploads\/2026\/02\/grabie-do-lisci-click-L-VR-7452-scaled.jpg?fit=2560%2C2167&ssl=1","width":2560,"height":2167},{"@type":"WebPage","@id":"https:\/\/www.ogrodolszanica.pl\/index.php\/produkt\/grabie-verkatto-tworzywo-sztuczne-koncowka-do-grabi\/#webpage","url":"https:\/\/www.ogrodolszanica.pl\/index.php\/produkt\/grabie-verkatto-tworzywo-sztuczne-koncowka-do-grabi\/","name":"Grabie Verkatto tworzywo sztuczne ko\u0144c\u00f3wka do grabi - Ogr&oacute;d Olszanica","isPartOf":{"@id":"https:\/\/www.ogrodolszanica.pl\/#website"},"primaryImageOfPage":{"@id":"https:\/\/www.ogrodolszanica.pl\/index.php\/produkt\/grabie-verkatto-tworzywo-sztuczne-koncowka-do-grabi\/#primaryimage"},"datePublished":"2026-02-23T10:38:22+00:00","dateModified":"2026-02-23T10:38:22+00:00","breadcrumb":{"@id":"https:\/\/www.ogrodolszanica.pl\/index.php\/produkt\/grabie-verkatto-tworzywo-sztuczne-koncowka-do-grabi\/#breadcrumb"},"inLanguage":"pl-PL","potentialAction":[{"@type":"ReadAction","target":["https:\/\/www.ogrodolszanica.pl\/index.php\/produkt\/grabie-verkatto-tworzywo-sztuczne-koncowka-do-grabi\/"]}]},{"@type":"BreadcrumbList","@id":"https:\/\/www.ogrodolszanica.pl\/index.php\/produkt\/grabie-verkatto-tworzywo-sztuczne-koncowka-do-grabi\/#breadcrumb","itemListElement":[{"@type":"ListItem","position":1,"name":"Strona g\u0142\u00f3wna","item":"https:\/\/www.ogrodolszanica.pl\/"},{"@type":"ListItem","position":2,"name":"Produkty","item":"https:\/\/www.ogrodolszanica.pl\/index.php\/shop\/"},{"@type":"ListItem","position":3,"name":"Grabie Verkatto tworzywo sztuczne ko\u0144c\u00f3wka do grabi"}]}]}},"jetpack-related-posts":[{"id":3211,"url":"https:\/\/www.ogrodolszanica.pl\/index.php\/produkt\/grabie-wzmacniane-verkatto-metal-38-x-150cm\/","url_meta":{"origin":3208,"position":0},"title":"Grabie wzmacniane Verkatto metal 38 x 150cm","date":"23 lutego, 2026","format":false,"excerpt":"Grabie wzmacniane Verkatto metal 38 x 150cm VR-7537 Charakterystyka produktu: \u2013\u00a0narz\u0119dzie w\u0142asnej produkcji! \u2013 s\u0142u\u017c\u0105 do wyr\u00f3wnywania ziemi oraz do wygrabywania zanieczyszcze\u0144 \u2013 wykonane z wysokiej jako\u015bci stali w\u0119glowej utwardzonej \u2013 drewniany, lakierowany trzonek","rel":"","context":"Similar post","img":{"alt_text":"","src":"https:\/\/i0.wp.com\/www.ogrodolszanica.pl\/wp-content\/uploads\/2026\/02\/VR-7536.jpg?fit=1024%2C768&ssl=1&resize=350%2C200","width":350,"height":200},"classes":[]},{"id":3212,"url":"https:\/\/www.ogrodolszanica.pl\/index.php\/produkt\/grabie-woman-dla-kobiet-verkatto-metal-130cmx38cm\/","url_meta":{"origin":3208,"position":1},"title":"Grabie woman dla kobiet Verkatto metal 130cmx38cm","date":"23 lutego, 2026","format":false,"excerpt":"Grabie woman dla kobiet Verkatto metal 130cmx38cm VR-7547 Charakterystyka produktu: \u2013\u00a0narz\u0119dzie w\u0142asnej produkcji! \u2013 s\u0142u\u017c\u0105 do wyr\u00f3wnywania ziemi oraz do wygrabywania zanieczyszcze\u0144 \u2013 g\u0142owica ze stali borowej hartowanej zapewnia \u017ce z\u0119by nie odkszta\u0142caj\u0105 si\u0119 nawet przy ci\u0119\u017ckiej pracy \u2013 l\u017cejsze, mniejsze i bardziej por\u0119czne, dedykowane m.in. kobietom \u2013 ergonomiczny trzonek\u2026","rel":"","context":"Similar post","img":{"alt_text":"","src":"https:\/\/i0.wp.com\/www.ogrodolszanica.pl\/wp-content\/uploads\/2026\/02\/VR-7547-grabie-woman.jpg?fit=1024%2C768&ssl=1&resize=350%2C200","width":350,"height":200},"classes":[]},{"id":4033,"url":"https:\/\/www.ogrodolszanica.pl\/index.php\/produkt\/grabie-do-lisci-metalowe-regulowane-50-x-140cm\/","url_meta":{"origin":3208,"position":2},"title":"Grabie do li\u015bci metalowe regulowane 50 x 140cm","date":"4 marca, 2026","format":false,"excerpt":"Grabie wachlarzowe regulowane szer.50 cm metalowe Por\u0119czne grabie do li\u015bci i trawnika z mo\u017cliwo\u015bci\u0105 regulacji rozstawu z\u0119b\u00f3w. Dodatkowo podczas zmiany szeroko\u015bci g\u0142owicy (rozstawu z\u0119b\u00f3w) zmienia si\u0119 te\u017c d\u0142ugo\u015b\u0107 narz\u0119dzia (od 107 do 140 cm), pozwala to lepiej dopasowa\u0107 wielko\u015b\u0107 narz\u0119dzia do wzrostu u\u017cytkownika. Grabie wachlarzowe wykonane ze stali ocynkowanej, zako\u0144czone\u2026","rel":"","context":"Similar post","img":{"alt_text":"","src":"https:\/\/i0.wp.com\/www.ogrodolszanica.pl\/wp-content\/uploads\/2026\/03\/Grabie-do-lisci-metalowe-regulowane.jpg?fit=800%2C1200&ssl=1&resize=350%2C200","width":350,"height":200},"classes":[]},{"id":3175,"url":"https:\/\/www.ogrodolszanica.pl\/index.php\/produkt\/pistolet-zraszajacy-verkatto\/","url_meta":{"origin":3208,"position":3},"title":"Pistolet zraszaj\u0105cy Verkatto","date":"23 lutego, 2026","format":false,"excerpt":"Pistolet zraszaj\u0105cy Verkatto VR-7197 Charakterystyka produktu: \u2013 stosowany do podlewania, nawadniania i czyszczenia \u2013 dobrze wywa\u017cony, idealnie le\u017cy w d\u0142oni \u2013 wykonany z wysokiej jako\u015bci tworzywa sztucznego","rel":"","context":"Similar post","img":{"alt_text":"","src":"https:\/\/i0.wp.com\/www.ogrodolszanica.pl\/wp-content\/uploads\/2026\/02\/VR-7197.jpg?fit=1024%2C768&ssl=1&resize=350%2C200","width":350,"height":200},"classes":[]},{"id":3176,"url":"https:\/\/www.ogrodolszanica.pl\/index.php\/produkt\/pistolet-natryskowy-9x-multispray-verkatto\/","url_meta":{"origin":3208,"position":4},"title":"Pistolet natryskowy 9x MultiSPRAY Verkatto","date":"23 lutego, 2026","format":false,"excerpt":"Pistolet natryskowy 9xMultiSPRAY Verkatto VR-7198 Charakterystyka produktu: \u2013 stosowany do podlewania, nawadniania i czyszczenia \u2013 dobrze wywa\u017cony, idealnie le\u017cy w d\u0142oni \u2013 umo\u017cliwia wyb\u00f3r r\u00f3\u017cnych rodzaj\u00f3w strumienia \u2013 wykonany z wysokiej jako\u015bci tworzywa sztucznego","rel":"","context":"Similar post","img":{"alt_text":"","src":"https:\/\/i0.wp.com\/www.ogrodolszanica.pl\/wp-content\/uploads\/2026\/02\/VR-7198.jpg?fit=1024%2C768&ssl=1&resize=350%2C200","width":350,"height":200},"classes":[]},{"id":4056,"url":"https:\/\/www.ogrodolszanica.pl\/index.php\/produkt\/maly-kultywator-ogrodowy\/","url_meta":{"origin":3208,"position":5},"title":"Ma\u0142y kultywator ogrodowy","date":"4 marca, 2026","format":false,"excerpt":"Ma\u0142y kultywator to r\u0119czne narz\u0119dzie ogrodnicze, kt\u00f3re s\u0142u\u017cy g\u0142\u00f3wnie do spulchniania gleby, aeracji oraz usuwania p\u0142ytko ukorzenionych chwast\u00f3w. Jest idealny do pracy na ma\u0142ych grz\u0105dkach, w doniczkach czy w miejscach trudno dost\u0119pnych dla wi\u0119kszych maszyn. Typ produktu:\u00a0Kultywator Zastosowanie produktu:\u00a0Do napowietrzania\/przewietrzania D\u0142ugo\u015b\u0107 uchwytu (w cm):\u00a011 Szeroko\u015b\u0107 g\u0142owicy (w cm):\u00a09 \u015arednica dr\u0105\u017cka\u2026","rel":"","context":"Similar post","img":{"alt_text":"","src":"https:\/\/i0.wp.com\/www.ogrodolszanica.pl\/wp-content\/uploads\/2026\/03\/IMG20260303163634-scaled.jpg?fit=904%2C1200&ssl=1&resize=350%2C200","width":350,"height":200},"classes":[]}],"_links":{"self":[{"href":"https:\/\/www.ogrodolszanica.pl\/index.php\/wp-json\/wp\/v2\/product\/3208","targetHints":{"allow":["GET"]}}],"collection":[{"href":"https:\/\/www.ogrodolszanica.pl\/index.php\/wp-json\/wp\/v2\/product"}],"about":[{"href":"https:\/\/www.ogrodolszanica.pl\/index.php\/wp-json\/wp\/v2\/types\/product"}],"replies":[{"embeddable":true,"href":"https:\/\/www.ogrodolszanica.pl\/index.php\/wp-json\/wp\/v2\/comments?post=3208"}],"wp:featuredmedia":[{"embeddable":true,"href":"https:\/\/www.ogrodolszanica.pl\/index.php\/wp-json\/wp\/v2\/media\/3050"}],"wp:attachment":[{"href":"https:\/\/www.ogrodolszanica.pl\/index.php\/wp-json\/wp\/v2\/media?parent=3208"}],"wp:term":[{"taxonomy":"product_cat","embeddable":true,"href":"https:\/\/www.ogrodolszanica.pl\/index.php\/wp-json\/wp\/v2\/product_cat?post=3208"},{"taxonomy":"product_tag","embeddable":true,"href":"https:\/\/www.ogrodolszanica.pl\/index.php\/wp-json\/wp\/v2\/product_tag?post=3208"}],"curies":[{"name":"wp","href":"https:\/\/api.w.org\/{rel}","templated":true}]}}