{"id":3204,"date":"2026-02-23T10:32:55","date_gmt":"2026-02-23T10:32:55","guid":{"rendered":"https:\/\/www.ogrodolszanica.pl\/?post_type=product&#038;p=3204"},"modified":"2026-02-23T10:32:55","modified_gmt":"2026-02-23T10:32:55","slug":"szpadel-spiczasty-woman-verkatto-lopata-dla-kobiet","status":"publish","type":"product","link":"https:\/\/www.ogrodolszanica.pl\/index.php\/produkt\/szpadel-spiczasty-woman-verkatto-lopata-dla-kobiet\/","title":{"rendered":"Szpadel spiczasty WOMAN Verkatto \u0142opata dla kobiet"},"content":{"rendered":"<h1 style=\"text-align: center;\">Szpadel spiczasty WOMAN<\/h1>\n<h2 style=\"text-align: center;\">VR-7397<\/h2>\n<p style=\"text-align: center;\">Charakterystyka produktu:<\/p>\n<p style=\"text-align: center;\">\u2013\u00a0<b>narz\u0119dzie w\u0142asnej produkcji!<\/b><\/p>\n<p style=\"text-align: center;\">\u2013 l\u017cejsze, mniejsze i bardziej por\u0119czne, dedykowane m.in. kobietom<\/p>\n<p style=\"text-align: center;\">\u2013 specjalnie wyprofilowane trzonki i w\u0119\u017csze g\u0142owice<\/p>\n<p style=\"text-align: center;\">\u2013 ergonomiczny trzonek pokryty zielon\u0105, wytrzyma\u0142\u0105 i antypo\u015blizgow\u0105 pow\u0142ok\u0105<\/p>\n<p style=\"text-align: center;\">\u2013 wygodny uchwyt<\/p>\n<p style=\"text-align: center;\">\u2013 wykonana z wysokiej jako\u015bci stali utwardzonej<\/p>\n<p style=\"text-align: center;\">\u2013 solidny i trwa\u0142y spaw<\/p>\n<p style=\"text-align: center;\">\u2013 zwi\u0119kszona widoczno\u015b\u0107<\/p>\n","protected":false},"excerpt":{"rendered":"<p>Szpadel spiczasty WOMAN VR-7397 Charakterystyka produktu: \u2013\u00a0narz\u0119dzie w\u0142asnej produkcji! \u2013 l\u017cejsze, mniejsze i bardziej por\u0119czne, dedykowane m.in. kobietom \u2013 specjalnie wyprofilowane trzonki i w\u0119\u017csze g\u0142owice \u2013 ergonomiczny trzonek pokryty zielon\u0105, wytrzyma\u0142\u0105 i antypo\u015blizgow\u0105 pow\u0142ok\u0105 \u2013 wygodny uchwyt \u2013 wykonana z wysokiej jako\u015bci stali utwardzonej \u2013 solidny i trwa\u0142y spaw \u2013 zwi\u0119kszona widoczno\u015b\u0107<\/p>\n","protected":false},"featured_media":3121,"comment_status":"open","ping_status":"closed","template":"","meta":{"site-sidebar-layout":"default","site-content-layout":"default","ast-global-header-display":"","ast-main-header-display":"","ast-hfb-above-header-display":"","ast-hfb-below-header-display":"","ast-hfb-mobile-header-display":"","site-post-title":"","ast-breadcrumbs-content":"","ast-featured-img":"","footer-sml-layout":"","theme-transparent-header-meta":"default","adv-header-id-meta":"","stick-header-meta":"","header-above-stick-meta":"","header-main-stick-meta":"","header-below-stick-meta":"","spay_email":""},"product_cat":[41],"product_tag":[],"class_list":["post-3204","product","type-product","status-publish","has-post-thumbnail","hentry","product_cat-szpadle"],"yoast_head":"<!-- This site is optimized with the Yoast SEO plugin v19.2 - https:\/\/yoast.com\/wordpress\/plugins\/seo\/ -->\n<title>Szpadel spiczasty WOMAN Verkatto \u0142opata dla kobiet - Ogr&oacute;d Olszanica<\/title>\n<meta name=\"robots\" content=\"index, follow, max-snippet:-1, max-image-preview:large, max-video-preview:-1\" \/>\n<link rel=\"canonical\" href=\"https:\/\/www.ogrodolszanica.pl\/index.php\/produkt\/szpadel-spiczasty-woman-verkatto-lopata-dla-kobiet\/\" \/>\n<meta property=\"og:locale\" content=\"pl_PL\" \/>\n<meta property=\"og:type\" content=\"article\" \/>\n<meta property=\"og:title\" content=\"Szpadel spiczasty WOMAN Verkatto \u0142opata dla kobiet - Ogr&oacute;d Olszanica\" \/>\n<meta property=\"og:description\" content=\"Szpadel spiczasty WOMAN VR-7397 Charakterystyka produktu: \u2013\u00a0narz\u0119dzie w\u0142asnej produkcji! \u2013 l\u017cejsze, mniejsze i bardziej por\u0119czne, dedykowane m.in. kobietom \u2013 specjalnie wyprofilowane trzonki i w\u0119\u017csze g\u0142owice \u2013 ergonomiczny trzonek pokryty zielon\u0105, wytrzyma\u0142\u0105 i antypo\u015blizgow\u0105 pow\u0142ok\u0105 \u2013 wygodny uchwyt \u2013 wykonana z wysokiej jako\u015bci stali utwardzonej \u2013 solidny i trwa\u0142y spaw \u2013 zwi\u0119kszona widoczno\u015b\u0107\" \/>\n<meta property=\"og:url\" content=\"https:\/\/www.ogrodolszanica.pl\/index.php\/produkt\/szpadel-spiczasty-woman-verkatto-lopata-dla-kobiet\/\" \/>\n<meta property=\"og:site_name\" content=\"Ogr&oacute;d Olszanica\" \/>\n<meta property=\"article:publisher\" content=\"https:\/\/www.facebook.com\/Ogrd-Olszanica-100807179225223\" \/>\n<meta property=\"og:image\" content=\"https:\/\/www.ogrodolszanica.pl\/wp-content\/uploads\/2026\/02\/szpadel-spiczasty-women-VR-7397-scaled.jpg\" \/>\n\t<meta property=\"og:image:width\" content=\"2047\" \/>\n\t<meta property=\"og:image:height\" content=\"2560\" \/>\n\t<meta property=\"og:image:type\" content=\"image\/jpeg\" \/>\n<meta name=\"author\" content=\"admin\" \/>\n<meta name=\"twitter:card\" content=\"summary_large_image\" \/>\n<script type=\"application\/ld+json\" class=\"yoast-schema-graph\">{\"@context\":\"https:\/\/schema.org\",\"@graph\":[{\"@type\":\"Organization\",\"@id\":\"https:\/\/www.ogrodolszanica.pl\/#organization\",\"name\":\"Ogr\u00f3d Olszanica - Krakowskie Centrum Ogrodnicze\",\"url\":\"https:\/\/www.ogrodolszanica.pl\/\",\"sameAs\":[\"https:\/\/www.facebook.com\/Ogrd-Olszanica-100807179225223\"],\"logo\":{\"@type\":\"ImageObject\",\"inLanguage\":\"pl-PL\",\"@id\":\"https:\/\/www.ogrodolszanica.pl\/#\/schema\/logo\/image\/\",\"url\":\"http:\/\/www.ogrodolszanica.pl\/wp-content\/uploads\/2022\/06\/Ogrod-Olszanica1-1.png\",\"contentUrl\":\"http:\/\/www.ogrodolszanica.pl\/wp-content\/uploads\/2022\/06\/Ogrod-Olszanica1-1.png\",\"width\":180,\"height\":60,\"caption\":\"Ogr\u00f3d Olszanica - Krakowskie Centrum Ogrodnicze\"},\"image\":{\"@id\":\"https:\/\/www.ogrodolszanica.pl\/#\/schema\/logo\/image\/\"}},{\"@type\":\"WebSite\",\"@id\":\"https:\/\/www.ogrodolszanica.pl\/#website\",\"url\":\"https:\/\/www.ogrodolszanica.pl\/\",\"name\":\"Ogr&oacute;d Olszanica\",\"description\":\"Centrum Ogrodnicze Krak&oacute;w\",\"publisher\":{\"@id\":\"https:\/\/www.ogrodolszanica.pl\/#organization\"},\"potentialAction\":[{\"@type\":\"SearchAction\",\"target\":{\"@type\":\"EntryPoint\",\"urlTemplate\":\"https:\/\/www.ogrodolszanica.pl\/?s={search_term_string}\"},\"query-input\":\"required name=search_term_string\"}],\"inLanguage\":\"pl-PL\"},{\"@type\":\"ImageObject\",\"inLanguage\":\"pl-PL\",\"@id\":\"https:\/\/www.ogrodolszanica.pl\/index.php\/produkt\/szpadel-spiczasty-woman-verkatto-lopata-dla-kobiet\/#primaryimage\",\"url\":\"https:\/\/i0.wp.com\/www.ogrodolszanica.pl\/wp-content\/uploads\/2026\/02\/szpadel-spiczasty-women-VR-7397-scaled.jpg?fit=2047%2C2560&ssl=1\",\"contentUrl\":\"https:\/\/i0.wp.com\/www.ogrodolszanica.pl\/wp-content\/uploads\/2026\/02\/szpadel-spiczasty-women-VR-7397-scaled.jpg?fit=2047%2C2560&ssl=1\",\"width\":2047,\"height\":2560},{\"@type\":\"WebPage\",\"@id\":\"https:\/\/www.ogrodolszanica.pl\/index.php\/produkt\/szpadel-spiczasty-woman-verkatto-lopata-dla-kobiet\/#webpage\",\"url\":\"https:\/\/www.ogrodolszanica.pl\/index.php\/produkt\/szpadel-spiczasty-woman-verkatto-lopata-dla-kobiet\/\",\"name\":\"Szpadel spiczasty WOMAN Verkatto \u0142opata dla kobiet - Ogr&oacute;d Olszanica\",\"isPartOf\":{\"@id\":\"https:\/\/www.ogrodolszanica.pl\/#website\"},\"primaryImageOfPage\":{\"@id\":\"https:\/\/www.ogrodolszanica.pl\/index.php\/produkt\/szpadel-spiczasty-woman-verkatto-lopata-dla-kobiet\/#primaryimage\"},\"datePublished\":\"2026-02-23T10:32:55+00:00\",\"dateModified\":\"2026-02-23T10:32:55+00:00\",\"breadcrumb\":{\"@id\":\"https:\/\/www.ogrodolszanica.pl\/index.php\/produkt\/szpadel-spiczasty-woman-verkatto-lopata-dla-kobiet\/#breadcrumb\"},\"inLanguage\":\"pl-PL\",\"potentialAction\":[{\"@type\":\"ReadAction\",\"target\":[\"https:\/\/www.ogrodolszanica.pl\/index.php\/produkt\/szpadel-spiczasty-woman-verkatto-lopata-dla-kobiet\/\"]}]},{\"@type\":\"BreadcrumbList\",\"@id\":\"https:\/\/www.ogrodolszanica.pl\/index.php\/produkt\/szpadel-spiczasty-woman-verkatto-lopata-dla-kobiet\/#breadcrumb\",\"itemListElement\":[{\"@type\":\"ListItem\",\"position\":1,\"name\":\"Strona g\u0142\u00f3wna\",\"item\":\"https:\/\/www.ogrodolszanica.pl\/\"},{\"@type\":\"ListItem\",\"position\":2,\"name\":\"Produkty\",\"item\":\"https:\/\/www.ogrodolszanica.pl\/index.php\/shop\/\"},{\"@type\":\"ListItem\",\"position\":3,\"name\":\"Szpadel spiczasty WOMAN Verkatto \u0142opata dla kobiet\"}]}]}<\/script>\n<!-- \/ Yoast SEO plugin. -->","yoast_head_json":{"title":"Szpadel spiczasty WOMAN Verkatto \u0142opata dla kobiet - Ogr&oacute;d Olszanica","robots":{"index":"index","follow":"follow","max-snippet":"max-snippet:-1","max-image-preview":"max-image-preview:large","max-video-preview":"max-video-preview:-1"},"canonical":"https:\/\/www.ogrodolszanica.pl\/index.php\/produkt\/szpadel-spiczasty-woman-verkatto-lopata-dla-kobiet\/","og_locale":"pl_PL","og_type":"article","og_title":"Szpadel spiczasty WOMAN Verkatto \u0142opata dla kobiet - Ogr&oacute;d Olszanica","og_description":"Szpadel spiczasty WOMAN VR-7397 Charakterystyka produktu: \u2013\u00a0narz\u0119dzie w\u0142asnej produkcji! \u2013 l\u017cejsze, mniejsze i bardziej por\u0119czne, dedykowane m.in. kobietom \u2013 specjalnie wyprofilowane trzonki i w\u0119\u017csze g\u0142owice \u2013 ergonomiczny trzonek pokryty zielon\u0105, wytrzyma\u0142\u0105 i antypo\u015blizgow\u0105 pow\u0142ok\u0105 \u2013 wygodny uchwyt \u2013 wykonana z wysokiej jako\u015bci stali utwardzonej \u2013 solidny i trwa\u0142y spaw \u2013 zwi\u0119kszona widoczno\u015b\u0107","og_url":"https:\/\/www.ogrodolszanica.pl\/index.php\/produkt\/szpadel-spiczasty-woman-verkatto-lopata-dla-kobiet\/","og_site_name":"Ogr&oacute;d Olszanica","article_publisher":"https:\/\/www.facebook.com\/Ogrd-Olszanica-100807179225223","og_image":[{"width":2047,"height":2560,"url":"https:\/\/www.ogrodolszanica.pl\/wp-content\/uploads\/2026\/02\/szpadel-spiczasty-women-VR-7397-scaled.jpg","type":"image\/jpeg"}],"author":"admin","twitter_card":"summary_large_image","schema":{"@context":"https:\/\/schema.org","@graph":[{"@type":"Organization","@id":"https:\/\/www.ogrodolszanica.pl\/#organization","name":"Ogr\u00f3d Olszanica - Krakowskie Centrum Ogrodnicze","url":"https:\/\/www.ogrodolszanica.pl\/","sameAs":["https:\/\/www.facebook.com\/Ogrd-Olszanica-100807179225223"],"logo":{"@type":"ImageObject","inLanguage":"pl-PL","@id":"https:\/\/www.ogrodolszanica.pl\/#\/schema\/logo\/image\/","url":"http:\/\/www.ogrodolszanica.pl\/wp-content\/uploads\/2022\/06\/Ogrod-Olszanica1-1.png","contentUrl":"http:\/\/www.ogrodolszanica.pl\/wp-content\/uploads\/2022\/06\/Ogrod-Olszanica1-1.png","width":180,"height":60,"caption":"Ogr\u00f3d Olszanica - Krakowskie Centrum Ogrodnicze"},"image":{"@id":"https:\/\/www.ogrodolszanica.pl\/#\/schema\/logo\/image\/"}},{"@type":"WebSite","@id":"https:\/\/www.ogrodolszanica.pl\/#website","url":"https:\/\/www.ogrodolszanica.pl\/","name":"Ogr&oacute;d Olszanica","description":"Centrum Ogrodnicze Krak&oacute;w","publisher":{"@id":"https:\/\/www.ogrodolszanica.pl\/#organization"},"potentialAction":[{"@type":"SearchAction","target":{"@type":"EntryPoint","urlTemplate":"https:\/\/www.ogrodolszanica.pl\/?s={search_term_string}"},"query-input":"required name=search_term_string"}],"inLanguage":"pl-PL"},{"@type":"ImageObject","inLanguage":"pl-PL","@id":"https:\/\/www.ogrodolszanica.pl\/index.php\/produkt\/szpadel-spiczasty-woman-verkatto-lopata-dla-kobiet\/#primaryimage","url":"https:\/\/i0.wp.com\/www.ogrodolszanica.pl\/wp-content\/uploads\/2026\/02\/szpadel-spiczasty-women-VR-7397-scaled.jpg?fit=2047%2C2560&ssl=1","contentUrl":"https:\/\/i0.wp.com\/www.ogrodolszanica.pl\/wp-content\/uploads\/2026\/02\/szpadel-spiczasty-women-VR-7397-scaled.jpg?fit=2047%2C2560&ssl=1","width":2047,"height":2560},{"@type":"WebPage","@id":"https:\/\/www.ogrodolszanica.pl\/index.php\/produkt\/szpadel-spiczasty-woman-verkatto-lopata-dla-kobiet\/#webpage","url":"https:\/\/www.ogrodolszanica.pl\/index.php\/produkt\/szpadel-spiczasty-woman-verkatto-lopata-dla-kobiet\/","name":"Szpadel spiczasty WOMAN Verkatto \u0142opata dla kobiet - Ogr&oacute;d Olszanica","isPartOf":{"@id":"https:\/\/www.ogrodolszanica.pl\/#website"},"primaryImageOfPage":{"@id":"https:\/\/www.ogrodolszanica.pl\/index.php\/produkt\/szpadel-spiczasty-woman-verkatto-lopata-dla-kobiet\/#primaryimage"},"datePublished":"2026-02-23T10:32:55+00:00","dateModified":"2026-02-23T10:32:55+00:00","breadcrumb":{"@id":"https:\/\/www.ogrodolszanica.pl\/index.php\/produkt\/szpadel-spiczasty-woman-verkatto-lopata-dla-kobiet\/#breadcrumb"},"inLanguage":"pl-PL","potentialAction":[{"@type":"ReadAction","target":["https:\/\/www.ogrodolszanica.pl\/index.php\/produkt\/szpadel-spiczasty-woman-verkatto-lopata-dla-kobiet\/"]}]},{"@type":"BreadcrumbList","@id":"https:\/\/www.ogrodolszanica.pl\/index.php\/produkt\/szpadel-spiczasty-woman-verkatto-lopata-dla-kobiet\/#breadcrumb","itemListElement":[{"@type":"ListItem","position":1,"name":"Strona g\u0142\u00f3wna","item":"https:\/\/www.ogrodolszanica.pl\/"},{"@type":"ListItem","position":2,"name":"Produkty","item":"https:\/\/www.ogrodolszanica.pl\/index.php\/shop\/"},{"@type":"ListItem","position":3,"name":"Szpadel spiczasty WOMAN Verkatto \u0142opata dla kobiet"}]}]}},"jetpack-related-posts":[{"id":3203,"url":"https:\/\/www.ogrodolszanica.pl\/index.php\/produkt\/szpadel-prosty-woman-verkatto-lopata-dla-kobiet\/","url_meta":{"origin":3204,"position":0},"title":"Szpadel prosty WOMAN Verkatto \u0142opata dla kobiet","date":"23 lutego, 2026","format":false,"excerpt":"Szpadel prosty WOMAN VR-7396 Charakterystyka produktu: \u2013\u00a0narz\u0119dzie w\u0142asnej produkcji! \u2013 l\u017cejsze, mniejsze i bardziej por\u0119czne, dedykowane m.in. kobietom \u2013 specjalnie wyprofilowane trzonki i w\u0119\u017csze g\u0142owice \u2013 ergonomiczny trzonek pokryty zielon\u0105, wytrzyma\u0142\u0105 i antypo\u015blizgow\u0105 pow\u0142ok\u0105 \u2013 wygodny uchwyt \u2013 wykonana z wysokiej jako\u015bci stali utwardzonej \u2013 solidny i trwa\u0142y spaw \u2013\u2026","rel":"","context":"Similar post","img":{"alt_text":"","src":"https:\/\/i0.wp.com\/www.ogrodolszanica.pl\/wp-content\/uploads\/2026\/02\/szpadel-prosty-woman-VR-7396-scaled.jpg?fit=983%2C1200&ssl=1&resize=350%2C200","width":350,"height":200},"classes":[]},{"id":3205,"url":"https:\/\/www.ogrodolszanica.pl\/index.php\/produkt\/szpadel-prosty-z-metalowym-trzonkiem-verkatto-lopata-do-ogrodu\/","url_meta":{"origin":3204,"position":1},"title":"Szpadel prosty z metalowym trzonkiem Verkatto \u0142opata do ogrodu","date":"23 lutego, 2026","format":false,"excerpt":"Szpadel prosty z metalowym trzonkiem Verkatto VR-7401 Charakterystyka produktu: \u2013\u00a0narz\u0119dzie w\u0142asnej produkcji! \u2013 s\u0142u\u017cy do kopania w ziemi lub innych materia\u0142ach sypkich \u2013 wykonany z wysokiej jako\u015bci stali hartowanej \u2013 solidny i trwa\u0142y spaw \u2013 antypo\u015blizgowy naci\u0105g na trzonku wykonany z PVC \u2013 ergonomiczny kszta\u0142t \u2013 wytrzyma\u0142a i odporna na\u2026","rel":"","context":"Similar post","img":{"alt_text":"","src":"https:\/\/i0.wp.com\/www.ogrodolszanica.pl\/wp-content\/uploads\/2026\/02\/szpadel-prosty-VR-7401-scaled.jpg?fit=942%2C1200&ssl=1&resize=350%2C200","width":350,"height":200},"classes":[]},{"id":3206,"url":"https:\/\/www.ogrodolszanica.pl\/index.php\/produkt\/szpadel-szpiczasty-z-metalowym-trzonkiem-verkatto-lopata-do-ogrodu\/","url_meta":{"origin":3204,"position":2},"title":"Szpadel szpiczasty z metalowym trzonkiem Verkatto \u0142opata do ogrodu","date":"23 lutego, 2026","format":false,"excerpt":"Szpadel szpiczasty z metalowym trzonkiem Verkatto VR-7402 Charakterystyka produktu: \u2013\u00a0narz\u0119dzie w\u0142asnej produkcji! \u2013 s\u0142u\u017cy do kopania w ziemi lub innych materia\u0142ach sypkich \u2013 wykonany z wysokiej jako\u015bci stali hartowanej \u2013 solidny i trwa\u0142y spaw \u2013 antypo\u015blizgowy naci\u0105g na trzonku wykonany z PVC \u2013 ergonomiczny kszta\u0142t \u2013 wytrzyma\u0142a i odporna na\u2026","rel":"","context":"Similar post","img":{"alt_text":"","src":"https:\/\/i0.wp.com\/www.ogrodolszanica.pl\/wp-content\/uploads\/2026\/02\/szpadel-spiczasty-VR-7402-scaled.jpg?fit=968%2C1200&ssl=1&resize=350%2C200","width":350,"height":200},"classes":[]},{"id":3212,"url":"https:\/\/www.ogrodolszanica.pl\/index.php\/produkt\/grabie-woman-dla-kobiet-verkatto-metal-130cmx38cm\/","url_meta":{"origin":3204,"position":3},"title":"Grabie woman dla kobiet Verkatto metal 130cmx38cm","date":"23 lutego, 2026","format":false,"excerpt":"Grabie woman dla kobiet Verkatto metal 130cmx38cm VR-7547 Charakterystyka produktu: \u2013\u00a0narz\u0119dzie w\u0142asnej produkcji! \u2013 s\u0142u\u017c\u0105 do wyr\u00f3wnywania ziemi oraz do wygrabywania zanieczyszcze\u0144 \u2013 g\u0142owica ze stali borowej hartowanej zapewnia \u017ce z\u0119by nie odkszta\u0142caj\u0105 si\u0119 nawet przy ci\u0119\u017ckiej pracy \u2013 l\u017cejsze, mniejsze i bardziej por\u0119czne, dedykowane m.in. kobietom \u2013 ergonomiczny trzonek\u2026","rel":"","context":"Similar post","img":{"alt_text":"","src":"https:\/\/i0.wp.com\/www.ogrodolszanica.pl\/wp-content\/uploads\/2026\/02\/VR-7547-grabie-woman.jpg?fit=1024%2C768&ssl=1&resize=350%2C200","width":350,"height":200},"classes":[]}],"_links":{"self":[{"href":"https:\/\/www.ogrodolszanica.pl\/index.php\/wp-json\/wp\/v2\/product\/3204","targetHints":{"allow":["GET"]}}],"collection":[{"href":"https:\/\/www.ogrodolszanica.pl\/index.php\/wp-json\/wp\/v2\/product"}],"about":[{"href":"https:\/\/www.ogrodolszanica.pl\/index.php\/wp-json\/wp\/v2\/types\/product"}],"replies":[{"embeddable":true,"href":"https:\/\/www.ogrodolszanica.pl\/index.php\/wp-json\/wp\/v2\/comments?post=3204"}],"wp:featuredmedia":[{"embeddable":true,"href":"https:\/\/www.ogrodolszanica.pl\/index.php\/wp-json\/wp\/v2\/media\/3121"}],"wp:attachment":[{"href":"https:\/\/www.ogrodolszanica.pl\/index.php\/wp-json\/wp\/v2\/media?parent=3204"}],"wp:term":[{"taxonomy":"product_cat","embeddable":true,"href":"https:\/\/www.ogrodolszanica.pl\/index.php\/wp-json\/wp\/v2\/product_cat?post=3204"},{"taxonomy":"product_tag","embeddable":true,"href":"https:\/\/www.ogrodolszanica.pl\/index.php\/wp-json\/wp\/v2\/product_tag?post=3204"}],"curies":[{"name":"wp","href":"https:\/\/api.w.org\/{rel}","templated":true}]}}