{"id":3203,"date":"2026-02-23T10:31:06","date_gmt":"2026-02-23T10:31:06","guid":{"rendered":"https:\/\/www.ogrodolszanica.pl\/?post_type=product&#038;p=3203"},"modified":"2026-02-23T10:31:07","modified_gmt":"2026-02-23T10:31:07","slug":"szpadel-prosty-woman-verkatto-lopata-dla-kobiet","status":"publish","type":"product","link":"https:\/\/www.ogrodolszanica.pl\/index.php\/produkt\/szpadel-prosty-woman-verkatto-lopata-dla-kobiet\/","title":{"rendered":"Szpadel prosty WOMAN Verkatto \u0142opata dla kobiet"},"content":{"rendered":"<h1 style=\"text-align: center;\">Szpadel prosty WOMAN<\/h1>\n<p style=\"text-align: center;\">VR-7396<\/p>\n<p style=\"text-align: center;\">Charakterystyka produktu:<\/p>\n<p style=\"text-align: center;\">\u2013\u00a0<b>narz\u0119dzie w\u0142asnej produkcji!<\/b><\/p>\n<p style=\"text-align: center;\">\u2013 l\u017cejsze, mniejsze i bardziej por\u0119czne, dedykowane m.in. kobietom<\/p>\n<p style=\"text-align: center;\">\u2013 specjalnie wyprofilowane trzonki i w\u0119\u017csze g\u0142owice<\/p>\n<p style=\"text-align: center;\">\u2013 ergonomiczny trzonek pokryty zielon\u0105, wytrzyma\u0142\u0105 i antypo\u015blizgow\u0105 pow\u0142ok\u0105<\/p>\n<p style=\"text-align: center;\">\u2013 wygodny uchwyt<\/p>\n<p style=\"text-align: center;\">\u2013 wykonana z wysokiej jako\u015bci stali utwardzonej<\/p>\n<p style=\"text-align: center;\">\u2013 solidny i trwa\u0142y spaw<\/p>\n<p style=\"text-align: center;\">\u2013 zwi\u0119kszona widoczno\u015b\u0107<\/p>\n","protected":false},"excerpt":{"rendered":"<p>Szpadel prosty WOMAN VR-7396 Charakterystyka produktu: \u2013\u00a0narz\u0119dzie w\u0142asnej produkcji! \u2013 l\u017cejsze, mniejsze i bardziej por\u0119czne, dedykowane m.in. kobietom \u2013 specjalnie wyprofilowane trzonki i w\u0119\u017csze g\u0142owice \u2013 ergonomiczny trzonek pokryty zielon\u0105, wytrzyma\u0142\u0105 i antypo\u015blizgow\u0105 pow\u0142ok\u0105 \u2013 wygodny uchwyt \u2013 wykonana z wysokiej jako\u015bci stali utwardzonej \u2013 solidny i trwa\u0142y spaw \u2013 zwi\u0119kszona widoczno\u015b\u0107<\/p>\n","protected":false},"featured_media":3117,"comment_status":"open","ping_status":"closed","template":"","meta":{"site-sidebar-layout":"default","site-content-layout":"default","ast-global-header-display":"","ast-main-header-display":"","ast-hfb-above-header-display":"","ast-hfb-below-header-display":"","ast-hfb-mobile-header-display":"","site-post-title":"","ast-breadcrumbs-content":"","ast-featured-img":"","footer-sml-layout":"","theme-transparent-header-meta":"default","adv-header-id-meta":"","stick-header-meta":"","header-above-stick-meta":"","header-main-stick-meta":"","header-below-stick-meta":"","spay_email":""},"product_cat":[41],"product_tag":[],"class_list":["post-3203","product","type-product","status-publish","has-post-thumbnail","hentry","product_cat-szpadle"],"yoast_head":"<!-- This site is optimized with the Yoast SEO plugin v19.2 - https:\/\/yoast.com\/wordpress\/plugins\/seo\/ -->\n<title>Szpadel prosty WOMAN Verkatto \u0142opata dla kobiet - Ogr&oacute;d Olszanica<\/title>\n<meta name=\"robots\" content=\"index, follow, max-snippet:-1, max-image-preview:large, max-video-preview:-1\" \/>\n<link rel=\"canonical\" href=\"https:\/\/www.ogrodolszanica.pl\/index.php\/produkt\/szpadel-prosty-woman-verkatto-lopata-dla-kobiet\/\" \/>\n<meta property=\"og:locale\" content=\"pl_PL\" \/>\n<meta property=\"og:type\" content=\"article\" \/>\n<meta property=\"og:title\" content=\"Szpadel prosty WOMAN Verkatto \u0142opata dla kobiet - Ogr&oacute;d Olszanica\" \/>\n<meta property=\"og:description\" content=\"Szpadel prosty WOMAN VR-7396 Charakterystyka produktu: \u2013\u00a0narz\u0119dzie w\u0142asnej produkcji! \u2013 l\u017cejsze, mniejsze i bardziej por\u0119czne, dedykowane m.in. kobietom \u2013 specjalnie wyprofilowane trzonki i w\u0119\u017csze g\u0142owice \u2013 ergonomiczny trzonek pokryty zielon\u0105, wytrzyma\u0142\u0105 i antypo\u015blizgow\u0105 pow\u0142ok\u0105 \u2013 wygodny uchwyt \u2013 wykonana z wysokiej jako\u015bci stali utwardzonej \u2013 solidny i trwa\u0142y spaw \u2013 zwi\u0119kszona widoczno\u015b\u0107\" \/>\n<meta property=\"og:url\" content=\"https:\/\/www.ogrodolszanica.pl\/index.php\/produkt\/szpadel-prosty-woman-verkatto-lopata-dla-kobiet\/\" \/>\n<meta property=\"og:site_name\" content=\"Ogr&oacute;d Olszanica\" \/>\n<meta property=\"article:publisher\" content=\"https:\/\/www.facebook.com\/Ogrd-Olszanica-100807179225223\" \/>\n<meta property=\"article:modified_time\" content=\"2026-02-23T10:31:07+00:00\" \/>\n<meta property=\"og:image\" content=\"https:\/\/www.ogrodolszanica.pl\/wp-content\/uploads\/2026\/02\/szpadel-prosty-woman-VR-7396-scaled.jpg\" \/>\n\t<meta property=\"og:image:width\" content=\"2098\" \/>\n\t<meta property=\"og:image:height\" content=\"2560\" \/>\n\t<meta property=\"og:image:type\" content=\"image\/jpeg\" \/>\n<meta name=\"author\" content=\"admin\" \/>\n<meta name=\"twitter:card\" content=\"summary_large_image\" \/>\n<script type=\"application\/ld+json\" class=\"yoast-schema-graph\">{\"@context\":\"https:\/\/schema.org\",\"@graph\":[{\"@type\":\"Organization\",\"@id\":\"https:\/\/www.ogrodolszanica.pl\/#organization\",\"name\":\"Ogr\u00f3d Olszanica - Krakowskie Centrum Ogrodnicze\",\"url\":\"https:\/\/www.ogrodolszanica.pl\/\",\"sameAs\":[\"https:\/\/www.facebook.com\/Ogrd-Olszanica-100807179225223\"],\"logo\":{\"@type\":\"ImageObject\",\"inLanguage\":\"pl-PL\",\"@id\":\"https:\/\/www.ogrodolszanica.pl\/#\/schema\/logo\/image\/\",\"url\":\"http:\/\/www.ogrodolszanica.pl\/wp-content\/uploads\/2022\/06\/Ogrod-Olszanica1-1.png\",\"contentUrl\":\"http:\/\/www.ogrodolszanica.pl\/wp-content\/uploads\/2022\/06\/Ogrod-Olszanica1-1.png\",\"width\":180,\"height\":60,\"caption\":\"Ogr\u00f3d Olszanica - Krakowskie Centrum Ogrodnicze\"},\"image\":{\"@id\":\"https:\/\/www.ogrodolszanica.pl\/#\/schema\/logo\/image\/\"}},{\"@type\":\"WebSite\",\"@id\":\"https:\/\/www.ogrodolszanica.pl\/#website\",\"url\":\"https:\/\/www.ogrodolszanica.pl\/\",\"name\":\"Ogr&oacute;d Olszanica\",\"description\":\"Centrum Ogrodnicze Krak&oacute;w\",\"publisher\":{\"@id\":\"https:\/\/www.ogrodolszanica.pl\/#organization\"},\"potentialAction\":[{\"@type\":\"SearchAction\",\"target\":{\"@type\":\"EntryPoint\",\"urlTemplate\":\"https:\/\/www.ogrodolszanica.pl\/?s={search_term_string}\"},\"query-input\":\"required name=search_term_string\"}],\"inLanguage\":\"pl-PL\"},{\"@type\":\"ImageObject\",\"inLanguage\":\"pl-PL\",\"@id\":\"https:\/\/www.ogrodolszanica.pl\/index.php\/produkt\/szpadel-prosty-woman-verkatto-lopata-dla-kobiet\/#primaryimage\",\"url\":\"https:\/\/i0.wp.com\/www.ogrodolszanica.pl\/wp-content\/uploads\/2026\/02\/szpadel-prosty-woman-VR-7396-scaled.jpg?fit=2098%2C2560&ssl=1\",\"contentUrl\":\"https:\/\/i0.wp.com\/www.ogrodolszanica.pl\/wp-content\/uploads\/2026\/02\/szpadel-prosty-woman-VR-7396-scaled.jpg?fit=2098%2C2560&ssl=1\",\"width\":2098,\"height\":2560},{\"@type\":\"WebPage\",\"@id\":\"https:\/\/www.ogrodolszanica.pl\/index.php\/produkt\/szpadel-prosty-woman-verkatto-lopata-dla-kobiet\/#webpage\",\"url\":\"https:\/\/www.ogrodolszanica.pl\/index.php\/produkt\/szpadel-prosty-woman-verkatto-lopata-dla-kobiet\/\",\"name\":\"Szpadel prosty WOMAN Verkatto \u0142opata dla kobiet - Ogr&oacute;d Olszanica\",\"isPartOf\":{\"@id\":\"https:\/\/www.ogrodolszanica.pl\/#website\"},\"primaryImageOfPage\":{\"@id\":\"https:\/\/www.ogrodolszanica.pl\/index.php\/produkt\/szpadel-prosty-woman-verkatto-lopata-dla-kobiet\/#primaryimage\"},\"datePublished\":\"2026-02-23T10:31:06+00:00\",\"dateModified\":\"2026-02-23T10:31:07+00:00\",\"breadcrumb\":{\"@id\":\"https:\/\/www.ogrodolszanica.pl\/index.php\/produkt\/szpadel-prosty-woman-verkatto-lopata-dla-kobiet\/#breadcrumb\"},\"inLanguage\":\"pl-PL\",\"potentialAction\":[{\"@type\":\"ReadAction\",\"target\":[\"https:\/\/www.ogrodolszanica.pl\/index.php\/produkt\/szpadel-prosty-woman-verkatto-lopata-dla-kobiet\/\"]}]},{\"@type\":\"BreadcrumbList\",\"@id\":\"https:\/\/www.ogrodolszanica.pl\/index.php\/produkt\/szpadel-prosty-woman-verkatto-lopata-dla-kobiet\/#breadcrumb\",\"itemListElement\":[{\"@type\":\"ListItem\",\"position\":1,\"name\":\"Strona g\u0142\u00f3wna\",\"item\":\"https:\/\/www.ogrodolszanica.pl\/\"},{\"@type\":\"ListItem\",\"position\":2,\"name\":\"Produkty\",\"item\":\"https:\/\/www.ogrodolszanica.pl\/index.php\/shop\/\"},{\"@type\":\"ListItem\",\"position\":3,\"name\":\"Szpadel prosty WOMAN Verkatto \u0142opata dla kobiet\"}]}]}<\/script>\n<!-- \/ Yoast SEO plugin. -->","yoast_head_json":{"title":"Szpadel prosty WOMAN Verkatto \u0142opata dla kobiet - Ogr&oacute;d Olszanica","robots":{"index":"index","follow":"follow","max-snippet":"max-snippet:-1","max-image-preview":"max-image-preview:large","max-video-preview":"max-video-preview:-1"},"canonical":"https:\/\/www.ogrodolszanica.pl\/index.php\/produkt\/szpadel-prosty-woman-verkatto-lopata-dla-kobiet\/","og_locale":"pl_PL","og_type":"article","og_title":"Szpadel prosty WOMAN Verkatto \u0142opata dla kobiet - Ogr&oacute;d Olszanica","og_description":"Szpadel prosty WOMAN VR-7396 Charakterystyka produktu: \u2013\u00a0narz\u0119dzie w\u0142asnej produkcji! \u2013 l\u017cejsze, mniejsze i bardziej por\u0119czne, dedykowane m.in. kobietom \u2013 specjalnie wyprofilowane trzonki i w\u0119\u017csze g\u0142owice \u2013 ergonomiczny trzonek pokryty zielon\u0105, wytrzyma\u0142\u0105 i antypo\u015blizgow\u0105 pow\u0142ok\u0105 \u2013 wygodny uchwyt \u2013 wykonana z wysokiej jako\u015bci stali utwardzonej \u2013 solidny i trwa\u0142y spaw \u2013 zwi\u0119kszona widoczno\u015b\u0107","og_url":"https:\/\/www.ogrodolszanica.pl\/index.php\/produkt\/szpadel-prosty-woman-verkatto-lopata-dla-kobiet\/","og_site_name":"Ogr&oacute;d Olszanica","article_publisher":"https:\/\/www.facebook.com\/Ogrd-Olszanica-100807179225223","article_modified_time":"2026-02-23T10:31:07+00:00","og_image":[{"width":2098,"height":2560,"url":"https:\/\/www.ogrodolszanica.pl\/wp-content\/uploads\/2026\/02\/szpadel-prosty-woman-VR-7396-scaled.jpg","type":"image\/jpeg"}],"author":"admin","twitter_card":"summary_large_image","schema":{"@context":"https:\/\/schema.org","@graph":[{"@type":"Organization","@id":"https:\/\/www.ogrodolszanica.pl\/#organization","name":"Ogr\u00f3d Olszanica - Krakowskie Centrum Ogrodnicze","url":"https:\/\/www.ogrodolszanica.pl\/","sameAs":["https:\/\/www.facebook.com\/Ogrd-Olszanica-100807179225223"],"logo":{"@type":"ImageObject","inLanguage":"pl-PL","@id":"https:\/\/www.ogrodolszanica.pl\/#\/schema\/logo\/image\/","url":"http:\/\/www.ogrodolszanica.pl\/wp-content\/uploads\/2022\/06\/Ogrod-Olszanica1-1.png","contentUrl":"http:\/\/www.ogrodolszanica.pl\/wp-content\/uploads\/2022\/06\/Ogrod-Olszanica1-1.png","width":180,"height":60,"caption":"Ogr\u00f3d Olszanica - Krakowskie Centrum Ogrodnicze"},"image":{"@id":"https:\/\/www.ogrodolszanica.pl\/#\/schema\/logo\/image\/"}},{"@type":"WebSite","@id":"https:\/\/www.ogrodolszanica.pl\/#website","url":"https:\/\/www.ogrodolszanica.pl\/","name":"Ogr&oacute;d Olszanica","description":"Centrum Ogrodnicze Krak&oacute;w","publisher":{"@id":"https:\/\/www.ogrodolszanica.pl\/#organization"},"potentialAction":[{"@type":"SearchAction","target":{"@type":"EntryPoint","urlTemplate":"https:\/\/www.ogrodolszanica.pl\/?s={search_term_string}"},"query-input":"required name=search_term_string"}],"inLanguage":"pl-PL"},{"@type":"ImageObject","inLanguage":"pl-PL","@id":"https:\/\/www.ogrodolszanica.pl\/index.php\/produkt\/szpadel-prosty-woman-verkatto-lopata-dla-kobiet\/#primaryimage","url":"https:\/\/i0.wp.com\/www.ogrodolszanica.pl\/wp-content\/uploads\/2026\/02\/szpadel-prosty-woman-VR-7396-scaled.jpg?fit=2098%2C2560&ssl=1","contentUrl":"https:\/\/i0.wp.com\/www.ogrodolszanica.pl\/wp-content\/uploads\/2026\/02\/szpadel-prosty-woman-VR-7396-scaled.jpg?fit=2098%2C2560&ssl=1","width":2098,"height":2560},{"@type":"WebPage","@id":"https:\/\/www.ogrodolszanica.pl\/index.php\/produkt\/szpadel-prosty-woman-verkatto-lopata-dla-kobiet\/#webpage","url":"https:\/\/www.ogrodolszanica.pl\/index.php\/produkt\/szpadel-prosty-woman-verkatto-lopata-dla-kobiet\/","name":"Szpadel prosty WOMAN Verkatto \u0142opata dla kobiet - Ogr&oacute;d Olszanica","isPartOf":{"@id":"https:\/\/www.ogrodolszanica.pl\/#website"},"primaryImageOfPage":{"@id":"https:\/\/www.ogrodolszanica.pl\/index.php\/produkt\/szpadel-prosty-woman-verkatto-lopata-dla-kobiet\/#primaryimage"},"datePublished":"2026-02-23T10:31:06+00:00","dateModified":"2026-02-23T10:31:07+00:00","breadcrumb":{"@id":"https:\/\/www.ogrodolszanica.pl\/index.php\/produkt\/szpadel-prosty-woman-verkatto-lopata-dla-kobiet\/#breadcrumb"},"inLanguage":"pl-PL","potentialAction":[{"@type":"ReadAction","target":["https:\/\/www.ogrodolszanica.pl\/index.php\/produkt\/szpadel-prosty-woman-verkatto-lopata-dla-kobiet\/"]}]},{"@type":"BreadcrumbList","@id":"https:\/\/www.ogrodolszanica.pl\/index.php\/produkt\/szpadel-prosty-woman-verkatto-lopata-dla-kobiet\/#breadcrumb","itemListElement":[{"@type":"ListItem","position":1,"name":"Strona g\u0142\u00f3wna","item":"https:\/\/www.ogrodolszanica.pl\/"},{"@type":"ListItem","position":2,"name":"Produkty","item":"https:\/\/www.ogrodolszanica.pl\/index.php\/shop\/"},{"@type":"ListItem","position":3,"name":"Szpadel prosty WOMAN Verkatto \u0142opata dla kobiet"}]}]}},"jetpack-related-posts":[{"id":3205,"url":"https:\/\/www.ogrodolszanica.pl\/index.php\/produkt\/szpadel-prosty-z-metalowym-trzonkiem-verkatto-lopata-do-ogrodu\/","url_meta":{"origin":3203,"position":0},"title":"Szpadel prosty z metalowym trzonkiem Verkatto \u0142opata do ogrodu","date":"23 lutego, 2026","format":false,"excerpt":"Szpadel prosty z metalowym trzonkiem Verkatto VR-7401 Charakterystyka produktu: \u2013\u00a0narz\u0119dzie w\u0142asnej produkcji! \u2013 s\u0142u\u017cy do kopania w ziemi lub innych materia\u0142ach sypkich \u2013 wykonany z wysokiej jako\u015bci stali hartowanej \u2013 solidny i trwa\u0142y spaw \u2013 antypo\u015blizgowy naci\u0105g na trzonku wykonany z PVC \u2013 ergonomiczny kszta\u0142t \u2013 wytrzyma\u0142a i odporna na\u2026","rel":"","context":"Similar post","img":{"alt_text":"","src":"https:\/\/i0.wp.com\/www.ogrodolszanica.pl\/wp-content\/uploads\/2026\/02\/szpadel-prosty-VR-7401-scaled.jpg?fit=942%2C1200&ssl=1&resize=350%2C200","width":350,"height":200},"classes":[]},{"id":3204,"url":"https:\/\/www.ogrodolszanica.pl\/index.php\/produkt\/szpadel-spiczasty-woman-verkatto-lopata-dla-kobiet\/","url_meta":{"origin":3203,"position":1},"title":"Szpadel spiczasty WOMAN Verkatto \u0142opata dla kobiet","date":"23 lutego, 2026","format":false,"excerpt":"Szpadel spiczasty WOMAN VR-7397 Charakterystyka produktu: \u2013\u00a0narz\u0119dzie w\u0142asnej produkcji! \u2013 l\u017cejsze, mniejsze i bardziej por\u0119czne, dedykowane m.in. kobietom \u2013 specjalnie wyprofilowane trzonki i w\u0119\u017csze g\u0142owice \u2013 ergonomiczny trzonek pokryty zielon\u0105, wytrzyma\u0142\u0105 i antypo\u015blizgow\u0105 pow\u0142ok\u0105 \u2013 wygodny uchwyt \u2013 wykonana z wysokiej jako\u015bci stali utwardzonej \u2013 solidny i trwa\u0142y spaw \u2013\u2026","rel":"","context":"Similar post","img":{"alt_text":"","src":"https:\/\/i0.wp.com\/www.ogrodolszanica.pl\/wp-content\/uploads\/2026\/02\/szpadel-spiczasty-women-VR-7397-scaled.jpg?fit=960%2C1200&ssl=1&resize=350%2C200","width":350,"height":200},"classes":[]},{"id":3206,"url":"https:\/\/www.ogrodolszanica.pl\/index.php\/produkt\/szpadel-szpiczasty-z-metalowym-trzonkiem-verkatto-lopata-do-ogrodu\/","url_meta":{"origin":3203,"position":2},"title":"Szpadel szpiczasty z metalowym trzonkiem Verkatto \u0142opata do ogrodu","date":"23 lutego, 2026","format":false,"excerpt":"Szpadel szpiczasty z metalowym trzonkiem Verkatto VR-7402 Charakterystyka produktu: \u2013\u00a0narz\u0119dzie w\u0142asnej produkcji! \u2013 s\u0142u\u017cy do kopania w ziemi lub innych materia\u0142ach sypkich \u2013 wykonany z wysokiej jako\u015bci stali hartowanej \u2013 solidny i trwa\u0142y spaw \u2013 antypo\u015blizgowy naci\u0105g na trzonku wykonany z PVC \u2013 ergonomiczny kszta\u0142t \u2013 wytrzyma\u0142a i odporna na\u2026","rel":"","context":"Similar post","img":{"alt_text":"","src":"https:\/\/i0.wp.com\/www.ogrodolszanica.pl\/wp-content\/uploads\/2026\/02\/szpadel-spiczasty-VR-7402-scaled.jpg?fit=968%2C1200&ssl=1&resize=350%2C200","width":350,"height":200},"classes":[]},{"id":4052,"url":"https:\/\/www.ogrodolszanica.pl\/index.php\/produkt\/mala-lopatka-ogrodowa\/","url_meta":{"origin":3203,"position":3},"title":"Ma\u0142a \u0142opatka ogrodowa","date":"4 marca, 2026","format":false,"excerpt":"Ma\u0142a \u0142opatka ogrodowa to por\u0119czne narz\u0119dzie przeznaczone do drobnych prac ogrodniczych, takich jak sadzenie sadzonek, przesadzanie kwiat\u00f3w, spulchnianie gleby w doniczkach czy innych precyzyjnych czynno\u015bci w ogrodzie. D\u0142ugo\u015b\u0107 ca\u0142kowita (w cm):\u00a025 D\u0142ugo\u015b\u0107 uchwytu (w cm):\u00a011 Szeroko\u015b\u0107 g\u0142owicy (w cm):\u00a08 \u015arednica dr\u0105\u017cka (w mm):\u00a025 Typ produktu:\u00a0\u0141opata Materia\u0142 g\u0142\u00f3wny w ca\u0142kowitej masie\u2026","rel":"","context":"Similar post","img":{"alt_text":"","src":"https:\/\/i0.wp.com\/www.ogrodolszanica.pl\/wp-content\/uploads\/2026\/03\/IMG20260303164018-scaled.jpg?fit=904%2C1200&ssl=1&resize=350%2C200","width":350,"height":200},"classes":[]},{"id":4043,"url":"https:\/\/www.ogrodolszanica.pl\/index.php\/produkt\/kalosze-meskie-wellington-czarne-44\/","url_meta":{"origin":3203,"position":4},"title":"Kalosze m\u0119skie Wellington czarne 44","date":"4 marca, 2026","format":false,"excerpt":"Kalosze m\u0119skie Wellington czarne 44 \u2705 Buty z tworzywa sztucznego PVC sprawdz\u0105 si\u0119 do chodzenia po grz\u0105skim, podmok\u0142ym gruncie. \u2705 Wysokiej jako\u015bci materia\u0142 PVC \u2705 Wodoodporne \u2705 Komfortowe \u2705 Prosty, uniwersalny wz\u00f3r \u2705 \u0141atwe czyszczenie \u2705 Produkt polski \u25b6\ufe0f\u00a0Typ produktu:\u00a0Kalosze \u25b6\ufe0f\u00a0Rodzaj opakowania:\u00a0Para \u25b6\ufe0f\u00a0Kolor:\u00a0Czarny \u25b6\ufe0f\u00a0Rozmiar obuwia (EU):\u00a044 \u25b6\ufe0f\u00a0Dopasowanie obuwia:\u00a0Standardowy fason \u25b6\ufe0f\u00a0Materia\u0142\u2026","rel":"","context":"Similar post","img":{"alt_text":"","src":"https:\/\/i0.wp.com\/www.ogrodolszanica.pl\/wp-content\/uploads\/2026\/03\/IMG20260303164344-scaled.jpg?fit=904%2C1200&ssl=1&resize=350%2C200","width":350,"height":200},"classes":[]},{"id":4042,"url":"https:\/\/www.ogrodolszanica.pl\/index.php\/produkt\/kalosze-meskie-wellington-czarne-43\/","url_meta":{"origin":3203,"position":5},"title":"Kalosze m\u0119skie Wellington czarne 43","date":"4 marca, 2026","format":false,"excerpt":"Kalosze m\u0119skie Wellington czarne 43 \u2705 Buty z tworzywa sztucznego PVC sprawdz\u0105 si\u0119 do chodzenia po grz\u0105skim, podmok\u0142ym gruncie. \u2705 Wysokiej jako\u015bci materia\u0142 PVC \u2705 Wodoodporne \u2705 Komfortowe \u2705 Prosty, uniwersalny wz\u00f3r \u2705 \u0141atwe czyszczenie \u2705 Produkt polski \u25b6\ufe0f\u00a0Typ produktu:\u00a0Kalosze \u25b6\ufe0f\u00a0Rodzaj opakowania:\u00a0Para \u25b6\ufe0f\u00a0Kolor:\u00a0Czarny \u25b6\ufe0f\u00a0Rozmiar obuwia (EU):\u00a043 \u25b6\ufe0f\u00a0Dopasowanie obuwia:\u00a0Standardowy fason \u25b6\ufe0f\u00a0Materia\u0142\u2026","rel":"","context":"Similar post","img":{"alt_text":"","src":"https:\/\/i0.wp.com\/www.ogrodolszanica.pl\/wp-content\/uploads\/2026\/03\/IMG20260303164344-scaled.jpg?fit=904%2C1200&ssl=1&resize=350%2C200","width":350,"height":200},"classes":[]}],"_links":{"self":[{"href":"https:\/\/www.ogrodolszanica.pl\/index.php\/wp-json\/wp\/v2\/product\/3203","targetHints":{"allow":["GET"]}}],"collection":[{"href":"https:\/\/www.ogrodolszanica.pl\/index.php\/wp-json\/wp\/v2\/product"}],"about":[{"href":"https:\/\/www.ogrodolszanica.pl\/index.php\/wp-json\/wp\/v2\/types\/product"}],"replies":[{"embeddable":true,"href":"https:\/\/www.ogrodolszanica.pl\/index.php\/wp-json\/wp\/v2\/comments?post=3203"}],"wp:featuredmedia":[{"embeddable":true,"href":"https:\/\/www.ogrodolszanica.pl\/index.php\/wp-json\/wp\/v2\/media\/3117"}],"wp:attachment":[{"href":"https:\/\/www.ogrodolszanica.pl\/index.php\/wp-json\/wp\/v2\/media?parent=3203"}],"wp:term":[{"taxonomy":"product_cat","embeddable":true,"href":"https:\/\/www.ogrodolszanica.pl\/index.php\/wp-json\/wp\/v2\/product_cat?post=3203"},{"taxonomy":"product_tag","embeddable":true,"href":"https:\/\/www.ogrodolszanica.pl\/index.php\/wp-json\/wp\/v2\/product_tag?post=3203"}],"curies":[{"name":"wp","href":"https:\/\/api.w.org\/{rel}","templated":true}]}}