{"id":3187,"date":"2026-02-23T10:06:44","date_gmt":"2026-02-23T10:06:44","guid":{"rendered":"https:\/\/www.ogrodolszanica.pl\/?post_type=product&#038;p=3187"},"modified":"2026-02-23T10:06:44","modified_gmt":"2026-02-23T10:06:44","slug":"motyka-dwustronna-mala-serce","status":"publish","type":"product","link":"https:\/\/www.ogrodolszanica.pl\/index.php\/produkt\/motyka-dwustronna-mala-serce\/","title":{"rendered":"Motyka dwustronna ma\u0142a serce"},"content":{"rendered":"<h1 style=\"text-align: center;\">Motyczka serce z wide\u0142kami z drewnian\u0105 r\u0105czk\u0105<\/h1>\n<h2 style=\"text-align: center;\">VR-7295<\/h2>\n<p style=\"text-align: center;\">Charakterystyka produktu:<\/p>\n<p style=\"text-align: center;\">\u2013 stosowane do pielenia, okopywania, napowietrzania gleby i innych prac ogrodniczych<\/p>\n<p style=\"text-align: center;\">\u2013 motyczka w kszta\u0142cie serca, wide\u0142ki z trzema zaostrzonymi z\u0119bami<\/p>\n<p style=\"text-align: center;\">\u2013 drewniany uchwyt<\/p>\n","protected":false},"excerpt":{"rendered":"<p>Motyczka serce z wide\u0142kami z drewnian\u0105 r\u0105czk\u0105 VR-7295 Charakterystyka produktu: \u2013 stosowane do pielenia, okopywania, napowietrzania gleby i innych prac ogrodniczych \u2013 motyczka w kszta\u0142cie serca, wide\u0142ki z trzema zaostrzonymi z\u0119bami \u2013 drewniany uchwyt<\/p>\n","protected":false},"featured_media":3077,"comment_status":"open","ping_status":"closed","template":"","meta":{"site-sidebar-layout":"default","site-content-layout":"default","ast-global-header-display":"","ast-main-header-display":"","ast-hfb-above-header-display":"","ast-hfb-below-header-display":"","ast-hfb-mobile-header-display":"","site-post-title":"","ast-breadcrumbs-content":"","ast-featured-img":"","footer-sml-layout":"","theme-transparent-header-meta":"default","adv-header-id-meta":"","stick-header-meta":"","header-above-stick-meta":"","header-main-stick-meta":"","header-below-stick-meta":"","spay_email":""},"product_cat":[44],"product_tag":[],"class_list":["post-3187","product","type-product","status-publish","has-post-thumbnail","hentry","product_cat-male-narzedzia"],"yoast_head":"<!-- This site is optimized with the Yoast SEO plugin v19.2 - https:\/\/yoast.com\/wordpress\/plugins\/seo\/ -->\n<title>Motyka dwustronna ma\u0142a serce - Ogr&oacute;d Olszanica<\/title>\n<meta name=\"robots\" content=\"index, follow, max-snippet:-1, max-image-preview:large, max-video-preview:-1\" \/>\n<link rel=\"canonical\" href=\"https:\/\/www.ogrodolszanica.pl\/index.php\/produkt\/motyka-dwustronna-mala-serce\/\" \/>\n<meta property=\"og:locale\" content=\"pl_PL\" \/>\n<meta property=\"og:type\" content=\"article\" \/>\n<meta property=\"og:title\" content=\"Motyka dwustronna ma\u0142a serce - Ogr&oacute;d Olszanica\" \/>\n<meta property=\"og:description\" content=\"Motyczka serce z wide\u0142kami z drewnian\u0105 r\u0105czk\u0105 VR-7295 Charakterystyka produktu: \u2013 stosowane do pielenia, okopywania, napowietrzania gleby i innych prac ogrodniczych \u2013 motyczka w kszta\u0142cie serca, wide\u0142ki z trzema zaostrzonymi z\u0119bami \u2013 drewniany uchwyt\" \/>\n<meta property=\"og:url\" content=\"https:\/\/www.ogrodolszanica.pl\/index.php\/produkt\/motyka-dwustronna-mala-serce\/\" \/>\n<meta property=\"og:site_name\" content=\"Ogr&oacute;d Olszanica\" \/>\n<meta property=\"article:publisher\" content=\"https:\/\/www.facebook.com\/Ogrd-Olszanica-100807179225223\" \/>\n<meta property=\"og:image\" content=\"https:\/\/www.ogrodolszanica.pl\/wp-content\/uploads\/2026\/02\/motyka-serce-widelkami-z-drewniana-raczka-VR-7295-v2-scaled.jpg\" \/>\n\t<meta property=\"og:image:width\" content=\"2560\" \/>\n\t<meta property=\"og:image:height\" content=\"2170\" \/>\n\t<meta property=\"og:image:type\" content=\"image\/jpeg\" \/>\n<meta name=\"author\" content=\"admin\" \/>\n<meta name=\"twitter:card\" content=\"summary_large_image\" \/>\n<script type=\"application\/ld+json\" class=\"yoast-schema-graph\">{\"@context\":\"https:\/\/schema.org\",\"@graph\":[{\"@type\":\"Organization\",\"@id\":\"https:\/\/www.ogrodolszanica.pl\/#organization\",\"name\":\"Ogr\u00f3d Olszanica - Krakowskie Centrum Ogrodnicze\",\"url\":\"https:\/\/www.ogrodolszanica.pl\/\",\"sameAs\":[\"https:\/\/www.facebook.com\/Ogrd-Olszanica-100807179225223\"],\"logo\":{\"@type\":\"ImageObject\",\"inLanguage\":\"pl-PL\",\"@id\":\"https:\/\/www.ogrodolszanica.pl\/#\/schema\/logo\/image\/\",\"url\":\"http:\/\/www.ogrodolszanica.pl\/wp-content\/uploads\/2022\/06\/Ogrod-Olszanica1-1.png\",\"contentUrl\":\"http:\/\/www.ogrodolszanica.pl\/wp-content\/uploads\/2022\/06\/Ogrod-Olszanica1-1.png\",\"width\":180,\"height\":60,\"caption\":\"Ogr\u00f3d Olszanica - Krakowskie Centrum Ogrodnicze\"},\"image\":{\"@id\":\"https:\/\/www.ogrodolszanica.pl\/#\/schema\/logo\/image\/\"}},{\"@type\":\"WebSite\",\"@id\":\"https:\/\/www.ogrodolszanica.pl\/#website\",\"url\":\"https:\/\/www.ogrodolszanica.pl\/\",\"name\":\"Ogr&oacute;d Olszanica\",\"description\":\"Centrum Ogrodnicze Krak&oacute;w\",\"publisher\":{\"@id\":\"https:\/\/www.ogrodolszanica.pl\/#organization\"},\"potentialAction\":[{\"@type\":\"SearchAction\",\"target\":{\"@type\":\"EntryPoint\",\"urlTemplate\":\"https:\/\/www.ogrodolszanica.pl\/?s={search_term_string}\"},\"query-input\":\"required name=search_term_string\"}],\"inLanguage\":\"pl-PL\"},{\"@type\":\"ImageObject\",\"inLanguage\":\"pl-PL\",\"@id\":\"https:\/\/www.ogrodolszanica.pl\/index.php\/produkt\/motyka-dwustronna-mala-serce\/#primaryimage\",\"url\":\"https:\/\/i0.wp.com\/www.ogrodolszanica.pl\/wp-content\/uploads\/2026\/02\/motyka-serce-widelkami-z-drewniana-raczka-VR-7295-v2-scaled.jpg?fit=2560%2C2170&ssl=1\",\"contentUrl\":\"https:\/\/i0.wp.com\/www.ogrodolszanica.pl\/wp-content\/uploads\/2026\/02\/motyka-serce-widelkami-z-drewniana-raczka-VR-7295-v2-scaled.jpg?fit=2560%2C2170&ssl=1\",\"width\":2560,\"height\":2170},{\"@type\":\"WebPage\",\"@id\":\"https:\/\/www.ogrodolszanica.pl\/index.php\/produkt\/motyka-dwustronna-mala-serce\/#webpage\",\"url\":\"https:\/\/www.ogrodolszanica.pl\/index.php\/produkt\/motyka-dwustronna-mala-serce\/\",\"name\":\"Motyka dwustronna ma\u0142a serce - Ogr&oacute;d Olszanica\",\"isPartOf\":{\"@id\":\"https:\/\/www.ogrodolszanica.pl\/#website\"},\"primaryImageOfPage\":{\"@id\":\"https:\/\/www.ogrodolszanica.pl\/index.php\/produkt\/motyka-dwustronna-mala-serce\/#primaryimage\"},\"datePublished\":\"2026-02-23T10:06:44+00:00\",\"dateModified\":\"2026-02-23T10:06:44+00:00\",\"breadcrumb\":{\"@id\":\"https:\/\/www.ogrodolszanica.pl\/index.php\/produkt\/motyka-dwustronna-mala-serce\/#breadcrumb\"},\"inLanguage\":\"pl-PL\",\"potentialAction\":[{\"@type\":\"ReadAction\",\"target\":[\"https:\/\/www.ogrodolszanica.pl\/index.php\/produkt\/motyka-dwustronna-mala-serce\/\"]}]},{\"@type\":\"BreadcrumbList\",\"@id\":\"https:\/\/www.ogrodolszanica.pl\/index.php\/produkt\/motyka-dwustronna-mala-serce\/#breadcrumb\",\"itemListElement\":[{\"@type\":\"ListItem\",\"position\":1,\"name\":\"Strona g\u0142\u00f3wna\",\"item\":\"https:\/\/www.ogrodolszanica.pl\/\"},{\"@type\":\"ListItem\",\"position\":2,\"name\":\"Produkty\",\"item\":\"https:\/\/www.ogrodolszanica.pl\/index.php\/shop\/\"},{\"@type\":\"ListItem\",\"position\":3,\"name\":\"Motyka dwustronna ma\u0142a serce\"}]}]}<\/script>\n<!-- \/ Yoast SEO plugin. -->","yoast_head_json":{"title":"Motyka dwustronna ma\u0142a serce - Ogr&oacute;d Olszanica","robots":{"index":"index","follow":"follow","max-snippet":"max-snippet:-1","max-image-preview":"max-image-preview:large","max-video-preview":"max-video-preview:-1"},"canonical":"https:\/\/www.ogrodolszanica.pl\/index.php\/produkt\/motyka-dwustronna-mala-serce\/","og_locale":"pl_PL","og_type":"article","og_title":"Motyka dwustronna ma\u0142a serce - Ogr&oacute;d Olszanica","og_description":"Motyczka serce z wide\u0142kami z drewnian\u0105 r\u0105czk\u0105 VR-7295 Charakterystyka produktu: \u2013 stosowane do pielenia, okopywania, napowietrzania gleby i innych prac ogrodniczych \u2013 motyczka w kszta\u0142cie serca, wide\u0142ki z trzema zaostrzonymi z\u0119bami \u2013 drewniany uchwyt","og_url":"https:\/\/www.ogrodolszanica.pl\/index.php\/produkt\/motyka-dwustronna-mala-serce\/","og_site_name":"Ogr&oacute;d Olszanica","article_publisher":"https:\/\/www.facebook.com\/Ogrd-Olszanica-100807179225223","og_image":[{"width":2560,"height":2170,"url":"https:\/\/www.ogrodolszanica.pl\/wp-content\/uploads\/2026\/02\/motyka-serce-widelkami-z-drewniana-raczka-VR-7295-v2-scaled.jpg","type":"image\/jpeg"}],"author":"admin","twitter_card":"summary_large_image","schema":{"@context":"https:\/\/schema.org","@graph":[{"@type":"Organization","@id":"https:\/\/www.ogrodolszanica.pl\/#organization","name":"Ogr\u00f3d Olszanica - Krakowskie Centrum Ogrodnicze","url":"https:\/\/www.ogrodolszanica.pl\/","sameAs":["https:\/\/www.facebook.com\/Ogrd-Olszanica-100807179225223"],"logo":{"@type":"ImageObject","inLanguage":"pl-PL","@id":"https:\/\/www.ogrodolszanica.pl\/#\/schema\/logo\/image\/","url":"http:\/\/www.ogrodolszanica.pl\/wp-content\/uploads\/2022\/06\/Ogrod-Olszanica1-1.png","contentUrl":"http:\/\/www.ogrodolszanica.pl\/wp-content\/uploads\/2022\/06\/Ogrod-Olszanica1-1.png","width":180,"height":60,"caption":"Ogr\u00f3d Olszanica - Krakowskie Centrum Ogrodnicze"},"image":{"@id":"https:\/\/www.ogrodolszanica.pl\/#\/schema\/logo\/image\/"}},{"@type":"WebSite","@id":"https:\/\/www.ogrodolszanica.pl\/#website","url":"https:\/\/www.ogrodolszanica.pl\/","name":"Ogr&oacute;d Olszanica","description":"Centrum Ogrodnicze Krak&oacute;w","publisher":{"@id":"https:\/\/www.ogrodolszanica.pl\/#organization"},"potentialAction":[{"@type":"SearchAction","target":{"@type":"EntryPoint","urlTemplate":"https:\/\/www.ogrodolszanica.pl\/?s={search_term_string}"},"query-input":"required name=search_term_string"}],"inLanguage":"pl-PL"},{"@type":"ImageObject","inLanguage":"pl-PL","@id":"https:\/\/www.ogrodolszanica.pl\/index.php\/produkt\/motyka-dwustronna-mala-serce\/#primaryimage","url":"https:\/\/i0.wp.com\/www.ogrodolszanica.pl\/wp-content\/uploads\/2026\/02\/motyka-serce-widelkami-z-drewniana-raczka-VR-7295-v2-scaled.jpg?fit=2560%2C2170&ssl=1","contentUrl":"https:\/\/i0.wp.com\/www.ogrodolszanica.pl\/wp-content\/uploads\/2026\/02\/motyka-serce-widelkami-z-drewniana-raczka-VR-7295-v2-scaled.jpg?fit=2560%2C2170&ssl=1","width":2560,"height":2170},{"@type":"WebPage","@id":"https:\/\/www.ogrodolszanica.pl\/index.php\/produkt\/motyka-dwustronna-mala-serce\/#webpage","url":"https:\/\/www.ogrodolszanica.pl\/index.php\/produkt\/motyka-dwustronna-mala-serce\/","name":"Motyka dwustronna ma\u0142a serce - Ogr&oacute;d Olszanica","isPartOf":{"@id":"https:\/\/www.ogrodolszanica.pl\/#website"},"primaryImageOfPage":{"@id":"https:\/\/www.ogrodolszanica.pl\/index.php\/produkt\/motyka-dwustronna-mala-serce\/#primaryimage"},"datePublished":"2026-02-23T10:06:44+00:00","dateModified":"2026-02-23T10:06:44+00:00","breadcrumb":{"@id":"https:\/\/www.ogrodolszanica.pl\/index.php\/produkt\/motyka-dwustronna-mala-serce\/#breadcrumb"},"inLanguage":"pl-PL","potentialAction":[{"@type":"ReadAction","target":["https:\/\/www.ogrodolszanica.pl\/index.php\/produkt\/motyka-dwustronna-mala-serce\/"]}]},{"@type":"BreadcrumbList","@id":"https:\/\/www.ogrodolszanica.pl\/index.php\/produkt\/motyka-dwustronna-mala-serce\/#breadcrumb","itemListElement":[{"@type":"ListItem","position":1,"name":"Strona g\u0142\u00f3wna","item":"https:\/\/www.ogrodolszanica.pl\/"},{"@type":"ListItem","position":2,"name":"Produkty","item":"https:\/\/www.ogrodolszanica.pl\/index.php\/shop\/"},{"@type":"ListItem","position":3,"name":"Motyka dwustronna ma\u0142a serce"}]}]}},"jetpack-related-posts":[{"id":1749,"url":"https:\/\/www.ogrodolszanica.pl\/index.php\/produkt\/jezowka-raspberry-truffle\/","url_meta":{"origin":3187,"position":0},"title":"Je\u017c\u00f3wka Raspberry Truffle","date":"18 lipca, 2022","format":false,"excerpt":"Je\u017c\u00f3wka Raspberry Truffle Echinacea Raspberry Truffle' to kolejna przepi\u0119kna propozycja z niebywale malowniczej kolekcji CONE-FECTIONS. Ta niesamowita seria skupia je\u017c\u00f3wki o efektownych, pe\u0142nych kwiatach w hipnotyzuj\u0105cych, \u017cywio\u0142owych kolorach, a ciekawostk\u0105 jest fakt, i\u017c nazwy wszystkich odmian brzmi\u0105 niczym apetyczny, owocowy deser! Ro\u015blina tworzy g\u0119ste, zwarte, wzniesione k\u0119py, kt\u00f3re docelowo osi\u0105gaj\u0105\u2026","rel":"","context":"Similar post","img":{"alt_text":"","src":"https:\/\/i0.wp.com\/www.ogrodolszanica.pl\/wp-content\/uploads\/2022\/07\/image1598-scaled.jpg?fit=904%2C1200&ssl=1&resize=350%2C200","width":350,"height":200},"classes":[]},{"id":2705,"url":"https:\/\/www.ogrodolszanica.pl\/index.php\/produkt\/bergenia-vintage-blush\/","url_meta":{"origin":3187,"position":1},"title":"Bergenia Vintage Blush","date":"31 stycznia, 2024","format":false,"excerpt":"Bergenia Vintage Blush Bergenia Bergenia 'Blush' to czaruj\u0105ca reprezentantka nowej, wyj\u0105tkowej serii VINTAGE. Kolekcja ta skupia odmiany wyr\u00f3\u017cniaj\u0105ce si\u0119 zwartym, kompaktowym pokrojem, dekoracyjnym, b\u0142yszcz\u0105cym ulistnieniem, bardzo obfitym okresem kwitnienia oraz wysok\u0105 odporno\u015bci\u0105 na niekorzystne warunki. Ro\u015blina docelowo osi\u0105ga oko\u0142o 30-40 cm wysoko\u015bci i oko\u0142o 35 cm \u015brednicy, formuj\u0105c bujn\u0105, roz\u0142o\u017cyst\u0105\u2026","rel":"","context":"Similar post","img":{"alt_text":"","src":"https:\/\/i0.wp.com\/www.ogrodolszanica.pl\/wp-content\/uploads\/2024\/01\/byliny-i-trawy_bergenia_78903_2.jpg?fit=636%2C650&ssl=1&resize=350%2C200","width":350,"height":200},"classes":[]},{"id":3406,"url":"https:\/\/www.ogrodolszanica.pl\/index.php\/produkt\/aster-krzaczasty-woods-purple\/","url_meta":{"origin":3187,"position":2},"title":"Aster krzaczasty Wood&#8217;s Purple","date":"24 lutego, 2026","format":false,"excerpt":"Aster krzaczasty Wood's Purple Aster dumosus Aster krzaczasty 'Wood's Purple' to urocza odmiana, kt\u00f3ra w trakcie kwitnienia otula si\u0119 pastelowym ob\u0142okiem prze\u015blicznych, liliowo-fioletowych kwiat\u00f3w. Ro\u015blina charakteryzuje si\u0119 kompaktowym wzrostem, maksymalnie osi\u0105ga oko\u0142o 30-45 cm wysoko\u015bci. Kszta\u0142tuje g\u0119ste, zwarte, poduchowate k\u0119py kr\u00f3tkich, wzniesionych p\u0119d\u00f3w, na kt\u00f3rych osadzone s\u0105 w\u0105skie, lancetowate li\u015bcie\u2026","rel":"","context":"Similar post","img":{"alt_text":"","src":"https:\/\/i0.wp.com\/www.ogrodolszanica.pl\/wp-content\/uploads\/2026\/02\/Aster-krzaczasty-Woods-Purple-scaled.jpg?fit=904%2C1200&ssl=1&resize=350%2C200","width":350,"height":200},"classes":[]},{"id":3046,"url":"https:\/\/www.ogrodolszanica.pl\/index.php\/produkt\/siekiera-z-trzonkiem-fiberglass-600g\/","url_meta":{"origin":3187,"position":3},"title":"Siekiera z trzonkiem FIBERGLASS 600g","date":"22 lutego, 2026","format":false,"excerpt":"Siekiera z trzonkiem FIBERGLASS 600g VR-4008 Charakterystyka produktu: \u2013 s\u0142u\u017cy do ci\u0119cia i podcinania drzewa \u2013 matrycowo kuty obuch z wysokogatunkowej hartowanej stali w\u0119glowej, \u2013 ergonomiczny trzonek z w\u0142\u00f3kna szklanego z antypo\u015blizgow\u0105 r\u0119koje\u015bci\u0105 \u2013 twardo\u015b\u0107 cz\u0119\u015bci roboczej obucha HRC: 47 \u2013 53","rel":"","context":"Similar post","img":{"alt_text":"","src":"https:\/\/i0.wp.com\/www.ogrodolszanica.pl\/wp-content\/uploads\/2026\/02\/siekierka-z-trzonkiem-fiberglass-600g-VR-4008-scaled.jpg?fit=998%2C1200&ssl=1&resize=350%2C200","width":350,"height":200},"classes":[]},{"id":3154,"url":"https:\/\/www.ogrodolszanica.pl\/index.php\/produkt\/siekiera-z-trzonkiem-fiberglass-800g\/","url_meta":{"origin":3187,"position":4},"title":"Siekiera z trzonkiem FIBERGLASS 800g","date":"22 lutego, 2026","format":false,"excerpt":"\u00a0 Siekiera z trzonkiem FIBERGLASS 800g VR-4009 Charakterystyka produktu: \u2013 s\u0142u\u017cy do ci\u0119cia i podcinania drzewa \u2013 matrycowo kuty obuch z wysokogatunkowej hartowanej stali w\u0119glowej, \u2013 ergonomiczny trzonek z w\u0142\u00f3kna szklanego z antypo\u015blizgow\u0105 r\u0119koje\u015bci\u0105 \u2013 twardo\u015b\u0107 cz\u0119\u015bci roboczej obucha HRC: 47 \u2013 53","rel":"","context":"Similar post","img":{"alt_text":"","src":"https:\/\/i0.wp.com\/www.ogrodolszanica.pl\/wp-content\/uploads\/2026\/02\/siekierka-z-trzonkiem-fiberglass-800g-VR-4009-scaled.jpg?fit=1012%2C1200&ssl=1&resize=350%2C200","width":350,"height":200},"classes":[]},{"id":3184,"url":"https:\/\/www.ogrodolszanica.pl\/index.php\/produkt\/lopatka-z-drewniana-raczka-ogrodowa-mala\/","url_meta":{"origin":3187,"position":5},"title":"\u0141opatka z drewnian\u0105 r\u0105czk\u0105 ogrodowa ma\u0142a","date":"23 lutego, 2026","format":false,"excerpt":"\u0141opatka z drewnian\u0105 r\u0105czk\u0105 ogrodowa VR-7291 Charakterystyka produktu: \u2013 przeznaczona do przesadzania ro\u015blin \u2013 wykonana z wysokiej jako\u015bci stali \u2013 drewniany uchwyt","rel":"","context":"Similar post","img":{"alt_text":"","src":"https:\/\/i0.wp.com\/www.ogrodolszanica.pl\/wp-content\/uploads\/2026\/02\/lopatka-z-drewniana-raczka-VR-7291-v2-scaled.jpg?fit=1004%2C1200&ssl=1&resize=350%2C200","width":350,"height":200},"classes":[]}],"_links":{"self":[{"href":"https:\/\/www.ogrodolszanica.pl\/index.php\/wp-json\/wp\/v2\/product\/3187","targetHints":{"allow":["GET"]}}],"collection":[{"href":"https:\/\/www.ogrodolszanica.pl\/index.php\/wp-json\/wp\/v2\/product"}],"about":[{"href":"https:\/\/www.ogrodolszanica.pl\/index.php\/wp-json\/wp\/v2\/types\/product"}],"replies":[{"embeddable":true,"href":"https:\/\/www.ogrodolszanica.pl\/index.php\/wp-json\/wp\/v2\/comments?post=3187"}],"wp:featuredmedia":[{"embeddable":true,"href":"https:\/\/www.ogrodolszanica.pl\/index.php\/wp-json\/wp\/v2\/media\/3077"}],"wp:attachment":[{"href":"https:\/\/www.ogrodolszanica.pl\/index.php\/wp-json\/wp\/v2\/media?parent=3187"}],"wp:term":[{"taxonomy":"product_cat","embeddable":true,"href":"https:\/\/www.ogrodolszanica.pl\/index.php\/wp-json\/wp\/v2\/product_cat?post=3187"},{"taxonomy":"product_tag","embeddable":true,"href":"https:\/\/www.ogrodolszanica.pl\/index.php\/wp-json\/wp\/v2\/product_tag?post=3187"}],"curies":[{"name":"wp","href":"https:\/\/api.w.org\/{rel}","templated":true}]}}