{"id":3186,"date":"2026-02-23T10:05:14","date_gmt":"2026-02-23T10:05:14","guid":{"rendered":"https:\/\/www.ogrodolszanica.pl\/?post_type=product&#038;p=3186"},"modified":"2026-02-23T10:05:14","modified_gmt":"2026-02-23T10:05:14","slug":"haczka-z-drewniana-raczka-ogrodowa-do-kopania-motyka","status":"publish","type":"product","link":"https:\/\/www.ogrodolszanica.pl\/index.php\/produkt\/haczka-z-drewniana-raczka-ogrodowa-do-kopania-motyka\/","title":{"rendered":"Haczka z drewnian\u0105 r\u0105czk\u0105 ogrodowa do kopania motyka"},"content":{"rendered":"<h1 style=\"text-align: center;\">Haczka z drewnian\u0105 r\u0105czk\u0105 ogrodowa<\/h1>\n<h2 style=\"text-align: center;\">VR-7294<\/h2>\n<p style=\"text-align: center;\">&#8211; ma\u0142a motyka do kopania w ogr\u00f3dku<\/p>\n","protected":false},"excerpt":{"rendered":"<p>Haczka z drewnian\u0105 r\u0105czk\u0105 ogrodowa VR-7294 &#8211; ma\u0142a motyka do kopania w ogr\u00f3dku<\/p>\n","protected":false},"featured_media":3057,"comment_status":"open","ping_status":"closed","template":"","meta":{"site-sidebar-layout":"default","site-content-layout":"default","ast-global-header-display":"","ast-main-header-display":"","ast-hfb-above-header-display":"","ast-hfb-below-header-display":"","ast-hfb-mobile-header-display":"","site-post-title":"","ast-breadcrumbs-content":"","ast-featured-img":"","footer-sml-layout":"","theme-transparent-header-meta":"default","adv-header-id-meta":"","stick-header-meta":"","header-above-stick-meta":"","header-main-stick-meta":"","header-below-stick-meta":"","spay_email":""},"product_cat":[44],"product_tag":[],"class_list":["post-3186","product","type-product","status-publish","has-post-thumbnail","hentry","product_cat-male-narzedzia"],"yoast_head":"<!-- This site is optimized with the Yoast SEO plugin v19.2 - https:\/\/yoast.com\/wordpress\/plugins\/seo\/ -->\n<title>Haczka z drewnian\u0105 r\u0105czk\u0105 ogrodowa do kopania motyka - Ogr&oacute;d Olszanica<\/title>\n<meta name=\"robots\" content=\"index, follow, max-snippet:-1, max-image-preview:large, max-video-preview:-1\" \/>\n<link rel=\"canonical\" href=\"https:\/\/www.ogrodolszanica.pl\/index.php\/produkt\/haczka-z-drewniana-raczka-ogrodowa-do-kopania-motyka\/\" \/>\n<meta property=\"og:locale\" content=\"pl_PL\" \/>\n<meta property=\"og:type\" content=\"article\" \/>\n<meta property=\"og:title\" content=\"Haczka z drewnian\u0105 r\u0105czk\u0105 ogrodowa do kopania motyka - Ogr&oacute;d Olszanica\" \/>\n<meta property=\"og:description\" content=\"Haczka z drewnian\u0105 r\u0105czk\u0105 ogrodowa VR-7294 &#8211; ma\u0142a motyka do kopania w ogr\u00f3dku\" \/>\n<meta property=\"og:url\" content=\"https:\/\/www.ogrodolszanica.pl\/index.php\/produkt\/haczka-z-drewniana-raczka-ogrodowa-do-kopania-motyka\/\" \/>\n<meta property=\"og:site_name\" content=\"Ogr&oacute;d Olszanica\" \/>\n<meta property=\"article:publisher\" content=\"https:\/\/www.facebook.com\/Ogrd-Olszanica-100807179225223\" \/>\n<meta property=\"og:image\" content=\"https:\/\/www.ogrodolszanica.pl\/wp-content\/uploads\/2026\/02\/haczka-z-drewniana-raczka-VR-7294-v3-scaled.jpg\" \/>\n\t<meta property=\"og:image:width\" content=\"2560\" \/>\n\t<meta property=\"og:image:height\" content=\"2407\" \/>\n\t<meta property=\"og:image:type\" content=\"image\/jpeg\" \/>\n<meta name=\"author\" content=\"admin\" \/>\n<meta name=\"twitter:card\" content=\"summary_large_image\" \/>\n<script type=\"application\/ld+json\" class=\"yoast-schema-graph\">{\"@context\":\"https:\/\/schema.org\",\"@graph\":[{\"@type\":\"Organization\",\"@id\":\"https:\/\/www.ogrodolszanica.pl\/#organization\",\"name\":\"Ogr\u00f3d Olszanica - Krakowskie Centrum Ogrodnicze\",\"url\":\"https:\/\/www.ogrodolszanica.pl\/\",\"sameAs\":[\"https:\/\/www.facebook.com\/Ogrd-Olszanica-100807179225223\"],\"logo\":{\"@type\":\"ImageObject\",\"inLanguage\":\"pl-PL\",\"@id\":\"https:\/\/www.ogrodolszanica.pl\/#\/schema\/logo\/image\/\",\"url\":\"http:\/\/www.ogrodolszanica.pl\/wp-content\/uploads\/2022\/06\/Ogrod-Olszanica1-1.png\",\"contentUrl\":\"http:\/\/www.ogrodolszanica.pl\/wp-content\/uploads\/2022\/06\/Ogrod-Olszanica1-1.png\",\"width\":180,\"height\":60,\"caption\":\"Ogr\u00f3d Olszanica - Krakowskie Centrum Ogrodnicze\"},\"image\":{\"@id\":\"https:\/\/www.ogrodolszanica.pl\/#\/schema\/logo\/image\/\"}},{\"@type\":\"WebSite\",\"@id\":\"https:\/\/www.ogrodolszanica.pl\/#website\",\"url\":\"https:\/\/www.ogrodolszanica.pl\/\",\"name\":\"Ogr&oacute;d Olszanica\",\"description\":\"Centrum Ogrodnicze Krak&oacute;w\",\"publisher\":{\"@id\":\"https:\/\/www.ogrodolszanica.pl\/#organization\"},\"potentialAction\":[{\"@type\":\"SearchAction\",\"target\":{\"@type\":\"EntryPoint\",\"urlTemplate\":\"https:\/\/www.ogrodolszanica.pl\/?s={search_term_string}\"},\"query-input\":\"required name=search_term_string\"}],\"inLanguage\":\"pl-PL\"},{\"@type\":\"ImageObject\",\"inLanguage\":\"pl-PL\",\"@id\":\"https:\/\/www.ogrodolszanica.pl\/index.php\/produkt\/haczka-z-drewniana-raczka-ogrodowa-do-kopania-motyka\/#primaryimage\",\"url\":\"https:\/\/i0.wp.com\/www.ogrodolszanica.pl\/wp-content\/uploads\/2026\/02\/haczka-z-drewniana-raczka-VR-7294-v3-scaled.jpg?fit=2560%2C2407&ssl=1\",\"contentUrl\":\"https:\/\/i0.wp.com\/www.ogrodolszanica.pl\/wp-content\/uploads\/2026\/02\/haczka-z-drewniana-raczka-VR-7294-v3-scaled.jpg?fit=2560%2C2407&ssl=1\",\"width\":2560,\"height\":2407},{\"@type\":\"WebPage\",\"@id\":\"https:\/\/www.ogrodolszanica.pl\/index.php\/produkt\/haczka-z-drewniana-raczka-ogrodowa-do-kopania-motyka\/#webpage\",\"url\":\"https:\/\/www.ogrodolszanica.pl\/index.php\/produkt\/haczka-z-drewniana-raczka-ogrodowa-do-kopania-motyka\/\",\"name\":\"Haczka z drewnian\u0105 r\u0105czk\u0105 ogrodowa do kopania motyka - Ogr&oacute;d Olszanica\",\"isPartOf\":{\"@id\":\"https:\/\/www.ogrodolszanica.pl\/#website\"},\"primaryImageOfPage\":{\"@id\":\"https:\/\/www.ogrodolszanica.pl\/index.php\/produkt\/haczka-z-drewniana-raczka-ogrodowa-do-kopania-motyka\/#primaryimage\"},\"datePublished\":\"2026-02-23T10:05:14+00:00\",\"dateModified\":\"2026-02-23T10:05:14+00:00\",\"breadcrumb\":{\"@id\":\"https:\/\/www.ogrodolszanica.pl\/index.php\/produkt\/haczka-z-drewniana-raczka-ogrodowa-do-kopania-motyka\/#breadcrumb\"},\"inLanguage\":\"pl-PL\",\"potentialAction\":[{\"@type\":\"ReadAction\",\"target\":[\"https:\/\/www.ogrodolszanica.pl\/index.php\/produkt\/haczka-z-drewniana-raczka-ogrodowa-do-kopania-motyka\/\"]}]},{\"@type\":\"BreadcrumbList\",\"@id\":\"https:\/\/www.ogrodolszanica.pl\/index.php\/produkt\/haczka-z-drewniana-raczka-ogrodowa-do-kopania-motyka\/#breadcrumb\",\"itemListElement\":[{\"@type\":\"ListItem\",\"position\":1,\"name\":\"Strona g\u0142\u00f3wna\",\"item\":\"https:\/\/www.ogrodolszanica.pl\/\"},{\"@type\":\"ListItem\",\"position\":2,\"name\":\"Produkty\",\"item\":\"https:\/\/www.ogrodolszanica.pl\/index.php\/shop\/\"},{\"@type\":\"ListItem\",\"position\":3,\"name\":\"Haczka z drewnian\u0105 r\u0105czk\u0105 ogrodowa do kopania motyka\"}]}]}<\/script>\n<!-- \/ Yoast SEO plugin. -->","yoast_head_json":{"title":"Haczka z drewnian\u0105 r\u0105czk\u0105 ogrodowa do kopania motyka - Ogr&oacute;d Olszanica","robots":{"index":"index","follow":"follow","max-snippet":"max-snippet:-1","max-image-preview":"max-image-preview:large","max-video-preview":"max-video-preview:-1"},"canonical":"https:\/\/www.ogrodolszanica.pl\/index.php\/produkt\/haczka-z-drewniana-raczka-ogrodowa-do-kopania-motyka\/","og_locale":"pl_PL","og_type":"article","og_title":"Haczka z drewnian\u0105 r\u0105czk\u0105 ogrodowa do kopania motyka - Ogr&oacute;d Olszanica","og_description":"Haczka z drewnian\u0105 r\u0105czk\u0105 ogrodowa VR-7294 &#8211; ma\u0142a motyka do kopania w ogr\u00f3dku","og_url":"https:\/\/www.ogrodolszanica.pl\/index.php\/produkt\/haczka-z-drewniana-raczka-ogrodowa-do-kopania-motyka\/","og_site_name":"Ogr&oacute;d Olszanica","article_publisher":"https:\/\/www.facebook.com\/Ogrd-Olszanica-100807179225223","og_image":[{"width":2560,"height":2407,"url":"https:\/\/www.ogrodolszanica.pl\/wp-content\/uploads\/2026\/02\/haczka-z-drewniana-raczka-VR-7294-v3-scaled.jpg","type":"image\/jpeg"}],"author":"admin","twitter_card":"summary_large_image","schema":{"@context":"https:\/\/schema.org","@graph":[{"@type":"Organization","@id":"https:\/\/www.ogrodolszanica.pl\/#organization","name":"Ogr\u00f3d Olszanica - Krakowskie Centrum Ogrodnicze","url":"https:\/\/www.ogrodolszanica.pl\/","sameAs":["https:\/\/www.facebook.com\/Ogrd-Olszanica-100807179225223"],"logo":{"@type":"ImageObject","inLanguage":"pl-PL","@id":"https:\/\/www.ogrodolszanica.pl\/#\/schema\/logo\/image\/","url":"http:\/\/www.ogrodolszanica.pl\/wp-content\/uploads\/2022\/06\/Ogrod-Olszanica1-1.png","contentUrl":"http:\/\/www.ogrodolszanica.pl\/wp-content\/uploads\/2022\/06\/Ogrod-Olszanica1-1.png","width":180,"height":60,"caption":"Ogr\u00f3d Olszanica - Krakowskie Centrum Ogrodnicze"},"image":{"@id":"https:\/\/www.ogrodolszanica.pl\/#\/schema\/logo\/image\/"}},{"@type":"WebSite","@id":"https:\/\/www.ogrodolszanica.pl\/#website","url":"https:\/\/www.ogrodolszanica.pl\/","name":"Ogr&oacute;d Olszanica","description":"Centrum Ogrodnicze Krak&oacute;w","publisher":{"@id":"https:\/\/www.ogrodolszanica.pl\/#organization"},"potentialAction":[{"@type":"SearchAction","target":{"@type":"EntryPoint","urlTemplate":"https:\/\/www.ogrodolszanica.pl\/?s={search_term_string}"},"query-input":"required name=search_term_string"}],"inLanguage":"pl-PL"},{"@type":"ImageObject","inLanguage":"pl-PL","@id":"https:\/\/www.ogrodolszanica.pl\/index.php\/produkt\/haczka-z-drewniana-raczka-ogrodowa-do-kopania-motyka\/#primaryimage","url":"https:\/\/i0.wp.com\/www.ogrodolszanica.pl\/wp-content\/uploads\/2026\/02\/haczka-z-drewniana-raczka-VR-7294-v3-scaled.jpg?fit=2560%2C2407&ssl=1","contentUrl":"https:\/\/i0.wp.com\/www.ogrodolszanica.pl\/wp-content\/uploads\/2026\/02\/haczka-z-drewniana-raczka-VR-7294-v3-scaled.jpg?fit=2560%2C2407&ssl=1","width":2560,"height":2407},{"@type":"WebPage","@id":"https:\/\/www.ogrodolszanica.pl\/index.php\/produkt\/haczka-z-drewniana-raczka-ogrodowa-do-kopania-motyka\/#webpage","url":"https:\/\/www.ogrodolszanica.pl\/index.php\/produkt\/haczka-z-drewniana-raczka-ogrodowa-do-kopania-motyka\/","name":"Haczka z drewnian\u0105 r\u0105czk\u0105 ogrodowa do kopania motyka - Ogr&oacute;d Olszanica","isPartOf":{"@id":"https:\/\/www.ogrodolszanica.pl\/#website"},"primaryImageOfPage":{"@id":"https:\/\/www.ogrodolszanica.pl\/index.php\/produkt\/haczka-z-drewniana-raczka-ogrodowa-do-kopania-motyka\/#primaryimage"},"datePublished":"2026-02-23T10:05:14+00:00","dateModified":"2026-02-23T10:05:14+00:00","breadcrumb":{"@id":"https:\/\/www.ogrodolszanica.pl\/index.php\/produkt\/haczka-z-drewniana-raczka-ogrodowa-do-kopania-motyka\/#breadcrumb"},"inLanguage":"pl-PL","potentialAction":[{"@type":"ReadAction","target":["https:\/\/www.ogrodolszanica.pl\/index.php\/produkt\/haczka-z-drewniana-raczka-ogrodowa-do-kopania-motyka\/"]}]},{"@type":"BreadcrumbList","@id":"https:\/\/www.ogrodolszanica.pl\/index.php\/produkt\/haczka-z-drewniana-raczka-ogrodowa-do-kopania-motyka\/#breadcrumb","itemListElement":[{"@type":"ListItem","position":1,"name":"Strona g\u0142\u00f3wna","item":"https:\/\/www.ogrodolszanica.pl\/"},{"@type":"ListItem","position":2,"name":"Produkty","item":"https:\/\/www.ogrodolszanica.pl\/index.php\/shop\/"},{"@type":"ListItem","position":3,"name":"Haczka z drewnian\u0105 r\u0105czk\u0105 ogrodowa do kopania motyka"}]}]}},"jetpack-related-posts":[{"id":3184,"url":"https:\/\/www.ogrodolszanica.pl\/index.php\/produkt\/lopatka-z-drewniana-raczka-ogrodowa-mala\/","url_meta":{"origin":3186,"position":0},"title":"\u0141opatka z drewnian\u0105 r\u0105czk\u0105 ogrodowa ma\u0142a","date":"23 lutego, 2026","format":false,"excerpt":"\u0141opatka z drewnian\u0105 r\u0105czk\u0105 ogrodowa VR-7291 Charakterystyka produktu: \u2013 przeznaczona do przesadzania ro\u015blin \u2013 wykonana z wysokiej jako\u015bci stali \u2013 drewniany uchwyt","rel":"","context":"Similar post","img":{"alt_text":"","src":"https:\/\/i0.wp.com\/www.ogrodolszanica.pl\/wp-content\/uploads\/2026\/02\/lopatka-z-drewniana-raczka-VR-7291-v2-scaled.jpg?fit=1004%2C1200&ssl=1&resize=350%2C200","width":350,"height":200},"classes":[]},{"id":3187,"url":"https:\/\/www.ogrodolszanica.pl\/index.php\/produkt\/motyka-dwustronna-mala-serce\/","url_meta":{"origin":3186,"position":1},"title":"Motyka dwustronna ma\u0142a serce","date":"23 lutego, 2026","format":false,"excerpt":"Motyczka serce z wide\u0142kami z drewnian\u0105 r\u0105czk\u0105 VR-7295 Charakterystyka produktu: \u2013 stosowane do pielenia, okopywania, napowietrzania gleby i innych prac ogrodniczych \u2013 motyczka w kszta\u0142cie serca, wide\u0142ki z trzema zaostrzonymi z\u0119bami \u2013 drewniany uchwyt","rel":"","context":"Similar post","img":{"alt_text":"","src":"https:\/\/i0.wp.com\/www.ogrodolszanica.pl\/wp-content\/uploads\/2026\/02\/motyka-serce-widelkami-z-drewniana-raczka-VR-7295-v2-scaled.jpg?fit=1200%2C1017&ssl=1&resize=350%2C200","width":350,"height":200},"classes":[]},{"id":3185,"url":"https:\/\/www.ogrodolszanica.pl\/index.php\/produkt\/grabki-z-drewniana-raczka-ogrodowe-male\/","url_meta":{"origin":3186,"position":2},"title":"Grabki z drewnian\u0105 r\u0105czk\u0105 ogrodowe ma\u0142e","date":"23 lutego, 2026","format":false,"excerpt":"Grabki z drewnian\u0105 r\u0105czk\u0105 ogrodowe VR-7292 Charakterystyka produktu: \u2013 wykonane z wysokiej jako\u015bci stali \u2013 wyposa\u017cone drewniany uchwyt \u2013 stosowany do grabienia i spulchniania ziemi pomi\u0119dzy g\u0119sto rosn\u0105cymi ro\u015blinami","rel":"","context":"Similar post","img":{"alt_text":"","src":"https:\/\/i0.wp.com\/www.ogrodolszanica.pl\/wp-content\/uploads\/2026\/02\/grabki-z-drewniana-raczka-VR-7292-v3-scaled.jpg?fit=1200%2C1150&ssl=1&resize=350%2C200","width":350,"height":200},"classes":[]},{"id":3207,"url":"https:\/\/www.ogrodolszanica.pl\/index.php\/produkt\/saperka-z-metalowym-trzonkiem-verkatto-mala-lopata-do-ogrodu\/","url_meta":{"origin":3186,"position":3},"title":"Saperka z metalowym trzonkiem Verkatto ma\u0142a \u0142opata do ogrodu","date":"23 lutego, 2026","format":false,"excerpt":"Saperka z metalowym trzonkiem Verkatto VR-7409 Charakterystyka produktu: \u2013\u00a0Narz\u0119dzie w\u0142asnej produkcji \u2013 s\u0142u\u017cy do kopania w ziemi lub innych materia\u0142ach sypkich \u2013 wykonana z wysokiej jako\u015bci stali utwardzonej \u2013 ergonomiczna r\u0119koje\u015b\u0107","rel":"","context":"Similar post","img":{"alt_text":"","src":"https:\/\/i0.wp.com\/www.ogrodolszanica.pl\/wp-content\/uploads\/2026\/02\/saperka-VR-7409-scaled.jpg?fit=1193%2C1200&ssl=1&resize=350%2C200","width":350,"height":200},"classes":[]},{"id":3178,"url":"https:\/\/www.ogrodolszanica.pl\/index.php\/produkt\/sekator-kowadelkowy-z-aluminiowa-raczka\/","url_meta":{"origin":3186,"position":4},"title":"Sekator kowade\u0142kowy z aluminiow\u0105 r\u0105czk\u0105","date":"23 lutego, 2026","format":false,"excerpt":"Sekator kowade\u0142kowy z aluminiow\u0105 r\u0105czk\u0105 VR-7265 Charakterystyka produktu: \u2013 stosowany do przycinania kwiat\u00f3w, p\u0119d\u00f3w drzew i krzew\u00f3w \u2013 aluminiowa r\u0105czka pokryta antypo\u015blizgow\u0105 pow\u0142ok\u0105 \u2013 otw\u00f3r do zamocowania zawieszki na nadgarstek","rel":"","context":"Similar post","img":{"alt_text":"","src":"https:\/\/i0.wp.com\/www.ogrodolszanica.pl\/wp-content\/uploads\/2026\/02\/VR-7265.jpg?fit=1024%2C768&ssl=1&resize=350%2C200","width":350,"height":200},"classes":[]},{"id":3205,"url":"https:\/\/www.ogrodolszanica.pl\/index.php\/produkt\/szpadel-prosty-z-metalowym-trzonkiem-verkatto-lopata-do-ogrodu\/","url_meta":{"origin":3186,"position":5},"title":"Szpadel prosty z metalowym trzonkiem Verkatto \u0142opata do ogrodu","date":"23 lutego, 2026","format":false,"excerpt":"Szpadel prosty z metalowym trzonkiem Verkatto VR-7401 Charakterystyka produktu: \u2013\u00a0narz\u0119dzie w\u0142asnej produkcji! \u2013 s\u0142u\u017cy do kopania w ziemi lub innych materia\u0142ach sypkich \u2013 wykonany z wysokiej jako\u015bci stali hartowanej \u2013 solidny i trwa\u0142y spaw \u2013 antypo\u015blizgowy naci\u0105g na trzonku wykonany z PVC \u2013 ergonomiczny kszta\u0142t \u2013 wytrzyma\u0142a i odporna na\u2026","rel":"","context":"Similar post","img":{"alt_text":"","src":"https:\/\/i0.wp.com\/www.ogrodolszanica.pl\/wp-content\/uploads\/2026\/02\/szpadel-prosty-VR-7401-scaled.jpg?fit=942%2C1200&ssl=1&resize=350%2C200","width":350,"height":200},"classes":[]}],"_links":{"self":[{"href":"https:\/\/www.ogrodolszanica.pl\/index.php\/wp-json\/wp\/v2\/product\/3186","targetHints":{"allow":["GET"]}}],"collection":[{"href":"https:\/\/www.ogrodolszanica.pl\/index.php\/wp-json\/wp\/v2\/product"}],"about":[{"href":"https:\/\/www.ogrodolszanica.pl\/index.php\/wp-json\/wp\/v2\/types\/product"}],"replies":[{"embeddable":true,"href":"https:\/\/www.ogrodolszanica.pl\/index.php\/wp-json\/wp\/v2\/comments?post=3186"}],"wp:featuredmedia":[{"embeddable":true,"href":"https:\/\/www.ogrodolszanica.pl\/index.php\/wp-json\/wp\/v2\/media\/3057"}],"wp:attachment":[{"href":"https:\/\/www.ogrodolszanica.pl\/index.php\/wp-json\/wp\/v2\/media?parent=3186"}],"wp:term":[{"taxonomy":"product_cat","embeddable":true,"href":"https:\/\/www.ogrodolszanica.pl\/index.php\/wp-json\/wp\/v2\/product_cat?post=3186"},{"taxonomy":"product_tag","embeddable":true,"href":"https:\/\/www.ogrodolszanica.pl\/index.php\/wp-json\/wp\/v2\/product_tag?post=3186"}],"curies":[{"name":"wp","href":"https:\/\/api.w.org\/{rel}","templated":true}]}}