{"id":3183,"date":"2026-02-23T10:01:35","date_gmt":"2026-02-23T10:01:35","guid":{"rendered":"https:\/\/www.ogrodolszanica.pl\/?post_type=product&#038;p=3183"},"modified":"2026-02-23T10:01:35","modified_gmt":"2026-02-23T10:01:35","slug":"pazurki-plastikowe-ogrodowe-verkatto","status":"publish","type":"product","link":"https:\/\/www.ogrodolszanica.pl\/index.php\/produkt\/pazurki-plastikowe-ogrodowe-verkatto\/","title":{"rendered":"Pazurki plastikowe ogrodowe Verkatto"},"content":{"rendered":"<h1 style=\"text-align: center;\">Pazurki plastikowe ogrodowe<\/h1>\n<h2 style=\"text-align: center;\">VR-7289<\/h2>\n<p style=\"text-align: center;\">Charakterystyka produktu:<\/p>\n<p style=\"text-align: center;\">\u2013 przeznaczone do spulchniania i rozdrabniania gleby<\/p>\n<p style=\"text-align: center;\">\u2013 wykonana z wysokiej jako\u015bci tworzyw sztucznych.<\/p>\n<p style=\"text-align: center;\">\u2013 otw\u00f3r do wieszania<\/p>\n","protected":false},"excerpt":{"rendered":"<p>Pazurki plastikowe ogrodowe VR-7289 Charakterystyka produktu: \u2013 przeznaczone do spulchniania i rozdrabniania gleby \u2013 wykonana z wysokiej jako\u015bci tworzyw sztucznych. \u2013 otw\u00f3r do wieszania<\/p>\n","protected":false},"featured_media":3084,"comment_status":"open","ping_status":"closed","template":"","meta":{"site-sidebar-layout":"default","site-content-layout":"default","ast-global-header-display":"","ast-main-header-display":"","ast-hfb-above-header-display":"","ast-hfb-below-header-display":"","ast-hfb-mobile-header-display":"","site-post-title":"","ast-breadcrumbs-content":"","ast-featured-img":"","footer-sml-layout":"","theme-transparent-header-meta":"default","adv-header-id-meta":"","stick-header-meta":"","header-above-stick-meta":"","header-main-stick-meta":"","header-below-stick-meta":"","spay_email":""},"product_cat":[44],"product_tag":[],"class_list":["post-3183","product","type-product","status-publish","has-post-thumbnail","hentry","product_cat-male-narzedzia"],"yoast_head":"<!-- This site is optimized with the Yoast SEO plugin v19.2 - https:\/\/yoast.com\/wordpress\/plugins\/seo\/ -->\n<title>Pazurki plastikowe ogrodowe Verkatto - Ogr&oacute;d Olszanica<\/title>\n<meta name=\"robots\" content=\"index, follow, max-snippet:-1, max-image-preview:large, max-video-preview:-1\" \/>\n<link rel=\"canonical\" href=\"https:\/\/www.ogrodolszanica.pl\/index.php\/produkt\/pazurki-plastikowe-ogrodowe-verkatto\/\" \/>\n<meta property=\"og:locale\" content=\"pl_PL\" \/>\n<meta property=\"og:type\" content=\"article\" \/>\n<meta property=\"og:title\" content=\"Pazurki plastikowe ogrodowe Verkatto - Ogr&oacute;d Olszanica\" \/>\n<meta property=\"og:description\" content=\"Pazurki plastikowe ogrodowe VR-7289 Charakterystyka produktu: \u2013 przeznaczone do spulchniania i rozdrabniania gleby \u2013 wykonana z wysokiej jako\u015bci tworzyw sztucznych. \u2013 otw\u00f3r do wieszania\" \/>\n<meta property=\"og:url\" content=\"https:\/\/www.ogrodolszanica.pl\/index.php\/produkt\/pazurki-plastikowe-ogrodowe-verkatto\/\" \/>\n<meta property=\"og:site_name\" content=\"Ogr&oacute;d Olszanica\" \/>\n<meta property=\"article:publisher\" content=\"https:\/\/www.facebook.com\/Ogrd-Olszanica-100807179225223\" \/>\n<meta property=\"og:image\" content=\"https:\/\/www.ogrodolszanica.pl\/wp-content\/uploads\/2026\/02\/pazurki-plastikowe-VR-7289-v3-scaled.jpg\" \/>\n\t<meta property=\"og:image:width\" content=\"2560\" \/>\n\t<meta property=\"og:image:height\" content=\"2560\" \/>\n\t<meta property=\"og:image:type\" content=\"image\/jpeg\" \/>\n<meta name=\"author\" content=\"admin\" \/>\n<meta name=\"twitter:card\" content=\"summary_large_image\" \/>\n<script type=\"application\/ld+json\" class=\"yoast-schema-graph\">{\"@context\":\"https:\/\/schema.org\",\"@graph\":[{\"@type\":\"Organization\",\"@id\":\"https:\/\/www.ogrodolszanica.pl\/#organization\",\"name\":\"Ogr\u00f3d Olszanica - Krakowskie Centrum Ogrodnicze\",\"url\":\"https:\/\/www.ogrodolszanica.pl\/\",\"sameAs\":[\"https:\/\/www.facebook.com\/Ogrd-Olszanica-100807179225223\"],\"logo\":{\"@type\":\"ImageObject\",\"inLanguage\":\"pl-PL\",\"@id\":\"https:\/\/www.ogrodolszanica.pl\/#\/schema\/logo\/image\/\",\"url\":\"http:\/\/www.ogrodolszanica.pl\/wp-content\/uploads\/2022\/06\/Ogrod-Olszanica1-1.png\",\"contentUrl\":\"http:\/\/www.ogrodolszanica.pl\/wp-content\/uploads\/2022\/06\/Ogrod-Olszanica1-1.png\",\"width\":180,\"height\":60,\"caption\":\"Ogr\u00f3d Olszanica - Krakowskie Centrum Ogrodnicze\"},\"image\":{\"@id\":\"https:\/\/www.ogrodolszanica.pl\/#\/schema\/logo\/image\/\"}},{\"@type\":\"WebSite\",\"@id\":\"https:\/\/www.ogrodolszanica.pl\/#website\",\"url\":\"https:\/\/www.ogrodolszanica.pl\/\",\"name\":\"Ogr&oacute;d Olszanica\",\"description\":\"Centrum Ogrodnicze Krak&oacute;w\",\"publisher\":{\"@id\":\"https:\/\/www.ogrodolszanica.pl\/#organization\"},\"potentialAction\":[{\"@type\":\"SearchAction\",\"target\":{\"@type\":\"EntryPoint\",\"urlTemplate\":\"https:\/\/www.ogrodolszanica.pl\/?s={search_term_string}\"},\"query-input\":\"required name=search_term_string\"}],\"inLanguage\":\"pl-PL\"},{\"@type\":\"ImageObject\",\"inLanguage\":\"pl-PL\",\"@id\":\"https:\/\/www.ogrodolszanica.pl\/index.php\/produkt\/pazurki-plastikowe-ogrodowe-verkatto\/#primaryimage\",\"url\":\"https:\/\/i0.wp.com\/www.ogrodolszanica.pl\/wp-content\/uploads\/2026\/02\/pazurki-plastikowe-VR-7289-v3-scaled.jpg?fit=2560%2C2560&ssl=1\",\"contentUrl\":\"https:\/\/i0.wp.com\/www.ogrodolszanica.pl\/wp-content\/uploads\/2026\/02\/pazurki-plastikowe-VR-7289-v3-scaled.jpg?fit=2560%2C2560&ssl=1\",\"width\":2560,\"height\":2560},{\"@type\":\"WebPage\",\"@id\":\"https:\/\/www.ogrodolszanica.pl\/index.php\/produkt\/pazurki-plastikowe-ogrodowe-verkatto\/#webpage\",\"url\":\"https:\/\/www.ogrodolszanica.pl\/index.php\/produkt\/pazurki-plastikowe-ogrodowe-verkatto\/\",\"name\":\"Pazurki plastikowe ogrodowe Verkatto - Ogr&oacute;d Olszanica\",\"isPartOf\":{\"@id\":\"https:\/\/www.ogrodolszanica.pl\/#website\"},\"primaryImageOfPage\":{\"@id\":\"https:\/\/www.ogrodolszanica.pl\/index.php\/produkt\/pazurki-plastikowe-ogrodowe-verkatto\/#primaryimage\"},\"datePublished\":\"2026-02-23T10:01:35+00:00\",\"dateModified\":\"2026-02-23T10:01:35+00:00\",\"breadcrumb\":{\"@id\":\"https:\/\/www.ogrodolszanica.pl\/index.php\/produkt\/pazurki-plastikowe-ogrodowe-verkatto\/#breadcrumb\"},\"inLanguage\":\"pl-PL\",\"potentialAction\":[{\"@type\":\"ReadAction\",\"target\":[\"https:\/\/www.ogrodolszanica.pl\/index.php\/produkt\/pazurki-plastikowe-ogrodowe-verkatto\/\"]}]},{\"@type\":\"BreadcrumbList\",\"@id\":\"https:\/\/www.ogrodolszanica.pl\/index.php\/produkt\/pazurki-plastikowe-ogrodowe-verkatto\/#breadcrumb\",\"itemListElement\":[{\"@type\":\"ListItem\",\"position\":1,\"name\":\"Strona g\u0142\u00f3wna\",\"item\":\"https:\/\/www.ogrodolszanica.pl\/\"},{\"@type\":\"ListItem\",\"position\":2,\"name\":\"Produkty\",\"item\":\"https:\/\/www.ogrodolszanica.pl\/index.php\/shop\/\"},{\"@type\":\"ListItem\",\"position\":3,\"name\":\"Pazurki plastikowe ogrodowe Verkatto\"}]}]}<\/script>\n<!-- \/ Yoast SEO plugin. -->","yoast_head_json":{"title":"Pazurki plastikowe ogrodowe Verkatto - Ogr&oacute;d Olszanica","robots":{"index":"index","follow":"follow","max-snippet":"max-snippet:-1","max-image-preview":"max-image-preview:large","max-video-preview":"max-video-preview:-1"},"canonical":"https:\/\/www.ogrodolszanica.pl\/index.php\/produkt\/pazurki-plastikowe-ogrodowe-verkatto\/","og_locale":"pl_PL","og_type":"article","og_title":"Pazurki plastikowe ogrodowe Verkatto - Ogr&oacute;d Olszanica","og_description":"Pazurki plastikowe ogrodowe VR-7289 Charakterystyka produktu: \u2013 przeznaczone do spulchniania i rozdrabniania gleby \u2013 wykonana z wysokiej jako\u015bci tworzyw sztucznych. \u2013 otw\u00f3r do wieszania","og_url":"https:\/\/www.ogrodolszanica.pl\/index.php\/produkt\/pazurki-plastikowe-ogrodowe-verkatto\/","og_site_name":"Ogr&oacute;d Olszanica","article_publisher":"https:\/\/www.facebook.com\/Ogrd-Olszanica-100807179225223","og_image":[{"width":2560,"height":2560,"url":"https:\/\/www.ogrodolszanica.pl\/wp-content\/uploads\/2026\/02\/pazurki-plastikowe-VR-7289-v3-scaled.jpg","type":"image\/jpeg"}],"author":"admin","twitter_card":"summary_large_image","schema":{"@context":"https:\/\/schema.org","@graph":[{"@type":"Organization","@id":"https:\/\/www.ogrodolszanica.pl\/#organization","name":"Ogr\u00f3d Olszanica - Krakowskie Centrum Ogrodnicze","url":"https:\/\/www.ogrodolszanica.pl\/","sameAs":["https:\/\/www.facebook.com\/Ogrd-Olszanica-100807179225223"],"logo":{"@type":"ImageObject","inLanguage":"pl-PL","@id":"https:\/\/www.ogrodolszanica.pl\/#\/schema\/logo\/image\/","url":"http:\/\/www.ogrodolszanica.pl\/wp-content\/uploads\/2022\/06\/Ogrod-Olszanica1-1.png","contentUrl":"http:\/\/www.ogrodolszanica.pl\/wp-content\/uploads\/2022\/06\/Ogrod-Olszanica1-1.png","width":180,"height":60,"caption":"Ogr\u00f3d Olszanica - Krakowskie Centrum Ogrodnicze"},"image":{"@id":"https:\/\/www.ogrodolszanica.pl\/#\/schema\/logo\/image\/"}},{"@type":"WebSite","@id":"https:\/\/www.ogrodolszanica.pl\/#website","url":"https:\/\/www.ogrodolszanica.pl\/","name":"Ogr&oacute;d Olszanica","description":"Centrum Ogrodnicze Krak&oacute;w","publisher":{"@id":"https:\/\/www.ogrodolszanica.pl\/#organization"},"potentialAction":[{"@type":"SearchAction","target":{"@type":"EntryPoint","urlTemplate":"https:\/\/www.ogrodolszanica.pl\/?s={search_term_string}"},"query-input":"required name=search_term_string"}],"inLanguage":"pl-PL"},{"@type":"ImageObject","inLanguage":"pl-PL","@id":"https:\/\/www.ogrodolszanica.pl\/index.php\/produkt\/pazurki-plastikowe-ogrodowe-verkatto\/#primaryimage","url":"https:\/\/i0.wp.com\/www.ogrodolszanica.pl\/wp-content\/uploads\/2026\/02\/pazurki-plastikowe-VR-7289-v3-scaled.jpg?fit=2560%2C2560&ssl=1","contentUrl":"https:\/\/i0.wp.com\/www.ogrodolszanica.pl\/wp-content\/uploads\/2026\/02\/pazurki-plastikowe-VR-7289-v3-scaled.jpg?fit=2560%2C2560&ssl=1","width":2560,"height":2560},{"@type":"WebPage","@id":"https:\/\/www.ogrodolszanica.pl\/index.php\/produkt\/pazurki-plastikowe-ogrodowe-verkatto\/#webpage","url":"https:\/\/www.ogrodolszanica.pl\/index.php\/produkt\/pazurki-plastikowe-ogrodowe-verkatto\/","name":"Pazurki plastikowe ogrodowe Verkatto - Ogr&oacute;d Olszanica","isPartOf":{"@id":"https:\/\/www.ogrodolszanica.pl\/#website"},"primaryImageOfPage":{"@id":"https:\/\/www.ogrodolszanica.pl\/index.php\/produkt\/pazurki-plastikowe-ogrodowe-verkatto\/#primaryimage"},"datePublished":"2026-02-23T10:01:35+00:00","dateModified":"2026-02-23T10:01:35+00:00","breadcrumb":{"@id":"https:\/\/www.ogrodolszanica.pl\/index.php\/produkt\/pazurki-plastikowe-ogrodowe-verkatto\/#breadcrumb"},"inLanguage":"pl-PL","potentialAction":[{"@type":"ReadAction","target":["https:\/\/www.ogrodolszanica.pl\/index.php\/produkt\/pazurki-plastikowe-ogrodowe-verkatto\/"]}]},{"@type":"BreadcrumbList","@id":"https:\/\/www.ogrodolszanica.pl\/index.php\/produkt\/pazurki-plastikowe-ogrodowe-verkatto\/#breadcrumb","itemListElement":[{"@type":"ListItem","position":1,"name":"Strona g\u0142\u00f3wna","item":"https:\/\/www.ogrodolszanica.pl\/"},{"@type":"ListItem","position":2,"name":"Produkty","item":"https:\/\/www.ogrodolszanica.pl\/index.php\/shop\/"},{"@type":"ListItem","position":3,"name":"Pazurki plastikowe ogrodowe Verkatto"}]}]}},"jetpack-related-posts":[{"id":4143,"url":"https:\/\/www.ogrodolszanica.pl\/index.php\/produkt\/obrzeze-ogrodowe-bradas-50mmx10m-brazowe\/","url_meta":{"origin":3183,"position":0},"title":"Obrze\u017ce ogrodowe Bradas 50mmx10m br\u0105zowe","date":"8 marca, 2026","format":false,"excerpt":"Obrze\u017ce ogrodowe EASY BORDER SET 50mm - br\u0105zowe OBEBR5010SET Obrze\u017ce trawnikowe Bradas\u00a0stosowane jest przy aran\u017cacji ogrodu do oddzielenia trawnika od \u015bcie\u017cki, cz\u0119\u015bci uprawnej ogrodu, rabat kwiatowych, kory czy nawierzchni grysowej. Obrze\u017ce ogrodowe wykonane jest\u00a0z wysokiej jako\u015bci tworzywa sztucznego, odpornego na warunki atmosferyczne. Produkt jest niezwykle elastyczny, co umo\u017cliwia tworzenie oryginalnych\u2026","rel":"","context":"Similar post","img":{"alt_text":"","src":"https:\/\/i0.wp.com\/www.ogrodolszanica.pl\/wp-content\/uploads\/2026\/03\/images-5.jpg?fit=225%2C225&ssl=1&resize=350%2C200","width":350,"height":200},"classes":[]},{"id":3185,"url":"https:\/\/www.ogrodolszanica.pl\/index.php\/produkt\/grabki-z-drewniana-raczka-ogrodowe-male\/","url_meta":{"origin":3183,"position":1},"title":"Grabki z drewnian\u0105 r\u0105czk\u0105 ogrodowe ma\u0142e","date":"23 lutego, 2026","format":false,"excerpt":"Grabki z drewnian\u0105 r\u0105czk\u0105 ogrodowe VR-7292 Charakterystyka produktu: \u2013 wykonane z wysokiej jako\u015bci stali \u2013 wyposa\u017cone drewniany uchwyt \u2013 stosowany do grabienia i spulchniania ziemi pomi\u0119dzy g\u0119sto rosn\u0105cymi ro\u015blinami","rel":"","context":"Similar post","img":{"alt_text":"","src":"https:\/\/i0.wp.com\/www.ogrodolszanica.pl\/wp-content\/uploads\/2026\/02\/grabki-z-drewniana-raczka-VR-7292-v3-scaled.jpg?fit=1200%2C1150&ssl=1&resize=350%2C200","width":350,"height":200},"classes":[]},{"id":4145,"url":"https:\/\/www.ogrodolszanica.pl\/index.php\/produkt\/zestaw-z-obrzezem-trawnikowym-easy-border-50mm-zielen-bradas-ogrod\/","url_meta":{"origin":3183,"position":2},"title":"Zestaw z obrze\u017cem trawnikowym EASY BORDER 50mm ziele\u0144 BRADAS OGR\u00d3D","date":"8 marca, 2026","format":false,"excerpt":"Obrze\u017ce ogrodowe EASY BORDER SET 50mm - zielone OBEGR5010SET Obrze\u017ce trawnikowe Bradas\u00a0stosowane jest przy aran\u017cacji ogrodu do oddzielenia trawnika od \u015bcie\u017cki, cz\u0119\u015bci uprawnej ogrodu, rabat kwiatowych, kory czy nawierzchni grysowej. Obrze\u017ce ogrodowe wykonane jest\u00a0z wysokiej jako\u015bci tworzywa sztucznego, odpornego na warunki atmosferyczne. Produkt jest niezwykle elastyczny, co umo\u017cliwia tworzenie oryginalnych\u2026","rel":"","context":"Similar post","img":{"alt_text":"","src":"https:\/\/i0.wp.com\/www.ogrodolszanica.pl\/wp-content\/uploads\/2026\/03\/Zestaw-z-obrzezem-trawnikowym-EASY-BORDER-50mm-zielen-BRADAS-OGROD.jpg?fit=600%2C600&ssl=1&resize=350%2C200","width":350,"height":200},"classes":[]},{"id":3193,"url":"https:\/\/www.ogrodolszanica.pl\/index.php\/produkt\/waz-ogrodowy-verkatto-1-2-50m\/","url_meta":{"origin":3183,"position":3},"title":"W\u0105\u017c ogrodowy Verkatto 1\/2&#8243; 50m","date":"23 lutego, 2026","format":false,"excerpt":"W\u0105\u017c ogrodowy Verkatto 1\/2\" 50m VR-7372 Charakterystyka produktu: \u2013 w\u0105\u017c posiada 3 warstwy \u2013 odporny na osadzanie si\u0119 glon\u00f3w wewn\u0105trz w\u0119\u017ca (system anti algae). \u2013 wsp\u00f3\u0142pracuje przy zakresie temperatur od -10\u00b0C do +50\u00b0C. \u2013 odporny na promienie UV","rel":"","context":"Similar post","img":{"alt_text":"","src":"https:\/\/i0.wp.com\/www.ogrodolszanica.pl\/wp-content\/uploads\/2026\/02\/waz-ogrodowy-standard-1.2-50m-VR-7372-scaled.jpg?fit=1125%2C1200&ssl=1&resize=350%2C200","width":350,"height":200},"classes":[]},{"id":3195,"url":"https:\/\/www.ogrodolszanica.pl\/index.php\/produkt\/waz-ogrodowy-standardowy-verkatto-3-4-20m\/","url_meta":{"origin":3183,"position":4},"title":"W\u0105\u017c ogrodowy standardowy Verkatto 3\/4&#8243; 20m","date":"23 lutego, 2026","format":false,"excerpt":"W\u0105\u017c ogrodowy standardowy Verkatto 3\/4\" 20m VR-7373 Charakterystyka produktu: \u2013 w\u0105\u017c posiada 3 warstwy \u2013 odporny na osadzanie si\u0119 glon\u00f3w wewn\u0105trz w\u0119\u017ca (system anti algae). \u2013 wsp\u00f3\u0142pracuje przy zakresie temperatur od -10\u00b0C do +50\u00b0C. \u2013 odporny na promienie UV","rel":"","context":"Similar post","img":{"alt_text":"","src":"https:\/\/i0.wp.com\/www.ogrodolszanica.pl\/wp-content\/uploads\/2026\/02\/waz-ogrodowy-standard-3.4-20m-VR-7373-scaled.jpg?fit=1200%2C1057&ssl=1&resize=350%2C200","width":350,"height":200},"classes":[]},{"id":3197,"url":"https:\/\/www.ogrodolszanica.pl\/index.php\/produkt\/waz-ogrodowy-standardowy-verkatto-3-4-50m\/","url_meta":{"origin":3183,"position":5},"title":"W\u0105\u017c ogrodowy standardowy Verkatto 3\/4&#8243; 50m","date":"23 lutego, 2026","format":false,"excerpt":"W\u0105\u017c ogrodowy standardowy Verkatto 3\/4\" 50m VR-7375 Charakterystyka produktu: \u2013 w\u0105\u017c posiada 3 warstwy \u2013 odporny na osadzanie si\u0119 glon\u00f3w wewn\u0105trz w\u0119\u017ca (system anti algae). \u2013 wsp\u00f3\u0142pracuje przy zakresie temperatur od -10\u00b0C do +50\u00b0C. \u2013 odporny na promienie UV","rel":"","context":"Similar post","img":{"alt_text":"","src":"https:\/\/i0.wp.com\/www.ogrodolszanica.pl\/wp-content\/uploads\/2026\/02\/waz-ogrodowy-standard-3.4-50m-VR-7375-scaled.jpg?fit=1200%2C1047&ssl=1&resize=350%2C200","width":350,"height":200},"classes":[]}],"_links":{"self":[{"href":"https:\/\/www.ogrodolszanica.pl\/index.php\/wp-json\/wp\/v2\/product\/3183","targetHints":{"allow":["GET"]}}],"collection":[{"href":"https:\/\/www.ogrodolszanica.pl\/index.php\/wp-json\/wp\/v2\/product"}],"about":[{"href":"https:\/\/www.ogrodolszanica.pl\/index.php\/wp-json\/wp\/v2\/types\/product"}],"replies":[{"embeddable":true,"href":"https:\/\/www.ogrodolszanica.pl\/index.php\/wp-json\/wp\/v2\/comments?post=3183"}],"wp:featuredmedia":[{"embeddable":true,"href":"https:\/\/www.ogrodolszanica.pl\/index.php\/wp-json\/wp\/v2\/media\/3084"}],"wp:attachment":[{"href":"https:\/\/www.ogrodolszanica.pl\/index.php\/wp-json\/wp\/v2\/media?parent=3183"}],"wp:term":[{"taxonomy":"product_cat","embeddable":true,"href":"https:\/\/www.ogrodolszanica.pl\/index.php\/wp-json\/wp\/v2\/product_cat?post=3183"},{"taxonomy":"product_tag","embeddable":true,"href":"https:\/\/www.ogrodolszanica.pl\/index.php\/wp-json\/wp\/v2\/product_tag?post=3183"}],"curies":[{"name":"wp","href":"https:\/\/api.w.org\/{rel}","templated":true}]}}