{"id":3182,"date":"2026-02-23T10:00:12","date_gmt":"2026-02-23T10:00:12","guid":{"rendered":"https:\/\/www.ogrodolszanica.pl\/?post_type=product&#038;p=3182"},"modified":"2026-02-23T10:00:13","modified_gmt":"2026-02-23T10:00:13","slug":"lopatka-plastikowa-waska-ogrodowa-verkatto","status":"publish","type":"product","link":"https:\/\/www.ogrodolszanica.pl\/index.php\/produkt\/lopatka-plastikowa-waska-ogrodowa-verkatto\/","title":{"rendered":"\u0141opatka plastikowa w\u0105ska ogrodowa Verkatto"},"content":{"rendered":"<h1 style=\"text-align: center;\">\u0141opatka w\u0105ska plastikowa ogrodowa<\/h1>\n<h2 style=\"text-align: center;\">VR-7288<\/h2>\n<p style=\"text-align: center;\">Charakterystyka produktu:<\/p>\n<p style=\"text-align: center;\">\u2013 przeznaczona do przesadzania ro\u015blin<\/p>\n<p style=\"text-align: center;\">\u2013 wykonana z wysokiej jako\u015bci tworzyw sztucznych<\/p>\n<p style=\"text-align: center;\">\u2013 wygodny wyprofilowany uchwyt<\/p>\n","protected":false},"excerpt":{"rendered":"<p>\u0141opatka w\u0105ska plastikowa ogrodowa VR-7288 Charakterystyka produktu: \u2013 przeznaczona do przesadzania ro\u015blin \u2013 wykonana z wysokiej jako\u015bci tworzyw sztucznych \u2013 wygodny wyprofilowany uchwyt<\/p>\n","protected":false},"featured_media":3068,"comment_status":"open","ping_status":"closed","template":"","meta":{"site-sidebar-layout":"default","site-content-layout":"default","ast-global-header-display":"","ast-main-header-display":"","ast-hfb-above-header-display":"","ast-hfb-below-header-display":"","ast-hfb-mobile-header-display":"","site-post-title":"","ast-breadcrumbs-content":"","ast-featured-img":"","footer-sml-layout":"","theme-transparent-header-meta":"default","adv-header-id-meta":"","stick-header-meta":"","header-above-stick-meta":"","header-main-stick-meta":"","header-below-stick-meta":"","spay_email":""},"product_cat":[44],"product_tag":[],"class_list":["post-3182","product","type-product","status-publish","has-post-thumbnail","hentry","product_cat-male-narzedzia"],"yoast_head":"<!-- This site is optimized with the Yoast SEO plugin v19.2 - https:\/\/yoast.com\/wordpress\/plugins\/seo\/ -->\n<title>\u0141opatka plastikowa w\u0105ska ogrodowa Verkatto - Ogr&oacute;d Olszanica<\/title>\n<meta name=\"robots\" content=\"index, follow, max-snippet:-1, max-image-preview:large, max-video-preview:-1\" \/>\n<link rel=\"canonical\" href=\"https:\/\/www.ogrodolszanica.pl\/index.php\/produkt\/lopatka-plastikowa-waska-ogrodowa-verkatto\/\" \/>\n<meta property=\"og:locale\" content=\"pl_PL\" \/>\n<meta property=\"og:type\" content=\"article\" \/>\n<meta property=\"og:title\" content=\"\u0141opatka plastikowa w\u0105ska ogrodowa Verkatto - Ogr&oacute;d Olszanica\" \/>\n<meta property=\"og:description\" content=\"\u0141opatka w\u0105ska plastikowa ogrodowa VR-7288 Charakterystyka produktu: \u2013 przeznaczona do przesadzania ro\u015blin \u2013 wykonana z wysokiej jako\u015bci tworzyw sztucznych \u2013 wygodny wyprofilowany uchwyt\" \/>\n<meta property=\"og:url\" content=\"https:\/\/www.ogrodolszanica.pl\/index.php\/produkt\/lopatka-plastikowa-waska-ogrodowa-verkatto\/\" \/>\n<meta property=\"og:site_name\" content=\"Ogr&oacute;d Olszanica\" \/>\n<meta property=\"article:publisher\" content=\"https:\/\/www.facebook.com\/Ogrd-Olszanica-100807179225223\" \/>\n<meta property=\"article:modified_time\" content=\"2026-02-23T10:00:13+00:00\" \/>\n<meta property=\"og:image\" content=\"https:\/\/www.ogrodolszanica.pl\/wp-content\/uploads\/2026\/02\/lopatka-waska-plastikowa-v2--scaled.jpg\" \/>\n\t<meta property=\"og:image:width\" content=\"2295\" \/>\n\t<meta property=\"og:image:height\" content=\"2560\" \/>\n\t<meta property=\"og:image:type\" content=\"image\/jpeg\" \/>\n<meta name=\"author\" content=\"admin\" \/>\n<meta name=\"twitter:card\" content=\"summary_large_image\" \/>\n<script type=\"application\/ld+json\" class=\"yoast-schema-graph\">{\"@context\":\"https:\/\/schema.org\",\"@graph\":[{\"@type\":\"Organization\",\"@id\":\"https:\/\/www.ogrodolszanica.pl\/#organization\",\"name\":\"Ogr\u00f3d Olszanica - Krakowskie Centrum Ogrodnicze\",\"url\":\"https:\/\/www.ogrodolszanica.pl\/\",\"sameAs\":[\"https:\/\/www.facebook.com\/Ogrd-Olszanica-100807179225223\"],\"logo\":{\"@type\":\"ImageObject\",\"inLanguage\":\"pl-PL\",\"@id\":\"https:\/\/www.ogrodolszanica.pl\/#\/schema\/logo\/image\/\",\"url\":\"http:\/\/www.ogrodolszanica.pl\/wp-content\/uploads\/2022\/06\/Ogrod-Olszanica1-1.png\",\"contentUrl\":\"http:\/\/www.ogrodolszanica.pl\/wp-content\/uploads\/2022\/06\/Ogrod-Olszanica1-1.png\",\"width\":180,\"height\":60,\"caption\":\"Ogr\u00f3d Olszanica - Krakowskie Centrum Ogrodnicze\"},\"image\":{\"@id\":\"https:\/\/www.ogrodolszanica.pl\/#\/schema\/logo\/image\/\"}},{\"@type\":\"WebSite\",\"@id\":\"https:\/\/www.ogrodolszanica.pl\/#website\",\"url\":\"https:\/\/www.ogrodolszanica.pl\/\",\"name\":\"Ogr&oacute;d Olszanica\",\"description\":\"Centrum Ogrodnicze Krak&oacute;w\",\"publisher\":{\"@id\":\"https:\/\/www.ogrodolszanica.pl\/#organization\"},\"potentialAction\":[{\"@type\":\"SearchAction\",\"target\":{\"@type\":\"EntryPoint\",\"urlTemplate\":\"https:\/\/www.ogrodolszanica.pl\/?s={search_term_string}\"},\"query-input\":\"required name=search_term_string\"}],\"inLanguage\":\"pl-PL\"},{\"@type\":\"ImageObject\",\"inLanguage\":\"pl-PL\",\"@id\":\"https:\/\/www.ogrodolszanica.pl\/index.php\/produkt\/lopatka-plastikowa-waska-ogrodowa-verkatto\/#primaryimage\",\"url\":\"https:\/\/i0.wp.com\/www.ogrodolszanica.pl\/wp-content\/uploads\/2026\/02\/lopatka-waska-plastikowa-v2--scaled.jpg?fit=2295%2C2560&ssl=1\",\"contentUrl\":\"https:\/\/i0.wp.com\/www.ogrodolszanica.pl\/wp-content\/uploads\/2026\/02\/lopatka-waska-plastikowa-v2--scaled.jpg?fit=2295%2C2560&ssl=1\",\"width\":2295,\"height\":2560},{\"@type\":\"WebPage\",\"@id\":\"https:\/\/www.ogrodolszanica.pl\/index.php\/produkt\/lopatka-plastikowa-waska-ogrodowa-verkatto\/#webpage\",\"url\":\"https:\/\/www.ogrodolszanica.pl\/index.php\/produkt\/lopatka-plastikowa-waska-ogrodowa-verkatto\/\",\"name\":\"\u0141opatka plastikowa w\u0105ska ogrodowa Verkatto - Ogr&oacute;d Olszanica\",\"isPartOf\":{\"@id\":\"https:\/\/www.ogrodolszanica.pl\/#website\"},\"primaryImageOfPage\":{\"@id\":\"https:\/\/www.ogrodolszanica.pl\/index.php\/produkt\/lopatka-plastikowa-waska-ogrodowa-verkatto\/#primaryimage\"},\"datePublished\":\"2026-02-23T10:00:12+00:00\",\"dateModified\":\"2026-02-23T10:00:13+00:00\",\"breadcrumb\":{\"@id\":\"https:\/\/www.ogrodolszanica.pl\/index.php\/produkt\/lopatka-plastikowa-waska-ogrodowa-verkatto\/#breadcrumb\"},\"inLanguage\":\"pl-PL\",\"potentialAction\":[{\"@type\":\"ReadAction\",\"target\":[\"https:\/\/www.ogrodolszanica.pl\/index.php\/produkt\/lopatka-plastikowa-waska-ogrodowa-verkatto\/\"]}]},{\"@type\":\"BreadcrumbList\",\"@id\":\"https:\/\/www.ogrodolszanica.pl\/index.php\/produkt\/lopatka-plastikowa-waska-ogrodowa-verkatto\/#breadcrumb\",\"itemListElement\":[{\"@type\":\"ListItem\",\"position\":1,\"name\":\"Strona g\u0142\u00f3wna\",\"item\":\"https:\/\/www.ogrodolszanica.pl\/\"},{\"@type\":\"ListItem\",\"position\":2,\"name\":\"Produkty\",\"item\":\"https:\/\/www.ogrodolszanica.pl\/index.php\/shop\/\"},{\"@type\":\"ListItem\",\"position\":3,\"name\":\"\u0141opatka plastikowa w\u0105ska ogrodowa Verkatto\"}]}]}<\/script>\n<!-- \/ Yoast SEO plugin. -->","yoast_head_json":{"title":"\u0141opatka plastikowa w\u0105ska ogrodowa Verkatto - Ogr&oacute;d Olszanica","robots":{"index":"index","follow":"follow","max-snippet":"max-snippet:-1","max-image-preview":"max-image-preview:large","max-video-preview":"max-video-preview:-1"},"canonical":"https:\/\/www.ogrodolszanica.pl\/index.php\/produkt\/lopatka-plastikowa-waska-ogrodowa-verkatto\/","og_locale":"pl_PL","og_type":"article","og_title":"\u0141opatka plastikowa w\u0105ska ogrodowa Verkatto - Ogr&oacute;d Olszanica","og_description":"\u0141opatka w\u0105ska plastikowa ogrodowa VR-7288 Charakterystyka produktu: \u2013 przeznaczona do przesadzania ro\u015blin \u2013 wykonana z wysokiej jako\u015bci tworzyw sztucznych \u2013 wygodny wyprofilowany uchwyt","og_url":"https:\/\/www.ogrodolszanica.pl\/index.php\/produkt\/lopatka-plastikowa-waska-ogrodowa-verkatto\/","og_site_name":"Ogr&oacute;d Olszanica","article_publisher":"https:\/\/www.facebook.com\/Ogrd-Olszanica-100807179225223","article_modified_time":"2026-02-23T10:00:13+00:00","og_image":[{"width":2295,"height":2560,"url":"https:\/\/www.ogrodolszanica.pl\/wp-content\/uploads\/2026\/02\/lopatka-waska-plastikowa-v2--scaled.jpg","type":"image\/jpeg"}],"author":"admin","twitter_card":"summary_large_image","schema":{"@context":"https:\/\/schema.org","@graph":[{"@type":"Organization","@id":"https:\/\/www.ogrodolszanica.pl\/#organization","name":"Ogr\u00f3d Olszanica - Krakowskie Centrum Ogrodnicze","url":"https:\/\/www.ogrodolszanica.pl\/","sameAs":["https:\/\/www.facebook.com\/Ogrd-Olszanica-100807179225223"],"logo":{"@type":"ImageObject","inLanguage":"pl-PL","@id":"https:\/\/www.ogrodolszanica.pl\/#\/schema\/logo\/image\/","url":"http:\/\/www.ogrodolszanica.pl\/wp-content\/uploads\/2022\/06\/Ogrod-Olszanica1-1.png","contentUrl":"http:\/\/www.ogrodolszanica.pl\/wp-content\/uploads\/2022\/06\/Ogrod-Olszanica1-1.png","width":180,"height":60,"caption":"Ogr\u00f3d Olszanica - Krakowskie Centrum Ogrodnicze"},"image":{"@id":"https:\/\/www.ogrodolszanica.pl\/#\/schema\/logo\/image\/"}},{"@type":"WebSite","@id":"https:\/\/www.ogrodolszanica.pl\/#website","url":"https:\/\/www.ogrodolszanica.pl\/","name":"Ogr&oacute;d Olszanica","description":"Centrum Ogrodnicze Krak&oacute;w","publisher":{"@id":"https:\/\/www.ogrodolszanica.pl\/#organization"},"potentialAction":[{"@type":"SearchAction","target":{"@type":"EntryPoint","urlTemplate":"https:\/\/www.ogrodolszanica.pl\/?s={search_term_string}"},"query-input":"required name=search_term_string"}],"inLanguage":"pl-PL"},{"@type":"ImageObject","inLanguage":"pl-PL","@id":"https:\/\/www.ogrodolszanica.pl\/index.php\/produkt\/lopatka-plastikowa-waska-ogrodowa-verkatto\/#primaryimage","url":"https:\/\/i0.wp.com\/www.ogrodolszanica.pl\/wp-content\/uploads\/2026\/02\/lopatka-waska-plastikowa-v2--scaled.jpg?fit=2295%2C2560&ssl=1","contentUrl":"https:\/\/i0.wp.com\/www.ogrodolszanica.pl\/wp-content\/uploads\/2026\/02\/lopatka-waska-plastikowa-v2--scaled.jpg?fit=2295%2C2560&ssl=1","width":2295,"height":2560},{"@type":"WebPage","@id":"https:\/\/www.ogrodolszanica.pl\/index.php\/produkt\/lopatka-plastikowa-waska-ogrodowa-verkatto\/#webpage","url":"https:\/\/www.ogrodolszanica.pl\/index.php\/produkt\/lopatka-plastikowa-waska-ogrodowa-verkatto\/","name":"\u0141opatka plastikowa w\u0105ska ogrodowa Verkatto - Ogr&oacute;d Olszanica","isPartOf":{"@id":"https:\/\/www.ogrodolszanica.pl\/#website"},"primaryImageOfPage":{"@id":"https:\/\/www.ogrodolszanica.pl\/index.php\/produkt\/lopatka-plastikowa-waska-ogrodowa-verkatto\/#primaryimage"},"datePublished":"2026-02-23T10:00:12+00:00","dateModified":"2026-02-23T10:00:13+00:00","breadcrumb":{"@id":"https:\/\/www.ogrodolszanica.pl\/index.php\/produkt\/lopatka-plastikowa-waska-ogrodowa-verkatto\/#breadcrumb"},"inLanguage":"pl-PL","potentialAction":[{"@type":"ReadAction","target":["https:\/\/www.ogrodolszanica.pl\/index.php\/produkt\/lopatka-plastikowa-waska-ogrodowa-verkatto\/"]}]},{"@type":"BreadcrumbList","@id":"https:\/\/www.ogrodolszanica.pl\/index.php\/produkt\/lopatka-plastikowa-waska-ogrodowa-verkatto\/#breadcrumb","itemListElement":[{"@type":"ListItem","position":1,"name":"Strona g\u0142\u00f3wna","item":"https:\/\/www.ogrodolszanica.pl\/"},{"@type":"ListItem","position":2,"name":"Produkty","item":"https:\/\/www.ogrodolszanica.pl\/index.php\/shop\/"},{"@type":"ListItem","position":3,"name":"\u0141opatka plastikowa w\u0105ska ogrodowa Verkatto"}]}]}},"jetpack-related-posts":[{"id":3181,"url":"https:\/\/www.ogrodolszanica.pl\/index.php\/produkt\/lopatka-plastikowa-ogrodowa-verkatto\/","url_meta":{"origin":3182,"position":0},"title":"\u0141opatka plastikowa ogrodowa Verkatto","date":"23 lutego, 2026","format":false,"excerpt":"\u0141opatka plastikowa ogrodowa VR-7287 Charakterystyka produktu: \u2013 przeznaczona do przesadzania ro\u015blin \u2013 wykonana z wysokiej jako\u015bci tworzyw sztucznych \u2013 wygodny wyprofilowany uchwyt","rel":"","context":"Similar post","img":{"alt_text":"","src":"https:\/\/i0.wp.com\/www.ogrodolszanica.pl\/wp-content\/uploads\/2026\/02\/lopatka-plastikowa-v2-scaled.jpg?fit=1200%2C1148&ssl=1&resize=350%2C200","width":350,"height":200},"classes":[]},{"id":3184,"url":"https:\/\/www.ogrodolszanica.pl\/index.php\/produkt\/lopatka-z-drewniana-raczka-ogrodowa-mala\/","url_meta":{"origin":3182,"position":1},"title":"\u0141opatka z drewnian\u0105 r\u0105czk\u0105 ogrodowa ma\u0142a","date":"23 lutego, 2026","format":false,"excerpt":"\u0141opatka z drewnian\u0105 r\u0105czk\u0105 ogrodowa VR-7291 Charakterystyka produktu: \u2013 przeznaczona do przesadzania ro\u015blin \u2013 wykonana z wysokiej jako\u015bci stali \u2013 drewniany uchwyt","rel":"","context":"Similar post","img":{"alt_text":"","src":"https:\/\/i0.wp.com\/www.ogrodolszanica.pl\/wp-content\/uploads\/2026\/02\/lopatka-z-drewniana-raczka-VR-7291-v2-scaled.jpg?fit=1004%2C1200&ssl=1&resize=350%2C200","width":350,"height":200},"classes":[]},{"id":4052,"url":"https:\/\/www.ogrodolszanica.pl\/index.php\/produkt\/mala-lopatka-ogrodowa\/","url_meta":{"origin":3182,"position":2},"title":"Ma\u0142a \u0142opatka ogrodowa","date":"4 marca, 2026","format":false,"excerpt":"Ma\u0142a \u0142opatka ogrodowa to por\u0119czne narz\u0119dzie przeznaczone do drobnych prac ogrodniczych, takich jak sadzenie sadzonek, przesadzanie kwiat\u00f3w, spulchnianie gleby w doniczkach czy innych precyzyjnych czynno\u015bci w ogrodzie. D\u0142ugo\u015b\u0107 ca\u0142kowita (w cm):\u00a025 D\u0142ugo\u015b\u0107 uchwytu (w cm):\u00a011 Szeroko\u015b\u0107 g\u0142owicy (w cm):\u00a08 \u015arednica dr\u0105\u017cka (w mm):\u00a025 Typ produktu:\u00a0\u0141opata Materia\u0142 g\u0142\u00f3wny w ca\u0142kowitej masie\u2026","rel":"","context":"Similar post","img":{"alt_text":"","src":"https:\/\/i0.wp.com\/www.ogrodolszanica.pl\/wp-content\/uploads\/2026\/03\/IMG20260303164018-scaled.jpg?fit=904%2C1200&ssl=1&resize=350%2C200","width":350,"height":200},"classes":[]},{"id":3180,"url":"https:\/\/www.ogrodolszanica.pl\/index.php\/produkt\/pila-ogrodowa-reczna-verkatto-300mm\/","url_meta":{"origin":3182,"position":3},"title":"Pi\u0142a ogrodowa r\u0119czna Verkatto 300mm","date":"23 lutego, 2026","format":false,"excerpt":"Pi\u0142a ogrodowa r\u0119czna 300mm VR-7278 Charakterystyka produktu: \u2013 pi\u0142a ogrodowa odgi\u0119ta o d\u0142ugo\u015bci 300 mm \u2013 wydajne uz\u0119bienie usprawnia prac\u0119 narz\u0119dziem \u2013 ergonomiczny uchwyt zapewnia komfort i bezpiecze\u0144stwo podczas pracy","rel":"","context":"Similar post","img":{"alt_text":"","src":"https:\/\/i0.wp.com\/www.ogrodolszanica.pl\/wp-content\/uploads\/2026\/02\/pilka-do-galezi-VR-7278-v2-scaled.jpg?fit=1015%2C1200&ssl=1&resize=350%2C200","width":350,"height":200},"classes":[]},{"id":3186,"url":"https:\/\/www.ogrodolszanica.pl\/index.php\/produkt\/haczka-z-drewniana-raczka-ogrodowa-do-kopania-motyka\/","url_meta":{"origin":3182,"position":4},"title":"Haczka z drewnian\u0105 r\u0105czk\u0105 ogrodowa do kopania motyka","date":"23 lutego, 2026","format":false,"excerpt":"Haczka z drewnian\u0105 r\u0105czk\u0105 ogrodowa VR-7294 - ma\u0142a motyka do kopania w ogr\u00f3dku","rel":"","context":"Similar post","img":{"alt_text":"","src":"https:\/\/i0.wp.com\/www.ogrodolszanica.pl\/wp-content\/uploads\/2026\/02\/haczka-z-drewniana-raczka-VR-7294-v3-scaled.jpg?fit=1200%2C1128&ssl=1&resize=350%2C200","width":350,"height":200},"classes":[]},{"id":2042,"url":"https:\/\/www.ogrodolszanica.pl\/index.php\/produkt\/petunia\/","url_meta":{"origin":3182,"position":5},"title":"Petunia ogrodowa","date":"14 marca, 2023","format":false,"excerpt":"Petunia ogrodowa \u00a0 Rodzaj: Petunia Barwa: R\u00f3\u017cnokolorowa szeroko\u015b\u0107: 40 cm wysoko\u015b\u0107: 35 cm - 50\u00a0cm kwitnienie: maj \u00a0\u00f7 pa\u017adziernik stanowisko: s\u0142oneczne Dobierz odpowiednie pod\u0142o\u017ce z wybranych produkt\u00f3w w naszym sklepie: Pod\u0142o\u017ca \u00a0 \u00a0","rel":"","context":"Similar post","img":{"alt_text":"","src":"https:\/\/i0.wp.com\/www.ogrodolszanica.pl\/wp-content\/uploads\/2023\/03\/rosliny-jednoroczne-wiosenne_grandiflora-festival_43042_1.jpg?fit=450%2C450&ssl=1&resize=350%2C200","width":350,"height":200},"classes":[]}],"_links":{"self":[{"href":"https:\/\/www.ogrodolszanica.pl\/index.php\/wp-json\/wp\/v2\/product\/3182","targetHints":{"allow":["GET"]}}],"collection":[{"href":"https:\/\/www.ogrodolszanica.pl\/index.php\/wp-json\/wp\/v2\/product"}],"about":[{"href":"https:\/\/www.ogrodolszanica.pl\/index.php\/wp-json\/wp\/v2\/types\/product"}],"replies":[{"embeddable":true,"href":"https:\/\/www.ogrodolszanica.pl\/index.php\/wp-json\/wp\/v2\/comments?post=3182"}],"wp:featuredmedia":[{"embeddable":true,"href":"https:\/\/www.ogrodolszanica.pl\/index.php\/wp-json\/wp\/v2\/media\/3068"}],"wp:attachment":[{"href":"https:\/\/www.ogrodolszanica.pl\/index.php\/wp-json\/wp\/v2\/media?parent=3182"}],"wp:term":[{"taxonomy":"product_cat","embeddable":true,"href":"https:\/\/www.ogrodolszanica.pl\/index.php\/wp-json\/wp\/v2\/product_cat?post=3182"},{"taxonomy":"product_tag","embeddable":true,"href":"https:\/\/www.ogrodolszanica.pl\/index.php\/wp-json\/wp\/v2\/product_tag?post=3182"}],"curies":[{"name":"wp","href":"https:\/\/api.w.org\/{rel}","templated":true}]}}