{"id":3178,"date":"2026-02-23T09:54:24","date_gmt":"2026-02-23T09:54:24","guid":{"rendered":"https:\/\/www.ogrodolszanica.pl\/?post_type=product&#038;p=3178"},"modified":"2026-02-23T12:34:55","modified_gmt":"2026-02-23T12:34:55","slug":"sekator-kowadelkowy-z-aluminiowa-raczka","status":"publish","type":"product","link":"https:\/\/www.ogrodolszanica.pl\/index.php\/produkt\/sekator-kowadelkowy-z-aluminiowa-raczka\/","title":{"rendered":"Sekator kowade\u0142kowy z aluminiow\u0105 r\u0105czk\u0105"},"content":{"rendered":"<h1 style=\"text-align: center;\">Sekator kowade\u0142kowy z aluminiow\u0105 r\u0105czk\u0105<\/h1>\n<h2 style=\"text-align: center;\">VR-7265<\/h2>\n<p style=\"text-align: center;\">Charakterystyka produktu:<\/p>\n<p style=\"text-align: center;\">\u2013 stosowany do przycinania kwiat\u00f3w, p\u0119d\u00f3w drzew i krzew\u00f3w<\/p>\n<p style=\"text-align: center;\">\u2013 aluminiowa r\u0105czka pokryta antypo\u015blizgow\u0105 pow\u0142ok\u0105<\/p>\n<p style=\"text-align: center;\">\u2013 otw\u00f3r do zamocowania zawieszki na nadgarstek<\/p>\n","protected":false},"excerpt":{"rendered":"<p>Sekator kowade\u0142kowy z aluminiow\u0105 r\u0105czk\u0105 VR-7265 Charakterystyka produktu: \u2013 stosowany do przycinania kwiat\u00f3w, p\u0119d\u00f3w drzew i krzew\u00f3w \u2013 aluminiowa r\u0105czka pokryta antypo\u015blizgow\u0105 pow\u0142ok\u0105 \u2013 otw\u00f3r do zamocowania zawieszki na nadgarstek<\/p>\n","protected":false},"featured_media":3221,"comment_status":"open","ping_status":"closed","template":"","meta":{"site-sidebar-layout":"default","site-content-layout":"default","ast-global-header-display":"","ast-main-header-display":"","ast-hfb-above-header-display":"","ast-hfb-below-header-display":"","ast-hfb-mobile-header-display":"","site-post-title":"","ast-breadcrumbs-content":"","ast-featured-img":"","footer-sml-layout":"","theme-transparent-header-meta":"default","adv-header-id-meta":"","stick-header-meta":"","header-above-stick-meta":"","header-main-stick-meta":"","header-below-stick-meta":"","spay_email":""},"product_cat":[46],"product_tag":[],"class_list":["post-3178","product","type-product","status-publish","has-post-thumbnail","hentry","product_cat-sekatory-i-nozyce"],"yoast_head":"<!-- This site is optimized with the Yoast SEO plugin v19.2 - https:\/\/yoast.com\/wordpress\/plugins\/seo\/ -->\n<title>Sekator kowade\u0142kowy z aluminiow\u0105 r\u0105czk\u0105 - Ogr&oacute;d Olszanica<\/title>\n<meta name=\"robots\" content=\"index, follow, max-snippet:-1, max-image-preview:large, max-video-preview:-1\" \/>\n<link rel=\"canonical\" href=\"https:\/\/www.ogrodolszanica.pl\/index.php\/produkt\/sekator-kowadelkowy-z-aluminiowa-raczka\/\" \/>\n<meta property=\"og:locale\" content=\"pl_PL\" \/>\n<meta property=\"og:type\" content=\"article\" \/>\n<meta property=\"og:title\" content=\"Sekator kowade\u0142kowy z aluminiow\u0105 r\u0105czk\u0105 - Ogr&oacute;d Olszanica\" \/>\n<meta property=\"og:description\" content=\"Sekator kowade\u0142kowy z aluminiow\u0105 r\u0105czk\u0105 VR-7265 Charakterystyka produktu: \u2013 stosowany do przycinania kwiat\u00f3w, p\u0119d\u00f3w drzew i krzew\u00f3w \u2013 aluminiowa r\u0105czka pokryta antypo\u015blizgow\u0105 pow\u0142ok\u0105 \u2013 otw\u00f3r do zamocowania zawieszki na nadgarstek\" \/>\n<meta property=\"og:url\" content=\"https:\/\/www.ogrodolszanica.pl\/index.php\/produkt\/sekator-kowadelkowy-z-aluminiowa-raczka\/\" \/>\n<meta property=\"og:site_name\" content=\"Ogr&oacute;d Olszanica\" \/>\n<meta property=\"article:publisher\" content=\"https:\/\/www.facebook.com\/Ogrd-Olszanica-100807179225223\" \/>\n<meta property=\"article:modified_time\" content=\"2026-02-23T12:34:55+00:00\" \/>\n<meta property=\"og:image\" content=\"https:\/\/www.ogrodolszanica.pl\/wp-content\/uploads\/2026\/02\/VR-7265.jpg\" \/>\n\t<meta property=\"og:image:width\" content=\"1024\" \/>\n\t<meta property=\"og:image:height\" content=\"768\" \/>\n\t<meta property=\"og:image:type\" content=\"image\/jpeg\" \/>\n<meta name=\"author\" content=\"admin\" \/>\n<meta name=\"twitter:card\" content=\"summary_large_image\" \/>\n<script type=\"application\/ld+json\" class=\"yoast-schema-graph\">{\"@context\":\"https:\/\/schema.org\",\"@graph\":[{\"@type\":\"Organization\",\"@id\":\"https:\/\/www.ogrodolszanica.pl\/#organization\",\"name\":\"Ogr\u00f3d Olszanica - Krakowskie Centrum Ogrodnicze\",\"url\":\"https:\/\/www.ogrodolszanica.pl\/\",\"sameAs\":[\"https:\/\/www.facebook.com\/Ogrd-Olszanica-100807179225223\"],\"logo\":{\"@type\":\"ImageObject\",\"inLanguage\":\"pl-PL\",\"@id\":\"https:\/\/www.ogrodolszanica.pl\/#\/schema\/logo\/image\/\",\"url\":\"http:\/\/www.ogrodolszanica.pl\/wp-content\/uploads\/2022\/06\/Ogrod-Olszanica1-1.png\",\"contentUrl\":\"http:\/\/www.ogrodolszanica.pl\/wp-content\/uploads\/2022\/06\/Ogrod-Olszanica1-1.png\",\"width\":180,\"height\":60,\"caption\":\"Ogr\u00f3d Olszanica - Krakowskie Centrum Ogrodnicze\"},\"image\":{\"@id\":\"https:\/\/www.ogrodolszanica.pl\/#\/schema\/logo\/image\/\"}},{\"@type\":\"WebSite\",\"@id\":\"https:\/\/www.ogrodolszanica.pl\/#website\",\"url\":\"https:\/\/www.ogrodolszanica.pl\/\",\"name\":\"Ogr&oacute;d Olszanica\",\"description\":\"Centrum Ogrodnicze Krak&oacute;w\",\"publisher\":{\"@id\":\"https:\/\/www.ogrodolszanica.pl\/#organization\"},\"potentialAction\":[{\"@type\":\"SearchAction\",\"target\":{\"@type\":\"EntryPoint\",\"urlTemplate\":\"https:\/\/www.ogrodolszanica.pl\/?s={search_term_string}\"},\"query-input\":\"required name=search_term_string\"}],\"inLanguage\":\"pl-PL\"},{\"@type\":\"ImageObject\",\"inLanguage\":\"pl-PL\",\"@id\":\"https:\/\/www.ogrodolszanica.pl\/index.php\/produkt\/sekator-kowadelkowy-z-aluminiowa-raczka\/#primaryimage\",\"url\":\"https:\/\/i0.wp.com\/www.ogrodolszanica.pl\/wp-content\/uploads\/2026\/02\/VR-7265.jpg?fit=1024%2C768&ssl=1\",\"contentUrl\":\"https:\/\/i0.wp.com\/www.ogrodolszanica.pl\/wp-content\/uploads\/2026\/02\/VR-7265.jpg?fit=1024%2C768&ssl=1\",\"width\":1024,\"height\":768},{\"@type\":\"WebPage\",\"@id\":\"https:\/\/www.ogrodolszanica.pl\/index.php\/produkt\/sekator-kowadelkowy-z-aluminiowa-raczka\/#webpage\",\"url\":\"https:\/\/www.ogrodolszanica.pl\/index.php\/produkt\/sekator-kowadelkowy-z-aluminiowa-raczka\/\",\"name\":\"Sekator kowade\u0142kowy z aluminiow\u0105 r\u0105czk\u0105 - Ogr&oacute;d Olszanica\",\"isPartOf\":{\"@id\":\"https:\/\/www.ogrodolszanica.pl\/#website\"},\"primaryImageOfPage\":{\"@id\":\"https:\/\/www.ogrodolszanica.pl\/index.php\/produkt\/sekator-kowadelkowy-z-aluminiowa-raczka\/#primaryimage\"},\"datePublished\":\"2026-02-23T09:54:24+00:00\",\"dateModified\":\"2026-02-23T12:34:55+00:00\",\"breadcrumb\":{\"@id\":\"https:\/\/www.ogrodolszanica.pl\/index.php\/produkt\/sekator-kowadelkowy-z-aluminiowa-raczka\/#breadcrumb\"},\"inLanguage\":\"pl-PL\",\"potentialAction\":[{\"@type\":\"ReadAction\",\"target\":[\"https:\/\/www.ogrodolszanica.pl\/index.php\/produkt\/sekator-kowadelkowy-z-aluminiowa-raczka\/\"]}]},{\"@type\":\"BreadcrumbList\",\"@id\":\"https:\/\/www.ogrodolszanica.pl\/index.php\/produkt\/sekator-kowadelkowy-z-aluminiowa-raczka\/#breadcrumb\",\"itemListElement\":[{\"@type\":\"ListItem\",\"position\":1,\"name\":\"Strona g\u0142\u00f3wna\",\"item\":\"https:\/\/www.ogrodolszanica.pl\/\"},{\"@type\":\"ListItem\",\"position\":2,\"name\":\"Produkty\",\"item\":\"https:\/\/www.ogrodolszanica.pl\/index.php\/shop\/\"},{\"@type\":\"ListItem\",\"position\":3,\"name\":\"Sekator kowade\u0142kowy z aluminiow\u0105 r\u0105czk\u0105\"}]}]}<\/script>\n<!-- \/ Yoast SEO plugin. -->","yoast_head_json":{"title":"Sekator kowade\u0142kowy z aluminiow\u0105 r\u0105czk\u0105 - Ogr&oacute;d Olszanica","robots":{"index":"index","follow":"follow","max-snippet":"max-snippet:-1","max-image-preview":"max-image-preview:large","max-video-preview":"max-video-preview:-1"},"canonical":"https:\/\/www.ogrodolszanica.pl\/index.php\/produkt\/sekator-kowadelkowy-z-aluminiowa-raczka\/","og_locale":"pl_PL","og_type":"article","og_title":"Sekator kowade\u0142kowy z aluminiow\u0105 r\u0105czk\u0105 - Ogr&oacute;d Olszanica","og_description":"Sekator kowade\u0142kowy z aluminiow\u0105 r\u0105czk\u0105 VR-7265 Charakterystyka produktu: \u2013 stosowany do przycinania kwiat\u00f3w, p\u0119d\u00f3w drzew i krzew\u00f3w \u2013 aluminiowa r\u0105czka pokryta antypo\u015blizgow\u0105 pow\u0142ok\u0105 \u2013 otw\u00f3r do zamocowania zawieszki na nadgarstek","og_url":"https:\/\/www.ogrodolszanica.pl\/index.php\/produkt\/sekator-kowadelkowy-z-aluminiowa-raczka\/","og_site_name":"Ogr&oacute;d Olszanica","article_publisher":"https:\/\/www.facebook.com\/Ogrd-Olszanica-100807179225223","article_modified_time":"2026-02-23T12:34:55+00:00","og_image":[{"width":1024,"height":768,"url":"https:\/\/www.ogrodolszanica.pl\/wp-content\/uploads\/2026\/02\/VR-7265.jpg","type":"image\/jpeg"}],"author":"admin","twitter_card":"summary_large_image","schema":{"@context":"https:\/\/schema.org","@graph":[{"@type":"Organization","@id":"https:\/\/www.ogrodolszanica.pl\/#organization","name":"Ogr\u00f3d Olszanica - Krakowskie Centrum Ogrodnicze","url":"https:\/\/www.ogrodolszanica.pl\/","sameAs":["https:\/\/www.facebook.com\/Ogrd-Olszanica-100807179225223"],"logo":{"@type":"ImageObject","inLanguage":"pl-PL","@id":"https:\/\/www.ogrodolszanica.pl\/#\/schema\/logo\/image\/","url":"http:\/\/www.ogrodolszanica.pl\/wp-content\/uploads\/2022\/06\/Ogrod-Olszanica1-1.png","contentUrl":"http:\/\/www.ogrodolszanica.pl\/wp-content\/uploads\/2022\/06\/Ogrod-Olszanica1-1.png","width":180,"height":60,"caption":"Ogr\u00f3d Olszanica - Krakowskie Centrum Ogrodnicze"},"image":{"@id":"https:\/\/www.ogrodolszanica.pl\/#\/schema\/logo\/image\/"}},{"@type":"WebSite","@id":"https:\/\/www.ogrodolszanica.pl\/#website","url":"https:\/\/www.ogrodolszanica.pl\/","name":"Ogr&oacute;d Olszanica","description":"Centrum Ogrodnicze Krak&oacute;w","publisher":{"@id":"https:\/\/www.ogrodolszanica.pl\/#organization"},"potentialAction":[{"@type":"SearchAction","target":{"@type":"EntryPoint","urlTemplate":"https:\/\/www.ogrodolszanica.pl\/?s={search_term_string}"},"query-input":"required name=search_term_string"}],"inLanguage":"pl-PL"},{"@type":"ImageObject","inLanguage":"pl-PL","@id":"https:\/\/www.ogrodolszanica.pl\/index.php\/produkt\/sekator-kowadelkowy-z-aluminiowa-raczka\/#primaryimage","url":"https:\/\/i0.wp.com\/www.ogrodolszanica.pl\/wp-content\/uploads\/2026\/02\/VR-7265.jpg?fit=1024%2C768&ssl=1","contentUrl":"https:\/\/i0.wp.com\/www.ogrodolszanica.pl\/wp-content\/uploads\/2026\/02\/VR-7265.jpg?fit=1024%2C768&ssl=1","width":1024,"height":768},{"@type":"WebPage","@id":"https:\/\/www.ogrodolszanica.pl\/index.php\/produkt\/sekator-kowadelkowy-z-aluminiowa-raczka\/#webpage","url":"https:\/\/www.ogrodolszanica.pl\/index.php\/produkt\/sekator-kowadelkowy-z-aluminiowa-raczka\/","name":"Sekator kowade\u0142kowy z aluminiow\u0105 r\u0105czk\u0105 - Ogr&oacute;d Olszanica","isPartOf":{"@id":"https:\/\/www.ogrodolszanica.pl\/#website"},"primaryImageOfPage":{"@id":"https:\/\/www.ogrodolszanica.pl\/index.php\/produkt\/sekator-kowadelkowy-z-aluminiowa-raczka\/#primaryimage"},"datePublished":"2026-02-23T09:54:24+00:00","dateModified":"2026-02-23T12:34:55+00:00","breadcrumb":{"@id":"https:\/\/www.ogrodolszanica.pl\/index.php\/produkt\/sekator-kowadelkowy-z-aluminiowa-raczka\/#breadcrumb"},"inLanguage":"pl-PL","potentialAction":[{"@type":"ReadAction","target":["https:\/\/www.ogrodolszanica.pl\/index.php\/produkt\/sekator-kowadelkowy-z-aluminiowa-raczka\/"]}]},{"@type":"BreadcrumbList","@id":"https:\/\/www.ogrodolszanica.pl\/index.php\/produkt\/sekator-kowadelkowy-z-aluminiowa-raczka\/#breadcrumb","itemListElement":[{"@type":"ListItem","position":1,"name":"Strona g\u0142\u00f3wna","item":"https:\/\/www.ogrodolszanica.pl\/"},{"@type":"ListItem","position":2,"name":"Produkty","item":"https:\/\/www.ogrodolszanica.pl\/index.php\/shop\/"},{"@type":"ListItem","position":3,"name":"Sekator kowade\u0142kowy z aluminiow\u0105 r\u0105czk\u0105"}]}]}},"jetpack-related-posts":[{"id":4134,"url":"https:\/\/www.ogrodolszanica.pl\/index.php\/produkt\/sekator-ogrodniczy-bradas-v-series-kt-v3-ostrze-mijajace-15mm-jednoreczny\/","url_meta":{"origin":3178,"position":0},"title":"Sekator ogrodniczy Bradas V-SERIES KT-V3 ostrze mijaj\u0105ce 15mm jednor\u0119czny","date":"8 marca, 2026","format":false,"excerpt":"BRADAS Sekator V-SERIES ostrze mijaj\u0105ce 15 mm KT-V3 Specyfikacja: Ostrze:\u00a0mijaj\u0105ce \u015arednica ci\u0119cia:\u00a015 mm Rodzaj:\u00a0no\u017cycowy Typ:\u00a0jednor\u0119czne Zastosowanie: do ci\u0119cia kwiat\u00f3w i krzew\u00f3w Sekator r\u0119czny Bradas, to idealny nabytek dla wszystkich mi\u0142o\u015bnik\u00f3w ogrodnictwa. Je\u015bli zale\u017cy Pa\u0144stwu na oszcz\u0119dno\u015bci w\u0142asnego czasu i energii to ten sekator jest czym\u015b dla was. Sekator ogrodniczy \"V-SERIES\"\u2026","rel":"","context":"Similar post","img":{"alt_text":"","src":"https:\/\/i0.wp.com\/www.ogrodolszanica.pl\/wp-content\/uploads\/2026\/03\/images-1.jpg?fit=225%2C225&ssl=1&resize=350%2C200","width":350,"height":200},"classes":[]},{"id":3184,"url":"https:\/\/www.ogrodolszanica.pl\/index.php\/produkt\/lopatka-z-drewniana-raczka-ogrodowa-mala\/","url_meta":{"origin":3178,"position":1},"title":"\u0141opatka z drewnian\u0105 r\u0105czk\u0105 ogrodowa ma\u0142a","date":"23 lutego, 2026","format":false,"excerpt":"\u0141opatka z drewnian\u0105 r\u0105czk\u0105 ogrodowa VR-7291 Charakterystyka produktu: \u2013 przeznaczona do przesadzania ro\u015blin \u2013 wykonana z wysokiej jako\u015bci stali \u2013 drewniany uchwyt","rel":"","context":"Similar post","img":{"alt_text":"","src":"https:\/\/i0.wp.com\/www.ogrodolszanica.pl\/wp-content\/uploads\/2026\/02\/lopatka-z-drewniana-raczka-VR-7291-v2-scaled.jpg?fit=1004%2C1200&ssl=1&resize=350%2C200","width":350,"height":200},"classes":[]},{"id":3186,"url":"https:\/\/www.ogrodolszanica.pl\/index.php\/produkt\/haczka-z-drewniana-raczka-ogrodowa-do-kopania-motyka\/","url_meta":{"origin":3178,"position":2},"title":"Haczka z drewnian\u0105 r\u0105czk\u0105 ogrodowa do kopania motyka","date":"23 lutego, 2026","format":false,"excerpt":"Haczka z drewnian\u0105 r\u0105czk\u0105 ogrodowa VR-7294 - ma\u0142a motyka do kopania w ogr\u00f3dku","rel":"","context":"Similar post","img":{"alt_text":"","src":"https:\/\/i0.wp.com\/www.ogrodolszanica.pl\/wp-content\/uploads\/2026\/02\/haczka-z-drewniana-raczka-VR-7294-v3-scaled.jpg?fit=1200%2C1128&ssl=1&resize=350%2C200","width":350,"height":200},"classes":[]},{"id":3185,"url":"https:\/\/www.ogrodolszanica.pl\/index.php\/produkt\/grabki-z-drewniana-raczka-ogrodowe-male\/","url_meta":{"origin":3178,"position":3},"title":"Grabki z drewnian\u0105 r\u0105czk\u0105 ogrodowe ma\u0142e","date":"23 lutego, 2026","format":false,"excerpt":"Grabki z drewnian\u0105 r\u0105czk\u0105 ogrodowe VR-7292 Charakterystyka produktu: \u2013 wykonane z wysokiej jako\u015bci stali \u2013 wyposa\u017cone drewniany uchwyt \u2013 stosowany do grabienia i spulchniania ziemi pomi\u0119dzy g\u0119sto rosn\u0105cymi ro\u015blinami","rel":"","context":"Similar post","img":{"alt_text":"","src":"https:\/\/i0.wp.com\/www.ogrodolszanica.pl\/wp-content\/uploads\/2026\/02\/grabki-z-drewniana-raczka-VR-7292-v3-scaled.jpg?fit=1200%2C1150&ssl=1&resize=350%2C200","width":350,"height":200},"classes":[]},{"id":4132,"url":"https:\/\/www.ogrodolszanica.pl\/index.php\/produkt\/sekator-z-przekladnia-ostrze-mijajace-bradas\/","url_meta":{"origin":3178,"position":4},"title":"Sekator z przek\u0142adni\u0105 ostrze mijaj\u0105ce Bradas","date":"8 marca, 2026","format":false,"excerpt":"Sekator z przek\u0142adni\u0105 V-SERIES ostrze mijaj\u0105ce, stal SK5 - wysokiej jako\u015bci ostrze mijaj\u0105ce - ostrze wykonane z stali SK5 pokryte pow\u0142ok\u0105 ochronn\u0105 - przek\u0142adnia zwi\u0119kszaj\u0105ca si\u0142\u0119 ci\u0119cia - maksymalna \u015brednica ci\u0119cia 18mm - wyposa\u017cony w blokad\u0119 bezpiecze\u0144stwa - idealny do ci\u0119cia kwiat\u00f3w i krzew\u00f3w To jedna z najbardziej istotnych czynno\u015bci\u2026","rel":"","context":"Similar post","img":{"alt_text":"","src":"","width":0,"height":0},"classes":[]},{"id":4138,"url":"https:\/\/www.ogrodolszanica.pl\/index.php\/produkt\/sekator-tradycyjny-bradas-carbon-steel-8\/","url_meta":{"origin":3178,"position":5},"title":"Sekator tradycyjny Bradas Carbon-Steel 8&#8243;","date":"8 marca, 2026","format":false,"excerpt":"ZESTAW SEKATOR\u00d3W KWIAT\u00d3W ORAZ P\u0118D\u00d3W Zestaw zawiera: - Sekator profesjonalny 8\" do kwiat\u00f3w i p\u0119d\u00f3w. Wykonany ze specjalnej stali karbonowej. - 2x profesjonalny, ergonomiczny sekator ogrodniczy CARBON-STEEL do kwiat\u00f3w i p\u0119d\u00f3w Produkty oferowane w zestawie wykonane s\u0105 z wysokiej jako\u015bci ostrza oraz wyposa\u017cone s\u0105 w antypo\u015blizgowe uchwyty. Sekator do ga\u0142\u0119zi,\u2026","rel":"","context":"Similar post","img":{"alt_text":"","src":"https:\/\/i0.wp.com\/www.ogrodolszanica.pl\/wp-content\/uploads\/2026\/03\/images-3.jpg?fit=225%2C225&ssl=1&resize=350%2C200","width":350,"height":200},"classes":[]}],"_links":{"self":[{"href":"https:\/\/www.ogrodolszanica.pl\/index.php\/wp-json\/wp\/v2\/product\/3178","targetHints":{"allow":["GET"]}}],"collection":[{"href":"https:\/\/www.ogrodolszanica.pl\/index.php\/wp-json\/wp\/v2\/product"}],"about":[{"href":"https:\/\/www.ogrodolszanica.pl\/index.php\/wp-json\/wp\/v2\/types\/product"}],"replies":[{"embeddable":true,"href":"https:\/\/www.ogrodolszanica.pl\/index.php\/wp-json\/wp\/v2\/comments?post=3178"}],"wp:featuredmedia":[{"embeddable":true,"href":"https:\/\/www.ogrodolszanica.pl\/index.php\/wp-json\/wp\/v2\/media\/3221"}],"wp:attachment":[{"href":"https:\/\/www.ogrodolszanica.pl\/index.php\/wp-json\/wp\/v2\/media?parent=3178"}],"wp:term":[{"taxonomy":"product_cat","embeddable":true,"href":"https:\/\/www.ogrodolszanica.pl\/index.php\/wp-json\/wp\/v2\/product_cat?post=3178"},{"taxonomy":"product_tag","embeddable":true,"href":"https:\/\/www.ogrodolszanica.pl\/index.php\/wp-json\/wp\/v2\/product_tag?post=3178"}],"curies":[{"name":"wp","href":"https:\/\/api.w.org\/{rel}","templated":true}]}}