{"id":3174,"date":"2026-02-23T09:49:00","date_gmt":"2026-02-23T09:49:00","guid":{"rendered":"https:\/\/www.ogrodolszanica.pl\/?post_type=product&#038;p=3174"},"modified":"2026-02-23T12:40:08","modified_gmt":"2026-02-23T12:40:08","slug":"dysza-zraszajaca-v-plus-verkatto","status":"publish","type":"product","link":"https:\/\/www.ogrodolszanica.pl\/index.php\/produkt\/dysza-zraszajaca-v-plus-verkatto\/","title":{"rendered":"Dysza zraszaj\u0105ca V-PLUS Verkatto"},"content":{"rendered":"<h1 style=\"text-align: center;\">Dysza zraszaj\u0105ca V-PLUS Verkatto<\/h1>\n<h2 style=\"text-align: center;\">VR-7163<\/h2>\n<p style=\"text-align: center;\">Charakterystyka produktu:<\/p>\n<p style=\"text-align: center;\">\u2013 p\u0142ynna regulacja strumienia wody<\/p>\n<p style=\"text-align: center;\">\u2013 zraszacz zapewnia du\u017cy przep\u0142yw wody<\/p>\n","protected":false},"excerpt":{"rendered":"<p>Dysza zraszaj\u0105ca V-PLUS Verkatto VR-7163 Charakterystyka produktu: \u2013 p\u0142ynna regulacja strumienia wody \u2013 zraszacz zapewnia du\u017cy przep\u0142yw wody<\/p>\n","protected":false},"featured_media":3224,"comment_status":"open","ping_status":"closed","template":"","meta":{"site-sidebar-layout":"default","site-content-layout":"default","ast-global-header-display":"","ast-main-header-display":"","ast-hfb-above-header-display":"","ast-hfb-below-header-display":"","ast-hfb-mobile-header-display":"","site-post-title":"","ast-breadcrumbs-content":"","ast-featured-img":"","footer-sml-layout":"","theme-transparent-header-meta":"default","adv-header-id-meta":"","stick-header-meta":"","header-above-stick-meta":"","header-main-stick-meta":"","header-below-stick-meta":"","spay_email":""},"product_cat":[47],"product_tag":[],"class_list":["post-3174","product","type-product","status-publish","has-post-thumbnail","hentry","product_cat-nawadnianie"],"yoast_head":"<!-- This site is optimized with the Yoast SEO plugin v19.2 - https:\/\/yoast.com\/wordpress\/plugins\/seo\/ -->\n<title>Dysza zraszaj\u0105ca V-PLUS Verkatto - Ogr&oacute;d Olszanica<\/title>\n<meta name=\"robots\" content=\"index, follow, max-snippet:-1, max-image-preview:large, max-video-preview:-1\" \/>\n<link rel=\"canonical\" href=\"https:\/\/www.ogrodolszanica.pl\/index.php\/produkt\/dysza-zraszajaca-v-plus-verkatto\/\" \/>\n<meta property=\"og:locale\" content=\"pl_PL\" \/>\n<meta property=\"og:type\" content=\"article\" \/>\n<meta property=\"og:title\" content=\"Dysza zraszaj\u0105ca V-PLUS Verkatto - Ogr&oacute;d Olszanica\" \/>\n<meta property=\"og:description\" content=\"Dysza zraszaj\u0105ca V-PLUS Verkatto VR-7163 Charakterystyka produktu: \u2013 p\u0142ynna regulacja strumienia wody \u2013 zraszacz zapewnia du\u017cy przep\u0142yw wody\" \/>\n<meta property=\"og:url\" content=\"https:\/\/www.ogrodolszanica.pl\/index.php\/produkt\/dysza-zraszajaca-v-plus-verkatto\/\" \/>\n<meta property=\"og:site_name\" content=\"Ogr&oacute;d Olszanica\" \/>\n<meta property=\"article:publisher\" content=\"https:\/\/www.facebook.com\/Ogrd-Olszanica-100807179225223\" \/>\n<meta property=\"article:modified_time\" content=\"2026-02-23T12:40:08+00:00\" \/>\n<meta property=\"og:image\" content=\"https:\/\/www.ogrodolszanica.pl\/wp-content\/uploads\/2026\/02\/VR-7163-2.jpg\" \/>\n\t<meta property=\"og:image:width\" content=\"1024\" \/>\n\t<meta property=\"og:image:height\" content=\"768\" \/>\n\t<meta property=\"og:image:type\" content=\"image\/jpeg\" \/>\n<meta name=\"author\" content=\"admin\" \/>\n<meta name=\"twitter:card\" content=\"summary_large_image\" \/>\n<script type=\"application\/ld+json\" class=\"yoast-schema-graph\">{\"@context\":\"https:\/\/schema.org\",\"@graph\":[{\"@type\":\"Organization\",\"@id\":\"https:\/\/www.ogrodolszanica.pl\/#organization\",\"name\":\"Ogr\u00f3d Olszanica - Krakowskie Centrum Ogrodnicze\",\"url\":\"https:\/\/www.ogrodolszanica.pl\/\",\"sameAs\":[\"https:\/\/www.facebook.com\/Ogrd-Olszanica-100807179225223\"],\"logo\":{\"@type\":\"ImageObject\",\"inLanguage\":\"pl-PL\",\"@id\":\"https:\/\/www.ogrodolszanica.pl\/#\/schema\/logo\/image\/\",\"url\":\"http:\/\/www.ogrodolszanica.pl\/wp-content\/uploads\/2022\/06\/Ogrod-Olszanica1-1.png\",\"contentUrl\":\"http:\/\/www.ogrodolszanica.pl\/wp-content\/uploads\/2022\/06\/Ogrod-Olszanica1-1.png\",\"width\":180,\"height\":60,\"caption\":\"Ogr\u00f3d Olszanica - Krakowskie Centrum Ogrodnicze\"},\"image\":{\"@id\":\"https:\/\/www.ogrodolszanica.pl\/#\/schema\/logo\/image\/\"}},{\"@type\":\"WebSite\",\"@id\":\"https:\/\/www.ogrodolszanica.pl\/#website\",\"url\":\"https:\/\/www.ogrodolszanica.pl\/\",\"name\":\"Ogr&oacute;d Olszanica\",\"description\":\"Centrum Ogrodnicze Krak&oacute;w\",\"publisher\":{\"@id\":\"https:\/\/www.ogrodolszanica.pl\/#organization\"},\"potentialAction\":[{\"@type\":\"SearchAction\",\"target\":{\"@type\":\"EntryPoint\",\"urlTemplate\":\"https:\/\/www.ogrodolszanica.pl\/?s={search_term_string}\"},\"query-input\":\"required name=search_term_string\"}],\"inLanguage\":\"pl-PL\"},{\"@type\":\"ImageObject\",\"inLanguage\":\"pl-PL\",\"@id\":\"https:\/\/www.ogrodolszanica.pl\/index.php\/produkt\/dysza-zraszajaca-v-plus-verkatto\/#primaryimage\",\"url\":\"https:\/\/i0.wp.com\/www.ogrodolszanica.pl\/wp-content\/uploads\/2026\/02\/VR-7163-2.jpg?fit=1024%2C768&ssl=1\",\"contentUrl\":\"https:\/\/i0.wp.com\/www.ogrodolszanica.pl\/wp-content\/uploads\/2026\/02\/VR-7163-2.jpg?fit=1024%2C768&ssl=1\",\"width\":1024,\"height\":768},{\"@type\":\"WebPage\",\"@id\":\"https:\/\/www.ogrodolszanica.pl\/index.php\/produkt\/dysza-zraszajaca-v-plus-verkatto\/#webpage\",\"url\":\"https:\/\/www.ogrodolszanica.pl\/index.php\/produkt\/dysza-zraszajaca-v-plus-verkatto\/\",\"name\":\"Dysza zraszaj\u0105ca V-PLUS Verkatto - Ogr&oacute;d Olszanica\",\"isPartOf\":{\"@id\":\"https:\/\/www.ogrodolszanica.pl\/#website\"},\"primaryImageOfPage\":{\"@id\":\"https:\/\/www.ogrodolszanica.pl\/index.php\/produkt\/dysza-zraszajaca-v-plus-verkatto\/#primaryimage\"},\"datePublished\":\"2026-02-23T09:49:00+00:00\",\"dateModified\":\"2026-02-23T12:40:08+00:00\",\"breadcrumb\":{\"@id\":\"https:\/\/www.ogrodolszanica.pl\/index.php\/produkt\/dysza-zraszajaca-v-plus-verkatto\/#breadcrumb\"},\"inLanguage\":\"pl-PL\",\"potentialAction\":[{\"@type\":\"ReadAction\",\"target\":[\"https:\/\/www.ogrodolszanica.pl\/index.php\/produkt\/dysza-zraszajaca-v-plus-verkatto\/\"]}]},{\"@type\":\"BreadcrumbList\",\"@id\":\"https:\/\/www.ogrodolszanica.pl\/index.php\/produkt\/dysza-zraszajaca-v-plus-verkatto\/#breadcrumb\",\"itemListElement\":[{\"@type\":\"ListItem\",\"position\":1,\"name\":\"Strona g\u0142\u00f3wna\",\"item\":\"https:\/\/www.ogrodolszanica.pl\/\"},{\"@type\":\"ListItem\",\"position\":2,\"name\":\"Produkty\",\"item\":\"https:\/\/www.ogrodolszanica.pl\/index.php\/shop\/\"},{\"@type\":\"ListItem\",\"position\":3,\"name\":\"Dysza zraszaj\u0105ca V-PLUS Verkatto\"}]}]}<\/script>\n<!-- \/ Yoast SEO plugin. -->","yoast_head_json":{"title":"Dysza zraszaj\u0105ca V-PLUS Verkatto - Ogr&oacute;d Olszanica","robots":{"index":"index","follow":"follow","max-snippet":"max-snippet:-1","max-image-preview":"max-image-preview:large","max-video-preview":"max-video-preview:-1"},"canonical":"https:\/\/www.ogrodolszanica.pl\/index.php\/produkt\/dysza-zraszajaca-v-plus-verkatto\/","og_locale":"pl_PL","og_type":"article","og_title":"Dysza zraszaj\u0105ca V-PLUS Verkatto - Ogr&oacute;d Olszanica","og_description":"Dysza zraszaj\u0105ca V-PLUS Verkatto VR-7163 Charakterystyka produktu: \u2013 p\u0142ynna regulacja strumienia wody \u2013 zraszacz zapewnia du\u017cy przep\u0142yw wody","og_url":"https:\/\/www.ogrodolszanica.pl\/index.php\/produkt\/dysza-zraszajaca-v-plus-verkatto\/","og_site_name":"Ogr&oacute;d Olszanica","article_publisher":"https:\/\/www.facebook.com\/Ogrd-Olszanica-100807179225223","article_modified_time":"2026-02-23T12:40:08+00:00","og_image":[{"width":1024,"height":768,"url":"https:\/\/www.ogrodolszanica.pl\/wp-content\/uploads\/2026\/02\/VR-7163-2.jpg","type":"image\/jpeg"}],"author":"admin","twitter_card":"summary_large_image","schema":{"@context":"https:\/\/schema.org","@graph":[{"@type":"Organization","@id":"https:\/\/www.ogrodolszanica.pl\/#organization","name":"Ogr\u00f3d Olszanica - Krakowskie Centrum Ogrodnicze","url":"https:\/\/www.ogrodolszanica.pl\/","sameAs":["https:\/\/www.facebook.com\/Ogrd-Olszanica-100807179225223"],"logo":{"@type":"ImageObject","inLanguage":"pl-PL","@id":"https:\/\/www.ogrodolszanica.pl\/#\/schema\/logo\/image\/","url":"http:\/\/www.ogrodolszanica.pl\/wp-content\/uploads\/2022\/06\/Ogrod-Olszanica1-1.png","contentUrl":"http:\/\/www.ogrodolszanica.pl\/wp-content\/uploads\/2022\/06\/Ogrod-Olszanica1-1.png","width":180,"height":60,"caption":"Ogr\u00f3d Olszanica - Krakowskie Centrum Ogrodnicze"},"image":{"@id":"https:\/\/www.ogrodolszanica.pl\/#\/schema\/logo\/image\/"}},{"@type":"WebSite","@id":"https:\/\/www.ogrodolszanica.pl\/#website","url":"https:\/\/www.ogrodolszanica.pl\/","name":"Ogr&oacute;d Olszanica","description":"Centrum Ogrodnicze Krak&oacute;w","publisher":{"@id":"https:\/\/www.ogrodolszanica.pl\/#organization"},"potentialAction":[{"@type":"SearchAction","target":{"@type":"EntryPoint","urlTemplate":"https:\/\/www.ogrodolszanica.pl\/?s={search_term_string}"},"query-input":"required name=search_term_string"}],"inLanguage":"pl-PL"},{"@type":"ImageObject","inLanguage":"pl-PL","@id":"https:\/\/www.ogrodolszanica.pl\/index.php\/produkt\/dysza-zraszajaca-v-plus-verkatto\/#primaryimage","url":"https:\/\/i0.wp.com\/www.ogrodolszanica.pl\/wp-content\/uploads\/2026\/02\/VR-7163-2.jpg?fit=1024%2C768&ssl=1","contentUrl":"https:\/\/i0.wp.com\/www.ogrodolszanica.pl\/wp-content\/uploads\/2026\/02\/VR-7163-2.jpg?fit=1024%2C768&ssl=1","width":1024,"height":768},{"@type":"WebPage","@id":"https:\/\/www.ogrodolszanica.pl\/index.php\/produkt\/dysza-zraszajaca-v-plus-verkatto\/#webpage","url":"https:\/\/www.ogrodolszanica.pl\/index.php\/produkt\/dysza-zraszajaca-v-plus-verkatto\/","name":"Dysza zraszaj\u0105ca V-PLUS Verkatto - Ogr&oacute;d Olszanica","isPartOf":{"@id":"https:\/\/www.ogrodolszanica.pl\/#website"},"primaryImageOfPage":{"@id":"https:\/\/www.ogrodolszanica.pl\/index.php\/produkt\/dysza-zraszajaca-v-plus-verkatto\/#primaryimage"},"datePublished":"2026-02-23T09:49:00+00:00","dateModified":"2026-02-23T12:40:08+00:00","breadcrumb":{"@id":"https:\/\/www.ogrodolszanica.pl\/index.php\/produkt\/dysza-zraszajaca-v-plus-verkatto\/#breadcrumb"},"inLanguage":"pl-PL","potentialAction":[{"@type":"ReadAction","target":["https:\/\/www.ogrodolszanica.pl\/index.php\/produkt\/dysza-zraszajaca-v-plus-verkatto\/"]}]},{"@type":"BreadcrumbList","@id":"https:\/\/www.ogrodolszanica.pl\/index.php\/produkt\/dysza-zraszajaca-v-plus-verkatto\/#breadcrumb","itemListElement":[{"@type":"ListItem","position":1,"name":"Strona g\u0142\u00f3wna","item":"https:\/\/www.ogrodolszanica.pl\/"},{"@type":"ListItem","position":2,"name":"Produkty","item":"https:\/\/www.ogrodolszanica.pl\/index.php\/shop\/"},{"@type":"ListItem","position":3,"name":"Dysza zraszaj\u0105ca V-PLUS Verkatto"}]}]}},"jetpack-related-posts":[{"id":4163,"url":"https:\/\/www.ogrodolszanica.pl\/index.php\/produkt\/dysza-do-zraszania-bradas-le-04710k\/","url_meta":{"origin":3174,"position":0},"title":"Dysza do zraszania Bradas LE-04710K","date":"8 marca, 2026","format":false,"excerpt":"Dysza prosta regulowana Symbol: LE-04710K \u2714\ufe0fTradycyjna dysza prosta regulowana jest wygodna w obs\u0142udze\u00a0dzi\u0119ki dobrze wyprofilowanym elementom z wytrzyma\u0142ego tworzywa. \u2714\ufe0fBezstopniowa regulacja strumienia wody,\u00a0od punktowego do delikatnej m\u017cawki. U\u017cytkowany nie tylko w ogrodzie, lecz tak\u017ce w gospodarstwie domowym. \u2714\ufe0fZalety: \u2022 prosta obs\u0142uga dzi\u0119ki ergonomicznemu designowi. \u2022 wytrzyma\u0142e tworzywo gwarantuje\u00a0wieloletni\u0105 u\u017cyteczno\u015b\u0107. *\ufe0f\u20e3\u00a0\u2026","rel":"","context":"Similar post","img":{"alt_text":"","src":"https:\/\/i0.wp.com\/www.ogrodolszanica.pl\/wp-content\/uploads\/2026\/03\/pol_pl_Dysza-prosta-regulowana-LIME-LINE-BRADAS-LE-04710K-17611_3.jpg?fit=600%2C600&ssl=1&resize=350%2C200","width":350,"height":200},"classes":[]},{"id":3200,"url":"https:\/\/www.ogrodolszanica.pl\/index.php\/produkt\/waz-ogrodowy-wzmacniany-verkatto-v-plus-1-2-50-m\/","url_meta":{"origin":3174,"position":1},"title":"W\u0105\u017c ogrodowy wzmacniany Verkatto V-Plus 1\/2&#8243; 50 m","date":"23 lutego, 2026","format":false,"excerpt":"W\u0105\u017c ogrodowy wzmacniany Verkatto V-Plus 1\/2\" 50 m VR-7384 Charakterystyka produktu : \u2013 w\u0105\u017c posiada 5 warstw 1.\u00a0Bia\u0142a dusza 2.\u00a0Oplot krzy\u017cowy z prz\u0119dzy poliestrowej 3.\u00a0Po\u015brednia warstwa w czarnym kolorze 4.\u00a0Trykotowy oplot z prz\u0119dzy poliestrowej 5.\u00a0Pogrubiona oblewka srebrno-czarno-bia\u0142a \u2013 specjalny system\u00a0ANTI KINK\u00a0zabezpieczaj\u0105cy w\u0105\u017c przed skr\u0119caniem\/za\u0142amaniem i powstawaniem s\u0142up\u00f3w \u2013 przeznaczony do\u2026","rel":"","context":"Similar post","img":{"alt_text":"","src":"https:\/\/i0.wp.com\/www.ogrodolszanica.pl\/wp-content\/uploads\/2026\/02\/waz-ogrodowy-wzmacniany-1.2-50m-VR-7384-scaled.jpg?fit=1200%2C1028&ssl=1&resize=350%2C200","width":350,"height":200},"classes":[]},{"id":3201,"url":"https:\/\/www.ogrodolszanica.pl\/index.php\/produkt\/waz-ogrodowy-wzmacniany-verkatto-v-plus-3-4-20-m\/","url_meta":{"origin":3174,"position":2},"title":"W\u0105\u017c ogrodowy wzmacniany Verkatto V-Plus 3\/4&#8243; 20 m","date":"23 lutego, 2026","format":false,"excerpt":"W\u0105\u017c ogrodowy wzmacniany Verkatto V-Plus 3\/4\" 20 m VR-7385 Charakterystyka produktu : \u2013 w\u0105\u017c posiada 5 warstw 1.\u00a0Bia\u0142a dusza 2.\u00a0Oplot krzy\u017cowy z prz\u0119dzy poliestrowej 3.\u00a0Po\u015brednia warstwa w czarnym kolorze 4.\u00a0Trykotowy oplot z prz\u0119dzy poliestrowej 5.\u00a0Pogrubiona oblewka srebrno-czarno-bia\u0142a \u2013 specjalny system\u00a0ANTI KINK\u00a0zabezpieczaj\u0105cy w\u0105\u017c przed skr\u0119caniem\/za\u0142amaniem i powstawaniem s\u0142up\u00f3w \u2013 przeznaczony do\u2026","rel":"","context":"Similar post","img":{"alt_text":"","src":"https:\/\/i0.wp.com\/www.ogrodolszanica.pl\/wp-content\/uploads\/2026\/02\/waz-ogrodowy-wzmacniany-3.4-20m-VR-7385-scaled.jpg?fit=1200%2C1103&ssl=1&resize=350%2C200","width":350,"height":200},"classes":[]},{"id":3198,"url":"https:\/\/www.ogrodolszanica.pl\/index.php\/produkt\/waz-ogrodowy-wzmacniany-verkatto-v-plus-1-2-20-m\/","url_meta":{"origin":3174,"position":3},"title":"W\u0105\u017c ogrodowy wzmacniany Verkatto V-Plus 1\/2&#8243; 20 m","date":"23 lutego, 2026","format":false,"excerpt":"W\u0105\u017c ogrodowy wzmacniany Verkatto V-Plus 1\/2\" 20 m VR-7382 Charakterystyka produktu : \u2013 w\u0105\u017c posiada 5 warstw 1.\u00a0Bia\u0142a dusza 2.\u00a0Oplot krzy\u017cowy z prz\u0119dzy poliestrowej 3.\u00a0Po\u015brednia warstwa w czarnym kolorze 4.\u00a0Trykotowy oplot z prz\u0119dzy poliestrowej 5.\u00a0Pogrubiona oblewka srebrno-czarno-bia\u0142a \u2013 specjalny system\u00a0ANTI KINK\u00a0zabezpieczaj\u0105cy w\u0105\u017c przed skr\u0119caniem\/za\u0142amaniem i powstawaniem s\u0142up\u00f3w \u2013 przeznaczony do\u2026","rel":"","context":"Similar post","img":{"alt_text":"","src":"https:\/\/i0.wp.com\/www.ogrodolszanica.pl\/wp-content\/uploads\/2026\/02\/waz-ogrodowy-wzmacniany-1.2-20m-VR-7382-scaled.jpg?fit=1200%2C979&ssl=1&resize=350%2C200","width":350,"height":200},"classes":[]},{"id":3199,"url":"https:\/\/www.ogrodolszanica.pl\/index.php\/produkt\/waz-ogrodowy-wzmacniany-verkatto-v-plus-1-2-30-m\/","url_meta":{"origin":3174,"position":4},"title":"W\u0105\u017c ogrodowy wzmacniany Verkatto V-Plus 1\/2&#8243; 30 m","date":"23 lutego, 2026","format":false,"excerpt":"W\u0105\u017c ogrodowy wzmacniany Verkatto V-Plus 1\/2\" 30 m VR-7383 Charakterystyka produktu : \u2013 w\u0105\u017c posiada 5 warstw 1.\u00a0Bia\u0142a dusza 2.\u00a0Oplot krzy\u017cowy z prz\u0119dzy poliestrowej 3.\u00a0Po\u015brednia warstwa w czarnym kolorze 4.\u00a0Trykotowy oplot z prz\u0119dzy poliestrowej 5.\u00a0Pogrubiona oblewka srebrno-czarno-bia\u0142a \u2013 specjalny system\u00a0ANTI KINK\u00a0zabezpieczaj\u0105cy w\u0105\u017c przed skr\u0119caniem\/za\u0142amaniem i powstawaniem s\u0142up\u00f3w \u2013 przeznaczony do\u2026","rel":"","context":"Similar post","img":{"alt_text":"","src":"https:\/\/i0.wp.com\/www.ogrodolszanica.pl\/wp-content\/uploads\/2026\/02\/waz-ogrodowy-wzmacniany-1.2-30m-VR-7383-scaled.jpg?fit=1200%2C1184&ssl=1&resize=350%2C200","width":350,"height":200},"classes":[]},{"id":3202,"url":"https:\/\/www.ogrodolszanica.pl\/index.php\/produkt\/waz-ogrodowy-wzmacniany-verkatto-v-plus-3-4-30-m\/","url_meta":{"origin":3174,"position":5},"title":"W\u0105\u017c ogrodowy wzmacniany Verkatto V-Plus 3\/4&#8243; 30 m","date":"23 lutego, 2026","format":false,"excerpt":"W\u0105\u017c ogrodowy wzmacniany Verkatto V-Plus 3\/4\" 30 m VR-7386 Charakterystyka produktu : \u2013 w\u0105\u017c posiada 5 warstw 1.\u00a0Bia\u0142a dusza 2.\u00a0Oplot krzy\u017cowy z prz\u0119dzy poliestrowej 3.\u00a0Po\u015brednia warstwa w czarnym kolorze 4.\u00a0Trykotowy oplot z prz\u0119dzy poliestrowej 5.\u00a0Pogrubiona oblewka srebrno-czarno-bia\u0142a \u2013 specjalny system\u00a0ANTI KINK\u00a0zabezpieczaj\u0105cy w\u0105\u017c przed skr\u0119caniem\/za\u0142amaniem i powstawaniem s\u0142up\u00f3w \u2013 przeznaczony do\u2026","rel":"","context":"Similar post","img":{"alt_text":"","src":"https:\/\/i0.wp.com\/www.ogrodolszanica.pl\/wp-content\/uploads\/2026\/02\/waz-ogrodowy-wzmacniany-3.4-30m-VR-7386-scaled.jpg?fit=1200%2C1065&ssl=1&resize=350%2C200","width":350,"height":200},"classes":[]}],"_links":{"self":[{"href":"https:\/\/www.ogrodolszanica.pl\/index.php\/wp-json\/wp\/v2\/product\/3174","targetHints":{"allow":["GET"]}}],"collection":[{"href":"https:\/\/www.ogrodolszanica.pl\/index.php\/wp-json\/wp\/v2\/product"}],"about":[{"href":"https:\/\/www.ogrodolszanica.pl\/index.php\/wp-json\/wp\/v2\/types\/product"}],"replies":[{"embeddable":true,"href":"https:\/\/www.ogrodolszanica.pl\/index.php\/wp-json\/wp\/v2\/comments?post=3174"}],"wp:featuredmedia":[{"embeddable":true,"href":"https:\/\/www.ogrodolszanica.pl\/index.php\/wp-json\/wp\/v2\/media\/3224"}],"wp:attachment":[{"href":"https:\/\/www.ogrodolszanica.pl\/index.php\/wp-json\/wp\/v2\/media?parent=3174"}],"wp:term":[{"taxonomy":"product_cat","embeddable":true,"href":"https:\/\/www.ogrodolszanica.pl\/index.php\/wp-json\/wp\/v2\/product_cat?post=3174"},{"taxonomy":"product_tag","embeddable":true,"href":"https:\/\/www.ogrodolszanica.pl\/index.php\/wp-json\/wp\/v2\/product_tag?post=3174"}],"curies":[{"name":"wp","href":"https:\/\/api.w.org\/{rel}","templated":true}]}}