{"id":3171,"date":"2026-02-23T09:41:15","date_gmt":"2026-02-23T09:41:15","guid":{"rendered":"https:\/\/www.ogrodolszanica.pl\/?post_type=product&#038;p=3171"},"modified":"2026-02-23T09:41:16","modified_gmt":"2026-02-23T09:41:16","slug":"szczotka-ulicowka-z-uchwytem-click-50cm","status":"publish","type":"product","link":"https:\/\/www.ogrodolszanica.pl\/index.php\/produkt\/szczotka-ulicowka-z-uchwytem-click-50cm\/","title":{"rendered":"Szczotka ulic\u00f3wka z uchwytem CLICK 50cm"},"content":{"rendered":"<h1 style=\"text-align: center;\">Szczotka ulic\u00f3wka z uchwytem CLICK 50cm<\/h1>\n<h2 style=\"text-align: center;\">VR-5218<\/h2>\n<p style=\"text-align: center;\">Charakterystyka produktu:<\/p>\n<p style=\"text-align: center;\">\u2013 wykorzystywana do wszelkich prac porz\u0105dkowych na du\u017cych powierzchniach (ulice, podjazdy, chodniki, hale magazynowe).<\/p>\n<p style=\"text-align: center;\">\u2013 w\u0142osie wykonane z PVC, d\u0142ugie na 75mm.<\/p>\n<p style=\"text-align: center;\">\u2013 drewniana oprawa.<\/p>\n<p style=\"text-align: center;\">\u2013\u00a0system monta\u017cu CLICK\u00a0u\u0142atwiaj\u0105cy po\u0142\u0105czenie z trzonkami wyposa\u017conymi w\u00a0adapter click:\u00a0aluminiowymi\u00a0lub\u00a0drewnianymi.<\/p>\n","protected":false},"excerpt":{"rendered":"<p>Szczotka ulic\u00f3wka z uchwytem CLICK 50cm VR-5218 Charakterystyka produktu: \u2013 wykorzystywana do wszelkich prac porz\u0105dkowych na du\u017cych powierzchniach (ulice, podjazdy, chodniki, hale magazynowe). \u2013 w\u0142osie wykonane z PVC, d\u0142ugie na 75mm. \u2013 drewniana oprawa. \u2013\u00a0system monta\u017cu CLICK\u00a0u\u0142atwiaj\u0105cy po\u0142\u0105czenie z trzonkami wyposa\u017conymi w\u00a0adapter click:\u00a0aluminiowymi\u00a0lub\u00a0drewnianymi.<\/p>\n","protected":false},"featured_media":3107,"comment_status":"open","ping_status":"closed","template":"","meta":{"site-sidebar-layout":"default","site-content-layout":"default","ast-global-header-display":"","ast-main-header-display":"","ast-hfb-above-header-display":"","ast-hfb-below-header-display":"","ast-hfb-mobile-header-display":"","site-post-title":"","ast-breadcrumbs-content":"","ast-featured-img":"","footer-sml-layout":"","theme-transparent-header-meta":"default","adv-header-id-meta":"","stick-header-meta":"","header-above-stick-meta":"","header-main-stick-meta":"","header-below-stick-meta":"","spay_email":""},"product_cat":[49],"product_tag":[],"class_list":["post-3171","product","type-product","status-publish","has-post-thumbnail","hentry","product_cat-szczotki"],"yoast_head":"<!-- This site is optimized with the Yoast SEO plugin v19.2 - https:\/\/yoast.com\/wordpress\/plugins\/seo\/ -->\n<title>Szczotka ulic\u00f3wka z uchwytem CLICK 50cm - Ogr&oacute;d Olszanica<\/title>\n<meta name=\"robots\" content=\"index, follow, max-snippet:-1, max-image-preview:large, max-video-preview:-1\" \/>\n<link rel=\"canonical\" href=\"https:\/\/www.ogrodolszanica.pl\/index.php\/produkt\/szczotka-ulicowka-z-uchwytem-click-50cm\/\" \/>\n<meta property=\"og:locale\" content=\"pl_PL\" \/>\n<meta property=\"og:type\" content=\"article\" \/>\n<meta property=\"og:title\" content=\"Szczotka ulic\u00f3wka z uchwytem CLICK 50cm - Ogr&oacute;d Olszanica\" \/>\n<meta property=\"og:description\" content=\"Szczotka ulic\u00f3wka z uchwytem CLICK 50cm VR-5218 Charakterystyka produktu: \u2013 wykorzystywana do wszelkich prac porz\u0105dkowych na du\u017cych powierzchniach (ulice, podjazdy, chodniki, hale magazynowe). \u2013 w\u0142osie wykonane z PVC, d\u0142ugie na 75mm. \u2013 drewniana oprawa. \u2013\u00a0system monta\u017cu CLICK\u00a0u\u0142atwiaj\u0105cy po\u0142\u0105czenie z trzonkami wyposa\u017conymi w\u00a0adapter click:\u00a0aluminiowymi\u00a0lub\u00a0drewnianymi.\" \/>\n<meta property=\"og:url\" content=\"https:\/\/www.ogrodolszanica.pl\/index.php\/produkt\/szczotka-ulicowka-z-uchwytem-click-50cm\/\" \/>\n<meta property=\"og:site_name\" content=\"Ogr&oacute;d Olszanica\" \/>\n<meta property=\"article:publisher\" content=\"https:\/\/www.facebook.com\/Ogrd-Olszanica-100807179225223\" \/>\n<meta property=\"article:modified_time\" content=\"2026-02-23T09:41:16+00:00\" \/>\n<meta property=\"og:image\" content=\"https:\/\/www.ogrodolszanica.pl\/wp-content\/uploads\/2026\/02\/szczotka-ulicowka-PCV-click-50cm-VR-5218-scaled.jpg\" \/>\n\t<meta property=\"og:image:width\" content=\"2560\" \/>\n\t<meta property=\"og:image:height\" content=\"1497\" \/>\n\t<meta property=\"og:image:type\" content=\"image\/jpeg\" \/>\n<meta name=\"author\" content=\"admin\" \/>\n<meta name=\"twitter:card\" content=\"summary_large_image\" \/>\n<script type=\"application\/ld+json\" class=\"yoast-schema-graph\">{\"@context\":\"https:\/\/schema.org\",\"@graph\":[{\"@type\":\"Organization\",\"@id\":\"https:\/\/www.ogrodolszanica.pl\/#organization\",\"name\":\"Ogr\u00f3d Olszanica - Krakowskie Centrum Ogrodnicze\",\"url\":\"https:\/\/www.ogrodolszanica.pl\/\",\"sameAs\":[\"https:\/\/www.facebook.com\/Ogrd-Olszanica-100807179225223\"],\"logo\":{\"@type\":\"ImageObject\",\"inLanguage\":\"pl-PL\",\"@id\":\"https:\/\/www.ogrodolszanica.pl\/#\/schema\/logo\/image\/\",\"url\":\"http:\/\/www.ogrodolszanica.pl\/wp-content\/uploads\/2022\/06\/Ogrod-Olszanica1-1.png\",\"contentUrl\":\"http:\/\/www.ogrodolszanica.pl\/wp-content\/uploads\/2022\/06\/Ogrod-Olszanica1-1.png\",\"width\":180,\"height\":60,\"caption\":\"Ogr\u00f3d Olszanica - Krakowskie Centrum Ogrodnicze\"},\"image\":{\"@id\":\"https:\/\/www.ogrodolszanica.pl\/#\/schema\/logo\/image\/\"}},{\"@type\":\"WebSite\",\"@id\":\"https:\/\/www.ogrodolszanica.pl\/#website\",\"url\":\"https:\/\/www.ogrodolszanica.pl\/\",\"name\":\"Ogr&oacute;d Olszanica\",\"description\":\"Centrum Ogrodnicze Krak&oacute;w\",\"publisher\":{\"@id\":\"https:\/\/www.ogrodolszanica.pl\/#organization\"},\"potentialAction\":[{\"@type\":\"SearchAction\",\"target\":{\"@type\":\"EntryPoint\",\"urlTemplate\":\"https:\/\/www.ogrodolszanica.pl\/?s={search_term_string}\"},\"query-input\":\"required name=search_term_string\"}],\"inLanguage\":\"pl-PL\"},{\"@type\":\"ImageObject\",\"inLanguage\":\"pl-PL\",\"@id\":\"https:\/\/www.ogrodolszanica.pl\/index.php\/produkt\/szczotka-ulicowka-z-uchwytem-click-50cm\/#primaryimage\",\"url\":\"https:\/\/i0.wp.com\/www.ogrodolszanica.pl\/wp-content\/uploads\/2026\/02\/szczotka-ulicowka-PCV-click-50cm-VR-5218-scaled.jpg?fit=2560%2C1497&ssl=1\",\"contentUrl\":\"https:\/\/i0.wp.com\/www.ogrodolszanica.pl\/wp-content\/uploads\/2026\/02\/szczotka-ulicowka-PCV-click-50cm-VR-5218-scaled.jpg?fit=2560%2C1497&ssl=1\",\"width\":2560,\"height\":1497},{\"@type\":\"WebPage\",\"@id\":\"https:\/\/www.ogrodolszanica.pl\/index.php\/produkt\/szczotka-ulicowka-z-uchwytem-click-50cm\/#webpage\",\"url\":\"https:\/\/www.ogrodolszanica.pl\/index.php\/produkt\/szczotka-ulicowka-z-uchwytem-click-50cm\/\",\"name\":\"Szczotka ulic\u00f3wka z uchwytem CLICK 50cm - Ogr&oacute;d Olszanica\",\"isPartOf\":{\"@id\":\"https:\/\/www.ogrodolszanica.pl\/#website\"},\"primaryImageOfPage\":{\"@id\":\"https:\/\/www.ogrodolszanica.pl\/index.php\/produkt\/szczotka-ulicowka-z-uchwytem-click-50cm\/#primaryimage\"},\"datePublished\":\"2026-02-23T09:41:15+00:00\",\"dateModified\":\"2026-02-23T09:41:16+00:00\",\"breadcrumb\":{\"@id\":\"https:\/\/www.ogrodolszanica.pl\/index.php\/produkt\/szczotka-ulicowka-z-uchwytem-click-50cm\/#breadcrumb\"},\"inLanguage\":\"pl-PL\",\"potentialAction\":[{\"@type\":\"ReadAction\",\"target\":[\"https:\/\/www.ogrodolszanica.pl\/index.php\/produkt\/szczotka-ulicowka-z-uchwytem-click-50cm\/\"]}]},{\"@type\":\"BreadcrumbList\",\"@id\":\"https:\/\/www.ogrodolszanica.pl\/index.php\/produkt\/szczotka-ulicowka-z-uchwytem-click-50cm\/#breadcrumb\",\"itemListElement\":[{\"@type\":\"ListItem\",\"position\":1,\"name\":\"Strona g\u0142\u00f3wna\",\"item\":\"https:\/\/www.ogrodolszanica.pl\/\"},{\"@type\":\"ListItem\",\"position\":2,\"name\":\"Produkty\",\"item\":\"https:\/\/www.ogrodolszanica.pl\/index.php\/shop\/\"},{\"@type\":\"ListItem\",\"position\":3,\"name\":\"Szczotka ulic\u00f3wka z uchwytem CLICK 50cm\"}]}]}<\/script>\n<!-- \/ Yoast SEO plugin. -->","yoast_head_json":{"title":"Szczotka ulic\u00f3wka z uchwytem CLICK 50cm - Ogr&oacute;d Olszanica","robots":{"index":"index","follow":"follow","max-snippet":"max-snippet:-1","max-image-preview":"max-image-preview:large","max-video-preview":"max-video-preview:-1"},"canonical":"https:\/\/www.ogrodolszanica.pl\/index.php\/produkt\/szczotka-ulicowka-z-uchwytem-click-50cm\/","og_locale":"pl_PL","og_type":"article","og_title":"Szczotka ulic\u00f3wka z uchwytem CLICK 50cm - Ogr&oacute;d Olszanica","og_description":"Szczotka ulic\u00f3wka z uchwytem CLICK 50cm VR-5218 Charakterystyka produktu: \u2013 wykorzystywana do wszelkich prac porz\u0105dkowych na du\u017cych powierzchniach (ulice, podjazdy, chodniki, hale magazynowe). \u2013 w\u0142osie wykonane z PVC, d\u0142ugie na 75mm. \u2013 drewniana oprawa. \u2013\u00a0system monta\u017cu CLICK\u00a0u\u0142atwiaj\u0105cy po\u0142\u0105czenie z trzonkami wyposa\u017conymi w\u00a0adapter click:\u00a0aluminiowymi\u00a0lub\u00a0drewnianymi.","og_url":"https:\/\/www.ogrodolszanica.pl\/index.php\/produkt\/szczotka-ulicowka-z-uchwytem-click-50cm\/","og_site_name":"Ogr&oacute;d Olszanica","article_publisher":"https:\/\/www.facebook.com\/Ogrd-Olszanica-100807179225223","article_modified_time":"2026-02-23T09:41:16+00:00","og_image":[{"width":2560,"height":1497,"url":"https:\/\/www.ogrodolszanica.pl\/wp-content\/uploads\/2026\/02\/szczotka-ulicowka-PCV-click-50cm-VR-5218-scaled.jpg","type":"image\/jpeg"}],"author":"admin","twitter_card":"summary_large_image","schema":{"@context":"https:\/\/schema.org","@graph":[{"@type":"Organization","@id":"https:\/\/www.ogrodolszanica.pl\/#organization","name":"Ogr\u00f3d Olszanica - Krakowskie Centrum Ogrodnicze","url":"https:\/\/www.ogrodolszanica.pl\/","sameAs":["https:\/\/www.facebook.com\/Ogrd-Olszanica-100807179225223"],"logo":{"@type":"ImageObject","inLanguage":"pl-PL","@id":"https:\/\/www.ogrodolszanica.pl\/#\/schema\/logo\/image\/","url":"http:\/\/www.ogrodolszanica.pl\/wp-content\/uploads\/2022\/06\/Ogrod-Olszanica1-1.png","contentUrl":"http:\/\/www.ogrodolszanica.pl\/wp-content\/uploads\/2022\/06\/Ogrod-Olszanica1-1.png","width":180,"height":60,"caption":"Ogr\u00f3d Olszanica - Krakowskie Centrum Ogrodnicze"},"image":{"@id":"https:\/\/www.ogrodolszanica.pl\/#\/schema\/logo\/image\/"}},{"@type":"WebSite","@id":"https:\/\/www.ogrodolszanica.pl\/#website","url":"https:\/\/www.ogrodolszanica.pl\/","name":"Ogr&oacute;d Olszanica","description":"Centrum Ogrodnicze Krak&oacute;w","publisher":{"@id":"https:\/\/www.ogrodolszanica.pl\/#organization"},"potentialAction":[{"@type":"SearchAction","target":{"@type":"EntryPoint","urlTemplate":"https:\/\/www.ogrodolszanica.pl\/?s={search_term_string}"},"query-input":"required name=search_term_string"}],"inLanguage":"pl-PL"},{"@type":"ImageObject","inLanguage":"pl-PL","@id":"https:\/\/www.ogrodolszanica.pl\/index.php\/produkt\/szczotka-ulicowka-z-uchwytem-click-50cm\/#primaryimage","url":"https:\/\/i0.wp.com\/www.ogrodolszanica.pl\/wp-content\/uploads\/2026\/02\/szczotka-ulicowka-PCV-click-50cm-VR-5218-scaled.jpg?fit=2560%2C1497&ssl=1","contentUrl":"https:\/\/i0.wp.com\/www.ogrodolszanica.pl\/wp-content\/uploads\/2026\/02\/szczotka-ulicowka-PCV-click-50cm-VR-5218-scaled.jpg?fit=2560%2C1497&ssl=1","width":2560,"height":1497},{"@type":"WebPage","@id":"https:\/\/www.ogrodolszanica.pl\/index.php\/produkt\/szczotka-ulicowka-z-uchwytem-click-50cm\/#webpage","url":"https:\/\/www.ogrodolszanica.pl\/index.php\/produkt\/szczotka-ulicowka-z-uchwytem-click-50cm\/","name":"Szczotka ulic\u00f3wka z uchwytem CLICK 50cm - Ogr&oacute;d Olszanica","isPartOf":{"@id":"https:\/\/www.ogrodolszanica.pl\/#website"},"primaryImageOfPage":{"@id":"https:\/\/www.ogrodolszanica.pl\/index.php\/produkt\/szczotka-ulicowka-z-uchwytem-click-50cm\/#primaryimage"},"datePublished":"2026-02-23T09:41:15+00:00","dateModified":"2026-02-23T09:41:16+00:00","breadcrumb":{"@id":"https:\/\/www.ogrodolszanica.pl\/index.php\/produkt\/szczotka-ulicowka-z-uchwytem-click-50cm\/#breadcrumb"},"inLanguage":"pl-PL","potentialAction":[{"@type":"ReadAction","target":["https:\/\/www.ogrodolszanica.pl\/index.php\/produkt\/szczotka-ulicowka-z-uchwytem-click-50cm\/"]}]},{"@type":"BreadcrumbList","@id":"https:\/\/www.ogrodolszanica.pl\/index.php\/produkt\/szczotka-ulicowka-z-uchwytem-click-50cm\/#breadcrumb","itemListElement":[{"@type":"ListItem","position":1,"name":"Strona g\u0142\u00f3wna","item":"https:\/\/www.ogrodolszanica.pl\/"},{"@type":"ListItem","position":2,"name":"Produkty","item":"https:\/\/www.ogrodolszanica.pl\/index.php\/shop\/"},{"@type":"ListItem","position":3,"name":"Szczotka ulic\u00f3wka z uchwytem CLICK 50cm"}]}]}},"jetpack-related-posts":[{"id":3156,"url":"https:\/\/www.ogrodolszanica.pl\/index.php\/produkt\/szczotka-ulicowka-z-uchwytem-click-40cm\/","url_meta":{"origin":3171,"position":0},"title":"Szczotka ulic\u00f3wka z uchwytem CLICK 40cm","date":"22 lutego, 2026","format":false,"excerpt":"\u00a0 Szczotka ulic\u00f3wka z uchwytem CLICK 40cm VR-5217 Charakterystyka produktu: \u2013 wykorzystywana do wszelkich prac porz\u0105dkowych na du\u017cych powierzchniach (ulice, podjazdy, chodniki, hale magazynowe). \u2013 w\u0142osie wykonane z PVC, d\u0142ugie na 75mm. \u2013 drewniana oprawa. \u2013\u00a0system monta\u017cu CLICK\u00a0u\u0142atwiaj\u0105cy po\u0142\u0105czenie z trzonkami wyposa\u017conymi w\u00a0adapter click:\u00a0aluminiowymi\u00a0lub\u00a0drewnianymi.","rel":"","context":"Similar post","img":{"alt_text":"","src":"https:\/\/i0.wp.com\/www.ogrodolszanica.pl\/wp-content\/uploads\/2026\/02\/szczotka-ulicowka-PCV-z-uchwytem-clik-40cm-VR-5217-scaled.jpg?fit=1200%2C740&ssl=1&resize=350%2C200","width":350,"height":200},"classes":[]},{"id":3172,"url":"https:\/\/www.ogrodolszanica.pl\/index.php\/produkt\/szczotka-ulicowka-z-uchwytem-click-60cm\/","url_meta":{"origin":3171,"position":1},"title":"Szczotka ulic\u00f3wka z uchwytem CLICK 60cm","date":"23 lutego, 2026","format":false,"excerpt":"Szczotka ulic\u00f3wka z uchwytem CLICK 60cm VR-5219 Charakterystyka produktu: \u2013 wykorzystywana do wszelkich prac porz\u0105dkowych na du\u017cych powierzchniach (ulice, podjazdy, chodniki, hale magazynowe). \u2013 w\u0142osie wykonane z PVC, d\u0142ugie na 75mm. \u2013 drewniana oprawa. \u2013\u00a0system monta\u017cu CLICK\u00a0u\u0142atwiaj\u0105cy po\u0142\u0105czenie z trzonkami wyposa\u017conymi w\u00a0adapter click:\u00a0aluminiowymi\u00a0lub\u00a0drewnianymi.","rel":"","context":"Similar post","img":{"alt_text":"","src":"https:\/\/i0.wp.com\/www.ogrodolszanica.pl\/wp-content\/uploads\/2026\/02\/szczotka-ulicowka-PCV-z-uchwytem-click-60cm-VR-5219-scaled.jpg?fit=1200%2C620&ssl=1&resize=350%2C200","width":350,"height":200},"classes":[]},{"id":3173,"url":"https:\/\/www.ogrodolszanica.pl\/index.php\/produkt\/szczotka-reczna-do-szorowania-nylon-22cm\/","url_meta":{"origin":3171,"position":2},"title":"Szczotka r\u0119czna do szorowania nylon 22cm","date":"23 lutego, 2026","format":false,"excerpt":"Szczotka r\u0119czna do szorowania nylon 22cm VR-5230 Charakterystyka produktu: \u2013 posiada w\u0142osie wykonane z nylonowego w\u0142\u00f3kna \u2013 drewniana oprawa","rel":"","context":"Similar post","img":{"alt_text":"","src":"https:\/\/i0.wp.com\/www.ogrodolszanica.pl\/wp-content\/uploads\/2026\/02\/szczotka-reczna-do-szorowania-nylonowa-VR-5230-v2-scaled.jpg?fit=1200%2C616&ssl=1&resize=350%2C200","width":350,"height":200},"classes":[]},{"id":1749,"url":"https:\/\/www.ogrodolszanica.pl\/index.php\/produkt\/jezowka-raspberry-truffle\/","url_meta":{"origin":3171,"position":3},"title":"Je\u017c\u00f3wka Raspberry Truffle","date":"18 lipca, 2022","format":false,"excerpt":"Je\u017c\u00f3wka Raspberry Truffle Echinacea Raspberry Truffle' to kolejna przepi\u0119kna propozycja z niebywale malowniczej kolekcji CONE-FECTIONS. Ta niesamowita seria skupia je\u017c\u00f3wki o efektownych, pe\u0142nych kwiatach w hipnotyzuj\u0105cych, \u017cywio\u0142owych kolorach, a ciekawostk\u0105 jest fakt, i\u017c nazwy wszystkich odmian brzmi\u0105 niczym apetyczny, owocowy deser! Ro\u015blina tworzy g\u0119ste, zwarte, wzniesione k\u0119py, kt\u00f3re docelowo osi\u0105gaj\u0105\u2026","rel":"","context":"Similar post","img":{"alt_text":"","src":"https:\/\/i0.wp.com\/www.ogrodolszanica.pl\/wp-content\/uploads\/2022\/07\/image1598-scaled.jpg?fit=904%2C1200&ssl=1&resize=350%2C200","width":350,"height":200},"classes":[]},{"id":2946,"url":"https:\/\/www.ogrodolszanica.pl\/index.php\/produkt\/zurawka-beauty-colour\/","url_meta":{"origin":3171,"position":4},"title":"\u017burawka Beauty Colour","date":"30 wrze\u015bnia, 2024","format":false,"excerpt":"\u017burawka Heuchera Beauty Colour K\u0119piasta bylina o ozdobnych, wielobarwnych li\u015bciach. Ro\u015bnie szybko, osi\u0105ga 35-50 cm wysoko\u015bci. Li\u015bcie p\u00f3\u0142zimozielone, w kszta\u0142cie sercowate, lekko powcinane, do\u015b\u0107 du\u017ce, od spodu bordowe, od g\u00f3ry wielokolorowe: na brzegach jasnozielone i pofalowane, na \u015brodku srebrzyste, z wyra\u017anym, ciemnobordowym unerwieniem. M\u0142ode li\u015bcie s\u0105 ja\u015bniejsze, starsze ciemniejsze, ich\u2026","rel":"","context":"Similar post","img":{"alt_text":"","src":"https:\/\/i0.wp.com\/www.ogrodolszanica.pl\/wp-content\/uploads\/2024\/09\/Zurawka-Heuchera-Beauty-Colour-v1x-scaled.jpg?fit=903%2C1200&ssl=1&resize=350%2C200","width":350,"height":200},"classes":[]},{"id":3886,"url":"https:\/\/www.ogrodolszanica.pl\/index.php\/produkt\/szalwia-salute-light-pink\/","url_meta":{"origin":3171,"position":5},"title":"Sza\u0142wia Salute Light Pink","date":"2 marca, 2026","format":false,"excerpt":"Sza\u0142wia omszona Salute Light Pink Salvia nemorosa Sza\u0142wia 'Light Pink' nale\u017cy do serii 'Salute', kt\u00f3ra skupia odmiany o zwartym, kompaktowym pokroju oraz wczesnym, obfitym kwitnieniu. Bylina tworzy bujne, dobrze rozkrzewione k\u0119py, kt\u00f3re osi\u0105gaj\u0105 oko\u0142o 25-30 cm wysoko\u015bci. Wzniesione, sztywne, omszone p\u0119dy ozdobione s\u0105 aromatycznymi, pomarszczonymi, zielonymi li\u015b\u0107mi. Od maja do\u2026","rel":"","context":"Similar post","img":{"alt_text":"","src":"https:\/\/i0.wp.com\/www.ogrodolszanica.pl\/wp-content\/uploads\/2026\/03\/Szalwia-Salute-Light-Pink-v2-scaled.jpg?fit=904%2C1200&ssl=1&resize=350%2C200","width":350,"height":200},"classes":[]}],"_links":{"self":[{"href":"https:\/\/www.ogrodolszanica.pl\/index.php\/wp-json\/wp\/v2\/product\/3171","targetHints":{"allow":["GET"]}}],"collection":[{"href":"https:\/\/www.ogrodolszanica.pl\/index.php\/wp-json\/wp\/v2\/product"}],"about":[{"href":"https:\/\/www.ogrodolszanica.pl\/index.php\/wp-json\/wp\/v2\/types\/product"}],"replies":[{"embeddable":true,"href":"https:\/\/www.ogrodolszanica.pl\/index.php\/wp-json\/wp\/v2\/comments?post=3171"}],"wp:featuredmedia":[{"embeddable":true,"href":"https:\/\/www.ogrodolszanica.pl\/index.php\/wp-json\/wp\/v2\/media\/3107"}],"wp:attachment":[{"href":"https:\/\/www.ogrodolszanica.pl\/index.php\/wp-json\/wp\/v2\/media?parent=3171"}],"wp:term":[{"taxonomy":"product_cat","embeddable":true,"href":"https:\/\/www.ogrodolszanica.pl\/index.php\/wp-json\/wp\/v2\/product_cat?post=3171"},{"taxonomy":"product_tag","embeddable":true,"href":"https:\/\/www.ogrodolszanica.pl\/index.php\/wp-json\/wp\/v2\/product_tag?post=3171"}],"curies":[{"name":"wp","href":"https:\/\/api.w.org\/{rel}","templated":true}]}}