{"id":3156,"date":"2026-02-22T17:42:13","date_gmt":"2026-02-22T17:42:13","guid":{"rendered":"https:\/\/www.ogrodolszanica.pl\/?post_type=product&#038;p=3156"},"modified":"2026-02-23T09:37:04","modified_gmt":"2026-02-23T09:37:04","slug":"szczotka-ulicowka-z-uchwytem-click-40cm","status":"publish","type":"product","link":"https:\/\/www.ogrodolszanica.pl\/index.php\/produkt\/szczotka-ulicowka-z-uchwytem-click-40cm\/","title":{"rendered":"Szczotka ulic\u00f3wka z uchwytem CLICK 40cm"},"content":{"rendered":"<p>&nbsp;<\/p>\n<h1 style=\"text-align: center;\">Szczotka ulic\u00f3wka z uchwytem CLICK 40cm<\/h1>\n<h2 style=\"text-align: center;\">VR-5217<\/h2>\n<p style=\"text-align: center;\">Charakterystyka produktu:<\/p>\n<p style=\"text-align: center;\">\u2013 wykorzystywana do wszelkich prac porz\u0105dkowych na du\u017cych powierzchniach (ulice, podjazdy, chodniki, hale magazynowe).<\/p>\n<p style=\"text-align: center;\">\u2013 w\u0142osie wykonane z PVC, d\u0142ugie na 75mm.<\/p>\n<p style=\"text-align: center;\">\u2013 drewniana oprawa.<\/p>\n<p style=\"text-align: center;\">\u2013\u00a0system monta\u017cu CLICK\u00a0u\u0142atwiaj\u0105cy po\u0142\u0105czenie z trzonkami wyposa\u017conymi w\u00a0adapter click:\u00a0aluminiowymi\u00a0lub\u00a0drewnianymi.<\/p>\n","protected":false},"excerpt":{"rendered":"<p>&nbsp; Szczotka ulic\u00f3wka z uchwytem CLICK 40cm VR-5217 Charakterystyka produktu: \u2013 wykorzystywana do wszelkich prac porz\u0105dkowych na du\u017cych powierzchniach (ulice, podjazdy, chodniki, hale magazynowe). \u2013 w\u0142osie wykonane z PVC, d\u0142ugie na 75mm. \u2013 drewniana oprawa. \u2013\u00a0system monta\u017cu CLICK\u00a0u\u0142atwiaj\u0105cy po\u0142\u0105czenie z trzonkami wyposa\u017conymi w\u00a0adapter click:\u00a0aluminiowymi\u00a0lub\u00a0drewnianymi.<\/p>\n","protected":false},"featured_media":3113,"comment_status":"open","ping_status":"closed","template":"","meta":{"site-sidebar-layout":"default","site-content-layout":"default","ast-global-header-display":"","ast-main-header-display":"","ast-hfb-above-header-display":"","ast-hfb-below-header-display":"","ast-hfb-mobile-header-display":"","site-post-title":"","ast-breadcrumbs-content":"","ast-featured-img":"","footer-sml-layout":"","theme-transparent-header-meta":"default","adv-header-id-meta":"","stick-header-meta":"","header-above-stick-meta":"","header-main-stick-meta":"","header-below-stick-meta":"","spay_email":""},"product_cat":[49],"product_tag":[],"class_list":["post-3156","product","type-product","status-publish","has-post-thumbnail","hentry","product_cat-szczotki"],"yoast_head":"<!-- This site is optimized with the Yoast SEO plugin v19.2 - https:\/\/yoast.com\/wordpress\/plugins\/seo\/ -->\n<title>Szczotka ulic\u00f3wka z uchwytem CLICK 40cm - Ogr&oacute;d Olszanica<\/title>\n<meta name=\"robots\" content=\"index, follow, max-snippet:-1, max-image-preview:large, max-video-preview:-1\" \/>\n<link rel=\"canonical\" href=\"https:\/\/www.ogrodolszanica.pl\/index.php\/produkt\/szczotka-ulicowka-z-uchwytem-click-40cm\/\" \/>\n<meta property=\"og:locale\" content=\"pl_PL\" \/>\n<meta property=\"og:type\" content=\"article\" \/>\n<meta property=\"og:title\" content=\"Szczotka ulic\u00f3wka z uchwytem CLICK 40cm - Ogr&oacute;d Olszanica\" \/>\n<meta property=\"og:description\" content=\"&nbsp; Szczotka ulic\u00f3wka z uchwytem CLICK 40cm VR-5217 Charakterystyka produktu: \u2013 wykorzystywana do wszelkich prac porz\u0105dkowych na du\u017cych powierzchniach (ulice, podjazdy, chodniki, hale magazynowe). \u2013 w\u0142osie wykonane z PVC, d\u0142ugie na 75mm. \u2013 drewniana oprawa. \u2013\u00a0system monta\u017cu CLICK\u00a0u\u0142atwiaj\u0105cy po\u0142\u0105czenie z trzonkami wyposa\u017conymi w\u00a0adapter click:\u00a0aluminiowymi\u00a0lub\u00a0drewnianymi.\" \/>\n<meta property=\"og:url\" content=\"https:\/\/www.ogrodolszanica.pl\/index.php\/produkt\/szczotka-ulicowka-z-uchwytem-click-40cm\/\" \/>\n<meta property=\"og:site_name\" content=\"Ogr&oacute;d Olszanica\" \/>\n<meta property=\"article:publisher\" content=\"https:\/\/www.facebook.com\/Ogrd-Olszanica-100807179225223\" \/>\n<meta property=\"article:modified_time\" content=\"2026-02-23T09:37:04+00:00\" \/>\n<meta property=\"og:image\" content=\"https:\/\/www.ogrodolszanica.pl\/wp-content\/uploads\/2026\/02\/szczotka-ulicowka-PCV-z-uchwytem-clik-40cm-VR-5217-scaled.jpg\" \/>\n\t<meta property=\"og:image:width\" content=\"2560\" \/>\n\t<meta property=\"og:image:height\" content=\"1578\" \/>\n\t<meta property=\"og:image:type\" content=\"image\/jpeg\" \/>\n<meta name=\"author\" content=\"admin\" \/>\n<meta name=\"twitter:card\" content=\"summary_large_image\" \/>\n<script type=\"application\/ld+json\" class=\"yoast-schema-graph\">{\"@context\":\"https:\/\/schema.org\",\"@graph\":[{\"@type\":\"Organization\",\"@id\":\"https:\/\/www.ogrodolszanica.pl\/#organization\",\"name\":\"Ogr\u00f3d Olszanica - Krakowskie Centrum Ogrodnicze\",\"url\":\"https:\/\/www.ogrodolszanica.pl\/\",\"sameAs\":[\"https:\/\/www.facebook.com\/Ogrd-Olszanica-100807179225223\"],\"logo\":{\"@type\":\"ImageObject\",\"inLanguage\":\"pl-PL\",\"@id\":\"https:\/\/www.ogrodolszanica.pl\/#\/schema\/logo\/image\/\",\"url\":\"http:\/\/www.ogrodolszanica.pl\/wp-content\/uploads\/2022\/06\/Ogrod-Olszanica1-1.png\",\"contentUrl\":\"http:\/\/www.ogrodolszanica.pl\/wp-content\/uploads\/2022\/06\/Ogrod-Olszanica1-1.png\",\"width\":180,\"height\":60,\"caption\":\"Ogr\u00f3d Olszanica - Krakowskie Centrum Ogrodnicze\"},\"image\":{\"@id\":\"https:\/\/www.ogrodolszanica.pl\/#\/schema\/logo\/image\/\"}},{\"@type\":\"WebSite\",\"@id\":\"https:\/\/www.ogrodolszanica.pl\/#website\",\"url\":\"https:\/\/www.ogrodolszanica.pl\/\",\"name\":\"Ogr&oacute;d Olszanica\",\"description\":\"Centrum Ogrodnicze Krak&oacute;w\",\"publisher\":{\"@id\":\"https:\/\/www.ogrodolszanica.pl\/#organization\"},\"potentialAction\":[{\"@type\":\"SearchAction\",\"target\":{\"@type\":\"EntryPoint\",\"urlTemplate\":\"https:\/\/www.ogrodolszanica.pl\/?s={search_term_string}\"},\"query-input\":\"required name=search_term_string\"}],\"inLanguage\":\"pl-PL\"},{\"@type\":\"ImageObject\",\"inLanguage\":\"pl-PL\",\"@id\":\"https:\/\/www.ogrodolszanica.pl\/index.php\/produkt\/szczotka-ulicowka-z-uchwytem-click-40cm\/#primaryimage\",\"url\":\"https:\/\/i0.wp.com\/www.ogrodolszanica.pl\/wp-content\/uploads\/2026\/02\/szczotka-ulicowka-PCV-z-uchwytem-clik-40cm-VR-5217-scaled.jpg?fit=2560%2C1578&ssl=1\",\"contentUrl\":\"https:\/\/i0.wp.com\/www.ogrodolszanica.pl\/wp-content\/uploads\/2026\/02\/szczotka-ulicowka-PCV-z-uchwytem-clik-40cm-VR-5217-scaled.jpg?fit=2560%2C1578&ssl=1\",\"width\":2560,\"height\":1578},{\"@type\":\"WebPage\",\"@id\":\"https:\/\/www.ogrodolszanica.pl\/index.php\/produkt\/szczotka-ulicowka-z-uchwytem-click-40cm\/#webpage\",\"url\":\"https:\/\/www.ogrodolszanica.pl\/index.php\/produkt\/szczotka-ulicowka-z-uchwytem-click-40cm\/\",\"name\":\"Szczotka ulic\u00f3wka z uchwytem CLICK 40cm - Ogr&oacute;d Olszanica\",\"isPartOf\":{\"@id\":\"https:\/\/www.ogrodolszanica.pl\/#website\"},\"primaryImageOfPage\":{\"@id\":\"https:\/\/www.ogrodolszanica.pl\/index.php\/produkt\/szczotka-ulicowka-z-uchwytem-click-40cm\/#primaryimage\"},\"datePublished\":\"2026-02-22T17:42:13+00:00\",\"dateModified\":\"2026-02-23T09:37:04+00:00\",\"breadcrumb\":{\"@id\":\"https:\/\/www.ogrodolszanica.pl\/index.php\/produkt\/szczotka-ulicowka-z-uchwytem-click-40cm\/#breadcrumb\"},\"inLanguage\":\"pl-PL\",\"potentialAction\":[{\"@type\":\"ReadAction\",\"target\":[\"https:\/\/www.ogrodolszanica.pl\/index.php\/produkt\/szczotka-ulicowka-z-uchwytem-click-40cm\/\"]}]},{\"@type\":\"BreadcrumbList\",\"@id\":\"https:\/\/www.ogrodolszanica.pl\/index.php\/produkt\/szczotka-ulicowka-z-uchwytem-click-40cm\/#breadcrumb\",\"itemListElement\":[{\"@type\":\"ListItem\",\"position\":1,\"name\":\"Strona g\u0142\u00f3wna\",\"item\":\"https:\/\/www.ogrodolszanica.pl\/\"},{\"@type\":\"ListItem\",\"position\":2,\"name\":\"Produkty\",\"item\":\"https:\/\/www.ogrodolszanica.pl\/index.php\/shop\/\"},{\"@type\":\"ListItem\",\"position\":3,\"name\":\"Szczotka ulic\u00f3wka z uchwytem CLICK 40cm\"}]}]}<\/script>\n<!-- \/ Yoast SEO plugin. -->","yoast_head_json":{"title":"Szczotka ulic\u00f3wka z uchwytem CLICK 40cm - Ogr&oacute;d Olszanica","robots":{"index":"index","follow":"follow","max-snippet":"max-snippet:-1","max-image-preview":"max-image-preview:large","max-video-preview":"max-video-preview:-1"},"canonical":"https:\/\/www.ogrodolszanica.pl\/index.php\/produkt\/szczotka-ulicowka-z-uchwytem-click-40cm\/","og_locale":"pl_PL","og_type":"article","og_title":"Szczotka ulic\u00f3wka z uchwytem CLICK 40cm - Ogr&oacute;d Olszanica","og_description":"&nbsp; Szczotka ulic\u00f3wka z uchwytem CLICK 40cm VR-5217 Charakterystyka produktu: \u2013 wykorzystywana do wszelkich prac porz\u0105dkowych na du\u017cych powierzchniach (ulice, podjazdy, chodniki, hale magazynowe). \u2013 w\u0142osie wykonane z PVC, d\u0142ugie na 75mm. \u2013 drewniana oprawa. \u2013\u00a0system monta\u017cu CLICK\u00a0u\u0142atwiaj\u0105cy po\u0142\u0105czenie z trzonkami wyposa\u017conymi w\u00a0adapter click:\u00a0aluminiowymi\u00a0lub\u00a0drewnianymi.","og_url":"https:\/\/www.ogrodolszanica.pl\/index.php\/produkt\/szczotka-ulicowka-z-uchwytem-click-40cm\/","og_site_name":"Ogr&oacute;d Olszanica","article_publisher":"https:\/\/www.facebook.com\/Ogrd-Olszanica-100807179225223","article_modified_time":"2026-02-23T09:37:04+00:00","og_image":[{"width":2560,"height":1578,"url":"https:\/\/www.ogrodolszanica.pl\/wp-content\/uploads\/2026\/02\/szczotka-ulicowka-PCV-z-uchwytem-clik-40cm-VR-5217-scaled.jpg","type":"image\/jpeg"}],"author":"admin","twitter_card":"summary_large_image","schema":{"@context":"https:\/\/schema.org","@graph":[{"@type":"Organization","@id":"https:\/\/www.ogrodolszanica.pl\/#organization","name":"Ogr\u00f3d Olszanica - Krakowskie Centrum Ogrodnicze","url":"https:\/\/www.ogrodolszanica.pl\/","sameAs":["https:\/\/www.facebook.com\/Ogrd-Olszanica-100807179225223"],"logo":{"@type":"ImageObject","inLanguage":"pl-PL","@id":"https:\/\/www.ogrodolszanica.pl\/#\/schema\/logo\/image\/","url":"http:\/\/www.ogrodolszanica.pl\/wp-content\/uploads\/2022\/06\/Ogrod-Olszanica1-1.png","contentUrl":"http:\/\/www.ogrodolszanica.pl\/wp-content\/uploads\/2022\/06\/Ogrod-Olszanica1-1.png","width":180,"height":60,"caption":"Ogr\u00f3d Olszanica - Krakowskie Centrum Ogrodnicze"},"image":{"@id":"https:\/\/www.ogrodolszanica.pl\/#\/schema\/logo\/image\/"}},{"@type":"WebSite","@id":"https:\/\/www.ogrodolszanica.pl\/#website","url":"https:\/\/www.ogrodolszanica.pl\/","name":"Ogr&oacute;d Olszanica","description":"Centrum Ogrodnicze Krak&oacute;w","publisher":{"@id":"https:\/\/www.ogrodolszanica.pl\/#organization"},"potentialAction":[{"@type":"SearchAction","target":{"@type":"EntryPoint","urlTemplate":"https:\/\/www.ogrodolszanica.pl\/?s={search_term_string}"},"query-input":"required name=search_term_string"}],"inLanguage":"pl-PL"},{"@type":"ImageObject","inLanguage":"pl-PL","@id":"https:\/\/www.ogrodolszanica.pl\/index.php\/produkt\/szczotka-ulicowka-z-uchwytem-click-40cm\/#primaryimage","url":"https:\/\/i0.wp.com\/www.ogrodolszanica.pl\/wp-content\/uploads\/2026\/02\/szczotka-ulicowka-PCV-z-uchwytem-clik-40cm-VR-5217-scaled.jpg?fit=2560%2C1578&ssl=1","contentUrl":"https:\/\/i0.wp.com\/www.ogrodolszanica.pl\/wp-content\/uploads\/2026\/02\/szczotka-ulicowka-PCV-z-uchwytem-clik-40cm-VR-5217-scaled.jpg?fit=2560%2C1578&ssl=1","width":2560,"height":1578},{"@type":"WebPage","@id":"https:\/\/www.ogrodolszanica.pl\/index.php\/produkt\/szczotka-ulicowka-z-uchwytem-click-40cm\/#webpage","url":"https:\/\/www.ogrodolszanica.pl\/index.php\/produkt\/szczotka-ulicowka-z-uchwytem-click-40cm\/","name":"Szczotka ulic\u00f3wka z uchwytem CLICK 40cm - Ogr&oacute;d Olszanica","isPartOf":{"@id":"https:\/\/www.ogrodolszanica.pl\/#website"},"primaryImageOfPage":{"@id":"https:\/\/www.ogrodolszanica.pl\/index.php\/produkt\/szczotka-ulicowka-z-uchwytem-click-40cm\/#primaryimage"},"datePublished":"2026-02-22T17:42:13+00:00","dateModified":"2026-02-23T09:37:04+00:00","breadcrumb":{"@id":"https:\/\/www.ogrodolszanica.pl\/index.php\/produkt\/szczotka-ulicowka-z-uchwytem-click-40cm\/#breadcrumb"},"inLanguage":"pl-PL","potentialAction":[{"@type":"ReadAction","target":["https:\/\/www.ogrodolszanica.pl\/index.php\/produkt\/szczotka-ulicowka-z-uchwytem-click-40cm\/"]}]},{"@type":"BreadcrumbList","@id":"https:\/\/www.ogrodolszanica.pl\/index.php\/produkt\/szczotka-ulicowka-z-uchwytem-click-40cm\/#breadcrumb","itemListElement":[{"@type":"ListItem","position":1,"name":"Strona g\u0142\u00f3wna","item":"https:\/\/www.ogrodolszanica.pl\/"},{"@type":"ListItem","position":2,"name":"Produkty","item":"https:\/\/www.ogrodolszanica.pl\/index.php\/shop\/"},{"@type":"ListItem","position":3,"name":"Szczotka ulic\u00f3wka z uchwytem CLICK 40cm"}]}]}},"jetpack-related-posts":[{"id":3172,"url":"https:\/\/www.ogrodolszanica.pl\/index.php\/produkt\/szczotka-ulicowka-z-uchwytem-click-60cm\/","url_meta":{"origin":3156,"position":0},"title":"Szczotka ulic\u00f3wka z uchwytem CLICK 60cm","date":"23 lutego, 2026","format":false,"excerpt":"Szczotka ulic\u00f3wka z uchwytem CLICK 60cm VR-5219 Charakterystyka produktu: \u2013 wykorzystywana do wszelkich prac porz\u0105dkowych na du\u017cych powierzchniach (ulice, podjazdy, chodniki, hale magazynowe). \u2013 w\u0142osie wykonane z PVC, d\u0142ugie na 75mm. \u2013 drewniana oprawa. \u2013\u00a0system monta\u017cu CLICK\u00a0u\u0142atwiaj\u0105cy po\u0142\u0105czenie z trzonkami wyposa\u017conymi w\u00a0adapter click:\u00a0aluminiowymi\u00a0lub\u00a0drewnianymi.","rel":"","context":"Similar post","img":{"alt_text":"","src":"https:\/\/i0.wp.com\/www.ogrodolszanica.pl\/wp-content\/uploads\/2026\/02\/szczotka-ulicowka-PCV-z-uchwytem-click-60cm-VR-5219-scaled.jpg?fit=1200%2C620&ssl=1&resize=350%2C200","width":350,"height":200},"classes":[]},{"id":3171,"url":"https:\/\/www.ogrodolszanica.pl\/index.php\/produkt\/szczotka-ulicowka-z-uchwytem-click-50cm\/","url_meta":{"origin":3156,"position":1},"title":"Szczotka ulic\u00f3wka z uchwytem CLICK 50cm","date":"23 lutego, 2026","format":false,"excerpt":"Szczotka ulic\u00f3wka z uchwytem CLICK 50cm VR-5218 Charakterystyka produktu: \u2013 wykorzystywana do wszelkich prac porz\u0105dkowych na du\u017cych powierzchniach (ulice, podjazdy, chodniki, hale magazynowe). \u2013 w\u0142osie wykonane z PVC, d\u0142ugie na 75mm. \u2013 drewniana oprawa. \u2013\u00a0system monta\u017cu CLICK\u00a0u\u0142atwiaj\u0105cy po\u0142\u0105czenie z trzonkami wyposa\u017conymi w\u00a0adapter click:\u00a0aluminiowymi\u00a0lub\u00a0drewnianymi.","rel":"","context":"Similar post","img":{"alt_text":"","src":"https:\/\/i0.wp.com\/www.ogrodolszanica.pl\/wp-content\/uploads\/2026\/02\/szczotka-ulicowka-PCV-click-50cm-VR-5218-scaled.jpg?fit=1200%2C702&ssl=1&resize=350%2C200","width":350,"height":200},"classes":[]},{"id":3173,"url":"https:\/\/www.ogrodolszanica.pl\/index.php\/produkt\/szczotka-reczna-do-szorowania-nylon-22cm\/","url_meta":{"origin":3156,"position":2},"title":"Szczotka r\u0119czna do szorowania nylon 22cm","date":"23 lutego, 2026","format":false,"excerpt":"Szczotka r\u0119czna do szorowania nylon 22cm VR-5230 Charakterystyka produktu: \u2013 posiada w\u0142osie wykonane z nylonowego w\u0142\u00f3kna \u2013 drewniana oprawa","rel":"","context":"Similar post","img":{"alt_text":"","src":"https:\/\/i0.wp.com\/www.ogrodolszanica.pl\/wp-content\/uploads\/2026\/02\/szczotka-reczna-do-szorowania-nylonowa-VR-5230-v2-scaled.jpg?fit=1200%2C616&ssl=1&resize=350%2C200","width":350,"height":200},"classes":[]},{"id":1645,"url":"https:\/\/www.ogrodolszanica.pl\/index.php\/produkt\/liliowiec-bakabana\/","url_meta":{"origin":3156,"position":3},"title":"Liliowiec Bakabana","date":"14 lipca, 2022","format":false,"excerpt":"Liliowiec Bakabana Uroczy, s\u0142oneczny liliowiec 'Bakabana\u2019 to egzotyczna bylina o d\u0142ugich zwartych li\u015bciach. Tworzy zwarte, malownicze k\u0119py. Jest odmian\u0105 kar\u0142ow\u0105, w rezultacie dorasta do 40cm wysoko\u015bci. Pi\u0119kne kwiaty w ciep\u0142ej \u017c\u00f3\u0142tej barwie pojawiaj\u0105 si\u0119 w lipcu i sierpniu. W ci\u0105gu jednego sezonu trzyletnia k\u0119pa wydaje ok. 500 niewielkich, ja\u015bniej\u0105cych kwiat\u00f3w,\u2026","rel":"","context":"Similar post","img":{"alt_text":"","src":"https:\/\/i0.wp.com\/www.ogrodolszanica.pl\/wp-content\/uploads\/2022\/07\/288515796_441105537913689_8420457306802247300_n.jpg?fit=900%2C1200&ssl=1&resize=350%2C200","width":350,"height":200},"classes":[]},{"id":4161,"url":"https:\/\/www.ogrodolszanica.pl\/index.php\/produkt\/pistolet-na-waz-8-funkcyjny-z-armatura-zestaw-4k\/","url_meta":{"origin":3156,"position":4},"title":"Pistolet na w\u0105\u017c 8-funkcyjny z armatur\u0105 &#8211; zestaw 4K","date":"8 marca, 2026","format":false,"excerpt":"\u2728 PISTOLET DO ZRASZANIA 8-FUNKCYJNY\u00a0+ SZYBKOZ\u0141\u0104CZKA + SZYBKOZ\u0141\u0104CZKA STOP + PRZY\u0141\u0104CZE Z REDUKCJ\u0104 marki Bradas \u2728 \u2705 8 R\u00d3\u017bNYCH TRYB\u00d3W ZRASZANIA \u2705 SZYBKOZ\u0141\u0104CZE STOP NA W\u0104\u017b 1\/2\" LUB 5\/8\" \u2705 SZYBKOZ\u0141\u0104CZE STANDARDOWE NA W\u0104\u017b 1\/2\" LUB 5\/8\" \u2705 PRZY\u0141\u0104CZE NA KRAN 3\/4\" Z REDUKCJ\u0104 1\/2\" \u2705 FUNKCJA PRACY CI\u0104G\u0141EJ \u2733\ufe0f\u2026","rel":"","context":"Similar post","img":{"alt_text":"","src":"https:\/\/i0.wp.com\/www.ogrodolszanica.pl\/wp-content\/uploads\/2026\/03\/BRADAS-Pistolet-na-waz-8-funkcyjny-z-armatura-zestaw-ECO-2068SET.jpg?fit=600%2C600&ssl=1&resize=350%2C200","width":350,"height":200},"classes":[]},{"id":3205,"url":"https:\/\/www.ogrodolszanica.pl\/index.php\/produkt\/szpadel-prosty-z-metalowym-trzonkiem-verkatto-lopata-do-ogrodu\/","url_meta":{"origin":3156,"position":5},"title":"Szpadel prosty z metalowym trzonkiem Verkatto \u0142opata do ogrodu","date":"23 lutego, 2026","format":false,"excerpt":"Szpadel prosty z metalowym trzonkiem Verkatto VR-7401 Charakterystyka produktu: \u2013\u00a0narz\u0119dzie w\u0142asnej produkcji! \u2013 s\u0142u\u017cy do kopania w ziemi lub innych materia\u0142ach sypkich \u2013 wykonany z wysokiej jako\u015bci stali hartowanej \u2013 solidny i trwa\u0142y spaw \u2013 antypo\u015blizgowy naci\u0105g na trzonku wykonany z PVC \u2013 ergonomiczny kszta\u0142t \u2013 wytrzyma\u0142a i odporna na\u2026","rel":"","context":"Similar post","img":{"alt_text":"","src":"https:\/\/i0.wp.com\/www.ogrodolszanica.pl\/wp-content\/uploads\/2026\/02\/szpadel-prosty-VR-7401-scaled.jpg?fit=942%2C1200&ssl=1&resize=350%2C200","width":350,"height":200},"classes":[]}],"_links":{"self":[{"href":"https:\/\/www.ogrodolszanica.pl\/index.php\/wp-json\/wp\/v2\/product\/3156","targetHints":{"allow":["GET"]}}],"collection":[{"href":"https:\/\/www.ogrodolszanica.pl\/index.php\/wp-json\/wp\/v2\/product"}],"about":[{"href":"https:\/\/www.ogrodolszanica.pl\/index.php\/wp-json\/wp\/v2\/types\/product"}],"replies":[{"embeddable":true,"href":"https:\/\/www.ogrodolszanica.pl\/index.php\/wp-json\/wp\/v2\/comments?post=3156"}],"wp:featuredmedia":[{"embeddable":true,"href":"https:\/\/www.ogrodolszanica.pl\/index.php\/wp-json\/wp\/v2\/media\/3113"}],"wp:attachment":[{"href":"https:\/\/www.ogrodolszanica.pl\/index.php\/wp-json\/wp\/v2\/media?parent=3156"}],"wp:term":[{"taxonomy":"product_cat","embeddable":true,"href":"https:\/\/www.ogrodolszanica.pl\/index.php\/wp-json\/wp\/v2\/product_cat?post=3156"},{"taxonomy":"product_tag","embeddable":true,"href":"https:\/\/www.ogrodolszanica.pl\/index.php\/wp-json\/wp\/v2\/product_tag?post=3156"}],"curies":[{"name":"wp","href":"https:\/\/api.w.org\/{rel}","templated":true}]}}