{"id":3154,"date":"2026-02-22T17:38:06","date_gmt":"2026-02-22T17:38:06","guid":{"rendered":"https:\/\/www.ogrodolszanica.pl\/?post_type=product&#038;p=3154"},"modified":"2026-02-23T09:38:03","modified_gmt":"2026-02-23T09:38:03","slug":"siekiera-z-trzonkiem-fiberglass-800g","status":"publish","type":"product","link":"https:\/\/www.ogrodolszanica.pl\/index.php\/produkt\/siekiera-z-trzonkiem-fiberglass-800g\/","title":{"rendered":"Siekiera z trzonkiem FIBERGLASS 800g"},"content":{"rendered":"<p>&nbsp;<\/p>\n<h1 style=\"text-align: center;\">Siekiera z trzonkiem FIBERGLASS 800g<\/h1>\n<h2 style=\"text-align: center;\">VR-4009<\/h2>\n<p style=\"text-align: center;\">Charakterystyka produktu:<\/p>\n<p style=\"text-align: center;\">\u2013 s\u0142u\u017cy do ci\u0119cia i podcinania drzewa<\/p>\n<p style=\"text-align: center;\">\u2013 matrycowo kuty obuch z wysokogatunkowej hartowanej stali w\u0119glowej,<\/p>\n<p style=\"text-align: center;\">\u2013 ergonomiczny trzonek z w\u0142\u00f3kna szklanego z antypo\u015blizgow\u0105 r\u0119koje\u015bci\u0105<\/p>\n<p style=\"text-align: center;\">\u2013 twardo\u015b\u0107 cz\u0119\u015bci roboczej obucha HRC: 47 \u2013 53<\/p>\n","protected":false},"excerpt":{"rendered":"<p>&nbsp; Siekiera z trzonkiem FIBERGLASS 800g VR-4009 Charakterystyka produktu: \u2013 s\u0142u\u017cy do ci\u0119cia i podcinania drzewa \u2013 matrycowo kuty obuch z wysokogatunkowej hartowanej stali w\u0119glowej, \u2013 ergonomiczny trzonek z w\u0142\u00f3kna szklanego z antypo\u015blizgow\u0105 r\u0119koje\u015bci\u0105 \u2013 twardo\u015b\u0107 cz\u0119\u015bci roboczej obucha HRC: 47 \u2013 53<\/p>\n","protected":false},"featured_media":3101,"comment_status":"open","ping_status":"closed","template":"","meta":{"site-sidebar-layout":"default","site-content-layout":"default","ast-global-header-display":"","ast-main-header-display":"","ast-hfb-above-header-display":"","ast-hfb-below-header-display":"","ast-hfb-mobile-header-display":"","site-post-title":"","ast-breadcrumbs-content":"","ast-featured-img":"","footer-sml-layout":"","theme-transparent-header-meta":"default","adv-header-id-meta":"","stick-header-meta":"","header-above-stick-meta":"","header-main-stick-meta":"","header-below-stick-meta":"","spay_email":""},"product_cat":[48],"product_tag":[],"class_list":["post-3154","product","type-product","status-publish","has-post-thumbnail","hentry","product_cat-siekiery"],"yoast_head":"<!-- This site is optimized with the Yoast SEO plugin v19.2 - https:\/\/yoast.com\/wordpress\/plugins\/seo\/ -->\n<title>Siekiera z trzonkiem FIBERGLASS 800g - Ogr&oacute;d Olszanica<\/title>\n<meta name=\"robots\" content=\"index, follow, max-snippet:-1, max-image-preview:large, max-video-preview:-1\" \/>\n<link rel=\"canonical\" href=\"https:\/\/www.ogrodolszanica.pl\/index.php\/produkt\/siekiera-z-trzonkiem-fiberglass-800g\/\" \/>\n<meta property=\"og:locale\" content=\"pl_PL\" \/>\n<meta property=\"og:type\" content=\"article\" \/>\n<meta property=\"og:title\" content=\"Siekiera z trzonkiem FIBERGLASS 800g - Ogr&oacute;d Olszanica\" \/>\n<meta property=\"og:description\" content=\"&nbsp; Siekiera z trzonkiem FIBERGLASS 800g VR-4009 Charakterystyka produktu: \u2013 s\u0142u\u017cy do ci\u0119cia i podcinania drzewa \u2013 matrycowo kuty obuch z wysokogatunkowej hartowanej stali w\u0119glowej, \u2013 ergonomiczny trzonek z w\u0142\u00f3kna szklanego z antypo\u015blizgow\u0105 r\u0119koje\u015bci\u0105 \u2013 twardo\u015b\u0107 cz\u0119\u015bci roboczej obucha HRC: 47 \u2013 53\" \/>\n<meta property=\"og:url\" content=\"https:\/\/www.ogrodolszanica.pl\/index.php\/produkt\/siekiera-z-trzonkiem-fiberglass-800g\/\" \/>\n<meta property=\"og:site_name\" content=\"Ogr&oacute;d Olszanica\" \/>\n<meta property=\"article:publisher\" content=\"https:\/\/www.facebook.com\/Ogrd-Olszanica-100807179225223\" \/>\n<meta property=\"article:modified_time\" content=\"2026-02-23T09:38:03+00:00\" \/>\n<meta property=\"og:image\" content=\"https:\/\/www.ogrodolszanica.pl\/wp-content\/uploads\/2026\/02\/siekierka-z-trzonkiem-fiberglass-800g-VR-4009-scaled.jpg\" \/>\n\t<meta property=\"og:image:width\" content=\"2159\" \/>\n\t<meta property=\"og:image:height\" content=\"2560\" \/>\n\t<meta property=\"og:image:type\" content=\"image\/jpeg\" \/>\n<meta name=\"author\" content=\"admin\" \/>\n<meta name=\"twitter:card\" content=\"summary_large_image\" \/>\n<script type=\"application\/ld+json\" class=\"yoast-schema-graph\">{\"@context\":\"https:\/\/schema.org\",\"@graph\":[{\"@type\":\"Organization\",\"@id\":\"https:\/\/www.ogrodolszanica.pl\/#organization\",\"name\":\"Ogr\u00f3d Olszanica - Krakowskie Centrum Ogrodnicze\",\"url\":\"https:\/\/www.ogrodolszanica.pl\/\",\"sameAs\":[\"https:\/\/www.facebook.com\/Ogrd-Olszanica-100807179225223\"],\"logo\":{\"@type\":\"ImageObject\",\"inLanguage\":\"pl-PL\",\"@id\":\"https:\/\/www.ogrodolszanica.pl\/#\/schema\/logo\/image\/\",\"url\":\"http:\/\/www.ogrodolszanica.pl\/wp-content\/uploads\/2022\/06\/Ogrod-Olszanica1-1.png\",\"contentUrl\":\"http:\/\/www.ogrodolszanica.pl\/wp-content\/uploads\/2022\/06\/Ogrod-Olszanica1-1.png\",\"width\":180,\"height\":60,\"caption\":\"Ogr\u00f3d Olszanica - Krakowskie Centrum Ogrodnicze\"},\"image\":{\"@id\":\"https:\/\/www.ogrodolszanica.pl\/#\/schema\/logo\/image\/\"}},{\"@type\":\"WebSite\",\"@id\":\"https:\/\/www.ogrodolszanica.pl\/#website\",\"url\":\"https:\/\/www.ogrodolszanica.pl\/\",\"name\":\"Ogr&oacute;d Olszanica\",\"description\":\"Centrum Ogrodnicze Krak&oacute;w\",\"publisher\":{\"@id\":\"https:\/\/www.ogrodolszanica.pl\/#organization\"},\"potentialAction\":[{\"@type\":\"SearchAction\",\"target\":{\"@type\":\"EntryPoint\",\"urlTemplate\":\"https:\/\/www.ogrodolszanica.pl\/?s={search_term_string}\"},\"query-input\":\"required name=search_term_string\"}],\"inLanguage\":\"pl-PL\"},{\"@type\":\"ImageObject\",\"inLanguage\":\"pl-PL\",\"@id\":\"https:\/\/www.ogrodolszanica.pl\/index.php\/produkt\/siekiera-z-trzonkiem-fiberglass-800g\/#primaryimage\",\"url\":\"https:\/\/i0.wp.com\/www.ogrodolszanica.pl\/wp-content\/uploads\/2026\/02\/siekierka-z-trzonkiem-fiberglass-800g-VR-4009-scaled.jpg?fit=2159%2C2560&ssl=1\",\"contentUrl\":\"https:\/\/i0.wp.com\/www.ogrodolszanica.pl\/wp-content\/uploads\/2026\/02\/siekierka-z-trzonkiem-fiberglass-800g-VR-4009-scaled.jpg?fit=2159%2C2560&ssl=1\",\"width\":2159,\"height\":2560},{\"@type\":\"WebPage\",\"@id\":\"https:\/\/www.ogrodolszanica.pl\/index.php\/produkt\/siekiera-z-trzonkiem-fiberglass-800g\/#webpage\",\"url\":\"https:\/\/www.ogrodolszanica.pl\/index.php\/produkt\/siekiera-z-trzonkiem-fiberglass-800g\/\",\"name\":\"Siekiera z trzonkiem FIBERGLASS 800g - Ogr&oacute;d Olszanica\",\"isPartOf\":{\"@id\":\"https:\/\/www.ogrodolszanica.pl\/#website\"},\"primaryImageOfPage\":{\"@id\":\"https:\/\/www.ogrodolszanica.pl\/index.php\/produkt\/siekiera-z-trzonkiem-fiberglass-800g\/#primaryimage\"},\"datePublished\":\"2026-02-22T17:38:06+00:00\",\"dateModified\":\"2026-02-23T09:38:03+00:00\",\"breadcrumb\":{\"@id\":\"https:\/\/www.ogrodolszanica.pl\/index.php\/produkt\/siekiera-z-trzonkiem-fiberglass-800g\/#breadcrumb\"},\"inLanguage\":\"pl-PL\",\"potentialAction\":[{\"@type\":\"ReadAction\",\"target\":[\"https:\/\/www.ogrodolszanica.pl\/index.php\/produkt\/siekiera-z-trzonkiem-fiberglass-800g\/\"]}]},{\"@type\":\"BreadcrumbList\",\"@id\":\"https:\/\/www.ogrodolszanica.pl\/index.php\/produkt\/siekiera-z-trzonkiem-fiberglass-800g\/#breadcrumb\",\"itemListElement\":[{\"@type\":\"ListItem\",\"position\":1,\"name\":\"Strona g\u0142\u00f3wna\",\"item\":\"https:\/\/www.ogrodolszanica.pl\/\"},{\"@type\":\"ListItem\",\"position\":2,\"name\":\"Produkty\",\"item\":\"https:\/\/www.ogrodolszanica.pl\/index.php\/shop\/\"},{\"@type\":\"ListItem\",\"position\":3,\"name\":\"Siekiera z trzonkiem FIBERGLASS 800g\"}]}]}<\/script>\n<!-- \/ Yoast SEO plugin. -->","yoast_head_json":{"title":"Siekiera z trzonkiem FIBERGLASS 800g - Ogr&oacute;d Olszanica","robots":{"index":"index","follow":"follow","max-snippet":"max-snippet:-1","max-image-preview":"max-image-preview:large","max-video-preview":"max-video-preview:-1"},"canonical":"https:\/\/www.ogrodolszanica.pl\/index.php\/produkt\/siekiera-z-trzonkiem-fiberglass-800g\/","og_locale":"pl_PL","og_type":"article","og_title":"Siekiera z trzonkiem FIBERGLASS 800g - Ogr&oacute;d Olszanica","og_description":"&nbsp; Siekiera z trzonkiem FIBERGLASS 800g VR-4009 Charakterystyka produktu: \u2013 s\u0142u\u017cy do ci\u0119cia i podcinania drzewa \u2013 matrycowo kuty obuch z wysokogatunkowej hartowanej stali w\u0119glowej, \u2013 ergonomiczny trzonek z w\u0142\u00f3kna szklanego z antypo\u015blizgow\u0105 r\u0119koje\u015bci\u0105 \u2013 twardo\u015b\u0107 cz\u0119\u015bci roboczej obucha HRC: 47 \u2013 53","og_url":"https:\/\/www.ogrodolszanica.pl\/index.php\/produkt\/siekiera-z-trzonkiem-fiberglass-800g\/","og_site_name":"Ogr&oacute;d Olszanica","article_publisher":"https:\/\/www.facebook.com\/Ogrd-Olszanica-100807179225223","article_modified_time":"2026-02-23T09:38:03+00:00","og_image":[{"width":2159,"height":2560,"url":"https:\/\/www.ogrodolszanica.pl\/wp-content\/uploads\/2026\/02\/siekierka-z-trzonkiem-fiberglass-800g-VR-4009-scaled.jpg","type":"image\/jpeg"}],"author":"admin","twitter_card":"summary_large_image","schema":{"@context":"https:\/\/schema.org","@graph":[{"@type":"Organization","@id":"https:\/\/www.ogrodolszanica.pl\/#organization","name":"Ogr\u00f3d Olszanica - Krakowskie Centrum Ogrodnicze","url":"https:\/\/www.ogrodolszanica.pl\/","sameAs":["https:\/\/www.facebook.com\/Ogrd-Olszanica-100807179225223"],"logo":{"@type":"ImageObject","inLanguage":"pl-PL","@id":"https:\/\/www.ogrodolszanica.pl\/#\/schema\/logo\/image\/","url":"http:\/\/www.ogrodolszanica.pl\/wp-content\/uploads\/2022\/06\/Ogrod-Olszanica1-1.png","contentUrl":"http:\/\/www.ogrodolszanica.pl\/wp-content\/uploads\/2022\/06\/Ogrod-Olszanica1-1.png","width":180,"height":60,"caption":"Ogr\u00f3d Olszanica - Krakowskie Centrum Ogrodnicze"},"image":{"@id":"https:\/\/www.ogrodolszanica.pl\/#\/schema\/logo\/image\/"}},{"@type":"WebSite","@id":"https:\/\/www.ogrodolszanica.pl\/#website","url":"https:\/\/www.ogrodolszanica.pl\/","name":"Ogr&oacute;d Olszanica","description":"Centrum Ogrodnicze Krak&oacute;w","publisher":{"@id":"https:\/\/www.ogrodolszanica.pl\/#organization"},"potentialAction":[{"@type":"SearchAction","target":{"@type":"EntryPoint","urlTemplate":"https:\/\/www.ogrodolszanica.pl\/?s={search_term_string}"},"query-input":"required name=search_term_string"}],"inLanguage":"pl-PL"},{"@type":"ImageObject","inLanguage":"pl-PL","@id":"https:\/\/www.ogrodolszanica.pl\/index.php\/produkt\/siekiera-z-trzonkiem-fiberglass-800g\/#primaryimage","url":"https:\/\/i0.wp.com\/www.ogrodolszanica.pl\/wp-content\/uploads\/2026\/02\/siekierka-z-trzonkiem-fiberglass-800g-VR-4009-scaled.jpg?fit=2159%2C2560&ssl=1","contentUrl":"https:\/\/i0.wp.com\/www.ogrodolszanica.pl\/wp-content\/uploads\/2026\/02\/siekierka-z-trzonkiem-fiberglass-800g-VR-4009-scaled.jpg?fit=2159%2C2560&ssl=1","width":2159,"height":2560},{"@type":"WebPage","@id":"https:\/\/www.ogrodolszanica.pl\/index.php\/produkt\/siekiera-z-trzonkiem-fiberglass-800g\/#webpage","url":"https:\/\/www.ogrodolszanica.pl\/index.php\/produkt\/siekiera-z-trzonkiem-fiberglass-800g\/","name":"Siekiera z trzonkiem FIBERGLASS 800g - Ogr&oacute;d Olszanica","isPartOf":{"@id":"https:\/\/www.ogrodolszanica.pl\/#website"},"primaryImageOfPage":{"@id":"https:\/\/www.ogrodolszanica.pl\/index.php\/produkt\/siekiera-z-trzonkiem-fiberglass-800g\/#primaryimage"},"datePublished":"2026-02-22T17:38:06+00:00","dateModified":"2026-02-23T09:38:03+00:00","breadcrumb":{"@id":"https:\/\/www.ogrodolszanica.pl\/index.php\/produkt\/siekiera-z-trzonkiem-fiberglass-800g\/#breadcrumb"},"inLanguage":"pl-PL","potentialAction":[{"@type":"ReadAction","target":["https:\/\/www.ogrodolszanica.pl\/index.php\/produkt\/siekiera-z-trzonkiem-fiberglass-800g\/"]}]},{"@type":"BreadcrumbList","@id":"https:\/\/www.ogrodolszanica.pl\/index.php\/produkt\/siekiera-z-trzonkiem-fiberglass-800g\/#breadcrumb","itemListElement":[{"@type":"ListItem","position":1,"name":"Strona g\u0142\u00f3wna","item":"https:\/\/www.ogrodolszanica.pl\/"},{"@type":"ListItem","position":2,"name":"Produkty","item":"https:\/\/www.ogrodolszanica.pl\/index.php\/shop\/"},{"@type":"ListItem","position":3,"name":"Siekiera z trzonkiem FIBERGLASS 800g"}]}]}},"jetpack-related-posts":[{"id":3046,"url":"https:\/\/www.ogrodolszanica.pl\/index.php\/produkt\/siekiera-z-trzonkiem-fiberglass-600g\/","url_meta":{"origin":3154,"position":0},"title":"Siekiera z trzonkiem FIBERGLASS 600g","date":"22 lutego, 2026","format":false,"excerpt":"Siekiera z trzonkiem FIBERGLASS 600g VR-4008 Charakterystyka produktu: \u2013 s\u0142u\u017cy do ci\u0119cia i podcinania drzewa \u2013 matrycowo kuty obuch z wysokogatunkowej hartowanej stali w\u0119glowej, \u2013 ergonomiczny trzonek z w\u0142\u00f3kna szklanego z antypo\u015blizgow\u0105 r\u0119koje\u015bci\u0105 \u2013 twardo\u015b\u0107 cz\u0119\u015bci roboczej obucha HRC: 47 \u2013 53","rel":"","context":"Similar post","img":{"alt_text":"","src":"https:\/\/i0.wp.com\/www.ogrodolszanica.pl\/wp-content\/uploads\/2026\/02\/siekierka-z-trzonkiem-fiberglass-600g-VR-4008-scaled.jpg?fit=998%2C1200&ssl=1&resize=350%2C200","width":350,"height":200},"classes":[]},{"id":3207,"url":"https:\/\/www.ogrodolszanica.pl\/index.php\/produkt\/saperka-z-metalowym-trzonkiem-verkatto-mala-lopata-do-ogrodu\/","url_meta":{"origin":3154,"position":1},"title":"Saperka z metalowym trzonkiem Verkatto ma\u0142a \u0142opata do ogrodu","date":"23 lutego, 2026","format":false,"excerpt":"Saperka z metalowym trzonkiem Verkatto VR-7409 Charakterystyka produktu: \u2013\u00a0Narz\u0119dzie w\u0142asnej produkcji \u2013 s\u0142u\u017cy do kopania w ziemi lub innych materia\u0142ach sypkich \u2013 wykonana z wysokiej jako\u015bci stali utwardzonej \u2013 ergonomiczna r\u0119koje\u015b\u0107","rel":"","context":"Similar post","img":{"alt_text":"","src":"https:\/\/i0.wp.com\/www.ogrodolszanica.pl\/wp-content\/uploads\/2026\/02\/saperka-VR-7409-scaled.jpg?fit=1193%2C1200&ssl=1&resize=350%2C200","width":350,"height":200},"classes":[]},{"id":3205,"url":"https:\/\/www.ogrodolszanica.pl\/index.php\/produkt\/szpadel-prosty-z-metalowym-trzonkiem-verkatto-lopata-do-ogrodu\/","url_meta":{"origin":3154,"position":2},"title":"Szpadel prosty z metalowym trzonkiem Verkatto \u0142opata do ogrodu","date":"23 lutego, 2026","format":false,"excerpt":"Szpadel prosty z metalowym trzonkiem Verkatto VR-7401 Charakterystyka produktu: \u2013\u00a0narz\u0119dzie w\u0142asnej produkcji! \u2013 s\u0142u\u017cy do kopania w ziemi lub innych materia\u0142ach sypkich \u2013 wykonany z wysokiej jako\u015bci stali hartowanej \u2013 solidny i trwa\u0142y spaw \u2013 antypo\u015blizgowy naci\u0105g na trzonku wykonany z PVC \u2013 ergonomiczny kszta\u0142t \u2013 wytrzyma\u0142a i odporna na\u2026","rel":"","context":"Similar post","img":{"alt_text":"","src":"https:\/\/i0.wp.com\/www.ogrodolszanica.pl\/wp-content\/uploads\/2026\/02\/szpadel-prosty-VR-7401-scaled.jpg?fit=942%2C1200&ssl=1&resize=350%2C200","width":350,"height":200},"classes":[]},{"id":3206,"url":"https:\/\/www.ogrodolszanica.pl\/index.php\/produkt\/szpadel-szpiczasty-z-metalowym-trzonkiem-verkatto-lopata-do-ogrodu\/","url_meta":{"origin":3154,"position":3},"title":"Szpadel szpiczasty z metalowym trzonkiem Verkatto \u0142opata do ogrodu","date":"23 lutego, 2026","format":false,"excerpt":"Szpadel szpiczasty z metalowym trzonkiem Verkatto VR-7402 Charakterystyka produktu: \u2013\u00a0narz\u0119dzie w\u0142asnej produkcji! \u2013 s\u0142u\u017cy do kopania w ziemi lub innych materia\u0142ach sypkich \u2013 wykonany z wysokiej jako\u015bci stali hartowanej \u2013 solidny i trwa\u0142y spaw \u2013 antypo\u015blizgowy naci\u0105g na trzonku wykonany z PVC \u2013 ergonomiczny kszta\u0142t \u2013 wytrzyma\u0142a i odporna na\u2026","rel":"","context":"Similar post","img":{"alt_text":"","src":"https:\/\/i0.wp.com\/www.ogrodolszanica.pl\/wp-content\/uploads\/2026\/02\/szpadel-spiczasty-VR-7402-scaled.jpg?fit=968%2C1200&ssl=1&resize=350%2C200","width":350,"height":200},"classes":[]},{"id":3184,"url":"https:\/\/www.ogrodolszanica.pl\/index.php\/produkt\/lopatka-z-drewniana-raczka-ogrodowa-mala\/","url_meta":{"origin":3154,"position":4},"title":"\u0141opatka z drewnian\u0105 r\u0105czk\u0105 ogrodowa ma\u0142a","date":"23 lutego, 2026","format":false,"excerpt":"\u0141opatka z drewnian\u0105 r\u0105czk\u0105 ogrodowa VR-7291 Charakterystyka produktu: \u2013 przeznaczona do przesadzania ro\u015blin \u2013 wykonana z wysokiej jako\u015bci stali \u2013 drewniany uchwyt","rel":"","context":"Similar post","img":{"alt_text":"","src":"https:\/\/i0.wp.com\/www.ogrodolszanica.pl\/wp-content\/uploads\/2026\/02\/lopatka-z-drewniana-raczka-VR-7291-v2-scaled.jpg?fit=1004%2C1200&ssl=1&resize=350%2C200","width":350,"height":200},"classes":[]},{"id":4132,"url":"https:\/\/www.ogrodolszanica.pl\/index.php\/produkt\/sekator-z-przekladnia-ostrze-mijajace-bradas\/","url_meta":{"origin":3154,"position":5},"title":"Sekator z przek\u0142adni\u0105 ostrze mijaj\u0105ce Bradas","date":"8 marca, 2026","format":false,"excerpt":"Sekator z przek\u0142adni\u0105 V-SERIES ostrze mijaj\u0105ce, stal SK5 - wysokiej jako\u015bci ostrze mijaj\u0105ce - ostrze wykonane z stali SK5 pokryte pow\u0142ok\u0105 ochronn\u0105 - przek\u0142adnia zwi\u0119kszaj\u0105ca si\u0142\u0119 ci\u0119cia - maksymalna \u015brednica ci\u0119cia 18mm - wyposa\u017cony w blokad\u0119 bezpiecze\u0144stwa - idealny do ci\u0119cia kwiat\u00f3w i krzew\u00f3w To jedna z najbardziej istotnych czynno\u015bci\u2026","rel":"","context":"Similar post","img":{"alt_text":"","src":"","width":0,"height":0},"classes":[]}],"_links":{"self":[{"href":"https:\/\/www.ogrodolszanica.pl\/index.php\/wp-json\/wp\/v2\/product\/3154","targetHints":{"allow":["GET"]}}],"collection":[{"href":"https:\/\/www.ogrodolszanica.pl\/index.php\/wp-json\/wp\/v2\/product"}],"about":[{"href":"https:\/\/www.ogrodolszanica.pl\/index.php\/wp-json\/wp\/v2\/types\/product"}],"replies":[{"embeddable":true,"href":"https:\/\/www.ogrodolszanica.pl\/index.php\/wp-json\/wp\/v2\/comments?post=3154"}],"wp:featuredmedia":[{"embeddable":true,"href":"https:\/\/www.ogrodolszanica.pl\/index.php\/wp-json\/wp\/v2\/media\/3101"}],"wp:attachment":[{"href":"https:\/\/www.ogrodolszanica.pl\/index.php\/wp-json\/wp\/v2\/media?parent=3154"}],"wp:term":[{"taxonomy":"product_cat","embeddable":true,"href":"https:\/\/www.ogrodolszanica.pl\/index.php\/wp-json\/wp\/v2\/product_cat?post=3154"},{"taxonomy":"product_tag","embeddable":true,"href":"https:\/\/www.ogrodolszanica.pl\/index.php\/wp-json\/wp\/v2\/product_tag?post=3154"}],"curies":[{"name":"wp","href":"https:\/\/api.w.org\/{rel}","templated":true}]}}