{"id":2923,"date":"2024-09-18T18:25:37","date_gmt":"2024-09-18T18:25:37","guid":{"rendered":"https:\/\/www.ogrodolszanica.pl\/?post_type=product&#038;p=2923"},"modified":"2026-03-07T19:20:29","modified_gmt":"2026-03-07T19:20:29","slug":"floks-maischnee","status":"publish","type":"product","link":"https:\/\/www.ogrodolszanica.pl\/index.php\/produkt\/floks-maischnee\/","title":{"rendered":"Floks Maischnee"},"content":{"rendered":"<h1 style=\"text-align: center;\">Floks Maischnee<\/h1>\n<ul>\n<li>Rodzaj: Floks<\/li>\n<li>Barwa: Bia\u0142a<\/li>\n<li>szeroko\u015b\u0107: <strong style=\"font-size: 16px;\">30<\/strong><b style=\"font-style: inherit;\">\u00a0cm<\/b><\/li>\n<li>\n<div><b><\/b>wysoko\u015b\u0107: <strong>5<\/strong><b>\u00a0cm<\/b><\/div>\n<\/li>\n<li>\n<div><b><\/b>wysoko\u015b\u0107 (kwitnienie): <strong>10<\/strong><b>\u00a0cm<\/b><\/div>\n<\/li>\n<li>\n<div><b><\/b>kwitnienie: <b>kwiecie\u0144 \u00f7 czerwiec<\/b><\/div>\n<\/li>\n<li>\n<div><b><\/b>stanowisko: <b>s\u0142oneczne<\/b><\/div>\n<\/li>\n<\/ul>\n<p>Dobierz odpowiednie pod\u0142o\u017ce z wybranych produkt\u00f3w w naszym sklepie: <a href=\"https:\/\/www.ogrodolszanica.pl\/index.php\/kategoria-produktu\/zin\/\">Pod\u0142o\u017ca<\/a><\/p>\n<p>&nbsp;<\/p>\n","protected":false},"excerpt":{"rendered":"<p>Floks Maischnee Rodzaj: Floks Barwa: Bia\u0142a szeroko\u015b\u0107: 30\u00a0cm wysoko\u015b\u0107: 5\u00a0cm wysoko\u015b\u0107 (kwitnienie): 10\u00a0cm kwitnienie: kwiecie\u0144 \u00f7 czerwiec stanowisko: s\u0142oneczne Dobierz odpowiednie pod\u0142o\u017ce z wybranych produkt\u00f3w w naszym sklepie: Pod\u0142o\u017ca &nbsp;<\/p>\n","protected":false},"featured_media":2920,"comment_status":"open","ping_status":"closed","template":"","meta":{"site-sidebar-layout":"default","site-content-layout":"default","ast-global-header-display":"","ast-main-header-display":"","ast-hfb-above-header-display":"","ast-hfb-below-header-display":"","ast-hfb-mobile-header-display":"","site-post-title":"","ast-breadcrumbs-content":"","ast-featured-img":"","footer-sml-layout":"","theme-transparent-header-meta":"default","adv-header-id-meta":"","stick-header-meta":"","header-above-stick-meta":"","header-main-stick-meta":"","header-below-stick-meta":"","spay_email":""},"product_cat":[29,65,20],"product_tag":[],"class_list":["post-2923","product","type-product","status-publish","has-post-thumbnail","hentry","product_cat-byliny","product_cat-floksy","product_cat-rosliny"],"yoast_head":"<!-- This site is optimized with the Yoast SEO plugin v19.2 - https:\/\/yoast.com\/wordpress\/plugins\/seo\/ -->\n<title>Floks Maischnee - Ogr&oacute;d Olszanica<\/title>\n<meta name=\"robots\" content=\"index, follow, max-snippet:-1, max-image-preview:large, max-video-preview:-1\" \/>\n<link rel=\"canonical\" href=\"https:\/\/www.ogrodolszanica.pl\/index.php\/produkt\/floks-maischnee\/\" \/>\n<meta property=\"og:locale\" content=\"pl_PL\" \/>\n<meta property=\"og:type\" content=\"article\" \/>\n<meta property=\"og:title\" content=\"Floks Maischnee - Ogr&oacute;d Olszanica\" \/>\n<meta property=\"og:description\" content=\"Floks Maischnee Rodzaj: Floks Barwa: Bia\u0142a szeroko\u015b\u0107: 30\u00a0cm wysoko\u015b\u0107: 5\u00a0cm wysoko\u015b\u0107 (kwitnienie): 10\u00a0cm kwitnienie: kwiecie\u0144 \u00f7 czerwiec stanowisko: s\u0142oneczne Dobierz odpowiednie pod\u0142o\u017ce z wybranych produkt\u00f3w w naszym sklepie: Pod\u0142o\u017ca &nbsp;\" \/>\n<meta property=\"og:url\" content=\"https:\/\/www.ogrodolszanica.pl\/index.php\/produkt\/floks-maischnee\/\" \/>\n<meta property=\"og:site_name\" content=\"Ogr&oacute;d Olszanica\" \/>\n<meta property=\"article:publisher\" content=\"https:\/\/www.facebook.com\/Ogrd-Olszanica-100807179225223\" \/>\n<meta property=\"article:modified_time\" content=\"2026-03-07T19:20:29+00:00\" \/>\n<meta property=\"og:image\" content=\"https:\/\/www.ogrodolszanica.pl\/wp-content\/uploads\/2024\/09\/byliny-i-trawy_spring-flowering_76364_1.jpg\" \/>\n\t<meta property=\"og:image:width\" content=\"650\" \/>\n\t<meta property=\"og:image:height\" content=\"434\" \/>\n\t<meta property=\"og:image:type\" content=\"image\/jpeg\" \/>\n<meta name=\"author\" content=\"admin\" \/>\n<meta name=\"twitter:card\" content=\"summary_large_image\" \/>\n<meta name=\"twitter:label1\" content=\"Szacowany czas czytania\" \/>\n\t<meta name=\"twitter:data1\" content=\"1 minuta\" \/>\n<script type=\"application\/ld+json\" class=\"yoast-schema-graph\">{\"@context\":\"https:\/\/schema.org\",\"@graph\":[{\"@type\":\"Organization\",\"@id\":\"https:\/\/www.ogrodolszanica.pl\/#organization\",\"name\":\"Ogr\u00f3d Olszanica - Krakowskie Centrum Ogrodnicze\",\"url\":\"https:\/\/www.ogrodolszanica.pl\/\",\"sameAs\":[\"https:\/\/www.facebook.com\/Ogrd-Olszanica-100807179225223\"],\"logo\":{\"@type\":\"ImageObject\",\"inLanguage\":\"pl-PL\",\"@id\":\"https:\/\/www.ogrodolszanica.pl\/#\/schema\/logo\/image\/\",\"url\":\"http:\/\/www.ogrodolszanica.pl\/wp-content\/uploads\/2022\/06\/Ogrod-Olszanica1-1.png\",\"contentUrl\":\"http:\/\/www.ogrodolszanica.pl\/wp-content\/uploads\/2022\/06\/Ogrod-Olszanica1-1.png\",\"width\":180,\"height\":60,\"caption\":\"Ogr\u00f3d Olszanica - Krakowskie Centrum Ogrodnicze\"},\"image\":{\"@id\":\"https:\/\/www.ogrodolszanica.pl\/#\/schema\/logo\/image\/\"}},{\"@type\":\"WebSite\",\"@id\":\"https:\/\/www.ogrodolszanica.pl\/#website\",\"url\":\"https:\/\/www.ogrodolszanica.pl\/\",\"name\":\"Ogr&oacute;d Olszanica\",\"description\":\"Centrum Ogrodnicze Krak&oacute;w\",\"publisher\":{\"@id\":\"https:\/\/www.ogrodolszanica.pl\/#organization\"},\"potentialAction\":[{\"@type\":\"SearchAction\",\"target\":{\"@type\":\"EntryPoint\",\"urlTemplate\":\"https:\/\/www.ogrodolszanica.pl\/?s={search_term_string}\"},\"query-input\":\"required name=search_term_string\"}],\"inLanguage\":\"pl-PL\"},{\"@type\":\"ImageObject\",\"inLanguage\":\"pl-PL\",\"@id\":\"https:\/\/www.ogrodolszanica.pl\/index.php\/produkt\/floks-maischnee\/#primaryimage\",\"url\":\"https:\/\/i0.wp.com\/www.ogrodolszanica.pl\/wp-content\/uploads\/2024\/09\/byliny-i-trawy_spring-flowering_76364_1.jpg?fit=650%2C434&ssl=1\",\"contentUrl\":\"https:\/\/i0.wp.com\/www.ogrodolszanica.pl\/wp-content\/uploads\/2024\/09\/byliny-i-trawy_spring-flowering_76364_1.jpg?fit=650%2C434&ssl=1\",\"width\":650,\"height\":434},{\"@type\":\"WebPage\",\"@id\":\"https:\/\/www.ogrodolszanica.pl\/index.php\/produkt\/floks-maischnee\/#webpage\",\"url\":\"https:\/\/www.ogrodolszanica.pl\/index.php\/produkt\/floks-maischnee\/\",\"name\":\"Floks Maischnee - Ogr&oacute;d Olszanica\",\"isPartOf\":{\"@id\":\"https:\/\/www.ogrodolszanica.pl\/#website\"},\"primaryImageOfPage\":{\"@id\":\"https:\/\/www.ogrodolszanica.pl\/index.php\/produkt\/floks-maischnee\/#primaryimage\"},\"datePublished\":\"2024-09-18T18:25:37+00:00\",\"dateModified\":\"2026-03-07T19:20:29+00:00\",\"breadcrumb\":{\"@id\":\"https:\/\/www.ogrodolszanica.pl\/index.php\/produkt\/floks-maischnee\/#breadcrumb\"},\"inLanguage\":\"pl-PL\",\"potentialAction\":[{\"@type\":\"ReadAction\",\"target\":[\"https:\/\/www.ogrodolszanica.pl\/index.php\/produkt\/floks-maischnee\/\"]}]},{\"@type\":\"BreadcrumbList\",\"@id\":\"https:\/\/www.ogrodolszanica.pl\/index.php\/produkt\/floks-maischnee\/#breadcrumb\",\"itemListElement\":[{\"@type\":\"ListItem\",\"position\":1,\"name\":\"Strona g\u0142\u00f3wna\",\"item\":\"https:\/\/www.ogrodolszanica.pl\/\"},{\"@type\":\"ListItem\",\"position\":2,\"name\":\"Produkty\",\"item\":\"https:\/\/www.ogrodolszanica.pl\/index.php\/shop\/\"},{\"@type\":\"ListItem\",\"position\":3,\"name\":\"Floks Maischnee\"}]}]}<\/script>\n<!-- \/ Yoast SEO plugin. -->","yoast_head_json":{"title":"Floks Maischnee - Ogr&oacute;d Olszanica","robots":{"index":"index","follow":"follow","max-snippet":"max-snippet:-1","max-image-preview":"max-image-preview:large","max-video-preview":"max-video-preview:-1"},"canonical":"https:\/\/www.ogrodolszanica.pl\/index.php\/produkt\/floks-maischnee\/","og_locale":"pl_PL","og_type":"article","og_title":"Floks Maischnee - Ogr&oacute;d Olszanica","og_description":"Floks Maischnee Rodzaj: Floks Barwa: Bia\u0142a szeroko\u015b\u0107: 30\u00a0cm wysoko\u015b\u0107: 5\u00a0cm wysoko\u015b\u0107 (kwitnienie): 10\u00a0cm kwitnienie: kwiecie\u0144 \u00f7 czerwiec stanowisko: s\u0142oneczne Dobierz odpowiednie pod\u0142o\u017ce z wybranych produkt\u00f3w w naszym sklepie: Pod\u0142o\u017ca &nbsp;","og_url":"https:\/\/www.ogrodolszanica.pl\/index.php\/produkt\/floks-maischnee\/","og_site_name":"Ogr&oacute;d Olszanica","article_publisher":"https:\/\/www.facebook.com\/Ogrd-Olszanica-100807179225223","article_modified_time":"2026-03-07T19:20:29+00:00","og_image":[{"width":650,"height":434,"url":"https:\/\/www.ogrodolszanica.pl\/wp-content\/uploads\/2024\/09\/byliny-i-trawy_spring-flowering_76364_1.jpg","type":"image\/jpeg"}],"author":"admin","twitter_card":"summary_large_image","twitter_misc":{"Szacowany czas czytania":"1 minuta"},"schema":{"@context":"https:\/\/schema.org","@graph":[{"@type":"Organization","@id":"https:\/\/www.ogrodolszanica.pl\/#organization","name":"Ogr\u00f3d Olszanica - Krakowskie Centrum Ogrodnicze","url":"https:\/\/www.ogrodolszanica.pl\/","sameAs":["https:\/\/www.facebook.com\/Ogrd-Olszanica-100807179225223"],"logo":{"@type":"ImageObject","inLanguage":"pl-PL","@id":"https:\/\/www.ogrodolszanica.pl\/#\/schema\/logo\/image\/","url":"http:\/\/www.ogrodolszanica.pl\/wp-content\/uploads\/2022\/06\/Ogrod-Olszanica1-1.png","contentUrl":"http:\/\/www.ogrodolszanica.pl\/wp-content\/uploads\/2022\/06\/Ogrod-Olszanica1-1.png","width":180,"height":60,"caption":"Ogr\u00f3d Olszanica - Krakowskie Centrum Ogrodnicze"},"image":{"@id":"https:\/\/www.ogrodolszanica.pl\/#\/schema\/logo\/image\/"}},{"@type":"WebSite","@id":"https:\/\/www.ogrodolszanica.pl\/#website","url":"https:\/\/www.ogrodolszanica.pl\/","name":"Ogr&oacute;d Olszanica","description":"Centrum Ogrodnicze Krak&oacute;w","publisher":{"@id":"https:\/\/www.ogrodolszanica.pl\/#organization"},"potentialAction":[{"@type":"SearchAction","target":{"@type":"EntryPoint","urlTemplate":"https:\/\/www.ogrodolszanica.pl\/?s={search_term_string}"},"query-input":"required name=search_term_string"}],"inLanguage":"pl-PL"},{"@type":"ImageObject","inLanguage":"pl-PL","@id":"https:\/\/www.ogrodolszanica.pl\/index.php\/produkt\/floks-maischnee\/#primaryimage","url":"https:\/\/i0.wp.com\/www.ogrodolszanica.pl\/wp-content\/uploads\/2024\/09\/byliny-i-trawy_spring-flowering_76364_1.jpg?fit=650%2C434&ssl=1","contentUrl":"https:\/\/i0.wp.com\/www.ogrodolszanica.pl\/wp-content\/uploads\/2024\/09\/byliny-i-trawy_spring-flowering_76364_1.jpg?fit=650%2C434&ssl=1","width":650,"height":434},{"@type":"WebPage","@id":"https:\/\/www.ogrodolszanica.pl\/index.php\/produkt\/floks-maischnee\/#webpage","url":"https:\/\/www.ogrodolszanica.pl\/index.php\/produkt\/floks-maischnee\/","name":"Floks Maischnee - Ogr&oacute;d Olszanica","isPartOf":{"@id":"https:\/\/www.ogrodolszanica.pl\/#website"},"primaryImageOfPage":{"@id":"https:\/\/www.ogrodolszanica.pl\/index.php\/produkt\/floks-maischnee\/#primaryimage"},"datePublished":"2024-09-18T18:25:37+00:00","dateModified":"2026-03-07T19:20:29+00:00","breadcrumb":{"@id":"https:\/\/www.ogrodolszanica.pl\/index.php\/produkt\/floks-maischnee\/#breadcrumb"},"inLanguage":"pl-PL","potentialAction":[{"@type":"ReadAction","target":["https:\/\/www.ogrodolszanica.pl\/index.php\/produkt\/floks-maischnee\/"]}]},{"@type":"BreadcrumbList","@id":"https:\/\/www.ogrodolszanica.pl\/index.php\/produkt\/floks-maischnee\/#breadcrumb","itemListElement":[{"@type":"ListItem","position":1,"name":"Strona g\u0142\u00f3wna","item":"https:\/\/www.ogrodolszanica.pl\/"},{"@type":"ListItem","position":2,"name":"Produkty","item":"https:\/\/www.ogrodolszanica.pl\/index.php\/shop\/"},{"@type":"ListItem","position":3,"name":"Floks Maischnee"}]}]}},"jetpack-related-posts":[{"id":2915,"url":"https:\/\/www.ogrodolszanica.pl\/index.php\/produkt\/floks-ochsenblut\/","url_meta":{"origin":2923,"position":0},"title":"Floks Ochsenblut","date":"18 wrze\u015bnia, 2024","format":false,"excerpt":"Floks Ochsenblut Rodzaj: Floks Barwa: Ciemnor\u00f3\u017cowa szeroko\u015b\u0107: 25\u00a0cm wysoko\u015b\u0107: 5\u00a0cm wysoko\u015b\u0107 (kwitnienie): 10\u00a0cm kwitnienie: kwiecie\u0144 \u00f7 maj stanowisko: s\u0142oneczne Dobierz odpowiednie pod\u0142o\u017ce z wybranych produkt\u00f3w w naszym sklepie: Pod\u0142o\u017ca \u00a0","rel":"","context":"Similar post","img":{"alt_text":"","src":"https:\/\/i0.wp.com\/www.ogrodolszanica.pl\/wp-content\/uploads\/2024\/09\/byliny-i-trawy_spring-flowering_76386_2.jpg?fit=434%2C650&ssl=1&resize=350%2C200","width":350,"height":200},"classes":[]},{"id":2663,"url":"https:\/\/www.ogrodolszanica.pl\/index.php\/produkt\/floks-orange-perfection\/","url_meta":{"origin":2923,"position":1},"title":"Floks  Orange Perfection","date":"30 stycznia, 2024","format":false,"excerpt":"Phlox Orange Perfection \u00a0 Rodzaj: Floks wiechowaty Barwa: Pomara\u0144czowa szeroko\u015b\u0107: 60\u00a0cm wysoko\u015b\u0107: 70 cm wysoko\u015b\u0107 (kwitnienie): 80\u00a0cm kwitnienie: lipiec \u00f7 wrzesie\u0144 stanowisko: s\u0142oneczne\u00a0 Dobierz odpowiednie pod\u0142o\u017ce z wybranych produkt\u00f3w w naszym sklepie: Pod\u0142o\u017ca","rel":"","context":"Similar post","img":{"alt_text":"","src":"https:\/\/i0.wp.com\/www.ogrodolszanica.pl\/wp-content\/uploads\/2024\/01\/byliny-i-trawy_summer-flowering_76242_1.jpg?fit=434%2C650&ssl=1&resize=350%2C200","width":350,"height":200},"classes":[]},{"id":2661,"url":"https:\/\/www.ogrodolszanica.pl\/index.php\/produkt\/floks-blue-boy\/","url_meta":{"origin":2923,"position":2},"title":"Floks Blue Boy","date":"30 stycznia, 2024","format":false,"excerpt":"Phlox Blue Boy \u00a0 Rodzaj: Floks wiechowaty Barwa: Niebieska z bia\u0142ym oczkiem szeroko\u015b\u0107: 40\u00a0cm wysoko\u015b\u0107: 55 cm wysoko\u015b\u0107 (kwitnienie): 100\u00a0cm kwitnienie: lipiec \u00f7 sierpie\u0144 stanowisko: s\u0142oneczne\u00a0 Dobierz odpowiednie pod\u0142o\u017ce z wybranych produkt\u00f3w w naszym sklepie: Pod\u0142o\u017ca","rel":"","context":"Similar post","img":{"alt_text":"","src":"https:\/\/i0.wp.com\/www.ogrodolszanica.pl\/wp-content\/uploads\/2024\/01\/byliny-i-trawy_summer-flowering_76260_2.jpg?fit=434%2C650&ssl=1&resize=350%2C200","width":350,"height":200},"classes":[]},{"id":2329,"url":"https:\/\/www.ogrodolszanica.pl\/index.php\/produkt\/floks-pro-cerise\/","url_meta":{"origin":2923,"position":3},"title":"Floks Pro Cerise","date":"21 lipca, 2023","format":false,"excerpt":"Floks Pro Cerise Floks potrzebuje przepuszczalnej i bogatej w sk\u0142adniki od\u017cywcze gleby oraz nas\u0142onecznionego i przewiewnego stanowiska. Odmiany z serii \u2018Flame\u2019 s\u0105 bardziej roz\u0142o\u017cyste ni\u017c starsze odmiany. Po pierwszym przekwitni\u0119ciu kwiatostany prosz\u0119 usun\u0105\u0107 aby wspom\u00f3c dalsze wypuszczanie kwiat\u00f3w. W lecie nale\u017cy obficie nawadnia\u0107 i nawozi\u0107. Rodzaj: Floks wiechowaty Barwa: R\u00f3\u017c\u00f3wa\u2026","rel":"","context":"Similar post","img":{"alt_text":"","src":"https:\/\/i0.wp.com\/www.ogrodolszanica.pl\/wp-content\/uploads\/2023\/07\/image4.jpegmaxwidth2559.7000554800034maxheight1239.jpg?fit=900%2C1200&ssl=1&resize=350%2C200","width":350,"height":200},"classes":[]},{"id":2911,"url":"https:\/\/www.ogrodolszanica.pl\/index.php\/produkt\/floks-scarlet-flame\/","url_meta":{"origin":2923,"position":4},"title":"Floks Scarlet Flame","date":"18 wrze\u015bnia, 2024","format":false,"excerpt":"Floks Scarlet Flame Floks szydlasty nale\u017cy do bylin tworz\u0105cych barwne kobierce. Odpowiedni do nasadze\u0144 w ogr\u00f3dkach skalnych, na niskie obw\u00f3dki lub do kompozycji w pojemnikach. Ro\u015blina wymaga dobrego drena\u017cu, toleruje susz\u0119. Kwiaty s\u0105 jasne lub ciemno-szkar\u0142atne z ciemnym oczkiem w zale\u017cno\u015bci od fazy kwitnienia. Po 3-4 latach wczesn\u0105 wiosn\u0105 k\u0119p\u0119\u2026","rel":"","context":"Similar post","img":{"alt_text":"","src":"https:\/\/i0.wp.com\/www.ogrodolszanica.pl\/wp-content\/uploads\/2024\/09\/phlox-scarlet-flame_1.jpg?fit=650%2C434&ssl=1&resize=350%2C200","width":350,"height":200},"classes":[]},{"id":2203,"url":"https:\/\/www.ogrodolszanica.pl\/index.php\/produkt\/phlox-spring-dark-pink\/","url_meta":{"origin":2923,"position":5},"title":"Floks Spring Dark Pink","date":"22 maja, 2023","format":false,"excerpt":"Phlox Spring Dark Pink Rodzaj: Floks szydlasty Barwa: Czarnor\u00f3\u017cowy szeroko\u015b\u0107: 40 cm wysoko\u015b\u0107: 10\u00a0cm wysoko\u015b\u0107 (kwitnienie): 15\u00a0cm kwitnienie: maj \u00f7 czerwiec stanowisko: s\u0142oneczne Dobierz odpowiednie pod\u0142o\u017ce z wybranych produkt\u00f3w w naszym sklepie: Pod\u0142o\u017ca \u00a0 \u00a0","rel":"","context":"Similar post","img":{"alt_text":"","src":"https:\/\/i0.wp.com\/www.ogrodolszanica.pl\/wp-content\/uploads\/2023\/05\/phlox-spring-dark-pink_76338_1.jpg?fit=650%2C650&ssl=1&resize=350%2C200","width":350,"height":200},"classes":[]}],"_links":{"self":[{"href":"https:\/\/www.ogrodolszanica.pl\/index.php\/wp-json\/wp\/v2\/product\/2923","targetHints":{"allow":["GET"]}}],"collection":[{"href":"https:\/\/www.ogrodolszanica.pl\/index.php\/wp-json\/wp\/v2\/product"}],"about":[{"href":"https:\/\/www.ogrodolszanica.pl\/index.php\/wp-json\/wp\/v2\/types\/product"}],"replies":[{"embeddable":true,"href":"https:\/\/www.ogrodolszanica.pl\/index.php\/wp-json\/wp\/v2\/comments?post=2923"}],"wp:featuredmedia":[{"embeddable":true,"href":"https:\/\/www.ogrodolszanica.pl\/index.php\/wp-json\/wp\/v2\/media\/2920"}],"wp:attachment":[{"href":"https:\/\/www.ogrodolszanica.pl\/index.php\/wp-json\/wp\/v2\/media?parent=2923"}],"wp:term":[{"taxonomy":"product_cat","embeddable":true,"href":"https:\/\/www.ogrodolszanica.pl\/index.php\/wp-json\/wp\/v2\/product_cat?post=2923"},{"taxonomy":"product_tag","embeddable":true,"href":"https:\/\/www.ogrodolszanica.pl\/index.php\/wp-json\/wp\/v2\/product_tag?post=2923"}],"curies":[{"name":"wp","href":"https:\/\/api.w.org\/{rel}","templated":true}]}}