{"id":2731,"date":"2024-01-31T18:05:38","date_gmt":"2024-01-31T18:05:38","guid":{"rendered":"https:\/\/www.ogrodolszanica.pl\/?post_type=product&#038;p=2731"},"modified":"2026-04-12T18:42:37","modified_gmt":"2026-04-12T18:42:37","slug":"barwinek-alba","status":"publish","type":"product","link":"https:\/\/www.ogrodolszanica.pl\/index.php\/produkt\/barwinek-alba\/","title":{"rendered":"Barwinek Alba"},"content":{"rendered":"<div class=\"mpof_ki myre_zn myre_8v_l m389_6m_l\">\n<div class=\"mp4t_16_s mryx_16_s mr3m_1 mli2_1 mh85_56 mh85_0_l\">\n<div class=\"mgn2_16 _0d3bd_am0a-\">\n<h2>Barwinek pospolity Alba\u00a0 zimozielona ro\u015blina okrywowa o bia\u0142ych kwiatach do cienia i p\u00f3\u0142cienia<\/h2>\n<p>Barwinek pospolity Alba (Vinca minor ALBA) to ceniona, zimozielona ro\u015blina okrywowa wyr\u00f3\u017cniaj\u0105ca si\u0119 czysto bia\u0142ymi kwiatami, kt\u00f3re efektownie kontrastuj\u0105 z ciemnozielonym, b\u0142yszcz\u0105cym ulistnieniem. Li\u015bcie s\u0105 niewielkie, eliptyczne, sk\u00f3rzaste i dekoracyjne przez ca\u0142y rok, dzi\u0119ki czemu ro\u015blina zachowuje atrakcyjny wygl\u0105d tak\u017ce poza okresem kwitnienia. Barwinek ALBA kwitnie od maja do pocz\u0105tku czerwca, a w sprzyjaj\u0105cych warunkach mo\u017ce sporadycznie powtarza\u0107 kwitnienie latem. Ro\u015blina wytwarza dwa typy p\u0119d\u00f3w: d\u0142ugie, p\u0142o\u017c\u0105ce p\u0119dy letnie, dorastaj\u0105ce nawet do 50 cm, kt\u00f3re \u0142atwo si\u0119 ukorzeniaj\u0105, oraz kr\u00f3tsze, wzniesione p\u0119dy kwiatowe osi\u0105gaj\u0105ce 15\u201320 cm wysoko\u015bci. Dzi\u0119ki temu barwinek bardzo szybko tworzy g\u0119sty, szczelny dywan ro\u015blinny.<\/p>\n<ul>\n<li>Rodzaj:\u00a0<b>barwinek<\/b><\/li>\n<li>Stanowisko:\u00a0<b>s\u0142oneczne<\/b>\u00a0\u2600\ufe0f,\u00a0<b>p\u00f3\u0142cieniste<\/b><\/li>\n<li>Podlewanie:\u00a0<b>umiarkowane<\/b><\/li>\n<li>Barwa kwiatu:\u00a0<b>bia\u0142a<\/b><\/li>\n<li>Barwa li\u015bci:\u00a0<b>zielone<\/b><\/li>\n<li>Szeroko\u015b\u0107 \u2b05\ufe0f\u27a1\ufe0f:\u00a0<b>30-40 cm<\/b><\/li>\n<li>Wysoko\u015b\u0107 kwitnienia \u2b06\ufe0f:\u00a0<b>10-20 cm<\/b><\/li>\n<li>Okres kwitnienia \u27a1\ufe0f\u2b05\ufe0f:\u00a0<b>kwiecie\u0144 \u00f7 pa\u017adziernik<\/b><\/li>\n<li>Mrozoodporno\u015b\u0107:\u00a0<b>tak<\/b><\/li>\n<li>Ro\u015blina wieloletnia:\u00a0<b>tak<\/b><\/li>\n<\/ul>\n<\/div>\n<\/div>\n<div class=\"mp4t_16_s mryx_16_s mr3m_1 mli2_1 mh85_56 mh85_0_l\">\n<div class=\"mg9e_8 mj7a_8 mg9e_0_s mvrt_0_s mj7a_0_s mh36_0_s mzmg_6m munh_16_l m3h2_16_l\">\n<div class=\"mp4t_0 mryx_0 munh_56 m3h2_56\">\n<div class=\"mp7g_oh\"><button class=\"mg9e_0 mvrt_0 mj7a_0 mh36_0 mp4t_0 m3h2_0 mryx_0 munh_0 mqen_m6 mpof_z0 mx7m_0 m7er_k4 mse2_k4 msts_pt\" data-analytics-interaction=\"true\" data-analytics-interaction-label=\"zoomable-image-open\" aria-disabled=\"true\"><img decoding=\"async\" class=\"msub_k4 mupj_5k mjru_k4 mse2_k4 mp7g_f6 mq1m_0 mj7u_0 m7er_k4 mqen_m6 m31c_d8 m0ux_fp lazyloaded\" src=\"https:\/\/a.allegroimg.com\/original\/11a9e1\/5bcfd0d24163a6431ce3ddee083f\/Barwinek-pospolity-Alba\" sizes=\"(min-width: 1200px) 560px, (min-width: 992px) 50vw, 100vw\" srcset=\"https:\/\/a.allegroimg.com\/s360\/11a9e1\/5bcfd0d24163a6431ce3ddee083f\/Barwinek-pospolity-Alba 360w,https:\/\/a.allegroimg.com\/s720\/11a9e1\/5bcfd0d24163a6431ce3ddee083f\/Barwinek-pospolity-Alba 600w,https:\/\/a.allegroimg.com\/original\/11a9e1\/5bcfd0d24163a6431ce3ddee083f\/Barwinek-pospolity-Alba 600w\" alt=\"Barwinek pospolity Alba\" width=\"600px\" data-srcset=\"\" \/><\/button><\/div>\n<\/div>\n<\/div>\n<\/div>\n<\/div>\n<div class=\"mpof_ki myre_zn myre_8v_l m389_6m_l\">\n<div class=\"mp4t_16_s mryx_16_s mr3m_1 mli2_1 mh85_56 mh85_0_l\">\n<div class=\"mgn2_16 _0d3bd_am0a-\">\n<h1>Uwaga \u2757\u2757\u2757<\/h1>\n<p><b>Jedno zdj\u0119cie przedstawia ro\u015blin\u0119 w pe\u0142ni rozwini\u0119t\u0105, a drugie sadzonk\u0119 kt\u00f3ra jest w sprzeda\u017cy.<\/b><\/p>\n<p><b>Jednak \u017ce s\u0105 to \u017cywe ro\u015bliny i z tygodnia na tydzie\u0144 zmieniaj\u0105 sw\u00f3j wygl\u0105d. Mog\u0105 by\u0107 przyci\u0119te, a w okresie kwitnienia mog\u0105 by\u0107 wi\u0119ksze oraz z kwiatami.<\/b><\/p>\n<\/div>\n<\/div>\n<\/div>\n<div class=\"mpof_ki myre_zn myre_8v_l m389_6m_l\">\n<div class=\"mp4t_16_s mryx_16_s mr3m_1 mli2_1 mh85_56 mh85_0_l\">\n<div class=\"mg9e_8 mj7a_8 mg9e_0_s mvrt_0_s mj7a_0_s mh36_0_s mzmg_6m munh_16_l m3h2_16_l\">\n<div class=\"mp4t_0 mryx_0 munh_56 m3h2_56\">\n<div class=\"mp7g_oh\"><button class=\"mg9e_0 mvrt_0 mj7a_0 mh36_0 mp4t_0 m3h2_0 mryx_0 munh_0 mqen_m6 mpof_z0 mx7m_0 m7er_k4 mse2_k4 msts_pt\" data-analytics-interaction=\"true\" data-analytics-interaction-label=\"zoomable-image-open\" aria-disabled=\"true\"><img decoding=\"async\" class=\"msub_k4 mupj_5k mjru_k4 mse2_k4 mp7g_f6 mq1m_0 mj7u_0 m7er_k4 mqen_m6 m31c_d8 m0ux_fp lazyloaded\" src=\"https:\/\/a.allegroimg.com\/original\/1132b0\/238e96ef4a20a7cc996a1372c53d\/Barwinek-pospolity-Alba-Producent-nieznany-producent\" sizes=\"(min-width: 1200px) 560px, (min-width: 992px) 50vw, 100vw\" srcset=\"https:\/\/a.allegroimg.com\/s360\/1132b0\/238e96ef4a20a7cc996a1372c53d\/Barwinek-pospolity-Alba-Producent-nieznany-producent 270w,https:\/\/a.allegroimg.com\/s720\/1132b0\/238e96ef4a20a7cc996a1372c53d\/Barwinek-pospolity-Alba-Producent-nieznany-producent 540w,https:\/\/a.allegroimg.com\/s1024\/1132b0\/238e96ef4a20a7cc996a1372c53d\/Barwinek-pospolity-Alba-Producent-nieznany-producent 768w,https:\/\/a.allegroimg.com\/s1440\/1132b0\/238e96ef4a20a7cc996a1372c53d\/Barwinek-pospolity-Alba-Producent-nieznany-producent 1080w,https:\/\/a.allegroimg.com\/original\/1132b0\/238e96ef4a20a7cc996a1372c53d\/Barwinek-pospolity-Alba-Producent-nieznany-producent 1920w\" alt=\"Barwinek pospolity Alba Producent nieznany producent\" width=\"1920px\" data-srcset=\"\" \/><\/button><\/div>\n<\/div>\n<\/div>\n<\/div>\n<div class=\"mp4t_16_s mryx_16_s mr3m_1 mli2_1 mh85_56 mh85_0_l\">\n<div class=\"mg9e_8 mj7a_8 mg9e_0_s mvrt_0_s mj7a_0_s mh36_0_s mzmg_6m munh_16_l m3h2_16_l\">\n<div class=\"mp4t_0 mryx_0 munh_56 m3h2_56\">\n<div class=\"mp7g_oh\"><button class=\"mg9e_0 mvrt_0 mj7a_0 mh36_0 mp4t_0 m3h2_0 mryx_0 munh_0 mqen_m6 mpof_z0 mx7m_0 m7er_k4 mse2_k4 msts_pt\" data-analytics-interaction=\"true\" data-analytics-interaction-label=\"zoomable-image-open\" aria-disabled=\"true\"><img decoding=\"async\" class=\"msub_k4 mupj_5k mjru_k4 mse2_k4 mp7g_f6 mq1m_0 mj7u_0 m7er_k4 mqen_m6 m31c_d8 m0ux_fp lazyloaded\" src=\"https:\/\/a.allegroimg.com\/original\/11300f\/0b82effe4de79f01bf59745a3d4f\/Barwinek-pospolity-Alba-Rodzaj-rosliny-Inny\" sizes=\"(min-width: 1200px) 560px, (min-width: 992px) 50vw, 100vw\" srcset=\"https:\/\/a.allegroimg.com\/s360\/11300f\/0b82effe4de79f01bf59745a3d4f\/Barwinek-pospolity-Alba-Rodzaj-rosliny-Inny 270w,https:\/\/a.allegroimg.com\/s720\/11300f\/0b82effe4de79f01bf59745a3d4f\/Barwinek-pospolity-Alba-Rodzaj-rosliny-Inny 540w,https:\/\/a.allegroimg.com\/s1024\/11300f\/0b82effe4de79f01bf59745a3d4f\/Barwinek-pospolity-Alba-Rodzaj-rosliny-Inny 768w,https:\/\/a.allegroimg.com\/s1440\/11300f\/0b82effe4de79f01bf59745a3d4f\/Barwinek-pospolity-Alba-Rodzaj-rosliny-Inny 1080w,https:\/\/a.allegroimg.com\/original\/11300f\/0b82effe4de79f01bf59745a3d4f\/Barwinek-pospolity-Alba-Rodzaj-rosliny-Inny 1920w\" alt=\"Barwinek pospolity Alba Rodzaj ro\u015bliny Inny\" width=\"1920px\" data-srcset=\"\" \/><\/button><\/div>\n<\/div>\n<\/div>\n<\/div>\n<\/div>\n","protected":false},"excerpt":{"rendered":"<p>Barwinek pospolity Alba\u00a0 zimozielona ro\u015blina okrywowa o bia\u0142ych kwiatach do cienia i p\u00f3\u0142cienia Barwinek pospolity Alba (Vinca minor ALBA) to ceniona, zimozielona ro\u015blina okrywowa wyr\u00f3\u017cniaj\u0105ca si\u0119 czysto bia\u0142ymi kwiatami, kt\u00f3re efektownie kontrastuj\u0105 z ciemnozielonym, b\u0142yszcz\u0105cym ulistnieniem. Li\u015bcie s\u0105 niewielkie, eliptyczne, sk\u00f3rzaste i dekoracyjne przez ca\u0142y rok, dzi\u0119ki czemu ro\u015blina zachowuje atrakcyjny wygl\u0105d tak\u017ce poza okresem &hellip;<\/p>\n<p class=\"read-more\"> <a class=\"\" href=\"https:\/\/www.ogrodolszanica.pl\/index.php\/produkt\/barwinek-alba\/\"> <span class=\"screen-reader-text\">Barwinek Alba<\/span> Read More &raquo;<\/a><\/p>\n","protected":false},"featured_media":2732,"comment_status":"open","ping_status":"closed","template":"","meta":{"site-sidebar-layout":"default","site-content-layout":"default","ast-global-header-display":"","ast-main-header-display":"","ast-hfb-above-header-display":"","ast-hfb-below-header-display":"","ast-hfb-mobile-header-display":"","site-post-title":"","ast-breadcrumbs-content":"","ast-featured-img":"","footer-sml-layout":"","theme-transparent-header-meta":"default","adv-header-id-meta":"","stick-header-meta":"","header-above-stick-meta":"","header-main-stick-meta":"","header-below-stick-meta":"","spay_email":""},"product_cat":[29,98,20],"product_tag":[],"class_list":["post-2731","product","type-product","status-publish","has-post-thumbnail","hentry","product_cat-byliny","product_cat-inne","product_cat-rosliny"],"yoast_head":"<!-- This site is optimized with the Yoast SEO plugin v19.2 - https:\/\/yoast.com\/wordpress\/plugins\/seo\/ -->\n<title>Barwinek Alba - Ogr&oacute;d Olszanica<\/title>\n<meta name=\"robots\" content=\"index, follow, max-snippet:-1, max-image-preview:large, max-video-preview:-1\" \/>\n<link rel=\"canonical\" href=\"https:\/\/www.ogrodolszanica.pl\/index.php\/produkt\/barwinek-alba\/\" \/>\n<meta property=\"og:locale\" content=\"pl_PL\" \/>\n<meta property=\"og:type\" content=\"article\" \/>\n<meta property=\"og:title\" content=\"Barwinek Alba - Ogr&oacute;d Olszanica\" \/>\n<meta property=\"og:description\" content=\"Barwinek pospolity Alba\u00a0 zimozielona ro\u015blina okrywowa o bia\u0142ych kwiatach do cienia i p\u00f3\u0142cienia Barwinek pospolity Alba (Vinca minor ALBA) to ceniona, zimozielona ro\u015blina okrywowa wyr\u00f3\u017cniaj\u0105ca si\u0119 czysto bia\u0142ymi kwiatami, kt\u00f3re efektownie kontrastuj\u0105 z ciemnozielonym, b\u0142yszcz\u0105cym ulistnieniem. Li\u015bcie s\u0105 niewielkie, eliptyczne, sk\u00f3rzaste i dekoracyjne przez ca\u0142y rok, dzi\u0119ki czemu ro\u015blina zachowuje atrakcyjny wygl\u0105d tak\u017ce poza okresem &hellip; Barwinek Alba Read More &raquo;\" \/>\n<meta property=\"og:url\" content=\"https:\/\/www.ogrodolszanica.pl\/index.php\/produkt\/barwinek-alba\/\" \/>\n<meta property=\"og:site_name\" content=\"Ogr&oacute;d Olszanica\" \/>\n<meta property=\"article:publisher\" content=\"https:\/\/www.facebook.com\/Ogrd-Olszanica-100807179225223\" \/>\n<meta property=\"article:modified_time\" content=\"2026-04-12T18:42:37+00:00\" \/>\n<meta property=\"og:image\" content=\"https:\/\/www.ogrodolszanica.pl\/wp-content\/uploads\/2024\/01\/vinca-minor-alba_71551_1.jpg\" \/>\n\t<meta property=\"og:image:width\" content=\"650\" \/>\n\t<meta property=\"og:image:height\" content=\"650\" \/>\n\t<meta property=\"og:image:type\" content=\"image\/jpeg\" \/>\n<meta name=\"author\" content=\"admin\" \/>\n<meta name=\"twitter:card\" content=\"summary_large_image\" \/>\n<meta name=\"twitter:label1\" content=\"Szacowany czas czytania\" \/>\n\t<meta name=\"twitter:data1\" content=\"1 minuta\" \/>\n<script type=\"application\/ld+json\" class=\"yoast-schema-graph\">{\"@context\":\"https:\/\/schema.org\",\"@graph\":[{\"@type\":\"Organization\",\"@id\":\"https:\/\/www.ogrodolszanica.pl\/#organization\",\"name\":\"Ogr\u00f3d Olszanica - Krakowskie Centrum Ogrodnicze\",\"url\":\"https:\/\/www.ogrodolszanica.pl\/\",\"sameAs\":[\"https:\/\/www.facebook.com\/Ogrd-Olszanica-100807179225223\"],\"logo\":{\"@type\":\"ImageObject\",\"inLanguage\":\"pl-PL\",\"@id\":\"https:\/\/www.ogrodolszanica.pl\/#\/schema\/logo\/image\/\",\"url\":\"http:\/\/www.ogrodolszanica.pl\/wp-content\/uploads\/2022\/06\/Ogrod-Olszanica1-1.png\",\"contentUrl\":\"http:\/\/www.ogrodolszanica.pl\/wp-content\/uploads\/2022\/06\/Ogrod-Olszanica1-1.png\",\"width\":180,\"height\":60,\"caption\":\"Ogr\u00f3d Olszanica - Krakowskie Centrum Ogrodnicze\"},\"image\":{\"@id\":\"https:\/\/www.ogrodolszanica.pl\/#\/schema\/logo\/image\/\"}},{\"@type\":\"WebSite\",\"@id\":\"https:\/\/www.ogrodolszanica.pl\/#website\",\"url\":\"https:\/\/www.ogrodolszanica.pl\/\",\"name\":\"Ogr&oacute;d Olszanica\",\"description\":\"Centrum Ogrodnicze Krak&oacute;w\",\"publisher\":{\"@id\":\"https:\/\/www.ogrodolszanica.pl\/#organization\"},\"potentialAction\":[{\"@type\":\"SearchAction\",\"target\":{\"@type\":\"EntryPoint\",\"urlTemplate\":\"https:\/\/www.ogrodolszanica.pl\/?s={search_term_string}\"},\"query-input\":\"required name=search_term_string\"}],\"inLanguage\":\"pl-PL\"},{\"@type\":\"ImageObject\",\"inLanguage\":\"pl-PL\",\"@id\":\"https:\/\/www.ogrodolszanica.pl\/index.php\/produkt\/barwinek-alba\/#primaryimage\",\"url\":\"https:\/\/i0.wp.com\/www.ogrodolszanica.pl\/wp-content\/uploads\/2024\/01\/vinca-minor-alba_71551_1.jpg?fit=650%2C650&ssl=1\",\"contentUrl\":\"https:\/\/i0.wp.com\/www.ogrodolszanica.pl\/wp-content\/uploads\/2024\/01\/vinca-minor-alba_71551_1.jpg?fit=650%2C650&ssl=1\",\"width\":650,\"height\":650},{\"@type\":\"WebPage\",\"@id\":\"https:\/\/www.ogrodolszanica.pl\/index.php\/produkt\/barwinek-alba\/#webpage\",\"url\":\"https:\/\/www.ogrodolszanica.pl\/index.php\/produkt\/barwinek-alba\/\",\"name\":\"Barwinek Alba - Ogr&oacute;d Olszanica\",\"isPartOf\":{\"@id\":\"https:\/\/www.ogrodolszanica.pl\/#website\"},\"primaryImageOfPage\":{\"@id\":\"https:\/\/www.ogrodolszanica.pl\/index.php\/produkt\/barwinek-alba\/#primaryimage\"},\"datePublished\":\"2024-01-31T18:05:38+00:00\",\"dateModified\":\"2026-04-12T18:42:37+00:00\",\"breadcrumb\":{\"@id\":\"https:\/\/www.ogrodolszanica.pl\/index.php\/produkt\/barwinek-alba\/#breadcrumb\"},\"inLanguage\":\"pl-PL\",\"potentialAction\":[{\"@type\":\"ReadAction\",\"target\":[\"https:\/\/www.ogrodolszanica.pl\/index.php\/produkt\/barwinek-alba\/\"]}]},{\"@type\":\"BreadcrumbList\",\"@id\":\"https:\/\/www.ogrodolszanica.pl\/index.php\/produkt\/barwinek-alba\/#breadcrumb\",\"itemListElement\":[{\"@type\":\"ListItem\",\"position\":1,\"name\":\"Strona g\u0142\u00f3wna\",\"item\":\"https:\/\/www.ogrodolszanica.pl\/\"},{\"@type\":\"ListItem\",\"position\":2,\"name\":\"Produkty\",\"item\":\"https:\/\/www.ogrodolszanica.pl\/index.php\/shop\/\"},{\"@type\":\"ListItem\",\"position\":3,\"name\":\"Barwinek Alba\"}]}]}<\/script>\n<!-- \/ Yoast SEO plugin. -->","yoast_head_json":{"title":"Barwinek Alba - Ogr&oacute;d Olszanica","robots":{"index":"index","follow":"follow","max-snippet":"max-snippet:-1","max-image-preview":"max-image-preview:large","max-video-preview":"max-video-preview:-1"},"canonical":"https:\/\/www.ogrodolszanica.pl\/index.php\/produkt\/barwinek-alba\/","og_locale":"pl_PL","og_type":"article","og_title":"Barwinek Alba - Ogr&oacute;d Olszanica","og_description":"Barwinek pospolity Alba\u00a0 zimozielona ro\u015blina okrywowa o bia\u0142ych kwiatach do cienia i p\u00f3\u0142cienia Barwinek pospolity Alba (Vinca minor ALBA) to ceniona, zimozielona ro\u015blina okrywowa wyr\u00f3\u017cniaj\u0105ca si\u0119 czysto bia\u0142ymi kwiatami, kt\u00f3re efektownie kontrastuj\u0105 z ciemnozielonym, b\u0142yszcz\u0105cym ulistnieniem. Li\u015bcie s\u0105 niewielkie, eliptyczne, sk\u00f3rzaste i dekoracyjne przez ca\u0142y rok, dzi\u0119ki czemu ro\u015blina zachowuje atrakcyjny wygl\u0105d tak\u017ce poza okresem &hellip; Barwinek Alba Read More &raquo;","og_url":"https:\/\/www.ogrodolszanica.pl\/index.php\/produkt\/barwinek-alba\/","og_site_name":"Ogr&oacute;d Olszanica","article_publisher":"https:\/\/www.facebook.com\/Ogrd-Olszanica-100807179225223","article_modified_time":"2026-04-12T18:42:37+00:00","og_image":[{"width":650,"height":650,"url":"https:\/\/www.ogrodolszanica.pl\/wp-content\/uploads\/2024\/01\/vinca-minor-alba_71551_1.jpg","type":"image\/jpeg"}],"author":"admin","twitter_card":"summary_large_image","twitter_misc":{"Szacowany czas czytania":"1 minuta"},"schema":{"@context":"https:\/\/schema.org","@graph":[{"@type":"Organization","@id":"https:\/\/www.ogrodolszanica.pl\/#organization","name":"Ogr\u00f3d Olszanica - Krakowskie Centrum Ogrodnicze","url":"https:\/\/www.ogrodolszanica.pl\/","sameAs":["https:\/\/www.facebook.com\/Ogrd-Olszanica-100807179225223"],"logo":{"@type":"ImageObject","inLanguage":"pl-PL","@id":"https:\/\/www.ogrodolszanica.pl\/#\/schema\/logo\/image\/","url":"http:\/\/www.ogrodolszanica.pl\/wp-content\/uploads\/2022\/06\/Ogrod-Olszanica1-1.png","contentUrl":"http:\/\/www.ogrodolszanica.pl\/wp-content\/uploads\/2022\/06\/Ogrod-Olszanica1-1.png","width":180,"height":60,"caption":"Ogr\u00f3d Olszanica - Krakowskie Centrum Ogrodnicze"},"image":{"@id":"https:\/\/www.ogrodolszanica.pl\/#\/schema\/logo\/image\/"}},{"@type":"WebSite","@id":"https:\/\/www.ogrodolszanica.pl\/#website","url":"https:\/\/www.ogrodolszanica.pl\/","name":"Ogr&oacute;d Olszanica","description":"Centrum Ogrodnicze Krak&oacute;w","publisher":{"@id":"https:\/\/www.ogrodolszanica.pl\/#organization"},"potentialAction":[{"@type":"SearchAction","target":{"@type":"EntryPoint","urlTemplate":"https:\/\/www.ogrodolszanica.pl\/?s={search_term_string}"},"query-input":"required name=search_term_string"}],"inLanguage":"pl-PL"},{"@type":"ImageObject","inLanguage":"pl-PL","@id":"https:\/\/www.ogrodolszanica.pl\/index.php\/produkt\/barwinek-alba\/#primaryimage","url":"https:\/\/i0.wp.com\/www.ogrodolszanica.pl\/wp-content\/uploads\/2024\/01\/vinca-minor-alba_71551_1.jpg?fit=650%2C650&ssl=1","contentUrl":"https:\/\/i0.wp.com\/www.ogrodolszanica.pl\/wp-content\/uploads\/2024\/01\/vinca-minor-alba_71551_1.jpg?fit=650%2C650&ssl=1","width":650,"height":650},{"@type":"WebPage","@id":"https:\/\/www.ogrodolszanica.pl\/index.php\/produkt\/barwinek-alba\/#webpage","url":"https:\/\/www.ogrodolszanica.pl\/index.php\/produkt\/barwinek-alba\/","name":"Barwinek Alba - Ogr&oacute;d Olszanica","isPartOf":{"@id":"https:\/\/www.ogrodolszanica.pl\/#website"},"primaryImageOfPage":{"@id":"https:\/\/www.ogrodolszanica.pl\/index.php\/produkt\/barwinek-alba\/#primaryimage"},"datePublished":"2024-01-31T18:05:38+00:00","dateModified":"2026-04-12T18:42:37+00:00","breadcrumb":{"@id":"https:\/\/www.ogrodolszanica.pl\/index.php\/produkt\/barwinek-alba\/#breadcrumb"},"inLanguage":"pl-PL","potentialAction":[{"@type":"ReadAction","target":["https:\/\/www.ogrodolszanica.pl\/index.php\/produkt\/barwinek-alba\/"]}]},{"@type":"BreadcrumbList","@id":"https:\/\/www.ogrodolszanica.pl\/index.php\/produkt\/barwinek-alba\/#breadcrumb","itemListElement":[{"@type":"ListItem","position":1,"name":"Strona g\u0142\u00f3wna","item":"https:\/\/www.ogrodolszanica.pl\/"},{"@type":"ListItem","position":2,"name":"Produkty","item":"https:\/\/www.ogrodolszanica.pl\/index.php\/shop\/"},{"@type":"ListItem","position":3,"name":"Barwinek Alba"}]}]}},"jetpack-related-posts":[{"id":3363,"url":"https:\/\/www.ogrodolszanica.pl\/index.php\/produkt\/barwinek-pospolity-variegata-vinca-minor\/","url_meta":{"origin":2731,"position":0},"title":"Barwinek pospolity Variegata Vinca minor","date":"24 lutego, 2026","format":false,"excerpt":"Barwinek pospolity Variegata Vinca minor Barwinek pospolity 'Variegata' to niezawodna ro\u015blina okrywowa o bardzo dekoracyjnym, zimozielonym ulistnieniu, kt\u00f3re wiosn\u0105 ozdobione jest dodatkowo \u015blicznymi, niebiesko-fioletowymi kwiatami. Tworzy p\u0142o\u017c\u0105ce si\u0119 k\u0119py, osi\u0105gaj\u0105ce oko\u0142o 10-15 cm wysoko\u015bci i rozprzestrzeniaj\u0105ce si\u0119 do oko\u0142o 60-80 cm. Atrakcyjne, eliptyczne, sk\u00f3rzaste, ciemnozielone li\u015bcie o charakterystycznej, nieregularnej, kremowej\u2026","rel":"","context":"Similar post","img":{"alt_text":"","src":"https:\/\/i0.wp.com\/www.ogrodolszanica.pl\/wp-content\/uploads\/2026\/02\/Barwinek-pospolity-Variegata-Vinca-minor-v1-scaled.jpg?fit=904%2C1200&ssl=1&resize=350%2C200","width":350,"height":200},"classes":[]},{"id":2272,"url":"https:\/\/www.ogrodolszanica.pl\/index.php\/produkt\/barwinek\/","url_meta":{"origin":2731,"position":1},"title":"Barwinek fioletowy","date":"6 czerwca, 2023","format":false,"excerpt":"Barwinek Doskona\u0142a ro\u015blina okrywowa stosowana w\u00a0parkach, ogrodach, pod drzewami. Barwinek efektownie prezentuje si\u0119 w\u00a0cienistych ogrodach, w\u00a0miejscach gdzie jest mieszany z\u00a0zawilcami, konwaliami i\u00a0paprotnikami.- Vinca minor. Kwiaty ukazuj\u0105ce si\u0119 od maja do czerwca, czasem zdarza si\u0119 \u017ce\u00a0barwinek zakwitnie powt\u00f3rnie. Rodzaj:\u00a0barwinek Stanowisko:\u00a0s\u0142oneczne\u00a0\u2600\ufe0f,\u00a0p\u00f3\u0142cieniste Podlewanie:\u00a0umiarkowane Barwa kwiatu:\u00a0niebieska, fioletowa Barwa li\u015bci:\u00a0zielone Szeroko\u015b\u0107 \u2b05\ufe0f\u27a1\ufe0f:\u00a030-40 cm Wysoko\u015b\u0107 kwitnienia\u2026","rel":"","context":"Similar post","img":{"alt_text":"","src":"https:\/\/i0.wp.com\/www.ogrodolszanica.pl\/wp-content\/uploads\/2023\/06\/vinca-bowles-cunningham_71553_2.jpg?fit=650%2C467&ssl=1&resize=350%2C200","width":350,"height":200},"classes":[]},{"id":3541,"url":"https:\/\/www.ogrodolszanica.pl\/index.php\/produkt\/orlik-pospolity-blue-barlow\/","url_meta":{"origin":2731,"position":2},"title":"Orlik pospolity 'Blue Barlow&#8217;","date":"27 lutego, 2026","format":false,"excerpt":"Orlik pospolity Blue Barlow\u00a0Aquilegia vulgaris Blue Barlow K\u0119piasta bylina z kwiatami o oryginalnym zabarwieniu, o listkach okwiatu barwy niebieskofioletowej. P\u0119dy kwiatowe wyprostowane, wysoko\u015bci do 80 cm, rozga\u0142\u0119zione, z kilkoma kwiatami na wierzcho\u0142kach. Li\u015bcie z\u0142o\u017cone, podw\u00f3jnie tr\u00f3jdzielne, o odcinkach tr\u00f3jklapowych, sinawozielone, od spodu znacznie ja\u015bniejsze. Kwiaty o charakterystycznej budowie zwisaj\u0105ce, na\u2026","rel":"","context":"Similar post","img":{"alt_text":"","src":"https:\/\/i0.wp.com\/www.ogrodolszanica.pl\/wp-content\/uploads\/2026\/02\/Orlik-pospolity-Blue-Barlow-scaled.jpg?fit=904%2C1200&ssl=1&resize=350%2C200","width":350,"height":200},"classes":[]},{"id":1783,"url":"https:\/\/www.ogrodolszanica.pl\/index.php\/produkt\/swierk-pospolity-formanek\/","url_meta":{"origin":2731,"position":3},"title":"\u015awierk Pospolity Formanek","date":"19 lipca, 2022","format":false,"excerpt":"\u015awierk Pospolity Formanek P\u0142o\u017c\u0105ca, nie wytwarzaj\u0105ca przewodnika odmiana \u015bwierka pospolitego. P\u0119dy \u015bciel\u0105 si\u0119 po ziemi, g\u0119sto okrywaj\u0105c pod\u0142o\u017ce. Wzrost kar\u0142owy. Roczne przyrosty 8-15 cm. Ig\u0142y kr\u00f3tkie, \u017cywozielone. Nie zawi\u0105zuje szyszek. Mo\u017cna go stosowa\u0107 jako ro\u015blin\u0119 okrywow\u0105 lub tworzy\u0107 form\u0119 zwisaj\u0105c\u0105 poprzez systematyczne podwi\u0105zywanie wybranego p\u0119du do palika, a\u017c do osi\u0105gni\u0119cia\u2026","rel":"","context":"Similar post","img":{"alt_text":"","src":"https:\/\/i0.wp.com\/www.ogrodolszanica.pl\/wp-content\/uploads\/2022\/07\/291820026_608173750823178_4030320990318717580_n.jpg?fit=900%2C1200&ssl=1&resize=350%2C200","width":350,"height":200},"classes":[]},{"id":1627,"url":"https:\/\/www.ogrodolszanica.pl\/index.php\/produkt\/krwawnik-paprika\/","url_meta":{"origin":2731,"position":4},"title":"Krwawnik Paprika","date":"14 lipca, 2022","format":false,"excerpt":"Krwawnik pospolity 'Paprika' Achillea millefolium Bylina o pi\u0119knych, intensywnie czerwonych kwiatach, kt\u00f3re zmieniaj\u0105 swoje zabarwienie wraz z rozwojem. Krwawnik pospolity 'Paprika' dorasta do 60-70 cm wysoko\u015bci. Wytwarza lancetowate, ciemnozielone, pierzaste li\u015bcie, kt\u00f3re nadaj\u0105 ro\u015blinie lekko\u015bci i uroku oraz stanowi\u0105 wspania\u0142e t\u0142o dla intensywnie czerwonych kwiat\u00f3w. Krwawnik 'Paprika' kwitnie od czerwca\u2026","rel":"","context":"Similar post","img":{"alt_text":"","src":"https:\/\/i0.wp.com\/www.ogrodolszanica.pl\/wp-content\/uploads\/2022\/07\/Krwawnik-Paprika-v9-scaled.jpg?fit=904%2C1200&ssl=1&resize=350%2C200","width":350,"height":200},"classes":[]},{"id":2713,"url":"https:\/\/www.ogrodolszanica.pl\/index.php\/produkt\/zagwin-axcent-burgundy\/","url_meta":{"origin":2731,"position":5},"title":"\u017bagwin Axcent\u2122 Burgundy","date":"31 stycznia, 2024","format":false,"excerpt":"\u017bagwin Axcent Bargundy Odmiana 'Axcent Burgundy' to zimozielona ro\u015blina okrywowa tworz\u0105ca zwarte kobierce. Kwitnie wiosn\u0105, bardzo obficie. Doskona\u0142a do ogr\u00f3dk\u00f3w skalnych, obasadzania murk\u00f3w, obw\u00f3dek. Najlepiej ro\u015bnie w pe\u0142nym s\u0142o\u0144cu na \u017cyznych, umiarkowanie wilgotnych glebach. Rodzaj: \u017bagwin Barwa: Ciemnoczerwona szeroko\u015b\u0107: 40\u00a0cm wysoko\u015b\u0107: 15\u00a0cm wysoko\u015b\u0107 (kwitnienie): 20 cm kwitnienie: marzec \u00f7 maj\u2026","rel":"","context":"Similar post","img":{"alt_text":"","src":"https:\/\/i0.wp.com\/www.ogrodolszanica.pl\/wp-content\/uploads\/2024\/01\/aubrieta-axcent-burgundy_2.jpg?fit=650%2C511&ssl=1&resize=350%2C200","width":350,"height":200},"classes":[]}],"_links":{"self":[{"href":"https:\/\/www.ogrodolszanica.pl\/index.php\/wp-json\/wp\/v2\/product\/2731","targetHints":{"allow":["GET"]}}],"collection":[{"href":"https:\/\/www.ogrodolszanica.pl\/index.php\/wp-json\/wp\/v2\/product"}],"about":[{"href":"https:\/\/www.ogrodolszanica.pl\/index.php\/wp-json\/wp\/v2\/types\/product"}],"replies":[{"embeddable":true,"href":"https:\/\/www.ogrodolszanica.pl\/index.php\/wp-json\/wp\/v2\/comments?post=2731"}],"wp:featuredmedia":[{"embeddable":true,"href":"https:\/\/www.ogrodolszanica.pl\/index.php\/wp-json\/wp\/v2\/media\/2732"}],"wp:attachment":[{"href":"https:\/\/www.ogrodolszanica.pl\/index.php\/wp-json\/wp\/v2\/media?parent=2731"}],"wp:term":[{"taxonomy":"product_cat","embeddable":true,"href":"https:\/\/www.ogrodolszanica.pl\/index.php\/wp-json\/wp\/v2\/product_cat?post=2731"},{"taxonomy":"product_tag","embeddable":true,"href":"https:\/\/www.ogrodolszanica.pl\/index.php\/wp-json\/wp\/v2\/product_tag?post=2731"}],"curies":[{"name":"wp","href":"https:\/\/api.w.org\/{rel}","templated":true}]}}