{"id":2719,"date":"2024-01-31T15:49:34","date_gmt":"2024-01-31T15:49:34","guid":{"rendered":"https:\/\/www.ogrodolszanica.pl\/?post_type=product&#038;p=2719"},"modified":"2026-03-07T19:24:18","modified_gmt":"2026-03-07T19:24:18","slug":"dzielzan-mariachi-sombrero","status":"publish","type":"product","link":"https:\/\/www.ogrodolszanica.pl\/index.php\/produkt\/dzielzan-mariachi-sombrero\/","title":{"rendered":"Dziel\u017can Mariachi Sombrero"},"content":{"rendered":"<div class=\"mpof_ki myre_zn myre_8v_l m389_6m_l\">\n<div class=\"mp4t_16_s mryx_16_s mr3m_1 mli2_1 mh85_56 mh85_0_l\">\n<div class=\"mgn2_16 _0d3bd_am0a-\">\n<h1>Dziel\u017can Mariachi Sombrero<\/h1>\n<p>Dziel\u017can 'Mariachi Sombrero\u2019 charakteryzuje si\u0119 kwiatami o intensywnie \u017c\u00f3\u0142tych p\u0142atkach, kt\u00f3re \u015bci\u015ble okalaj\u0105 wypuk\u0142y miodowo\u017c\u00f3\u0142ty \u015brodek. Ro\u015blina ma zielone, eliptyczne li\u015bcie na tle kt\u00f3rych pi\u0119knie wida\u0107 kwiaty. Odmiana dorasta do 60 cm wysoko\u015bci i tworzy zwart\u0105 wyprostowan\u0105 k\u0119p\u0119. Z \u0142atwo\u015bci\u0105 rozrasta si\u0119 na boki, nawet do 50 cm. Bylina jest miododajna i lubiana przez owady.<\/p>\n<ul>\n<li>Rodzaj:\u00a0<b>dziel\u017can<\/b><\/li>\n<li>Stanowisko:\u00a0<b>s\u0142oneczne<\/b>\u00a0\u2600\ufe0f<\/li>\n<li>Podlewanie:\u00a0<b>przeci\u0119tne<\/b><\/li>\n<li>Barwa kwiatu:\u00a0<b>\u017c\u00f3\u0142ty<\/b><\/li>\n<li>Barwa li\u015bci:\u00a0<b>zielone<\/b><\/li>\n<li>Szeroko\u015b\u0107 \u2b05\ufe0f\u27a1\ufe0f:\u00a0<b>40-50 cm<\/b><\/li>\n<li>Wysoko\u015b\u0107 kwitnienia \u2b06\ufe0f:\u00a0<b>50-60 cm<\/b><\/li>\n<li>Okres kwitnienia \u27a1\ufe0f\u2b05\ufe0f:\u00a0<b>czerwiec \u00f7 wrzesie\u0144<\/b><\/li>\n<li>Mrozoodporno\u015b\u0107:\u00a0<b>tak<\/b><\/li>\n<li>Ro\u015blina wieloletnia:\u00a0<b>tak<\/b><\/li>\n<\/ul>\n<\/div>\n<\/div>\n<div class=\"mp4t_16_s mryx_16_s mr3m_1 mli2_1 mh85_56 mh85_0_l\">\n<div class=\"mg9e_8 mj7a_8 mg9e_0_s mvrt_0_s mj7a_0_s mh36_0_s mzmg_6m munh_16_l m3h2_16_l\">\n<div class=\"mp4t_0 mryx_0 munh_56 m3h2_56\">\n<div class=\"mp7g_oh\"><button class=\"mg9e_0 mvrt_0 mj7a_0 mh36_0 mp4t_0 m3h2_0 mryx_0 munh_0 mqen_m6 mpof_z0 mx7m_0 m7er_k4 mse2_k4 msts_pt\" data-analytics-interaction=\"true\" data-analytics-interaction-label=\"zoomable-image-open\" aria-disabled=\"true\"><img decoding=\"async\" class=\"msub_k4 mupj_5k mjru_k4 mse2_k4 mp7g_f6 mq1m_0 mj7u_0 m7er_k4 mqen_m6 m31c_d8 m0ux_fp lazyloaded\" src=\"https:\/\/a.allegroimg.com\/original\/115932\/6be4eb264d6bbf410cc5ec9965c3\/Dzielzan-Mariachi-Sombrero-intensywny-zolty-duza-sadzonka-wieloletnia-Producent-nieznany-producent\" sizes=\"(min-width: 1200px) 560px, (min-width: 992px) 50vw, 100vw\" srcset=\"https:\/\/a.allegroimg.com\/s360\/115932\/6be4eb264d6bbf410cc5ec9965c3\/Dzielzan-Mariachi-Sombrero-intensywny-zolty-duza-sadzonka-wieloletnia-Producent-nieznany-producent 270w,https:\/\/a.allegroimg.com\/s720\/115932\/6be4eb264d6bbf410cc5ec9965c3\/Dzielzan-Mariachi-Sombrero-intensywny-zolty-duza-sadzonka-wieloletnia-Producent-nieznany-producent 541w,https:\/\/a.allegroimg.com\/s1024\/115932\/6be4eb264d6bbf410cc5ec9965c3\/Dzielzan-Mariachi-Sombrero-intensywny-zolty-duza-sadzonka-wieloletnia-Producent-nieznany-producent 770w,https:\/\/a.allegroimg.com\/s1440\/115932\/6be4eb264d6bbf410cc5ec9965c3\/Dzielzan-Mariachi-Sombrero-intensywny-zolty-duza-sadzonka-wieloletnia-Producent-nieznany-producent 1083w,https:\/\/a.allegroimg.com\/original\/115932\/6be4eb264d6bbf410cc5ec9965c3\/Dzielzan-Mariachi-Sombrero-intensywny-zolty-duza-sadzonka-wieloletnia-Producent-nieznany-producent 1927w\" alt=\"Dziel\u017can Mariachi Sombrero intensywny \u017c\u00f3\u0142ty du\u017ca sadzonka wieloletnia Producent nieznany producent\" width=\"1927px\" data-srcset=\"\" \/><\/button><\/div>\n<\/div>\n<\/div>\n<\/div>\n<\/div>\n<div class=\"mpof_ki myre_zn myre_8v_l m389_6m_l\">\n<div class=\"mp4t_16_s mryx_16_s mr3m_1 mli2_1 mh85_56 mh85_0_l\">\n<div class=\"mgn2_16 _0d3bd_am0a-\">\n<h1>Uwaga \u2757\u2757\u2757<\/h1>\n<p><b>Jedno zdj\u0119cie przedstawia ro\u015blin\u0119 w pe\u0142ni rozwini\u0119t\u0105, a drugie sadzonk\u0119 kt\u00f3ra jest w sprzeda\u017cy.<\/b><\/p>\n<p><b>Jednak \u017ce s\u0105 to \u017cywe ro\u015bliny i z tygodnia na tydzie\u0144 zmieniaj\u0105 sw\u00f3j wygl\u0105d. Mog\u0105 by\u0107 przyci\u0119te, a w okresie kwitnienia mog\u0105 by\u0107 wi\u0119ksze oraz z kwiatami.<\/b><\/p>\n<\/div>\n<\/div>\n<\/div>\n<div class=\"mpof_ki myre_zn myre_8v_l m389_6m_l\">\n<div class=\"mp4t_16_s mryx_16_s mr3m_1 mli2_1 mh85_56 mh85_0_l\">\n<div class=\"mg9e_8 mj7a_8 mg9e_0_s mvrt_0_s mj7a_0_s mh36_0_s mzmg_6m munh_16_l m3h2_16_l\">\n<div class=\"mp4t_0 mryx_0 munh_56 m3h2_56\">\n<div class=\"mp7g_oh\"><button class=\"mg9e_0 mvrt_0 mj7a_0 mh36_0 mp4t_0 m3h2_0 mryx_0 munh_0 mqen_m6 mpof_z0 mx7m_0 m7er_k4 mse2_k4 msts_pt\" data-analytics-interaction=\"true\" data-analytics-interaction-label=\"zoomable-image-open\" aria-disabled=\"true\"><img decoding=\"async\" class=\"msub_k4 mupj_5k mjru_k4 mse2_k4 mp7g_f6 mq1m_0 mj7u_0 m7er_k4 mqen_m6 m31c_d8 m0ux_fp lazyloaded\" src=\"https:\/\/a.allegroimg.com\/original\/118a28\/e6c62d874bf98d3f36dd3417a395\/Dzielzan-Mariachi-Sombrero-intensywny-zolty-duza-sadzonka-wieloletnia-Rodzaj-rosliny-Inny\" sizes=\"(min-width: 1200px) 560px, (min-width: 992px) 50vw, 100vw\" srcset=\"https:\/\/a.allegroimg.com\/s360\/118a28\/e6c62d874bf98d3f36dd3417a395\/Dzielzan-Mariachi-Sombrero-intensywny-zolty-duza-sadzonka-wieloletnia-Rodzaj-rosliny-Inny 270w,https:\/\/a.allegroimg.com\/s720\/118a28\/e6c62d874bf98d3f36dd3417a395\/Dzielzan-Mariachi-Sombrero-intensywny-zolty-duza-sadzonka-wieloletnia-Rodzaj-rosliny-Inny 541w,https:\/\/a.allegroimg.com\/s1024\/118a28\/e6c62d874bf98d3f36dd3417a395\/Dzielzan-Mariachi-Sombrero-intensywny-zolty-duza-sadzonka-wieloletnia-Rodzaj-rosliny-Inny 770w,https:\/\/a.allegroimg.com\/s1440\/118a28\/e6c62d874bf98d3f36dd3417a395\/Dzielzan-Mariachi-Sombrero-intensywny-zolty-duza-sadzonka-wieloletnia-Rodzaj-rosliny-Inny 1083w,https:\/\/a.allegroimg.com\/original\/118a28\/e6c62d874bf98d3f36dd3417a395\/Dzielzan-Mariachi-Sombrero-intensywny-zolty-duza-sadzonka-wieloletnia-Rodzaj-rosliny-Inny 1927w\" alt=\"Dziel\u017can Mariachi Sombrero intensywny \u017c\u00f3\u0142ty du\u017ca sadzonka wieloletnia Rodzaj ro\u015bliny Inny\" width=\"1927px\" data-srcset=\"\" \/><\/button><\/div>\n<\/div>\n<\/div>\n<\/div>\n<div class=\"mp4t_16_s mryx_16_s mr3m_1 mli2_1 mh85_56 mh85_0_l\">\n<div class=\"mg9e_8 mj7a_8 mg9e_0_s mvrt_0_s mj7a_0_s mh36_0_s mzmg_6m munh_16_l m3h2_16_l\">\n<div class=\"mp4t_0 mryx_0 munh_56 m3h2_56\">\n<div class=\"mp7g_oh\"><button class=\"mg9e_0 mvrt_0 mj7a_0 mh36_0 mp4t_0 m3h2_0 mryx_0 munh_0 mqen_m6 mpof_z0 mx7m_0 m7er_k4 mse2_k4 msts_pt\" data-analytics-interaction=\"true\" data-analytics-interaction-label=\"zoomable-image-open\" aria-disabled=\"true\"><img decoding=\"async\" class=\"msub_k4 mupj_5k mjru_k4 mse2_k4 mp7g_f6 mq1m_0 mj7u_0 m7er_k4 mqen_m6 m31c_d8 m0ux_fp lazyloaded\" src=\"https:\/\/a.allegroimg.com\/original\/113e97\/96499c0b4ffd9aa487f077d533aa\/Dzielzan-Mariachi-Sombrero-intensywny-zolty-duza-sadzonka-wieloletnia-Kolor-kwiatow-zolty\" sizes=\"(min-width: 1200px) 560px, (min-width: 992px) 50vw, 100vw\" srcset=\"https:\/\/a.allegroimg.com\/s360\/113e97\/96499c0b4ffd9aa487f077d533aa\/Dzielzan-Mariachi-Sombrero-intensywny-zolty-duza-sadzonka-wieloletnia-Kolor-kwiatow-zolty 270w,https:\/\/a.allegroimg.com\/s720\/113e97\/96499c0b4ffd9aa487f077d533aa\/Dzielzan-Mariachi-Sombrero-intensywny-zolty-duza-sadzonka-wieloletnia-Kolor-kwiatow-zolty 541w,https:\/\/a.allegroimg.com\/s1024\/113e97\/96499c0b4ffd9aa487f077d533aa\/Dzielzan-Mariachi-Sombrero-intensywny-zolty-duza-sadzonka-wieloletnia-Kolor-kwiatow-zolty 770w,https:\/\/a.allegroimg.com\/s1440\/113e97\/96499c0b4ffd9aa487f077d533aa\/Dzielzan-Mariachi-Sombrero-intensywny-zolty-duza-sadzonka-wieloletnia-Kolor-kwiatow-zolty 1083w,https:\/\/a.allegroimg.com\/original\/113e97\/96499c0b4ffd9aa487f077d533aa\/Dzielzan-Mariachi-Sombrero-intensywny-zolty-duza-sadzonka-wieloletnia-Kolor-kwiatow-zolty 1927w\" alt=\"Dziel\u017can Mariachi Sombrero intensywny \u017c\u00f3\u0142ty du\u017ca sadzonka wieloletnia Kolor kwiat\u00f3w \u017c\u00f3\u0142ty\" width=\"1927px\" data-srcset=\"\" \/><\/button><\/div>\n<\/div>\n<\/div>\n<\/div>\n<\/div>\n","protected":false},"excerpt":{"rendered":"<p>Dziel\u017can Mariachi Sombrero Dziel\u017can 'Mariachi Sombrero\u2019 charakteryzuje si\u0119 kwiatami o intensywnie \u017c\u00f3\u0142tych p\u0142atkach, kt\u00f3re \u015bci\u015ble okalaj\u0105 wypuk\u0142y miodowo\u017c\u00f3\u0142ty \u015brodek. Ro\u015blina ma zielone, eliptyczne li\u015bcie na tle kt\u00f3rych pi\u0119knie wida\u0107 kwiaty. Odmiana dorasta do 60 cm wysoko\u015bci i tworzy zwart\u0105 wyprostowan\u0105 k\u0119p\u0119. Z \u0142atwo\u015bci\u0105 rozrasta si\u0119 na boki, nawet do 50 cm. Bylina jest miododajna i &hellip;<\/p>\n<p class=\"read-more\"> <a class=\"\" href=\"https:\/\/www.ogrodolszanica.pl\/index.php\/produkt\/dzielzan-mariachi-sombrero\/\"> <span class=\"screen-reader-text\">Dziel\u017can Mariachi Sombrero<\/span> Read More &raquo;<\/a><\/p>\n","protected":false},"featured_media":3581,"comment_status":"open","ping_status":"closed","template":"","meta":{"site-sidebar-layout":"default","site-content-layout":"default","ast-global-header-display":"","ast-main-header-display":"","ast-hfb-above-header-display":"","ast-hfb-below-header-display":"","ast-hfb-mobile-header-display":"","site-post-title":"","ast-breadcrumbs-content":"","ast-featured-img":"","footer-sml-layout":"","theme-transparent-header-meta":"default","adv-header-id-meta":"","stick-header-meta":"","header-above-stick-meta":"","header-main-stick-meta":"","header-below-stick-meta":"","spay_email":""},"product_cat":[29,54,20],"product_tag":[],"class_list":["post-2719","product","type-product","status-publish","has-post-thumbnail","hentry","product_cat-byliny","product_cat-dzielzany","product_cat-rosliny"],"yoast_head":"<!-- This site is optimized with the Yoast SEO plugin v19.2 - https:\/\/yoast.com\/wordpress\/plugins\/seo\/ -->\n<title>Dziel\u017can Mariachi Sombrero - Ogr&oacute;d Olszanica<\/title>\n<meta name=\"robots\" content=\"index, follow, max-snippet:-1, max-image-preview:large, max-video-preview:-1\" \/>\n<link rel=\"canonical\" href=\"https:\/\/www.ogrodolszanica.pl\/index.php\/produkt\/dzielzan-mariachi-sombrero\/\" \/>\n<meta property=\"og:locale\" content=\"pl_PL\" \/>\n<meta property=\"og:type\" content=\"article\" \/>\n<meta property=\"og:title\" content=\"Dziel\u017can Mariachi Sombrero - Ogr&oacute;d Olszanica\" \/>\n<meta property=\"og:description\" content=\"Dziel\u017can Mariachi Sombrero Dziel\u017can &#039;Mariachi Sombrero\u2019 charakteryzuje si\u0119 kwiatami o intensywnie \u017c\u00f3\u0142tych p\u0142atkach, kt\u00f3re \u015bci\u015ble okalaj\u0105 wypuk\u0142y miodowo\u017c\u00f3\u0142ty \u015brodek. Ro\u015blina ma zielone, eliptyczne li\u015bcie na tle kt\u00f3rych pi\u0119knie wida\u0107 kwiaty. Odmiana dorasta do 60 cm wysoko\u015bci i tworzy zwart\u0105 wyprostowan\u0105 k\u0119p\u0119. Z \u0142atwo\u015bci\u0105 rozrasta si\u0119 na boki, nawet do 50 cm. Bylina jest miododajna i &hellip; Dziel\u017can Mariachi Sombrero Read More &raquo;\" \/>\n<meta property=\"og:url\" content=\"https:\/\/www.ogrodolszanica.pl\/index.php\/produkt\/dzielzan-mariachi-sombrero\/\" \/>\n<meta property=\"og:site_name\" content=\"Ogr&oacute;d Olszanica\" \/>\n<meta property=\"article:publisher\" content=\"https:\/\/www.facebook.com\/Ogrd-Olszanica-100807179225223\" \/>\n<meta property=\"article:modified_time\" content=\"2026-03-07T19:24:18+00:00\" \/>\n<meta property=\"og:image\" content=\"https:\/\/www.ogrodolszanica.pl\/wp-content\/uploads\/2024\/01\/Dzielzan-Mariachi-Sombrero-v11-scaled.jpg\" \/>\n\t<meta property=\"og:image:width\" content=\"1928\" \/>\n\t<meta property=\"og:image:height\" content=\"2560\" \/>\n\t<meta property=\"og:image:type\" content=\"image\/jpeg\" \/>\n<meta name=\"author\" content=\"admin\" \/>\n<meta name=\"twitter:card\" content=\"summary_large_image\" \/>\n<meta name=\"twitter:label1\" content=\"Szacowany czas czytania\" \/>\n\t<meta name=\"twitter:data1\" content=\"1 minuta\" \/>\n<script type=\"application\/ld+json\" class=\"yoast-schema-graph\">{\"@context\":\"https:\/\/schema.org\",\"@graph\":[{\"@type\":\"Organization\",\"@id\":\"https:\/\/www.ogrodolszanica.pl\/#organization\",\"name\":\"Ogr\u00f3d Olszanica - Krakowskie Centrum Ogrodnicze\",\"url\":\"https:\/\/www.ogrodolszanica.pl\/\",\"sameAs\":[\"https:\/\/www.facebook.com\/Ogrd-Olszanica-100807179225223\"],\"logo\":{\"@type\":\"ImageObject\",\"inLanguage\":\"pl-PL\",\"@id\":\"https:\/\/www.ogrodolszanica.pl\/#\/schema\/logo\/image\/\",\"url\":\"http:\/\/www.ogrodolszanica.pl\/wp-content\/uploads\/2022\/06\/Ogrod-Olszanica1-1.png\",\"contentUrl\":\"http:\/\/www.ogrodolszanica.pl\/wp-content\/uploads\/2022\/06\/Ogrod-Olszanica1-1.png\",\"width\":180,\"height\":60,\"caption\":\"Ogr\u00f3d Olszanica - Krakowskie Centrum Ogrodnicze\"},\"image\":{\"@id\":\"https:\/\/www.ogrodolszanica.pl\/#\/schema\/logo\/image\/\"}},{\"@type\":\"WebSite\",\"@id\":\"https:\/\/www.ogrodolszanica.pl\/#website\",\"url\":\"https:\/\/www.ogrodolszanica.pl\/\",\"name\":\"Ogr&oacute;d Olszanica\",\"description\":\"Centrum Ogrodnicze Krak&oacute;w\",\"publisher\":{\"@id\":\"https:\/\/www.ogrodolszanica.pl\/#organization\"},\"potentialAction\":[{\"@type\":\"SearchAction\",\"target\":{\"@type\":\"EntryPoint\",\"urlTemplate\":\"https:\/\/www.ogrodolszanica.pl\/?s={search_term_string}\"},\"query-input\":\"required name=search_term_string\"}],\"inLanguage\":\"pl-PL\"},{\"@type\":\"ImageObject\",\"inLanguage\":\"pl-PL\",\"@id\":\"https:\/\/www.ogrodolszanica.pl\/index.php\/produkt\/dzielzan-mariachi-sombrero\/#primaryimage\",\"url\":\"https:\/\/i0.wp.com\/www.ogrodolszanica.pl\/wp-content\/uploads\/2024\/01\/Dzielzan-Mariachi-Sombrero-v11-scaled.jpg?fit=1928%2C2560&ssl=1\",\"contentUrl\":\"https:\/\/i0.wp.com\/www.ogrodolszanica.pl\/wp-content\/uploads\/2024\/01\/Dzielzan-Mariachi-Sombrero-v11-scaled.jpg?fit=1928%2C2560&ssl=1\",\"width\":1928,\"height\":2560},{\"@type\":\"WebPage\",\"@id\":\"https:\/\/www.ogrodolszanica.pl\/index.php\/produkt\/dzielzan-mariachi-sombrero\/#webpage\",\"url\":\"https:\/\/www.ogrodolszanica.pl\/index.php\/produkt\/dzielzan-mariachi-sombrero\/\",\"name\":\"Dziel\u017can Mariachi Sombrero - Ogr&oacute;d Olszanica\",\"isPartOf\":{\"@id\":\"https:\/\/www.ogrodolszanica.pl\/#website\"},\"primaryImageOfPage\":{\"@id\":\"https:\/\/www.ogrodolszanica.pl\/index.php\/produkt\/dzielzan-mariachi-sombrero\/#primaryimage\"},\"datePublished\":\"2024-01-31T15:49:34+00:00\",\"dateModified\":\"2026-03-07T19:24:18+00:00\",\"breadcrumb\":{\"@id\":\"https:\/\/www.ogrodolszanica.pl\/index.php\/produkt\/dzielzan-mariachi-sombrero\/#breadcrumb\"},\"inLanguage\":\"pl-PL\",\"potentialAction\":[{\"@type\":\"ReadAction\",\"target\":[\"https:\/\/www.ogrodolszanica.pl\/index.php\/produkt\/dzielzan-mariachi-sombrero\/\"]}]},{\"@type\":\"BreadcrumbList\",\"@id\":\"https:\/\/www.ogrodolszanica.pl\/index.php\/produkt\/dzielzan-mariachi-sombrero\/#breadcrumb\",\"itemListElement\":[{\"@type\":\"ListItem\",\"position\":1,\"name\":\"Strona g\u0142\u00f3wna\",\"item\":\"https:\/\/www.ogrodolszanica.pl\/\"},{\"@type\":\"ListItem\",\"position\":2,\"name\":\"Produkty\",\"item\":\"https:\/\/www.ogrodolszanica.pl\/index.php\/shop\/\"},{\"@type\":\"ListItem\",\"position\":3,\"name\":\"Dziel\u017can Mariachi Sombrero\"}]}]}<\/script>\n<!-- \/ Yoast SEO plugin. -->","yoast_head_json":{"title":"Dziel\u017can Mariachi Sombrero - Ogr&oacute;d Olszanica","robots":{"index":"index","follow":"follow","max-snippet":"max-snippet:-1","max-image-preview":"max-image-preview:large","max-video-preview":"max-video-preview:-1"},"canonical":"https:\/\/www.ogrodolszanica.pl\/index.php\/produkt\/dzielzan-mariachi-sombrero\/","og_locale":"pl_PL","og_type":"article","og_title":"Dziel\u017can Mariachi Sombrero - Ogr&oacute;d Olszanica","og_description":"Dziel\u017can Mariachi Sombrero Dziel\u017can 'Mariachi Sombrero\u2019 charakteryzuje si\u0119 kwiatami o intensywnie \u017c\u00f3\u0142tych p\u0142atkach, kt\u00f3re \u015bci\u015ble okalaj\u0105 wypuk\u0142y miodowo\u017c\u00f3\u0142ty \u015brodek. Ro\u015blina ma zielone, eliptyczne li\u015bcie na tle kt\u00f3rych pi\u0119knie wida\u0107 kwiaty. Odmiana dorasta do 60 cm wysoko\u015bci i tworzy zwart\u0105 wyprostowan\u0105 k\u0119p\u0119. Z \u0142atwo\u015bci\u0105 rozrasta si\u0119 na boki, nawet do 50 cm. Bylina jest miododajna i &hellip; Dziel\u017can Mariachi Sombrero Read More &raquo;","og_url":"https:\/\/www.ogrodolszanica.pl\/index.php\/produkt\/dzielzan-mariachi-sombrero\/","og_site_name":"Ogr&oacute;d Olszanica","article_publisher":"https:\/\/www.facebook.com\/Ogrd-Olszanica-100807179225223","article_modified_time":"2026-03-07T19:24:18+00:00","og_image":[{"width":1928,"height":2560,"url":"https:\/\/www.ogrodolszanica.pl\/wp-content\/uploads\/2024\/01\/Dzielzan-Mariachi-Sombrero-v11-scaled.jpg","type":"image\/jpeg"}],"author":"admin","twitter_card":"summary_large_image","twitter_misc":{"Szacowany czas czytania":"1 minuta"},"schema":{"@context":"https:\/\/schema.org","@graph":[{"@type":"Organization","@id":"https:\/\/www.ogrodolszanica.pl\/#organization","name":"Ogr\u00f3d Olszanica - Krakowskie Centrum Ogrodnicze","url":"https:\/\/www.ogrodolszanica.pl\/","sameAs":["https:\/\/www.facebook.com\/Ogrd-Olszanica-100807179225223"],"logo":{"@type":"ImageObject","inLanguage":"pl-PL","@id":"https:\/\/www.ogrodolszanica.pl\/#\/schema\/logo\/image\/","url":"http:\/\/www.ogrodolszanica.pl\/wp-content\/uploads\/2022\/06\/Ogrod-Olszanica1-1.png","contentUrl":"http:\/\/www.ogrodolszanica.pl\/wp-content\/uploads\/2022\/06\/Ogrod-Olszanica1-1.png","width":180,"height":60,"caption":"Ogr\u00f3d Olszanica - Krakowskie Centrum Ogrodnicze"},"image":{"@id":"https:\/\/www.ogrodolszanica.pl\/#\/schema\/logo\/image\/"}},{"@type":"WebSite","@id":"https:\/\/www.ogrodolszanica.pl\/#website","url":"https:\/\/www.ogrodolszanica.pl\/","name":"Ogr&oacute;d Olszanica","description":"Centrum Ogrodnicze Krak&oacute;w","publisher":{"@id":"https:\/\/www.ogrodolszanica.pl\/#organization"},"potentialAction":[{"@type":"SearchAction","target":{"@type":"EntryPoint","urlTemplate":"https:\/\/www.ogrodolszanica.pl\/?s={search_term_string}"},"query-input":"required name=search_term_string"}],"inLanguage":"pl-PL"},{"@type":"ImageObject","inLanguage":"pl-PL","@id":"https:\/\/www.ogrodolszanica.pl\/index.php\/produkt\/dzielzan-mariachi-sombrero\/#primaryimage","url":"https:\/\/i0.wp.com\/www.ogrodolszanica.pl\/wp-content\/uploads\/2024\/01\/Dzielzan-Mariachi-Sombrero-v11-scaled.jpg?fit=1928%2C2560&ssl=1","contentUrl":"https:\/\/i0.wp.com\/www.ogrodolszanica.pl\/wp-content\/uploads\/2024\/01\/Dzielzan-Mariachi-Sombrero-v11-scaled.jpg?fit=1928%2C2560&ssl=1","width":1928,"height":2560},{"@type":"WebPage","@id":"https:\/\/www.ogrodolszanica.pl\/index.php\/produkt\/dzielzan-mariachi-sombrero\/#webpage","url":"https:\/\/www.ogrodolszanica.pl\/index.php\/produkt\/dzielzan-mariachi-sombrero\/","name":"Dziel\u017can Mariachi Sombrero - Ogr&oacute;d Olszanica","isPartOf":{"@id":"https:\/\/www.ogrodolszanica.pl\/#website"},"primaryImageOfPage":{"@id":"https:\/\/www.ogrodolszanica.pl\/index.php\/produkt\/dzielzan-mariachi-sombrero\/#primaryimage"},"datePublished":"2024-01-31T15:49:34+00:00","dateModified":"2026-03-07T19:24:18+00:00","breadcrumb":{"@id":"https:\/\/www.ogrodolszanica.pl\/index.php\/produkt\/dzielzan-mariachi-sombrero\/#breadcrumb"},"inLanguage":"pl-PL","potentialAction":[{"@type":"ReadAction","target":["https:\/\/www.ogrodolszanica.pl\/index.php\/produkt\/dzielzan-mariachi-sombrero\/"]}]},{"@type":"BreadcrumbList","@id":"https:\/\/www.ogrodolszanica.pl\/index.php\/produkt\/dzielzan-mariachi-sombrero\/#breadcrumb","itemListElement":[{"@type":"ListItem","position":1,"name":"Strona g\u0142\u00f3wna","item":"https:\/\/www.ogrodolszanica.pl\/"},{"@type":"ListItem","position":2,"name":"Produkty","item":"https:\/\/www.ogrodolszanica.pl\/index.php\/shop\/"},{"@type":"ListItem","position":3,"name":"Dziel\u017can Mariachi Sombrero"}]}]}},"jetpack-related-posts":[{"id":1602,"url":"https:\/\/www.ogrodolszanica.pl\/index.php\/produkt\/dzielzan-mariachi-siesta\/","url_meta":{"origin":2719,"position":0},"title":"Dziel\u017can Mariachi Siesta","date":"13 lipca, 2022","format":false,"excerpt":"Dziel\u017can Helenium Mariachi Siesta Jasny kolor, kt\u00f3ry promienieje od tej odmiany przypomni o ciep\u0142ym letnim s\u0142o\u0144cu. G\u0142\u0119boko z\u0142oto-\u017c\u00f3\u0142te promieniste p\u0142atki otaczaj\u0105 czekoladowo-br\u0105zowy \u015brodek, co sprawianie samowity efekt prawdziwej burzy ciep\u0142ych barw. Odmiana ta znajdzie miejsce w ka\u017cdym ogrodzie. Sprawdza si\u0119 r\u00f3wnie\u017c w za\u0142o\u017ceniach teren\u00f3w zieleni. Rodzaj:\u00a0dziel\u017can Stanowisko:\u00a0s\u0142oneczne\u00a0\u2600\ufe0f Podlewanie:\u00a0umiarkowane Barwa kwiatu:\u00a0czerwony\u2026","rel":"","context":"Similar post","img":{"alt_text":"","src":"https:\/\/i0.wp.com\/www.ogrodolszanica.pl\/wp-content\/uploads\/2022\/07\/Dzielzan-Mariachi-Siesta-v8-scaled.jpg?fit=904%2C1200&ssl=1&resize=350%2C200","width":350,"height":200},"classes":[]},{"id":3387,"url":"https:\/\/www.ogrodolszanica.pl\/index.php\/produkt\/dzielzan-ranchera-helenium\/","url_meta":{"origin":2719,"position":1},"title":"Dziel\u017can Ranchera Helenium","date":"24 lutego, 2026","format":false,"excerpt":"Dziel\u017can 'Ranchera' Helenium Dziel\u017can 'Ranchera' nale\u017cy do serii Mariachi, sk\u0142adaj\u0105cej si\u0119 z 7 kompaktowych i odpornych na choroby odmian, kt\u00f3rych nazwy kojarz\u0105 si\u0119 gor\u0105cym Meksykiem i p\u0142omiennymi, intensywnymi barwami.\u00a0Nazwa odmianowa 'Ranchera' nawi\u0105zuje do popularnego meksyka\u0144skiego ta\u0144ca o weso\u0142ym charakterze i \u015bwietnie oddaje wygl\u0105d rozgrzewaj\u0105cych wzrok, pomara\u0144czowo-czerwonych kwiat\u00f3w. Koszyczki kwiatowe s\u0105\u2026","rel":"","context":"Similar post","img":{"alt_text":"","src":"https:\/\/i0.wp.com\/www.ogrodolszanica.pl\/wp-content\/uploads\/2026\/02\/Dzielzan-Ranchera-Helenium-v8-scaled.jpg?fit=904%2C1200&ssl=1&resize=350%2C200","width":350,"height":200},"classes":[]},{"id":1610,"url":"https:\/\/www.ogrodolszanica.pl\/index.php\/produkt\/dzielzan-bandera\/","url_meta":{"origin":2719,"position":2},"title":"Dziel\u017can Bandera","date":"13 lipca, 2022","format":false,"excerpt":"Dziel\u017can Bandera Odmiana dziel\u017canu o pi\u0119knych, czerwonych kwiatach z \u017c\u00f3\u0142tym obrze\u017ceniem p\u0142atk\u00f3w. Bylina rozpoczyna obfite kwitnienie w sierpniu i utrzymuje je a\u017c do pa\u017adziernika. W por\u00f3wnaniu ze starymi odmianami dziel\u017canu, Bandera cechuje si\u0119 bardzo zwartym pokrojem i ciekaw\u0105 barw\u0105 oraz kszta\u0142tem kwiat\u00f3w. Dziel\u017can jesienny 'Bandera' jest niewymagaj\u0105cy i \u0142atwy w\u2026","rel":"","context":"Similar post","img":{"alt_text":"","src":"https:\/\/i0.wp.com\/www.ogrodolszanica.pl\/wp-content\/uploads\/2022\/07\/Dzielzan-Bandera-v4-scaled.jpg?fit=904%2C1200&ssl=1&resize=350%2C200","width":350,"height":200},"classes":[]},{"id":3280,"url":"https:\/\/www.ogrodolszanica.pl\/index.php\/produkt\/jezowka-fountain-red\/","url_meta":{"origin":2719,"position":3},"title":"Je\u017c\u00f3wka Fountain Red","date":"23 lutego, 2026","format":false,"excerpt":"Je\u017c\u00f3wka Fountain Red Echinacea 'Fountain Red' to nowa, fascynuj\u0105ca odmiana wyr\u00f3\u017cniaj\u0105ca si\u0119 zwartym, kompaktowym pokrojem oraz wyrazist\u0105, czerwon\u0105 barw\u0105 kwiat\u00f3w. Tworzy bujne, silnie rozkrzewione k\u0119py, kt\u00f3re dorastaj\u0105 do oko\u0142o 20-45 cm wysoko\u015bci i 40 cm szeroko\u015bci. Li\u015bcie byliny s\u0105 zielone, pod\u0142u\u017cne, lancetowate, ostro zako\u0144czone, szorstkie w dotyku. Je\u017c\u00f3wka 'Fountain Red'\u2026","rel":"","context":"Similar post","img":{"alt_text":"","src":"https:\/\/i0.wp.com\/www.ogrodolszanica.pl\/wp-content\/uploads\/2026\/02\/Jezowka-Fountain-Red-scaled.jpg?fit=904%2C1200&ssl=1&resize=350%2C200","width":350,"height":200},"classes":[]},{"id":3250,"url":"https:\/\/www.ogrodolszanica.pl\/index.php\/produkt\/przetacznik-first-lady-veronica-longifolia-biale-kwity\/","url_meta":{"origin":2719,"position":4},"title":"Przetacznik First Lady Veronica longifolia bia\u0142e kwity","date":"23 lutego, 2026","format":false,"excerpt":"Przetacznik First Lady Veronica longifolia Przetacznik First Lady Veronica to wyj\u0105tkowa ro\u015blina o zwartym pokroju i mocnych \u0142odygach, kt\u00f3re utrzymuj\u0105 \u015bnie\u017cnobia\u0142e, dekoracyjne kolce kwiat\u00f3w. Dorasta do oko\u0142o 50 cm wysoko\u015bci i osi\u0105ga \u015brednic\u0119 oko\u0142o 40 cm. Jej b\u0142yszcz\u0105ce, ciemnozielone li\u015bcie o kszta\u0142cie lancetowatym stanowi\u0105 pi\u0119kny kontrast dla jasnych kwiat\u00f3w. Kwiaty,\u2026","rel":"","context":"Similar post","img":{"alt_text":"","src":"https:\/\/i0.wp.com\/www.ogrodolszanica.pl\/wp-content\/uploads\/2026\/02\/Przetacznik-First-Lady-Veronica-longifolia-v5-scaled.jpg?fit=904%2C1200&ssl=1&resize=350%2C200","width":350,"height":200},"classes":[]},{"id":1530,"url":"https:\/\/www.ogrodolszanica.pl\/index.php\/produkt\/geranium-rozanne\/","url_meta":{"origin":2719,"position":5},"title":"Bodziszek ROZANNE Gerwat Geranium","date":"8 lipca, 2022","format":false,"excerpt":"Bodziszek ROZANNE Gerwat Geranium Niezwyk\u0142a odmiana zachwycaj\u0105ca bardzo d\u0142ugim, niezwykle obfitym kwitnieniem. Opr\u00f3cz niezwyk\u0142ych walor\u00f3w dekoracyjnych posiada r\u00f3wnie\u017c niewielkie wymagania uprawowe. Bodziszek ROZANNE 'Gerwart' doskonale sprawdzi si\u0119 na lekko ocienionych rabatach, obw\u00f3dkach oraz jako ozdoba pojemnik\u00f3w i donic. Mo\u017ce by\u0107 r\u00f3wnie\u017c wykorzystany jako ro\u015blina okrywowa. Tworzy efektowne, g\u0119ste, roz\u0142o\u017cyste k\u0119py,\u2026","rel":"","context":"Similar post","img":{"alt_text":"","src":"https:\/\/i0.wp.com\/www.ogrodolszanica.pl\/wp-content\/uploads\/2022\/07\/Bodziszek-ROZANNE-Gerwat-Geranium-v2-scaled.jpg?fit=904%2C1200&ssl=1&resize=350%2C200","width":350,"height":200},"classes":[]}],"_links":{"self":[{"href":"https:\/\/www.ogrodolszanica.pl\/index.php\/wp-json\/wp\/v2\/product\/2719","targetHints":{"allow":["GET"]}}],"collection":[{"href":"https:\/\/www.ogrodolszanica.pl\/index.php\/wp-json\/wp\/v2\/product"}],"about":[{"href":"https:\/\/www.ogrodolszanica.pl\/index.php\/wp-json\/wp\/v2\/types\/product"}],"replies":[{"embeddable":true,"href":"https:\/\/www.ogrodolszanica.pl\/index.php\/wp-json\/wp\/v2\/comments?post=2719"}],"wp:featuredmedia":[{"embeddable":true,"href":"https:\/\/www.ogrodolszanica.pl\/index.php\/wp-json\/wp\/v2\/media\/3581"}],"wp:attachment":[{"href":"https:\/\/www.ogrodolszanica.pl\/index.php\/wp-json\/wp\/v2\/media?parent=2719"}],"wp:term":[{"taxonomy":"product_cat","embeddable":true,"href":"https:\/\/www.ogrodolszanica.pl\/index.php\/wp-json\/wp\/v2\/product_cat?post=2719"},{"taxonomy":"product_tag","embeddable":true,"href":"https:\/\/www.ogrodolszanica.pl\/index.php\/wp-json\/wp\/v2\/product_tag?post=2719"}],"curies":[{"name":"wp","href":"https:\/\/api.w.org\/{rel}","templated":true}]}}