{"id":2645,"date":"2024-01-30T10:15:21","date_gmt":"2024-01-30T10:15:21","guid":{"rendered":"https:\/\/www.ogrodolszanica.pl\/?post_type=product&#038;p=2645"},"modified":"2026-03-07T19:35:32","modified_gmt":"2026-03-07T19:35:32","slug":"pysznoglowka-bee-merry","status":"publish","type":"product","link":"https:\/\/www.ogrodolszanica.pl\/index.php\/produkt\/pysznoglowka-bee-merry\/","title":{"rendered":"Pysznog\u0142\u00f3wka Bee-Merry"},"content":{"rendered":"<div class=\"mpof_ki myre_zn myre_8v_l m389_6m_l\">\n<div class=\"mp4t_16_s mryx_16_s mr3m_1 mli2_1 mh85_56 mh85_0_l\">\n<div class=\"mgn2_16 _0d3bd_am0a-\">\n<h1>Pysznog\u0142\u00f3wka Bee Merry Monarda<\/h1>\n<p>'Bee Merry&#8217; to przepi\u0119kna, kompaktowa odmiana, kt\u00f3ra hipnotyzuje kwiatami o niesamowitej, r\u00f3\u017cowej barwie. Ro\u015blina tworzy dekoracyjne, zwarte k\u0119py, kt\u00f3re maksymalnie osi\u0105gaj\u0105 oko\u0142o 60 cm wysoko\u015bci i 40 cm szeroko\u015bci. Na wzniesionych, s\u0142abo rozga\u0142\u0119zionych p\u0119dach, osadzone s\u0105 niezwykle aromatyczne, jajowato-lancetowate , naprzeciwleg\u0142e li\u015bcie. Pysznog\u0142\u00f3wka 'Bee Merry&#8217; kwitnie bardzo obficie od lipca do sierpnia. W\u00f3wczas zielone k\u0119py obsypane s\u0105 mn\u00f3stwem \u015blicznych g\u0142\u00f3wkowatych, miododajnych kwiat\u00f3w. Zbudowane s\u0105 one z du\u017cego, ciemnego \u015brodka, kt\u00f3ry otoczony jest delikatnymi, postrz\u0119pionymi p\u0142atkami w intensywnym, r\u00f3\u017cowym kolorze. Pysznog\u0142\u00f3wka 'Bee Merry&#8217; jest ro\u015blin\u0105 niewymagaj\u0105c\u0105 i \u0142atw\u0105 w uprawie. Widowiskowe kwitnienie\u00a0czyni z niej ol\u015bniewaj\u0105c\u0105 ozdob\u0119 ogrodu.<\/p>\n<ul>\n<li>Rodzaj:\u00a0<b>pysznog\u0142\u00f3wka<\/b><\/li>\n<li>Stanowisko:\u00a0<b>s\u0142oneczne<\/b>\u00a0\u2600\ufe0f<\/li>\n<li>Podlewanie:\u00a0<b>obfite<\/b><\/li>\n<li>Barwa kwiatu:\u00a0<b>r\u00f3\u017cowy<\/b><\/li>\n<li>Barwa li\u015bci:\u00a0<b>zielone<\/b><\/li>\n<li>Szeroko\u015b\u0107 \u2b05\ufe0f\u27a1\ufe0f:\u00a0<b>35-45 cm<\/b><\/li>\n<li>Wysoko\u015b\u0107 kwitnienia \u2b06\ufe0f:\u00a0<b>40-60 cm<\/b><\/li>\n<li>Okres kwitnienia \u27a1\ufe0f\u2b05\ufe0f:\u00a0<b>lipiec \u00f7 sierpie\u0144<\/b><\/li>\n<li>Mrozoodporno\u015b\u0107:\u00a0<b>tak<\/b><\/li>\n<li>Ro\u015blina wieloletnia:\u00a0<b>tak<\/b><\/li>\n<\/ul>\n<\/div>\n<\/div>\n<div class=\"mp4t_16_s mryx_16_s mr3m_1 mli2_1 mh85_56 mh85_0_l\">\n<div class=\"mg9e_8 mj7a_8 mg9e_0_s mvrt_0_s mj7a_0_s mh36_0_s mzmg_6m munh_16_l m3h2_16_l\">\n<div class=\"mp4t_0 mryx_0 munh_56 m3h2_56\">\n<div class=\"mp7g_oh\"><button class=\"mg9e_0 mvrt_0 mj7a_0 mh36_0 mp4t_0 m3h2_0 mryx_0 munh_0 mqen_m6 mpof_z0 mx7m_0 m7er_k4 mse2_k4 msts_pt\" data-analytics-interaction=\"true\" data-analytics-interaction-label=\"zoomable-image-open\" aria-disabled=\"true\"><img decoding=\"async\" class=\"msub_k4 mupj_5k mjru_k4 mse2_k4 mp7g_f6 mq1m_0 mj7u_0 m7er_k4 mqen_m6 m31c_d8 m0ux_fp lazyloaded\" src=\"https:\/\/a.allegroimg.com\/original\/112053\/10b34a1b4b9da7791cf909d39214\/Pysznoglowka-ogrodowa-bee-merry-rozowe-kwiaty-duza-sadzonka-wieloletnia-Rodzaj-rosliny-Inny\" sizes=\"(min-width: 1200px) 560px, (min-width: 992px) 50vw, 100vw\" srcset=\"https:\/\/a.allegroimg.com\/s360\/112053\/10b34a1b4b9da7791cf909d39214\/Pysznoglowka-ogrodowa-bee-merry-rozowe-kwiaty-duza-sadzonka-wieloletnia-Rodzaj-rosliny-Inny 270w,https:\/\/a.allegroimg.com\/s720\/112053\/10b34a1b4b9da7791cf909d39214\/Pysznoglowka-ogrodowa-bee-merry-rozowe-kwiaty-duza-sadzonka-wieloletnia-Rodzaj-rosliny-Inny 541w,https:\/\/a.allegroimg.com\/s1024\/112053\/10b34a1b4b9da7791cf909d39214\/Pysznoglowka-ogrodowa-bee-merry-rozowe-kwiaty-duza-sadzonka-wieloletnia-Rodzaj-rosliny-Inny 770w,https:\/\/a.allegroimg.com\/s1440\/112053\/10b34a1b4b9da7791cf909d39214\/Pysznoglowka-ogrodowa-bee-merry-rozowe-kwiaty-duza-sadzonka-wieloletnia-Rodzaj-rosliny-Inny 1083w,https:\/\/a.allegroimg.com\/original\/112053\/10b34a1b4b9da7791cf909d39214\/Pysznoglowka-ogrodowa-bee-merry-rozowe-kwiaty-duza-sadzonka-wieloletnia-Rodzaj-rosliny-Inny 1927w\" alt=\"Pysznog\u0142\u00f3wka ogrodowa bee merry r\u00f3\u017cowe kwiaty du\u017ca sadzonka wieloletnia Rodzaj ro\u015bliny Inny\" width=\"1927px\" data-srcset=\"\" \/><\/button><\/div>\n<\/div>\n<\/div>\n<\/div>\n<\/div>\n<div class=\"mpof_ki myre_zn myre_8v_l m389_6m_l\">\n<div class=\"mp4t_16_s mryx_16_s mr3m_1 mli2_1 mh85_56 mh85_0_l\">\n<div class=\"mgn2_16 _0d3bd_am0a-\">\n<h1>Uwaga \u2757\u2757\u2757<\/h1>\n<p><b>Jedno zdj\u0119cie przedstawia ro\u015blin\u0119 w pe\u0142ni rozwini\u0119t\u0105, a drugie sadzonk\u0119 kt\u00f3ra jest w sprzeda\u017cy.<\/b><\/p>\n<p><b>Jednak \u017ce s\u0105 to \u017cywe ro\u015bliny i z tygodnia na tydzie\u0144 zmieniaj\u0105 sw\u00f3j wygl\u0105d. Mog\u0105 by\u0107 przyci\u0119te, a w okresie kwitnienia mog\u0105 by\u0107 wi\u0119ksze oraz z kwiatami.<\/b><\/p>\n<\/div>\n<\/div>\n<\/div>\n<div class=\"mpof_ki myre_zn myre_8v_l m389_6m_l\">\n<div class=\"mp4t_16_s mryx_16_s mr3m_1 mli2_1 mh85_56 mh85_0_l\">\n<div class=\"mg9e_8 mj7a_8 mg9e_0_s mvrt_0_s mj7a_0_s mh36_0_s mzmg_6m munh_16_l m3h2_16_l\">\n<div class=\"mp4t_0 mryx_0 munh_56 m3h2_56\">\n<div class=\"mp7g_oh\"><button class=\"mg9e_0 mvrt_0 mj7a_0 mh36_0 mp4t_0 m3h2_0 mryx_0 munh_0 mqen_m6 mpof_z0 mx7m_0 m7er_k4 mse2_k4 msts_pt\" data-analytics-interaction=\"true\" data-analytics-interaction-label=\"zoomable-image-open\" aria-disabled=\"true\"><img decoding=\"async\" class=\"msub_k4 mupj_5k mjru_k4 mse2_k4 mp7g_f6 mq1m_0 mj7u_0 m7er_k4 mqen_m6 m31c_d8 m0ux_fp lazyloaded\" src=\"https:\/\/a.allegroimg.com\/original\/1158fb\/e8add43840c7beccbf4c8f52e1d8\/Pysznoglowka-ogrodowa-bee-merry-rozowe-kwiaty-duza-sadzonka-wieloletnia-Kolor-kwiatow-rozowy\" sizes=\"(min-width: 1200px) 560px, (min-width: 992px) 50vw, 100vw\" srcset=\"https:\/\/a.allegroimg.com\/s360\/1158fb\/e8add43840c7beccbf4c8f52e1d8\/Pysznoglowka-ogrodowa-bee-merry-rozowe-kwiaty-duza-sadzonka-wieloletnia-Kolor-kwiatow-rozowy 270w,https:\/\/a.allegroimg.com\/s720\/1158fb\/e8add43840c7beccbf4c8f52e1d8\/Pysznoglowka-ogrodowa-bee-merry-rozowe-kwiaty-duza-sadzonka-wieloletnia-Kolor-kwiatow-rozowy 541w,https:\/\/a.allegroimg.com\/s1024\/1158fb\/e8add43840c7beccbf4c8f52e1d8\/Pysznoglowka-ogrodowa-bee-merry-rozowe-kwiaty-duza-sadzonka-wieloletnia-Kolor-kwiatow-rozowy 770w,https:\/\/a.allegroimg.com\/s1440\/1158fb\/e8add43840c7beccbf4c8f52e1d8\/Pysznoglowka-ogrodowa-bee-merry-rozowe-kwiaty-duza-sadzonka-wieloletnia-Kolor-kwiatow-rozowy 1083w,https:\/\/a.allegroimg.com\/original\/1158fb\/e8add43840c7beccbf4c8f52e1d8\/Pysznoglowka-ogrodowa-bee-merry-rozowe-kwiaty-duza-sadzonka-wieloletnia-Kolor-kwiatow-rozowy 1927w\" alt=\"Pysznog\u0142\u00f3wka ogrodowa bee merry r\u00f3\u017cowe kwiaty du\u017ca sadzonka wieloletnia Kolor kwiat\u00f3w r\u00f3\u017cowy\" width=\"1927px\" data-srcset=\"\" \/><\/button><\/div>\n<\/div>\n<\/div>\n<\/div>\n<div class=\"mp4t_16_s mryx_16_s mr3m_1 mli2_1 mh85_56 mh85_0_l\">\n<div class=\"mg9e_8 mj7a_8 mg9e_0_s mvrt_0_s mj7a_0_s mh36_0_s mzmg_6m munh_16_l m3h2_16_l\">\n<div class=\"mp4t_0 mryx_0 munh_56 m3h2_56\">\n<div class=\"mp7g_oh\"><button class=\"mg9e_0 mvrt_0 mj7a_0 mh36_0 mp4t_0 m3h2_0 mryx_0 munh_0 mqen_m6 mpof_z0 mx7m_0 m7er_k4 mse2_k4 msts_pt\" data-analytics-interaction=\"true\" data-analytics-interaction-label=\"zoomable-image-open\" aria-disabled=\"true\"><img decoding=\"async\" class=\"msub_k4 mupj_5k mjru_k4 mse2_k4 mp7g_f6 mq1m_0 mj7u_0 m7er_k4 mqen_m6 m31c_d8 m0ux_fp lazyloaded\" src=\"https:\/\/a.allegroimg.com\/original\/11b980\/f4a7eb0f4fcb8599c572f9c31d0f\/Pysznoglowka-ogrodowa-bee-merry-rozowe-kwiaty-duza-sadzonka-wieloletnia-Wysokosc-sadzonki-25-cm\" sizes=\"(min-width: 1200px) 560px, (min-width: 992px) 50vw, 100vw\" srcset=\"https:\/\/a.allegroimg.com\/s360\/11b980\/f4a7eb0f4fcb8599c572f9c31d0f\/Pysznoglowka-ogrodowa-bee-merry-rozowe-kwiaty-duza-sadzonka-wieloletnia-Wysokosc-sadzonki-25-cm 270w,https:\/\/a.allegroimg.com\/s720\/11b980\/f4a7eb0f4fcb8599c572f9c31d0f\/Pysznoglowka-ogrodowa-bee-merry-rozowe-kwiaty-duza-sadzonka-wieloletnia-Wysokosc-sadzonki-25-cm 541w,https:\/\/a.allegroimg.com\/s1024\/11b980\/f4a7eb0f4fcb8599c572f9c31d0f\/Pysznoglowka-ogrodowa-bee-merry-rozowe-kwiaty-duza-sadzonka-wieloletnia-Wysokosc-sadzonki-25-cm 770w,https:\/\/a.allegroimg.com\/s1440\/11b980\/f4a7eb0f4fcb8599c572f9c31d0f\/Pysznoglowka-ogrodowa-bee-merry-rozowe-kwiaty-duza-sadzonka-wieloletnia-Wysokosc-sadzonki-25-cm 1083w,https:\/\/a.allegroimg.com\/original\/11b980\/f4a7eb0f4fcb8599c572f9c31d0f\/Pysznoglowka-ogrodowa-bee-merry-rozowe-kwiaty-duza-sadzonka-wieloletnia-Wysokosc-sadzonki-25-cm 1927w\" alt=\"Pysznog\u0142\u00f3wka ogrodowa bee merry r\u00f3\u017cowe kwiaty du\u017ca sadzonka wieloletnia Wysoko\u015b\u0107 sadzonki 25 cm\" width=\"1927px\" data-srcset=\"\" \/><\/button><\/div>\n<\/div>\n<\/div>\n<\/div>\n<\/div>\n","protected":false},"excerpt":{"rendered":"<p>Pysznog\u0142\u00f3wka Bee Merry Monarda 'Bee Merry&#8217; to przepi\u0119kna, kompaktowa odmiana, kt\u00f3ra hipnotyzuje kwiatami o niesamowitej, r\u00f3\u017cowej barwie. Ro\u015blina tworzy dekoracyjne, zwarte k\u0119py, kt\u00f3re maksymalnie osi\u0105gaj\u0105 oko\u0142o 60 cm wysoko\u015bci i 40 cm szeroko\u015bci. Na wzniesionych, s\u0142abo rozga\u0142\u0119zionych p\u0119dach, osadzone s\u0105 niezwykle aromatyczne, jajowato-lancetowate , naprzeciwleg\u0142e li\u015bcie. Pysznog\u0142\u00f3wka 'Bee Merry&#8217; kwitnie bardzo obficie od lipca do &hellip;<\/p>\n<p class=\"read-more\"> <a class=\"\" href=\"https:\/\/www.ogrodolszanica.pl\/index.php\/produkt\/pysznoglowka-bee-merry\/\"> <span class=\"screen-reader-text\">Pysznog\u0142\u00f3wka Bee-Merry<\/span> Read More &raquo;<\/a><\/p>\n","protected":false},"featured_media":3784,"comment_status":"open","ping_status":"closed","template":"","meta":{"site-sidebar-layout":"default","site-content-layout":"default","ast-global-header-display":"","ast-main-header-display":"","ast-hfb-above-header-display":"","ast-hfb-below-header-display":"","ast-hfb-mobile-header-display":"","site-post-title":"","ast-breadcrumbs-content":"","ast-featured-img":"","footer-sml-layout":"","theme-transparent-header-meta":"default","adv-header-id-meta":"","stick-header-meta":"","header-above-stick-meta":"","header-main-stick-meta":"","header-below-stick-meta":"","spay_email":""},"product_cat":[29,86,20],"product_tag":[],"class_list":["post-2645","product","type-product","status-publish","has-post-thumbnail","hentry","product_cat-byliny","product_cat-pysznoglowki","product_cat-rosliny"],"yoast_head":"<!-- This site is optimized with the Yoast SEO plugin v19.2 - https:\/\/yoast.com\/wordpress\/plugins\/seo\/ -->\n<title>Pysznog\u0142\u00f3wka Bee-Merry - Ogr&oacute;d Olszanica<\/title>\n<meta name=\"robots\" content=\"index, follow, max-snippet:-1, max-image-preview:large, max-video-preview:-1\" \/>\n<link rel=\"canonical\" href=\"https:\/\/www.ogrodolszanica.pl\/index.php\/produkt\/pysznoglowka-bee-merry\/\" \/>\n<meta property=\"og:locale\" content=\"pl_PL\" \/>\n<meta property=\"og:type\" content=\"article\" \/>\n<meta property=\"og:title\" content=\"Pysznog\u0142\u00f3wka Bee-Merry - Ogr&oacute;d Olszanica\" \/>\n<meta property=\"og:description\" content=\"Pysznog\u0142\u00f3wka Bee Merry Monarda &#039;Bee Merry&#8217; to przepi\u0119kna, kompaktowa odmiana, kt\u00f3ra hipnotyzuje kwiatami o niesamowitej, r\u00f3\u017cowej barwie. Ro\u015blina tworzy dekoracyjne, zwarte k\u0119py, kt\u00f3re maksymalnie osi\u0105gaj\u0105 oko\u0142o 60 cm wysoko\u015bci i 40 cm szeroko\u015bci. Na wzniesionych, s\u0142abo rozga\u0142\u0119zionych p\u0119dach, osadzone s\u0105 niezwykle aromatyczne, jajowato-lancetowate , naprzeciwleg\u0142e li\u015bcie. Pysznog\u0142\u00f3wka &#039;Bee Merry&#8217; kwitnie bardzo obficie od lipca do &hellip; Pysznog\u0142\u00f3wka Bee-Merry Read More &raquo;\" \/>\n<meta property=\"og:url\" content=\"https:\/\/www.ogrodolszanica.pl\/index.php\/produkt\/pysznoglowka-bee-merry\/\" \/>\n<meta property=\"og:site_name\" content=\"Ogr&oacute;d Olszanica\" \/>\n<meta property=\"article:publisher\" content=\"https:\/\/www.facebook.com\/Ogrd-Olszanica-100807179225223\" \/>\n<meta property=\"article:modified_time\" content=\"2026-03-07T19:35:32+00:00\" \/>\n<meta property=\"og:image\" content=\"https:\/\/www.ogrodolszanica.pl\/wp-content\/uploads\/2024\/01\/Pysznoglowka-ogrodowa-bee-merry-scaled.jpg\" \/>\n\t<meta property=\"og:image:width\" content=\"1928\" \/>\n\t<meta property=\"og:image:height\" content=\"2560\" \/>\n\t<meta property=\"og:image:type\" content=\"image\/jpeg\" \/>\n<meta name=\"author\" content=\"admin\" \/>\n<meta name=\"twitter:card\" content=\"summary_large_image\" \/>\n<meta name=\"twitter:label1\" content=\"Szacowany czas czytania\" \/>\n\t<meta name=\"twitter:data1\" content=\"1 minuta\" \/>\n<script type=\"application\/ld+json\" class=\"yoast-schema-graph\">{\"@context\":\"https:\/\/schema.org\",\"@graph\":[{\"@type\":\"Organization\",\"@id\":\"https:\/\/www.ogrodolszanica.pl\/#organization\",\"name\":\"Ogr\u00f3d Olszanica - Krakowskie Centrum Ogrodnicze\",\"url\":\"https:\/\/www.ogrodolszanica.pl\/\",\"sameAs\":[\"https:\/\/www.facebook.com\/Ogrd-Olszanica-100807179225223\"],\"logo\":{\"@type\":\"ImageObject\",\"inLanguage\":\"pl-PL\",\"@id\":\"https:\/\/www.ogrodolszanica.pl\/#\/schema\/logo\/image\/\",\"url\":\"http:\/\/www.ogrodolszanica.pl\/wp-content\/uploads\/2022\/06\/Ogrod-Olszanica1-1.png\",\"contentUrl\":\"http:\/\/www.ogrodolszanica.pl\/wp-content\/uploads\/2022\/06\/Ogrod-Olszanica1-1.png\",\"width\":180,\"height\":60,\"caption\":\"Ogr\u00f3d Olszanica - Krakowskie Centrum Ogrodnicze\"},\"image\":{\"@id\":\"https:\/\/www.ogrodolszanica.pl\/#\/schema\/logo\/image\/\"}},{\"@type\":\"WebSite\",\"@id\":\"https:\/\/www.ogrodolszanica.pl\/#website\",\"url\":\"https:\/\/www.ogrodolszanica.pl\/\",\"name\":\"Ogr&oacute;d Olszanica\",\"description\":\"Centrum Ogrodnicze Krak&oacute;w\",\"publisher\":{\"@id\":\"https:\/\/www.ogrodolszanica.pl\/#organization\"},\"potentialAction\":[{\"@type\":\"SearchAction\",\"target\":{\"@type\":\"EntryPoint\",\"urlTemplate\":\"https:\/\/www.ogrodolszanica.pl\/?s={search_term_string}\"},\"query-input\":\"required name=search_term_string\"}],\"inLanguage\":\"pl-PL\"},{\"@type\":\"ImageObject\",\"inLanguage\":\"pl-PL\",\"@id\":\"https:\/\/www.ogrodolszanica.pl\/index.php\/produkt\/pysznoglowka-bee-merry\/#primaryimage\",\"url\":\"https:\/\/i0.wp.com\/www.ogrodolszanica.pl\/wp-content\/uploads\/2024\/01\/Pysznoglowka-ogrodowa-bee-merry-scaled.jpg?fit=1928%2C2560&ssl=1\",\"contentUrl\":\"https:\/\/i0.wp.com\/www.ogrodolszanica.pl\/wp-content\/uploads\/2024\/01\/Pysznoglowka-ogrodowa-bee-merry-scaled.jpg?fit=1928%2C2560&ssl=1\",\"width\":1928,\"height\":2560},{\"@type\":\"WebPage\",\"@id\":\"https:\/\/www.ogrodolszanica.pl\/index.php\/produkt\/pysznoglowka-bee-merry\/#webpage\",\"url\":\"https:\/\/www.ogrodolszanica.pl\/index.php\/produkt\/pysznoglowka-bee-merry\/\",\"name\":\"Pysznog\u0142\u00f3wka Bee-Merry - Ogr&oacute;d Olszanica\",\"isPartOf\":{\"@id\":\"https:\/\/www.ogrodolszanica.pl\/#website\"},\"primaryImageOfPage\":{\"@id\":\"https:\/\/www.ogrodolszanica.pl\/index.php\/produkt\/pysznoglowka-bee-merry\/#primaryimage\"},\"datePublished\":\"2024-01-30T10:15:21+00:00\",\"dateModified\":\"2026-03-07T19:35:32+00:00\",\"breadcrumb\":{\"@id\":\"https:\/\/www.ogrodolszanica.pl\/index.php\/produkt\/pysznoglowka-bee-merry\/#breadcrumb\"},\"inLanguage\":\"pl-PL\",\"potentialAction\":[{\"@type\":\"ReadAction\",\"target\":[\"https:\/\/www.ogrodolszanica.pl\/index.php\/produkt\/pysznoglowka-bee-merry\/\"]}]},{\"@type\":\"BreadcrumbList\",\"@id\":\"https:\/\/www.ogrodolszanica.pl\/index.php\/produkt\/pysznoglowka-bee-merry\/#breadcrumb\",\"itemListElement\":[{\"@type\":\"ListItem\",\"position\":1,\"name\":\"Strona g\u0142\u00f3wna\",\"item\":\"https:\/\/www.ogrodolszanica.pl\/\"},{\"@type\":\"ListItem\",\"position\":2,\"name\":\"Produkty\",\"item\":\"https:\/\/www.ogrodolszanica.pl\/index.php\/shop\/\"},{\"@type\":\"ListItem\",\"position\":3,\"name\":\"Pysznog\u0142\u00f3wka Bee-Merry\"}]}]}<\/script>\n<!-- \/ Yoast SEO plugin. -->","yoast_head_json":{"title":"Pysznog\u0142\u00f3wka Bee-Merry - Ogr&oacute;d Olszanica","robots":{"index":"index","follow":"follow","max-snippet":"max-snippet:-1","max-image-preview":"max-image-preview:large","max-video-preview":"max-video-preview:-1"},"canonical":"https:\/\/www.ogrodolszanica.pl\/index.php\/produkt\/pysznoglowka-bee-merry\/","og_locale":"pl_PL","og_type":"article","og_title":"Pysznog\u0142\u00f3wka Bee-Merry - Ogr&oacute;d Olszanica","og_description":"Pysznog\u0142\u00f3wka Bee Merry Monarda 'Bee Merry&#8217; to przepi\u0119kna, kompaktowa odmiana, kt\u00f3ra hipnotyzuje kwiatami o niesamowitej, r\u00f3\u017cowej barwie. Ro\u015blina tworzy dekoracyjne, zwarte k\u0119py, kt\u00f3re maksymalnie osi\u0105gaj\u0105 oko\u0142o 60 cm wysoko\u015bci i 40 cm szeroko\u015bci. Na wzniesionych, s\u0142abo rozga\u0142\u0119zionych p\u0119dach, osadzone s\u0105 niezwykle aromatyczne, jajowato-lancetowate , naprzeciwleg\u0142e li\u015bcie. Pysznog\u0142\u00f3wka 'Bee Merry&#8217; kwitnie bardzo obficie od lipca do &hellip; Pysznog\u0142\u00f3wka Bee-Merry Read More &raquo;","og_url":"https:\/\/www.ogrodolszanica.pl\/index.php\/produkt\/pysznoglowka-bee-merry\/","og_site_name":"Ogr&oacute;d Olszanica","article_publisher":"https:\/\/www.facebook.com\/Ogrd-Olszanica-100807179225223","article_modified_time":"2026-03-07T19:35:32+00:00","og_image":[{"width":1928,"height":2560,"url":"https:\/\/www.ogrodolszanica.pl\/wp-content\/uploads\/2024\/01\/Pysznoglowka-ogrodowa-bee-merry-scaled.jpg","type":"image\/jpeg"}],"author":"admin","twitter_card":"summary_large_image","twitter_misc":{"Szacowany czas czytania":"1 minuta"},"schema":{"@context":"https:\/\/schema.org","@graph":[{"@type":"Organization","@id":"https:\/\/www.ogrodolszanica.pl\/#organization","name":"Ogr\u00f3d Olszanica - Krakowskie Centrum Ogrodnicze","url":"https:\/\/www.ogrodolszanica.pl\/","sameAs":["https:\/\/www.facebook.com\/Ogrd-Olszanica-100807179225223"],"logo":{"@type":"ImageObject","inLanguage":"pl-PL","@id":"https:\/\/www.ogrodolszanica.pl\/#\/schema\/logo\/image\/","url":"http:\/\/www.ogrodolszanica.pl\/wp-content\/uploads\/2022\/06\/Ogrod-Olszanica1-1.png","contentUrl":"http:\/\/www.ogrodolszanica.pl\/wp-content\/uploads\/2022\/06\/Ogrod-Olszanica1-1.png","width":180,"height":60,"caption":"Ogr\u00f3d Olszanica - Krakowskie Centrum Ogrodnicze"},"image":{"@id":"https:\/\/www.ogrodolszanica.pl\/#\/schema\/logo\/image\/"}},{"@type":"WebSite","@id":"https:\/\/www.ogrodolszanica.pl\/#website","url":"https:\/\/www.ogrodolszanica.pl\/","name":"Ogr&oacute;d Olszanica","description":"Centrum Ogrodnicze Krak&oacute;w","publisher":{"@id":"https:\/\/www.ogrodolszanica.pl\/#organization"},"potentialAction":[{"@type":"SearchAction","target":{"@type":"EntryPoint","urlTemplate":"https:\/\/www.ogrodolszanica.pl\/?s={search_term_string}"},"query-input":"required name=search_term_string"}],"inLanguage":"pl-PL"},{"@type":"ImageObject","inLanguage":"pl-PL","@id":"https:\/\/www.ogrodolszanica.pl\/index.php\/produkt\/pysznoglowka-bee-merry\/#primaryimage","url":"https:\/\/i0.wp.com\/www.ogrodolszanica.pl\/wp-content\/uploads\/2024\/01\/Pysznoglowka-ogrodowa-bee-merry-scaled.jpg?fit=1928%2C2560&ssl=1","contentUrl":"https:\/\/i0.wp.com\/www.ogrodolszanica.pl\/wp-content\/uploads\/2024\/01\/Pysznoglowka-ogrodowa-bee-merry-scaled.jpg?fit=1928%2C2560&ssl=1","width":1928,"height":2560},{"@type":"WebPage","@id":"https:\/\/www.ogrodolszanica.pl\/index.php\/produkt\/pysznoglowka-bee-merry\/#webpage","url":"https:\/\/www.ogrodolszanica.pl\/index.php\/produkt\/pysznoglowka-bee-merry\/","name":"Pysznog\u0142\u00f3wka Bee-Merry - Ogr&oacute;d Olszanica","isPartOf":{"@id":"https:\/\/www.ogrodolszanica.pl\/#website"},"primaryImageOfPage":{"@id":"https:\/\/www.ogrodolszanica.pl\/index.php\/produkt\/pysznoglowka-bee-merry\/#primaryimage"},"datePublished":"2024-01-30T10:15:21+00:00","dateModified":"2026-03-07T19:35:32+00:00","breadcrumb":{"@id":"https:\/\/www.ogrodolszanica.pl\/index.php\/produkt\/pysznoglowka-bee-merry\/#breadcrumb"},"inLanguage":"pl-PL","potentialAction":[{"@type":"ReadAction","target":["https:\/\/www.ogrodolszanica.pl\/index.php\/produkt\/pysznoglowka-bee-merry\/"]}]},{"@type":"BreadcrumbList","@id":"https:\/\/www.ogrodolszanica.pl\/index.php\/produkt\/pysznoglowka-bee-merry\/#breadcrumb","itemListElement":[{"@type":"ListItem","position":1,"name":"Strona g\u0142\u00f3wna","item":"https:\/\/www.ogrodolszanica.pl\/"},{"@type":"ListItem","position":2,"name":"Produkty","item":"https:\/\/www.ogrodolszanica.pl\/index.php\/shop\/"},{"@type":"ListItem","position":3,"name":"Pysznog\u0142\u00f3wka Bee-Merry"}]}]}},"jetpack-related-posts":[{"id":1544,"url":"https:\/\/www.ogrodolszanica.pl\/index.php\/produkt\/pysznoglowka-bee-free\/","url_meta":{"origin":2645,"position":0},"title":"Pysznog\u0142\u00f3wka Bee-Free","date":"11 lipca, 2022","format":false,"excerpt":"Pysznog\u0142\u00f3wka Bee Free Monarda Wyj\u0105tkowa odmiana o pi\u0119knych, fioletowo-r\u00f3\u017cowych, miododajnych kwiatach, kt\u00f3re przyci\u0105gaj\u0105 mn\u00f3stwo barwnych motyli. Pysznog\u0142\u00f3wka 'Bee Free' dorasta do oko\u0142o 60 cm wysoko\u015bci i 40 cm szeroko\u015bci. Opr\u00f3cz walor\u00f3w estetycznych ogromnym atutem byliny s\u0105 jej niewielkie wymagania uprawowe. Zielone, jajowato lancetowate, naprzeciwleg\u0142e li\u015bcie byliny s\u0105 niezwykle aromatyczne. Od\u2026","rel":"","context":"Similar post","img":{"alt_text":"","src":"https:\/\/i0.wp.com\/www.ogrodolszanica.pl\/wp-content\/uploads\/2022\/07\/pysznoglowka-bee-free-monarda-hybrida.jpg?fit=600%2C600&ssl=1&resize=350%2C200","width":350,"height":200},"classes":[]},{"id":1536,"url":"https:\/\/www.ogrodolszanica.pl\/index.php\/produkt\/pysznoglowka-bee-happy\/","url_meta":{"origin":2645,"position":1},"title":"Pysznog\u0142\u00f3wka Bee-Happy","date":"11 lipca, 2022","format":false,"excerpt":"Pysznog\u0142\u00f3wka Bee-Happy Nowa seria pysznog\u0142\u00f3wki o wysokiej tolerancji na m\u0105czniaka. Odmian Bee-Happy tworzy zwarte, obficie kwitn\u0105ce k\u0119py, latem obsypane czerwonymi kwiatami. Doskona\u0142a do nasadze\u0144 w gruncie a tak\u017ce w pojemnikach. Najlepiej ro\u015bnie na stanowiskach s\u0142onecznych lub lekko cienistych na glebach przepuszczalnych i umiarkowanie wilgotnych. Rodzaj: Pysznog\u0142\u00f3wka Barwa: Czerwony szeroko\u015b\u0107: 40\u00a0cm\u2026","rel":"","context":"Similar post","img":{"alt_text":"","src":"https:\/\/i0.wp.com\/www.ogrodolszanica.pl\/wp-content\/uploads\/2022\/07\/byliny-i-trawy_bee_74279_1.jpg?fit=650%2C650&ssl=1&resize=350%2C200","width":350,"height":200},"classes":[]},{"id":1554,"url":"https:\/\/www.ogrodolszanica.pl\/index.php\/produkt\/pysznoglowka-monarda-bee-bright\/","url_meta":{"origin":2645,"position":2},"title":"Pysznog\u0142\u00f3wka Monarda Bee-Bright","date":"11 lipca, 2022","format":false,"excerpt":"Pysznog\u0142\u00f3wka Monarda Bee-Bright Nowa, odporna na choroby stabilna odmiana o du\u017cych kwiatach. Istny magnes na pszczo\u0142y i motyle. Typowa bylina rabatowa kt\u00f3r\u0105 \u015bmia\u0142o po\u0142\u0105czy\u0107 mo\u017cna w kompozycji z floksami, ostr\u00f3\u017ckami czy jastrunami. Rodzaj: Pysznog\u0142\u00f3wka Barwa: Bia\u0142y szeroko\u015b\u0107: 45\u00a0cm wysoko\u015b\u0107: 50\u00a0cm wysoko\u015b\u0107 (kwitnienie): 70\u00a0cm kwitnienie: lipiec \u00f7 sierpie\u0144 stanowisko: s\u0142oneczne\u00a0 Dobierz\u2026","rel":"","context":"Similar post","img":{"alt_text":"","src":"https:\/\/i0.wp.com\/www.ogrodolszanica.pl\/wp-content\/uploads\/2022\/07\/byliny-i-trawy_bee_77474_3.jpg?fit=435%2C650&ssl=1&resize=350%2C200","width":350,"height":200},"classes":[]},{"id":1629,"url":"https:\/\/www.ogrodolszanica.pl\/index.php\/produkt\/pysznoglowka-fireball\/","url_meta":{"origin":2645,"position":3},"title":"Pysznog\u0142\u00f3wka Fireball","date":"14 lipca, 2022","format":false,"excerpt":"Pysznog\u0142\u00f3wka Fireball Bujnie rosn\u0105ca bylina rabatowa o oryginalnych i wyr\u00f3\u017cniaj\u0105cych si\u0119 kwiatach oraz pachn\u0105cych li\u015bciach. Kwiaty miododajne, karminowe, lekko pachn\u0105ce, zebrane w g\u0142\u00f3wki. Najlepsza gleba - \u017cyzna i \u015brednio wilgotna. Na glebie ci\u0119\u017ckiej ro\u015blina staje si\u0119 kr\u00f3tkowieczna i ma tendencje do pok\u0142adania si\u0119. Nale\u017cy podlewa\u0107 w okresie bezdeszczowym. Jesieni\u0105 przycina\u0107\u2026","rel":"","context":"Similar post","img":{"alt_text":"","src":"https:\/\/i0.wp.com\/www.ogrodolszanica.pl\/wp-content\/uploads\/2022\/07\/monarda-fireball_4.jpg?fit=433%2C650&ssl=1&resize=350%2C200","width":350,"height":200},"classes":[]},{"id":3258,"url":"https:\/\/www.ogrodolszanica.pl\/index.php\/produkt\/aster-krzaczasty-niobe-biale-kwiaty\/","url_meta":{"origin":2645,"position":4},"title":"Aster krzaczasty Niobe bia\u0142e kwiaty","date":"23 lutego, 2026","format":false,"excerpt":"Aster krzaczasty Niobe Aster dumosus Aster krzaczasty 'Niobe' jest bylin\u0105, na kt\u00f3rej kwitnienie czeka si\u0119 a\u017c do jesieni. Tworzy rozlegle, rozkrzewione i g\u0119ste, p\u00f3\u0142okr\u0105g\u0142e k\u0119py o wysoko\u015bci oko\u0142o 30-40 cm i rozrasta si\u0119 do\u015b\u0107 silnie za pomoc\u0105 podziemnych roz\u0142og\u00f3w. Jest jedn\u0105 z najni\u017cszych odmian i doskonale okrywa puste powierzchnie na\u2026","rel":"","context":"Similar post","img":{"alt_text":"","src":"https:\/\/i0.wp.com\/www.ogrodolszanica.pl\/wp-content\/uploads\/2026\/02\/Aster-krzaczasty-Niobe-biale-kwiaty-scaled.jpg?fit=904%2C1200&ssl=1&resize=350%2C200","width":350,"height":200},"classes":[]},{"id":2423,"url":"https:\/\/www.ogrodolszanica.pl\/index.php\/produkt\/zlocien-snow-cap\/","url_meta":{"origin":2645,"position":5},"title":"Z\u0142ocie\u0144 Snow Cap","date":"26 sierpnia, 2023","format":false,"excerpt":"Z\u0142ocie\u0144 Snow Cap Leucanthemum superbum Z\u0142ocie\u0144 \u2018Snow Cap\u2019 to bylina wieloletnia. Zachwyca du\u017cymi kwiatostanami w formie koszyczka. Bia\u0142e, w\u0105skie p\u0142atki otaczaj\u0105 intensywnie \u017c\u00f3\u0142ty \u015brodek. Klasyczne kwiaty, pi\u0119kne w swojej prostocie. Ciesz\u0105 oko od czerwca do sierpnia. Kwitn\u0105cy z\u0142ocie\u0144 dorasta do 35 cm wysoko\u015bci. Tworzy wyprostowane k\u0119py. Kwiaty osadzone s\u0105 na\u2026","rel":"","context":"Similar post","img":{"alt_text":"","src":"https:\/\/i0.wp.com\/www.ogrodolszanica.pl\/wp-content\/uploads\/2023\/08\/leucanthemum-snow-cap_70752_1.jpg?fit=650%2C650&ssl=1&resize=350%2C200","width":350,"height":200},"classes":[]}],"_links":{"self":[{"href":"https:\/\/www.ogrodolszanica.pl\/index.php\/wp-json\/wp\/v2\/product\/2645","targetHints":{"allow":["GET"]}}],"collection":[{"href":"https:\/\/www.ogrodolszanica.pl\/index.php\/wp-json\/wp\/v2\/product"}],"about":[{"href":"https:\/\/www.ogrodolszanica.pl\/index.php\/wp-json\/wp\/v2\/types\/product"}],"replies":[{"embeddable":true,"href":"https:\/\/www.ogrodolszanica.pl\/index.php\/wp-json\/wp\/v2\/comments?post=2645"}],"wp:featuredmedia":[{"embeddable":true,"href":"https:\/\/www.ogrodolszanica.pl\/index.php\/wp-json\/wp\/v2\/media\/3784"}],"wp:attachment":[{"href":"https:\/\/www.ogrodolszanica.pl\/index.php\/wp-json\/wp\/v2\/media?parent=2645"}],"wp:term":[{"taxonomy":"product_cat","embeddable":true,"href":"https:\/\/www.ogrodolszanica.pl\/index.php\/wp-json\/wp\/v2\/product_cat?post=2645"},{"taxonomy":"product_tag","embeddable":true,"href":"https:\/\/www.ogrodolszanica.pl\/index.php\/wp-json\/wp\/v2\/product_tag?post=2645"}],"curies":[{"name":"wp","href":"https:\/\/api.w.org\/{rel}","templated":true}]}}