{"id":2622,"date":"2024-01-29T11:46:53","date_gmt":"2024-01-29T11:46:53","guid":{"rendered":"https:\/\/www.ogrodolszanica.pl\/?post_type=product&#038;p=2622"},"modified":"2026-03-07T19:38:23","modified_gmt":"2026-03-07T19:38:23","slug":"jezowka-echinacea-purpurea-alba","status":"publish","type":"product","link":"https:\/\/www.ogrodolszanica.pl\/index.php\/produkt\/jezowka-echinacea-purpurea-alba\/","title":{"rendered":"Je\u017c\u00f3wka Alba"},"content":{"rendered":"<div class=\"mpof_ki myre_zn myre_8v_l m389_6m_l\">\n<div class=\"mp4t_16_s mryx_16_s mr3m_1 mli2_1 mh85_56 mh85_0_l\">\n<div class=\"mgn2_16 _0d3bd_am0a-\">\n<h1>Je\u017c\u00f3wka purpurowa 'Alba&#8217; Echinacea purpurea<\/h1>\n<p>Je\u017c\u00f3wka 'Alba&#8217; jest jedn\u0105 z najstarszych odmian, jednak ci\u0105gle ch\u0119tnie sadzona. Dorasta do oko\u0142o 70 cm tworz\u0105c s\u0142abo rozga\u0142\u0119zione karpy, na kt\u00f3rych od lipca a\u017c do pa\u017adziernika masowo pojawiaj\u0105 si\u0119 kwiaty o bia\u0142ych p\u0142atkach oraz br\u0105zowo pomara\u0144czowym \u015brodku. Je\u017c\u00f3wka wymaga do\u015b\u0107 \u017cyznej, lekkiej gleby o umiarkowanej wilgotno\u015bci i s\u0142onecznego stanowiska. Jest w pe\u0142ni mrozoodporna i nie ma specjalnych wymaga\u0144, warto usuwa\u0107 przekwit\u0142e kwiaty co powoduje wyd\u0142u\u017cenie kwitnienia.<\/p>\n<ul>\n<li>Rodzaj:\u00a0<b>je\u017c\u00f3wka<\/b><\/li>\n<li>Stanowisko:\u00a0<b>s\u0142oneczne<\/b>\u00a0\u2600\ufe0f<\/li>\n<li>Podlewanie:\u00a0<b>obfite<\/b><\/li>\n<li>Barwa kwiatu:\u00a0<b>bia\u0142y<\/b><\/li>\n<li>Barwa li\u015bci:\u00a0<b>zielone<\/b><\/li>\n<li>Szeroko\u015b\u0107 \u2b05\ufe0f\u27a1\ufe0f:\u00a0<b>50-60cm<\/b><\/li>\n<li>Wysoko\u015b\u0107 kwitnienia \u2b06\ufe0f:\u00a0<b>60-80 cm<\/b><\/li>\n<li>Okres kwitnienia \u27a1\ufe0f\u2b05\ufe0f:\u00a0<b>lipiec \u00f7 wrzesie\u0144<\/b><\/li>\n<li>Mrozoodporno\u015b\u0107:\u00a0<b>tak<\/b><\/li>\n<li>Ro\u015blina wieloletnia:\u00a0<b>tak<\/b><\/li>\n<\/ul>\n<\/div>\n<\/div>\n<div class=\"mp4t_16_s mryx_16_s mr3m_1 mli2_1 mh85_56 mh85_0_l\">\n<div class=\"mg9e_8 mj7a_8 mg9e_0_s mvrt_0_s mj7a_0_s mh36_0_s mzmg_6m munh_16_l m3h2_16_l\">\n<div class=\"mp4t_0 mryx_0 munh_56 m3h2_56\">\n<div class=\"mp7g_oh\"><button class=\"mg9e_0 mvrt_0 mj7a_0 mh36_0 mp4t_0 m3h2_0 mryx_0 munh_0 mqen_m6 mpof_z0 mx7m_0 m7er_k4 mse2_k4 msts_pt\" data-analytics-interaction=\"true\" data-analytics-interaction-label=\"zoomable-image-open\" aria-disabled=\"true\"><img decoding=\"async\" class=\"msub_k4 mupj_5k mjru_k4 mse2_k4 mp7g_f6 mq1m_0 mj7u_0 m7er_k4 mqen_m6 m31c_d8 m0ux_fp lazyloaded\" src=\"https:\/\/a.allegroimg.com\/original\/1191f3\/d7d271f54858b24f4e8574b808ed\/Jezowka-Alba-biale-kwiaty-duza-sadzonka-dlugo-kwitnie-przyciaga-trzmiele\" sizes=\"(min-width: 1200px) 560px, (min-width: 992px) 50vw, 100vw\" srcset=\"https:\/\/a.allegroimg.com\/s360\/1191f3\/d7d271f54858b24f4e8574b808ed\/Jezowka-Alba-biale-kwiaty-duza-sadzonka-dlugo-kwitnie-przyciaga-trzmiele 270w,https:\/\/a.allegroimg.com\/s720\/1191f3\/d7d271f54858b24f4e8574b808ed\/Jezowka-Alba-biale-kwiaty-duza-sadzonka-dlugo-kwitnie-przyciaga-trzmiele 541w,https:\/\/a.allegroimg.com\/s1024\/1191f3\/d7d271f54858b24f4e8574b808ed\/Jezowka-Alba-biale-kwiaty-duza-sadzonka-dlugo-kwitnie-przyciaga-trzmiele 770w,https:\/\/a.allegroimg.com\/s1440\/1191f3\/d7d271f54858b24f4e8574b808ed\/Jezowka-Alba-biale-kwiaty-duza-sadzonka-dlugo-kwitnie-przyciaga-trzmiele 1083w,https:\/\/a.allegroimg.com\/original\/1191f3\/d7d271f54858b24f4e8574b808ed\/Jezowka-Alba-biale-kwiaty-duza-sadzonka-dlugo-kwitnie-przyciaga-trzmiele 1927w\" alt=\"Je\u017c\u00f3wka Alba bia\u0142e kwiaty du\u017ca sadzonka d\u0142ugo kwitnie przyci\u0105ga trzmiele\" width=\"1927px\" data-srcset=\"\" \/><\/button><\/div>\n<\/div>\n<\/div>\n<\/div>\n<\/div>\n<div class=\"mpof_ki myre_zn myre_8v_l m389_6m_l\">\n<div class=\"mp4t_16_s mryx_16_s mr3m_1 mli2_1 mh85_56 mh85_0_l\">\n<div class=\"mgn2_16 _0d3bd_am0a-\">\n<h1>Uwaga \u2757\u2757\u2757<\/h1>\n<p><b>Jedno zdj\u0119cie przedstawia ro\u015blin\u0119 w pe\u0142ni rozwini\u0119t\u0105, a drugie sadzonk\u0119 kt\u00f3ra jest w sprzeda\u017cy.<\/b><\/p>\n<p><b>Jednak \u017ce s\u0105 to \u017cywe ro\u015bliny i z tygodnia na tydzie\u0144 zmieniaj\u0105 sw\u00f3j wygl\u0105d. Mog\u0105 by\u0107 przyci\u0119te, a w okresie kwitnienia mog\u0105 by\u0107 wi\u0119ksze oraz z kwiatami.<\/b><\/p>\n<\/div>\n<\/div>\n<\/div>\n<div class=\"mpof_ki myre_zn myre_8v_l m389_6m_l\">\n<div class=\"mp4t_16_s mryx_16_s mr3m_1 mli2_1 mh85_56 mh85_0_l\">\n<div class=\"mg9e_8 mj7a_8 mg9e_0_s mvrt_0_s mj7a_0_s mh36_0_s mzmg_6m munh_16_l m3h2_16_l\">\n<div class=\"mp4t_0 mryx_0 munh_56 m3h2_56\">\n<div class=\"mp7g_oh\"><button class=\"mg9e_0 mvrt_0 mj7a_0 mh36_0 mp4t_0 m3h2_0 mryx_0 munh_0 mqen_m6 mpof_z0 mx7m_0 m7er_k4 mse2_k4 msts_pt\" data-analytics-interaction=\"true\" data-analytics-interaction-label=\"zoomable-image-open\" aria-disabled=\"true\"><img decoding=\"async\" class=\"msub_k4 mupj_5k mjru_k4 mse2_k4 mp7g_f6 mq1m_0 mj7u_0 m7er_k4 mqen_m6 m31c_d8 m0ux_fp lazyloaded\" src=\"https:\/\/a.allegroimg.com\/original\/11fa93\/a59ce92f4bb78bed5933f8e2fcf1\/Jezowka-Alba-biale-kwiaty-duza-sadzonka-dlugo-kwitnie-przyciaga-trzmiele-Producent-nieznany-producent\" sizes=\"(min-width: 1200px) 560px, (min-width: 992px) 50vw, 100vw\" srcset=\"https:\/\/a.allegroimg.com\/s360\/11fa93\/a59ce92f4bb78bed5933f8e2fcf1\/Jezowka-Alba-biale-kwiaty-duza-sadzonka-dlugo-kwitnie-przyciaga-trzmiele-Producent-nieznany-producent 270w,https:\/\/a.allegroimg.com\/s720\/11fa93\/a59ce92f4bb78bed5933f8e2fcf1\/Jezowka-Alba-biale-kwiaty-duza-sadzonka-dlugo-kwitnie-przyciaga-trzmiele-Producent-nieznany-producent 541w,https:\/\/a.allegroimg.com\/s1024\/11fa93\/a59ce92f4bb78bed5933f8e2fcf1\/Jezowka-Alba-biale-kwiaty-duza-sadzonka-dlugo-kwitnie-przyciaga-trzmiele-Producent-nieznany-producent 770w,https:\/\/a.allegroimg.com\/s1440\/11fa93\/a59ce92f4bb78bed5933f8e2fcf1\/Jezowka-Alba-biale-kwiaty-duza-sadzonka-dlugo-kwitnie-przyciaga-trzmiele-Producent-nieznany-producent 1083w,https:\/\/a.allegroimg.com\/original\/11fa93\/a59ce92f4bb78bed5933f8e2fcf1\/Jezowka-Alba-biale-kwiaty-duza-sadzonka-dlugo-kwitnie-przyciaga-trzmiele-Producent-nieznany-producent 1927w\" alt=\"Je\u017c\u00f3wka Alba bia\u0142e kwiaty du\u017ca sadzonka d\u0142ugo kwitnie przyci\u0105ga trzmiele Producent nieznany producent\" width=\"1927px\" data-srcset=\"\" \/><\/button><\/div>\n<\/div>\n<\/div>\n<\/div>\n<div class=\"mp4t_16_s mryx_16_s mr3m_1 mli2_1 mh85_56 mh85_0_l\">\n<div class=\"mg9e_8 mj7a_8 mg9e_0_s mvrt_0_s mj7a_0_s mh36_0_s mzmg_6m munh_16_l m3h2_16_l\">\n<div class=\"mp4t_0 mryx_0 munh_56 m3h2_56\">\n<div class=\"mp7g_oh\"><button class=\"mg9e_0 mvrt_0 mj7a_0 mh36_0 mp4t_0 m3h2_0 mryx_0 munh_0 mqen_m6 mpof_z0 mx7m_0 m7er_k4 mse2_k4 msts_pt\" data-analytics-interaction=\"true\" data-analytics-interaction-label=\"zoomable-image-open\" aria-disabled=\"true\"><img decoding=\"async\" class=\"msub_k4 mupj_5k mjru_k4 mse2_k4 mp7g_f6 mq1m_0 mj7u_0 m7er_k4 mqen_m6 m31c_d8 m0ux_fp lazyloaded\" src=\"https:\/\/a.allegroimg.com\/original\/11542f\/bc10a4ab4c5588569faf893e9068\/Jezowka-Alba-biale-kwiaty-duza-sadzonka-dlugo-kwitnie-przyciaga-trzmiele-Rodzaj-rosliny-Inny\" sizes=\"(min-width: 1200px) 560px, (min-width: 992px) 50vw, 100vw\" srcset=\"https:\/\/a.allegroimg.com\/s360\/11542f\/bc10a4ab4c5588569faf893e9068\/Jezowka-Alba-biale-kwiaty-duza-sadzonka-dlugo-kwitnie-przyciaga-trzmiele-Rodzaj-rosliny-Inny 270w,https:\/\/a.allegroimg.com\/s720\/11542f\/bc10a4ab4c5588569faf893e9068\/Jezowka-Alba-biale-kwiaty-duza-sadzonka-dlugo-kwitnie-przyciaga-trzmiele-Rodzaj-rosliny-Inny 541w,https:\/\/a.allegroimg.com\/s1024\/11542f\/bc10a4ab4c5588569faf893e9068\/Jezowka-Alba-biale-kwiaty-duza-sadzonka-dlugo-kwitnie-przyciaga-trzmiele-Rodzaj-rosliny-Inny 770w,https:\/\/a.allegroimg.com\/s1440\/11542f\/bc10a4ab4c5588569faf893e9068\/Jezowka-Alba-biale-kwiaty-duza-sadzonka-dlugo-kwitnie-przyciaga-trzmiele-Rodzaj-rosliny-Inny 1083w,https:\/\/a.allegroimg.com\/original\/11542f\/bc10a4ab4c5588569faf893e9068\/Jezowka-Alba-biale-kwiaty-duza-sadzonka-dlugo-kwitnie-przyciaga-trzmiele-Rodzaj-rosliny-Inny 1927w\" alt=\"Je\u017c\u00f3wka Alba bia\u0142e kwiaty du\u017ca sadzonka d\u0142ugo kwitnie przyci\u0105ga trzmiele Rodzaj ro\u015bliny Inny\" width=\"1927px\" data-srcset=\"\" \/><\/button><\/div>\n<\/div>\n<\/div>\n<\/div>\n<\/div>\n","protected":false},"excerpt":{"rendered":"<p>Je\u017c\u00f3wka purpurowa 'Alba&#8217; Echinacea purpurea Je\u017c\u00f3wka 'Alba&#8217; jest jedn\u0105 z najstarszych odmian, jednak ci\u0105gle ch\u0119tnie sadzona. Dorasta do oko\u0142o 70 cm tworz\u0105c s\u0142abo rozga\u0142\u0119zione karpy, na kt\u00f3rych od lipca a\u017c do pa\u017adziernika masowo pojawiaj\u0105 si\u0119 kwiaty o bia\u0142ych p\u0142atkach oraz br\u0105zowo pomara\u0144czowym \u015brodku. Je\u017c\u00f3wka wymaga do\u015b\u0107 \u017cyznej, lekkiej gleby o umiarkowanej wilgotno\u015bci i s\u0142onecznego stanowiska. &hellip;<\/p>\n<p class=\"read-more\"> <a class=\"\" href=\"https:\/\/www.ogrodolszanica.pl\/index.php\/produkt\/jezowka-echinacea-purpurea-alba\/\"> <span class=\"screen-reader-text\">Je\u017c\u00f3wka Alba<\/span> Read More &raquo;<\/a><\/p>\n","protected":false},"featured_media":3653,"comment_status":"open","ping_status":"closed","template":"","meta":{"site-sidebar-layout":"default","site-content-layout":"default","ast-global-header-display":"","ast-main-header-display":"","ast-hfb-above-header-display":"","ast-hfb-below-header-display":"","ast-hfb-mobile-header-display":"","site-post-title":"","ast-breadcrumbs-content":"","ast-featured-img":"","footer-sml-layout":"","theme-transparent-header-meta":"default","adv-header-id-meta":"","stick-header-meta":"","header-above-stick-meta":"","header-main-stick-meta":"","header-below-stick-meta":"","spay_email":""},"product_cat":[29,74,20],"product_tag":[],"class_list":["post-2622","product","type-product","status-publish","has-post-thumbnail","hentry","product_cat-byliny","product_cat-jezowki","product_cat-rosliny"],"yoast_head":"<!-- This site is optimized with the Yoast SEO plugin v19.2 - https:\/\/yoast.com\/wordpress\/plugins\/seo\/ -->\n<title>Je\u017c\u00f3wka Alba - Ogr&oacute;d Olszanica<\/title>\n<meta name=\"robots\" content=\"index, follow, max-snippet:-1, max-image-preview:large, max-video-preview:-1\" \/>\n<link rel=\"canonical\" href=\"https:\/\/www.ogrodolszanica.pl\/index.php\/produkt\/jezowka-echinacea-purpurea-alba\/\" \/>\n<meta property=\"og:locale\" content=\"pl_PL\" \/>\n<meta property=\"og:type\" content=\"article\" \/>\n<meta property=\"og:title\" content=\"Je\u017c\u00f3wka Alba - Ogr&oacute;d Olszanica\" \/>\n<meta property=\"og:description\" content=\"Je\u017c\u00f3wka purpurowa &#039;Alba&#8217; Echinacea purpurea Je\u017c\u00f3wka &#039;Alba&#8217; jest jedn\u0105 z najstarszych odmian, jednak ci\u0105gle ch\u0119tnie sadzona. Dorasta do oko\u0142o 70 cm tworz\u0105c s\u0142abo rozga\u0142\u0119zione karpy, na kt\u00f3rych od lipca a\u017c do pa\u017adziernika masowo pojawiaj\u0105 si\u0119 kwiaty o bia\u0142ych p\u0142atkach oraz br\u0105zowo pomara\u0144czowym \u015brodku. Je\u017c\u00f3wka wymaga do\u015b\u0107 \u017cyznej, lekkiej gleby o umiarkowanej wilgotno\u015bci i s\u0142onecznego stanowiska. &hellip; Je\u017c\u00f3wka Alba Read More &raquo;\" \/>\n<meta property=\"og:url\" content=\"https:\/\/www.ogrodolszanica.pl\/index.php\/produkt\/jezowka-echinacea-purpurea-alba\/\" \/>\n<meta property=\"og:site_name\" content=\"Ogr&oacute;d Olszanica\" \/>\n<meta property=\"article:publisher\" content=\"https:\/\/www.facebook.com\/Ogrd-Olszanica-100807179225223\" \/>\n<meta property=\"article:modified_time\" content=\"2026-03-07T19:38:23+00:00\" \/>\n<meta property=\"og:image\" content=\"https:\/\/www.ogrodolszanica.pl\/wp-content\/uploads\/2024\/01\/Jezowka-Alba-scaled.jpg\" \/>\n\t<meta property=\"og:image:width\" content=\"1928\" \/>\n\t<meta property=\"og:image:height\" content=\"2560\" \/>\n\t<meta property=\"og:image:type\" content=\"image\/jpeg\" \/>\n<meta name=\"author\" content=\"admin\" \/>\n<meta name=\"twitter:card\" content=\"summary_large_image\" \/>\n<meta name=\"twitter:label1\" content=\"Szacowany czas czytania\" \/>\n\t<meta name=\"twitter:data1\" content=\"1 minuta\" \/>\n<script type=\"application\/ld+json\" class=\"yoast-schema-graph\">{\"@context\":\"https:\/\/schema.org\",\"@graph\":[{\"@type\":\"Organization\",\"@id\":\"https:\/\/www.ogrodolszanica.pl\/#organization\",\"name\":\"Ogr\u00f3d Olszanica - Krakowskie Centrum Ogrodnicze\",\"url\":\"https:\/\/www.ogrodolszanica.pl\/\",\"sameAs\":[\"https:\/\/www.facebook.com\/Ogrd-Olszanica-100807179225223\"],\"logo\":{\"@type\":\"ImageObject\",\"inLanguage\":\"pl-PL\",\"@id\":\"https:\/\/www.ogrodolszanica.pl\/#\/schema\/logo\/image\/\",\"url\":\"http:\/\/www.ogrodolszanica.pl\/wp-content\/uploads\/2022\/06\/Ogrod-Olszanica1-1.png\",\"contentUrl\":\"http:\/\/www.ogrodolszanica.pl\/wp-content\/uploads\/2022\/06\/Ogrod-Olszanica1-1.png\",\"width\":180,\"height\":60,\"caption\":\"Ogr\u00f3d Olszanica - Krakowskie Centrum Ogrodnicze\"},\"image\":{\"@id\":\"https:\/\/www.ogrodolszanica.pl\/#\/schema\/logo\/image\/\"}},{\"@type\":\"WebSite\",\"@id\":\"https:\/\/www.ogrodolszanica.pl\/#website\",\"url\":\"https:\/\/www.ogrodolszanica.pl\/\",\"name\":\"Ogr&oacute;d Olszanica\",\"description\":\"Centrum Ogrodnicze Krak&oacute;w\",\"publisher\":{\"@id\":\"https:\/\/www.ogrodolszanica.pl\/#organization\"},\"potentialAction\":[{\"@type\":\"SearchAction\",\"target\":{\"@type\":\"EntryPoint\",\"urlTemplate\":\"https:\/\/www.ogrodolszanica.pl\/?s={search_term_string}\"},\"query-input\":\"required name=search_term_string\"}],\"inLanguage\":\"pl-PL\"},{\"@type\":\"ImageObject\",\"inLanguage\":\"pl-PL\",\"@id\":\"https:\/\/www.ogrodolszanica.pl\/index.php\/produkt\/jezowka-echinacea-purpurea-alba\/#primaryimage\",\"url\":\"https:\/\/i0.wp.com\/www.ogrodolszanica.pl\/wp-content\/uploads\/2024\/01\/Jezowka-Alba-scaled.jpg?fit=1928%2C2560&ssl=1\",\"contentUrl\":\"https:\/\/i0.wp.com\/www.ogrodolszanica.pl\/wp-content\/uploads\/2024\/01\/Jezowka-Alba-scaled.jpg?fit=1928%2C2560&ssl=1\",\"width\":1928,\"height\":2560},{\"@type\":\"WebPage\",\"@id\":\"https:\/\/www.ogrodolszanica.pl\/index.php\/produkt\/jezowka-echinacea-purpurea-alba\/#webpage\",\"url\":\"https:\/\/www.ogrodolszanica.pl\/index.php\/produkt\/jezowka-echinacea-purpurea-alba\/\",\"name\":\"Je\u017c\u00f3wka Alba - Ogr&oacute;d Olszanica\",\"isPartOf\":{\"@id\":\"https:\/\/www.ogrodolszanica.pl\/#website\"},\"primaryImageOfPage\":{\"@id\":\"https:\/\/www.ogrodolszanica.pl\/index.php\/produkt\/jezowka-echinacea-purpurea-alba\/#primaryimage\"},\"datePublished\":\"2024-01-29T11:46:53+00:00\",\"dateModified\":\"2026-03-07T19:38:23+00:00\",\"breadcrumb\":{\"@id\":\"https:\/\/www.ogrodolszanica.pl\/index.php\/produkt\/jezowka-echinacea-purpurea-alba\/#breadcrumb\"},\"inLanguage\":\"pl-PL\",\"potentialAction\":[{\"@type\":\"ReadAction\",\"target\":[\"https:\/\/www.ogrodolszanica.pl\/index.php\/produkt\/jezowka-echinacea-purpurea-alba\/\"]}]},{\"@type\":\"BreadcrumbList\",\"@id\":\"https:\/\/www.ogrodolszanica.pl\/index.php\/produkt\/jezowka-echinacea-purpurea-alba\/#breadcrumb\",\"itemListElement\":[{\"@type\":\"ListItem\",\"position\":1,\"name\":\"Strona g\u0142\u00f3wna\",\"item\":\"https:\/\/www.ogrodolszanica.pl\/\"},{\"@type\":\"ListItem\",\"position\":2,\"name\":\"Produkty\",\"item\":\"https:\/\/www.ogrodolszanica.pl\/index.php\/shop\/\"},{\"@type\":\"ListItem\",\"position\":3,\"name\":\"Je\u017c\u00f3wka Alba\"}]}]}<\/script>\n<!-- \/ Yoast SEO plugin. -->","yoast_head_json":{"title":"Je\u017c\u00f3wka Alba - Ogr&oacute;d Olszanica","robots":{"index":"index","follow":"follow","max-snippet":"max-snippet:-1","max-image-preview":"max-image-preview:large","max-video-preview":"max-video-preview:-1"},"canonical":"https:\/\/www.ogrodolszanica.pl\/index.php\/produkt\/jezowka-echinacea-purpurea-alba\/","og_locale":"pl_PL","og_type":"article","og_title":"Je\u017c\u00f3wka Alba - Ogr&oacute;d Olszanica","og_description":"Je\u017c\u00f3wka purpurowa 'Alba&#8217; Echinacea purpurea Je\u017c\u00f3wka 'Alba&#8217; jest jedn\u0105 z najstarszych odmian, jednak ci\u0105gle ch\u0119tnie sadzona. Dorasta do oko\u0142o 70 cm tworz\u0105c s\u0142abo rozga\u0142\u0119zione karpy, na kt\u00f3rych od lipca a\u017c do pa\u017adziernika masowo pojawiaj\u0105 si\u0119 kwiaty o bia\u0142ych p\u0142atkach oraz br\u0105zowo pomara\u0144czowym \u015brodku. Je\u017c\u00f3wka wymaga do\u015b\u0107 \u017cyznej, lekkiej gleby o umiarkowanej wilgotno\u015bci i s\u0142onecznego stanowiska. &hellip; Je\u017c\u00f3wka Alba Read More &raquo;","og_url":"https:\/\/www.ogrodolszanica.pl\/index.php\/produkt\/jezowka-echinacea-purpurea-alba\/","og_site_name":"Ogr&oacute;d Olszanica","article_publisher":"https:\/\/www.facebook.com\/Ogrd-Olszanica-100807179225223","article_modified_time":"2026-03-07T19:38:23+00:00","og_image":[{"width":1928,"height":2560,"url":"https:\/\/www.ogrodolszanica.pl\/wp-content\/uploads\/2024\/01\/Jezowka-Alba-scaled.jpg","type":"image\/jpeg"}],"author":"admin","twitter_card":"summary_large_image","twitter_misc":{"Szacowany czas czytania":"1 minuta"},"schema":{"@context":"https:\/\/schema.org","@graph":[{"@type":"Organization","@id":"https:\/\/www.ogrodolszanica.pl\/#organization","name":"Ogr\u00f3d Olszanica - Krakowskie Centrum Ogrodnicze","url":"https:\/\/www.ogrodolszanica.pl\/","sameAs":["https:\/\/www.facebook.com\/Ogrd-Olszanica-100807179225223"],"logo":{"@type":"ImageObject","inLanguage":"pl-PL","@id":"https:\/\/www.ogrodolszanica.pl\/#\/schema\/logo\/image\/","url":"http:\/\/www.ogrodolszanica.pl\/wp-content\/uploads\/2022\/06\/Ogrod-Olszanica1-1.png","contentUrl":"http:\/\/www.ogrodolszanica.pl\/wp-content\/uploads\/2022\/06\/Ogrod-Olszanica1-1.png","width":180,"height":60,"caption":"Ogr\u00f3d Olszanica - Krakowskie Centrum Ogrodnicze"},"image":{"@id":"https:\/\/www.ogrodolszanica.pl\/#\/schema\/logo\/image\/"}},{"@type":"WebSite","@id":"https:\/\/www.ogrodolszanica.pl\/#website","url":"https:\/\/www.ogrodolszanica.pl\/","name":"Ogr&oacute;d Olszanica","description":"Centrum Ogrodnicze Krak&oacute;w","publisher":{"@id":"https:\/\/www.ogrodolszanica.pl\/#organization"},"potentialAction":[{"@type":"SearchAction","target":{"@type":"EntryPoint","urlTemplate":"https:\/\/www.ogrodolszanica.pl\/?s={search_term_string}"},"query-input":"required name=search_term_string"}],"inLanguage":"pl-PL"},{"@type":"ImageObject","inLanguage":"pl-PL","@id":"https:\/\/www.ogrodolszanica.pl\/index.php\/produkt\/jezowka-echinacea-purpurea-alba\/#primaryimage","url":"https:\/\/i0.wp.com\/www.ogrodolszanica.pl\/wp-content\/uploads\/2024\/01\/Jezowka-Alba-scaled.jpg?fit=1928%2C2560&ssl=1","contentUrl":"https:\/\/i0.wp.com\/www.ogrodolszanica.pl\/wp-content\/uploads\/2024\/01\/Jezowka-Alba-scaled.jpg?fit=1928%2C2560&ssl=1","width":1928,"height":2560},{"@type":"WebPage","@id":"https:\/\/www.ogrodolszanica.pl\/index.php\/produkt\/jezowka-echinacea-purpurea-alba\/#webpage","url":"https:\/\/www.ogrodolszanica.pl\/index.php\/produkt\/jezowka-echinacea-purpurea-alba\/","name":"Je\u017c\u00f3wka Alba - Ogr&oacute;d Olszanica","isPartOf":{"@id":"https:\/\/www.ogrodolszanica.pl\/#website"},"primaryImageOfPage":{"@id":"https:\/\/www.ogrodolszanica.pl\/index.php\/produkt\/jezowka-echinacea-purpurea-alba\/#primaryimage"},"datePublished":"2024-01-29T11:46:53+00:00","dateModified":"2026-03-07T19:38:23+00:00","breadcrumb":{"@id":"https:\/\/www.ogrodolszanica.pl\/index.php\/produkt\/jezowka-echinacea-purpurea-alba\/#breadcrumb"},"inLanguage":"pl-PL","potentialAction":[{"@type":"ReadAction","target":["https:\/\/www.ogrodolszanica.pl\/index.php\/produkt\/jezowka-echinacea-purpurea-alba\/"]}]},{"@type":"BreadcrumbList","@id":"https:\/\/www.ogrodolszanica.pl\/index.php\/produkt\/jezowka-echinacea-purpurea-alba\/#breadcrumb","itemListElement":[{"@type":"ListItem","position":1,"name":"Strona g\u0142\u00f3wna","item":"https:\/\/www.ogrodolszanica.pl\/"},{"@type":"ListItem","position":2,"name":"Produkty","item":"https:\/\/www.ogrodolszanica.pl\/index.php\/shop\/"},{"@type":"ListItem","position":3,"name":"Je\u017c\u00f3wka Alba"}]}]}},"jetpack-related-posts":[{"id":3359,"url":"https:\/\/www.ogrodolszanica.pl\/index.php\/produkt\/jezowka-pearl-deep-red\/","url_meta":{"origin":2622,"position":0},"title":"Je\u017c\u00f3wka Pearl Deep Red","date":"24 lutego, 2026","format":false,"excerpt":"Je\u017c\u00f3wka Red Pearl Echinacea Widowiskowa odmiana, kt\u00f3rej ozdob\u0105 s\u0105 urocze kwiaty, wyr\u00f3\u017cniaj\u0105ce si\u0119 intensywn\u0105, krwistoczerwon\u0105 barw\u0105. Je\u017c\u00f3wka 'Red Pearl' dorasta do oko\u0142o 40-50 cm wysoko\u015bci i 35 cm szeroko\u015bci. Ro\u015blina kwitnie obficie od lipca do pa\u017adziernika. W tym czasie na szczytach wyprostowanych, grubych \u0142odyg pojawiaj\u0105 si\u0119 cudowne kwiaty o efektownym,\u2026","rel":"","context":"Similar post","img":{"alt_text":"","src":"https:\/\/i0.wp.com\/www.ogrodolszanica.pl\/wp-content\/uploads\/2026\/02\/Jezowka-Pearl-Deep-Red-v2-scaled.jpg?fit=904%2C1200&ssl=1&resize=350%2C200","width":350,"height":200},"classes":[]},{"id":3443,"url":"https:\/\/www.ogrodolszanica.pl\/index.php\/produkt\/jezowka-glowing-dream-echinacea\/","url_meta":{"origin":2622,"position":1},"title":"Je\u017c\u00f3wka Glowing Dream Echinacea","date":"24 lutego, 2026","format":false,"excerpt":"Je\u017c\u00f3wka Glowing Dream Echinacea Popularne niegdy\u015b je\u017c\u00f3wki po d\u0142ugim okresie przerwy w swojej ogrodowej karierze dzi\u015b wracaj\u0105 do naszych ogr\u00f3dk\u00f3w wraz z bylinowymi trendami. Je\u017c\u00f3wka 'Glowing Dream' to nowa odmiana o kompaktowym, zwartym wzro\u015bcie i intensywnym kwitnieniu. Nasycone barwy r\u00f3\u017cu przechodz\u0105ce mi\u0119dzy koralowymi odcieniami\u00a0 mi\u0105\u017cszu arbuza wspaniale roz\u015bwietl\u0105 ka\u017cd\u0105 rabat\u0119.\u2026","rel":"","context":"Similar post","img":{"alt_text":"","src":"https:\/\/i0.wp.com\/www.ogrodolszanica.pl\/wp-content\/uploads\/2026\/02\/Jezowka-Glowing-Dream-Echinacea-scaled.jpg?fit=904%2C1200&ssl=1&resize=350%2C200","width":350,"height":200},"classes":[]},{"id":3280,"url":"https:\/\/www.ogrodolszanica.pl\/index.php\/produkt\/jezowka-fountain-red\/","url_meta":{"origin":2622,"position":2},"title":"Je\u017c\u00f3wka Fountain Red","date":"23 lutego, 2026","format":false,"excerpt":"Je\u017c\u00f3wka Fountain Red Echinacea 'Fountain Red' to nowa, fascynuj\u0105ca odmiana wyr\u00f3\u017cniaj\u0105ca si\u0119 zwartym, kompaktowym pokrojem oraz wyrazist\u0105, czerwon\u0105 barw\u0105 kwiat\u00f3w. Tworzy bujne, silnie rozkrzewione k\u0119py, kt\u00f3re dorastaj\u0105 do oko\u0142o 20-45 cm wysoko\u015bci i 40 cm szeroko\u015bci. Li\u015bcie byliny s\u0105 zielone, pod\u0142u\u017cne, lancetowate, ostro zako\u0144czone, szorstkie w dotyku. Je\u017c\u00f3wka 'Fountain Red'\u2026","rel":"","context":"Similar post","img":{"alt_text":"","src":"https:\/\/i0.wp.com\/www.ogrodolszanica.pl\/wp-content\/uploads\/2026\/02\/Jezowka-Fountain-Red-scaled.jpg?fit=904%2C1200&ssl=1&resize=350%2C200","width":350,"height":200},"classes":[]},{"id":3669,"url":"https:\/\/www.ogrodolszanica.pl\/index.php\/produkt\/jezowka-fountain-yellow\/","url_meta":{"origin":2622,"position":3},"title":"Je\u017c\u00f3wka Fountain Yellow","date":"2 marca, 2026","format":false,"excerpt":"Je\u017c\u00f3wka 'Fountain Yellow' Echinacea Wspania\u0142a odmiana je\u017c\u00f3wki o przepi\u0119knych, z\u0142ocisto-\u017c\u00f3\u0142tych koszyczkach kwiatowych. Dorasta do oko\u0142o 40-50 cm wysoko\u015bci i podobnej \u015brednicy. Tworzy g\u0119ste k\u0119py soczy\u015bcie zielonych, w\u0105skich, lancetowatych li\u015bci o lekko ow\u0142osionej, szorstkiej strukturze. Kwitnie niezwykle intensywnie od czerwca do wrze\u015bnia. W\u00f3wczas na wierzcho\u0142kach sztywnych, wzniesionych p\u0119d\u00f3w kr\u00f3luj\u0105 efektowne, wyrazi\u015bcie\u2026","rel":"","context":"Similar post","img":{"alt_text":"","src":"https:\/\/i0.wp.com\/www.ogrodolszanica.pl\/wp-content\/uploads\/2026\/03\/Jezowka-Fountain-Yellow-v1-scaled.jpg?fit=904%2C1200&ssl=1&resize=350%2C200","width":350,"height":200},"classes":[]},{"id":1567,"url":"https:\/\/www.ogrodolszanica.pl\/index.php\/produkt\/jezowka-purpurowa-magnus\/","url_meta":{"origin":2622,"position":4},"title":"Je\u017c\u00f3wka Purpurowa Magnus","date":"12 lipca, 2022","format":false,"excerpt":"Je\u017c\u00f3wka purpurowa Magnus Echinacea purpurea Klasyczna je\u017c\u00f3wka o du\u017cych, r\u00f3\u017cowych kwiatach z pomara\u0144czowo br\u0105zowym \u015brodkiem. Dorasta do wysoko\u015bci oko\u0142o 100 cm. Kwitnie bardzo obficie od czerwca do pa\u017adziernika wytwarzaj\u0105c bardzo trwa\u0142e kwiaty rozmieszczone na szczytach p\u0119d\u00f3w. Ceniona jest za bardzo d\u0142ugie i obfite kwitnienie, jest jedn\u0105 z najlepszych kwitn\u0105cych bylin\u2026","rel":"","context":"Similar post","img":{"alt_text":"","src":"https:\/\/i0.wp.com\/www.ogrodolszanica.pl\/wp-content\/uploads\/2022\/07\/Jezowka-Purpurowa-Magnus-v5-scaled.jpg?fit=904%2C1200&ssl=1&resize=350%2C200","width":350,"height":200},"classes":[]},{"id":1502,"url":"https:\/\/www.ogrodolszanica.pl\/index.php\/produkt\/jezowka-echinacea-butterfly-kisses\/","url_meta":{"origin":2622,"position":5},"title":"Je\u017c\u00f3wka Butterfly Kisses","date":"8 lipca, 2022","format":false,"excerpt":"Je\u017c\u00f3wka purpurowa Butterfly Kisses Echinacea purpurea Cudowna, kompaktowa odmiana o pe\u0142nych kwiatach, kt\u00f3re urzekaj\u0105 ciekaw\u0105 budow\u0105, kolorystyk\u0105 oraz pi\u0119knym zapachem. Je\u017c\u00f3wka purpurowa 'Butterfly Kisses' dorasta do oko\u0142o 40-45 cm wysoko\u015bci i podobnej \u015brednicy. Posiada ciemnozielone, jajowato-lancetowate, spiczaste li\u015bcie, osadzone na d\u0142ugich ogonkach. Prawdziwe pi\u0119kno ro\u015bliny poznajemy w momencie kwitnienia, gdy\u2026","rel":"","context":"Similar post","img":{"alt_text":"","src":"https:\/\/i0.wp.com\/www.ogrodolszanica.pl\/wp-content\/uploads\/2022\/07\/Jezowka-Butterfly-Kisses-v8-scaled.jpg?fit=904%2C1200&ssl=1&resize=350%2C200","width":350,"height":200},"classes":[]}],"_links":{"self":[{"href":"https:\/\/www.ogrodolszanica.pl\/index.php\/wp-json\/wp\/v2\/product\/2622","targetHints":{"allow":["GET"]}}],"collection":[{"href":"https:\/\/www.ogrodolszanica.pl\/index.php\/wp-json\/wp\/v2\/product"}],"about":[{"href":"https:\/\/www.ogrodolszanica.pl\/index.php\/wp-json\/wp\/v2\/types\/product"}],"replies":[{"embeddable":true,"href":"https:\/\/www.ogrodolszanica.pl\/index.php\/wp-json\/wp\/v2\/comments?post=2622"}],"wp:featuredmedia":[{"embeddable":true,"href":"https:\/\/www.ogrodolszanica.pl\/index.php\/wp-json\/wp\/v2\/media\/3653"}],"wp:attachment":[{"href":"https:\/\/www.ogrodolszanica.pl\/index.php\/wp-json\/wp\/v2\/media?parent=2622"}],"wp:term":[{"taxonomy":"product_cat","embeddable":true,"href":"https:\/\/www.ogrodolszanica.pl\/index.php\/wp-json\/wp\/v2\/product_cat?post=2622"},{"taxonomy":"product_tag","embeddable":true,"href":"https:\/\/www.ogrodolszanica.pl\/index.php\/wp-json\/wp\/v2\/product_tag?post=2622"}],"curies":[{"name":"wp","href":"https:\/\/api.w.org\/{rel}","templated":true}]}}