{"id":2597,"date":"2024-01-24T13:49:07","date_gmt":"2024-01-24T13:49:07","guid":{"rendered":"https:\/\/www.ogrodolszanica.pl\/?post_type=product&#038;p=2597"},"modified":"2026-03-07T19:41:04","modified_gmt":"2026-03-07T19:41:04","slug":"zagwin-audrey-purple-shades","status":"publish","type":"product","link":"https:\/\/www.ogrodolszanica.pl\/index.php\/produkt\/zagwin-audrey-purple-shades\/","title":{"rendered":"\u017bagwin Audrey Purple Shades"},"content":{"rendered":"<h1 style=\"text-align: center;\">\u017bagwin Audrey Purple Shades<\/h1>\n<p style=\"text-align: center;\">\u017bagwin ogrodowy Audrey Purple Shades tworzy zimozielone, zielonoszare poduchy. Li\u015bcie ma\u0142e, eliptyczne, powcinane, zielono-szare. Kwiaty miododajne, obfite. Ro\u015blina \u0142atwa w uprawie. Przycinanie po przekwitni\u0119ciu mo\u017ce przed\u0142u\u017cy\u0107 okres kwitnienia.<\/p>\n<ul>\n<li>Rodzaj: \u017bagwin<\/li>\n<li>Barwa: Fioletowa<\/li>\n<li>\n<div>szeroko\u015b\u0107:<strong> 60<\/strong><b>\u00a0cm<\/b><\/div>\n<\/li>\n<li>\n<div><b><\/b>wysoko\u015b\u0107: <strong>15<\/strong><b>\u00a0cm<\/b><\/div>\n<\/li>\n<li>\n<div><b><\/b>wysoko\u015b\u0107 (kwitnienie): <strong>20<\/strong> <b>cm<\/b><\/div>\n<\/li>\n<li>\n<div><b><\/b>kwitnienie: <b>kwiecie\u0144 \u00f7 maj<\/b><\/div>\n<\/li>\n<li>\n<div><b><\/b>stanowisko: <b>s\u0142oneczne, p\u00f3\u0142cieniste<\/b><\/div>\n<\/li>\n<\/ul>\n<p>Dobierz odpowiednie pod\u0142o\u017ce z wybranych produkt\u00f3w w naszym sklepie: <a href=\"https:\/\/www.ogrodolszanica.pl\/index.php\/kategoria-produktu\/zin\/\">Pod\u0142o\u017ca<\/a><\/p>\n<p>&nbsp;<\/p>\n","protected":false},"excerpt":{"rendered":"<p>\u017bagwin Audrey Purple Shades \u017bagwin ogrodowy Audrey Purple Shades tworzy zimozielone, zielonoszare poduchy. Li\u015bcie ma\u0142e, eliptyczne, powcinane, zielono-szare. Kwiaty miododajne, obfite. Ro\u015blina \u0142atwa w uprawie. Przycinanie po przekwitni\u0119ciu mo\u017ce przed\u0142u\u017cy\u0107 okres kwitnienia. Rodzaj: \u017bagwin Barwa: Fioletowa szeroko\u015b\u0107: 60\u00a0cm wysoko\u015b\u0107: 15\u00a0cm wysoko\u015b\u0107 (kwitnienie): 20 cm kwitnienie: kwiecie\u0144 \u00f7 maj stanowisko: s\u0142oneczne, p\u00f3\u0142cieniste Dobierz odpowiednie pod\u0142o\u017ce z &hellip;<\/p>\n<p class=\"read-more\"> <a class=\"\" href=\"https:\/\/www.ogrodolszanica.pl\/index.php\/produkt\/zagwin-audrey-purple-shades\/\"> <span class=\"screen-reader-text\">\u017bagwin Audrey Purple Shades<\/span> Read More &raquo;<\/a><\/p>\n","protected":false},"featured_media":2598,"comment_status":"open","ping_status":"closed","template":"","meta":{"site-sidebar-layout":"default","site-content-layout":"default","ast-global-header-display":"","ast-main-header-display":"","ast-hfb-above-header-display":"","ast-hfb-below-header-display":"","ast-hfb-mobile-header-display":"","site-post-title":"","ast-breadcrumbs-content":"","ast-featured-img":"","footer-sml-layout":"","theme-transparent-header-meta":"default","adv-header-id-meta":"","stick-header-meta":"","header-above-stick-meta":"","header-main-stick-meta":"","header-below-stick-meta":"","spay_email":""},"product_cat":[29,20,93],"product_tag":[],"class_list":["post-2597","product","type-product","status-publish","has-post-thumbnail","hentry","product_cat-byliny","product_cat-rosliny","product_cat-zagwiny"],"yoast_head":"<!-- This site is optimized with the Yoast SEO plugin v19.2 - https:\/\/yoast.com\/wordpress\/plugins\/seo\/ -->\n<title>\u017bagwin Audrey Purple Shades - Ogr&oacute;d Olszanica<\/title>\n<meta name=\"robots\" content=\"index, follow, max-snippet:-1, max-image-preview:large, max-video-preview:-1\" \/>\n<link rel=\"canonical\" href=\"https:\/\/www.ogrodolszanica.pl\/index.php\/produkt\/zagwin-audrey-purple-shades\/\" \/>\n<meta property=\"og:locale\" content=\"pl_PL\" \/>\n<meta property=\"og:type\" content=\"article\" \/>\n<meta property=\"og:title\" content=\"\u017bagwin Audrey Purple Shades - Ogr&oacute;d Olszanica\" \/>\n<meta property=\"og:description\" content=\"\u017bagwin Audrey Purple Shades \u017bagwin ogrodowy Audrey Purple Shades tworzy zimozielone, zielonoszare poduchy. Li\u015bcie ma\u0142e, eliptyczne, powcinane, zielono-szare. Kwiaty miododajne, obfite. Ro\u015blina \u0142atwa w uprawie. Przycinanie po przekwitni\u0119ciu mo\u017ce przed\u0142u\u017cy\u0107 okres kwitnienia. Rodzaj: \u017bagwin Barwa: Fioletowa szeroko\u015b\u0107: 60\u00a0cm wysoko\u015b\u0107: 15\u00a0cm wysoko\u015b\u0107 (kwitnienie): 20 cm kwitnienie: kwiecie\u0144 \u00f7 maj stanowisko: s\u0142oneczne, p\u00f3\u0142cieniste Dobierz odpowiednie pod\u0142o\u017ce z &hellip; \u017bagwin Audrey Purple Shades Read More &raquo;\" \/>\n<meta property=\"og:url\" content=\"https:\/\/www.ogrodolszanica.pl\/index.php\/produkt\/zagwin-audrey-purple-shades\/\" \/>\n<meta property=\"og:site_name\" content=\"Ogr&oacute;d Olszanica\" \/>\n<meta property=\"article:publisher\" content=\"https:\/\/www.facebook.com\/Ogrd-Olszanica-100807179225223\" \/>\n<meta property=\"article:modified_time\" content=\"2026-03-07T19:41:04+00:00\" \/>\n<meta property=\"og:image\" content=\"https:\/\/www.ogrodolszanica.pl\/wp-content\/uploads\/2024\/01\/byliny-i-trawy_audrey_73527_1.jpg\" \/>\n\t<meta property=\"og:image:width\" content=\"450\" \/>\n\t<meta property=\"og:image:height\" content=\"450\" \/>\n\t<meta property=\"og:image:type\" content=\"image\/jpeg\" \/>\n<meta name=\"author\" content=\"admin\" \/>\n<meta name=\"twitter:card\" content=\"summary_large_image\" \/>\n<meta name=\"twitter:label1\" content=\"Szacowany czas czytania\" \/>\n\t<meta name=\"twitter:data1\" content=\"1 minuta\" \/>\n<script type=\"application\/ld+json\" class=\"yoast-schema-graph\">{\"@context\":\"https:\/\/schema.org\",\"@graph\":[{\"@type\":\"Organization\",\"@id\":\"https:\/\/www.ogrodolszanica.pl\/#organization\",\"name\":\"Ogr\u00f3d Olszanica - Krakowskie Centrum Ogrodnicze\",\"url\":\"https:\/\/www.ogrodolszanica.pl\/\",\"sameAs\":[\"https:\/\/www.facebook.com\/Ogrd-Olszanica-100807179225223\"],\"logo\":{\"@type\":\"ImageObject\",\"inLanguage\":\"pl-PL\",\"@id\":\"https:\/\/www.ogrodolszanica.pl\/#\/schema\/logo\/image\/\",\"url\":\"http:\/\/www.ogrodolszanica.pl\/wp-content\/uploads\/2022\/06\/Ogrod-Olszanica1-1.png\",\"contentUrl\":\"http:\/\/www.ogrodolszanica.pl\/wp-content\/uploads\/2022\/06\/Ogrod-Olszanica1-1.png\",\"width\":180,\"height\":60,\"caption\":\"Ogr\u00f3d Olszanica - Krakowskie Centrum Ogrodnicze\"},\"image\":{\"@id\":\"https:\/\/www.ogrodolszanica.pl\/#\/schema\/logo\/image\/\"}},{\"@type\":\"WebSite\",\"@id\":\"https:\/\/www.ogrodolszanica.pl\/#website\",\"url\":\"https:\/\/www.ogrodolszanica.pl\/\",\"name\":\"Ogr&oacute;d Olszanica\",\"description\":\"Centrum Ogrodnicze Krak&oacute;w\",\"publisher\":{\"@id\":\"https:\/\/www.ogrodolszanica.pl\/#organization\"},\"potentialAction\":[{\"@type\":\"SearchAction\",\"target\":{\"@type\":\"EntryPoint\",\"urlTemplate\":\"https:\/\/www.ogrodolszanica.pl\/?s={search_term_string}\"},\"query-input\":\"required name=search_term_string\"}],\"inLanguage\":\"pl-PL\"},{\"@type\":\"ImageObject\",\"inLanguage\":\"pl-PL\",\"@id\":\"https:\/\/www.ogrodolszanica.pl\/index.php\/produkt\/zagwin-audrey-purple-shades\/#primaryimage\",\"url\":\"https:\/\/i0.wp.com\/www.ogrodolszanica.pl\/wp-content\/uploads\/2024\/01\/byliny-i-trawy_audrey_73527_1.jpg?fit=450%2C450&ssl=1\",\"contentUrl\":\"https:\/\/i0.wp.com\/www.ogrodolszanica.pl\/wp-content\/uploads\/2024\/01\/byliny-i-trawy_audrey_73527_1.jpg?fit=450%2C450&ssl=1\",\"width\":450,\"height\":450},{\"@type\":\"WebPage\",\"@id\":\"https:\/\/www.ogrodolszanica.pl\/index.php\/produkt\/zagwin-audrey-purple-shades\/#webpage\",\"url\":\"https:\/\/www.ogrodolszanica.pl\/index.php\/produkt\/zagwin-audrey-purple-shades\/\",\"name\":\"\u017bagwin Audrey Purple Shades - Ogr&oacute;d Olszanica\",\"isPartOf\":{\"@id\":\"https:\/\/www.ogrodolszanica.pl\/#website\"},\"primaryImageOfPage\":{\"@id\":\"https:\/\/www.ogrodolszanica.pl\/index.php\/produkt\/zagwin-audrey-purple-shades\/#primaryimage\"},\"datePublished\":\"2024-01-24T13:49:07+00:00\",\"dateModified\":\"2026-03-07T19:41:04+00:00\",\"breadcrumb\":{\"@id\":\"https:\/\/www.ogrodolszanica.pl\/index.php\/produkt\/zagwin-audrey-purple-shades\/#breadcrumb\"},\"inLanguage\":\"pl-PL\",\"potentialAction\":[{\"@type\":\"ReadAction\",\"target\":[\"https:\/\/www.ogrodolszanica.pl\/index.php\/produkt\/zagwin-audrey-purple-shades\/\"]}]},{\"@type\":\"BreadcrumbList\",\"@id\":\"https:\/\/www.ogrodolszanica.pl\/index.php\/produkt\/zagwin-audrey-purple-shades\/#breadcrumb\",\"itemListElement\":[{\"@type\":\"ListItem\",\"position\":1,\"name\":\"Strona g\u0142\u00f3wna\",\"item\":\"https:\/\/www.ogrodolszanica.pl\/\"},{\"@type\":\"ListItem\",\"position\":2,\"name\":\"Produkty\",\"item\":\"https:\/\/www.ogrodolszanica.pl\/index.php\/shop\/\"},{\"@type\":\"ListItem\",\"position\":3,\"name\":\"\u017bagwin Audrey Purple Shades\"}]}]}<\/script>\n<!-- \/ Yoast SEO plugin. -->","yoast_head_json":{"title":"\u017bagwin Audrey Purple Shades - Ogr&oacute;d Olszanica","robots":{"index":"index","follow":"follow","max-snippet":"max-snippet:-1","max-image-preview":"max-image-preview:large","max-video-preview":"max-video-preview:-1"},"canonical":"https:\/\/www.ogrodolszanica.pl\/index.php\/produkt\/zagwin-audrey-purple-shades\/","og_locale":"pl_PL","og_type":"article","og_title":"\u017bagwin Audrey Purple Shades - Ogr&oacute;d Olszanica","og_description":"\u017bagwin Audrey Purple Shades \u017bagwin ogrodowy Audrey Purple Shades tworzy zimozielone, zielonoszare poduchy. Li\u015bcie ma\u0142e, eliptyczne, powcinane, zielono-szare. Kwiaty miododajne, obfite. Ro\u015blina \u0142atwa w uprawie. Przycinanie po przekwitni\u0119ciu mo\u017ce przed\u0142u\u017cy\u0107 okres kwitnienia. Rodzaj: \u017bagwin Barwa: Fioletowa szeroko\u015b\u0107: 60\u00a0cm wysoko\u015b\u0107: 15\u00a0cm wysoko\u015b\u0107 (kwitnienie): 20 cm kwitnienie: kwiecie\u0144 \u00f7 maj stanowisko: s\u0142oneczne, p\u00f3\u0142cieniste Dobierz odpowiednie pod\u0142o\u017ce z &hellip; \u017bagwin Audrey Purple Shades Read More &raquo;","og_url":"https:\/\/www.ogrodolszanica.pl\/index.php\/produkt\/zagwin-audrey-purple-shades\/","og_site_name":"Ogr&oacute;d Olszanica","article_publisher":"https:\/\/www.facebook.com\/Ogrd-Olszanica-100807179225223","article_modified_time":"2026-03-07T19:41:04+00:00","og_image":[{"width":450,"height":450,"url":"https:\/\/www.ogrodolszanica.pl\/wp-content\/uploads\/2024\/01\/byliny-i-trawy_audrey_73527_1.jpg","type":"image\/jpeg"}],"author":"admin","twitter_card":"summary_large_image","twitter_misc":{"Szacowany czas czytania":"1 minuta"},"schema":{"@context":"https:\/\/schema.org","@graph":[{"@type":"Organization","@id":"https:\/\/www.ogrodolszanica.pl\/#organization","name":"Ogr\u00f3d Olszanica - Krakowskie Centrum Ogrodnicze","url":"https:\/\/www.ogrodolszanica.pl\/","sameAs":["https:\/\/www.facebook.com\/Ogrd-Olszanica-100807179225223"],"logo":{"@type":"ImageObject","inLanguage":"pl-PL","@id":"https:\/\/www.ogrodolszanica.pl\/#\/schema\/logo\/image\/","url":"http:\/\/www.ogrodolszanica.pl\/wp-content\/uploads\/2022\/06\/Ogrod-Olszanica1-1.png","contentUrl":"http:\/\/www.ogrodolszanica.pl\/wp-content\/uploads\/2022\/06\/Ogrod-Olszanica1-1.png","width":180,"height":60,"caption":"Ogr\u00f3d Olszanica - Krakowskie Centrum Ogrodnicze"},"image":{"@id":"https:\/\/www.ogrodolszanica.pl\/#\/schema\/logo\/image\/"}},{"@type":"WebSite","@id":"https:\/\/www.ogrodolszanica.pl\/#website","url":"https:\/\/www.ogrodolszanica.pl\/","name":"Ogr&oacute;d Olszanica","description":"Centrum Ogrodnicze Krak&oacute;w","publisher":{"@id":"https:\/\/www.ogrodolszanica.pl\/#organization"},"potentialAction":[{"@type":"SearchAction","target":{"@type":"EntryPoint","urlTemplate":"https:\/\/www.ogrodolszanica.pl\/?s={search_term_string}"},"query-input":"required name=search_term_string"}],"inLanguage":"pl-PL"},{"@type":"ImageObject","inLanguage":"pl-PL","@id":"https:\/\/www.ogrodolszanica.pl\/index.php\/produkt\/zagwin-audrey-purple-shades\/#primaryimage","url":"https:\/\/i0.wp.com\/www.ogrodolszanica.pl\/wp-content\/uploads\/2024\/01\/byliny-i-trawy_audrey_73527_1.jpg?fit=450%2C450&ssl=1","contentUrl":"https:\/\/i0.wp.com\/www.ogrodolszanica.pl\/wp-content\/uploads\/2024\/01\/byliny-i-trawy_audrey_73527_1.jpg?fit=450%2C450&ssl=1","width":450,"height":450},{"@type":"WebPage","@id":"https:\/\/www.ogrodolszanica.pl\/index.php\/produkt\/zagwin-audrey-purple-shades\/#webpage","url":"https:\/\/www.ogrodolszanica.pl\/index.php\/produkt\/zagwin-audrey-purple-shades\/","name":"\u017bagwin Audrey Purple Shades - Ogr&oacute;d Olszanica","isPartOf":{"@id":"https:\/\/www.ogrodolszanica.pl\/#website"},"primaryImageOfPage":{"@id":"https:\/\/www.ogrodolszanica.pl\/index.php\/produkt\/zagwin-audrey-purple-shades\/#primaryimage"},"datePublished":"2024-01-24T13:49:07+00:00","dateModified":"2026-03-07T19:41:04+00:00","breadcrumb":{"@id":"https:\/\/www.ogrodolszanica.pl\/index.php\/produkt\/zagwin-audrey-purple-shades\/#breadcrumb"},"inLanguage":"pl-PL","potentialAction":[{"@type":"ReadAction","target":["https:\/\/www.ogrodolszanica.pl\/index.php\/produkt\/zagwin-audrey-purple-shades\/"]}]},{"@type":"BreadcrumbList","@id":"https:\/\/www.ogrodolszanica.pl\/index.php\/produkt\/zagwin-audrey-purple-shades\/#breadcrumb","itemListElement":[{"@type":"ListItem","position":1,"name":"Strona g\u0142\u00f3wna","item":"https:\/\/www.ogrodolszanica.pl\/"},{"@type":"ListItem","position":2,"name":"Produkty","item":"https:\/\/www.ogrodolszanica.pl\/index.php\/shop\/"},{"@type":"ListItem","position":3,"name":"\u017bagwin Audrey Purple Shades"}]}]}},"jetpack-related-posts":[{"id":1584,"url":"https:\/\/www.ogrodolszanica.pl\/index.php\/produkt\/zagwin-audrey-red\/","url_meta":{"origin":2597,"position":0},"title":"\u017bagwin Audrey Red","date":"13 lipca, 2022","format":false,"excerpt":"\u017bagwin Audrey Red Jest zimozielona i\u00a0tworzy zwarte, pi\u0119kne\u00a0kobierce i poduszki kwiat\u00f3w. Wiosn\u0105 i wczesnym latem pokrywa si\u0119 ogromn\u0105 ilo\u015bci\u0105 czerwono-bordowych kwiat\u00f3w. Wystarcza mu przeci\u0119tnie \u017cyzna gleba, powinna by\u0107 \u015brednio wilgotna, przepuszczalna. Rodzaj: \u017bagwin Barwa: Purpurowy szeroko\u015b\u0107: 60\u00a0cm wysoko\u015b\u0107: 10\u00a0cm wysoko\u015b\u0107 (kwitnienie): 15 cm kwitnienie: kwiecie\u0144 \u00f7 maj stanowisko: s\u0142oneczne, p\u00f3\u0142cieniste\u2026","rel":"","context":"Similar post","img":{"alt_text":"","src":"https:\/\/i0.wp.com\/www.ogrodolszanica.pl\/wp-content\/uploads\/2022\/07\/292575910_570139277901553_7384839046742738203_n.jpg?fit=275%2C206&ssl=1&resize=350%2C200","width":350,"height":200},"classes":[]},{"id":2715,"url":"https:\/\/www.ogrodolszanica.pl\/index.php\/produkt\/zagwin-axcent-deep-purple-impr\/","url_meta":{"origin":2597,"position":1},"title":"\u017bagwin Axcent\u2122 Deep Purple Impr.","date":"31 stycznia, 2024","format":false,"excerpt":"\u017bagwin Axcent Deep Purple Impr. Odmiana wielkokwiatowa o mocnej kolorystyce. Preferowana na wszystkie s\u0142oneczne stanowiska z przepuszczalnym pod\u0142o\u017cem. Idealnie sprawdzi si\u0119 w ogrodach skalnych lub na murach. Rodzaj: \u017bagwin Barwa: Purpurowa szeroko\u015b\u0107: 40\u00a0cm wysoko\u015b\u0107: 10\u00a0cm wysoko\u015b\u0107 (kwitnienie): 20 cm kwitnienie: marzec \u00f7 maj stanowisko: s\u0142oneczne Dobierz odpowiednie pod\u0142o\u017ce z wybranych\u2026","rel":"","context":"Similar post","img":{"alt_text":"","src":"https:\/\/i0.wp.com\/www.ogrodolszanica.pl\/wp-content\/uploads\/2024\/01\/byliny-i-trawy_axcent_73524_2.jpg?fit=650%2C650&ssl=1&resize=350%2C200","width":350,"height":200},"classes":[]},{"id":1589,"url":"https:\/\/www.ogrodolszanica.pl\/index.php\/produkt\/zagwin-audrey-blue-shades\/","url_meta":{"origin":2597,"position":2},"title":"\u017bagwin Audrey Blue Shades","date":"13 lipca, 2022","format":false,"excerpt":"\u017bagwin Audrey Blue Shades Niska, poduszkowata bylina dorastaj\u0105ca do zaledwie kilku centymetr\u00f3w wysoko\u015bci ale mog\u0105ca osi\u0105ga\u0107 spor\u0105 szeroko\u015b\u0107 \u2013 nawet ponad 0,5m \u015brednicy. Li\u015bcie \u017cagwinu s\u0105 zimozielone, ma\u0142e, jajowate i z\u0105bkowane. Kwiaty s\u0105 drobne, czterop\u0142atkowe, zebrane w kr\u00f3tkie groniaste kwiatostany. Bylina ta ma kwiaty w kolorze purpurowoniebieskim i jest nimi\u2026","rel":"","context":"Similar post","img":{"alt_text":"","src":"","width":0,"height":0},"classes":[]},{"id":2600,"url":"https:\/\/www.ogrodolszanica.pl\/index.php\/produkt\/zagwin-audrey-sky-blue\/","url_meta":{"origin":2597,"position":3},"title":"\u017bagwin ogrodowy Audrey Sky Blue","date":"24 stycznia, 2024","format":false,"excerpt":"\u017bagwin drobny Audrey Sky Blue\u00a0jest wieloletni\u0105 bylin\u0105 k\u0119piast\u0105, zadarniaj\u0105c\u0105. Tworzy dywany dorastaj\u0105ce do 20 cm w trakcie kwitnienia. Bylina na pocz\u0105tku wiosny zakwita obficie jasnofioletowymi kwiatami. \u017bagwin ogrodowy kwitnie wiosn\u0105 (IV-V), jako jedna z pierwszych ro\u015blin na rabacie. Na jesieni mo\u017ce powt\u00f3rzy\u0107 kwitnienie, ale nie jest ono tak obfite jak\u2026","rel":"","context":"Similar post","img":{"alt_text":"","src":"https:\/\/i0.wp.com\/www.ogrodolszanica.pl\/wp-content\/uploads\/2024\/01\/zagwin-ogrodowy-glacier-sky-blue-aubrieta-cultorum-glacier-sky-blue.jpg?fit=350%2C350&ssl=1&resize=350%2C200","width":350,"height":200},"classes":[]},{"id":2713,"url":"https:\/\/www.ogrodolszanica.pl\/index.php\/produkt\/zagwin-axcent-burgundy\/","url_meta":{"origin":2597,"position":4},"title":"\u017bagwin Axcent\u2122 Burgundy","date":"31 stycznia, 2024","format":false,"excerpt":"\u017bagwin Axcent Bargundy Odmiana 'Axcent Burgundy' to zimozielona ro\u015blina okrywowa tworz\u0105ca zwarte kobierce. Kwitnie wiosn\u0105, bardzo obficie. Doskona\u0142a do ogr\u00f3dk\u00f3w skalnych, obasadzania murk\u00f3w, obw\u00f3dek. Najlepiej ro\u015bnie w pe\u0142nym s\u0142o\u0144cu na \u017cyznych, umiarkowanie wilgotnych glebach. Rodzaj: \u017bagwin Barwa: Ciemnoczerwona szeroko\u015b\u0107: 40\u00a0cm wysoko\u015b\u0107: 15\u00a0cm wysoko\u015b\u0107 (kwitnienie): 20 cm kwitnienie: marzec \u00f7 maj\u2026","rel":"","context":"Similar post","img":{"alt_text":"","src":"https:\/\/i0.wp.com\/www.ogrodolszanica.pl\/wp-content\/uploads\/2024\/01\/aubrieta-axcent-burgundy_2.jpg?fit=650%2C511&ssl=1&resize=350%2C200","width":350,"height":200},"classes":[]},{"id":1951,"url":"https:\/\/www.ogrodolszanica.pl\/index.php\/produkt\/funkia-purple-heart\/","url_meta":{"origin":2597,"position":5},"title":"Funkia Purple Heart","date":"16 sierpnia, 2022","format":false,"excerpt":"Funkia Purple Heart Wyj\u0105tkowa odmiana o zbitym, g\u0119stym pokroju i b\u0142yszcz\u0105cych, sercowatych li\u015bciach w kolorze limonkowo-zielonym z czerwono-purpurow\u0105 plamk\u0105 u nasady li\u015bcia. Charakteryzuje si\u0119 eleganckimi, kr\u00f3tkimi, prawie czarnymi \u0142odygami. Rodzaj: Funkia Barwa: Purpurowo-r\u00f3\u017cowy szeroko\u015b\u0107: 75 cm wysoko\u015b\u0107: 40\u00a0cm wysoko\u015b\u0107 (kwitnienie): 60\u00a0cm kwitnienie: sierpie\u0144 \u00f7 wrzesie\u0144 stanowisko: p\u00f3\u0142cieniste Dobierz odpowiednie pod\u0142o\u017ce\u2026","rel":"","context":"Similar post","img":{"alt_text":"","src":"https:\/\/i0.wp.com\/www.ogrodolszanica.pl\/wp-content\/uploads\/2022\/08\/297839075_743972756907105_5861016168158462284_n.jpg?fit=900%2C1200&ssl=1&resize=350%2C200","width":350,"height":200},"classes":[]}],"_links":{"self":[{"href":"https:\/\/www.ogrodolszanica.pl\/index.php\/wp-json\/wp\/v2\/product\/2597","targetHints":{"allow":["GET"]}}],"collection":[{"href":"https:\/\/www.ogrodolszanica.pl\/index.php\/wp-json\/wp\/v2\/product"}],"about":[{"href":"https:\/\/www.ogrodolszanica.pl\/index.php\/wp-json\/wp\/v2\/types\/product"}],"replies":[{"embeddable":true,"href":"https:\/\/www.ogrodolszanica.pl\/index.php\/wp-json\/wp\/v2\/comments?post=2597"}],"wp:featuredmedia":[{"embeddable":true,"href":"https:\/\/www.ogrodolszanica.pl\/index.php\/wp-json\/wp\/v2\/media\/2598"}],"wp:attachment":[{"href":"https:\/\/www.ogrodolszanica.pl\/index.php\/wp-json\/wp\/v2\/media?parent=2597"}],"wp:term":[{"taxonomy":"product_cat","embeddable":true,"href":"https:\/\/www.ogrodolszanica.pl\/index.php\/wp-json\/wp\/v2\/product_cat?post=2597"},{"taxonomy":"product_tag","embeddable":true,"href":"https:\/\/www.ogrodolszanica.pl\/index.php\/wp-json\/wp\/v2\/product_tag?post=2597"}],"curies":[{"name":"wp","href":"https:\/\/api.w.org\/{rel}","templated":true}]}}