{"id":2592,"date":"2024-01-24T13:05:39","date_gmt":"2024-01-24T13:05:39","guid":{"rendered":"https:\/\/www.ogrodolszanica.pl\/?post_type=product&#038;p=2592"},"modified":"2026-03-07T19:41:46","modified_gmt":"2026-03-07T19:41:46","slug":"zawciag-armada-alba","status":"publish","type":"product","link":"https:\/\/www.ogrodolszanica.pl\/index.php\/produkt\/zawciag-armada-alba\/","title":{"rendered":"Zawci\u0105g Armada Alba"},"content":{"rendered":"<h1 style=\"text-align: center;\">Zawci\u0105g Armada Alba<\/h1>\n<p style=\"text-align: center;\">Zawci\u0105g to przepi\u0119kna ro\u015blina wieloletnia. Jej niesamowite wyd\u0142u\u017cone cienkie li\u015bcie przypominaj\u0105 traw\u0119. Niesamowity efekt mo\u017cna osi\u0105gn\u0105\u0107 w momencie, gdy pojawiaj\u0105 si\u0119 kwiaty.\u00a0 Bia\u0142e okr\u0105g\u0142e kwiatki wygl\u0105daj\u0105 jakby wyrasta\u0142y z trawy.<\/p>\n<ul>\n<li>Rodzaj: Zawci\u0105g<\/li>\n<li>Barwa: R\u00f3\u017cowy<\/li>\n<li>\n<div>szeroko\u015b\u0107: <strong>30<\/strong><b>\u00a0cm<\/b><\/div>\n<\/li>\n<li>\n<div><b><\/b>wysoko\u015b\u0107: <strong>20<\/strong><b>\u00a0cm<\/b><\/div>\n<\/li>\n<li>\n<div><b><\/b>wysoko\u015b\u0107 (kwitnienie): <strong>20<\/strong>\u00a0<b>cm<\/b><\/div>\n<\/li>\n<li>\n<div><b><\/b>kwitnienie: <b>maj \u00f7 czerwiec<\/b><\/div>\n<\/li>\n<li>\n<div><b><\/b>stanowisko: <b>s\u0142oneczne, p\u00f3\u0142cieniste<\/b><\/div>\n<\/li>\n<\/ul>\n<p>Dobierz odpowiednie pod\u0142o\u017ce z wybranych produkt\u00f3w w naszym sklepie: <a href=\"https:\/\/www.ogrodolszanica.pl\/index.php\/kategoria-produktu\/zin\/\">Pod\u0142o\u017ca<\/a><\/p>\n<p>&nbsp;<\/p>\n","protected":false},"excerpt":{"rendered":"<p>Zawci\u0105g Armada Alba Zawci\u0105g to przepi\u0119kna ro\u015blina wieloletnia. Jej niesamowite wyd\u0142u\u017cone cienkie li\u015bcie przypominaj\u0105 traw\u0119. Niesamowity efekt mo\u017cna osi\u0105gn\u0105\u0107 w momencie, gdy pojawiaj\u0105 si\u0119 kwiaty.\u00a0 Bia\u0142e okr\u0105g\u0142e kwiatki wygl\u0105daj\u0105 jakby wyrasta\u0142y z trawy. Rodzaj: Zawci\u0105g Barwa: R\u00f3\u017cowy szeroko\u015b\u0107: 30\u00a0cm wysoko\u015b\u0107: 20\u00a0cm wysoko\u015b\u0107 (kwitnienie): 20\u00a0cm kwitnienie: maj \u00f7 czerwiec stanowisko: s\u0142oneczne, p\u00f3\u0142cieniste Dobierz odpowiednie pod\u0142o\u017ce z &hellip;<\/p>\n<p class=\"read-more\"> <a class=\"\" href=\"https:\/\/www.ogrodolszanica.pl\/index.php\/produkt\/zawciag-armada-alba\/\"> <span class=\"screen-reader-text\">Zawci\u0105g Armada Alba<\/span> Read More &raquo;<\/a><\/p>\n","protected":false},"featured_media":2594,"comment_status":"open","ping_status":"closed","template":"","meta":{"site-sidebar-layout":"default","site-content-layout":"default","ast-global-header-display":"","ast-main-header-display":"","ast-hfb-above-header-display":"","ast-hfb-below-header-display":"","ast-hfb-mobile-header-display":"","site-post-title":"","ast-breadcrumbs-content":"","ast-featured-img":"","footer-sml-layout":"","theme-transparent-header-meta":"default","adv-header-id-meta":"","stick-header-meta":"","header-above-stick-meta":"","header-main-stick-meta":"","header-below-stick-meta":"","spay_email":""},"product_cat":[29,20,94],"product_tag":[],"class_list":["post-2592","product","type-product","status-publish","has-post-thumbnail","hentry","product_cat-byliny","product_cat-rosliny","product_cat-zawciagi"],"yoast_head":"<!-- This site is optimized with the Yoast SEO plugin v19.2 - https:\/\/yoast.com\/wordpress\/plugins\/seo\/ -->\n<title>Zawci\u0105g Armada Alba - Ogr&oacute;d Olszanica<\/title>\n<meta name=\"robots\" content=\"index, follow, max-snippet:-1, max-image-preview:large, max-video-preview:-1\" \/>\n<link rel=\"canonical\" href=\"https:\/\/www.ogrodolszanica.pl\/index.php\/produkt\/zawciag-armada-alba\/\" \/>\n<meta property=\"og:locale\" content=\"pl_PL\" \/>\n<meta property=\"og:type\" content=\"article\" \/>\n<meta property=\"og:title\" content=\"Zawci\u0105g Armada Alba - Ogr&oacute;d Olszanica\" \/>\n<meta property=\"og:description\" content=\"Zawci\u0105g Armada Alba Zawci\u0105g to przepi\u0119kna ro\u015blina wieloletnia. Jej niesamowite wyd\u0142u\u017cone cienkie li\u015bcie przypominaj\u0105 traw\u0119. Niesamowity efekt mo\u017cna osi\u0105gn\u0105\u0107 w momencie, gdy pojawiaj\u0105 si\u0119 kwiaty.\u00a0 Bia\u0142e okr\u0105g\u0142e kwiatki wygl\u0105daj\u0105 jakby wyrasta\u0142y z trawy. Rodzaj: Zawci\u0105g Barwa: R\u00f3\u017cowy szeroko\u015b\u0107: 30\u00a0cm wysoko\u015b\u0107: 20\u00a0cm wysoko\u015b\u0107 (kwitnienie): 20\u00a0cm kwitnienie: maj \u00f7 czerwiec stanowisko: s\u0142oneczne, p\u00f3\u0142cieniste Dobierz odpowiednie pod\u0142o\u017ce z &hellip; Zawci\u0105g Armada Alba Read More &raquo;\" \/>\n<meta property=\"og:url\" content=\"https:\/\/www.ogrodolszanica.pl\/index.php\/produkt\/zawciag-armada-alba\/\" \/>\n<meta property=\"og:site_name\" content=\"Ogr&oacute;d Olszanica\" \/>\n<meta property=\"article:publisher\" content=\"https:\/\/www.facebook.com\/Ogrd-Olszanica-100807179225223\" \/>\n<meta property=\"article:modified_time\" content=\"2026-03-07T19:41:46+00:00\" \/>\n<meta property=\"og:image\" content=\"https:\/\/www.ogrodolszanica.pl\/wp-content\/uploads\/2024\/01\/byliny-i-trawy_armeria_79854_1.jpg\" \/>\n\t<meta property=\"og:image:width\" content=\"650\" \/>\n\t<meta property=\"og:image:height\" content=\"650\" \/>\n\t<meta property=\"og:image:type\" content=\"image\/jpeg\" \/>\n<meta name=\"author\" content=\"admin\" \/>\n<meta name=\"twitter:card\" content=\"summary_large_image\" \/>\n<meta name=\"twitter:label1\" content=\"Szacowany czas czytania\" \/>\n\t<meta name=\"twitter:data1\" content=\"1 minuta\" \/>\n<script type=\"application\/ld+json\" class=\"yoast-schema-graph\">{\"@context\":\"https:\/\/schema.org\",\"@graph\":[{\"@type\":\"Organization\",\"@id\":\"https:\/\/www.ogrodolszanica.pl\/#organization\",\"name\":\"Ogr\u00f3d Olszanica - Krakowskie Centrum Ogrodnicze\",\"url\":\"https:\/\/www.ogrodolszanica.pl\/\",\"sameAs\":[\"https:\/\/www.facebook.com\/Ogrd-Olszanica-100807179225223\"],\"logo\":{\"@type\":\"ImageObject\",\"inLanguage\":\"pl-PL\",\"@id\":\"https:\/\/www.ogrodolszanica.pl\/#\/schema\/logo\/image\/\",\"url\":\"http:\/\/www.ogrodolszanica.pl\/wp-content\/uploads\/2022\/06\/Ogrod-Olszanica1-1.png\",\"contentUrl\":\"http:\/\/www.ogrodolszanica.pl\/wp-content\/uploads\/2022\/06\/Ogrod-Olszanica1-1.png\",\"width\":180,\"height\":60,\"caption\":\"Ogr\u00f3d Olszanica - Krakowskie Centrum Ogrodnicze\"},\"image\":{\"@id\":\"https:\/\/www.ogrodolszanica.pl\/#\/schema\/logo\/image\/\"}},{\"@type\":\"WebSite\",\"@id\":\"https:\/\/www.ogrodolszanica.pl\/#website\",\"url\":\"https:\/\/www.ogrodolszanica.pl\/\",\"name\":\"Ogr&oacute;d Olszanica\",\"description\":\"Centrum Ogrodnicze Krak&oacute;w\",\"publisher\":{\"@id\":\"https:\/\/www.ogrodolszanica.pl\/#organization\"},\"potentialAction\":[{\"@type\":\"SearchAction\",\"target\":{\"@type\":\"EntryPoint\",\"urlTemplate\":\"https:\/\/www.ogrodolszanica.pl\/?s={search_term_string}\"},\"query-input\":\"required name=search_term_string\"}],\"inLanguage\":\"pl-PL\"},{\"@type\":\"ImageObject\",\"inLanguage\":\"pl-PL\",\"@id\":\"https:\/\/www.ogrodolszanica.pl\/index.php\/produkt\/zawciag-armada-alba\/#primaryimage\",\"url\":\"https:\/\/i0.wp.com\/www.ogrodolszanica.pl\/wp-content\/uploads\/2024\/01\/byliny-i-trawy_armeria_79854_1.jpg?fit=650%2C650&ssl=1\",\"contentUrl\":\"https:\/\/i0.wp.com\/www.ogrodolszanica.pl\/wp-content\/uploads\/2024\/01\/byliny-i-trawy_armeria_79854_1.jpg?fit=650%2C650&ssl=1\",\"width\":650,\"height\":650},{\"@type\":\"WebPage\",\"@id\":\"https:\/\/www.ogrodolszanica.pl\/index.php\/produkt\/zawciag-armada-alba\/#webpage\",\"url\":\"https:\/\/www.ogrodolszanica.pl\/index.php\/produkt\/zawciag-armada-alba\/\",\"name\":\"Zawci\u0105g Armada Alba - Ogr&oacute;d Olszanica\",\"isPartOf\":{\"@id\":\"https:\/\/www.ogrodolszanica.pl\/#website\"},\"primaryImageOfPage\":{\"@id\":\"https:\/\/www.ogrodolszanica.pl\/index.php\/produkt\/zawciag-armada-alba\/#primaryimage\"},\"datePublished\":\"2024-01-24T13:05:39+00:00\",\"dateModified\":\"2026-03-07T19:41:46+00:00\",\"breadcrumb\":{\"@id\":\"https:\/\/www.ogrodolszanica.pl\/index.php\/produkt\/zawciag-armada-alba\/#breadcrumb\"},\"inLanguage\":\"pl-PL\",\"potentialAction\":[{\"@type\":\"ReadAction\",\"target\":[\"https:\/\/www.ogrodolszanica.pl\/index.php\/produkt\/zawciag-armada-alba\/\"]}]},{\"@type\":\"BreadcrumbList\",\"@id\":\"https:\/\/www.ogrodolszanica.pl\/index.php\/produkt\/zawciag-armada-alba\/#breadcrumb\",\"itemListElement\":[{\"@type\":\"ListItem\",\"position\":1,\"name\":\"Strona g\u0142\u00f3wna\",\"item\":\"https:\/\/www.ogrodolszanica.pl\/\"},{\"@type\":\"ListItem\",\"position\":2,\"name\":\"Produkty\",\"item\":\"https:\/\/www.ogrodolszanica.pl\/index.php\/shop\/\"},{\"@type\":\"ListItem\",\"position\":3,\"name\":\"Zawci\u0105g Armada Alba\"}]}]}<\/script>\n<!-- \/ Yoast SEO plugin. -->","yoast_head_json":{"title":"Zawci\u0105g Armada Alba - Ogr&oacute;d Olszanica","robots":{"index":"index","follow":"follow","max-snippet":"max-snippet:-1","max-image-preview":"max-image-preview:large","max-video-preview":"max-video-preview:-1"},"canonical":"https:\/\/www.ogrodolszanica.pl\/index.php\/produkt\/zawciag-armada-alba\/","og_locale":"pl_PL","og_type":"article","og_title":"Zawci\u0105g Armada Alba - Ogr&oacute;d Olszanica","og_description":"Zawci\u0105g Armada Alba Zawci\u0105g to przepi\u0119kna ro\u015blina wieloletnia. Jej niesamowite wyd\u0142u\u017cone cienkie li\u015bcie przypominaj\u0105 traw\u0119. Niesamowity efekt mo\u017cna osi\u0105gn\u0105\u0107 w momencie, gdy pojawiaj\u0105 si\u0119 kwiaty.\u00a0 Bia\u0142e okr\u0105g\u0142e kwiatki wygl\u0105daj\u0105 jakby wyrasta\u0142y z trawy. Rodzaj: Zawci\u0105g Barwa: R\u00f3\u017cowy szeroko\u015b\u0107: 30\u00a0cm wysoko\u015b\u0107: 20\u00a0cm wysoko\u015b\u0107 (kwitnienie): 20\u00a0cm kwitnienie: maj \u00f7 czerwiec stanowisko: s\u0142oneczne, p\u00f3\u0142cieniste Dobierz odpowiednie pod\u0142o\u017ce z &hellip; Zawci\u0105g Armada Alba Read More &raquo;","og_url":"https:\/\/www.ogrodolszanica.pl\/index.php\/produkt\/zawciag-armada-alba\/","og_site_name":"Ogr&oacute;d Olszanica","article_publisher":"https:\/\/www.facebook.com\/Ogrd-Olszanica-100807179225223","article_modified_time":"2026-03-07T19:41:46+00:00","og_image":[{"width":650,"height":650,"url":"https:\/\/www.ogrodolszanica.pl\/wp-content\/uploads\/2024\/01\/byliny-i-trawy_armeria_79854_1.jpg","type":"image\/jpeg"}],"author":"admin","twitter_card":"summary_large_image","twitter_misc":{"Szacowany czas czytania":"1 minuta"},"schema":{"@context":"https:\/\/schema.org","@graph":[{"@type":"Organization","@id":"https:\/\/www.ogrodolszanica.pl\/#organization","name":"Ogr\u00f3d Olszanica - Krakowskie Centrum Ogrodnicze","url":"https:\/\/www.ogrodolszanica.pl\/","sameAs":["https:\/\/www.facebook.com\/Ogrd-Olszanica-100807179225223"],"logo":{"@type":"ImageObject","inLanguage":"pl-PL","@id":"https:\/\/www.ogrodolszanica.pl\/#\/schema\/logo\/image\/","url":"http:\/\/www.ogrodolszanica.pl\/wp-content\/uploads\/2022\/06\/Ogrod-Olszanica1-1.png","contentUrl":"http:\/\/www.ogrodolszanica.pl\/wp-content\/uploads\/2022\/06\/Ogrod-Olszanica1-1.png","width":180,"height":60,"caption":"Ogr\u00f3d Olszanica - Krakowskie Centrum Ogrodnicze"},"image":{"@id":"https:\/\/www.ogrodolszanica.pl\/#\/schema\/logo\/image\/"}},{"@type":"WebSite","@id":"https:\/\/www.ogrodolszanica.pl\/#website","url":"https:\/\/www.ogrodolszanica.pl\/","name":"Ogr&oacute;d Olszanica","description":"Centrum Ogrodnicze Krak&oacute;w","publisher":{"@id":"https:\/\/www.ogrodolszanica.pl\/#organization"},"potentialAction":[{"@type":"SearchAction","target":{"@type":"EntryPoint","urlTemplate":"https:\/\/www.ogrodolszanica.pl\/?s={search_term_string}"},"query-input":"required name=search_term_string"}],"inLanguage":"pl-PL"},{"@type":"ImageObject","inLanguage":"pl-PL","@id":"https:\/\/www.ogrodolszanica.pl\/index.php\/produkt\/zawciag-armada-alba\/#primaryimage","url":"https:\/\/i0.wp.com\/www.ogrodolszanica.pl\/wp-content\/uploads\/2024\/01\/byliny-i-trawy_armeria_79854_1.jpg?fit=650%2C650&ssl=1","contentUrl":"https:\/\/i0.wp.com\/www.ogrodolszanica.pl\/wp-content\/uploads\/2024\/01\/byliny-i-trawy_armeria_79854_1.jpg?fit=650%2C650&ssl=1","width":650,"height":650},{"@type":"WebPage","@id":"https:\/\/www.ogrodolszanica.pl\/index.php\/produkt\/zawciag-armada-alba\/#webpage","url":"https:\/\/www.ogrodolszanica.pl\/index.php\/produkt\/zawciag-armada-alba\/","name":"Zawci\u0105g Armada Alba - Ogr&oacute;d Olszanica","isPartOf":{"@id":"https:\/\/www.ogrodolszanica.pl\/#website"},"primaryImageOfPage":{"@id":"https:\/\/www.ogrodolszanica.pl\/index.php\/produkt\/zawciag-armada-alba\/#primaryimage"},"datePublished":"2024-01-24T13:05:39+00:00","dateModified":"2026-03-07T19:41:46+00:00","breadcrumb":{"@id":"https:\/\/www.ogrodolszanica.pl\/index.php\/produkt\/zawciag-armada-alba\/#breadcrumb"},"inLanguage":"pl-PL","potentialAction":[{"@type":"ReadAction","target":["https:\/\/www.ogrodolszanica.pl\/index.php\/produkt\/zawciag-armada-alba\/"]}]},{"@type":"BreadcrumbList","@id":"https:\/\/www.ogrodolszanica.pl\/index.php\/produkt\/zawciag-armada-alba\/#breadcrumb","itemListElement":[{"@type":"ListItem","position":1,"name":"Strona g\u0142\u00f3wna","item":"https:\/\/www.ogrodolszanica.pl\/"},{"@type":"ListItem","position":2,"name":"Produkty","item":"https:\/\/www.ogrodolszanica.pl\/index.php\/shop\/"},{"@type":"ListItem","position":3,"name":"Zawci\u0105g Armada Alba"}]}]}},"jetpack-related-posts":[{"id":1594,"url":"https:\/\/www.ogrodolszanica.pl\/index.php\/produkt\/zawciag-armada-white\/","url_meta":{"origin":2592,"position":0},"title":"Zawci\u0105g Armada White","date":"13 lipca, 2022","format":false,"excerpt":"Zawci\u0105g Armada White Zawci\u0105g nadmorski ARMADA WHITE tworzy niewielkie k\u0119py, bardzo zwarte, o r\u00f3\u017cowych kwiatach w ciasnych g\u0142\u00f3wkach. Soczysto zielone poduchy z\u0142o\u017cone z w\u0105skich li\u015bci, w momencie kwitnienia zwykle nie przekracza 20cm. \u0141odygi wzniesione, pozbawione li\u015bci, zako\u0144czone kwiatostanem. Rodzaj: Zawci\u0105g Barwa: Bia\u0142y szeroko\u015b\u0107: 35\u00a0cm wysoko\u015b\u0107: 15\u00a0cm wysoko\u015b\u0107 (kwitnienie): 20 cm\u2026","rel":"","context":"Similar post","img":{"alt_text":"","src":"https:\/\/i0.wp.com\/www.ogrodolszanica.pl\/wp-content\/uploads\/2022\/07\/armeria-armada-white_1.jpg?fit=650%2C650&ssl=1&resize=350%2C200","width":350,"height":200},"classes":[]},{"id":2703,"url":"https:\/\/www.ogrodolszanica.pl\/index.php\/produkt\/slonecznica-alba\/","url_meta":{"origin":2592,"position":1},"title":"S\u0142onecznica Alba","date":"31 stycznia, 2024","format":false,"excerpt":"S\u0142onecznica Alba Rodzaj: Delosperma Barwa: Bia\u0142a szeroko\u015b\u0107: 25\u00a0cm wysoko\u015b\u0107: 5 cm wysoko\u015b\u0107 (kwitnienie): 10 cm kwitnienie: maj \u00f7 czerwiec stanowisko: s\u0142oneczne Dobierz odpowiednie pod\u0142o\u017ce z wybranych produkt\u00f3w w naszym sklepie: Pod\u0142o\u017ca \u00a0","rel":"","context":"Similar post","img":{"alt_text":"","src":"https:\/\/i0.wp.com\/www.ogrodolszanica.pl\/wp-content\/uploads\/2024\/01\/byliny-i-trawy_delosperma_77624_3.jpg?fit=434%2C650&ssl=1&resize=350%2C200","width":350,"height":200},"classes":[]},{"id":1597,"url":"https:\/\/www.ogrodolszanica.pl\/index.php\/produkt\/zawciag-armada-rose\/","url_meta":{"origin":2592,"position":2},"title":"Zawci\u0105g Armada Rose","date":"13 lipca, 2022","format":false,"excerpt":"Zawci\u0105g Armada Rose Zawci\u0105g to przepi\u0119kna ro\u015blina wieloletnia. Jej niesamowite wyd\u0142u\u017cone cienkie li\u015bcie przypominaj\u0105 traw\u0119. Niesamowity efekt mo\u017cna osi\u0105gn\u0105\u0107 w momencie, gdy pojawiaj\u0105 si\u0119 kwiaty. R\u00f3\u017cowe okr\u0105g\u0142e kwiatki wygl\u0105daj\u0105 jakby wyrasta\u0142y z trawy. Rodzaj: Zawci\u0105g Barwa: R\u00f3\u017cowy szeroko\u015b\u0107: 35\u00a0cm wysoko\u015b\u0107: 20\u00a0cm wysoko\u015b\u0107 (kwitnienie): 25 cm kwitnienie: marzec \u00f7 kwiecie\u0144 stanowisko:\u2026","rel":"","context":"Similar post","img":{"alt_text":"","src":"https:\/\/i0.wp.com\/www.ogrodolszanica.pl\/wp-content\/uploads\/2022\/07\/292911275_1199888424188924_5171762952634255328_n-scaled.jpg?fit=898%2C1200&ssl=1&resize=350%2C200","width":350,"height":200},"classes":[]},{"id":1591,"url":"https:\/\/www.ogrodolszanica.pl\/index.php\/produkt\/slonecznica-sundella-orange\/","url_meta":{"origin":2592,"position":3},"title":"S\u0142onecznica Sundella Orange","date":"13 lipca, 2022","format":false,"excerpt":"S\u0142oneZawci\u0105g Armada Rose Ro\u015blina ta tworzy zwarte k\u0119py b\u0105d\u017a g\u0119ste darnie z zimozielonych, mi\u0119sistych li\u015bci. Na wiosn\u0119 obsypuje si\u0119 licznymi tr\u00f3jkolorowymi kwiatami z mieszank\u0105 barw pomara\u0144czu, czerwieni i fioletu. Kwitnie latem ale mniej obficie ni\u017c na wiosn\u0119. Idealna na rabaty skalne z przepuszczaln\u0105 ziemi\u0105. Rodzaj: Delosperma Barwa: Pomara\u0144cz szeroko\u015b\u0107: 20\u00a0cm\u2026","rel":"","context":"Similar post","img":{"alt_text":"","src":"https:\/\/i0.wp.com\/www.ogrodolszanica.pl\/wp-content\/uploads\/2022\/07\/delosperma-sundella-orange_78184_1.jpg?fit=320%2C320&ssl=1&resize=350%2C200","width":350,"height":200},"classes":[]},{"id":2426,"url":"https:\/\/www.ogrodolszanica.pl\/index.php\/produkt\/miskant-punktchen\/","url_meta":{"origin":2592,"position":4},"title":"Miskant P\u00fcnktchen","date":"26 sierpnia, 2023","format":false,"excerpt":"Miskant P\u00fcnktchen Miskant kt\u00f3ry w przeciwie\u0144stwie do odmiany 'Strictus' posiada \u0142ukowato zwisaj\u0105ce zielone li\u015bcie z \u017c\u00f3\u0142tymi punktami. Zakwita w przypadku wystarczaj\u0105co ciep\u0142ego roku. Rodzaj: Miskant Barwa: Zielono-bia\u0142y szeroko\u015b\u0107: 40 cm wysoko\u015b\u0107: 150\u00a0cm wysoko\u015b\u0107 (kwitnienie): 200\u00a0cm kwitnienie: wrzesie\u0144 \u00f7 pa\u017adziernik stanowisko:\u00a0s\u0142oneczne Dobierz odpowiednie pod\u0142o\u017ce z wybranych produkt\u00f3w w naszym sklepie: Pod\u0142o\u017ca\u2026","rel":"","context":"Similar post","img":{"alt_text":"","src":"https:\/\/i0.wp.com\/www.ogrodolszanica.pl\/wp-content\/uploads\/2023\/08\/miscanthus-pznktchen_3.jpg?fit=435%2C650&ssl=1&resize=350%2C200","width":350,"height":200},"classes":[]},{"id":1962,"url":"https:\/\/www.ogrodolszanica.pl\/index.php\/produkt\/wrzos-pospolity\/","url_meta":{"origin":2592,"position":5},"title":"Wrzos Pospolity","date":"16 sierpnia, 2022","format":false,"excerpt":"Wrzos Pospolity Wrzos pospolity\u00a0jest szczeg\u00f3lnie ceniony jest za obfite kwitnienie. Kolory drobnych beczu\u0142kowatych kwiat\u00f3w, podobnie jak i li\u015bci, r\u00f3\u017cni\u0105 si\u0119 od siebie w zale\u017cno\u015bci od odmiany.\u00a0Mog\u0105 mie\u0107 r\u00f3\u017cne odcienie\u00a0fioletu (z kt\u00f3rego s\u0105 najbardziej znane) ale wyst\u0119puj\u0105 r\u00f3wnie\u017c w bieli, r\u00f3\u017cu, a nawet czerwieni. Rodzaj: Wrzos Barwa: Wielokolorowe szeroko\u015b\u0107: 30 cm\u2026","rel":"","context":"Similar post","img":{"alt_text":"","src":"https:\/\/i0.wp.com\/www.ogrodolszanica.pl\/wp-content\/uploads\/2022\/08\/295761345_1116537045738896_5313285391014310685_n.jpg?fit=900%2C1200&ssl=1&resize=350%2C200","width":350,"height":200},"classes":[]}],"_links":{"self":[{"href":"https:\/\/www.ogrodolszanica.pl\/index.php\/wp-json\/wp\/v2\/product\/2592","targetHints":{"allow":["GET"]}}],"collection":[{"href":"https:\/\/www.ogrodolszanica.pl\/index.php\/wp-json\/wp\/v2\/product"}],"about":[{"href":"https:\/\/www.ogrodolszanica.pl\/index.php\/wp-json\/wp\/v2\/types\/product"}],"replies":[{"embeddable":true,"href":"https:\/\/www.ogrodolszanica.pl\/index.php\/wp-json\/wp\/v2\/comments?post=2592"}],"wp:featuredmedia":[{"embeddable":true,"href":"https:\/\/www.ogrodolszanica.pl\/index.php\/wp-json\/wp\/v2\/media\/2594"}],"wp:attachment":[{"href":"https:\/\/www.ogrodolszanica.pl\/index.php\/wp-json\/wp\/v2\/media?parent=2592"}],"wp:term":[{"taxonomy":"product_cat","embeddable":true,"href":"https:\/\/www.ogrodolszanica.pl\/index.php\/wp-json\/wp\/v2\/product_cat?post=2592"},{"taxonomy":"product_tag","embeddable":true,"href":"https:\/\/www.ogrodolszanica.pl\/index.php\/wp-json\/wp\/v2\/product_tag?post=2592"}],"curies":[{"name":"wp","href":"https:\/\/api.w.org\/{rel}","templated":true}]}}