{"id":2572,"date":"2024-01-23T14:25:14","date_gmt":"2024-01-23T14:25:14","guid":{"rendered":"https:\/\/www.ogrodolszanica.pl\/?post_type=product&#038;p=2572"},"modified":"2026-03-07T19:44:28","modified_gmt":"2026-03-07T19:44:28","slug":"budleja-prince-charming","status":"publish","type":"product","link":"https:\/\/www.ogrodolszanica.pl\/index.php\/produkt\/budleja-prince-charming\/","title":{"rendered":"Budleja Prince Charming"},"content":{"rendered":"<h2 style=\"text-align: center;\">Budleja Prince Charming<\/h2>\n<p style=\"text-align: center;\">Ta buddleja charakteryzuje si\u0119 jasnoczerwonym kolorem wpadaj\u0105cym lekko w magent\u0119 &#8211; jest to bardzo rzadki przypadek w tym gatunku. Preferuje stanowisko s\u0142oneczne na \u015bwie\u017cym pod\u0142o\u017cu.<\/p>\n<ul>\n<li>Rodzaj: Budleja<\/li>\n<li>Barwa: karminowa<\/li>\n<li>\n<div>szeroko\u015b\u0107:<strong> 90\u00a0cm<\/strong><\/div>\n<\/li>\n<li>\n<div><b><\/b>wysoko\u015b\u0107: <strong>100<\/strong><b>\u00a0cm<\/b><\/div>\n<\/li>\n<li>\n<div><b><\/b>wysoko\u015b\u0107 (kwitnienie): <strong>120<\/strong><b>\u00a0cm<\/b><\/div>\n<\/li>\n<li><b><\/b>kwitnienie: <b>lipiec \u00f7 pa\u017adziernik<\/b><\/li>\n<li>\n<div><b><\/b>stanowisko: <b>s\u0142oneczne<\/b><\/div>\n<\/li>\n<\/ul>\n<p>Dobierz odpowiednie pod\u0142o\u017ce z wybranych produkt\u00f3w w naszym sklepie: <a href=\"https:\/\/www.ogrodolszanica.pl\/index.php\/kategoria-produktu\/zin\/\">Pod\u0142o\u017ca<\/a><\/p>\n<p>&nbsp;<\/p>\n<p>&nbsp;<\/p>\n","protected":false},"excerpt":{"rendered":"<p>Budleja Prince Charming Ta buddleja charakteryzuje si\u0119 jasnoczerwonym kolorem wpadaj\u0105cym lekko w magent\u0119 &#8211; jest to bardzo rzadki przypadek w tym gatunku. Preferuje stanowisko s\u0142oneczne na \u015bwie\u017cym pod\u0142o\u017cu. Rodzaj: Budleja Barwa: karminowa szeroko\u015b\u0107: 90\u00a0cm wysoko\u015b\u0107: 100\u00a0cm wysoko\u015b\u0107 (kwitnienie): 120\u00a0cm kwitnienie: lipiec \u00f7 pa\u017adziernik stanowisko: s\u0142oneczne Dobierz odpowiednie pod\u0142o\u017ce z wybranych produkt\u00f3w w naszym sklepie: Pod\u0142o\u017ca &hellip;<\/p>\n<p class=\"read-more\"> <a class=\"\" href=\"https:\/\/www.ogrodolszanica.pl\/index.php\/produkt\/budleja-prince-charming\/\"> <span class=\"screen-reader-text\">Budleja Prince Charming<\/span> Read More &raquo;<\/a><\/p>\n","protected":false},"featured_media":2573,"comment_status":"open","ping_status":"closed","template":"","meta":{"site-sidebar-layout":"default","site-content-layout":"default","ast-global-header-display":"","ast-main-header-display":"","ast-hfb-above-header-display":"","ast-hfb-below-header-display":"","ast-hfb-mobile-header-display":"","site-post-title":"","ast-breadcrumbs-content":"","ast-featured-img":"","footer-sml-layout":"","theme-transparent-header-meta":"default","adv-header-id-meta":"","stick-header-meta":"","header-above-stick-meta":"","header-main-stick-meta":"","header-below-stick-meta":"","spay_email":""},"product_cat":[59,39,20],"product_tag":[],"class_list":["post-2572","product","type-product","status-publish","has-post-thumbnail","hentry","product_cat-buddleje","product_cat-krzewy","product_cat-rosliny"],"yoast_head":"<!-- This site is optimized with the Yoast SEO plugin v19.2 - https:\/\/yoast.com\/wordpress\/plugins\/seo\/ -->\n<title>Budleja Prince Charming - Ogr&oacute;d Olszanica<\/title>\n<meta name=\"robots\" content=\"index, follow, max-snippet:-1, max-image-preview:large, max-video-preview:-1\" \/>\n<link rel=\"canonical\" href=\"https:\/\/www.ogrodolszanica.pl\/index.php\/produkt\/budleja-prince-charming\/\" \/>\n<meta property=\"og:locale\" content=\"pl_PL\" \/>\n<meta property=\"og:type\" content=\"article\" \/>\n<meta property=\"og:title\" content=\"Budleja Prince Charming - Ogr&oacute;d Olszanica\" \/>\n<meta property=\"og:description\" content=\"Budleja Prince Charming Ta buddleja charakteryzuje si\u0119 jasnoczerwonym kolorem wpadaj\u0105cym lekko w magent\u0119 &#8211; jest to bardzo rzadki przypadek w tym gatunku. Preferuje stanowisko s\u0142oneczne na \u015bwie\u017cym pod\u0142o\u017cu. Rodzaj: Budleja Barwa: karminowa szeroko\u015b\u0107: 90\u00a0cm wysoko\u015b\u0107: 100\u00a0cm wysoko\u015b\u0107 (kwitnienie): 120\u00a0cm kwitnienie: lipiec \u00f7 pa\u017adziernik stanowisko: s\u0142oneczne Dobierz odpowiednie pod\u0142o\u017ce z wybranych produkt\u00f3w w naszym sklepie: Pod\u0142o\u017ca &hellip; Budleja Prince Charming Read More &raquo;\" \/>\n<meta property=\"og:url\" content=\"https:\/\/www.ogrodolszanica.pl\/index.php\/produkt\/budleja-prince-charming\/\" \/>\n<meta property=\"og:site_name\" content=\"Ogr&oacute;d Olszanica\" \/>\n<meta property=\"article:publisher\" content=\"https:\/\/www.facebook.com\/Ogrd-Olszanica-100807179225223\" \/>\n<meta property=\"article:modified_time\" content=\"2026-03-07T19:44:28+00:00\" \/>\n<meta property=\"og:image\" content=\"https:\/\/www.ogrodolszanica.pl\/wp-content\/uploads\/2024\/01\/buddleja-prince-charming_4.jpg\" \/>\n\t<meta property=\"og:image:width\" content=\"650\" \/>\n\t<meta property=\"og:image:height\" content=\"650\" \/>\n\t<meta property=\"og:image:type\" content=\"image\/jpeg\" \/>\n<meta name=\"author\" content=\"admin\" \/>\n<meta name=\"twitter:card\" content=\"summary_large_image\" \/>\n<meta name=\"twitter:label1\" content=\"Szacowany czas czytania\" \/>\n\t<meta name=\"twitter:data1\" content=\"1 minuta\" \/>\n<script type=\"application\/ld+json\" class=\"yoast-schema-graph\">{\"@context\":\"https:\/\/schema.org\",\"@graph\":[{\"@type\":\"Organization\",\"@id\":\"https:\/\/www.ogrodolszanica.pl\/#organization\",\"name\":\"Ogr\u00f3d Olszanica - Krakowskie Centrum Ogrodnicze\",\"url\":\"https:\/\/www.ogrodolszanica.pl\/\",\"sameAs\":[\"https:\/\/www.facebook.com\/Ogrd-Olszanica-100807179225223\"],\"logo\":{\"@type\":\"ImageObject\",\"inLanguage\":\"pl-PL\",\"@id\":\"https:\/\/www.ogrodolszanica.pl\/#\/schema\/logo\/image\/\",\"url\":\"http:\/\/www.ogrodolszanica.pl\/wp-content\/uploads\/2022\/06\/Ogrod-Olszanica1-1.png\",\"contentUrl\":\"http:\/\/www.ogrodolszanica.pl\/wp-content\/uploads\/2022\/06\/Ogrod-Olszanica1-1.png\",\"width\":180,\"height\":60,\"caption\":\"Ogr\u00f3d Olszanica - Krakowskie Centrum Ogrodnicze\"},\"image\":{\"@id\":\"https:\/\/www.ogrodolszanica.pl\/#\/schema\/logo\/image\/\"}},{\"@type\":\"WebSite\",\"@id\":\"https:\/\/www.ogrodolszanica.pl\/#website\",\"url\":\"https:\/\/www.ogrodolszanica.pl\/\",\"name\":\"Ogr&oacute;d Olszanica\",\"description\":\"Centrum Ogrodnicze Krak&oacute;w\",\"publisher\":{\"@id\":\"https:\/\/www.ogrodolszanica.pl\/#organization\"},\"potentialAction\":[{\"@type\":\"SearchAction\",\"target\":{\"@type\":\"EntryPoint\",\"urlTemplate\":\"https:\/\/www.ogrodolszanica.pl\/?s={search_term_string}\"},\"query-input\":\"required name=search_term_string\"}],\"inLanguage\":\"pl-PL\"},{\"@type\":\"ImageObject\",\"inLanguage\":\"pl-PL\",\"@id\":\"https:\/\/www.ogrodolszanica.pl\/index.php\/produkt\/budleja-prince-charming\/#primaryimage\",\"url\":\"https:\/\/i0.wp.com\/www.ogrodolszanica.pl\/wp-content\/uploads\/2024\/01\/buddleja-prince-charming_4.jpg?fit=650%2C650&ssl=1\",\"contentUrl\":\"https:\/\/i0.wp.com\/www.ogrodolszanica.pl\/wp-content\/uploads\/2024\/01\/buddleja-prince-charming_4.jpg?fit=650%2C650&ssl=1\",\"width\":650,\"height\":650},{\"@type\":\"WebPage\",\"@id\":\"https:\/\/www.ogrodolszanica.pl\/index.php\/produkt\/budleja-prince-charming\/#webpage\",\"url\":\"https:\/\/www.ogrodolszanica.pl\/index.php\/produkt\/budleja-prince-charming\/\",\"name\":\"Budleja Prince Charming - Ogr&oacute;d Olszanica\",\"isPartOf\":{\"@id\":\"https:\/\/www.ogrodolszanica.pl\/#website\"},\"primaryImageOfPage\":{\"@id\":\"https:\/\/www.ogrodolszanica.pl\/index.php\/produkt\/budleja-prince-charming\/#primaryimage\"},\"datePublished\":\"2024-01-23T14:25:14+00:00\",\"dateModified\":\"2026-03-07T19:44:28+00:00\",\"breadcrumb\":{\"@id\":\"https:\/\/www.ogrodolszanica.pl\/index.php\/produkt\/budleja-prince-charming\/#breadcrumb\"},\"inLanguage\":\"pl-PL\",\"potentialAction\":[{\"@type\":\"ReadAction\",\"target\":[\"https:\/\/www.ogrodolszanica.pl\/index.php\/produkt\/budleja-prince-charming\/\"]}]},{\"@type\":\"BreadcrumbList\",\"@id\":\"https:\/\/www.ogrodolszanica.pl\/index.php\/produkt\/budleja-prince-charming\/#breadcrumb\",\"itemListElement\":[{\"@type\":\"ListItem\",\"position\":1,\"name\":\"Strona g\u0142\u00f3wna\",\"item\":\"https:\/\/www.ogrodolszanica.pl\/\"},{\"@type\":\"ListItem\",\"position\":2,\"name\":\"Produkty\",\"item\":\"https:\/\/www.ogrodolszanica.pl\/index.php\/shop\/\"},{\"@type\":\"ListItem\",\"position\":3,\"name\":\"Budleja Prince Charming\"}]}]}<\/script>\n<!-- \/ Yoast SEO plugin. -->","yoast_head_json":{"title":"Budleja Prince Charming - Ogr&oacute;d Olszanica","robots":{"index":"index","follow":"follow","max-snippet":"max-snippet:-1","max-image-preview":"max-image-preview:large","max-video-preview":"max-video-preview:-1"},"canonical":"https:\/\/www.ogrodolszanica.pl\/index.php\/produkt\/budleja-prince-charming\/","og_locale":"pl_PL","og_type":"article","og_title":"Budleja Prince Charming - Ogr&oacute;d Olszanica","og_description":"Budleja Prince Charming Ta buddleja charakteryzuje si\u0119 jasnoczerwonym kolorem wpadaj\u0105cym lekko w magent\u0119 &#8211; jest to bardzo rzadki przypadek w tym gatunku. Preferuje stanowisko s\u0142oneczne na \u015bwie\u017cym pod\u0142o\u017cu. Rodzaj: Budleja Barwa: karminowa szeroko\u015b\u0107: 90\u00a0cm wysoko\u015b\u0107: 100\u00a0cm wysoko\u015b\u0107 (kwitnienie): 120\u00a0cm kwitnienie: lipiec \u00f7 pa\u017adziernik stanowisko: s\u0142oneczne Dobierz odpowiednie pod\u0142o\u017ce z wybranych produkt\u00f3w w naszym sklepie: Pod\u0142o\u017ca &hellip; Budleja Prince Charming Read More &raquo;","og_url":"https:\/\/www.ogrodolszanica.pl\/index.php\/produkt\/budleja-prince-charming\/","og_site_name":"Ogr&oacute;d Olszanica","article_publisher":"https:\/\/www.facebook.com\/Ogrd-Olszanica-100807179225223","article_modified_time":"2026-03-07T19:44:28+00:00","og_image":[{"width":650,"height":650,"url":"https:\/\/www.ogrodolszanica.pl\/wp-content\/uploads\/2024\/01\/buddleja-prince-charming_4.jpg","type":"image\/jpeg"}],"author":"admin","twitter_card":"summary_large_image","twitter_misc":{"Szacowany czas czytania":"1 minuta"},"schema":{"@context":"https:\/\/schema.org","@graph":[{"@type":"Organization","@id":"https:\/\/www.ogrodolszanica.pl\/#organization","name":"Ogr\u00f3d Olszanica - Krakowskie Centrum Ogrodnicze","url":"https:\/\/www.ogrodolszanica.pl\/","sameAs":["https:\/\/www.facebook.com\/Ogrd-Olszanica-100807179225223"],"logo":{"@type":"ImageObject","inLanguage":"pl-PL","@id":"https:\/\/www.ogrodolszanica.pl\/#\/schema\/logo\/image\/","url":"http:\/\/www.ogrodolszanica.pl\/wp-content\/uploads\/2022\/06\/Ogrod-Olszanica1-1.png","contentUrl":"http:\/\/www.ogrodolszanica.pl\/wp-content\/uploads\/2022\/06\/Ogrod-Olszanica1-1.png","width":180,"height":60,"caption":"Ogr\u00f3d Olszanica - Krakowskie Centrum Ogrodnicze"},"image":{"@id":"https:\/\/www.ogrodolszanica.pl\/#\/schema\/logo\/image\/"}},{"@type":"WebSite","@id":"https:\/\/www.ogrodolszanica.pl\/#website","url":"https:\/\/www.ogrodolszanica.pl\/","name":"Ogr&oacute;d Olszanica","description":"Centrum Ogrodnicze Krak&oacute;w","publisher":{"@id":"https:\/\/www.ogrodolszanica.pl\/#organization"},"potentialAction":[{"@type":"SearchAction","target":{"@type":"EntryPoint","urlTemplate":"https:\/\/www.ogrodolszanica.pl\/?s={search_term_string}"},"query-input":"required name=search_term_string"}],"inLanguage":"pl-PL"},{"@type":"ImageObject","inLanguage":"pl-PL","@id":"https:\/\/www.ogrodolszanica.pl\/index.php\/produkt\/budleja-prince-charming\/#primaryimage","url":"https:\/\/i0.wp.com\/www.ogrodolszanica.pl\/wp-content\/uploads\/2024\/01\/buddleja-prince-charming_4.jpg?fit=650%2C650&ssl=1","contentUrl":"https:\/\/i0.wp.com\/www.ogrodolszanica.pl\/wp-content\/uploads\/2024\/01\/buddleja-prince-charming_4.jpg?fit=650%2C650&ssl=1","width":650,"height":650},{"@type":"WebPage","@id":"https:\/\/www.ogrodolszanica.pl\/index.php\/produkt\/budleja-prince-charming\/#webpage","url":"https:\/\/www.ogrodolszanica.pl\/index.php\/produkt\/budleja-prince-charming\/","name":"Budleja Prince Charming - Ogr&oacute;d Olszanica","isPartOf":{"@id":"https:\/\/www.ogrodolszanica.pl\/#website"},"primaryImageOfPage":{"@id":"https:\/\/www.ogrodolszanica.pl\/index.php\/produkt\/budleja-prince-charming\/#primaryimage"},"datePublished":"2024-01-23T14:25:14+00:00","dateModified":"2026-03-07T19:44:28+00:00","breadcrumb":{"@id":"https:\/\/www.ogrodolszanica.pl\/index.php\/produkt\/budleja-prince-charming\/#breadcrumb"},"inLanguage":"pl-PL","potentialAction":[{"@type":"ReadAction","target":["https:\/\/www.ogrodolszanica.pl\/index.php\/produkt\/budleja-prince-charming\/"]}]},{"@type":"BreadcrumbList","@id":"https:\/\/www.ogrodolszanica.pl\/index.php\/produkt\/budleja-prince-charming\/#breadcrumb","itemListElement":[{"@type":"ListItem","position":1,"name":"Strona g\u0142\u00f3wna","item":"https:\/\/www.ogrodolszanica.pl\/"},{"@type":"ListItem","position":2,"name":"Produkty","item":"https:\/\/www.ogrodolszanica.pl\/index.php\/shop\/"},{"@type":"ListItem","position":3,"name":"Budleja Prince Charming"}]}]}},"jetpack-related-posts":[{"id":2185,"url":"https:\/\/www.ogrodolszanica.pl\/index.php\/produkt\/budleja-magenta-munchkin\/","url_meta":{"origin":2572,"position":0},"title":"Budleja Magenta Munchkin","date":"22 maja, 2023","format":false,"excerpt":"Budleja Magenta Munchkin Wyj\u0105tkowa ro\u015blina! D\u0142ugie kwiatostany kwitn\u0105 obficie w kolorze jaskrawej magenty, na szczeg\u00f3lnie kr\u00f3tkich p\u0119dach od lipca do pa\u017adziernika. Przeznaczona do miejsc o \u015bwie\u017cym i bogatym w sk\u0142adniki od\u017cywcze pod\u0142o\u017cu w pe\u0142nym s\u0142o\u0144cu. Nie jest ca\u0142kowicie mrozoodporna. Wiosn\u0105 nale\u017cy ponownie przyci\u0105\u0107. Rodzaj: Budleja Barwa: Purpurowy szeroko\u015b\u0107: 100 cm\u2026","rel":"","context":"Similar post","img":{"alt_text":"","src":"https:\/\/i0.wp.com\/www.ogrodolszanica.pl\/wp-content\/uploads\/2023\/05\/image1.jpegmaxwidth2559.7000554800034maxheight1296.jpg?fit=900%2C1200&ssl=1&resize=350%2C200","width":350,"height":200},"classes":[]},{"id":1863,"url":"https:\/\/www.ogrodolszanica.pl\/index.php\/produkt\/budleja-dreaming-white\/","url_meta":{"origin":2572,"position":1},"title":"Budleja Dreaming White","date":"23 lipca, 2022","format":false,"excerpt":"Budleja Dreaming White Jedna z lepszych bia\u0142o kwitn\u0105cych odmian tego krzewu. Ro\u015bnie ro\u015bnie stosunkowo silnie ale przy tym dobrze si\u0119 krzewi, rozrastaj\u0105c si\u0119 na boki. G\u0119ste bia\u0142e kwiatostany pojawiaj\u0105 si\u0119 pod koniec czerwca i kwitn\u0105 obficie przez ca\u0142e lato. Idealna do wi\u0119kszych pojemnik\u00f3w na balkony czy tarasy b\u0105d\u017a do ogrodu\u2026","rel":"","context":"Similar post","img":{"alt_text":"","src":"https:\/\/i0.wp.com\/www.ogrodolszanica.pl\/wp-content\/uploads\/2022\/07\/290626751_1173498633505019_4819261341135302349_n.jpg?fit=900%2C1200&ssl=1&resize=350%2C200","width":350,"height":200},"classes":[]},{"id":2630,"url":"https:\/\/www.ogrodolszanica.pl\/index.php\/produkt\/budleja-pink-cascade\/","url_meta":{"origin":2572,"position":2},"title":"Buddleja Pink Cascade","date":"29 stycznia, 2024","format":false,"excerpt":"Buddleja Pink Cascade Charakterystyczn\u0105 cech\u0105 odmiany jest to, \u017ce mocno przyci\u0105ga motyle. Kwitnie bardzo obficie od lipca do pa\u017adziernika wyj\u0105tkowo d\u0142ugimi, grubymi kwiatostanami formuj\u0105cymi pi\u0119kne kszta\u0142tne wiechy. Odmiana preferuje \u015bwie\u017ce pod\u0142o\u017ce, bogate w sk\u0142adniki od\u017cywcze na s\u0142onecznym stanowisku. Wiosn\u0105 nale\u017cy przyci\u0105\u0107. Rodzaj: Budleja Barwa: ciemnor\u00f3\u017cowa szeroko\u015b\u0107: 150 cm wysoko\u015b\u0107: 130\u00a0cm\u2026","rel":"","context":"Similar post","img":{"alt_text":"","src":"https:\/\/i0.wp.com\/www.ogrodolszanica.pl\/wp-content\/uploads\/2024\/01\/buddleja-pink-cascade_3.jpg?fit=650%2C650&ssl=1&resize=350%2C200","width":350,"height":200},"classes":[]},{"id":3509,"url":"https:\/\/www.ogrodolszanica.pl\/index.php\/produkt\/budleja-butterfly-candy-little-white\/","url_meta":{"origin":2572,"position":3},"title":"Budleja Butterfly Candy Little White","date":"27 lutego, 2026","format":false,"excerpt":"Budleja Dawida Butterfly Candy Little White Buddleja davidii Budleja Dawida 'Little White' to dumna reprezentantka serii 'Butterfly Candy', kt\u00f3ra skupia odmiany wyr\u00f3\u017cniaj\u0105ce si\u0119 bardzo obfitym kwitnieniem, kompaktowymi rozmiarami docelowymi oraz zwartym, dobrze rozkrzewionym pokrojem. Ro\u015blina ol\u015bniewa efektownymi, sto\u017ckowatymi, przepi\u0119knie pachn\u0105cymi kwiatostanami w kolorze nieskazitelnej bieli. Maksymalnie osi\u0105ga oko\u0142o 65-80 cm\u2026","rel":"","context":"Similar post","img":{"alt_text":"","src":"https:\/\/i0.wp.com\/www.ogrodolszanica.pl\/wp-content\/uploads\/2026\/02\/Budleja-Butterfly-Candy-Little-White-scaled.jpg?fit=904%2C1200&ssl=1&resize=350%2C200","width":350,"height":200},"classes":[]},{"id":2634,"url":"https:\/\/www.ogrodolszanica.pl\/index.php\/produkt\/buddleja-butterfly-candy-little-purple\/","url_meta":{"origin":2572,"position":4},"title":"Buddleja Butterfly Candy Little Purple","date":"29 stycznia, 2024","format":false,"excerpt":"Budleja Dawida Butterfly Candy Little Purple Buddleja davidii 'Little Purple' to przepi\u0119kna budleja z serii 'Butterfly Candy'. Kolekcja ta skupia odmiany o bardzo obfitym kwitnieniu, kompaktowym wzro\u015bcie oraz zwartym, dobrze rozkrzewionym pokroju. Ro\u015blina hipnotyzuje spektakularnymi, sto\u017ckowatymi kwiatostanami w nasyconym, ciemnofioletowym kolorze. Docelowo osi\u0105ga oko\u0142o 65-80 cm wysoko\u015bci, formuj\u0105c atrakcyjne, regularne,\u2026","rel":"","context":"Similar post","img":{"alt_text":"","src":"https:\/\/i0.wp.com\/www.ogrodolszanica.pl\/wp-content\/uploads\/2024\/01\/byliny-i-trawy_buddleja_75480_2.jpg?fit=650%2C433&ssl=1&resize=350%2C200","width":350,"height":200},"classes":[]},{"id":1494,"url":"https:\/\/www.ogrodolszanica.pl\/index.php\/produkt\/aster-island-tonga\/","url_meta":{"origin":2572,"position":5},"title":"Aster Island Tonga","date":"8 lipca, 2022","format":false,"excerpt":"Aster Island Tonga Odmiana Astra kwitn\u0105ca jesieni\u0105. Ro\u015blina tworzy okr\u0105g\u0142e k\u0119py du\u017cych kwiat\u00f3w. Ro\u015blina nie wymaga wyj\u0105tkowych warunk\u00f3w i preferuje s\u0142oneczne stanowisko. Barwa: Purpurowy szeroko\u015b\u0107: 40\u00a0cm wysoko\u015b\u0107: 40\u00a0cm wysoko\u015b\u0107 (kwitnienie): 40\u00a0cm kwitnienie: sierpie\u0144 \u00f7 pa\u017adziernik stanowisko: s\u0142oneczne\u00a0 Dobierz odpowiednie pod\u0142o\u017ce z wybranych produkt\u00f3w w naszym sklepie: Pod\u0142o\u017ca","rel":"","context":"Similar post","img":{"alt_text":"","src":"https:\/\/i0.wp.com\/www.ogrodolszanica.pl\/wp-content\/uploads\/2022\/07\/aster-island-tonga_5.jpg?fit=650%2C435&ssl=1&resize=350%2C200","width":350,"height":200},"classes":[]}],"_links":{"self":[{"href":"https:\/\/www.ogrodolszanica.pl\/index.php\/wp-json\/wp\/v2\/product\/2572","targetHints":{"allow":["GET"]}}],"collection":[{"href":"https:\/\/www.ogrodolszanica.pl\/index.php\/wp-json\/wp\/v2\/product"}],"about":[{"href":"https:\/\/www.ogrodolszanica.pl\/index.php\/wp-json\/wp\/v2\/types\/product"}],"replies":[{"embeddable":true,"href":"https:\/\/www.ogrodolszanica.pl\/index.php\/wp-json\/wp\/v2\/comments?post=2572"}],"wp:featuredmedia":[{"embeddable":true,"href":"https:\/\/www.ogrodolszanica.pl\/index.php\/wp-json\/wp\/v2\/media\/2573"}],"wp:attachment":[{"href":"https:\/\/www.ogrodolszanica.pl\/index.php\/wp-json\/wp\/v2\/media?parent=2572"}],"wp:term":[{"taxonomy":"product_cat","embeddable":true,"href":"https:\/\/www.ogrodolszanica.pl\/index.php\/wp-json\/wp\/v2\/product_cat?post=2572"},{"taxonomy":"product_tag","embeddable":true,"href":"https:\/\/www.ogrodolszanica.pl\/index.php\/wp-json\/wp\/v2\/product_tag?post=2572"}],"curies":[{"name":"wp","href":"https:\/\/api.w.org\/{rel}","templated":true}]}}