{"id":2562,"date":"2024-01-23T14:00:28","date_gmt":"2024-01-23T14:00:28","guid":{"rendered":"https:\/\/www.ogrodolszanica.pl\/?post_type=product&#038;p=2562"},"modified":"2026-03-07T19:44:50","modified_gmt":"2026-03-07T19:44:50","slug":"gailardia-aristata-spintop-yellow-touch","status":"publish","type":"product","link":"https:\/\/www.ogrodolszanica.pl\/index.php\/produkt\/gailardia-aristata-spintop-yellow-touch\/","title":{"rendered":"Gailardia aristata SpinTop\u2122 Yellow Touch"},"content":{"rendered":"<h2 style=\"text-align: center;\">Gailardia aristata SpinTop\u2122 Yellow Touch<\/h2>\n<p style=\"text-align: center;\">Spintop Yellow Touch&#8217; tworzy du\u017ce, intensywnie wybarwione kwiaty przez ca\u0142e lato. Intensywnie czerwone p\u0142atki posiadaj\u0105 \u017c\u00f3\u0142te ko\u0144c\u00f3wki.<\/p>\n<p style=\"text-align: center;\">Dobre krzewienie i zwarty pokr\u00f3j powoduj\u0105, \u017ce ro\u015bliny doskonale prezentuj\u0105 si\u0119 tak\u017ce w pojemnikach. Preferuje s\u0142oneczne miejsce w ogrodzie i dobrze przepuszczalne, ale nie przesychaj\u0105ce pod\u0142o\u017ce.<\/p>\n<p style=\"text-align: center;\">\n<ul>\n<li>Rodzaj: Gailardia<\/li>\n<li>Barwa: Czerwono-\u017c\u00f3\u0142ta<\/li>\n<li>\n<div>szeroko\u015b\u0107:<strong> 35\u00a0cm<\/strong><\/div>\n<\/li>\n<li>\n<div><b><\/b>wysoko\u015b\u0107: <strong>30<\/strong><b>\u00a0cm<\/b><\/div>\n<\/li>\n<li>\n<div><b><\/b>wysoko\u015b\u0107 (kwitnienie): <strong>35<\/strong><b>\u00a0cm<\/b><\/div>\n<\/li>\n<li><b><\/b>kwitnienie:<strong> czerwiec<\/strong><b> \u00f7 wrzesie\u0144<\/b><\/li>\n<li>\n<div><b><\/b>stanowisko: <b>s\u0142oneczne<\/b><\/div>\n<\/li>\n<\/ul>\n<p>Dobierz odpowiednie pod\u0142o\u017ce z wybranych produkt\u00f3w w naszym sklepie: <a href=\"https:\/\/www.ogrodolszanica.pl\/index.php\/kategoria-produktu\/zin\/\">Pod\u0142o\u017ca<\/a><\/p>\n<p>&nbsp;<\/p>\n<p>&nbsp;<\/p>\n","protected":false},"excerpt":{"rendered":"<p>Gailardia aristata SpinTop\u2122 Yellow Touch Spintop Yellow Touch&#8217; tworzy du\u017ce, intensywnie wybarwione kwiaty przez ca\u0142e lato. Intensywnie czerwone p\u0142atki posiadaj\u0105 \u017c\u00f3\u0142te ko\u0144c\u00f3wki. Dobre krzewienie i zwarty pokr\u00f3j powoduj\u0105, \u017ce ro\u015bliny doskonale prezentuj\u0105 si\u0119 tak\u017ce w pojemnikach. Preferuje s\u0142oneczne miejsce w ogrodzie i dobrze przepuszczalne, ale nie przesychaj\u0105ce pod\u0142o\u017ce. Rodzaj: Gailardia Barwa: Czerwono-\u017c\u00f3\u0142ta szeroko\u015b\u0107: 35\u00a0cm wysoko\u015b\u0107: &hellip;<\/p>\n<p class=\"read-more\"> <a class=\"\" href=\"https:\/\/www.ogrodolszanica.pl\/index.php\/produkt\/gailardia-aristata-spintop-yellow-touch\/\"> <span class=\"screen-reader-text\">Gailardia aristata SpinTop\u2122 Yellow Touch<\/span> Read More &raquo;<\/a><\/p>\n","protected":false},"featured_media":2564,"comment_status":"open","ping_status":"closed","template":"","meta":{"site-sidebar-layout":"default","site-content-layout":"default","ast-global-header-display":"","ast-main-header-display":"","ast-hfb-above-header-display":"","ast-hfb-below-header-display":"","ast-hfb-mobile-header-display":"","site-post-title":"","ast-breadcrumbs-content":"","ast-featured-img":"","footer-sml-layout":"","theme-transparent-header-meta":"default","adv-header-id-meta":"","stick-header-meta":"","header-above-stick-meta":"","header-main-stick-meta":"","header-below-stick-meta":"","spay_email":""},"product_cat":[29,67,20],"product_tag":[],"class_list":["post-2562","product","type-product","status-publish","has-post-thumbnail","hentry","product_cat-byliny","product_cat-gailardie","product_cat-rosliny"],"yoast_head":"<!-- This site is optimized with the Yoast SEO plugin v19.2 - https:\/\/yoast.com\/wordpress\/plugins\/seo\/ -->\n<title>Gailardia aristata SpinTop\u2122 Yellow Touch - Ogr&oacute;d Olszanica<\/title>\n<meta name=\"robots\" content=\"index, follow, max-snippet:-1, max-image-preview:large, max-video-preview:-1\" \/>\n<link rel=\"canonical\" href=\"https:\/\/www.ogrodolszanica.pl\/index.php\/produkt\/gailardia-aristata-spintop-yellow-touch\/\" \/>\n<meta property=\"og:locale\" content=\"pl_PL\" \/>\n<meta property=\"og:type\" content=\"article\" \/>\n<meta property=\"og:title\" content=\"Gailardia aristata SpinTop\u2122 Yellow Touch - Ogr&oacute;d Olszanica\" \/>\n<meta property=\"og:description\" content=\"Gailardia aristata SpinTop\u2122 Yellow Touch Spintop Yellow Touch&#8217; tworzy du\u017ce, intensywnie wybarwione kwiaty przez ca\u0142e lato. Intensywnie czerwone p\u0142atki posiadaj\u0105 \u017c\u00f3\u0142te ko\u0144c\u00f3wki. Dobre krzewienie i zwarty pokr\u00f3j powoduj\u0105, \u017ce ro\u015bliny doskonale prezentuj\u0105 si\u0119 tak\u017ce w pojemnikach. Preferuje s\u0142oneczne miejsce w ogrodzie i dobrze przepuszczalne, ale nie przesychaj\u0105ce pod\u0142o\u017ce. Rodzaj: Gailardia Barwa: Czerwono-\u017c\u00f3\u0142ta szeroko\u015b\u0107: 35\u00a0cm wysoko\u015b\u0107: &hellip; Gailardia aristata SpinTop\u2122 Yellow Touch Read More &raquo;\" \/>\n<meta property=\"og:url\" content=\"https:\/\/www.ogrodolszanica.pl\/index.php\/produkt\/gailardia-aristata-spintop-yellow-touch\/\" \/>\n<meta property=\"og:site_name\" content=\"Ogr&oacute;d Olszanica\" \/>\n<meta property=\"article:publisher\" content=\"https:\/\/www.facebook.com\/Ogrd-Olszanica-100807179225223\" \/>\n<meta property=\"article:modified_time\" content=\"2026-03-07T19:44:50+00:00\" \/>\n<meta property=\"og:image\" content=\"https:\/\/www.ogrodolszanica.pl\/wp-content\/uploads\/2024\/01\/gaillardia-spintop-yellow-touch_74820_3.jpg\" \/>\n\t<meta property=\"og:image:width\" content=\"650\" \/>\n\t<meta property=\"og:image:height\" content=\"434\" \/>\n\t<meta property=\"og:image:type\" content=\"image\/jpeg\" \/>\n<meta name=\"author\" content=\"admin\" \/>\n<meta name=\"twitter:card\" content=\"summary_large_image\" \/>\n<meta name=\"twitter:label1\" content=\"Szacowany czas czytania\" \/>\n\t<meta name=\"twitter:data1\" content=\"1 minuta\" \/>\n<script type=\"application\/ld+json\" class=\"yoast-schema-graph\">{\"@context\":\"https:\/\/schema.org\",\"@graph\":[{\"@type\":\"Organization\",\"@id\":\"https:\/\/www.ogrodolszanica.pl\/#organization\",\"name\":\"Ogr\u00f3d Olszanica - Krakowskie Centrum Ogrodnicze\",\"url\":\"https:\/\/www.ogrodolszanica.pl\/\",\"sameAs\":[\"https:\/\/www.facebook.com\/Ogrd-Olszanica-100807179225223\"],\"logo\":{\"@type\":\"ImageObject\",\"inLanguage\":\"pl-PL\",\"@id\":\"https:\/\/www.ogrodolszanica.pl\/#\/schema\/logo\/image\/\",\"url\":\"http:\/\/www.ogrodolszanica.pl\/wp-content\/uploads\/2022\/06\/Ogrod-Olszanica1-1.png\",\"contentUrl\":\"http:\/\/www.ogrodolszanica.pl\/wp-content\/uploads\/2022\/06\/Ogrod-Olszanica1-1.png\",\"width\":180,\"height\":60,\"caption\":\"Ogr\u00f3d Olszanica - Krakowskie Centrum Ogrodnicze\"},\"image\":{\"@id\":\"https:\/\/www.ogrodolszanica.pl\/#\/schema\/logo\/image\/\"}},{\"@type\":\"WebSite\",\"@id\":\"https:\/\/www.ogrodolszanica.pl\/#website\",\"url\":\"https:\/\/www.ogrodolszanica.pl\/\",\"name\":\"Ogr&oacute;d Olszanica\",\"description\":\"Centrum Ogrodnicze Krak&oacute;w\",\"publisher\":{\"@id\":\"https:\/\/www.ogrodolszanica.pl\/#organization\"},\"potentialAction\":[{\"@type\":\"SearchAction\",\"target\":{\"@type\":\"EntryPoint\",\"urlTemplate\":\"https:\/\/www.ogrodolszanica.pl\/?s={search_term_string}\"},\"query-input\":\"required name=search_term_string\"}],\"inLanguage\":\"pl-PL\"},{\"@type\":\"ImageObject\",\"inLanguage\":\"pl-PL\",\"@id\":\"https:\/\/www.ogrodolszanica.pl\/index.php\/produkt\/gailardia-aristata-spintop-yellow-touch\/#primaryimage\",\"url\":\"https:\/\/i0.wp.com\/www.ogrodolszanica.pl\/wp-content\/uploads\/2024\/01\/gaillardia-spintop-yellow-touch_74820_3.jpg?fit=650%2C434&ssl=1\",\"contentUrl\":\"https:\/\/i0.wp.com\/www.ogrodolszanica.pl\/wp-content\/uploads\/2024\/01\/gaillardia-spintop-yellow-touch_74820_3.jpg?fit=650%2C434&ssl=1\",\"width\":650,\"height\":434},{\"@type\":\"WebPage\",\"@id\":\"https:\/\/www.ogrodolszanica.pl\/index.php\/produkt\/gailardia-aristata-spintop-yellow-touch\/#webpage\",\"url\":\"https:\/\/www.ogrodolszanica.pl\/index.php\/produkt\/gailardia-aristata-spintop-yellow-touch\/\",\"name\":\"Gailardia aristata SpinTop\u2122 Yellow Touch - Ogr&oacute;d Olszanica\",\"isPartOf\":{\"@id\":\"https:\/\/www.ogrodolszanica.pl\/#website\"},\"primaryImageOfPage\":{\"@id\":\"https:\/\/www.ogrodolszanica.pl\/index.php\/produkt\/gailardia-aristata-spintop-yellow-touch\/#primaryimage\"},\"datePublished\":\"2024-01-23T14:00:28+00:00\",\"dateModified\":\"2026-03-07T19:44:50+00:00\",\"breadcrumb\":{\"@id\":\"https:\/\/www.ogrodolszanica.pl\/index.php\/produkt\/gailardia-aristata-spintop-yellow-touch\/#breadcrumb\"},\"inLanguage\":\"pl-PL\",\"potentialAction\":[{\"@type\":\"ReadAction\",\"target\":[\"https:\/\/www.ogrodolszanica.pl\/index.php\/produkt\/gailardia-aristata-spintop-yellow-touch\/\"]}]},{\"@type\":\"BreadcrumbList\",\"@id\":\"https:\/\/www.ogrodolszanica.pl\/index.php\/produkt\/gailardia-aristata-spintop-yellow-touch\/#breadcrumb\",\"itemListElement\":[{\"@type\":\"ListItem\",\"position\":1,\"name\":\"Strona g\u0142\u00f3wna\",\"item\":\"https:\/\/www.ogrodolszanica.pl\/\"},{\"@type\":\"ListItem\",\"position\":2,\"name\":\"Produkty\",\"item\":\"https:\/\/www.ogrodolszanica.pl\/index.php\/shop\/\"},{\"@type\":\"ListItem\",\"position\":3,\"name\":\"Gailardia aristata SpinTop\u2122 Yellow Touch\"}]}]}<\/script>\n<!-- \/ Yoast SEO plugin. -->","yoast_head_json":{"title":"Gailardia aristata SpinTop\u2122 Yellow Touch - Ogr&oacute;d Olszanica","robots":{"index":"index","follow":"follow","max-snippet":"max-snippet:-1","max-image-preview":"max-image-preview:large","max-video-preview":"max-video-preview:-1"},"canonical":"https:\/\/www.ogrodolszanica.pl\/index.php\/produkt\/gailardia-aristata-spintop-yellow-touch\/","og_locale":"pl_PL","og_type":"article","og_title":"Gailardia aristata SpinTop\u2122 Yellow Touch - Ogr&oacute;d Olszanica","og_description":"Gailardia aristata SpinTop\u2122 Yellow Touch Spintop Yellow Touch&#8217; tworzy du\u017ce, intensywnie wybarwione kwiaty przez ca\u0142e lato. Intensywnie czerwone p\u0142atki posiadaj\u0105 \u017c\u00f3\u0142te ko\u0144c\u00f3wki. Dobre krzewienie i zwarty pokr\u00f3j powoduj\u0105, \u017ce ro\u015bliny doskonale prezentuj\u0105 si\u0119 tak\u017ce w pojemnikach. Preferuje s\u0142oneczne miejsce w ogrodzie i dobrze przepuszczalne, ale nie przesychaj\u0105ce pod\u0142o\u017ce. Rodzaj: Gailardia Barwa: Czerwono-\u017c\u00f3\u0142ta szeroko\u015b\u0107: 35\u00a0cm wysoko\u015b\u0107: &hellip; Gailardia aristata SpinTop\u2122 Yellow Touch Read More &raquo;","og_url":"https:\/\/www.ogrodolszanica.pl\/index.php\/produkt\/gailardia-aristata-spintop-yellow-touch\/","og_site_name":"Ogr&oacute;d Olszanica","article_publisher":"https:\/\/www.facebook.com\/Ogrd-Olszanica-100807179225223","article_modified_time":"2026-03-07T19:44:50+00:00","og_image":[{"width":650,"height":434,"url":"https:\/\/www.ogrodolszanica.pl\/wp-content\/uploads\/2024\/01\/gaillardia-spintop-yellow-touch_74820_3.jpg","type":"image\/jpeg"}],"author":"admin","twitter_card":"summary_large_image","twitter_misc":{"Szacowany czas czytania":"1 minuta"},"schema":{"@context":"https:\/\/schema.org","@graph":[{"@type":"Organization","@id":"https:\/\/www.ogrodolszanica.pl\/#organization","name":"Ogr\u00f3d Olszanica - Krakowskie Centrum Ogrodnicze","url":"https:\/\/www.ogrodolszanica.pl\/","sameAs":["https:\/\/www.facebook.com\/Ogrd-Olszanica-100807179225223"],"logo":{"@type":"ImageObject","inLanguage":"pl-PL","@id":"https:\/\/www.ogrodolszanica.pl\/#\/schema\/logo\/image\/","url":"http:\/\/www.ogrodolszanica.pl\/wp-content\/uploads\/2022\/06\/Ogrod-Olszanica1-1.png","contentUrl":"http:\/\/www.ogrodolszanica.pl\/wp-content\/uploads\/2022\/06\/Ogrod-Olszanica1-1.png","width":180,"height":60,"caption":"Ogr\u00f3d Olszanica - Krakowskie Centrum Ogrodnicze"},"image":{"@id":"https:\/\/www.ogrodolszanica.pl\/#\/schema\/logo\/image\/"}},{"@type":"WebSite","@id":"https:\/\/www.ogrodolszanica.pl\/#website","url":"https:\/\/www.ogrodolszanica.pl\/","name":"Ogr&oacute;d Olszanica","description":"Centrum Ogrodnicze Krak&oacute;w","publisher":{"@id":"https:\/\/www.ogrodolszanica.pl\/#organization"},"potentialAction":[{"@type":"SearchAction","target":{"@type":"EntryPoint","urlTemplate":"https:\/\/www.ogrodolszanica.pl\/?s={search_term_string}"},"query-input":"required name=search_term_string"}],"inLanguage":"pl-PL"},{"@type":"ImageObject","inLanguage":"pl-PL","@id":"https:\/\/www.ogrodolszanica.pl\/index.php\/produkt\/gailardia-aristata-spintop-yellow-touch\/#primaryimage","url":"https:\/\/i0.wp.com\/www.ogrodolszanica.pl\/wp-content\/uploads\/2024\/01\/gaillardia-spintop-yellow-touch_74820_3.jpg?fit=650%2C434&ssl=1","contentUrl":"https:\/\/i0.wp.com\/www.ogrodolszanica.pl\/wp-content\/uploads\/2024\/01\/gaillardia-spintop-yellow-touch_74820_3.jpg?fit=650%2C434&ssl=1","width":650,"height":434},{"@type":"WebPage","@id":"https:\/\/www.ogrodolszanica.pl\/index.php\/produkt\/gailardia-aristata-spintop-yellow-touch\/#webpage","url":"https:\/\/www.ogrodolszanica.pl\/index.php\/produkt\/gailardia-aristata-spintop-yellow-touch\/","name":"Gailardia aristata SpinTop\u2122 Yellow Touch - Ogr&oacute;d Olszanica","isPartOf":{"@id":"https:\/\/www.ogrodolszanica.pl\/#website"},"primaryImageOfPage":{"@id":"https:\/\/www.ogrodolszanica.pl\/index.php\/produkt\/gailardia-aristata-spintop-yellow-touch\/#primaryimage"},"datePublished":"2024-01-23T14:00:28+00:00","dateModified":"2026-03-07T19:44:50+00:00","breadcrumb":{"@id":"https:\/\/www.ogrodolszanica.pl\/index.php\/produkt\/gailardia-aristata-spintop-yellow-touch\/#breadcrumb"},"inLanguage":"pl-PL","potentialAction":[{"@type":"ReadAction","target":["https:\/\/www.ogrodolszanica.pl\/index.php\/produkt\/gailardia-aristata-spintop-yellow-touch\/"]}]},{"@type":"BreadcrumbList","@id":"https:\/\/www.ogrodolszanica.pl\/index.php\/produkt\/gailardia-aristata-spintop-yellow-touch\/#breadcrumb","itemListElement":[{"@type":"ListItem","position":1,"name":"Strona g\u0142\u00f3wna","item":"https:\/\/www.ogrodolszanica.pl\/"},{"@type":"ListItem","position":2,"name":"Produkty","item":"https:\/\/www.ogrodolszanica.pl\/index.php\/shop\/"},{"@type":"ListItem","position":3,"name":"Gailardia aristata SpinTop\u2122 Yellow Touch"}]}]}},"jetpack-related-posts":[{"id":2513,"url":"https:\/\/www.ogrodolszanica.pl\/index.php\/produkt\/jezowka-sunmagic-fantastic-yellow\/","url_meta":{"origin":2562,"position":0},"title":"Je\u017c\u00f3wka SunMagic Fantastic Yellow","date":"28 sierpnia, 2023","format":false,"excerpt":"Je\u017c\u00f3wka SunMagic Fantastic Yellow Przepi\u0119kna je\u017c\u00f3wka, wyr\u00f3\u017cnia si\u0119 obfito\u015bci\u0105 kwitnienia oraz intensywnym kolorem du\u017cych kwiatostan\u00f3w. Bardzo d\u0142ugie kwitnienie, dorasta do 60 cm. Preferuje gleby lekkie i przepuszczalne oraz stanowiska s\u0142oneczne lub p\u00f3\u0142cieniste. Przyci\u0105ga owady zapylaj\u0105ce. W pe\u0142ni mrozoodporna i ma\u0142o wymagaj\u0105ca odmiana. rodzaj: Je\u017c\u00f3wka barwa: \u017b\u00f3\u0142ta szeroko\u015b\u0107: 35\u00a0cm wysoko\u015b\u0107: 45\u00a0cm\u2026","rel":"","context":"Similar post","img":{"alt_text":"","src":"https:\/\/i0.wp.com\/www.ogrodolszanica.pl\/wp-content\/uploads\/2023\/08\/echinacea-sunmagic-fantastic-yellow_3.jpg?fit=434%2C650&ssl=1&resize=350%2C200","width":350,"height":200},"classes":[]},{"id":2437,"url":"https:\/\/www.ogrodolszanica.pl\/index.php\/produkt\/tatarak-argenteostriatus\/","url_meta":{"origin":2562,"position":1},"title":"Tatarak Argenteostriatus","date":"26 sierpnia, 2023","format":false,"excerpt":"Tatarak Argenteostriatus Zimozielona odmiana tataraku o zielonych li\u015bciach w bia\u0142okremowe paski, intensywnie wybarwionych przez ca\u0142y sezon. Doskonale ro\u015bnie na wilgotnych stanowiskach - nad wod\u0105, a nawet w p\u0142ytkiej wodzie. Rodzaj: Tatarak Barwa: \u017b\u00f3\u0142to-zielona szeroko\u015b\u0107: 30 cm wysoko\u015b\u0107: 20\u00a0cm wysoko\u015b\u0107 (kwitnienie): 30\u00a0cm kwitnienie: kwiecie\u0144 \u00f7 maj stanowisko:\u00a0s\u0142oneczne, p\u00f3\u0142cieniste Dobierz odpowiednie pod\u0142o\u017ce\u2026","rel":"","context":"Similar post","img":{"alt_text":"","src":"https:\/\/i0.wp.com\/www.ogrodolszanica.pl\/wp-content\/uploads\/2023\/08\/acorus-gramineus-argenteostriatus_74301_2.jpg?fit=650%2C467&ssl=1&resize=350%2C200","width":350,"height":200},"classes":[]},{"id":2349,"url":"https:\/\/www.ogrodolszanica.pl\/index.php\/produkt\/jezowka-kismet-yellow\/","url_meta":{"origin":2562,"position":2},"title":"Je\u017c\u00f3wka Kismet Yellow","date":"21 lipca, 2023","format":false,"excerpt":"Je\u017c\u00f3wka Kismet Yellow Ciemne \u0142odygi pi\u0119knie kontrastuj\u0105 ze z\u0142oto-\u017c\u00f3\u0142tymi, horyzontalnie u\u0142o\u017conymi kwiatami. Wyj\u0105tkowo pi\u0119kne w grupie z innymi je\u017c\u00f3wkami. Preferowane miejsce s\u0142oneczne o przepuszczalnej glebie z dobrym drena\u017cem. Nale\u017cy mocno nawadnia\u0107, szczeg\u00f3lnie latem. Oczyszczenie na wiosn\u0119 pomo\u017ce w przezimowaniu. Rodzaj: Je\u017c\u00f3wka Barwa: \u017b\u00f3\u0142ta szeroko\u015b\u0107: 35\u00a0cm wysoko\u015b\u0107: 30\u00a0cm wysoko\u015b\u0107 (kwitnienie): 55\u00a0cm\u2026","rel":"","context":"Similar post","img":{"alt_text":"","src":"https:\/\/i0.wp.com\/www.ogrodolszanica.pl\/wp-content\/uploads\/2023\/07\/byliny-i-trawy_standard-medium_77445_1.jpg?fit=650%2C650&ssl=1&resize=350%2C200","width":350,"height":200},"classes":[]},{"id":2376,"url":"https:\/\/www.ogrodolszanica.pl\/index.php\/produkt\/klosowiec-kudos-yellow\/","url_meta":{"origin":2562,"position":3},"title":"K\u0142osowiec Kudos Yellow","date":"21 lipca, 2023","format":false,"excerpt":"K\u0142osowiec Kudos Yellow Rodzaj: K\u0142osowiec Barwa: \u017b\u00f3\u0142ty szeroko\u015b\u0107: 60\u00a0cm wysoko\u015b\u0107: 60\u00a0cm wysoko\u015b\u0107 (kwitnienie): 65\u00a0cm kwitnienie: czerwiec \u00f7 wrzesie\u0144 stanowisko: s\u0142oneczne Dobierz odpowiednie pod\u0142o\u017ce z wybranych produkt\u00f3w w naszym sklepie: Pod\u0142o\u017ca \u00a0","rel":"","context":"Similar post","img":{"alt_text":"","src":"https:\/\/i0.wp.com\/www.ogrodolszanica.pl\/wp-content\/uploads\/2023\/07\/byliny-i-trawy_kudos_74455_1.jpg?fit=650%2C650&ssl=1&resize=350%2C200","width":350,"height":200},"classes":[]},{"id":1688,"url":"https:\/\/www.ogrodolszanica.pl\/index.php\/produkt\/turzyca-oszimska-evergold\/","url_meta":{"origin":2562,"position":4},"title":"Turzyca Oszimska Evergold","date":"17 lipca, 2022","format":false,"excerpt":"Turzyca Oszimska Evergold Zimozielona odmiana turzycy o kremowo-bia\u0142ych li\u015bciach z ciemnozielonym brzegiem, intensywnie wybarwionych przez ca\u0142y sezon, nawet zim\u0105. Najlepiej ro\u015bnie na wilgotnych stanowiskach, tak\u017ce nad wod\u0105. Rodzaj: Turzyca oszimska Barwa: Jasnozielony szeroko\u015b\u0107: 30\u00a0cm wysoko\u015b\u0107: 25\u00a0cm wysoko\u015b\u0107 (kwitnienie): 25 cm kwitnienie: kwiecie\u0144 \u00f7 czerwiec stanowisko: s\u0142oneczne, p\u00f3\u0142cieniste Dobierz odpowiednie pod\u0142o\u017ce\u2026","rel":"","context":"Similar post","img":{"alt_text":"","src":"https:\/\/i0.wp.com\/www.ogrodolszanica.pl\/wp-content\/uploads\/2022\/07\/byliny-i-trawy_carex_79889_1.jpg?fit=650%2C650&ssl=1&resize=350%2C200","width":350,"height":200},"classes":[]},{"id":2726,"url":"https:\/\/www.ogrodolszanica.pl\/index.php\/produkt\/jarzmianka-cerise-button\/","url_meta":{"origin":2562,"position":5},"title":"Jarzmianka Cerise Button","date":"31 stycznia, 2024","format":false,"excerpt":"Jarzmianka Cerise Button \u00a0 Astrantia 'Cerise Button' wytwarza intensywnie r\u00f3\u017cowe kwiaty, kt\u00f3re z czasem staj\u0105 si\u0119 blador\u00f3\u017cowe. Zwarty k\u0119piasty pokr\u00f3j. Doskonale nadaje si\u0119 do donic i na obw\u00f3dki, przyci\u0105gaj\u0105c do ogrodu pszczo\u0142y. Odporna odmiana, kt\u00f3ra b\u0119dzie wymaga\u0142a ochrony tylko w przypadku bardzo silnych mroz\u00f3w. Rodzaj: Jarzmianka Barwa: R\u00f3\u017cowa szeroko\u015b\u0107: 40\u2026","rel":"","context":"Similar post","img":{"alt_text":"","src":"https:\/\/i0.wp.com\/www.ogrodolszanica.pl\/wp-content\/uploads\/2024\/01\/byliny-i-trawy_astrantia_71602_2.jpg?fit=434%2C650&ssl=1&resize=350%2C200","width":350,"height":200},"classes":[]}],"_links":{"self":[{"href":"https:\/\/www.ogrodolszanica.pl\/index.php\/wp-json\/wp\/v2\/product\/2562","targetHints":{"allow":["GET"]}}],"collection":[{"href":"https:\/\/www.ogrodolszanica.pl\/index.php\/wp-json\/wp\/v2\/product"}],"about":[{"href":"https:\/\/www.ogrodolszanica.pl\/index.php\/wp-json\/wp\/v2\/types\/product"}],"replies":[{"embeddable":true,"href":"https:\/\/www.ogrodolszanica.pl\/index.php\/wp-json\/wp\/v2\/comments?post=2562"}],"wp:featuredmedia":[{"embeddable":true,"href":"https:\/\/www.ogrodolszanica.pl\/index.php\/wp-json\/wp\/v2\/media\/2564"}],"wp:attachment":[{"href":"https:\/\/www.ogrodolszanica.pl\/index.php\/wp-json\/wp\/v2\/media?parent=2562"}],"wp:term":[{"taxonomy":"product_cat","embeddable":true,"href":"https:\/\/www.ogrodolszanica.pl\/index.php\/wp-json\/wp\/v2\/product_cat?post=2562"},{"taxonomy":"product_tag","embeddable":true,"href":"https:\/\/www.ogrodolszanica.pl\/index.php\/wp-json\/wp\/v2\/product_tag?post=2562"}],"curies":[{"name":"wp","href":"https:\/\/api.w.org\/{rel}","templated":true}]}}